{"id":19904,"date":"2022-12-29T18:04:14","date_gmt":"2022-12-29T15:04:14","guid":{"rendered":"https:\/\/new124.tabaccomd.com\/product\/tutun-pentru-narghilea-sebero-blueberry\/"},"modified":"2023-08-16T15:22:55","modified_gmt":"2023-08-16T12:22:55","slug":"tutun-pentru-narghilea-sebero-blueberry","status":"publish","type":"product","link":"https:\/\/tabaccomd.com\/ro\/product\/tutun-pentru-narghilea-sebero-blueberry\/","title":{"rendered":"Tutun pentru narghilea Sebero Blueberry"},"content":{"rendered":"<p>Tutunul pentru narghilea Sebero Blueberry Arom\u0103 coac\u0103ze are un gust intens, cu subliniat de un gust de coac\u0103ze proaspete. Are o cetate medie, ce ofer\u0103 fum\u0103torului o experien\u021b\u0103 pl\u0103cut\u0103 \u0219i aromat\u0103. Brend Sebero este recunoscut pentru tutunurile sale de calitate superioar\u0103 \u0219i pentru produsele sale variate. Acesta are un con\u021binut de nicotin\u0103 mai sc\u0103zut, astfel \u00eenc\u00e2t fum\u0103torul s\u0103 se bucure de pl\u0103cerea narghilelei f\u0103r\u0103 s\u0103 se simt\u0103 prea afectat de nicotin\u0103. Acest tutun este foarte u\u0219or de preg\u0103tit, iar fumul s\u0103u aromat \u0219i pl\u0103cut se va r\u0103sp\u00e2ndi \u00een jurul t\u0103u.<\/p>\n<p>Pute\u021bi cump\u0103ra tutun de narghilea Sebero Blueberry din Moldova, Chi\u0219in\u0103u din lan\u021bul de magazine Tabaco House.<\/p>\n","protected":false},"excerpt":{"rendered":"<ul>\n<li>Arom\u0103: coac\u0103ze<\/li>\n<li>Cetate: medie<\/li>\n<li>Producator: Rusia<\/li>\n<li>Fum: mare<\/li>\n<li>Marca: Sebero<\/li>\n<li>Greutate: 40 grame<\/li>\n<\/ul>\n","protected":false},"featured_media":18278,"template":"","meta":{"om_disable_all_campaigns":false,"_monsterinsights_skip_tracking":false,"_monsterinsights_sitenote_active":false,"_monsterinsights_sitenote_note":"","_monsterinsights_sitenote_category":0},"product_brand":[],"product_cat":[228],"product_tag":[],"class_list":{"0":"post-19904","1":"product","2":"type-product","3":"status-publish","4":"has-post-thumbnail","6":"product_cat-tutun-pentru-narghilea-sebero","8":"first","9":"outofstock","10":"taxable","11":"shipping-taxable","12":"purchasable","13":"product-type-simple"},"aioseo_notices":[],"aioseo_head":"\n\t\t<!-- All in One SEO Pro 4.9.5.2 - aioseo.com -->\n\t<meta name=\"description\" content=\"Cumpar tutun pentru narghilea Sebero Blueberry \u00een tabaccomd.com \u00een Chi\u0219in\u0103u, Moldova. Livrare rapid\u0103 \u0219i exist\u0103 o gam\u0103 larg\u0103 de produse - plasa\u021bi comanda acum! Suna\u021bi-ne la Tel. 061-000-935 sau l\u0103sa\u021bi-ne o cerere online \u0219i v\u0103 vom contacta.\" \/>\n\t<meta name=\"robots\" content=\"max-image-preview:large\" \/>\n\t<link rel=\"canonical\" href=\"https:\/\/tabaccomd.com\/ro\/product\/tutun-pentru-narghilea-sebero-blueberry\/\" \/>\n\t<meta name=\"generator\" content=\"All in One SEO Pro (AIOSEO) 4.9.5.2\" \/>\n\t\t<meta property=\"og:locale\" content=\"ro_RO\" \/>\n\t\t<meta property=\"og:site_name\" content=\"Tabacco House \u2013 \u041c\u0430\u0433\u0430\u0437\u0438\u043d \u0442\u0430\u0431\u0430\u0447\u043d\u044b\u0445 \u0438\u0437\u0434\u0435\u043b\u0438\u0439\" \/>\n\t\t<meta property=\"og:type\" content=\"article\" \/>\n\t\t<meta property=\"og:title\" content=\"Tutun pentru narghilea Sebero Blueberry \u2013 Tabacco House\" \/>\n\t\t<meta property=\"og:description\" content=\"Cumpar tutun pentru narghilea Sebero Blueberry \u00een tabaccomd.com \u00een Chi\u0219in\u0103u, Moldova. Livrare rapid\u0103 \u0219i exist\u0103 o gam\u0103 larg\u0103 de produse - plasa\u021bi comanda acum! Suna\u021bi-ne la Tel. 061-000-935 sau l\u0103sa\u021bi-ne o cerere online \u0219i v\u0103 vom contacta.\" \/>\n\t\t<meta property=\"og:url\" content=\"https:\/\/tabaccomd.com\/ro\/product\/tutun-pentru-narghilea-sebero-blueberry\/\" \/>\n\t\t<meta property=\"article:published_time\" content=\"2022-12-29T15:04:14+00:00\" \/>\n\t\t<meta property=\"article:modified_time\" content=\"2023-08-16T12:22:55+00:00\" \/>\n\t\t<meta property=\"article:publisher\" content=\"https:\/\/www.facebook.com\/tabaccomd.com\/\" \/>\n\t\t<meta name=\"twitter:card\" content=\"summary_large_image\" \/>\n\t\t<meta name=\"twitter:title\" content=\"Tutun pentru narghilea Sebero Blueberry \u2013 Tabacco House\" \/>\n\t\t<meta name=\"twitter:description\" content=\"Cumpar tutun pentru narghilea Sebero Blueberry \u00een tabaccomd.com \u00een Chi\u0219in\u0103u, Moldova. Livrare rapid\u0103 \u0219i exist\u0103 o gam\u0103 larg\u0103 de produse - plasa\u021bi comanda acum! Suna\u021bi-ne la Tel. 061-000-935 sau l\u0103sa\u021bi-ne o cerere online \u0219i v\u0103 vom contacta.\" \/>\n\t\t<script type=\"application\/ld+json\" class=\"aioseo-schema\">\n\t\t\t{\"@context\":\"https:\\\/\\\/schema.org\",\"@graph\":[{\"@type\":\"BreadcrumbList\",\"@id\":\"https:\\\/\\\/tabaccomd.com\\\/ro\\\/product\\\/tutun-pentru-narghilea-sebero-blueberry\\\/#breadcrumblist\",\"itemListElement\":[{\"@type\":\"ListItem\",\"@id\":\"https:\\\/\\\/tabaccomd.com\\\/ro\\\/#listItem\",\"position\":1,\"name\":\"\\u0413\\u043b\\u0430\\u0432\\u043d\\u0430\\u044f\",\"item\":\"https:\\\/\\\/tabaccomd.com\\\/ro\\\/\",\"nextItem\":{\"@type\":\"ListItem\",\"@id\":\"https:\\\/\\\/tabaccomd.com\\\/ro\\\/catalog\\\/#listItem\",\"name\":\"Catalog\"}},{\"@type\":\"ListItem\",\"@id\":\"https:\\\/\\\/tabaccomd.com\\\/ro\\\/catalog\\\/#listItem\",\"position\":2,\"name\":\"Catalog\",\"item\":\"https:\\\/\\\/tabaccomd.com\\\/ro\\\/catalog\\\/\",\"nextItem\":{\"@type\":\"ListItem\",\"@id\":\"https:\\\/\\\/tabaccomd.com\\\/ro\\\/product-category\\\/tutun\\\/#listItem\",\"name\":\"Tutun\"},\"previousItem\":{\"@type\":\"ListItem\",\"@id\":\"https:\\\/\\\/tabaccomd.com\\\/ro\\\/#listItem\",\"name\":\"\\u0413\\u043b\\u0430\\u0432\\u043d\\u0430\\u044f\"}},{\"@type\":\"ListItem\",\"@id\":\"https:\\\/\\\/tabaccomd.com\\\/ro\\\/product-category\\\/tutun\\\/#listItem\",\"position\":3,\"name\":\"Tutun\",\"item\":\"https:\\\/\\\/tabaccomd.com\\\/ro\\\/product-category\\\/tutun\\\/\",\"nextItem\":{\"@type\":\"ListItem\",\"@id\":\"https:\\\/\\\/tabaccomd.com\\\/ro\\\/product-category\\\/tutun\\\/tutun-pentru-narghilea\\\/#listItem\",\"name\":\"Tutun pentru narghilea\"},\"previousItem\":{\"@type\":\"ListItem\",\"@id\":\"https:\\\/\\\/tabaccomd.com\\\/ro\\\/catalog\\\/#listItem\",\"name\":\"Catalog\"}},{\"@type\":\"ListItem\",\"@id\":\"https:\\\/\\\/tabaccomd.com\\\/ro\\\/product-category\\\/tutun\\\/tutun-pentru-narghilea\\\/#listItem\",\"position\":4,\"name\":\"Tutun pentru narghilea\",\"item\":\"https:\\\/\\\/tabaccomd.com\\\/ro\\\/product-category\\\/tutun\\\/tutun-pentru-narghilea\\\/\",\"nextItem\":{\"@type\":\"ListItem\",\"@id\":\"https:\\\/\\\/tabaccomd.com\\\/ro\\\/product-category\\\/tutun\\\/tutun-pentru-narghilea\\\/tutun-pentru-narghilea-sebero\\\/#listItem\",\"name\":\"Tutun pentru narghilea Sebero\"},\"previousItem\":{\"@type\":\"ListItem\",\"@id\":\"https:\\\/\\\/tabaccomd.com\\\/ro\\\/product-category\\\/tutun\\\/#listItem\",\"name\":\"Tutun\"}},{\"@type\":\"ListItem\",\"@id\":\"https:\\\/\\\/tabaccomd.com\\\/ro\\\/product-category\\\/tutun\\\/tutun-pentru-narghilea\\\/tutun-pentru-narghilea-sebero\\\/#listItem\",\"position\":5,\"name\":\"Tutun pentru narghilea Sebero\",\"item\":\"https:\\\/\\\/tabaccomd.com\\\/ro\\\/product-category\\\/tutun\\\/tutun-pentru-narghilea\\\/tutun-pentru-narghilea-sebero\\\/\",\"nextItem\":{\"@type\":\"ListItem\",\"@id\":\"https:\\\/\\\/tabaccomd.com\\\/ro\\\/product\\\/tutun-pentru-narghilea-sebero-blueberry\\\/#listItem\",\"name\":\"Tutun pentru narghilea Sebero Blueberry\"},\"previousItem\":{\"@type\":\"ListItem\",\"@id\":\"https:\\\/\\\/tabaccomd.com\\\/ro\\\/product-category\\\/tutun\\\/tutun-pentru-narghilea\\\/#listItem\",\"name\":\"Tutun pentru narghilea\"}},{\"@type\":\"ListItem\",\"@id\":\"https:\\\/\\\/tabaccomd.com\\\/ro\\\/product\\\/tutun-pentru-narghilea-sebero-blueberry\\\/#listItem\",\"position\":6,\"name\":\"Tutun pentru narghilea Sebero Blueberry\",\"previousItem\":{\"@type\":\"ListItem\",\"@id\":\"https:\\\/\\\/tabaccomd.com\\\/ro\\\/product-category\\\/tutun\\\/tutun-pentru-narghilea\\\/tutun-pentru-narghilea-sebero\\\/#listItem\",\"name\":\"Tutun pentru narghilea Sebero\"}}]},{\"@type\":\"Organization\",\"@id\":\"https:\\\/\\\/tabaccomd.com\\\/ro\\\/#organization\",\"name\":\"Tabacco House\",\"description\":\"\\u041c\\u0430\\u0433\\u0430\\u0437\\u0438\\u043d \\u0442\\u0430\\u0431\\u0430\\u0447\\u043d\\u044b\\u0445 \\u0438\\u0437\\u0434\\u0435\\u043b\\u0438\\u0439\",\"url\":\"https:\\\/\\\/tabaccomd.com\\\/ro\\\/\",\"email\":\"Office@cazacuhouse.com\",\"telephone\":\"+37361000935\",\"logo\":{\"@type\":\"ImageObject\",\"url\":\"https:\\\/\\\/tabaccomd.com\\\/wp-content\\\/uploads\\\/2024\\\/02\\\/logo_header3.png\",\"@id\":\"https:\\\/\\\/tabaccomd.com\\\/ro\\\/product\\\/tutun-pentru-narghilea-sebero-blueberry\\\/#organizationLogo\",\"width\":32,\"height\":32,\"caption\":\"Tabacco House\"},\"image\":{\"@id\":\"https:\\\/\\\/tabaccomd.com\\\/ro\\\/product\\\/tutun-pentru-narghilea-sebero-blueberry\\\/#organizationLogo\"},\"sameAs\":[\"https:\\\/\\\/www.facebook.com\\\/tabaccomd.com\\\/\",\"https:\\\/\\\/www.instagram.com\\\/tabaccomd.com\\\/\"],\"address\":{\"@id\":\"https:\\\/\\\/tabaccomd.com\\\/ro\\\/#postaladdress\",\"@type\":\"PostalAddress\",\"streetAddress\":\"Strada Albi\\u015foara 4, Chi\\u0219in\\u0103u, Bulevardul \\u0218tefan cel Mare \\u0219i Sf\\u00eent 136, Chi\\u0219in\\u0103u\",\"addressLocality\":\"Chi\\u0219in\\u0103u\",\"addressCountry\":\"MD\"}},{\"@type\":\"Product\",\"@id\":\"https:\\\/\\\/tabaccomd.com\\\/ro\\\/product\\\/tutun-pentru-narghilea-sebero-blueberry\\\/#wooCommerceProduct\",\"name\":\"Tutun pentru narghilea Sebero Blueberry\",\"description\":\"Arom\\u0103: coac\\u0103ze\\r\\n \\tCetate: medie\\r\\n \\tProducator: Rusia\\r\\n \\tFum: mare\\r\\n \\tMarca: Sebero\\r\\n \\tGreutate: 40 grame\",\"url\":\"https:\\\/\\\/tabaccomd.com\\\/ro\\\/product\\\/tutun-pentru-narghilea-sebero-blueberry\\\/\",\"sku\":\"SB-07\",\"image\":{\"@type\":\"ImageObject\",\"url\":\"https:\\\/\\\/tabaccomd.com\\\/wp-content\\\/uploads\\\/2022\\\/12\\\/tabak-dlya-kalyana-sebero-40-g-golubika.jpg\",\"@id\":\"https:\\\/\\\/tabaccomd.com\\\/ro\\\/product\\\/tutun-pentru-narghilea-sebero-blueberry\\\/#productImage\",\"width\":1000,\"height\":1000,\"caption\":\"Tutun pentru narghilea Sebero Blueberry\"},\"offers\":{\"@type\":\"Offer\",\"url\":\"https:\\\/\\\/tabaccomd.com\\\/ro\\\/product\\\/tutun-pentru-narghilea-sebero-blueberry\\\/#wooCommerceOffer\",\"price\":85,\"priceCurrency\":\"MDL\",\"category\":\"Tutun pentru narghilea Sebero\",\"availability\":\"https:\\\/\\\/schema.org\\\/OutOfStock\",\"priceSpecification\":{\"@type\":\"PriceSpecification\",\"price\":85,\"priceCurrency\":\"MDL\",\"valueAddedTaxIncluded\":\"true\"},\"seller\":{\"@type\":\"Organization\",\"@id\":\"https:\\\/\\\/tabaccomd.com\\\/ro\\\/#organization\"}}},{\"@type\":\"WebPage\",\"@id\":\"https:\\\/\\\/tabaccomd.com\\\/ro\\\/product\\\/tutun-pentru-narghilea-sebero-blueberry\\\/#webpage\",\"url\":\"https:\\\/\\\/tabaccomd.com\\\/ro\\\/product\\\/tutun-pentru-narghilea-sebero-blueberry\\\/\",\"name\":\"Tutun pentru narghilea Sebero Blueberry \\u2013 Tabacco House\",\"description\":\"Cumpar tutun pentru narghilea Sebero Blueberry \\u00een tabaccomd.com \\u00een Chi\\u0219in\\u0103u, Moldova. Livrare rapid\\u0103 \\u0219i exist\\u0103 o gam\\u0103 larg\\u0103 de produse - plasa\\u021bi comanda acum! Suna\\u021bi-ne la Tel. 061-000-935 sau l\\u0103sa\\u021bi-ne o cerere online \\u0219i v\\u0103 vom contacta.\",\"inLanguage\":\"ro-RO\",\"isPartOf\":{\"@id\":\"https:\\\/\\\/tabaccomd.com\\\/ro\\\/#website\"},\"breadcrumb\":{\"@id\":\"https:\\\/\\\/tabaccomd.com\\\/ro\\\/product\\\/tutun-pentru-narghilea-sebero-blueberry\\\/#breadcrumblist\"},\"image\":{\"@type\":\"ImageObject\",\"url\":\"https:\\\/\\\/tabaccomd.com\\\/wp-content\\\/uploads\\\/2022\\\/12\\\/tabak-dlya-kalyana-sebero-40-g-golubika.jpg\",\"@id\":\"https:\\\/\\\/tabaccomd.com\\\/ro\\\/product\\\/tutun-pentru-narghilea-sebero-blueberry\\\/#mainImage\",\"width\":1000,\"height\":1000,\"caption\":\"Tutun pentru narghilea Sebero Blueberry\"},\"primaryImageOfPage\":{\"@id\":\"https:\\\/\\\/tabaccomd.com\\\/ro\\\/product\\\/tutun-pentru-narghilea-sebero-blueberry\\\/#mainImage\"},\"datePublished\":\"2022-12-29T18:04:14+03:00\",\"dateModified\":\"2023-08-16T15:22:55+03:00\"},{\"@type\":\"WebSite\",\"@id\":\"https:\\\/\\\/tabaccomd.com\\\/ro\\\/#website\",\"url\":\"https:\\\/\\\/tabaccomd.com\\\/ro\\\/\",\"name\":\"Tabacco House\",\"alternateName\":\"tobaccomd.com\",\"description\":\"\\u041c\\u0430\\u0433\\u0430\\u0437\\u0438\\u043d \\u0442\\u0430\\u0431\\u0430\\u0447\\u043d\\u044b\\u0445 \\u0438\\u0437\\u0434\\u0435\\u043b\\u0438\\u0439\",\"inLanguage\":\"ro-RO\",\"publisher\":{\"@id\":\"https:\\\/\\\/tabaccomd.com\\\/ro\\\/#organization\"}}]}\n\t\t<\/script>\n\t\t<!-- All in One SEO Pro -->\r\n\t\t<title>Tutun pentru narghilea Sebero Blueberry \u2013 Tabacco House<\/title>\n\n","aioseo_head_json":{"title":"Tutun pentru narghilea Sebero Blueberry \u2013 Tabacco House","description":"Cumpar tutun pentru narghilea Sebero Blueberry \u00een tabaccomd.com \u00een Chi\u0219in\u0103u, Moldova. Livrare rapid\u0103 \u0219i exist\u0103 o gam\u0103 larg\u0103 de produse - plasa\u021bi comanda acum! Suna\u021bi-ne la Tel. 061-000-935 sau l\u0103sa\u021bi-ne o cerere online \u0219i v\u0103 vom contacta.","canonical_url":"https:\/\/tabaccomd.com\/ro\/product\/tutun-pentru-narghilea-sebero-blueberry\/","robots":"max-image-preview:large","keywords":"","webmasterTools":{"miscellaneous":""},"schema":{"@context":"https:\/\/schema.org","@graph":[{"@type":"BreadcrumbList","@id":"https:\/\/tabaccomd.com\/ro\/product\/tutun-pentru-narghilea-sebero-blueberry\/#breadcrumblist","itemListElement":[{"@type":"ListItem","@id":"https:\/\/tabaccomd.com\/ro\/#listItem","position":1,"name":"\u0413\u043b\u0430\u0432\u043d\u0430\u044f","item":"https:\/\/tabaccomd.com\/ro\/","nextItem":{"@type":"ListItem","@id":"https:\/\/tabaccomd.com\/ro\/catalog\/#listItem","name":"Catalog"}},{"@type":"ListItem","@id":"https:\/\/tabaccomd.com\/ro\/catalog\/#listItem","position":2,"name":"Catalog","item":"https:\/\/tabaccomd.com\/ro\/catalog\/","nextItem":{"@type":"ListItem","@id":"https:\/\/tabaccomd.com\/ro\/product-category\/tutun\/#listItem","name":"Tutun"},"previousItem":{"@type":"ListItem","@id":"https:\/\/tabaccomd.com\/ro\/#listItem","name":"\u0413\u043b\u0430\u0432\u043d\u0430\u044f"}},{"@type":"ListItem","@id":"https:\/\/tabaccomd.com\/ro\/product-category\/tutun\/#listItem","position":3,"name":"Tutun","item":"https:\/\/tabaccomd.com\/ro\/product-category\/tutun\/","nextItem":{"@type":"ListItem","@id":"https:\/\/tabaccomd.com\/ro\/product-category\/tutun\/tutun-pentru-narghilea\/#listItem","name":"Tutun pentru narghilea"},"previousItem":{"@type":"ListItem","@id":"https:\/\/tabaccomd.com\/ro\/catalog\/#listItem","name":"Catalog"}},{"@type":"ListItem","@id":"https:\/\/tabaccomd.com\/ro\/product-category\/tutun\/tutun-pentru-narghilea\/#listItem","position":4,"name":"Tutun pentru narghilea","item":"https:\/\/tabaccomd.com\/ro\/product-category\/tutun\/tutun-pentru-narghilea\/","nextItem":{"@type":"ListItem","@id":"https:\/\/tabaccomd.com\/ro\/product-category\/tutun\/tutun-pentru-narghilea\/tutun-pentru-narghilea-sebero\/#listItem","name":"Tutun pentru narghilea Sebero"},"previousItem":{"@type":"ListItem","@id":"https:\/\/tabaccomd.com\/ro\/product-category\/tutun\/#listItem","name":"Tutun"}},{"@type":"ListItem","@id":"https:\/\/tabaccomd.com\/ro\/product-category\/tutun\/tutun-pentru-narghilea\/tutun-pentru-narghilea-sebero\/#listItem","position":5,"name":"Tutun pentru narghilea Sebero","item":"https:\/\/tabaccomd.com\/ro\/product-category\/tutun\/tutun-pentru-narghilea\/tutun-pentru-narghilea-sebero\/","nextItem":{"@type":"ListItem","@id":"https:\/\/tabaccomd.com\/ro\/product\/tutun-pentru-narghilea-sebero-blueberry\/#listItem","name":"Tutun pentru narghilea Sebero Blueberry"},"previousItem":{"@type":"ListItem","@id":"https:\/\/tabaccomd.com\/ro\/product-category\/tutun\/tutun-pentru-narghilea\/#listItem","name":"Tutun pentru narghilea"}},{"@type":"ListItem","@id":"https:\/\/tabaccomd.com\/ro\/product\/tutun-pentru-narghilea-sebero-blueberry\/#listItem","position":6,"name":"Tutun pentru narghilea Sebero Blueberry","previousItem":{"@type":"ListItem","@id":"https:\/\/tabaccomd.com\/ro\/product-category\/tutun\/tutun-pentru-narghilea\/tutun-pentru-narghilea-sebero\/#listItem","name":"Tutun pentru narghilea Sebero"}}]},{"@type":"Organization","@id":"https:\/\/tabaccomd.com\/ro\/#organization","name":"Tabacco House","description":"\u041c\u0430\u0433\u0430\u0437\u0438\u043d \u0442\u0430\u0431\u0430\u0447\u043d\u044b\u0445 \u0438\u0437\u0434\u0435\u043b\u0438\u0439","url":"https:\/\/tabaccomd.com\/ro\/","email":"Office@cazacuhouse.com","telephone":"+37361000935","logo":{"@type":"ImageObject","url":"https:\/\/tabaccomd.com\/wp-content\/uploads\/2024\/02\/logo_header3.png","@id":"https:\/\/tabaccomd.com\/ro\/product\/tutun-pentru-narghilea-sebero-blueberry\/#organizationLogo","width":32,"height":32,"caption":"Tabacco House"},"image":{"@id":"https:\/\/tabaccomd.com\/ro\/product\/tutun-pentru-narghilea-sebero-blueberry\/#organizationLogo"},"sameAs":["https:\/\/www.facebook.com\/tabaccomd.com\/","https:\/\/www.instagram.com\/tabaccomd.com\/"],"address":{"@id":"https:\/\/tabaccomd.com\/ro\/#postaladdress","@type":"PostalAddress","streetAddress":"Strada Albi\u015foara 4, Chi\u0219in\u0103u, Bulevardul \u0218tefan cel Mare \u0219i Sf\u00eent 136, Chi\u0219in\u0103u","addressLocality":"Chi\u0219in\u0103u","addressCountry":"MD"}},{"@type":"Product","@id":"https:\/\/tabaccomd.com\/ro\/product\/tutun-pentru-narghilea-sebero-blueberry\/#wooCommerceProduct","name":"Tutun pentru narghilea Sebero Blueberry","description":"Arom\u0103: coac\u0103ze\r\n \tCetate: medie\r\n \tProducator: Rusia\r\n \tFum: mare\r\n \tMarca: Sebero\r\n \tGreutate: 40 grame","url":"https:\/\/tabaccomd.com\/ro\/product\/tutun-pentru-narghilea-sebero-blueberry\/","sku":"SB-07","image":{"@type":"ImageObject","url":"https:\/\/tabaccomd.com\/wp-content\/uploads\/2022\/12\/tabak-dlya-kalyana-sebero-40-g-golubika.jpg","@id":"https:\/\/tabaccomd.com\/ro\/product\/tutun-pentru-narghilea-sebero-blueberry\/#productImage","width":1000,"height":1000,"caption":"Tutun pentru narghilea Sebero Blueberry"},"offers":{"@type":"Offer","url":"https:\/\/tabaccomd.com\/ro\/product\/tutun-pentru-narghilea-sebero-blueberry\/#wooCommerceOffer","price":85,"priceCurrency":"MDL","category":"Tutun pentru narghilea Sebero","availability":"https:\/\/schema.org\/OutOfStock","priceSpecification":{"@type":"PriceSpecification","price":85,"priceCurrency":"MDL","valueAddedTaxIncluded":"true"},"seller":{"@type":"Organization","@id":"https:\/\/tabaccomd.com\/ro\/#organization"}}},{"@type":"WebPage","@id":"https:\/\/tabaccomd.com\/ro\/product\/tutun-pentru-narghilea-sebero-blueberry\/#webpage","url":"https:\/\/tabaccomd.com\/ro\/product\/tutun-pentru-narghilea-sebero-blueberry\/","name":"Tutun pentru narghilea Sebero Blueberry \u2013 Tabacco House","description":"Cumpar tutun pentru narghilea Sebero Blueberry \u00een tabaccomd.com \u00een Chi\u0219in\u0103u, Moldova. Livrare rapid\u0103 \u0219i exist\u0103 o gam\u0103 larg\u0103 de produse - plasa\u021bi comanda acum! Suna\u021bi-ne la Tel. 061-000-935 sau l\u0103sa\u021bi-ne o cerere online \u0219i v\u0103 vom contacta.","inLanguage":"ro-RO","isPartOf":{"@id":"https:\/\/tabaccomd.com\/ro\/#website"},"breadcrumb":{"@id":"https:\/\/tabaccomd.com\/ro\/product\/tutun-pentru-narghilea-sebero-blueberry\/#breadcrumblist"},"image":{"@type":"ImageObject","url":"https:\/\/tabaccomd.com\/wp-content\/uploads\/2022\/12\/tabak-dlya-kalyana-sebero-40-g-golubika.jpg","@id":"https:\/\/tabaccomd.com\/ro\/product\/tutun-pentru-narghilea-sebero-blueberry\/#mainImage","width":1000,"height":1000,"caption":"Tutun pentru narghilea Sebero Blueberry"},"primaryImageOfPage":{"@id":"https:\/\/tabaccomd.com\/ro\/product\/tutun-pentru-narghilea-sebero-blueberry\/#mainImage"},"datePublished":"2022-12-29T18:04:14+03:00","dateModified":"2023-08-16T15:22:55+03:00"},{"@type":"WebSite","@id":"https:\/\/tabaccomd.com\/ro\/#website","url":"https:\/\/tabaccomd.com\/ro\/","name":"Tabacco House","alternateName":"tobaccomd.com","description":"\u041c\u0430\u0433\u0430\u0437\u0438\u043d \u0442\u0430\u0431\u0430\u0447\u043d\u044b\u0445 \u0438\u0437\u0434\u0435\u043b\u0438\u0439","inLanguage":"ro-RO","publisher":{"@id":"https:\/\/tabaccomd.com\/ro\/#organization"}}]},"og:locale":"ro_RO","og:site_name":"Tabacco House \u2013 \u041c\u0430\u0433\u0430\u0437\u0438\u043d \u0442\u0430\u0431\u0430\u0447\u043d\u044b\u0445 \u0438\u0437\u0434\u0435\u043b\u0438\u0439","og:type":"article","og:title":"Tutun pentru narghilea Sebero Blueberry \u2013 Tabacco House","og:description":"Cumpar tutun pentru narghilea Sebero Blueberry \u00een tabaccomd.com \u00een Chi\u0219in\u0103u, Moldova. Livrare rapid\u0103 \u0219i exist\u0103 o gam\u0103 larg\u0103 de produse - plasa\u021bi comanda acum! Suna\u021bi-ne la Tel. 061-000-935 sau l\u0103sa\u021bi-ne o cerere online \u0219i v\u0103 vom contacta.","og:url":"https:\/\/tabaccomd.com\/ro\/product\/tutun-pentru-narghilea-sebero-blueberry\/","article:published_time":"2022-12-29T15:04:14+00:00","article:modified_time":"2023-08-16T12:22:55+00:00","article:publisher":"https:\/\/www.facebook.com\/tabaccomd.com\/","twitter:card":"summary_large_image","twitter:title":"Tutun pentru narghilea Sebero Blueberry \u2013 Tabacco House","twitter:description":"Cumpar tutun pentru narghilea Sebero Blueberry \u00een tabaccomd.com \u00een Chi\u0219in\u0103u, Moldova. Livrare rapid\u0103 \u0219i exist\u0103 o gam\u0103 larg\u0103 de produse - plasa\u021bi comanda acum! Suna\u021bi-ne la Tel. 061-000-935 sau l\u0103sa\u021bi-ne o cerere online \u0219i v\u0103 vom contacta."},"aioseo_meta_data":{"post_id":"19904","title":null,"description":"Cumpar tutun pentru narghilea Sebero Blueberry \u00een tabaccomd.com \u00een Chi\u0219in\u0103u, Moldova. Livrare rapid\u0103 \u0219i exist\u0103 o gam\u0103 larg\u0103 de produse - plasa\u021bi comanda acum! Suna\u021bi-ne la Tel. 061-000-935 sau l\u0103sa\u021bi-ne o cerere online \u0219i v\u0103 vom contacta.","keywords":[],"keyphrases":{"focus":{"keyphrase":"Sebero Blueberry","score":100,"analysis":{"keyphraseInTitle":{"score":9,"maxScore":9,"error":0},"keyphraseInDescription":{"score":9,"maxScore":9,"error":0},"keyphraseLength":{"score":9,"maxScore":9,"error":0,"length":2},"keyphraseInURL":{"score":5,"maxScore":5,"error":0},"keyphraseInIntroduction":{"score":9,"maxScore":9,"error":0},"keyphraseInSubHeadings":[],"keyphraseInImageAlt":[]}},"additional":[]},"primary_term":null,"canonical_url":null,"og_title":null,"og_description":null,"og_object_type":"default","og_image_type":"default","og_image_url":null,"og_image_width":null,"og_image_height":null,"og_image_custom_url":null,"og_image_custom_fields":null,"og_video":"","og_custom_url":null,"og_article_section":null,"og_article_tags":[],"twitter_use_og":false,"twitter_card":"default","twitter_image_type":"default","twitter_image_url":null,"twitter_image_custom_url":null,"twitter_image_custom_fields":null,"twitter_title":null,"twitter_description":null,"schema":{"blockGraphs":[],"customGraphs":[],"default":{"data":{"Article":[],"Course":[],"Dataset":[],"FAQPage":[],"Movie":[],"Person":[],"Product":[],"ProductReview":[],"Car":[],"Recipe":[],"Service":[],"SoftwareApplication":[],"WebPage":[]},"graphName":"ItemPage","isEnabled":true},"graphs":[]},"schema_type":"default","schema_type_options":null,"pillar_content":false,"robots_default":true,"robots_noindex":false,"robots_noarchive":false,"robots_nosnippet":false,"robots_nofollow":false,"robots_noimageindex":false,"robots_noodp":false,"robots_notranslate":false,"robots_max_snippet":"-1","robots_max_videopreview":"-1","robots_max_imagepreview":"large","priority":null,"frequency":"default","local_seo":null,"seo_analyzer_scan_date":"2025-10-20 06:32:59","breadcrumb_settings":null,"limit_modified_date":false,"reviewed_by":null,"open_ai":null,"ai":null,"created":"2023-03-30 14:12:40","updated":"2025-10-20 06:32:59"},"aioseo_breadcrumb":"<div class=\"aioseo-breadcrumbs\"><span class=\"aioseo-breadcrumb\">\n\t<a href=\"https:\/\/tabaccomd.com\/ro\/\" title=\"\u0413\u043b\u0430\u0432\u043d\u0430\u044f\">\u0413\u043b\u0430\u0432\u043d\u0430\u044f<\/a>\n<\/span><span class=\"aioseo-breadcrumb-separator\">\u00bb<\/span><span class=\"aioseo-breadcrumb\">\n\t<a href=\"https:\/\/tabaccomd.com\/ro\/catalog\/\" title=\"Catalog\">Catalog<\/a>\n<\/span><span class=\"aioseo-breadcrumb-separator\">\u00bb<\/span><span class=\"aioseo-breadcrumb\">\n\t<a href=\"https:\/\/tabaccomd.com\/ro\/product-category\/tutun\/\" title=\"Tutun\">Tutun<\/a>\n<\/span><span class=\"aioseo-breadcrumb-separator\">\u00bb<\/span><span class=\"aioseo-breadcrumb\">\n\t<a href=\"https:\/\/tabaccomd.com\/ro\/product-category\/tutun\/tutun-pentru-narghilea\/\" title=\"Tutun pentru narghilea\">Tutun pentru narghilea<\/a>\n<\/span><span class=\"aioseo-breadcrumb-separator\">\u00bb<\/span><span class=\"aioseo-breadcrumb\">\n\t<a href=\"https:\/\/tabaccomd.com\/ro\/product-category\/tutun\/tutun-pentru-narghilea\/tutun-pentru-narghilea-sebero\/\" title=\"Tutun pentru narghilea Sebero\">Tutun pentru narghilea Sebero<\/a>\n<\/span><span class=\"aioseo-breadcrumb-separator\">\u00bb<\/span><span class=\"aioseo-breadcrumb\">\n\tTutun pentru narghilea Sebero Blueberry\n<\/span><\/div>","aioseo_breadcrumb_json":[{"label":"\u0413\u043b\u0430\u0432\u043d\u0430\u044f","link":"https:\/\/tabaccomd.com\/ro\/"},{"label":"Catalog","link":"https:\/\/tabaccomd.com\/ro\/catalog\/"},{"label":"Tutun","link":"https:\/\/tabaccomd.com\/ro\/product-category\/tutun\/"},{"label":"Tutun pentru narghilea","link":"https:\/\/tabaccomd.com\/ro\/product-category\/tutun\/tutun-pentru-narghilea\/"},{"label":"Tutun pentru narghilea Sebero","link":"https:\/\/tabaccomd.com\/ro\/product-category\/tutun\/tutun-pentru-narghilea\/tutun-pentru-narghilea-sebero\/"},{"label":"Tutun pentru narghilea Sebero Blueberry","link":"https:\/\/tabaccomd.com\/ro\/product\/tutun-pentru-narghilea-sebero-blueberry\/"}],"images_for_1c":[{"url":"https:\/\/tabaccomd.com\/wp-content\/uploads\/2022\/12\/tabak-dlya-kalyana-sebero-40-g-golubika.jpg","type":"featured","alt":"Sebero Blueberry","filename":"tabak-dlya-kalyana-sebero-40-g-golubika.jpg"}],"additional_data_1c":{"modified_date":"2023-08-16 15:22:55","permalink":"https:\/\/tabaccomd.com\/ro\/product\/tutun-pentru-narghilea-sebero-blueberry\/","stock_status":"outofstock","manage_stock":"no"},"_links":{"self":[{"href":"https:\/\/tabaccomd.com\/ro\/wp-json\/wp\/v2\/product\/19904","targetHints":{"allow":["GET"]}}],"collection":[{"href":"https:\/\/tabaccomd.com\/ro\/wp-json\/wp\/v2\/product"}],"about":[{"href":"https:\/\/tabaccomd.com\/ro\/wp-json\/wp\/v2\/types\/product"}],"wp:featuredmedia":[{"embeddable":true,"href":"https:\/\/tabaccomd.com\/ro\/wp-json\/wp\/v2\/media\/18278"}],"wp:attachment":[{"href":"https:\/\/tabaccomd.com\/ro\/wp-json\/wp\/v2\/media?parent=19904"}],"wp:term":[{"taxonomy":"product_brand","embeddable":true,"href":"https:\/\/tabaccomd.com\/ro\/wp-json\/wp\/v2\/product_brand?post=19904"},{"taxonomy":"product_cat","embeddable":true,"href":"https:\/\/tabaccomd.com\/ro\/wp-json\/wp\/v2\/product_cat?post=19904"},{"taxonomy":"product_tag","embeddable":true,"href":"https:\/\/tabaccomd.com\/ro\/wp-json\/wp\/v2\/product_tag?post=19904"}],"curies":[{"name":"wp","href":"https:\/\/api.w.org\/{rel}","templated":true}]}}