{"id":19872,"date":"2022-12-21T16:18:18","date_gmt":"2022-12-21T13:18:18","guid":{"rendered":"https:\/\/new124.tabaccomd.com\/product\/dalmore-quintet-0-7l\/"},"modified":"2023-09-22T15:33:53","modified_gmt":"2023-09-22T12:33:53","slug":"dalmore-quintet-0-7l","status":"publish","type":"product","link":"https:\/\/tabaccomd.com\/ro\/product\/dalmore-quintet-0-7l\/","title":{"rendered":"Whisky Dalmore Quintet 0.7L"},"content":{"rendered":"<p><strong><a href=\"https:\/\/tabaccomd.com\/ro\/categorie-produs\/alcool-2\/whisky-2\/\">Whisky<\/a> Dalmore Quintet 0,7 L<\/strong> este o adev\u0103rat\u0103 capodoper\u0103 \u00een lumea whisky-ului sco\u021bian. Acest lichid are cinci tipuri diferite de butoaie de stejar \u00een care este maturat, ceea ce \u00eei confer\u0103 o bog\u0103\u021bie \u0219i o profunzime a gustului. \u00cen Dalmore Quintet, pute\u021bi descoperi note de ciocolat\u0103, portocal\u0103 \u0219i condimente, cre\u00e2nd o impresie unic\u0103 la fiecare \u00eenghi\u021bitur\u0103. Aceast\u0103 whisky este perfect\u0103 pentru ocazii speciale \u0219i va l\u0103sa amintiri de neuitat.<\/p>\n<p>&nbsp;<\/p>\n","protected":false},"excerpt":{"rendered":"<ul>\n<li>Cetatea: 44,5 %<\/li>\n<li>Marca: Dalmore<\/li>\n<li>\u021aara de origine: Marea Britanie<\/li>\n<\/ul>\n","protected":false},"featured_media":120000,"template":"","meta":{"om_disable_all_campaigns":false,"_monsterinsights_skip_tracking":false,"_monsterinsights_sitenote_active":false,"_monsterinsights_sitenote_note":"","_monsterinsights_sitenote_category":0},"product_brand":[],"product_cat":[221],"product_tag":[],"class_list":{"0":"post-19872","1":"product","2":"type-product","3":"status-publish","4":"has-post-thumbnail","6":"product_cat-whisky-2","8":"first","9":"outofstock","10":"taxable","11":"shipping-taxable","12":"purchasable","13":"product-type-simple"},"aioseo_notices":[],"aioseo_head":"\n\t\t<!-- All in One SEO Pro 4.9.5.2 - aioseo.com -->\n\t<meta name=\"description\" content=\"Whisky Dalmore Quintet 0.7L la Chi\u0219in\u0103u cu livrare. Pe site-ul nostru tabaccomd.com avem o selec\u021bie larg\u0103 de b\u0103uturi alcoolice de elit\u0103: whiskey, coniac, rom, gin, vin spumant... \u2b50\u2b50\u2b50\u2b50\u2b50\u260e 061-000-935\" \/>\n\t<meta name=\"robots\" content=\"max-image-preview:large\" \/>\n\t<link rel=\"canonical\" href=\"https:\/\/tabaccomd.com\/ro\/product\/dalmore-quintet-0-7l\/\" \/>\n\t<meta name=\"generator\" content=\"All in One SEO Pro (AIOSEO) 4.9.5.2\" \/>\n\t\t<meta property=\"og:locale\" content=\"ro_RO\" \/>\n\t\t<meta property=\"og:site_name\" content=\"Tabacco House \u2013 \u041c\u0430\u0433\u0430\u0437\u0438\u043d \u0442\u0430\u0431\u0430\u0447\u043d\u044b\u0445 \u0438\u0437\u0434\u0435\u043b\u0438\u0439\" \/>\n\t\t<meta property=\"og:type\" content=\"article\" \/>\n\t\t<meta property=\"og:title\" content=\"Whisky Dalmore Quintet 0.7L cump\u0103ra\u021bi \u00een Chi\u0219in\u0103u \u2b50 \u2013 Tabacco House\" \/>\n\t\t<meta property=\"og:description\" content=\"Whisky Dalmore Quintet 0.7L la Chi\u0219in\u0103u cu livrare. Pe site-ul nostru tabaccomd.com avem o selec\u021bie larg\u0103 de b\u0103uturi alcoolice de elit\u0103: whiskey, coniac, rom, gin, vin spumant... \u2b50\u2b50\u2b50\u2b50\u2b50\u260e 061-000-935\" \/>\n\t\t<meta property=\"og:url\" content=\"https:\/\/tabaccomd.com\/ro\/product\/dalmore-quintet-0-7l\/\" \/>\n\t\t<meta property=\"article:published_time\" content=\"2022-12-21T13:18:18+00:00\" \/>\n\t\t<meta property=\"article:modified_time\" content=\"2023-09-22T12:33:53+00:00\" \/>\n\t\t<meta property=\"article:publisher\" content=\"https:\/\/www.facebook.com\/tabaccomd.com\/\" \/>\n\t\t<meta name=\"twitter:card\" content=\"summary_large_image\" \/>\n\t\t<meta name=\"twitter:title\" content=\"Whisky Dalmore Quintet 0.7L cump\u0103ra\u021bi \u00een Chi\u0219in\u0103u \u2b50 \u2013 Tabacco House\" \/>\n\t\t<meta name=\"twitter:description\" content=\"Whisky Dalmore Quintet 0.7L la Chi\u0219in\u0103u cu livrare. Pe site-ul nostru tabaccomd.com avem o selec\u021bie larg\u0103 de b\u0103uturi alcoolice de elit\u0103: whiskey, coniac, rom, gin, vin spumant... \u2b50\u2b50\u2b50\u2b50\u2b50\u260e 061-000-935\" \/>\n\t\t<script type=\"application\/ld+json\" class=\"aioseo-schema\">\n\t\t\t{\"@context\":\"https:\\\/\\\/schema.org\",\"@graph\":[{\"@type\":\"BreadcrumbList\",\"@id\":\"https:\\\/\\\/tabaccomd.com\\\/ro\\\/product\\\/dalmore-quintet-0-7l\\\/#breadcrumblist\",\"itemListElement\":[{\"@type\":\"ListItem\",\"@id\":\"https:\\\/\\\/tabaccomd.com\\\/ro\\\/#listItem\",\"position\":1,\"name\":\"\\u0413\\u043b\\u0430\\u0432\\u043d\\u0430\\u044f\",\"item\":\"https:\\\/\\\/tabaccomd.com\\\/ro\\\/\",\"nextItem\":{\"@type\":\"ListItem\",\"@id\":\"https:\\\/\\\/tabaccomd.com\\\/ro\\\/catalog\\\/#listItem\",\"name\":\"Catalog\"}},{\"@type\":\"ListItem\",\"@id\":\"https:\\\/\\\/tabaccomd.com\\\/ro\\\/catalog\\\/#listItem\",\"position\":2,\"name\":\"Catalog\",\"item\":\"https:\\\/\\\/tabaccomd.com\\\/ro\\\/catalog\\\/\",\"nextItem\":{\"@type\":\"ListItem\",\"@id\":\"https:\\\/\\\/tabaccomd.com\\\/ro\\\/product-category\\\/alcool-2\\\/#listItem\",\"name\":\"Alcool\"},\"previousItem\":{\"@type\":\"ListItem\",\"@id\":\"https:\\\/\\\/tabaccomd.com\\\/ro\\\/#listItem\",\"name\":\"\\u0413\\u043b\\u0430\\u0432\\u043d\\u0430\\u044f\"}},{\"@type\":\"ListItem\",\"@id\":\"https:\\\/\\\/tabaccomd.com\\\/ro\\\/product-category\\\/alcool-2\\\/#listItem\",\"position\":3,\"name\":\"Alcool\",\"item\":\"https:\\\/\\\/tabaccomd.com\\\/ro\\\/product-category\\\/alcool-2\\\/\",\"nextItem\":{\"@type\":\"ListItem\",\"@id\":\"https:\\\/\\\/tabaccomd.com\\\/ro\\\/product-category\\\/alcool-2\\\/whisky-2\\\/#listItem\",\"name\":\"Whisky\"},\"previousItem\":{\"@type\":\"ListItem\",\"@id\":\"https:\\\/\\\/tabaccomd.com\\\/ro\\\/catalog\\\/#listItem\",\"name\":\"Catalog\"}},{\"@type\":\"ListItem\",\"@id\":\"https:\\\/\\\/tabaccomd.com\\\/ro\\\/product-category\\\/alcool-2\\\/whisky-2\\\/#listItem\",\"position\":4,\"name\":\"Whisky\",\"item\":\"https:\\\/\\\/tabaccomd.com\\\/ro\\\/product-category\\\/alcool-2\\\/whisky-2\\\/\",\"nextItem\":{\"@type\":\"ListItem\",\"@id\":\"https:\\\/\\\/tabaccomd.com\\\/ro\\\/product\\\/dalmore-quintet-0-7l\\\/#listItem\",\"name\":\"Whisky Dalmore Quintet 0.7L\"},\"previousItem\":{\"@type\":\"ListItem\",\"@id\":\"https:\\\/\\\/tabaccomd.com\\\/ro\\\/product-category\\\/alcool-2\\\/#listItem\",\"name\":\"Alcool\"}},{\"@type\":\"ListItem\",\"@id\":\"https:\\\/\\\/tabaccomd.com\\\/ro\\\/product\\\/dalmore-quintet-0-7l\\\/#listItem\",\"position\":5,\"name\":\"Whisky Dalmore Quintet 0.7L\",\"previousItem\":{\"@type\":\"ListItem\",\"@id\":\"https:\\\/\\\/tabaccomd.com\\\/ro\\\/product-category\\\/alcool-2\\\/whisky-2\\\/#listItem\",\"name\":\"Whisky\"}}]},{\"@type\":\"Organization\",\"@id\":\"https:\\\/\\\/tabaccomd.com\\\/ro\\\/#organization\",\"name\":\"Tabacco House\",\"description\":\"\\u041c\\u0430\\u0433\\u0430\\u0437\\u0438\\u043d \\u0442\\u0430\\u0431\\u0430\\u0447\\u043d\\u044b\\u0445 \\u0438\\u0437\\u0434\\u0435\\u043b\\u0438\\u0439\",\"url\":\"https:\\\/\\\/tabaccomd.com\\\/ro\\\/\",\"email\":\"Office@cazacuhouse.com\",\"telephone\":\"+37361000935\",\"logo\":{\"@type\":\"ImageObject\",\"url\":\"https:\\\/\\\/tabaccomd.com\\\/wp-content\\\/uploads\\\/2024\\\/02\\\/logo_header3.png\",\"@id\":\"https:\\\/\\\/tabaccomd.com\\\/ro\\\/product\\\/dalmore-quintet-0-7l\\\/#organizationLogo\",\"width\":32,\"height\":32,\"caption\":\"Tabacco House\"},\"image\":{\"@id\":\"https:\\\/\\\/tabaccomd.com\\\/ro\\\/product\\\/dalmore-quintet-0-7l\\\/#organizationLogo\"},\"sameAs\":[\"https:\\\/\\\/www.facebook.com\\\/tabaccomd.com\\\/\",\"https:\\\/\\\/www.instagram.com\\\/tabaccomd.com\\\/\"],\"address\":{\"@id\":\"https:\\\/\\\/tabaccomd.com\\\/ro\\\/#postaladdress\",\"@type\":\"PostalAddress\",\"streetAddress\":\"Strada Albi\\u015foara 4, Chi\\u0219in\\u0103u, Bulevardul \\u0218tefan cel Mare \\u0219i Sf\\u00eent 136, Chi\\u0219in\\u0103u\",\"addressLocality\":\"Chi\\u0219in\\u0103u\",\"addressCountry\":\"MD\"}},{\"@type\":\"Product\",\"@id\":\"https:\\\/\\\/tabaccomd.com\\\/ro\\\/product\\\/dalmore-quintet-0-7l\\\/#wooCommerceProduct\",\"name\":\"Whisky Dalmore Quintet 0.7L\",\"description\":\"Cetatea: 44,5 %\\r\\n \\tMarca: Dalmore\\r\\n \\t\\u021aara de origine: Marea Britanie\",\"url\":\"https:\\\/\\\/tabaccomd.com\\\/ro\\\/product\\\/dalmore-quintet-0-7l\\\/\",\"sku\":\"Dalmore Quintet 0.7L\",\"image\":{\"@type\":\"ImageObject\",\"url\":\"https:\\\/\\\/tabaccomd.com\\\/wp-content\\\/uploads\\\/2022\\\/12\\\/0-dalmore-quintet-0-7l-44-5-101677.jpg\",\"@id\":\"https:\\\/\\\/tabaccomd.com\\\/ro\\\/product\\\/dalmore-quintet-0-7l\\\/#productImage\",\"width\":800,\"height\":800,\"caption\":\"\\u0412\\u0438\\u0441\\u043a\\u0438 Dalmore Quintet 0.7L\"},\"offers\":{\"@type\":\"Offer\",\"url\":\"https:\\\/\\\/tabaccomd.com\\\/ro\\\/product\\\/dalmore-quintet-0-7l\\\/#wooCommerceOffer\",\"price\":2050,\"priceCurrency\":\"MDL\",\"category\":\"Whisky\",\"availability\":\"https:\\\/\\\/schema.org\\\/OutOfStock\",\"priceSpecification\":{\"@type\":\"PriceSpecification\",\"price\":2050,\"priceCurrency\":\"MDL\",\"valueAddedTaxIncluded\":\"true\"},\"seller\":{\"@type\":\"Organization\",\"@id\":\"https:\\\/\\\/tabaccomd.com\\\/ro\\\/#organization\"}}},{\"@type\":\"WebPage\",\"@id\":\"https:\\\/\\\/tabaccomd.com\\\/ro\\\/product\\\/dalmore-quintet-0-7l\\\/#webpage\",\"url\":\"https:\\\/\\\/tabaccomd.com\\\/ro\\\/product\\\/dalmore-quintet-0-7l\\\/\",\"name\":\"Whisky Dalmore Quintet 0.7L cump\\u0103ra\\u021bi \\u00een Chi\\u0219in\\u0103u \\u2b50 \\u2013 Tabacco House\",\"description\":\"Whisky Dalmore Quintet 0.7L la Chi\\u0219in\\u0103u cu livrare. Pe site-ul nostru tabaccomd.com avem o selec\\u021bie larg\\u0103 de b\\u0103uturi alcoolice de elit\\u0103: whiskey, coniac, rom, gin, vin spumant... \\u2b50\\u2b50\\u2b50\\u2b50\\u2b50\\u260e 061-000-935\",\"inLanguage\":\"ro-RO\",\"isPartOf\":{\"@id\":\"https:\\\/\\\/tabaccomd.com\\\/ro\\\/#website\"},\"breadcrumb\":{\"@id\":\"https:\\\/\\\/tabaccomd.com\\\/ro\\\/product\\\/dalmore-quintet-0-7l\\\/#breadcrumblist\"},\"image\":{\"@type\":\"ImageObject\",\"url\":\"https:\\\/\\\/tabaccomd.com\\\/wp-content\\\/uploads\\\/2022\\\/12\\\/0-dalmore-quintet-0-7l-44-5-101677.jpg\",\"@id\":\"https:\\\/\\\/tabaccomd.com\\\/ro\\\/product\\\/dalmore-quintet-0-7l\\\/#mainImage\",\"width\":800,\"height\":800,\"caption\":\"\\u0412\\u0438\\u0441\\u043a\\u0438 Dalmore Quintet 0.7L\"},\"primaryImageOfPage\":{\"@id\":\"https:\\\/\\\/tabaccomd.com\\\/ro\\\/product\\\/dalmore-quintet-0-7l\\\/#mainImage\"},\"datePublished\":\"2022-12-21T16:18:18+03:00\",\"dateModified\":\"2023-09-22T15:33:53+03:00\"},{\"@type\":\"WebSite\",\"@id\":\"https:\\\/\\\/tabaccomd.com\\\/ro\\\/#website\",\"url\":\"https:\\\/\\\/tabaccomd.com\\\/ro\\\/\",\"name\":\"Tabacco House\",\"alternateName\":\"tobaccomd.com\",\"description\":\"\\u041c\\u0430\\u0433\\u0430\\u0437\\u0438\\u043d \\u0442\\u0430\\u0431\\u0430\\u0447\\u043d\\u044b\\u0445 \\u0438\\u0437\\u0434\\u0435\\u043b\\u0438\\u0439\",\"inLanguage\":\"ro-RO\",\"publisher\":{\"@id\":\"https:\\\/\\\/tabaccomd.com\\\/ro\\\/#organization\"}}]}\n\t\t<\/script>\n\t\t<!-- All in One SEO Pro -->\r\n\t\t<title>Whisky Dalmore Quintet 0.7L cump\u0103ra\u021bi \u00een Chi\u0219in\u0103u \u2b50 \u2013 Tabacco House<\/title>\n\n","aioseo_head_json":{"title":"Whisky Dalmore Quintet 0.7L cump\u0103ra\u021bi \u00een Chi\u0219in\u0103u \u2b50 \u2013 Tabacco House","description":"Whisky Dalmore Quintet 0.7L la Chi\u0219in\u0103u cu livrare. Pe site-ul nostru tabaccomd.com avem o selec\u021bie larg\u0103 de b\u0103uturi alcoolice de elit\u0103: whiskey, coniac, rom, gin, vin spumant... \u2b50\u2b50\u2b50\u2b50\u2b50\u260e 061-000-935","canonical_url":"https:\/\/tabaccomd.com\/ro\/product\/dalmore-quintet-0-7l\/","robots":"max-image-preview:large","keywords":"","webmasterTools":{"miscellaneous":""},"schema":{"@context":"https:\/\/schema.org","@graph":[{"@type":"BreadcrumbList","@id":"https:\/\/tabaccomd.com\/ro\/product\/dalmore-quintet-0-7l\/#breadcrumblist","itemListElement":[{"@type":"ListItem","@id":"https:\/\/tabaccomd.com\/ro\/#listItem","position":1,"name":"\u0413\u043b\u0430\u0432\u043d\u0430\u044f","item":"https:\/\/tabaccomd.com\/ro\/","nextItem":{"@type":"ListItem","@id":"https:\/\/tabaccomd.com\/ro\/catalog\/#listItem","name":"Catalog"}},{"@type":"ListItem","@id":"https:\/\/tabaccomd.com\/ro\/catalog\/#listItem","position":2,"name":"Catalog","item":"https:\/\/tabaccomd.com\/ro\/catalog\/","nextItem":{"@type":"ListItem","@id":"https:\/\/tabaccomd.com\/ro\/product-category\/alcool-2\/#listItem","name":"Alcool"},"previousItem":{"@type":"ListItem","@id":"https:\/\/tabaccomd.com\/ro\/#listItem","name":"\u0413\u043b\u0430\u0432\u043d\u0430\u044f"}},{"@type":"ListItem","@id":"https:\/\/tabaccomd.com\/ro\/product-category\/alcool-2\/#listItem","position":3,"name":"Alcool","item":"https:\/\/tabaccomd.com\/ro\/product-category\/alcool-2\/","nextItem":{"@type":"ListItem","@id":"https:\/\/tabaccomd.com\/ro\/product-category\/alcool-2\/whisky-2\/#listItem","name":"Whisky"},"previousItem":{"@type":"ListItem","@id":"https:\/\/tabaccomd.com\/ro\/catalog\/#listItem","name":"Catalog"}},{"@type":"ListItem","@id":"https:\/\/tabaccomd.com\/ro\/product-category\/alcool-2\/whisky-2\/#listItem","position":4,"name":"Whisky","item":"https:\/\/tabaccomd.com\/ro\/product-category\/alcool-2\/whisky-2\/","nextItem":{"@type":"ListItem","@id":"https:\/\/tabaccomd.com\/ro\/product\/dalmore-quintet-0-7l\/#listItem","name":"Whisky Dalmore Quintet 0.7L"},"previousItem":{"@type":"ListItem","@id":"https:\/\/tabaccomd.com\/ro\/product-category\/alcool-2\/#listItem","name":"Alcool"}},{"@type":"ListItem","@id":"https:\/\/tabaccomd.com\/ro\/product\/dalmore-quintet-0-7l\/#listItem","position":5,"name":"Whisky Dalmore Quintet 0.7L","previousItem":{"@type":"ListItem","@id":"https:\/\/tabaccomd.com\/ro\/product-category\/alcool-2\/whisky-2\/#listItem","name":"Whisky"}}]},{"@type":"Organization","@id":"https:\/\/tabaccomd.com\/ro\/#organization","name":"Tabacco House","description":"\u041c\u0430\u0433\u0430\u0437\u0438\u043d \u0442\u0430\u0431\u0430\u0447\u043d\u044b\u0445 \u0438\u0437\u0434\u0435\u043b\u0438\u0439","url":"https:\/\/tabaccomd.com\/ro\/","email":"Office@cazacuhouse.com","telephone":"+37361000935","logo":{"@type":"ImageObject","url":"https:\/\/tabaccomd.com\/wp-content\/uploads\/2024\/02\/logo_header3.png","@id":"https:\/\/tabaccomd.com\/ro\/product\/dalmore-quintet-0-7l\/#organizationLogo","width":32,"height":32,"caption":"Tabacco House"},"image":{"@id":"https:\/\/tabaccomd.com\/ro\/product\/dalmore-quintet-0-7l\/#organizationLogo"},"sameAs":["https:\/\/www.facebook.com\/tabaccomd.com\/","https:\/\/www.instagram.com\/tabaccomd.com\/"],"address":{"@id":"https:\/\/tabaccomd.com\/ro\/#postaladdress","@type":"PostalAddress","streetAddress":"Strada Albi\u015foara 4, Chi\u0219in\u0103u, Bulevardul \u0218tefan cel Mare \u0219i Sf\u00eent 136, Chi\u0219in\u0103u","addressLocality":"Chi\u0219in\u0103u","addressCountry":"MD"}},{"@type":"Product","@id":"https:\/\/tabaccomd.com\/ro\/product\/dalmore-quintet-0-7l\/#wooCommerceProduct","name":"Whisky Dalmore Quintet 0.7L","description":"Cetatea: 44,5 %\r\n \tMarca: Dalmore\r\n \t\u021aara de origine: Marea Britanie","url":"https:\/\/tabaccomd.com\/ro\/product\/dalmore-quintet-0-7l\/","sku":"Dalmore Quintet 0.7L","image":{"@type":"ImageObject","url":"https:\/\/tabaccomd.com\/wp-content\/uploads\/2022\/12\/0-dalmore-quintet-0-7l-44-5-101677.jpg","@id":"https:\/\/tabaccomd.com\/ro\/product\/dalmore-quintet-0-7l\/#productImage","width":800,"height":800,"caption":"\u0412\u0438\u0441\u043a\u0438 Dalmore Quintet 0.7L"},"offers":{"@type":"Offer","url":"https:\/\/tabaccomd.com\/ro\/product\/dalmore-quintet-0-7l\/#wooCommerceOffer","price":2050,"priceCurrency":"MDL","category":"Whisky","availability":"https:\/\/schema.org\/OutOfStock","priceSpecification":{"@type":"PriceSpecification","price":2050,"priceCurrency":"MDL","valueAddedTaxIncluded":"true"},"seller":{"@type":"Organization","@id":"https:\/\/tabaccomd.com\/ro\/#organization"}}},{"@type":"WebPage","@id":"https:\/\/tabaccomd.com\/ro\/product\/dalmore-quintet-0-7l\/#webpage","url":"https:\/\/tabaccomd.com\/ro\/product\/dalmore-quintet-0-7l\/","name":"Whisky Dalmore Quintet 0.7L cump\u0103ra\u021bi \u00een Chi\u0219in\u0103u \u2b50 \u2013 Tabacco House","description":"Whisky Dalmore Quintet 0.7L la Chi\u0219in\u0103u cu livrare. Pe site-ul nostru tabaccomd.com avem o selec\u021bie larg\u0103 de b\u0103uturi alcoolice de elit\u0103: whiskey, coniac, rom, gin, vin spumant... \u2b50\u2b50\u2b50\u2b50\u2b50\u260e 061-000-935","inLanguage":"ro-RO","isPartOf":{"@id":"https:\/\/tabaccomd.com\/ro\/#website"},"breadcrumb":{"@id":"https:\/\/tabaccomd.com\/ro\/product\/dalmore-quintet-0-7l\/#breadcrumblist"},"image":{"@type":"ImageObject","url":"https:\/\/tabaccomd.com\/wp-content\/uploads\/2022\/12\/0-dalmore-quintet-0-7l-44-5-101677.jpg","@id":"https:\/\/tabaccomd.com\/ro\/product\/dalmore-quintet-0-7l\/#mainImage","width":800,"height":800,"caption":"\u0412\u0438\u0441\u043a\u0438 Dalmore Quintet 0.7L"},"primaryImageOfPage":{"@id":"https:\/\/tabaccomd.com\/ro\/product\/dalmore-quintet-0-7l\/#mainImage"},"datePublished":"2022-12-21T16:18:18+03:00","dateModified":"2023-09-22T15:33:53+03:00"},{"@type":"WebSite","@id":"https:\/\/tabaccomd.com\/ro\/#website","url":"https:\/\/tabaccomd.com\/ro\/","name":"Tabacco House","alternateName":"tobaccomd.com","description":"\u041c\u0430\u0433\u0430\u0437\u0438\u043d \u0442\u0430\u0431\u0430\u0447\u043d\u044b\u0445 \u0438\u0437\u0434\u0435\u043b\u0438\u0439","inLanguage":"ro-RO","publisher":{"@id":"https:\/\/tabaccomd.com\/ro\/#organization"}}]},"og:locale":"ro_RO","og:site_name":"Tabacco House \u2013 \u041c\u0430\u0433\u0430\u0437\u0438\u043d \u0442\u0430\u0431\u0430\u0447\u043d\u044b\u0445 \u0438\u0437\u0434\u0435\u043b\u0438\u0439","og:type":"article","og:title":"Whisky Dalmore Quintet 0.7L cump\u0103ra\u021bi \u00een Chi\u0219in\u0103u \u2b50 \u2013 Tabacco House","og:description":"Whisky Dalmore Quintet 0.7L la Chi\u0219in\u0103u cu livrare. Pe site-ul nostru tabaccomd.com avem o selec\u021bie larg\u0103 de b\u0103uturi alcoolice de elit\u0103: whiskey, coniac, rom, gin, vin spumant... \u2b50\u2b50\u2b50\u2b50\u2b50\u260e 061-000-935","og:url":"https:\/\/tabaccomd.com\/ro\/product\/dalmore-quintet-0-7l\/","article:published_time":"2022-12-21T13:18:18+00:00","article:modified_time":"2023-09-22T12:33:53+00:00","article:publisher":"https:\/\/www.facebook.com\/tabaccomd.com\/","twitter:card":"summary_large_image","twitter:title":"Whisky Dalmore Quintet 0.7L cump\u0103ra\u021bi \u00een Chi\u0219in\u0103u \u2b50 \u2013 Tabacco House","twitter:description":"Whisky Dalmore Quintet 0.7L la Chi\u0219in\u0103u cu livrare. Pe site-ul nostru tabaccomd.com avem o selec\u021bie larg\u0103 de b\u0103uturi alcoolice de elit\u0103: whiskey, coniac, rom, gin, vin spumant... \u2b50\u2b50\u2b50\u2b50\u2b50\u260e 061-000-935"},"aioseo_meta_data":{"post_id":"19872","title":"#post_title cump\u0103ra\u021bi \u00een Chi\u0219in\u0103u \u2b50 #separator_sa #site_title","description":"#post_title la Chi\u0219in\u0103u cu livrare. Pe site-ul nostru tabaccomd.com avem o selec\u021bie larg\u0103 de b\u0103uturi alcoolice de elit\u0103: whiskey, coniac, rom, gin, vin spumant... \u2b50\u2b50\u2b50\u2b50\u2b50\u260e 061-000-935","keywords":[],"keyphrases":{"focus":{"keyphrase":"Whisky Dalmore Quintet 0.7L","score":76,"analysis":{"keyphraseInTitle":{"score":9,"maxScore":9,"error":0},"keyphraseInDescription":{"score":9,"maxScore":9,"error":0},"keyphraseLength":{"score":9,"maxScore":9,"error":0,"length":4},"keyphraseInURL":{"score":1,"maxScore":5,"error":1},"keyphraseInIntroduction":{"score":3,"maxScore":9,"error":1},"keyphraseInSubHeadings":[],"keyphraseInImageAlt":[]}},"additional":[]},"primary_term":null,"canonical_url":null,"og_title":null,"og_description":null,"og_object_type":"default","og_image_type":"default","og_image_url":null,"og_image_width":null,"og_image_height":null,"og_image_custom_url":null,"og_image_custom_fields":null,"og_video":"","og_custom_url":null,"og_article_section":null,"og_article_tags":[],"twitter_use_og":false,"twitter_card":"default","twitter_image_type":"default","twitter_image_url":null,"twitter_image_custom_url":null,"twitter_image_custom_fields":null,"twitter_title":null,"twitter_description":null,"schema":{"blockGraphs":[],"customGraphs":[],"default":{"data":{"Article":[],"Course":[],"Dataset":[],"FAQPage":[],"Movie":[],"Person":[],"Product":[],"ProductReview":[],"Car":[],"Recipe":[],"Service":[],"SoftwareApplication":[],"WebPage":[]},"graphName":"ItemPage","isEnabled":true},"graphs":[]},"schema_type":"default","schema_type_options":null,"pillar_content":false,"robots_default":true,"robots_noindex":false,"robots_noarchive":false,"robots_nosnippet":false,"robots_nofollow":false,"robots_noimageindex":false,"robots_noodp":false,"robots_notranslate":false,"robots_max_snippet":"-1","robots_max_videopreview":"-1","robots_max_imagepreview":"large","priority":null,"frequency":"default","local_seo":null,"seo_analyzer_scan_date":"2025-10-20 06:10:55","breadcrumb_settings":null,"limit_modified_date":false,"reviewed_by":null,"open_ai":null,"ai":null,"created":"2023-03-30 14:13:45","updated":"2025-10-20 06:10:55"},"aioseo_breadcrumb":"<div class=\"aioseo-breadcrumbs\"><span class=\"aioseo-breadcrumb\">\n\t<a href=\"https:\/\/tabaccomd.com\/ro\/\" title=\"\u0413\u043b\u0430\u0432\u043d\u0430\u044f\">\u0413\u043b\u0430\u0432\u043d\u0430\u044f<\/a>\n<\/span><span class=\"aioseo-breadcrumb-separator\">\u00bb<\/span><span class=\"aioseo-breadcrumb\">\n\t<a href=\"https:\/\/tabaccomd.com\/ro\/catalog\/\" title=\"Catalog\">Catalog<\/a>\n<\/span><span class=\"aioseo-breadcrumb-separator\">\u00bb<\/span><span class=\"aioseo-breadcrumb\">\n\t<a href=\"https:\/\/tabaccomd.com\/ro\/product-category\/alcool-2\/\" title=\"Alcool\">Alcool<\/a>\n<\/span><span class=\"aioseo-breadcrumb-separator\">\u00bb<\/span><span class=\"aioseo-breadcrumb\">\n\t<a href=\"https:\/\/tabaccomd.com\/ro\/product-category\/alcool-2\/whisky-2\/\" title=\"Whisky\">Whisky<\/a>\n<\/span><span class=\"aioseo-breadcrumb-separator\">\u00bb<\/span><span class=\"aioseo-breadcrumb\">\n\tWhisky Dalmore Quintet 0.7L\n<\/span><\/div>","aioseo_breadcrumb_json":[{"label":"\u0413\u043b\u0430\u0432\u043d\u0430\u044f","link":"https:\/\/tabaccomd.com\/ro\/"},{"label":"Catalog","link":"https:\/\/tabaccomd.com\/ro\/catalog\/"},{"label":"Alcool","link":"https:\/\/tabaccomd.com\/ro\/product-category\/alcool-2\/"},{"label":"Whisky","link":"https:\/\/tabaccomd.com\/ro\/product-category\/alcool-2\/whisky-2\/"},{"label":"Whisky Dalmore Quintet 0.7L","link":"https:\/\/tabaccomd.com\/ro\/product\/dalmore-quintet-0-7l\/"}],"images_for_1c":[{"url":"https:\/\/tabaccomd.com\/wp-content\/uploads\/2022\/12\/0-dalmore-quintet-0-7l-44-5-101677.jpg","type":"featured","alt":"\u0412\u0438\u0441\u043a\u0438 Dalmore Quintet 0.7L","filename":"0-dalmore-quintet-0-7l-44-5-101677.jpg"}],"additional_data_1c":{"modified_date":"2023-09-22 15:33:53","permalink":"https:\/\/tabaccomd.com\/ro\/product\/dalmore-quintet-0-7l\/","stock_status":"outofstock","manage_stock":"no"},"_links":{"self":[{"href":"https:\/\/tabaccomd.com\/ro\/wp-json\/wp\/v2\/product\/19872","targetHints":{"allow":["GET"]}}],"collection":[{"href":"https:\/\/tabaccomd.com\/ro\/wp-json\/wp\/v2\/product"}],"about":[{"href":"https:\/\/tabaccomd.com\/ro\/wp-json\/wp\/v2\/types\/product"}],"wp:featuredmedia":[{"embeddable":true,"href":"https:\/\/tabaccomd.com\/ro\/wp-json\/wp\/v2\/media\/120000"}],"wp:attachment":[{"href":"https:\/\/tabaccomd.com\/ro\/wp-json\/wp\/v2\/media?parent=19872"}],"wp:term":[{"taxonomy":"product_brand","embeddable":true,"href":"https:\/\/tabaccomd.com\/ro\/wp-json\/wp\/v2\/product_brand?post=19872"},{"taxonomy":"product_cat","embeddable":true,"href":"https:\/\/tabaccomd.com\/ro\/wp-json\/wp\/v2\/product_cat?post=19872"},{"taxonomy":"product_tag","embeddable":true,"href":"https:\/\/tabaccomd.com\/ro\/wp-json\/wp\/v2\/product_tag?post=19872"}],"curies":[{"name":"wp","href":"https:\/\/api.w.org\/{rel}","templated":true}]}}