{"id":19834,"date":"2022-12-09T14:39:48","date_gmt":"2022-12-09T11:39:48","guid":{"rendered":"https:\/\/new124.tabaccomd.com\/product\/masina-pentru-maneci-powermatic-ii-plus\/"},"modified":"2025-02-25T17:09:18","modified_gmt":"2025-02-25T14:09:18","slug":"masina-pentru-maneci-powermatic-ii-plus","status":"publish","type":"product","link":"https:\/\/tabaccomd.com\/ro\/product\/masina-pentru-maneci-powermatic-ii-plus\/","title":{"rendered":"Ma\u0219inu\u021b\u0103 pentru tuburi Powermatic II Plus"},"content":{"rendered":"<p>Powermatic II Plus este una dintre cele mai populare <a href=\"https:\/\/tabaccomd.com\/ro\/categorie-produs\/totul-pentru-rulat\/masina-de-rulat\/\">ma\u0219ini<\/a> electrice pentru umplerea tuburilor de \u021big\u0103ri, combin\u00e2nd confortul, viteza \u0219i fiabilitatea. Acest dispozitiv semi-automat permite realizarea cu u\u0219urin\u021b\u0103 \u0219i rapiditate a \u021big\u0103rilor cu filtru \u00een condi\u021bii casnice. Principalul avantaj al Powermatic II Plus este lipsa unui mecanism cu spiral\u0103, ceea ce previne aglomerarea tutunului \u0219i asigur\u0103 o umplere uniform\u0103 \u0219i precis\u0103. Ma\u0219ina func\u021bioneaz\u0103 pe acela\u0219i principiu ca dispozitivele manuale, dar cu suportul unui motor electric, ceea ce face procesul mult mai simplu. U\u0219urin\u021ba \u00een utilizare face din Powermatic II Plus o alegere excelent\u0103 at\u00e2t pentru \u00eencep\u0103tori, c\u00e2t \u0219i pentru utilizatorii experimenta\u021bi. Setul include un kit practic de cur\u0103\u021bare, asigur\u00e2nd durabilitatea dispozitivului.<\/p>\n<p>Pute\u021bi achizi\u021biona ma\u0219inu\u021ba pentru tuburi Powermatic II Plus \u00een Moldova, Chi\u0219in\u0103u, \u00een re\u021beaua de magazine Tabacco House.<\/p>\n","protected":false},"excerpt":{"rendered":"<ul>\n<li>Culoare: Neagr\u0103<\/li>\n<li>Tip: Electric\u0103<\/li>\n<li>Brand: Powermatic<\/li>\n<li>Material: Metal<\/li>\n<\/ul>\n","protected":false},"featured_media":146842,"template":"","meta":{"om_disable_all_campaigns":false,"_monsterinsights_skip_tracking":false,"_monsterinsights_sitenote_active":false,"_monsterinsights_sitenote_note":"","_monsterinsights_sitenote_category":0},"product_brand":[],"product_cat":[169],"product_tag":[],"class_list":{"0":"post-19834","1":"product","2":"type-product","3":"status-publish","4":"has-post-thumbnail","6":"product_cat-masina-de-rulat","8":"first","9":"instock","10":"taxable","11":"shipping-taxable","12":"purchasable","13":"product-type-simple"},"aioseo_notices":[],"aioseo_head":"\n\t\t<!-- All in One SEO Pro 4.9.5.2 - aioseo.com -->\n\t<meta name=\"robots\" content=\"max-image-preview:large\" \/>\n\t<link rel=\"canonical\" href=\"https:\/\/tabaccomd.com\/ro\/product\/masina-pentru-maneci-powermatic-ii-plus\/\" \/>\n\t<meta name=\"generator\" content=\"All in One SEO Pro (AIOSEO) 4.9.5.2\" \/>\n\t\t<meta property=\"og:locale\" content=\"ro_RO\" \/>\n\t\t<meta property=\"og:site_name\" content=\"Tabacco House \u2013 \u041c\u0430\u0433\u0430\u0437\u0438\u043d \u0442\u0430\u0431\u0430\u0447\u043d\u044b\u0445 \u0438\u0437\u0434\u0435\u043b\u0438\u0439\" \/>\n\t\t<meta property=\"og:type\" content=\"article\" \/>\n\t\t<meta property=\"og:title\" content=\"Ma\u0219inu\u021b\u0103 pentru tuburi Powermatic II Plus \u2013 Tabacco House\" \/>\n\t\t<meta property=\"og:url\" content=\"https:\/\/tabaccomd.com\/ro\/product\/masina-pentru-maneci-powermatic-ii-plus\/\" \/>\n\t\t<meta property=\"article:published_time\" content=\"2022-12-09T11:39:48+00:00\" \/>\n\t\t<meta property=\"article:modified_time\" content=\"2025-02-25T14:09:18+00:00\" \/>\n\t\t<meta property=\"article:publisher\" content=\"https:\/\/www.facebook.com\/tabaccomd.com\/\" \/>\n\t\t<meta name=\"twitter:card\" content=\"summary_large_image\" \/>\n\t\t<meta name=\"twitter:title\" content=\"Ma\u0219inu\u021b\u0103 pentru tuburi Powermatic II Plus \u2013 Tabacco House\" \/>\n\t\t<script type=\"application\/ld+json\" class=\"aioseo-schema\">\n\t\t\t{\"@context\":\"https:\\\/\\\/schema.org\",\"@graph\":[{\"@type\":\"BreadcrumbList\",\"@id\":\"https:\\\/\\\/tabaccomd.com\\\/ro\\\/product\\\/masina-pentru-maneci-powermatic-ii-plus\\\/#breadcrumblist\",\"itemListElement\":[{\"@type\":\"ListItem\",\"@id\":\"https:\\\/\\\/tabaccomd.com\\\/ro\\\/#listItem\",\"position\":1,\"name\":\"\\u0413\\u043b\\u0430\\u0432\\u043d\\u0430\\u044f\",\"item\":\"https:\\\/\\\/tabaccomd.com\\\/ro\\\/\",\"nextItem\":{\"@type\":\"ListItem\",\"@id\":\"https:\\\/\\\/tabaccomd.com\\\/ro\\\/catalog\\\/#listItem\",\"name\":\"Catalog\"}},{\"@type\":\"ListItem\",\"@id\":\"https:\\\/\\\/tabaccomd.com\\\/ro\\\/catalog\\\/#listItem\",\"position\":2,\"name\":\"Catalog\",\"item\":\"https:\\\/\\\/tabaccomd.com\\\/ro\\\/catalog\\\/\",\"nextItem\":{\"@type\":\"ListItem\",\"@id\":\"https:\\\/\\\/tabaccomd.com\\\/ro\\\/product-category\\\/totul-pentru-rulat\\\/#listItem\",\"name\":\"Totul pentru rulat\"},\"previousItem\":{\"@type\":\"ListItem\",\"@id\":\"https:\\\/\\\/tabaccomd.com\\\/ro\\\/#listItem\",\"name\":\"\\u0413\\u043b\\u0430\\u0432\\u043d\\u0430\\u044f\"}},{\"@type\":\"ListItem\",\"@id\":\"https:\\\/\\\/tabaccomd.com\\\/ro\\\/product-category\\\/totul-pentru-rulat\\\/#listItem\",\"position\":3,\"name\":\"Totul pentru rulat\",\"item\":\"https:\\\/\\\/tabaccomd.com\\\/ro\\\/product-category\\\/totul-pentru-rulat\\\/\",\"nextItem\":{\"@type\":\"ListItem\",\"@id\":\"https:\\\/\\\/tabaccomd.com\\\/ro\\\/product-category\\\/totul-pentru-rulat\\\/masina-de-rulat\\\/#listItem\",\"name\":\"Ma\\u0219in\\u0103 de rulat\"},\"previousItem\":{\"@type\":\"ListItem\",\"@id\":\"https:\\\/\\\/tabaccomd.com\\\/ro\\\/catalog\\\/#listItem\",\"name\":\"Catalog\"}},{\"@type\":\"ListItem\",\"@id\":\"https:\\\/\\\/tabaccomd.com\\\/ro\\\/product-category\\\/totul-pentru-rulat\\\/masina-de-rulat\\\/#listItem\",\"position\":4,\"name\":\"Ma\\u0219in\\u0103 de rulat\",\"item\":\"https:\\\/\\\/tabaccomd.com\\\/ro\\\/product-category\\\/totul-pentru-rulat\\\/masina-de-rulat\\\/\",\"nextItem\":{\"@type\":\"ListItem\",\"@id\":\"https:\\\/\\\/tabaccomd.com\\\/ro\\\/product\\\/masina-pentru-maneci-powermatic-ii-plus\\\/#listItem\",\"name\":\"Ma\\u0219inu\\u021b\\u0103 pentru tuburi Powermatic II Plus\"},\"previousItem\":{\"@type\":\"ListItem\",\"@id\":\"https:\\\/\\\/tabaccomd.com\\\/ro\\\/product-category\\\/totul-pentru-rulat\\\/#listItem\",\"name\":\"Totul pentru rulat\"}},{\"@type\":\"ListItem\",\"@id\":\"https:\\\/\\\/tabaccomd.com\\\/ro\\\/product\\\/masina-pentru-maneci-powermatic-ii-plus\\\/#listItem\",\"position\":5,\"name\":\"Ma\\u0219inu\\u021b\\u0103 pentru tuburi Powermatic II Plus\",\"previousItem\":{\"@type\":\"ListItem\",\"@id\":\"https:\\\/\\\/tabaccomd.com\\\/ro\\\/product-category\\\/totul-pentru-rulat\\\/masina-de-rulat\\\/#listItem\",\"name\":\"Ma\\u0219in\\u0103 de rulat\"}}]},{\"@type\":\"Organization\",\"@id\":\"https:\\\/\\\/tabaccomd.com\\\/ro\\\/#organization\",\"name\":\"Tabacco House\",\"description\":\"\\u041c\\u0430\\u0433\\u0430\\u0437\\u0438\\u043d \\u0442\\u0430\\u0431\\u0430\\u0447\\u043d\\u044b\\u0445 \\u0438\\u0437\\u0434\\u0435\\u043b\\u0438\\u0439\",\"url\":\"https:\\\/\\\/tabaccomd.com\\\/ro\\\/\",\"email\":\"Office@cazacuhouse.com\",\"telephone\":\"+37361000935\",\"logo\":{\"@type\":\"ImageObject\",\"url\":\"https:\\\/\\\/tabaccomd.com\\\/wp-content\\\/uploads\\\/2024\\\/02\\\/logo_header3.png\",\"@id\":\"https:\\\/\\\/tabaccomd.com\\\/ro\\\/product\\\/masina-pentru-maneci-powermatic-ii-plus\\\/#organizationLogo\",\"width\":32,\"height\":32,\"caption\":\"Tabacco House\"},\"image\":{\"@id\":\"https:\\\/\\\/tabaccomd.com\\\/ro\\\/product\\\/masina-pentru-maneci-powermatic-ii-plus\\\/#organizationLogo\"},\"sameAs\":[\"https:\\\/\\\/www.facebook.com\\\/tabaccomd.com\\\/\",\"https:\\\/\\\/www.instagram.com\\\/tabaccomd.com\\\/\"],\"address\":{\"@id\":\"https:\\\/\\\/tabaccomd.com\\\/ro\\\/#postaladdress\",\"@type\":\"PostalAddress\",\"streetAddress\":\"Strada Albi\\u015foara 4, Chi\\u0219in\\u0103u, Bulevardul \\u0218tefan cel Mare \\u0219i Sf\\u00eent 136, Chi\\u0219in\\u0103u\",\"addressLocality\":\"Chi\\u0219in\\u0103u\",\"addressCountry\":\"MD\"}},{\"@type\":\"Product\",\"@id\":\"https:\\\/\\\/tabaccomd.com\\\/ro\\\/product\\\/masina-pentru-maneci-powermatic-ii-plus\\\/#wooCommerceProduct\",\"name\":\"Ma\\u0219inu\\u021b\\u0103 pentru tuburi Powermatic II Plus\",\"description\":\"Culoare: Neagr\\u0103\\r\\n \\tTip: Electric\\u0103\\r\\n \\tBrand: Powermatic\\r\\n \\tMaterial: Metal\",\"url\":\"https:\\\/\\\/tabaccomd.com\\\/ro\\\/product\\\/masina-pentru-maneci-powermatic-ii-plus\\\/\",\"sku\":\"016080\",\"image\":{\"@type\":\"ImageObject\",\"url\":\"https:\\\/\\\/tabaccomd.com\\\/wp-content\\\/uploads\\\/2022\\\/12\\\/cigarette-machine-powermatic-II-plus-3.jpg\",\"@id\":\"https:\\\/\\\/tabaccomd.com\\\/ro\\\/product\\\/masina-pentru-maneci-powermatic-ii-plus\\\/#productImage\",\"width\":1200,\"height\":1200,\"caption\":\"cigarette-machine-powermatic-II-plus-3\"},\"offers\":{\"@type\":\"Offer\",\"url\":\"https:\\\/\\\/tabaccomd.com\\\/ro\\\/product\\\/masina-pentru-maneci-powermatic-ii-plus\\\/#wooCommerceOffer\",\"price\":2950,\"priceCurrency\":\"MDL\",\"category\":\"Ma\\u0219in\\u0103 de rulat\",\"availability\":\"https:\\\/\\\/schema.org\\\/InStock\",\"priceSpecification\":{\"@type\":\"PriceSpecification\",\"price\":2950,\"priceCurrency\":\"MDL\",\"valueAddedTaxIncluded\":\"true\"},\"seller\":{\"@type\":\"Organization\",\"@id\":\"https:\\\/\\\/tabaccomd.com\\\/ro\\\/#organization\"}}},{\"@type\":\"WebPage\",\"@id\":\"https:\\\/\\\/tabaccomd.com\\\/ro\\\/product\\\/masina-pentru-maneci-powermatic-ii-plus\\\/#webpage\",\"url\":\"https:\\\/\\\/tabaccomd.com\\\/ro\\\/product\\\/masina-pentru-maneci-powermatic-ii-plus\\\/\",\"name\":\"Ma\\u0219inu\\u021b\\u0103 pentru tuburi Powermatic II Plus \\u2013 Tabacco House\",\"inLanguage\":\"ro-RO\",\"isPartOf\":{\"@id\":\"https:\\\/\\\/tabaccomd.com\\\/ro\\\/#website\"},\"breadcrumb\":{\"@id\":\"https:\\\/\\\/tabaccomd.com\\\/ro\\\/product\\\/masina-pentru-maneci-powermatic-ii-plus\\\/#breadcrumblist\"},\"image\":{\"@type\":\"ImageObject\",\"url\":\"https:\\\/\\\/tabaccomd.com\\\/wp-content\\\/uploads\\\/2022\\\/12\\\/cigarette-machine-powermatic-II-plus-3.jpg\",\"@id\":\"https:\\\/\\\/tabaccomd.com\\\/ro\\\/product\\\/masina-pentru-maneci-powermatic-ii-plus\\\/#mainImage\",\"width\":1200,\"height\":1200,\"caption\":\"cigarette-machine-powermatic-II-plus-3\"},\"primaryImageOfPage\":{\"@id\":\"https:\\\/\\\/tabaccomd.com\\\/ro\\\/product\\\/masina-pentru-maneci-powermatic-ii-plus\\\/#mainImage\"},\"datePublished\":\"2022-12-09T14:39:48+03:00\",\"dateModified\":\"2025-02-25T17:09:18+03:00\"},{\"@type\":\"WebSite\",\"@id\":\"https:\\\/\\\/tabaccomd.com\\\/ro\\\/#website\",\"url\":\"https:\\\/\\\/tabaccomd.com\\\/ro\\\/\",\"name\":\"Tabacco House\",\"alternateName\":\"tobaccomd.com\",\"description\":\"\\u041c\\u0430\\u0433\\u0430\\u0437\\u0438\\u043d \\u0442\\u0430\\u0431\\u0430\\u0447\\u043d\\u044b\\u0445 \\u0438\\u0437\\u0434\\u0435\\u043b\\u0438\\u0439\",\"inLanguage\":\"ro-RO\",\"publisher\":{\"@id\":\"https:\\\/\\\/tabaccomd.com\\\/ro\\\/#organization\"}}]}\n\t\t<\/script>\n\t\t<!-- All in One SEO Pro -->\r\n\t\t<title>Ma\u0219inu\u021b\u0103 pentru tuburi Powermatic II Plus \u2013 Tabacco House<\/title>\n\n","aioseo_head_json":{"title":"Ma\u0219inu\u021b\u0103 pentru tuburi Powermatic II Plus \u2013 Tabacco House","description":"","canonical_url":"https:\/\/tabaccomd.com\/ro\/product\/masina-pentru-maneci-powermatic-ii-plus\/","robots":"max-image-preview:large","keywords":"","webmasterTools":{"miscellaneous":""},"schema":{"@context":"https:\/\/schema.org","@graph":[{"@type":"BreadcrumbList","@id":"https:\/\/tabaccomd.com\/ro\/product\/masina-pentru-maneci-powermatic-ii-plus\/#breadcrumblist","itemListElement":[{"@type":"ListItem","@id":"https:\/\/tabaccomd.com\/ro\/#listItem","position":1,"name":"\u0413\u043b\u0430\u0432\u043d\u0430\u044f","item":"https:\/\/tabaccomd.com\/ro\/","nextItem":{"@type":"ListItem","@id":"https:\/\/tabaccomd.com\/ro\/catalog\/#listItem","name":"Catalog"}},{"@type":"ListItem","@id":"https:\/\/tabaccomd.com\/ro\/catalog\/#listItem","position":2,"name":"Catalog","item":"https:\/\/tabaccomd.com\/ro\/catalog\/","nextItem":{"@type":"ListItem","@id":"https:\/\/tabaccomd.com\/ro\/product-category\/totul-pentru-rulat\/#listItem","name":"Totul pentru rulat"},"previousItem":{"@type":"ListItem","@id":"https:\/\/tabaccomd.com\/ro\/#listItem","name":"\u0413\u043b\u0430\u0432\u043d\u0430\u044f"}},{"@type":"ListItem","@id":"https:\/\/tabaccomd.com\/ro\/product-category\/totul-pentru-rulat\/#listItem","position":3,"name":"Totul pentru rulat","item":"https:\/\/tabaccomd.com\/ro\/product-category\/totul-pentru-rulat\/","nextItem":{"@type":"ListItem","@id":"https:\/\/tabaccomd.com\/ro\/product-category\/totul-pentru-rulat\/masina-de-rulat\/#listItem","name":"Ma\u0219in\u0103 de rulat"},"previousItem":{"@type":"ListItem","@id":"https:\/\/tabaccomd.com\/ro\/catalog\/#listItem","name":"Catalog"}},{"@type":"ListItem","@id":"https:\/\/tabaccomd.com\/ro\/product-category\/totul-pentru-rulat\/masina-de-rulat\/#listItem","position":4,"name":"Ma\u0219in\u0103 de rulat","item":"https:\/\/tabaccomd.com\/ro\/product-category\/totul-pentru-rulat\/masina-de-rulat\/","nextItem":{"@type":"ListItem","@id":"https:\/\/tabaccomd.com\/ro\/product\/masina-pentru-maneci-powermatic-ii-plus\/#listItem","name":"Ma\u0219inu\u021b\u0103 pentru tuburi Powermatic II Plus"},"previousItem":{"@type":"ListItem","@id":"https:\/\/tabaccomd.com\/ro\/product-category\/totul-pentru-rulat\/#listItem","name":"Totul pentru rulat"}},{"@type":"ListItem","@id":"https:\/\/tabaccomd.com\/ro\/product\/masina-pentru-maneci-powermatic-ii-plus\/#listItem","position":5,"name":"Ma\u0219inu\u021b\u0103 pentru tuburi Powermatic II Plus","previousItem":{"@type":"ListItem","@id":"https:\/\/tabaccomd.com\/ro\/product-category\/totul-pentru-rulat\/masina-de-rulat\/#listItem","name":"Ma\u0219in\u0103 de rulat"}}]},{"@type":"Organization","@id":"https:\/\/tabaccomd.com\/ro\/#organization","name":"Tabacco House","description":"\u041c\u0430\u0433\u0430\u0437\u0438\u043d \u0442\u0430\u0431\u0430\u0447\u043d\u044b\u0445 \u0438\u0437\u0434\u0435\u043b\u0438\u0439","url":"https:\/\/tabaccomd.com\/ro\/","email":"Office@cazacuhouse.com","telephone":"+37361000935","logo":{"@type":"ImageObject","url":"https:\/\/tabaccomd.com\/wp-content\/uploads\/2024\/02\/logo_header3.png","@id":"https:\/\/tabaccomd.com\/ro\/product\/masina-pentru-maneci-powermatic-ii-plus\/#organizationLogo","width":32,"height":32,"caption":"Tabacco House"},"image":{"@id":"https:\/\/tabaccomd.com\/ro\/product\/masina-pentru-maneci-powermatic-ii-plus\/#organizationLogo"},"sameAs":["https:\/\/www.facebook.com\/tabaccomd.com\/","https:\/\/www.instagram.com\/tabaccomd.com\/"],"address":{"@id":"https:\/\/tabaccomd.com\/ro\/#postaladdress","@type":"PostalAddress","streetAddress":"Strada Albi\u015foara 4, Chi\u0219in\u0103u, Bulevardul \u0218tefan cel Mare \u0219i Sf\u00eent 136, Chi\u0219in\u0103u","addressLocality":"Chi\u0219in\u0103u","addressCountry":"MD"}},{"@type":"Product","@id":"https:\/\/tabaccomd.com\/ro\/product\/masina-pentru-maneci-powermatic-ii-plus\/#wooCommerceProduct","name":"Ma\u0219inu\u021b\u0103 pentru tuburi Powermatic II Plus","description":"Culoare: Neagr\u0103\r\n \tTip: Electric\u0103\r\n \tBrand: Powermatic\r\n \tMaterial: Metal","url":"https:\/\/tabaccomd.com\/ro\/product\/masina-pentru-maneci-powermatic-ii-plus\/","sku":"016080","image":{"@type":"ImageObject","url":"https:\/\/tabaccomd.com\/wp-content\/uploads\/2022\/12\/cigarette-machine-powermatic-II-plus-3.jpg","@id":"https:\/\/tabaccomd.com\/ro\/product\/masina-pentru-maneci-powermatic-ii-plus\/#productImage","width":1200,"height":1200,"caption":"cigarette-machine-powermatic-II-plus-3"},"offers":{"@type":"Offer","url":"https:\/\/tabaccomd.com\/ro\/product\/masina-pentru-maneci-powermatic-ii-plus\/#wooCommerceOffer","price":2950,"priceCurrency":"MDL","category":"Ma\u0219in\u0103 de rulat","availability":"https:\/\/schema.org\/InStock","priceSpecification":{"@type":"PriceSpecification","price":2950,"priceCurrency":"MDL","valueAddedTaxIncluded":"true"},"seller":{"@type":"Organization","@id":"https:\/\/tabaccomd.com\/ro\/#organization"}}},{"@type":"WebPage","@id":"https:\/\/tabaccomd.com\/ro\/product\/masina-pentru-maneci-powermatic-ii-plus\/#webpage","url":"https:\/\/tabaccomd.com\/ro\/product\/masina-pentru-maneci-powermatic-ii-plus\/","name":"Ma\u0219inu\u021b\u0103 pentru tuburi Powermatic II Plus \u2013 Tabacco House","inLanguage":"ro-RO","isPartOf":{"@id":"https:\/\/tabaccomd.com\/ro\/#website"},"breadcrumb":{"@id":"https:\/\/tabaccomd.com\/ro\/product\/masina-pentru-maneci-powermatic-ii-plus\/#breadcrumblist"},"image":{"@type":"ImageObject","url":"https:\/\/tabaccomd.com\/wp-content\/uploads\/2022\/12\/cigarette-machine-powermatic-II-plus-3.jpg","@id":"https:\/\/tabaccomd.com\/ro\/product\/masina-pentru-maneci-powermatic-ii-plus\/#mainImage","width":1200,"height":1200,"caption":"cigarette-machine-powermatic-II-plus-3"},"primaryImageOfPage":{"@id":"https:\/\/tabaccomd.com\/ro\/product\/masina-pentru-maneci-powermatic-ii-plus\/#mainImage"},"datePublished":"2022-12-09T14:39:48+03:00","dateModified":"2025-02-25T17:09:18+03:00"},{"@type":"WebSite","@id":"https:\/\/tabaccomd.com\/ro\/#website","url":"https:\/\/tabaccomd.com\/ro\/","name":"Tabacco House","alternateName":"tobaccomd.com","description":"\u041c\u0430\u0433\u0430\u0437\u0438\u043d \u0442\u0430\u0431\u0430\u0447\u043d\u044b\u0445 \u0438\u0437\u0434\u0435\u043b\u0438\u0439","inLanguage":"ro-RO","publisher":{"@id":"https:\/\/tabaccomd.com\/ro\/#organization"}}]},"og:locale":"ro_RO","og:site_name":"Tabacco House \u2013 \u041c\u0430\u0433\u0430\u0437\u0438\u043d \u0442\u0430\u0431\u0430\u0447\u043d\u044b\u0445 \u0438\u0437\u0434\u0435\u043b\u0438\u0439","og:type":"article","og:title":"Ma\u0219inu\u021b\u0103 pentru tuburi Powermatic II Plus \u2013 Tabacco House","og:url":"https:\/\/tabaccomd.com\/ro\/product\/masina-pentru-maneci-powermatic-ii-plus\/","article:published_time":"2022-12-09T11:39:48+00:00","article:modified_time":"2025-02-25T14:09:18+00:00","article:publisher":"https:\/\/www.facebook.com\/tabaccomd.com\/","twitter:card":"summary_large_image","twitter:title":"Ma\u0219inu\u021b\u0103 pentru tuburi Powermatic II Plus \u2013 Tabacco House"},"aioseo_meta_data":{"post_id":"19834","title":null,"description":null,"keywords":null,"keyphrases":null,"primary_term":null,"canonical_url":null,"og_title":null,"og_description":null,"og_object_type":"default","og_image_type":"default","og_image_url":null,"og_image_width":null,"og_image_height":null,"og_image_custom_url":null,"og_image_custom_fields":null,"og_video":null,"og_custom_url":null,"og_article_section":null,"og_article_tags":null,"twitter_use_og":false,"twitter_card":"default","twitter_image_type":"default","twitter_image_url":null,"twitter_image_custom_url":null,"twitter_image_custom_fields":null,"twitter_title":null,"twitter_description":null,"schema":{"blockGraphs":[],"customGraphs":[],"default":{"data":{"Article":[],"Course":[],"Dataset":[],"FAQPage":[],"Movie":[],"Person":[],"Product":[],"ProductReview":[],"Car":[],"Recipe":[],"Service":[],"SoftwareApplication":[],"WebPage":[]},"graphName":"","isEnabled":true},"graphs":[]},"schema_type":"default","schema_type_options":null,"pillar_content":false,"robots_default":true,"robots_noindex":false,"robots_noarchive":false,"robots_nosnippet":false,"robots_nofollow":false,"robots_noimageindex":false,"robots_noodp":false,"robots_notranslate":false,"robots_max_snippet":null,"robots_max_videopreview":null,"robots_max_imagepreview":"large","priority":null,"frequency":null,"local_seo":null,"seo_analyzer_scan_date":"2025-10-20 05:45:13","breadcrumb_settings":null,"limit_modified_date":false,"reviewed_by":null,"open_ai":null,"ai":null,"created":"2023-03-30 14:13:46","updated":"2025-10-20 05:45:13"},"aioseo_breadcrumb":"<div class=\"aioseo-breadcrumbs\"><span class=\"aioseo-breadcrumb\">\n\t<a href=\"https:\/\/tabaccomd.com\/ro\/\" title=\"\u0413\u043b\u0430\u0432\u043d\u0430\u044f\">\u0413\u043b\u0430\u0432\u043d\u0430\u044f<\/a>\n<\/span><span class=\"aioseo-breadcrumb-separator\">\u00bb<\/span><span class=\"aioseo-breadcrumb\">\n\t<a href=\"https:\/\/tabaccomd.com\/ro\/catalog\/\" title=\"Catalog\">Catalog<\/a>\n<\/span><span class=\"aioseo-breadcrumb-separator\">\u00bb<\/span><span class=\"aioseo-breadcrumb\">\n\t<a href=\"https:\/\/tabaccomd.com\/ro\/product-category\/totul-pentru-rulat\/\" title=\"Totul pentru rulat\">Totul pentru rulat<\/a>\n<\/span><span class=\"aioseo-breadcrumb-separator\">\u00bb<\/span><span class=\"aioseo-breadcrumb\">\n\t<a href=\"https:\/\/tabaccomd.com\/ro\/product-category\/totul-pentru-rulat\/masina-de-rulat\/\" title=\"Ma\u0219in\u0103 de rulat\">Ma\u0219in\u0103 de rulat<\/a>\n<\/span><span class=\"aioseo-breadcrumb-separator\">\u00bb<\/span><span class=\"aioseo-breadcrumb\">\n\tMa\u0219inu\u021b\u0103 pentru tuburi Powermatic II Plus\n<\/span><\/div>","aioseo_breadcrumb_json":[{"label":"\u0413\u043b\u0430\u0432\u043d\u0430\u044f","link":"https:\/\/tabaccomd.com\/ro\/"},{"label":"Catalog","link":"https:\/\/tabaccomd.com\/ro\/catalog\/"},{"label":"Totul pentru rulat","link":"https:\/\/tabaccomd.com\/ro\/product-category\/totul-pentru-rulat\/"},{"label":"Ma\u0219in\u0103 de rulat","link":"https:\/\/tabaccomd.com\/ro\/product-category\/totul-pentru-rulat\/masina-de-rulat\/"},{"label":"Ma\u0219inu\u021b\u0103 pentru tuburi Powermatic II Plus","link":"https:\/\/tabaccomd.com\/ro\/product\/masina-pentru-maneci-powermatic-ii-plus\/"}],"images_for_1c":[{"url":"https:\/\/tabaccomd.com\/wp-content\/uploads\/2022\/12\/cigarette-machine-powermatic-II-plus-3.jpg","type":"featured","alt":"cigarette-machine-powermatic-II-plus-3","filename":"cigarette-machine-powermatic-II-plus-3.jpg"},{"url":"https:\/\/tabaccomd.com\/wp-content\/uploads\/2022\/12\/cigarette-machine-powermatic-II-plus.jpg","type":"gallery","alt":"cigarette-machine-powermatic-II-plus","filename":"cigarette-machine-powermatic-II-plus.jpg"},{"url":"https:\/\/tabaccomd.com\/wp-content\/uploads\/2022\/12\/cigarette-machine-powermatic-II-plus-1.jpg","type":"gallery","alt":"cigarette-machine-powermatic-II-plus-1","filename":"cigarette-machine-powermatic-II-plus-1.jpg"},{"url":"https:\/\/tabaccomd.com\/wp-content\/uploads\/2022\/12\/cigarette-machine-powermatic-II-plus-0.jpg","type":"gallery","alt":"cigarette-machine-powermatic-II-plus-0","filename":"cigarette-machine-powermatic-II-plus-0.jpg"}],"additional_data_1c":{"modified_date":"2025-02-25 17:09:18","permalink":"https:\/\/tabaccomd.com\/ro\/product\/masina-pentru-maneci-powermatic-ii-plus\/","stock_status":"instock","manage_stock":"no"},"_links":{"self":[{"href":"https:\/\/tabaccomd.com\/ro\/wp-json\/wp\/v2\/product\/19834","targetHints":{"allow":["GET"]}}],"collection":[{"href":"https:\/\/tabaccomd.com\/ro\/wp-json\/wp\/v2\/product"}],"about":[{"href":"https:\/\/tabaccomd.com\/ro\/wp-json\/wp\/v2\/types\/product"}],"wp:featuredmedia":[{"embeddable":true,"href":"https:\/\/tabaccomd.com\/ro\/wp-json\/wp\/v2\/media\/146842"}],"wp:attachment":[{"href":"https:\/\/tabaccomd.com\/ro\/wp-json\/wp\/v2\/media?parent=19834"}],"wp:term":[{"taxonomy":"product_brand","embeddable":true,"href":"https:\/\/tabaccomd.com\/ro\/wp-json\/wp\/v2\/product_brand?post=19834"},{"taxonomy":"product_cat","embeddable":true,"href":"https:\/\/tabaccomd.com\/ro\/wp-json\/wp\/v2\/product_cat?post=19834"},{"taxonomy":"product_tag","embeddable":true,"href":"https:\/\/tabaccomd.com\/ro\/wp-json\/wp\/v2\/product_tag?post=19834"}],"curies":[{"name":"wp","href":"https:\/\/api.w.org\/{rel}","templated":true}]}}