{"id":19824,"date":"2022-12-07T14:17:54","date_gmt":"2022-12-07T11:17:54","guid":{"rendered":"https:\/\/new124.tabaccomd.com\/product\/volcan-de-mi-tierra-blanco-0-7-l\/"},"modified":"2025-10-02T13:25:20","modified_gmt":"2025-10-02T10:25:20","slug":"tequila-volcan-de-mi-tierra-blanco-0-7-l","status":"publish","type":"product","link":"https:\/\/tabaccomd.com\/ro\/product\/tequila-volcan-de-mi-tierra-blanco-0-7-l\/","title":{"rendered":"Tequila Volcan de Mi Tierra Blanco 0.7l"},"content":{"rendered":"<p class=\"sr-only\">Volcan de Mi Tierra Blanco <span style=\"font-size: 14px;\">\u2014 <a href=\"https:\/\/tabaccomd.com\/ro\/product-category\/alcool-2\/tequila-2\/\">tequila <\/a>mexican\u0103 premium, creat\u0103 din 100 % agave Blue Weber, cultivat\u0103 \u00een regiunea Jalisco. Blendul combin\u0103 agave din p\u0103durile joase ( <\/span>(Lowlands) \u0219i din zonele \u00eenalte (Highlands), ceea ce \u00eei confer\u0103 un profil aromat complex, echilibrat \u0219i vibrant. Aroma este proasp\u0103t\u0103 \u0219i erbacee: agave g\u0103tit, coaj\u0103 de lime \u0219i grapefruit, note florale (iasomie, floare de portocal) \u0219i u\u0219oare accente minerale ce aduc senza\u021bia solului vulcanic. Gustul este clar \u0219i plin: dulcea\u021b\u0103 natural\u0103 de agave, citrice vii, o atingere de piper negru \u0219i condimente u\u0219oare, toate \u00eentr-o textur\u0103 neted\u0103, cu un final curat \u0219i persistent. Volcan de Mi Tierra Blanco<span style=\"font-size: 14px;\"> este ideal\u0103 pentru savurare simpl\u0103, cu ghea\u021b\u0103 sau \u00een cocktailuri rafinate precum Margarita sau Paloma, unde notele sale proaspete \u0219i aromele complexe se eviden\u021biaz\u0103 cel mai bine.<\/span><\/p>\n<p>Pute\u021bi achizi\u021biona tequila Volcan de Mi Tierra Blanco 0.7l \u00een Moldova, Chi\u0219in\u0103u, \u00een re\u021beaua de magazine Tabacco House.<\/p>\n","protected":false},"excerpt":{"rendered":"<ul>\n<li>\u021aara produc\u0103torului: Mexic<\/li>\n<li>Produc\u0103tor: <span class=\"relative -mx-px my-[-0.2rem] rounded px-px py-[0.2rem] transition-colors duration-100 ease-in-out\">Volc\u00e1n de Mi Tierra Distillery<\/span><\/li>\n<li class=\"\" data-start=\"162\" data-end=\"212\">Tip: Tequila Blanco (ne\u00eemb\u0103tr\u00e2nit\u0103)<\/li>\n<li class=\"\" data-start=\"213\" data-end=\"269\">\u041a\u0430\u0442\u0435\u0433\u043e\u0440\u0438\u044f: <span class=\"relative -mx-px my-[-0.2rem] rounded px-px py-[0.2rem] transition-colors duration-100 ease-in-out\">100% \u0433\u043e\u043b\u0443\u0431\u0430\u044f \u0430\u0433\u0430\u0432\u0430<\/span><\/li>\n<li class=\"\" data-start=\"270\" data-end=\"325\">T\u0103rie: 40%<\/li>\n<li class=\"\" data-start=\"326\" data-end=\"378\">Volum: 0,7l<\/li>\n<\/ul>\n","protected":false},"featured_media":154556,"template":"","meta":{"om_disable_all_campaigns":false,"_monsterinsights_skip_tracking":false,"_monsterinsights_sitenote_active":false,"_monsterinsights_sitenote_note":"","_monsterinsights_sitenote_category":0},"product_brand":[],"product_cat":[222],"product_tag":[],"class_list":{"0":"post-19824","1":"product","2":"type-product","3":"status-publish","4":"has-post-thumbnail","6":"product_cat-tequila-2","8":"first","9":"instock","10":"taxable","11":"shipping-taxable","12":"purchasable","13":"product-type-simple"},"aioseo_notices":[],"aioseo_head":"\n\t\t<!-- All in One SEO Pro 4.9.6.2 - aioseo.com -->\n\t<meta name=\"robots\" content=\"max-image-preview:large\" \/>\n\t<link rel=\"canonical\" href=\"https:\/\/tabaccomd.com\/ro\/product\/tequila-volcan-de-mi-tierra-blanco-0-7-l\/\" \/>\n\t<meta name=\"generator\" content=\"All in One SEO Pro (AIOSEO) 4.9.6.2\" \/>\n\t\t<meta property=\"og:locale\" content=\"ro_RO\" \/>\n\t\t<meta property=\"og:site_name\" content=\"Tabacco House \u2013 \u041c\u0430\u0433\u0430\u0437\u0438\u043d \u0442\u0430\u0431\u0430\u0447\u043d\u044b\u0445 \u0438\u0437\u0434\u0435\u043b\u0438\u0439\" \/>\n\t\t<meta property=\"og:type\" content=\"article\" \/>\n\t\t<meta property=\"og:title\" content=\"Tequila Volcan de Mi Tierra Blanco 0.7l \u2013 Tabacco House\" \/>\n\t\t<meta property=\"og:url\" content=\"https:\/\/tabaccomd.com\/ro\/product\/tequila-volcan-de-mi-tierra-blanco-0-7-l\/\" \/>\n\t\t<meta property=\"article:published_time\" content=\"2022-12-07T11:17:54+00:00\" \/>\n\t\t<meta property=\"article:modified_time\" content=\"2025-10-02T10:25:20+00:00\" \/>\n\t\t<meta property=\"article:publisher\" content=\"https:\/\/www.facebook.com\/tabaccomd.com\/\" \/>\n\t\t<meta name=\"twitter:card\" content=\"summary_large_image\" \/>\n\t\t<meta name=\"twitter:title\" content=\"Tequila Volcan de Mi Tierra Blanco 0.7l \u2013 Tabacco House\" \/>\n\t\t<script type=\"application\/ld+json\" class=\"aioseo-schema\">\n\t\t\t{\"@context\":\"https:\\\/\\\/schema.org\",\"@graph\":[{\"@type\":\"BreadcrumbList\",\"@id\":\"https:\\\/\\\/tabaccomd.com\\\/ro\\\/product\\\/tequila-volcan-de-mi-tierra-blanco-0-7-l\\\/#breadcrumblist\",\"itemListElement\":[{\"@type\":\"ListItem\",\"@id\":\"https:\\\/\\\/tabaccomd.com\\\/ro\\\/#listItem\",\"position\":1,\"name\":\"\\u0413\\u043b\\u0430\\u0432\\u043d\\u0430\\u044f\",\"item\":\"https:\\\/\\\/tabaccomd.com\\\/ro\\\/\",\"nextItem\":{\"@type\":\"ListItem\",\"@id\":\"https:\\\/\\\/tabaccomd.com\\\/ro\\\/catalog\\\/#listItem\",\"name\":\"Catalog\"}},{\"@type\":\"ListItem\",\"@id\":\"https:\\\/\\\/tabaccomd.com\\\/ro\\\/catalog\\\/#listItem\",\"position\":2,\"name\":\"Catalog\",\"item\":\"https:\\\/\\\/tabaccomd.com\\\/ro\\\/catalog\\\/\",\"nextItem\":{\"@type\":\"ListItem\",\"@id\":\"https:\\\/\\\/tabaccomd.com\\\/ro\\\/product-category\\\/alcool-2\\\/#listItem\",\"name\":\"Alcool\"},\"previousItem\":{\"@type\":\"ListItem\",\"@id\":\"https:\\\/\\\/tabaccomd.com\\\/ro\\\/#listItem\",\"name\":\"\\u0413\\u043b\\u0430\\u0432\\u043d\\u0430\\u044f\"}},{\"@type\":\"ListItem\",\"@id\":\"https:\\\/\\\/tabaccomd.com\\\/ro\\\/product-category\\\/alcool-2\\\/#listItem\",\"position\":3,\"name\":\"Alcool\",\"item\":\"https:\\\/\\\/tabaccomd.com\\\/ro\\\/product-category\\\/alcool-2\\\/\",\"nextItem\":{\"@type\":\"ListItem\",\"@id\":\"https:\\\/\\\/tabaccomd.com\\\/ro\\\/product-category\\\/alcool-2\\\/tequila-2\\\/#listItem\",\"name\":\"Tequila\"},\"previousItem\":{\"@type\":\"ListItem\",\"@id\":\"https:\\\/\\\/tabaccomd.com\\\/ro\\\/catalog\\\/#listItem\",\"name\":\"Catalog\"}},{\"@type\":\"ListItem\",\"@id\":\"https:\\\/\\\/tabaccomd.com\\\/ro\\\/product-category\\\/alcool-2\\\/tequila-2\\\/#listItem\",\"position\":4,\"name\":\"Tequila\",\"item\":\"https:\\\/\\\/tabaccomd.com\\\/ro\\\/product-category\\\/alcool-2\\\/tequila-2\\\/\",\"nextItem\":{\"@type\":\"ListItem\",\"@id\":\"https:\\\/\\\/tabaccomd.com\\\/ro\\\/product\\\/tequila-volcan-de-mi-tierra-blanco-0-7-l\\\/#listItem\",\"name\":\"Tequila Volcan de Mi Tierra Blanco 0.7l\"},\"previousItem\":{\"@type\":\"ListItem\",\"@id\":\"https:\\\/\\\/tabaccomd.com\\\/ro\\\/product-category\\\/alcool-2\\\/#listItem\",\"name\":\"Alcool\"}},{\"@type\":\"ListItem\",\"@id\":\"https:\\\/\\\/tabaccomd.com\\\/ro\\\/product\\\/tequila-volcan-de-mi-tierra-blanco-0-7-l\\\/#listItem\",\"position\":5,\"name\":\"Tequila Volcan de Mi Tierra Blanco 0.7l\",\"previousItem\":{\"@type\":\"ListItem\",\"@id\":\"https:\\\/\\\/tabaccomd.com\\\/ro\\\/product-category\\\/alcool-2\\\/tequila-2\\\/#listItem\",\"name\":\"Tequila\"}}]},{\"@type\":\"Organization\",\"@id\":\"https:\\\/\\\/tabaccomd.com\\\/ro\\\/#organization\",\"name\":\"Tabacco House\",\"description\":\"\\u041c\\u0430\\u0433\\u0430\\u0437\\u0438\\u043d \\u0442\\u0430\\u0431\\u0430\\u0447\\u043d\\u044b\\u0445 \\u0438\\u0437\\u0434\\u0435\\u043b\\u0438\\u0439\",\"url\":\"https:\\\/\\\/tabaccomd.com\\\/ro\\\/\",\"email\":\"Office@cazacuhouse.com\",\"telephone\":\"+37361000935\",\"logo\":{\"@type\":\"ImageObject\",\"url\":\"https:\\\/\\\/tabaccomd.com\\\/wp-content\\\/uploads\\\/2024\\\/02\\\/logo_header3.png\",\"@id\":\"https:\\\/\\\/tabaccomd.com\\\/ro\\\/product\\\/tequila-volcan-de-mi-tierra-blanco-0-7-l\\\/#organizationLogo\",\"width\":32,\"height\":32,\"caption\":\"Tabacco House\"},\"image\":{\"@id\":\"https:\\\/\\\/tabaccomd.com\\\/ro\\\/product\\\/tequila-volcan-de-mi-tierra-blanco-0-7-l\\\/#organizationLogo\"},\"sameAs\":[\"https:\\\/\\\/www.facebook.com\\\/tabaccomd.com\\\/\",\"https:\\\/\\\/www.instagram.com\\\/tabaccomd.com\\\/\"],\"address\":{\"@id\":\"https:\\\/\\\/tabaccomd.com\\\/ro\\\/#postaladdress\",\"@type\":\"PostalAddress\",\"streetAddress\":\"Strada Albi\\u015foara 4, Chi\\u0219in\\u0103u, Bulevardul \\u0218tefan cel Mare \\u0219i Sf\\u00eent 136, Chi\\u0219in\\u0103u\",\"addressLocality\":\"Chi\\u0219in\\u0103u\",\"addressCountry\":\"MD\"}},{\"@type\":\"Product\",\"@id\":\"https:\\\/\\\/tabaccomd.com\\\/ro\\\/product\\\/tequila-volcan-de-mi-tierra-blanco-0-7-l\\\/#wooCommerceProduct\",\"name\":\"Tequila Volcan de Mi Tierra Blanco 0.7l\",\"description\":\"\\u021aara produc\\u0103torului: Mexic\\n \\tProduc\\u0103tor: Volc\\u00e1n de Mi Tierra Distillery\\n \\tTip: Tequila Blanco (ne\\u00eemb\\u0103tr\\u00e2nit\\u0103)\\n \\t\\u041a\\u0430\\u0442\\u0435\\u0433\\u043e\\u0440\\u0438\\u044f: 100% \\u0433\\u043e\\u043b\\u0443\\u0431\\u0430\\u044f \\u0430\\u0433\\u0430\\u0432\\u0430\\n \\tT\\u0103rie: 40%\\n \\tVolum: 0,7l\",\"url\":\"https:\\\/\\\/tabaccomd.com\\\/ro\\\/product\\\/tequila-volcan-de-mi-tierra-blanco-0-7-l\\\/\",\"sku\":\"3055s\",\"image\":{\"@type\":\"ImageObject\",\"url\":\"https:\\\/\\\/tabaccomd.com\\\/wp-content\\\/uploads\\\/2022\\\/12\\\/tequila-volcan-de-mi-tierra-blanco.jpg\",\"@id\":\"https:\\\/\\\/tabaccomd.com\\\/ro\\\/product\\\/tequila-volcan-de-mi-tierra-blanco-0-7-l\\\/#productImage\",\"width\":1200,\"height\":1200},\"offers\":{\"@type\":\"Offer\",\"url\":\"https:\\\/\\\/tabaccomd.com\\\/ro\\\/product\\\/tequila-volcan-de-mi-tierra-blanco-0-7-l\\\/#wooCommerceOffer\",\"price\":1235,\"priceCurrency\":\"MDL\",\"category\":\"Tequila\",\"availability\":\"https:\\\/\\\/schema.org\\\/InStock\",\"priceSpecification\":{\"@type\":\"PriceSpecification\",\"price\":1235,\"priceCurrency\":\"MDL\",\"valueAddedTaxIncluded\":\"true\"},\"seller\":{\"@type\":\"Organization\",\"@id\":\"https:\\\/\\\/tabaccomd.com\\\/ro\\\/#organization\"}}},{\"@type\":\"WebPage\",\"@id\":\"https:\\\/\\\/tabaccomd.com\\\/ro\\\/product\\\/tequila-volcan-de-mi-tierra-blanco-0-7-l\\\/#webpage\",\"url\":\"https:\\\/\\\/tabaccomd.com\\\/ro\\\/product\\\/tequila-volcan-de-mi-tierra-blanco-0-7-l\\\/\",\"name\":\"Tequila Volcan de Mi Tierra Blanco 0.7l \\u2013 Tabacco House\",\"inLanguage\":\"ro-RO\",\"isPartOf\":{\"@id\":\"https:\\\/\\\/tabaccomd.com\\\/ro\\\/#website\"},\"breadcrumb\":{\"@id\":\"https:\\\/\\\/tabaccomd.com\\\/ro\\\/product\\\/tequila-volcan-de-mi-tierra-blanco-0-7-l\\\/#breadcrumblist\"},\"image\":{\"@type\":\"ImageObject\",\"url\":\"https:\\\/\\\/tabaccomd.com\\\/wp-content\\\/uploads\\\/2022\\\/12\\\/tequila-volcan-de-mi-tierra-blanco.jpg\",\"@id\":\"https:\\\/\\\/tabaccomd.com\\\/ro\\\/product\\\/tequila-volcan-de-mi-tierra-blanco-0-7-l\\\/#mainImage\",\"width\":1200,\"height\":1200},\"primaryImageOfPage\":{\"@id\":\"https:\\\/\\\/tabaccomd.com\\\/ro\\\/product\\\/tequila-volcan-de-mi-tierra-blanco-0-7-l\\\/#mainImage\"},\"datePublished\":\"2022-12-07T14:17:54+03:00\",\"dateModified\":\"2025-10-02T13:25:20+03:00\"},{\"@type\":\"WebSite\",\"@id\":\"https:\\\/\\\/tabaccomd.com\\\/ro\\\/#website\",\"url\":\"https:\\\/\\\/tabaccomd.com\\\/ro\\\/\",\"name\":\"Tabacco House\",\"alternateName\":\"tobaccomd.com\",\"description\":\"\\u041c\\u0430\\u0433\\u0430\\u0437\\u0438\\u043d \\u0442\\u0430\\u0431\\u0430\\u0447\\u043d\\u044b\\u0445 \\u0438\\u0437\\u0434\\u0435\\u043b\\u0438\\u0439\",\"inLanguage\":\"ro-RO\",\"publisher\":{\"@id\":\"https:\\\/\\\/tabaccomd.com\\\/ro\\\/#organization\"}}]}\n\t\t<\/script>\n\t\t<!-- All in One SEO Pro -->\r\n\t\t<title>Tequila Volcan de Mi Tierra Blanco 0.7l \u2013 Tabacco House<\/title>\n\n","aioseo_head_json":{"title":"Tequila Volcan de Mi Tierra Blanco 0.7l \u2013 Tabacco House","description":"","canonical_url":"https:\/\/tabaccomd.com\/ro\/product\/tequila-volcan-de-mi-tierra-blanco-0-7-l\/","robots":"max-image-preview:large","keywords":"","webmasterTools":{"miscellaneous":""},"schema":{"@context":"https:\/\/schema.org","@graph":[{"@type":"BreadcrumbList","@id":"https:\/\/tabaccomd.com\/ro\/product\/tequila-volcan-de-mi-tierra-blanco-0-7-l\/#breadcrumblist","itemListElement":[{"@type":"ListItem","@id":"https:\/\/tabaccomd.com\/ro\/#listItem","position":1,"name":"\u0413\u043b\u0430\u0432\u043d\u0430\u044f","item":"https:\/\/tabaccomd.com\/ro\/","nextItem":{"@type":"ListItem","@id":"https:\/\/tabaccomd.com\/ro\/catalog\/#listItem","name":"Catalog"}},{"@type":"ListItem","@id":"https:\/\/tabaccomd.com\/ro\/catalog\/#listItem","position":2,"name":"Catalog","item":"https:\/\/tabaccomd.com\/ro\/catalog\/","nextItem":{"@type":"ListItem","@id":"https:\/\/tabaccomd.com\/ro\/product-category\/alcool-2\/#listItem","name":"Alcool"},"previousItem":{"@type":"ListItem","@id":"https:\/\/tabaccomd.com\/ro\/#listItem","name":"\u0413\u043b\u0430\u0432\u043d\u0430\u044f"}},{"@type":"ListItem","@id":"https:\/\/tabaccomd.com\/ro\/product-category\/alcool-2\/#listItem","position":3,"name":"Alcool","item":"https:\/\/tabaccomd.com\/ro\/product-category\/alcool-2\/","nextItem":{"@type":"ListItem","@id":"https:\/\/tabaccomd.com\/ro\/product-category\/alcool-2\/tequila-2\/#listItem","name":"Tequila"},"previousItem":{"@type":"ListItem","@id":"https:\/\/tabaccomd.com\/ro\/catalog\/#listItem","name":"Catalog"}},{"@type":"ListItem","@id":"https:\/\/tabaccomd.com\/ro\/product-category\/alcool-2\/tequila-2\/#listItem","position":4,"name":"Tequila","item":"https:\/\/tabaccomd.com\/ro\/product-category\/alcool-2\/tequila-2\/","nextItem":{"@type":"ListItem","@id":"https:\/\/tabaccomd.com\/ro\/product\/tequila-volcan-de-mi-tierra-blanco-0-7-l\/#listItem","name":"Tequila Volcan de Mi Tierra Blanco 0.7l"},"previousItem":{"@type":"ListItem","@id":"https:\/\/tabaccomd.com\/ro\/product-category\/alcool-2\/#listItem","name":"Alcool"}},{"@type":"ListItem","@id":"https:\/\/tabaccomd.com\/ro\/product\/tequila-volcan-de-mi-tierra-blanco-0-7-l\/#listItem","position":5,"name":"Tequila Volcan de Mi Tierra Blanco 0.7l","previousItem":{"@type":"ListItem","@id":"https:\/\/tabaccomd.com\/ro\/product-category\/alcool-2\/tequila-2\/#listItem","name":"Tequila"}}]},{"@type":"Organization","@id":"https:\/\/tabaccomd.com\/ro\/#organization","name":"Tabacco House","description":"\u041c\u0430\u0433\u0430\u0437\u0438\u043d \u0442\u0430\u0431\u0430\u0447\u043d\u044b\u0445 \u0438\u0437\u0434\u0435\u043b\u0438\u0439","url":"https:\/\/tabaccomd.com\/ro\/","email":"Office@cazacuhouse.com","telephone":"+37361000935","logo":{"@type":"ImageObject","url":"https:\/\/tabaccomd.com\/wp-content\/uploads\/2024\/02\/logo_header3.png","@id":"https:\/\/tabaccomd.com\/ro\/product\/tequila-volcan-de-mi-tierra-blanco-0-7-l\/#organizationLogo","width":32,"height":32,"caption":"Tabacco House"},"image":{"@id":"https:\/\/tabaccomd.com\/ro\/product\/tequila-volcan-de-mi-tierra-blanco-0-7-l\/#organizationLogo"},"sameAs":["https:\/\/www.facebook.com\/tabaccomd.com\/","https:\/\/www.instagram.com\/tabaccomd.com\/"],"address":{"@id":"https:\/\/tabaccomd.com\/ro\/#postaladdress","@type":"PostalAddress","streetAddress":"Strada Albi\u015foara 4, Chi\u0219in\u0103u, Bulevardul \u0218tefan cel Mare \u0219i Sf\u00eent 136, Chi\u0219in\u0103u","addressLocality":"Chi\u0219in\u0103u","addressCountry":"MD"}},{"@type":"Product","@id":"https:\/\/tabaccomd.com\/ro\/product\/tequila-volcan-de-mi-tierra-blanco-0-7-l\/#wooCommerceProduct","name":"Tequila Volcan de Mi Tierra Blanco 0.7l","description":"\u021aara produc\u0103torului: Mexic\n \tProduc\u0103tor: Volc\u00e1n de Mi Tierra Distillery\n \tTip: Tequila Blanco (ne\u00eemb\u0103tr\u00e2nit\u0103)\n \t\u041a\u0430\u0442\u0435\u0433\u043e\u0440\u0438\u044f: 100% \u0433\u043e\u043b\u0443\u0431\u0430\u044f \u0430\u0433\u0430\u0432\u0430\n \tT\u0103rie: 40%\n \tVolum: 0,7l","url":"https:\/\/tabaccomd.com\/ro\/product\/tequila-volcan-de-mi-tierra-blanco-0-7-l\/","sku":"3055s","image":{"@type":"ImageObject","url":"https:\/\/tabaccomd.com\/wp-content\/uploads\/2022\/12\/tequila-volcan-de-mi-tierra-blanco.jpg","@id":"https:\/\/tabaccomd.com\/ro\/product\/tequila-volcan-de-mi-tierra-blanco-0-7-l\/#productImage","width":1200,"height":1200},"offers":{"@type":"Offer","url":"https:\/\/tabaccomd.com\/ro\/product\/tequila-volcan-de-mi-tierra-blanco-0-7-l\/#wooCommerceOffer","price":1235,"priceCurrency":"MDL","category":"Tequila","availability":"https:\/\/schema.org\/InStock","priceSpecification":{"@type":"PriceSpecification","price":1235,"priceCurrency":"MDL","valueAddedTaxIncluded":"true"},"seller":{"@type":"Organization","@id":"https:\/\/tabaccomd.com\/ro\/#organization"}}},{"@type":"WebPage","@id":"https:\/\/tabaccomd.com\/ro\/product\/tequila-volcan-de-mi-tierra-blanco-0-7-l\/#webpage","url":"https:\/\/tabaccomd.com\/ro\/product\/tequila-volcan-de-mi-tierra-blanco-0-7-l\/","name":"Tequila Volcan de Mi Tierra Blanco 0.7l \u2013 Tabacco House","inLanguage":"ro-RO","isPartOf":{"@id":"https:\/\/tabaccomd.com\/ro\/#website"},"breadcrumb":{"@id":"https:\/\/tabaccomd.com\/ro\/product\/tequila-volcan-de-mi-tierra-blanco-0-7-l\/#breadcrumblist"},"image":{"@type":"ImageObject","url":"https:\/\/tabaccomd.com\/wp-content\/uploads\/2022\/12\/tequila-volcan-de-mi-tierra-blanco.jpg","@id":"https:\/\/tabaccomd.com\/ro\/product\/tequila-volcan-de-mi-tierra-blanco-0-7-l\/#mainImage","width":1200,"height":1200},"primaryImageOfPage":{"@id":"https:\/\/tabaccomd.com\/ro\/product\/tequila-volcan-de-mi-tierra-blanco-0-7-l\/#mainImage"},"datePublished":"2022-12-07T14:17:54+03:00","dateModified":"2025-10-02T13:25:20+03:00"},{"@type":"WebSite","@id":"https:\/\/tabaccomd.com\/ro\/#website","url":"https:\/\/tabaccomd.com\/ro\/","name":"Tabacco House","alternateName":"tobaccomd.com","description":"\u041c\u0430\u0433\u0430\u0437\u0438\u043d \u0442\u0430\u0431\u0430\u0447\u043d\u044b\u0445 \u0438\u0437\u0434\u0435\u043b\u0438\u0439","inLanguage":"ro-RO","publisher":{"@id":"https:\/\/tabaccomd.com\/ro\/#organization"}}]},"og:locale":"ro_RO","og:site_name":"Tabacco House \u2013 \u041c\u0430\u0433\u0430\u0437\u0438\u043d \u0442\u0430\u0431\u0430\u0447\u043d\u044b\u0445 \u0438\u0437\u0434\u0435\u043b\u0438\u0439","og:type":"article","og:title":"Tequila Volcan de Mi Tierra Blanco 0.7l \u2013 Tabacco House","og:url":"https:\/\/tabaccomd.com\/ro\/product\/tequila-volcan-de-mi-tierra-blanco-0-7-l\/","article:published_time":"2022-12-07T11:17:54+00:00","article:modified_time":"2025-10-02T10:25:20+00:00","article:publisher":"https:\/\/www.facebook.com\/tabaccomd.com\/","twitter:card":"summary_large_image","twitter:title":"Tequila Volcan de Mi Tierra Blanco 0.7l \u2013 Tabacco House"},"aioseo_meta_data":{"post_id":"19824","title":null,"description":null,"keywords":null,"keyphrases":{"focus":{"keyphrase":"","score":0,"analysis":{"keyphraseInTitle":{"score":0,"maxScore":9,"error":1}}},"additional":[]},"primary_term":null,"canonical_url":null,"og_title":null,"og_description":null,"og_object_type":"default","og_image_type":"default","og_image_url":null,"og_image_width":null,"og_image_height":null,"og_image_custom_url":null,"og_image_custom_fields":null,"og_video":"","og_custom_url":null,"og_article_section":null,"og_article_tags":null,"twitter_use_og":false,"twitter_card":"default","twitter_image_type":"default","twitter_image_url":null,"twitter_image_custom_url":null,"twitter_image_custom_fields":null,"twitter_title":null,"twitter_description":null,"schema":{"blockGraphs":[],"customGraphs":[],"default":{"data":{"Article":[],"Course":[],"Dataset":[],"FAQPage":[],"Movie":[],"Person":[],"Product":[],"ProductReview":[],"Car":[],"Recipe":[],"Service":[],"SoftwareApplication":[],"WebPage":[]},"graphName":"Product","isEnabled":true},"graphs":[]},"schema_type":"default","schema_type_options":null,"pillar_content":false,"robots_default":true,"robots_noindex":false,"robots_noarchive":false,"robots_nosnippet":false,"robots_nofollow":false,"robots_noimageindex":false,"robots_noodp":false,"robots_notranslate":false,"robots_max_snippet":"-1","robots_max_videopreview":"-1","robots_max_imagepreview":"large","priority":null,"frequency":"default","local_seo":null,"seo_analyzer_scan_date":"2025-10-20 05:36:31","breadcrumb_settings":null,"limit_modified_date":false,"reviewed_by":null,"open_ai":null,"ai":{"faqs":[],"keyPoints":[],"titles":[],"descriptions":[],"socialPosts":{"email":[],"linkedin":[],"twitter":[],"facebook":[],"instagram":[]}},"created":"2023-03-30 14:21:04","updated":"2025-10-20 05:36:31"},"aioseo_breadcrumb":"<div class=\"aioseo-breadcrumbs\"><span class=\"aioseo-breadcrumb\">\n\t<a href=\"https:\/\/tabaccomd.com\/ro\/\" title=\"\u0413\u043b\u0430\u0432\u043d\u0430\u044f\">\u0413\u043b\u0430\u0432\u043d\u0430\u044f<\/a>\n<\/span><span class=\"aioseo-breadcrumb-separator\">\u00bb<\/span><span class=\"aioseo-breadcrumb\">\n\t<a href=\"https:\/\/tabaccomd.com\/ro\/catalog\/\" title=\"Catalog\">Catalog<\/a>\n<\/span><span class=\"aioseo-breadcrumb-separator\">\u00bb<\/span><span class=\"aioseo-breadcrumb\">\n\t<a href=\"https:\/\/tabaccomd.com\/ro\/product-category\/alcool-2\/\" title=\"Alcool\">Alcool<\/a>\n<\/span><span class=\"aioseo-breadcrumb-separator\">\u00bb<\/span><span class=\"aioseo-breadcrumb\">\n\t<a href=\"https:\/\/tabaccomd.com\/ro\/product-category\/alcool-2\/tequila-2\/\" title=\"Tequila\">Tequila<\/a>\n<\/span><span class=\"aioseo-breadcrumb-separator\">\u00bb<\/span><span class=\"aioseo-breadcrumb\">\n\tTequila Volcan de Mi Tierra Blanco 0.7l\n<\/span><\/div>","aioseo_breadcrumb_json":[{"label":"\u0413\u043b\u0430\u0432\u043d\u0430\u044f","link":"https:\/\/tabaccomd.com\/ro\/"},{"label":"Catalog","link":"https:\/\/tabaccomd.com\/ro\/catalog\/"},{"label":"Alcool","link":"https:\/\/tabaccomd.com\/ro\/product-category\/alcool-2\/"},{"label":"Tequila","link":"https:\/\/tabaccomd.com\/ro\/product-category\/alcool-2\/tequila-2\/"},{"label":"Tequila Volcan de Mi Tierra Blanco 0.7l","link":"https:\/\/tabaccomd.com\/ro\/product\/tequila-volcan-de-mi-tierra-blanco-0-7-l\/"}],"images_for_1c":[{"url":"https:\/\/tabaccomd.com\/wp-content\/uploads\/2022\/12\/tequila-volcan-de-mi-tierra-blanco.jpg","type":"featured","alt":"tequila-volcan-de-mi-tierra-blanco","filename":"tequila-volcan-de-mi-tierra-blanco.jpg"},{"url":"https:\/\/tabaccomd.com\/wp-content\/uploads\/2022\/12\/tequila-volcan-de-mi-tierra-blanco-0.jpg","type":"gallery","alt":"tequila-volcan-de-mi-tierra-blanco-0","filename":"tequila-volcan-de-mi-tierra-blanco-0.jpg"},{"url":"https:\/\/tabaccomd.com\/wp-content\/uploads\/2022\/12\/tequila-volcan-de-mi-tierra-blanco-1.jpg","type":"gallery","alt":"tequila-volcan-de-mi-tierra-blanco-1","filename":"tequila-volcan-de-mi-tierra-blanco-1.jpg"},{"url":"https:\/\/tabaccomd.com\/wp-content\/uploads\/2022\/12\/tequila-volcan-de-mi-tierra-blanco-2.jpg","type":"gallery","alt":"tequila-volcan-de-mi-tierra-blanco-2","filename":"tequila-volcan-de-mi-tierra-blanco-2.jpg"}],"additional_data_1c":{"modified_date":"2025-10-02 13:25:20","permalink":"https:\/\/tabaccomd.com\/ro\/product\/tequila-volcan-de-mi-tierra-blanco-0-7-l\/","stock_status":"instock","manage_stock":"no"},"_links":{"self":[{"href":"https:\/\/tabaccomd.com\/ro\/wp-json\/wp\/v2\/product\/19824","targetHints":{"allow":["GET"]}}],"collection":[{"href":"https:\/\/tabaccomd.com\/ro\/wp-json\/wp\/v2\/product"}],"about":[{"href":"https:\/\/tabaccomd.com\/ro\/wp-json\/wp\/v2\/types\/product"}],"wp:featuredmedia":[{"embeddable":true,"href":"https:\/\/tabaccomd.com\/ro\/wp-json\/wp\/v2\/media\/154556"}],"wp:attachment":[{"href":"https:\/\/tabaccomd.com\/ro\/wp-json\/wp\/v2\/media?parent=19824"}],"wp:term":[{"taxonomy":"product_brand","embeddable":true,"href":"https:\/\/tabaccomd.com\/ro\/wp-json\/wp\/v2\/product_brand?post=19824"},{"taxonomy":"product_cat","embeddable":true,"href":"https:\/\/tabaccomd.com\/ro\/wp-json\/wp\/v2\/product_cat?post=19824"},{"taxonomy":"product_tag","embeddable":true,"href":"https:\/\/tabaccomd.com\/ro\/wp-json\/wp\/v2\/product_tag?post=19824"}],"curies":[{"name":"wp","href":"https:\/\/api.w.org\/{rel}","templated":true}]}}