{"id":19814,"date":"2026-02-27T13:45:42","date_gmt":"2026-02-27T10:45:42","guid":{"rendered":"https:\/\/new124.tabaccomd.com\/product\/hennessy-vsop-1-l-gift-box\/"},"modified":"2026-02-27T15:44:59","modified_gmt":"2026-02-27T12:44:59","slug":"coniac-hennessy-vsop-1-%d0%bb-gift-box","status":"publish","type":"product","link":"https:\/\/tabaccomd.com\/ro\/product\/coniac-hennessy-vsop-1-%d0%bb-gift-box\/","title":{"rendered":"Coniac Hennessy VSOP 1l"},"content":{"rendered":"<p data-start=\"0\" data-end=\"389\"><a href=\"https:\/\/tabaccomd.com\/ro\/product-category\/alcool-2\/coniac\/\">Coniacul<\/a> Hennessy V.S.O.P este b\u0103utura emblematic\u0103 a casei, devenind etalonul categoriei VSOP la nivel mondial. Istoria sa este str\u00e2ns legat\u0103 de comenzi regale \u0219i de tradi\u021biile seculare ale vinifica\u021biei franceze. Fiecare sticl\u0103 este rezultatul muncii meticuloase a comitetului de degustare, condus de maestrul din genera\u021bia a 8-a, Ren\u00e9 Fillioux de Gironde. Amestecul include peste 60 de spirite de cognac (eaux-de-vie) ob\u021binute din struguri de soiul Ugni Blanc, cultiva\u021bi \u00een cele mai bune patru regiuni ale provinciei Cognac. Spiritele sunt maturate \u00een butoaie de stejar limousin francez: cel mai t\u00e2n\u0103r are cel pu\u021bin 4 ani, iar cele mai vechi ajung p\u00e2n\u0103 la 15 ani. B\u0103utura se remarc\u0103 printr-un echilibru perfect \u00eentre t\u0103rie \u0219i fine\u021be. Culoarea sa este un chihlimbar str\u0103lucitor, cu reflexe aurii \u0219i rubinii, iar aroma dezv\u0103luie ini\u021bial note delicate de condimente \u2014 vanilie, cui\u0219oare \u0219i scor\u021bi\u0219oar\u0103 \u2014 urmate de accente subtile de p\u00e2ine pr\u0103jit\u0103 \u0219i caise coapte. Gustul este plin \u0219i catifelat, cu un echilibru armonios \u00eentre miere, lemn dulce, fructe confiate \u0219i migdale pr\u0103jite. Finalul este lung \u0219i memorabil, completat de nuan\u021be delicate de struguri proaspe\u021bi, transform\u00e2nd fiecare degustare \u00eentr-un adev\u0103rat ritual de savurare.<\/p>\n<p data-start=\"0\" data-end=\"389\">Pute\u021bi achizi\u021biona coniacul Hennessy VSOP 1l \u00een Moldova, Chi\u0219in\u0103u, \u00een re\u021beaua de magazine Tabacco House.<\/p>\n","protected":false},"excerpt":{"rendered":"<ul>\n<li>\u021aara produc\u0103torului: Oa\u0219ul Cognac, Fran\u021ba<\/li>\n<li>Produc\u0103tor: Jas Hennessy &amp; Co<\/li>\n<li>Tip: Coniac VSOP (Very Special Old Pale)<\/li>\n<li>T\u0103rie: 40%<\/li>\n<li>Volum: 1l<\/li>\n<\/ul>\n","protected":false},"featured_media":157083,"template":"","meta":{"om_disable_all_campaigns":false,"_monsterinsights_skip_tracking":false,"_monsterinsights_sitenote_active":false,"_monsterinsights_sitenote_note":"","_monsterinsights_sitenote_category":0},"product_brand":[],"product_cat":[220],"product_tag":[],"class_list":{"0":"post-19814","1":"product","2":"type-product","3":"status-publish","4":"has-post-thumbnail","6":"product_cat-coniac","8":"first","9":"instock","10":"taxable","11":"shipping-taxable","12":"purchasable","13":"product-type-simple"},"aioseo_notices":[],"aioseo_head":"\n\t\t<!-- All in One SEO Pro 4.9.5.2 - aioseo.com -->\n\t<meta name=\"description\" content=\"Coniac Hennessy VSOP 1l la Chi\u0219in\u0103u cu livrare. Pe site-ul nostru tabaccomd.com avem o selec\u021bie larg\u0103 de b\u0103uturi alcoolice de elit\u0103: whiskey, coniac, rom, gin, vin spumant... \u2b50\u2b50\u2b50\u2b50\u2b50\u260e 061-000-935\" \/>\n\t<meta name=\"robots\" content=\"max-image-preview:large\" \/>\n\t<link rel=\"canonical\" href=\"https:\/\/tabaccomd.com\/ro\/product\/coniac-hennessy-vsop-1-%d0%bb-gift-box\/\" \/>\n\t<meta name=\"generator\" content=\"All in One SEO Pro (AIOSEO) 4.9.5.2\" \/>\n\t\t<meta property=\"og:locale\" content=\"ro_RO\" \/>\n\t\t<meta property=\"og:site_name\" content=\"Tabacco House \u2013 \u041c\u0430\u0433\u0430\u0437\u0438\u043d \u0442\u0430\u0431\u0430\u0447\u043d\u044b\u0445 \u0438\u0437\u0434\u0435\u043b\u0438\u0439\" \/>\n\t\t<meta property=\"og:type\" content=\"article\" \/>\n\t\t<meta property=\"og:title\" content=\"Coniac Hennessy VSOP 1l cump\u0103ra\u021bi \u00een Chi\u0219in\u0103u \u2b50 \u2013 Tabacco House\" \/>\n\t\t<meta property=\"og:description\" content=\"Coniac Hennessy VSOP 1l la Chi\u0219in\u0103u cu livrare. Pe site-ul nostru tabaccomd.com avem o selec\u021bie larg\u0103 de b\u0103uturi alcoolice de elit\u0103: whiskey, coniac, rom, gin, vin spumant... \u2b50\u2b50\u2b50\u2b50\u2b50\u260e 061-000-935\" \/>\n\t\t<meta property=\"og:url\" content=\"https:\/\/tabaccomd.com\/ro\/product\/coniac-hennessy-vsop-1-%d0%bb-gift-box\/\" \/>\n\t\t<meta property=\"article:published_time\" content=\"2026-02-27T10:45:42+00:00\" \/>\n\t\t<meta property=\"article:modified_time\" content=\"2026-02-27T12:44:59+00:00\" \/>\n\t\t<meta property=\"article:publisher\" content=\"https:\/\/www.facebook.com\/tabaccomd.com\/\" \/>\n\t\t<meta name=\"twitter:card\" content=\"summary_large_image\" \/>\n\t\t<meta name=\"twitter:title\" content=\"Coniac Hennessy VSOP 1l cump\u0103ra\u021bi \u00een Chi\u0219in\u0103u \u2b50 \u2013 Tabacco House\" \/>\n\t\t<meta name=\"twitter:description\" content=\"Coniac Hennessy VSOP 1l la Chi\u0219in\u0103u cu livrare. Pe site-ul nostru tabaccomd.com avem o selec\u021bie larg\u0103 de b\u0103uturi alcoolice de elit\u0103: whiskey, coniac, rom, gin, vin spumant... \u2b50\u2b50\u2b50\u2b50\u2b50\u260e 061-000-935\" \/>\n\t\t<script type=\"application\/ld+json\" class=\"aioseo-schema\">\n\t\t\t{\"@context\":\"https:\\\/\\\/schema.org\",\"@graph\":[{\"@type\":\"BreadcrumbList\",\"@id\":\"https:\\\/\\\/tabaccomd.com\\\/ro\\\/product\\\/coniac-hennessy-vsop-1-%d0%bb-gift-box\\\/#breadcrumblist\",\"itemListElement\":[{\"@type\":\"ListItem\",\"@id\":\"https:\\\/\\\/tabaccomd.com\\\/ro\\\/#listItem\",\"position\":1,\"name\":\"\\u0413\\u043b\\u0430\\u0432\\u043d\\u0430\\u044f\",\"item\":\"https:\\\/\\\/tabaccomd.com\\\/ro\\\/\",\"nextItem\":{\"@type\":\"ListItem\",\"@id\":\"https:\\\/\\\/tabaccomd.com\\\/ro\\\/catalog\\\/#listItem\",\"name\":\"Catalog\"}},{\"@type\":\"ListItem\",\"@id\":\"https:\\\/\\\/tabaccomd.com\\\/ro\\\/catalog\\\/#listItem\",\"position\":2,\"name\":\"Catalog\",\"item\":\"https:\\\/\\\/tabaccomd.com\\\/ro\\\/catalog\\\/\",\"nextItem\":{\"@type\":\"ListItem\",\"@id\":\"https:\\\/\\\/tabaccomd.com\\\/ro\\\/product-category\\\/alcool-2\\\/#listItem\",\"name\":\"Alcool\"},\"previousItem\":{\"@type\":\"ListItem\",\"@id\":\"https:\\\/\\\/tabaccomd.com\\\/ro\\\/#listItem\",\"name\":\"\\u0413\\u043b\\u0430\\u0432\\u043d\\u0430\\u044f\"}},{\"@type\":\"ListItem\",\"@id\":\"https:\\\/\\\/tabaccomd.com\\\/ro\\\/product-category\\\/alcool-2\\\/#listItem\",\"position\":3,\"name\":\"Alcool\",\"item\":\"https:\\\/\\\/tabaccomd.com\\\/ro\\\/product-category\\\/alcool-2\\\/\",\"nextItem\":{\"@type\":\"ListItem\",\"@id\":\"https:\\\/\\\/tabaccomd.com\\\/ro\\\/product-category\\\/alcool-2\\\/coniac\\\/#listItem\",\"name\":\"Coniac\"},\"previousItem\":{\"@type\":\"ListItem\",\"@id\":\"https:\\\/\\\/tabaccomd.com\\\/ro\\\/catalog\\\/#listItem\",\"name\":\"Catalog\"}},{\"@type\":\"ListItem\",\"@id\":\"https:\\\/\\\/tabaccomd.com\\\/ro\\\/product-category\\\/alcool-2\\\/coniac\\\/#listItem\",\"position\":4,\"name\":\"Coniac\",\"item\":\"https:\\\/\\\/tabaccomd.com\\\/ro\\\/product-category\\\/alcool-2\\\/coniac\\\/\",\"nextItem\":{\"@type\":\"ListItem\",\"@id\":\"https:\\\/\\\/tabaccomd.com\\\/ro\\\/product\\\/coniac-hennessy-vsop-1-%d0%bb-gift-box\\\/#listItem\",\"name\":\"Coniac Hennessy VSOP 1l\"},\"previousItem\":{\"@type\":\"ListItem\",\"@id\":\"https:\\\/\\\/tabaccomd.com\\\/ro\\\/product-category\\\/alcool-2\\\/#listItem\",\"name\":\"Alcool\"}},{\"@type\":\"ListItem\",\"@id\":\"https:\\\/\\\/tabaccomd.com\\\/ro\\\/product\\\/coniac-hennessy-vsop-1-%d0%bb-gift-box\\\/#listItem\",\"position\":5,\"name\":\"Coniac Hennessy VSOP 1l\",\"previousItem\":{\"@type\":\"ListItem\",\"@id\":\"https:\\\/\\\/tabaccomd.com\\\/ro\\\/product-category\\\/alcool-2\\\/coniac\\\/#listItem\",\"name\":\"Coniac\"}}]},{\"@type\":\"Organization\",\"@id\":\"https:\\\/\\\/tabaccomd.com\\\/ro\\\/#organization\",\"name\":\"Tabacco House\",\"description\":\"\\u041c\\u0430\\u0433\\u0430\\u0437\\u0438\\u043d \\u0442\\u0430\\u0431\\u0430\\u0447\\u043d\\u044b\\u0445 \\u0438\\u0437\\u0434\\u0435\\u043b\\u0438\\u0439\",\"url\":\"https:\\\/\\\/tabaccomd.com\\\/ro\\\/\",\"email\":\"Office@cazacuhouse.com\",\"telephone\":\"+37361000935\",\"logo\":{\"@type\":\"ImageObject\",\"url\":\"https:\\\/\\\/tabaccomd.com\\\/wp-content\\\/uploads\\\/2024\\\/02\\\/logo_header3.png\",\"@id\":\"https:\\\/\\\/tabaccomd.com\\\/ro\\\/product\\\/coniac-hennessy-vsop-1-%d0%bb-gift-box\\\/#organizationLogo\",\"width\":32,\"height\":32,\"caption\":\"Tabacco House\"},\"image\":{\"@id\":\"https:\\\/\\\/tabaccomd.com\\\/ro\\\/product\\\/coniac-hennessy-vsop-1-%d0%bb-gift-box\\\/#organizationLogo\"},\"sameAs\":[\"https:\\\/\\\/www.facebook.com\\\/tabaccomd.com\\\/\",\"https:\\\/\\\/www.instagram.com\\\/tabaccomd.com\\\/\"],\"address\":{\"@id\":\"https:\\\/\\\/tabaccomd.com\\\/ro\\\/#postaladdress\",\"@type\":\"PostalAddress\",\"streetAddress\":\"Strada Albi\\u015foara 4, Chi\\u0219in\\u0103u, Bulevardul \\u0218tefan cel Mare \\u0219i Sf\\u00eent 136, Chi\\u0219in\\u0103u\",\"addressLocality\":\"Chi\\u0219in\\u0103u\",\"addressCountry\":\"MD\"}},{\"@type\":\"Product\",\"@id\":\"https:\\\/\\\/tabaccomd.com\\\/ro\\\/product\\\/coniac-hennessy-vsop-1-%d0%bb-gift-box\\\/#wooCommerceProduct\",\"name\":\"Coniac Hennessy VSOP 1l\",\"description\":\"\\u021aara produc\\u0103torului: Oa\\u0219ul Cognac, Fran\\u021ba\\r\\n \\tProduc\\u0103tor: Jas Hennessy &amp; Co\\r\\n \\tTip: Coniac VSOP (Very Special Old Pale)\\r\\n \\tT\\u0103rie: 40%\\r\\n \\tVolum: 1l\",\"url\":\"https:\\\/\\\/tabaccomd.com\\\/ro\\\/product\\\/coniac-hennessy-vsop-1-%d0%bb-gift-box\\\/\",\"sku\":\"9030011\",\"image\":{\"@type\":\"ImageObject\",\"url\":\"https:\\\/\\\/tabaccomd.com\\\/wp-content\\\/uploads\\\/2022\\\/12\\\/cognac-hennessy-vsop-gift-box-1l.jpg\",\"@id\":\"https:\\\/\\\/tabaccomd.com\\\/ro\\\/product\\\/coniac-hennessy-vsop-1-%d0%bb-gift-box\\\/#productImage\",\"width\":1200,\"height\":1200,\"caption\":\"cognac-hennessy-vsop-gift-box-1l\"},\"offers\":{\"@type\":\"Offer\",\"url\":\"https:\\\/\\\/tabaccomd.com\\\/ro\\\/product\\\/coniac-hennessy-vsop-1-%d0%bb-gift-box\\\/#wooCommerceOffer\",\"price\":2200,\"priceCurrency\":\"MDL\",\"category\":\"Coniac\",\"availability\":\"https:\\\/\\\/schema.org\\\/InStock\",\"priceSpecification\":{\"@type\":\"PriceSpecification\",\"price\":2200,\"priceCurrency\":\"MDL\",\"valueAddedTaxIncluded\":\"true\"},\"seller\":{\"@type\":\"Organization\",\"@id\":\"https:\\\/\\\/tabaccomd.com\\\/ro\\\/#organization\"}}},{\"@type\":\"WebPage\",\"@id\":\"https:\\\/\\\/tabaccomd.com\\\/ro\\\/product\\\/coniac-hennessy-vsop-1-%d0%bb-gift-box\\\/#webpage\",\"url\":\"https:\\\/\\\/tabaccomd.com\\\/ro\\\/product\\\/coniac-hennessy-vsop-1-%d0%bb-gift-box\\\/\",\"name\":\"Coniac Hennessy VSOP 1l cump\\u0103ra\\u021bi \\u00een Chi\\u0219in\\u0103u \\u2b50 \\u2013 Tabacco House\",\"description\":\"Coniac Hennessy VSOP 1l la Chi\\u0219in\\u0103u cu livrare. Pe site-ul nostru tabaccomd.com avem o selec\\u021bie larg\\u0103 de b\\u0103uturi alcoolice de elit\\u0103: whiskey, coniac, rom, gin, vin spumant... \\u2b50\\u2b50\\u2b50\\u2b50\\u2b50\\u260e 061-000-935\",\"inLanguage\":\"ro-RO\",\"isPartOf\":{\"@id\":\"https:\\\/\\\/tabaccomd.com\\\/ro\\\/#website\"},\"breadcrumb\":{\"@id\":\"https:\\\/\\\/tabaccomd.com\\\/ro\\\/product\\\/coniac-hennessy-vsop-1-%d0%bb-gift-box\\\/#breadcrumblist\"},\"image\":{\"@type\":\"ImageObject\",\"url\":\"https:\\\/\\\/tabaccomd.com\\\/wp-content\\\/uploads\\\/2022\\\/12\\\/cognac-hennessy-vsop-gift-box-1l.jpg\",\"@id\":\"https:\\\/\\\/tabaccomd.com\\\/ro\\\/product\\\/coniac-hennessy-vsop-1-%d0%bb-gift-box\\\/#mainImage\",\"width\":1200,\"height\":1200,\"caption\":\"cognac-hennessy-vsop-gift-box-1l\"},\"primaryImageOfPage\":{\"@id\":\"https:\\\/\\\/tabaccomd.com\\\/ro\\\/product\\\/coniac-hennessy-vsop-1-%d0%bb-gift-box\\\/#mainImage\"},\"datePublished\":\"2026-02-27T13:45:42+03:00\",\"dateModified\":\"2026-02-27T15:44:59+03:00\"},{\"@type\":\"WebSite\",\"@id\":\"https:\\\/\\\/tabaccomd.com\\\/ro\\\/#website\",\"url\":\"https:\\\/\\\/tabaccomd.com\\\/ro\\\/\",\"name\":\"Tabacco House\",\"alternateName\":\"tobaccomd.com\",\"description\":\"\\u041c\\u0430\\u0433\\u0430\\u0437\\u0438\\u043d \\u0442\\u0430\\u0431\\u0430\\u0447\\u043d\\u044b\\u0445 \\u0438\\u0437\\u0434\\u0435\\u043b\\u0438\\u0439\",\"inLanguage\":\"ro-RO\",\"publisher\":{\"@id\":\"https:\\\/\\\/tabaccomd.com\\\/ro\\\/#organization\"}}]}\n\t\t<\/script>\n\t\t<!-- All in One SEO Pro -->\r\n\t\t<title>Coniac Hennessy VSOP 1l cump\u0103ra\u021bi \u00een Chi\u0219in\u0103u \u2b50 \u2013 Tabacco House<\/title>\n\n","aioseo_head_json":{"title":"Coniac Hennessy VSOP 1l cump\u0103ra\u021bi \u00een Chi\u0219in\u0103u \u2b50 \u2013 Tabacco House","description":"Coniac Hennessy VSOP 1l la Chi\u0219in\u0103u cu livrare. Pe site-ul nostru tabaccomd.com avem o selec\u021bie larg\u0103 de b\u0103uturi alcoolice de elit\u0103: whiskey, coniac, rom, gin, vin spumant... \u2b50\u2b50\u2b50\u2b50\u2b50\u260e 061-000-935","canonical_url":"https:\/\/tabaccomd.com\/ro\/product\/coniac-hennessy-vsop-1-%d0%bb-gift-box\/","robots":"max-image-preview:large","keywords":"","webmasterTools":{"miscellaneous":""},"schema":{"@context":"https:\/\/schema.org","@graph":[{"@type":"BreadcrumbList","@id":"https:\/\/tabaccomd.com\/ro\/product\/coniac-hennessy-vsop-1-%d0%bb-gift-box\/#breadcrumblist","itemListElement":[{"@type":"ListItem","@id":"https:\/\/tabaccomd.com\/ro\/#listItem","position":1,"name":"\u0413\u043b\u0430\u0432\u043d\u0430\u044f","item":"https:\/\/tabaccomd.com\/ro\/","nextItem":{"@type":"ListItem","@id":"https:\/\/tabaccomd.com\/ro\/catalog\/#listItem","name":"Catalog"}},{"@type":"ListItem","@id":"https:\/\/tabaccomd.com\/ro\/catalog\/#listItem","position":2,"name":"Catalog","item":"https:\/\/tabaccomd.com\/ro\/catalog\/","nextItem":{"@type":"ListItem","@id":"https:\/\/tabaccomd.com\/ro\/product-category\/alcool-2\/#listItem","name":"Alcool"},"previousItem":{"@type":"ListItem","@id":"https:\/\/tabaccomd.com\/ro\/#listItem","name":"\u0413\u043b\u0430\u0432\u043d\u0430\u044f"}},{"@type":"ListItem","@id":"https:\/\/tabaccomd.com\/ro\/product-category\/alcool-2\/#listItem","position":3,"name":"Alcool","item":"https:\/\/tabaccomd.com\/ro\/product-category\/alcool-2\/","nextItem":{"@type":"ListItem","@id":"https:\/\/tabaccomd.com\/ro\/product-category\/alcool-2\/coniac\/#listItem","name":"Coniac"},"previousItem":{"@type":"ListItem","@id":"https:\/\/tabaccomd.com\/ro\/catalog\/#listItem","name":"Catalog"}},{"@type":"ListItem","@id":"https:\/\/tabaccomd.com\/ro\/product-category\/alcool-2\/coniac\/#listItem","position":4,"name":"Coniac","item":"https:\/\/tabaccomd.com\/ro\/product-category\/alcool-2\/coniac\/","nextItem":{"@type":"ListItem","@id":"https:\/\/tabaccomd.com\/ro\/product\/coniac-hennessy-vsop-1-%d0%bb-gift-box\/#listItem","name":"Coniac Hennessy VSOP 1l"},"previousItem":{"@type":"ListItem","@id":"https:\/\/tabaccomd.com\/ro\/product-category\/alcool-2\/#listItem","name":"Alcool"}},{"@type":"ListItem","@id":"https:\/\/tabaccomd.com\/ro\/product\/coniac-hennessy-vsop-1-%d0%bb-gift-box\/#listItem","position":5,"name":"Coniac Hennessy VSOP 1l","previousItem":{"@type":"ListItem","@id":"https:\/\/tabaccomd.com\/ro\/product-category\/alcool-2\/coniac\/#listItem","name":"Coniac"}}]},{"@type":"Organization","@id":"https:\/\/tabaccomd.com\/ro\/#organization","name":"Tabacco House","description":"\u041c\u0430\u0433\u0430\u0437\u0438\u043d \u0442\u0430\u0431\u0430\u0447\u043d\u044b\u0445 \u0438\u0437\u0434\u0435\u043b\u0438\u0439","url":"https:\/\/tabaccomd.com\/ro\/","email":"Office@cazacuhouse.com","telephone":"+37361000935","logo":{"@type":"ImageObject","url":"https:\/\/tabaccomd.com\/wp-content\/uploads\/2024\/02\/logo_header3.png","@id":"https:\/\/tabaccomd.com\/ro\/product\/coniac-hennessy-vsop-1-%d0%bb-gift-box\/#organizationLogo","width":32,"height":32,"caption":"Tabacco House"},"image":{"@id":"https:\/\/tabaccomd.com\/ro\/product\/coniac-hennessy-vsop-1-%d0%bb-gift-box\/#organizationLogo"},"sameAs":["https:\/\/www.facebook.com\/tabaccomd.com\/","https:\/\/www.instagram.com\/tabaccomd.com\/"],"address":{"@id":"https:\/\/tabaccomd.com\/ro\/#postaladdress","@type":"PostalAddress","streetAddress":"Strada Albi\u015foara 4, Chi\u0219in\u0103u, Bulevardul \u0218tefan cel Mare \u0219i Sf\u00eent 136, Chi\u0219in\u0103u","addressLocality":"Chi\u0219in\u0103u","addressCountry":"MD"}},{"@type":"Product","@id":"https:\/\/tabaccomd.com\/ro\/product\/coniac-hennessy-vsop-1-%d0%bb-gift-box\/#wooCommerceProduct","name":"Coniac Hennessy VSOP 1l","description":"\u021aara produc\u0103torului: Oa\u0219ul Cognac, Fran\u021ba\r\n \tProduc\u0103tor: Jas Hennessy &amp; Co\r\n \tTip: Coniac VSOP (Very Special Old Pale)\r\n \tT\u0103rie: 40%\r\n \tVolum: 1l","url":"https:\/\/tabaccomd.com\/ro\/product\/coniac-hennessy-vsop-1-%d0%bb-gift-box\/","sku":"9030011","image":{"@type":"ImageObject","url":"https:\/\/tabaccomd.com\/wp-content\/uploads\/2022\/12\/cognac-hennessy-vsop-gift-box-1l.jpg","@id":"https:\/\/tabaccomd.com\/ro\/product\/coniac-hennessy-vsop-1-%d0%bb-gift-box\/#productImage","width":1200,"height":1200,"caption":"cognac-hennessy-vsop-gift-box-1l"},"offers":{"@type":"Offer","url":"https:\/\/tabaccomd.com\/ro\/product\/coniac-hennessy-vsop-1-%d0%bb-gift-box\/#wooCommerceOffer","price":2200,"priceCurrency":"MDL","category":"Coniac","availability":"https:\/\/schema.org\/InStock","priceSpecification":{"@type":"PriceSpecification","price":2200,"priceCurrency":"MDL","valueAddedTaxIncluded":"true"},"seller":{"@type":"Organization","@id":"https:\/\/tabaccomd.com\/ro\/#organization"}}},{"@type":"WebPage","@id":"https:\/\/tabaccomd.com\/ro\/product\/coniac-hennessy-vsop-1-%d0%bb-gift-box\/#webpage","url":"https:\/\/tabaccomd.com\/ro\/product\/coniac-hennessy-vsop-1-%d0%bb-gift-box\/","name":"Coniac Hennessy VSOP 1l cump\u0103ra\u021bi \u00een Chi\u0219in\u0103u \u2b50 \u2013 Tabacco House","description":"Coniac Hennessy VSOP 1l la Chi\u0219in\u0103u cu livrare. Pe site-ul nostru tabaccomd.com avem o selec\u021bie larg\u0103 de b\u0103uturi alcoolice de elit\u0103: whiskey, coniac, rom, gin, vin spumant... \u2b50\u2b50\u2b50\u2b50\u2b50\u260e 061-000-935","inLanguage":"ro-RO","isPartOf":{"@id":"https:\/\/tabaccomd.com\/ro\/#website"},"breadcrumb":{"@id":"https:\/\/tabaccomd.com\/ro\/product\/coniac-hennessy-vsop-1-%d0%bb-gift-box\/#breadcrumblist"},"image":{"@type":"ImageObject","url":"https:\/\/tabaccomd.com\/wp-content\/uploads\/2022\/12\/cognac-hennessy-vsop-gift-box-1l.jpg","@id":"https:\/\/tabaccomd.com\/ro\/product\/coniac-hennessy-vsop-1-%d0%bb-gift-box\/#mainImage","width":1200,"height":1200,"caption":"cognac-hennessy-vsop-gift-box-1l"},"primaryImageOfPage":{"@id":"https:\/\/tabaccomd.com\/ro\/product\/coniac-hennessy-vsop-1-%d0%bb-gift-box\/#mainImage"},"datePublished":"2026-02-27T13:45:42+03:00","dateModified":"2026-02-27T15:44:59+03:00"},{"@type":"WebSite","@id":"https:\/\/tabaccomd.com\/ro\/#website","url":"https:\/\/tabaccomd.com\/ro\/","name":"Tabacco House","alternateName":"tobaccomd.com","description":"\u041c\u0430\u0433\u0430\u0437\u0438\u043d \u0442\u0430\u0431\u0430\u0447\u043d\u044b\u0445 \u0438\u0437\u0434\u0435\u043b\u0438\u0439","inLanguage":"ro-RO","publisher":{"@id":"https:\/\/tabaccomd.com\/ro\/#organization"}}]},"og:locale":"ro_RO","og:site_name":"Tabacco House \u2013 \u041c\u0430\u0433\u0430\u0437\u0438\u043d \u0442\u0430\u0431\u0430\u0447\u043d\u044b\u0445 \u0438\u0437\u0434\u0435\u043b\u0438\u0439","og:type":"article","og:title":"Coniac Hennessy VSOP 1l cump\u0103ra\u021bi \u00een Chi\u0219in\u0103u \u2b50 \u2013 Tabacco House","og:description":"Coniac Hennessy VSOP 1l la Chi\u0219in\u0103u cu livrare. Pe site-ul nostru tabaccomd.com avem o selec\u021bie larg\u0103 de b\u0103uturi alcoolice de elit\u0103: whiskey, coniac, rom, gin, vin spumant... \u2b50\u2b50\u2b50\u2b50\u2b50\u260e 061-000-935","og:url":"https:\/\/tabaccomd.com\/ro\/product\/coniac-hennessy-vsop-1-%d0%bb-gift-box\/","article:published_time":"2026-02-27T10:45:42+00:00","article:modified_time":"2026-02-27T12:44:59+00:00","article:publisher":"https:\/\/www.facebook.com\/tabaccomd.com\/","twitter:card":"summary_large_image","twitter:title":"Coniac Hennessy VSOP 1l cump\u0103ra\u021bi \u00een Chi\u0219in\u0103u \u2b50 \u2013 Tabacco House","twitter:description":"Coniac Hennessy VSOP 1l la Chi\u0219in\u0103u cu livrare. Pe site-ul nostru tabaccomd.com avem o selec\u021bie larg\u0103 de b\u0103uturi alcoolice de elit\u0103: whiskey, coniac, rom, gin, vin spumant... \u2b50\u2b50\u2b50\u2b50\u2b50\u260e 061-000-935"},"aioseo_meta_data":{"post_id":"19814","title":"#post_title cump\u0103ra\u021bi \u00een Chi\u0219in\u0103u \u2b50 #separator_sa #site_title","description":"#post_title la Chi\u0219in\u0103u cu livrare. Pe site-ul nostru tabaccomd.com avem o selec\u021bie larg\u0103 de b\u0103uturi alcoolice de elit\u0103: whiskey, coniac, rom, gin, vin spumant... \u2b50\u2b50\u2b50\u2b50\u2b50\u260e 061-000-935","keywords":[],"keyphrases":{"focus":{"keyphrase":"Coniac Hennessy VSOP 1 \u043b","score":85,"analysis":{"keyphraseInTitle":{"score":9,"maxScore":9,"error":0},"keyphraseInDescription":{"score":9,"maxScore":9,"error":0},"keyphraseLength":{"score":9,"maxScore":9,"error":0,"length":4},"keyphraseInURL":{"score":5,"maxScore":5,"error":0},"keyphraseInIntroduction":{"score":3,"maxScore":9,"error":1},"keyphraseInSubHeadings":[],"keyphraseInImageAlt":[]}},"additional":[]},"primary_term":null,"canonical_url":null,"og_title":null,"og_description":null,"og_object_type":"default","og_image_type":"default","og_image_url":null,"og_image_width":null,"og_image_height":null,"og_image_custom_url":null,"og_image_custom_fields":null,"og_video":"","og_custom_url":null,"og_article_section":null,"og_article_tags":[],"twitter_use_og":false,"twitter_card":"default","twitter_image_type":"default","twitter_image_url":null,"twitter_image_custom_url":null,"twitter_image_custom_fields":null,"twitter_title":null,"twitter_description":null,"schema":{"blockGraphs":[],"customGraphs":[],"default":{"data":{"Article":[],"Course":[],"Dataset":[],"FAQPage":[],"Movie":[],"Person":[],"Product":[],"ProductReview":[],"Car":[],"Recipe":[],"Service":[],"SoftwareApplication":[],"WebPage":[]},"graphName":"ItemPage","isEnabled":true},"graphs":[]},"schema_type":"default","schema_type_options":null,"pillar_content":false,"robots_default":true,"robots_noindex":false,"robots_noarchive":false,"robots_nosnippet":false,"robots_nofollow":false,"robots_noimageindex":false,"robots_noodp":false,"robots_notranslate":false,"robots_max_snippet":"-1","robots_max_videopreview":"-1","robots_max_imagepreview":"large","priority":null,"frequency":"default","local_seo":null,"seo_analyzer_scan_date":"2026-02-27 13:28:17","breadcrumb_settings":null,"limit_modified_date":false,"reviewed_by":null,"open_ai":null,"ai":null,"created":"2023-03-30 14:21:05","updated":"2026-02-27 13:28:17"},"aioseo_breadcrumb":"<div class=\"aioseo-breadcrumbs\"><span class=\"aioseo-breadcrumb\">\n\t<a href=\"https:\/\/tabaccomd.com\/ro\/\" title=\"\u0413\u043b\u0430\u0432\u043d\u0430\u044f\">\u0413\u043b\u0430\u0432\u043d\u0430\u044f<\/a>\n<\/span><span class=\"aioseo-breadcrumb-separator\">\u00bb<\/span><span class=\"aioseo-breadcrumb\">\n\t<a href=\"https:\/\/tabaccomd.com\/ro\/catalog\/\" title=\"Catalog\">Catalog<\/a>\n<\/span><span class=\"aioseo-breadcrumb-separator\">\u00bb<\/span><span class=\"aioseo-breadcrumb\">\n\t<a href=\"https:\/\/tabaccomd.com\/ro\/product-category\/alcool-2\/\" title=\"Alcool\">Alcool<\/a>\n<\/span><span class=\"aioseo-breadcrumb-separator\">\u00bb<\/span><span class=\"aioseo-breadcrumb\">\n\t<a href=\"https:\/\/tabaccomd.com\/ro\/product-category\/alcool-2\/coniac\/\" title=\"Coniac\">Coniac<\/a>\n<\/span><span class=\"aioseo-breadcrumb-separator\">\u00bb<\/span><span class=\"aioseo-breadcrumb\">\n\tConiac Hennessy VSOP 1l\n<\/span><\/div>","aioseo_breadcrumb_json":[{"label":"\u0413\u043b\u0430\u0432\u043d\u0430\u044f","link":"https:\/\/tabaccomd.com\/ro\/"},{"label":"Catalog","link":"https:\/\/tabaccomd.com\/ro\/catalog\/"},{"label":"Alcool","link":"https:\/\/tabaccomd.com\/ro\/product-category\/alcool-2\/"},{"label":"Coniac","link":"https:\/\/tabaccomd.com\/ro\/product-category\/alcool-2\/coniac\/"},{"label":"Coniac Hennessy VSOP 1l","link":"https:\/\/tabaccomd.com\/ro\/product\/coniac-hennessy-vsop-1-%d0%bb-gift-box\/"}],"images_for_1c":[{"url":"https:\/\/tabaccomd.com\/wp-content\/uploads\/2022\/12\/cognac-hennessy-vsop-gift-box-1l.jpg","type":"featured","alt":"cognac-hennessy-vsop-gift-box-1l","filename":"cognac-hennessy-vsop-gift-box-1l.jpg"},{"url":"https:\/\/tabaccomd.com\/wp-content\/uploads\/2022\/12\/cognac-hennessy-vsop-gift-box-1l-0.jpg","type":"gallery","alt":"cognac-hennessy-vsop-gift-box-1l-0","filename":"cognac-hennessy-vsop-gift-box-1l-0.jpg"},{"url":"https:\/\/tabaccomd.com\/wp-content\/uploads\/2022\/12\/cognac-hennessy-vsop-gift-box-1l-1.jpg","type":"gallery","alt":"cognac-hennessy-vsop-gift-box-1l-1","filename":"cognac-hennessy-vsop-gift-box-1l-1.jpg"}],"additional_data_1c":{"modified_date":"2026-02-27 15:44:59","permalink":"https:\/\/tabaccomd.com\/ro\/product\/coniac-hennessy-vsop-1-%d0%bb-gift-box\/","stock_status":"instock","manage_stock":"no"},"_links":{"self":[{"href":"https:\/\/tabaccomd.com\/ro\/wp-json\/wp\/v2\/product\/19814","targetHints":{"allow":["GET"]}}],"collection":[{"href":"https:\/\/tabaccomd.com\/ro\/wp-json\/wp\/v2\/product"}],"about":[{"href":"https:\/\/tabaccomd.com\/ro\/wp-json\/wp\/v2\/types\/product"}],"wp:featuredmedia":[{"embeddable":true,"href":"https:\/\/tabaccomd.com\/ro\/wp-json\/wp\/v2\/media\/157083"}],"wp:attachment":[{"href":"https:\/\/tabaccomd.com\/ro\/wp-json\/wp\/v2\/media?parent=19814"}],"wp:term":[{"taxonomy":"product_brand","embeddable":true,"href":"https:\/\/tabaccomd.com\/ro\/wp-json\/wp\/v2\/product_brand?post=19814"},{"taxonomy":"product_cat","embeddable":true,"href":"https:\/\/tabaccomd.com\/ro\/wp-json\/wp\/v2\/product_cat?post=19814"},{"taxonomy":"product_tag","embeddable":true,"href":"https:\/\/tabaccomd.com\/ro\/wp-json\/wp\/v2\/product_tag?post=19814"}],"curies":[{"name":"wp","href":"https:\/\/api.w.org\/{rel}","templated":true}]}}