{"id":19742,"date":"2022-10-25T11:29:10","date_gmt":"2022-10-25T08:29:10","guid":{"rendered":"https:\/\/new124.tabaccomd.com\/product\/husa-pentru-bricheta-zippo-lpcbk\/"},"modified":"2025-01-03T14:45:31","modified_gmt":"2025-01-03T11:45:31","slug":"husa-pentru-bricheta-zippo-lpcbk","status":"publish","type":"product","link":"https:\/\/tabaccomd.com\/ro\/product\/husa-pentru-bricheta-zippo-lpcbk\/","title":{"rendered":"Hus\u0103 pentru brichet\u0103 Zippo LPCBK"},"content":{"rendered":"<p>Aceast\u0103 <a href=\"https:\/\/tabaccomd.com\/ro\/categorie-produs\/accesorii\/\">hus\u0103<\/a> de brichet\u0103 Zippo din piele natural\u0103 sun\u0103 ca un accesoriu elegant \u0219i func\u021bional. Pielea sa neagr\u0103 sau maro \u00eei confer\u0103 un aspect elegant, iar clema \u00eel face u\u0219or de ata\u0219at la o curea, o centur\u0103 sau un buzunar, f\u0103c\u00e2ndu-l u\u0219or de transportat \u0219i permi\u021b\u00e2nd acces rapid la bricheta Zippo. \u00cen plus, ambalajul cutie neagr\u0103 Zippo confer\u0103 acestei huse un finisaj elegant \u0219i o face gata de cadouri.<\/p>\n<p>Pute\u021bi achizi\u021biona husa pentru brichet\u0103 Zippo LPCBK \u00een Moldova, Chi\u0219in\u0103u, \u00een re\u021beaua de magazine Tabacco House.<\/p>\n","protected":false},"excerpt":{"rendered":"<ul>\n<li>Hus\u0103 din piele natural\u0103<\/li>\n<li>Fabricat\u0103 \u00een SUA<\/li>\n<li>Disponibil\u0103 pe culoare neagr\u0103<\/li>\n<li>Clip negru care poate fi ata\u0219at la orice centur\u0103 sau buzunar<\/li>\n<li>\u021aine \u00een siguran\u021b\u0103 orice brichet\u0103 Zippo rezistent\u0103 la v\u00e2nt<\/li>\n<\/ul>\n","protected":false},"featured_media":127196,"template":"","meta":{"om_disable_all_campaigns":false,"_monsterinsights_skip_tracking":false,"_monsterinsights_sitenote_active":false,"_monsterinsights_sitenote_note":"","_monsterinsights_sitenote_category":0},"product_brand":[],"product_cat":[390],"product_tag":[],"class_list":{"0":"post-19742","1":"product","2":"type-product","3":"status-publish","4":"has-post-thumbnail","6":"product_cat-accesorii-zippo","8":"first","9":"outofstock","10":"taxable","11":"shipping-taxable","12":"purchasable","13":"product-type-simple"},"aioseo_notices":[],"aioseo_head":"\n\t\t<!-- All in One SEO Pro 4.9.5.2 - aioseo.com -->\n\t<meta name=\"robots\" content=\"max-image-preview:large\" \/>\n\t<link rel=\"canonical\" href=\"https:\/\/tabaccomd.com\/ro\/product\/husa-pentru-bricheta-zippo-lpcbk\/\" \/>\n\t<meta name=\"generator\" content=\"All in One SEO Pro (AIOSEO) 4.9.5.2\" \/>\n\t\t<meta property=\"og:locale\" content=\"ro_RO\" \/>\n\t\t<meta property=\"og:site_name\" content=\"Tabacco House \u2013 \u041c\u0430\u0433\u0430\u0437\u0438\u043d \u0442\u0430\u0431\u0430\u0447\u043d\u044b\u0445 \u0438\u0437\u0434\u0435\u043b\u0438\u0439\" \/>\n\t\t<meta property=\"og:type\" content=\"article\" \/>\n\t\t<meta property=\"og:title\" content=\"Hus\u0103 pentru brichet\u0103 Zippo LPCBK \u2013 Tabacco House\" \/>\n\t\t<meta property=\"og:url\" content=\"https:\/\/tabaccomd.com\/ro\/product\/husa-pentru-bricheta-zippo-lpcbk\/\" \/>\n\t\t<meta property=\"article:published_time\" content=\"2022-10-25T08:29:10+00:00\" \/>\n\t\t<meta property=\"article:modified_time\" content=\"2025-01-03T11:45:31+00:00\" \/>\n\t\t<meta property=\"article:publisher\" content=\"https:\/\/www.facebook.com\/tabaccomd.com\/\" \/>\n\t\t<meta name=\"twitter:card\" content=\"summary_large_image\" \/>\n\t\t<meta name=\"twitter:title\" content=\"Hus\u0103 pentru brichet\u0103 Zippo LPCBK \u2013 Tabacco House\" \/>\n\t\t<script type=\"application\/ld+json\" class=\"aioseo-schema\">\n\t\t\t{\"@context\":\"https:\\\/\\\/schema.org\",\"@graph\":[{\"@type\":\"BreadcrumbList\",\"@id\":\"https:\\\/\\\/tabaccomd.com\\\/ro\\\/product\\\/husa-pentru-bricheta-zippo-lpcbk\\\/#breadcrumblist\",\"itemListElement\":[{\"@type\":\"ListItem\",\"@id\":\"https:\\\/\\\/tabaccomd.com\\\/ro\\\/#listItem\",\"position\":1,\"name\":\"\\u0413\\u043b\\u0430\\u0432\\u043d\\u0430\\u044f\",\"item\":\"https:\\\/\\\/tabaccomd.com\\\/ro\\\/\",\"nextItem\":{\"@type\":\"ListItem\",\"@id\":\"https:\\\/\\\/tabaccomd.com\\\/ro\\\/catalog\\\/#listItem\",\"name\":\"Catalog\"}},{\"@type\":\"ListItem\",\"@id\":\"https:\\\/\\\/tabaccomd.com\\\/ro\\\/catalog\\\/#listItem\",\"position\":2,\"name\":\"Catalog\",\"item\":\"https:\\\/\\\/tabaccomd.com\\\/ro\\\/catalog\\\/\",\"nextItem\":{\"@type\":\"ListItem\",\"@id\":\"https:\\\/\\\/tabaccomd.com\\\/ro\\\/product-category\\\/brichete\\\/#listItem\",\"name\":\"Brichete\"},\"previousItem\":{\"@type\":\"ListItem\",\"@id\":\"https:\\\/\\\/tabaccomd.com\\\/ro\\\/#listItem\",\"name\":\"\\u0413\\u043b\\u0430\\u0432\\u043d\\u0430\\u044f\"}},{\"@type\":\"ListItem\",\"@id\":\"https:\\\/\\\/tabaccomd.com\\\/ro\\\/product-category\\\/brichete\\\/#listItem\",\"position\":3,\"name\":\"Brichete\",\"item\":\"https:\\\/\\\/tabaccomd.com\\\/ro\\\/product-category\\\/brichete\\\/\",\"nextItem\":{\"@type\":\"ListItem\",\"@id\":\"https:\\\/\\\/tabaccomd.com\\\/ro\\\/product-category\\\/brichete\\\/accesorii-zippo\\\/#listItem\",\"name\":\"Accesorii\"},\"previousItem\":{\"@type\":\"ListItem\",\"@id\":\"https:\\\/\\\/tabaccomd.com\\\/ro\\\/catalog\\\/#listItem\",\"name\":\"Catalog\"}},{\"@type\":\"ListItem\",\"@id\":\"https:\\\/\\\/tabaccomd.com\\\/ro\\\/product-category\\\/brichete\\\/accesorii-zippo\\\/#listItem\",\"position\":4,\"name\":\"Accesorii\",\"item\":\"https:\\\/\\\/tabaccomd.com\\\/ro\\\/product-category\\\/brichete\\\/accesorii-zippo\\\/\",\"nextItem\":{\"@type\":\"ListItem\",\"@id\":\"https:\\\/\\\/tabaccomd.com\\\/ro\\\/product\\\/husa-pentru-bricheta-zippo-lpcbk\\\/#listItem\",\"name\":\"Hus\\u0103 pentru brichet\\u0103 Zippo LPCBK\"},\"previousItem\":{\"@type\":\"ListItem\",\"@id\":\"https:\\\/\\\/tabaccomd.com\\\/ro\\\/product-category\\\/brichete\\\/#listItem\",\"name\":\"Brichete\"}},{\"@type\":\"ListItem\",\"@id\":\"https:\\\/\\\/tabaccomd.com\\\/ro\\\/product\\\/husa-pentru-bricheta-zippo-lpcbk\\\/#listItem\",\"position\":5,\"name\":\"Hus\\u0103 pentru brichet\\u0103 Zippo LPCBK\",\"previousItem\":{\"@type\":\"ListItem\",\"@id\":\"https:\\\/\\\/tabaccomd.com\\\/ro\\\/product-category\\\/brichete\\\/accesorii-zippo\\\/#listItem\",\"name\":\"Accesorii\"}}]},{\"@type\":\"Organization\",\"@id\":\"https:\\\/\\\/tabaccomd.com\\\/ro\\\/#organization\",\"name\":\"Tabacco House\",\"description\":\"\\u041c\\u0430\\u0433\\u0430\\u0437\\u0438\\u043d \\u0442\\u0430\\u0431\\u0430\\u0447\\u043d\\u044b\\u0445 \\u0438\\u0437\\u0434\\u0435\\u043b\\u0438\\u0439\",\"url\":\"https:\\\/\\\/tabaccomd.com\\\/ro\\\/\",\"email\":\"Office@cazacuhouse.com\",\"telephone\":\"+37361000935\",\"logo\":{\"@type\":\"ImageObject\",\"url\":\"https:\\\/\\\/tabaccomd.com\\\/wp-content\\\/uploads\\\/2024\\\/02\\\/logo_header3.png\",\"@id\":\"https:\\\/\\\/tabaccomd.com\\\/ro\\\/product\\\/husa-pentru-bricheta-zippo-lpcbk\\\/#organizationLogo\",\"width\":32,\"height\":32,\"caption\":\"Tabacco House\"},\"image\":{\"@id\":\"https:\\\/\\\/tabaccomd.com\\\/ro\\\/product\\\/husa-pentru-bricheta-zippo-lpcbk\\\/#organizationLogo\"},\"sameAs\":[\"https:\\\/\\\/www.facebook.com\\\/tabaccomd.com\\\/\",\"https:\\\/\\\/www.instagram.com\\\/tabaccomd.com\\\/\"],\"address\":{\"@id\":\"https:\\\/\\\/tabaccomd.com\\\/ro\\\/#postaladdress\",\"@type\":\"PostalAddress\",\"streetAddress\":\"Strada Albi\\u015foara 4, Chi\\u0219in\\u0103u, Bulevardul \\u0218tefan cel Mare \\u0219i Sf\\u00eent 136, Chi\\u0219in\\u0103u\",\"addressLocality\":\"Chi\\u0219in\\u0103u\",\"addressCountry\":\"MD\"}},{\"@type\":\"Product\",\"@id\":\"https:\\\/\\\/tabaccomd.com\\\/ro\\\/product\\\/husa-pentru-bricheta-zippo-lpcbk\\\/#wooCommerceProduct\",\"name\":\"Hus\\u0103 pentru brichet\\u0103 Zippo LPCBK\",\"description\":\"Hus\\u0103 din piele natural\\u0103\\r\\n \\tFabricat\\u0103 \\u00een SUA\\r\\n \\tDisponibil\\u0103 pe culoare neagr\\u0103\\r\\n \\tClip negru care poate fi ata\\u0219at la orice centur\\u0103 sau buzunar\\r\\n \\t\\u021aine \\u00een siguran\\u021b\\u0103 orice brichet\\u0103 Zippo rezistent\\u0103 la v\\u00e2nt\",\"url\":\"https:\\\/\\\/tabaccomd.com\\\/ro\\\/product\\\/husa-pentru-bricheta-zippo-lpcbk\\\/\",\"sku\":\"LPCBK\",\"image\":{\"@type\":\"ImageObject\",\"url\":\"https:\\\/\\\/tabaccomd.com\\\/wp-content\\\/uploads\\\/2022\\\/10\\\/zippo-lpcbk-1.jpg\",\"@id\":\"https:\\\/\\\/tabaccomd.com\\\/ro\\\/product\\\/husa-pentru-bricheta-zippo-lpcbk\\\/#productImage\",\"width\":1044,\"height\":1044,\"caption\":\"zippo lpcbk (1)\"},\"offers\":{\"@type\":\"Offer\",\"url\":\"https:\\\/\\\/tabaccomd.com\\\/ro\\\/product\\\/husa-pentru-bricheta-zippo-lpcbk\\\/#wooCommerceOffer\",\"price\":310,\"priceCurrency\":\"MDL\",\"category\":\"Accesorii\",\"availability\":\"https:\\\/\\\/schema.org\\\/OutOfStock\",\"priceSpecification\":{\"@type\":\"PriceSpecification\",\"price\":310,\"priceCurrency\":\"MDL\",\"valueAddedTaxIncluded\":\"true\"},\"seller\":{\"@type\":\"Organization\",\"@id\":\"https:\\\/\\\/tabaccomd.com\\\/ro\\\/#organization\"}}},{\"@type\":\"WebPage\",\"@id\":\"https:\\\/\\\/tabaccomd.com\\\/ro\\\/product\\\/husa-pentru-bricheta-zippo-lpcbk\\\/#webpage\",\"url\":\"https:\\\/\\\/tabaccomd.com\\\/ro\\\/product\\\/husa-pentru-bricheta-zippo-lpcbk\\\/\",\"name\":\"Hus\\u0103 pentru brichet\\u0103 Zippo LPCBK \\u2013 Tabacco House\",\"inLanguage\":\"ro-RO\",\"isPartOf\":{\"@id\":\"https:\\\/\\\/tabaccomd.com\\\/ro\\\/#website\"},\"breadcrumb\":{\"@id\":\"https:\\\/\\\/tabaccomd.com\\\/ro\\\/product\\\/husa-pentru-bricheta-zippo-lpcbk\\\/#breadcrumblist\"},\"image\":{\"@type\":\"ImageObject\",\"url\":\"https:\\\/\\\/tabaccomd.com\\\/wp-content\\\/uploads\\\/2022\\\/10\\\/zippo-lpcbk-1.jpg\",\"@id\":\"https:\\\/\\\/tabaccomd.com\\\/ro\\\/product\\\/husa-pentru-bricheta-zippo-lpcbk\\\/#mainImage\",\"width\":1044,\"height\":1044,\"caption\":\"zippo lpcbk (1)\"},\"primaryImageOfPage\":{\"@id\":\"https:\\\/\\\/tabaccomd.com\\\/ro\\\/product\\\/husa-pentru-bricheta-zippo-lpcbk\\\/#mainImage\"},\"datePublished\":\"2022-10-25T11:29:10+03:00\",\"dateModified\":\"2025-01-03T14:45:31+03:00\"},{\"@type\":\"WebSite\",\"@id\":\"https:\\\/\\\/tabaccomd.com\\\/ro\\\/#website\",\"url\":\"https:\\\/\\\/tabaccomd.com\\\/ro\\\/\",\"name\":\"Tabacco House\",\"alternateName\":\"tobaccomd.com\",\"description\":\"\\u041c\\u0430\\u0433\\u0430\\u0437\\u0438\\u043d \\u0442\\u0430\\u0431\\u0430\\u0447\\u043d\\u044b\\u0445 \\u0438\\u0437\\u0434\\u0435\\u043b\\u0438\\u0439\",\"inLanguage\":\"ro-RO\",\"publisher\":{\"@id\":\"https:\\\/\\\/tabaccomd.com\\\/ro\\\/#organization\"}}]}\n\t\t<\/script>\n\t\t<!-- All in One SEO Pro -->\r\n\t\t<title>Hus\u0103 pentru brichet\u0103 Zippo LPCBK \u2013 Tabacco House<\/title>\n\n","aioseo_head_json":{"title":"Hus\u0103 pentru brichet\u0103 Zippo LPCBK \u2013 Tabacco House","description":"","canonical_url":"https:\/\/tabaccomd.com\/ro\/product\/husa-pentru-bricheta-zippo-lpcbk\/","robots":"max-image-preview:large","keywords":"","webmasterTools":{"miscellaneous":""},"schema":{"@context":"https:\/\/schema.org","@graph":[{"@type":"BreadcrumbList","@id":"https:\/\/tabaccomd.com\/ro\/product\/husa-pentru-bricheta-zippo-lpcbk\/#breadcrumblist","itemListElement":[{"@type":"ListItem","@id":"https:\/\/tabaccomd.com\/ro\/#listItem","position":1,"name":"\u0413\u043b\u0430\u0432\u043d\u0430\u044f","item":"https:\/\/tabaccomd.com\/ro\/","nextItem":{"@type":"ListItem","@id":"https:\/\/tabaccomd.com\/ro\/catalog\/#listItem","name":"Catalog"}},{"@type":"ListItem","@id":"https:\/\/tabaccomd.com\/ro\/catalog\/#listItem","position":2,"name":"Catalog","item":"https:\/\/tabaccomd.com\/ro\/catalog\/","nextItem":{"@type":"ListItem","@id":"https:\/\/tabaccomd.com\/ro\/product-category\/brichete\/#listItem","name":"Brichete"},"previousItem":{"@type":"ListItem","@id":"https:\/\/tabaccomd.com\/ro\/#listItem","name":"\u0413\u043b\u0430\u0432\u043d\u0430\u044f"}},{"@type":"ListItem","@id":"https:\/\/tabaccomd.com\/ro\/product-category\/brichete\/#listItem","position":3,"name":"Brichete","item":"https:\/\/tabaccomd.com\/ro\/product-category\/brichete\/","nextItem":{"@type":"ListItem","@id":"https:\/\/tabaccomd.com\/ro\/product-category\/brichete\/accesorii-zippo\/#listItem","name":"Accesorii"},"previousItem":{"@type":"ListItem","@id":"https:\/\/tabaccomd.com\/ro\/catalog\/#listItem","name":"Catalog"}},{"@type":"ListItem","@id":"https:\/\/tabaccomd.com\/ro\/product-category\/brichete\/accesorii-zippo\/#listItem","position":4,"name":"Accesorii","item":"https:\/\/tabaccomd.com\/ro\/product-category\/brichete\/accesorii-zippo\/","nextItem":{"@type":"ListItem","@id":"https:\/\/tabaccomd.com\/ro\/product\/husa-pentru-bricheta-zippo-lpcbk\/#listItem","name":"Hus\u0103 pentru brichet\u0103 Zippo LPCBK"},"previousItem":{"@type":"ListItem","@id":"https:\/\/tabaccomd.com\/ro\/product-category\/brichete\/#listItem","name":"Brichete"}},{"@type":"ListItem","@id":"https:\/\/tabaccomd.com\/ro\/product\/husa-pentru-bricheta-zippo-lpcbk\/#listItem","position":5,"name":"Hus\u0103 pentru brichet\u0103 Zippo LPCBK","previousItem":{"@type":"ListItem","@id":"https:\/\/tabaccomd.com\/ro\/product-category\/brichete\/accesorii-zippo\/#listItem","name":"Accesorii"}}]},{"@type":"Organization","@id":"https:\/\/tabaccomd.com\/ro\/#organization","name":"Tabacco House","description":"\u041c\u0430\u0433\u0430\u0437\u0438\u043d \u0442\u0430\u0431\u0430\u0447\u043d\u044b\u0445 \u0438\u0437\u0434\u0435\u043b\u0438\u0439","url":"https:\/\/tabaccomd.com\/ro\/","email":"Office@cazacuhouse.com","telephone":"+37361000935","logo":{"@type":"ImageObject","url":"https:\/\/tabaccomd.com\/wp-content\/uploads\/2024\/02\/logo_header3.png","@id":"https:\/\/tabaccomd.com\/ro\/product\/husa-pentru-bricheta-zippo-lpcbk\/#organizationLogo","width":32,"height":32,"caption":"Tabacco House"},"image":{"@id":"https:\/\/tabaccomd.com\/ro\/product\/husa-pentru-bricheta-zippo-lpcbk\/#organizationLogo"},"sameAs":["https:\/\/www.facebook.com\/tabaccomd.com\/","https:\/\/www.instagram.com\/tabaccomd.com\/"],"address":{"@id":"https:\/\/tabaccomd.com\/ro\/#postaladdress","@type":"PostalAddress","streetAddress":"Strada Albi\u015foara 4, Chi\u0219in\u0103u, Bulevardul \u0218tefan cel Mare \u0219i Sf\u00eent 136, Chi\u0219in\u0103u","addressLocality":"Chi\u0219in\u0103u","addressCountry":"MD"}},{"@type":"Product","@id":"https:\/\/tabaccomd.com\/ro\/product\/husa-pentru-bricheta-zippo-lpcbk\/#wooCommerceProduct","name":"Hus\u0103 pentru brichet\u0103 Zippo LPCBK","description":"Hus\u0103 din piele natural\u0103\r\n \tFabricat\u0103 \u00een SUA\r\n \tDisponibil\u0103 pe culoare neagr\u0103\r\n \tClip negru care poate fi ata\u0219at la orice centur\u0103 sau buzunar\r\n \t\u021aine \u00een siguran\u021b\u0103 orice brichet\u0103 Zippo rezistent\u0103 la v\u00e2nt","url":"https:\/\/tabaccomd.com\/ro\/product\/husa-pentru-bricheta-zippo-lpcbk\/","sku":"LPCBK","image":{"@type":"ImageObject","url":"https:\/\/tabaccomd.com\/wp-content\/uploads\/2022\/10\/zippo-lpcbk-1.jpg","@id":"https:\/\/tabaccomd.com\/ro\/product\/husa-pentru-bricheta-zippo-lpcbk\/#productImage","width":1044,"height":1044,"caption":"zippo lpcbk (1)"},"offers":{"@type":"Offer","url":"https:\/\/tabaccomd.com\/ro\/product\/husa-pentru-bricheta-zippo-lpcbk\/#wooCommerceOffer","price":310,"priceCurrency":"MDL","category":"Accesorii","availability":"https:\/\/schema.org\/OutOfStock","priceSpecification":{"@type":"PriceSpecification","price":310,"priceCurrency":"MDL","valueAddedTaxIncluded":"true"},"seller":{"@type":"Organization","@id":"https:\/\/tabaccomd.com\/ro\/#organization"}}},{"@type":"WebPage","@id":"https:\/\/tabaccomd.com\/ro\/product\/husa-pentru-bricheta-zippo-lpcbk\/#webpage","url":"https:\/\/tabaccomd.com\/ro\/product\/husa-pentru-bricheta-zippo-lpcbk\/","name":"Hus\u0103 pentru brichet\u0103 Zippo LPCBK \u2013 Tabacco House","inLanguage":"ro-RO","isPartOf":{"@id":"https:\/\/tabaccomd.com\/ro\/#website"},"breadcrumb":{"@id":"https:\/\/tabaccomd.com\/ro\/product\/husa-pentru-bricheta-zippo-lpcbk\/#breadcrumblist"},"image":{"@type":"ImageObject","url":"https:\/\/tabaccomd.com\/wp-content\/uploads\/2022\/10\/zippo-lpcbk-1.jpg","@id":"https:\/\/tabaccomd.com\/ro\/product\/husa-pentru-bricheta-zippo-lpcbk\/#mainImage","width":1044,"height":1044,"caption":"zippo lpcbk (1)"},"primaryImageOfPage":{"@id":"https:\/\/tabaccomd.com\/ro\/product\/husa-pentru-bricheta-zippo-lpcbk\/#mainImage"},"datePublished":"2022-10-25T11:29:10+03:00","dateModified":"2025-01-03T14:45:31+03:00"},{"@type":"WebSite","@id":"https:\/\/tabaccomd.com\/ro\/#website","url":"https:\/\/tabaccomd.com\/ro\/","name":"Tabacco House","alternateName":"tobaccomd.com","description":"\u041c\u0430\u0433\u0430\u0437\u0438\u043d \u0442\u0430\u0431\u0430\u0447\u043d\u044b\u0445 \u0438\u0437\u0434\u0435\u043b\u0438\u0439","inLanguage":"ro-RO","publisher":{"@id":"https:\/\/tabaccomd.com\/ro\/#organization"}}]},"og:locale":"ro_RO","og:site_name":"Tabacco House \u2013 \u041c\u0430\u0433\u0430\u0437\u0438\u043d \u0442\u0430\u0431\u0430\u0447\u043d\u044b\u0445 \u0438\u0437\u0434\u0435\u043b\u0438\u0439","og:type":"article","og:title":"Hus\u0103 pentru brichet\u0103 Zippo LPCBK \u2013 Tabacco House","og:url":"https:\/\/tabaccomd.com\/ro\/product\/husa-pentru-bricheta-zippo-lpcbk\/","article:published_time":"2022-10-25T08:29:10+00:00","article:modified_time":"2025-01-03T11:45:31+00:00","article:publisher":"https:\/\/www.facebook.com\/tabaccomd.com\/","twitter:card":"summary_large_image","twitter:title":"Hus\u0103 pentru brichet\u0103 Zippo LPCBK \u2013 Tabacco House"},"aioseo_meta_data":{"post_id":"19742","title":null,"description":null,"keywords":null,"keyphrases":null,"primary_term":null,"canonical_url":null,"og_title":null,"og_description":null,"og_object_type":"default","og_image_type":"default","og_image_url":null,"og_image_width":null,"og_image_height":null,"og_image_custom_url":null,"og_image_custom_fields":null,"og_video":null,"og_custom_url":null,"og_article_section":null,"og_article_tags":null,"twitter_use_og":false,"twitter_card":"default","twitter_image_type":"default","twitter_image_url":null,"twitter_image_custom_url":null,"twitter_image_custom_fields":null,"twitter_title":null,"twitter_description":null,"schema":{"blockGraphs":[],"customGraphs":[],"default":{"data":{"Article":[],"Course":[],"Dataset":[],"FAQPage":[],"Movie":[],"Person":[],"Product":[],"ProductReview":[],"Car":[],"Recipe":[],"Service":[],"SoftwareApplication":[],"WebPage":[]},"graphName":"","isEnabled":true},"graphs":[]},"schema_type":"default","schema_type_options":null,"pillar_content":false,"robots_default":true,"robots_noindex":false,"robots_noarchive":false,"robots_nosnippet":false,"robots_nofollow":false,"robots_noimageindex":false,"robots_noodp":false,"robots_notranslate":false,"robots_max_snippet":null,"robots_max_videopreview":null,"robots_max_imagepreview":"large","priority":null,"frequency":null,"local_seo":null,"seo_analyzer_scan_date":"2025-10-20 04:50:24","breadcrumb_settings":null,"limit_modified_date":false,"reviewed_by":null,"open_ai":null,"ai":null,"created":"2023-03-30 14:22:55","updated":"2025-10-20 04:50:24"},"aioseo_breadcrumb":"<div class=\"aioseo-breadcrumbs\"><span class=\"aioseo-breadcrumb\">\n\t<a href=\"https:\/\/tabaccomd.com\/ro\/\" title=\"\u0413\u043b\u0430\u0432\u043d\u0430\u044f\">\u0413\u043b\u0430\u0432\u043d\u0430\u044f<\/a>\n<\/span><span class=\"aioseo-breadcrumb-separator\">\u00bb<\/span><span class=\"aioseo-breadcrumb\">\n\t<a href=\"https:\/\/tabaccomd.com\/ro\/catalog\/\" title=\"Catalog\">Catalog<\/a>\n<\/span><span class=\"aioseo-breadcrumb-separator\">\u00bb<\/span><span class=\"aioseo-breadcrumb\">\n\t<a href=\"https:\/\/tabaccomd.com\/ro\/product-category\/brichete\/\" title=\"Brichete\">Brichete<\/a>\n<\/span><span class=\"aioseo-breadcrumb-separator\">\u00bb<\/span><span class=\"aioseo-breadcrumb\">\n\t<a href=\"https:\/\/tabaccomd.com\/ro\/product-category\/brichete\/accesorii-zippo\/\" title=\"Accesorii\">Accesorii<\/a>\n<\/span><span class=\"aioseo-breadcrumb-separator\">\u00bb<\/span><span class=\"aioseo-breadcrumb\">\n\tHus\u0103 pentru brichet\u0103 Zippo LPCBK\n<\/span><\/div>","aioseo_breadcrumb_json":[{"label":"\u0413\u043b\u0430\u0432\u043d\u0430\u044f","link":"https:\/\/tabaccomd.com\/ro\/"},{"label":"Catalog","link":"https:\/\/tabaccomd.com\/ro\/catalog\/"},{"label":"Brichete","link":"https:\/\/tabaccomd.com\/ro\/product-category\/brichete\/"},{"label":"Accesorii","link":"https:\/\/tabaccomd.com\/ro\/product-category\/brichete\/accesorii-zippo\/"},{"label":"Hus\u0103 pentru brichet\u0103 Zippo LPCBK","link":"https:\/\/tabaccomd.com\/ro\/product\/husa-pentru-bricheta-zippo-lpcbk\/"}],"images_for_1c":[{"url":"https:\/\/tabaccomd.com\/wp-content\/uploads\/2022\/10\/zippo-lpcbk-1.jpg","type":"featured","alt":"zippo lpcbk (1)","filename":"zippo-lpcbk-1.jpg"},{"url":"https:\/\/tabaccomd.com\/wp-content\/uploads\/2022\/10\/zippo-lpcbk.jpg","type":"gallery","alt":"zippo lpcbk","filename":"zippo-lpcbk.jpg"},{"url":"https:\/\/tabaccomd.com\/wp-content\/uploads\/2022\/10\/husa-pentru-brichetaa-Zippo-LPCBK.jpg","type":"gallery","alt":"husa-pentru-brichetaa-Zippo-LPCBK","filename":"husa-pentru-brichetaa-Zippo-LPCBK.jpg"},{"url":"https:\/\/tabaccomd.com\/wp-content\/uploads\/2022\/10\/husa-pentru-brichetaa-Zippo-LPCBK-0.jpg","type":"gallery","alt":"husa-pentru-brichetaa-Zippo-LPCBK-0","filename":"husa-pentru-brichetaa-Zippo-LPCBK-0.jpg"}],"additional_data_1c":{"modified_date":"2025-01-03 14:45:31","permalink":"https:\/\/tabaccomd.com\/ro\/product\/husa-pentru-bricheta-zippo-lpcbk\/","stock_status":"outofstock","manage_stock":"no"},"_links":{"self":[{"href":"https:\/\/tabaccomd.com\/ro\/wp-json\/wp\/v2\/product\/19742","targetHints":{"allow":["GET"]}}],"collection":[{"href":"https:\/\/tabaccomd.com\/ro\/wp-json\/wp\/v2\/product"}],"about":[{"href":"https:\/\/tabaccomd.com\/ro\/wp-json\/wp\/v2\/types\/product"}],"wp:featuredmedia":[{"embeddable":true,"href":"https:\/\/tabaccomd.com\/ro\/wp-json\/wp\/v2\/media\/127196"}],"wp:attachment":[{"href":"https:\/\/tabaccomd.com\/ro\/wp-json\/wp\/v2\/media?parent=19742"}],"wp:term":[{"taxonomy":"product_brand","embeddable":true,"href":"https:\/\/tabaccomd.com\/ro\/wp-json\/wp\/v2\/product_brand?post=19742"},{"taxonomy":"product_cat","embeddable":true,"href":"https:\/\/tabaccomd.com\/ro\/wp-json\/wp\/v2\/product_cat?post=19742"},{"taxonomy":"product_tag","embeddable":true,"href":"https:\/\/tabaccomd.com\/ro\/wp-json\/wp\/v2\/product_tag?post=19742"}],"curies":[{"name":"wp","href":"https:\/\/api.w.org\/{rel}","templated":true}]}}