{"id":19663,"date":"2022-08-23T09:45:15","date_gmt":"2022-08-23T06:45:15","guid":{"rendered":"https:\/\/new124.tabaccomd.com\/product\/kangertech-cupti-black-692404\/"},"modified":"2022-08-23T09:45:15","modified_gmt":"2022-08-23T06:45:15","slug":"kangertech-cupti-black-692404","status":"publish","type":"product","link":"https:\/\/tabaccomd.com\/ro\/product\/kangertech-cupti-black-692404\/","title":{"rendered":"KangerTech CUPTI black 692404"},"content":{"rendered":"<p>Rezervorul de umplere superior din sticl\u0103 Pyrex, protejat pentru copii, con\u021bine un e-lichid impresionant de 5 ml. Sunt disponibile dou\u0103 nuclee cu o rezisten\u021b\u0103 de 0,5 \u0219i 1,5 ohmi. Cu o baterie op\u021bional\u0103 18650 (putere de la 30 de amperi), puterea poate fi setat\u0103 \u00eentre 1 \u0219i 75 wa\u021bi.<\/p>\n<p>Pute\u021bi cump\u0103ra KangerTech CUPTI negru 692404 la Tabacco.md<\/p>\n","protected":false},"excerpt":{"rendered":"<ul>\n<li>Se vinde fara baterie<\/li>\n<li>Afi\u0219aj OLED care arat\u0103 wa\u021bi, ohmi, vol\u021bi \u0219i starea de \u00eenc\u0103rcare<\/li>\n<li>Putere 7 &#8211; 50 W<\/li>\n<li>Culoare: neagr\u0103<\/li>\n<li>Volum: 2 ml<\/li>\n<li>Marca: KangerTech<\/li>\n<\/ul>\n","protected":false},"featured_media":119930,"template":"","meta":{"om_disable_all_campaigns":false,"_monsterinsights_skip_tracking":false,"_monsterinsights_sitenote_active":false,"_monsterinsights_sitenote_note":"","_monsterinsights_sitenote_category":0},"product_brand":[],"product_cat":[213],"product_tag":[],"class_list":{"0":"post-19663","1":"product","2":"type-product","3":"status-publish","4":"has-post-thumbnail","6":"product_cat-sisteme-pod","8":"first","9":"outofstock","10":"taxable","11":"shipping-taxable","12":"purchasable","13":"product-type-simple"},"aioseo_notices":[],"aioseo_head":"\n\t\t<!-- All in One SEO Pro 4.9.5.2 - aioseo.com -->\n\t<meta name=\"robots\" content=\"max-image-preview:large\" \/>\n\t<link rel=\"canonical\" href=\"https:\/\/tabaccomd.com\/ro\/product\/kangertech-cupti-black-692404\/\" \/>\n\t<meta name=\"generator\" content=\"All in One SEO Pro (AIOSEO) 4.9.5.2\" \/>\n\t\t<meta property=\"og:locale\" content=\"ro_RO\" \/>\n\t\t<meta property=\"og:site_name\" content=\"Tabacco House \u2013 \u041c\u0430\u0433\u0430\u0437\u0438\u043d \u0442\u0430\u0431\u0430\u0447\u043d\u044b\u0445 \u0438\u0437\u0434\u0435\u043b\u0438\u0439\" \/>\n\t\t<meta property=\"og:type\" content=\"article\" \/>\n\t\t<meta property=\"og:title\" content=\"KangerTech CUPTI black 692404 \u2013 Tabacco House\" \/>\n\t\t<meta property=\"og:url\" content=\"https:\/\/tabaccomd.com\/ro\/product\/kangertech-cupti-black-692404\/\" \/>\n\t\t<meta property=\"article:published_time\" content=\"2022-08-23T06:45:15+00:00\" \/>\n\t\t<meta property=\"article:modified_time\" content=\"2022-08-23T06:45:15+00:00\" \/>\n\t\t<meta property=\"article:publisher\" content=\"https:\/\/www.facebook.com\/tabaccomd.com\/\" \/>\n\t\t<meta name=\"twitter:card\" content=\"summary_large_image\" \/>\n\t\t<meta name=\"twitter:title\" content=\"KangerTech CUPTI black 692404 \u2013 Tabacco House\" \/>\n\t\t<script type=\"application\/ld+json\" class=\"aioseo-schema\">\n\t\t\t{\"@context\":\"https:\\\/\\\/schema.org\",\"@graph\":[{\"@type\":\"BreadcrumbList\",\"@id\":\"https:\\\/\\\/tabaccomd.com\\\/ro\\\/product\\\/kangertech-cupti-black-692404\\\/#breadcrumblist\",\"itemListElement\":[{\"@type\":\"ListItem\",\"@id\":\"https:\\\/\\\/tabaccomd.com\\\/ro\\\/#listItem\",\"position\":1,\"name\":\"\\u0413\\u043b\\u0430\\u0432\\u043d\\u0430\\u044f\",\"item\":\"https:\\\/\\\/tabaccomd.com\\\/ro\\\/\",\"nextItem\":{\"@type\":\"ListItem\",\"@id\":\"https:\\\/\\\/tabaccomd.com\\\/ro\\\/catalog\\\/#listItem\",\"name\":\"Catalog\"}},{\"@type\":\"ListItem\",\"@id\":\"https:\\\/\\\/tabaccomd.com\\\/ro\\\/catalog\\\/#listItem\",\"position\":2,\"name\":\"Catalog\",\"item\":\"https:\\\/\\\/tabaccomd.com\\\/ro\\\/catalog\\\/\",\"nextItem\":{\"@type\":\"ListItem\",\"@id\":\"https:\\\/\\\/tabaccomd.com\\\/ro\\\/product-category\\\/vape-ro\\\/#listItem\",\"name\":\"Vape\"},\"previousItem\":{\"@type\":\"ListItem\",\"@id\":\"https:\\\/\\\/tabaccomd.com\\\/ro\\\/#listItem\",\"name\":\"\\u0413\\u043b\\u0430\\u0432\\u043d\\u0430\\u044f\"}},{\"@type\":\"ListItem\",\"@id\":\"https:\\\/\\\/tabaccomd.com\\\/ro\\\/product-category\\\/vape-ro\\\/#listItem\",\"position\":3,\"name\":\"Vape\",\"item\":\"https:\\\/\\\/tabaccomd.com\\\/ro\\\/product-category\\\/vape-ro\\\/\",\"nextItem\":{\"@type\":\"ListItem\",\"@id\":\"https:\\\/\\\/tabaccomd.com\\\/ro\\\/product-category\\\/vape-ro\\\/sisteme-pod\\\/#listItem\",\"name\":\"Sisteme POD\"},\"previousItem\":{\"@type\":\"ListItem\",\"@id\":\"https:\\\/\\\/tabaccomd.com\\\/ro\\\/catalog\\\/#listItem\",\"name\":\"Catalog\"}},{\"@type\":\"ListItem\",\"@id\":\"https:\\\/\\\/tabaccomd.com\\\/ro\\\/product-category\\\/vape-ro\\\/sisteme-pod\\\/#listItem\",\"position\":4,\"name\":\"Sisteme POD\",\"item\":\"https:\\\/\\\/tabaccomd.com\\\/ro\\\/product-category\\\/vape-ro\\\/sisteme-pod\\\/\",\"nextItem\":{\"@type\":\"ListItem\",\"@id\":\"https:\\\/\\\/tabaccomd.com\\\/ro\\\/product\\\/kangertech-cupti-black-692404\\\/#listItem\",\"name\":\"KangerTech CUPTI black 692404\"},\"previousItem\":{\"@type\":\"ListItem\",\"@id\":\"https:\\\/\\\/tabaccomd.com\\\/ro\\\/product-category\\\/vape-ro\\\/#listItem\",\"name\":\"Vape\"}},{\"@type\":\"ListItem\",\"@id\":\"https:\\\/\\\/tabaccomd.com\\\/ro\\\/product\\\/kangertech-cupti-black-692404\\\/#listItem\",\"position\":5,\"name\":\"KangerTech CUPTI black 692404\",\"previousItem\":{\"@type\":\"ListItem\",\"@id\":\"https:\\\/\\\/tabaccomd.com\\\/ro\\\/product-category\\\/vape-ro\\\/sisteme-pod\\\/#listItem\",\"name\":\"Sisteme POD\"}}]},{\"@type\":\"Organization\",\"@id\":\"https:\\\/\\\/tabaccomd.com\\\/ro\\\/#organization\",\"name\":\"Tabacco House\",\"description\":\"\\u041c\\u0430\\u0433\\u0430\\u0437\\u0438\\u043d \\u0442\\u0430\\u0431\\u0430\\u0447\\u043d\\u044b\\u0445 \\u0438\\u0437\\u0434\\u0435\\u043b\\u0438\\u0439\",\"url\":\"https:\\\/\\\/tabaccomd.com\\\/ro\\\/\",\"email\":\"Office@cazacuhouse.com\",\"telephone\":\"+37361000935\",\"logo\":{\"@type\":\"ImageObject\",\"url\":\"https:\\\/\\\/tabaccomd.com\\\/wp-content\\\/uploads\\\/2024\\\/02\\\/logo_header3.png\",\"@id\":\"https:\\\/\\\/tabaccomd.com\\\/ro\\\/product\\\/kangertech-cupti-black-692404\\\/#organizationLogo\",\"width\":32,\"height\":32,\"caption\":\"Tabacco House\"},\"image\":{\"@id\":\"https:\\\/\\\/tabaccomd.com\\\/ro\\\/product\\\/kangertech-cupti-black-692404\\\/#organizationLogo\"},\"sameAs\":[\"https:\\\/\\\/www.facebook.com\\\/tabaccomd.com\\\/\",\"https:\\\/\\\/www.instagram.com\\\/tabaccomd.com\\\/\"],\"address\":{\"@id\":\"https:\\\/\\\/tabaccomd.com\\\/ro\\\/#postaladdress\",\"@type\":\"PostalAddress\",\"streetAddress\":\"Strada Albi\\u015foara 4, Chi\\u0219in\\u0103u, Bulevardul \\u0218tefan cel Mare \\u0219i Sf\\u00eent 136, Chi\\u0219in\\u0103u\",\"addressLocality\":\"Chi\\u0219in\\u0103u\",\"addressCountry\":\"MD\"}},{\"@type\":\"Product\",\"@id\":\"https:\\\/\\\/tabaccomd.com\\\/ro\\\/product\\\/kangertech-cupti-black-692404\\\/#wooCommerceProduct\",\"name\":\"KangerTech CUPTI black 692404\",\"description\":\"Se vinde fara baterie\\r\\n \\tAfi\\u0219aj OLED care arat\\u0103 wa\\u021bi, ohmi, vol\\u021bi \\u0219i starea de \\u00eenc\\u0103rcare\\r\\n \\tPutere 7 - 50 W\\r\\n \\tCuloare: neagr\\u0103\\r\\n \\tVolum: 2 ml\\r\\n \\tMarca: KangerTech\",\"url\":\"https:\\\/\\\/tabaccomd.com\\\/ro\\\/product\\\/kangertech-cupti-black-692404\\\/\",\"sku\":\"692404\",\"image\":{\"@type\":\"ImageObject\",\"url\":\"https:\\\/\\\/tabaccomd.com\\\/wp-content\\\/uploads\\\/2022\\\/08\\\/Frame-32-14.jpg\",\"@id\":\"https:\\\/\\\/tabaccomd.com\\\/ro\\\/product\\\/kangertech-cupti-black-692404\\\/#productImage\",\"width\":1000,\"height\":1000},\"offers\":{\"@type\":\"Offer\",\"url\":\"https:\\\/\\\/tabaccomd.com\\\/ro\\\/product\\\/kangertech-cupti-black-692404\\\/#wooCommerceOffer\",\"price\":1450,\"priceCurrency\":\"MDL\",\"category\":\"Sisteme POD\",\"availability\":\"https:\\\/\\\/schema.org\\\/OutOfStock\",\"priceSpecification\":{\"@type\":\"PriceSpecification\",\"price\":1450,\"priceCurrency\":\"MDL\",\"valueAddedTaxIncluded\":\"true\"},\"seller\":{\"@type\":\"Organization\",\"@id\":\"https:\\\/\\\/tabaccomd.com\\\/ro\\\/#organization\"}}},{\"@type\":\"WebPage\",\"@id\":\"https:\\\/\\\/tabaccomd.com\\\/ro\\\/product\\\/kangertech-cupti-black-692404\\\/#webpage\",\"url\":\"https:\\\/\\\/tabaccomd.com\\\/ro\\\/product\\\/kangertech-cupti-black-692404\\\/\",\"name\":\"KangerTech CUPTI black 692404 \\u2013 Tabacco House\",\"inLanguage\":\"ro-RO\",\"isPartOf\":{\"@id\":\"https:\\\/\\\/tabaccomd.com\\\/ro\\\/#website\"},\"breadcrumb\":{\"@id\":\"https:\\\/\\\/tabaccomd.com\\\/ro\\\/product\\\/kangertech-cupti-black-692404\\\/#breadcrumblist\"},\"image\":{\"@type\":\"ImageObject\",\"url\":\"https:\\\/\\\/tabaccomd.com\\\/wp-content\\\/uploads\\\/2022\\\/08\\\/Frame-32-14.jpg\",\"@id\":\"https:\\\/\\\/tabaccomd.com\\\/ro\\\/product\\\/kangertech-cupti-black-692404\\\/#mainImage\",\"width\":1000,\"height\":1000},\"primaryImageOfPage\":{\"@id\":\"https:\\\/\\\/tabaccomd.com\\\/ro\\\/product\\\/kangertech-cupti-black-692404\\\/#mainImage\"},\"datePublished\":\"2022-08-23T09:45:15+03:00\",\"dateModified\":\"2022-08-23T09:45:15+03:00\"},{\"@type\":\"WebSite\",\"@id\":\"https:\\\/\\\/tabaccomd.com\\\/ro\\\/#website\",\"url\":\"https:\\\/\\\/tabaccomd.com\\\/ro\\\/\",\"name\":\"Tabacco House\",\"alternateName\":\"tobaccomd.com\",\"description\":\"\\u041c\\u0430\\u0433\\u0430\\u0437\\u0438\\u043d \\u0442\\u0430\\u0431\\u0430\\u0447\\u043d\\u044b\\u0445 \\u0438\\u0437\\u0434\\u0435\\u043b\\u0438\\u0439\",\"inLanguage\":\"ro-RO\",\"publisher\":{\"@id\":\"https:\\\/\\\/tabaccomd.com\\\/ro\\\/#organization\"}}]}\n\t\t<\/script>\n\t\t<!-- All in One SEO Pro -->\r\n\t\t<title>KangerTech CUPTI black 692404 \u2013 Tabacco House<\/title>\n\n","aioseo_head_json":{"title":"KangerTech CUPTI black 692404 \u2013 Tabacco House","description":"","canonical_url":"https:\/\/tabaccomd.com\/ro\/product\/kangertech-cupti-black-692404\/","robots":"max-image-preview:large","keywords":"","webmasterTools":{"miscellaneous":""},"schema":{"@context":"https:\/\/schema.org","@graph":[{"@type":"BreadcrumbList","@id":"https:\/\/tabaccomd.com\/ro\/product\/kangertech-cupti-black-692404\/#breadcrumblist","itemListElement":[{"@type":"ListItem","@id":"https:\/\/tabaccomd.com\/ro\/#listItem","position":1,"name":"\u0413\u043b\u0430\u0432\u043d\u0430\u044f","item":"https:\/\/tabaccomd.com\/ro\/","nextItem":{"@type":"ListItem","@id":"https:\/\/tabaccomd.com\/ro\/catalog\/#listItem","name":"Catalog"}},{"@type":"ListItem","@id":"https:\/\/tabaccomd.com\/ro\/catalog\/#listItem","position":2,"name":"Catalog","item":"https:\/\/tabaccomd.com\/ro\/catalog\/","nextItem":{"@type":"ListItem","@id":"https:\/\/tabaccomd.com\/ro\/product-category\/vape-ro\/#listItem","name":"Vape"},"previousItem":{"@type":"ListItem","@id":"https:\/\/tabaccomd.com\/ro\/#listItem","name":"\u0413\u043b\u0430\u0432\u043d\u0430\u044f"}},{"@type":"ListItem","@id":"https:\/\/tabaccomd.com\/ro\/product-category\/vape-ro\/#listItem","position":3,"name":"Vape","item":"https:\/\/tabaccomd.com\/ro\/product-category\/vape-ro\/","nextItem":{"@type":"ListItem","@id":"https:\/\/tabaccomd.com\/ro\/product-category\/vape-ro\/sisteme-pod\/#listItem","name":"Sisteme POD"},"previousItem":{"@type":"ListItem","@id":"https:\/\/tabaccomd.com\/ro\/catalog\/#listItem","name":"Catalog"}},{"@type":"ListItem","@id":"https:\/\/tabaccomd.com\/ro\/product-category\/vape-ro\/sisteme-pod\/#listItem","position":4,"name":"Sisteme POD","item":"https:\/\/tabaccomd.com\/ro\/product-category\/vape-ro\/sisteme-pod\/","nextItem":{"@type":"ListItem","@id":"https:\/\/tabaccomd.com\/ro\/product\/kangertech-cupti-black-692404\/#listItem","name":"KangerTech CUPTI black 692404"},"previousItem":{"@type":"ListItem","@id":"https:\/\/tabaccomd.com\/ro\/product-category\/vape-ro\/#listItem","name":"Vape"}},{"@type":"ListItem","@id":"https:\/\/tabaccomd.com\/ro\/product\/kangertech-cupti-black-692404\/#listItem","position":5,"name":"KangerTech CUPTI black 692404","previousItem":{"@type":"ListItem","@id":"https:\/\/tabaccomd.com\/ro\/product-category\/vape-ro\/sisteme-pod\/#listItem","name":"Sisteme POD"}}]},{"@type":"Organization","@id":"https:\/\/tabaccomd.com\/ro\/#organization","name":"Tabacco House","description":"\u041c\u0430\u0433\u0430\u0437\u0438\u043d \u0442\u0430\u0431\u0430\u0447\u043d\u044b\u0445 \u0438\u0437\u0434\u0435\u043b\u0438\u0439","url":"https:\/\/tabaccomd.com\/ro\/","email":"Office@cazacuhouse.com","telephone":"+37361000935","logo":{"@type":"ImageObject","url":"https:\/\/tabaccomd.com\/wp-content\/uploads\/2024\/02\/logo_header3.png","@id":"https:\/\/tabaccomd.com\/ro\/product\/kangertech-cupti-black-692404\/#organizationLogo","width":32,"height":32,"caption":"Tabacco House"},"image":{"@id":"https:\/\/tabaccomd.com\/ro\/product\/kangertech-cupti-black-692404\/#organizationLogo"},"sameAs":["https:\/\/www.facebook.com\/tabaccomd.com\/","https:\/\/www.instagram.com\/tabaccomd.com\/"],"address":{"@id":"https:\/\/tabaccomd.com\/ro\/#postaladdress","@type":"PostalAddress","streetAddress":"Strada Albi\u015foara 4, Chi\u0219in\u0103u, Bulevardul \u0218tefan cel Mare \u0219i Sf\u00eent 136, Chi\u0219in\u0103u","addressLocality":"Chi\u0219in\u0103u","addressCountry":"MD"}},{"@type":"Product","@id":"https:\/\/tabaccomd.com\/ro\/product\/kangertech-cupti-black-692404\/#wooCommerceProduct","name":"KangerTech CUPTI black 692404","description":"Se vinde fara baterie\r\n \tAfi\u0219aj OLED care arat\u0103 wa\u021bi, ohmi, vol\u021bi \u0219i starea de \u00eenc\u0103rcare\r\n \tPutere 7 - 50 W\r\n \tCuloare: neagr\u0103\r\n \tVolum: 2 ml\r\n \tMarca: KangerTech","url":"https:\/\/tabaccomd.com\/ro\/product\/kangertech-cupti-black-692404\/","sku":"692404","image":{"@type":"ImageObject","url":"https:\/\/tabaccomd.com\/wp-content\/uploads\/2022\/08\/Frame-32-14.jpg","@id":"https:\/\/tabaccomd.com\/ro\/product\/kangertech-cupti-black-692404\/#productImage","width":1000,"height":1000},"offers":{"@type":"Offer","url":"https:\/\/tabaccomd.com\/ro\/product\/kangertech-cupti-black-692404\/#wooCommerceOffer","price":1450,"priceCurrency":"MDL","category":"Sisteme POD","availability":"https:\/\/schema.org\/OutOfStock","priceSpecification":{"@type":"PriceSpecification","price":1450,"priceCurrency":"MDL","valueAddedTaxIncluded":"true"},"seller":{"@type":"Organization","@id":"https:\/\/tabaccomd.com\/ro\/#organization"}}},{"@type":"WebPage","@id":"https:\/\/tabaccomd.com\/ro\/product\/kangertech-cupti-black-692404\/#webpage","url":"https:\/\/tabaccomd.com\/ro\/product\/kangertech-cupti-black-692404\/","name":"KangerTech CUPTI black 692404 \u2013 Tabacco House","inLanguage":"ro-RO","isPartOf":{"@id":"https:\/\/tabaccomd.com\/ro\/#website"},"breadcrumb":{"@id":"https:\/\/tabaccomd.com\/ro\/product\/kangertech-cupti-black-692404\/#breadcrumblist"},"image":{"@type":"ImageObject","url":"https:\/\/tabaccomd.com\/wp-content\/uploads\/2022\/08\/Frame-32-14.jpg","@id":"https:\/\/tabaccomd.com\/ro\/product\/kangertech-cupti-black-692404\/#mainImage","width":1000,"height":1000},"primaryImageOfPage":{"@id":"https:\/\/tabaccomd.com\/ro\/product\/kangertech-cupti-black-692404\/#mainImage"},"datePublished":"2022-08-23T09:45:15+03:00","dateModified":"2022-08-23T09:45:15+03:00"},{"@type":"WebSite","@id":"https:\/\/tabaccomd.com\/ro\/#website","url":"https:\/\/tabaccomd.com\/ro\/","name":"Tabacco House","alternateName":"tobaccomd.com","description":"\u041c\u0430\u0433\u0430\u0437\u0438\u043d \u0442\u0430\u0431\u0430\u0447\u043d\u044b\u0445 \u0438\u0437\u0434\u0435\u043b\u0438\u0439","inLanguage":"ro-RO","publisher":{"@id":"https:\/\/tabaccomd.com\/ro\/#organization"}}]},"og:locale":"ro_RO","og:site_name":"Tabacco House \u2013 \u041c\u0430\u0433\u0430\u0437\u0438\u043d \u0442\u0430\u0431\u0430\u0447\u043d\u044b\u0445 \u0438\u0437\u0434\u0435\u043b\u0438\u0439","og:type":"article","og:title":"KangerTech CUPTI black 692404 \u2013 Tabacco House","og:url":"https:\/\/tabaccomd.com\/ro\/product\/kangertech-cupti-black-692404\/","article:published_time":"2022-08-23T06:45:15+00:00","article:modified_time":"2022-08-23T06:45:15+00:00","article:publisher":"https:\/\/www.facebook.com\/tabaccomd.com\/","twitter:card":"summary_large_image","twitter:title":"KangerTech CUPTI black 692404 \u2013 Tabacco House"},"aioseo_meta_data":{"post_id":"19663","title":null,"description":null,"keywords":null,"keyphrases":null,"primary_term":null,"canonical_url":null,"og_title":null,"og_description":null,"og_object_type":"default","og_image_type":"default","og_image_url":null,"og_image_width":null,"og_image_height":null,"og_image_custom_url":null,"og_image_custom_fields":null,"og_video":null,"og_custom_url":null,"og_article_section":null,"og_article_tags":null,"twitter_use_og":false,"twitter_card":"default","twitter_image_type":"default","twitter_image_url":null,"twitter_image_custom_url":null,"twitter_image_custom_fields":null,"twitter_title":null,"twitter_description":null,"schema":{"blockGraphs":[],"customGraphs":[],"default":{"data":{"Article":[],"Course":[],"Dataset":[],"FAQPage":[],"Movie":[],"Person":[],"Product":[],"ProductReview":[],"Car":[],"Recipe":[],"Service":[],"SoftwareApplication":[],"WebPage":[]},"graphName":"","isEnabled":true},"graphs":[]},"schema_type":"default","schema_type_options":null,"pillar_content":false,"robots_default":true,"robots_noindex":false,"robots_noarchive":false,"robots_nosnippet":false,"robots_nofollow":false,"robots_noimageindex":false,"robots_noodp":false,"robots_notranslate":false,"robots_max_snippet":null,"robots_max_videopreview":null,"robots_max_imagepreview":"large","priority":null,"frequency":null,"local_seo":null,"seo_analyzer_scan_date":"2025-10-20 04:02:49","breadcrumb_settings":null,"limit_modified_date":false,"reviewed_by":null,"open_ai":null,"ai":null,"created":"2023-03-30 14:23:57","updated":"2025-10-20 04:02:49"},"aioseo_breadcrumb":"<div class=\"aioseo-breadcrumbs\"><span class=\"aioseo-breadcrumb\">\n\t<a href=\"https:\/\/tabaccomd.com\/ro\/\" title=\"\u0413\u043b\u0430\u0432\u043d\u0430\u044f\">\u0413\u043b\u0430\u0432\u043d\u0430\u044f<\/a>\n<\/span><span class=\"aioseo-breadcrumb-separator\">\u00bb<\/span><span class=\"aioseo-breadcrumb\">\n\t<a href=\"https:\/\/tabaccomd.com\/ro\/catalog\/\" title=\"Catalog\">Catalog<\/a>\n<\/span><span class=\"aioseo-breadcrumb-separator\">\u00bb<\/span><span class=\"aioseo-breadcrumb\">\n\t<a href=\"https:\/\/tabaccomd.com\/ro\/product-category\/vape-ro\/\" title=\"Vape\">Vape<\/a>\n<\/span><span class=\"aioseo-breadcrumb-separator\">\u00bb<\/span><span class=\"aioseo-breadcrumb\">\n\t<a href=\"https:\/\/tabaccomd.com\/ro\/product-category\/vape-ro\/sisteme-pod\/\" title=\"Sisteme POD\">Sisteme POD<\/a>\n<\/span><span class=\"aioseo-breadcrumb-separator\">\u00bb<\/span><span class=\"aioseo-breadcrumb\">\n\tKangerTech CUPTI black 692404\n<\/span><\/div>","aioseo_breadcrumb_json":[{"label":"\u0413\u043b\u0430\u0432\u043d\u0430\u044f","link":"https:\/\/tabaccomd.com\/ro\/"},{"label":"Catalog","link":"https:\/\/tabaccomd.com\/ro\/catalog\/"},{"label":"Vape","link":"https:\/\/tabaccomd.com\/ro\/product-category\/vape-ro\/"},{"label":"Sisteme POD","link":"https:\/\/tabaccomd.com\/ro\/product-category\/vape-ro\/sisteme-pod\/"},{"label":"KangerTech CUPTI black 692404","link":"https:\/\/tabaccomd.com\/ro\/product\/kangertech-cupti-black-692404\/"}],"images_for_1c":[{"url":"https:\/\/tabaccomd.com\/wp-content\/uploads\/2022\/08\/Frame-32-14.jpg","type":"featured","alt":"","filename":"Frame-32-14.jpg"},{"url":"https:\/\/tabaccomd.com\/wp-content\/uploads\/2022\/08\/2-25.jpg","type":"gallery","alt":"","filename":"2-25.jpg"}],"additional_data_1c":{"modified_date":"2022-08-23 09:45:15","permalink":"https:\/\/tabaccomd.com\/ro\/product\/kangertech-cupti-black-692404\/","stock_status":"outofstock","manage_stock":"no"},"_links":{"self":[{"href":"https:\/\/tabaccomd.com\/ro\/wp-json\/wp\/v2\/product\/19663","targetHints":{"allow":["GET"]}}],"collection":[{"href":"https:\/\/tabaccomd.com\/ro\/wp-json\/wp\/v2\/product"}],"about":[{"href":"https:\/\/tabaccomd.com\/ro\/wp-json\/wp\/v2\/types\/product"}],"wp:featuredmedia":[{"embeddable":true,"href":"https:\/\/tabaccomd.com\/ro\/wp-json\/wp\/v2\/media\/119930"}],"wp:attachment":[{"href":"https:\/\/tabaccomd.com\/ro\/wp-json\/wp\/v2\/media?parent=19663"}],"wp:term":[{"taxonomy":"product_brand","embeddable":true,"href":"https:\/\/tabaccomd.com\/ro\/wp-json\/wp\/v2\/product_brand?post=19663"},{"taxonomy":"product_cat","embeddable":true,"href":"https:\/\/tabaccomd.com\/ro\/wp-json\/wp\/v2\/product_cat?post=19663"},{"taxonomy":"product_tag","embeddable":true,"href":"https:\/\/tabaccomd.com\/ro\/wp-json\/wp\/v2\/product_tag?post=19663"}],"curies":[{"name":"wp","href":"https:\/\/api.w.org\/{rel}","templated":true}]}}