{"id":19609,"date":"2022-07-15T12:30:53","date_gmt":"2022-07-15T09:30:53","guid":{"rendered":"https:\/\/new124.tabaccomd.com\/product\/tigara-electronica-elfbar-1500-lux-peach-mango-guava\/"},"modified":"2022-07-15T12:30:53","modified_gmt":"2022-07-15T09:30:53","slug":"tigara-electronica-elfbar-1500-lux-peach-mango-guava","status":"publish","type":"product","link":"https:\/\/tabaccomd.com\/ro\/product\/tigara-electronica-elfbar-1500-lux-peach-mango-guava\/","title":{"rendered":"Tigara electronica ELFBAR 1500 Lux Peach Mango Guava"},"content":{"rendered":"<p>Elf Bar este o tigara electronica excelenta de unica folosinta pentru incepatori si pentru cei care cauta usurinta si confort maxim in vaping. Sistemul de pod nu necesit\u0103 absolut nicio re\u00eenc\u0103rcare \u0219i reumplere cu lichid de vapoare, ceea ce \u00eel face cea mai simpl\u0103 \u0219i convenabil\u0103 solu\u021bie pentru toat\u0103 lumea.<\/p>\n<p>Puteti cumpara Tigara electronica ELFBAR 1500 Lux Peach Mango Guava de pe Tabacco.md<\/p>\n","protected":false},"excerpt":{"rendered":"<ul>\n<li>Con\u021bine nicotin\u0103 2%<\/li>\n<li>Capacitate cartus: 4,8 ml<\/li>\n<li>Capacitate baterie: 850 mAh<\/li>\n<li>Num\u0103r de pufuri: 1500<\/li>\n<li>Gust: Piersici, mango, guava<\/li>\n<\/ul>\n","protected":false},"featured_media":17647,"template":"","meta":{"om_disable_all_campaigns":false,"_monsterinsights_skip_tracking":false,"_monsterinsights_sitenote_active":false,"_monsterinsights_sitenote_note":"","_monsterinsights_sitenote_category":0},"product_brand":[],"product_cat":[229],"product_tag":[],"class_list":{"0":"post-19609","1":"product","2":"type-product","3":"status-publish","4":"has-post-thumbnail","6":"product_cat-elfbar-ro-2","8":"first","9":"outofstock","10":"taxable","11":"shipping-taxable","12":"purchasable","13":"product-type-simple"},"aioseo_notices":[],"aioseo_head":"\n\t\t<!-- All in One SEO Pro 4.9.6.2 - aioseo.com -->\n\t<meta name=\"robots\" content=\"max-image-preview:large\" \/>\n\t<link rel=\"canonical\" href=\"https:\/\/tabaccomd.com\/ro\/product\/tigara-electronica-elfbar-1500-lux-peach-mango-guava\/\" \/>\n\t<meta name=\"generator\" content=\"All in One SEO Pro (AIOSEO) 4.9.6.2\" \/>\n\t\t<meta property=\"og:locale\" content=\"ro_RO\" \/>\n\t\t<meta property=\"og:site_name\" content=\"Tabacco House \u2013 \u041c\u0430\u0433\u0430\u0437\u0438\u043d \u0442\u0430\u0431\u0430\u0447\u043d\u044b\u0445 \u0438\u0437\u0434\u0435\u043b\u0438\u0439\" \/>\n\t\t<meta property=\"og:type\" content=\"article\" \/>\n\t\t<meta property=\"og:title\" content=\"Tigara electronica ELFBAR 1500 Lux Peach Mango Guava \u2013 Tabacco House\" \/>\n\t\t<meta property=\"og:url\" content=\"https:\/\/tabaccomd.com\/ro\/product\/tigara-electronica-elfbar-1500-lux-peach-mango-guava\/\" \/>\n\t\t<meta property=\"article:published_time\" content=\"2022-07-15T09:30:53+00:00\" \/>\n\t\t<meta property=\"article:modified_time\" content=\"2022-07-15T09:30:53+00:00\" \/>\n\t\t<meta property=\"article:publisher\" content=\"https:\/\/www.facebook.com\/tabaccomd.com\/\" \/>\n\t\t<meta name=\"twitter:card\" content=\"summary_large_image\" \/>\n\t\t<meta name=\"twitter:title\" content=\"Tigara electronica ELFBAR 1500 Lux Peach Mango Guava \u2013 Tabacco House\" \/>\n\t\t<script type=\"application\/ld+json\" class=\"aioseo-schema\">\n\t\t\t{\"@context\":\"https:\\\/\\\/schema.org\",\"@graph\":[{\"@type\":\"BreadcrumbList\",\"@id\":\"https:\\\/\\\/tabaccomd.com\\\/ro\\\/product\\\/tigara-electronica-elfbar-1500-lux-peach-mango-guava\\\/#breadcrumblist\",\"itemListElement\":[{\"@type\":\"ListItem\",\"@id\":\"https:\\\/\\\/tabaccomd.com\\\/ro\\\/#listItem\",\"position\":1,\"name\":\"\\u0413\\u043b\\u0430\\u0432\\u043d\\u0430\\u044f\",\"item\":\"https:\\\/\\\/tabaccomd.com\\\/ro\\\/\",\"nextItem\":{\"@type\":\"ListItem\",\"@id\":\"https:\\\/\\\/tabaccomd.com\\\/ro\\\/catalog\\\/#listItem\",\"name\":\"Catalog\"}},{\"@type\":\"ListItem\",\"@id\":\"https:\\\/\\\/tabaccomd.com\\\/ro\\\/catalog\\\/#listItem\",\"position\":2,\"name\":\"Catalog\",\"item\":\"https:\\\/\\\/tabaccomd.com\\\/ro\\\/catalog\\\/\",\"nextItem\":{\"@type\":\"ListItem\",\"@id\":\"https:\\\/\\\/tabaccomd.com\\\/ro\\\/product-category\\\/e-shisha-ro-2\\\/#listItem\",\"name\":\"E-Shisha\"},\"previousItem\":{\"@type\":\"ListItem\",\"@id\":\"https:\\\/\\\/tabaccomd.com\\\/ro\\\/#listItem\",\"name\":\"\\u0413\\u043b\\u0430\\u0432\\u043d\\u0430\\u044f\"}},{\"@type\":\"ListItem\",\"@id\":\"https:\\\/\\\/tabaccomd.com\\\/ro\\\/product-category\\\/e-shisha-ro-2\\\/#listItem\",\"position\":3,\"name\":\"E-Shisha\",\"item\":\"https:\\\/\\\/tabaccomd.com\\\/ro\\\/product-category\\\/e-shisha-ro-2\\\/\",\"nextItem\":{\"@type\":\"ListItem\",\"@id\":\"https:\\\/\\\/tabaccomd.com\\\/ro\\\/product-category\\\/e-shisha-ro-2\\\/elfbar-ro-2\\\/#listItem\",\"name\":\"Elfbar\"},\"previousItem\":{\"@type\":\"ListItem\",\"@id\":\"https:\\\/\\\/tabaccomd.com\\\/ro\\\/catalog\\\/#listItem\",\"name\":\"Catalog\"}},{\"@type\":\"ListItem\",\"@id\":\"https:\\\/\\\/tabaccomd.com\\\/ro\\\/product-category\\\/e-shisha-ro-2\\\/elfbar-ro-2\\\/#listItem\",\"position\":4,\"name\":\"Elfbar\",\"item\":\"https:\\\/\\\/tabaccomd.com\\\/ro\\\/product-category\\\/e-shisha-ro-2\\\/elfbar-ro-2\\\/\",\"nextItem\":{\"@type\":\"ListItem\",\"@id\":\"https:\\\/\\\/tabaccomd.com\\\/ro\\\/product\\\/tigara-electronica-elfbar-1500-lux-peach-mango-guava\\\/#listItem\",\"name\":\"Tigara electronica ELFBAR 1500 Lux Peach Mango Guava\"},\"previousItem\":{\"@type\":\"ListItem\",\"@id\":\"https:\\\/\\\/tabaccomd.com\\\/ro\\\/product-category\\\/e-shisha-ro-2\\\/#listItem\",\"name\":\"E-Shisha\"}},{\"@type\":\"ListItem\",\"@id\":\"https:\\\/\\\/tabaccomd.com\\\/ro\\\/product\\\/tigara-electronica-elfbar-1500-lux-peach-mango-guava\\\/#listItem\",\"position\":5,\"name\":\"Tigara electronica ELFBAR 1500 Lux Peach Mango Guava\",\"previousItem\":{\"@type\":\"ListItem\",\"@id\":\"https:\\\/\\\/tabaccomd.com\\\/ro\\\/product-category\\\/e-shisha-ro-2\\\/elfbar-ro-2\\\/#listItem\",\"name\":\"Elfbar\"}}]},{\"@type\":\"Organization\",\"@id\":\"https:\\\/\\\/tabaccomd.com\\\/ro\\\/#organization\",\"name\":\"Tabacco House\",\"description\":\"\\u041c\\u0430\\u0433\\u0430\\u0437\\u0438\\u043d \\u0442\\u0430\\u0431\\u0430\\u0447\\u043d\\u044b\\u0445 \\u0438\\u0437\\u0434\\u0435\\u043b\\u0438\\u0439\",\"url\":\"https:\\\/\\\/tabaccomd.com\\\/ro\\\/\",\"email\":\"Office@cazacuhouse.com\",\"telephone\":\"+37361000935\",\"logo\":{\"@type\":\"ImageObject\",\"url\":\"https:\\\/\\\/tabaccomd.com\\\/wp-content\\\/uploads\\\/2024\\\/02\\\/logo_header3.png\",\"@id\":\"https:\\\/\\\/tabaccomd.com\\\/ro\\\/product\\\/tigara-electronica-elfbar-1500-lux-peach-mango-guava\\\/#organizationLogo\",\"width\":32,\"height\":32,\"caption\":\"Tabacco House\"},\"image\":{\"@id\":\"https:\\\/\\\/tabaccomd.com\\\/ro\\\/product\\\/tigara-electronica-elfbar-1500-lux-peach-mango-guava\\\/#organizationLogo\"},\"sameAs\":[\"https:\\\/\\\/www.facebook.com\\\/tabaccomd.com\\\/\",\"https:\\\/\\\/www.instagram.com\\\/tabaccomd.com\\\/\"],\"address\":{\"@id\":\"https:\\\/\\\/tabaccomd.com\\\/ro\\\/#postaladdress\",\"@type\":\"PostalAddress\",\"streetAddress\":\"Strada Albi\\u015foara 4, Chi\\u0219in\\u0103u, Bulevardul \\u0218tefan cel Mare \\u0219i Sf\\u00eent 136, Chi\\u0219in\\u0103u\",\"addressLocality\":\"Chi\\u0219in\\u0103u\",\"addressCountry\":\"MD\"}},{\"@type\":\"Product\",\"@id\":\"https:\\\/\\\/tabaccomd.com\\\/ro\\\/product\\\/tigara-electronica-elfbar-1500-lux-peach-mango-guava\\\/#wooCommerceProduct\",\"name\":\"Tigara electronica ELFBAR 1500 Lux Peach Mango Guava\",\"description\":\"Con\\u021bine nicotin\\u0103 2%\\r\\n \\tCapacitate cartus: 4,8 ml\\r\\n \\tCapacitate baterie: 850 mAh\\r\\n \\tNum\\u0103r de pufuri: 1500\\r\\n \\tGust: Piersici, mango, guava\",\"url\":\"https:\\\/\\\/tabaccomd.com\\\/ro\\\/product\\\/tigara-electronica-elfbar-1500-lux-peach-mango-guava\\\/\",\"sku\":\"1500 Lux Peach Mango Guava\",\"image\":{\"@type\":\"ImageObject\",\"url\":\"https:\\\/\\\/tabaccomd.com\\\/wp-content\\\/uploads\\\/2022\\\/07\\\/elf-bar-850-peach-mango-guava-50-mg-do-1500-zatyazhek-odnorazovyy-veyp-76994634935671.jpg\",\"@id\":\"https:\\\/\\\/tabaccomd.com\\\/ro\\\/product\\\/tigara-electronica-elfbar-1500-lux-peach-mango-guava\\\/#productImage\",\"width\":480,\"height\":480},\"offers\":{\"@type\":\"Offer\",\"url\":\"https:\\\/\\\/tabaccomd.com\\\/ro\\\/product\\\/tigara-electronica-elfbar-1500-lux-peach-mango-guava\\\/#wooCommerceOffer\",\"price\":250,\"priceCurrency\":\"MDL\",\"category\":\"Elfbar\",\"availability\":\"https:\\\/\\\/schema.org\\\/OutOfStock\",\"priceSpecification\":{\"@type\":\"PriceSpecification\",\"price\":250,\"priceCurrency\":\"MDL\",\"valueAddedTaxIncluded\":\"true\"},\"seller\":{\"@type\":\"Organization\",\"@id\":\"https:\\\/\\\/tabaccomd.com\\\/ro\\\/#organization\"}}},{\"@type\":\"WebPage\",\"@id\":\"https:\\\/\\\/tabaccomd.com\\\/ro\\\/product\\\/tigara-electronica-elfbar-1500-lux-peach-mango-guava\\\/#webpage\",\"url\":\"https:\\\/\\\/tabaccomd.com\\\/ro\\\/product\\\/tigara-electronica-elfbar-1500-lux-peach-mango-guava\\\/\",\"name\":\"Tigara electronica ELFBAR 1500 Lux Peach Mango Guava \\u2013 Tabacco House\",\"inLanguage\":\"ro-RO\",\"isPartOf\":{\"@id\":\"https:\\\/\\\/tabaccomd.com\\\/ro\\\/#website\"},\"breadcrumb\":{\"@id\":\"https:\\\/\\\/tabaccomd.com\\\/ro\\\/product\\\/tigara-electronica-elfbar-1500-lux-peach-mango-guava\\\/#breadcrumblist\"},\"image\":{\"@type\":\"ImageObject\",\"url\":\"https:\\\/\\\/tabaccomd.com\\\/wp-content\\\/uploads\\\/2022\\\/07\\\/elf-bar-850-peach-mango-guava-50-mg-do-1500-zatyazhek-odnorazovyy-veyp-76994634935671.jpg\",\"@id\":\"https:\\\/\\\/tabaccomd.com\\\/ro\\\/product\\\/tigara-electronica-elfbar-1500-lux-peach-mango-guava\\\/#mainImage\",\"width\":480,\"height\":480},\"primaryImageOfPage\":{\"@id\":\"https:\\\/\\\/tabaccomd.com\\\/ro\\\/product\\\/tigara-electronica-elfbar-1500-lux-peach-mango-guava\\\/#mainImage\"},\"datePublished\":\"2022-07-15T12:30:53+03:00\",\"dateModified\":\"2022-07-15T12:30:53+03:00\"},{\"@type\":\"WebSite\",\"@id\":\"https:\\\/\\\/tabaccomd.com\\\/ro\\\/#website\",\"url\":\"https:\\\/\\\/tabaccomd.com\\\/ro\\\/\",\"name\":\"Tabacco House\",\"alternateName\":\"tobaccomd.com\",\"description\":\"\\u041c\\u0430\\u0433\\u0430\\u0437\\u0438\\u043d \\u0442\\u0430\\u0431\\u0430\\u0447\\u043d\\u044b\\u0445 \\u0438\\u0437\\u0434\\u0435\\u043b\\u0438\\u0439\",\"inLanguage\":\"ro-RO\",\"publisher\":{\"@id\":\"https:\\\/\\\/tabaccomd.com\\\/ro\\\/#organization\"}}]}\n\t\t<\/script>\n\t\t<!-- All in One SEO Pro -->\r\n\t\t<title>Tigara electronica ELFBAR 1500 Lux Peach Mango Guava \u2013 Tabacco House<\/title>\n\n","aioseo_head_json":{"title":"Tigara electronica ELFBAR 1500 Lux Peach Mango Guava \u2013 Tabacco House","description":"","canonical_url":"https:\/\/tabaccomd.com\/ro\/product\/tigara-electronica-elfbar-1500-lux-peach-mango-guava\/","robots":"max-image-preview:large","keywords":"","webmasterTools":{"miscellaneous":""},"schema":{"@context":"https:\/\/schema.org","@graph":[{"@type":"BreadcrumbList","@id":"https:\/\/tabaccomd.com\/ro\/product\/tigara-electronica-elfbar-1500-lux-peach-mango-guava\/#breadcrumblist","itemListElement":[{"@type":"ListItem","@id":"https:\/\/tabaccomd.com\/ro\/#listItem","position":1,"name":"\u0413\u043b\u0430\u0432\u043d\u0430\u044f","item":"https:\/\/tabaccomd.com\/ro\/","nextItem":{"@type":"ListItem","@id":"https:\/\/tabaccomd.com\/ro\/catalog\/#listItem","name":"Catalog"}},{"@type":"ListItem","@id":"https:\/\/tabaccomd.com\/ro\/catalog\/#listItem","position":2,"name":"Catalog","item":"https:\/\/tabaccomd.com\/ro\/catalog\/","nextItem":{"@type":"ListItem","@id":"https:\/\/tabaccomd.com\/ro\/product-category\/e-shisha-ro-2\/#listItem","name":"E-Shisha"},"previousItem":{"@type":"ListItem","@id":"https:\/\/tabaccomd.com\/ro\/#listItem","name":"\u0413\u043b\u0430\u0432\u043d\u0430\u044f"}},{"@type":"ListItem","@id":"https:\/\/tabaccomd.com\/ro\/product-category\/e-shisha-ro-2\/#listItem","position":3,"name":"E-Shisha","item":"https:\/\/tabaccomd.com\/ro\/product-category\/e-shisha-ro-2\/","nextItem":{"@type":"ListItem","@id":"https:\/\/tabaccomd.com\/ro\/product-category\/e-shisha-ro-2\/elfbar-ro-2\/#listItem","name":"Elfbar"},"previousItem":{"@type":"ListItem","@id":"https:\/\/tabaccomd.com\/ro\/catalog\/#listItem","name":"Catalog"}},{"@type":"ListItem","@id":"https:\/\/tabaccomd.com\/ro\/product-category\/e-shisha-ro-2\/elfbar-ro-2\/#listItem","position":4,"name":"Elfbar","item":"https:\/\/tabaccomd.com\/ro\/product-category\/e-shisha-ro-2\/elfbar-ro-2\/","nextItem":{"@type":"ListItem","@id":"https:\/\/tabaccomd.com\/ro\/product\/tigara-electronica-elfbar-1500-lux-peach-mango-guava\/#listItem","name":"Tigara electronica ELFBAR 1500 Lux Peach Mango Guava"},"previousItem":{"@type":"ListItem","@id":"https:\/\/tabaccomd.com\/ro\/product-category\/e-shisha-ro-2\/#listItem","name":"E-Shisha"}},{"@type":"ListItem","@id":"https:\/\/tabaccomd.com\/ro\/product\/tigara-electronica-elfbar-1500-lux-peach-mango-guava\/#listItem","position":5,"name":"Tigara electronica ELFBAR 1500 Lux Peach Mango Guava","previousItem":{"@type":"ListItem","@id":"https:\/\/tabaccomd.com\/ro\/product-category\/e-shisha-ro-2\/elfbar-ro-2\/#listItem","name":"Elfbar"}}]},{"@type":"Organization","@id":"https:\/\/tabaccomd.com\/ro\/#organization","name":"Tabacco House","description":"\u041c\u0430\u0433\u0430\u0437\u0438\u043d \u0442\u0430\u0431\u0430\u0447\u043d\u044b\u0445 \u0438\u0437\u0434\u0435\u043b\u0438\u0439","url":"https:\/\/tabaccomd.com\/ro\/","email":"Office@cazacuhouse.com","telephone":"+37361000935","logo":{"@type":"ImageObject","url":"https:\/\/tabaccomd.com\/wp-content\/uploads\/2024\/02\/logo_header3.png","@id":"https:\/\/tabaccomd.com\/ro\/product\/tigara-electronica-elfbar-1500-lux-peach-mango-guava\/#organizationLogo","width":32,"height":32,"caption":"Tabacco House"},"image":{"@id":"https:\/\/tabaccomd.com\/ro\/product\/tigara-electronica-elfbar-1500-lux-peach-mango-guava\/#organizationLogo"},"sameAs":["https:\/\/www.facebook.com\/tabaccomd.com\/","https:\/\/www.instagram.com\/tabaccomd.com\/"],"address":{"@id":"https:\/\/tabaccomd.com\/ro\/#postaladdress","@type":"PostalAddress","streetAddress":"Strada Albi\u015foara 4, Chi\u0219in\u0103u, Bulevardul \u0218tefan cel Mare \u0219i Sf\u00eent 136, Chi\u0219in\u0103u","addressLocality":"Chi\u0219in\u0103u","addressCountry":"MD"}},{"@type":"Product","@id":"https:\/\/tabaccomd.com\/ro\/product\/tigara-electronica-elfbar-1500-lux-peach-mango-guava\/#wooCommerceProduct","name":"Tigara electronica ELFBAR 1500 Lux Peach Mango Guava","description":"Con\u021bine nicotin\u0103 2%\r\n \tCapacitate cartus: 4,8 ml\r\n \tCapacitate baterie: 850 mAh\r\n \tNum\u0103r de pufuri: 1500\r\n \tGust: Piersici, mango, guava","url":"https:\/\/tabaccomd.com\/ro\/product\/tigara-electronica-elfbar-1500-lux-peach-mango-guava\/","sku":"1500 Lux Peach Mango Guava","image":{"@type":"ImageObject","url":"https:\/\/tabaccomd.com\/wp-content\/uploads\/2022\/07\/elf-bar-850-peach-mango-guava-50-mg-do-1500-zatyazhek-odnorazovyy-veyp-76994634935671.jpg","@id":"https:\/\/tabaccomd.com\/ro\/product\/tigara-electronica-elfbar-1500-lux-peach-mango-guava\/#productImage","width":480,"height":480},"offers":{"@type":"Offer","url":"https:\/\/tabaccomd.com\/ro\/product\/tigara-electronica-elfbar-1500-lux-peach-mango-guava\/#wooCommerceOffer","price":250,"priceCurrency":"MDL","category":"Elfbar","availability":"https:\/\/schema.org\/OutOfStock","priceSpecification":{"@type":"PriceSpecification","price":250,"priceCurrency":"MDL","valueAddedTaxIncluded":"true"},"seller":{"@type":"Organization","@id":"https:\/\/tabaccomd.com\/ro\/#organization"}}},{"@type":"WebPage","@id":"https:\/\/tabaccomd.com\/ro\/product\/tigara-electronica-elfbar-1500-lux-peach-mango-guava\/#webpage","url":"https:\/\/tabaccomd.com\/ro\/product\/tigara-electronica-elfbar-1500-lux-peach-mango-guava\/","name":"Tigara electronica ELFBAR 1500 Lux Peach Mango Guava \u2013 Tabacco House","inLanguage":"ro-RO","isPartOf":{"@id":"https:\/\/tabaccomd.com\/ro\/#website"},"breadcrumb":{"@id":"https:\/\/tabaccomd.com\/ro\/product\/tigara-electronica-elfbar-1500-lux-peach-mango-guava\/#breadcrumblist"},"image":{"@type":"ImageObject","url":"https:\/\/tabaccomd.com\/wp-content\/uploads\/2022\/07\/elf-bar-850-peach-mango-guava-50-mg-do-1500-zatyazhek-odnorazovyy-veyp-76994634935671.jpg","@id":"https:\/\/tabaccomd.com\/ro\/product\/tigara-electronica-elfbar-1500-lux-peach-mango-guava\/#mainImage","width":480,"height":480},"primaryImageOfPage":{"@id":"https:\/\/tabaccomd.com\/ro\/product\/tigara-electronica-elfbar-1500-lux-peach-mango-guava\/#mainImage"},"datePublished":"2022-07-15T12:30:53+03:00","dateModified":"2022-07-15T12:30:53+03:00"},{"@type":"WebSite","@id":"https:\/\/tabaccomd.com\/ro\/#website","url":"https:\/\/tabaccomd.com\/ro\/","name":"Tabacco House","alternateName":"tobaccomd.com","description":"\u041c\u0430\u0433\u0430\u0437\u0438\u043d \u0442\u0430\u0431\u0430\u0447\u043d\u044b\u0445 \u0438\u0437\u0434\u0435\u043b\u0438\u0439","inLanguage":"ro-RO","publisher":{"@id":"https:\/\/tabaccomd.com\/ro\/#organization"}}]},"og:locale":"ro_RO","og:site_name":"Tabacco House \u2013 \u041c\u0430\u0433\u0430\u0437\u0438\u043d \u0442\u0430\u0431\u0430\u0447\u043d\u044b\u0445 \u0438\u0437\u0434\u0435\u043b\u0438\u0439","og:type":"article","og:title":"Tigara electronica ELFBAR 1500 Lux Peach Mango Guava \u2013 Tabacco House","og:url":"https:\/\/tabaccomd.com\/ro\/product\/tigara-electronica-elfbar-1500-lux-peach-mango-guava\/","article:published_time":"2022-07-15T09:30:53+00:00","article:modified_time":"2022-07-15T09:30:53+00:00","article:publisher":"https:\/\/www.facebook.com\/tabaccomd.com\/","twitter:card":"summary_large_image","twitter:title":"Tigara electronica ELFBAR 1500 Lux Peach Mango Guava \u2013 Tabacco House"},"aioseo_meta_data":{"post_id":"19609","title":null,"description":null,"keywords":null,"keyphrases":null,"primary_term":null,"canonical_url":null,"og_title":null,"og_description":null,"og_object_type":"default","og_image_type":"default","og_image_url":null,"og_image_width":null,"og_image_height":null,"og_image_custom_url":null,"og_image_custom_fields":null,"og_video":null,"og_custom_url":null,"og_article_section":null,"og_article_tags":null,"twitter_use_og":false,"twitter_card":"default","twitter_image_type":"default","twitter_image_url":null,"twitter_image_custom_url":null,"twitter_image_custom_fields":null,"twitter_title":null,"twitter_description":null,"schema":{"blockGraphs":[],"customGraphs":[],"default":{"data":{"Article":[],"Course":[],"Dataset":[],"FAQPage":[],"Movie":[],"Person":[],"Product":[],"ProductReview":[],"Car":[],"Recipe":[],"Service":[],"SoftwareApplication":[],"WebPage":[]},"graphName":"","isEnabled":true},"graphs":[]},"schema_type":"default","schema_type_options":null,"pillar_content":false,"robots_default":true,"robots_noindex":false,"robots_noarchive":false,"robots_nosnippet":false,"robots_nofollow":false,"robots_noimageindex":false,"robots_noodp":false,"robots_notranslate":false,"robots_max_snippet":null,"robots_max_videopreview":null,"robots_max_imagepreview":"large","priority":null,"frequency":null,"local_seo":null,"seo_analyzer_scan_date":"2025-10-20 03:43:43","breadcrumb_settings":null,"limit_modified_date":false,"reviewed_by":null,"open_ai":null,"ai":null,"created":"2023-03-30 14:24:57","updated":"2025-10-20 03:43:43"},"aioseo_breadcrumb":"<div class=\"aioseo-breadcrumbs\"><span class=\"aioseo-breadcrumb\">\n\t<a href=\"https:\/\/tabaccomd.com\/ro\/\" title=\"\u0413\u043b\u0430\u0432\u043d\u0430\u044f\">\u0413\u043b\u0430\u0432\u043d\u0430\u044f<\/a>\n<\/span><span class=\"aioseo-breadcrumb-separator\">\u00bb<\/span><span class=\"aioseo-breadcrumb\">\n\t<a href=\"https:\/\/tabaccomd.com\/ro\/catalog\/\" title=\"Catalog\">Catalog<\/a>\n<\/span><span class=\"aioseo-breadcrumb-separator\">\u00bb<\/span><span class=\"aioseo-breadcrumb\">\n\t<a href=\"https:\/\/tabaccomd.com\/ro\/product-category\/e-shisha-ro-2\/\" title=\"E-Shisha\">E-Shisha<\/a>\n<\/span><span class=\"aioseo-breadcrumb-separator\">\u00bb<\/span><span class=\"aioseo-breadcrumb\">\n\t<a href=\"https:\/\/tabaccomd.com\/ro\/product-category\/e-shisha-ro-2\/elfbar-ro-2\/\" title=\"Elfbar\">Elfbar<\/a>\n<\/span><span class=\"aioseo-breadcrumb-separator\">\u00bb<\/span><span class=\"aioseo-breadcrumb\">\n\tTigara electronica ELFBAR 1500 Lux Peach Mango Guava\n<\/span><\/div>","aioseo_breadcrumb_json":[{"label":"\u0413\u043b\u0430\u0432\u043d\u0430\u044f","link":"https:\/\/tabaccomd.com\/ro\/"},{"label":"Catalog","link":"https:\/\/tabaccomd.com\/ro\/catalog\/"},{"label":"E-Shisha","link":"https:\/\/tabaccomd.com\/ro\/product-category\/e-shisha-ro-2\/"},{"label":"Elfbar","link":"https:\/\/tabaccomd.com\/ro\/product-category\/e-shisha-ro-2\/elfbar-ro-2\/"},{"label":"Tigara electronica ELFBAR 1500 Lux Peach Mango Guava","link":"https:\/\/tabaccomd.com\/ro\/product\/tigara-electronica-elfbar-1500-lux-peach-mango-guava\/"}],"images_for_1c":[{"url":"https:\/\/tabaccomd.com\/wp-content\/uploads\/2022\/07\/elf-bar-850-peach-mango-guava-50-mg-do-1500-zatyazhek-odnorazovyy-veyp-76994634935671.jpg","type":"featured","alt":"","filename":"elf-bar-850-peach-mango-guava-50-mg-do-1500-zatyazhek-odnorazovyy-veyp-76994634935671.jpg"}],"additional_data_1c":{"modified_date":"2022-07-15 12:30:53","permalink":"https:\/\/tabaccomd.com\/ro\/product\/tigara-electronica-elfbar-1500-lux-peach-mango-guava\/","stock_status":"outofstock","manage_stock":"no"},"_links":{"self":[{"href":"https:\/\/tabaccomd.com\/ro\/wp-json\/wp\/v2\/product\/19609","targetHints":{"allow":["GET"]}}],"collection":[{"href":"https:\/\/tabaccomd.com\/ro\/wp-json\/wp\/v2\/product"}],"about":[{"href":"https:\/\/tabaccomd.com\/ro\/wp-json\/wp\/v2\/types\/product"}],"wp:featuredmedia":[{"embeddable":true,"href":"https:\/\/tabaccomd.com\/ro\/wp-json\/wp\/v2\/media\/17647"}],"wp:attachment":[{"href":"https:\/\/tabaccomd.com\/ro\/wp-json\/wp\/v2\/media?parent=19609"}],"wp:term":[{"taxonomy":"product_brand","embeddable":true,"href":"https:\/\/tabaccomd.com\/ro\/wp-json\/wp\/v2\/product_brand?post=19609"},{"taxonomy":"product_cat","embeddable":true,"href":"https:\/\/tabaccomd.com\/ro\/wp-json\/wp\/v2\/product_cat?post=19609"},{"taxonomy":"product_tag","embeddable":true,"href":"https:\/\/tabaccomd.com\/ro\/wp-json\/wp\/v2\/product_tag?post=19609"}],"curies":[{"name":"wp","href":"https:\/\/api.w.org\/{rel}","templated":true}]}}