{"id":19560,"date":"2022-06-10T16:39:26","date_gmt":"2022-06-10T13:39:26","guid":{"rendered":"https:\/\/new124.tabaccomd.com\/product\/tigara-electronica-vaal-2500-cola-ice\/"},"modified":"2025-08-15T13:20:50","modified_gmt":"2025-08-15T10:20:50","slug":"tigara-electronica-vaal-2500-cola-ice","status":"publish","type":"product","link":"https:\/\/tabaccomd.com\/ro\/product\/tigara-electronica-vaal-2500-cola-ice\/","title":{"rendered":"Tigara electronica VAAL 2500 Cola Ice"},"content":{"rendered":"<p>Tigarile electronice VAAL 2500 iti vor oferi placerea vaporilor parfumati pentru o perioada indelungata de timp. Vapatorul de unic\u0103 folosin\u021b\u0103 este alimentat de o baterie puternic\u0103 de 1300 mAh. Cartu\u0219ul con\u021bine 6,5 ml de lichid, ceea ce este suficient pentru 2500 de pufuri \u00een medie. Acest model este activat folosind str\u00e2ngerea obi\u0219nuit\u0103. Unic\u0103 folosin\u021b\u0103 nu are func\u021bie de re\u00eenc\u0103rcare, dup\u0103 ce resursa este epuizat\u0103, trebuie aruncat\u0103.<\/p>\n<p>\u021aigara electronic\u0103 VAAL 2500 Cola Ice o po\u021bi cump\u0103ra de la magazinul Tabacco House.<\/p>\n","protected":false},"excerpt":{"rendered":"<ul>\n<li>Capacitate cartus: 6,5 ml<\/li>\n<li>Capacitate baterie: 1300 mAh<\/li>\n<li>Num\u0103r de pufuri: 2500<\/li>\n<li>Con\u021bine nicotin\u0103<\/li>\n<li>Gust: \u0441ola, ghea\u021b\u0103<\/li>\n<\/ul>\n","protected":false},"featured_media":17554,"template":"","meta":{"om_disable_all_campaigns":false,"_monsterinsights_skip_tracking":false,"_monsterinsights_sitenote_active":false,"_monsterinsights_sitenote_note":"","_monsterinsights_sitenote_category":0},"product_brand":[],"product_cat":[325],"product_tag":[],"class_list":{"0":"post-19560","1":"product","2":"type-product","3":"status-publish","4":"has-post-thumbnail","6":"product_cat-cafea","8":"first","9":"outofstock","10":"taxable","11":"shipping-taxable","12":"purchasable","13":"product-type-simple"},"aioseo_notices":[],"aioseo_head":"\n\t\t<!-- All in One SEO Pro 4.9.5.2 - aioseo.com -->\n\t<meta name=\"robots\" content=\"max-image-preview:large\" \/>\n\t<link rel=\"canonical\" href=\"https:\/\/tabaccomd.com\/ro\/product\/tigara-electronica-vaal-2500-cola-ice\/\" \/>\n\t<meta name=\"generator\" content=\"All in One SEO Pro (AIOSEO) 4.9.5.2\" \/>\n\t\t<meta property=\"og:locale\" content=\"ro_RO\" \/>\n\t\t<meta property=\"og:site_name\" content=\"Tabacco House \u2013 \u041c\u0430\u0433\u0430\u0437\u0438\u043d \u0442\u0430\u0431\u0430\u0447\u043d\u044b\u0445 \u0438\u0437\u0434\u0435\u043b\u0438\u0439\" \/>\n\t\t<meta property=\"og:type\" content=\"article\" \/>\n\t\t<meta property=\"og:title\" content=\"Tigara electronica VAAL 2500 Cola Ice \u2013 Tabacco House\" \/>\n\t\t<meta property=\"og:url\" content=\"https:\/\/tabaccomd.com\/ro\/product\/tigara-electronica-vaal-2500-cola-ice\/\" \/>\n\t\t<meta property=\"article:published_time\" content=\"2022-06-10T13:39:26+00:00\" \/>\n\t\t<meta property=\"article:modified_time\" content=\"2025-08-15T10:20:50+00:00\" \/>\n\t\t<meta property=\"article:publisher\" content=\"https:\/\/www.facebook.com\/tabaccomd.com\/\" \/>\n\t\t<meta name=\"twitter:card\" content=\"summary_large_image\" \/>\n\t\t<meta name=\"twitter:title\" content=\"Tigara electronica VAAL 2500 Cola Ice \u2013 Tabacco House\" \/>\n\t\t<script type=\"application\/ld+json\" class=\"aioseo-schema\">\n\t\t\t{\"@context\":\"https:\\\/\\\/schema.org\",\"@graph\":[{\"@type\":\"BreadcrumbList\",\"@id\":\"https:\\\/\\\/tabaccomd.com\\\/ro\\\/product\\\/tigara-electronica-vaal-2500-cola-ice\\\/#breadcrumblist\",\"itemListElement\":[{\"@type\":\"ListItem\",\"@id\":\"https:\\\/\\\/tabaccomd.com\\\/ro\\\/#listItem\",\"position\":1,\"name\":\"\\u0413\\u043b\\u0430\\u0432\\u043d\\u0430\\u044f\",\"item\":\"https:\\\/\\\/tabaccomd.com\\\/ro\\\/\",\"nextItem\":{\"@type\":\"ListItem\",\"@id\":\"https:\\\/\\\/tabaccomd.com\\\/ro\\\/catalog\\\/#listItem\",\"name\":\"Catalog\"}},{\"@type\":\"ListItem\",\"@id\":\"https:\\\/\\\/tabaccomd.com\\\/ro\\\/catalog\\\/#listItem\",\"position\":2,\"name\":\"Catalog\",\"item\":\"https:\\\/\\\/tabaccomd.com\\\/ro\\\/catalog\\\/\",\"nextItem\":{\"@type\":\"ListItem\",\"@id\":\"https:\\\/\\\/tabaccomd.com\\\/ro\\\/product-category\\\/cafea\\\/#listItem\",\"name\":\"Cafea\"},\"previousItem\":{\"@type\":\"ListItem\",\"@id\":\"https:\\\/\\\/tabaccomd.com\\\/ro\\\/#listItem\",\"name\":\"\\u0413\\u043b\\u0430\\u0432\\u043d\\u0430\\u044f\"}},{\"@type\":\"ListItem\",\"@id\":\"https:\\\/\\\/tabaccomd.com\\\/ro\\\/product-category\\\/cafea\\\/#listItem\",\"position\":3,\"name\":\"Cafea\",\"item\":\"https:\\\/\\\/tabaccomd.com\\\/ro\\\/product-category\\\/cafea\\\/\",\"nextItem\":{\"@type\":\"ListItem\",\"@id\":\"https:\\\/\\\/tabaccomd.com\\\/ro\\\/product\\\/tigara-electronica-vaal-2500-cola-ice\\\/#listItem\",\"name\":\"Tigara electronica VAAL 2500 Cola Ice\"},\"previousItem\":{\"@type\":\"ListItem\",\"@id\":\"https:\\\/\\\/tabaccomd.com\\\/ro\\\/catalog\\\/#listItem\",\"name\":\"Catalog\"}},{\"@type\":\"ListItem\",\"@id\":\"https:\\\/\\\/tabaccomd.com\\\/ro\\\/product\\\/tigara-electronica-vaal-2500-cola-ice\\\/#listItem\",\"position\":4,\"name\":\"Tigara electronica VAAL 2500 Cola Ice\",\"previousItem\":{\"@type\":\"ListItem\",\"@id\":\"https:\\\/\\\/tabaccomd.com\\\/ro\\\/product-category\\\/cafea\\\/#listItem\",\"name\":\"Cafea\"}}]},{\"@type\":\"Organization\",\"@id\":\"https:\\\/\\\/tabaccomd.com\\\/ro\\\/#organization\",\"name\":\"Tabacco House\",\"description\":\"\\u041c\\u0430\\u0433\\u0430\\u0437\\u0438\\u043d \\u0442\\u0430\\u0431\\u0430\\u0447\\u043d\\u044b\\u0445 \\u0438\\u0437\\u0434\\u0435\\u043b\\u0438\\u0439\",\"url\":\"https:\\\/\\\/tabaccomd.com\\\/ro\\\/\",\"email\":\"Office@cazacuhouse.com\",\"telephone\":\"+37361000935\",\"logo\":{\"@type\":\"ImageObject\",\"url\":\"https:\\\/\\\/tabaccomd.com\\\/wp-content\\\/uploads\\\/2024\\\/02\\\/logo_header3.png\",\"@id\":\"https:\\\/\\\/tabaccomd.com\\\/ro\\\/product\\\/tigara-electronica-vaal-2500-cola-ice\\\/#organizationLogo\",\"width\":32,\"height\":32,\"caption\":\"Tabacco House\"},\"image\":{\"@id\":\"https:\\\/\\\/tabaccomd.com\\\/ro\\\/product\\\/tigara-electronica-vaal-2500-cola-ice\\\/#organizationLogo\"},\"sameAs\":[\"https:\\\/\\\/www.facebook.com\\\/tabaccomd.com\\\/\",\"https:\\\/\\\/www.instagram.com\\\/tabaccomd.com\\\/\"],\"address\":{\"@id\":\"https:\\\/\\\/tabaccomd.com\\\/ro\\\/#postaladdress\",\"@type\":\"PostalAddress\",\"streetAddress\":\"Strada Albi\\u015foara 4, Chi\\u0219in\\u0103u, Bulevardul \\u0218tefan cel Mare \\u0219i Sf\\u00eent 136, Chi\\u0219in\\u0103u\",\"addressLocality\":\"Chi\\u0219in\\u0103u\",\"addressCountry\":\"MD\"}},{\"@type\":\"Product\",\"@id\":\"https:\\\/\\\/tabaccomd.com\\\/ro\\\/product\\\/tigara-electronica-vaal-2500-cola-ice\\\/#wooCommerceProduct\",\"name\":\"Tigara electronica VAAL 2500 Cola Ice\",\"description\":\"Capacitate cartus: 6,5 ml\\r\\n \\tCapacitate baterie: 1300 mAh\\r\\n \\tNum\\u0103r de pufuri: 2500\\r\\n \\tCon\\u021bine nicotin\\u0103\\r\\n \\tGust: \\u0441ola, ghea\\u021b\\u0103\",\"url\":\"https:\\\/\\\/tabaccomd.com\\\/ro\\\/product\\\/tigara-electronica-vaal-2500-cola-ice\\\/\",\"sku\":\"2500 Cola Ice\",\"image\":{\"@type\":\"ImageObject\",\"url\":\"https:\\\/\\\/tabaccomd.com\\\/wp-content\\\/uploads\\\/2022\\\/06\\\/res_0b0b8638126c20fdfd11d0d654f2a769.jpg\",\"@id\":\"https:\\\/\\\/tabaccomd.com\\\/ro\\\/product\\\/tigara-electronica-vaal-2500-cola-ice\\\/#productImage\",\"width\":600,\"height\":600},\"offers\":{\"@type\":\"Offer\",\"url\":\"https:\\\/\\\/tabaccomd.com\\\/ro\\\/product\\\/tigara-electronica-vaal-2500-cola-ice\\\/#wooCommerceOffer\",\"price\":290,\"priceCurrency\":\"MDL\",\"category\":\"Cafea\",\"availability\":\"https:\\\/\\\/schema.org\\\/OutOfStock\",\"priceSpecification\":{\"@type\":\"PriceSpecification\",\"price\":290,\"priceCurrency\":\"MDL\",\"valueAddedTaxIncluded\":\"true\"},\"seller\":{\"@type\":\"Organization\",\"@id\":\"https:\\\/\\\/tabaccomd.com\\\/ro\\\/#organization\"}}},{\"@type\":\"WebPage\",\"@id\":\"https:\\\/\\\/tabaccomd.com\\\/ro\\\/product\\\/tigara-electronica-vaal-2500-cola-ice\\\/#webpage\",\"url\":\"https:\\\/\\\/tabaccomd.com\\\/ro\\\/product\\\/tigara-electronica-vaal-2500-cola-ice\\\/\",\"name\":\"Tigara electronica VAAL 2500 Cola Ice \\u2013 Tabacco House\",\"inLanguage\":\"ro-RO\",\"isPartOf\":{\"@id\":\"https:\\\/\\\/tabaccomd.com\\\/ro\\\/#website\"},\"breadcrumb\":{\"@id\":\"https:\\\/\\\/tabaccomd.com\\\/ro\\\/product\\\/tigara-electronica-vaal-2500-cola-ice\\\/#breadcrumblist\"},\"image\":{\"@type\":\"ImageObject\",\"url\":\"https:\\\/\\\/tabaccomd.com\\\/wp-content\\\/uploads\\\/2022\\\/06\\\/res_0b0b8638126c20fdfd11d0d654f2a769.jpg\",\"@id\":\"https:\\\/\\\/tabaccomd.com\\\/ro\\\/product\\\/tigara-electronica-vaal-2500-cola-ice\\\/#mainImage\",\"width\":600,\"height\":600},\"primaryImageOfPage\":{\"@id\":\"https:\\\/\\\/tabaccomd.com\\\/ro\\\/product\\\/tigara-electronica-vaal-2500-cola-ice\\\/#mainImage\"},\"datePublished\":\"2022-06-10T16:39:26+03:00\",\"dateModified\":\"2025-08-15T13:20:50+03:00\"},{\"@type\":\"WebSite\",\"@id\":\"https:\\\/\\\/tabaccomd.com\\\/ro\\\/#website\",\"url\":\"https:\\\/\\\/tabaccomd.com\\\/ro\\\/\",\"name\":\"Tabacco House\",\"alternateName\":\"tobaccomd.com\",\"description\":\"\\u041c\\u0430\\u0433\\u0430\\u0437\\u0438\\u043d \\u0442\\u0430\\u0431\\u0430\\u0447\\u043d\\u044b\\u0445 \\u0438\\u0437\\u0434\\u0435\\u043b\\u0438\\u0439\",\"inLanguage\":\"ro-RO\",\"publisher\":{\"@id\":\"https:\\\/\\\/tabaccomd.com\\\/ro\\\/#organization\"}}]}\n\t\t<\/script>\n\t\t<!-- All in One SEO Pro -->\r\n\t\t<title>Tigara electronica VAAL 2500 Cola Ice \u2013 Tabacco House<\/title>\n\n","aioseo_head_json":{"title":"Tigara electronica VAAL 2500 Cola Ice \u2013 Tabacco House","description":"","canonical_url":"https:\/\/tabaccomd.com\/ro\/product\/tigara-electronica-vaal-2500-cola-ice\/","robots":"max-image-preview:large","keywords":"","webmasterTools":{"miscellaneous":""},"schema":{"@context":"https:\/\/schema.org","@graph":[{"@type":"BreadcrumbList","@id":"https:\/\/tabaccomd.com\/ro\/product\/tigara-electronica-vaal-2500-cola-ice\/#breadcrumblist","itemListElement":[{"@type":"ListItem","@id":"https:\/\/tabaccomd.com\/ro\/#listItem","position":1,"name":"\u0413\u043b\u0430\u0432\u043d\u0430\u044f","item":"https:\/\/tabaccomd.com\/ro\/","nextItem":{"@type":"ListItem","@id":"https:\/\/tabaccomd.com\/ro\/catalog\/#listItem","name":"Catalog"}},{"@type":"ListItem","@id":"https:\/\/tabaccomd.com\/ro\/catalog\/#listItem","position":2,"name":"Catalog","item":"https:\/\/tabaccomd.com\/ro\/catalog\/","nextItem":{"@type":"ListItem","@id":"https:\/\/tabaccomd.com\/ro\/product-category\/cafea\/#listItem","name":"Cafea"},"previousItem":{"@type":"ListItem","@id":"https:\/\/tabaccomd.com\/ro\/#listItem","name":"\u0413\u043b\u0430\u0432\u043d\u0430\u044f"}},{"@type":"ListItem","@id":"https:\/\/tabaccomd.com\/ro\/product-category\/cafea\/#listItem","position":3,"name":"Cafea","item":"https:\/\/tabaccomd.com\/ro\/product-category\/cafea\/","nextItem":{"@type":"ListItem","@id":"https:\/\/tabaccomd.com\/ro\/product\/tigara-electronica-vaal-2500-cola-ice\/#listItem","name":"Tigara electronica VAAL 2500 Cola Ice"},"previousItem":{"@type":"ListItem","@id":"https:\/\/tabaccomd.com\/ro\/catalog\/#listItem","name":"Catalog"}},{"@type":"ListItem","@id":"https:\/\/tabaccomd.com\/ro\/product\/tigara-electronica-vaal-2500-cola-ice\/#listItem","position":4,"name":"Tigara electronica VAAL 2500 Cola Ice","previousItem":{"@type":"ListItem","@id":"https:\/\/tabaccomd.com\/ro\/product-category\/cafea\/#listItem","name":"Cafea"}}]},{"@type":"Organization","@id":"https:\/\/tabaccomd.com\/ro\/#organization","name":"Tabacco House","description":"\u041c\u0430\u0433\u0430\u0437\u0438\u043d \u0442\u0430\u0431\u0430\u0447\u043d\u044b\u0445 \u0438\u0437\u0434\u0435\u043b\u0438\u0439","url":"https:\/\/tabaccomd.com\/ro\/","email":"Office@cazacuhouse.com","telephone":"+37361000935","logo":{"@type":"ImageObject","url":"https:\/\/tabaccomd.com\/wp-content\/uploads\/2024\/02\/logo_header3.png","@id":"https:\/\/tabaccomd.com\/ro\/product\/tigara-electronica-vaal-2500-cola-ice\/#organizationLogo","width":32,"height":32,"caption":"Tabacco House"},"image":{"@id":"https:\/\/tabaccomd.com\/ro\/product\/tigara-electronica-vaal-2500-cola-ice\/#organizationLogo"},"sameAs":["https:\/\/www.facebook.com\/tabaccomd.com\/","https:\/\/www.instagram.com\/tabaccomd.com\/"],"address":{"@id":"https:\/\/tabaccomd.com\/ro\/#postaladdress","@type":"PostalAddress","streetAddress":"Strada Albi\u015foara 4, Chi\u0219in\u0103u, Bulevardul \u0218tefan cel Mare \u0219i Sf\u00eent 136, Chi\u0219in\u0103u","addressLocality":"Chi\u0219in\u0103u","addressCountry":"MD"}},{"@type":"Product","@id":"https:\/\/tabaccomd.com\/ro\/product\/tigara-electronica-vaal-2500-cola-ice\/#wooCommerceProduct","name":"Tigara electronica VAAL 2500 Cola Ice","description":"Capacitate cartus: 6,5 ml\r\n \tCapacitate baterie: 1300 mAh\r\n \tNum\u0103r de pufuri: 2500\r\n \tCon\u021bine nicotin\u0103\r\n \tGust: \u0441ola, ghea\u021b\u0103","url":"https:\/\/tabaccomd.com\/ro\/product\/tigara-electronica-vaal-2500-cola-ice\/","sku":"2500 Cola Ice","image":{"@type":"ImageObject","url":"https:\/\/tabaccomd.com\/wp-content\/uploads\/2022\/06\/res_0b0b8638126c20fdfd11d0d654f2a769.jpg","@id":"https:\/\/tabaccomd.com\/ro\/product\/tigara-electronica-vaal-2500-cola-ice\/#productImage","width":600,"height":600},"offers":{"@type":"Offer","url":"https:\/\/tabaccomd.com\/ro\/product\/tigara-electronica-vaal-2500-cola-ice\/#wooCommerceOffer","price":290,"priceCurrency":"MDL","category":"Cafea","availability":"https:\/\/schema.org\/OutOfStock","priceSpecification":{"@type":"PriceSpecification","price":290,"priceCurrency":"MDL","valueAddedTaxIncluded":"true"},"seller":{"@type":"Organization","@id":"https:\/\/tabaccomd.com\/ro\/#organization"}}},{"@type":"WebPage","@id":"https:\/\/tabaccomd.com\/ro\/product\/tigara-electronica-vaal-2500-cola-ice\/#webpage","url":"https:\/\/tabaccomd.com\/ro\/product\/tigara-electronica-vaal-2500-cola-ice\/","name":"Tigara electronica VAAL 2500 Cola Ice \u2013 Tabacco House","inLanguage":"ro-RO","isPartOf":{"@id":"https:\/\/tabaccomd.com\/ro\/#website"},"breadcrumb":{"@id":"https:\/\/tabaccomd.com\/ro\/product\/tigara-electronica-vaal-2500-cola-ice\/#breadcrumblist"},"image":{"@type":"ImageObject","url":"https:\/\/tabaccomd.com\/wp-content\/uploads\/2022\/06\/res_0b0b8638126c20fdfd11d0d654f2a769.jpg","@id":"https:\/\/tabaccomd.com\/ro\/product\/tigara-electronica-vaal-2500-cola-ice\/#mainImage","width":600,"height":600},"primaryImageOfPage":{"@id":"https:\/\/tabaccomd.com\/ro\/product\/tigara-electronica-vaal-2500-cola-ice\/#mainImage"},"datePublished":"2022-06-10T16:39:26+03:00","dateModified":"2025-08-15T13:20:50+03:00"},{"@type":"WebSite","@id":"https:\/\/tabaccomd.com\/ro\/#website","url":"https:\/\/tabaccomd.com\/ro\/","name":"Tabacco House","alternateName":"tobaccomd.com","description":"\u041c\u0430\u0433\u0430\u0437\u0438\u043d \u0442\u0430\u0431\u0430\u0447\u043d\u044b\u0445 \u0438\u0437\u0434\u0435\u043b\u0438\u0439","inLanguage":"ro-RO","publisher":{"@id":"https:\/\/tabaccomd.com\/ro\/#organization"}}]},"og:locale":"ro_RO","og:site_name":"Tabacco House \u2013 \u041c\u0430\u0433\u0430\u0437\u0438\u043d \u0442\u0430\u0431\u0430\u0447\u043d\u044b\u0445 \u0438\u0437\u0434\u0435\u043b\u0438\u0439","og:type":"article","og:title":"Tigara electronica VAAL 2500 Cola Ice \u2013 Tabacco House","og:url":"https:\/\/tabaccomd.com\/ro\/product\/tigara-electronica-vaal-2500-cola-ice\/","article:published_time":"2022-06-10T13:39:26+00:00","article:modified_time":"2025-08-15T10:20:50+00:00","article:publisher":"https:\/\/www.facebook.com\/tabaccomd.com\/","twitter:card":"summary_large_image","twitter:title":"Tigara electronica VAAL 2500 Cola Ice \u2013 Tabacco House"},"aioseo_meta_data":{"post_id":"19560","title":null,"description":null,"keywords":null,"keyphrases":{"focus":{"keyphrase":"","score":0,"analysis":{"keyphraseInTitle":{"score":0,"maxScore":9,"error":1}}},"additional":[]},"primary_term":null,"canonical_url":null,"og_title":null,"og_description":null,"og_object_type":"default","og_image_type":"default","og_image_url":null,"og_image_width":null,"og_image_height":null,"og_image_custom_url":null,"og_image_custom_fields":null,"og_video":"","og_custom_url":null,"og_article_section":null,"og_article_tags":null,"twitter_use_og":false,"twitter_card":"default","twitter_image_type":"default","twitter_image_url":null,"twitter_image_custom_url":null,"twitter_image_custom_fields":null,"twitter_title":null,"twitter_description":null,"schema":{"blockGraphs":[],"customGraphs":[],"default":{"data":{"Article":[],"Course":[],"Dataset":[],"FAQPage":[],"Movie":[],"Person":[],"Product":[],"ProductReview":[],"Car":[],"Recipe":[],"Service":[],"SoftwareApplication":[],"WebPage":[]},"graphName":"Product","isEnabled":true},"graphs":[]},"schema_type":"default","schema_type_options":null,"pillar_content":false,"robots_default":true,"robots_noindex":false,"robots_noarchive":false,"robots_nosnippet":false,"robots_nofollow":false,"robots_noimageindex":false,"robots_noodp":false,"robots_notranslate":false,"robots_max_snippet":"-1","robots_max_videopreview":"-1","robots_max_imagepreview":"large","priority":null,"frequency":"default","local_seo":null,"seo_analyzer_scan_date":"2025-10-20 03:09:46","breadcrumb_settings":null,"limit_modified_date":false,"reviewed_by":"0","open_ai":null,"ai":{"faqs":[],"keyPoints":[],"titles":[],"descriptions":[],"socialPosts":{"email":[],"linkedin":[],"twitter":[],"facebook":[],"instagram":[]}},"created":"2023-03-30 14:26:21","updated":"2025-10-20 03:09:46"},"aioseo_breadcrumb":"<div class=\"aioseo-breadcrumbs\"><span class=\"aioseo-breadcrumb\">\n\t<a href=\"https:\/\/tabaccomd.com\/ro\/\" title=\"\u0413\u043b\u0430\u0432\u043d\u0430\u044f\">\u0413\u043b\u0430\u0432\u043d\u0430\u044f<\/a>\n<\/span><span class=\"aioseo-breadcrumb-separator\">\u00bb<\/span><span class=\"aioseo-breadcrumb\">\n\t<a href=\"https:\/\/tabaccomd.com\/ro\/catalog\/\" title=\"Catalog\">Catalog<\/a>\n<\/span><span class=\"aioseo-breadcrumb-separator\">\u00bb<\/span><span class=\"aioseo-breadcrumb\">\n\t<a href=\"https:\/\/tabaccomd.com\/ro\/product-category\/cafea\/\" title=\"Cafea\">Cafea<\/a>\n<\/span><span class=\"aioseo-breadcrumb-separator\">\u00bb<\/span><span class=\"aioseo-breadcrumb\">\n\tTigara electronica VAAL 2500 Cola Ice\n<\/span><\/div>","aioseo_breadcrumb_json":[{"label":"\u0413\u043b\u0430\u0432\u043d\u0430\u044f","link":"https:\/\/tabaccomd.com\/ro\/"},{"label":"Catalog","link":"https:\/\/tabaccomd.com\/ro\/catalog\/"},{"label":"Cafea","link":"https:\/\/tabaccomd.com\/ro\/product-category\/cafea\/"},{"label":"Tigara electronica VAAL 2500 Cola Ice","link":"https:\/\/tabaccomd.com\/ro\/product\/tigara-electronica-vaal-2500-cola-ice\/"}],"images_for_1c":[{"url":"https:\/\/tabaccomd.com\/wp-content\/uploads\/2022\/06\/res_0b0b8638126c20fdfd11d0d654f2a769.jpg","type":"featured","alt":"","filename":"res_0b0b8638126c20fdfd11d0d654f2a769.jpg"}],"additional_data_1c":{"modified_date":"2025-08-15 13:20:50","permalink":"https:\/\/tabaccomd.com\/ro\/product\/tigara-electronica-vaal-2500-cola-ice\/","stock_status":"outofstock","manage_stock":"no"},"_links":{"self":[{"href":"https:\/\/tabaccomd.com\/ro\/wp-json\/wp\/v2\/product\/19560","targetHints":{"allow":["GET"]}}],"collection":[{"href":"https:\/\/tabaccomd.com\/ro\/wp-json\/wp\/v2\/product"}],"about":[{"href":"https:\/\/tabaccomd.com\/ro\/wp-json\/wp\/v2\/types\/product"}],"wp:featuredmedia":[{"embeddable":true,"href":"https:\/\/tabaccomd.com\/ro\/wp-json\/wp\/v2\/media\/17554"}],"wp:attachment":[{"href":"https:\/\/tabaccomd.com\/ro\/wp-json\/wp\/v2\/media?parent=19560"}],"wp:term":[{"taxonomy":"product_brand","embeddable":true,"href":"https:\/\/tabaccomd.com\/ro\/wp-json\/wp\/v2\/product_brand?post=19560"},{"taxonomy":"product_cat","embeddable":true,"href":"https:\/\/tabaccomd.com\/ro\/wp-json\/wp\/v2\/product_cat?post=19560"},{"taxonomy":"product_tag","embeddable":true,"href":"https:\/\/tabaccomd.com\/ro\/wp-json\/wp\/v2\/product_tag?post=19560"}],"curies":[{"name":"wp","href":"https:\/\/api.w.org\/{rel}","templated":true}]}}