{"id":19526,"date":"2022-05-07T14:04:46","date_gmt":"2022-05-07T11:04:46","guid":{"rendered":"https:\/\/new124.tabaccomd.com\/product\/tutun-pentru-narghilea-adalya-mint-50g\/"},"modified":"2023-08-16T16:25:20","modified_gmt":"2023-08-16T13:25:20","slug":"tutun-pentru-narghilea-adalya-mint-50g","status":"publish","type":"product","link":"https:\/\/tabaccomd.com\/ro\/product\/tutun-pentru-narghilea-adalya-mint-50g\/","title":{"rendered":"Tutun pentru narghilea ADALYA Mint 50g"},"content":{"rendered":"<p><strong>Tutunul pentru narghilea Adalya Mint<\/strong> este un paradis pentru iubitorii de ment\u0103. Aroma sa proasp\u0103t\u0103 \u0219i dulce v\u0103 va uimi cu intensitatea \u0219i bog\u0103\u021bia sa. Datorit\u0103 fumatului s\u0103u bl\u00e2nd, acest tutun nu provoac\u0103 disconfort \u00een g\u00e2t, iar aroma sa pl\u0103cut\u0103 v\u0103 aminte\u0219te de o briz\u0103 r\u0103coroas\u0103 \u00eentr-o zi cald\u0103 de var\u0103.<br \/>\nCombina\u021bia dintre dulcea\u021ba \u0219i condimentul de ment\u0103 creeaz\u0103 un buchet unic de arome care v\u0103 transport\u0103 \u00eentr-o lume de senza\u021bii \u0219i pl\u0103ceri vii.<\/p>\n<p>Tutunul pentru narghilea <a href=\"https:\/\/tabaccomd.com\/ro\/product-category\/tabak\/tabak-kalyanyj\/tutun-pentru-narghilea-adalya\/\">Adalya<\/a> este unic prin combina\u021biile sale de arome \u0219i ofer\u0103 o mul\u021bime de emo\u021bii pl\u0103cute \u0219i impresii vii, care vor fi \u021binute minte pentru mult timp.<\/p>\n","protected":false},"excerpt":{"rendered":"<ul>\n<li>Gust: Ment\u0103<\/li>\n<li>Tarie : Medie<\/li>\n<li>Greutate: 50 gramme<\/li>\n<li>Produc\u0103tor: Turcia<\/li>\n<li>Fumul: Tare<\/li>\n<\/ul>\n","protected":false},"featured_media":17486,"template":"","meta":{"om_disable_all_campaigns":false,"_monsterinsights_skip_tracking":false,"_monsterinsights_sitenote_active":false,"_monsterinsights_sitenote_note":"","_monsterinsights_sitenote_category":0},"product_brand":[],"product_cat":[190],"product_tag":[],"class_list":{"0":"post-19526","1":"product","2":"type-product","3":"status-publish","4":"has-post-thumbnail","6":"product_cat-tutun-pentru-narghilea-adalya","8":"first","9":"outofstock","10":"taxable","11":"shipping-taxable","12":"purchasable","13":"product-type-simple"},"aioseo_notices":[],"aioseo_head":"\n\t\t<!-- All in One SEO Pro 4.9.5.2 - aioseo.com -->\n\t<meta name=\"description\" content=\"Cumpar tutun pentru narghilea ADALYA Mint \u00een tabaccomd.com \u00een Chi\u0219in\u0103u, Moldova. Livrare rapid\u0103 \u0219i exist\u0103 o gam\u0103 larg\u0103 de produse - plasa\u021bi comanda acum! Suna\u021bi-ne la Tel. 061-000-935 sau l\u0103sa\u021bi-ne o cerere online \u0219i v\u0103 vom contacta. [:]\" \/>\n\t<meta name=\"robots\" content=\"max-image-preview:large\" \/>\n\t<link rel=\"canonical\" href=\"https:\/\/tabaccomd.com\/ro\/product\/tutun-pentru-narghilea-adalya-mint-50g\/\" \/>\n\t<meta name=\"generator\" content=\"All in One SEO Pro (AIOSEO) 4.9.5.2\" \/>\n\t\t<meta property=\"og:locale\" content=\"ro_RO\" \/>\n\t\t<meta property=\"og:site_name\" content=\"Tabacco House \u2013 \u041c\u0430\u0433\u0430\u0437\u0438\u043d \u0442\u0430\u0431\u0430\u0447\u043d\u044b\u0445 \u0438\u0437\u0434\u0435\u043b\u0438\u0439\" \/>\n\t\t<meta property=\"og:type\" content=\"article\" \/>\n\t\t<meta property=\"og:title\" content=\"Tutun pentru narghilea ADALYA Mint 50g \u2013 Tabacco House\" \/>\n\t\t<meta property=\"og:description\" content=\"Cumpar tutun pentru narghilea ADALYA Mint \u00een tabaccomd.com \u00een Chi\u0219in\u0103u, Moldova. Livrare rapid\u0103 \u0219i exist\u0103 o gam\u0103 larg\u0103 de produse - plasa\u021bi comanda acum! Suna\u021bi-ne la Tel. 061-000-935 sau l\u0103sa\u021bi-ne o cerere online \u0219i v\u0103 vom contacta. [:]\" \/>\n\t\t<meta property=\"og:url\" content=\"https:\/\/tabaccomd.com\/ro\/product\/tutun-pentru-narghilea-adalya-mint-50g\/\" \/>\n\t\t<meta property=\"article:published_time\" content=\"2022-05-07T11:04:46+00:00\" \/>\n\t\t<meta property=\"article:modified_time\" content=\"2023-08-16T13:25:20+00:00\" \/>\n\t\t<meta property=\"article:publisher\" content=\"https:\/\/www.facebook.com\/tabaccomd.com\/\" \/>\n\t\t<meta name=\"twitter:card\" content=\"summary_large_image\" \/>\n\t\t<meta name=\"twitter:title\" content=\"Tutun pentru narghilea ADALYA Mint 50g \u2013 Tabacco House\" \/>\n\t\t<meta name=\"twitter:description\" content=\"Cumpar tutun pentru narghilea ADALYA Mint \u00een tabaccomd.com \u00een Chi\u0219in\u0103u, Moldova. Livrare rapid\u0103 \u0219i exist\u0103 o gam\u0103 larg\u0103 de produse - plasa\u021bi comanda acum! Suna\u021bi-ne la Tel. 061-000-935 sau l\u0103sa\u021bi-ne o cerere online \u0219i v\u0103 vom contacta. [:]\" \/>\n\t\t<script type=\"application\/ld+json\" class=\"aioseo-schema\">\n\t\t\t{\"@context\":\"https:\\\/\\\/schema.org\",\"@graph\":[{\"@type\":\"BreadcrumbList\",\"@id\":\"https:\\\/\\\/tabaccomd.com\\\/ro\\\/product\\\/tutun-pentru-narghilea-adalya-mint-50g\\\/#breadcrumblist\",\"itemListElement\":[{\"@type\":\"ListItem\",\"@id\":\"https:\\\/\\\/tabaccomd.com\\\/ro\\\/#listItem\",\"position\":1,\"name\":\"\\u0413\\u043b\\u0430\\u0432\\u043d\\u0430\\u044f\",\"item\":\"https:\\\/\\\/tabaccomd.com\\\/ro\\\/\",\"nextItem\":{\"@type\":\"ListItem\",\"@id\":\"https:\\\/\\\/tabaccomd.com\\\/ro\\\/catalog\\\/#listItem\",\"name\":\"Catalog\"}},{\"@type\":\"ListItem\",\"@id\":\"https:\\\/\\\/tabaccomd.com\\\/ro\\\/catalog\\\/#listItem\",\"position\":2,\"name\":\"Catalog\",\"item\":\"https:\\\/\\\/tabaccomd.com\\\/ro\\\/catalog\\\/\",\"nextItem\":{\"@type\":\"ListItem\",\"@id\":\"https:\\\/\\\/tabaccomd.com\\\/ro\\\/product-category\\\/tutun\\\/#listItem\",\"name\":\"Tutun\"},\"previousItem\":{\"@type\":\"ListItem\",\"@id\":\"https:\\\/\\\/tabaccomd.com\\\/ro\\\/#listItem\",\"name\":\"\\u0413\\u043b\\u0430\\u0432\\u043d\\u0430\\u044f\"}},{\"@type\":\"ListItem\",\"@id\":\"https:\\\/\\\/tabaccomd.com\\\/ro\\\/product-category\\\/tutun\\\/#listItem\",\"position\":3,\"name\":\"Tutun\",\"item\":\"https:\\\/\\\/tabaccomd.com\\\/ro\\\/product-category\\\/tutun\\\/\",\"nextItem\":{\"@type\":\"ListItem\",\"@id\":\"https:\\\/\\\/tabaccomd.com\\\/ro\\\/product-category\\\/tutun\\\/tutun-pentru-narghilea\\\/#listItem\",\"name\":\"Tutun pentru narghilea\"},\"previousItem\":{\"@type\":\"ListItem\",\"@id\":\"https:\\\/\\\/tabaccomd.com\\\/ro\\\/catalog\\\/#listItem\",\"name\":\"Catalog\"}},{\"@type\":\"ListItem\",\"@id\":\"https:\\\/\\\/tabaccomd.com\\\/ro\\\/product-category\\\/tutun\\\/tutun-pentru-narghilea\\\/#listItem\",\"position\":4,\"name\":\"Tutun pentru narghilea\",\"item\":\"https:\\\/\\\/tabaccomd.com\\\/ro\\\/product-category\\\/tutun\\\/tutun-pentru-narghilea\\\/\",\"nextItem\":{\"@type\":\"ListItem\",\"@id\":\"https:\\\/\\\/tabaccomd.com\\\/ro\\\/product-category\\\/tutun\\\/tutun-pentru-narghilea\\\/tutun-pentru-narghilea-adalya\\\/#listItem\",\"name\":\"Tutun pentru narghilea ADALYA\"},\"previousItem\":{\"@type\":\"ListItem\",\"@id\":\"https:\\\/\\\/tabaccomd.com\\\/ro\\\/product-category\\\/tutun\\\/#listItem\",\"name\":\"Tutun\"}},{\"@type\":\"ListItem\",\"@id\":\"https:\\\/\\\/tabaccomd.com\\\/ro\\\/product-category\\\/tutun\\\/tutun-pentru-narghilea\\\/tutun-pentru-narghilea-adalya\\\/#listItem\",\"position\":5,\"name\":\"Tutun pentru narghilea ADALYA\",\"item\":\"https:\\\/\\\/tabaccomd.com\\\/ro\\\/product-category\\\/tutun\\\/tutun-pentru-narghilea\\\/tutun-pentru-narghilea-adalya\\\/\",\"nextItem\":{\"@type\":\"ListItem\",\"@id\":\"https:\\\/\\\/tabaccomd.com\\\/ro\\\/product\\\/tutun-pentru-narghilea-adalya-mint-50g\\\/#listItem\",\"name\":\"Tutun pentru narghilea ADALYA Mint 50g\"},\"previousItem\":{\"@type\":\"ListItem\",\"@id\":\"https:\\\/\\\/tabaccomd.com\\\/ro\\\/product-category\\\/tutun\\\/tutun-pentru-narghilea\\\/#listItem\",\"name\":\"Tutun pentru narghilea\"}},{\"@type\":\"ListItem\",\"@id\":\"https:\\\/\\\/tabaccomd.com\\\/ro\\\/product\\\/tutun-pentru-narghilea-adalya-mint-50g\\\/#listItem\",\"position\":6,\"name\":\"Tutun pentru narghilea ADALYA Mint 50g\",\"previousItem\":{\"@type\":\"ListItem\",\"@id\":\"https:\\\/\\\/tabaccomd.com\\\/ro\\\/product-category\\\/tutun\\\/tutun-pentru-narghilea\\\/tutun-pentru-narghilea-adalya\\\/#listItem\",\"name\":\"Tutun pentru narghilea ADALYA\"}}]},{\"@type\":\"Organization\",\"@id\":\"https:\\\/\\\/tabaccomd.com\\\/ro\\\/#organization\",\"name\":\"Tabacco House\",\"description\":\"\\u041c\\u0430\\u0433\\u0430\\u0437\\u0438\\u043d \\u0442\\u0430\\u0431\\u0430\\u0447\\u043d\\u044b\\u0445 \\u0438\\u0437\\u0434\\u0435\\u043b\\u0438\\u0439\",\"url\":\"https:\\\/\\\/tabaccomd.com\\\/ro\\\/\",\"email\":\"Office@cazacuhouse.com\",\"telephone\":\"+37361000935\",\"logo\":{\"@type\":\"ImageObject\",\"url\":\"https:\\\/\\\/tabaccomd.com\\\/wp-content\\\/uploads\\\/2024\\\/02\\\/logo_header3.png\",\"@id\":\"https:\\\/\\\/tabaccomd.com\\\/ro\\\/product\\\/tutun-pentru-narghilea-adalya-mint-50g\\\/#organizationLogo\",\"width\":32,\"height\":32,\"caption\":\"Tabacco House\"},\"image\":{\"@id\":\"https:\\\/\\\/tabaccomd.com\\\/ro\\\/product\\\/tutun-pentru-narghilea-adalya-mint-50g\\\/#organizationLogo\"},\"sameAs\":[\"https:\\\/\\\/www.facebook.com\\\/tabaccomd.com\\\/\",\"https:\\\/\\\/www.instagram.com\\\/tabaccomd.com\\\/\"],\"address\":{\"@id\":\"https:\\\/\\\/tabaccomd.com\\\/ro\\\/#postaladdress\",\"@type\":\"PostalAddress\",\"streetAddress\":\"Strada Albi\\u015foara 4, Chi\\u0219in\\u0103u, Bulevardul \\u0218tefan cel Mare \\u0219i Sf\\u00eent 136, Chi\\u0219in\\u0103u\",\"addressLocality\":\"Chi\\u0219in\\u0103u\",\"addressCountry\":\"MD\"}},{\"@type\":\"Product\",\"@id\":\"https:\\\/\\\/tabaccomd.com\\\/ro\\\/product\\\/tutun-pentru-narghilea-adalya-mint-50g\\\/#wooCommerceProduct\",\"name\":\"Tutun pentru narghilea ADALYA Mint 50g\",\"description\":\"Gust: Ment\\u0103\\r\\n \\tTarie : Medie\\r\\n \\tGreutate: 50 gramme\\r\\n \\tProduc\\u0103tor: Turcia\\r\\n \\tFumul: Tare\",\"url\":\"https:\\\/\\\/tabaccomd.com\\\/ro\\\/product\\\/tutun-pentru-narghilea-adalya-mint-50g\\\/\",\"sku\":\"A-39\",\"image\":{\"@type\":\"ImageObject\",\"url\":\"https:\\\/\\\/tabaccomd.com\\\/wp-content\\\/uploads\\\/2022\\\/05\\\/tabak-adalya-mint-myata-50gr.jpg\",\"@id\":\"https:\\\/\\\/tabaccomd.com\\\/ro\\\/product\\\/tutun-pentru-narghilea-adalya-mint-50g\\\/#productImage\",\"width\":600,\"height\":600,\"caption\":\"Tutun pentru narghilea ADALYA Mint 50g\"},\"offers\":{\"@type\":\"Offer\",\"url\":\"https:\\\/\\\/tabaccomd.com\\\/ro\\\/product\\\/tutun-pentru-narghilea-adalya-mint-50g\\\/#wooCommerceOffer\",\"price\":50,\"priceCurrency\":\"MDL\",\"category\":\"Tutun pentru narghilea ADALYA\",\"availability\":\"https:\\\/\\\/schema.org\\\/OutOfStock\",\"priceSpecification\":{\"@type\":\"PriceSpecification\",\"price\":50,\"priceCurrency\":\"MDL\",\"valueAddedTaxIncluded\":\"true\"},\"seller\":{\"@type\":\"Organization\",\"@id\":\"https:\\\/\\\/tabaccomd.com\\\/ro\\\/#organization\"}}},{\"@type\":\"WebPage\",\"@id\":\"https:\\\/\\\/tabaccomd.com\\\/ro\\\/product\\\/tutun-pentru-narghilea-adalya-mint-50g\\\/#webpage\",\"url\":\"https:\\\/\\\/tabaccomd.com\\\/ro\\\/product\\\/tutun-pentru-narghilea-adalya-mint-50g\\\/\",\"name\":\"Tutun pentru narghilea ADALYA Mint 50g \\u2013 Tabacco House\",\"description\":\"Cumpar tutun pentru narghilea ADALYA Mint \\u00een tabaccomd.com \\u00een Chi\\u0219in\\u0103u, Moldova. Livrare rapid\\u0103 \\u0219i exist\\u0103 o gam\\u0103 larg\\u0103 de produse - plasa\\u021bi comanda acum! Suna\\u021bi-ne la Tel. 061-000-935 sau l\\u0103sa\\u021bi-ne o cerere online \\u0219i v\\u0103 vom contacta. [:]\",\"inLanguage\":\"ro-RO\",\"isPartOf\":{\"@id\":\"https:\\\/\\\/tabaccomd.com\\\/ro\\\/#website\"},\"breadcrumb\":{\"@id\":\"https:\\\/\\\/tabaccomd.com\\\/ro\\\/product\\\/tutun-pentru-narghilea-adalya-mint-50g\\\/#breadcrumblist\"},\"image\":{\"@type\":\"ImageObject\",\"url\":\"https:\\\/\\\/tabaccomd.com\\\/wp-content\\\/uploads\\\/2022\\\/05\\\/tabak-adalya-mint-myata-50gr.jpg\",\"@id\":\"https:\\\/\\\/tabaccomd.com\\\/ro\\\/product\\\/tutun-pentru-narghilea-adalya-mint-50g\\\/#mainImage\",\"width\":600,\"height\":600,\"caption\":\"Tutun pentru narghilea ADALYA Mint 50g\"},\"primaryImageOfPage\":{\"@id\":\"https:\\\/\\\/tabaccomd.com\\\/ro\\\/product\\\/tutun-pentru-narghilea-adalya-mint-50g\\\/#mainImage\"},\"datePublished\":\"2022-05-07T14:04:46+03:00\",\"dateModified\":\"2023-08-16T16:25:20+03:00\"},{\"@type\":\"WebSite\",\"@id\":\"https:\\\/\\\/tabaccomd.com\\\/ro\\\/#website\",\"url\":\"https:\\\/\\\/tabaccomd.com\\\/ro\\\/\",\"name\":\"Tabacco House\",\"alternateName\":\"tobaccomd.com\",\"description\":\"\\u041c\\u0430\\u0433\\u0430\\u0437\\u0438\\u043d \\u0442\\u0430\\u0431\\u0430\\u0447\\u043d\\u044b\\u0445 \\u0438\\u0437\\u0434\\u0435\\u043b\\u0438\\u0439\",\"inLanguage\":\"ro-RO\",\"publisher\":{\"@id\":\"https:\\\/\\\/tabaccomd.com\\\/ro\\\/#organization\"}}]}\n\t\t<\/script>\n\t\t<!-- All in One SEO Pro -->\r\n\t\t<title>Tutun pentru narghilea ADALYA Mint 50g \u2013 Tabacco House<\/title>\n\n","aioseo_head_json":{"title":"Tutun pentru narghilea ADALYA Mint 50g \u2013 Tabacco House","description":"Cumpar tutun pentru narghilea ADALYA Mint \u00een tabaccomd.com \u00een Chi\u0219in\u0103u, Moldova. Livrare rapid\u0103 \u0219i exist\u0103 o gam\u0103 larg\u0103 de produse - plasa\u021bi comanda acum! Suna\u021bi-ne la Tel. 061-000-935 sau l\u0103sa\u021bi-ne o cerere online \u0219i v\u0103 vom contacta. [:]","canonical_url":"https:\/\/tabaccomd.com\/ro\/product\/tutun-pentru-narghilea-adalya-mint-50g\/","robots":"max-image-preview:large","keywords":"","webmasterTools":{"miscellaneous":""},"schema":{"@context":"https:\/\/schema.org","@graph":[{"@type":"BreadcrumbList","@id":"https:\/\/tabaccomd.com\/ro\/product\/tutun-pentru-narghilea-adalya-mint-50g\/#breadcrumblist","itemListElement":[{"@type":"ListItem","@id":"https:\/\/tabaccomd.com\/ro\/#listItem","position":1,"name":"\u0413\u043b\u0430\u0432\u043d\u0430\u044f","item":"https:\/\/tabaccomd.com\/ro\/","nextItem":{"@type":"ListItem","@id":"https:\/\/tabaccomd.com\/ro\/catalog\/#listItem","name":"Catalog"}},{"@type":"ListItem","@id":"https:\/\/tabaccomd.com\/ro\/catalog\/#listItem","position":2,"name":"Catalog","item":"https:\/\/tabaccomd.com\/ro\/catalog\/","nextItem":{"@type":"ListItem","@id":"https:\/\/tabaccomd.com\/ro\/product-category\/tutun\/#listItem","name":"Tutun"},"previousItem":{"@type":"ListItem","@id":"https:\/\/tabaccomd.com\/ro\/#listItem","name":"\u0413\u043b\u0430\u0432\u043d\u0430\u044f"}},{"@type":"ListItem","@id":"https:\/\/tabaccomd.com\/ro\/product-category\/tutun\/#listItem","position":3,"name":"Tutun","item":"https:\/\/tabaccomd.com\/ro\/product-category\/tutun\/","nextItem":{"@type":"ListItem","@id":"https:\/\/tabaccomd.com\/ro\/product-category\/tutun\/tutun-pentru-narghilea\/#listItem","name":"Tutun pentru narghilea"},"previousItem":{"@type":"ListItem","@id":"https:\/\/tabaccomd.com\/ro\/catalog\/#listItem","name":"Catalog"}},{"@type":"ListItem","@id":"https:\/\/tabaccomd.com\/ro\/product-category\/tutun\/tutun-pentru-narghilea\/#listItem","position":4,"name":"Tutun pentru narghilea","item":"https:\/\/tabaccomd.com\/ro\/product-category\/tutun\/tutun-pentru-narghilea\/","nextItem":{"@type":"ListItem","@id":"https:\/\/tabaccomd.com\/ro\/product-category\/tutun\/tutun-pentru-narghilea\/tutun-pentru-narghilea-adalya\/#listItem","name":"Tutun pentru narghilea ADALYA"},"previousItem":{"@type":"ListItem","@id":"https:\/\/tabaccomd.com\/ro\/product-category\/tutun\/#listItem","name":"Tutun"}},{"@type":"ListItem","@id":"https:\/\/tabaccomd.com\/ro\/product-category\/tutun\/tutun-pentru-narghilea\/tutun-pentru-narghilea-adalya\/#listItem","position":5,"name":"Tutun pentru narghilea ADALYA","item":"https:\/\/tabaccomd.com\/ro\/product-category\/tutun\/tutun-pentru-narghilea\/tutun-pentru-narghilea-adalya\/","nextItem":{"@type":"ListItem","@id":"https:\/\/tabaccomd.com\/ro\/product\/tutun-pentru-narghilea-adalya-mint-50g\/#listItem","name":"Tutun pentru narghilea ADALYA Mint 50g"},"previousItem":{"@type":"ListItem","@id":"https:\/\/tabaccomd.com\/ro\/product-category\/tutun\/tutun-pentru-narghilea\/#listItem","name":"Tutun pentru narghilea"}},{"@type":"ListItem","@id":"https:\/\/tabaccomd.com\/ro\/product\/tutun-pentru-narghilea-adalya-mint-50g\/#listItem","position":6,"name":"Tutun pentru narghilea ADALYA Mint 50g","previousItem":{"@type":"ListItem","@id":"https:\/\/tabaccomd.com\/ro\/product-category\/tutun\/tutun-pentru-narghilea\/tutun-pentru-narghilea-adalya\/#listItem","name":"Tutun pentru narghilea ADALYA"}}]},{"@type":"Organization","@id":"https:\/\/tabaccomd.com\/ro\/#organization","name":"Tabacco House","description":"\u041c\u0430\u0433\u0430\u0437\u0438\u043d \u0442\u0430\u0431\u0430\u0447\u043d\u044b\u0445 \u0438\u0437\u0434\u0435\u043b\u0438\u0439","url":"https:\/\/tabaccomd.com\/ro\/","email":"Office@cazacuhouse.com","telephone":"+37361000935","logo":{"@type":"ImageObject","url":"https:\/\/tabaccomd.com\/wp-content\/uploads\/2024\/02\/logo_header3.png","@id":"https:\/\/tabaccomd.com\/ro\/product\/tutun-pentru-narghilea-adalya-mint-50g\/#organizationLogo","width":32,"height":32,"caption":"Tabacco House"},"image":{"@id":"https:\/\/tabaccomd.com\/ro\/product\/tutun-pentru-narghilea-adalya-mint-50g\/#organizationLogo"},"sameAs":["https:\/\/www.facebook.com\/tabaccomd.com\/","https:\/\/www.instagram.com\/tabaccomd.com\/"],"address":{"@id":"https:\/\/tabaccomd.com\/ro\/#postaladdress","@type":"PostalAddress","streetAddress":"Strada Albi\u015foara 4, Chi\u0219in\u0103u, Bulevardul \u0218tefan cel Mare \u0219i Sf\u00eent 136, Chi\u0219in\u0103u","addressLocality":"Chi\u0219in\u0103u","addressCountry":"MD"}},{"@type":"Product","@id":"https:\/\/tabaccomd.com\/ro\/product\/tutun-pentru-narghilea-adalya-mint-50g\/#wooCommerceProduct","name":"Tutun pentru narghilea ADALYA Mint 50g","description":"Gust: Ment\u0103\r\n \tTarie : Medie\r\n \tGreutate: 50 gramme\r\n \tProduc\u0103tor: Turcia\r\n \tFumul: Tare","url":"https:\/\/tabaccomd.com\/ro\/product\/tutun-pentru-narghilea-adalya-mint-50g\/","sku":"A-39","image":{"@type":"ImageObject","url":"https:\/\/tabaccomd.com\/wp-content\/uploads\/2022\/05\/tabak-adalya-mint-myata-50gr.jpg","@id":"https:\/\/tabaccomd.com\/ro\/product\/tutun-pentru-narghilea-adalya-mint-50g\/#productImage","width":600,"height":600,"caption":"Tutun pentru narghilea ADALYA Mint 50g"},"offers":{"@type":"Offer","url":"https:\/\/tabaccomd.com\/ro\/product\/tutun-pentru-narghilea-adalya-mint-50g\/#wooCommerceOffer","price":50,"priceCurrency":"MDL","category":"Tutun pentru narghilea ADALYA","availability":"https:\/\/schema.org\/OutOfStock","priceSpecification":{"@type":"PriceSpecification","price":50,"priceCurrency":"MDL","valueAddedTaxIncluded":"true"},"seller":{"@type":"Organization","@id":"https:\/\/tabaccomd.com\/ro\/#organization"}}},{"@type":"WebPage","@id":"https:\/\/tabaccomd.com\/ro\/product\/tutun-pentru-narghilea-adalya-mint-50g\/#webpage","url":"https:\/\/tabaccomd.com\/ro\/product\/tutun-pentru-narghilea-adalya-mint-50g\/","name":"Tutun pentru narghilea ADALYA Mint 50g \u2013 Tabacco House","description":"Cumpar tutun pentru narghilea ADALYA Mint \u00een tabaccomd.com \u00een Chi\u0219in\u0103u, Moldova. Livrare rapid\u0103 \u0219i exist\u0103 o gam\u0103 larg\u0103 de produse - plasa\u021bi comanda acum! Suna\u021bi-ne la Tel. 061-000-935 sau l\u0103sa\u021bi-ne o cerere online \u0219i v\u0103 vom contacta. [:]","inLanguage":"ro-RO","isPartOf":{"@id":"https:\/\/tabaccomd.com\/ro\/#website"},"breadcrumb":{"@id":"https:\/\/tabaccomd.com\/ro\/product\/tutun-pentru-narghilea-adalya-mint-50g\/#breadcrumblist"},"image":{"@type":"ImageObject","url":"https:\/\/tabaccomd.com\/wp-content\/uploads\/2022\/05\/tabak-adalya-mint-myata-50gr.jpg","@id":"https:\/\/tabaccomd.com\/ro\/product\/tutun-pentru-narghilea-adalya-mint-50g\/#mainImage","width":600,"height":600,"caption":"Tutun pentru narghilea ADALYA Mint 50g"},"primaryImageOfPage":{"@id":"https:\/\/tabaccomd.com\/ro\/product\/tutun-pentru-narghilea-adalya-mint-50g\/#mainImage"},"datePublished":"2022-05-07T14:04:46+03:00","dateModified":"2023-08-16T16:25:20+03:00"},{"@type":"WebSite","@id":"https:\/\/tabaccomd.com\/ro\/#website","url":"https:\/\/tabaccomd.com\/ro\/","name":"Tabacco House","alternateName":"tobaccomd.com","description":"\u041c\u0430\u0433\u0430\u0437\u0438\u043d \u0442\u0430\u0431\u0430\u0447\u043d\u044b\u0445 \u0438\u0437\u0434\u0435\u043b\u0438\u0439","inLanguage":"ro-RO","publisher":{"@id":"https:\/\/tabaccomd.com\/ro\/#organization"}}]},"og:locale":"ro_RO","og:site_name":"Tabacco House \u2013 \u041c\u0430\u0433\u0430\u0437\u0438\u043d \u0442\u0430\u0431\u0430\u0447\u043d\u044b\u0445 \u0438\u0437\u0434\u0435\u043b\u0438\u0439","og:type":"article","og:title":"Tutun pentru narghilea ADALYA Mint 50g \u2013 Tabacco House","og:description":"Cumpar tutun pentru narghilea ADALYA Mint \u00een tabaccomd.com \u00een Chi\u0219in\u0103u, Moldova. Livrare rapid\u0103 \u0219i exist\u0103 o gam\u0103 larg\u0103 de produse - plasa\u021bi comanda acum! Suna\u021bi-ne la Tel. 061-000-935 sau l\u0103sa\u021bi-ne o cerere online \u0219i v\u0103 vom contacta. [:]","og:url":"https:\/\/tabaccomd.com\/ro\/product\/tutun-pentru-narghilea-adalya-mint-50g\/","article:published_time":"2022-05-07T11:04:46+00:00","article:modified_time":"2023-08-16T13:25:20+00:00","article:publisher":"https:\/\/www.facebook.com\/tabaccomd.com\/","twitter:card":"summary_large_image","twitter:title":"Tutun pentru narghilea ADALYA Mint 50g \u2013 Tabacco House","twitter:description":"Cumpar tutun pentru narghilea ADALYA Mint \u00een tabaccomd.com \u00een Chi\u0219in\u0103u, Moldova. Livrare rapid\u0103 \u0219i exist\u0103 o gam\u0103 larg\u0103 de produse - plasa\u021bi comanda acum! Suna\u021bi-ne la Tel. 061-000-935 sau l\u0103sa\u021bi-ne o cerere online \u0219i v\u0103 vom contacta. [:]"},"aioseo_meta_data":{"post_id":"19526","title":null,"description":"Cumpar tutun pentru narghilea ADALYA Mint \u00een tabaccomd.com \u00een Chi\u0219in\u0103u, Moldova. Livrare rapid\u0103 \u0219i exist\u0103 o gam\u0103 larg\u0103 de produse - plasa\u021bi comanda acum! Suna\u021bi-ne la Tel. 061-000-935 sau l\u0103sa\u021bi-ne o cerere online \u0219i v\u0103 vom contacta. [:]","keywords":[],"keyphrases":{"focus":{"keyphrase":"ADALYA Mint","score":100,"analysis":{"keyphraseInTitle":{"score":9,"maxScore":9,"error":0},"keyphraseInDescription":{"score":9,"maxScore":9,"error":0},"keyphraseLength":{"score":9,"maxScore":9,"error":0,"length":2},"keyphraseInURL":{"score":5,"maxScore":5,"error":0},"keyphraseInIntroduction":{"score":9,"maxScore":9,"error":0},"keyphraseInSubHeadings":[],"keyphraseInImageAlt":[]}},"additional":[]},"primary_term":null,"canonical_url":null,"og_title":null,"og_description":null,"og_object_type":"default","og_image_type":"default","og_image_url":null,"og_image_width":null,"og_image_height":null,"og_image_custom_url":null,"og_image_custom_fields":null,"og_video":"","og_custom_url":null,"og_article_section":null,"og_article_tags":[],"twitter_use_og":false,"twitter_card":"default","twitter_image_type":"default","twitter_image_url":null,"twitter_image_custom_url":null,"twitter_image_custom_fields":null,"twitter_title":null,"twitter_description":null,"schema":{"blockGraphs":[],"customGraphs":[],"default":{"data":{"Article":[],"Course":[],"Dataset":[],"FAQPage":[],"Movie":[],"Person":[],"Product":[],"ProductReview":[],"Car":[],"Recipe":[],"Service":[],"SoftwareApplication":[],"WebPage":[]},"graphName":"ItemPage","isEnabled":true},"graphs":[]},"schema_type":"default","schema_type_options":null,"pillar_content":false,"robots_default":true,"robots_noindex":false,"robots_noarchive":false,"robots_nosnippet":false,"robots_nofollow":false,"robots_noimageindex":false,"robots_noodp":false,"robots_notranslate":false,"robots_max_snippet":"-1","robots_max_videopreview":"-1","robots_max_imagepreview":"large","priority":null,"frequency":"default","local_seo":null,"seo_analyzer_scan_date":"2025-10-20 02:46:09","breadcrumb_settings":null,"limit_modified_date":false,"reviewed_by":null,"open_ai":null,"ai":null,"created":"2023-03-30 14:27:04","updated":"2025-10-20 02:46:09"},"aioseo_breadcrumb":"<div class=\"aioseo-breadcrumbs\"><span class=\"aioseo-breadcrumb\">\n\t<a href=\"https:\/\/tabaccomd.com\/ro\/\" title=\"\u0413\u043b\u0430\u0432\u043d\u0430\u044f\">\u0413\u043b\u0430\u0432\u043d\u0430\u044f<\/a>\n<\/span><span class=\"aioseo-breadcrumb-separator\">\u00bb<\/span><span class=\"aioseo-breadcrumb\">\n\t<a href=\"https:\/\/tabaccomd.com\/ro\/catalog\/\" title=\"Catalog\">Catalog<\/a>\n<\/span><span class=\"aioseo-breadcrumb-separator\">\u00bb<\/span><span class=\"aioseo-breadcrumb\">\n\t<a href=\"https:\/\/tabaccomd.com\/ro\/product-category\/tutun\/\" title=\"Tutun\">Tutun<\/a>\n<\/span><span class=\"aioseo-breadcrumb-separator\">\u00bb<\/span><span class=\"aioseo-breadcrumb\">\n\t<a href=\"https:\/\/tabaccomd.com\/ro\/product-category\/tutun\/tutun-pentru-narghilea\/\" title=\"Tutun pentru narghilea\">Tutun pentru narghilea<\/a>\n<\/span><span class=\"aioseo-breadcrumb-separator\">\u00bb<\/span><span class=\"aioseo-breadcrumb\">\n\t<a href=\"https:\/\/tabaccomd.com\/ro\/product-category\/tutun\/tutun-pentru-narghilea\/tutun-pentru-narghilea-adalya\/\" title=\"Tutun pentru narghilea ADALYA\">Tutun pentru narghilea ADALYA<\/a>\n<\/span><span class=\"aioseo-breadcrumb-separator\">\u00bb<\/span><span class=\"aioseo-breadcrumb\">\n\tTutun pentru narghilea ADALYA Mint 50g\n<\/span><\/div>","aioseo_breadcrumb_json":[{"label":"\u0413\u043b\u0430\u0432\u043d\u0430\u044f","link":"https:\/\/tabaccomd.com\/ro\/"},{"label":"Catalog","link":"https:\/\/tabaccomd.com\/ro\/catalog\/"},{"label":"Tutun","link":"https:\/\/tabaccomd.com\/ro\/product-category\/tutun\/"},{"label":"Tutun pentru narghilea","link":"https:\/\/tabaccomd.com\/ro\/product-category\/tutun\/tutun-pentru-narghilea\/"},{"label":"Tutun pentru narghilea ADALYA","link":"https:\/\/tabaccomd.com\/ro\/product-category\/tutun\/tutun-pentru-narghilea\/tutun-pentru-narghilea-adalya\/"},{"label":"Tutun pentru narghilea ADALYA Mint 50g","link":"https:\/\/tabaccomd.com\/ro\/product\/tutun-pentru-narghilea-adalya-mint-50g\/"}],"images_for_1c":[{"url":"https:\/\/tabaccomd.com\/wp-content\/uploads\/2022\/05\/tabak-adalya-mint-myata-50gr.jpg","type":"featured","alt":"","filename":"tabak-adalya-mint-myata-50gr.jpg"}],"additional_data_1c":{"modified_date":"2023-08-16 16:25:20","permalink":"https:\/\/tabaccomd.com\/ro\/product\/tutun-pentru-narghilea-adalya-mint-50g\/","stock_status":"outofstock","manage_stock":"no"},"_links":{"self":[{"href":"https:\/\/tabaccomd.com\/ro\/wp-json\/wp\/v2\/product\/19526","targetHints":{"allow":["GET"]}}],"collection":[{"href":"https:\/\/tabaccomd.com\/ro\/wp-json\/wp\/v2\/product"}],"about":[{"href":"https:\/\/tabaccomd.com\/ro\/wp-json\/wp\/v2\/types\/product"}],"wp:featuredmedia":[{"embeddable":true,"href":"https:\/\/tabaccomd.com\/ro\/wp-json\/wp\/v2\/media\/17486"}],"wp:attachment":[{"href":"https:\/\/tabaccomd.com\/ro\/wp-json\/wp\/v2\/media?parent=19526"}],"wp:term":[{"taxonomy":"product_brand","embeddable":true,"href":"https:\/\/tabaccomd.com\/ro\/wp-json\/wp\/v2\/product_brand?post=19526"},{"taxonomy":"product_cat","embeddable":true,"href":"https:\/\/tabaccomd.com\/ro\/wp-json\/wp\/v2\/product_cat?post=19526"},{"taxonomy":"product_tag","embeddable":true,"href":"https:\/\/tabaccomd.com\/ro\/wp-json\/wp\/v2\/product_tag?post=19526"}],"curies":[{"name":"wp","href":"https:\/\/api.w.org\/{rel}","templated":true}]}}