{"id":19440,"date":"2022-04-20T15:26:57","date_gmt":"2022-04-20T12:26:57","guid":{"rendered":"https:\/\/new124.tabaccomd.com\/product\/tigara-electronica-lio-nano-x-600-banana-ice\/"},"modified":"2022-04-20T15:26:57","modified_gmt":"2022-04-20T12:26:57","slug":"tigara-electronica-lio-nano-x-600-banana-ice","status":"publish","type":"product","link":"https:\/\/tabaccomd.com\/ro\/product\/tigara-electronica-lio-nano-x-600-banana-ice\/","title":{"rendered":"Tigara electronica LIO NANO X 600 Banana Ice"},"content":{"rendered":"<p>Tigara electronica LIO NANO X 600 Banana Ice este gata de utilizare si nu necesita reincarcare, conceputa pentru o singura utilizare. Evaluat pentru 600 de pufuri, ideal pentru \u00eencep\u0103tori \u0219i profesioni\u0219ti.<\/p>\n<p>Nu ocup\u0103 mult spa\u021biu \u00een buzunar pentru a-l lua cu tine \u00een c\u0103l\u0103torie \u0219i pentru fiecare zi. Extrem de u\u0219or de utilizat, lucrul \u00eencepe cu o puf\u0103tur\u0103.<\/p>\n<p>Pute\u021bi cump\u0103ra \u021bigar\u0103 electronic\u0103 LIO NANO X 600 Banana Ice din magazinele Tabacco.md<\/p>\n","protected":false},"excerpt":{"rendered":"<ul>\n<li>Tara: China<\/li>\n<li>Con\u021binut de nicotin\u0103: 20 mg<\/li>\n<li>Capacitate cartus: 2,0 ml<\/li>\n<li>Capacitate baterie: 550 mAh<\/li>\n<li>Num\u0103r de pufuri: 600<\/li>\n<li>Greutate: 28 gr<\/li>\n<li>Gust: Banan\u0103, Ghea\u0163\u0103<\/li>\n<\/ul>\n","protected":false},"featured_media":17287,"template":"","meta":{"om_disable_all_campaigns":false,"_monsterinsights_skip_tracking":false,"_monsterinsights_sitenote_active":false,"_monsterinsights_sitenote_note":"","_monsterinsights_sitenote_category":0},"product_brand":[],"product_cat":[45],"product_tag":[],"class_list":{"0":"post-19440","1":"product","2":"type-product","3":"status-publish","4":"has-post-thumbnail","6":"product_cat-filtryi-dlya-samokrutok","8":"first","9":"outofstock","10":"taxable","11":"shipping-taxable","12":"purchasable","13":"product-type-simple"},"aioseo_notices":[],"aioseo_head":"\n\t\t<!-- All in One SEO Pro 4.9.5.2 - aioseo.com -->\n\t<meta name=\"robots\" content=\"max-image-preview:large\" \/>\n\t<link rel=\"canonical\" href=\"https:\/\/tabaccomd.com\/ro\/product\/tigara-electronica-lio-nano-x-600-banana-ice\/\" \/>\n\t<meta name=\"generator\" content=\"All in One SEO Pro (AIOSEO) 4.9.5.2\" \/>\n\t\t<meta property=\"og:locale\" content=\"ro_RO\" \/>\n\t\t<meta property=\"og:site_name\" content=\"Tabacco House \u2013 \u041c\u0430\u0433\u0430\u0437\u0438\u043d \u0442\u0430\u0431\u0430\u0447\u043d\u044b\u0445 \u0438\u0437\u0434\u0435\u043b\u0438\u0439\" \/>\n\t\t<meta property=\"og:type\" content=\"article\" \/>\n\t\t<meta property=\"og:title\" content=\"Tigara electronica LIO NANO X 600 Banana Ice \u2013 Tabacco House\" \/>\n\t\t<meta property=\"og:url\" content=\"https:\/\/tabaccomd.com\/ro\/product\/tigara-electronica-lio-nano-x-600-banana-ice\/\" \/>\n\t\t<meta property=\"article:published_time\" content=\"2022-04-20T12:26:57+00:00\" \/>\n\t\t<meta property=\"article:modified_time\" content=\"2022-04-20T12:26:57+00:00\" \/>\n\t\t<meta property=\"article:publisher\" content=\"https:\/\/www.facebook.com\/tabaccomd.com\/\" \/>\n\t\t<meta name=\"twitter:card\" content=\"summary_large_image\" \/>\n\t\t<meta name=\"twitter:title\" content=\"Tigara electronica LIO NANO X 600 Banana Ice \u2013 Tabacco House\" \/>\n\t\t<script type=\"application\/ld+json\" class=\"aioseo-schema\">\n\t\t\t{\"@context\":\"https:\\\/\\\/schema.org\",\"@graph\":[{\"@type\":\"BreadcrumbList\",\"@id\":\"https:\\\/\\\/tabaccomd.com\\\/ro\\\/product\\\/tigara-electronica-lio-nano-x-600-banana-ice\\\/#breadcrumblist\",\"itemListElement\":[{\"@type\":\"ListItem\",\"@id\":\"https:\\\/\\\/tabaccomd.com\\\/ro\\\/#listItem\",\"position\":1,\"name\":\"\\u0413\\u043b\\u0430\\u0432\\u043d\\u0430\\u044f\",\"item\":\"https:\\\/\\\/tabaccomd.com\\\/ro\\\/\",\"nextItem\":{\"@type\":\"ListItem\",\"@id\":\"https:\\\/\\\/tabaccomd.com\\\/ro\\\/catalog\\\/#listItem\",\"name\":\"Catalog\"}},{\"@type\":\"ListItem\",\"@id\":\"https:\\\/\\\/tabaccomd.com\\\/ro\\\/catalog\\\/#listItem\",\"position\":2,\"name\":\"Catalog\",\"item\":\"https:\\\/\\\/tabaccomd.com\\\/ro\\\/catalog\\\/\",\"nextItem\":{\"@type\":\"ListItem\",\"@id\":\"https:\\\/\\\/tabaccomd.com\\\/product-category\\\/vse-dlya-samokrutok\\\/#listItem\",\"name\":\"\\u0412\\u0441\\u0435 \\u0434\\u043b\\u044f \\u0441\\u0430\\u043c\\u043e\\u043a\\u0440\\u0443\\u0442\\u043e\\u043a\"},\"previousItem\":{\"@type\":\"ListItem\",\"@id\":\"https:\\\/\\\/tabaccomd.com\\\/ro\\\/#listItem\",\"name\":\"\\u0413\\u043b\\u0430\\u0432\\u043d\\u0430\\u044f\"}},{\"@type\":\"ListItem\",\"@id\":\"https:\\\/\\\/tabaccomd.com\\\/product-category\\\/vse-dlya-samokrutok\\\/#listItem\",\"position\":3,\"name\":\"\\u0412\\u0441\\u0435 \\u0434\\u043b\\u044f \\u0441\\u0430\\u043c\\u043e\\u043a\\u0440\\u0443\\u0442\\u043e\\u043a\",\"item\":\"https:\\\/\\\/tabaccomd.com\\\/product-category\\\/vse-dlya-samokrutok\\\/\",\"nextItem\":{\"@type\":\"ListItem\",\"@id\":\"https:\\\/\\\/tabaccomd.com\\\/product-category\\\/vse-dlya-samokrutok\\\/filtryi-dlya-samokrutok\\\/#listItem\",\"name\":\"\\u0424\\u0438\\u043b\\u044c\\u0442\\u0440\\u044b \\u0434\\u043b\\u044f \\u0441\\u0430\\u043c\\u043e\\u043a\\u0440\\u0443\\u0442\\u043e\\u043a\"},\"previousItem\":{\"@type\":\"ListItem\",\"@id\":\"https:\\\/\\\/tabaccomd.com\\\/ro\\\/catalog\\\/#listItem\",\"name\":\"Catalog\"}},{\"@type\":\"ListItem\",\"@id\":\"https:\\\/\\\/tabaccomd.com\\\/product-category\\\/vse-dlya-samokrutok\\\/filtryi-dlya-samokrutok\\\/#listItem\",\"position\":4,\"name\":\"\\u0424\\u0438\\u043b\\u044c\\u0442\\u0440\\u044b \\u0434\\u043b\\u044f \\u0441\\u0430\\u043c\\u043e\\u043a\\u0440\\u0443\\u0442\\u043e\\u043a\",\"item\":\"https:\\\/\\\/tabaccomd.com\\\/product-category\\\/vse-dlya-samokrutok\\\/filtryi-dlya-samokrutok\\\/\",\"nextItem\":{\"@type\":\"ListItem\",\"@id\":\"https:\\\/\\\/tabaccomd.com\\\/ro\\\/product\\\/tigara-electronica-lio-nano-x-600-banana-ice\\\/#listItem\",\"name\":\"Tigara electronica LIO NANO X 600 Banana Ice\"},\"previousItem\":{\"@type\":\"ListItem\",\"@id\":\"https:\\\/\\\/tabaccomd.com\\\/product-category\\\/vse-dlya-samokrutok\\\/#listItem\",\"name\":\"\\u0412\\u0441\\u0435 \\u0434\\u043b\\u044f \\u0441\\u0430\\u043c\\u043e\\u043a\\u0440\\u0443\\u0442\\u043e\\u043a\"}},{\"@type\":\"ListItem\",\"@id\":\"https:\\\/\\\/tabaccomd.com\\\/ro\\\/product\\\/tigara-electronica-lio-nano-x-600-banana-ice\\\/#listItem\",\"position\":5,\"name\":\"Tigara electronica LIO NANO X 600 Banana Ice\",\"previousItem\":{\"@type\":\"ListItem\",\"@id\":\"https:\\\/\\\/tabaccomd.com\\\/product-category\\\/vse-dlya-samokrutok\\\/filtryi-dlya-samokrutok\\\/#listItem\",\"name\":\"\\u0424\\u0438\\u043b\\u044c\\u0442\\u0440\\u044b \\u0434\\u043b\\u044f \\u0441\\u0430\\u043c\\u043e\\u043a\\u0440\\u0443\\u0442\\u043e\\u043a\"}}]},{\"@type\":\"Organization\",\"@id\":\"https:\\\/\\\/tabaccomd.com\\\/ro\\\/#organization\",\"name\":\"Tabacco House\",\"description\":\"\\u041c\\u0430\\u0433\\u0430\\u0437\\u0438\\u043d \\u0442\\u0430\\u0431\\u0430\\u0447\\u043d\\u044b\\u0445 \\u0438\\u0437\\u0434\\u0435\\u043b\\u0438\\u0439\",\"url\":\"https:\\\/\\\/tabaccomd.com\\\/ro\\\/\",\"email\":\"Office@cazacuhouse.com\",\"telephone\":\"+37361000935\",\"logo\":{\"@type\":\"ImageObject\",\"url\":\"https:\\\/\\\/tabaccomd.com\\\/wp-content\\\/uploads\\\/2024\\\/02\\\/logo_header3.png\",\"@id\":\"https:\\\/\\\/tabaccomd.com\\\/ro\\\/product\\\/tigara-electronica-lio-nano-x-600-banana-ice\\\/#organizationLogo\",\"width\":32,\"height\":32,\"caption\":\"Tabacco House\"},\"image\":{\"@id\":\"https:\\\/\\\/tabaccomd.com\\\/ro\\\/product\\\/tigara-electronica-lio-nano-x-600-banana-ice\\\/#organizationLogo\"},\"sameAs\":[\"https:\\\/\\\/www.facebook.com\\\/tabaccomd.com\\\/\",\"https:\\\/\\\/www.instagram.com\\\/tabaccomd.com\\\/\"],\"address\":{\"@id\":\"https:\\\/\\\/tabaccomd.com\\\/ro\\\/#postaladdress\",\"@type\":\"PostalAddress\",\"streetAddress\":\"Strada Albi\\u015foara 4, Chi\\u0219in\\u0103u, Bulevardul \\u0218tefan cel Mare \\u0219i Sf\\u00eent 136, Chi\\u0219in\\u0103u\",\"addressLocality\":\"Chi\\u0219in\\u0103u\",\"addressCountry\":\"MD\"}},{\"@type\":\"Product\",\"@id\":\"https:\\\/\\\/tabaccomd.com\\\/ro\\\/product\\\/tigara-electronica-lio-nano-x-600-banana-ice\\\/#wooCommerceProduct\",\"name\":\"Tigara electronica LIO NANO X 600 Banana Ice\",\"description\":\"Tara: China\\r\\n \\tCon\\u021binut de nicotin\\u0103: 20 mg\\r\\n \\tCapacitate cartus: 2,0 ml\\r\\n \\tCapacitate baterie: 550 mAh\\r\\n \\tNum\\u0103r de pufuri: 600\\r\\n \\tGreutate: 28 gr\\r\\n \\tGust: Banan\\u0103, Ghea\\u0163\\u0103\",\"url\":\"https:\\\/\\\/tabaccomd.com\\\/ro\\\/product\\\/tigara-electronica-lio-nano-x-600-banana-ice\\\/\",\"sku\":\"600 Banana Ice\",\"image\":{\"@type\":\"ImageObject\",\"url\":\"https:\\\/\\\/tabaccomd.com\\\/wp-content\\\/uploads\\\/2022\\\/04\\\/image-1.jpg\",\"@id\":\"https:\\\/\\\/tabaccomd.com\\\/ro\\\/product\\\/tigara-electronica-lio-nano-x-600-banana-ice\\\/#productImage\",\"width\":1000,\"height\":1000},\"offers\":{\"@type\":\"Offer\",\"url\":\"https:\\\/\\\/tabaccomd.com\\\/ro\\\/product\\\/tigara-electronica-lio-nano-x-600-banana-ice\\\/#wooCommerceOffer\",\"price\":170,\"priceCurrency\":\"MDL\",\"category\":\"\\u0424\\u0438\\u043b\\u044c\\u0442\\u0440\\u044b \\u0434\\u043b\\u044f \\u0441\\u0430\\u043c\\u043e\\u043a\\u0440\\u0443\\u0442\\u043e\\u043a\",\"availability\":\"https:\\\/\\\/schema.org\\\/OutOfStock\",\"priceSpecification\":{\"@type\":\"PriceSpecification\",\"price\":170,\"priceCurrency\":\"MDL\",\"valueAddedTaxIncluded\":\"true\"},\"seller\":{\"@type\":\"Organization\",\"@id\":\"https:\\\/\\\/tabaccomd.com\\\/ro\\\/#organization\"}}},{\"@type\":\"WebPage\",\"@id\":\"https:\\\/\\\/tabaccomd.com\\\/ro\\\/product\\\/tigara-electronica-lio-nano-x-600-banana-ice\\\/#webpage\",\"url\":\"https:\\\/\\\/tabaccomd.com\\\/ro\\\/product\\\/tigara-electronica-lio-nano-x-600-banana-ice\\\/\",\"name\":\"Tigara electronica LIO NANO X 600 Banana Ice \\u2013 Tabacco House\",\"inLanguage\":\"ro-RO\",\"isPartOf\":{\"@id\":\"https:\\\/\\\/tabaccomd.com\\\/ro\\\/#website\"},\"breadcrumb\":{\"@id\":\"https:\\\/\\\/tabaccomd.com\\\/ro\\\/product\\\/tigara-electronica-lio-nano-x-600-banana-ice\\\/#breadcrumblist\"},\"image\":{\"@type\":\"ImageObject\",\"url\":\"https:\\\/\\\/tabaccomd.com\\\/wp-content\\\/uploads\\\/2022\\\/04\\\/image-1.jpg\",\"@id\":\"https:\\\/\\\/tabaccomd.com\\\/ro\\\/product\\\/tigara-electronica-lio-nano-x-600-banana-ice\\\/#mainImage\",\"width\":1000,\"height\":1000},\"primaryImageOfPage\":{\"@id\":\"https:\\\/\\\/tabaccomd.com\\\/ro\\\/product\\\/tigara-electronica-lio-nano-x-600-banana-ice\\\/#mainImage\"},\"datePublished\":\"2022-04-20T15:26:57+03:00\",\"dateModified\":\"2022-04-20T15:26:57+03:00\"},{\"@type\":\"WebSite\",\"@id\":\"https:\\\/\\\/tabaccomd.com\\\/ro\\\/#website\",\"url\":\"https:\\\/\\\/tabaccomd.com\\\/ro\\\/\",\"name\":\"Tabacco House\",\"alternateName\":\"tobaccomd.com\",\"description\":\"\\u041c\\u0430\\u0433\\u0430\\u0437\\u0438\\u043d \\u0442\\u0430\\u0431\\u0430\\u0447\\u043d\\u044b\\u0445 \\u0438\\u0437\\u0434\\u0435\\u043b\\u0438\\u0439\",\"inLanguage\":\"ro-RO\",\"publisher\":{\"@id\":\"https:\\\/\\\/tabaccomd.com\\\/ro\\\/#organization\"}}]}\n\t\t<\/script>\n\t\t<!-- All in One SEO Pro -->\r\n\t\t<title>Tigara electronica LIO NANO X 600 Banana Ice \u2013 Tabacco House<\/title>\n\n","aioseo_head_json":{"title":"Tigara electronica LIO NANO X 600 Banana Ice \u2013 Tabacco House","description":"","canonical_url":"https:\/\/tabaccomd.com\/ro\/product\/tigara-electronica-lio-nano-x-600-banana-ice\/","robots":"max-image-preview:large","keywords":"","webmasterTools":{"miscellaneous":""},"schema":{"@context":"https:\/\/schema.org","@graph":[{"@type":"BreadcrumbList","@id":"https:\/\/tabaccomd.com\/ro\/product\/tigara-electronica-lio-nano-x-600-banana-ice\/#breadcrumblist","itemListElement":[{"@type":"ListItem","@id":"https:\/\/tabaccomd.com\/ro\/#listItem","position":1,"name":"\u0413\u043b\u0430\u0432\u043d\u0430\u044f","item":"https:\/\/tabaccomd.com\/ro\/","nextItem":{"@type":"ListItem","@id":"https:\/\/tabaccomd.com\/ro\/catalog\/#listItem","name":"Catalog"}},{"@type":"ListItem","@id":"https:\/\/tabaccomd.com\/ro\/catalog\/#listItem","position":2,"name":"Catalog","item":"https:\/\/tabaccomd.com\/ro\/catalog\/","nextItem":{"@type":"ListItem","@id":"https:\/\/tabaccomd.com\/product-category\/vse-dlya-samokrutok\/#listItem","name":"\u0412\u0441\u0435 \u0434\u043b\u044f \u0441\u0430\u043c\u043e\u043a\u0440\u0443\u0442\u043e\u043a"},"previousItem":{"@type":"ListItem","@id":"https:\/\/tabaccomd.com\/ro\/#listItem","name":"\u0413\u043b\u0430\u0432\u043d\u0430\u044f"}},{"@type":"ListItem","@id":"https:\/\/tabaccomd.com\/product-category\/vse-dlya-samokrutok\/#listItem","position":3,"name":"\u0412\u0441\u0435 \u0434\u043b\u044f \u0441\u0430\u043c\u043e\u043a\u0440\u0443\u0442\u043e\u043a","item":"https:\/\/tabaccomd.com\/product-category\/vse-dlya-samokrutok\/","nextItem":{"@type":"ListItem","@id":"https:\/\/tabaccomd.com\/product-category\/vse-dlya-samokrutok\/filtryi-dlya-samokrutok\/#listItem","name":"\u0424\u0438\u043b\u044c\u0442\u0440\u044b \u0434\u043b\u044f \u0441\u0430\u043c\u043e\u043a\u0440\u0443\u0442\u043e\u043a"},"previousItem":{"@type":"ListItem","@id":"https:\/\/tabaccomd.com\/ro\/catalog\/#listItem","name":"Catalog"}},{"@type":"ListItem","@id":"https:\/\/tabaccomd.com\/product-category\/vse-dlya-samokrutok\/filtryi-dlya-samokrutok\/#listItem","position":4,"name":"\u0424\u0438\u043b\u044c\u0442\u0440\u044b \u0434\u043b\u044f \u0441\u0430\u043c\u043e\u043a\u0440\u0443\u0442\u043e\u043a","item":"https:\/\/tabaccomd.com\/product-category\/vse-dlya-samokrutok\/filtryi-dlya-samokrutok\/","nextItem":{"@type":"ListItem","@id":"https:\/\/tabaccomd.com\/ro\/product\/tigara-electronica-lio-nano-x-600-banana-ice\/#listItem","name":"Tigara electronica LIO NANO X 600 Banana Ice"},"previousItem":{"@type":"ListItem","@id":"https:\/\/tabaccomd.com\/product-category\/vse-dlya-samokrutok\/#listItem","name":"\u0412\u0441\u0435 \u0434\u043b\u044f \u0441\u0430\u043c\u043e\u043a\u0440\u0443\u0442\u043e\u043a"}},{"@type":"ListItem","@id":"https:\/\/tabaccomd.com\/ro\/product\/tigara-electronica-lio-nano-x-600-banana-ice\/#listItem","position":5,"name":"Tigara electronica LIO NANO X 600 Banana Ice","previousItem":{"@type":"ListItem","@id":"https:\/\/tabaccomd.com\/product-category\/vse-dlya-samokrutok\/filtryi-dlya-samokrutok\/#listItem","name":"\u0424\u0438\u043b\u044c\u0442\u0440\u044b \u0434\u043b\u044f \u0441\u0430\u043c\u043e\u043a\u0440\u0443\u0442\u043e\u043a"}}]},{"@type":"Organization","@id":"https:\/\/tabaccomd.com\/ro\/#organization","name":"Tabacco House","description":"\u041c\u0430\u0433\u0430\u0437\u0438\u043d \u0442\u0430\u0431\u0430\u0447\u043d\u044b\u0445 \u0438\u0437\u0434\u0435\u043b\u0438\u0439","url":"https:\/\/tabaccomd.com\/ro\/","email":"Office@cazacuhouse.com","telephone":"+37361000935","logo":{"@type":"ImageObject","url":"https:\/\/tabaccomd.com\/wp-content\/uploads\/2024\/02\/logo_header3.png","@id":"https:\/\/tabaccomd.com\/ro\/product\/tigara-electronica-lio-nano-x-600-banana-ice\/#organizationLogo","width":32,"height":32,"caption":"Tabacco House"},"image":{"@id":"https:\/\/tabaccomd.com\/ro\/product\/tigara-electronica-lio-nano-x-600-banana-ice\/#organizationLogo"},"sameAs":["https:\/\/www.facebook.com\/tabaccomd.com\/","https:\/\/www.instagram.com\/tabaccomd.com\/"],"address":{"@id":"https:\/\/tabaccomd.com\/ro\/#postaladdress","@type":"PostalAddress","streetAddress":"Strada Albi\u015foara 4, Chi\u0219in\u0103u, Bulevardul \u0218tefan cel Mare \u0219i Sf\u00eent 136, Chi\u0219in\u0103u","addressLocality":"Chi\u0219in\u0103u","addressCountry":"MD"}},{"@type":"Product","@id":"https:\/\/tabaccomd.com\/ro\/product\/tigara-electronica-lio-nano-x-600-banana-ice\/#wooCommerceProduct","name":"Tigara electronica LIO NANO X 600 Banana Ice","description":"Tara: China\r\n \tCon\u021binut de nicotin\u0103: 20 mg\r\n \tCapacitate cartus: 2,0 ml\r\n \tCapacitate baterie: 550 mAh\r\n \tNum\u0103r de pufuri: 600\r\n \tGreutate: 28 gr\r\n \tGust: Banan\u0103, Ghea\u0163\u0103","url":"https:\/\/tabaccomd.com\/ro\/product\/tigara-electronica-lio-nano-x-600-banana-ice\/","sku":"600 Banana Ice","image":{"@type":"ImageObject","url":"https:\/\/tabaccomd.com\/wp-content\/uploads\/2022\/04\/image-1.jpg","@id":"https:\/\/tabaccomd.com\/ro\/product\/tigara-electronica-lio-nano-x-600-banana-ice\/#productImage","width":1000,"height":1000},"offers":{"@type":"Offer","url":"https:\/\/tabaccomd.com\/ro\/product\/tigara-electronica-lio-nano-x-600-banana-ice\/#wooCommerceOffer","price":170,"priceCurrency":"MDL","category":"\u0424\u0438\u043b\u044c\u0442\u0440\u044b \u0434\u043b\u044f \u0441\u0430\u043c\u043e\u043a\u0440\u0443\u0442\u043e\u043a","availability":"https:\/\/schema.org\/OutOfStock","priceSpecification":{"@type":"PriceSpecification","price":170,"priceCurrency":"MDL","valueAddedTaxIncluded":"true"},"seller":{"@type":"Organization","@id":"https:\/\/tabaccomd.com\/ro\/#organization"}}},{"@type":"WebPage","@id":"https:\/\/tabaccomd.com\/ro\/product\/tigara-electronica-lio-nano-x-600-banana-ice\/#webpage","url":"https:\/\/tabaccomd.com\/ro\/product\/tigara-electronica-lio-nano-x-600-banana-ice\/","name":"Tigara electronica LIO NANO X 600 Banana Ice \u2013 Tabacco House","inLanguage":"ro-RO","isPartOf":{"@id":"https:\/\/tabaccomd.com\/ro\/#website"},"breadcrumb":{"@id":"https:\/\/tabaccomd.com\/ro\/product\/tigara-electronica-lio-nano-x-600-banana-ice\/#breadcrumblist"},"image":{"@type":"ImageObject","url":"https:\/\/tabaccomd.com\/wp-content\/uploads\/2022\/04\/image-1.jpg","@id":"https:\/\/tabaccomd.com\/ro\/product\/tigara-electronica-lio-nano-x-600-banana-ice\/#mainImage","width":1000,"height":1000},"primaryImageOfPage":{"@id":"https:\/\/tabaccomd.com\/ro\/product\/tigara-electronica-lio-nano-x-600-banana-ice\/#mainImage"},"datePublished":"2022-04-20T15:26:57+03:00","dateModified":"2022-04-20T15:26:57+03:00"},{"@type":"WebSite","@id":"https:\/\/tabaccomd.com\/ro\/#website","url":"https:\/\/tabaccomd.com\/ro\/","name":"Tabacco House","alternateName":"tobaccomd.com","description":"\u041c\u0430\u0433\u0430\u0437\u0438\u043d \u0442\u0430\u0431\u0430\u0447\u043d\u044b\u0445 \u0438\u0437\u0434\u0435\u043b\u0438\u0439","inLanguage":"ro-RO","publisher":{"@id":"https:\/\/tabaccomd.com\/ro\/#organization"}}]},"og:locale":"ro_RO","og:site_name":"Tabacco House \u2013 \u041c\u0430\u0433\u0430\u0437\u0438\u043d \u0442\u0430\u0431\u0430\u0447\u043d\u044b\u0445 \u0438\u0437\u0434\u0435\u043b\u0438\u0439","og:type":"article","og:title":"Tigara electronica LIO NANO X 600 Banana Ice \u2013 Tabacco House","og:url":"https:\/\/tabaccomd.com\/ro\/product\/tigara-electronica-lio-nano-x-600-banana-ice\/","article:published_time":"2022-04-20T12:26:57+00:00","article:modified_time":"2022-04-20T12:26:57+00:00","article:publisher":"https:\/\/www.facebook.com\/tabaccomd.com\/","twitter:card":"summary_large_image","twitter:title":"Tigara electronica LIO NANO X 600 Banana Ice \u2013 Tabacco House"},"aioseo_meta_data":{"post_id":"19440","title":null,"description":null,"keywords":null,"keyphrases":null,"primary_term":null,"canonical_url":null,"og_title":null,"og_description":null,"og_object_type":"default","og_image_type":"default","og_image_url":null,"og_image_width":null,"og_image_height":null,"og_image_custom_url":null,"og_image_custom_fields":null,"og_video":null,"og_custom_url":null,"og_article_section":null,"og_article_tags":null,"twitter_use_og":false,"twitter_card":"default","twitter_image_type":"default","twitter_image_url":null,"twitter_image_custom_url":null,"twitter_image_custom_fields":null,"twitter_title":null,"twitter_description":null,"schema":{"blockGraphs":[],"customGraphs":[],"default":{"data":{"Article":[],"Course":[],"Dataset":[],"FAQPage":[],"Movie":[],"Person":[],"Product":[],"ProductReview":[],"Car":[],"Recipe":[],"Service":[],"SoftwareApplication":[],"WebPage":[]},"graphName":"","isEnabled":true},"graphs":[]},"schema_type":"default","schema_type_options":null,"pillar_content":false,"robots_default":true,"robots_noindex":false,"robots_noarchive":false,"robots_nosnippet":false,"robots_nofollow":false,"robots_noimageindex":false,"robots_noodp":false,"robots_notranslate":false,"robots_max_snippet":null,"robots_max_videopreview":null,"robots_max_imagepreview":"large","priority":null,"frequency":null,"local_seo":null,"seo_analyzer_scan_date":"2025-10-20 02:00:41","breadcrumb_settings":null,"limit_modified_date":false,"reviewed_by":null,"open_ai":null,"ai":null,"created":"2023-03-30 14:28:55","updated":"2025-10-20 02:00:41"},"aioseo_breadcrumb":"<div class=\"aioseo-breadcrumbs\"><span class=\"aioseo-breadcrumb\">\n\t<a href=\"https:\/\/tabaccomd.com\/ro\/\" title=\"\u0413\u043b\u0430\u0432\u043d\u0430\u044f\">\u0413\u043b\u0430\u0432\u043d\u0430\u044f<\/a>\n<\/span><span class=\"aioseo-breadcrumb-separator\">\u00bb<\/span><span class=\"aioseo-breadcrumb\">\n\t<a href=\"https:\/\/tabaccomd.com\/ro\/catalog\/\" title=\"Catalog\">Catalog<\/a>\n<\/span><span class=\"aioseo-breadcrumb-separator\">\u00bb<\/span><span class=\"aioseo-breadcrumb\">\n\t<a href=\"https:\/\/tabaccomd.com\/product-category\/vse-dlya-samokrutok\/\" title=\"\u0412\u0441\u0435 \u0434\u043b\u044f \u0441\u0430\u043c\u043e\u043a\u0440\u0443\u0442\u043e\u043a\">\u0412\u0441\u0435 \u0434\u043b\u044f \u0441\u0430\u043c\u043e\u043a\u0440\u0443\u0442\u043e\u043a<\/a>\n<\/span><span class=\"aioseo-breadcrumb-separator\">\u00bb<\/span><span class=\"aioseo-breadcrumb\">\n\t<a href=\"https:\/\/tabaccomd.com\/product-category\/vse-dlya-samokrutok\/filtryi-dlya-samokrutok\/\" title=\"\u0424\u0438\u043b\u044c\u0442\u0440\u044b \u0434\u043b\u044f \u0441\u0430\u043c\u043e\u043a\u0440\u0443\u0442\u043e\u043a\">\u0424\u0438\u043b\u044c\u0442\u0440\u044b \u0434\u043b\u044f \u0441\u0430\u043c\u043e\u043a\u0440\u0443\u0442\u043e\u043a<\/a>\n<\/span><span class=\"aioseo-breadcrumb-separator\">\u00bb<\/span><span class=\"aioseo-breadcrumb\">\n\tTigara electronica LIO NANO X 600 Banana Ice\n<\/span><\/div>","aioseo_breadcrumb_json":[{"label":"\u0413\u043b\u0430\u0432\u043d\u0430\u044f","link":"https:\/\/tabaccomd.com\/ro\/"},{"label":"Catalog","link":"https:\/\/tabaccomd.com\/ro\/catalog\/"},{"label":"\u0412\u0441\u0435 \u0434\u043b\u044f \u0441\u0430\u043c\u043e\u043a\u0440\u0443\u0442\u043e\u043a","link":"https:\/\/tabaccomd.com\/product-category\/vse-dlya-samokrutok\/"},{"label":"\u0424\u0438\u043b\u044c\u0442\u0440\u044b \u0434\u043b\u044f \u0441\u0430\u043c\u043e\u043a\u0440\u0443\u0442\u043e\u043a","link":"https:\/\/tabaccomd.com\/product-category\/vse-dlya-samokrutok\/filtryi-dlya-samokrutok\/"},{"label":"Tigara electronica LIO NANO X 600 Banana Ice","link":"https:\/\/tabaccomd.com\/ro\/product\/tigara-electronica-lio-nano-x-600-banana-ice\/"}],"images_for_1c":[{"url":"https:\/\/tabaccomd.com\/wp-content\/uploads\/2022\/04\/image-1.jpg","type":"featured","alt":"","filename":"image-1.jpg"}],"additional_data_1c":{"modified_date":"2022-04-20 15:26:57","permalink":"https:\/\/tabaccomd.com\/ro\/product\/tigara-electronica-lio-nano-x-600-banana-ice\/","stock_status":"outofstock","manage_stock":"no"},"_links":{"self":[{"href":"https:\/\/tabaccomd.com\/ro\/wp-json\/wp\/v2\/product\/19440","targetHints":{"allow":["GET"]}}],"collection":[{"href":"https:\/\/tabaccomd.com\/ro\/wp-json\/wp\/v2\/product"}],"about":[{"href":"https:\/\/tabaccomd.com\/ro\/wp-json\/wp\/v2\/types\/product"}],"wp:featuredmedia":[{"embeddable":true,"href":"https:\/\/tabaccomd.com\/ro\/wp-json\/wp\/v2\/media\/17287"}],"wp:attachment":[{"href":"https:\/\/tabaccomd.com\/ro\/wp-json\/wp\/v2\/media?parent=19440"}],"wp:term":[{"taxonomy":"product_brand","embeddable":true,"href":"https:\/\/tabaccomd.com\/ro\/wp-json\/wp\/v2\/product_brand?post=19440"},{"taxonomy":"product_cat","embeddable":true,"href":"https:\/\/tabaccomd.com\/ro\/wp-json\/wp\/v2\/product_cat?post=19440"},{"taxonomy":"product_tag","embeddable":true,"href":"https:\/\/tabaccomd.com\/ro\/wp-json\/wp\/v2\/product_tag?post=19440"}],"curies":[{"name":"wp","href":"https:\/\/api.w.org\/{rel}","templated":true}]}}