{"id":19400,"date":"2021-12-24T22:50:04","date_gmt":"2021-12-24T19:50:04","guid":{"rendered":"https:\/\/new124.tabaccomd.com\/product\/mecanism-cu-gaz-zippo-2-turbine\/"},"modified":"2025-12-09T14:32:07","modified_gmt":"2025-12-09T11:32:07","slug":"mecanism-cu-gaz-zippo-2-turbine","status":"publish","type":"product","link":"https:\/\/tabaccomd.com\/ro\/product\/mecanism-cu-gaz-zippo-2-turbine\/","title":{"rendered":"Mecanism cu gaz Zippo 2 turbine 65827"},"content":{"rendered":"<p>Face\u021bi \u00eenc\u0103 un pas \u00een procesul personaliz\u0103rii select\u00e2nd inser\u021bia. Aceast\u0103 nou\u0103 inser\u021bie de <a href=\"https:\/\/tabaccomd.com\/ro\/categorie-produs\/brichete\/brichete-zippo-2\/\">brichet\u0103<\/a> genereaz\u0103 o singur\u0103 flac\u0103r\u0103 albastr\u0103 aprins\u0103 prin atingerea unui singur buton. Inser\u021bia cu o singur\u0103 flac\u0103r\u0103 ofer\u0103 o surs\u0103 de c\u0103ldur\u0103 f\u0103r\u0103 miros care dureaz\u0103 mai mult dec\u00e2t \u00eenainte \u0219i are cea mai bun\u0103 garan\u021bie. Noua colec\u021bie de inser\u021bii Zippo, inclusiv aceast\u0103 variant\u0103 cu 2 turbine, este ideal\u0103 pentru orice carcas\u0103 clasic\u0103 de brichet\u0103 Zippo.<\/p>\n<p>Pute\u021bi achizi\u021biona mecanismul cu gaz Zippo 2 turbine 65827 \u00een Moldova, Chi\u0219in\u0103u, \u00een re\u021beaua de magazine Tabacco House.<\/p>\n","protected":false},"excerpt":{"rendered":"<ul>\n<li>\u00cen\u0103l\u021bime reglabil\u0103 a fl\u0103c\u0103rii<\/li>\n<li>2 turbine, flac\u0103r\u0103 albastr\u0103<\/li>\n<li>Func\u021bioneaz\u0103 cu combustibil butan (gaz) Zippo<\/li>\n<li>Se vinde \u00eentr-o cutie cadou marca Zippo<\/li>\n<\/ul>\n","protected":false},"featured_media":155821,"template":"","meta":{"om_disable_all_campaigns":false,"_monsterinsights_skip_tracking":false,"_monsterinsights_sitenote_active":false,"_monsterinsights_sitenote_note":"","_monsterinsights_sitenote_category":0},"product_brand":[],"product_cat":[175,390],"product_tag":[],"class_list":{"0":"post-19400","1":"product","2":"type-product","3":"status-publish","4":"has-post-thumbnail","6":"product_cat-brichete-zippo-2","7":"product_cat-accesorii-zippo","9":"first","10":"instock","11":"taxable","12":"shipping-taxable","13":"purchasable","14":"product-type-simple"},"aioseo_notices":[],"aioseo_head":"\n\t\t<!-- All in One SEO Pro 4.9.5.2 - aioseo.com -->\n\t<meta name=\"robots\" content=\"max-image-preview:large\" \/>\n\t<link rel=\"canonical\" href=\"https:\/\/tabaccomd.com\/ro\/product\/mecanism-cu-gaz-zippo-2-turbine\/\" \/>\n\t<meta name=\"generator\" content=\"All in One SEO Pro (AIOSEO) 4.9.5.2\" \/>\n\t\t<meta property=\"og:locale\" content=\"ro_RO\" \/>\n\t\t<meta property=\"og:site_name\" content=\"Tabacco House \u2013 \u041c\u0430\u0433\u0430\u0437\u0438\u043d \u0442\u0430\u0431\u0430\u0447\u043d\u044b\u0445 \u0438\u0437\u0434\u0435\u043b\u0438\u0439\" \/>\n\t\t<meta property=\"og:type\" content=\"article\" \/>\n\t\t<meta property=\"og:title\" content=\"Mecanism cu gaz Zippo 2 turbine 65827 \u2013 Tabacco House\" \/>\n\t\t<meta property=\"og:url\" content=\"https:\/\/tabaccomd.com\/ro\/product\/mecanism-cu-gaz-zippo-2-turbine\/\" \/>\n\t\t<meta property=\"article:published_time\" content=\"2021-12-24T19:50:04+00:00\" \/>\n\t\t<meta property=\"article:modified_time\" content=\"2025-12-09T11:32:07+00:00\" \/>\n\t\t<meta property=\"article:publisher\" content=\"https:\/\/www.facebook.com\/tabaccomd.com\/\" \/>\n\t\t<meta name=\"twitter:card\" content=\"summary_large_image\" \/>\n\t\t<meta name=\"twitter:title\" content=\"Mecanism cu gaz Zippo 2 turbine 65827 \u2013 Tabacco House\" \/>\n\t\t<script type=\"application\/ld+json\" class=\"aioseo-schema\">\n\t\t\t{\"@context\":\"https:\\\/\\\/schema.org\",\"@graph\":[{\"@type\":\"BreadcrumbList\",\"@id\":\"https:\\\/\\\/tabaccomd.com\\\/ro\\\/product\\\/mecanism-cu-gaz-zippo-2-turbine\\\/#breadcrumblist\",\"itemListElement\":[{\"@type\":\"ListItem\",\"@id\":\"https:\\\/\\\/tabaccomd.com\\\/ro\\\/#listItem\",\"position\":1,\"name\":\"\\u0413\\u043b\\u0430\\u0432\\u043d\\u0430\\u044f\",\"item\":\"https:\\\/\\\/tabaccomd.com\\\/ro\\\/\",\"nextItem\":{\"@type\":\"ListItem\",\"@id\":\"https:\\\/\\\/tabaccomd.com\\\/ro\\\/catalog\\\/#listItem\",\"name\":\"Catalog\"}},{\"@type\":\"ListItem\",\"@id\":\"https:\\\/\\\/tabaccomd.com\\\/ro\\\/catalog\\\/#listItem\",\"position\":2,\"name\":\"Catalog\",\"item\":\"https:\\\/\\\/tabaccomd.com\\\/ro\\\/catalog\\\/\",\"nextItem\":{\"@type\":\"ListItem\",\"@id\":\"https:\\\/\\\/tabaccomd.com\\\/ro\\\/product-category\\\/brichete\\\/#listItem\",\"name\":\"Brichete\"},\"previousItem\":{\"@type\":\"ListItem\",\"@id\":\"https:\\\/\\\/tabaccomd.com\\\/ro\\\/#listItem\",\"name\":\"\\u0413\\u043b\\u0430\\u0432\\u043d\\u0430\\u044f\"}},{\"@type\":\"ListItem\",\"@id\":\"https:\\\/\\\/tabaccomd.com\\\/ro\\\/product-category\\\/brichete\\\/#listItem\",\"position\":3,\"name\":\"Brichete\",\"item\":\"https:\\\/\\\/tabaccomd.com\\\/ro\\\/product-category\\\/brichete\\\/\",\"nextItem\":{\"@type\":\"ListItem\",\"@id\":\"https:\\\/\\\/tabaccomd.com\\\/ro\\\/product-category\\\/brichete\\\/brichete-zippo-2\\\/#listItem\",\"name\":\"Brichete Zippo\"},\"previousItem\":{\"@type\":\"ListItem\",\"@id\":\"https:\\\/\\\/tabaccomd.com\\\/ro\\\/catalog\\\/#listItem\",\"name\":\"Catalog\"}},{\"@type\":\"ListItem\",\"@id\":\"https:\\\/\\\/tabaccomd.com\\\/ro\\\/product-category\\\/brichete\\\/brichete-zippo-2\\\/#listItem\",\"position\":4,\"name\":\"Brichete Zippo\",\"item\":\"https:\\\/\\\/tabaccomd.com\\\/ro\\\/product-category\\\/brichete\\\/brichete-zippo-2\\\/\",\"nextItem\":{\"@type\":\"ListItem\",\"@id\":\"https:\\\/\\\/tabaccomd.com\\\/ro\\\/product\\\/mecanism-cu-gaz-zippo-2-turbine\\\/#listItem\",\"name\":\"Mecanism cu gaz Zippo 2 turbine 65827\"},\"previousItem\":{\"@type\":\"ListItem\",\"@id\":\"https:\\\/\\\/tabaccomd.com\\\/ro\\\/product-category\\\/brichete\\\/#listItem\",\"name\":\"Brichete\"}},{\"@type\":\"ListItem\",\"@id\":\"https:\\\/\\\/tabaccomd.com\\\/ro\\\/product\\\/mecanism-cu-gaz-zippo-2-turbine\\\/#listItem\",\"position\":5,\"name\":\"Mecanism cu gaz Zippo 2 turbine 65827\",\"previousItem\":{\"@type\":\"ListItem\",\"@id\":\"https:\\\/\\\/tabaccomd.com\\\/ro\\\/product-category\\\/brichete\\\/brichete-zippo-2\\\/#listItem\",\"name\":\"Brichete Zippo\"}}]},{\"@type\":\"Organization\",\"@id\":\"https:\\\/\\\/tabaccomd.com\\\/ro\\\/#organization\",\"name\":\"Tabacco House\",\"description\":\"\\u041c\\u0430\\u0433\\u0430\\u0437\\u0438\\u043d \\u0442\\u0430\\u0431\\u0430\\u0447\\u043d\\u044b\\u0445 \\u0438\\u0437\\u0434\\u0435\\u043b\\u0438\\u0439\",\"url\":\"https:\\\/\\\/tabaccomd.com\\\/ro\\\/\",\"email\":\"Office@cazacuhouse.com\",\"telephone\":\"+37361000935\",\"logo\":{\"@type\":\"ImageObject\",\"url\":\"https:\\\/\\\/tabaccomd.com\\\/wp-content\\\/uploads\\\/2024\\\/02\\\/logo_header3.png\",\"@id\":\"https:\\\/\\\/tabaccomd.com\\\/ro\\\/product\\\/mecanism-cu-gaz-zippo-2-turbine\\\/#organizationLogo\",\"width\":32,\"height\":32,\"caption\":\"Tabacco House\"},\"image\":{\"@id\":\"https:\\\/\\\/tabaccomd.com\\\/ro\\\/product\\\/mecanism-cu-gaz-zippo-2-turbine\\\/#organizationLogo\"},\"sameAs\":[\"https:\\\/\\\/www.facebook.com\\\/tabaccomd.com\\\/\",\"https:\\\/\\\/www.instagram.com\\\/tabaccomd.com\\\/\"],\"address\":{\"@id\":\"https:\\\/\\\/tabaccomd.com\\\/ro\\\/#postaladdress\",\"@type\":\"PostalAddress\",\"streetAddress\":\"Strada Albi\\u015foara 4, Chi\\u0219in\\u0103u, Bulevardul \\u0218tefan cel Mare \\u0219i Sf\\u00eent 136, Chi\\u0219in\\u0103u\",\"addressLocality\":\"Chi\\u0219in\\u0103u\",\"addressCountry\":\"MD\"}},{\"@type\":\"Product\",\"@id\":\"https:\\\/\\\/tabaccomd.com\\\/ro\\\/product\\\/mecanism-cu-gaz-zippo-2-turbine\\\/#wooCommerceProduct\",\"name\":\"Mecanism cu gaz Zippo 2 turbine 65827\",\"description\":\"\\u00cen\\u0103l\\u021bime reglabil\\u0103 a fl\\u0103c\\u0103rii\\r\\n \\t2 turbine, flac\\u0103r\\u0103 albastr\\u0103\\r\\n \\tFunc\\u021bioneaz\\u0103 cu combustibil butan (gaz) Zippo\\r\\n \\tSe vinde \\u00eentr-o cutie cadou marca Zippo\",\"url\":\"https:\\\/\\\/tabaccomd.com\\\/ro\\\/product\\\/mecanism-cu-gaz-zippo-2-turbine\\\/\",\"sku\":\"65827\",\"image\":{\"@type\":\"ImageObject\",\"url\":\"https:\\\/\\\/tabaccomd.com\\\/wp-content\\\/uploads\\\/2021\\\/12\\\/lighter-insert-Zippo-butane-two-torches-65827-3.jpg\",\"@id\":\"https:\\\/\\\/tabaccomd.com\\\/ro\\\/product\\\/mecanism-cu-gaz-zippo-2-turbine\\\/#productImage\",\"width\":1200,\"height\":1200,\"caption\":\"lighter-insert-Zippo-butane-two-torches-65827-3\"},\"offers\":{\"@type\":\"Offer\",\"url\":\"https:\\\/\\\/tabaccomd.com\\\/ro\\\/product\\\/mecanism-cu-gaz-zippo-2-turbine\\\/#wooCommerceOffer\",\"price\":570,\"priceCurrency\":\"MDL\",\"category\":\"Brichete Zippo\",\"availability\":\"https:\\\/\\\/schema.org\\\/InStock\",\"priceSpecification\":{\"@type\":\"PriceSpecification\",\"price\":570,\"priceCurrency\":\"MDL\",\"valueAddedTaxIncluded\":\"true\"},\"seller\":{\"@type\":\"Organization\",\"@id\":\"https:\\\/\\\/tabaccomd.com\\\/ro\\\/#organization\"}}},{\"@type\":\"WebPage\",\"@id\":\"https:\\\/\\\/tabaccomd.com\\\/ro\\\/product\\\/mecanism-cu-gaz-zippo-2-turbine\\\/#webpage\",\"url\":\"https:\\\/\\\/tabaccomd.com\\\/ro\\\/product\\\/mecanism-cu-gaz-zippo-2-turbine\\\/\",\"name\":\"Mecanism cu gaz Zippo 2 turbine 65827 \\u2013 Tabacco House\",\"inLanguage\":\"ro-RO\",\"isPartOf\":{\"@id\":\"https:\\\/\\\/tabaccomd.com\\\/ro\\\/#website\"},\"breadcrumb\":{\"@id\":\"https:\\\/\\\/tabaccomd.com\\\/ro\\\/product\\\/mecanism-cu-gaz-zippo-2-turbine\\\/#breadcrumblist\"},\"image\":{\"@type\":\"ImageObject\",\"url\":\"https:\\\/\\\/tabaccomd.com\\\/wp-content\\\/uploads\\\/2021\\\/12\\\/lighter-insert-Zippo-butane-two-torches-65827-3.jpg\",\"@id\":\"https:\\\/\\\/tabaccomd.com\\\/ro\\\/product\\\/mecanism-cu-gaz-zippo-2-turbine\\\/#mainImage\",\"width\":1200,\"height\":1200,\"caption\":\"lighter-insert-Zippo-butane-two-torches-65827-3\"},\"primaryImageOfPage\":{\"@id\":\"https:\\\/\\\/tabaccomd.com\\\/ro\\\/product\\\/mecanism-cu-gaz-zippo-2-turbine\\\/#mainImage\"},\"datePublished\":\"2021-12-24T22:50:04+03:00\",\"dateModified\":\"2025-12-09T14:32:07+03:00\"},{\"@type\":\"WebSite\",\"@id\":\"https:\\\/\\\/tabaccomd.com\\\/ro\\\/#website\",\"url\":\"https:\\\/\\\/tabaccomd.com\\\/ro\\\/\",\"name\":\"Tabacco House\",\"alternateName\":\"tobaccomd.com\",\"description\":\"\\u041c\\u0430\\u0433\\u0430\\u0437\\u0438\\u043d \\u0442\\u0430\\u0431\\u0430\\u0447\\u043d\\u044b\\u0445 \\u0438\\u0437\\u0434\\u0435\\u043b\\u0438\\u0439\",\"inLanguage\":\"ro-RO\",\"publisher\":{\"@id\":\"https:\\\/\\\/tabaccomd.com\\\/ro\\\/#organization\"}}]}\n\t\t<\/script>\n\t\t<!-- All in One SEO Pro -->\r\n\t\t<title>Mecanism cu gaz Zippo 2 turbine 65827 \u2013 Tabacco House<\/title>\n\n","aioseo_head_json":{"title":"Mecanism cu gaz Zippo 2 turbine 65827 \u2013 Tabacco House","description":"","canonical_url":"https:\/\/tabaccomd.com\/ro\/product\/mecanism-cu-gaz-zippo-2-turbine\/","robots":"max-image-preview:large","keywords":"","webmasterTools":{"miscellaneous":""},"schema":{"@context":"https:\/\/schema.org","@graph":[{"@type":"BreadcrumbList","@id":"https:\/\/tabaccomd.com\/ro\/product\/mecanism-cu-gaz-zippo-2-turbine\/#breadcrumblist","itemListElement":[{"@type":"ListItem","@id":"https:\/\/tabaccomd.com\/ro\/#listItem","position":1,"name":"\u0413\u043b\u0430\u0432\u043d\u0430\u044f","item":"https:\/\/tabaccomd.com\/ro\/","nextItem":{"@type":"ListItem","@id":"https:\/\/tabaccomd.com\/ro\/catalog\/#listItem","name":"Catalog"}},{"@type":"ListItem","@id":"https:\/\/tabaccomd.com\/ro\/catalog\/#listItem","position":2,"name":"Catalog","item":"https:\/\/tabaccomd.com\/ro\/catalog\/","nextItem":{"@type":"ListItem","@id":"https:\/\/tabaccomd.com\/ro\/product-category\/brichete\/#listItem","name":"Brichete"},"previousItem":{"@type":"ListItem","@id":"https:\/\/tabaccomd.com\/ro\/#listItem","name":"\u0413\u043b\u0430\u0432\u043d\u0430\u044f"}},{"@type":"ListItem","@id":"https:\/\/tabaccomd.com\/ro\/product-category\/brichete\/#listItem","position":3,"name":"Brichete","item":"https:\/\/tabaccomd.com\/ro\/product-category\/brichete\/","nextItem":{"@type":"ListItem","@id":"https:\/\/tabaccomd.com\/ro\/product-category\/brichete\/brichete-zippo-2\/#listItem","name":"Brichete Zippo"},"previousItem":{"@type":"ListItem","@id":"https:\/\/tabaccomd.com\/ro\/catalog\/#listItem","name":"Catalog"}},{"@type":"ListItem","@id":"https:\/\/tabaccomd.com\/ro\/product-category\/brichete\/brichete-zippo-2\/#listItem","position":4,"name":"Brichete Zippo","item":"https:\/\/tabaccomd.com\/ro\/product-category\/brichete\/brichete-zippo-2\/","nextItem":{"@type":"ListItem","@id":"https:\/\/tabaccomd.com\/ro\/product\/mecanism-cu-gaz-zippo-2-turbine\/#listItem","name":"Mecanism cu gaz Zippo 2 turbine 65827"},"previousItem":{"@type":"ListItem","@id":"https:\/\/tabaccomd.com\/ro\/product-category\/brichete\/#listItem","name":"Brichete"}},{"@type":"ListItem","@id":"https:\/\/tabaccomd.com\/ro\/product\/mecanism-cu-gaz-zippo-2-turbine\/#listItem","position":5,"name":"Mecanism cu gaz Zippo 2 turbine 65827","previousItem":{"@type":"ListItem","@id":"https:\/\/tabaccomd.com\/ro\/product-category\/brichete\/brichete-zippo-2\/#listItem","name":"Brichete Zippo"}}]},{"@type":"Organization","@id":"https:\/\/tabaccomd.com\/ro\/#organization","name":"Tabacco House","description":"\u041c\u0430\u0433\u0430\u0437\u0438\u043d \u0442\u0430\u0431\u0430\u0447\u043d\u044b\u0445 \u0438\u0437\u0434\u0435\u043b\u0438\u0439","url":"https:\/\/tabaccomd.com\/ro\/","email":"Office@cazacuhouse.com","telephone":"+37361000935","logo":{"@type":"ImageObject","url":"https:\/\/tabaccomd.com\/wp-content\/uploads\/2024\/02\/logo_header3.png","@id":"https:\/\/tabaccomd.com\/ro\/product\/mecanism-cu-gaz-zippo-2-turbine\/#organizationLogo","width":32,"height":32,"caption":"Tabacco House"},"image":{"@id":"https:\/\/tabaccomd.com\/ro\/product\/mecanism-cu-gaz-zippo-2-turbine\/#organizationLogo"},"sameAs":["https:\/\/www.facebook.com\/tabaccomd.com\/","https:\/\/www.instagram.com\/tabaccomd.com\/"],"address":{"@id":"https:\/\/tabaccomd.com\/ro\/#postaladdress","@type":"PostalAddress","streetAddress":"Strada Albi\u015foara 4, Chi\u0219in\u0103u, Bulevardul \u0218tefan cel Mare \u0219i Sf\u00eent 136, Chi\u0219in\u0103u","addressLocality":"Chi\u0219in\u0103u","addressCountry":"MD"}},{"@type":"Product","@id":"https:\/\/tabaccomd.com\/ro\/product\/mecanism-cu-gaz-zippo-2-turbine\/#wooCommerceProduct","name":"Mecanism cu gaz Zippo 2 turbine 65827","description":"\u00cen\u0103l\u021bime reglabil\u0103 a fl\u0103c\u0103rii\r\n \t2 turbine, flac\u0103r\u0103 albastr\u0103\r\n \tFunc\u021bioneaz\u0103 cu combustibil butan (gaz) Zippo\r\n \tSe vinde \u00eentr-o cutie cadou marca Zippo","url":"https:\/\/tabaccomd.com\/ro\/product\/mecanism-cu-gaz-zippo-2-turbine\/","sku":"65827","image":{"@type":"ImageObject","url":"https:\/\/tabaccomd.com\/wp-content\/uploads\/2021\/12\/lighter-insert-Zippo-butane-two-torches-65827-3.jpg","@id":"https:\/\/tabaccomd.com\/ro\/product\/mecanism-cu-gaz-zippo-2-turbine\/#productImage","width":1200,"height":1200,"caption":"lighter-insert-Zippo-butane-two-torches-65827-3"},"offers":{"@type":"Offer","url":"https:\/\/tabaccomd.com\/ro\/product\/mecanism-cu-gaz-zippo-2-turbine\/#wooCommerceOffer","price":570,"priceCurrency":"MDL","category":"Brichete Zippo","availability":"https:\/\/schema.org\/InStock","priceSpecification":{"@type":"PriceSpecification","price":570,"priceCurrency":"MDL","valueAddedTaxIncluded":"true"},"seller":{"@type":"Organization","@id":"https:\/\/tabaccomd.com\/ro\/#organization"}}},{"@type":"WebPage","@id":"https:\/\/tabaccomd.com\/ro\/product\/mecanism-cu-gaz-zippo-2-turbine\/#webpage","url":"https:\/\/tabaccomd.com\/ro\/product\/mecanism-cu-gaz-zippo-2-turbine\/","name":"Mecanism cu gaz Zippo 2 turbine 65827 \u2013 Tabacco House","inLanguage":"ro-RO","isPartOf":{"@id":"https:\/\/tabaccomd.com\/ro\/#website"},"breadcrumb":{"@id":"https:\/\/tabaccomd.com\/ro\/product\/mecanism-cu-gaz-zippo-2-turbine\/#breadcrumblist"},"image":{"@type":"ImageObject","url":"https:\/\/tabaccomd.com\/wp-content\/uploads\/2021\/12\/lighter-insert-Zippo-butane-two-torches-65827-3.jpg","@id":"https:\/\/tabaccomd.com\/ro\/product\/mecanism-cu-gaz-zippo-2-turbine\/#mainImage","width":1200,"height":1200,"caption":"lighter-insert-Zippo-butane-two-torches-65827-3"},"primaryImageOfPage":{"@id":"https:\/\/tabaccomd.com\/ro\/product\/mecanism-cu-gaz-zippo-2-turbine\/#mainImage"},"datePublished":"2021-12-24T22:50:04+03:00","dateModified":"2025-12-09T14:32:07+03:00"},{"@type":"WebSite","@id":"https:\/\/tabaccomd.com\/ro\/#website","url":"https:\/\/tabaccomd.com\/ro\/","name":"Tabacco House","alternateName":"tobaccomd.com","description":"\u041c\u0430\u0433\u0430\u0437\u0438\u043d \u0442\u0430\u0431\u0430\u0447\u043d\u044b\u0445 \u0438\u0437\u0434\u0435\u043b\u0438\u0439","inLanguage":"ro-RO","publisher":{"@id":"https:\/\/tabaccomd.com\/ro\/#organization"}}]},"og:locale":"ro_RO","og:site_name":"Tabacco House \u2013 \u041c\u0430\u0433\u0430\u0437\u0438\u043d \u0442\u0430\u0431\u0430\u0447\u043d\u044b\u0445 \u0438\u0437\u0434\u0435\u043b\u0438\u0439","og:type":"article","og:title":"Mecanism cu gaz Zippo 2 turbine 65827 \u2013 Tabacco House","og:url":"https:\/\/tabaccomd.com\/ro\/product\/mecanism-cu-gaz-zippo-2-turbine\/","article:published_time":"2021-12-24T19:50:04+00:00","article:modified_time":"2025-12-09T11:32:07+00:00","article:publisher":"https:\/\/www.facebook.com\/tabaccomd.com\/","twitter:card":"summary_large_image","twitter:title":"Mecanism cu gaz Zippo 2 turbine 65827 \u2013 Tabacco House"},"aioseo_meta_data":{"post_id":"19400","title":null,"description":null,"keywords":null,"keyphrases":null,"primary_term":null,"canonical_url":null,"og_title":null,"og_description":null,"og_object_type":"default","og_image_type":"default","og_image_url":null,"og_image_width":null,"og_image_height":null,"og_image_custom_url":null,"og_image_custom_fields":null,"og_video":null,"og_custom_url":null,"og_article_section":null,"og_article_tags":null,"twitter_use_og":false,"twitter_card":"default","twitter_image_type":"default","twitter_image_url":null,"twitter_image_custom_url":null,"twitter_image_custom_fields":null,"twitter_title":null,"twitter_description":null,"schema":{"blockGraphs":[],"customGraphs":[],"default":{"data":{"Article":[],"Course":[],"Dataset":[],"FAQPage":[],"Movie":[],"Person":[],"Product":[],"ProductReview":[],"Car":[],"Recipe":[],"Service":[],"SoftwareApplication":[],"WebPage":[]},"graphName":"","isEnabled":true},"graphs":[]},"schema_type":"default","schema_type_options":null,"pillar_content":false,"robots_default":true,"robots_noindex":false,"robots_noarchive":false,"robots_nosnippet":false,"robots_nofollow":false,"robots_noimageindex":false,"robots_noodp":false,"robots_notranslate":false,"robots_max_snippet":null,"robots_max_videopreview":null,"robots_max_imagepreview":"large","priority":null,"frequency":null,"local_seo":null,"seo_analyzer_scan_date":"2025-12-09 11:33:45","breadcrumb_settings":null,"limit_modified_date":false,"reviewed_by":null,"open_ai":null,"ai":null,"created":"2023-03-30 14:28:56","updated":"2025-12-09 11:36:59"},"aioseo_breadcrumb":"<div class=\"aioseo-breadcrumbs\"><span class=\"aioseo-breadcrumb\">\n\t<a href=\"https:\/\/tabaccomd.com\/ro\/\" title=\"\u0413\u043b\u0430\u0432\u043d\u0430\u044f\">\u0413\u043b\u0430\u0432\u043d\u0430\u044f<\/a>\n<\/span><span class=\"aioseo-breadcrumb-separator\">\u00bb<\/span><span class=\"aioseo-breadcrumb\">\n\t<a href=\"https:\/\/tabaccomd.com\/ro\/catalog\/\" title=\"Catalog\">Catalog<\/a>\n<\/span><span class=\"aioseo-breadcrumb-separator\">\u00bb<\/span><span class=\"aioseo-breadcrumb\">\n\t<a href=\"https:\/\/tabaccomd.com\/ro\/product-category\/brichete\/\" title=\"Brichete\">Brichete<\/a>\n<\/span><span class=\"aioseo-breadcrumb-separator\">\u00bb<\/span><span class=\"aioseo-breadcrumb\">\n\t<a href=\"https:\/\/tabaccomd.com\/ro\/product-category\/brichete\/brichete-zippo-2\/\" title=\"Brichete Zippo\">Brichete Zippo<\/a>\n<\/span><span class=\"aioseo-breadcrumb-separator\">\u00bb<\/span><span class=\"aioseo-breadcrumb\">\n\tMecanism cu gaz Zippo 2 turbine 65827\n<\/span><\/div>","aioseo_breadcrumb_json":[{"label":"\u0413\u043b\u0430\u0432\u043d\u0430\u044f","link":"https:\/\/tabaccomd.com\/ro\/"},{"label":"Catalog","link":"https:\/\/tabaccomd.com\/ro\/catalog\/"},{"label":"Brichete","link":"https:\/\/tabaccomd.com\/ro\/product-category\/brichete\/"},{"label":"Brichete Zippo","link":"https:\/\/tabaccomd.com\/ro\/product-category\/brichete\/brichete-zippo-2\/"},{"label":"Mecanism cu gaz Zippo 2 turbine 65827","link":"https:\/\/tabaccomd.com\/ro\/product\/mecanism-cu-gaz-zippo-2-turbine\/"}],"images_for_1c":[{"url":"https:\/\/tabaccomd.com\/wp-content\/uploads\/2021\/12\/lighter-insert-Zippo-butane-two-torches-65827-3.jpg","type":"featured","alt":"lighter-insert-Zippo-butane-two-torches-65827-3","filename":"lighter-insert-Zippo-butane-two-torches-65827-3.jpg"},{"url":"https:\/\/tabaccomd.com\/wp-content\/uploads\/2021\/12\/lighter-insert-Zippo-butane-two-torches-65827-2.jpg","type":"gallery","alt":"lighter-insert-Zippo-butane-two-torches-65827-2","filename":"lighter-insert-Zippo-butane-two-torches-65827-2.jpg"},{"url":"https:\/\/tabaccomd.com\/wp-content\/uploads\/2021\/12\/lighter-insert-Zippo-butane-two-torches-65827-1.jpg","type":"gallery","alt":"lighter-insert-Zippo-butane-two-torches-65827-1","filename":"lighter-insert-Zippo-butane-two-torches-65827-1.jpg"},{"url":"https:\/\/tabaccomd.com\/wp-content\/uploads\/2021\/12\/lighter-insert-Zippo-butane-two-torches-65827-0.jpg","type":"gallery","alt":"lighter-insert-Zippo-butane-two-torches-65827-0","filename":"lighter-insert-Zippo-butane-two-torches-65827-0.jpg"},{"url":"https:\/\/tabaccomd.com\/wp-content\/uploads\/2021\/12\/lighter-insert-Zippo-butane-two-torches-65827.jpg","type":"gallery","alt":"lighter-insert-Zippo-butane-two-torches-65827","filename":"lighter-insert-Zippo-butane-two-torches-65827.jpg"}],"additional_data_1c":{"modified_date":"2025-12-09 14:32:07","permalink":"https:\/\/tabaccomd.com\/ro\/product\/mecanism-cu-gaz-zippo-2-turbine\/","stock_status":"instock","manage_stock":"no"},"_links":{"self":[{"href":"https:\/\/tabaccomd.com\/ro\/wp-json\/wp\/v2\/product\/19400","targetHints":{"allow":["GET"]}}],"collection":[{"href":"https:\/\/tabaccomd.com\/ro\/wp-json\/wp\/v2\/product"}],"about":[{"href":"https:\/\/tabaccomd.com\/ro\/wp-json\/wp\/v2\/types\/product"}],"wp:featuredmedia":[{"embeddable":true,"href":"https:\/\/tabaccomd.com\/ro\/wp-json\/wp\/v2\/media\/155821"}],"wp:attachment":[{"href":"https:\/\/tabaccomd.com\/ro\/wp-json\/wp\/v2\/media?parent=19400"}],"wp:term":[{"taxonomy":"product_brand","embeddable":true,"href":"https:\/\/tabaccomd.com\/ro\/wp-json\/wp\/v2\/product_brand?post=19400"},{"taxonomy":"product_cat","embeddable":true,"href":"https:\/\/tabaccomd.com\/ro\/wp-json\/wp\/v2\/product_cat?post=19400"},{"taxonomy":"product_tag","embeddable":true,"href":"https:\/\/tabaccomd.com\/ro\/wp-json\/wp\/v2\/product_tag?post=19400"}],"curies":[{"name":"wp","href":"https:\/\/api.w.org\/{rel}","templated":true}]}}