{"id":19380,"date":"2021-12-17T18:58:57","date_gmt":"2021-12-17T15:58:57","guid":{"rendered":"https:\/\/new124.tabaccomd.com\/product\/sutie-pentru-tigari-slim-in-asortiment-%e2%84%964-613631\/"},"modified":"2021-12-17T18:58:57","modified_gmt":"2021-12-17T15:58:57","slug":"sutie-pentru-tigari-slim-in-asortiment-%e2%84%964-613631","status":"publish","type":"product","link":"https:\/\/tabaccomd.com\/ro\/product\/sutie-pentru-tigari-slim-in-asortiment-%e2%84%964-613631\/","title":{"rendered":"\u0421utie pentru \u021big\u0103ri slim \u00een asortiment \u21164 (613631)"},"content":{"rendered":"<p>O cutie pentru \u021big\u0103ri este un recipient robust folosit pentru a stoca un num\u0103r mic de \u021big\u0103ri \u0219i pentru a preveni strivirea acestora. O cutie tipic\u0103 pentru \u021big\u0103ri este o cutie plat\u0103 (de obicei din metal) care se deschide simetric \u00een dou\u0103 jum\u0103t\u0103\u021bi. Fiecare jum\u0103tate stocheaz\u0103 un r\u00e2nd de \u021big\u0103ri, care sunt adesea \u021binute pe loc de un arc sau de o curea elastic\u0103. Unele cutii pentru \u021big\u0103ri sunt pur \u0219i simplu robuste, folosite pentru depozitarea pachetelor standard de \u021big\u0103ri.<\/p>\n<p>Pute\u021bi cump\u0103ra cutie pentu tigari\u00a0 \u00een Moldova, Chi\u0219in\u0103u \u00een lan\u021bul de magazine Lux Presents.<\/p>\n","protected":false},"excerpt":{"rendered":"<ul>\n<li>Material: piele ecologic\u0103;<\/li>\n<li>Capacitate: 10-20 buc;<\/li>\n<li>Setul include o cutie;<\/li>\n<li>Diferite design.<\/li>\n<\/ul>\n","protected":false},"featured_media":16843,"template":"","meta":{"om_disable_all_campaigns":false,"_monsterinsights_skip_tracking":false,"_monsterinsights_sitenote_active":false,"_monsterinsights_sitenote_note":"","_monsterinsights_sitenote_category":0},"product_brand":[],"product_cat":[166],"product_tag":[],"class_list":{"0":"post-19380","1":"product","2":"type-product","3":"status-publish","4":"has-post-thumbnail","6":"product_cat-tabachere","8":"first","9":"outofstock","10":"taxable","11":"shipping-taxable","12":"purchasable","13":"product-type-simple"},"aioseo_notices":[],"aioseo_head":"\n\t\t<!-- All in One SEO Pro 4.9.6.2 - aioseo.com -->\n\t<meta name=\"robots\" content=\"max-image-preview:large\" \/>\n\t<link rel=\"canonical\" href=\"https:\/\/tabaccomd.com\/ro\/product\/sutie-pentru-tigari-slim-in-asortiment-%e2%84%964-613631\/\" \/>\n\t<meta name=\"generator\" content=\"All in One SEO Pro (AIOSEO) 4.9.6.2\" \/>\n\t\t<meta property=\"og:locale\" content=\"ro_RO\" \/>\n\t\t<meta property=\"og:site_name\" content=\"Tabacco House \u2013 \u041c\u0430\u0433\u0430\u0437\u0438\u043d \u0442\u0430\u0431\u0430\u0447\u043d\u044b\u0445 \u0438\u0437\u0434\u0435\u043b\u0438\u0439\" \/>\n\t\t<meta property=\"og:type\" content=\"article\" \/>\n\t\t<meta property=\"og:title\" content=\"\u0421utie pentru \u021big\u0103ri slim \u00een asortiment \u21164 (613631) \u2013 Tabacco House\" \/>\n\t\t<meta property=\"og:url\" content=\"https:\/\/tabaccomd.com\/ro\/product\/sutie-pentru-tigari-slim-in-asortiment-%e2%84%964-613631\/\" \/>\n\t\t<meta property=\"article:published_time\" content=\"2021-12-17T15:58:57+00:00\" \/>\n\t\t<meta property=\"article:modified_time\" content=\"2021-12-17T15:58:57+00:00\" \/>\n\t\t<meta property=\"article:publisher\" content=\"https:\/\/www.facebook.com\/tabaccomd.com\/\" \/>\n\t\t<meta name=\"twitter:card\" content=\"summary_large_image\" \/>\n\t\t<meta name=\"twitter:title\" content=\"\u0421utie pentru \u021big\u0103ri slim \u00een asortiment \u21164 (613631) \u2013 Tabacco House\" \/>\n\t\t<script type=\"application\/ld+json\" class=\"aioseo-schema\">\n\t\t\t{\"@context\":\"https:\\\/\\\/schema.org\",\"@graph\":[{\"@type\":\"BreadcrumbList\",\"@id\":\"https:\\\/\\\/tabaccomd.com\\\/ro\\\/product\\\/sutie-pentru-tigari-slim-in-asortiment-%e2%84%964-613631\\\/#breadcrumblist\",\"itemListElement\":[{\"@type\":\"ListItem\",\"@id\":\"https:\\\/\\\/tabaccomd.com\\\/ro\\\/#listItem\",\"position\":1,\"name\":\"\\u0413\\u043b\\u0430\\u0432\\u043d\\u0430\\u044f\",\"item\":\"https:\\\/\\\/tabaccomd.com\\\/ro\\\/\",\"nextItem\":{\"@type\":\"ListItem\",\"@id\":\"https:\\\/\\\/tabaccomd.com\\\/ro\\\/catalog\\\/#listItem\",\"name\":\"Catalog\"}},{\"@type\":\"ListItem\",\"@id\":\"https:\\\/\\\/tabaccomd.com\\\/ro\\\/catalog\\\/#listItem\",\"position\":2,\"name\":\"Catalog\",\"item\":\"https:\\\/\\\/tabaccomd.com\\\/ro\\\/catalog\\\/\",\"nextItem\":{\"@type\":\"ListItem\",\"@id\":\"https:\\\/\\\/tabaccomd.com\\\/ro\\\/product-category\\\/totul-pentru-rulat\\\/#listItem\",\"name\":\"Totul pentru rulat\"},\"previousItem\":{\"@type\":\"ListItem\",\"@id\":\"https:\\\/\\\/tabaccomd.com\\\/ro\\\/#listItem\",\"name\":\"\\u0413\\u043b\\u0430\\u0432\\u043d\\u0430\\u044f\"}},{\"@type\":\"ListItem\",\"@id\":\"https:\\\/\\\/tabaccomd.com\\\/ro\\\/product-category\\\/totul-pentru-rulat\\\/#listItem\",\"position\":3,\"name\":\"Totul pentru rulat\",\"item\":\"https:\\\/\\\/tabaccomd.com\\\/ro\\\/product-category\\\/totul-pentru-rulat\\\/\",\"nextItem\":{\"@type\":\"ListItem\",\"@id\":\"https:\\\/\\\/tabaccomd.com\\\/ro\\\/product-category\\\/totul-pentru-rulat\\\/tabachere\\\/#listItem\",\"name\":\"Tabachere\"},\"previousItem\":{\"@type\":\"ListItem\",\"@id\":\"https:\\\/\\\/tabaccomd.com\\\/ro\\\/catalog\\\/#listItem\",\"name\":\"Catalog\"}},{\"@type\":\"ListItem\",\"@id\":\"https:\\\/\\\/tabaccomd.com\\\/ro\\\/product-category\\\/totul-pentru-rulat\\\/tabachere\\\/#listItem\",\"position\":4,\"name\":\"Tabachere\",\"item\":\"https:\\\/\\\/tabaccomd.com\\\/ro\\\/product-category\\\/totul-pentru-rulat\\\/tabachere\\\/\",\"nextItem\":{\"@type\":\"ListItem\",\"@id\":\"https:\\\/\\\/tabaccomd.com\\\/ro\\\/product\\\/sutie-pentru-tigari-slim-in-asortiment-%e2%84%964-613631\\\/#listItem\",\"name\":\"\\u0421utie pentru \\u021big\\u0103ri slim \\u00een asortiment \\u21164 (613631)\"},\"previousItem\":{\"@type\":\"ListItem\",\"@id\":\"https:\\\/\\\/tabaccomd.com\\\/ro\\\/product-category\\\/totul-pentru-rulat\\\/#listItem\",\"name\":\"Totul pentru rulat\"}},{\"@type\":\"ListItem\",\"@id\":\"https:\\\/\\\/tabaccomd.com\\\/ro\\\/product\\\/sutie-pentru-tigari-slim-in-asortiment-%e2%84%964-613631\\\/#listItem\",\"position\":5,\"name\":\"\\u0421utie pentru \\u021big\\u0103ri slim \\u00een asortiment \\u21164 (613631)\",\"previousItem\":{\"@type\":\"ListItem\",\"@id\":\"https:\\\/\\\/tabaccomd.com\\\/ro\\\/product-category\\\/totul-pentru-rulat\\\/tabachere\\\/#listItem\",\"name\":\"Tabachere\"}}]},{\"@type\":\"Organization\",\"@id\":\"https:\\\/\\\/tabaccomd.com\\\/ro\\\/#organization\",\"name\":\"Tabacco House\",\"description\":\"\\u041c\\u0430\\u0433\\u0430\\u0437\\u0438\\u043d \\u0442\\u0430\\u0431\\u0430\\u0447\\u043d\\u044b\\u0445 \\u0438\\u0437\\u0434\\u0435\\u043b\\u0438\\u0439\",\"url\":\"https:\\\/\\\/tabaccomd.com\\\/ro\\\/\",\"email\":\"Office@cazacuhouse.com\",\"telephone\":\"+37361000935\",\"logo\":{\"@type\":\"ImageObject\",\"url\":\"https:\\\/\\\/tabaccomd.com\\\/wp-content\\\/uploads\\\/2024\\\/02\\\/logo_header3.png\",\"@id\":\"https:\\\/\\\/tabaccomd.com\\\/ro\\\/product\\\/sutie-pentru-tigari-slim-in-asortiment-%e2%84%964-613631\\\/#organizationLogo\",\"width\":32,\"height\":32,\"caption\":\"Tabacco House\"},\"image\":{\"@id\":\"https:\\\/\\\/tabaccomd.com\\\/ro\\\/product\\\/sutie-pentru-tigari-slim-in-asortiment-%e2%84%964-613631\\\/#organizationLogo\"},\"sameAs\":[\"https:\\\/\\\/www.facebook.com\\\/tabaccomd.com\\\/\",\"https:\\\/\\\/www.instagram.com\\\/tabaccomd.com\\\/\"],\"address\":{\"@id\":\"https:\\\/\\\/tabaccomd.com\\\/ro\\\/#postaladdress\",\"@type\":\"PostalAddress\",\"streetAddress\":\"Strada Albi\\u015foara 4, Chi\\u0219in\\u0103u, Bulevardul \\u0218tefan cel Mare \\u0219i Sf\\u00eent 136, Chi\\u0219in\\u0103u\",\"addressLocality\":\"Chi\\u0219in\\u0103u\",\"addressCountry\":\"MD\"}},{\"@type\":\"Product\",\"@id\":\"https:\\\/\\\/tabaccomd.com\\\/ro\\\/product\\\/sutie-pentru-tigari-slim-in-asortiment-%e2%84%964-613631\\\/#wooCommerceProduct\",\"name\":\"\\u0421utie pentru \\u021big\\u0103ri slim \\u00een asortiment \\u21164 (613631)\",\"description\":\"Material: piele ecologic\\u0103;\\r\\n \\tCapacitate: 10-20 buc;\\r\\n \\tSetul include o cutie;\\r\\n \\tDiferite design.\",\"url\":\"https:\\\/\\\/tabaccomd.com\\\/ro\\\/product\\\/sutie-pentru-tigari-slim-in-asortiment-%e2%84%964-613631\\\/\",\"sku\":\"613631\",\"image\":{\"@type\":\"ImageObject\",\"url\":\"https:\\\/\\\/tabaccomd.com\\\/wp-content\\\/uploads\\\/2021\\\/12\\\/0-21.jpg\",\"@id\":\"https:\\\/\\\/tabaccomd.com\\\/ro\\\/product\\\/sutie-pentru-tigari-slim-in-asortiment-%e2%84%964-613631\\\/#productImage\",\"width\":1717,\"height\":848},\"offers\":{\"@type\":\"Offer\",\"url\":\"https:\\\/\\\/tabaccomd.com\\\/ro\\\/product\\\/sutie-pentru-tigari-slim-in-asortiment-%e2%84%964-613631\\\/#wooCommerceOffer\",\"price\":160,\"priceCurrency\":\"MDL\",\"category\":\"Tabachere\",\"availability\":\"https:\\\/\\\/schema.org\\\/OutOfStock\",\"priceSpecification\":{\"@type\":\"PriceSpecification\",\"price\":160,\"priceCurrency\":\"MDL\",\"valueAddedTaxIncluded\":\"true\"},\"seller\":{\"@type\":\"Organization\",\"@id\":\"https:\\\/\\\/tabaccomd.com\\\/ro\\\/#organization\"}}},{\"@type\":\"WebPage\",\"@id\":\"https:\\\/\\\/tabaccomd.com\\\/ro\\\/product\\\/sutie-pentru-tigari-slim-in-asortiment-%e2%84%964-613631\\\/#webpage\",\"url\":\"https:\\\/\\\/tabaccomd.com\\\/ro\\\/product\\\/sutie-pentru-tigari-slim-in-asortiment-%e2%84%964-613631\\\/\",\"name\":\"\\u0421utie pentru \\u021big\\u0103ri slim \\u00een asortiment \\u21164 (613631) \\u2013 Tabacco House\",\"inLanguage\":\"ro-RO\",\"isPartOf\":{\"@id\":\"https:\\\/\\\/tabaccomd.com\\\/ro\\\/#website\"},\"breadcrumb\":{\"@id\":\"https:\\\/\\\/tabaccomd.com\\\/ro\\\/product\\\/sutie-pentru-tigari-slim-in-asortiment-%e2%84%964-613631\\\/#breadcrumblist\"},\"image\":{\"@type\":\"ImageObject\",\"url\":\"https:\\\/\\\/tabaccomd.com\\\/wp-content\\\/uploads\\\/2021\\\/12\\\/0-21.jpg\",\"@id\":\"https:\\\/\\\/tabaccomd.com\\\/ro\\\/product\\\/sutie-pentru-tigari-slim-in-asortiment-%e2%84%964-613631\\\/#mainImage\",\"width\":1717,\"height\":848},\"primaryImageOfPage\":{\"@id\":\"https:\\\/\\\/tabaccomd.com\\\/ro\\\/product\\\/sutie-pentru-tigari-slim-in-asortiment-%e2%84%964-613631\\\/#mainImage\"},\"datePublished\":\"2021-12-17T18:58:57+03:00\",\"dateModified\":\"2021-12-17T18:58:57+03:00\"},{\"@type\":\"WebSite\",\"@id\":\"https:\\\/\\\/tabaccomd.com\\\/ro\\\/#website\",\"url\":\"https:\\\/\\\/tabaccomd.com\\\/ro\\\/\",\"name\":\"Tabacco House\",\"alternateName\":\"tobaccomd.com\",\"description\":\"\\u041c\\u0430\\u0433\\u0430\\u0437\\u0438\\u043d \\u0442\\u0430\\u0431\\u0430\\u0447\\u043d\\u044b\\u0445 \\u0438\\u0437\\u0434\\u0435\\u043b\\u0438\\u0439\",\"inLanguage\":\"ro-RO\",\"publisher\":{\"@id\":\"https:\\\/\\\/tabaccomd.com\\\/ro\\\/#organization\"}}]}\n\t\t<\/script>\n\t\t<!-- All in One SEO Pro -->\r\n\t\t<title>\u0421utie pentru \u021big\u0103ri slim \u00een asortiment \u21164 (613631) \u2013 Tabacco House<\/title>\n\n","aioseo_head_json":{"title":"\u0421utie pentru \u021big\u0103ri slim \u00een asortiment \u21164 (613631) \u2013 Tabacco House","description":"","canonical_url":"https:\/\/tabaccomd.com\/ro\/product\/sutie-pentru-tigari-slim-in-asortiment-%e2%84%964-613631\/","robots":"max-image-preview:large","keywords":"","webmasterTools":{"miscellaneous":""},"schema":{"@context":"https:\/\/schema.org","@graph":[{"@type":"BreadcrumbList","@id":"https:\/\/tabaccomd.com\/ro\/product\/sutie-pentru-tigari-slim-in-asortiment-%e2%84%964-613631\/#breadcrumblist","itemListElement":[{"@type":"ListItem","@id":"https:\/\/tabaccomd.com\/ro\/#listItem","position":1,"name":"\u0413\u043b\u0430\u0432\u043d\u0430\u044f","item":"https:\/\/tabaccomd.com\/ro\/","nextItem":{"@type":"ListItem","@id":"https:\/\/tabaccomd.com\/ro\/catalog\/#listItem","name":"Catalog"}},{"@type":"ListItem","@id":"https:\/\/tabaccomd.com\/ro\/catalog\/#listItem","position":2,"name":"Catalog","item":"https:\/\/tabaccomd.com\/ro\/catalog\/","nextItem":{"@type":"ListItem","@id":"https:\/\/tabaccomd.com\/ro\/product-category\/totul-pentru-rulat\/#listItem","name":"Totul pentru rulat"},"previousItem":{"@type":"ListItem","@id":"https:\/\/tabaccomd.com\/ro\/#listItem","name":"\u0413\u043b\u0430\u0432\u043d\u0430\u044f"}},{"@type":"ListItem","@id":"https:\/\/tabaccomd.com\/ro\/product-category\/totul-pentru-rulat\/#listItem","position":3,"name":"Totul pentru rulat","item":"https:\/\/tabaccomd.com\/ro\/product-category\/totul-pentru-rulat\/","nextItem":{"@type":"ListItem","@id":"https:\/\/tabaccomd.com\/ro\/product-category\/totul-pentru-rulat\/tabachere\/#listItem","name":"Tabachere"},"previousItem":{"@type":"ListItem","@id":"https:\/\/tabaccomd.com\/ro\/catalog\/#listItem","name":"Catalog"}},{"@type":"ListItem","@id":"https:\/\/tabaccomd.com\/ro\/product-category\/totul-pentru-rulat\/tabachere\/#listItem","position":4,"name":"Tabachere","item":"https:\/\/tabaccomd.com\/ro\/product-category\/totul-pentru-rulat\/tabachere\/","nextItem":{"@type":"ListItem","@id":"https:\/\/tabaccomd.com\/ro\/product\/sutie-pentru-tigari-slim-in-asortiment-%e2%84%964-613631\/#listItem","name":"\u0421utie pentru \u021big\u0103ri slim \u00een asortiment \u21164 (613631)"},"previousItem":{"@type":"ListItem","@id":"https:\/\/tabaccomd.com\/ro\/product-category\/totul-pentru-rulat\/#listItem","name":"Totul pentru rulat"}},{"@type":"ListItem","@id":"https:\/\/tabaccomd.com\/ro\/product\/sutie-pentru-tigari-slim-in-asortiment-%e2%84%964-613631\/#listItem","position":5,"name":"\u0421utie pentru \u021big\u0103ri slim \u00een asortiment \u21164 (613631)","previousItem":{"@type":"ListItem","@id":"https:\/\/tabaccomd.com\/ro\/product-category\/totul-pentru-rulat\/tabachere\/#listItem","name":"Tabachere"}}]},{"@type":"Organization","@id":"https:\/\/tabaccomd.com\/ro\/#organization","name":"Tabacco House","description":"\u041c\u0430\u0433\u0430\u0437\u0438\u043d \u0442\u0430\u0431\u0430\u0447\u043d\u044b\u0445 \u0438\u0437\u0434\u0435\u043b\u0438\u0439","url":"https:\/\/tabaccomd.com\/ro\/","email":"Office@cazacuhouse.com","telephone":"+37361000935","logo":{"@type":"ImageObject","url":"https:\/\/tabaccomd.com\/wp-content\/uploads\/2024\/02\/logo_header3.png","@id":"https:\/\/tabaccomd.com\/ro\/product\/sutie-pentru-tigari-slim-in-asortiment-%e2%84%964-613631\/#organizationLogo","width":32,"height":32,"caption":"Tabacco House"},"image":{"@id":"https:\/\/tabaccomd.com\/ro\/product\/sutie-pentru-tigari-slim-in-asortiment-%e2%84%964-613631\/#organizationLogo"},"sameAs":["https:\/\/www.facebook.com\/tabaccomd.com\/","https:\/\/www.instagram.com\/tabaccomd.com\/"],"address":{"@id":"https:\/\/tabaccomd.com\/ro\/#postaladdress","@type":"PostalAddress","streetAddress":"Strada Albi\u015foara 4, Chi\u0219in\u0103u, Bulevardul \u0218tefan cel Mare \u0219i Sf\u00eent 136, Chi\u0219in\u0103u","addressLocality":"Chi\u0219in\u0103u","addressCountry":"MD"}},{"@type":"Product","@id":"https:\/\/tabaccomd.com\/ro\/product\/sutie-pentru-tigari-slim-in-asortiment-%e2%84%964-613631\/#wooCommerceProduct","name":"\u0421utie pentru \u021big\u0103ri slim \u00een asortiment \u21164 (613631)","description":"Material: piele ecologic\u0103;\r\n \tCapacitate: 10-20 buc;\r\n \tSetul include o cutie;\r\n \tDiferite design.","url":"https:\/\/tabaccomd.com\/ro\/product\/sutie-pentru-tigari-slim-in-asortiment-%e2%84%964-613631\/","sku":"613631","image":{"@type":"ImageObject","url":"https:\/\/tabaccomd.com\/wp-content\/uploads\/2021\/12\/0-21.jpg","@id":"https:\/\/tabaccomd.com\/ro\/product\/sutie-pentru-tigari-slim-in-asortiment-%e2%84%964-613631\/#productImage","width":1717,"height":848},"offers":{"@type":"Offer","url":"https:\/\/tabaccomd.com\/ro\/product\/sutie-pentru-tigari-slim-in-asortiment-%e2%84%964-613631\/#wooCommerceOffer","price":160,"priceCurrency":"MDL","category":"Tabachere","availability":"https:\/\/schema.org\/OutOfStock","priceSpecification":{"@type":"PriceSpecification","price":160,"priceCurrency":"MDL","valueAddedTaxIncluded":"true"},"seller":{"@type":"Organization","@id":"https:\/\/tabaccomd.com\/ro\/#organization"}}},{"@type":"WebPage","@id":"https:\/\/tabaccomd.com\/ro\/product\/sutie-pentru-tigari-slim-in-asortiment-%e2%84%964-613631\/#webpage","url":"https:\/\/tabaccomd.com\/ro\/product\/sutie-pentru-tigari-slim-in-asortiment-%e2%84%964-613631\/","name":"\u0421utie pentru \u021big\u0103ri slim \u00een asortiment \u21164 (613631) \u2013 Tabacco House","inLanguage":"ro-RO","isPartOf":{"@id":"https:\/\/tabaccomd.com\/ro\/#website"},"breadcrumb":{"@id":"https:\/\/tabaccomd.com\/ro\/product\/sutie-pentru-tigari-slim-in-asortiment-%e2%84%964-613631\/#breadcrumblist"},"image":{"@type":"ImageObject","url":"https:\/\/tabaccomd.com\/wp-content\/uploads\/2021\/12\/0-21.jpg","@id":"https:\/\/tabaccomd.com\/ro\/product\/sutie-pentru-tigari-slim-in-asortiment-%e2%84%964-613631\/#mainImage","width":1717,"height":848},"primaryImageOfPage":{"@id":"https:\/\/tabaccomd.com\/ro\/product\/sutie-pentru-tigari-slim-in-asortiment-%e2%84%964-613631\/#mainImage"},"datePublished":"2021-12-17T18:58:57+03:00","dateModified":"2021-12-17T18:58:57+03:00"},{"@type":"WebSite","@id":"https:\/\/tabaccomd.com\/ro\/#website","url":"https:\/\/tabaccomd.com\/ro\/","name":"Tabacco House","alternateName":"tobaccomd.com","description":"\u041c\u0430\u0433\u0430\u0437\u0438\u043d \u0442\u0430\u0431\u0430\u0447\u043d\u044b\u0445 \u0438\u0437\u0434\u0435\u043b\u0438\u0439","inLanguage":"ro-RO","publisher":{"@id":"https:\/\/tabaccomd.com\/ro\/#organization"}}]},"og:locale":"ro_RO","og:site_name":"Tabacco House \u2013 \u041c\u0430\u0433\u0430\u0437\u0438\u043d \u0442\u0430\u0431\u0430\u0447\u043d\u044b\u0445 \u0438\u0437\u0434\u0435\u043b\u0438\u0439","og:type":"article","og:title":"\u0421utie pentru \u021big\u0103ri slim \u00een asortiment \u21164 (613631) \u2013 Tabacco House","og:url":"https:\/\/tabaccomd.com\/ro\/product\/sutie-pentru-tigari-slim-in-asortiment-%e2%84%964-613631\/","article:published_time":"2021-12-17T15:58:57+00:00","article:modified_time":"2021-12-17T15:58:57+00:00","article:publisher":"https:\/\/www.facebook.com\/tabaccomd.com\/","twitter:card":"summary_large_image","twitter:title":"\u0421utie pentru \u021big\u0103ri slim \u00een asortiment \u21164 (613631) \u2013 Tabacco House"},"aioseo_meta_data":{"post_id":"19380","title":null,"description":null,"keywords":null,"keyphrases":null,"primary_term":null,"canonical_url":null,"og_title":null,"og_description":null,"og_object_type":"default","og_image_type":"default","og_image_url":null,"og_image_width":null,"og_image_height":null,"og_image_custom_url":null,"og_image_custom_fields":null,"og_video":null,"og_custom_url":null,"og_article_section":null,"og_article_tags":null,"twitter_use_og":false,"twitter_card":"default","twitter_image_type":"default","twitter_image_url":null,"twitter_image_custom_url":null,"twitter_image_custom_fields":null,"twitter_title":null,"twitter_description":null,"schema":{"blockGraphs":[],"customGraphs":[],"default":{"data":{"Article":[],"Course":[],"Dataset":[],"FAQPage":[],"Movie":[],"Person":[],"Product":[],"ProductReview":[],"Car":[],"Recipe":[],"Service":[],"SoftwareApplication":[],"WebPage":[]},"graphName":"","isEnabled":true},"graphs":[]},"schema_type":"default","schema_type_options":null,"pillar_content":false,"robots_default":true,"robots_noindex":false,"robots_noarchive":false,"robots_nosnippet":false,"robots_nofollow":false,"robots_noimageindex":false,"robots_noodp":false,"robots_notranslate":false,"robots_max_snippet":null,"robots_max_videopreview":null,"robots_max_imagepreview":"large","priority":null,"frequency":null,"local_seo":null,"seo_analyzer_scan_date":"2025-10-20 01:25:19","breadcrumb_settings":null,"limit_modified_date":false,"reviewed_by":null,"open_ai":null,"ai":null,"created":"2023-03-30 14:30:51","updated":"2025-10-20 01:25:19"},"aioseo_breadcrumb":"<div class=\"aioseo-breadcrumbs\"><span class=\"aioseo-breadcrumb\">\n\t<a href=\"https:\/\/tabaccomd.com\/ro\/\" title=\"\u0413\u043b\u0430\u0432\u043d\u0430\u044f\">\u0413\u043b\u0430\u0432\u043d\u0430\u044f<\/a>\n<\/span><span class=\"aioseo-breadcrumb-separator\">\u00bb<\/span><span class=\"aioseo-breadcrumb\">\n\t<a href=\"https:\/\/tabaccomd.com\/ro\/catalog\/\" title=\"Catalog\">Catalog<\/a>\n<\/span><span class=\"aioseo-breadcrumb-separator\">\u00bb<\/span><span class=\"aioseo-breadcrumb\">\n\t<a href=\"https:\/\/tabaccomd.com\/ro\/product-category\/totul-pentru-rulat\/\" title=\"Totul pentru rulat\">Totul pentru rulat<\/a>\n<\/span><span class=\"aioseo-breadcrumb-separator\">\u00bb<\/span><span class=\"aioseo-breadcrumb\">\n\t<a href=\"https:\/\/tabaccomd.com\/ro\/product-category\/totul-pentru-rulat\/tabachere\/\" title=\"Tabachere\">Tabachere<\/a>\n<\/span><span class=\"aioseo-breadcrumb-separator\">\u00bb<\/span><span class=\"aioseo-breadcrumb\">\n\t\u0421utie pentru \u021big\u0103ri slim \u00een asortiment \u21164 (613631)\n<\/span><\/div>","aioseo_breadcrumb_json":[{"label":"\u0413\u043b\u0430\u0432\u043d\u0430\u044f","link":"https:\/\/tabaccomd.com\/ro\/"},{"label":"Catalog","link":"https:\/\/tabaccomd.com\/ro\/catalog\/"},{"label":"Totul pentru rulat","link":"https:\/\/tabaccomd.com\/ro\/product-category\/totul-pentru-rulat\/"},{"label":"Tabachere","link":"https:\/\/tabaccomd.com\/ro\/product-category\/totul-pentru-rulat\/tabachere\/"},{"label":"\u0421utie pentru \u021big\u0103ri slim \u00een asortiment \u21164 (613631)","link":"https:\/\/tabaccomd.com\/ro\/product\/sutie-pentru-tigari-slim-in-asortiment-%e2%84%964-613631\/"}],"images_for_1c":[{"url":"https:\/\/tabaccomd.com\/wp-content\/uploads\/2021\/12\/0-21.jpg","type":"featured","alt":"","filename":"0-21.jpg"},{"url":"https:\/\/tabaccomd.com\/wp-content\/uploads\/2021\/12\/1-9.jpg","type":"gallery","alt":"","filename":"1-9.jpg"}],"additional_data_1c":{"modified_date":"2021-12-17 18:58:57","permalink":"https:\/\/tabaccomd.com\/ro\/product\/sutie-pentru-tigari-slim-in-asortiment-%e2%84%964-613631\/","stock_status":"outofstock","manage_stock":"no"},"_links":{"self":[{"href":"https:\/\/tabaccomd.com\/ro\/wp-json\/wp\/v2\/product\/19380","targetHints":{"allow":["GET"]}}],"collection":[{"href":"https:\/\/tabaccomd.com\/ro\/wp-json\/wp\/v2\/product"}],"about":[{"href":"https:\/\/tabaccomd.com\/ro\/wp-json\/wp\/v2\/types\/product"}],"wp:featuredmedia":[{"embeddable":true,"href":"https:\/\/tabaccomd.com\/ro\/wp-json\/wp\/v2\/media\/16843"}],"wp:attachment":[{"href":"https:\/\/tabaccomd.com\/ro\/wp-json\/wp\/v2\/media?parent=19380"}],"wp:term":[{"taxonomy":"product_brand","embeddable":true,"href":"https:\/\/tabaccomd.com\/ro\/wp-json\/wp\/v2\/product_brand?post=19380"},{"taxonomy":"product_cat","embeddable":true,"href":"https:\/\/tabaccomd.com\/ro\/wp-json\/wp\/v2\/product_cat?post=19380"},{"taxonomy":"product_tag","embeddable":true,"href":"https:\/\/tabaccomd.com\/ro\/wp-json\/wp\/v2\/product_tag?post=19380"}],"curies":[{"name":"wp","href":"https:\/\/api.w.org\/{rel}","templated":true}]}}