{"id":19377,"date":"2021-12-17T13:48:14","date_gmt":"2021-12-17T10:48:14","guid":{"rendered":"https:\/\/new124.tabaccomd.com\/product\/sutie-pentru-tigari-in-asortiment-%e2%84%961-606614\/"},"modified":"2025-04-23T16:16:20","modified_gmt":"2025-04-23T13:16:20","slug":"%d1%81utie-de-tigari-in-asortiment-606614","status":"publish","type":"product","link":"https:\/\/tabaccomd.com\/ro\/product\/%d1%81utie-de-tigari-in-asortiment-606614\/","title":{"rendered":"Tabacher\u0103 Cool \u00een asortiment #6 606614"},"content":{"rendered":"<p><a href=\"\/?product_cat=caz-de-tigara-2\">Tabachera<\/a> este un recipient robust folosit pentru a stoca un num\u0103r mic de \u021big\u0103ri \u0219i pentru a preveni strivirea acestora. O tabacher\u0103 tipic\u0103 este plat\u0103 (de obicei din metal) care se deschide simetric \u00een dou\u0103 jum\u0103t\u0103\u021bi. Fiecare jum\u0103tate stocheaz\u0103 un r\u00e2nd de \u021big\u0103ri, care sunt adesea \u021binute pe loc de un arc sau de o curea elastic\u0103. Unele tabachere sunt pur \u0219i simplu robuste, folosite pentru depozitarea pachetelor standard de \u021big\u0103ri.<\/p>\n<p>Pute\u021bi achizi\u021biona tabachera \u00een asortiment #6 606614 \u00een Moldova, Chi\u0219in\u0103u, \u00een re\u021beaua de magazine Tabacco House.<\/p>\n","protected":false},"excerpt":{"rendered":"<ul>\n<li><strong>Pre\u021b indicat pentru 1 bucat\u0103<\/strong><\/li>\n<li>Culoare: \u00cen asortiment<\/li>\n<li>Capacitate: 18 \u021big\u0103ri<\/li>\n<li>Func\u021bie: Cu band\u0103 elastic\u0103<\/li>\n<li>Dimensiune: 85 mm<\/li>\n<li>Material: Piele sintetic\u0103<\/li>\n<li>\u021aara produc\u0103torului: Germania<\/li>\n<\/ul>\n","protected":false},"featured_media":149407,"template":"","meta":{"om_disable_all_campaigns":false,"_monsterinsights_skip_tracking":false,"_monsterinsights_sitenote_active":false,"_monsterinsights_sitenote_note":"","_monsterinsights_sitenote_category":0},"product_brand":[],"product_cat":[166],"product_tag":[],"class_list":{"0":"post-19377","1":"product","2":"type-product","3":"status-publish","4":"has-post-thumbnail","6":"product_cat-tabachere","8":"first","9":"instock","10":"taxable","11":"shipping-taxable","12":"purchasable","13":"product-type-simple"},"aioseo_notices":[],"aioseo_head":"\n\t\t<!-- All in One SEO Pro 4.9.6.2 - aioseo.com -->\n\t<meta name=\"robots\" content=\"max-image-preview:large\" \/>\n\t<link rel=\"canonical\" href=\"https:\/\/tabaccomd.com\/ro\/product\/%d1%81utie-de-tigari-in-asortiment-606614\/\" \/>\n\t<meta name=\"generator\" content=\"All in One SEO Pro (AIOSEO) 4.9.6.2\" \/>\n\t\t<meta property=\"og:locale\" content=\"ro_RO\" \/>\n\t\t<meta property=\"og:site_name\" content=\"Tabacco House \u2013 \u041c\u0430\u0433\u0430\u0437\u0438\u043d \u0442\u0430\u0431\u0430\u0447\u043d\u044b\u0445 \u0438\u0437\u0434\u0435\u043b\u0438\u0439\" \/>\n\t\t<meta property=\"og:type\" content=\"article\" \/>\n\t\t<meta property=\"og:title\" content=\"Tabacher\u0103 Cool \u00een asortiment #6 606614 \u2013 Tabacco House\" \/>\n\t\t<meta property=\"og:url\" content=\"https:\/\/tabaccomd.com\/ro\/product\/%d1%81utie-de-tigari-in-asortiment-606614\/\" \/>\n\t\t<meta property=\"article:published_time\" content=\"2021-12-17T10:48:14+00:00\" \/>\n\t\t<meta property=\"article:modified_time\" content=\"2025-04-23T13:16:20+00:00\" \/>\n\t\t<meta property=\"article:publisher\" content=\"https:\/\/www.facebook.com\/tabaccomd.com\/\" \/>\n\t\t<meta name=\"twitter:card\" content=\"summary_large_image\" \/>\n\t\t<meta name=\"twitter:title\" content=\"Tabacher\u0103 Cool \u00een asortiment #6 606614 \u2013 Tabacco House\" \/>\n\t\t<script type=\"application\/ld+json\" class=\"aioseo-schema\">\n\t\t\t{\"@context\":\"https:\\\/\\\/schema.org\",\"@graph\":[{\"@type\":\"BreadcrumbList\",\"@id\":\"https:\\\/\\\/tabaccomd.com\\\/ro\\\/product\\\/%d1%81utie-de-tigari-in-asortiment-606614\\\/#breadcrumblist\",\"itemListElement\":[{\"@type\":\"ListItem\",\"@id\":\"https:\\\/\\\/tabaccomd.com\\\/ro\\\/#listItem\",\"position\":1,\"name\":\"\\u0413\\u043b\\u0430\\u0432\\u043d\\u0430\\u044f\",\"item\":\"https:\\\/\\\/tabaccomd.com\\\/ro\\\/\",\"nextItem\":{\"@type\":\"ListItem\",\"@id\":\"https:\\\/\\\/tabaccomd.com\\\/ro\\\/catalog\\\/#listItem\",\"name\":\"Catalog\"}},{\"@type\":\"ListItem\",\"@id\":\"https:\\\/\\\/tabaccomd.com\\\/ro\\\/catalog\\\/#listItem\",\"position\":2,\"name\":\"Catalog\",\"item\":\"https:\\\/\\\/tabaccomd.com\\\/ro\\\/catalog\\\/\",\"nextItem\":{\"@type\":\"ListItem\",\"@id\":\"https:\\\/\\\/tabaccomd.com\\\/ro\\\/product-category\\\/totul-pentru-rulat\\\/#listItem\",\"name\":\"Totul pentru rulat\"},\"previousItem\":{\"@type\":\"ListItem\",\"@id\":\"https:\\\/\\\/tabaccomd.com\\\/ro\\\/#listItem\",\"name\":\"\\u0413\\u043b\\u0430\\u0432\\u043d\\u0430\\u044f\"}},{\"@type\":\"ListItem\",\"@id\":\"https:\\\/\\\/tabaccomd.com\\\/ro\\\/product-category\\\/totul-pentru-rulat\\\/#listItem\",\"position\":3,\"name\":\"Totul pentru rulat\",\"item\":\"https:\\\/\\\/tabaccomd.com\\\/ro\\\/product-category\\\/totul-pentru-rulat\\\/\",\"nextItem\":{\"@type\":\"ListItem\",\"@id\":\"https:\\\/\\\/tabaccomd.com\\\/ro\\\/product-category\\\/totul-pentru-rulat\\\/tabachere\\\/#listItem\",\"name\":\"Tabachere\"},\"previousItem\":{\"@type\":\"ListItem\",\"@id\":\"https:\\\/\\\/tabaccomd.com\\\/ro\\\/catalog\\\/#listItem\",\"name\":\"Catalog\"}},{\"@type\":\"ListItem\",\"@id\":\"https:\\\/\\\/tabaccomd.com\\\/ro\\\/product-category\\\/totul-pentru-rulat\\\/tabachere\\\/#listItem\",\"position\":4,\"name\":\"Tabachere\",\"item\":\"https:\\\/\\\/tabaccomd.com\\\/ro\\\/product-category\\\/totul-pentru-rulat\\\/tabachere\\\/\",\"nextItem\":{\"@type\":\"ListItem\",\"@id\":\"https:\\\/\\\/tabaccomd.com\\\/ro\\\/product\\\/%d1%81utie-de-tigari-in-asortiment-606614\\\/#listItem\",\"name\":\"Tabacher\\u0103 Cool \\u00een asortiment #6 606614\"},\"previousItem\":{\"@type\":\"ListItem\",\"@id\":\"https:\\\/\\\/tabaccomd.com\\\/ro\\\/product-category\\\/totul-pentru-rulat\\\/#listItem\",\"name\":\"Totul pentru rulat\"}},{\"@type\":\"ListItem\",\"@id\":\"https:\\\/\\\/tabaccomd.com\\\/ro\\\/product\\\/%d1%81utie-de-tigari-in-asortiment-606614\\\/#listItem\",\"position\":5,\"name\":\"Tabacher\\u0103 Cool \\u00een asortiment #6 606614\",\"previousItem\":{\"@type\":\"ListItem\",\"@id\":\"https:\\\/\\\/tabaccomd.com\\\/ro\\\/product-category\\\/totul-pentru-rulat\\\/tabachere\\\/#listItem\",\"name\":\"Tabachere\"}}]},{\"@type\":\"Organization\",\"@id\":\"https:\\\/\\\/tabaccomd.com\\\/ro\\\/#organization\",\"name\":\"Tabacco House\",\"description\":\"\\u041c\\u0430\\u0433\\u0430\\u0437\\u0438\\u043d \\u0442\\u0430\\u0431\\u0430\\u0447\\u043d\\u044b\\u0445 \\u0438\\u0437\\u0434\\u0435\\u043b\\u0438\\u0439\",\"url\":\"https:\\\/\\\/tabaccomd.com\\\/ro\\\/\",\"email\":\"Office@cazacuhouse.com\",\"telephone\":\"+37361000935\",\"logo\":{\"@type\":\"ImageObject\",\"url\":\"https:\\\/\\\/tabaccomd.com\\\/wp-content\\\/uploads\\\/2024\\\/02\\\/logo_header3.png\",\"@id\":\"https:\\\/\\\/tabaccomd.com\\\/ro\\\/product\\\/%d1%81utie-de-tigari-in-asortiment-606614\\\/#organizationLogo\",\"width\":32,\"height\":32,\"caption\":\"Tabacco House\"},\"image\":{\"@id\":\"https:\\\/\\\/tabaccomd.com\\\/ro\\\/product\\\/%d1%81utie-de-tigari-in-asortiment-606614\\\/#organizationLogo\"},\"sameAs\":[\"https:\\\/\\\/www.facebook.com\\\/tabaccomd.com\\\/\",\"https:\\\/\\\/www.instagram.com\\\/tabaccomd.com\\\/\"],\"address\":{\"@id\":\"https:\\\/\\\/tabaccomd.com\\\/ro\\\/#postaladdress\",\"@type\":\"PostalAddress\",\"streetAddress\":\"Strada Albi\\u015foara 4, Chi\\u0219in\\u0103u, Bulevardul \\u0218tefan cel Mare \\u0219i Sf\\u00eent 136, Chi\\u0219in\\u0103u\",\"addressLocality\":\"Chi\\u0219in\\u0103u\",\"addressCountry\":\"MD\"}},{\"@type\":\"Product\",\"@id\":\"https:\\\/\\\/tabaccomd.com\\\/ro\\\/product\\\/%d1%81utie-de-tigari-in-asortiment-606614\\\/#wooCommerceProduct\",\"name\":\"Tabacher\\u0103 Cool \\u00een asortiment #6 606614\",\"description\":\"Pre\\u021b indicat pentru 1 bucat\\u0103\\r\\n \\tCuloare: \\u00cen asortiment\\r\\n \\tCapacitate: 18 \\u021big\\u0103ri\\r\\n \\tFunc\\u021bie: Cu band\\u0103 elastic\\u0103\\r\\n \\tDimensiune: 85 mm\\r\\n \\tMaterial: Piele sintetic\\u0103\\r\\n \\t\\u021aara produc\\u0103torului: Germania\",\"url\":\"https:\\\/\\\/tabaccomd.com\\\/ro\\\/product\\\/%d1%81utie-de-tigari-in-asortiment-606614\\\/\",\"sku\":\"606614\",\"image\":{\"@type\":\"ImageObject\",\"url\":\"https:\\\/\\\/tabaccomd.com\\\/wp-content\\\/uploads\\\/2021\\\/12\\\/tabachera-cool-in-asortiment-606614.jpg\",\"@id\":\"https:\\\/\\\/tabaccomd.com\\\/ro\\\/product\\\/%d1%81utie-de-tigari-in-asortiment-606614\\\/#productImage\",\"width\":1200,\"height\":1200,\"caption\":\"tabachera-cool-in-asortiment-606614\"},\"offers\":{\"@type\":\"Offer\",\"url\":\"https:\\\/\\\/tabaccomd.com\\\/ro\\\/product\\\/%d1%81utie-de-tigari-in-asortiment-606614\\\/#wooCommerceOffer\",\"price\":100,\"priceCurrency\":\"MDL\",\"category\":\"Tabachere\",\"availability\":\"https:\\\/\\\/schema.org\\\/InStock\",\"priceSpecification\":{\"@type\":\"PriceSpecification\",\"price\":100,\"priceCurrency\":\"MDL\",\"valueAddedTaxIncluded\":\"true\"},\"seller\":{\"@type\":\"Organization\",\"@id\":\"https:\\\/\\\/tabaccomd.com\\\/ro\\\/#organization\"}}},{\"@type\":\"WebPage\",\"@id\":\"https:\\\/\\\/tabaccomd.com\\\/ro\\\/product\\\/%d1%81utie-de-tigari-in-asortiment-606614\\\/#webpage\",\"url\":\"https:\\\/\\\/tabaccomd.com\\\/ro\\\/product\\\/%d1%81utie-de-tigari-in-asortiment-606614\\\/\",\"name\":\"Tabacher\\u0103 Cool \\u00een asortiment #6 606614 \\u2013 Tabacco House\",\"inLanguage\":\"ro-RO\",\"isPartOf\":{\"@id\":\"https:\\\/\\\/tabaccomd.com\\\/ro\\\/#website\"},\"breadcrumb\":{\"@id\":\"https:\\\/\\\/tabaccomd.com\\\/ro\\\/product\\\/%d1%81utie-de-tigari-in-asortiment-606614\\\/#breadcrumblist\"},\"image\":{\"@type\":\"ImageObject\",\"url\":\"https:\\\/\\\/tabaccomd.com\\\/wp-content\\\/uploads\\\/2021\\\/12\\\/tabachera-cool-in-asortiment-606614.jpg\",\"@id\":\"https:\\\/\\\/tabaccomd.com\\\/ro\\\/product\\\/%d1%81utie-de-tigari-in-asortiment-606614\\\/#mainImage\",\"width\":1200,\"height\":1200,\"caption\":\"tabachera-cool-in-asortiment-606614\"},\"primaryImageOfPage\":{\"@id\":\"https:\\\/\\\/tabaccomd.com\\\/ro\\\/product\\\/%d1%81utie-de-tigari-in-asortiment-606614\\\/#mainImage\"},\"datePublished\":\"2021-12-17T13:48:14+03:00\",\"dateModified\":\"2025-04-23T16:16:20+03:00\"},{\"@type\":\"WebSite\",\"@id\":\"https:\\\/\\\/tabaccomd.com\\\/ro\\\/#website\",\"url\":\"https:\\\/\\\/tabaccomd.com\\\/ro\\\/\",\"name\":\"Tabacco House\",\"alternateName\":\"tobaccomd.com\",\"description\":\"\\u041c\\u0430\\u0433\\u0430\\u0437\\u0438\\u043d \\u0442\\u0430\\u0431\\u0430\\u0447\\u043d\\u044b\\u0445 \\u0438\\u0437\\u0434\\u0435\\u043b\\u0438\\u0439\",\"inLanguage\":\"ro-RO\",\"publisher\":{\"@id\":\"https:\\\/\\\/tabaccomd.com\\\/ro\\\/#organization\"}}]}\n\t\t<\/script>\n\t\t<!-- All in One SEO Pro -->\r\n\t\t<title>Tabacher\u0103 Cool \u00een asortiment #6 606614 \u2013 Tabacco House<\/title>\n\n","aioseo_head_json":{"title":"Tabacher\u0103 Cool \u00een asortiment #6 606614 \u2013 Tabacco House","description":"","canonical_url":"https:\/\/tabaccomd.com\/ro\/product\/%d1%81utie-de-tigari-in-asortiment-606614\/","robots":"max-image-preview:large","keywords":"","webmasterTools":{"miscellaneous":""},"schema":{"@context":"https:\/\/schema.org","@graph":[{"@type":"BreadcrumbList","@id":"https:\/\/tabaccomd.com\/ro\/product\/%d1%81utie-de-tigari-in-asortiment-606614\/#breadcrumblist","itemListElement":[{"@type":"ListItem","@id":"https:\/\/tabaccomd.com\/ro\/#listItem","position":1,"name":"\u0413\u043b\u0430\u0432\u043d\u0430\u044f","item":"https:\/\/tabaccomd.com\/ro\/","nextItem":{"@type":"ListItem","@id":"https:\/\/tabaccomd.com\/ro\/catalog\/#listItem","name":"Catalog"}},{"@type":"ListItem","@id":"https:\/\/tabaccomd.com\/ro\/catalog\/#listItem","position":2,"name":"Catalog","item":"https:\/\/tabaccomd.com\/ro\/catalog\/","nextItem":{"@type":"ListItem","@id":"https:\/\/tabaccomd.com\/ro\/product-category\/totul-pentru-rulat\/#listItem","name":"Totul pentru rulat"},"previousItem":{"@type":"ListItem","@id":"https:\/\/tabaccomd.com\/ro\/#listItem","name":"\u0413\u043b\u0430\u0432\u043d\u0430\u044f"}},{"@type":"ListItem","@id":"https:\/\/tabaccomd.com\/ro\/product-category\/totul-pentru-rulat\/#listItem","position":3,"name":"Totul pentru rulat","item":"https:\/\/tabaccomd.com\/ro\/product-category\/totul-pentru-rulat\/","nextItem":{"@type":"ListItem","@id":"https:\/\/tabaccomd.com\/ro\/product-category\/totul-pentru-rulat\/tabachere\/#listItem","name":"Tabachere"},"previousItem":{"@type":"ListItem","@id":"https:\/\/tabaccomd.com\/ro\/catalog\/#listItem","name":"Catalog"}},{"@type":"ListItem","@id":"https:\/\/tabaccomd.com\/ro\/product-category\/totul-pentru-rulat\/tabachere\/#listItem","position":4,"name":"Tabachere","item":"https:\/\/tabaccomd.com\/ro\/product-category\/totul-pentru-rulat\/tabachere\/","nextItem":{"@type":"ListItem","@id":"https:\/\/tabaccomd.com\/ro\/product\/%d1%81utie-de-tigari-in-asortiment-606614\/#listItem","name":"Tabacher\u0103 Cool \u00een asortiment #6 606614"},"previousItem":{"@type":"ListItem","@id":"https:\/\/tabaccomd.com\/ro\/product-category\/totul-pentru-rulat\/#listItem","name":"Totul pentru rulat"}},{"@type":"ListItem","@id":"https:\/\/tabaccomd.com\/ro\/product\/%d1%81utie-de-tigari-in-asortiment-606614\/#listItem","position":5,"name":"Tabacher\u0103 Cool \u00een asortiment #6 606614","previousItem":{"@type":"ListItem","@id":"https:\/\/tabaccomd.com\/ro\/product-category\/totul-pentru-rulat\/tabachere\/#listItem","name":"Tabachere"}}]},{"@type":"Organization","@id":"https:\/\/tabaccomd.com\/ro\/#organization","name":"Tabacco House","description":"\u041c\u0430\u0433\u0430\u0437\u0438\u043d \u0442\u0430\u0431\u0430\u0447\u043d\u044b\u0445 \u0438\u0437\u0434\u0435\u043b\u0438\u0439","url":"https:\/\/tabaccomd.com\/ro\/","email":"Office@cazacuhouse.com","telephone":"+37361000935","logo":{"@type":"ImageObject","url":"https:\/\/tabaccomd.com\/wp-content\/uploads\/2024\/02\/logo_header3.png","@id":"https:\/\/tabaccomd.com\/ro\/product\/%d1%81utie-de-tigari-in-asortiment-606614\/#organizationLogo","width":32,"height":32,"caption":"Tabacco House"},"image":{"@id":"https:\/\/tabaccomd.com\/ro\/product\/%d1%81utie-de-tigari-in-asortiment-606614\/#organizationLogo"},"sameAs":["https:\/\/www.facebook.com\/tabaccomd.com\/","https:\/\/www.instagram.com\/tabaccomd.com\/"],"address":{"@id":"https:\/\/tabaccomd.com\/ro\/#postaladdress","@type":"PostalAddress","streetAddress":"Strada Albi\u015foara 4, Chi\u0219in\u0103u, Bulevardul \u0218tefan cel Mare \u0219i Sf\u00eent 136, Chi\u0219in\u0103u","addressLocality":"Chi\u0219in\u0103u","addressCountry":"MD"}},{"@type":"Product","@id":"https:\/\/tabaccomd.com\/ro\/product\/%d1%81utie-de-tigari-in-asortiment-606614\/#wooCommerceProduct","name":"Tabacher\u0103 Cool \u00een asortiment #6 606614","description":"Pre\u021b indicat pentru 1 bucat\u0103\r\n \tCuloare: \u00cen asortiment\r\n \tCapacitate: 18 \u021big\u0103ri\r\n \tFunc\u021bie: Cu band\u0103 elastic\u0103\r\n \tDimensiune: 85 mm\r\n \tMaterial: Piele sintetic\u0103\r\n \t\u021aara produc\u0103torului: Germania","url":"https:\/\/tabaccomd.com\/ro\/product\/%d1%81utie-de-tigari-in-asortiment-606614\/","sku":"606614","image":{"@type":"ImageObject","url":"https:\/\/tabaccomd.com\/wp-content\/uploads\/2021\/12\/tabachera-cool-in-asortiment-606614.jpg","@id":"https:\/\/tabaccomd.com\/ro\/product\/%d1%81utie-de-tigari-in-asortiment-606614\/#productImage","width":1200,"height":1200,"caption":"tabachera-cool-in-asortiment-606614"},"offers":{"@type":"Offer","url":"https:\/\/tabaccomd.com\/ro\/product\/%d1%81utie-de-tigari-in-asortiment-606614\/#wooCommerceOffer","price":100,"priceCurrency":"MDL","category":"Tabachere","availability":"https:\/\/schema.org\/InStock","priceSpecification":{"@type":"PriceSpecification","price":100,"priceCurrency":"MDL","valueAddedTaxIncluded":"true"},"seller":{"@type":"Organization","@id":"https:\/\/tabaccomd.com\/ro\/#organization"}}},{"@type":"WebPage","@id":"https:\/\/tabaccomd.com\/ro\/product\/%d1%81utie-de-tigari-in-asortiment-606614\/#webpage","url":"https:\/\/tabaccomd.com\/ro\/product\/%d1%81utie-de-tigari-in-asortiment-606614\/","name":"Tabacher\u0103 Cool \u00een asortiment #6 606614 \u2013 Tabacco House","inLanguage":"ro-RO","isPartOf":{"@id":"https:\/\/tabaccomd.com\/ro\/#website"},"breadcrumb":{"@id":"https:\/\/tabaccomd.com\/ro\/product\/%d1%81utie-de-tigari-in-asortiment-606614\/#breadcrumblist"},"image":{"@type":"ImageObject","url":"https:\/\/tabaccomd.com\/wp-content\/uploads\/2021\/12\/tabachera-cool-in-asortiment-606614.jpg","@id":"https:\/\/tabaccomd.com\/ro\/product\/%d1%81utie-de-tigari-in-asortiment-606614\/#mainImage","width":1200,"height":1200,"caption":"tabachera-cool-in-asortiment-606614"},"primaryImageOfPage":{"@id":"https:\/\/tabaccomd.com\/ro\/product\/%d1%81utie-de-tigari-in-asortiment-606614\/#mainImage"},"datePublished":"2021-12-17T13:48:14+03:00","dateModified":"2025-04-23T16:16:20+03:00"},{"@type":"WebSite","@id":"https:\/\/tabaccomd.com\/ro\/#website","url":"https:\/\/tabaccomd.com\/ro\/","name":"Tabacco House","alternateName":"tobaccomd.com","description":"\u041c\u0430\u0433\u0430\u0437\u0438\u043d \u0442\u0430\u0431\u0430\u0447\u043d\u044b\u0445 \u0438\u0437\u0434\u0435\u043b\u0438\u0439","inLanguage":"ro-RO","publisher":{"@id":"https:\/\/tabaccomd.com\/ro\/#organization"}}]},"og:locale":"ro_RO","og:site_name":"Tabacco House \u2013 \u041c\u0430\u0433\u0430\u0437\u0438\u043d \u0442\u0430\u0431\u0430\u0447\u043d\u044b\u0445 \u0438\u0437\u0434\u0435\u043b\u0438\u0439","og:type":"article","og:title":"Tabacher\u0103 Cool \u00een asortiment #6 606614 \u2013 Tabacco House","og:url":"https:\/\/tabaccomd.com\/ro\/product\/%d1%81utie-de-tigari-in-asortiment-606614\/","article:published_time":"2021-12-17T10:48:14+00:00","article:modified_time":"2025-04-23T13:16:20+00:00","article:publisher":"https:\/\/www.facebook.com\/tabaccomd.com\/","twitter:card":"summary_large_image","twitter:title":"Tabacher\u0103 Cool \u00een asortiment #6 606614 \u2013 Tabacco House"},"aioseo_meta_data":{"post_id":"19377","title":null,"description":null,"keywords":null,"keyphrases":null,"primary_term":null,"canonical_url":null,"og_title":null,"og_description":null,"og_object_type":"default","og_image_type":"default","og_image_url":null,"og_image_width":null,"og_image_height":null,"og_image_custom_url":null,"og_image_custom_fields":null,"og_video":null,"og_custom_url":null,"og_article_section":null,"og_article_tags":null,"twitter_use_og":false,"twitter_card":"default","twitter_image_type":"default","twitter_image_url":null,"twitter_image_custom_url":null,"twitter_image_custom_fields":null,"twitter_title":null,"twitter_description":null,"schema":{"blockGraphs":[],"customGraphs":[],"default":{"data":{"Article":[],"Course":[],"Dataset":[],"FAQPage":[],"Movie":[],"Person":[],"Product":[],"ProductReview":[],"Car":[],"Recipe":[],"Service":[],"SoftwareApplication":[],"WebPage":[]},"graphName":"","isEnabled":true},"graphs":[]},"schema_type":"default","schema_type_options":null,"pillar_content":false,"robots_default":true,"robots_noindex":false,"robots_noarchive":false,"robots_nosnippet":false,"robots_nofollow":false,"robots_noimageindex":false,"robots_noodp":false,"robots_notranslate":false,"robots_max_snippet":null,"robots_max_videopreview":null,"robots_max_imagepreview":"large","priority":null,"frequency":null,"local_seo":null,"seo_analyzer_scan_date":"2025-10-20 01:23:44","breadcrumb_settings":null,"limit_modified_date":false,"reviewed_by":null,"open_ai":null,"ai":null,"created":"2023-03-30 14:30:51","updated":"2025-10-20 01:23:44"},"aioseo_breadcrumb":"<div class=\"aioseo-breadcrumbs\"><span class=\"aioseo-breadcrumb\">\n\t<a href=\"https:\/\/tabaccomd.com\/ro\/\" title=\"\u0413\u043b\u0430\u0432\u043d\u0430\u044f\">\u0413\u043b\u0430\u0432\u043d\u0430\u044f<\/a>\n<\/span><span class=\"aioseo-breadcrumb-separator\">\u00bb<\/span><span class=\"aioseo-breadcrumb\">\n\t<a href=\"https:\/\/tabaccomd.com\/ro\/catalog\/\" title=\"Catalog\">Catalog<\/a>\n<\/span><span class=\"aioseo-breadcrumb-separator\">\u00bb<\/span><span class=\"aioseo-breadcrumb\">\n\t<a href=\"https:\/\/tabaccomd.com\/ro\/product-category\/totul-pentru-rulat\/\" title=\"Totul pentru rulat\">Totul pentru rulat<\/a>\n<\/span><span class=\"aioseo-breadcrumb-separator\">\u00bb<\/span><span class=\"aioseo-breadcrumb\">\n\t<a href=\"https:\/\/tabaccomd.com\/ro\/product-category\/totul-pentru-rulat\/tabachere\/\" title=\"Tabachere\">Tabachere<\/a>\n<\/span><span class=\"aioseo-breadcrumb-separator\">\u00bb<\/span><span class=\"aioseo-breadcrumb\">\n\tTabacher\u0103 Cool \u00een asortiment #6 606614\n<\/span><\/div>","aioseo_breadcrumb_json":[{"label":"\u0413\u043b\u0430\u0432\u043d\u0430\u044f","link":"https:\/\/tabaccomd.com\/ro\/"},{"label":"Catalog","link":"https:\/\/tabaccomd.com\/ro\/catalog\/"},{"label":"Totul pentru rulat","link":"https:\/\/tabaccomd.com\/ro\/product-category\/totul-pentru-rulat\/"},{"label":"Tabachere","link":"https:\/\/tabaccomd.com\/ro\/product-category\/totul-pentru-rulat\/tabachere\/"},{"label":"Tabacher\u0103 Cool \u00een asortiment #6 606614","link":"https:\/\/tabaccomd.com\/ro\/product\/%d1%81utie-de-tigari-in-asortiment-606614\/"}],"images_for_1c":[{"url":"https:\/\/tabaccomd.com\/wp-content\/uploads\/2021\/12\/tabachera-cool-in-asortiment-606614.jpg","type":"featured","alt":"tabachera-cool-in-asortiment-606614","filename":"tabachera-cool-in-asortiment-606614.jpg"}],"additional_data_1c":{"modified_date":"2025-04-23 16:16:20","permalink":"https:\/\/tabaccomd.com\/ro\/product\/%d1%81utie-de-tigari-in-asortiment-606614\/","stock_status":"instock","manage_stock":"no"},"_links":{"self":[{"href":"https:\/\/tabaccomd.com\/ro\/wp-json\/wp\/v2\/product\/19377","targetHints":{"allow":["GET"]}}],"collection":[{"href":"https:\/\/tabaccomd.com\/ro\/wp-json\/wp\/v2\/product"}],"about":[{"href":"https:\/\/tabaccomd.com\/ro\/wp-json\/wp\/v2\/types\/product"}],"wp:featuredmedia":[{"embeddable":true,"href":"https:\/\/tabaccomd.com\/ro\/wp-json\/wp\/v2\/media\/149407"}],"wp:attachment":[{"href":"https:\/\/tabaccomd.com\/ro\/wp-json\/wp\/v2\/media?parent=19377"}],"wp:term":[{"taxonomy":"product_brand","embeddable":true,"href":"https:\/\/tabaccomd.com\/ro\/wp-json\/wp\/v2\/product_brand?post=19377"},{"taxonomy":"product_cat","embeddable":true,"href":"https:\/\/tabaccomd.com\/ro\/wp-json\/wp\/v2\/product_cat?post=19377"},{"taxonomy":"product_tag","embeddable":true,"href":"https:\/\/tabaccomd.com\/ro\/wp-json\/wp\/v2\/product_tag?post=19377"}],"curies":[{"name":"wp","href":"https:\/\/api.w.org\/{rel}","templated":true}]}}