{"id":19318,"date":"2025-03-18T16:19:29","date_gmt":"2025-03-18T13:19:29","guid":{"rendered":"https:\/\/new124.tabaccomd.com\/product\/bricheta-usb-33568\/"},"modified":"2026-02-21T13:35:41","modified_gmt":"2026-02-21T10:35:41","slug":"bricheta-usb-33568","status":"publish","type":"product","link":"https:\/\/tabaccomd.com\/ro\/product\/bricheta-usb-33568\/","title":{"rendered":"Brichet\u0103 electric\u0103 &#8222;Butoi cu vin&#8221; A33568B"},"content":{"rendered":"<div class=\"flex max-w-full flex-col flex-grow\">\n<div class=\"min-h-8 text-message relative flex w-full flex-col items-end gap-2 whitespace-normal break-words text-start [.text-message+&amp;]:mt-5\" dir=\"auto\" data-message-author-role=\"assistant\" data-message-id=\"6523c6b5-b8bf-40a0-8216-92a0192e7822\" data-message-model-slug=\"gpt-4o\">\n<div class=\"flex w-full flex-col gap-1 empty:hidden first:pt-[3px]\">\n<p class=\"markdown prose w-full break-words dark:prose-invert light\"><a href=\"https:\/\/tabaccomd.com\/ro\/categorie-produs\/brichete\/brichete-electrice\/\">Bricheta<\/a> USB este un accesoriu elegant \u0219i practic, ideal pentru utilizarea zilnic\u0103 \u00een orice condi\u021bii meteorologice. Se \u00eencarc\u0103 u\u0219or de la laptop sau power bank, oferind o alternativ\u0103 convenabil\u0103 la modelele pe combustibil. Cu o spiral\u0103 incandescent\u0103 f\u0103r\u0103 flac\u0103r\u0103 deschis\u0103, asigur\u0103 o aprindere sigur\u0103 \u0219i eficient\u0103, perfect\u0103 pentru utilizare \u00een aer liber sau \u00een situa\u021bii extreme. Designul s\u0103u distinctiv este completat de o gravur\u0103 elegant\u0103 a unui butoi \u0219i a unei sticle de vin, simboluri reprezentative ale Moldovei. Aceast\u0103 brichet\u0103 este alegerea ideal\u0103 pentru patrio\u021bi sau ca un cadou elegant pentru turi\u0219ti, oferind o amintire autentic\u0103 \u0219i deosebit\u0103 din Moldova.<\/p>\n<p>Pute\u021bi achizi\u021biona bricheta electric\u0103 &#8222;Butoi cu vin&#8221; A33568B \u00een Moldova, Chi\u0219in\u0103u, \u00een re\u021beaua de magazine Tabacco House.<\/p>\n<\/div>\n<\/div>\n<\/div>\n","protected":false},"excerpt":{"rendered":"<ul>\n<li>Gravura butoiului cu vin pe partea din fa\u021b\u0103<\/li>\n<li>Tip: Electric\u0103 + gaz<\/li>\n<li>Material: Metal<\/li>\n<li>\u021aara de origine: China<\/li>\n<li>Produc\u0103tor: Usmivka<\/li>\n<li>\u00cenc\u0103rc\u0103tor USB inclus<\/li>\n<\/ul>\n","protected":false},"featured_media":148239,"template":"","meta":{"om_disable_all_campaigns":false,"_monsterinsights_skip_tracking":false,"_monsterinsights_sitenote_active":false,"_monsterinsights_sitenote_note":"","_monsterinsights_sitenote_category":0},"product_brand":[],"product_cat":[402],"product_tag":[],"class_list":{"0":"post-19318","1":"product","2":"type-product","3":"status-publish","4":"has-post-thumbnail","6":"product_cat-brichete-electrice","8":"first","9":"outofstock","10":"taxable","11":"shipping-taxable","12":"purchasable","13":"product-type-simple"},"aioseo_notices":[],"aioseo_head":"\n\t\t<!-- All in One SEO Pro 4.9.5.2 - aioseo.com -->\n\t<meta name=\"robots\" content=\"max-image-preview:large\" \/>\n\t<link rel=\"canonical\" href=\"https:\/\/tabaccomd.com\/ro\/product\/bricheta-usb-33568\/\" \/>\n\t<meta name=\"generator\" content=\"All in One SEO Pro (AIOSEO) 4.9.5.2\" \/>\n\t\t<meta property=\"og:locale\" content=\"ro_RO\" \/>\n\t\t<meta property=\"og:site_name\" content=\"Tabacco House \u2013 \u041c\u0430\u0433\u0430\u0437\u0438\u043d \u0442\u0430\u0431\u0430\u0447\u043d\u044b\u0445 \u0438\u0437\u0434\u0435\u043b\u0438\u0439\" \/>\n\t\t<meta property=\"og:type\" content=\"article\" \/>\n\t\t<meta property=\"og:title\" content=\"Brichet\u0103 electric\u0103 \u201eButoi cu vin\u201d A33568B \u2013 Tabacco House\" \/>\n\t\t<meta property=\"og:url\" content=\"https:\/\/tabaccomd.com\/ro\/product\/bricheta-usb-33568\/\" \/>\n\t\t<meta property=\"article:published_time\" content=\"2025-03-18T13:19:29+00:00\" \/>\n\t\t<meta property=\"article:modified_time\" content=\"2026-02-21T10:35:41+00:00\" \/>\n\t\t<meta property=\"article:publisher\" content=\"https:\/\/www.facebook.com\/tabaccomd.com\/\" \/>\n\t\t<meta name=\"twitter:card\" content=\"summary_large_image\" \/>\n\t\t<meta name=\"twitter:title\" content=\"Brichet\u0103 electric\u0103 \u201eButoi cu vin\u201d A33568B \u2013 Tabacco House\" \/>\n\t\t<script type=\"application\/ld+json\" class=\"aioseo-schema\">\n\t\t\t{\"@context\":\"https:\\\/\\\/schema.org\",\"@graph\":[{\"@type\":\"BreadcrumbList\",\"@id\":\"https:\\\/\\\/tabaccomd.com\\\/ro\\\/product\\\/bricheta-usb-33568\\\/#breadcrumblist\",\"itemListElement\":[{\"@type\":\"ListItem\",\"@id\":\"https:\\\/\\\/tabaccomd.com\\\/ro\\\/#listItem\",\"position\":1,\"name\":\"\\u0413\\u043b\\u0430\\u0432\\u043d\\u0430\\u044f\",\"item\":\"https:\\\/\\\/tabaccomd.com\\\/ro\\\/\",\"nextItem\":{\"@type\":\"ListItem\",\"@id\":\"https:\\\/\\\/tabaccomd.com\\\/ro\\\/catalog\\\/#listItem\",\"name\":\"Catalog\"}},{\"@type\":\"ListItem\",\"@id\":\"https:\\\/\\\/tabaccomd.com\\\/ro\\\/catalog\\\/#listItem\",\"position\":2,\"name\":\"Catalog\",\"item\":\"https:\\\/\\\/tabaccomd.com\\\/ro\\\/catalog\\\/\",\"nextItem\":{\"@type\":\"ListItem\",\"@id\":\"https:\\\/\\\/tabaccomd.com\\\/ro\\\/product-category\\\/brichete\\\/#listItem\",\"name\":\"Brichete\"},\"previousItem\":{\"@type\":\"ListItem\",\"@id\":\"https:\\\/\\\/tabaccomd.com\\\/ro\\\/#listItem\",\"name\":\"\\u0413\\u043b\\u0430\\u0432\\u043d\\u0430\\u044f\"}},{\"@type\":\"ListItem\",\"@id\":\"https:\\\/\\\/tabaccomd.com\\\/ro\\\/product-category\\\/brichete\\\/#listItem\",\"position\":3,\"name\":\"Brichete\",\"item\":\"https:\\\/\\\/tabaccomd.com\\\/ro\\\/product-category\\\/brichete\\\/\",\"nextItem\":{\"@type\":\"ListItem\",\"@id\":\"https:\\\/\\\/tabaccomd.com\\\/ro\\\/product-category\\\/brichete\\\/brichete-electrice\\\/#listItem\",\"name\":\"Brichete electrice\"},\"previousItem\":{\"@type\":\"ListItem\",\"@id\":\"https:\\\/\\\/tabaccomd.com\\\/ro\\\/catalog\\\/#listItem\",\"name\":\"Catalog\"}},{\"@type\":\"ListItem\",\"@id\":\"https:\\\/\\\/tabaccomd.com\\\/ro\\\/product-category\\\/brichete\\\/brichete-electrice\\\/#listItem\",\"position\":4,\"name\":\"Brichete electrice\",\"item\":\"https:\\\/\\\/tabaccomd.com\\\/ro\\\/product-category\\\/brichete\\\/brichete-electrice\\\/\",\"nextItem\":{\"@type\":\"ListItem\",\"@id\":\"https:\\\/\\\/tabaccomd.com\\\/ro\\\/product\\\/bricheta-usb-33568\\\/#listItem\",\"name\":\"Brichet\\u0103 electric\\u0103 &#8222;Butoi cu vin&#8221; A33568B\"},\"previousItem\":{\"@type\":\"ListItem\",\"@id\":\"https:\\\/\\\/tabaccomd.com\\\/ro\\\/product-category\\\/brichete\\\/#listItem\",\"name\":\"Brichete\"}},{\"@type\":\"ListItem\",\"@id\":\"https:\\\/\\\/tabaccomd.com\\\/ro\\\/product\\\/bricheta-usb-33568\\\/#listItem\",\"position\":5,\"name\":\"Brichet\\u0103 electric\\u0103 &#8222;Butoi cu vin&#8221; A33568B\",\"previousItem\":{\"@type\":\"ListItem\",\"@id\":\"https:\\\/\\\/tabaccomd.com\\\/ro\\\/product-category\\\/brichete\\\/brichete-electrice\\\/#listItem\",\"name\":\"Brichete electrice\"}}]},{\"@type\":\"Organization\",\"@id\":\"https:\\\/\\\/tabaccomd.com\\\/ro\\\/#organization\",\"name\":\"Tabacco House\",\"description\":\"\\u041c\\u0430\\u0433\\u0430\\u0437\\u0438\\u043d \\u0442\\u0430\\u0431\\u0430\\u0447\\u043d\\u044b\\u0445 \\u0438\\u0437\\u0434\\u0435\\u043b\\u0438\\u0439\",\"url\":\"https:\\\/\\\/tabaccomd.com\\\/ro\\\/\",\"email\":\"Office@cazacuhouse.com\",\"telephone\":\"+37361000935\",\"logo\":{\"@type\":\"ImageObject\",\"url\":\"https:\\\/\\\/tabaccomd.com\\\/wp-content\\\/uploads\\\/2024\\\/02\\\/logo_header3.png\",\"@id\":\"https:\\\/\\\/tabaccomd.com\\\/ro\\\/product\\\/bricheta-usb-33568\\\/#organizationLogo\",\"width\":32,\"height\":32,\"caption\":\"Tabacco House\"},\"image\":{\"@id\":\"https:\\\/\\\/tabaccomd.com\\\/ro\\\/product\\\/bricheta-usb-33568\\\/#organizationLogo\"},\"sameAs\":[\"https:\\\/\\\/www.facebook.com\\\/tabaccomd.com\\\/\",\"https:\\\/\\\/www.instagram.com\\\/tabaccomd.com\\\/\"],\"address\":{\"@id\":\"https:\\\/\\\/tabaccomd.com\\\/ro\\\/#postaladdress\",\"@type\":\"PostalAddress\",\"streetAddress\":\"Strada Albi\\u015foara 4, Chi\\u0219in\\u0103u, Bulevardul \\u0218tefan cel Mare \\u0219i Sf\\u00eent 136, Chi\\u0219in\\u0103u\",\"addressLocality\":\"Chi\\u0219in\\u0103u\",\"addressCountry\":\"MD\"}},{\"@type\":\"Product\",\"@id\":\"https:\\\/\\\/tabaccomd.com\\\/ro\\\/product\\\/bricheta-usb-33568\\\/#wooCommerceProduct\",\"name\":\"Brichet\\u0103 electric\\u0103 \\\"Butoi cu vin\\\" A33568B\",\"description\":\"Gravura butoiului cu vin pe partea din fa\\u021b\\u0103\\r\\n \\tTip: Electric\\u0103 + gaz\\r\\n \\tMaterial: Metal\\r\\n \\t\\u021aara de origine: China\\r\\n \\tProduc\\u0103tor: Usmivka\\r\\n \\t\\u00cenc\\u0103rc\\u0103tor USB inclus\",\"url\":\"https:\\\/\\\/tabaccomd.com\\\/ro\\\/product\\\/bricheta-usb-33568\\\/\",\"sku\":\"\\\"Butoi cu vin\\\" A33568B\",\"image\":{\"@type\":\"ImageObject\",\"url\":\"https:\\\/\\\/tabaccomd.com\\\/wp-content\\\/uploads\\\/2021\\\/11\\\/bricheta-electrica-butoi-cu-vin-A33568B-0.jpg\",\"@id\":\"https:\\\/\\\/tabaccomd.com\\\/ro\\\/product\\\/bricheta-usb-33568\\\/#productImage\",\"width\":1200,\"height\":1200,\"caption\":\"bricheta-electrica-butoi-cu-vin-A33568B-0\"},\"offers\":{\"@type\":\"Offer\",\"url\":\"https:\\\/\\\/tabaccomd.com\\\/ro\\\/product\\\/bricheta-usb-33568\\\/#wooCommerceOffer\",\"price\":550,\"priceCurrency\":\"MDL\",\"category\":\"Brichete electrice\",\"availability\":\"https:\\\/\\\/schema.org\\\/OutOfStock\",\"priceSpecification\":{\"@type\":\"PriceSpecification\",\"price\":550,\"priceCurrency\":\"MDL\",\"valueAddedTaxIncluded\":\"true\"},\"seller\":{\"@type\":\"Organization\",\"@id\":\"https:\\\/\\\/tabaccomd.com\\\/ro\\\/#organization\"}}},{\"@type\":\"WebPage\",\"@id\":\"https:\\\/\\\/tabaccomd.com\\\/ro\\\/product\\\/bricheta-usb-33568\\\/#webpage\",\"url\":\"https:\\\/\\\/tabaccomd.com\\\/ro\\\/product\\\/bricheta-usb-33568\\\/\",\"name\":\"Brichet\\u0103 electric\\u0103 \\u201eButoi cu vin\\u201d A33568B \\u2013 Tabacco House\",\"inLanguage\":\"ro-RO\",\"isPartOf\":{\"@id\":\"https:\\\/\\\/tabaccomd.com\\\/ro\\\/#website\"},\"breadcrumb\":{\"@id\":\"https:\\\/\\\/tabaccomd.com\\\/ro\\\/product\\\/bricheta-usb-33568\\\/#breadcrumblist\"},\"image\":{\"@type\":\"ImageObject\",\"url\":\"https:\\\/\\\/tabaccomd.com\\\/wp-content\\\/uploads\\\/2021\\\/11\\\/bricheta-electrica-butoi-cu-vin-A33568B-0.jpg\",\"@id\":\"https:\\\/\\\/tabaccomd.com\\\/ro\\\/product\\\/bricheta-usb-33568\\\/#mainImage\",\"width\":1200,\"height\":1200,\"caption\":\"bricheta-electrica-butoi-cu-vin-A33568B-0\"},\"primaryImageOfPage\":{\"@id\":\"https:\\\/\\\/tabaccomd.com\\\/ro\\\/product\\\/bricheta-usb-33568\\\/#mainImage\"},\"datePublished\":\"2025-03-18T16:19:29+03:00\",\"dateModified\":\"2026-02-21T13:35:41+03:00\"},{\"@type\":\"WebSite\",\"@id\":\"https:\\\/\\\/tabaccomd.com\\\/ro\\\/#website\",\"url\":\"https:\\\/\\\/tabaccomd.com\\\/ro\\\/\",\"name\":\"Tabacco House\",\"alternateName\":\"tobaccomd.com\",\"description\":\"\\u041c\\u0430\\u0433\\u0430\\u0437\\u0438\\u043d \\u0442\\u0430\\u0431\\u0430\\u0447\\u043d\\u044b\\u0445 \\u0438\\u0437\\u0434\\u0435\\u043b\\u0438\\u0439\",\"inLanguage\":\"ro-RO\",\"publisher\":{\"@id\":\"https:\\\/\\\/tabaccomd.com\\\/ro\\\/#organization\"}}]}\n\t\t<\/script>\n\t\t<!-- All in One SEO Pro -->\r\n\t\t<title>Brichet\u0103 electric\u0103 \u201eButoi cu vin\u201d A33568B \u2013 Tabacco House<\/title>\n\n","aioseo_head_json":{"title":"Brichet\u0103 electric\u0103 \u201eButoi cu vin\u201d A33568B \u2013 Tabacco House","description":"","canonical_url":"https:\/\/tabaccomd.com\/ro\/product\/bricheta-usb-33568\/","robots":"max-image-preview:large","keywords":"","webmasterTools":{"miscellaneous":""},"schema":{"@context":"https:\/\/schema.org","@graph":[{"@type":"BreadcrumbList","@id":"https:\/\/tabaccomd.com\/ro\/product\/bricheta-usb-33568\/#breadcrumblist","itemListElement":[{"@type":"ListItem","@id":"https:\/\/tabaccomd.com\/ro\/#listItem","position":1,"name":"\u0413\u043b\u0430\u0432\u043d\u0430\u044f","item":"https:\/\/tabaccomd.com\/ro\/","nextItem":{"@type":"ListItem","@id":"https:\/\/tabaccomd.com\/ro\/catalog\/#listItem","name":"Catalog"}},{"@type":"ListItem","@id":"https:\/\/tabaccomd.com\/ro\/catalog\/#listItem","position":2,"name":"Catalog","item":"https:\/\/tabaccomd.com\/ro\/catalog\/","nextItem":{"@type":"ListItem","@id":"https:\/\/tabaccomd.com\/ro\/product-category\/brichete\/#listItem","name":"Brichete"},"previousItem":{"@type":"ListItem","@id":"https:\/\/tabaccomd.com\/ro\/#listItem","name":"\u0413\u043b\u0430\u0432\u043d\u0430\u044f"}},{"@type":"ListItem","@id":"https:\/\/tabaccomd.com\/ro\/product-category\/brichete\/#listItem","position":3,"name":"Brichete","item":"https:\/\/tabaccomd.com\/ro\/product-category\/brichete\/","nextItem":{"@type":"ListItem","@id":"https:\/\/tabaccomd.com\/ro\/product-category\/brichete\/brichete-electrice\/#listItem","name":"Brichete electrice"},"previousItem":{"@type":"ListItem","@id":"https:\/\/tabaccomd.com\/ro\/catalog\/#listItem","name":"Catalog"}},{"@type":"ListItem","@id":"https:\/\/tabaccomd.com\/ro\/product-category\/brichete\/brichete-electrice\/#listItem","position":4,"name":"Brichete electrice","item":"https:\/\/tabaccomd.com\/ro\/product-category\/brichete\/brichete-electrice\/","nextItem":{"@type":"ListItem","@id":"https:\/\/tabaccomd.com\/ro\/product\/bricheta-usb-33568\/#listItem","name":"Brichet\u0103 electric\u0103 &#8222;Butoi cu vin&#8221; A33568B"},"previousItem":{"@type":"ListItem","@id":"https:\/\/tabaccomd.com\/ro\/product-category\/brichete\/#listItem","name":"Brichete"}},{"@type":"ListItem","@id":"https:\/\/tabaccomd.com\/ro\/product\/bricheta-usb-33568\/#listItem","position":5,"name":"Brichet\u0103 electric\u0103 &#8222;Butoi cu vin&#8221; A33568B","previousItem":{"@type":"ListItem","@id":"https:\/\/tabaccomd.com\/ro\/product-category\/brichete\/brichete-electrice\/#listItem","name":"Brichete electrice"}}]},{"@type":"Organization","@id":"https:\/\/tabaccomd.com\/ro\/#organization","name":"Tabacco House","description":"\u041c\u0430\u0433\u0430\u0437\u0438\u043d \u0442\u0430\u0431\u0430\u0447\u043d\u044b\u0445 \u0438\u0437\u0434\u0435\u043b\u0438\u0439","url":"https:\/\/tabaccomd.com\/ro\/","email":"Office@cazacuhouse.com","telephone":"+37361000935","logo":{"@type":"ImageObject","url":"https:\/\/tabaccomd.com\/wp-content\/uploads\/2024\/02\/logo_header3.png","@id":"https:\/\/tabaccomd.com\/ro\/product\/bricheta-usb-33568\/#organizationLogo","width":32,"height":32,"caption":"Tabacco House"},"image":{"@id":"https:\/\/tabaccomd.com\/ro\/product\/bricheta-usb-33568\/#organizationLogo"},"sameAs":["https:\/\/www.facebook.com\/tabaccomd.com\/","https:\/\/www.instagram.com\/tabaccomd.com\/"],"address":{"@id":"https:\/\/tabaccomd.com\/ro\/#postaladdress","@type":"PostalAddress","streetAddress":"Strada Albi\u015foara 4, Chi\u0219in\u0103u, Bulevardul \u0218tefan cel Mare \u0219i Sf\u00eent 136, Chi\u0219in\u0103u","addressLocality":"Chi\u0219in\u0103u","addressCountry":"MD"}},{"@type":"Product","@id":"https:\/\/tabaccomd.com\/ro\/product\/bricheta-usb-33568\/#wooCommerceProduct","name":"Brichet\u0103 electric\u0103 \"Butoi cu vin\" A33568B","description":"Gravura butoiului cu vin pe partea din fa\u021b\u0103\r\n \tTip: Electric\u0103 + gaz\r\n \tMaterial: Metal\r\n \t\u021aara de origine: China\r\n \tProduc\u0103tor: Usmivka\r\n \t\u00cenc\u0103rc\u0103tor USB inclus","url":"https:\/\/tabaccomd.com\/ro\/product\/bricheta-usb-33568\/","sku":"\"Butoi cu vin\" A33568B","image":{"@type":"ImageObject","url":"https:\/\/tabaccomd.com\/wp-content\/uploads\/2021\/11\/bricheta-electrica-butoi-cu-vin-A33568B-0.jpg","@id":"https:\/\/tabaccomd.com\/ro\/product\/bricheta-usb-33568\/#productImage","width":1200,"height":1200,"caption":"bricheta-electrica-butoi-cu-vin-A33568B-0"},"offers":{"@type":"Offer","url":"https:\/\/tabaccomd.com\/ro\/product\/bricheta-usb-33568\/#wooCommerceOffer","price":550,"priceCurrency":"MDL","category":"Brichete electrice","availability":"https:\/\/schema.org\/OutOfStock","priceSpecification":{"@type":"PriceSpecification","price":550,"priceCurrency":"MDL","valueAddedTaxIncluded":"true"},"seller":{"@type":"Organization","@id":"https:\/\/tabaccomd.com\/ro\/#organization"}}},{"@type":"WebPage","@id":"https:\/\/tabaccomd.com\/ro\/product\/bricheta-usb-33568\/#webpage","url":"https:\/\/tabaccomd.com\/ro\/product\/bricheta-usb-33568\/","name":"Brichet\u0103 electric\u0103 \u201eButoi cu vin\u201d A33568B \u2013 Tabacco House","inLanguage":"ro-RO","isPartOf":{"@id":"https:\/\/tabaccomd.com\/ro\/#website"},"breadcrumb":{"@id":"https:\/\/tabaccomd.com\/ro\/product\/bricheta-usb-33568\/#breadcrumblist"},"image":{"@type":"ImageObject","url":"https:\/\/tabaccomd.com\/wp-content\/uploads\/2021\/11\/bricheta-electrica-butoi-cu-vin-A33568B-0.jpg","@id":"https:\/\/tabaccomd.com\/ro\/product\/bricheta-usb-33568\/#mainImage","width":1200,"height":1200,"caption":"bricheta-electrica-butoi-cu-vin-A33568B-0"},"primaryImageOfPage":{"@id":"https:\/\/tabaccomd.com\/ro\/product\/bricheta-usb-33568\/#mainImage"},"datePublished":"2025-03-18T16:19:29+03:00","dateModified":"2026-02-21T13:35:41+03:00"},{"@type":"WebSite","@id":"https:\/\/tabaccomd.com\/ro\/#website","url":"https:\/\/tabaccomd.com\/ro\/","name":"Tabacco House","alternateName":"tobaccomd.com","description":"\u041c\u0430\u0433\u0430\u0437\u0438\u043d \u0442\u0430\u0431\u0430\u0447\u043d\u044b\u0445 \u0438\u0437\u0434\u0435\u043b\u0438\u0439","inLanguage":"ro-RO","publisher":{"@id":"https:\/\/tabaccomd.com\/ro\/#organization"}}]},"og:locale":"ro_RO","og:site_name":"Tabacco House \u2013 \u041c\u0430\u0433\u0430\u0437\u0438\u043d \u0442\u0430\u0431\u0430\u0447\u043d\u044b\u0445 \u0438\u0437\u0434\u0435\u043b\u0438\u0439","og:type":"article","og:title":"Brichet\u0103 electric\u0103 \u201eButoi cu vin\u201d A33568B \u2013 Tabacco House","og:url":"https:\/\/tabaccomd.com\/ro\/product\/bricheta-usb-33568\/","article:published_time":"2025-03-18T13:19:29+00:00","article:modified_time":"2026-02-21T10:35:41+00:00","article:publisher":"https:\/\/www.facebook.com\/tabaccomd.com\/","twitter:card":"summary_large_image","twitter:title":"Brichet\u0103 electric\u0103 \u201eButoi cu vin\u201d A33568B \u2013 Tabacco House"},"aioseo_meta_data":{"post_id":"19318","title":null,"description":null,"keywords":null,"keyphrases":{"focus":{"keyphrase":"","score":0,"analysis":{"keyphraseInTitle":{"score":0,"maxScore":9,"error":1}}},"additional":[]},"primary_term":null,"canonical_url":null,"og_title":null,"og_description":null,"og_object_type":"default","og_image_type":"default","og_image_url":null,"og_image_width":null,"og_image_height":null,"og_image_custom_url":null,"og_image_custom_fields":null,"og_video":"","og_custom_url":null,"og_article_section":null,"og_article_tags":null,"twitter_use_og":false,"twitter_card":"default","twitter_image_type":"default","twitter_image_url":null,"twitter_image_custom_url":null,"twitter_image_custom_fields":null,"twitter_title":null,"twitter_description":null,"schema":{"blockGraphs":[],"customGraphs":[],"default":{"data":{"Article":[],"Course":[],"Dataset":[],"FAQPage":[],"Movie":[],"Person":[],"Product":[],"ProductReview":[],"Car":[],"Recipe":[],"Service":[],"SoftwareApplication":[],"WebPage":[]},"graphName":"Product","isEnabled":true},"graphs":[]},"schema_type":"default","schema_type_options":null,"pillar_content":false,"robots_default":true,"robots_noindex":false,"robots_noarchive":false,"robots_nosnippet":false,"robots_nofollow":false,"robots_noimageindex":false,"robots_noodp":false,"robots_notranslate":false,"robots_max_snippet":"-1","robots_max_videopreview":"-1","robots_max_imagepreview":"large","priority":null,"frequency":"default","local_seo":null,"seo_analyzer_scan_date":"2026-02-21 10:36:09","breadcrumb_settings":null,"limit_modified_date":false,"reviewed_by":null,"open_ai":null,"ai":{"faqs":[],"keyPoints":[],"titles":[],"descriptions":[],"socialPosts":{"email":[],"linkedin":[],"twitter":[],"facebook":[],"instagram":[]}},"created":"2023-03-30 14:31:49","updated":"2026-02-21 10:40:24"},"aioseo_breadcrumb":"<div class=\"aioseo-breadcrumbs\"><span class=\"aioseo-breadcrumb\">\n\t<a href=\"https:\/\/tabaccomd.com\/ro\/\" title=\"\u0413\u043b\u0430\u0432\u043d\u0430\u044f\">\u0413\u043b\u0430\u0432\u043d\u0430\u044f<\/a>\n<\/span><span class=\"aioseo-breadcrumb-separator\">\u00bb<\/span><span class=\"aioseo-breadcrumb\">\n\t<a href=\"https:\/\/tabaccomd.com\/ro\/catalog\/\" title=\"Catalog\">Catalog<\/a>\n<\/span><span class=\"aioseo-breadcrumb-separator\">\u00bb<\/span><span class=\"aioseo-breadcrumb\">\n\t<a href=\"https:\/\/tabaccomd.com\/ro\/product-category\/brichete\/\" title=\"Brichete\">Brichete<\/a>\n<\/span><span class=\"aioseo-breadcrumb-separator\">\u00bb<\/span><span class=\"aioseo-breadcrumb\">\n\t<a href=\"https:\/\/tabaccomd.com\/ro\/product-category\/brichete\/brichete-electrice\/\" title=\"Brichete electrice\">Brichete electrice<\/a>\n<\/span><span class=\"aioseo-breadcrumb-separator\">\u00bb<\/span><span class=\"aioseo-breadcrumb\">\n\tBrichet\u0103 electric\u0103 \u201eButoi cu vin\u201d A33568B\n<\/span><\/div>","aioseo_breadcrumb_json":[{"label":"\u0413\u043b\u0430\u0432\u043d\u0430\u044f","link":"https:\/\/tabaccomd.com\/ro\/"},{"label":"Catalog","link":"https:\/\/tabaccomd.com\/ro\/catalog\/"},{"label":"Brichete","link":"https:\/\/tabaccomd.com\/ro\/product-category\/brichete\/"},{"label":"Brichete electrice","link":"https:\/\/tabaccomd.com\/ro\/product-category\/brichete\/brichete-electrice\/"},{"label":"Brichet\u0103 electric\u0103 &#8222;Butoi cu vin&#8221; A33568B","link":"https:\/\/tabaccomd.com\/ro\/product\/bricheta-usb-33568\/"}],"images_for_1c":[{"url":"https:\/\/tabaccomd.com\/wp-content\/uploads\/2021\/11\/bricheta-electrica-butoi-cu-vin-A33568B-0.jpg","type":"featured","alt":"bricheta-electrica-butoi-cu-vin-A33568B-0","filename":"bricheta-electrica-butoi-cu-vin-A33568B-0.jpg"},{"url":"https:\/\/tabaccomd.com\/wp-content\/uploads\/2021\/11\/bricheta-electrica-butoi-cu-vin-A33568B.jpg","type":"gallery","alt":"bricheta-electrica-butoi-cu-vin-A33568B","filename":"bricheta-electrica-butoi-cu-vin-A33568B.jpg"}],"additional_data_1c":{"modified_date":"2026-02-21 13:35:41","permalink":"https:\/\/tabaccomd.com\/ro\/product\/bricheta-usb-33568\/","stock_status":"outofstock","manage_stock":"no"},"_links":{"self":[{"href":"https:\/\/tabaccomd.com\/ro\/wp-json\/wp\/v2\/product\/19318","targetHints":{"allow":["GET"]}}],"collection":[{"href":"https:\/\/tabaccomd.com\/ro\/wp-json\/wp\/v2\/product"}],"about":[{"href":"https:\/\/tabaccomd.com\/ro\/wp-json\/wp\/v2\/types\/product"}],"wp:featuredmedia":[{"embeddable":true,"href":"https:\/\/tabaccomd.com\/ro\/wp-json\/wp\/v2\/media\/148239"}],"wp:attachment":[{"href":"https:\/\/tabaccomd.com\/ro\/wp-json\/wp\/v2\/media?parent=19318"}],"wp:term":[{"taxonomy":"product_brand","embeddable":true,"href":"https:\/\/tabaccomd.com\/ro\/wp-json\/wp\/v2\/product_brand?post=19318"},{"taxonomy":"product_cat","embeddable":true,"href":"https:\/\/tabaccomd.com\/ro\/wp-json\/wp\/v2\/product_cat?post=19318"},{"taxonomy":"product_tag","embeddable":true,"href":"https:\/\/tabaccomd.com\/ro\/wp-json\/wp\/v2\/product_tag?post=19318"}],"curies":[{"name":"wp","href":"https:\/\/api.w.org\/{rel}","templated":true}]}}