{"id":19308,"date":"2021-06-21T16:55:41","date_gmt":"2021-06-21T13:55:41","guid":{"rendered":"https:\/\/new124.tabaccomd.com\/product\/tutun-de-rulat-mac-baren-supreme-%e2%84%9603-40-gr\/"},"modified":"2025-05-15T17:07:49","modified_gmt":"2025-05-15T14:07:49","slug":"tutun-pentru-rulat-mac-baren-supreme-03-40g","status":"publish","type":"product","link":"https:\/\/tabaccomd.com\/ro\/product\/tutun-pentru-rulat-mac-baren-supreme-03-40g\/","title":{"rendered":"Tutun pentru rulat Mac Baren Supreme #03 40g"},"content":{"rendered":"<p>Tutunul pentru rulat <a href=\"https:\/\/tabaccomd.com\/ro\/categorie-produs\/tutun\/tutun-pentru-tigari\/tutun-pentru-rulat-mac-baren\/\">Mac Baren<\/a> Supreme Choice este un produs de \u00eenalt\u0103 calitate creat din soiuri selectate de tutun Virginia, Burley \u0219i Oriental. T\u0103ierea convenabil\u0103 face tutunul u\u0219or de rulat \u0219i asigur\u0103 o ardere uniform\u0103. Ambalajul p\u0103streaz\u0103 cu grij\u0103 prospe\u021bimea \u0219i aroma pentru o lung\u0103 perioad\u0103 de timp. Acest tutun este ideal pentru cei care apreciaz\u0103 calitatea \u0219i se bucur\u0103 de procesul de fumat.<\/p>\n<p>Pute\u021bi achizi\u021biona tutunul pentru rulat Mac Baren Supreme #03 \u00een Moldova, Chi\u0219in\u0103u, \u00een re\u021beaua de magazine Tabacco House.<\/p>\n","protected":false},"excerpt":{"rendered":"<ul>\n<li>Greutatea: 40 grame<\/li>\n<li>\u021aara: Danemarca<\/li>\n<li>T\u0103rie: U\u0219oar\u0103<\/li>\n<li>Cantitate estimat\u0103 de \u021big\u0103ri rulate: 50-60 buc\u0103\u021bi<\/li>\n<li>Format: Handroll<\/li>\n<\/ul>\n","protected":false},"featured_media":139117,"template":"","meta":{"om_disable_all_campaigns":false,"_monsterinsights_skip_tracking":false,"_monsterinsights_sitenote_active":false,"_monsterinsights_sitenote_note":"","_monsterinsights_sitenote_category":0},"product_brand":[],"product_cat":[195],"product_tag":[],"class_list":{"0":"post-19308","1":"product","2":"type-product","3":"status-publish","4":"has-post-thumbnail","6":"product_cat-tutun-pentru-rulat-mac-baren","8":"first","9":"outofstock","10":"taxable","11":"shipping-taxable","12":"purchasable","13":"product-type-simple"},"aioseo_notices":[],"aioseo_head":"\n\t\t<!-- All in One SEO Pro 4.9.5.2 - aioseo.com -->\n\t<meta name=\"description\" content=\"Tutun pentru rulat Mac Baren Supreme \u211603, 40 gr - \u00een magazinul online tabaccomd.com cu livrare, gam\u0103 larg\u0103, pre\u021buri bune. Chi\u0219in\u0103u, Moldova Tel. 061000935\" \/>\n\t<meta name=\"robots\" content=\"max-image-preview:large\" \/>\n\t<link rel=\"canonical\" href=\"https:\/\/tabaccomd.com\/ro\/product\/tutun-pentru-rulat-mac-baren-supreme-03-40g\/\" \/>\n\t<meta name=\"generator\" content=\"All in One SEO Pro (AIOSEO) 4.9.5.2\" \/>\n\t\t<meta property=\"og:locale\" content=\"ro_RO\" \/>\n\t\t<meta property=\"og:site_name\" content=\"Tabacco House \u2013 \u041c\u0430\u0433\u0430\u0437\u0438\u043d \u0442\u0430\u0431\u0430\u0447\u043d\u044b\u0445 \u0438\u0437\u0434\u0435\u043b\u0438\u0439\" \/>\n\t\t<meta property=\"og:type\" content=\"article\" \/>\n\t\t<meta property=\"og:title\" content=\"Tutun pentru rulat Mac Baren Supreme #03 40g cumpara \u00een Chi\u0219in\u0103u \u2668\ufe0f\u2013 Tabacco House\" \/>\n\t\t<meta property=\"og:description\" content=\"Tutun pentru rulat Mac Baren Supreme \u211603, 40 gr - \u00een magazinul online tabaccomd.com cu livrare, gam\u0103 larg\u0103, pre\u021buri bune. Chi\u0219in\u0103u, Moldova Tel. 061000935\" \/>\n\t\t<meta property=\"og:url\" content=\"https:\/\/tabaccomd.com\/ro\/product\/tutun-pentru-rulat-mac-baren-supreme-03-40g\/\" \/>\n\t\t<meta property=\"article:published_time\" content=\"2021-06-21T13:55:41+00:00\" \/>\n\t\t<meta property=\"article:modified_time\" content=\"2025-05-15T14:07:49+00:00\" \/>\n\t\t<meta property=\"article:publisher\" content=\"https:\/\/www.facebook.com\/tabaccomd.com\/\" \/>\n\t\t<meta name=\"twitter:card\" content=\"summary_large_image\" \/>\n\t\t<meta name=\"twitter:title\" content=\"Tutun pentru rulat Mac Baren Supreme #03 40g cumpara \u00een Chi\u0219in\u0103u \u2668\ufe0f\u2013 Tabacco House\" \/>\n\t\t<meta name=\"twitter:description\" content=\"Tutun pentru rulat Mac Baren Supreme \u211603, 40 gr - \u00een magazinul online tabaccomd.com cu livrare, gam\u0103 larg\u0103, pre\u021buri bune. Chi\u0219in\u0103u, Moldova Tel. 061000935\" \/>\n\t\t<script type=\"application\/ld+json\" class=\"aioseo-schema\">\n\t\t\t{\"@context\":\"https:\\\/\\\/schema.org\",\"@graph\":[{\"@type\":\"BreadcrumbList\",\"@id\":\"https:\\\/\\\/tabaccomd.com\\\/ro\\\/product\\\/tutun-pentru-rulat-mac-baren-supreme-03-40g\\\/#breadcrumblist\",\"itemListElement\":[{\"@type\":\"ListItem\",\"@id\":\"https:\\\/\\\/tabaccomd.com\\\/ro\\\/#listItem\",\"position\":1,\"name\":\"\\u0413\\u043b\\u0430\\u0432\\u043d\\u0430\\u044f\",\"item\":\"https:\\\/\\\/tabaccomd.com\\\/ro\\\/\",\"nextItem\":{\"@type\":\"ListItem\",\"@id\":\"https:\\\/\\\/tabaccomd.com\\\/ro\\\/catalog\\\/#listItem\",\"name\":\"Catalog\"}},{\"@type\":\"ListItem\",\"@id\":\"https:\\\/\\\/tabaccomd.com\\\/ro\\\/catalog\\\/#listItem\",\"position\":2,\"name\":\"Catalog\",\"item\":\"https:\\\/\\\/tabaccomd.com\\\/ro\\\/catalog\\\/\",\"nextItem\":{\"@type\":\"ListItem\",\"@id\":\"https:\\\/\\\/tabaccomd.com\\\/ro\\\/product-category\\\/tutun-pentru-tigari\\\/#listItem\",\"name\":\"Tutun pentru \\u021big\\u0103ri\"},\"previousItem\":{\"@type\":\"ListItem\",\"@id\":\"https:\\\/\\\/tabaccomd.com\\\/ro\\\/#listItem\",\"name\":\"\\u0413\\u043b\\u0430\\u0432\\u043d\\u0430\\u044f\"}},{\"@type\":\"ListItem\",\"@id\":\"https:\\\/\\\/tabaccomd.com\\\/ro\\\/product-category\\\/tutun-pentru-tigari\\\/#listItem\",\"position\":3,\"name\":\"Tutun pentru \\u021big\\u0103ri\",\"item\":\"https:\\\/\\\/tabaccomd.com\\\/ro\\\/product-category\\\/tutun-pentru-tigari\\\/\",\"nextItem\":{\"@type\":\"ListItem\",\"@id\":\"https:\\\/\\\/tabaccomd.com\\\/ro\\\/product-category\\\/tutun-pentru-tigari\\\/tutun-pentru-rulat-mac-baren\\\/#listItem\",\"name\":\"Tutun pentru rulat Mac Baren\"},\"previousItem\":{\"@type\":\"ListItem\",\"@id\":\"https:\\\/\\\/tabaccomd.com\\\/ro\\\/catalog\\\/#listItem\",\"name\":\"Catalog\"}},{\"@type\":\"ListItem\",\"@id\":\"https:\\\/\\\/tabaccomd.com\\\/ro\\\/product-category\\\/tutun-pentru-tigari\\\/tutun-pentru-rulat-mac-baren\\\/#listItem\",\"position\":4,\"name\":\"Tutun pentru rulat Mac Baren\",\"item\":\"https:\\\/\\\/tabaccomd.com\\\/ro\\\/product-category\\\/tutun-pentru-tigari\\\/tutun-pentru-rulat-mac-baren\\\/\",\"nextItem\":{\"@type\":\"ListItem\",\"@id\":\"https:\\\/\\\/tabaccomd.com\\\/ro\\\/product\\\/tutun-pentru-rulat-mac-baren-supreme-03-40g\\\/#listItem\",\"name\":\"Tutun pentru rulat Mac Baren Supreme #03 40g\"},\"previousItem\":{\"@type\":\"ListItem\",\"@id\":\"https:\\\/\\\/tabaccomd.com\\\/ro\\\/product-category\\\/tutun-pentru-tigari\\\/#listItem\",\"name\":\"Tutun pentru \\u021big\\u0103ri\"}},{\"@type\":\"ListItem\",\"@id\":\"https:\\\/\\\/tabaccomd.com\\\/ro\\\/product\\\/tutun-pentru-rulat-mac-baren-supreme-03-40g\\\/#listItem\",\"position\":5,\"name\":\"Tutun pentru rulat Mac Baren Supreme #03 40g\",\"previousItem\":{\"@type\":\"ListItem\",\"@id\":\"https:\\\/\\\/tabaccomd.com\\\/ro\\\/product-category\\\/tutun-pentru-tigari\\\/tutun-pentru-rulat-mac-baren\\\/#listItem\",\"name\":\"Tutun pentru rulat Mac Baren\"}}]},{\"@type\":\"Organization\",\"@id\":\"https:\\\/\\\/tabaccomd.com\\\/ro\\\/#organization\",\"name\":\"Tabacco House\",\"description\":\"\\u041c\\u0430\\u0433\\u0430\\u0437\\u0438\\u043d \\u0442\\u0430\\u0431\\u0430\\u0447\\u043d\\u044b\\u0445 \\u0438\\u0437\\u0434\\u0435\\u043b\\u0438\\u0439\",\"url\":\"https:\\\/\\\/tabaccomd.com\\\/ro\\\/\",\"email\":\"Office@cazacuhouse.com\",\"telephone\":\"+37361000935\",\"logo\":{\"@type\":\"ImageObject\",\"url\":\"https:\\\/\\\/tabaccomd.com\\\/wp-content\\\/uploads\\\/2024\\\/02\\\/logo_header3.png\",\"@id\":\"https:\\\/\\\/tabaccomd.com\\\/ro\\\/product\\\/tutun-pentru-rulat-mac-baren-supreme-03-40g\\\/#organizationLogo\",\"width\":32,\"height\":32,\"caption\":\"Tabacco House\"},\"image\":{\"@id\":\"https:\\\/\\\/tabaccomd.com\\\/ro\\\/product\\\/tutun-pentru-rulat-mac-baren-supreme-03-40g\\\/#organizationLogo\"},\"sameAs\":[\"https:\\\/\\\/www.facebook.com\\\/tabaccomd.com\\\/\",\"https:\\\/\\\/www.instagram.com\\\/tabaccomd.com\\\/\"],\"address\":{\"@id\":\"https:\\\/\\\/tabaccomd.com\\\/ro\\\/#postaladdress\",\"@type\":\"PostalAddress\",\"streetAddress\":\"Strada Albi\\u015foara 4, Chi\\u0219in\\u0103u, Bulevardul \\u0218tefan cel Mare \\u0219i Sf\\u00eent 136, Chi\\u0219in\\u0103u\",\"addressLocality\":\"Chi\\u0219in\\u0103u\",\"addressCountry\":\"MD\"}},{\"@type\":\"Product\",\"@id\":\"https:\\\/\\\/tabaccomd.com\\\/ro\\\/product\\\/tutun-pentru-rulat-mac-baren-supreme-03-40g\\\/#wooCommerceProduct\",\"name\":\"Tutun pentru rulat Mac Baren Supreme #03 40g\",\"description\":\"Greutatea: 40 grame\\r\\n \\t\\u021aara: Danemarca\\r\\n \\tT\\u0103rie: U\\u0219oar\\u0103\\r\\n \\tCantitate estimat\\u0103 de \\u021big\\u0103ri rulate: 50-60 buc\\u0103\\u021bi\\r\\n \\tFormat: Handroll\",\"url\":\"https:\\\/\\\/tabaccomd.com\\\/ro\\\/product\\\/tutun-pentru-rulat-mac-baren-supreme-03-40g\\\/\",\"sku\":\"MB03s\",\"image\":{\"@type\":\"ImageObject\",\"url\":\"https:\\\/\\\/tabaccomd.com\\\/wp-content\\\/uploads\\\/2021\\\/06\\\/Mac-Baren-Supreme-Choice.jpeg\",\"@id\":\"https:\\\/\\\/tabaccomd.com\\\/ro\\\/product\\\/tutun-pentru-rulat-mac-baren-supreme-03-40g\\\/#productImage\",\"width\":1000,\"height\":1000,\"caption\":\"Mac-Baren Supreme-Choice\"},\"offers\":{\"@type\":\"Offer\",\"url\":\"https:\\\/\\\/tabaccomd.com\\\/ro\\\/product\\\/tutun-pentru-rulat-mac-baren-supreme-03-40g\\\/#wooCommerceOffer\",\"price\":220,\"priceCurrency\":\"MDL\",\"category\":\"Tutun pentru rulat Mac Baren\",\"availability\":\"https:\\\/\\\/schema.org\\\/OutOfStock\",\"priceSpecification\":{\"@type\":\"PriceSpecification\",\"price\":220,\"priceCurrency\":\"MDL\",\"valueAddedTaxIncluded\":\"true\"},\"seller\":{\"@type\":\"Organization\",\"@id\":\"https:\\\/\\\/tabaccomd.com\\\/ro\\\/#organization\"}}},{\"@type\":\"WebPage\",\"@id\":\"https:\\\/\\\/tabaccomd.com\\\/ro\\\/product\\\/tutun-pentru-rulat-mac-baren-supreme-03-40g\\\/#webpage\",\"url\":\"https:\\\/\\\/tabaccomd.com\\\/ro\\\/product\\\/tutun-pentru-rulat-mac-baren-supreme-03-40g\\\/\",\"name\":\"Tutun pentru rulat Mac Baren Supreme #03 40g cumpara \\u00een Chi\\u0219in\\u0103u \\u2668\\ufe0f\\u2013 Tabacco House\",\"description\":\"Tutun pentru rulat Mac Baren Supreme \\u211603, 40 gr - \\u00een magazinul online tabaccomd.com cu livrare, gam\\u0103 larg\\u0103, pre\\u021buri bune. Chi\\u0219in\\u0103u, Moldova Tel. 061000935\",\"inLanguage\":\"ro-RO\",\"isPartOf\":{\"@id\":\"https:\\\/\\\/tabaccomd.com\\\/ro\\\/#website\"},\"breadcrumb\":{\"@id\":\"https:\\\/\\\/tabaccomd.com\\\/ro\\\/product\\\/tutun-pentru-rulat-mac-baren-supreme-03-40g\\\/#breadcrumblist\"},\"image\":{\"@type\":\"ImageObject\",\"url\":\"https:\\\/\\\/tabaccomd.com\\\/wp-content\\\/uploads\\\/2021\\\/06\\\/Mac-Baren-Supreme-Choice.jpeg\",\"@id\":\"https:\\\/\\\/tabaccomd.com\\\/ro\\\/product\\\/tutun-pentru-rulat-mac-baren-supreme-03-40g\\\/#mainImage\",\"width\":1000,\"height\":1000,\"caption\":\"Mac-Baren Supreme-Choice\"},\"primaryImageOfPage\":{\"@id\":\"https:\\\/\\\/tabaccomd.com\\\/ro\\\/product\\\/tutun-pentru-rulat-mac-baren-supreme-03-40g\\\/#mainImage\"},\"datePublished\":\"2021-06-21T16:55:41+03:00\",\"dateModified\":\"2025-05-15T17:07:49+03:00\"},{\"@type\":\"WebSite\",\"@id\":\"https:\\\/\\\/tabaccomd.com\\\/ro\\\/#website\",\"url\":\"https:\\\/\\\/tabaccomd.com\\\/ro\\\/\",\"name\":\"Tabacco House\",\"alternateName\":\"tobaccomd.com\",\"description\":\"\\u041c\\u0430\\u0433\\u0430\\u0437\\u0438\\u043d \\u0442\\u0430\\u0431\\u0430\\u0447\\u043d\\u044b\\u0445 \\u0438\\u0437\\u0434\\u0435\\u043b\\u0438\\u0439\",\"inLanguage\":\"ro-RO\",\"publisher\":{\"@id\":\"https:\\\/\\\/tabaccomd.com\\\/ro\\\/#organization\"}}]}\n\t\t<\/script>\n\t\t<!-- All in One SEO Pro -->\r\n\t\t<title>Tutun pentru rulat Mac Baren Supreme #03 40g cumpara \u00een Chi\u0219in\u0103u \u2668\ufe0f\u2013 Tabacco House<\/title>\n\n","aioseo_head_json":{"title":"Tutun pentru rulat Mac Baren Supreme #03 40g cumpara \u00een Chi\u0219in\u0103u \u2668\ufe0f\u2013 Tabacco House","description":"Tutun pentru rulat Mac Baren Supreme \u211603, 40 gr - \u00een magazinul online tabaccomd.com cu livrare, gam\u0103 larg\u0103, pre\u021buri bune. Chi\u0219in\u0103u, Moldova Tel. 061000935","canonical_url":"https:\/\/tabaccomd.com\/ro\/product\/tutun-pentru-rulat-mac-baren-supreme-03-40g\/","robots":"max-image-preview:large","keywords":"","webmasterTools":{"miscellaneous":""},"schema":{"@context":"https:\/\/schema.org","@graph":[{"@type":"BreadcrumbList","@id":"https:\/\/tabaccomd.com\/ro\/product\/tutun-pentru-rulat-mac-baren-supreme-03-40g\/#breadcrumblist","itemListElement":[{"@type":"ListItem","@id":"https:\/\/tabaccomd.com\/ro\/#listItem","position":1,"name":"\u0413\u043b\u0430\u0432\u043d\u0430\u044f","item":"https:\/\/tabaccomd.com\/ro\/","nextItem":{"@type":"ListItem","@id":"https:\/\/tabaccomd.com\/ro\/catalog\/#listItem","name":"Catalog"}},{"@type":"ListItem","@id":"https:\/\/tabaccomd.com\/ro\/catalog\/#listItem","position":2,"name":"Catalog","item":"https:\/\/tabaccomd.com\/ro\/catalog\/","nextItem":{"@type":"ListItem","@id":"https:\/\/tabaccomd.com\/ro\/product-category\/tutun-pentru-tigari\/#listItem","name":"Tutun pentru \u021big\u0103ri"},"previousItem":{"@type":"ListItem","@id":"https:\/\/tabaccomd.com\/ro\/#listItem","name":"\u0413\u043b\u0430\u0432\u043d\u0430\u044f"}},{"@type":"ListItem","@id":"https:\/\/tabaccomd.com\/ro\/product-category\/tutun-pentru-tigari\/#listItem","position":3,"name":"Tutun pentru \u021big\u0103ri","item":"https:\/\/tabaccomd.com\/ro\/product-category\/tutun-pentru-tigari\/","nextItem":{"@type":"ListItem","@id":"https:\/\/tabaccomd.com\/ro\/product-category\/tutun-pentru-tigari\/tutun-pentru-rulat-mac-baren\/#listItem","name":"Tutun pentru rulat Mac Baren"},"previousItem":{"@type":"ListItem","@id":"https:\/\/tabaccomd.com\/ro\/catalog\/#listItem","name":"Catalog"}},{"@type":"ListItem","@id":"https:\/\/tabaccomd.com\/ro\/product-category\/tutun-pentru-tigari\/tutun-pentru-rulat-mac-baren\/#listItem","position":4,"name":"Tutun pentru rulat Mac Baren","item":"https:\/\/tabaccomd.com\/ro\/product-category\/tutun-pentru-tigari\/tutun-pentru-rulat-mac-baren\/","nextItem":{"@type":"ListItem","@id":"https:\/\/tabaccomd.com\/ro\/product\/tutun-pentru-rulat-mac-baren-supreme-03-40g\/#listItem","name":"Tutun pentru rulat Mac Baren Supreme #03 40g"},"previousItem":{"@type":"ListItem","@id":"https:\/\/tabaccomd.com\/ro\/product-category\/tutun-pentru-tigari\/#listItem","name":"Tutun pentru \u021big\u0103ri"}},{"@type":"ListItem","@id":"https:\/\/tabaccomd.com\/ro\/product\/tutun-pentru-rulat-mac-baren-supreme-03-40g\/#listItem","position":5,"name":"Tutun pentru rulat Mac Baren Supreme #03 40g","previousItem":{"@type":"ListItem","@id":"https:\/\/tabaccomd.com\/ro\/product-category\/tutun-pentru-tigari\/tutun-pentru-rulat-mac-baren\/#listItem","name":"Tutun pentru rulat Mac Baren"}}]},{"@type":"Organization","@id":"https:\/\/tabaccomd.com\/ro\/#organization","name":"Tabacco House","description":"\u041c\u0430\u0433\u0430\u0437\u0438\u043d \u0442\u0430\u0431\u0430\u0447\u043d\u044b\u0445 \u0438\u0437\u0434\u0435\u043b\u0438\u0439","url":"https:\/\/tabaccomd.com\/ro\/","email":"Office@cazacuhouse.com","telephone":"+37361000935","logo":{"@type":"ImageObject","url":"https:\/\/tabaccomd.com\/wp-content\/uploads\/2024\/02\/logo_header3.png","@id":"https:\/\/tabaccomd.com\/ro\/product\/tutun-pentru-rulat-mac-baren-supreme-03-40g\/#organizationLogo","width":32,"height":32,"caption":"Tabacco House"},"image":{"@id":"https:\/\/tabaccomd.com\/ro\/product\/tutun-pentru-rulat-mac-baren-supreme-03-40g\/#organizationLogo"},"sameAs":["https:\/\/www.facebook.com\/tabaccomd.com\/","https:\/\/www.instagram.com\/tabaccomd.com\/"],"address":{"@id":"https:\/\/tabaccomd.com\/ro\/#postaladdress","@type":"PostalAddress","streetAddress":"Strada Albi\u015foara 4, Chi\u0219in\u0103u, Bulevardul \u0218tefan cel Mare \u0219i Sf\u00eent 136, Chi\u0219in\u0103u","addressLocality":"Chi\u0219in\u0103u","addressCountry":"MD"}},{"@type":"Product","@id":"https:\/\/tabaccomd.com\/ro\/product\/tutun-pentru-rulat-mac-baren-supreme-03-40g\/#wooCommerceProduct","name":"Tutun pentru rulat Mac Baren Supreme #03 40g","description":"Greutatea: 40 grame\r\n \t\u021aara: Danemarca\r\n \tT\u0103rie: U\u0219oar\u0103\r\n \tCantitate estimat\u0103 de \u021big\u0103ri rulate: 50-60 buc\u0103\u021bi\r\n \tFormat: Handroll","url":"https:\/\/tabaccomd.com\/ro\/product\/tutun-pentru-rulat-mac-baren-supreme-03-40g\/","sku":"MB03s","image":{"@type":"ImageObject","url":"https:\/\/tabaccomd.com\/wp-content\/uploads\/2021\/06\/Mac-Baren-Supreme-Choice.jpeg","@id":"https:\/\/tabaccomd.com\/ro\/product\/tutun-pentru-rulat-mac-baren-supreme-03-40g\/#productImage","width":1000,"height":1000,"caption":"Mac-Baren Supreme-Choice"},"offers":{"@type":"Offer","url":"https:\/\/tabaccomd.com\/ro\/product\/tutun-pentru-rulat-mac-baren-supreme-03-40g\/#wooCommerceOffer","price":220,"priceCurrency":"MDL","category":"Tutun pentru rulat Mac Baren","availability":"https:\/\/schema.org\/OutOfStock","priceSpecification":{"@type":"PriceSpecification","price":220,"priceCurrency":"MDL","valueAddedTaxIncluded":"true"},"seller":{"@type":"Organization","@id":"https:\/\/tabaccomd.com\/ro\/#organization"}}},{"@type":"WebPage","@id":"https:\/\/tabaccomd.com\/ro\/product\/tutun-pentru-rulat-mac-baren-supreme-03-40g\/#webpage","url":"https:\/\/tabaccomd.com\/ro\/product\/tutun-pentru-rulat-mac-baren-supreme-03-40g\/","name":"Tutun pentru rulat Mac Baren Supreme #03 40g cumpara \u00een Chi\u0219in\u0103u \u2668\ufe0f\u2013 Tabacco House","description":"Tutun pentru rulat Mac Baren Supreme \u211603, 40 gr - \u00een magazinul online tabaccomd.com cu livrare, gam\u0103 larg\u0103, pre\u021buri bune. Chi\u0219in\u0103u, Moldova Tel. 061000935","inLanguage":"ro-RO","isPartOf":{"@id":"https:\/\/tabaccomd.com\/ro\/#website"},"breadcrumb":{"@id":"https:\/\/tabaccomd.com\/ro\/product\/tutun-pentru-rulat-mac-baren-supreme-03-40g\/#breadcrumblist"},"image":{"@type":"ImageObject","url":"https:\/\/tabaccomd.com\/wp-content\/uploads\/2021\/06\/Mac-Baren-Supreme-Choice.jpeg","@id":"https:\/\/tabaccomd.com\/ro\/product\/tutun-pentru-rulat-mac-baren-supreme-03-40g\/#mainImage","width":1000,"height":1000,"caption":"Mac-Baren Supreme-Choice"},"primaryImageOfPage":{"@id":"https:\/\/tabaccomd.com\/ro\/product\/tutun-pentru-rulat-mac-baren-supreme-03-40g\/#mainImage"},"datePublished":"2021-06-21T16:55:41+03:00","dateModified":"2025-05-15T17:07:49+03:00"},{"@type":"WebSite","@id":"https:\/\/tabaccomd.com\/ro\/#website","url":"https:\/\/tabaccomd.com\/ro\/","name":"Tabacco House","alternateName":"tobaccomd.com","description":"\u041c\u0430\u0433\u0430\u0437\u0438\u043d \u0442\u0430\u0431\u0430\u0447\u043d\u044b\u0445 \u0438\u0437\u0434\u0435\u043b\u0438\u0439","inLanguage":"ro-RO","publisher":{"@id":"https:\/\/tabaccomd.com\/ro\/#organization"}}]},"og:locale":"ro_RO","og:site_name":"Tabacco House \u2013 \u041c\u0430\u0433\u0430\u0437\u0438\u043d \u0442\u0430\u0431\u0430\u0447\u043d\u044b\u0445 \u0438\u0437\u0434\u0435\u043b\u0438\u0439","og:type":"article","og:title":"Tutun pentru rulat Mac Baren Supreme #03 40g cumpara \u00een Chi\u0219in\u0103u \u2668\ufe0f\u2013 Tabacco House","og:description":"Tutun pentru rulat Mac Baren Supreme \u211603, 40 gr - \u00een magazinul online tabaccomd.com cu livrare, gam\u0103 larg\u0103, pre\u021buri bune. Chi\u0219in\u0103u, Moldova Tel. 061000935","og:url":"https:\/\/tabaccomd.com\/ro\/product\/tutun-pentru-rulat-mac-baren-supreme-03-40g\/","article:published_time":"2021-06-21T13:55:41+00:00","article:modified_time":"2025-05-15T14:07:49+00:00","article:publisher":"https:\/\/www.facebook.com\/tabaccomd.com\/","twitter:card":"summary_large_image","twitter:title":"Tutun pentru rulat Mac Baren Supreme #03 40g cumpara \u00een Chi\u0219in\u0103u \u2668\ufe0f\u2013 Tabacco House","twitter:description":"Tutun pentru rulat Mac Baren Supreme \u211603, 40 gr - \u00een magazinul online tabaccomd.com cu livrare, gam\u0103 larg\u0103, pre\u021buri bune. Chi\u0219in\u0103u, Moldova Tel. 061000935"},"aioseo_meta_data":{"post_id":"19308","title":"#post_title cumpara \u00een Chi\u0219in\u0103u \u2668\ufe0f#separator_sa #site_title","description":"Tutun pentru rulat Mac Baren Supreme \u211603, 40 gr - \u00een magazinul online tabaccomd.com cu livrare, gam\u0103 larg\u0103, pre\u021buri bune. Chi\u0219in\u0103u, Moldova Tel. 061000935","keywords":[],"keyphrases":{"focus":{"keyphrase":" Tutun pentru rulat Mac Baren Supreme \u211603, 40 gr","score":54,"analysis":{"keyphraseInTitle":{"score":3,"maxScore":9,"error":1},"keyphraseInDescription":{"score":9,"maxScore":9,"error":0},"keyphraseLength":{"score":6,"maxScore":9,"error":1,"length":7},"keyphraseInURL":{"score":1,"maxScore":5,"error":1},"keyphraseInIntroduction":{"score":3,"maxScore":9,"error":1},"keyphraseInSubHeadings":[],"keyphraseInImageAlt":[]}},"additional":[]},"primary_term":null,"canonical_url":null,"og_title":null,"og_description":null,"og_object_type":"default","og_image_type":"default","og_image_url":null,"og_image_width":null,"og_image_height":null,"og_image_custom_url":null,"og_image_custom_fields":null,"og_video":"","og_custom_url":null,"og_article_section":null,"og_article_tags":[],"twitter_use_og":false,"twitter_card":"default","twitter_image_type":"default","twitter_image_url":null,"twitter_image_custom_url":null,"twitter_image_custom_fields":null,"twitter_title":null,"twitter_description":null,"schema":{"blockGraphs":[],"customGraphs":[],"default":{"data":{"Article":[],"Course":[],"Dataset":[],"FAQPage":[],"Movie":[],"Person":[],"Product":[],"ProductReview":[],"Car":[],"Recipe":[],"Service":[],"SoftwareApplication":[],"WebPage":[]},"graphName":"ItemPage","isEnabled":true},"graphs":[]},"schema_type":"default","schema_type_options":null,"pillar_content":false,"robots_default":true,"robots_noindex":false,"robots_noarchive":false,"robots_nosnippet":false,"robots_nofollow":false,"robots_noimageindex":false,"robots_noodp":false,"robots_notranslate":false,"robots_max_snippet":"-1","robots_max_videopreview":"-1","robots_max_imagepreview":"large","priority":null,"frequency":"default","local_seo":null,"seo_analyzer_scan_date":"2025-10-20 00:44:30","breadcrumb_settings":null,"limit_modified_date":false,"reviewed_by":null,"open_ai":null,"ai":null,"created":"2023-03-30 14:31:49","updated":"2025-10-20 00:44:30"},"aioseo_breadcrumb":"<div class=\"aioseo-breadcrumbs\"><span class=\"aioseo-breadcrumb\">\n\t<a href=\"https:\/\/tabaccomd.com\/ro\/\" title=\"\u0413\u043b\u0430\u0432\u043d\u0430\u044f\">\u0413\u043b\u0430\u0432\u043d\u0430\u044f<\/a>\n<\/span><span class=\"aioseo-breadcrumb-separator\">\u00bb<\/span><span class=\"aioseo-breadcrumb\">\n\t<a href=\"https:\/\/tabaccomd.com\/ro\/catalog\/\" title=\"Catalog\">Catalog<\/a>\n<\/span><span class=\"aioseo-breadcrumb-separator\">\u00bb<\/span><span class=\"aioseo-breadcrumb\">\n\t<a href=\"https:\/\/tabaccomd.com\/ro\/product-category\/tutun-pentru-tigari\/\" title=\"Tutun pentru \u021big\u0103ri\">Tutun pentru \u021big\u0103ri<\/a>\n<\/span><span class=\"aioseo-breadcrumb-separator\">\u00bb<\/span><span class=\"aioseo-breadcrumb\">\n\t<a href=\"https:\/\/tabaccomd.com\/ro\/product-category\/tutun-pentru-tigari\/tutun-pentru-rulat-mac-baren\/\" title=\"Tutun pentru rulat Mac Baren\">Tutun pentru rulat Mac Baren<\/a>\n<\/span><span class=\"aioseo-breadcrumb-separator\">\u00bb<\/span><span class=\"aioseo-breadcrumb\">\n\tTutun pentru rulat Mac Baren Supreme #03 40g\n<\/span><\/div>","aioseo_breadcrumb_json":[{"label":"\u0413\u043b\u0430\u0432\u043d\u0430\u044f","link":"https:\/\/tabaccomd.com\/ro\/"},{"label":"Catalog","link":"https:\/\/tabaccomd.com\/ro\/catalog\/"},{"label":"Tutun pentru \u021big\u0103ri","link":"https:\/\/tabaccomd.com\/ro\/product-category\/tutun-pentru-tigari\/"},{"label":"Tutun pentru rulat Mac Baren","link":"https:\/\/tabaccomd.com\/ro\/product-category\/tutun-pentru-tigari\/tutun-pentru-rulat-mac-baren\/"},{"label":"Tutun pentru rulat Mac Baren Supreme #03 40g","link":"https:\/\/tabaccomd.com\/ro\/product\/tutun-pentru-rulat-mac-baren-supreme-03-40g\/"}],"images_for_1c":[{"url":"https:\/\/tabaccomd.com\/wp-content\/uploads\/2021\/06\/Mac-Baren-Supreme-Choice.jpeg","type":"featured","alt":"Mac-Baren Supreme-Choice","filename":"Mac-Baren-Supreme-Choice.jpeg"}],"additional_data_1c":{"modified_date":"2025-05-15 17:07:49","permalink":"https:\/\/tabaccomd.com\/ro\/product\/tutun-pentru-rulat-mac-baren-supreme-03-40g\/","stock_status":"outofstock","manage_stock":"no"},"_links":{"self":[{"href":"https:\/\/tabaccomd.com\/ro\/wp-json\/wp\/v2\/product\/19308","targetHints":{"allow":["GET"]}}],"collection":[{"href":"https:\/\/tabaccomd.com\/ro\/wp-json\/wp\/v2\/product"}],"about":[{"href":"https:\/\/tabaccomd.com\/ro\/wp-json\/wp\/v2\/types\/product"}],"wp:featuredmedia":[{"embeddable":true,"href":"https:\/\/tabaccomd.com\/ro\/wp-json\/wp\/v2\/media\/139117"}],"wp:attachment":[{"href":"https:\/\/tabaccomd.com\/ro\/wp-json\/wp\/v2\/media?parent=19308"}],"wp:term":[{"taxonomy":"product_brand","embeddable":true,"href":"https:\/\/tabaccomd.com\/ro\/wp-json\/wp\/v2\/product_brand?post=19308"},{"taxonomy":"product_cat","embeddable":true,"href":"https:\/\/tabaccomd.com\/ro\/wp-json\/wp\/v2\/product_cat?post=19308"},{"taxonomy":"product_tag","embeddable":true,"href":"https:\/\/tabaccomd.com\/ro\/wp-json\/wp\/v2\/product_tag?post=19308"}],"curies":[{"name":"wp","href":"https:\/\/api.w.org\/{rel}","templated":true}]}}