{"id":19277,"date":"2021-05-06T16:03:49","date_gmt":"2021-05-06T13:03:49","guid":{"rendered":"https:\/\/new124.tabaccomd.com\/product\/set-pentru-incepatori-3\/"},"modified":"2025-08-08T12:38:19","modified_gmt":"2025-08-08T09:38:19","slug":"set-pentru-incepatori-3","status":"publish","type":"product","link":"https:\/\/tabaccomd.com\/ro\/product\/set-pentru-incepatori-3\/","title":{"rendered":"Set pentru \u00eencep\u0103tori #3"},"content":{"rendered":"<p>Am decis s\u0103 v\u0103 simplific\u0103m alegerea materialelor necesare pentru prepararea \u021big\u0103rilor rulate, cre\u00e2nd cele mai populare seturi. Ne-am bazat pe cele mai v\u00e2ndute produse \u0219i pe experien\u021ba noastr\u0103 acumulat\u0103 \u00een peste 15 ani.  <strong>Aceste seturi sunt disponibile doar online!<\/strong><\/p>\n<p>Acest set include:<\/p>\n<p><a href=\"https:\/\/tabaccomd.com\/product\/tabak-sigaretnyj-mac-baren-halfzware\/\">Tutun pentru rulat Mac Baren Halfzware 40g<\/a><\/p>\n<p><a href=\"https:\/\/tabaccomd.com\/product\/filtry-dlya-samokrutok-gizeh-slim\/\">Filtre pentru \u021big\u0103ri Gizeh Slim 6mm<\/a><\/p>\n<p><a class=\"cursor-init\" href=\"https:\/\/tabaccomd.com\/product\/bumaga-dlya-samokrutok-gizeh-extra-fine-brown-50\/\">H\u00e2rtie pentru \u021big\u0103ri GIZEH Brown Extra Fine 50<\/a><\/p>\n<p><a class=\"cursor-init\" href=\"https:\/\/tabaccomd.com\/product\/bumaga-dlya-samokrutok-gizeh-fine-cut-corners50\/\">H\u00e2rtie pentru \u021big\u0103ri GIZEH Fine Cut Corners 50<\/a><\/p>\n<p><a class=\"cursor-init\" href=\"https:\/\/tabaccomd.com\/product\/mashinka-dlya-skruchivaniya-sigaret-gizeh-giro\/\">Ma\u0219inu\u021b\u0103 pentru rularea \u021big\u0103rilor GIZEH Giro Plastic<\/a><\/p>\n<p><strong>Dac\u0103 dori\u021bi, pute\u021bi schimba orice pozi\u021bie scriind un comentariu la plasarea comenzii online, sau la confirmarea comenzii cu managerul nostru la telefon.<\/strong><\/p>\n","protected":false},"excerpt":{"rendered":"<ul>\n<li><strong>Acest set este disponibil doar online!<\/strong><\/li>\n<li>Produc\u0103tori: Danemarca, Germania<\/li>\n<li>Tutun mediu \u0219i curat Mac Baren<\/li>\n<li>Grosime minim\u0103 a h\u00e2rtiei (fuma\u021bi mai mult tutun)<\/li>\n<li>Filtre Gizeh Slim 120buc. \u00een ambalaj <\/li>\n<li>Ma\u0219inu\u021b\u0103 compact\u0103 pentru rulat<\/li>\n<\/ul>\n","protected":false},"featured_media":153525,"template":"","meta":{"om_disable_all_campaigns":false,"_monsterinsights_skip_tracking":false,"_monsterinsights_sitenote_active":false,"_monsterinsights_sitenote_note":"","_monsterinsights_sitenote_category":0},"product_brand":[],"product_cat":[200],"product_tag":[],"class_list":{"0":"post-19277","1":"product","2":"type-product","3":"status-publish","4":"has-post-thumbnail","6":"product_cat-seturi-pentru-incepatori","8":"first","9":"instock","10":"taxable","11":"shipping-taxable","12":"purchasable","13":"product-type-simple"},"aioseo_notices":[],"aioseo_head":"\n\t\t<!-- All in One SEO Pro 4.9.5.2 - aioseo.com -->\n\t<meta name=\"description\" content=\"Set pentru \u00eencep\u0103tori #3 - \u00een magazinul online tabaccomd.com cu livrare, gam\u0103 larg\u0103, pre\u021buri accesibile. Chi\u0219in\u0103u, Moldova Tel. 061000935\" \/>\n\t<meta name=\"robots\" content=\"max-image-preview:large\" \/>\n\t<link rel=\"canonical\" href=\"https:\/\/tabaccomd.com\/ro\/product\/set-pentru-incepatori-3\/\" \/>\n\t<meta name=\"generator\" content=\"All in One SEO Pro (AIOSEO) 4.9.5.2\" \/>\n\t\t<meta property=\"og:locale\" content=\"ro_RO\" \/>\n\t\t<meta property=\"og:site_name\" content=\"Tabacco House \u2013 \u041c\u0430\u0433\u0430\u0437\u0438\u043d \u0442\u0430\u0431\u0430\u0447\u043d\u044b\u0445 \u0438\u0437\u0434\u0435\u043b\u0438\u0439\" \/>\n\t\t<meta property=\"og:type\" content=\"article\" \/>\n\t\t<meta property=\"og:title\" content=\"Set pentru \u00eencep\u0103tori #3 \u2013 Tabacco House\" \/>\n\t\t<meta property=\"og:description\" content=\"Set pentru \u00eencep\u0103tori #3 - \u00een magazinul online tabaccomd.com cu livrare, gam\u0103 larg\u0103, pre\u021buri accesibile. Chi\u0219in\u0103u, Moldova Tel. 061000935\" \/>\n\t\t<meta property=\"og:url\" content=\"https:\/\/tabaccomd.com\/ro\/product\/set-pentru-incepatori-3\/\" \/>\n\t\t<meta property=\"article:published_time\" content=\"2021-05-06T13:03:49+00:00\" \/>\n\t\t<meta property=\"article:modified_time\" content=\"2025-08-08T09:38:19+00:00\" \/>\n\t\t<meta property=\"article:publisher\" content=\"https:\/\/www.facebook.com\/tabaccomd.com\/\" \/>\n\t\t<meta name=\"twitter:card\" content=\"summary_large_image\" \/>\n\t\t<meta name=\"twitter:title\" content=\"Set pentru \u00eencep\u0103tori #3 \u2013 Tabacco House\" \/>\n\t\t<meta name=\"twitter:description\" content=\"Set pentru \u00eencep\u0103tori #3 - \u00een magazinul online tabaccomd.com cu livrare, gam\u0103 larg\u0103, pre\u021buri accesibile. Chi\u0219in\u0103u, Moldova Tel. 061000935\" \/>\n\t\t<script type=\"application\/ld+json\" class=\"aioseo-schema\">\n\t\t\t{\"@context\":\"https:\\\/\\\/schema.org\",\"@graph\":[{\"@type\":\"BreadcrumbList\",\"@id\":\"https:\\\/\\\/tabaccomd.com\\\/ro\\\/product\\\/set-pentru-incepatori-3\\\/#breadcrumblist\",\"itemListElement\":[{\"@type\":\"ListItem\",\"@id\":\"https:\\\/\\\/tabaccomd.com\\\/ro\\\/#listItem\",\"position\":1,\"name\":\"\\u0413\\u043b\\u0430\\u0432\\u043d\\u0430\\u044f\",\"item\":\"https:\\\/\\\/tabaccomd.com\\\/ro\\\/\",\"nextItem\":{\"@type\":\"ListItem\",\"@id\":\"https:\\\/\\\/tabaccomd.com\\\/ro\\\/catalog\\\/#listItem\",\"name\":\"Catalog\"}},{\"@type\":\"ListItem\",\"@id\":\"https:\\\/\\\/tabaccomd.com\\\/ro\\\/catalog\\\/#listItem\",\"position\":2,\"name\":\"Catalog\",\"item\":\"https:\\\/\\\/tabaccomd.com\\\/ro\\\/catalog\\\/\",\"nextItem\":{\"@type\":\"ListItem\",\"@id\":\"https:\\\/\\\/tabaccomd.com\\\/ro\\\/product-category\\\/tutun-pentru-tigari\\\/#listItem\",\"name\":\"Tutun pentru \\u021big\\u0103ri\"},\"previousItem\":{\"@type\":\"ListItem\",\"@id\":\"https:\\\/\\\/tabaccomd.com\\\/ro\\\/#listItem\",\"name\":\"\\u0413\\u043b\\u0430\\u0432\\u043d\\u0430\\u044f\"}},{\"@type\":\"ListItem\",\"@id\":\"https:\\\/\\\/tabaccomd.com\\\/ro\\\/product-category\\\/tutun-pentru-tigari\\\/#listItem\",\"position\":3,\"name\":\"Tutun pentru \\u021big\\u0103ri\",\"item\":\"https:\\\/\\\/tabaccomd.com\\\/ro\\\/product-category\\\/tutun-pentru-tigari\\\/\",\"nextItem\":{\"@type\":\"ListItem\",\"@id\":\"https:\\\/\\\/tabaccomd.com\\\/ro\\\/product-category\\\/tutun-pentru-tigari\\\/seturi-pentru-incepatori\\\/#listItem\",\"name\":\"Seturi pentru \\u00eencep\\u0103tori\"},\"previousItem\":{\"@type\":\"ListItem\",\"@id\":\"https:\\\/\\\/tabaccomd.com\\\/ro\\\/catalog\\\/#listItem\",\"name\":\"Catalog\"}},{\"@type\":\"ListItem\",\"@id\":\"https:\\\/\\\/tabaccomd.com\\\/ro\\\/product-category\\\/tutun-pentru-tigari\\\/seturi-pentru-incepatori\\\/#listItem\",\"position\":4,\"name\":\"Seturi pentru \\u00eencep\\u0103tori\",\"item\":\"https:\\\/\\\/tabaccomd.com\\\/ro\\\/product-category\\\/tutun-pentru-tigari\\\/seturi-pentru-incepatori\\\/\",\"nextItem\":{\"@type\":\"ListItem\",\"@id\":\"https:\\\/\\\/tabaccomd.com\\\/ro\\\/product\\\/set-pentru-incepatori-3\\\/#listItem\",\"name\":\"Set pentru \\u00eencep\\u0103tori #3\"},\"previousItem\":{\"@type\":\"ListItem\",\"@id\":\"https:\\\/\\\/tabaccomd.com\\\/ro\\\/product-category\\\/tutun-pentru-tigari\\\/#listItem\",\"name\":\"Tutun pentru \\u021big\\u0103ri\"}},{\"@type\":\"ListItem\",\"@id\":\"https:\\\/\\\/tabaccomd.com\\\/ro\\\/product\\\/set-pentru-incepatori-3\\\/#listItem\",\"position\":5,\"name\":\"Set pentru \\u00eencep\\u0103tori #3\",\"previousItem\":{\"@type\":\"ListItem\",\"@id\":\"https:\\\/\\\/tabaccomd.com\\\/ro\\\/product-category\\\/tutun-pentru-tigari\\\/seturi-pentru-incepatori\\\/#listItem\",\"name\":\"Seturi pentru \\u00eencep\\u0103tori\"}}]},{\"@type\":\"Organization\",\"@id\":\"https:\\\/\\\/tabaccomd.com\\\/ro\\\/#organization\",\"name\":\"Tabacco House\",\"description\":\"\\u041c\\u0430\\u0433\\u0430\\u0437\\u0438\\u043d \\u0442\\u0430\\u0431\\u0430\\u0447\\u043d\\u044b\\u0445 \\u0438\\u0437\\u0434\\u0435\\u043b\\u0438\\u0439\",\"url\":\"https:\\\/\\\/tabaccomd.com\\\/ro\\\/\",\"email\":\"Office@cazacuhouse.com\",\"telephone\":\"+37361000935\",\"logo\":{\"@type\":\"ImageObject\",\"url\":\"https:\\\/\\\/tabaccomd.com\\\/wp-content\\\/uploads\\\/2024\\\/02\\\/logo_header3.png\",\"@id\":\"https:\\\/\\\/tabaccomd.com\\\/ro\\\/product\\\/set-pentru-incepatori-3\\\/#organizationLogo\",\"width\":32,\"height\":32,\"caption\":\"Tabacco House\"},\"image\":{\"@id\":\"https:\\\/\\\/tabaccomd.com\\\/ro\\\/product\\\/set-pentru-incepatori-3\\\/#organizationLogo\"},\"sameAs\":[\"https:\\\/\\\/www.facebook.com\\\/tabaccomd.com\\\/\",\"https:\\\/\\\/www.instagram.com\\\/tabaccomd.com\\\/\"],\"address\":{\"@id\":\"https:\\\/\\\/tabaccomd.com\\\/ro\\\/#postaladdress\",\"@type\":\"PostalAddress\",\"streetAddress\":\"Strada Albi\\u015foara 4, Chi\\u0219in\\u0103u, Bulevardul \\u0218tefan cel Mare \\u0219i Sf\\u00eent 136, Chi\\u0219in\\u0103u\",\"addressLocality\":\"Chi\\u0219in\\u0103u\",\"addressCountry\":\"MD\"}},{\"@type\":\"Product\",\"@id\":\"https:\\\/\\\/tabaccomd.com\\\/ro\\\/product\\\/set-pentru-incepatori-3\\\/#wooCommerceProduct\",\"name\":\"Set pentru \\u00eencep\\u0103tori #3\",\"description\":\"Acest set este disponibil doar online!\\n \\tProduc\\u0103tori: Danemarca, Germania\\n \\tTutun mediu \\u0219i curat Mac Baren\\n \\tGrosime minim\\u0103 a h\\u00e2rtiei (fuma\\u021bi mai mult tutun)\\n \\tFiltre Gizeh Slim 120buc. \\u00een ambalaj \\n \\tMa\\u0219inu\\u021b\\u0103 compact\\u0103 pentru rulat\",\"url\":\"https:\\\/\\\/tabaccomd.com\\\/ro\\\/product\\\/set-pentru-incepatori-3\\\/\",\"sku\":\"\\u041d\\u0430\\u0431\\u043e\\u0440 \\u0434\\u043b\\u044f \\u043d\\u0430\\u0447\\u0438\\u043d\\u0430\\u044e\\u0449\\u0438\\u0445 #3\",\"image\":{\"@type\":\"ImageObject\",\"url\":\"https:\\\/\\\/tabaccomd.com\\\/wp-content\\\/uploads\\\/2021\\\/05\\\/set-pentru-incepatori-03.JPG\",\"@id\":\"https:\\\/\\\/tabaccomd.com\\\/ro\\\/product\\\/set-pentru-incepatori-3\\\/#productImage\",\"width\":1200,\"height\":1200},\"offers\":{\"@type\":\"Offer\",\"url\":\"https:\\\/\\\/tabaccomd.com\\\/ro\\\/product\\\/set-pentru-incepatori-3\\\/#wooCommerceOffer\",\"price\":289,\"priceCurrency\":\"MDL\",\"category\":\"Seturi pentru \\u00eencep\\u0103tori\",\"availability\":\"https:\\\/\\\/schema.org\\\/InStock\",\"priceSpecification\":{\"@type\":\"PriceSpecification\",\"price\":289,\"priceCurrency\":\"MDL\",\"valueAddedTaxIncluded\":\"true\"},\"seller\":{\"@type\":\"Organization\",\"@id\":\"https:\\\/\\\/tabaccomd.com\\\/ro\\\/#organization\"}}},{\"@type\":\"WebPage\",\"@id\":\"https:\\\/\\\/tabaccomd.com\\\/ro\\\/product\\\/set-pentru-incepatori-3\\\/#webpage\",\"url\":\"https:\\\/\\\/tabaccomd.com\\\/ro\\\/product\\\/set-pentru-incepatori-3\\\/\",\"name\":\"Set pentru \\u00eencep\\u0103tori #3 \\u2013 Tabacco House\",\"description\":\"Set pentru \\u00eencep\\u0103tori #3 - \\u00een magazinul online tabaccomd.com cu livrare, gam\\u0103 larg\\u0103, pre\\u021buri accesibile. Chi\\u0219in\\u0103u, Moldova Tel. 061000935\",\"inLanguage\":\"ro-RO\",\"isPartOf\":{\"@id\":\"https:\\\/\\\/tabaccomd.com\\\/ro\\\/#website\"},\"breadcrumb\":{\"@id\":\"https:\\\/\\\/tabaccomd.com\\\/ro\\\/product\\\/set-pentru-incepatori-3\\\/#breadcrumblist\"},\"image\":{\"@type\":\"ImageObject\",\"url\":\"https:\\\/\\\/tabaccomd.com\\\/wp-content\\\/uploads\\\/2021\\\/05\\\/set-pentru-incepatori-03.JPG\",\"@id\":\"https:\\\/\\\/tabaccomd.com\\\/ro\\\/product\\\/set-pentru-incepatori-3\\\/#mainImage\",\"width\":1200,\"height\":1200},\"primaryImageOfPage\":{\"@id\":\"https:\\\/\\\/tabaccomd.com\\\/ro\\\/product\\\/set-pentru-incepatori-3\\\/#mainImage\"},\"datePublished\":\"2021-05-06T16:03:49+03:00\",\"dateModified\":\"2025-08-08T12:38:19+03:00\"},{\"@type\":\"WebSite\",\"@id\":\"https:\\\/\\\/tabaccomd.com\\\/ro\\\/#website\",\"url\":\"https:\\\/\\\/tabaccomd.com\\\/ro\\\/\",\"name\":\"Tabacco House\",\"alternateName\":\"tobaccomd.com\",\"description\":\"\\u041c\\u0430\\u0433\\u0430\\u0437\\u0438\\u043d \\u0442\\u0430\\u0431\\u0430\\u0447\\u043d\\u044b\\u0445 \\u0438\\u0437\\u0434\\u0435\\u043b\\u0438\\u0439\",\"inLanguage\":\"ro-RO\",\"publisher\":{\"@id\":\"https:\\\/\\\/tabaccomd.com\\\/ro\\\/#organization\"}}]}\n\t\t<\/script>\n\t\t<!-- All in One SEO Pro -->\r\n\t\t<title>Set pentru \u00eencep\u0103tori #3 \u2013 Tabacco House<\/title>\n\n","aioseo_head_json":{"title":"Set pentru \u00eencep\u0103tori #3 \u2013 Tabacco House","description":"Set pentru \u00eencep\u0103tori #3 - \u00een magazinul online tabaccomd.com cu livrare, gam\u0103 larg\u0103, pre\u021buri accesibile. Chi\u0219in\u0103u, Moldova Tel. 061000935","canonical_url":"https:\/\/tabaccomd.com\/ro\/product\/set-pentru-incepatori-3\/","robots":"max-image-preview:large","keywords":"","webmasterTools":{"miscellaneous":""},"schema":{"@context":"https:\/\/schema.org","@graph":[{"@type":"BreadcrumbList","@id":"https:\/\/tabaccomd.com\/ro\/product\/set-pentru-incepatori-3\/#breadcrumblist","itemListElement":[{"@type":"ListItem","@id":"https:\/\/tabaccomd.com\/ro\/#listItem","position":1,"name":"\u0413\u043b\u0430\u0432\u043d\u0430\u044f","item":"https:\/\/tabaccomd.com\/ro\/","nextItem":{"@type":"ListItem","@id":"https:\/\/tabaccomd.com\/ro\/catalog\/#listItem","name":"Catalog"}},{"@type":"ListItem","@id":"https:\/\/tabaccomd.com\/ro\/catalog\/#listItem","position":2,"name":"Catalog","item":"https:\/\/tabaccomd.com\/ro\/catalog\/","nextItem":{"@type":"ListItem","@id":"https:\/\/tabaccomd.com\/ro\/product-category\/tutun-pentru-tigari\/#listItem","name":"Tutun pentru \u021big\u0103ri"},"previousItem":{"@type":"ListItem","@id":"https:\/\/tabaccomd.com\/ro\/#listItem","name":"\u0413\u043b\u0430\u0432\u043d\u0430\u044f"}},{"@type":"ListItem","@id":"https:\/\/tabaccomd.com\/ro\/product-category\/tutun-pentru-tigari\/#listItem","position":3,"name":"Tutun pentru \u021big\u0103ri","item":"https:\/\/tabaccomd.com\/ro\/product-category\/tutun-pentru-tigari\/","nextItem":{"@type":"ListItem","@id":"https:\/\/tabaccomd.com\/ro\/product-category\/tutun-pentru-tigari\/seturi-pentru-incepatori\/#listItem","name":"Seturi pentru \u00eencep\u0103tori"},"previousItem":{"@type":"ListItem","@id":"https:\/\/tabaccomd.com\/ro\/catalog\/#listItem","name":"Catalog"}},{"@type":"ListItem","@id":"https:\/\/tabaccomd.com\/ro\/product-category\/tutun-pentru-tigari\/seturi-pentru-incepatori\/#listItem","position":4,"name":"Seturi pentru \u00eencep\u0103tori","item":"https:\/\/tabaccomd.com\/ro\/product-category\/tutun-pentru-tigari\/seturi-pentru-incepatori\/","nextItem":{"@type":"ListItem","@id":"https:\/\/tabaccomd.com\/ro\/product\/set-pentru-incepatori-3\/#listItem","name":"Set pentru \u00eencep\u0103tori #3"},"previousItem":{"@type":"ListItem","@id":"https:\/\/tabaccomd.com\/ro\/product-category\/tutun-pentru-tigari\/#listItem","name":"Tutun pentru \u021big\u0103ri"}},{"@type":"ListItem","@id":"https:\/\/tabaccomd.com\/ro\/product\/set-pentru-incepatori-3\/#listItem","position":5,"name":"Set pentru \u00eencep\u0103tori #3","previousItem":{"@type":"ListItem","@id":"https:\/\/tabaccomd.com\/ro\/product-category\/tutun-pentru-tigari\/seturi-pentru-incepatori\/#listItem","name":"Seturi pentru \u00eencep\u0103tori"}}]},{"@type":"Organization","@id":"https:\/\/tabaccomd.com\/ro\/#organization","name":"Tabacco House","description":"\u041c\u0430\u0433\u0430\u0437\u0438\u043d \u0442\u0430\u0431\u0430\u0447\u043d\u044b\u0445 \u0438\u0437\u0434\u0435\u043b\u0438\u0439","url":"https:\/\/tabaccomd.com\/ro\/","email":"Office@cazacuhouse.com","telephone":"+37361000935","logo":{"@type":"ImageObject","url":"https:\/\/tabaccomd.com\/wp-content\/uploads\/2024\/02\/logo_header3.png","@id":"https:\/\/tabaccomd.com\/ro\/product\/set-pentru-incepatori-3\/#organizationLogo","width":32,"height":32,"caption":"Tabacco House"},"image":{"@id":"https:\/\/tabaccomd.com\/ro\/product\/set-pentru-incepatori-3\/#organizationLogo"},"sameAs":["https:\/\/www.facebook.com\/tabaccomd.com\/","https:\/\/www.instagram.com\/tabaccomd.com\/"],"address":{"@id":"https:\/\/tabaccomd.com\/ro\/#postaladdress","@type":"PostalAddress","streetAddress":"Strada Albi\u015foara 4, Chi\u0219in\u0103u, Bulevardul \u0218tefan cel Mare \u0219i Sf\u00eent 136, Chi\u0219in\u0103u","addressLocality":"Chi\u0219in\u0103u","addressCountry":"MD"}},{"@type":"Product","@id":"https:\/\/tabaccomd.com\/ro\/product\/set-pentru-incepatori-3\/#wooCommerceProduct","name":"Set pentru \u00eencep\u0103tori #3","description":"Acest set este disponibil doar online!\n \tProduc\u0103tori: Danemarca, Germania\n \tTutun mediu \u0219i curat Mac Baren\n \tGrosime minim\u0103 a h\u00e2rtiei (fuma\u021bi mai mult tutun)\n \tFiltre Gizeh Slim 120buc. \u00een ambalaj \n \tMa\u0219inu\u021b\u0103 compact\u0103 pentru rulat","url":"https:\/\/tabaccomd.com\/ro\/product\/set-pentru-incepatori-3\/","sku":"\u041d\u0430\u0431\u043e\u0440 \u0434\u043b\u044f \u043d\u0430\u0447\u0438\u043d\u0430\u044e\u0449\u0438\u0445 #3","image":{"@type":"ImageObject","url":"https:\/\/tabaccomd.com\/wp-content\/uploads\/2021\/05\/set-pentru-incepatori-03.JPG","@id":"https:\/\/tabaccomd.com\/ro\/product\/set-pentru-incepatori-3\/#productImage","width":1200,"height":1200},"offers":{"@type":"Offer","url":"https:\/\/tabaccomd.com\/ro\/product\/set-pentru-incepatori-3\/#wooCommerceOffer","price":289,"priceCurrency":"MDL","category":"Seturi pentru \u00eencep\u0103tori","availability":"https:\/\/schema.org\/InStock","priceSpecification":{"@type":"PriceSpecification","price":289,"priceCurrency":"MDL","valueAddedTaxIncluded":"true"},"seller":{"@type":"Organization","@id":"https:\/\/tabaccomd.com\/ro\/#organization"}}},{"@type":"WebPage","@id":"https:\/\/tabaccomd.com\/ro\/product\/set-pentru-incepatori-3\/#webpage","url":"https:\/\/tabaccomd.com\/ro\/product\/set-pentru-incepatori-3\/","name":"Set pentru \u00eencep\u0103tori #3 \u2013 Tabacco House","description":"Set pentru \u00eencep\u0103tori #3 - \u00een magazinul online tabaccomd.com cu livrare, gam\u0103 larg\u0103, pre\u021buri accesibile. Chi\u0219in\u0103u, Moldova Tel. 061000935","inLanguage":"ro-RO","isPartOf":{"@id":"https:\/\/tabaccomd.com\/ro\/#website"},"breadcrumb":{"@id":"https:\/\/tabaccomd.com\/ro\/product\/set-pentru-incepatori-3\/#breadcrumblist"},"image":{"@type":"ImageObject","url":"https:\/\/tabaccomd.com\/wp-content\/uploads\/2021\/05\/set-pentru-incepatori-03.JPG","@id":"https:\/\/tabaccomd.com\/ro\/product\/set-pentru-incepatori-3\/#mainImage","width":1200,"height":1200},"primaryImageOfPage":{"@id":"https:\/\/tabaccomd.com\/ro\/product\/set-pentru-incepatori-3\/#mainImage"},"datePublished":"2021-05-06T16:03:49+03:00","dateModified":"2025-08-08T12:38:19+03:00"},{"@type":"WebSite","@id":"https:\/\/tabaccomd.com\/ro\/#website","url":"https:\/\/tabaccomd.com\/ro\/","name":"Tabacco House","alternateName":"tobaccomd.com","description":"\u041c\u0430\u0433\u0430\u0437\u0438\u043d \u0442\u0430\u0431\u0430\u0447\u043d\u044b\u0445 \u0438\u0437\u0434\u0435\u043b\u0438\u0439","inLanguage":"ro-RO","publisher":{"@id":"https:\/\/tabaccomd.com\/ro\/#organization"}}]},"og:locale":"ro_RO","og:site_name":"Tabacco House \u2013 \u041c\u0430\u0433\u0430\u0437\u0438\u043d \u0442\u0430\u0431\u0430\u0447\u043d\u044b\u0445 \u0438\u0437\u0434\u0435\u043b\u0438\u0439","og:type":"article","og:title":"Set pentru \u00eencep\u0103tori #3 \u2013 Tabacco House","og:description":"Set pentru \u00eencep\u0103tori #3 - \u00een magazinul online tabaccomd.com cu livrare, gam\u0103 larg\u0103, pre\u021buri accesibile. Chi\u0219in\u0103u, Moldova Tel. 061000935","og:url":"https:\/\/tabaccomd.com\/ro\/product\/set-pentru-incepatori-3\/","article:published_time":"2021-05-06T13:03:49+00:00","article:modified_time":"2025-08-08T09:38:19+00:00","article:publisher":"https:\/\/www.facebook.com\/tabaccomd.com\/","twitter:card":"summary_large_image","twitter:title":"Set pentru \u00eencep\u0103tori #3 \u2013 Tabacco House","twitter:description":"Set pentru \u00eencep\u0103tori #3 - \u00een magazinul online tabaccomd.com cu livrare, gam\u0103 larg\u0103, pre\u021buri accesibile. Chi\u0219in\u0103u, Moldova Tel. 061000935"},"aioseo_meta_data":{"post_id":"19277","title":null,"description":"Set pentru \u00eencep\u0103tori #3 - \u00een magazinul online tabaccomd.com cu livrare, gam\u0103 larg\u0103, pre\u021buri accesibile. Chi\u0219in\u0103u, Moldova Tel. 061000935 ","keywords":null,"keyphrases":{"focus":{"keyphrase":"\u041d\u0430\u0431\u043e\u0440 \u0434\u043b\u044f \u043d\u0430\u0447\u0438\u043d\u0430\u044e\u0449\u0438\u0445 #3","score":62,"analysis":{"keyphraseInTitle":{"score":9,"maxScore":9,"error":0},"keyphraseInDescription":{"score":9,"maxScore":9,"error":0},"keyphraseLength":{"score":9,"maxScore":9,"error":0,"length":1},"keyphraseInURL":{"score":1,"maxScore":5,"error":1},"keyphraseInIntroduction":{"score":3,"maxScore":9,"error":1},"keyphraseInSubHeadings":[],"keyphraseInImageAlt":[],"keywordDensity":{"score":0,"type":"low","maxScore":9,"error":1}}},"additional":[]},"primary_term":null,"canonical_url":null,"og_title":null,"og_description":null,"og_object_type":"default","og_image_type":"default","og_image_url":null,"og_image_width":null,"og_image_height":null,"og_image_custom_url":null,"og_image_custom_fields":null,"og_video":"","og_custom_url":null,"og_article_section":null,"og_article_tags":null,"twitter_use_og":false,"twitter_card":"default","twitter_image_type":"default","twitter_image_url":null,"twitter_image_custom_url":null,"twitter_image_custom_fields":null,"twitter_title":null,"twitter_description":null,"schema":{"blockGraphs":[],"customGraphs":[],"default":{"data":{"Article":[],"Course":[],"Dataset":[],"FAQPage":[],"Movie":[],"Person":[],"Product":[],"ProductReview":[],"Car":[],"Recipe":[],"Service":[],"SoftwareApplication":[],"WebPage":[]},"graphName":"Product","isEnabled":true},"graphs":[]},"schema_type":"default","schema_type_options":null,"pillar_content":false,"robots_default":true,"robots_noindex":false,"robots_noarchive":false,"robots_nosnippet":false,"robots_nofollow":false,"robots_noimageindex":false,"robots_noodp":false,"robots_notranslate":false,"robots_max_snippet":"-1","robots_max_videopreview":"-1","robots_max_imagepreview":"large","priority":null,"frequency":"default","local_seo":null,"seo_analyzer_scan_date":"2025-10-20 00:24:01","breadcrumb_settings":null,"limit_modified_date":false,"reviewed_by":"0","open_ai":null,"ai":{"faqs":[],"keyPoints":[],"titles":[],"descriptions":[],"socialPosts":{"email":[],"linkedin":[],"twitter":[],"facebook":[],"instagram":[]}},"created":"2023-03-30 14:32:55","updated":"2025-10-20 00:24:01"},"aioseo_breadcrumb":"<div class=\"aioseo-breadcrumbs\"><span class=\"aioseo-breadcrumb\">\n\t<a href=\"https:\/\/tabaccomd.com\/ro\/\" title=\"\u0413\u043b\u0430\u0432\u043d\u0430\u044f\">\u0413\u043b\u0430\u0432\u043d\u0430\u044f<\/a>\n<\/span><span class=\"aioseo-breadcrumb-separator\">\u00bb<\/span><span class=\"aioseo-breadcrumb\">\n\t<a href=\"https:\/\/tabaccomd.com\/ro\/catalog\/\" title=\"Catalog\">Catalog<\/a>\n<\/span><span class=\"aioseo-breadcrumb-separator\">\u00bb<\/span><span class=\"aioseo-breadcrumb\">\n\t<a href=\"https:\/\/tabaccomd.com\/ro\/product-category\/tutun-pentru-tigari\/\" title=\"Tutun pentru \u021big\u0103ri\">Tutun pentru \u021big\u0103ri<\/a>\n<\/span><span class=\"aioseo-breadcrumb-separator\">\u00bb<\/span><span class=\"aioseo-breadcrumb\">\n\t<a href=\"https:\/\/tabaccomd.com\/ro\/product-category\/tutun-pentru-tigari\/seturi-pentru-incepatori\/\" title=\"Seturi pentru \u00eencep\u0103tori\">Seturi pentru \u00eencep\u0103tori<\/a>\n<\/span><span class=\"aioseo-breadcrumb-separator\">\u00bb<\/span><span class=\"aioseo-breadcrumb\">\n\tSet pentru \u00eencep\u0103tori #3\n<\/span><\/div>","aioseo_breadcrumb_json":[{"label":"\u0413\u043b\u0430\u0432\u043d\u0430\u044f","link":"https:\/\/tabaccomd.com\/ro\/"},{"label":"Catalog","link":"https:\/\/tabaccomd.com\/ro\/catalog\/"},{"label":"Tutun pentru \u021big\u0103ri","link":"https:\/\/tabaccomd.com\/ro\/product-category\/tutun-pentru-tigari\/"},{"label":"Seturi pentru \u00eencep\u0103tori","link":"https:\/\/tabaccomd.com\/ro\/product-category\/tutun-pentru-tigari\/seturi-pentru-incepatori\/"},{"label":"Set pentru \u00eencep\u0103tori #3","link":"https:\/\/tabaccomd.com\/ro\/product\/set-pentru-incepatori-3\/"}],"images_for_1c":[{"url":"https:\/\/tabaccomd.com\/wp-content\/uploads\/2021\/05\/set-pentru-incepatori-03.JPG","type":"featured","alt":"set-pentru-incepatori-03","filename":"set-pentru-incepatori-03.JPG"}],"additional_data_1c":{"modified_date":"2025-08-08 12:38:19","permalink":"https:\/\/tabaccomd.com\/ro\/product\/set-pentru-incepatori-3\/","stock_status":"instock","manage_stock":"no"},"_links":{"self":[{"href":"https:\/\/tabaccomd.com\/ro\/wp-json\/wp\/v2\/product\/19277","targetHints":{"allow":["GET"]}}],"collection":[{"href":"https:\/\/tabaccomd.com\/ro\/wp-json\/wp\/v2\/product"}],"about":[{"href":"https:\/\/tabaccomd.com\/ro\/wp-json\/wp\/v2\/types\/product"}],"wp:featuredmedia":[{"embeddable":true,"href":"https:\/\/tabaccomd.com\/ro\/wp-json\/wp\/v2\/media\/153525"}],"wp:attachment":[{"href":"https:\/\/tabaccomd.com\/ro\/wp-json\/wp\/v2\/media?parent=19277"}],"wp:term":[{"taxonomy":"product_brand","embeddable":true,"href":"https:\/\/tabaccomd.com\/ro\/wp-json\/wp\/v2\/product_brand?post=19277"},{"taxonomy":"product_cat","embeddable":true,"href":"https:\/\/tabaccomd.com\/ro\/wp-json\/wp\/v2\/product_cat?post=19277"},{"taxonomy":"product_tag","embeddable":true,"href":"https:\/\/tabaccomd.com\/ro\/wp-json\/wp\/v2\/product_tag?post=19277"}],"curies":[{"name":"wp","href":"https:\/\/api.w.org\/{rel}","templated":true}]}}