{"id":19207,"date":"2021-04-08T13:02:43","date_gmt":"2021-04-08T10:02:43","guid":{"rendered":"https:\/\/new124.tabaccomd.com\/product\/bol-solaris-saturn-limited-edition\/"},"modified":"2021-04-08T13:02:43","modified_gmt":"2021-04-08T10:02:43","slug":"bol-solaris-saturn-limited-edition","status":"publish","type":"product","link":"https:\/\/tabaccomd.com\/ro\/product\/bol-solaris-saturn-limited-edition\/","title":{"rendered":"Bol Solaris Saturn (limited edition)"},"content":{"rendered":"<p>Solaris Saturn este o cea\u0219c\u0103 cu argint ro\u0219u, l\u0103ptos, cu \u0219apte g\u0103uri, cu fund plat.<\/p>\n<p>Arderea laptelui protejeaz\u0103 vasul de absorb\u021bia siropului pentru o durabilitate mai bun\u0103<br \/>\nSpre deosebire de bolurile glazurate, redistribuie c\u0103ldura mai uniform \u00een tot castronul.<br \/>\nUtilizarea mai bun\u0103 a tutunului \u00een castron datorit\u0103 fundului plat<br \/>\nDimensiune standard pentru fumat timp de o or\u0103 sau mai mult<\/p>\n<p>Pute\u021bi cump\u0103ra un bol Solaris Saturn \u00een Moldova, Chi\u0219in\u0103u \u00een lan\u021bul de magazine Lux Presents.<\/p>\n","protected":false},"excerpt":{"rendered":"<ul>\n<li>Produc\u0103tor: Ucraina<\/li>\n<li>Capacitate: 15 grame<\/li>\n<li>F\u0103cut manual<\/li>\n<li>Dimensiune: 18mm x 70mm x 65mm<\/li>\n<\/ul>\n","protected":false},"featured_media":16314,"template":"","meta":{"om_disable_all_campaigns":false,"_monsterinsights_skip_tracking":false,"_monsterinsights_sitenote_active":false,"_monsterinsights_sitenote_note":"","_monsterinsights_sitenote_category":0},"product_brand":[],"product_cat":[45],"product_tag":[],"class_list":{"0":"post-19207","1":"product","2":"type-product","3":"status-publish","4":"has-post-thumbnail","6":"product_cat-filtryi-dlya-samokrutok","8":"first","9":"outofstock","10":"taxable","11":"shipping-taxable","12":"purchasable","13":"product-type-simple"},"aioseo_notices":[],"aioseo_head":"\n\t\t<!-- All in One SEO Pro 4.9.5.2 - aioseo.com -->\n\t<meta name=\"robots\" content=\"max-image-preview:large\" \/>\n\t<link rel=\"canonical\" href=\"https:\/\/tabaccomd.com\/ro\/product\/bol-solaris-saturn-limited-edition\/\" \/>\n\t<meta name=\"generator\" content=\"All in One SEO Pro (AIOSEO) 4.9.5.2\" \/>\n\t\t<meta property=\"og:locale\" content=\"ro_RO\" \/>\n\t\t<meta property=\"og:site_name\" content=\"Tabacco House \u2013 \u041c\u0430\u0433\u0430\u0437\u0438\u043d \u0442\u0430\u0431\u0430\u0447\u043d\u044b\u0445 \u0438\u0437\u0434\u0435\u043b\u0438\u0439\" \/>\n\t\t<meta property=\"og:type\" content=\"article\" \/>\n\t\t<meta property=\"og:title\" content=\"Bol Solaris Saturn (limited edition) \u2013 Tabacco House\" \/>\n\t\t<meta property=\"og:url\" content=\"https:\/\/tabaccomd.com\/ro\/product\/bol-solaris-saturn-limited-edition\/\" \/>\n\t\t<meta property=\"article:published_time\" content=\"2021-04-08T10:02:43+00:00\" \/>\n\t\t<meta property=\"article:modified_time\" content=\"2021-04-08T10:02:43+00:00\" \/>\n\t\t<meta property=\"article:publisher\" content=\"https:\/\/www.facebook.com\/tabaccomd.com\/\" \/>\n\t\t<meta name=\"twitter:card\" content=\"summary_large_image\" \/>\n\t\t<meta name=\"twitter:title\" content=\"Bol Solaris Saturn (limited edition) \u2013 Tabacco House\" \/>\n\t\t<script type=\"application\/ld+json\" class=\"aioseo-schema\">\n\t\t\t{\"@context\":\"https:\\\/\\\/schema.org\",\"@graph\":[{\"@type\":\"BreadcrumbList\",\"@id\":\"https:\\\/\\\/tabaccomd.com\\\/ro\\\/product\\\/bol-solaris-saturn-limited-edition\\\/#breadcrumblist\",\"itemListElement\":[{\"@type\":\"ListItem\",\"@id\":\"https:\\\/\\\/tabaccomd.com\\\/ro\\\/#listItem\",\"position\":1,\"name\":\"\\u0413\\u043b\\u0430\\u0432\\u043d\\u0430\\u044f\",\"item\":\"https:\\\/\\\/tabaccomd.com\\\/ro\\\/\",\"nextItem\":{\"@type\":\"ListItem\",\"@id\":\"https:\\\/\\\/tabaccomd.com\\\/ro\\\/catalog\\\/#listItem\",\"name\":\"Catalog\"}},{\"@type\":\"ListItem\",\"@id\":\"https:\\\/\\\/tabaccomd.com\\\/ro\\\/catalog\\\/#listItem\",\"position\":2,\"name\":\"Catalog\",\"item\":\"https:\\\/\\\/tabaccomd.com\\\/ro\\\/catalog\\\/\",\"nextItem\":{\"@type\":\"ListItem\",\"@id\":\"https:\\\/\\\/tabaccomd.com\\\/product-category\\\/vse-dlya-samokrutok\\\/#listItem\",\"name\":\"\\u0412\\u0441\\u0435 \\u0434\\u043b\\u044f \\u0441\\u0430\\u043c\\u043e\\u043a\\u0440\\u0443\\u0442\\u043e\\u043a\"},\"previousItem\":{\"@type\":\"ListItem\",\"@id\":\"https:\\\/\\\/tabaccomd.com\\\/ro\\\/#listItem\",\"name\":\"\\u0413\\u043b\\u0430\\u0432\\u043d\\u0430\\u044f\"}},{\"@type\":\"ListItem\",\"@id\":\"https:\\\/\\\/tabaccomd.com\\\/product-category\\\/vse-dlya-samokrutok\\\/#listItem\",\"position\":3,\"name\":\"\\u0412\\u0441\\u0435 \\u0434\\u043b\\u044f \\u0441\\u0430\\u043c\\u043e\\u043a\\u0440\\u0443\\u0442\\u043e\\u043a\",\"item\":\"https:\\\/\\\/tabaccomd.com\\\/product-category\\\/vse-dlya-samokrutok\\\/\",\"nextItem\":{\"@type\":\"ListItem\",\"@id\":\"https:\\\/\\\/tabaccomd.com\\\/product-category\\\/vse-dlya-samokrutok\\\/filtryi-dlya-samokrutok\\\/#listItem\",\"name\":\"\\u0424\\u0438\\u043b\\u044c\\u0442\\u0440\\u044b \\u0434\\u043b\\u044f \\u0441\\u0430\\u043c\\u043e\\u043a\\u0440\\u0443\\u0442\\u043e\\u043a\"},\"previousItem\":{\"@type\":\"ListItem\",\"@id\":\"https:\\\/\\\/tabaccomd.com\\\/ro\\\/catalog\\\/#listItem\",\"name\":\"Catalog\"}},{\"@type\":\"ListItem\",\"@id\":\"https:\\\/\\\/tabaccomd.com\\\/product-category\\\/vse-dlya-samokrutok\\\/filtryi-dlya-samokrutok\\\/#listItem\",\"position\":4,\"name\":\"\\u0424\\u0438\\u043b\\u044c\\u0442\\u0440\\u044b \\u0434\\u043b\\u044f \\u0441\\u0430\\u043c\\u043e\\u043a\\u0440\\u0443\\u0442\\u043e\\u043a\",\"item\":\"https:\\\/\\\/tabaccomd.com\\\/product-category\\\/vse-dlya-samokrutok\\\/filtryi-dlya-samokrutok\\\/\",\"nextItem\":{\"@type\":\"ListItem\",\"@id\":\"https:\\\/\\\/tabaccomd.com\\\/ro\\\/product\\\/bol-solaris-saturn-limited-edition\\\/#listItem\",\"name\":\"Bol Solaris Saturn (limited edition)\"},\"previousItem\":{\"@type\":\"ListItem\",\"@id\":\"https:\\\/\\\/tabaccomd.com\\\/product-category\\\/vse-dlya-samokrutok\\\/#listItem\",\"name\":\"\\u0412\\u0441\\u0435 \\u0434\\u043b\\u044f \\u0441\\u0430\\u043c\\u043e\\u043a\\u0440\\u0443\\u0442\\u043e\\u043a\"}},{\"@type\":\"ListItem\",\"@id\":\"https:\\\/\\\/tabaccomd.com\\\/ro\\\/product\\\/bol-solaris-saturn-limited-edition\\\/#listItem\",\"position\":5,\"name\":\"Bol Solaris Saturn (limited edition)\",\"previousItem\":{\"@type\":\"ListItem\",\"@id\":\"https:\\\/\\\/tabaccomd.com\\\/product-category\\\/vse-dlya-samokrutok\\\/filtryi-dlya-samokrutok\\\/#listItem\",\"name\":\"\\u0424\\u0438\\u043b\\u044c\\u0442\\u0440\\u044b \\u0434\\u043b\\u044f \\u0441\\u0430\\u043c\\u043e\\u043a\\u0440\\u0443\\u0442\\u043e\\u043a\"}}]},{\"@type\":\"Organization\",\"@id\":\"https:\\\/\\\/tabaccomd.com\\\/ro\\\/#organization\",\"name\":\"Tabacco House\",\"description\":\"\\u041c\\u0430\\u0433\\u0430\\u0437\\u0438\\u043d \\u0442\\u0430\\u0431\\u0430\\u0447\\u043d\\u044b\\u0445 \\u0438\\u0437\\u0434\\u0435\\u043b\\u0438\\u0439\",\"url\":\"https:\\\/\\\/tabaccomd.com\\\/ro\\\/\",\"email\":\"Office@cazacuhouse.com\",\"telephone\":\"+37361000935\",\"logo\":{\"@type\":\"ImageObject\",\"url\":\"https:\\\/\\\/tabaccomd.com\\\/wp-content\\\/uploads\\\/2024\\\/02\\\/logo_header3.png\",\"@id\":\"https:\\\/\\\/tabaccomd.com\\\/ro\\\/product\\\/bol-solaris-saturn-limited-edition\\\/#organizationLogo\",\"width\":32,\"height\":32,\"caption\":\"Tabacco House\"},\"image\":{\"@id\":\"https:\\\/\\\/tabaccomd.com\\\/ro\\\/product\\\/bol-solaris-saturn-limited-edition\\\/#organizationLogo\"},\"sameAs\":[\"https:\\\/\\\/www.facebook.com\\\/tabaccomd.com\\\/\",\"https:\\\/\\\/www.instagram.com\\\/tabaccomd.com\\\/\"],\"address\":{\"@id\":\"https:\\\/\\\/tabaccomd.com\\\/ro\\\/#postaladdress\",\"@type\":\"PostalAddress\",\"streetAddress\":\"Strada Albi\\u015foara 4, Chi\\u0219in\\u0103u, Bulevardul \\u0218tefan cel Mare \\u0219i Sf\\u00eent 136, Chi\\u0219in\\u0103u\",\"addressLocality\":\"Chi\\u0219in\\u0103u\",\"addressCountry\":\"MD\"}},{\"@type\":\"Product\",\"@id\":\"https:\\\/\\\/tabaccomd.com\\\/ro\\\/product\\\/bol-solaris-saturn-limited-edition\\\/#wooCommerceProduct\",\"name\":\"Bol Solaris Saturn (limited edition)\",\"description\":\"Produc\\u0103tor: Ucraina\\r\\n \\tCapacitate: 15 grame\\r\\n \\tF\\u0103cut manual\\r\\n \\tDimensiune: 18mm x 70mm x 65mm\",\"url\":\"https:\\\/\\\/tabaccomd.com\\\/ro\\\/product\\\/bol-solaris-saturn-limited-edition\\\/\",\"sku\":\"Solaris Saturn\",\"image\":{\"@type\":\"ImageObject\",\"url\":\"https:\\\/\\\/tabaccomd.com\\\/wp-content\\\/uploads\\\/2021\\\/04\\\/untitled-40.jpg\",\"@id\":\"https:\\\/\\\/tabaccomd.com\\\/ro\\\/product\\\/bol-solaris-saturn-limited-edition\\\/#productImage\",\"width\":600,\"height\":600},\"offers\":{\"@type\":\"Offer\",\"url\":\"https:\\\/\\\/tabaccomd.com\\\/ro\\\/product\\\/bol-solaris-saturn-limited-edition\\\/#wooCommerceOffer\",\"price\":350,\"priceCurrency\":\"MDL\",\"category\":\"\\u0424\\u0438\\u043b\\u044c\\u0442\\u0440\\u044b \\u0434\\u043b\\u044f \\u0441\\u0430\\u043c\\u043e\\u043a\\u0440\\u0443\\u0442\\u043e\\u043a\",\"availability\":\"https:\\\/\\\/schema.org\\\/OutOfStock\",\"priceSpecification\":{\"@type\":\"PriceSpecification\",\"price\":350,\"priceCurrency\":\"MDL\",\"valueAddedTaxIncluded\":\"true\"},\"seller\":{\"@type\":\"Organization\",\"@id\":\"https:\\\/\\\/tabaccomd.com\\\/ro\\\/#organization\"}}},{\"@type\":\"WebPage\",\"@id\":\"https:\\\/\\\/tabaccomd.com\\\/ro\\\/product\\\/bol-solaris-saturn-limited-edition\\\/#webpage\",\"url\":\"https:\\\/\\\/tabaccomd.com\\\/ro\\\/product\\\/bol-solaris-saturn-limited-edition\\\/\",\"name\":\"Bol Solaris Saturn (limited edition) \\u2013 Tabacco House\",\"inLanguage\":\"ro-RO\",\"isPartOf\":{\"@id\":\"https:\\\/\\\/tabaccomd.com\\\/ro\\\/#website\"},\"breadcrumb\":{\"@id\":\"https:\\\/\\\/tabaccomd.com\\\/ro\\\/product\\\/bol-solaris-saturn-limited-edition\\\/#breadcrumblist\"},\"image\":{\"@type\":\"ImageObject\",\"url\":\"https:\\\/\\\/tabaccomd.com\\\/wp-content\\\/uploads\\\/2021\\\/04\\\/untitled-40.jpg\",\"@id\":\"https:\\\/\\\/tabaccomd.com\\\/ro\\\/product\\\/bol-solaris-saturn-limited-edition\\\/#mainImage\",\"width\":600,\"height\":600},\"primaryImageOfPage\":{\"@id\":\"https:\\\/\\\/tabaccomd.com\\\/ro\\\/product\\\/bol-solaris-saturn-limited-edition\\\/#mainImage\"},\"datePublished\":\"2021-04-08T13:02:43+03:00\",\"dateModified\":\"2021-04-08T13:02:43+03:00\"},{\"@type\":\"WebSite\",\"@id\":\"https:\\\/\\\/tabaccomd.com\\\/ro\\\/#website\",\"url\":\"https:\\\/\\\/tabaccomd.com\\\/ro\\\/\",\"name\":\"Tabacco House\",\"alternateName\":\"tobaccomd.com\",\"description\":\"\\u041c\\u0430\\u0433\\u0430\\u0437\\u0438\\u043d \\u0442\\u0430\\u0431\\u0430\\u0447\\u043d\\u044b\\u0445 \\u0438\\u0437\\u0434\\u0435\\u043b\\u0438\\u0439\",\"inLanguage\":\"ro-RO\",\"publisher\":{\"@id\":\"https:\\\/\\\/tabaccomd.com\\\/ro\\\/#organization\"}}]}\n\t\t<\/script>\n\t\t<!-- All in One SEO Pro -->\r\n\t\t<title>Bol Solaris Saturn (limited edition) \u2013 Tabacco House<\/title>\n\n","aioseo_head_json":{"title":"Bol Solaris Saturn (limited edition) \u2013 Tabacco House","description":"","canonical_url":"https:\/\/tabaccomd.com\/ro\/product\/bol-solaris-saturn-limited-edition\/","robots":"max-image-preview:large","keywords":"","webmasterTools":{"miscellaneous":""},"schema":{"@context":"https:\/\/schema.org","@graph":[{"@type":"BreadcrumbList","@id":"https:\/\/tabaccomd.com\/ro\/product\/bol-solaris-saturn-limited-edition\/#breadcrumblist","itemListElement":[{"@type":"ListItem","@id":"https:\/\/tabaccomd.com\/ro\/#listItem","position":1,"name":"\u0413\u043b\u0430\u0432\u043d\u0430\u044f","item":"https:\/\/tabaccomd.com\/ro\/","nextItem":{"@type":"ListItem","@id":"https:\/\/tabaccomd.com\/ro\/catalog\/#listItem","name":"Catalog"}},{"@type":"ListItem","@id":"https:\/\/tabaccomd.com\/ro\/catalog\/#listItem","position":2,"name":"Catalog","item":"https:\/\/tabaccomd.com\/ro\/catalog\/","nextItem":{"@type":"ListItem","@id":"https:\/\/tabaccomd.com\/product-category\/vse-dlya-samokrutok\/#listItem","name":"\u0412\u0441\u0435 \u0434\u043b\u044f \u0441\u0430\u043c\u043e\u043a\u0440\u0443\u0442\u043e\u043a"},"previousItem":{"@type":"ListItem","@id":"https:\/\/tabaccomd.com\/ro\/#listItem","name":"\u0413\u043b\u0430\u0432\u043d\u0430\u044f"}},{"@type":"ListItem","@id":"https:\/\/tabaccomd.com\/product-category\/vse-dlya-samokrutok\/#listItem","position":3,"name":"\u0412\u0441\u0435 \u0434\u043b\u044f \u0441\u0430\u043c\u043e\u043a\u0440\u0443\u0442\u043e\u043a","item":"https:\/\/tabaccomd.com\/product-category\/vse-dlya-samokrutok\/","nextItem":{"@type":"ListItem","@id":"https:\/\/tabaccomd.com\/product-category\/vse-dlya-samokrutok\/filtryi-dlya-samokrutok\/#listItem","name":"\u0424\u0438\u043b\u044c\u0442\u0440\u044b \u0434\u043b\u044f \u0441\u0430\u043c\u043e\u043a\u0440\u0443\u0442\u043e\u043a"},"previousItem":{"@type":"ListItem","@id":"https:\/\/tabaccomd.com\/ro\/catalog\/#listItem","name":"Catalog"}},{"@type":"ListItem","@id":"https:\/\/tabaccomd.com\/product-category\/vse-dlya-samokrutok\/filtryi-dlya-samokrutok\/#listItem","position":4,"name":"\u0424\u0438\u043b\u044c\u0442\u0440\u044b \u0434\u043b\u044f \u0441\u0430\u043c\u043e\u043a\u0440\u0443\u0442\u043e\u043a","item":"https:\/\/tabaccomd.com\/product-category\/vse-dlya-samokrutok\/filtryi-dlya-samokrutok\/","nextItem":{"@type":"ListItem","@id":"https:\/\/tabaccomd.com\/ro\/product\/bol-solaris-saturn-limited-edition\/#listItem","name":"Bol Solaris Saturn (limited edition)"},"previousItem":{"@type":"ListItem","@id":"https:\/\/tabaccomd.com\/product-category\/vse-dlya-samokrutok\/#listItem","name":"\u0412\u0441\u0435 \u0434\u043b\u044f \u0441\u0430\u043c\u043e\u043a\u0440\u0443\u0442\u043e\u043a"}},{"@type":"ListItem","@id":"https:\/\/tabaccomd.com\/ro\/product\/bol-solaris-saturn-limited-edition\/#listItem","position":5,"name":"Bol Solaris Saturn (limited edition)","previousItem":{"@type":"ListItem","@id":"https:\/\/tabaccomd.com\/product-category\/vse-dlya-samokrutok\/filtryi-dlya-samokrutok\/#listItem","name":"\u0424\u0438\u043b\u044c\u0442\u0440\u044b \u0434\u043b\u044f \u0441\u0430\u043c\u043e\u043a\u0440\u0443\u0442\u043e\u043a"}}]},{"@type":"Organization","@id":"https:\/\/tabaccomd.com\/ro\/#organization","name":"Tabacco House","description":"\u041c\u0430\u0433\u0430\u0437\u0438\u043d \u0442\u0430\u0431\u0430\u0447\u043d\u044b\u0445 \u0438\u0437\u0434\u0435\u043b\u0438\u0439","url":"https:\/\/tabaccomd.com\/ro\/","email":"Office@cazacuhouse.com","telephone":"+37361000935","logo":{"@type":"ImageObject","url":"https:\/\/tabaccomd.com\/wp-content\/uploads\/2024\/02\/logo_header3.png","@id":"https:\/\/tabaccomd.com\/ro\/product\/bol-solaris-saturn-limited-edition\/#organizationLogo","width":32,"height":32,"caption":"Tabacco House"},"image":{"@id":"https:\/\/tabaccomd.com\/ro\/product\/bol-solaris-saturn-limited-edition\/#organizationLogo"},"sameAs":["https:\/\/www.facebook.com\/tabaccomd.com\/","https:\/\/www.instagram.com\/tabaccomd.com\/"],"address":{"@id":"https:\/\/tabaccomd.com\/ro\/#postaladdress","@type":"PostalAddress","streetAddress":"Strada Albi\u015foara 4, Chi\u0219in\u0103u, Bulevardul \u0218tefan cel Mare \u0219i Sf\u00eent 136, Chi\u0219in\u0103u","addressLocality":"Chi\u0219in\u0103u","addressCountry":"MD"}},{"@type":"Product","@id":"https:\/\/tabaccomd.com\/ro\/product\/bol-solaris-saturn-limited-edition\/#wooCommerceProduct","name":"Bol Solaris Saturn (limited edition)","description":"Produc\u0103tor: Ucraina\r\n \tCapacitate: 15 grame\r\n \tF\u0103cut manual\r\n \tDimensiune: 18mm x 70mm x 65mm","url":"https:\/\/tabaccomd.com\/ro\/product\/bol-solaris-saturn-limited-edition\/","sku":"Solaris Saturn","image":{"@type":"ImageObject","url":"https:\/\/tabaccomd.com\/wp-content\/uploads\/2021\/04\/untitled-40.jpg","@id":"https:\/\/tabaccomd.com\/ro\/product\/bol-solaris-saturn-limited-edition\/#productImage","width":600,"height":600},"offers":{"@type":"Offer","url":"https:\/\/tabaccomd.com\/ro\/product\/bol-solaris-saturn-limited-edition\/#wooCommerceOffer","price":350,"priceCurrency":"MDL","category":"\u0424\u0438\u043b\u044c\u0442\u0440\u044b \u0434\u043b\u044f \u0441\u0430\u043c\u043e\u043a\u0440\u0443\u0442\u043e\u043a","availability":"https:\/\/schema.org\/OutOfStock","priceSpecification":{"@type":"PriceSpecification","price":350,"priceCurrency":"MDL","valueAddedTaxIncluded":"true"},"seller":{"@type":"Organization","@id":"https:\/\/tabaccomd.com\/ro\/#organization"}}},{"@type":"WebPage","@id":"https:\/\/tabaccomd.com\/ro\/product\/bol-solaris-saturn-limited-edition\/#webpage","url":"https:\/\/tabaccomd.com\/ro\/product\/bol-solaris-saturn-limited-edition\/","name":"Bol Solaris Saturn (limited edition) \u2013 Tabacco House","inLanguage":"ro-RO","isPartOf":{"@id":"https:\/\/tabaccomd.com\/ro\/#website"},"breadcrumb":{"@id":"https:\/\/tabaccomd.com\/ro\/product\/bol-solaris-saturn-limited-edition\/#breadcrumblist"},"image":{"@type":"ImageObject","url":"https:\/\/tabaccomd.com\/wp-content\/uploads\/2021\/04\/untitled-40.jpg","@id":"https:\/\/tabaccomd.com\/ro\/product\/bol-solaris-saturn-limited-edition\/#mainImage","width":600,"height":600},"primaryImageOfPage":{"@id":"https:\/\/tabaccomd.com\/ro\/product\/bol-solaris-saturn-limited-edition\/#mainImage"},"datePublished":"2021-04-08T13:02:43+03:00","dateModified":"2021-04-08T13:02:43+03:00"},{"@type":"WebSite","@id":"https:\/\/tabaccomd.com\/ro\/#website","url":"https:\/\/tabaccomd.com\/ro\/","name":"Tabacco House","alternateName":"tobaccomd.com","description":"\u041c\u0430\u0433\u0430\u0437\u0438\u043d \u0442\u0430\u0431\u0430\u0447\u043d\u044b\u0445 \u0438\u0437\u0434\u0435\u043b\u0438\u0439","inLanguage":"ro-RO","publisher":{"@id":"https:\/\/tabaccomd.com\/ro\/#organization"}}]},"og:locale":"ro_RO","og:site_name":"Tabacco House \u2013 \u041c\u0430\u0433\u0430\u0437\u0438\u043d \u0442\u0430\u0431\u0430\u0447\u043d\u044b\u0445 \u0438\u0437\u0434\u0435\u043b\u0438\u0439","og:type":"article","og:title":"Bol Solaris Saturn (limited edition) \u2013 Tabacco House","og:url":"https:\/\/tabaccomd.com\/ro\/product\/bol-solaris-saturn-limited-edition\/","article:published_time":"2021-04-08T10:02:43+00:00","article:modified_time":"2021-04-08T10:02:43+00:00","article:publisher":"https:\/\/www.facebook.com\/tabaccomd.com\/","twitter:card":"summary_large_image","twitter:title":"Bol Solaris Saturn (limited edition) \u2013 Tabacco House"},"aioseo_meta_data":{"post_id":"19207","title":null,"description":null,"keywords":null,"keyphrases":null,"primary_term":null,"canonical_url":null,"og_title":null,"og_description":null,"og_object_type":"default","og_image_type":"default","og_image_url":null,"og_image_width":null,"og_image_height":null,"og_image_custom_url":null,"og_image_custom_fields":null,"og_video":null,"og_custom_url":null,"og_article_section":null,"og_article_tags":null,"twitter_use_og":false,"twitter_card":"default","twitter_image_type":"default","twitter_image_url":null,"twitter_image_custom_url":null,"twitter_image_custom_fields":null,"twitter_title":null,"twitter_description":null,"schema":{"blockGraphs":[],"customGraphs":[],"default":{"data":{"Article":[],"Course":[],"Dataset":[],"FAQPage":[],"Movie":[],"Person":[],"Product":[],"ProductReview":[],"Car":[],"Recipe":[],"Service":[],"SoftwareApplication":[],"WebPage":[]},"graphName":"","isEnabled":true},"graphs":[]},"schema_type":"default","schema_type_options":null,"pillar_content":false,"robots_default":true,"robots_noindex":false,"robots_noarchive":false,"robots_nosnippet":false,"robots_nofollow":false,"robots_noimageindex":false,"robots_noodp":false,"robots_notranslate":false,"robots_max_snippet":null,"robots_max_videopreview":null,"robots_max_imagepreview":"large","priority":null,"frequency":null,"local_seo":null,"seo_analyzer_scan_date":"2025-10-19 23:46:42","breadcrumb_settings":null,"limit_modified_date":false,"reviewed_by":null,"open_ai":null,"ai":null,"created":"2023-03-30 14:33:56","updated":"2025-10-19 23:46:42"},"aioseo_breadcrumb":"<div class=\"aioseo-breadcrumbs\"><span class=\"aioseo-breadcrumb\">\n\t<a href=\"https:\/\/tabaccomd.com\/ro\/\" title=\"\u0413\u043b\u0430\u0432\u043d\u0430\u044f\">\u0413\u043b\u0430\u0432\u043d\u0430\u044f<\/a>\n<\/span><span class=\"aioseo-breadcrumb-separator\">\u00bb<\/span><span class=\"aioseo-breadcrumb\">\n\t<a href=\"https:\/\/tabaccomd.com\/ro\/catalog\/\" title=\"Catalog\">Catalog<\/a>\n<\/span><span class=\"aioseo-breadcrumb-separator\">\u00bb<\/span><span class=\"aioseo-breadcrumb\">\n\t<a href=\"https:\/\/tabaccomd.com\/product-category\/vse-dlya-samokrutok\/\" title=\"\u0412\u0441\u0435 \u0434\u043b\u044f \u0441\u0430\u043c\u043e\u043a\u0440\u0443\u0442\u043e\u043a\">\u0412\u0441\u0435 \u0434\u043b\u044f \u0441\u0430\u043c\u043e\u043a\u0440\u0443\u0442\u043e\u043a<\/a>\n<\/span><span class=\"aioseo-breadcrumb-separator\">\u00bb<\/span><span class=\"aioseo-breadcrumb\">\n\t<a href=\"https:\/\/tabaccomd.com\/product-category\/vse-dlya-samokrutok\/filtryi-dlya-samokrutok\/\" title=\"\u0424\u0438\u043b\u044c\u0442\u0440\u044b \u0434\u043b\u044f \u0441\u0430\u043c\u043e\u043a\u0440\u0443\u0442\u043e\u043a\">\u0424\u0438\u043b\u044c\u0442\u0440\u044b \u0434\u043b\u044f \u0441\u0430\u043c\u043e\u043a\u0440\u0443\u0442\u043e\u043a<\/a>\n<\/span><span class=\"aioseo-breadcrumb-separator\">\u00bb<\/span><span class=\"aioseo-breadcrumb\">\n\tBol Solaris Saturn (limited edition)\n<\/span><\/div>","aioseo_breadcrumb_json":[{"label":"\u0413\u043b\u0430\u0432\u043d\u0430\u044f","link":"https:\/\/tabaccomd.com\/ro\/"},{"label":"Catalog","link":"https:\/\/tabaccomd.com\/ro\/catalog\/"},{"label":"\u0412\u0441\u0435 \u0434\u043b\u044f \u0441\u0430\u043c\u043e\u043a\u0440\u0443\u0442\u043e\u043a","link":"https:\/\/tabaccomd.com\/product-category\/vse-dlya-samokrutok\/"},{"label":"\u0424\u0438\u043b\u044c\u0442\u0440\u044b \u0434\u043b\u044f \u0441\u0430\u043c\u043e\u043a\u0440\u0443\u0442\u043e\u043a","link":"https:\/\/tabaccomd.com\/product-category\/vse-dlya-samokrutok\/filtryi-dlya-samokrutok\/"},{"label":"Bol Solaris Saturn (limited edition)","link":"https:\/\/tabaccomd.com\/ro\/product\/bol-solaris-saturn-limited-edition\/"}],"images_for_1c":[{"url":"https:\/\/tabaccomd.com\/wp-content\/uploads\/2021\/04\/untitled-40.jpg","type":"featured","alt":"","filename":"untitled-40.jpg"}],"additional_data_1c":{"modified_date":"2021-04-08 13:02:43","permalink":"https:\/\/tabaccomd.com\/ro\/product\/bol-solaris-saturn-limited-edition\/","stock_status":"outofstock","manage_stock":"no"},"_links":{"self":[{"href":"https:\/\/tabaccomd.com\/ro\/wp-json\/wp\/v2\/product\/19207","targetHints":{"allow":["GET"]}}],"collection":[{"href":"https:\/\/tabaccomd.com\/ro\/wp-json\/wp\/v2\/product"}],"about":[{"href":"https:\/\/tabaccomd.com\/ro\/wp-json\/wp\/v2\/types\/product"}],"wp:featuredmedia":[{"embeddable":true,"href":"https:\/\/tabaccomd.com\/ro\/wp-json\/wp\/v2\/media\/16314"}],"wp:attachment":[{"href":"https:\/\/tabaccomd.com\/ro\/wp-json\/wp\/v2\/media?parent=19207"}],"wp:term":[{"taxonomy":"product_brand","embeddable":true,"href":"https:\/\/tabaccomd.com\/ro\/wp-json\/wp\/v2\/product_brand?post=19207"},{"taxonomy":"product_cat","embeddable":true,"href":"https:\/\/tabaccomd.com\/ro\/wp-json\/wp\/v2\/product_cat?post=19207"},{"taxonomy":"product_tag","embeddable":true,"href":"https:\/\/tabaccomd.com\/ro\/wp-json\/wp\/v2\/product_tag?post=19207"}],"curies":[{"name":"wp","href":"https:\/\/api.w.org\/{rel}","templated":true}]}}