{"id":19179,"date":"2021-02-18T14:43:11","date_gmt":"2021-02-18T11:43:11","guid":{"rendered":"https:\/\/new124.tabaccomd.com\/product\/trabucuri-santa-clara-1830-cabinet-caballero\/"},"modified":"2021-02-18T14:43:11","modified_gmt":"2021-02-18T11:43:11","slug":"trabucuri-santa-clara-1830-cabinet-caballero","status":"publish","type":"product","link":"https:\/\/tabaccomd.com\/ro\/product\/trabucuri-santa-clara-1830-cabinet-caballero\/","title":{"rendered":"Trabucuri Santa Clara 1830 Cabinet Caballero"},"content":{"rendered":"<div class=\"flex flex-grow flex-col gap-3\">\n<div class=\"min-h-[20px] flex flex-col items-start gap-4 whitespace-pre-wrap\">\n<div class=\"markdown prose w-full break-words dark:prose-invert light\">\n<p>Trabacuri Santa Clara 1830 Cabinet Caballero sunt trabacuri rafinate cu o for\u021b\u0103 medie, produse \u00een Mexic. Acestea au dimensiunile de 13&#215;1,5 \u0219i formatul Petit Corona, ceea ce le face ideale pentru pauze scurte \u0219i pl\u0103cute.<\/p>\n<p>Aceste trabacuri sunt create din frunze de tutun selectate de cea mai \u00eenalt\u0103 calitate, cultivate \u00een Mexic. Ele reprezint\u0103 o combina\u021bie perfect\u0103 \u00eentre m\u0103iestrie \u0219i tradi\u021bie, care dateaz\u0103 \u00eenc\u0103 din anul 1830.<\/p>\n<p>Santa Clara 1830 Cabinet Caballero are un gust bogat \u0219i intens, care v\u0103 va face s\u0103 v\u0103 bucura\u021bi de fiecare minut al fumatului. Ele sunt perfecte pentru cei care apreciaz\u0103 calitatea \u0219i caut\u0103 o experien\u021b\u0103 de neuitat \u00een lumea trabacurilor.<\/p>\n<\/div>\n<\/div>\n<\/div>\n","protected":false},"excerpt":{"rendered":"<ul>\n<li>\u021aara: Mexic<\/li>\n<li>Produc\u0103tor: Santa Clara<\/li>\n<li>Tarie: medie<\/li>\n<li>Dimensiune: 13&#215;1,5<\/li>\n<li>Format: Petit Corona<\/li>\n<\/ul>\n","protected":false},"featured_media":16222,"template":"","meta":{"om_disable_all_campaigns":false,"_monsterinsights_skip_tracking":false,"_monsterinsights_sitenote_active":false,"_monsterinsights_sitenote_note":"","_monsterinsights_sitenote_category":0},"product_brand":[],"product_cat":[158,160],"product_tag":[],"class_list":{"0":"post-19179","1":"product","2":"type-product","3":"status-publish","4":"has-post-thumbnail","6":"product_cat-trabucuri-din-mexic","7":"product_cat-set-de-trabucuri-2","9":"first","10":"outofstock","11":"taxable","12":"shipping-taxable","13":"purchasable","14":"product-type-simple"},"aioseo_notices":[],"aioseo_head":"\n\t\t<!-- All in One SEO Pro 4.9.6.2 - aioseo.com -->\n\t<meta name=\"robots\" content=\"max-image-preview:large\" \/>\n\t<link rel=\"canonical\" href=\"https:\/\/tabaccomd.com\/ro\/product\/trabucuri-santa-clara-1830-cabinet-caballero\/\" \/>\n\t<meta name=\"generator\" content=\"All in One SEO Pro (AIOSEO) 4.9.6.2\" \/>\n\t\t<meta property=\"og:locale\" content=\"ro_RO\" \/>\n\t\t<meta property=\"og:site_name\" content=\"Tabacco House \u2013 \u041c\u0430\u0433\u0430\u0437\u0438\u043d \u0442\u0430\u0431\u0430\u0447\u043d\u044b\u0445 \u0438\u0437\u0434\u0435\u043b\u0438\u0439\" \/>\n\t\t<meta property=\"og:type\" content=\"article\" \/>\n\t\t<meta property=\"og:title\" content=\"Trabucuri Santa Clara 1830 Cabinet Caballero \u2013 Tabacco House\" \/>\n\t\t<meta property=\"og:url\" content=\"https:\/\/tabaccomd.com\/ro\/product\/trabucuri-santa-clara-1830-cabinet-caballero\/\" \/>\n\t\t<meta property=\"article:published_time\" content=\"2021-02-18T11:43:11+00:00\" \/>\n\t\t<meta property=\"article:modified_time\" content=\"2021-02-18T11:43:11+00:00\" \/>\n\t\t<meta property=\"article:publisher\" content=\"https:\/\/www.facebook.com\/tabaccomd.com\/\" \/>\n\t\t<meta name=\"twitter:card\" content=\"summary_large_image\" \/>\n\t\t<meta name=\"twitter:title\" content=\"Trabucuri Santa Clara 1830 Cabinet Caballero \u2013 Tabacco House\" \/>\n\t\t<script type=\"application\/ld+json\" class=\"aioseo-schema\">\n\t\t\t{\"@context\":\"https:\\\/\\\/schema.org\",\"@graph\":[{\"@type\":\"BreadcrumbList\",\"@id\":\"https:\\\/\\\/tabaccomd.com\\\/ro\\\/product\\\/trabucuri-santa-clara-1830-cabinet-caballero\\\/#breadcrumblist\",\"itemListElement\":[{\"@type\":\"ListItem\",\"@id\":\"https:\\\/\\\/tabaccomd.com\\\/ro\\\/#listItem\",\"position\":1,\"name\":\"\\u0413\\u043b\\u0430\\u0432\\u043d\\u0430\\u044f\",\"item\":\"https:\\\/\\\/tabaccomd.com\\\/ro\\\/\",\"nextItem\":{\"@type\":\"ListItem\",\"@id\":\"https:\\\/\\\/tabaccomd.com\\\/ro\\\/catalog\\\/#listItem\",\"name\":\"Catalog\"}},{\"@type\":\"ListItem\",\"@id\":\"https:\\\/\\\/tabaccomd.com\\\/ro\\\/catalog\\\/#listItem\",\"position\":2,\"name\":\"Catalog\",\"item\":\"https:\\\/\\\/tabaccomd.com\\\/ro\\\/catalog\\\/\",\"nextItem\":{\"@type\":\"ListItem\",\"@id\":\"https:\\\/\\\/tabaccomd.com\\\/ro\\\/product-category\\\/trabucuri\\\/#listItem\",\"name\":\"Trabucuri\"},\"previousItem\":{\"@type\":\"ListItem\",\"@id\":\"https:\\\/\\\/tabaccomd.com\\\/ro\\\/#listItem\",\"name\":\"\\u0413\\u043b\\u0430\\u0432\\u043d\\u0430\\u044f\"}},{\"@type\":\"ListItem\",\"@id\":\"https:\\\/\\\/tabaccomd.com\\\/ro\\\/product-category\\\/trabucuri\\\/#listItem\",\"position\":3,\"name\":\"Trabucuri\",\"item\":\"https:\\\/\\\/tabaccomd.com\\\/ro\\\/product-category\\\/trabucuri\\\/\",\"nextItem\":{\"@type\":\"ListItem\",\"@id\":\"https:\\\/\\\/tabaccomd.com\\\/ro\\\/product-category\\\/trabucuri\\\/trabucuri-din-mexic\\\/#listItem\",\"name\":\"Trabucuri din Mexic\"},\"previousItem\":{\"@type\":\"ListItem\",\"@id\":\"https:\\\/\\\/tabaccomd.com\\\/ro\\\/catalog\\\/#listItem\",\"name\":\"Catalog\"}},{\"@type\":\"ListItem\",\"@id\":\"https:\\\/\\\/tabaccomd.com\\\/ro\\\/product-category\\\/trabucuri\\\/trabucuri-din-mexic\\\/#listItem\",\"position\":4,\"name\":\"Trabucuri din Mexic\",\"item\":\"https:\\\/\\\/tabaccomd.com\\\/ro\\\/product-category\\\/trabucuri\\\/trabucuri-din-mexic\\\/\",\"nextItem\":{\"@type\":\"ListItem\",\"@id\":\"https:\\\/\\\/tabaccomd.com\\\/ro\\\/product\\\/trabucuri-santa-clara-1830-cabinet-caballero\\\/#listItem\",\"name\":\"Trabucuri Santa Clara 1830 Cabinet Caballero\"},\"previousItem\":{\"@type\":\"ListItem\",\"@id\":\"https:\\\/\\\/tabaccomd.com\\\/ro\\\/product-category\\\/trabucuri\\\/#listItem\",\"name\":\"Trabucuri\"}},{\"@type\":\"ListItem\",\"@id\":\"https:\\\/\\\/tabaccomd.com\\\/ro\\\/product\\\/trabucuri-santa-clara-1830-cabinet-caballero\\\/#listItem\",\"position\":5,\"name\":\"Trabucuri Santa Clara 1830 Cabinet Caballero\",\"previousItem\":{\"@type\":\"ListItem\",\"@id\":\"https:\\\/\\\/tabaccomd.com\\\/ro\\\/product-category\\\/trabucuri\\\/trabucuri-din-mexic\\\/#listItem\",\"name\":\"Trabucuri din Mexic\"}}]},{\"@type\":\"Organization\",\"@id\":\"https:\\\/\\\/tabaccomd.com\\\/ro\\\/#organization\",\"name\":\"Tabacco House\",\"description\":\"\\u041c\\u0430\\u0433\\u0430\\u0437\\u0438\\u043d \\u0442\\u0430\\u0431\\u0430\\u0447\\u043d\\u044b\\u0445 \\u0438\\u0437\\u0434\\u0435\\u043b\\u0438\\u0439\",\"url\":\"https:\\\/\\\/tabaccomd.com\\\/ro\\\/\",\"email\":\"Office@cazacuhouse.com\",\"telephone\":\"+37361000935\",\"logo\":{\"@type\":\"ImageObject\",\"url\":\"https:\\\/\\\/tabaccomd.com\\\/wp-content\\\/uploads\\\/2024\\\/02\\\/logo_header3.png\",\"@id\":\"https:\\\/\\\/tabaccomd.com\\\/ro\\\/product\\\/trabucuri-santa-clara-1830-cabinet-caballero\\\/#organizationLogo\",\"width\":32,\"height\":32,\"caption\":\"Tabacco House\"},\"image\":{\"@id\":\"https:\\\/\\\/tabaccomd.com\\\/ro\\\/product\\\/trabucuri-santa-clara-1830-cabinet-caballero\\\/#organizationLogo\"},\"sameAs\":[\"https:\\\/\\\/www.facebook.com\\\/tabaccomd.com\\\/\",\"https:\\\/\\\/www.instagram.com\\\/tabaccomd.com\\\/\"],\"address\":{\"@id\":\"https:\\\/\\\/tabaccomd.com\\\/ro\\\/#postaladdress\",\"@type\":\"PostalAddress\",\"streetAddress\":\"Strada Albi\\u015foara 4, Chi\\u0219in\\u0103u, Bulevardul \\u0218tefan cel Mare \\u0219i Sf\\u00eent 136, Chi\\u0219in\\u0103u\",\"addressLocality\":\"Chi\\u0219in\\u0103u\",\"addressCountry\":\"MD\"}},{\"@type\":\"Product\",\"@id\":\"https:\\\/\\\/tabaccomd.com\\\/ro\\\/product\\\/trabucuri-santa-clara-1830-cabinet-caballero\\\/#wooCommerceProduct\",\"name\":\"Trabucuri Santa Clara 1830 Cabinet Caballero\",\"description\":\"\\u021aara: Mexic\\r\\n \\tProduc\\u0103tor: Santa Clara\\r\\n \\tTarie: medie\\r\\n \\tDimensiune: 13x1,5\\r\\n \\tFormat: Petit Corona\",\"url\":\"https:\\\/\\\/tabaccomd.com\\\/ro\\\/product\\\/trabucuri-santa-clara-1830-cabinet-caballero\\\/\",\"sku\":\"Santa Claro Caballero Cigars 20\",\"image\":{\"@type\":\"ImageObject\",\"url\":\"https:\\\/\\\/tabaccomd.com\\\/wp-content\\\/uploads\\\/2021\\\/02\\\/ov_01315-copy-scaled.jpg\",\"@id\":\"https:\\\/\\\/tabaccomd.com\\\/ro\\\/product\\\/trabucuri-santa-clara-1830-cabinet-caballero\\\/#productImage\",\"width\":2560,\"height\":2560,\"caption\":\"\\u0421\\u0438\\u0433\\u0430\\u0440\\u044b Santa Clara 1830 Cabinet Caballero\"},\"offers\":{\"@type\":\"Offer\",\"url\":\"https:\\\/\\\/tabaccomd.com\\\/ro\\\/product\\\/trabucuri-santa-clara-1830-cabinet-caballero\\\/#wooCommerceOffer\",\"price\":1000,\"priceCurrency\":\"MDL\",\"category\":\"Trabucuri din Mexic\",\"availability\":\"https:\\\/\\\/schema.org\\\/OutOfStock\",\"priceSpecification\":{\"@type\":\"PriceSpecification\",\"price\":1000,\"priceCurrency\":\"MDL\",\"valueAddedTaxIncluded\":\"true\"},\"seller\":{\"@type\":\"Organization\",\"@id\":\"https:\\\/\\\/tabaccomd.com\\\/ro\\\/#organization\"}}},{\"@type\":\"WebPage\",\"@id\":\"https:\\\/\\\/tabaccomd.com\\\/ro\\\/product\\\/trabucuri-santa-clara-1830-cabinet-caballero\\\/#webpage\",\"url\":\"https:\\\/\\\/tabaccomd.com\\\/ro\\\/product\\\/trabucuri-santa-clara-1830-cabinet-caballero\\\/\",\"name\":\"Trabucuri Santa Clara 1830 Cabinet Caballero \\u2013 Tabacco House\",\"inLanguage\":\"ro-RO\",\"isPartOf\":{\"@id\":\"https:\\\/\\\/tabaccomd.com\\\/ro\\\/#website\"},\"breadcrumb\":{\"@id\":\"https:\\\/\\\/tabaccomd.com\\\/ro\\\/product\\\/trabucuri-santa-clara-1830-cabinet-caballero\\\/#breadcrumblist\"},\"image\":{\"@type\":\"ImageObject\",\"url\":\"https:\\\/\\\/tabaccomd.com\\\/wp-content\\\/uploads\\\/2021\\\/02\\\/ov_01315-copy-scaled.jpg\",\"@id\":\"https:\\\/\\\/tabaccomd.com\\\/ro\\\/product\\\/trabucuri-santa-clara-1830-cabinet-caballero\\\/#mainImage\",\"width\":2560,\"height\":2560,\"caption\":\"\\u0421\\u0438\\u0433\\u0430\\u0440\\u044b Santa Clara 1830 Cabinet Caballero\"},\"primaryImageOfPage\":{\"@id\":\"https:\\\/\\\/tabaccomd.com\\\/ro\\\/product\\\/trabucuri-santa-clara-1830-cabinet-caballero\\\/#mainImage\"},\"datePublished\":\"2021-02-18T14:43:11+03:00\",\"dateModified\":\"2021-02-18T14:43:11+03:00\"},{\"@type\":\"WebSite\",\"@id\":\"https:\\\/\\\/tabaccomd.com\\\/ro\\\/#website\",\"url\":\"https:\\\/\\\/tabaccomd.com\\\/ro\\\/\",\"name\":\"Tabacco House\",\"alternateName\":\"tobaccomd.com\",\"description\":\"\\u041c\\u0430\\u0433\\u0430\\u0437\\u0438\\u043d \\u0442\\u0430\\u0431\\u0430\\u0447\\u043d\\u044b\\u0445 \\u0438\\u0437\\u0434\\u0435\\u043b\\u0438\\u0439\",\"inLanguage\":\"ro-RO\",\"publisher\":{\"@id\":\"https:\\\/\\\/tabaccomd.com\\\/ro\\\/#organization\"}}]}\n\t\t<\/script>\n\t\t<!-- All in One SEO Pro -->\r\n\t\t<title>Trabucuri Santa Clara 1830 Cabinet Caballero \u2013 Tabacco House<\/title>\n\n","aioseo_head_json":{"title":"Trabucuri Santa Clara 1830 Cabinet Caballero \u2013 Tabacco House","description":"","canonical_url":"https:\/\/tabaccomd.com\/ro\/product\/trabucuri-santa-clara-1830-cabinet-caballero\/","robots":"max-image-preview:large","keywords":"","webmasterTools":{"miscellaneous":""},"schema":{"@context":"https:\/\/schema.org","@graph":[{"@type":"BreadcrumbList","@id":"https:\/\/tabaccomd.com\/ro\/product\/trabucuri-santa-clara-1830-cabinet-caballero\/#breadcrumblist","itemListElement":[{"@type":"ListItem","@id":"https:\/\/tabaccomd.com\/ro\/#listItem","position":1,"name":"\u0413\u043b\u0430\u0432\u043d\u0430\u044f","item":"https:\/\/tabaccomd.com\/ro\/","nextItem":{"@type":"ListItem","@id":"https:\/\/tabaccomd.com\/ro\/catalog\/#listItem","name":"Catalog"}},{"@type":"ListItem","@id":"https:\/\/tabaccomd.com\/ro\/catalog\/#listItem","position":2,"name":"Catalog","item":"https:\/\/tabaccomd.com\/ro\/catalog\/","nextItem":{"@type":"ListItem","@id":"https:\/\/tabaccomd.com\/ro\/product-category\/trabucuri\/#listItem","name":"Trabucuri"},"previousItem":{"@type":"ListItem","@id":"https:\/\/tabaccomd.com\/ro\/#listItem","name":"\u0413\u043b\u0430\u0432\u043d\u0430\u044f"}},{"@type":"ListItem","@id":"https:\/\/tabaccomd.com\/ro\/product-category\/trabucuri\/#listItem","position":3,"name":"Trabucuri","item":"https:\/\/tabaccomd.com\/ro\/product-category\/trabucuri\/","nextItem":{"@type":"ListItem","@id":"https:\/\/tabaccomd.com\/ro\/product-category\/trabucuri\/trabucuri-din-mexic\/#listItem","name":"Trabucuri din Mexic"},"previousItem":{"@type":"ListItem","@id":"https:\/\/tabaccomd.com\/ro\/catalog\/#listItem","name":"Catalog"}},{"@type":"ListItem","@id":"https:\/\/tabaccomd.com\/ro\/product-category\/trabucuri\/trabucuri-din-mexic\/#listItem","position":4,"name":"Trabucuri din Mexic","item":"https:\/\/tabaccomd.com\/ro\/product-category\/trabucuri\/trabucuri-din-mexic\/","nextItem":{"@type":"ListItem","@id":"https:\/\/tabaccomd.com\/ro\/product\/trabucuri-santa-clara-1830-cabinet-caballero\/#listItem","name":"Trabucuri Santa Clara 1830 Cabinet Caballero"},"previousItem":{"@type":"ListItem","@id":"https:\/\/tabaccomd.com\/ro\/product-category\/trabucuri\/#listItem","name":"Trabucuri"}},{"@type":"ListItem","@id":"https:\/\/tabaccomd.com\/ro\/product\/trabucuri-santa-clara-1830-cabinet-caballero\/#listItem","position":5,"name":"Trabucuri Santa Clara 1830 Cabinet Caballero","previousItem":{"@type":"ListItem","@id":"https:\/\/tabaccomd.com\/ro\/product-category\/trabucuri\/trabucuri-din-mexic\/#listItem","name":"Trabucuri din Mexic"}}]},{"@type":"Organization","@id":"https:\/\/tabaccomd.com\/ro\/#organization","name":"Tabacco House","description":"\u041c\u0430\u0433\u0430\u0437\u0438\u043d \u0442\u0430\u0431\u0430\u0447\u043d\u044b\u0445 \u0438\u0437\u0434\u0435\u043b\u0438\u0439","url":"https:\/\/tabaccomd.com\/ro\/","email":"Office@cazacuhouse.com","telephone":"+37361000935","logo":{"@type":"ImageObject","url":"https:\/\/tabaccomd.com\/wp-content\/uploads\/2024\/02\/logo_header3.png","@id":"https:\/\/tabaccomd.com\/ro\/product\/trabucuri-santa-clara-1830-cabinet-caballero\/#organizationLogo","width":32,"height":32,"caption":"Tabacco House"},"image":{"@id":"https:\/\/tabaccomd.com\/ro\/product\/trabucuri-santa-clara-1830-cabinet-caballero\/#organizationLogo"},"sameAs":["https:\/\/www.facebook.com\/tabaccomd.com\/","https:\/\/www.instagram.com\/tabaccomd.com\/"],"address":{"@id":"https:\/\/tabaccomd.com\/ro\/#postaladdress","@type":"PostalAddress","streetAddress":"Strada Albi\u015foara 4, Chi\u0219in\u0103u, Bulevardul \u0218tefan cel Mare \u0219i Sf\u00eent 136, Chi\u0219in\u0103u","addressLocality":"Chi\u0219in\u0103u","addressCountry":"MD"}},{"@type":"Product","@id":"https:\/\/tabaccomd.com\/ro\/product\/trabucuri-santa-clara-1830-cabinet-caballero\/#wooCommerceProduct","name":"Trabucuri Santa Clara 1830 Cabinet Caballero","description":"\u021aara: Mexic\r\n \tProduc\u0103tor: Santa Clara\r\n \tTarie: medie\r\n \tDimensiune: 13x1,5\r\n \tFormat: Petit Corona","url":"https:\/\/tabaccomd.com\/ro\/product\/trabucuri-santa-clara-1830-cabinet-caballero\/","sku":"Santa Claro Caballero Cigars 20","image":{"@type":"ImageObject","url":"https:\/\/tabaccomd.com\/wp-content\/uploads\/2021\/02\/ov_01315-copy-scaled.jpg","@id":"https:\/\/tabaccomd.com\/ro\/product\/trabucuri-santa-clara-1830-cabinet-caballero\/#productImage","width":2560,"height":2560,"caption":"\u0421\u0438\u0433\u0430\u0440\u044b Santa Clara 1830 Cabinet Caballero"},"offers":{"@type":"Offer","url":"https:\/\/tabaccomd.com\/ro\/product\/trabucuri-santa-clara-1830-cabinet-caballero\/#wooCommerceOffer","price":1000,"priceCurrency":"MDL","category":"Trabucuri din Mexic","availability":"https:\/\/schema.org\/OutOfStock","priceSpecification":{"@type":"PriceSpecification","price":1000,"priceCurrency":"MDL","valueAddedTaxIncluded":"true"},"seller":{"@type":"Organization","@id":"https:\/\/tabaccomd.com\/ro\/#organization"}}},{"@type":"WebPage","@id":"https:\/\/tabaccomd.com\/ro\/product\/trabucuri-santa-clara-1830-cabinet-caballero\/#webpage","url":"https:\/\/tabaccomd.com\/ro\/product\/trabucuri-santa-clara-1830-cabinet-caballero\/","name":"Trabucuri Santa Clara 1830 Cabinet Caballero \u2013 Tabacco House","inLanguage":"ro-RO","isPartOf":{"@id":"https:\/\/tabaccomd.com\/ro\/#website"},"breadcrumb":{"@id":"https:\/\/tabaccomd.com\/ro\/product\/trabucuri-santa-clara-1830-cabinet-caballero\/#breadcrumblist"},"image":{"@type":"ImageObject","url":"https:\/\/tabaccomd.com\/wp-content\/uploads\/2021\/02\/ov_01315-copy-scaled.jpg","@id":"https:\/\/tabaccomd.com\/ro\/product\/trabucuri-santa-clara-1830-cabinet-caballero\/#mainImage","width":2560,"height":2560,"caption":"\u0421\u0438\u0433\u0430\u0440\u044b Santa Clara 1830 Cabinet Caballero"},"primaryImageOfPage":{"@id":"https:\/\/tabaccomd.com\/ro\/product\/trabucuri-santa-clara-1830-cabinet-caballero\/#mainImage"},"datePublished":"2021-02-18T14:43:11+03:00","dateModified":"2021-02-18T14:43:11+03:00"},{"@type":"WebSite","@id":"https:\/\/tabaccomd.com\/ro\/#website","url":"https:\/\/tabaccomd.com\/ro\/","name":"Tabacco House","alternateName":"tobaccomd.com","description":"\u041c\u0430\u0433\u0430\u0437\u0438\u043d \u0442\u0430\u0431\u0430\u0447\u043d\u044b\u0445 \u0438\u0437\u0434\u0435\u043b\u0438\u0439","inLanguage":"ro-RO","publisher":{"@id":"https:\/\/tabaccomd.com\/ro\/#organization"}}]},"og:locale":"ro_RO","og:site_name":"Tabacco House \u2013 \u041c\u0430\u0433\u0430\u0437\u0438\u043d \u0442\u0430\u0431\u0430\u0447\u043d\u044b\u0445 \u0438\u0437\u0434\u0435\u043b\u0438\u0439","og:type":"article","og:title":"Trabucuri Santa Clara 1830 Cabinet Caballero \u2013 Tabacco House","og:url":"https:\/\/tabaccomd.com\/ro\/product\/trabucuri-santa-clara-1830-cabinet-caballero\/","article:published_time":"2021-02-18T11:43:11+00:00","article:modified_time":"2021-02-18T11:43:11+00:00","article:publisher":"https:\/\/www.facebook.com\/tabaccomd.com\/","twitter:card":"summary_large_image","twitter:title":"Trabucuri Santa Clara 1830 Cabinet Caballero \u2013 Tabacco House"},"aioseo_meta_data":{"post_id":"19179","title":null,"description":null,"keywords":null,"keyphrases":null,"primary_term":null,"canonical_url":null,"og_title":null,"og_description":null,"og_object_type":"default","og_image_type":"default","og_image_url":null,"og_image_width":null,"og_image_height":null,"og_image_custom_url":null,"og_image_custom_fields":null,"og_video":null,"og_custom_url":null,"og_article_section":null,"og_article_tags":null,"twitter_use_og":false,"twitter_card":"default","twitter_image_type":"default","twitter_image_url":null,"twitter_image_custom_url":null,"twitter_image_custom_fields":null,"twitter_title":null,"twitter_description":null,"schema":{"blockGraphs":[],"customGraphs":[],"default":{"data":{"Article":[],"Course":[],"Dataset":[],"FAQPage":[],"Movie":[],"Person":[],"Product":[],"ProductReview":[],"Car":[],"Recipe":[],"Service":[],"SoftwareApplication":[],"WebPage":[]},"graphName":"","isEnabled":true},"graphs":[]},"schema_type":"default","schema_type_options":null,"pillar_content":false,"robots_default":true,"robots_noindex":false,"robots_noarchive":false,"robots_nosnippet":false,"robots_nofollow":false,"robots_noimageindex":false,"robots_noodp":false,"robots_notranslate":false,"robots_max_snippet":null,"robots_max_videopreview":null,"robots_max_imagepreview":"large","priority":null,"frequency":null,"local_seo":null,"seo_analyzer_scan_date":"2025-10-19 23:34:33","breadcrumb_settings":null,"limit_modified_date":false,"reviewed_by":null,"open_ai":null,"ai":null,"created":"2023-03-30 14:34:55","updated":"2025-10-19 23:34:33"},"aioseo_breadcrumb":"<div class=\"aioseo-breadcrumbs\"><span class=\"aioseo-breadcrumb\">\n\t<a href=\"https:\/\/tabaccomd.com\/ro\/\" title=\"\u0413\u043b\u0430\u0432\u043d\u0430\u044f\">\u0413\u043b\u0430\u0432\u043d\u0430\u044f<\/a>\n<\/span><span class=\"aioseo-breadcrumb-separator\">\u00bb<\/span><span class=\"aioseo-breadcrumb\">\n\t<a href=\"https:\/\/tabaccomd.com\/ro\/catalog\/\" title=\"Catalog\">Catalog<\/a>\n<\/span><span class=\"aioseo-breadcrumb-separator\">\u00bb<\/span><span class=\"aioseo-breadcrumb\">\n\t<a href=\"https:\/\/tabaccomd.com\/ro\/product-category\/trabucuri\/\" title=\"Trabucuri\">Trabucuri<\/a>\n<\/span><span class=\"aioseo-breadcrumb-separator\">\u00bb<\/span><span class=\"aioseo-breadcrumb\">\n\t<a href=\"https:\/\/tabaccomd.com\/ro\/product-category\/trabucuri\/trabucuri-din-mexic\/\" title=\"Trabucuri din Mexic\">Trabucuri din Mexic<\/a>\n<\/span><span class=\"aioseo-breadcrumb-separator\">\u00bb<\/span><span class=\"aioseo-breadcrumb\">\n\tTrabucuri Santa Clara 1830 Cabinet Caballero\n<\/span><\/div>","aioseo_breadcrumb_json":[{"label":"\u0413\u043b\u0430\u0432\u043d\u0430\u044f","link":"https:\/\/tabaccomd.com\/ro\/"},{"label":"Catalog","link":"https:\/\/tabaccomd.com\/ro\/catalog\/"},{"label":"Trabucuri","link":"https:\/\/tabaccomd.com\/ro\/product-category\/trabucuri\/"},{"label":"Trabucuri din Mexic","link":"https:\/\/tabaccomd.com\/ro\/product-category\/trabucuri\/trabucuri-din-mexic\/"},{"label":"Trabucuri Santa Clara 1830 Cabinet Caballero","link":"https:\/\/tabaccomd.com\/ro\/product\/trabucuri-santa-clara-1830-cabinet-caballero\/"}],"images_for_1c":[{"url":"https:\/\/tabaccomd.com\/wp-content\/uploads\/2021\/02\/ov_01315-copy-scaled.jpg","type":"featured","alt":"","filename":"ov_01315-copy-scaled.jpg"},{"url":"https:\/\/tabaccomd.com\/wp-content\/uploads\/2021\/02\/ov_01312-1-copy-scaled.jpg","type":"gallery","alt":"","filename":"ov_01312-1-copy-scaled.jpg"},{"url":"https:\/\/tabaccomd.com\/wp-content\/uploads\/2021\/02\/ov_01313-copy-scaled.jpg","type":"gallery","alt":"","filename":"ov_01313-copy-scaled.jpg"},{"url":"https:\/\/tabaccomd.com\/wp-content\/uploads\/2021\/02\/ov_01728-copy-scaled.jpg","type":"gallery","alt":"","filename":"ov_01728-copy-scaled.jpg"},{"url":"https:\/\/tabaccomd.com\/wp-content\/uploads\/2021\/02\/ov_01731-copy-scaled.jpg","type":"gallery","alt":"","filename":"ov_01731-copy-scaled.jpg"},{"url":"https:\/\/tabaccomd.com\/wp-content\/uploads\/2021\/02\/ov_01732-copy-scaled.jpg","type":"gallery","alt":"","filename":"ov_01732-copy-scaled.jpg"}],"additional_data_1c":{"modified_date":"2021-02-18 14:43:11","permalink":"https:\/\/tabaccomd.com\/ro\/product\/trabucuri-santa-clara-1830-cabinet-caballero\/","stock_status":"outofstock","manage_stock":"no"},"_links":{"self":[{"href":"https:\/\/tabaccomd.com\/ro\/wp-json\/wp\/v2\/product\/19179","targetHints":{"allow":["GET"]}}],"collection":[{"href":"https:\/\/tabaccomd.com\/ro\/wp-json\/wp\/v2\/product"}],"about":[{"href":"https:\/\/tabaccomd.com\/ro\/wp-json\/wp\/v2\/types\/product"}],"wp:featuredmedia":[{"embeddable":true,"href":"https:\/\/tabaccomd.com\/ro\/wp-json\/wp\/v2\/media\/16222"}],"wp:attachment":[{"href":"https:\/\/tabaccomd.com\/ro\/wp-json\/wp\/v2\/media?parent=19179"}],"wp:term":[{"taxonomy":"product_brand","embeddable":true,"href":"https:\/\/tabaccomd.com\/ro\/wp-json\/wp\/v2\/product_brand?post=19179"},{"taxonomy":"product_cat","embeddable":true,"href":"https:\/\/tabaccomd.com\/ro\/wp-json\/wp\/v2\/product_cat?post=19179"},{"taxonomy":"product_tag","embeddable":true,"href":"https:\/\/tabaccomd.com\/ro\/wp-json\/wp\/v2\/product_tag?post=19179"}],"curies":[{"name":"wp","href":"https:\/\/api.w.org\/{rel}","templated":true}]}}