{"id":19098,"date":"2020-12-26T08:45:48","date_gmt":"2020-12-26T05:45:48","guid":{"rendered":"https:\/\/new124.tabaccomd.com\/product\/set-cadou-te-amo-cuba-de-5-trabucuri-cu-ghilotina\/"},"modified":"2023-07-31T15:34:30","modified_gmt":"2023-07-31T12:34:30","slug":"set-cadou-te-amo-cuba-de-5-trabucuri-cu-ghilotina","status":"publish","type":"product","link":"https:\/\/tabaccomd.com\/ro\/product\/set-cadou-te-amo-cuba-de-5-trabucuri-cu-ghilotina\/","title":{"rendered":"Set cadou Te-Amo Cuba de 5 trabucuri cu ghilotin\u0103"},"content":{"rendered":"<p>Un set de degustare excelent de cinci trabucuri premium \u00een format Robusto din seria popular\u0103 a renumitului produc\u0103tor Te-Amo. Este o modalitate excelent\u0103 de a cunoa\u0219te toat\u0103 varietatea de arome \u0219i arome reprezentate de acest brand global.<\/p>\n<p>Include 5 vitole din seria Te-Amo Cuba. Produsele, \u00een diverse huse, sunt fabricate din frunze de tutun cubaneze de \u00eenalt\u0103 calitate \u0219i sunt ambalate \u00eentr-o cutie elegant\u0103. Gustul \u0219i aromele sunt luminoase, bogate \u0219i memorabile.<\/p>\n<p>Acest set este o ocazie excelent\u0103 de a gusta un buchet excelent de trabuc, precum \u0219i o ghilotin\u0103.<\/p>\n<p>Pute\u021bi cump\u0103ra setul de cadouri Te-Amo Cuba de 5 trabucuri cu ghilotin\u0103 \u00een Moldova, Chi\u0219in\u0103u \u00een lan\u021bul de magazine Lux Presents.<\/p>\n","protected":false},"excerpt":{"rendered":"<ul>\n<li>\u021aara: Mixica<\/li>\n<li>Produc\u0103tor: Te Amo<\/li>\n<li>Tarie: Medium<\/li>\n<li>Dimensiune: 127mm x 21mm<\/li>\n<li>Format: Robusto<\/li>\n<\/ul>\n","protected":false},"featured_media":16079,"template":"","meta":{"om_disable_all_campaigns":false,"_monsterinsights_skip_tracking":false,"_monsterinsights_sitenote_active":false,"_monsterinsights_sitenote_note":"","_monsterinsights_sitenote_category":0},"product_brand":[],"product_cat":[160],"product_tag":[],"class_list":{"0":"post-19098","1":"product","2":"type-product","3":"status-publish","4":"has-post-thumbnail","6":"product_cat-set-de-trabucuri-2","8":"first","9":"outofstock","10":"taxable","11":"shipping-taxable","12":"purchasable","13":"product-type-simple"},"aioseo_notices":[],"aioseo_head":"\n\t\t<!-- All in One SEO Pro 4.9.5.2 - aioseo.com -->\n\t<meta name=\"description\" content=\"Set cadou Te-Amo Cuba de 5 trabucuri cu ghilotin\u0103 cump\u0103ra\u021bi \u00een Chi\u0219in\u0103u \u2b50\" \/>\n\t<meta name=\"robots\" content=\"max-image-preview:large\" \/>\n\t<link rel=\"canonical\" href=\"https:\/\/tabaccomd.com\/ro\/product\/set-cadou-te-amo-cuba-de-5-trabucuri-cu-ghilotina\/\" \/>\n\t<meta name=\"generator\" content=\"All in One SEO Pro (AIOSEO) 4.9.5.2\" \/>\n\t\t<meta property=\"og:locale\" content=\"ro_RO\" \/>\n\t\t<meta property=\"og:site_name\" content=\"Tabacco House \u2013 \u041c\u0430\u0433\u0430\u0437\u0438\u043d \u0442\u0430\u0431\u0430\u0447\u043d\u044b\u0445 \u0438\u0437\u0434\u0435\u043b\u0438\u0439\" \/>\n\t\t<meta property=\"og:type\" content=\"article\" \/>\n\t\t<meta property=\"og:title\" content=\"Set cadou Te-Amo Cuba de 5 trabucuri cu ghilotin\u0103 \u2013 Tabacco House\" \/>\n\t\t<meta property=\"og:description\" content=\"Set cadou Te-Amo Cuba de 5 trabucuri cu ghilotin\u0103 cump\u0103ra\u021bi \u00een Chi\u0219in\u0103u \u2b50\" \/>\n\t\t<meta property=\"og:url\" content=\"https:\/\/tabaccomd.com\/ro\/product\/set-cadou-te-amo-cuba-de-5-trabucuri-cu-ghilotina\/\" \/>\n\t\t<meta property=\"article:published_time\" content=\"2020-12-26T05:45:48+00:00\" \/>\n\t\t<meta property=\"article:modified_time\" content=\"2023-07-31T12:34:30+00:00\" \/>\n\t\t<meta property=\"article:publisher\" content=\"https:\/\/www.facebook.com\/tabaccomd.com\/\" \/>\n\t\t<meta name=\"twitter:card\" content=\"summary_large_image\" \/>\n\t\t<meta name=\"twitter:title\" content=\"Set cadou Te-Amo Cuba de 5 trabucuri cu ghilotin\u0103 \u2013 Tabacco House\" \/>\n\t\t<meta name=\"twitter:description\" content=\"Set cadou Te-Amo Cuba de 5 trabucuri cu ghilotin\u0103 cump\u0103ra\u021bi \u00een Chi\u0219in\u0103u \u2b50\" \/>\n\t\t<script type=\"application\/ld+json\" class=\"aioseo-schema\">\n\t\t\t{\"@context\":\"https:\\\/\\\/schema.org\",\"@graph\":[{\"@type\":\"BreadcrumbList\",\"@id\":\"https:\\\/\\\/tabaccomd.com\\\/ro\\\/product\\\/set-cadou-te-amo-cuba-de-5-trabucuri-cu-ghilotina\\\/#breadcrumblist\",\"itemListElement\":[{\"@type\":\"ListItem\",\"@id\":\"https:\\\/\\\/tabaccomd.com\\\/ro\\\/#listItem\",\"position\":1,\"name\":\"\\u0413\\u043b\\u0430\\u0432\\u043d\\u0430\\u044f\",\"item\":\"https:\\\/\\\/tabaccomd.com\\\/ro\\\/\",\"nextItem\":{\"@type\":\"ListItem\",\"@id\":\"https:\\\/\\\/tabaccomd.com\\\/ro\\\/catalog\\\/#listItem\",\"name\":\"Catalog\"}},{\"@type\":\"ListItem\",\"@id\":\"https:\\\/\\\/tabaccomd.com\\\/ro\\\/catalog\\\/#listItem\",\"position\":2,\"name\":\"Catalog\",\"item\":\"https:\\\/\\\/tabaccomd.com\\\/ro\\\/catalog\\\/\",\"nextItem\":{\"@type\":\"ListItem\",\"@id\":\"https:\\\/\\\/tabaccomd.com\\\/ro\\\/product-category\\\/set-de-trabucuri-2\\\/#listItem\",\"name\":\"Set de Trabucuri\"},\"previousItem\":{\"@type\":\"ListItem\",\"@id\":\"https:\\\/\\\/tabaccomd.com\\\/ro\\\/#listItem\",\"name\":\"\\u0413\\u043b\\u0430\\u0432\\u043d\\u0430\\u044f\"}},{\"@type\":\"ListItem\",\"@id\":\"https:\\\/\\\/tabaccomd.com\\\/ro\\\/product-category\\\/set-de-trabucuri-2\\\/#listItem\",\"position\":3,\"name\":\"Set de Trabucuri\",\"item\":\"https:\\\/\\\/tabaccomd.com\\\/ro\\\/product-category\\\/set-de-trabucuri-2\\\/\",\"nextItem\":{\"@type\":\"ListItem\",\"@id\":\"https:\\\/\\\/tabaccomd.com\\\/ro\\\/product\\\/set-cadou-te-amo-cuba-de-5-trabucuri-cu-ghilotina\\\/#listItem\",\"name\":\"Set cadou Te-Amo Cuba de 5 trabucuri cu ghilotin\\u0103\"},\"previousItem\":{\"@type\":\"ListItem\",\"@id\":\"https:\\\/\\\/tabaccomd.com\\\/ro\\\/catalog\\\/#listItem\",\"name\":\"Catalog\"}},{\"@type\":\"ListItem\",\"@id\":\"https:\\\/\\\/tabaccomd.com\\\/ro\\\/product\\\/set-cadou-te-amo-cuba-de-5-trabucuri-cu-ghilotina\\\/#listItem\",\"position\":4,\"name\":\"Set cadou Te-Amo Cuba de 5 trabucuri cu ghilotin\\u0103\",\"previousItem\":{\"@type\":\"ListItem\",\"@id\":\"https:\\\/\\\/tabaccomd.com\\\/ro\\\/product-category\\\/set-de-trabucuri-2\\\/#listItem\",\"name\":\"Set de Trabucuri\"}}]},{\"@type\":\"Organization\",\"@id\":\"https:\\\/\\\/tabaccomd.com\\\/ro\\\/#organization\",\"name\":\"Tabacco House\",\"description\":\"\\u041c\\u0430\\u0433\\u0430\\u0437\\u0438\\u043d \\u0442\\u0430\\u0431\\u0430\\u0447\\u043d\\u044b\\u0445 \\u0438\\u0437\\u0434\\u0435\\u043b\\u0438\\u0439\",\"url\":\"https:\\\/\\\/tabaccomd.com\\\/ro\\\/\",\"email\":\"Office@cazacuhouse.com\",\"telephone\":\"+37361000935\",\"logo\":{\"@type\":\"ImageObject\",\"url\":\"https:\\\/\\\/tabaccomd.com\\\/wp-content\\\/uploads\\\/2024\\\/02\\\/logo_header3.png\",\"@id\":\"https:\\\/\\\/tabaccomd.com\\\/ro\\\/product\\\/set-cadou-te-amo-cuba-de-5-trabucuri-cu-ghilotina\\\/#organizationLogo\",\"width\":32,\"height\":32,\"caption\":\"Tabacco House\"},\"image\":{\"@id\":\"https:\\\/\\\/tabaccomd.com\\\/ro\\\/product\\\/set-cadou-te-amo-cuba-de-5-trabucuri-cu-ghilotina\\\/#organizationLogo\"},\"sameAs\":[\"https:\\\/\\\/www.facebook.com\\\/tabaccomd.com\\\/\",\"https:\\\/\\\/www.instagram.com\\\/tabaccomd.com\\\/\"],\"address\":{\"@id\":\"https:\\\/\\\/tabaccomd.com\\\/ro\\\/#postaladdress\",\"@type\":\"PostalAddress\",\"streetAddress\":\"Strada Albi\\u015foara 4, Chi\\u0219in\\u0103u, Bulevardul \\u0218tefan cel Mare \\u0219i Sf\\u00eent 136, Chi\\u0219in\\u0103u\",\"addressLocality\":\"Chi\\u0219in\\u0103u\",\"addressCountry\":\"MD\"}},{\"@type\":\"Product\",\"@id\":\"https:\\\/\\\/tabaccomd.com\\\/ro\\\/product\\\/set-cadou-te-amo-cuba-de-5-trabucuri-cu-ghilotina\\\/#wooCommerceProduct\",\"name\":\"Set cadou Te-Amo Cuba de 5 trabucuri cu ghilotin\\u0103\",\"description\":\"\\u021aara: Mixica\\r\\n \\tProduc\\u0103tor: Te Amo\\r\\n \\tTarie: Medium\\r\\n \\tDimensiune: 127mm x 21mm\\r\\n \\tFormat: Robusto\",\"url\":\"https:\\\/\\\/tabaccomd.com\\\/ro\\\/product\\\/set-cadou-te-amo-cuba-de-5-trabucuri-cu-ghilotina\\\/\",\"image\":{\"@type\":\"ImageObject\",\"url\":\"https:\\\/\\\/tabaccomd.com\\\/wp-content\\\/uploads\\\/2020\\\/12\\\/ov_07883-copy.jpg\",\"@id\":\"https:\\\/\\\/tabaccomd.com\\\/ro\\\/product\\\/set-cadou-te-amo-cuba-de-5-trabucuri-cu-ghilotina\\\/#productImage\",\"width\":900,\"height\":1350,\"caption\":\"\\u041f\\u043e\\u0434\\u0430\\u0440\\u043e\\u0447\\u043d\\u044b\\u0439 \\u043d\\u0430\\u0431\\u043e\\u0440 Te-Amo Cuba 5 \\u0441\\u0438\\u0433\\u0430\\u0440\"},\"offers\":{\"@type\":\"Offer\",\"url\":\"https:\\\/\\\/tabaccomd.com\\\/ro\\\/product\\\/set-cadou-te-amo-cuba-de-5-trabucuri-cu-ghilotina\\\/#wooCommerceOffer\",\"price\":700,\"priceCurrency\":\"MDL\",\"category\":\"Set de Trabucuri\",\"availability\":\"https:\\\/\\\/schema.org\\\/OutOfStock\",\"priceSpecification\":{\"@type\":\"PriceSpecification\",\"price\":700,\"priceCurrency\":\"MDL\",\"valueAddedTaxIncluded\":\"true\"},\"seller\":{\"@type\":\"Organization\",\"@id\":\"https:\\\/\\\/tabaccomd.com\\\/ro\\\/#organization\"}}},{\"@type\":\"WebPage\",\"@id\":\"https:\\\/\\\/tabaccomd.com\\\/ro\\\/product\\\/set-cadou-te-amo-cuba-de-5-trabucuri-cu-ghilotina\\\/#webpage\",\"url\":\"https:\\\/\\\/tabaccomd.com\\\/ro\\\/product\\\/set-cadou-te-amo-cuba-de-5-trabucuri-cu-ghilotina\\\/\",\"name\":\"Set cadou Te-Amo Cuba de 5 trabucuri cu ghilotin\\u0103 \\u2013 Tabacco House\",\"description\":\"Set cadou Te-Amo Cuba de 5 trabucuri cu ghilotin\\u0103 cump\\u0103ra\\u021bi \\u00een Chi\\u0219in\\u0103u \\u2b50\",\"inLanguage\":\"ro-RO\",\"isPartOf\":{\"@id\":\"https:\\\/\\\/tabaccomd.com\\\/ro\\\/#website\"},\"breadcrumb\":{\"@id\":\"https:\\\/\\\/tabaccomd.com\\\/ro\\\/product\\\/set-cadou-te-amo-cuba-de-5-trabucuri-cu-ghilotina\\\/#breadcrumblist\"},\"image\":{\"@type\":\"ImageObject\",\"url\":\"https:\\\/\\\/tabaccomd.com\\\/wp-content\\\/uploads\\\/2020\\\/12\\\/ov_07883-copy.jpg\",\"@id\":\"https:\\\/\\\/tabaccomd.com\\\/ro\\\/product\\\/set-cadou-te-amo-cuba-de-5-trabucuri-cu-ghilotina\\\/#mainImage\",\"width\":900,\"height\":1350,\"caption\":\"\\u041f\\u043e\\u0434\\u0430\\u0440\\u043e\\u0447\\u043d\\u044b\\u0439 \\u043d\\u0430\\u0431\\u043e\\u0440 Te-Amo Cuba 5 \\u0441\\u0438\\u0433\\u0430\\u0440\"},\"primaryImageOfPage\":{\"@id\":\"https:\\\/\\\/tabaccomd.com\\\/ro\\\/product\\\/set-cadou-te-amo-cuba-de-5-trabucuri-cu-ghilotina\\\/#mainImage\"},\"datePublished\":\"2020-12-26T08:45:48+03:00\",\"dateModified\":\"2023-07-31T15:34:30+03:00\"},{\"@type\":\"WebSite\",\"@id\":\"https:\\\/\\\/tabaccomd.com\\\/ro\\\/#website\",\"url\":\"https:\\\/\\\/tabaccomd.com\\\/ro\\\/\",\"name\":\"Tabacco House\",\"alternateName\":\"tobaccomd.com\",\"description\":\"\\u041c\\u0430\\u0433\\u0430\\u0437\\u0438\\u043d \\u0442\\u0430\\u0431\\u0430\\u0447\\u043d\\u044b\\u0445 \\u0438\\u0437\\u0434\\u0435\\u043b\\u0438\\u0439\",\"inLanguage\":\"ro-RO\",\"publisher\":{\"@id\":\"https:\\\/\\\/tabaccomd.com\\\/ro\\\/#organization\"}}]}\n\t\t<\/script>\n\t\t<!-- All in One SEO Pro -->\r\n\t\t<title>Set cadou Te-Amo Cuba de 5 trabucuri cu ghilotin\u0103 \u2013 Tabacco House<\/title>\n\n","aioseo_head_json":{"title":"Set cadou Te-Amo Cuba de 5 trabucuri cu ghilotin\u0103 \u2013 Tabacco House","description":"Set cadou Te-Amo Cuba de 5 trabucuri cu ghilotin\u0103 cump\u0103ra\u021bi \u00een Chi\u0219in\u0103u \u2b50","canonical_url":"https:\/\/tabaccomd.com\/ro\/product\/set-cadou-te-amo-cuba-de-5-trabucuri-cu-ghilotina\/","robots":"max-image-preview:large","keywords":"","webmasterTools":{"miscellaneous":""},"schema":{"@context":"https:\/\/schema.org","@graph":[{"@type":"BreadcrumbList","@id":"https:\/\/tabaccomd.com\/ro\/product\/set-cadou-te-amo-cuba-de-5-trabucuri-cu-ghilotina\/#breadcrumblist","itemListElement":[{"@type":"ListItem","@id":"https:\/\/tabaccomd.com\/ro\/#listItem","position":1,"name":"\u0413\u043b\u0430\u0432\u043d\u0430\u044f","item":"https:\/\/tabaccomd.com\/ro\/","nextItem":{"@type":"ListItem","@id":"https:\/\/tabaccomd.com\/ro\/catalog\/#listItem","name":"Catalog"}},{"@type":"ListItem","@id":"https:\/\/tabaccomd.com\/ro\/catalog\/#listItem","position":2,"name":"Catalog","item":"https:\/\/tabaccomd.com\/ro\/catalog\/","nextItem":{"@type":"ListItem","@id":"https:\/\/tabaccomd.com\/ro\/product-category\/set-de-trabucuri-2\/#listItem","name":"Set de Trabucuri"},"previousItem":{"@type":"ListItem","@id":"https:\/\/tabaccomd.com\/ro\/#listItem","name":"\u0413\u043b\u0430\u0432\u043d\u0430\u044f"}},{"@type":"ListItem","@id":"https:\/\/tabaccomd.com\/ro\/product-category\/set-de-trabucuri-2\/#listItem","position":3,"name":"Set de Trabucuri","item":"https:\/\/tabaccomd.com\/ro\/product-category\/set-de-trabucuri-2\/","nextItem":{"@type":"ListItem","@id":"https:\/\/tabaccomd.com\/ro\/product\/set-cadou-te-amo-cuba-de-5-trabucuri-cu-ghilotina\/#listItem","name":"Set cadou Te-Amo Cuba de 5 trabucuri cu ghilotin\u0103"},"previousItem":{"@type":"ListItem","@id":"https:\/\/tabaccomd.com\/ro\/catalog\/#listItem","name":"Catalog"}},{"@type":"ListItem","@id":"https:\/\/tabaccomd.com\/ro\/product\/set-cadou-te-amo-cuba-de-5-trabucuri-cu-ghilotina\/#listItem","position":4,"name":"Set cadou Te-Amo Cuba de 5 trabucuri cu ghilotin\u0103","previousItem":{"@type":"ListItem","@id":"https:\/\/tabaccomd.com\/ro\/product-category\/set-de-trabucuri-2\/#listItem","name":"Set de Trabucuri"}}]},{"@type":"Organization","@id":"https:\/\/tabaccomd.com\/ro\/#organization","name":"Tabacco House","description":"\u041c\u0430\u0433\u0430\u0437\u0438\u043d \u0442\u0430\u0431\u0430\u0447\u043d\u044b\u0445 \u0438\u0437\u0434\u0435\u043b\u0438\u0439","url":"https:\/\/tabaccomd.com\/ro\/","email":"Office@cazacuhouse.com","telephone":"+37361000935","logo":{"@type":"ImageObject","url":"https:\/\/tabaccomd.com\/wp-content\/uploads\/2024\/02\/logo_header3.png","@id":"https:\/\/tabaccomd.com\/ro\/product\/set-cadou-te-amo-cuba-de-5-trabucuri-cu-ghilotina\/#organizationLogo","width":32,"height":32,"caption":"Tabacco House"},"image":{"@id":"https:\/\/tabaccomd.com\/ro\/product\/set-cadou-te-amo-cuba-de-5-trabucuri-cu-ghilotina\/#organizationLogo"},"sameAs":["https:\/\/www.facebook.com\/tabaccomd.com\/","https:\/\/www.instagram.com\/tabaccomd.com\/"],"address":{"@id":"https:\/\/tabaccomd.com\/ro\/#postaladdress","@type":"PostalAddress","streetAddress":"Strada Albi\u015foara 4, Chi\u0219in\u0103u, Bulevardul \u0218tefan cel Mare \u0219i Sf\u00eent 136, Chi\u0219in\u0103u","addressLocality":"Chi\u0219in\u0103u","addressCountry":"MD"}},{"@type":"Product","@id":"https:\/\/tabaccomd.com\/ro\/product\/set-cadou-te-amo-cuba-de-5-trabucuri-cu-ghilotina\/#wooCommerceProduct","name":"Set cadou Te-Amo Cuba de 5 trabucuri cu ghilotin\u0103","description":"\u021aara: Mixica\r\n \tProduc\u0103tor: Te Amo\r\n \tTarie: Medium\r\n \tDimensiune: 127mm x 21mm\r\n \tFormat: Robusto","url":"https:\/\/tabaccomd.com\/ro\/product\/set-cadou-te-amo-cuba-de-5-trabucuri-cu-ghilotina\/","image":{"@type":"ImageObject","url":"https:\/\/tabaccomd.com\/wp-content\/uploads\/2020\/12\/ov_07883-copy.jpg","@id":"https:\/\/tabaccomd.com\/ro\/product\/set-cadou-te-amo-cuba-de-5-trabucuri-cu-ghilotina\/#productImage","width":900,"height":1350,"caption":"\u041f\u043e\u0434\u0430\u0440\u043e\u0447\u043d\u044b\u0439 \u043d\u0430\u0431\u043e\u0440 Te-Amo Cuba 5 \u0441\u0438\u0433\u0430\u0440"},"offers":{"@type":"Offer","url":"https:\/\/tabaccomd.com\/ro\/product\/set-cadou-te-amo-cuba-de-5-trabucuri-cu-ghilotina\/#wooCommerceOffer","price":700,"priceCurrency":"MDL","category":"Set de Trabucuri","availability":"https:\/\/schema.org\/OutOfStock","priceSpecification":{"@type":"PriceSpecification","price":700,"priceCurrency":"MDL","valueAddedTaxIncluded":"true"},"seller":{"@type":"Organization","@id":"https:\/\/tabaccomd.com\/ro\/#organization"}}},{"@type":"WebPage","@id":"https:\/\/tabaccomd.com\/ro\/product\/set-cadou-te-amo-cuba-de-5-trabucuri-cu-ghilotina\/#webpage","url":"https:\/\/tabaccomd.com\/ro\/product\/set-cadou-te-amo-cuba-de-5-trabucuri-cu-ghilotina\/","name":"Set cadou Te-Amo Cuba de 5 trabucuri cu ghilotin\u0103 \u2013 Tabacco House","description":"Set cadou Te-Amo Cuba de 5 trabucuri cu ghilotin\u0103 cump\u0103ra\u021bi \u00een Chi\u0219in\u0103u \u2b50","inLanguage":"ro-RO","isPartOf":{"@id":"https:\/\/tabaccomd.com\/ro\/#website"},"breadcrumb":{"@id":"https:\/\/tabaccomd.com\/ro\/product\/set-cadou-te-amo-cuba-de-5-trabucuri-cu-ghilotina\/#breadcrumblist"},"image":{"@type":"ImageObject","url":"https:\/\/tabaccomd.com\/wp-content\/uploads\/2020\/12\/ov_07883-copy.jpg","@id":"https:\/\/tabaccomd.com\/ro\/product\/set-cadou-te-amo-cuba-de-5-trabucuri-cu-ghilotina\/#mainImage","width":900,"height":1350,"caption":"\u041f\u043e\u0434\u0430\u0440\u043e\u0447\u043d\u044b\u0439 \u043d\u0430\u0431\u043e\u0440 Te-Amo Cuba 5 \u0441\u0438\u0433\u0430\u0440"},"primaryImageOfPage":{"@id":"https:\/\/tabaccomd.com\/ro\/product\/set-cadou-te-amo-cuba-de-5-trabucuri-cu-ghilotina\/#mainImage"},"datePublished":"2020-12-26T08:45:48+03:00","dateModified":"2023-07-31T15:34:30+03:00"},{"@type":"WebSite","@id":"https:\/\/tabaccomd.com\/ro\/#website","url":"https:\/\/tabaccomd.com\/ro\/","name":"Tabacco House","alternateName":"tobaccomd.com","description":"\u041c\u0430\u0433\u0430\u0437\u0438\u043d \u0442\u0430\u0431\u0430\u0447\u043d\u044b\u0445 \u0438\u0437\u0434\u0435\u043b\u0438\u0439","inLanguage":"ro-RO","publisher":{"@id":"https:\/\/tabaccomd.com\/ro\/#organization"}}]},"og:locale":"ro_RO","og:site_name":"Tabacco House \u2013 \u041c\u0430\u0433\u0430\u0437\u0438\u043d \u0442\u0430\u0431\u0430\u0447\u043d\u044b\u0445 \u0438\u0437\u0434\u0435\u043b\u0438\u0439","og:type":"article","og:title":"Set cadou Te-Amo Cuba de 5 trabucuri cu ghilotin\u0103 \u2013 Tabacco House","og:description":"Set cadou Te-Amo Cuba de 5 trabucuri cu ghilotin\u0103 cump\u0103ra\u021bi \u00een Chi\u0219in\u0103u \u2b50","og:url":"https:\/\/tabaccomd.com\/ro\/product\/set-cadou-te-amo-cuba-de-5-trabucuri-cu-ghilotina\/","article:published_time":"2020-12-26T05:45:48+00:00","article:modified_time":"2023-07-31T12:34:30+00:00","article:publisher":"https:\/\/www.facebook.com\/tabaccomd.com\/","twitter:card":"summary_large_image","twitter:title":"Set cadou Te-Amo Cuba de 5 trabucuri cu ghilotin\u0103 \u2013 Tabacco House","twitter:description":"Set cadou Te-Amo Cuba de 5 trabucuri cu ghilotin\u0103 cump\u0103ra\u021bi \u00een Chi\u0219in\u0103u \u2b50"},"aioseo_meta_data":{"post_id":"19098","title":null,"description":"Set cadou Te-Amo Cuba de 5 trabucuri cu ghilotin\u0103 cump\u0103ra\u021bi \u00een Chi\u0219in\u0103u \u2b50","keywords":[],"keyphrases":{"focus":{"keyphrase":"Set cadou Te-Amo Cuba de 5 trabucuri ","score":78,"analysis":{"keyphraseInTitle":{"score":9,"maxScore":9,"error":0},"keyphraseInDescription":{"score":9,"maxScore":9,"error":0},"keyphraseLength":{"score":6,"maxScore":9,"error":1,"length":6},"keyphraseInURL":{"score":5,"maxScore":5,"error":0},"keyphraseInIntroduction":{"score":3,"maxScore":9,"error":1},"keyphraseInSubHeadings":[],"keyphraseInImageAlt":[]}},"additional":[]},"primary_term":null,"canonical_url":null,"og_title":null,"og_description":null,"og_object_type":"default","og_image_type":"default","og_image_url":null,"og_image_width":null,"og_image_height":null,"og_image_custom_url":null,"og_image_custom_fields":null,"og_video":"","og_custom_url":null,"og_article_section":null,"og_article_tags":[],"twitter_use_og":false,"twitter_card":"default","twitter_image_type":"default","twitter_image_url":null,"twitter_image_custom_url":null,"twitter_image_custom_fields":null,"twitter_title":null,"twitter_description":null,"schema":{"blockGraphs":[],"customGraphs":[],"default":{"data":{"Article":[],"Course":[],"Dataset":[],"FAQPage":[],"Movie":[],"Person":[],"Product":[],"ProductReview":[],"Car":[],"Recipe":[],"Service":[],"SoftwareApplication":[],"WebPage":[]},"graphName":"ItemPage","isEnabled":true},"graphs":[]},"schema_type":"default","schema_type_options":null,"pillar_content":false,"robots_default":true,"robots_noindex":false,"robots_noarchive":false,"robots_nosnippet":false,"robots_nofollow":false,"robots_noimageindex":false,"robots_noodp":false,"robots_notranslate":false,"robots_max_snippet":"-1","robots_max_videopreview":"-1","robots_max_imagepreview":"large","priority":null,"frequency":"default","local_seo":null,"seo_analyzer_scan_date":"2025-10-19 22:44:51","breadcrumb_settings":null,"limit_modified_date":false,"reviewed_by":null,"open_ai":null,"ai":null,"created":"2023-03-30 14:36:03","updated":"2025-10-19 22:44:51"},"aioseo_breadcrumb":"<div class=\"aioseo-breadcrumbs\"><span class=\"aioseo-breadcrumb\">\n\t<a href=\"https:\/\/tabaccomd.com\/ro\/\" title=\"\u0413\u043b\u0430\u0432\u043d\u0430\u044f\">\u0413\u043b\u0430\u0432\u043d\u0430\u044f<\/a>\n<\/span><span class=\"aioseo-breadcrumb-separator\">\u00bb<\/span><span class=\"aioseo-breadcrumb\">\n\t<a href=\"https:\/\/tabaccomd.com\/ro\/catalog\/\" title=\"Catalog\">Catalog<\/a>\n<\/span><span class=\"aioseo-breadcrumb-separator\">\u00bb<\/span><span class=\"aioseo-breadcrumb\">\n\t<a href=\"https:\/\/tabaccomd.com\/ro\/product-category\/set-de-trabucuri-2\/\" title=\"Set de Trabucuri\">Set de Trabucuri<\/a>\n<\/span><span class=\"aioseo-breadcrumb-separator\">\u00bb<\/span><span class=\"aioseo-breadcrumb\">\n\tSet cadou Te-Amo Cuba de 5 trabucuri cu ghilotin\u0103\n<\/span><\/div>","aioseo_breadcrumb_json":[{"label":"\u0413\u043b\u0430\u0432\u043d\u0430\u044f","link":"https:\/\/tabaccomd.com\/ro\/"},{"label":"Catalog","link":"https:\/\/tabaccomd.com\/ro\/catalog\/"},{"label":"Set de Trabucuri","link":"https:\/\/tabaccomd.com\/ro\/product-category\/set-de-trabucuri-2\/"},{"label":"Set cadou Te-Amo Cuba de 5 trabucuri cu ghilotin\u0103","link":"https:\/\/tabaccomd.com\/ro\/product\/set-cadou-te-amo-cuba-de-5-trabucuri-cu-ghilotina\/"}],"images_for_1c":[{"url":"https:\/\/tabaccomd.com\/wp-content\/uploads\/2020\/12\/ov_07883-copy.jpg","type":"featured","alt":"\u041f\u043e\u0434\u0430\u0440\u043e\u0447\u043d\u044b\u0439 \u043d\u0430\u0431\u043e\u0440 Te-Amo Cuba 5 \u0441\u0438\u0433\u0430\u0440","filename":"ov_07883-copy.jpg"},{"url":"https:\/\/tabaccomd.com\/wp-content\/uploads\/2020\/12\/ov_07886-copy.jpg","type":"gallery","alt":"","filename":"ov_07886-copy.jpg"},{"url":"https:\/\/tabaccomd.com\/wp-content\/uploads\/2020\/12\/ov_07879-copy.jpg","type":"gallery","alt":"","filename":"ov_07879-copy.jpg"},{"url":"https:\/\/tabaccomd.com\/wp-content\/uploads\/2020\/12\/ov_07878-copy.jpg","type":"gallery","alt":"","filename":"ov_07878-copy.jpg"},{"url":"https:\/\/tabaccomd.com\/wp-content\/uploads\/2020\/12\/ov_07875-copy.jpg","type":"gallery","alt":"","filename":"ov_07875-copy.jpg"}],"additional_data_1c":{"modified_date":"2023-07-31 15:34:30","permalink":"https:\/\/tabaccomd.com\/ro\/product\/set-cadou-te-amo-cuba-de-5-trabucuri-cu-ghilotina\/","stock_status":"outofstock","manage_stock":"no"},"_links":{"self":[{"href":"https:\/\/tabaccomd.com\/ro\/wp-json\/wp\/v2\/product\/19098","targetHints":{"allow":["GET"]}}],"collection":[{"href":"https:\/\/tabaccomd.com\/ro\/wp-json\/wp\/v2\/product"}],"about":[{"href":"https:\/\/tabaccomd.com\/ro\/wp-json\/wp\/v2\/types\/product"}],"wp:featuredmedia":[{"embeddable":true,"href":"https:\/\/tabaccomd.com\/ro\/wp-json\/wp\/v2\/media\/16079"}],"wp:attachment":[{"href":"https:\/\/tabaccomd.com\/ro\/wp-json\/wp\/v2\/media?parent=19098"}],"wp:term":[{"taxonomy":"product_brand","embeddable":true,"href":"https:\/\/tabaccomd.com\/ro\/wp-json\/wp\/v2\/product_brand?post=19098"},{"taxonomy":"product_cat","embeddable":true,"href":"https:\/\/tabaccomd.com\/ro\/wp-json\/wp\/v2\/product_cat?post=19098"},{"taxonomy":"product_tag","embeddable":true,"href":"https:\/\/tabaccomd.com\/ro\/wp-json\/wp\/v2\/product_tag?post=19098"}],"curies":[{"name":"wp","href":"https:\/\/api.w.org\/{rel}","templated":true}]}}