{"id":19090,"date":"2020-12-08T17:44:49","date_gmt":"2020-12-08T14:44:49","guid":{"rendered":"https:\/\/new124.tabaccomd.com\/product\/tutun-pentru-narghilea-serbetli-iaurt-de-piersici-50g\/"},"modified":"2020-12-08T17:44:49","modified_gmt":"2020-12-08T14:44:49","slug":"tutun-pentru-narghilea-serbetli-iaurt-de-piersici-50g","status":"publish","type":"product","link":"https:\/\/tabaccomd.com\/ro\/product\/tutun-pentru-narghilea-serbetli-iaurt-de-piersici-50g\/","title":{"rendered":"Tutun pentru narghilea Serbetli Iaurt de piersici 50g"},"content":{"rendered":"<p>Tutun pentru narghilea\u00a0 Serbetli Peach Yoghurt este alegerea perfect\u0103 pentru iubitorii de arome dulci \u0219i l\u0103ptoase. Bucura\u021bi-v\u0103 de o arom\u0103 bl\u00e2nd\u0103 \u0219i \u00eenv\u0103luitoare, care aminte\u0219te foarte mult de un Danon de b\u0103utur\u0103. Acest tutun con\u021bine buc\u0103\u021bi naturale de piersic\u0103, ceea ce \u00eei confer\u0103 un postgust fructat.<\/p>\n<p>Marca <a href=\"https:\/\/tabaccomd.com\/ro\/product-category\/tabak\/tabak-kalyanyj\/tutun-pentru-narghilea-serbetli\/\">Serbetli<\/a> ofer\u0103 o gam\u0103 larg\u0103 de tutunuri pentru narghilea de \u00eenalt\u0103 calitate \u0219i cu arome unice. Produsele lor sunt fabricate din ingrediente de \u00eenalt\u0103 calitate \u0219i au combina\u021bii de arome unice. Alege\u021bi Serbetli pentru o experien\u021b\u0103 de calitate \u0219i gust de neegalat.<\/p>\n","protected":false},"excerpt":{"rendered":"<ul>\n<li>Gust: Iaurt de piersici<\/li>\n<li>Tarie : medie<\/li>\n<li>Greutate: 50gramme<\/li>\n<li>Produc\u0103tor: Turcia<\/li>\n<li>Fumul: Tare<\/li>\n<\/ul>\n","protected":false},"featured_media":16312,"template":"","meta":{"om_disable_all_campaigns":false,"_monsterinsights_skip_tracking":false,"_monsterinsights_sitenote_active":false,"_monsterinsights_sitenote_note":"","_monsterinsights_sitenote_category":0},"product_brand":[],"product_cat":[193],"product_tag":[],"class_list":{"0":"post-19090","1":"product","2":"type-product","3":"status-publish","4":"has-post-thumbnail","6":"product_cat-tutun-pentru-narghilea-serbetli-2","8":"first","9":"outofstock","10":"taxable","11":"shipping-taxable","12":"purchasable","13":"product-type-simple"},"aioseo_notices":[],"aioseo_head":"\n\t\t<!-- All in One SEO Pro 4.9.5.2 - aioseo.com -->\n\t<meta name=\"robots\" content=\"max-image-preview:large\" \/>\n\t<link rel=\"canonical\" href=\"https:\/\/tabaccomd.com\/ro\/product\/tutun-pentru-narghilea-serbetli-iaurt-de-piersici-50g\/\" \/>\n\t<meta name=\"generator\" content=\"All in One SEO Pro (AIOSEO) 4.9.5.2\" \/>\n\t\t<meta property=\"og:locale\" content=\"ro_RO\" \/>\n\t\t<meta property=\"og:site_name\" content=\"Tabacco House \u2013 \u041c\u0430\u0433\u0430\u0437\u0438\u043d \u0442\u0430\u0431\u0430\u0447\u043d\u044b\u0445 \u0438\u0437\u0434\u0435\u043b\u0438\u0439\" \/>\n\t\t<meta property=\"og:type\" content=\"article\" \/>\n\t\t<meta property=\"og:title\" content=\"Tutun pentru narghilea Serbetli Iaurt de piersici 50g \u2013 Tabacco House\" \/>\n\t\t<meta property=\"og:url\" content=\"https:\/\/tabaccomd.com\/ro\/product\/tutun-pentru-narghilea-serbetli-iaurt-de-piersici-50g\/\" \/>\n\t\t<meta property=\"article:published_time\" content=\"2020-12-08T14:44:49+00:00\" \/>\n\t\t<meta property=\"article:modified_time\" content=\"2020-12-08T14:44:49+00:00\" \/>\n\t\t<meta property=\"article:publisher\" content=\"https:\/\/www.facebook.com\/tabaccomd.com\/\" \/>\n\t\t<meta name=\"twitter:card\" content=\"summary_large_image\" \/>\n\t\t<meta name=\"twitter:title\" content=\"Tutun pentru narghilea Serbetli Iaurt de piersici 50g \u2013 Tabacco House\" \/>\n\t\t<script type=\"application\/ld+json\" class=\"aioseo-schema\">\n\t\t\t{\"@context\":\"https:\\\/\\\/schema.org\",\"@graph\":[{\"@type\":\"BreadcrumbList\",\"@id\":\"https:\\\/\\\/tabaccomd.com\\\/ro\\\/product\\\/tutun-pentru-narghilea-serbetli-iaurt-de-piersici-50g\\\/#breadcrumblist\",\"itemListElement\":[{\"@type\":\"ListItem\",\"@id\":\"https:\\\/\\\/tabaccomd.com\\\/ro\\\/#listItem\",\"position\":1,\"name\":\"\\u0413\\u043b\\u0430\\u0432\\u043d\\u0430\\u044f\",\"item\":\"https:\\\/\\\/tabaccomd.com\\\/ro\\\/\",\"nextItem\":{\"@type\":\"ListItem\",\"@id\":\"https:\\\/\\\/tabaccomd.com\\\/ro\\\/catalog\\\/#listItem\",\"name\":\"Catalog\"}},{\"@type\":\"ListItem\",\"@id\":\"https:\\\/\\\/tabaccomd.com\\\/ro\\\/catalog\\\/#listItem\",\"position\":2,\"name\":\"Catalog\",\"item\":\"https:\\\/\\\/tabaccomd.com\\\/ro\\\/catalog\\\/\",\"nextItem\":{\"@type\":\"ListItem\",\"@id\":\"https:\\\/\\\/tabaccomd.com\\\/ro\\\/product-category\\\/tutun\\\/#listItem\",\"name\":\"Tutun\"},\"previousItem\":{\"@type\":\"ListItem\",\"@id\":\"https:\\\/\\\/tabaccomd.com\\\/ro\\\/#listItem\",\"name\":\"\\u0413\\u043b\\u0430\\u0432\\u043d\\u0430\\u044f\"}},{\"@type\":\"ListItem\",\"@id\":\"https:\\\/\\\/tabaccomd.com\\\/ro\\\/product-category\\\/tutun\\\/#listItem\",\"position\":3,\"name\":\"Tutun\",\"item\":\"https:\\\/\\\/tabaccomd.com\\\/ro\\\/product-category\\\/tutun\\\/\",\"nextItem\":{\"@type\":\"ListItem\",\"@id\":\"https:\\\/\\\/tabaccomd.com\\\/ro\\\/product-category\\\/tutun\\\/tutun-pentru-narghilea\\\/#listItem\",\"name\":\"Tutun pentru narghilea\"},\"previousItem\":{\"@type\":\"ListItem\",\"@id\":\"https:\\\/\\\/tabaccomd.com\\\/ro\\\/catalog\\\/#listItem\",\"name\":\"Catalog\"}},{\"@type\":\"ListItem\",\"@id\":\"https:\\\/\\\/tabaccomd.com\\\/ro\\\/product-category\\\/tutun\\\/tutun-pentru-narghilea\\\/#listItem\",\"position\":4,\"name\":\"Tutun pentru narghilea\",\"item\":\"https:\\\/\\\/tabaccomd.com\\\/ro\\\/product-category\\\/tutun\\\/tutun-pentru-narghilea\\\/\",\"nextItem\":{\"@type\":\"ListItem\",\"@id\":\"https:\\\/\\\/tabaccomd.com\\\/ro\\\/product-category\\\/tutun\\\/tutun-pentru-narghilea\\\/tutun-pentru-narghilea-serbetli-2\\\/#listItem\",\"name\":\"Tutun pentru narghilea Serbetli\"},\"previousItem\":{\"@type\":\"ListItem\",\"@id\":\"https:\\\/\\\/tabaccomd.com\\\/ro\\\/product-category\\\/tutun\\\/#listItem\",\"name\":\"Tutun\"}},{\"@type\":\"ListItem\",\"@id\":\"https:\\\/\\\/tabaccomd.com\\\/ro\\\/product-category\\\/tutun\\\/tutun-pentru-narghilea\\\/tutun-pentru-narghilea-serbetli-2\\\/#listItem\",\"position\":5,\"name\":\"Tutun pentru narghilea Serbetli\",\"item\":\"https:\\\/\\\/tabaccomd.com\\\/ro\\\/product-category\\\/tutun\\\/tutun-pentru-narghilea\\\/tutun-pentru-narghilea-serbetli-2\\\/\",\"nextItem\":{\"@type\":\"ListItem\",\"@id\":\"https:\\\/\\\/tabaccomd.com\\\/ro\\\/product\\\/tutun-pentru-narghilea-serbetli-iaurt-de-piersici-50g\\\/#listItem\",\"name\":\"Tutun pentru narghilea Serbetli Iaurt de piersici 50g\"},\"previousItem\":{\"@type\":\"ListItem\",\"@id\":\"https:\\\/\\\/tabaccomd.com\\\/ro\\\/product-category\\\/tutun\\\/tutun-pentru-narghilea\\\/#listItem\",\"name\":\"Tutun pentru narghilea\"}},{\"@type\":\"ListItem\",\"@id\":\"https:\\\/\\\/tabaccomd.com\\\/ro\\\/product\\\/tutun-pentru-narghilea-serbetli-iaurt-de-piersici-50g\\\/#listItem\",\"position\":6,\"name\":\"Tutun pentru narghilea Serbetli Iaurt de piersici 50g\",\"previousItem\":{\"@type\":\"ListItem\",\"@id\":\"https:\\\/\\\/tabaccomd.com\\\/ro\\\/product-category\\\/tutun\\\/tutun-pentru-narghilea\\\/tutun-pentru-narghilea-serbetli-2\\\/#listItem\",\"name\":\"Tutun pentru narghilea Serbetli\"}}]},{\"@type\":\"Organization\",\"@id\":\"https:\\\/\\\/tabaccomd.com\\\/ro\\\/#organization\",\"name\":\"Tabacco House\",\"description\":\"\\u041c\\u0430\\u0433\\u0430\\u0437\\u0438\\u043d \\u0442\\u0430\\u0431\\u0430\\u0447\\u043d\\u044b\\u0445 \\u0438\\u0437\\u0434\\u0435\\u043b\\u0438\\u0439\",\"url\":\"https:\\\/\\\/tabaccomd.com\\\/ro\\\/\",\"email\":\"Office@cazacuhouse.com\",\"telephone\":\"+37361000935\",\"logo\":{\"@type\":\"ImageObject\",\"url\":\"https:\\\/\\\/tabaccomd.com\\\/wp-content\\\/uploads\\\/2024\\\/02\\\/logo_header3.png\",\"@id\":\"https:\\\/\\\/tabaccomd.com\\\/ro\\\/product\\\/tutun-pentru-narghilea-serbetli-iaurt-de-piersici-50g\\\/#organizationLogo\",\"width\":32,\"height\":32,\"caption\":\"Tabacco House\"},\"image\":{\"@id\":\"https:\\\/\\\/tabaccomd.com\\\/ro\\\/product\\\/tutun-pentru-narghilea-serbetli-iaurt-de-piersici-50g\\\/#organizationLogo\"},\"sameAs\":[\"https:\\\/\\\/www.facebook.com\\\/tabaccomd.com\\\/\",\"https:\\\/\\\/www.instagram.com\\\/tabaccomd.com\\\/\"],\"address\":{\"@id\":\"https:\\\/\\\/tabaccomd.com\\\/ro\\\/#postaladdress\",\"@type\":\"PostalAddress\",\"streetAddress\":\"Strada Albi\\u015foara 4, Chi\\u0219in\\u0103u, Bulevardul \\u0218tefan cel Mare \\u0219i Sf\\u00eent 136, Chi\\u0219in\\u0103u\",\"addressLocality\":\"Chi\\u0219in\\u0103u\",\"addressCountry\":\"MD\"}},{\"@type\":\"Product\",\"@id\":\"https:\\\/\\\/tabaccomd.com\\\/ro\\\/product\\\/tutun-pentru-narghilea-serbetli-iaurt-de-piersici-50g\\\/#wooCommerceProduct\",\"name\":\"Tutun pentru narghilea Serbetli Iaurt de piersici 50g\",\"description\":\"Gust: Iaurt de piersici\\r\\n \\tTarie : medie\\r\\n \\tGreutate: 50gramme\\r\\n \\tProduc\\u0103tor: Turcia\\r\\n \\tFumul: Tare\",\"url\":\"https:\\\/\\\/tabaccomd.com\\\/ro\\\/product\\\/tutun-pentru-narghilea-serbetli-iaurt-de-piersici-50g\\\/\",\"sku\":\"S-45\",\"image\":{\"@type\":\"ImageObject\",\"url\":\"https:\\\/\\\/tabaccomd.com\\\/wp-content\\\/uploads\\\/2020\\\/12\\\/tabak-dlya-kalyana-serbetli-peach-yoghurt-50gr-tabaccomd.com_.jpg\",\"@id\":\"https:\\\/\\\/tabaccomd.com\\\/ro\\\/product\\\/tutun-pentru-narghilea-serbetli-iaurt-de-piersici-50g\\\/#productImage\",\"width\":600,\"height\":600},\"offers\":{\"@type\":\"Offer\",\"url\":\"https:\\\/\\\/tabaccomd.com\\\/ro\\\/product\\\/tutun-pentru-narghilea-serbetli-iaurt-de-piersici-50g\\\/#wooCommerceOffer\",\"price\":50,\"priceCurrency\":\"MDL\",\"category\":\"Tutun pentru narghilea Serbetli\",\"availability\":\"https:\\\/\\\/schema.org\\\/OutOfStock\",\"priceSpecification\":{\"@type\":\"PriceSpecification\",\"price\":50,\"priceCurrency\":\"MDL\",\"valueAddedTaxIncluded\":\"true\"},\"seller\":{\"@type\":\"Organization\",\"@id\":\"https:\\\/\\\/tabaccomd.com\\\/ro\\\/#organization\"}}},{\"@type\":\"WebPage\",\"@id\":\"https:\\\/\\\/tabaccomd.com\\\/ro\\\/product\\\/tutun-pentru-narghilea-serbetli-iaurt-de-piersici-50g\\\/#webpage\",\"url\":\"https:\\\/\\\/tabaccomd.com\\\/ro\\\/product\\\/tutun-pentru-narghilea-serbetli-iaurt-de-piersici-50g\\\/\",\"name\":\"Tutun pentru narghilea Serbetli Iaurt de piersici 50g \\u2013 Tabacco House\",\"inLanguage\":\"ro-RO\",\"isPartOf\":{\"@id\":\"https:\\\/\\\/tabaccomd.com\\\/ro\\\/#website\"},\"breadcrumb\":{\"@id\":\"https:\\\/\\\/tabaccomd.com\\\/ro\\\/product\\\/tutun-pentru-narghilea-serbetli-iaurt-de-piersici-50g\\\/#breadcrumblist\"},\"image\":{\"@type\":\"ImageObject\",\"url\":\"https:\\\/\\\/tabaccomd.com\\\/wp-content\\\/uploads\\\/2020\\\/12\\\/tabak-dlya-kalyana-serbetli-peach-yoghurt-50gr-tabaccomd.com_.jpg\",\"@id\":\"https:\\\/\\\/tabaccomd.com\\\/ro\\\/product\\\/tutun-pentru-narghilea-serbetli-iaurt-de-piersici-50g\\\/#mainImage\",\"width\":600,\"height\":600},\"primaryImageOfPage\":{\"@id\":\"https:\\\/\\\/tabaccomd.com\\\/ro\\\/product\\\/tutun-pentru-narghilea-serbetli-iaurt-de-piersici-50g\\\/#mainImage\"},\"datePublished\":\"2020-12-08T17:44:49+03:00\",\"dateModified\":\"2020-12-08T17:44:49+03:00\"},{\"@type\":\"WebSite\",\"@id\":\"https:\\\/\\\/tabaccomd.com\\\/ro\\\/#website\",\"url\":\"https:\\\/\\\/tabaccomd.com\\\/ro\\\/\",\"name\":\"Tabacco House\",\"alternateName\":\"tobaccomd.com\",\"description\":\"\\u041c\\u0430\\u0433\\u0430\\u0437\\u0438\\u043d \\u0442\\u0430\\u0431\\u0430\\u0447\\u043d\\u044b\\u0445 \\u0438\\u0437\\u0434\\u0435\\u043b\\u0438\\u0439\",\"inLanguage\":\"ro-RO\",\"publisher\":{\"@id\":\"https:\\\/\\\/tabaccomd.com\\\/ro\\\/#organization\"}}]}\n\t\t<\/script>\n\t\t<!-- All in One SEO Pro -->\r\n\t\t<title>Tutun pentru narghilea Serbetli Iaurt de piersici 50g \u2013 Tabacco House<\/title>\n\n","aioseo_head_json":{"title":"Tutun pentru narghilea Serbetli Iaurt de piersici 50g \u2013 Tabacco House","description":"","canonical_url":"https:\/\/tabaccomd.com\/ro\/product\/tutun-pentru-narghilea-serbetli-iaurt-de-piersici-50g\/","robots":"max-image-preview:large","keywords":"","webmasterTools":{"miscellaneous":""},"schema":{"@context":"https:\/\/schema.org","@graph":[{"@type":"BreadcrumbList","@id":"https:\/\/tabaccomd.com\/ro\/product\/tutun-pentru-narghilea-serbetli-iaurt-de-piersici-50g\/#breadcrumblist","itemListElement":[{"@type":"ListItem","@id":"https:\/\/tabaccomd.com\/ro\/#listItem","position":1,"name":"\u0413\u043b\u0430\u0432\u043d\u0430\u044f","item":"https:\/\/tabaccomd.com\/ro\/","nextItem":{"@type":"ListItem","@id":"https:\/\/tabaccomd.com\/ro\/catalog\/#listItem","name":"Catalog"}},{"@type":"ListItem","@id":"https:\/\/tabaccomd.com\/ro\/catalog\/#listItem","position":2,"name":"Catalog","item":"https:\/\/tabaccomd.com\/ro\/catalog\/","nextItem":{"@type":"ListItem","@id":"https:\/\/tabaccomd.com\/ro\/product-category\/tutun\/#listItem","name":"Tutun"},"previousItem":{"@type":"ListItem","@id":"https:\/\/tabaccomd.com\/ro\/#listItem","name":"\u0413\u043b\u0430\u0432\u043d\u0430\u044f"}},{"@type":"ListItem","@id":"https:\/\/tabaccomd.com\/ro\/product-category\/tutun\/#listItem","position":3,"name":"Tutun","item":"https:\/\/tabaccomd.com\/ro\/product-category\/tutun\/","nextItem":{"@type":"ListItem","@id":"https:\/\/tabaccomd.com\/ro\/product-category\/tutun\/tutun-pentru-narghilea\/#listItem","name":"Tutun pentru narghilea"},"previousItem":{"@type":"ListItem","@id":"https:\/\/tabaccomd.com\/ro\/catalog\/#listItem","name":"Catalog"}},{"@type":"ListItem","@id":"https:\/\/tabaccomd.com\/ro\/product-category\/tutun\/tutun-pentru-narghilea\/#listItem","position":4,"name":"Tutun pentru narghilea","item":"https:\/\/tabaccomd.com\/ro\/product-category\/tutun\/tutun-pentru-narghilea\/","nextItem":{"@type":"ListItem","@id":"https:\/\/tabaccomd.com\/ro\/product-category\/tutun\/tutun-pentru-narghilea\/tutun-pentru-narghilea-serbetli-2\/#listItem","name":"Tutun pentru narghilea Serbetli"},"previousItem":{"@type":"ListItem","@id":"https:\/\/tabaccomd.com\/ro\/product-category\/tutun\/#listItem","name":"Tutun"}},{"@type":"ListItem","@id":"https:\/\/tabaccomd.com\/ro\/product-category\/tutun\/tutun-pentru-narghilea\/tutun-pentru-narghilea-serbetli-2\/#listItem","position":5,"name":"Tutun pentru narghilea Serbetli","item":"https:\/\/tabaccomd.com\/ro\/product-category\/tutun\/tutun-pentru-narghilea\/tutun-pentru-narghilea-serbetli-2\/","nextItem":{"@type":"ListItem","@id":"https:\/\/tabaccomd.com\/ro\/product\/tutun-pentru-narghilea-serbetli-iaurt-de-piersici-50g\/#listItem","name":"Tutun pentru narghilea Serbetli Iaurt de piersici 50g"},"previousItem":{"@type":"ListItem","@id":"https:\/\/tabaccomd.com\/ro\/product-category\/tutun\/tutun-pentru-narghilea\/#listItem","name":"Tutun pentru narghilea"}},{"@type":"ListItem","@id":"https:\/\/tabaccomd.com\/ro\/product\/tutun-pentru-narghilea-serbetli-iaurt-de-piersici-50g\/#listItem","position":6,"name":"Tutun pentru narghilea Serbetli Iaurt de piersici 50g","previousItem":{"@type":"ListItem","@id":"https:\/\/tabaccomd.com\/ro\/product-category\/tutun\/tutun-pentru-narghilea\/tutun-pentru-narghilea-serbetli-2\/#listItem","name":"Tutun pentru narghilea Serbetli"}}]},{"@type":"Organization","@id":"https:\/\/tabaccomd.com\/ro\/#organization","name":"Tabacco House","description":"\u041c\u0430\u0433\u0430\u0437\u0438\u043d \u0442\u0430\u0431\u0430\u0447\u043d\u044b\u0445 \u0438\u0437\u0434\u0435\u043b\u0438\u0439","url":"https:\/\/tabaccomd.com\/ro\/","email":"Office@cazacuhouse.com","telephone":"+37361000935","logo":{"@type":"ImageObject","url":"https:\/\/tabaccomd.com\/wp-content\/uploads\/2024\/02\/logo_header3.png","@id":"https:\/\/tabaccomd.com\/ro\/product\/tutun-pentru-narghilea-serbetli-iaurt-de-piersici-50g\/#organizationLogo","width":32,"height":32,"caption":"Tabacco House"},"image":{"@id":"https:\/\/tabaccomd.com\/ro\/product\/tutun-pentru-narghilea-serbetli-iaurt-de-piersici-50g\/#organizationLogo"},"sameAs":["https:\/\/www.facebook.com\/tabaccomd.com\/","https:\/\/www.instagram.com\/tabaccomd.com\/"],"address":{"@id":"https:\/\/tabaccomd.com\/ro\/#postaladdress","@type":"PostalAddress","streetAddress":"Strada Albi\u015foara 4, Chi\u0219in\u0103u, Bulevardul \u0218tefan cel Mare \u0219i Sf\u00eent 136, Chi\u0219in\u0103u","addressLocality":"Chi\u0219in\u0103u","addressCountry":"MD"}},{"@type":"Product","@id":"https:\/\/tabaccomd.com\/ro\/product\/tutun-pentru-narghilea-serbetli-iaurt-de-piersici-50g\/#wooCommerceProduct","name":"Tutun pentru narghilea Serbetli Iaurt de piersici 50g","description":"Gust: Iaurt de piersici\r\n \tTarie : medie\r\n \tGreutate: 50gramme\r\n \tProduc\u0103tor: Turcia\r\n \tFumul: Tare","url":"https:\/\/tabaccomd.com\/ro\/product\/tutun-pentru-narghilea-serbetli-iaurt-de-piersici-50g\/","sku":"S-45","image":{"@type":"ImageObject","url":"https:\/\/tabaccomd.com\/wp-content\/uploads\/2020\/12\/tabak-dlya-kalyana-serbetli-peach-yoghurt-50gr-tabaccomd.com_.jpg","@id":"https:\/\/tabaccomd.com\/ro\/product\/tutun-pentru-narghilea-serbetli-iaurt-de-piersici-50g\/#productImage","width":600,"height":600},"offers":{"@type":"Offer","url":"https:\/\/tabaccomd.com\/ro\/product\/tutun-pentru-narghilea-serbetli-iaurt-de-piersici-50g\/#wooCommerceOffer","price":50,"priceCurrency":"MDL","category":"Tutun pentru narghilea Serbetli","availability":"https:\/\/schema.org\/OutOfStock","priceSpecification":{"@type":"PriceSpecification","price":50,"priceCurrency":"MDL","valueAddedTaxIncluded":"true"},"seller":{"@type":"Organization","@id":"https:\/\/tabaccomd.com\/ro\/#organization"}}},{"@type":"WebPage","@id":"https:\/\/tabaccomd.com\/ro\/product\/tutun-pentru-narghilea-serbetli-iaurt-de-piersici-50g\/#webpage","url":"https:\/\/tabaccomd.com\/ro\/product\/tutun-pentru-narghilea-serbetli-iaurt-de-piersici-50g\/","name":"Tutun pentru narghilea Serbetli Iaurt de piersici 50g \u2013 Tabacco House","inLanguage":"ro-RO","isPartOf":{"@id":"https:\/\/tabaccomd.com\/ro\/#website"},"breadcrumb":{"@id":"https:\/\/tabaccomd.com\/ro\/product\/tutun-pentru-narghilea-serbetli-iaurt-de-piersici-50g\/#breadcrumblist"},"image":{"@type":"ImageObject","url":"https:\/\/tabaccomd.com\/wp-content\/uploads\/2020\/12\/tabak-dlya-kalyana-serbetli-peach-yoghurt-50gr-tabaccomd.com_.jpg","@id":"https:\/\/tabaccomd.com\/ro\/product\/tutun-pentru-narghilea-serbetli-iaurt-de-piersici-50g\/#mainImage","width":600,"height":600},"primaryImageOfPage":{"@id":"https:\/\/tabaccomd.com\/ro\/product\/tutun-pentru-narghilea-serbetli-iaurt-de-piersici-50g\/#mainImage"},"datePublished":"2020-12-08T17:44:49+03:00","dateModified":"2020-12-08T17:44:49+03:00"},{"@type":"WebSite","@id":"https:\/\/tabaccomd.com\/ro\/#website","url":"https:\/\/tabaccomd.com\/ro\/","name":"Tabacco House","alternateName":"tobaccomd.com","description":"\u041c\u0430\u0433\u0430\u0437\u0438\u043d \u0442\u0430\u0431\u0430\u0447\u043d\u044b\u0445 \u0438\u0437\u0434\u0435\u043b\u0438\u0439","inLanguage":"ro-RO","publisher":{"@id":"https:\/\/tabaccomd.com\/ro\/#organization"}}]},"og:locale":"ro_RO","og:site_name":"Tabacco House \u2013 \u041c\u0430\u0433\u0430\u0437\u0438\u043d \u0442\u0430\u0431\u0430\u0447\u043d\u044b\u0445 \u0438\u0437\u0434\u0435\u043b\u0438\u0439","og:type":"article","og:title":"Tutun pentru narghilea Serbetli Iaurt de piersici 50g \u2013 Tabacco House","og:url":"https:\/\/tabaccomd.com\/ro\/product\/tutun-pentru-narghilea-serbetli-iaurt-de-piersici-50g\/","article:published_time":"2020-12-08T14:44:49+00:00","article:modified_time":"2020-12-08T14:44:49+00:00","article:publisher":"https:\/\/www.facebook.com\/tabaccomd.com\/","twitter:card":"summary_large_image","twitter:title":"Tutun pentru narghilea Serbetli Iaurt de piersici 50g \u2013 Tabacco House"},"aioseo_meta_data":{"post_id":"19090","title":null,"description":null,"keywords":null,"keyphrases":null,"primary_term":null,"canonical_url":null,"og_title":null,"og_description":null,"og_object_type":"default","og_image_type":"default","og_image_url":null,"og_image_width":null,"og_image_height":null,"og_image_custom_url":null,"og_image_custom_fields":null,"og_video":null,"og_custom_url":null,"og_article_section":null,"og_article_tags":null,"twitter_use_og":false,"twitter_card":"default","twitter_image_type":"default","twitter_image_url":null,"twitter_image_custom_url":null,"twitter_image_custom_fields":null,"twitter_title":null,"twitter_description":null,"schema":{"blockGraphs":[],"customGraphs":[],"default":{"data":{"Article":[],"Course":[],"Dataset":[],"FAQPage":[],"Movie":[],"Person":[],"Product":[],"ProductReview":[],"Car":[],"Recipe":[],"Service":[],"SoftwareApplication":[],"WebPage":[]},"graphName":"","isEnabled":true},"graphs":[]},"schema_type":"default","schema_type_options":null,"pillar_content":false,"robots_default":true,"robots_noindex":false,"robots_noarchive":false,"robots_nosnippet":false,"robots_nofollow":false,"robots_noimageindex":false,"robots_noodp":false,"robots_notranslate":false,"robots_max_snippet":null,"robots_max_videopreview":null,"robots_max_imagepreview":"large","priority":null,"frequency":null,"local_seo":null,"seo_analyzer_scan_date":"2025-10-19 22:41:46","breadcrumb_settings":null,"limit_modified_date":false,"reviewed_by":null,"open_ai":null,"ai":null,"created":"2023-03-30 14:36:04","updated":"2025-10-19 22:41:46"},"aioseo_breadcrumb":"<div class=\"aioseo-breadcrumbs\"><span class=\"aioseo-breadcrumb\">\n\t<a href=\"https:\/\/tabaccomd.com\/ro\/\" title=\"\u0413\u043b\u0430\u0432\u043d\u0430\u044f\">\u0413\u043b\u0430\u0432\u043d\u0430\u044f<\/a>\n<\/span><span class=\"aioseo-breadcrumb-separator\">\u00bb<\/span><span class=\"aioseo-breadcrumb\">\n\t<a href=\"https:\/\/tabaccomd.com\/ro\/catalog\/\" title=\"Catalog\">Catalog<\/a>\n<\/span><span class=\"aioseo-breadcrumb-separator\">\u00bb<\/span><span class=\"aioseo-breadcrumb\">\n\t<a href=\"https:\/\/tabaccomd.com\/ro\/product-category\/tutun\/\" title=\"Tutun\">Tutun<\/a>\n<\/span><span class=\"aioseo-breadcrumb-separator\">\u00bb<\/span><span class=\"aioseo-breadcrumb\">\n\t<a href=\"https:\/\/tabaccomd.com\/ro\/product-category\/tutun\/tutun-pentru-narghilea\/\" title=\"Tutun pentru narghilea\">Tutun pentru narghilea<\/a>\n<\/span><span class=\"aioseo-breadcrumb-separator\">\u00bb<\/span><span class=\"aioseo-breadcrumb\">\n\t<a href=\"https:\/\/tabaccomd.com\/ro\/product-category\/tutun\/tutun-pentru-narghilea\/tutun-pentru-narghilea-serbetli-2\/\" title=\"Tutun pentru narghilea Serbetli\">Tutun pentru narghilea Serbetli<\/a>\n<\/span><span class=\"aioseo-breadcrumb-separator\">\u00bb<\/span><span class=\"aioseo-breadcrumb\">\n\tTutun pentru narghilea Serbetli Iaurt de piersici 50g\n<\/span><\/div>","aioseo_breadcrumb_json":[{"label":"\u0413\u043b\u0430\u0432\u043d\u0430\u044f","link":"https:\/\/tabaccomd.com\/ro\/"},{"label":"Catalog","link":"https:\/\/tabaccomd.com\/ro\/catalog\/"},{"label":"Tutun","link":"https:\/\/tabaccomd.com\/ro\/product-category\/tutun\/"},{"label":"Tutun pentru narghilea","link":"https:\/\/tabaccomd.com\/ro\/product-category\/tutun\/tutun-pentru-narghilea\/"},{"label":"Tutun pentru narghilea Serbetli","link":"https:\/\/tabaccomd.com\/ro\/product-category\/tutun\/tutun-pentru-narghilea\/tutun-pentru-narghilea-serbetli-2\/"},{"label":"Tutun pentru narghilea Serbetli Iaurt de piersici 50g","link":"https:\/\/tabaccomd.com\/ro\/product\/tutun-pentru-narghilea-serbetli-iaurt-de-piersici-50g\/"}],"images_for_1c":[{"url":"https:\/\/tabaccomd.com\/wp-content\/uploads\/2020\/12\/tabak-dlya-kalyana-serbetli-peach-yoghurt-50gr-tabaccomd.com_.jpg","type":"featured","alt":"","filename":"tabak-dlya-kalyana-serbetli-peach-yoghurt-50gr-tabaccomd.com_.jpg"}],"additional_data_1c":{"modified_date":"2020-12-08 17:44:49","permalink":"https:\/\/tabaccomd.com\/ro\/product\/tutun-pentru-narghilea-serbetli-iaurt-de-piersici-50g\/","stock_status":"outofstock","manage_stock":"no"},"_links":{"self":[{"href":"https:\/\/tabaccomd.com\/ro\/wp-json\/wp\/v2\/product\/19090","targetHints":{"allow":["GET"]}}],"collection":[{"href":"https:\/\/tabaccomd.com\/ro\/wp-json\/wp\/v2\/product"}],"about":[{"href":"https:\/\/tabaccomd.com\/ro\/wp-json\/wp\/v2\/types\/product"}],"wp:featuredmedia":[{"embeddable":true,"href":"https:\/\/tabaccomd.com\/ro\/wp-json\/wp\/v2\/media\/16312"}],"wp:attachment":[{"href":"https:\/\/tabaccomd.com\/ro\/wp-json\/wp\/v2\/media?parent=19090"}],"wp:term":[{"taxonomy":"product_brand","embeddable":true,"href":"https:\/\/tabaccomd.com\/ro\/wp-json\/wp\/v2\/product_brand?post=19090"},{"taxonomy":"product_cat","embeddable":true,"href":"https:\/\/tabaccomd.com\/ro\/wp-json\/wp\/v2\/product_cat?post=19090"},{"taxonomy":"product_tag","embeddable":true,"href":"https:\/\/tabaccomd.com\/ro\/wp-json\/wp\/v2\/product_tag?post=19090"}],"curies":[{"name":"wp","href":"https:\/\/api.w.org\/{rel}","templated":true}]}}