{"id":18930,"date":"2020-06-25T13:17:10","date_gmt":"2020-06-25T10:17:10","guid":{"rendered":"https:\/\/new124.tabaccomd.com\/product\/tutun-pentru-narghilea-adalya-baku-nights-50gr\/"},"modified":"2023-07-16T13:13:47","modified_gmt":"2023-07-16T10:13:47","slug":"tutun-pentru-narghilea-adalya-baku-nights-50gr","status":"publish","type":"product","link":"https:\/\/tabaccomd.com\/ro\/product\/tutun-pentru-narghilea-adalya-baku-nights-50gr\/","title":{"rendered":"Tutun pentru narghilea Adalya Baku Nights 50gr"},"content":{"rendered":"<ul>\n<li><em>Tutunul Adalya\u00a0este cea mai cunoscuta si vanduta marca de tutun pentru narghilea din lume. Acest tutun de inalta calitate are un gust consistent si uimitor fiind renumit pentru aroma sa puternica.<\/em><\/li>\n<li><em>Aromele din tutunul Adalya\u00a0sunt bine cunoscute pentru un gust dulce fara egal si fum bogat. Aroma Adalya\u00a0este cea mai solicitata aroma pentru narghilea din lume si pur si simplu cea mai buna.<\/em><\/li>\n<\/ul>\n<p>Pute\u021bi cump\u0103ra tutun pentru narghilea Adalya Baku Nights \u00een Moldova, Chi\u0219in\u0103u \u00een lan\u021bul de magazine Lux Presents.<\/p>\n<p>&nbsp;<\/p>\n","protected":false},"excerpt":{"rendered":"<ul>\n<li>Gust: Multifruct cu menta<\/li>\n<li>Tarie : medie<\/li>\n<li>Greutate: 50gramme<\/li>\n<li>Produc\u0103tor: Turcia<\/li>\n<li>Fumul: Tare<\/li>\n<\/ul>\n","protected":false},"featured_media":15383,"template":"","meta":{"om_disable_all_campaigns":false,"_monsterinsights_skip_tracking":false,"_monsterinsights_sitenote_active":false,"_monsterinsights_sitenote_note":"","_monsterinsights_sitenote_category":0},"product_brand":[],"product_cat":[190],"product_tag":[],"class_list":{"0":"post-18930","1":"product","2":"type-product","3":"status-publish","4":"has-post-thumbnail","6":"product_cat-tutun-pentru-narghilea-adalya","8":"first","9":"outofstock","10":"taxable","11":"shipping-taxable","12":"purchasable","13":"product-type-simple"},"aioseo_notices":[],"aioseo_head":"\n\t\t<!-- All in One SEO Pro 4.9.5.2 - aioseo.com -->\n\t<meta name=\"description\" content=\"Cump\u0103r tutun pentru narghilea Adalya Baku Nights \u00een tabaccomd.com \u00een Chi\u0219in\u0103u, Moldova. Livrare rapid\u0103 \u0219i exist\u0103 o gam\u0103 larg\u0103 de produse - plasa\u021bi comanda acum! Suna\u021bi-ne la Tel. 061-000-935 sau l\u0103sa\u021bi-ne o cerere online \u0219i v\u0103 vom contacta.\" \/>\n\t<meta name=\"robots\" content=\"max-image-preview:large\" \/>\n\t<link rel=\"canonical\" href=\"https:\/\/tabaccomd.com\/ro\/product\/tutun-pentru-narghilea-adalya-baku-nights-50gr\/\" \/>\n\t<meta name=\"generator\" content=\"All in One SEO Pro (AIOSEO) 4.9.5.2\" \/>\n\t\t<meta property=\"og:locale\" content=\"ro_RO\" \/>\n\t\t<meta property=\"og:site_name\" content=\"Tabacco House \u2013 \u041c\u0430\u0433\u0430\u0437\u0438\u043d \u0442\u0430\u0431\u0430\u0447\u043d\u044b\u0445 \u0438\u0437\u0434\u0435\u043b\u0438\u0439\" \/>\n\t\t<meta property=\"og:type\" content=\"article\" \/>\n\t\t<meta property=\"og:title\" content=\"Tutun pentru narghilea Adalya Baku Nights 50gr \u2013 Tabacco House\" \/>\n\t\t<meta property=\"og:description\" content=\"Cump\u0103r tutun pentru narghilea Adalya Baku Nights \u00een tabaccomd.com \u00een Chi\u0219in\u0103u, Moldova. Livrare rapid\u0103 \u0219i exist\u0103 o gam\u0103 larg\u0103 de produse - plasa\u021bi comanda acum! Suna\u021bi-ne la Tel. 061-000-935 sau l\u0103sa\u021bi-ne o cerere online \u0219i v\u0103 vom contacta.\" \/>\n\t\t<meta property=\"og:url\" content=\"https:\/\/tabaccomd.com\/ro\/product\/tutun-pentru-narghilea-adalya-baku-nights-50gr\/\" \/>\n\t\t<meta property=\"article:published_time\" content=\"2020-06-25T10:17:10+00:00\" \/>\n\t\t<meta property=\"article:modified_time\" content=\"2023-07-16T10:13:47+00:00\" \/>\n\t\t<meta property=\"article:publisher\" content=\"https:\/\/www.facebook.com\/tabaccomd.com\/\" \/>\n\t\t<meta name=\"twitter:card\" content=\"summary_large_image\" \/>\n\t\t<meta name=\"twitter:title\" content=\"Tutun pentru narghilea Adalya Baku Nights 50gr \u2013 Tabacco House\" \/>\n\t\t<meta name=\"twitter:description\" content=\"Cump\u0103r tutun pentru narghilea Adalya Baku Nights \u00een tabaccomd.com \u00een Chi\u0219in\u0103u, Moldova. Livrare rapid\u0103 \u0219i exist\u0103 o gam\u0103 larg\u0103 de produse - plasa\u021bi comanda acum! Suna\u021bi-ne la Tel. 061-000-935 sau l\u0103sa\u021bi-ne o cerere online \u0219i v\u0103 vom contacta.\" \/>\n\t\t<script type=\"application\/ld+json\" class=\"aioseo-schema\">\n\t\t\t{\"@context\":\"https:\\\/\\\/schema.org\",\"@graph\":[{\"@type\":\"BreadcrumbList\",\"@id\":\"https:\\\/\\\/tabaccomd.com\\\/ro\\\/product\\\/tutun-pentru-narghilea-adalya-baku-nights-50gr\\\/#breadcrumblist\",\"itemListElement\":[{\"@type\":\"ListItem\",\"@id\":\"https:\\\/\\\/tabaccomd.com\\\/ro\\\/#listItem\",\"position\":1,\"name\":\"\\u0413\\u043b\\u0430\\u0432\\u043d\\u0430\\u044f\",\"item\":\"https:\\\/\\\/tabaccomd.com\\\/ro\\\/\",\"nextItem\":{\"@type\":\"ListItem\",\"@id\":\"https:\\\/\\\/tabaccomd.com\\\/ro\\\/catalog\\\/#listItem\",\"name\":\"Catalog\"}},{\"@type\":\"ListItem\",\"@id\":\"https:\\\/\\\/tabaccomd.com\\\/ro\\\/catalog\\\/#listItem\",\"position\":2,\"name\":\"Catalog\",\"item\":\"https:\\\/\\\/tabaccomd.com\\\/ro\\\/catalog\\\/\",\"nextItem\":{\"@type\":\"ListItem\",\"@id\":\"https:\\\/\\\/tabaccomd.com\\\/ro\\\/product-category\\\/tutun\\\/#listItem\",\"name\":\"Tutun\"},\"previousItem\":{\"@type\":\"ListItem\",\"@id\":\"https:\\\/\\\/tabaccomd.com\\\/ro\\\/#listItem\",\"name\":\"\\u0413\\u043b\\u0430\\u0432\\u043d\\u0430\\u044f\"}},{\"@type\":\"ListItem\",\"@id\":\"https:\\\/\\\/tabaccomd.com\\\/ro\\\/product-category\\\/tutun\\\/#listItem\",\"position\":3,\"name\":\"Tutun\",\"item\":\"https:\\\/\\\/tabaccomd.com\\\/ro\\\/product-category\\\/tutun\\\/\",\"nextItem\":{\"@type\":\"ListItem\",\"@id\":\"https:\\\/\\\/tabaccomd.com\\\/ro\\\/product-category\\\/tutun\\\/tutun-pentru-narghilea\\\/#listItem\",\"name\":\"Tutun pentru narghilea\"},\"previousItem\":{\"@type\":\"ListItem\",\"@id\":\"https:\\\/\\\/tabaccomd.com\\\/ro\\\/catalog\\\/#listItem\",\"name\":\"Catalog\"}},{\"@type\":\"ListItem\",\"@id\":\"https:\\\/\\\/tabaccomd.com\\\/ro\\\/product-category\\\/tutun\\\/tutun-pentru-narghilea\\\/#listItem\",\"position\":4,\"name\":\"Tutun pentru narghilea\",\"item\":\"https:\\\/\\\/tabaccomd.com\\\/ro\\\/product-category\\\/tutun\\\/tutun-pentru-narghilea\\\/\",\"nextItem\":{\"@type\":\"ListItem\",\"@id\":\"https:\\\/\\\/tabaccomd.com\\\/ro\\\/product-category\\\/tutun\\\/tutun-pentru-narghilea\\\/tutun-pentru-narghilea-adalya\\\/#listItem\",\"name\":\"Tutun pentru narghilea ADALYA\"},\"previousItem\":{\"@type\":\"ListItem\",\"@id\":\"https:\\\/\\\/tabaccomd.com\\\/ro\\\/product-category\\\/tutun\\\/#listItem\",\"name\":\"Tutun\"}},{\"@type\":\"ListItem\",\"@id\":\"https:\\\/\\\/tabaccomd.com\\\/ro\\\/product-category\\\/tutun\\\/tutun-pentru-narghilea\\\/tutun-pentru-narghilea-adalya\\\/#listItem\",\"position\":5,\"name\":\"Tutun pentru narghilea ADALYA\",\"item\":\"https:\\\/\\\/tabaccomd.com\\\/ro\\\/product-category\\\/tutun\\\/tutun-pentru-narghilea\\\/tutun-pentru-narghilea-adalya\\\/\",\"nextItem\":{\"@type\":\"ListItem\",\"@id\":\"https:\\\/\\\/tabaccomd.com\\\/ro\\\/product\\\/tutun-pentru-narghilea-adalya-baku-nights-50gr\\\/#listItem\",\"name\":\"Tutun pentru narghilea Adalya Baku Nights 50gr\"},\"previousItem\":{\"@type\":\"ListItem\",\"@id\":\"https:\\\/\\\/tabaccomd.com\\\/ro\\\/product-category\\\/tutun\\\/tutun-pentru-narghilea\\\/#listItem\",\"name\":\"Tutun pentru narghilea\"}},{\"@type\":\"ListItem\",\"@id\":\"https:\\\/\\\/tabaccomd.com\\\/ro\\\/product\\\/tutun-pentru-narghilea-adalya-baku-nights-50gr\\\/#listItem\",\"position\":6,\"name\":\"Tutun pentru narghilea Adalya Baku Nights 50gr\",\"previousItem\":{\"@type\":\"ListItem\",\"@id\":\"https:\\\/\\\/tabaccomd.com\\\/ro\\\/product-category\\\/tutun\\\/tutun-pentru-narghilea\\\/tutun-pentru-narghilea-adalya\\\/#listItem\",\"name\":\"Tutun pentru narghilea ADALYA\"}}]},{\"@type\":\"Organization\",\"@id\":\"https:\\\/\\\/tabaccomd.com\\\/ro\\\/#organization\",\"name\":\"Tabacco House\",\"description\":\"\\u041c\\u0430\\u0433\\u0430\\u0437\\u0438\\u043d \\u0442\\u0430\\u0431\\u0430\\u0447\\u043d\\u044b\\u0445 \\u0438\\u0437\\u0434\\u0435\\u043b\\u0438\\u0439\",\"url\":\"https:\\\/\\\/tabaccomd.com\\\/ro\\\/\",\"email\":\"Office@cazacuhouse.com\",\"telephone\":\"+37361000935\",\"logo\":{\"@type\":\"ImageObject\",\"url\":\"https:\\\/\\\/tabaccomd.com\\\/wp-content\\\/uploads\\\/2024\\\/02\\\/logo_header3.png\",\"@id\":\"https:\\\/\\\/tabaccomd.com\\\/ro\\\/product\\\/tutun-pentru-narghilea-adalya-baku-nights-50gr\\\/#organizationLogo\",\"width\":32,\"height\":32,\"caption\":\"Tabacco House\"},\"image\":{\"@id\":\"https:\\\/\\\/tabaccomd.com\\\/ro\\\/product\\\/tutun-pentru-narghilea-adalya-baku-nights-50gr\\\/#organizationLogo\"},\"sameAs\":[\"https:\\\/\\\/www.facebook.com\\\/tabaccomd.com\\\/\",\"https:\\\/\\\/www.instagram.com\\\/tabaccomd.com\\\/\"],\"address\":{\"@id\":\"https:\\\/\\\/tabaccomd.com\\\/ro\\\/#postaladdress\",\"@type\":\"PostalAddress\",\"streetAddress\":\"Strada Albi\\u015foara 4, Chi\\u0219in\\u0103u, Bulevardul \\u0218tefan cel Mare \\u0219i Sf\\u00eent 136, Chi\\u0219in\\u0103u\",\"addressLocality\":\"Chi\\u0219in\\u0103u\",\"addressCountry\":\"MD\"}},{\"@type\":\"Product\",\"@id\":\"https:\\\/\\\/tabaccomd.com\\\/ro\\\/product\\\/tutun-pentru-narghilea-adalya-baku-nights-50gr\\\/#wooCommerceProduct\",\"name\":\"Tutun pentru narghilea Adalya Baku Nights 50gr\",\"description\":\"Gust: Multifruct cu menta\\r\\n \\tTarie : medie\\r\\n \\tGreutate: 50gramme\\r\\n \\tProduc\\u0103tor: Turcia\\r\\n \\tFumul: Tare\",\"url\":\"https:\\\/\\\/tabaccomd.com\\\/ro\\\/product\\\/tutun-pentru-narghilea-adalya-baku-nights-50gr\\\/\",\"sku\":\"A-01\",\"image\":{\"@type\":\"ImageObject\",\"url\":\"https:\\\/\\\/tabaccomd.com\\\/wp-content\\\/uploads\\\/2020\\\/06\\\/bez-imeni-1234.jpg\",\"@id\":\"https:\\\/\\\/tabaccomd.com\\\/ro\\\/product\\\/tutun-pentru-narghilea-adalya-baku-nights-50gr\\\/#productImage\",\"width\":1024,\"height\":1024,\"caption\":\"Tutun pentru narghilea Adalya Baku Nights 50gr\"},\"offers\":{\"@type\":\"Offer\",\"url\":\"https:\\\/\\\/tabaccomd.com\\\/ro\\\/product\\\/tutun-pentru-narghilea-adalya-baku-nights-50gr\\\/#wooCommerceOffer\",\"price\":50,\"priceCurrency\":\"MDL\",\"category\":\"Tutun pentru narghilea ADALYA\",\"availability\":\"https:\\\/\\\/schema.org\\\/OutOfStock\",\"priceSpecification\":{\"@type\":\"PriceSpecification\",\"price\":50,\"priceCurrency\":\"MDL\",\"valueAddedTaxIncluded\":\"true\"},\"seller\":{\"@type\":\"Organization\",\"@id\":\"https:\\\/\\\/tabaccomd.com\\\/ro\\\/#organization\"}}},{\"@type\":\"WebPage\",\"@id\":\"https:\\\/\\\/tabaccomd.com\\\/ro\\\/product\\\/tutun-pentru-narghilea-adalya-baku-nights-50gr\\\/#webpage\",\"url\":\"https:\\\/\\\/tabaccomd.com\\\/ro\\\/product\\\/tutun-pentru-narghilea-adalya-baku-nights-50gr\\\/\",\"name\":\"Tutun pentru narghilea Adalya Baku Nights 50gr \\u2013 Tabacco House\",\"description\":\"Cump\\u0103r tutun pentru narghilea Adalya Baku Nights \\u00een tabaccomd.com \\u00een Chi\\u0219in\\u0103u, Moldova. Livrare rapid\\u0103 \\u0219i exist\\u0103 o gam\\u0103 larg\\u0103 de produse - plasa\\u021bi comanda acum! Suna\\u021bi-ne la Tel. 061-000-935 sau l\\u0103sa\\u021bi-ne o cerere online \\u0219i v\\u0103 vom contacta.\",\"inLanguage\":\"ro-RO\",\"isPartOf\":{\"@id\":\"https:\\\/\\\/tabaccomd.com\\\/ro\\\/#website\"},\"breadcrumb\":{\"@id\":\"https:\\\/\\\/tabaccomd.com\\\/ro\\\/product\\\/tutun-pentru-narghilea-adalya-baku-nights-50gr\\\/#breadcrumblist\"},\"image\":{\"@type\":\"ImageObject\",\"url\":\"https:\\\/\\\/tabaccomd.com\\\/wp-content\\\/uploads\\\/2020\\\/06\\\/bez-imeni-1234.jpg\",\"@id\":\"https:\\\/\\\/tabaccomd.com\\\/ro\\\/product\\\/tutun-pentru-narghilea-adalya-baku-nights-50gr\\\/#mainImage\",\"width\":1024,\"height\":1024,\"caption\":\"Tutun pentru narghilea Adalya Baku Nights 50gr\"},\"primaryImageOfPage\":{\"@id\":\"https:\\\/\\\/tabaccomd.com\\\/ro\\\/product\\\/tutun-pentru-narghilea-adalya-baku-nights-50gr\\\/#mainImage\"},\"datePublished\":\"2020-06-25T13:17:10+03:00\",\"dateModified\":\"2023-07-16T13:13:47+03:00\"},{\"@type\":\"WebSite\",\"@id\":\"https:\\\/\\\/tabaccomd.com\\\/ro\\\/#website\",\"url\":\"https:\\\/\\\/tabaccomd.com\\\/ro\\\/\",\"name\":\"Tabacco House\",\"alternateName\":\"tobaccomd.com\",\"description\":\"\\u041c\\u0430\\u0433\\u0430\\u0437\\u0438\\u043d \\u0442\\u0430\\u0431\\u0430\\u0447\\u043d\\u044b\\u0445 \\u0438\\u0437\\u0434\\u0435\\u043b\\u0438\\u0439\",\"inLanguage\":\"ro-RO\",\"publisher\":{\"@id\":\"https:\\\/\\\/tabaccomd.com\\\/ro\\\/#organization\"}}]}\n\t\t<\/script>\n\t\t<!-- All in One SEO Pro -->\r\n\t\t<title>Tutun pentru narghilea Adalya Baku Nights 50gr \u2013 Tabacco House<\/title>\n\n","aioseo_head_json":{"title":"Tutun pentru narghilea Adalya Baku Nights 50gr \u2013 Tabacco House","description":"Cump\u0103r tutun pentru narghilea Adalya Baku Nights \u00een tabaccomd.com \u00een Chi\u0219in\u0103u, Moldova. Livrare rapid\u0103 \u0219i exist\u0103 o gam\u0103 larg\u0103 de produse - plasa\u021bi comanda acum! Suna\u021bi-ne la Tel. 061-000-935 sau l\u0103sa\u021bi-ne o cerere online \u0219i v\u0103 vom contacta.","canonical_url":"https:\/\/tabaccomd.com\/ro\/product\/tutun-pentru-narghilea-adalya-baku-nights-50gr\/","robots":"max-image-preview:large","keywords":"","webmasterTools":{"miscellaneous":""},"schema":{"@context":"https:\/\/schema.org","@graph":[{"@type":"BreadcrumbList","@id":"https:\/\/tabaccomd.com\/ro\/product\/tutun-pentru-narghilea-adalya-baku-nights-50gr\/#breadcrumblist","itemListElement":[{"@type":"ListItem","@id":"https:\/\/tabaccomd.com\/ro\/#listItem","position":1,"name":"\u0413\u043b\u0430\u0432\u043d\u0430\u044f","item":"https:\/\/tabaccomd.com\/ro\/","nextItem":{"@type":"ListItem","@id":"https:\/\/tabaccomd.com\/ro\/catalog\/#listItem","name":"Catalog"}},{"@type":"ListItem","@id":"https:\/\/tabaccomd.com\/ro\/catalog\/#listItem","position":2,"name":"Catalog","item":"https:\/\/tabaccomd.com\/ro\/catalog\/","nextItem":{"@type":"ListItem","@id":"https:\/\/tabaccomd.com\/ro\/product-category\/tutun\/#listItem","name":"Tutun"},"previousItem":{"@type":"ListItem","@id":"https:\/\/tabaccomd.com\/ro\/#listItem","name":"\u0413\u043b\u0430\u0432\u043d\u0430\u044f"}},{"@type":"ListItem","@id":"https:\/\/tabaccomd.com\/ro\/product-category\/tutun\/#listItem","position":3,"name":"Tutun","item":"https:\/\/tabaccomd.com\/ro\/product-category\/tutun\/","nextItem":{"@type":"ListItem","@id":"https:\/\/tabaccomd.com\/ro\/product-category\/tutun\/tutun-pentru-narghilea\/#listItem","name":"Tutun pentru narghilea"},"previousItem":{"@type":"ListItem","@id":"https:\/\/tabaccomd.com\/ro\/catalog\/#listItem","name":"Catalog"}},{"@type":"ListItem","@id":"https:\/\/tabaccomd.com\/ro\/product-category\/tutun\/tutun-pentru-narghilea\/#listItem","position":4,"name":"Tutun pentru narghilea","item":"https:\/\/tabaccomd.com\/ro\/product-category\/tutun\/tutun-pentru-narghilea\/","nextItem":{"@type":"ListItem","@id":"https:\/\/tabaccomd.com\/ro\/product-category\/tutun\/tutun-pentru-narghilea\/tutun-pentru-narghilea-adalya\/#listItem","name":"Tutun pentru narghilea ADALYA"},"previousItem":{"@type":"ListItem","@id":"https:\/\/tabaccomd.com\/ro\/product-category\/tutun\/#listItem","name":"Tutun"}},{"@type":"ListItem","@id":"https:\/\/tabaccomd.com\/ro\/product-category\/tutun\/tutun-pentru-narghilea\/tutun-pentru-narghilea-adalya\/#listItem","position":5,"name":"Tutun pentru narghilea ADALYA","item":"https:\/\/tabaccomd.com\/ro\/product-category\/tutun\/tutun-pentru-narghilea\/tutun-pentru-narghilea-adalya\/","nextItem":{"@type":"ListItem","@id":"https:\/\/tabaccomd.com\/ro\/product\/tutun-pentru-narghilea-adalya-baku-nights-50gr\/#listItem","name":"Tutun pentru narghilea Adalya Baku Nights 50gr"},"previousItem":{"@type":"ListItem","@id":"https:\/\/tabaccomd.com\/ro\/product-category\/tutun\/tutun-pentru-narghilea\/#listItem","name":"Tutun pentru narghilea"}},{"@type":"ListItem","@id":"https:\/\/tabaccomd.com\/ro\/product\/tutun-pentru-narghilea-adalya-baku-nights-50gr\/#listItem","position":6,"name":"Tutun pentru narghilea Adalya Baku Nights 50gr","previousItem":{"@type":"ListItem","@id":"https:\/\/tabaccomd.com\/ro\/product-category\/tutun\/tutun-pentru-narghilea\/tutun-pentru-narghilea-adalya\/#listItem","name":"Tutun pentru narghilea ADALYA"}}]},{"@type":"Organization","@id":"https:\/\/tabaccomd.com\/ro\/#organization","name":"Tabacco House","description":"\u041c\u0430\u0433\u0430\u0437\u0438\u043d \u0442\u0430\u0431\u0430\u0447\u043d\u044b\u0445 \u0438\u0437\u0434\u0435\u043b\u0438\u0439","url":"https:\/\/tabaccomd.com\/ro\/","email":"Office@cazacuhouse.com","telephone":"+37361000935","logo":{"@type":"ImageObject","url":"https:\/\/tabaccomd.com\/wp-content\/uploads\/2024\/02\/logo_header3.png","@id":"https:\/\/tabaccomd.com\/ro\/product\/tutun-pentru-narghilea-adalya-baku-nights-50gr\/#organizationLogo","width":32,"height":32,"caption":"Tabacco House"},"image":{"@id":"https:\/\/tabaccomd.com\/ro\/product\/tutun-pentru-narghilea-adalya-baku-nights-50gr\/#organizationLogo"},"sameAs":["https:\/\/www.facebook.com\/tabaccomd.com\/","https:\/\/www.instagram.com\/tabaccomd.com\/"],"address":{"@id":"https:\/\/tabaccomd.com\/ro\/#postaladdress","@type":"PostalAddress","streetAddress":"Strada Albi\u015foara 4, Chi\u0219in\u0103u, Bulevardul \u0218tefan cel Mare \u0219i Sf\u00eent 136, Chi\u0219in\u0103u","addressLocality":"Chi\u0219in\u0103u","addressCountry":"MD"}},{"@type":"Product","@id":"https:\/\/tabaccomd.com\/ro\/product\/tutun-pentru-narghilea-adalya-baku-nights-50gr\/#wooCommerceProduct","name":"Tutun pentru narghilea Adalya Baku Nights 50gr","description":"Gust: Multifruct cu menta\r\n \tTarie : medie\r\n \tGreutate: 50gramme\r\n \tProduc\u0103tor: Turcia\r\n \tFumul: Tare","url":"https:\/\/tabaccomd.com\/ro\/product\/tutun-pentru-narghilea-adalya-baku-nights-50gr\/","sku":"A-01","image":{"@type":"ImageObject","url":"https:\/\/tabaccomd.com\/wp-content\/uploads\/2020\/06\/bez-imeni-1234.jpg","@id":"https:\/\/tabaccomd.com\/ro\/product\/tutun-pentru-narghilea-adalya-baku-nights-50gr\/#productImage","width":1024,"height":1024,"caption":"Tutun pentru narghilea Adalya Baku Nights 50gr"},"offers":{"@type":"Offer","url":"https:\/\/tabaccomd.com\/ro\/product\/tutun-pentru-narghilea-adalya-baku-nights-50gr\/#wooCommerceOffer","price":50,"priceCurrency":"MDL","category":"Tutun pentru narghilea ADALYA","availability":"https:\/\/schema.org\/OutOfStock","priceSpecification":{"@type":"PriceSpecification","price":50,"priceCurrency":"MDL","valueAddedTaxIncluded":"true"},"seller":{"@type":"Organization","@id":"https:\/\/tabaccomd.com\/ro\/#organization"}}},{"@type":"WebPage","@id":"https:\/\/tabaccomd.com\/ro\/product\/tutun-pentru-narghilea-adalya-baku-nights-50gr\/#webpage","url":"https:\/\/tabaccomd.com\/ro\/product\/tutun-pentru-narghilea-adalya-baku-nights-50gr\/","name":"Tutun pentru narghilea Adalya Baku Nights 50gr \u2013 Tabacco House","description":"Cump\u0103r tutun pentru narghilea Adalya Baku Nights \u00een tabaccomd.com \u00een Chi\u0219in\u0103u, Moldova. Livrare rapid\u0103 \u0219i exist\u0103 o gam\u0103 larg\u0103 de produse - plasa\u021bi comanda acum! Suna\u021bi-ne la Tel. 061-000-935 sau l\u0103sa\u021bi-ne o cerere online \u0219i v\u0103 vom contacta.","inLanguage":"ro-RO","isPartOf":{"@id":"https:\/\/tabaccomd.com\/ro\/#website"},"breadcrumb":{"@id":"https:\/\/tabaccomd.com\/ro\/product\/tutun-pentru-narghilea-adalya-baku-nights-50gr\/#breadcrumblist"},"image":{"@type":"ImageObject","url":"https:\/\/tabaccomd.com\/wp-content\/uploads\/2020\/06\/bez-imeni-1234.jpg","@id":"https:\/\/tabaccomd.com\/ro\/product\/tutun-pentru-narghilea-adalya-baku-nights-50gr\/#mainImage","width":1024,"height":1024,"caption":"Tutun pentru narghilea Adalya Baku Nights 50gr"},"primaryImageOfPage":{"@id":"https:\/\/tabaccomd.com\/ro\/product\/tutun-pentru-narghilea-adalya-baku-nights-50gr\/#mainImage"},"datePublished":"2020-06-25T13:17:10+03:00","dateModified":"2023-07-16T13:13:47+03:00"},{"@type":"WebSite","@id":"https:\/\/tabaccomd.com\/ro\/#website","url":"https:\/\/tabaccomd.com\/ro\/","name":"Tabacco House","alternateName":"tobaccomd.com","description":"\u041c\u0430\u0433\u0430\u0437\u0438\u043d \u0442\u0430\u0431\u0430\u0447\u043d\u044b\u0445 \u0438\u0437\u0434\u0435\u043b\u0438\u0439","inLanguage":"ro-RO","publisher":{"@id":"https:\/\/tabaccomd.com\/ro\/#organization"}}]},"og:locale":"ro_RO","og:site_name":"Tabacco House \u2013 \u041c\u0430\u0433\u0430\u0437\u0438\u043d \u0442\u0430\u0431\u0430\u0447\u043d\u044b\u0445 \u0438\u0437\u0434\u0435\u043b\u0438\u0439","og:type":"article","og:title":"Tutun pentru narghilea Adalya Baku Nights 50gr \u2013 Tabacco House","og:description":"Cump\u0103r tutun pentru narghilea Adalya Baku Nights \u00een tabaccomd.com \u00een Chi\u0219in\u0103u, Moldova. Livrare rapid\u0103 \u0219i exist\u0103 o gam\u0103 larg\u0103 de produse - plasa\u021bi comanda acum! Suna\u021bi-ne la Tel. 061-000-935 sau l\u0103sa\u021bi-ne o cerere online \u0219i v\u0103 vom contacta.","og:url":"https:\/\/tabaccomd.com\/ro\/product\/tutun-pentru-narghilea-adalya-baku-nights-50gr\/","article:published_time":"2020-06-25T10:17:10+00:00","article:modified_time":"2023-07-16T10:13:47+00:00","article:publisher":"https:\/\/www.facebook.com\/tabaccomd.com\/","twitter:card":"summary_large_image","twitter:title":"Tutun pentru narghilea Adalya Baku Nights 50gr \u2013 Tabacco House","twitter:description":"Cump\u0103r tutun pentru narghilea Adalya Baku Nights \u00een tabaccomd.com \u00een Chi\u0219in\u0103u, Moldova. Livrare rapid\u0103 \u0219i exist\u0103 o gam\u0103 larg\u0103 de produse - plasa\u021bi comanda acum! Suna\u021bi-ne la Tel. 061-000-935 sau l\u0103sa\u021bi-ne o cerere online \u0219i v\u0103 vom contacta."},"aioseo_meta_data":{"post_id":"18930","title":null,"description":"Cump\u0103r tutun pentru narghilea Adalya Baku Nights \u00een tabaccomd.com \u00een Chi\u0219in\u0103u, Moldova. Livrare rapid\u0103 \u0219i exist\u0103 o gam\u0103 larg\u0103 de produse - plasa\u021bi comanda acum! Suna\u021bi-ne la Tel. 061-000-935 sau l\u0103sa\u021bi-ne o cerere online \u0219i v\u0103 vom contacta.","keywords":[],"keyphrases":{"focus":{"keyphrase":" tutun pentru narghilea Adalya Baku Nights","score":93,"analysis":{"keyphraseInTitle":{"score":9,"maxScore":9,"error":0},"keyphraseInDescription":{"score":9,"maxScore":9,"error":0},"keyphraseLength":{"score":6,"maxScore":9,"error":1,"length":6},"keyphraseInURL":{"score":5,"maxScore":5,"error":0},"keyphraseInIntroduction":{"score":9,"maxScore":9,"error":0},"keyphraseInSubHeadings":[],"keyphraseInImageAlt":[]}},"additional":[]},"primary_term":null,"canonical_url":null,"og_title":null,"og_description":null,"og_object_type":"default","og_image_type":"default","og_image_url":null,"og_image_width":null,"og_image_height":null,"og_image_custom_url":null,"og_image_custom_fields":null,"og_video":"","og_custom_url":null,"og_article_section":null,"og_article_tags":[],"twitter_use_og":false,"twitter_card":"default","twitter_image_type":"default","twitter_image_url":null,"twitter_image_custom_url":null,"twitter_image_custom_fields":null,"twitter_title":null,"twitter_description":null,"schema":{"blockGraphs":[],"customGraphs":[],"default":{"data":{"Article":[],"Course":[],"Dataset":[],"FAQPage":[],"Movie":[],"Person":[],"Product":[],"ProductReview":[],"Car":[],"Recipe":[],"Service":[],"SoftwareApplication":[],"WebPage":[]},"graphName":"ItemPage","isEnabled":true},"graphs":[]},"schema_type":"default","schema_type_options":null,"pillar_content":false,"robots_default":true,"robots_noindex":false,"robots_noarchive":false,"robots_nosnippet":false,"robots_nofollow":false,"robots_noimageindex":false,"robots_noodp":false,"robots_notranslate":false,"robots_max_snippet":"-1","robots_max_videopreview":"-1","robots_max_imagepreview":"large","priority":null,"frequency":"default","local_seo":null,"seo_analyzer_scan_date":"2025-10-19 21:15:48","breadcrumb_settings":null,"limit_modified_date":false,"reviewed_by":null,"open_ai":null,"ai":null,"created":"2023-03-30 14:39:55","updated":"2025-10-19 21:15:48"},"aioseo_breadcrumb":"<div class=\"aioseo-breadcrumbs\"><span class=\"aioseo-breadcrumb\">\n\t<a href=\"https:\/\/tabaccomd.com\/ro\/\" title=\"\u0413\u043b\u0430\u0432\u043d\u0430\u044f\">\u0413\u043b\u0430\u0432\u043d\u0430\u044f<\/a>\n<\/span><span class=\"aioseo-breadcrumb-separator\">\u00bb<\/span><span class=\"aioseo-breadcrumb\">\n\t<a href=\"https:\/\/tabaccomd.com\/ro\/catalog\/\" title=\"Catalog\">Catalog<\/a>\n<\/span><span class=\"aioseo-breadcrumb-separator\">\u00bb<\/span><span class=\"aioseo-breadcrumb\">\n\t<a href=\"https:\/\/tabaccomd.com\/ro\/product-category\/tutun\/\" title=\"Tutun\">Tutun<\/a>\n<\/span><span class=\"aioseo-breadcrumb-separator\">\u00bb<\/span><span class=\"aioseo-breadcrumb\">\n\t<a href=\"https:\/\/tabaccomd.com\/ro\/product-category\/tutun\/tutun-pentru-narghilea\/\" title=\"Tutun pentru narghilea\">Tutun pentru narghilea<\/a>\n<\/span><span class=\"aioseo-breadcrumb-separator\">\u00bb<\/span><span class=\"aioseo-breadcrumb\">\n\t<a href=\"https:\/\/tabaccomd.com\/ro\/product-category\/tutun\/tutun-pentru-narghilea\/tutun-pentru-narghilea-adalya\/\" title=\"Tutun pentru narghilea ADALYA\">Tutun pentru narghilea ADALYA<\/a>\n<\/span><span class=\"aioseo-breadcrumb-separator\">\u00bb<\/span><span class=\"aioseo-breadcrumb\">\n\tTutun pentru narghilea Adalya Baku Nights 50gr\n<\/span><\/div>","aioseo_breadcrumb_json":[{"label":"\u0413\u043b\u0430\u0432\u043d\u0430\u044f","link":"https:\/\/tabaccomd.com\/ro\/"},{"label":"Catalog","link":"https:\/\/tabaccomd.com\/ro\/catalog\/"},{"label":"Tutun","link":"https:\/\/tabaccomd.com\/ro\/product-category\/tutun\/"},{"label":"Tutun pentru narghilea","link":"https:\/\/tabaccomd.com\/ro\/product-category\/tutun\/tutun-pentru-narghilea\/"},{"label":"Tutun pentru narghilea ADALYA","link":"https:\/\/tabaccomd.com\/ro\/product-category\/tutun\/tutun-pentru-narghilea\/tutun-pentru-narghilea-adalya\/"},{"label":"Tutun pentru narghilea Adalya Baku Nights 50gr","link":"https:\/\/tabaccomd.com\/ro\/product\/tutun-pentru-narghilea-adalya-baku-nights-50gr\/"}],"images_for_1c":[{"url":"https:\/\/tabaccomd.com\/wp-content\/uploads\/2020\/06\/bez-imeni-1234.jpg","type":"featured","alt":"tutun pentru narghilea Adalya Baku Nights","filename":"bez-imeni-1234.jpg"}],"additional_data_1c":{"modified_date":"2023-07-16 13:13:47","permalink":"https:\/\/tabaccomd.com\/ro\/product\/tutun-pentru-narghilea-adalya-baku-nights-50gr\/","stock_status":"outofstock","manage_stock":"no"},"_links":{"self":[{"href":"https:\/\/tabaccomd.com\/ro\/wp-json\/wp\/v2\/product\/18930","targetHints":{"allow":["GET"]}}],"collection":[{"href":"https:\/\/tabaccomd.com\/ro\/wp-json\/wp\/v2\/product"}],"about":[{"href":"https:\/\/tabaccomd.com\/ro\/wp-json\/wp\/v2\/types\/product"}],"wp:featuredmedia":[{"embeddable":true,"href":"https:\/\/tabaccomd.com\/ro\/wp-json\/wp\/v2\/media\/15383"}],"wp:attachment":[{"href":"https:\/\/tabaccomd.com\/ro\/wp-json\/wp\/v2\/media?parent=18930"}],"wp:term":[{"taxonomy":"product_brand","embeddable":true,"href":"https:\/\/tabaccomd.com\/ro\/wp-json\/wp\/v2\/product_brand?post=18930"},{"taxonomy":"product_cat","embeddable":true,"href":"https:\/\/tabaccomd.com\/ro\/wp-json\/wp\/v2\/product_cat?post=18930"},{"taxonomy":"product_tag","embeddable":true,"href":"https:\/\/tabaccomd.com\/ro\/wp-json\/wp\/v2\/product_tag?post=18930"}],"curies":[{"name":"wp","href":"https:\/\/api.w.org\/{rel}","templated":true}]}}