{"id":18877,"date":"2020-06-13T17:29:18","date_gmt":"2020-06-13T14:29:18","guid":{"rendered":"https:\/\/new124.tabaccomd.com\/product\/zippo-armor-engine-turn\/"},"modified":"2023-06-23T15:23:39","modified_gmt":"2023-06-23T12:23:39","slug":"zippo-armor-engine-turn","status":"publish","type":"product","link":"https:\/\/tabaccomd.com\/ro\/product\/zippo-armor-engine-turn\/","title":{"rendered":"Zippo Armor\u2122 Engine Turn"},"content":{"rendered":"<p>Simplu \u0219i \u0219ic, acesta este modul \u00een care acest nou produs poate fi descris pe scurt \u00een gama de brichete Zippo \u00eent\u0103rite. Alama, cu dungi verticale de aur care \u00eei confer\u0103 un aspect de textur\u0103, aceast\u0103 brichet\u0103 este, de asemenea, cu dou\u0103 fe\u021be.<\/p>\n<p>O caracteristic\u0103 a modelelor consolidate este un caz mult mai puternic. \u00cen compara\u021bie cu standardul, acesta este crescut de 1,5 ori. O astfel de brichet\u0103 este at\u00e2t mai grea, c\u00e2t \u0219i mai puternic\u0103.<\/p>\n<p>Toate brichetele Zippo au o garan\u021bie pe via\u021b\u0103.<\/p>\n<p>Bricheta este ambalat\u0103 \u00eentr-o cutie semnat\u0103 cu sigla Zippo.<\/p>\n<p>Pute\u021bi cump\u0103ra o brichet\u0103 Zippo \u00een Moldova, Chi\u0219in\u0103u \u00een lan\u021bul de magazine Luxpresent.md<\/p>\n<p>&nbsp;<\/p>\n","protected":false},"excerpt":{"rendered":"<p>Simplu \u0219i \u0219ic, acesta este modul \u00een care acest nou produs poate fi descris pe scurt \u00een gama de brichete [&hellip;]<\/p>\n","protected":false},"featured_media":15175,"template":"","meta":{"om_disable_all_campaigns":false,"_monsterinsights_skip_tracking":false,"_monsterinsights_sitenote_active":false,"_monsterinsights_sitenote_note":"","_monsterinsights_sitenote_category":0},"product_brand":[],"product_cat":[175],"product_tag":[],"class_list":{"0":"post-18877","1":"product","2":"type-product","3":"status-publish","4":"has-post-thumbnail","6":"product_cat-brichete-zippo-2","8":"first","9":"outofstock","10":"taxable","11":"shipping-taxable","12":"purchasable","13":"product-type-simple"},"aioseo_notices":[],"aioseo_head":"\n\t\t<!-- All in One SEO Pro 4.9.6.2 - aioseo.com -->\n\t<meta name=\"description\" content=\"Bricheta Zippo Armor\u2122 Engine Turn rezistent\u0103 \u00een timp, reutilizabil\u0103 \u0219i cu garan\u021bie pe via\u021b\u0103. Cump\u0103ra\u021bi un brichet\u0103 Zippo \u00een Chi\u0219in\u0103u. \u260e061-000-935.\" \/>\n\t<meta name=\"robots\" content=\"max-image-preview:large\" \/>\n\t<link rel=\"canonical\" href=\"https:\/\/tabaccomd.com\/ro\/product\/zippo-armor-engine-turn\/\" \/>\n\t<meta name=\"generator\" content=\"All in One SEO Pro (AIOSEO) 4.9.6.2\" \/>\n\t\t<meta property=\"og:locale\" content=\"ro_RO\" \/>\n\t\t<meta property=\"og:site_name\" content=\"Tabacco House \u2013 \u041c\u0430\u0433\u0430\u0437\u0438\u043d \u0442\u0430\u0431\u0430\u0447\u043d\u044b\u0445 \u0438\u0437\u0434\u0435\u043b\u0438\u0439\" \/>\n\t\t<meta property=\"og:type\" content=\"article\" \/>\n\t\t<meta property=\"og:title\" content=\"Zippo Armor\u2122 Engine Turn \u2013 Tabacco House\" \/>\n\t\t<meta property=\"og:description\" content=\"Bricheta Zippo Armor\u2122 Engine Turn rezistent\u0103 \u00een timp, reutilizabil\u0103 \u0219i cu garan\u021bie pe via\u021b\u0103. Cump\u0103ra\u021bi un brichet\u0103 Zippo \u00een Chi\u0219in\u0103u. \u260e061-000-935.\" \/>\n\t\t<meta property=\"og:url\" content=\"https:\/\/tabaccomd.com\/ro\/product\/zippo-armor-engine-turn\/\" \/>\n\t\t<meta property=\"article:published_time\" content=\"2020-06-13T14:29:18+00:00\" \/>\n\t\t<meta property=\"article:modified_time\" content=\"2023-06-23T12:23:39+00:00\" \/>\n\t\t<meta property=\"article:publisher\" content=\"https:\/\/www.facebook.com\/tabaccomd.com\/\" \/>\n\t\t<meta name=\"twitter:card\" content=\"summary_large_image\" \/>\n\t\t<meta name=\"twitter:title\" content=\"Zippo Armor\u2122 Engine Turn \u2013 Tabacco House\" \/>\n\t\t<meta name=\"twitter:description\" content=\"Bricheta Zippo Armor\u2122 Engine Turn rezistent\u0103 \u00een timp, reutilizabil\u0103 \u0219i cu garan\u021bie pe via\u021b\u0103. Cump\u0103ra\u021bi un brichet\u0103 Zippo \u00een Chi\u0219in\u0103u. \u260e061-000-935.\" \/>\n\t\t<script type=\"application\/ld+json\" class=\"aioseo-schema\">\n\t\t\t{\"@context\":\"https:\\\/\\\/schema.org\",\"@graph\":[{\"@type\":\"BreadcrumbList\",\"@id\":\"https:\\\/\\\/tabaccomd.com\\\/ro\\\/product\\\/zippo-armor-engine-turn\\\/#breadcrumblist\",\"itemListElement\":[{\"@type\":\"ListItem\",\"@id\":\"https:\\\/\\\/tabaccomd.com\\\/ro\\\/#listItem\",\"position\":1,\"name\":\"\\u0413\\u043b\\u0430\\u0432\\u043d\\u0430\\u044f\",\"item\":\"https:\\\/\\\/tabaccomd.com\\\/ro\\\/\",\"nextItem\":{\"@type\":\"ListItem\",\"@id\":\"https:\\\/\\\/tabaccomd.com\\\/ro\\\/catalog\\\/#listItem\",\"name\":\"Catalog\"}},{\"@type\":\"ListItem\",\"@id\":\"https:\\\/\\\/tabaccomd.com\\\/ro\\\/catalog\\\/#listItem\",\"position\":2,\"name\":\"Catalog\",\"item\":\"https:\\\/\\\/tabaccomd.com\\\/ro\\\/catalog\\\/\",\"nextItem\":{\"@type\":\"ListItem\",\"@id\":\"https:\\\/\\\/tabaccomd.com\\\/ro\\\/product-category\\\/brichete\\\/#listItem\",\"name\":\"Brichete\"},\"previousItem\":{\"@type\":\"ListItem\",\"@id\":\"https:\\\/\\\/tabaccomd.com\\\/ro\\\/#listItem\",\"name\":\"\\u0413\\u043b\\u0430\\u0432\\u043d\\u0430\\u044f\"}},{\"@type\":\"ListItem\",\"@id\":\"https:\\\/\\\/tabaccomd.com\\\/ro\\\/product-category\\\/brichete\\\/#listItem\",\"position\":3,\"name\":\"Brichete\",\"item\":\"https:\\\/\\\/tabaccomd.com\\\/ro\\\/product-category\\\/brichete\\\/\",\"nextItem\":{\"@type\":\"ListItem\",\"@id\":\"https:\\\/\\\/tabaccomd.com\\\/ro\\\/product-category\\\/brichete\\\/brichete-zippo-2\\\/#listItem\",\"name\":\"Brichete Zippo\"},\"previousItem\":{\"@type\":\"ListItem\",\"@id\":\"https:\\\/\\\/tabaccomd.com\\\/ro\\\/catalog\\\/#listItem\",\"name\":\"Catalog\"}},{\"@type\":\"ListItem\",\"@id\":\"https:\\\/\\\/tabaccomd.com\\\/ro\\\/product-category\\\/brichete\\\/brichete-zippo-2\\\/#listItem\",\"position\":4,\"name\":\"Brichete Zippo\",\"item\":\"https:\\\/\\\/tabaccomd.com\\\/ro\\\/product-category\\\/brichete\\\/brichete-zippo-2\\\/\",\"nextItem\":{\"@type\":\"ListItem\",\"@id\":\"https:\\\/\\\/tabaccomd.com\\\/ro\\\/product\\\/zippo-armor-engine-turn\\\/#listItem\",\"name\":\"Zippo Armor\\u2122 Engine Turn\"},\"previousItem\":{\"@type\":\"ListItem\",\"@id\":\"https:\\\/\\\/tabaccomd.com\\\/ro\\\/product-category\\\/brichete\\\/#listItem\",\"name\":\"Brichete\"}},{\"@type\":\"ListItem\",\"@id\":\"https:\\\/\\\/tabaccomd.com\\\/ro\\\/product\\\/zippo-armor-engine-turn\\\/#listItem\",\"position\":5,\"name\":\"Zippo Armor\\u2122 Engine Turn\",\"previousItem\":{\"@type\":\"ListItem\",\"@id\":\"https:\\\/\\\/tabaccomd.com\\\/ro\\\/product-category\\\/brichete\\\/brichete-zippo-2\\\/#listItem\",\"name\":\"Brichete Zippo\"}}]},{\"@type\":\"Organization\",\"@id\":\"https:\\\/\\\/tabaccomd.com\\\/ro\\\/#organization\",\"name\":\"Tabacco House\",\"description\":\"\\u041c\\u0430\\u0433\\u0430\\u0437\\u0438\\u043d \\u0442\\u0430\\u0431\\u0430\\u0447\\u043d\\u044b\\u0445 \\u0438\\u0437\\u0434\\u0435\\u043b\\u0438\\u0439\",\"url\":\"https:\\\/\\\/tabaccomd.com\\\/ro\\\/\",\"email\":\"Office@cazacuhouse.com\",\"telephone\":\"+37361000935\",\"logo\":{\"@type\":\"ImageObject\",\"url\":\"https:\\\/\\\/tabaccomd.com\\\/wp-content\\\/uploads\\\/2024\\\/02\\\/logo_header3.png\",\"@id\":\"https:\\\/\\\/tabaccomd.com\\\/ro\\\/product\\\/zippo-armor-engine-turn\\\/#organizationLogo\",\"width\":32,\"height\":32,\"caption\":\"Tabacco House\"},\"image\":{\"@id\":\"https:\\\/\\\/tabaccomd.com\\\/ro\\\/product\\\/zippo-armor-engine-turn\\\/#organizationLogo\"},\"sameAs\":[\"https:\\\/\\\/www.facebook.com\\\/tabaccomd.com\\\/\",\"https:\\\/\\\/www.instagram.com\\\/tabaccomd.com\\\/\"],\"address\":{\"@id\":\"https:\\\/\\\/tabaccomd.com\\\/ro\\\/#postaladdress\",\"@type\":\"PostalAddress\",\"streetAddress\":\"Strada Albi\\u015foara 4, Chi\\u0219in\\u0103u, Bulevardul \\u0218tefan cel Mare \\u0219i Sf\\u00eent 136, Chi\\u0219in\\u0103u\",\"addressLocality\":\"Chi\\u0219in\\u0103u\",\"addressCountry\":\"MD\"}},{\"@type\":\"Product\",\"@id\":\"https:\\\/\\\/tabaccomd.com\\\/ro\\\/product\\\/zippo-armor-engine-turn\\\/#wooCommerceProduct\",\"name\":\"Zippo Armor\\u2122 Engine Turn\",\"url\":\"https:\\\/\\\/tabaccomd.com\\\/ro\\\/product\\\/zippo-armor-engine-turn\\\/\",\"sku\":\"28638\",\"image\":{\"@type\":\"ImageObject\",\"url\":\"https:\\\/\\\/tabaccomd.com\\\/wp-content\\\/uploads\\\/2020\\\/06\\\/bez-imeni-144.jpg\",\"@id\":\"https:\\\/\\\/tabaccomd.com\\\/ro\\\/product\\\/zippo-armor-engine-turn\\\/#productImage\",\"width\":700,\"height\":700,\"caption\":\"\\u0417\\u0430\\u0436\\u0438\\u0433\\u0430\\u043b\\u043a\\u0430 Zippo Armor\\u2122 Engine Turn\"},\"offers\":{\"@type\":\"Offer\",\"url\":\"https:\\\/\\\/tabaccomd.com\\\/ro\\\/product\\\/zippo-armor-engine-turn\\\/#wooCommerceOffer\",\"price\":1500,\"priceCurrency\":\"MDL\",\"category\":\"Brichete Zippo\",\"availability\":\"https:\\\/\\\/schema.org\\\/OutOfStock\",\"priceSpecification\":{\"@type\":\"PriceSpecification\",\"price\":1500,\"priceCurrency\":\"MDL\",\"valueAddedTaxIncluded\":\"true\"},\"seller\":{\"@type\":\"Organization\",\"@id\":\"https:\\\/\\\/tabaccomd.com\\\/ro\\\/#organization\"}}},{\"@type\":\"WebPage\",\"@id\":\"https:\\\/\\\/tabaccomd.com\\\/ro\\\/product\\\/zippo-armor-engine-turn\\\/#webpage\",\"url\":\"https:\\\/\\\/tabaccomd.com\\\/ro\\\/product\\\/zippo-armor-engine-turn\\\/\",\"name\":\"Zippo Armor\\u2122 Engine Turn \\u2013 Tabacco House\",\"description\":\"Bricheta Zippo Armor\\u2122 Engine Turn rezistent\\u0103 \\u00een timp, reutilizabil\\u0103 \\u0219i cu garan\\u021bie pe via\\u021b\\u0103. Cump\\u0103ra\\u021bi un brichet\\u0103 Zippo \\u00een Chi\\u0219in\\u0103u. \\u260e061-000-935.\",\"inLanguage\":\"ro-RO\",\"isPartOf\":{\"@id\":\"https:\\\/\\\/tabaccomd.com\\\/ro\\\/#website\"},\"breadcrumb\":{\"@id\":\"https:\\\/\\\/tabaccomd.com\\\/ro\\\/product\\\/zippo-armor-engine-turn\\\/#breadcrumblist\"},\"image\":{\"@type\":\"ImageObject\",\"url\":\"https:\\\/\\\/tabaccomd.com\\\/wp-content\\\/uploads\\\/2020\\\/06\\\/bez-imeni-144.jpg\",\"@id\":\"https:\\\/\\\/tabaccomd.com\\\/ro\\\/product\\\/zippo-armor-engine-turn\\\/#mainImage\",\"width\":700,\"height\":700,\"caption\":\"\\u0417\\u0430\\u0436\\u0438\\u0433\\u0430\\u043b\\u043a\\u0430 Zippo Armor\\u2122 Engine Turn\"},\"primaryImageOfPage\":{\"@id\":\"https:\\\/\\\/tabaccomd.com\\\/ro\\\/product\\\/zippo-armor-engine-turn\\\/#mainImage\"},\"datePublished\":\"2020-06-13T17:29:18+03:00\",\"dateModified\":\"2023-06-23T15:23:39+03:00\"},{\"@type\":\"WebSite\",\"@id\":\"https:\\\/\\\/tabaccomd.com\\\/ro\\\/#website\",\"url\":\"https:\\\/\\\/tabaccomd.com\\\/ro\\\/\",\"name\":\"Tabacco House\",\"alternateName\":\"tobaccomd.com\",\"description\":\"\\u041c\\u0430\\u0433\\u0430\\u0437\\u0438\\u043d \\u0442\\u0430\\u0431\\u0430\\u0447\\u043d\\u044b\\u0445 \\u0438\\u0437\\u0434\\u0435\\u043b\\u0438\\u0439\",\"inLanguage\":\"ro-RO\",\"publisher\":{\"@id\":\"https:\\\/\\\/tabaccomd.com\\\/ro\\\/#organization\"}}]}\n\t\t<\/script>\n\t\t<!-- All in One SEO Pro -->\r\n\t\t<title>Zippo Armor\u2122 Engine Turn \u2013 Tabacco House<\/title>\n\n","aioseo_head_json":{"title":"Zippo Armor\u2122 Engine Turn \u2013 Tabacco House","description":"Bricheta Zippo Armor\u2122 Engine Turn rezistent\u0103 \u00een timp, reutilizabil\u0103 \u0219i cu garan\u021bie pe via\u021b\u0103. Cump\u0103ra\u021bi un brichet\u0103 Zippo \u00een Chi\u0219in\u0103u. \u260e061-000-935.","canonical_url":"https:\/\/tabaccomd.com\/ro\/product\/zippo-armor-engine-turn\/","robots":"max-image-preview:large","keywords":"","webmasterTools":{"miscellaneous":""},"schema":{"@context":"https:\/\/schema.org","@graph":[{"@type":"BreadcrumbList","@id":"https:\/\/tabaccomd.com\/ro\/product\/zippo-armor-engine-turn\/#breadcrumblist","itemListElement":[{"@type":"ListItem","@id":"https:\/\/tabaccomd.com\/ro\/#listItem","position":1,"name":"\u0413\u043b\u0430\u0432\u043d\u0430\u044f","item":"https:\/\/tabaccomd.com\/ro\/","nextItem":{"@type":"ListItem","@id":"https:\/\/tabaccomd.com\/ro\/catalog\/#listItem","name":"Catalog"}},{"@type":"ListItem","@id":"https:\/\/tabaccomd.com\/ro\/catalog\/#listItem","position":2,"name":"Catalog","item":"https:\/\/tabaccomd.com\/ro\/catalog\/","nextItem":{"@type":"ListItem","@id":"https:\/\/tabaccomd.com\/ro\/product-category\/brichete\/#listItem","name":"Brichete"},"previousItem":{"@type":"ListItem","@id":"https:\/\/tabaccomd.com\/ro\/#listItem","name":"\u0413\u043b\u0430\u0432\u043d\u0430\u044f"}},{"@type":"ListItem","@id":"https:\/\/tabaccomd.com\/ro\/product-category\/brichete\/#listItem","position":3,"name":"Brichete","item":"https:\/\/tabaccomd.com\/ro\/product-category\/brichete\/","nextItem":{"@type":"ListItem","@id":"https:\/\/tabaccomd.com\/ro\/product-category\/brichete\/brichete-zippo-2\/#listItem","name":"Brichete Zippo"},"previousItem":{"@type":"ListItem","@id":"https:\/\/tabaccomd.com\/ro\/catalog\/#listItem","name":"Catalog"}},{"@type":"ListItem","@id":"https:\/\/tabaccomd.com\/ro\/product-category\/brichete\/brichete-zippo-2\/#listItem","position":4,"name":"Brichete Zippo","item":"https:\/\/tabaccomd.com\/ro\/product-category\/brichete\/brichete-zippo-2\/","nextItem":{"@type":"ListItem","@id":"https:\/\/tabaccomd.com\/ro\/product\/zippo-armor-engine-turn\/#listItem","name":"Zippo Armor\u2122 Engine Turn"},"previousItem":{"@type":"ListItem","@id":"https:\/\/tabaccomd.com\/ro\/product-category\/brichete\/#listItem","name":"Brichete"}},{"@type":"ListItem","@id":"https:\/\/tabaccomd.com\/ro\/product\/zippo-armor-engine-turn\/#listItem","position":5,"name":"Zippo Armor\u2122 Engine Turn","previousItem":{"@type":"ListItem","@id":"https:\/\/tabaccomd.com\/ro\/product-category\/brichete\/brichete-zippo-2\/#listItem","name":"Brichete Zippo"}}]},{"@type":"Organization","@id":"https:\/\/tabaccomd.com\/ro\/#organization","name":"Tabacco House","description":"\u041c\u0430\u0433\u0430\u0437\u0438\u043d \u0442\u0430\u0431\u0430\u0447\u043d\u044b\u0445 \u0438\u0437\u0434\u0435\u043b\u0438\u0439","url":"https:\/\/tabaccomd.com\/ro\/","email":"Office@cazacuhouse.com","telephone":"+37361000935","logo":{"@type":"ImageObject","url":"https:\/\/tabaccomd.com\/wp-content\/uploads\/2024\/02\/logo_header3.png","@id":"https:\/\/tabaccomd.com\/ro\/product\/zippo-armor-engine-turn\/#organizationLogo","width":32,"height":32,"caption":"Tabacco House"},"image":{"@id":"https:\/\/tabaccomd.com\/ro\/product\/zippo-armor-engine-turn\/#organizationLogo"},"sameAs":["https:\/\/www.facebook.com\/tabaccomd.com\/","https:\/\/www.instagram.com\/tabaccomd.com\/"],"address":{"@id":"https:\/\/tabaccomd.com\/ro\/#postaladdress","@type":"PostalAddress","streetAddress":"Strada Albi\u015foara 4, Chi\u0219in\u0103u, Bulevardul \u0218tefan cel Mare \u0219i Sf\u00eent 136, Chi\u0219in\u0103u","addressLocality":"Chi\u0219in\u0103u","addressCountry":"MD"}},{"@type":"Product","@id":"https:\/\/tabaccomd.com\/ro\/product\/zippo-armor-engine-turn\/#wooCommerceProduct","name":"Zippo Armor\u2122 Engine Turn","url":"https:\/\/tabaccomd.com\/ro\/product\/zippo-armor-engine-turn\/","sku":"28638","image":{"@type":"ImageObject","url":"https:\/\/tabaccomd.com\/wp-content\/uploads\/2020\/06\/bez-imeni-144.jpg","@id":"https:\/\/tabaccomd.com\/ro\/product\/zippo-armor-engine-turn\/#productImage","width":700,"height":700,"caption":"\u0417\u0430\u0436\u0438\u0433\u0430\u043b\u043a\u0430 Zippo Armor\u2122 Engine Turn"},"offers":{"@type":"Offer","url":"https:\/\/tabaccomd.com\/ro\/product\/zippo-armor-engine-turn\/#wooCommerceOffer","price":1500,"priceCurrency":"MDL","category":"Brichete Zippo","availability":"https:\/\/schema.org\/OutOfStock","priceSpecification":{"@type":"PriceSpecification","price":1500,"priceCurrency":"MDL","valueAddedTaxIncluded":"true"},"seller":{"@type":"Organization","@id":"https:\/\/tabaccomd.com\/ro\/#organization"}}},{"@type":"WebPage","@id":"https:\/\/tabaccomd.com\/ro\/product\/zippo-armor-engine-turn\/#webpage","url":"https:\/\/tabaccomd.com\/ro\/product\/zippo-armor-engine-turn\/","name":"Zippo Armor\u2122 Engine Turn \u2013 Tabacco House","description":"Bricheta Zippo Armor\u2122 Engine Turn rezistent\u0103 \u00een timp, reutilizabil\u0103 \u0219i cu garan\u021bie pe via\u021b\u0103. Cump\u0103ra\u021bi un brichet\u0103 Zippo \u00een Chi\u0219in\u0103u. \u260e061-000-935.","inLanguage":"ro-RO","isPartOf":{"@id":"https:\/\/tabaccomd.com\/ro\/#website"},"breadcrumb":{"@id":"https:\/\/tabaccomd.com\/ro\/product\/zippo-armor-engine-turn\/#breadcrumblist"},"image":{"@type":"ImageObject","url":"https:\/\/tabaccomd.com\/wp-content\/uploads\/2020\/06\/bez-imeni-144.jpg","@id":"https:\/\/tabaccomd.com\/ro\/product\/zippo-armor-engine-turn\/#mainImage","width":700,"height":700,"caption":"\u0417\u0430\u0436\u0438\u0433\u0430\u043b\u043a\u0430 Zippo Armor\u2122 Engine Turn"},"primaryImageOfPage":{"@id":"https:\/\/tabaccomd.com\/ro\/product\/zippo-armor-engine-turn\/#mainImage"},"datePublished":"2020-06-13T17:29:18+03:00","dateModified":"2023-06-23T15:23:39+03:00"},{"@type":"WebSite","@id":"https:\/\/tabaccomd.com\/ro\/#website","url":"https:\/\/tabaccomd.com\/ro\/","name":"Tabacco House","alternateName":"tobaccomd.com","description":"\u041c\u0430\u0433\u0430\u0437\u0438\u043d \u0442\u0430\u0431\u0430\u0447\u043d\u044b\u0445 \u0438\u0437\u0434\u0435\u043b\u0438\u0439","inLanguage":"ro-RO","publisher":{"@id":"https:\/\/tabaccomd.com\/ro\/#organization"}}]},"og:locale":"ro_RO","og:site_name":"Tabacco House \u2013 \u041c\u0430\u0433\u0430\u0437\u0438\u043d \u0442\u0430\u0431\u0430\u0447\u043d\u044b\u0445 \u0438\u0437\u0434\u0435\u043b\u0438\u0439","og:type":"article","og:title":"Zippo Armor\u2122 Engine Turn \u2013 Tabacco House","og:description":"Bricheta Zippo Armor\u2122 Engine Turn rezistent\u0103 \u00een timp, reutilizabil\u0103 \u0219i cu garan\u021bie pe via\u021b\u0103. Cump\u0103ra\u021bi un brichet\u0103 Zippo \u00een Chi\u0219in\u0103u. \u260e061-000-935.","og:url":"https:\/\/tabaccomd.com\/ro\/product\/zippo-armor-engine-turn\/","article:published_time":"2020-06-13T14:29:18+00:00","article:modified_time":"2023-06-23T12:23:39+00:00","article:publisher":"https:\/\/www.facebook.com\/tabaccomd.com\/","twitter:card":"summary_large_image","twitter:title":"Zippo Armor\u2122 Engine Turn \u2013 Tabacco House","twitter:description":"Bricheta Zippo Armor\u2122 Engine Turn rezistent\u0103 \u00een timp, reutilizabil\u0103 \u0219i cu garan\u021bie pe via\u021b\u0103. Cump\u0103ra\u021bi un brichet\u0103 Zippo \u00een Chi\u0219in\u0103u. \u260e061-000-935."},"aioseo_meta_data":{"post_id":"18877","title":null,"description":"Bricheta Zippo Armor\u2122 Engine Turn rezistent\u0103 \u00een timp, reutilizabil\u0103 \u0219i cu garan\u021bie pe via\u021b\u0103. Cump\u0103ra\u021bi un brichet\u0103 Zippo \u00een Chi\u0219in\u0103u. \u260e061-000-935.","keywords":[],"keyphrases":{"focus":{"keyphrase":"Zippo","score":100,"analysis":{"keyphraseInTitle":{"score":9,"maxScore":9,"error":0},"keyphraseInDescription":{"score":9,"maxScore":9,"error":0},"keyphraseLength":{"score":9,"maxScore":9,"error":0,"length":1},"keyphraseInURL":{"score":5,"maxScore":5,"error":0},"keyphraseInIntroduction":{"score":9,"maxScore":9,"error":0},"keyphraseInSubHeadings":[],"keyphraseInImageAlt":[]}},"additional":[]},"primary_term":null,"canonical_url":null,"og_title":null,"og_description":null,"og_object_type":"default","og_image_type":"default","og_image_url":null,"og_image_width":null,"og_image_height":null,"og_image_custom_url":null,"og_image_custom_fields":null,"og_video":"","og_custom_url":null,"og_article_section":null,"og_article_tags":[],"twitter_use_og":false,"twitter_card":"default","twitter_image_type":"default","twitter_image_url":null,"twitter_image_custom_url":null,"twitter_image_custom_fields":null,"twitter_title":null,"twitter_description":null,"schema":{"blockGraphs":[],"customGraphs":[],"default":{"data":{"Article":[],"Course":[],"Dataset":[],"FAQPage":[],"Movie":[],"Person":[],"Product":[],"ProductReview":[],"Car":[],"Recipe":[],"Service":[],"SoftwareApplication":[],"WebPage":[]},"graphName":"","isEnabled":true},"graphs":[]},"schema_type":"default","schema_type_options":null,"pillar_content":false,"robots_default":true,"robots_noindex":false,"robots_noarchive":false,"robots_nosnippet":false,"robots_nofollow":false,"robots_noimageindex":false,"robots_noodp":false,"robots_notranslate":false,"robots_max_snippet":"-1","robots_max_videopreview":"-1","robots_max_imagepreview":"large","priority":0,"frequency":"default","local_seo":null,"seo_analyzer_scan_date":"2025-10-19 20:48:53","breadcrumb_settings":null,"limit_modified_date":false,"reviewed_by":null,"open_ai":null,"ai":null,"created":"2023-03-30 14:41:15","updated":"2025-10-19 20:48:53"},"aioseo_breadcrumb":"<div class=\"aioseo-breadcrumbs\"><span class=\"aioseo-breadcrumb\">\n\t<a href=\"https:\/\/tabaccomd.com\/ro\/\" title=\"\u0413\u043b\u0430\u0432\u043d\u0430\u044f\">\u0413\u043b\u0430\u0432\u043d\u0430\u044f<\/a>\n<\/span><span class=\"aioseo-breadcrumb-separator\">\u00bb<\/span><span class=\"aioseo-breadcrumb\">\n\t<a href=\"https:\/\/tabaccomd.com\/ro\/catalog\/\" title=\"Catalog\">Catalog<\/a>\n<\/span><span class=\"aioseo-breadcrumb-separator\">\u00bb<\/span><span class=\"aioseo-breadcrumb\">\n\t<a href=\"https:\/\/tabaccomd.com\/ro\/product-category\/brichete\/\" title=\"Brichete\">Brichete<\/a>\n<\/span><span class=\"aioseo-breadcrumb-separator\">\u00bb<\/span><span class=\"aioseo-breadcrumb\">\n\t<a href=\"https:\/\/tabaccomd.com\/ro\/product-category\/brichete\/brichete-zippo-2\/\" title=\"Brichete Zippo\">Brichete Zippo<\/a>\n<\/span><span class=\"aioseo-breadcrumb-separator\">\u00bb<\/span><span class=\"aioseo-breadcrumb\">\n\tZippo Armor\u2122 Engine Turn\n<\/span><\/div>","aioseo_breadcrumb_json":[{"label":"\u0413\u043b\u0430\u0432\u043d\u0430\u044f","link":"https:\/\/tabaccomd.com\/ro\/"},{"label":"Catalog","link":"https:\/\/tabaccomd.com\/ro\/catalog\/"},{"label":"Brichete","link":"https:\/\/tabaccomd.com\/ro\/product-category\/brichete\/"},{"label":"Brichete Zippo","link":"https:\/\/tabaccomd.com\/ro\/product-category\/brichete\/brichete-zippo-2\/"},{"label":"Zippo Armor\u2122 Engine Turn","link":"https:\/\/tabaccomd.com\/ro\/product\/zippo-armor-engine-turn\/"}],"images_for_1c":[{"url":"https:\/\/tabaccomd.com\/wp-content\/uploads\/2020\/06\/bez-imeni-144.jpg","type":"featured","alt":"\u0417\u0430\u0436\u0438\u0433\u0430\u043b\u043a\u0430 Zippo Armor\u2122 Engine Turn","filename":"bez-imeni-144.jpg"},{"url":"https:\/\/tabaccomd.com\/wp-content\/uploads\/2020\/06\/imgp7877_final_copy-1-500x500-1.jpg","type":"gallery","alt":"","filename":"imgp7877_final_copy-1-500x500-1.jpg"},{"url":"https:\/\/tabaccomd.com\/wp-content\/uploads\/2020\/06\/unnamed-4.jpg","type":"gallery","alt":"","filename":"unnamed-4.jpg"},{"url":"https:\/\/tabaccomd.com\/wp-content\/uploads\/2020\/06\/zippo-28638-zippo-armor-engine-turn-1-2.jpg","type":"gallery","alt":"","filename":"zippo-28638-zippo-armor-engine-turn-1-2.jpg"}],"additional_data_1c":{"modified_date":"2023-06-23 15:23:39","permalink":"https:\/\/tabaccomd.com\/ro\/product\/zippo-armor-engine-turn\/","stock_status":"outofstock","manage_stock":"no"},"_links":{"self":[{"href":"https:\/\/tabaccomd.com\/ro\/wp-json\/wp\/v2\/product\/18877","targetHints":{"allow":["GET"]}}],"collection":[{"href":"https:\/\/tabaccomd.com\/ro\/wp-json\/wp\/v2\/product"}],"about":[{"href":"https:\/\/tabaccomd.com\/ro\/wp-json\/wp\/v2\/types\/product"}],"wp:featuredmedia":[{"embeddable":true,"href":"https:\/\/tabaccomd.com\/ro\/wp-json\/wp\/v2\/media\/15175"}],"wp:attachment":[{"href":"https:\/\/tabaccomd.com\/ro\/wp-json\/wp\/v2\/media?parent=18877"}],"wp:term":[{"taxonomy":"product_brand","embeddable":true,"href":"https:\/\/tabaccomd.com\/ro\/wp-json\/wp\/v2\/product_brand?post=18877"},{"taxonomy":"product_cat","embeddable":true,"href":"https:\/\/tabaccomd.com\/ro\/wp-json\/wp\/v2\/product_cat?post=18877"},{"taxonomy":"product_tag","embeddable":true,"href":"https:\/\/tabaccomd.com\/ro\/wp-json\/wp\/v2\/product_tag?post=18877"}],"curies":[{"name":"wp","href":"https:\/\/api.w.org\/{rel}","templated":true}]}}