{"id":18857,"date":"2020-06-05T12:55:10","date_gmt":"2020-06-05T09:55:10","guid":{"rendered":"https:\/\/new124.tabaccomd.com\/product\/trabacuri-te-amo-gran-corto-cuba-blend\/"},"modified":"2023-07-19T12:45:48","modified_gmt":"2023-07-19T09:45:48","slug":"trabacuri-te-amo-gran-corto-cuba-blend","status":"publish","type":"product","link":"https:\/\/tabaccomd.com\/ro\/product\/trabacuri-te-amo-gran-corto-cuba-blend\/","title":{"rendered":"Trabacuri TE AMO GRAN CORTO CUBA BLEND"},"content":{"rendered":"<p>Fabricat \u00een Mexic, puro (adic\u0103 este fabricat doar din tutun mexican) a avut \u00eentotdeauna un public fidel, \u00eencoronat ca regina trabucurilor mexicane.<\/p>\n<p>Un trabuc foarte puternic, dar care d\u0103 fum perfect.<\/p>\n<p>Tutunul folosit este cultivat doar pe soluri fertile din Valea San Andreas, ceea ce confer\u0103 trabucului Te Amo arome lemnoase cu note de piele \u0219i mirodenii.<\/p>\n<p>Pute\u021bi cump\u0103ra TE AMO GRAN CORTO CUBA BLEND \u00een Moldova, Chi\u0219in\u0103u \u00een re\u021beaua magazinului Lux Presents.<\/p>\n<p>&nbsp;<\/p>\n","protected":false},"excerpt":{"rendered":"<ul>\n<li>\u021aara: Mexica<\/li>\n<li>Produc\u0103tor: Te Amo<\/li>\n<li>Tarie: Medium<\/li>\n<li>Dimensiune: 102mm x 21mm<\/li>\n<li>Format: Gran Corto<\/li>\n<\/ul>\n","protected":false},"featured_media":15101,"template":"","meta":{"om_disable_all_campaigns":false,"_monsterinsights_skip_tracking":false,"_monsterinsights_sitenote_active":false,"_monsterinsights_sitenote_note":"","_monsterinsights_sitenote_category":0},"product_brand":[],"product_cat":[158],"product_tag":[],"class_list":{"0":"post-18857","1":"product","2":"type-product","3":"status-publish","4":"has-post-thumbnail","6":"product_cat-trabucuri-din-mexic","8":"first","9":"outofstock","10":"taxable","11":"shipping-taxable","12":"purchasable","13":"product-type-simple"},"aioseo_notices":[],"aioseo_head":"\n\t\t<!-- All in One SEO Pro 4.9.5.2 - aioseo.com -->\n\t<meta name=\"description\" content=\"Trabacuri TE AMO GRAN CORTO CUBA BLEND \u00een Chi\u0219in\u0103u cu livrare. Site-ul nostru tabaccomd.com ofer\u0103 o gam\u0103 larg\u0103 de trabucuri, cigarillos, umidificatoare, ghilotine, brichete, chibrituri, chibrituri pentru trabucuri, scrumiere pentru trabucuri.\u2b50\u2b50\u2b50\u2b50\u2b50\u260e 061-000-935\" \/>\n\t<meta name=\"robots\" content=\"max-image-preview:large\" \/>\n\t<link rel=\"canonical\" href=\"https:\/\/tabaccomd.com\/ro\/product\/trabacuri-te-amo-gran-corto-cuba-blend\/\" \/>\n\t<meta name=\"generator\" content=\"All in One SEO Pro (AIOSEO) 4.9.5.2\" \/>\n\t\t<meta property=\"og:locale\" content=\"ro_RO\" \/>\n\t\t<meta property=\"og:site_name\" content=\"Tabacco House \u2013 \u041c\u0430\u0433\u0430\u0437\u0438\u043d \u0442\u0430\u0431\u0430\u0447\u043d\u044b\u0445 \u0438\u0437\u0434\u0435\u043b\u0438\u0439\" \/>\n\t\t<meta property=\"og:type\" content=\"article\" \/>\n\t\t<meta property=\"og:title\" content=\"Trabacuri TE AMO GRAN CORTO CUBA BLEND \u2668\ufe0f cump\u0103ra\u021bi \u00een Chi\u0219in\u0103u \u2b50\u2013 Tabacco House\" \/>\n\t\t<meta property=\"og:description\" content=\"Trabacuri TE AMO GRAN CORTO CUBA BLEND \u00een Chi\u0219in\u0103u cu livrare. Site-ul nostru tabaccomd.com ofer\u0103 o gam\u0103 larg\u0103 de trabucuri, cigarillos, umidificatoare, ghilotine, brichete, chibrituri, chibrituri pentru trabucuri, scrumiere pentru trabucuri.\u2b50\u2b50\u2b50\u2b50\u2b50\u260e 061-000-935\" \/>\n\t\t<meta property=\"og:url\" content=\"https:\/\/tabaccomd.com\/ro\/product\/trabacuri-te-amo-gran-corto-cuba-blend\/\" \/>\n\t\t<meta property=\"article:published_time\" content=\"2020-06-05T09:55:10+00:00\" \/>\n\t\t<meta property=\"article:modified_time\" content=\"2023-07-19T09:45:48+00:00\" \/>\n\t\t<meta property=\"article:publisher\" content=\"https:\/\/www.facebook.com\/tabaccomd.com\/\" \/>\n\t\t<meta name=\"twitter:card\" content=\"summary_large_image\" \/>\n\t\t<meta name=\"twitter:title\" content=\"Trabacuri TE AMO GRAN CORTO CUBA BLEND \u2668\ufe0f cump\u0103ra\u021bi \u00een Chi\u0219in\u0103u \u2b50\u2013 Tabacco House\" \/>\n\t\t<meta name=\"twitter:description\" content=\"Trabacuri TE AMO GRAN CORTO CUBA BLEND \u00een Chi\u0219in\u0103u cu livrare. Site-ul nostru tabaccomd.com ofer\u0103 o gam\u0103 larg\u0103 de trabucuri, cigarillos, umidificatoare, ghilotine, brichete, chibrituri, chibrituri pentru trabucuri, scrumiere pentru trabucuri.\u2b50\u2b50\u2b50\u2b50\u2b50\u260e 061-000-935\" \/>\n\t\t<script type=\"application\/ld+json\" class=\"aioseo-schema\">\n\t\t\t{\"@context\":\"https:\\\/\\\/schema.org\",\"@graph\":[{\"@type\":\"BreadcrumbList\",\"@id\":\"https:\\\/\\\/tabaccomd.com\\\/ro\\\/product\\\/trabacuri-te-amo-gran-corto-cuba-blend\\\/#breadcrumblist\",\"itemListElement\":[{\"@type\":\"ListItem\",\"@id\":\"https:\\\/\\\/tabaccomd.com\\\/ro\\\/#listItem\",\"position\":1,\"name\":\"\\u0413\\u043b\\u0430\\u0432\\u043d\\u0430\\u044f\",\"item\":\"https:\\\/\\\/tabaccomd.com\\\/ro\\\/\",\"nextItem\":{\"@type\":\"ListItem\",\"@id\":\"https:\\\/\\\/tabaccomd.com\\\/ro\\\/catalog\\\/#listItem\",\"name\":\"Catalog\"}},{\"@type\":\"ListItem\",\"@id\":\"https:\\\/\\\/tabaccomd.com\\\/ro\\\/catalog\\\/#listItem\",\"position\":2,\"name\":\"Catalog\",\"item\":\"https:\\\/\\\/tabaccomd.com\\\/ro\\\/catalog\\\/\",\"nextItem\":{\"@type\":\"ListItem\",\"@id\":\"https:\\\/\\\/tabaccomd.com\\\/ro\\\/product-category\\\/trabucuri\\\/#listItem\",\"name\":\"Trabucuri\"},\"previousItem\":{\"@type\":\"ListItem\",\"@id\":\"https:\\\/\\\/tabaccomd.com\\\/ro\\\/#listItem\",\"name\":\"\\u0413\\u043b\\u0430\\u0432\\u043d\\u0430\\u044f\"}},{\"@type\":\"ListItem\",\"@id\":\"https:\\\/\\\/tabaccomd.com\\\/ro\\\/product-category\\\/trabucuri\\\/#listItem\",\"position\":3,\"name\":\"Trabucuri\",\"item\":\"https:\\\/\\\/tabaccomd.com\\\/ro\\\/product-category\\\/trabucuri\\\/\",\"nextItem\":{\"@type\":\"ListItem\",\"@id\":\"https:\\\/\\\/tabaccomd.com\\\/ro\\\/product-category\\\/trabucuri\\\/trabucuri-din-mexic\\\/#listItem\",\"name\":\"Trabucuri din Mexic\"},\"previousItem\":{\"@type\":\"ListItem\",\"@id\":\"https:\\\/\\\/tabaccomd.com\\\/ro\\\/catalog\\\/#listItem\",\"name\":\"Catalog\"}},{\"@type\":\"ListItem\",\"@id\":\"https:\\\/\\\/tabaccomd.com\\\/ro\\\/product-category\\\/trabucuri\\\/trabucuri-din-mexic\\\/#listItem\",\"position\":4,\"name\":\"Trabucuri din Mexic\",\"item\":\"https:\\\/\\\/tabaccomd.com\\\/ro\\\/product-category\\\/trabucuri\\\/trabucuri-din-mexic\\\/\",\"nextItem\":{\"@type\":\"ListItem\",\"@id\":\"https:\\\/\\\/tabaccomd.com\\\/ro\\\/product\\\/trabacuri-te-amo-gran-corto-cuba-blend\\\/#listItem\",\"name\":\"Trabacuri TE AMO GRAN CORTO CUBA BLEND\"},\"previousItem\":{\"@type\":\"ListItem\",\"@id\":\"https:\\\/\\\/tabaccomd.com\\\/ro\\\/product-category\\\/trabucuri\\\/#listItem\",\"name\":\"Trabucuri\"}},{\"@type\":\"ListItem\",\"@id\":\"https:\\\/\\\/tabaccomd.com\\\/ro\\\/product\\\/trabacuri-te-amo-gran-corto-cuba-blend\\\/#listItem\",\"position\":5,\"name\":\"Trabacuri TE AMO GRAN CORTO CUBA BLEND\",\"previousItem\":{\"@type\":\"ListItem\",\"@id\":\"https:\\\/\\\/tabaccomd.com\\\/ro\\\/product-category\\\/trabucuri\\\/trabucuri-din-mexic\\\/#listItem\",\"name\":\"Trabucuri din Mexic\"}}]},{\"@type\":\"Organization\",\"@id\":\"https:\\\/\\\/tabaccomd.com\\\/ro\\\/#organization\",\"name\":\"Tabacco House\",\"description\":\"\\u041c\\u0430\\u0433\\u0430\\u0437\\u0438\\u043d \\u0442\\u0430\\u0431\\u0430\\u0447\\u043d\\u044b\\u0445 \\u0438\\u0437\\u0434\\u0435\\u043b\\u0438\\u0439\",\"url\":\"https:\\\/\\\/tabaccomd.com\\\/ro\\\/\",\"email\":\"Office@cazacuhouse.com\",\"telephone\":\"+37361000935\",\"logo\":{\"@type\":\"ImageObject\",\"url\":\"https:\\\/\\\/tabaccomd.com\\\/wp-content\\\/uploads\\\/2024\\\/02\\\/logo_header3.png\",\"@id\":\"https:\\\/\\\/tabaccomd.com\\\/ro\\\/product\\\/trabacuri-te-amo-gran-corto-cuba-blend\\\/#organizationLogo\",\"width\":32,\"height\":32,\"caption\":\"Tabacco House\"},\"image\":{\"@id\":\"https:\\\/\\\/tabaccomd.com\\\/ro\\\/product\\\/trabacuri-te-amo-gran-corto-cuba-blend\\\/#organizationLogo\"},\"sameAs\":[\"https:\\\/\\\/www.facebook.com\\\/tabaccomd.com\\\/\",\"https:\\\/\\\/www.instagram.com\\\/tabaccomd.com\\\/\"],\"address\":{\"@id\":\"https:\\\/\\\/tabaccomd.com\\\/ro\\\/#postaladdress\",\"@type\":\"PostalAddress\",\"streetAddress\":\"Strada Albi\\u015foara 4, Chi\\u0219in\\u0103u, Bulevardul \\u0218tefan cel Mare \\u0219i Sf\\u00eent 136, Chi\\u0219in\\u0103u\",\"addressLocality\":\"Chi\\u0219in\\u0103u\",\"addressCountry\":\"MD\"}},{\"@type\":\"Product\",\"@id\":\"https:\\\/\\\/tabaccomd.com\\\/ro\\\/product\\\/trabacuri-te-amo-gran-corto-cuba-blend\\\/#wooCommerceProduct\",\"name\":\"Trabacuri TE AMO GRAN CORTO CUBA BLEND\",\"description\":\"\\u021aara: Mexica\\r\\n \\tProduc\\u0103tor: Te Amo\\r\\n \\tTarie: Medium\\r\\n \\tDimensiune: 102mm x 21mm\\r\\n \\tFormat: Gran Corto\",\"url\":\"https:\\\/\\\/tabaccomd.com\\\/ro\\\/product\\\/trabacuri-te-amo-gran-corto-cuba-blend\\\/\",\"sku\":\"Te Amo WS Gran Corto Cuba S 15\",\"image\":{\"@type\":\"ImageObject\",\"url\":\"https:\\\/\\\/tabaccomd.com\\\/wp-content\\\/uploads\\\/2020\\\/06\\\/teamo.jpg\",\"@id\":\"https:\\\/\\\/tabaccomd.com\\\/ro\\\/product\\\/trabacuri-te-amo-gran-corto-cuba-blend\\\/#productImage\",\"width\":600,\"height\":600,\"caption\":\"\\u0421\\u0438\\u0433\\u0430\\u0440\\u044b TE AMO GRAN CORTO CUBA BLEND\"},\"offers\":{\"@type\":\"Offer\",\"url\":\"https:\\\/\\\/tabaccomd.com\\\/ro\\\/product\\\/trabacuri-te-amo-gran-corto-cuba-blend\\\/#wooCommerceOffer\",\"price\":120,\"priceCurrency\":\"MDL\",\"category\":\"Trabucuri din Mexic\",\"availability\":\"https:\\\/\\\/schema.org\\\/OutOfStock\",\"priceSpecification\":{\"@type\":\"PriceSpecification\",\"price\":120,\"priceCurrency\":\"MDL\",\"valueAddedTaxIncluded\":\"true\"},\"seller\":{\"@type\":\"Organization\",\"@id\":\"https:\\\/\\\/tabaccomd.com\\\/ro\\\/#organization\"}}},{\"@type\":\"WebPage\",\"@id\":\"https:\\\/\\\/tabaccomd.com\\\/ro\\\/product\\\/trabacuri-te-amo-gran-corto-cuba-blend\\\/#webpage\",\"url\":\"https:\\\/\\\/tabaccomd.com\\\/ro\\\/product\\\/trabacuri-te-amo-gran-corto-cuba-blend\\\/\",\"name\":\"Trabacuri TE AMO GRAN CORTO CUBA BLEND \\u2668\\ufe0f cump\\u0103ra\\u021bi \\u00een Chi\\u0219in\\u0103u \\u2b50\\u2013 Tabacco House\",\"description\":\"Trabacuri TE AMO GRAN CORTO CUBA BLEND \\u00een Chi\\u0219in\\u0103u cu livrare. Site-ul nostru tabaccomd.com ofer\\u0103 o gam\\u0103 larg\\u0103 de trabucuri, cigarillos, umidificatoare, ghilotine, brichete, chibrituri, chibrituri pentru trabucuri, scrumiere pentru trabucuri.\\u2b50\\u2b50\\u2b50\\u2b50\\u2b50\\u260e 061-000-935\",\"inLanguage\":\"ro-RO\",\"isPartOf\":{\"@id\":\"https:\\\/\\\/tabaccomd.com\\\/ro\\\/#website\"},\"breadcrumb\":{\"@id\":\"https:\\\/\\\/tabaccomd.com\\\/ro\\\/product\\\/trabacuri-te-amo-gran-corto-cuba-blend\\\/#breadcrumblist\"},\"image\":{\"@type\":\"ImageObject\",\"url\":\"https:\\\/\\\/tabaccomd.com\\\/wp-content\\\/uploads\\\/2020\\\/06\\\/teamo.jpg\",\"@id\":\"https:\\\/\\\/tabaccomd.com\\\/ro\\\/product\\\/trabacuri-te-amo-gran-corto-cuba-blend\\\/#mainImage\",\"width\":600,\"height\":600,\"caption\":\"\\u0421\\u0438\\u0433\\u0430\\u0440\\u044b TE AMO GRAN CORTO CUBA BLEND\"},\"primaryImageOfPage\":{\"@id\":\"https:\\\/\\\/tabaccomd.com\\\/ro\\\/product\\\/trabacuri-te-amo-gran-corto-cuba-blend\\\/#mainImage\"},\"datePublished\":\"2020-06-05T12:55:10+03:00\",\"dateModified\":\"2023-07-19T12:45:48+03:00\"},{\"@type\":\"WebSite\",\"@id\":\"https:\\\/\\\/tabaccomd.com\\\/ro\\\/#website\",\"url\":\"https:\\\/\\\/tabaccomd.com\\\/ro\\\/\",\"name\":\"Tabacco House\",\"alternateName\":\"tobaccomd.com\",\"description\":\"\\u041c\\u0430\\u0433\\u0430\\u0437\\u0438\\u043d \\u0442\\u0430\\u0431\\u0430\\u0447\\u043d\\u044b\\u0445 \\u0438\\u0437\\u0434\\u0435\\u043b\\u0438\\u0439\",\"inLanguage\":\"ro-RO\",\"publisher\":{\"@id\":\"https:\\\/\\\/tabaccomd.com\\\/ro\\\/#organization\"}}]}\n\t\t<\/script>\n\t\t<!-- All in One SEO Pro -->\r\n\t\t<title>Trabacuri TE AMO GRAN CORTO CUBA BLEND \u2668\ufe0f cump\u0103ra\u021bi \u00een Chi\u0219in\u0103u \u2b50\u2013 Tabacco House<\/title>\n\n","aioseo_head_json":{"title":"Trabacuri TE AMO GRAN CORTO CUBA BLEND \u2668\ufe0f cump\u0103ra\u021bi \u00een Chi\u0219in\u0103u \u2b50\u2013 Tabacco House","description":"Trabacuri TE AMO GRAN CORTO CUBA BLEND \u00een Chi\u0219in\u0103u cu livrare. Site-ul nostru tabaccomd.com ofer\u0103 o gam\u0103 larg\u0103 de trabucuri, cigarillos, umidificatoare, ghilotine, brichete, chibrituri, chibrituri pentru trabucuri, scrumiere pentru trabucuri.\u2b50\u2b50\u2b50\u2b50\u2b50\u260e 061-000-935","canonical_url":"https:\/\/tabaccomd.com\/ro\/product\/trabacuri-te-amo-gran-corto-cuba-blend\/","robots":"max-image-preview:large","keywords":"","webmasterTools":{"miscellaneous":""},"schema":{"@context":"https:\/\/schema.org","@graph":[{"@type":"BreadcrumbList","@id":"https:\/\/tabaccomd.com\/ro\/product\/trabacuri-te-amo-gran-corto-cuba-blend\/#breadcrumblist","itemListElement":[{"@type":"ListItem","@id":"https:\/\/tabaccomd.com\/ro\/#listItem","position":1,"name":"\u0413\u043b\u0430\u0432\u043d\u0430\u044f","item":"https:\/\/tabaccomd.com\/ro\/","nextItem":{"@type":"ListItem","@id":"https:\/\/tabaccomd.com\/ro\/catalog\/#listItem","name":"Catalog"}},{"@type":"ListItem","@id":"https:\/\/tabaccomd.com\/ro\/catalog\/#listItem","position":2,"name":"Catalog","item":"https:\/\/tabaccomd.com\/ro\/catalog\/","nextItem":{"@type":"ListItem","@id":"https:\/\/tabaccomd.com\/ro\/product-category\/trabucuri\/#listItem","name":"Trabucuri"},"previousItem":{"@type":"ListItem","@id":"https:\/\/tabaccomd.com\/ro\/#listItem","name":"\u0413\u043b\u0430\u0432\u043d\u0430\u044f"}},{"@type":"ListItem","@id":"https:\/\/tabaccomd.com\/ro\/product-category\/trabucuri\/#listItem","position":3,"name":"Trabucuri","item":"https:\/\/tabaccomd.com\/ro\/product-category\/trabucuri\/","nextItem":{"@type":"ListItem","@id":"https:\/\/tabaccomd.com\/ro\/product-category\/trabucuri\/trabucuri-din-mexic\/#listItem","name":"Trabucuri din Mexic"},"previousItem":{"@type":"ListItem","@id":"https:\/\/tabaccomd.com\/ro\/catalog\/#listItem","name":"Catalog"}},{"@type":"ListItem","@id":"https:\/\/tabaccomd.com\/ro\/product-category\/trabucuri\/trabucuri-din-mexic\/#listItem","position":4,"name":"Trabucuri din Mexic","item":"https:\/\/tabaccomd.com\/ro\/product-category\/trabucuri\/trabucuri-din-mexic\/","nextItem":{"@type":"ListItem","@id":"https:\/\/tabaccomd.com\/ro\/product\/trabacuri-te-amo-gran-corto-cuba-blend\/#listItem","name":"Trabacuri TE AMO GRAN CORTO CUBA BLEND"},"previousItem":{"@type":"ListItem","@id":"https:\/\/tabaccomd.com\/ro\/product-category\/trabucuri\/#listItem","name":"Trabucuri"}},{"@type":"ListItem","@id":"https:\/\/tabaccomd.com\/ro\/product\/trabacuri-te-amo-gran-corto-cuba-blend\/#listItem","position":5,"name":"Trabacuri TE AMO GRAN CORTO CUBA BLEND","previousItem":{"@type":"ListItem","@id":"https:\/\/tabaccomd.com\/ro\/product-category\/trabucuri\/trabucuri-din-mexic\/#listItem","name":"Trabucuri din Mexic"}}]},{"@type":"Organization","@id":"https:\/\/tabaccomd.com\/ro\/#organization","name":"Tabacco House","description":"\u041c\u0430\u0433\u0430\u0437\u0438\u043d \u0442\u0430\u0431\u0430\u0447\u043d\u044b\u0445 \u0438\u0437\u0434\u0435\u043b\u0438\u0439","url":"https:\/\/tabaccomd.com\/ro\/","email":"Office@cazacuhouse.com","telephone":"+37361000935","logo":{"@type":"ImageObject","url":"https:\/\/tabaccomd.com\/wp-content\/uploads\/2024\/02\/logo_header3.png","@id":"https:\/\/tabaccomd.com\/ro\/product\/trabacuri-te-amo-gran-corto-cuba-blend\/#organizationLogo","width":32,"height":32,"caption":"Tabacco House"},"image":{"@id":"https:\/\/tabaccomd.com\/ro\/product\/trabacuri-te-amo-gran-corto-cuba-blend\/#organizationLogo"},"sameAs":["https:\/\/www.facebook.com\/tabaccomd.com\/","https:\/\/www.instagram.com\/tabaccomd.com\/"],"address":{"@id":"https:\/\/tabaccomd.com\/ro\/#postaladdress","@type":"PostalAddress","streetAddress":"Strada Albi\u015foara 4, Chi\u0219in\u0103u, Bulevardul \u0218tefan cel Mare \u0219i Sf\u00eent 136, Chi\u0219in\u0103u","addressLocality":"Chi\u0219in\u0103u","addressCountry":"MD"}},{"@type":"Product","@id":"https:\/\/tabaccomd.com\/ro\/product\/trabacuri-te-amo-gran-corto-cuba-blend\/#wooCommerceProduct","name":"Trabacuri TE AMO GRAN CORTO CUBA BLEND","description":"\u021aara: Mexica\r\n \tProduc\u0103tor: Te Amo\r\n \tTarie: Medium\r\n \tDimensiune: 102mm x 21mm\r\n \tFormat: Gran Corto","url":"https:\/\/tabaccomd.com\/ro\/product\/trabacuri-te-amo-gran-corto-cuba-blend\/","sku":"Te Amo WS Gran Corto Cuba S 15","image":{"@type":"ImageObject","url":"https:\/\/tabaccomd.com\/wp-content\/uploads\/2020\/06\/teamo.jpg","@id":"https:\/\/tabaccomd.com\/ro\/product\/trabacuri-te-amo-gran-corto-cuba-blend\/#productImage","width":600,"height":600,"caption":"\u0421\u0438\u0433\u0430\u0440\u044b TE AMO GRAN CORTO CUBA BLEND"},"offers":{"@type":"Offer","url":"https:\/\/tabaccomd.com\/ro\/product\/trabacuri-te-amo-gran-corto-cuba-blend\/#wooCommerceOffer","price":120,"priceCurrency":"MDL","category":"Trabucuri din Mexic","availability":"https:\/\/schema.org\/OutOfStock","priceSpecification":{"@type":"PriceSpecification","price":120,"priceCurrency":"MDL","valueAddedTaxIncluded":"true"},"seller":{"@type":"Organization","@id":"https:\/\/tabaccomd.com\/ro\/#organization"}}},{"@type":"WebPage","@id":"https:\/\/tabaccomd.com\/ro\/product\/trabacuri-te-amo-gran-corto-cuba-blend\/#webpage","url":"https:\/\/tabaccomd.com\/ro\/product\/trabacuri-te-amo-gran-corto-cuba-blend\/","name":"Trabacuri TE AMO GRAN CORTO CUBA BLEND \u2668\ufe0f cump\u0103ra\u021bi \u00een Chi\u0219in\u0103u \u2b50\u2013 Tabacco House","description":"Trabacuri TE AMO GRAN CORTO CUBA BLEND \u00een Chi\u0219in\u0103u cu livrare. Site-ul nostru tabaccomd.com ofer\u0103 o gam\u0103 larg\u0103 de trabucuri, cigarillos, umidificatoare, ghilotine, brichete, chibrituri, chibrituri pentru trabucuri, scrumiere pentru trabucuri.\u2b50\u2b50\u2b50\u2b50\u2b50\u260e 061-000-935","inLanguage":"ro-RO","isPartOf":{"@id":"https:\/\/tabaccomd.com\/ro\/#website"},"breadcrumb":{"@id":"https:\/\/tabaccomd.com\/ro\/product\/trabacuri-te-amo-gran-corto-cuba-blend\/#breadcrumblist"},"image":{"@type":"ImageObject","url":"https:\/\/tabaccomd.com\/wp-content\/uploads\/2020\/06\/teamo.jpg","@id":"https:\/\/tabaccomd.com\/ro\/product\/trabacuri-te-amo-gran-corto-cuba-blend\/#mainImage","width":600,"height":600,"caption":"\u0421\u0438\u0433\u0430\u0440\u044b TE AMO GRAN CORTO CUBA BLEND"},"primaryImageOfPage":{"@id":"https:\/\/tabaccomd.com\/ro\/product\/trabacuri-te-amo-gran-corto-cuba-blend\/#mainImage"},"datePublished":"2020-06-05T12:55:10+03:00","dateModified":"2023-07-19T12:45:48+03:00"},{"@type":"WebSite","@id":"https:\/\/tabaccomd.com\/ro\/#website","url":"https:\/\/tabaccomd.com\/ro\/","name":"Tabacco House","alternateName":"tobaccomd.com","description":"\u041c\u0430\u0433\u0430\u0437\u0438\u043d \u0442\u0430\u0431\u0430\u0447\u043d\u044b\u0445 \u0438\u0437\u0434\u0435\u043b\u0438\u0439","inLanguage":"ro-RO","publisher":{"@id":"https:\/\/tabaccomd.com\/ro\/#organization"}}]},"og:locale":"ro_RO","og:site_name":"Tabacco House \u2013 \u041c\u0430\u0433\u0430\u0437\u0438\u043d \u0442\u0430\u0431\u0430\u0447\u043d\u044b\u0445 \u0438\u0437\u0434\u0435\u043b\u0438\u0439","og:type":"article","og:title":"Trabacuri TE AMO GRAN CORTO CUBA BLEND \u2668\ufe0f cump\u0103ra\u021bi \u00een Chi\u0219in\u0103u \u2b50\u2013 Tabacco House","og:description":"Trabacuri TE AMO GRAN CORTO CUBA BLEND \u00een Chi\u0219in\u0103u cu livrare. Site-ul nostru tabaccomd.com ofer\u0103 o gam\u0103 larg\u0103 de trabucuri, cigarillos, umidificatoare, ghilotine, brichete, chibrituri, chibrituri pentru trabucuri, scrumiere pentru trabucuri.\u2b50\u2b50\u2b50\u2b50\u2b50\u260e 061-000-935","og:url":"https:\/\/tabaccomd.com\/ro\/product\/trabacuri-te-amo-gran-corto-cuba-blend\/","article:published_time":"2020-06-05T09:55:10+00:00","article:modified_time":"2023-07-19T09:45:48+00:00","article:publisher":"https:\/\/www.facebook.com\/tabaccomd.com\/","twitter:card":"summary_large_image","twitter:title":"Trabacuri TE AMO GRAN CORTO CUBA BLEND \u2668\ufe0f cump\u0103ra\u021bi \u00een Chi\u0219in\u0103u \u2b50\u2013 Tabacco House","twitter:description":"Trabacuri TE AMO GRAN CORTO CUBA BLEND \u00een Chi\u0219in\u0103u cu livrare. Site-ul nostru tabaccomd.com ofer\u0103 o gam\u0103 larg\u0103 de trabucuri, cigarillos, umidificatoare, ghilotine, brichete, chibrituri, chibrituri pentru trabucuri, scrumiere pentru trabucuri.\u2b50\u2b50\u2b50\u2b50\u2b50\u260e 061-000-935"},"aioseo_meta_data":{"post_id":"18857","title":"#post_title \u2668\ufe0f cump\u0103ra\u021bi \u00een Chi\u0219in\u0103u \u2b50#separator_sa #site_title","description":"Trabacuri TE AMO GRAN CORTO CUBA BLEND \u00een Chi\u0219in\u0103u cu livrare. Site-ul nostru tabaccomd.com ofer\u0103 o gam\u0103 larg\u0103 de trabucuri, cigarillos, umidificatoare, ghilotine, brichete, chibrituri, chibrituri pentru trabucuri, scrumiere pentru trabucuri.\u2b50\u2b50\u2b50\u2b50\u2b50\u260e 061-000-935","keywords":[],"keyphrases":{"focus":{"keyphrase":"Trabacuri TE AMO GRAN CORTO CUBA BLEND","score":78,"analysis":{"keyphraseInTitle":{"score":9,"maxScore":9,"error":0},"keyphraseInDescription":{"score":9,"maxScore":9,"error":0},"keyphraseLength":{"score":6,"maxScore":9,"error":1,"length":7},"keyphraseInURL":{"score":5,"maxScore":5,"error":0},"keyphraseInIntroduction":{"score":3,"maxScore":9,"error":1},"keyphraseInSubHeadings":[],"keyphraseInImageAlt":[]}},"additional":[]},"primary_term":null,"canonical_url":null,"og_title":null,"og_description":null,"og_object_type":"default","og_image_type":"default","og_image_url":null,"og_image_width":null,"og_image_height":null,"og_image_custom_url":null,"og_image_custom_fields":null,"og_video":"","og_custom_url":null,"og_article_section":null,"og_article_tags":[],"twitter_use_og":false,"twitter_card":"default","twitter_image_type":"default","twitter_image_url":null,"twitter_image_custom_url":null,"twitter_image_custom_fields":null,"twitter_title":null,"twitter_description":null,"schema":{"blockGraphs":[],"customGraphs":[],"default":{"data":{"Article":[],"Course":[],"Dataset":[],"FAQPage":[],"Movie":[],"Person":[],"Product":[],"ProductReview":[],"Car":[],"Recipe":[],"Service":[],"SoftwareApplication":[],"WebPage":[]},"graphName":"ItemPage","isEnabled":true},"graphs":[]},"schema_type":"default","schema_type_options":null,"pillar_content":false,"robots_default":true,"robots_noindex":false,"robots_noarchive":false,"robots_nosnippet":false,"robots_nofollow":false,"robots_noimageindex":false,"robots_noodp":false,"robots_notranslate":false,"robots_max_snippet":"-1","robots_max_videopreview":"-1","robots_max_imagepreview":"large","priority":null,"frequency":"default","local_seo":null,"seo_analyzer_scan_date":"2025-10-19 20:37:01","breadcrumb_settings":null,"limit_modified_date":false,"reviewed_by":null,"open_ai":null,"ai":null,"created":"2023-03-30 14:41:16","updated":"2025-10-19 20:37:01"},"aioseo_breadcrumb":"<div class=\"aioseo-breadcrumbs\"><span class=\"aioseo-breadcrumb\">\n\t<a href=\"https:\/\/tabaccomd.com\/ro\/\" title=\"\u0413\u043b\u0430\u0432\u043d\u0430\u044f\">\u0413\u043b\u0430\u0432\u043d\u0430\u044f<\/a>\n<\/span><span class=\"aioseo-breadcrumb-separator\">\u00bb<\/span><span class=\"aioseo-breadcrumb\">\n\t<a href=\"https:\/\/tabaccomd.com\/ro\/catalog\/\" title=\"Catalog\">Catalog<\/a>\n<\/span><span class=\"aioseo-breadcrumb-separator\">\u00bb<\/span><span class=\"aioseo-breadcrumb\">\n\t<a href=\"https:\/\/tabaccomd.com\/ro\/product-category\/trabucuri\/\" title=\"Trabucuri\">Trabucuri<\/a>\n<\/span><span class=\"aioseo-breadcrumb-separator\">\u00bb<\/span><span class=\"aioseo-breadcrumb\">\n\t<a href=\"https:\/\/tabaccomd.com\/ro\/product-category\/trabucuri\/trabucuri-din-mexic\/\" title=\"Trabucuri din Mexic\">Trabucuri din Mexic<\/a>\n<\/span><span class=\"aioseo-breadcrumb-separator\">\u00bb<\/span><span class=\"aioseo-breadcrumb\">\n\tTrabacuri TE AMO GRAN CORTO CUBA BLEND\n<\/span><\/div>","aioseo_breadcrumb_json":[{"label":"\u0413\u043b\u0430\u0432\u043d\u0430\u044f","link":"https:\/\/tabaccomd.com\/ro\/"},{"label":"Catalog","link":"https:\/\/tabaccomd.com\/ro\/catalog\/"},{"label":"Trabucuri","link":"https:\/\/tabaccomd.com\/ro\/product-category\/trabucuri\/"},{"label":"Trabucuri din Mexic","link":"https:\/\/tabaccomd.com\/ro\/product-category\/trabucuri\/trabucuri-din-mexic\/"},{"label":"Trabacuri TE AMO GRAN CORTO CUBA BLEND","link":"https:\/\/tabaccomd.com\/ro\/product\/trabacuri-te-amo-gran-corto-cuba-blend\/"}],"images_for_1c":[{"url":"https:\/\/tabaccomd.com\/wp-content\/uploads\/2020\/06\/teamo.jpg","type":"featured","alt":"","filename":"teamo.jpg"}],"additional_data_1c":{"modified_date":"2023-07-19 12:45:48","permalink":"https:\/\/tabaccomd.com\/ro\/product\/trabacuri-te-amo-gran-corto-cuba-blend\/","stock_status":"outofstock","manage_stock":"no"},"_links":{"self":[{"href":"https:\/\/tabaccomd.com\/ro\/wp-json\/wp\/v2\/product\/18857","targetHints":{"allow":["GET"]}}],"collection":[{"href":"https:\/\/tabaccomd.com\/ro\/wp-json\/wp\/v2\/product"}],"about":[{"href":"https:\/\/tabaccomd.com\/ro\/wp-json\/wp\/v2\/types\/product"}],"wp:featuredmedia":[{"embeddable":true,"href":"https:\/\/tabaccomd.com\/ro\/wp-json\/wp\/v2\/media\/15101"}],"wp:attachment":[{"href":"https:\/\/tabaccomd.com\/ro\/wp-json\/wp\/v2\/media?parent=18857"}],"wp:term":[{"taxonomy":"product_brand","embeddable":true,"href":"https:\/\/tabaccomd.com\/ro\/wp-json\/wp\/v2\/product_brand?post=18857"},{"taxonomy":"product_cat","embeddable":true,"href":"https:\/\/tabaccomd.com\/ro\/wp-json\/wp\/v2\/product_cat?post=18857"},{"taxonomy":"product_tag","embeddable":true,"href":"https:\/\/tabaccomd.com\/ro\/wp-json\/wp\/v2\/product_tag?post=18857"}],"curies":[{"name":"wp","href":"https:\/\/api.w.org\/{rel}","templated":true}]}}