{"id":18831,"date":"2020-06-01T12:27:55","date_gmt":"2020-06-01T09:27:55","guid":{"rendered":"https:\/\/new124.tabaccomd.com\/product\/husa-pentru-bricheta-zippo-lpcb\/"},"modified":"2025-01-03T14:40:17","modified_gmt":"2025-01-03T11:40:17","slug":"husa-pentru-bricheta-zippo-lpcb","status":"publish","type":"product","link":"https:\/\/tabaccomd.com\/ro\/product\/husa-pentru-bricheta-zippo-lpcb\/","title":{"rendered":"Hus\u0103 pentru brichet\u0103 Zippo LPCB"},"content":{"rendered":"<p>Aceast\u0103 <a href=\"https:\/\/tabaccomd.com\/ro\/categorie-produs\/accesorii\/\">hus\u0103<\/a> de brichet\u0103 Zippo din piele natural\u0103 este un accesoriu elegant \u0219i convenabil. Este conceput pentru a depozita \u00een siguran\u021b\u0103 \u0219i cu u\u0219urin\u021b\u0103 bricheta Zippo rezistent\u0103 la v\u00e2nt \u0219i pentru a v\u0103 men\u021bine bricheta accesibil\u0103 atunci c\u00e2nd ave\u021bi nevoie de ea. Culorile disponibile (negru \u0219i maro) v\u0103 permit s\u0103 o alege\u021bi pe cea care se potrive\u0219te cel mai bine stilului dvs. Aceast\u0103 hus\u0103 are, de asemenea, o clem\u0103, ceea ce o face u\u0219or de ata\u0219at la o curea, o centur\u0103 sau un buzunar pentru un acces u\u0219or la brichet\u0103. Vine \u0219i \u00eentr-o cutie Zippo, ceea ce o face o op\u021biune bun\u0103 de cadou.<\/p>\n<p>Pute\u021bi achizi\u021biona husa pentru brichet\u0103 Zippo LPCB \u00een Moldova, Chi\u0219in\u0103u, \u00een re\u021beaua de magazine Tabacco House.<\/p>\n","protected":false},"excerpt":{"rendered":"<ul>\n<li>Hus\u0103 din piele natural\u0103<\/li>\n<li>Fabricat\u0103 \u00een SUA<\/li>\n<li>Disponibil\u0103 pe culoarea maro<\/li>\n<li>Clipul este maro \u0219i poate fi ata\u0219at la orice centur\u0103 sau buzunar<\/li>\n<li>\u021aine \u00een siguran\u021b\u0103 orice brichet\u0103 Zippo rezistent\u0103 la v\u00e2nt<\/li>\n<\/ul>\n","protected":false},"featured_media":127198,"template":"","meta":{"om_disable_all_campaigns":false,"_monsterinsights_skip_tracking":false,"_monsterinsights_sitenote_active":false,"_monsterinsights_sitenote_note":"","_monsterinsights_sitenote_category":0},"product_brand":[],"product_cat":[390],"product_tag":[],"class_list":{"0":"post-18831","1":"product","2":"type-product","3":"status-publish","4":"has-post-thumbnail","6":"product_cat-accesorii-zippo","8":"first","9":"instock","10":"taxable","11":"shipping-taxable","12":"purchasable","13":"product-type-simple"},"aioseo_notices":[],"aioseo_head":"\n\t\t<!-- All in One SEO Pro 4.9.5.2 - aioseo.com -->\n\t<meta name=\"description\" content=\"Hus\u0103 Pentru Bricheta Zippo LPCB \u00een Chi\u0219in\u0103u de la magazinul online tabaccomd.com.\" \/>\n\t<meta name=\"robots\" content=\"max-image-preview:large\" \/>\n\t<link rel=\"canonical\" href=\"https:\/\/tabaccomd.com\/ro\/product\/husa-pentru-bricheta-zippo-lpcb\/\" \/>\n\t<meta name=\"generator\" content=\"All in One SEO Pro (AIOSEO) 4.9.5.2\" \/>\n\t\t<meta property=\"og:locale\" content=\"ro_RO\" \/>\n\t\t<meta property=\"og:site_name\" content=\"Tabacco House \u2013 \u041c\u0430\u0433\u0430\u0437\u0438\u043d \u0442\u0430\u0431\u0430\u0447\u043d\u044b\u0445 \u0438\u0437\u0434\u0435\u043b\u0438\u0439\" \/>\n\t\t<meta property=\"og:type\" content=\"article\" \/>\n\t\t<meta property=\"og:title\" content=\"Cump\u0103ra\u021bi Hus\u0103 Pentru Bricheta Zippo LPCB \u00een Chi\u0219in\u0103u.\" \/>\n\t\t<meta property=\"og:description\" content=\"Hus\u0103 Pentru Bricheta Zippo LPCB \u00een Chi\u0219in\u0103u de la magazinul online tabaccomd.com.\" \/>\n\t\t<meta property=\"og:url\" content=\"https:\/\/tabaccomd.com\/ro\/product\/husa-pentru-bricheta-zippo-lpcb\/\" \/>\n\t\t<meta property=\"article:published_time\" content=\"2020-06-01T09:27:55+00:00\" \/>\n\t\t<meta property=\"article:modified_time\" content=\"2025-01-03T11:40:17+00:00\" \/>\n\t\t<meta property=\"article:publisher\" content=\"https:\/\/www.facebook.com\/tabaccomd.com\/\" \/>\n\t\t<meta name=\"twitter:card\" content=\"summary_large_image\" \/>\n\t\t<meta name=\"twitter:title\" content=\"Cump\u0103ra\u021bi Hus\u0103 Pentru Bricheta Zippo LPCB \u00een Chi\u0219in\u0103u.\" \/>\n\t\t<meta name=\"twitter:description\" content=\"Hus\u0103 Pentru Bricheta Zippo LPCB \u00een Chi\u0219in\u0103u de la magazinul online tabaccomd.com.\" \/>\n\t\t<script type=\"application\/ld+json\" class=\"aioseo-schema\">\n\t\t\t{\"@context\":\"https:\\\/\\\/schema.org\",\"@graph\":[{\"@type\":\"BreadcrumbList\",\"@id\":\"https:\\\/\\\/tabaccomd.com\\\/ro\\\/product\\\/husa-pentru-bricheta-zippo-lpcb\\\/#breadcrumblist\",\"itemListElement\":[{\"@type\":\"ListItem\",\"@id\":\"https:\\\/\\\/tabaccomd.com\\\/ro\\\/#listItem\",\"position\":1,\"name\":\"\\u0413\\u043b\\u0430\\u0432\\u043d\\u0430\\u044f\",\"item\":\"https:\\\/\\\/tabaccomd.com\\\/ro\\\/\",\"nextItem\":{\"@type\":\"ListItem\",\"@id\":\"https:\\\/\\\/tabaccomd.com\\\/ro\\\/catalog\\\/#listItem\",\"name\":\"Catalog\"}},{\"@type\":\"ListItem\",\"@id\":\"https:\\\/\\\/tabaccomd.com\\\/ro\\\/catalog\\\/#listItem\",\"position\":2,\"name\":\"Catalog\",\"item\":\"https:\\\/\\\/tabaccomd.com\\\/ro\\\/catalog\\\/\",\"nextItem\":{\"@type\":\"ListItem\",\"@id\":\"https:\\\/\\\/tabaccomd.com\\\/ro\\\/product-category\\\/brichete\\\/#listItem\",\"name\":\"Brichete\"},\"previousItem\":{\"@type\":\"ListItem\",\"@id\":\"https:\\\/\\\/tabaccomd.com\\\/ro\\\/#listItem\",\"name\":\"\\u0413\\u043b\\u0430\\u0432\\u043d\\u0430\\u044f\"}},{\"@type\":\"ListItem\",\"@id\":\"https:\\\/\\\/tabaccomd.com\\\/ro\\\/product-category\\\/brichete\\\/#listItem\",\"position\":3,\"name\":\"Brichete\",\"item\":\"https:\\\/\\\/tabaccomd.com\\\/ro\\\/product-category\\\/brichete\\\/\",\"nextItem\":{\"@type\":\"ListItem\",\"@id\":\"https:\\\/\\\/tabaccomd.com\\\/ro\\\/product-category\\\/brichete\\\/accesorii-zippo\\\/#listItem\",\"name\":\"Accesorii\"},\"previousItem\":{\"@type\":\"ListItem\",\"@id\":\"https:\\\/\\\/tabaccomd.com\\\/ro\\\/catalog\\\/#listItem\",\"name\":\"Catalog\"}},{\"@type\":\"ListItem\",\"@id\":\"https:\\\/\\\/tabaccomd.com\\\/ro\\\/product-category\\\/brichete\\\/accesorii-zippo\\\/#listItem\",\"position\":4,\"name\":\"Accesorii\",\"item\":\"https:\\\/\\\/tabaccomd.com\\\/ro\\\/product-category\\\/brichete\\\/accesorii-zippo\\\/\",\"nextItem\":{\"@type\":\"ListItem\",\"@id\":\"https:\\\/\\\/tabaccomd.com\\\/ro\\\/product\\\/husa-pentru-bricheta-zippo-lpcb\\\/#listItem\",\"name\":\"Hus\\u0103 pentru brichet\\u0103 Zippo LPCB\"},\"previousItem\":{\"@type\":\"ListItem\",\"@id\":\"https:\\\/\\\/tabaccomd.com\\\/ro\\\/product-category\\\/brichete\\\/#listItem\",\"name\":\"Brichete\"}},{\"@type\":\"ListItem\",\"@id\":\"https:\\\/\\\/tabaccomd.com\\\/ro\\\/product\\\/husa-pentru-bricheta-zippo-lpcb\\\/#listItem\",\"position\":5,\"name\":\"Hus\\u0103 pentru brichet\\u0103 Zippo LPCB\",\"previousItem\":{\"@type\":\"ListItem\",\"@id\":\"https:\\\/\\\/tabaccomd.com\\\/ro\\\/product-category\\\/brichete\\\/accesorii-zippo\\\/#listItem\",\"name\":\"Accesorii\"}}]},{\"@type\":\"Organization\",\"@id\":\"https:\\\/\\\/tabaccomd.com\\\/ro\\\/#organization\",\"name\":\"Tabacco House\",\"description\":\"\\u041c\\u0430\\u0433\\u0430\\u0437\\u0438\\u043d \\u0442\\u0430\\u0431\\u0430\\u0447\\u043d\\u044b\\u0445 \\u0438\\u0437\\u0434\\u0435\\u043b\\u0438\\u0439\",\"url\":\"https:\\\/\\\/tabaccomd.com\\\/ro\\\/\",\"email\":\"Office@cazacuhouse.com\",\"telephone\":\"+37361000935\",\"logo\":{\"@type\":\"ImageObject\",\"url\":\"https:\\\/\\\/tabaccomd.com\\\/wp-content\\\/uploads\\\/2024\\\/02\\\/logo_header3.png\",\"@id\":\"https:\\\/\\\/tabaccomd.com\\\/ro\\\/product\\\/husa-pentru-bricheta-zippo-lpcb\\\/#organizationLogo\",\"width\":32,\"height\":32,\"caption\":\"Tabacco House\"},\"image\":{\"@id\":\"https:\\\/\\\/tabaccomd.com\\\/ro\\\/product\\\/husa-pentru-bricheta-zippo-lpcb\\\/#organizationLogo\"},\"sameAs\":[\"https:\\\/\\\/www.facebook.com\\\/tabaccomd.com\\\/\",\"https:\\\/\\\/www.instagram.com\\\/tabaccomd.com\\\/\"],\"address\":{\"@id\":\"https:\\\/\\\/tabaccomd.com\\\/ro\\\/#postaladdress\",\"@type\":\"PostalAddress\",\"streetAddress\":\"Strada Albi\\u015foara 4, Chi\\u0219in\\u0103u, Bulevardul \\u0218tefan cel Mare \\u0219i Sf\\u00eent 136, Chi\\u0219in\\u0103u\",\"addressLocality\":\"Chi\\u0219in\\u0103u\",\"addressCountry\":\"MD\"}},{\"@type\":\"Product\",\"@id\":\"https:\\\/\\\/tabaccomd.com\\\/ro\\\/product\\\/husa-pentru-bricheta-zippo-lpcb\\\/#wooCommerceProduct\",\"name\":\"Hus\\u0103 pentru brichet\\u0103 Zippo LPCB\",\"description\":\"Hus\\u0103 din piele natural\\u0103\\r\\n \\tFabricat\\u0103 \\u00een SUA\\r\\n \\tDisponibil\\u0103 pe culoarea maro\\r\\n \\tClipul este maro \\u0219i poate fi ata\\u0219at la orice centur\\u0103 sau buzunar\\r\\n \\t\\u021aine \\u00een siguran\\u021b\\u0103 orice brichet\\u0103 Zippo rezistent\\u0103 la v\\u00e2nt\",\"url\":\"https:\\\/\\\/tabaccomd.com\\\/ro\\\/product\\\/husa-pentru-bricheta-zippo-lpcb\\\/\",\"sku\":\"LPCB\",\"image\":{\"@type\":\"ImageObject\",\"url\":\"https:\\\/\\\/tabaccomd.com\\\/wp-content\\\/uploads\\\/2020\\\/06\\\/zippo-lpcb.jpg\",\"@id\":\"https:\\\/\\\/tabaccomd.com\\\/ro\\\/product\\\/husa-pentru-bricheta-zippo-lpcb\\\/#productImage\",\"width\":1044,\"height\":1044,\"caption\":\"zippo lpcb\"},\"offers\":{\"@type\":\"Offer\",\"url\":\"https:\\\/\\\/tabaccomd.com\\\/ro\\\/product\\\/husa-pentru-bricheta-zippo-lpcb\\\/#wooCommerceOffer\",\"price\":310,\"priceCurrency\":\"MDL\",\"category\":\"Accesorii\",\"availability\":\"https:\\\/\\\/schema.org\\\/InStock\",\"priceSpecification\":{\"@type\":\"PriceSpecification\",\"price\":310,\"priceCurrency\":\"MDL\",\"valueAddedTaxIncluded\":\"true\"},\"seller\":{\"@type\":\"Organization\",\"@id\":\"https:\\\/\\\/tabaccomd.com\\\/ro\\\/#organization\"}}},{\"@type\":\"WebPage\",\"@id\":\"https:\\\/\\\/tabaccomd.com\\\/ro\\\/product\\\/husa-pentru-bricheta-zippo-lpcb\\\/#webpage\",\"url\":\"https:\\\/\\\/tabaccomd.com\\\/ro\\\/product\\\/husa-pentru-bricheta-zippo-lpcb\\\/\",\"name\":\"Cump\\u0103ra\\u021bi Hus\\u0103 Pentru Bricheta Zippo LPCB \\u00een Chi\\u0219in\\u0103u.\",\"description\":\"Hus\\u0103 Pentru Bricheta Zippo LPCB \\u00een Chi\\u0219in\\u0103u de la magazinul online tabaccomd.com.\",\"inLanguage\":\"ro-RO\",\"isPartOf\":{\"@id\":\"https:\\\/\\\/tabaccomd.com\\\/ro\\\/#website\"},\"breadcrumb\":{\"@id\":\"https:\\\/\\\/tabaccomd.com\\\/ro\\\/product\\\/husa-pentru-bricheta-zippo-lpcb\\\/#breadcrumblist\"},\"image\":{\"@type\":\"ImageObject\",\"url\":\"https:\\\/\\\/tabaccomd.com\\\/wp-content\\\/uploads\\\/2020\\\/06\\\/zippo-lpcb.jpg\",\"@id\":\"https:\\\/\\\/tabaccomd.com\\\/ro\\\/product\\\/husa-pentru-bricheta-zippo-lpcb\\\/#mainImage\",\"width\":1044,\"height\":1044,\"caption\":\"zippo lpcb\"},\"primaryImageOfPage\":{\"@id\":\"https:\\\/\\\/tabaccomd.com\\\/ro\\\/product\\\/husa-pentru-bricheta-zippo-lpcb\\\/#mainImage\"},\"datePublished\":\"2020-06-01T12:27:55+03:00\",\"dateModified\":\"2025-01-03T14:40:17+03:00\"},{\"@type\":\"WebSite\",\"@id\":\"https:\\\/\\\/tabaccomd.com\\\/ro\\\/#website\",\"url\":\"https:\\\/\\\/tabaccomd.com\\\/ro\\\/\",\"name\":\"Tabacco House\",\"alternateName\":\"tobaccomd.com\",\"description\":\"\\u041c\\u0430\\u0433\\u0430\\u0437\\u0438\\u043d \\u0442\\u0430\\u0431\\u0430\\u0447\\u043d\\u044b\\u0445 \\u0438\\u0437\\u0434\\u0435\\u043b\\u0438\\u0439\",\"inLanguage\":\"ro-RO\",\"publisher\":{\"@id\":\"https:\\\/\\\/tabaccomd.com\\\/ro\\\/#organization\"}}]}\n\t\t<\/script>\n\t\t<!-- All in One SEO Pro -->\r\n\t\t<title>Cump\u0103ra\u021bi Hus\u0103 Pentru Bricheta Zippo LPCB \u00een Chi\u0219in\u0103u.<\/title>\n\n","aioseo_head_json":{"title":"Cump\u0103ra\u021bi Hus\u0103 Pentru Bricheta Zippo LPCB \u00een Chi\u0219in\u0103u.","description":"Hus\u0103 Pentru Bricheta Zippo LPCB \u00een Chi\u0219in\u0103u de la magazinul online tabaccomd.com.","canonical_url":"https:\/\/tabaccomd.com\/ro\/product\/husa-pentru-bricheta-zippo-lpcb\/","robots":"max-image-preview:large","keywords":"","webmasterTools":{"miscellaneous":""},"schema":{"@context":"https:\/\/schema.org","@graph":[{"@type":"BreadcrumbList","@id":"https:\/\/tabaccomd.com\/ro\/product\/husa-pentru-bricheta-zippo-lpcb\/#breadcrumblist","itemListElement":[{"@type":"ListItem","@id":"https:\/\/tabaccomd.com\/ro\/#listItem","position":1,"name":"\u0413\u043b\u0430\u0432\u043d\u0430\u044f","item":"https:\/\/tabaccomd.com\/ro\/","nextItem":{"@type":"ListItem","@id":"https:\/\/tabaccomd.com\/ro\/catalog\/#listItem","name":"Catalog"}},{"@type":"ListItem","@id":"https:\/\/tabaccomd.com\/ro\/catalog\/#listItem","position":2,"name":"Catalog","item":"https:\/\/tabaccomd.com\/ro\/catalog\/","nextItem":{"@type":"ListItem","@id":"https:\/\/tabaccomd.com\/ro\/product-category\/brichete\/#listItem","name":"Brichete"},"previousItem":{"@type":"ListItem","@id":"https:\/\/tabaccomd.com\/ro\/#listItem","name":"\u0413\u043b\u0430\u0432\u043d\u0430\u044f"}},{"@type":"ListItem","@id":"https:\/\/tabaccomd.com\/ro\/product-category\/brichete\/#listItem","position":3,"name":"Brichete","item":"https:\/\/tabaccomd.com\/ro\/product-category\/brichete\/","nextItem":{"@type":"ListItem","@id":"https:\/\/tabaccomd.com\/ro\/product-category\/brichete\/accesorii-zippo\/#listItem","name":"Accesorii"},"previousItem":{"@type":"ListItem","@id":"https:\/\/tabaccomd.com\/ro\/catalog\/#listItem","name":"Catalog"}},{"@type":"ListItem","@id":"https:\/\/tabaccomd.com\/ro\/product-category\/brichete\/accesorii-zippo\/#listItem","position":4,"name":"Accesorii","item":"https:\/\/tabaccomd.com\/ro\/product-category\/brichete\/accesorii-zippo\/","nextItem":{"@type":"ListItem","@id":"https:\/\/tabaccomd.com\/ro\/product\/husa-pentru-bricheta-zippo-lpcb\/#listItem","name":"Hus\u0103 pentru brichet\u0103 Zippo LPCB"},"previousItem":{"@type":"ListItem","@id":"https:\/\/tabaccomd.com\/ro\/product-category\/brichete\/#listItem","name":"Brichete"}},{"@type":"ListItem","@id":"https:\/\/tabaccomd.com\/ro\/product\/husa-pentru-bricheta-zippo-lpcb\/#listItem","position":5,"name":"Hus\u0103 pentru brichet\u0103 Zippo LPCB","previousItem":{"@type":"ListItem","@id":"https:\/\/tabaccomd.com\/ro\/product-category\/brichete\/accesorii-zippo\/#listItem","name":"Accesorii"}}]},{"@type":"Organization","@id":"https:\/\/tabaccomd.com\/ro\/#organization","name":"Tabacco House","description":"\u041c\u0430\u0433\u0430\u0437\u0438\u043d \u0442\u0430\u0431\u0430\u0447\u043d\u044b\u0445 \u0438\u0437\u0434\u0435\u043b\u0438\u0439","url":"https:\/\/tabaccomd.com\/ro\/","email":"Office@cazacuhouse.com","telephone":"+37361000935","logo":{"@type":"ImageObject","url":"https:\/\/tabaccomd.com\/wp-content\/uploads\/2024\/02\/logo_header3.png","@id":"https:\/\/tabaccomd.com\/ro\/product\/husa-pentru-bricheta-zippo-lpcb\/#organizationLogo","width":32,"height":32,"caption":"Tabacco House"},"image":{"@id":"https:\/\/tabaccomd.com\/ro\/product\/husa-pentru-bricheta-zippo-lpcb\/#organizationLogo"},"sameAs":["https:\/\/www.facebook.com\/tabaccomd.com\/","https:\/\/www.instagram.com\/tabaccomd.com\/"],"address":{"@id":"https:\/\/tabaccomd.com\/ro\/#postaladdress","@type":"PostalAddress","streetAddress":"Strada Albi\u015foara 4, Chi\u0219in\u0103u, Bulevardul \u0218tefan cel Mare \u0219i Sf\u00eent 136, Chi\u0219in\u0103u","addressLocality":"Chi\u0219in\u0103u","addressCountry":"MD"}},{"@type":"Product","@id":"https:\/\/tabaccomd.com\/ro\/product\/husa-pentru-bricheta-zippo-lpcb\/#wooCommerceProduct","name":"Hus\u0103 pentru brichet\u0103 Zippo LPCB","description":"Hus\u0103 din piele natural\u0103\r\n \tFabricat\u0103 \u00een SUA\r\n \tDisponibil\u0103 pe culoarea maro\r\n \tClipul este maro \u0219i poate fi ata\u0219at la orice centur\u0103 sau buzunar\r\n \t\u021aine \u00een siguran\u021b\u0103 orice brichet\u0103 Zippo rezistent\u0103 la v\u00e2nt","url":"https:\/\/tabaccomd.com\/ro\/product\/husa-pentru-bricheta-zippo-lpcb\/","sku":"LPCB","image":{"@type":"ImageObject","url":"https:\/\/tabaccomd.com\/wp-content\/uploads\/2020\/06\/zippo-lpcb.jpg","@id":"https:\/\/tabaccomd.com\/ro\/product\/husa-pentru-bricheta-zippo-lpcb\/#productImage","width":1044,"height":1044,"caption":"zippo lpcb"},"offers":{"@type":"Offer","url":"https:\/\/tabaccomd.com\/ro\/product\/husa-pentru-bricheta-zippo-lpcb\/#wooCommerceOffer","price":310,"priceCurrency":"MDL","category":"Accesorii","availability":"https:\/\/schema.org\/InStock","priceSpecification":{"@type":"PriceSpecification","price":310,"priceCurrency":"MDL","valueAddedTaxIncluded":"true"},"seller":{"@type":"Organization","@id":"https:\/\/tabaccomd.com\/ro\/#organization"}}},{"@type":"WebPage","@id":"https:\/\/tabaccomd.com\/ro\/product\/husa-pentru-bricheta-zippo-lpcb\/#webpage","url":"https:\/\/tabaccomd.com\/ro\/product\/husa-pentru-bricheta-zippo-lpcb\/","name":"Cump\u0103ra\u021bi Hus\u0103 Pentru Bricheta Zippo LPCB \u00een Chi\u0219in\u0103u.","description":"Hus\u0103 Pentru Bricheta Zippo LPCB \u00een Chi\u0219in\u0103u de la magazinul online tabaccomd.com.","inLanguage":"ro-RO","isPartOf":{"@id":"https:\/\/tabaccomd.com\/ro\/#website"},"breadcrumb":{"@id":"https:\/\/tabaccomd.com\/ro\/product\/husa-pentru-bricheta-zippo-lpcb\/#breadcrumblist"},"image":{"@type":"ImageObject","url":"https:\/\/tabaccomd.com\/wp-content\/uploads\/2020\/06\/zippo-lpcb.jpg","@id":"https:\/\/tabaccomd.com\/ro\/product\/husa-pentru-bricheta-zippo-lpcb\/#mainImage","width":1044,"height":1044,"caption":"zippo lpcb"},"primaryImageOfPage":{"@id":"https:\/\/tabaccomd.com\/ro\/product\/husa-pentru-bricheta-zippo-lpcb\/#mainImage"},"datePublished":"2020-06-01T12:27:55+03:00","dateModified":"2025-01-03T14:40:17+03:00"},{"@type":"WebSite","@id":"https:\/\/tabaccomd.com\/ro\/#website","url":"https:\/\/tabaccomd.com\/ro\/","name":"Tabacco House","alternateName":"tobaccomd.com","description":"\u041c\u0430\u0433\u0430\u0437\u0438\u043d \u0442\u0430\u0431\u0430\u0447\u043d\u044b\u0445 \u0438\u0437\u0434\u0435\u043b\u0438\u0439","inLanguage":"ro-RO","publisher":{"@id":"https:\/\/tabaccomd.com\/ro\/#organization"}}]},"og:locale":"ro_RO","og:site_name":"Tabacco House \u2013 \u041c\u0430\u0433\u0430\u0437\u0438\u043d \u0442\u0430\u0431\u0430\u0447\u043d\u044b\u0445 \u0438\u0437\u0434\u0435\u043b\u0438\u0439","og:type":"article","og:title":"Cump\u0103ra\u021bi Hus\u0103 Pentru Bricheta Zippo LPCB \u00een Chi\u0219in\u0103u.","og:description":"Hus\u0103 Pentru Bricheta Zippo LPCB \u00een Chi\u0219in\u0103u de la magazinul online tabaccomd.com.","og:url":"https:\/\/tabaccomd.com\/ro\/product\/husa-pentru-bricheta-zippo-lpcb\/","article:published_time":"2020-06-01T09:27:55+00:00","article:modified_time":"2025-01-03T11:40:17+00:00","article:publisher":"https:\/\/www.facebook.com\/tabaccomd.com\/","twitter:card":"summary_large_image","twitter:title":"Cump\u0103ra\u021bi Hus\u0103 Pentru Bricheta Zippo LPCB \u00een Chi\u0219in\u0103u.","twitter:description":"Hus\u0103 Pentru Bricheta Zippo LPCB \u00een Chi\u0219in\u0103u de la magazinul online tabaccomd.com."},"aioseo_meta_data":{"post_id":"18831","title":"Cump\u0103ra\u021bi Hus\u0103 Pentru Bricheta Zippo LPCB \u00een Chi\u0219in\u0103u.","description":"Hus\u0103 Pentru Bricheta Zippo LPCB \u00een Chi\u0219in\u0103u de la magazinul online tabaccomd.com.","keywords":[],"keyphrases":{"focus":{"keyphrase":" Hus\u0103 Pentru Bricheta Zippo LPCB","score":78,"analysis":{"keyphraseInTitle":{"score":9,"maxScore":9,"error":0},"keyphraseInDescription":{"score":9,"maxScore":9,"error":0},"keyphraseLength":{"score":6,"maxScore":9,"error":1,"length":5},"keyphraseInURL":{"score":5,"maxScore":5,"error":0},"keyphraseInIntroduction":{"score":3,"maxScore":9,"error":1},"keyphraseInSubHeadings":[],"keyphraseInImageAlt":[]}},"additional":[]},"primary_term":null,"canonical_url":null,"og_title":null,"og_description":null,"og_object_type":"default","og_image_type":"default","og_image_url":null,"og_image_width":null,"og_image_height":null,"og_image_custom_url":null,"og_image_custom_fields":null,"og_video":"","og_custom_url":null,"og_article_section":null,"og_article_tags":[],"twitter_use_og":false,"twitter_card":"default","twitter_image_type":"default","twitter_image_url":null,"twitter_image_custom_url":null,"twitter_image_custom_fields":null,"twitter_title":null,"twitter_description":null,"schema":{"blockGraphs":[],"customGraphs":[],"default":{"data":{"Article":[],"Course":[],"Dataset":[],"FAQPage":[],"Movie":[],"Person":[],"Product":[],"ProductReview":[],"Car":[],"Recipe":[],"Service":[],"SoftwareApplication":[],"WebPage":[]},"graphName":"ItemPage","isEnabled":true},"graphs":[]},"schema_type":"default","schema_type_options":null,"pillar_content":false,"robots_default":true,"robots_noindex":false,"robots_noarchive":false,"robots_nosnippet":false,"robots_nofollow":false,"robots_noimageindex":false,"robots_noodp":false,"robots_notranslate":false,"robots_max_snippet":"-1","robots_max_videopreview":"-1","robots_max_imagepreview":"large","priority":null,"frequency":"default","local_seo":null,"seo_analyzer_scan_date":"2025-10-19 20:21:07","breadcrumb_settings":null,"limit_modified_date":false,"reviewed_by":null,"open_ai":null,"ai":null,"created":"2023-03-30 14:41:55","updated":"2025-10-19 20:21:07"},"aioseo_breadcrumb":"<div class=\"aioseo-breadcrumbs\"><span class=\"aioseo-breadcrumb\">\n\t<a href=\"https:\/\/tabaccomd.com\/ro\/\" title=\"\u0413\u043b\u0430\u0432\u043d\u0430\u044f\">\u0413\u043b\u0430\u0432\u043d\u0430\u044f<\/a>\n<\/span><span class=\"aioseo-breadcrumb-separator\">\u00bb<\/span><span class=\"aioseo-breadcrumb\">\n\t<a href=\"https:\/\/tabaccomd.com\/ro\/catalog\/\" title=\"Catalog\">Catalog<\/a>\n<\/span><span class=\"aioseo-breadcrumb-separator\">\u00bb<\/span><span class=\"aioseo-breadcrumb\">\n\t<a href=\"https:\/\/tabaccomd.com\/ro\/product-category\/brichete\/\" title=\"Brichete\">Brichete<\/a>\n<\/span><span class=\"aioseo-breadcrumb-separator\">\u00bb<\/span><span class=\"aioseo-breadcrumb\">\n\t<a href=\"https:\/\/tabaccomd.com\/ro\/product-category\/brichete\/accesorii-zippo\/\" title=\"Accesorii\">Accesorii<\/a>\n<\/span><span class=\"aioseo-breadcrumb-separator\">\u00bb<\/span><span class=\"aioseo-breadcrumb\">\n\tHus\u0103 pentru brichet\u0103 Zippo LPCB\n<\/span><\/div>","aioseo_breadcrumb_json":[{"label":"\u0413\u043b\u0430\u0432\u043d\u0430\u044f","link":"https:\/\/tabaccomd.com\/ro\/"},{"label":"Catalog","link":"https:\/\/tabaccomd.com\/ro\/catalog\/"},{"label":"Brichete","link":"https:\/\/tabaccomd.com\/ro\/product-category\/brichete\/"},{"label":"Accesorii","link":"https:\/\/tabaccomd.com\/ro\/product-category\/brichete\/accesorii-zippo\/"},{"label":"Hus\u0103 pentru brichet\u0103 Zippo LPCB","link":"https:\/\/tabaccomd.com\/ro\/product\/husa-pentru-bricheta-zippo-lpcb\/"}],"images_for_1c":[{"url":"https:\/\/tabaccomd.com\/wp-content\/uploads\/2020\/06\/zippo-lpcb.jpg","type":"featured","alt":"zippo lpcb","filename":"zippo-lpcb.jpg"},{"url":"https:\/\/tabaccomd.com\/wp-content\/uploads\/2020\/06\/zippo-lpcb-1.jpg","type":"gallery","alt":"zippo lpcb (1)","filename":"zippo-lpcb-1.jpg"},{"url":"https:\/\/tabaccomd.com\/wp-content\/uploads\/2020\/06\/zippo-lpcb-2.jpg","type":"gallery","alt":"zippo lpcb (2)","filename":"zippo-lpcb-2.jpg"},{"url":"https:\/\/tabaccomd.com\/wp-content\/uploads\/2020\/06\/zippo-lpcb-3.jpg","type":"gallery","alt":"zippo lpcb (3)","filename":"zippo-lpcb-3.jpg"}],"additional_data_1c":{"modified_date":"2025-01-03 14:40:17","permalink":"https:\/\/tabaccomd.com\/ro\/product\/husa-pentru-bricheta-zippo-lpcb\/","stock_status":"instock","manage_stock":"no"},"_links":{"self":[{"href":"https:\/\/tabaccomd.com\/ro\/wp-json\/wp\/v2\/product\/18831","targetHints":{"allow":["GET"]}}],"collection":[{"href":"https:\/\/tabaccomd.com\/ro\/wp-json\/wp\/v2\/product"}],"about":[{"href":"https:\/\/tabaccomd.com\/ro\/wp-json\/wp\/v2\/types\/product"}],"wp:featuredmedia":[{"embeddable":true,"href":"https:\/\/tabaccomd.com\/ro\/wp-json\/wp\/v2\/media\/127198"}],"wp:attachment":[{"href":"https:\/\/tabaccomd.com\/ro\/wp-json\/wp\/v2\/media?parent=18831"}],"wp:term":[{"taxonomy":"product_brand","embeddable":true,"href":"https:\/\/tabaccomd.com\/ro\/wp-json\/wp\/v2\/product_brand?post=18831"},{"taxonomy":"product_cat","embeddable":true,"href":"https:\/\/tabaccomd.com\/ro\/wp-json\/wp\/v2\/product_cat?post=18831"},{"taxonomy":"product_tag","embeddable":true,"href":"https:\/\/tabaccomd.com\/ro\/wp-json\/wp\/v2\/product_tag?post=18831"}],"curies":[{"name":"wp","href":"https:\/\/api.w.org\/{rel}","templated":true}]}}