{"id":18757,"date":"2025-04-07T14:22:05","date_gmt":"2025-04-07T11:22:05","guid":{"rendered":"https:\/\/new124.tabaccomd.com\/product\/zippo-steel-wood-pipe-lighter-28676\/"},"modified":"2025-11-11T17:18:56","modified_gmt":"2025-11-11T14:18:56","slug":"zippo-steel-wood-pipe-lighter-28676","status":"publish","type":"product","link":"https:\/\/tabaccomd.com\/ro\/product\/zippo-steel-wood-pipe-lighter-28676\/","title":{"rendered":"28676 250 Zippo Pipe Steel and Wood"},"content":{"rendered":"<p><a href=\"https:\/\/tabaccomd.com\/ro\/product-category\/brichete\/brichete-zippo-2\/\">Bricheta <\/a>Zippo Pipe Steel and Wood 28676 250 este un model elegant, creat special pentru pasiona\u021bii de pipe \u0219i pentru cei care apreciaz\u0103 combina\u021bia rafinat\u0103 dintre metal \u0219i lemn natural. Corpul s\u0103u robust este confec\u021bionat din o\u021bel inoxidabil cu finisaj lucios, care ofer\u0103 un aspect sofisticat \u0219i rezisten\u021b\u0103 de lung\u0103 durat\u0103. Designul este completat de un inser\u021b din lemn nobil pe una dintre fe\u021be, care adaug\u0103 un caracter cald \u0219i autentic brichetei, f\u0103c\u00e2nd-o nu doar un instrument practic, ci \u0219i un obiect de colec\u021bie deosebit. Bricheta este echipat\u0103 cu mecanismul special pentru fumat pip\u0103, care permite direc\u021bionarea fl\u0103c\u0103rii \u00een lateral \u2014 ideal pentru aprinderea tutunului din bol f\u0103r\u0103 a arde marginile. Ca toate modelele Zippo, func\u021bioneaz\u0103 cu benzin\u0103 Zippo original\u0103, are flac\u0103r\u0103 stabil\u0103 rezistent\u0103 la v\u00e2nt \u0219i este complet re\u00eenc\u0103rcabil\u0103.    <\/p>\n<p>Pute\u021bi achizi\u021biona bricheta 28676 250 Zippo Pipe Steel and Wood \u00een Moldova, Chi\u0219in\u0103u, \u00een re\u021beaua de magazine Tabacco House.<\/p>\n","protected":false},"excerpt":{"rendered":"<ul>\n<li>Corp Classic tradi\u021bional<\/li>\n<li>Mecanism de aprindere a pipelor de fumat<\/li>\n<li>Garan\u021bie pe via\u021b\u0103<\/li>\n<li>Bricheta se livreaz\u0103 neumplut\u0103<\/li>\n<li>Recomand\u0103m alimentarea numai cu combustibil Zippo de \u00eenalt\u0103 calitate<\/li>\n<\/ul>\n","protected":false},"featured_media":155221,"template":"","meta":{"om_disable_all_campaigns":false,"_monsterinsights_skip_tracking":false,"_monsterinsights_sitenote_active":false,"_monsterinsights_sitenote_note":"","_monsterinsights_sitenote_category":0},"product_brand":[],"product_cat":[175],"product_tag":[],"class_list":{"0":"post-18757","1":"product","2":"type-product","3":"status-publish","4":"has-post-thumbnail","6":"product_cat-brichete-zippo-2","8":"first","9":"outofstock","10":"taxable","11":"shipping-taxable","12":"purchasable","13":"product-type-simple"},"aioseo_notices":[],"aioseo_head":"\n\t\t<!-- All in One SEO Pro 4.9.6.2 - aioseo.com -->\n\t<meta name=\"description\" content=\"Bricheta Zippo Steel &amp; Wood Pipe 28676 este durabil\u0103, reutilizabil\u0103 \u0219i are o garan\u021bie pe via\u021b\u0103. Cump\u0103ra\u021bi o brichet\u0103 Zippo \u00een Kishinev \u260e061-000-935.\" \/>\n\t<meta name=\"robots\" content=\"max-image-preview:large\" \/>\n\t<link rel=\"canonical\" href=\"https:\/\/tabaccomd.com\/ro\/product\/zippo-steel-wood-pipe-lighter-28676\/\" \/>\n\t<meta name=\"generator\" content=\"All in One SEO Pro (AIOSEO) 4.9.6.2\" \/>\n\t\t<meta property=\"og:locale\" content=\"ro_RO\" \/>\n\t\t<meta property=\"og:site_name\" content=\"Tabacco House \u2013 \u041c\u0430\u0433\u0430\u0437\u0438\u043d \u0442\u0430\u0431\u0430\u0447\u043d\u044b\u0445 \u0438\u0437\u0434\u0435\u043b\u0438\u0439\" \/>\n\t\t<meta property=\"og:type\" content=\"article\" \/>\n\t\t<meta property=\"og:title\" content=\"28676 250 Zippo Pipe Steel and Wood \u2013 Tabacco House\" \/>\n\t\t<meta property=\"og:description\" content=\"Bricheta Zippo Steel &amp; Wood Pipe 28676 este durabil\u0103, reutilizabil\u0103 \u0219i are o garan\u021bie pe via\u021b\u0103. Cump\u0103ra\u021bi o brichet\u0103 Zippo \u00een Kishinev \u260e061-000-935.\" \/>\n\t\t<meta property=\"og:url\" content=\"https:\/\/tabaccomd.com\/ro\/product\/zippo-steel-wood-pipe-lighter-28676\/\" \/>\n\t\t<meta property=\"article:published_time\" content=\"2025-04-07T11:22:05+00:00\" \/>\n\t\t<meta property=\"article:modified_time\" content=\"2025-11-11T14:18:56+00:00\" \/>\n\t\t<meta property=\"article:publisher\" content=\"https:\/\/www.facebook.com\/tabaccomd.com\/\" \/>\n\t\t<meta name=\"twitter:card\" content=\"summary_large_image\" \/>\n\t\t<meta name=\"twitter:title\" content=\"28676 250 Zippo Pipe Steel and Wood \u2013 Tabacco House\" \/>\n\t\t<meta name=\"twitter:description\" content=\"Bricheta Zippo Steel &amp; Wood Pipe 28676 este durabil\u0103, reutilizabil\u0103 \u0219i are o garan\u021bie pe via\u021b\u0103. Cump\u0103ra\u021bi o brichet\u0103 Zippo \u00een Kishinev \u260e061-000-935.\" \/>\n\t\t<script type=\"application\/ld+json\" class=\"aioseo-schema\">\n\t\t\t{\"@context\":\"https:\\\/\\\/schema.org\",\"@graph\":[{\"@type\":\"BreadcrumbList\",\"@id\":\"https:\\\/\\\/tabaccomd.com\\\/ro\\\/product\\\/zippo-steel-wood-pipe-lighter-28676\\\/#breadcrumblist\",\"itemListElement\":[{\"@type\":\"ListItem\",\"@id\":\"https:\\\/\\\/tabaccomd.com\\\/ro\\\/#listItem\",\"position\":1,\"name\":\"\\u0413\\u043b\\u0430\\u0432\\u043d\\u0430\\u044f\",\"item\":\"https:\\\/\\\/tabaccomd.com\\\/ro\\\/\",\"nextItem\":{\"@type\":\"ListItem\",\"@id\":\"https:\\\/\\\/tabaccomd.com\\\/ro\\\/catalog\\\/#listItem\",\"name\":\"Catalog\"}},{\"@type\":\"ListItem\",\"@id\":\"https:\\\/\\\/tabaccomd.com\\\/ro\\\/catalog\\\/#listItem\",\"position\":2,\"name\":\"Catalog\",\"item\":\"https:\\\/\\\/tabaccomd.com\\\/ro\\\/catalog\\\/\",\"nextItem\":{\"@type\":\"ListItem\",\"@id\":\"https:\\\/\\\/tabaccomd.com\\\/ro\\\/product-category\\\/brichete\\\/#listItem\",\"name\":\"Brichete\"},\"previousItem\":{\"@type\":\"ListItem\",\"@id\":\"https:\\\/\\\/tabaccomd.com\\\/ro\\\/#listItem\",\"name\":\"\\u0413\\u043b\\u0430\\u0432\\u043d\\u0430\\u044f\"}},{\"@type\":\"ListItem\",\"@id\":\"https:\\\/\\\/tabaccomd.com\\\/ro\\\/product-category\\\/brichete\\\/#listItem\",\"position\":3,\"name\":\"Brichete\",\"item\":\"https:\\\/\\\/tabaccomd.com\\\/ro\\\/product-category\\\/brichete\\\/\",\"nextItem\":{\"@type\":\"ListItem\",\"@id\":\"https:\\\/\\\/tabaccomd.com\\\/ro\\\/product-category\\\/brichete\\\/brichete-zippo-2\\\/#listItem\",\"name\":\"Brichete Zippo\"},\"previousItem\":{\"@type\":\"ListItem\",\"@id\":\"https:\\\/\\\/tabaccomd.com\\\/ro\\\/catalog\\\/#listItem\",\"name\":\"Catalog\"}},{\"@type\":\"ListItem\",\"@id\":\"https:\\\/\\\/tabaccomd.com\\\/ro\\\/product-category\\\/brichete\\\/brichete-zippo-2\\\/#listItem\",\"position\":4,\"name\":\"Brichete Zippo\",\"item\":\"https:\\\/\\\/tabaccomd.com\\\/ro\\\/product-category\\\/brichete\\\/brichete-zippo-2\\\/\",\"nextItem\":{\"@type\":\"ListItem\",\"@id\":\"https:\\\/\\\/tabaccomd.com\\\/ro\\\/product\\\/zippo-steel-wood-pipe-lighter-28676\\\/#listItem\",\"name\":\"28676 250 Zippo Pipe Steel and Wood\"},\"previousItem\":{\"@type\":\"ListItem\",\"@id\":\"https:\\\/\\\/tabaccomd.com\\\/ro\\\/product-category\\\/brichete\\\/#listItem\",\"name\":\"Brichete\"}},{\"@type\":\"ListItem\",\"@id\":\"https:\\\/\\\/tabaccomd.com\\\/ro\\\/product\\\/zippo-steel-wood-pipe-lighter-28676\\\/#listItem\",\"position\":5,\"name\":\"28676 250 Zippo Pipe Steel and Wood\",\"previousItem\":{\"@type\":\"ListItem\",\"@id\":\"https:\\\/\\\/tabaccomd.com\\\/ro\\\/product-category\\\/brichete\\\/brichete-zippo-2\\\/#listItem\",\"name\":\"Brichete Zippo\"}}]},{\"@type\":\"Organization\",\"@id\":\"https:\\\/\\\/tabaccomd.com\\\/ro\\\/#organization\",\"name\":\"Tabacco House\",\"description\":\"\\u041c\\u0430\\u0433\\u0430\\u0437\\u0438\\u043d \\u0442\\u0430\\u0431\\u0430\\u0447\\u043d\\u044b\\u0445 \\u0438\\u0437\\u0434\\u0435\\u043b\\u0438\\u0439\",\"url\":\"https:\\\/\\\/tabaccomd.com\\\/ro\\\/\",\"email\":\"Office@cazacuhouse.com\",\"telephone\":\"+37361000935\",\"logo\":{\"@type\":\"ImageObject\",\"url\":\"https:\\\/\\\/tabaccomd.com\\\/wp-content\\\/uploads\\\/2024\\\/02\\\/logo_header3.png\",\"@id\":\"https:\\\/\\\/tabaccomd.com\\\/ro\\\/product\\\/zippo-steel-wood-pipe-lighter-28676\\\/#organizationLogo\",\"width\":32,\"height\":32,\"caption\":\"Tabacco House\"},\"image\":{\"@id\":\"https:\\\/\\\/tabaccomd.com\\\/ro\\\/product\\\/zippo-steel-wood-pipe-lighter-28676\\\/#organizationLogo\"},\"sameAs\":[\"https:\\\/\\\/www.facebook.com\\\/tabaccomd.com\\\/\",\"https:\\\/\\\/www.instagram.com\\\/tabaccomd.com\\\/\"],\"address\":{\"@id\":\"https:\\\/\\\/tabaccomd.com\\\/ro\\\/#postaladdress\",\"@type\":\"PostalAddress\",\"streetAddress\":\"Strada Albi\\u015foara 4, Chi\\u0219in\\u0103u, Bulevardul \\u0218tefan cel Mare \\u0219i Sf\\u00eent 136, Chi\\u0219in\\u0103u\",\"addressLocality\":\"Chi\\u0219in\\u0103u\",\"addressCountry\":\"MD\"}},{\"@type\":\"Product\",\"@id\":\"https:\\\/\\\/tabaccomd.com\\\/ro\\\/product\\\/zippo-steel-wood-pipe-lighter-28676\\\/#wooCommerceProduct\",\"name\":\"28676 250 Zippo Pipe Steel and Wood\",\"description\":\"Corp Classic tradi\\u021bional\\n \\tMecanism de aprindere a pipelor de fumat\\n \\tGaran\\u021bie pe via\\u021b\\u0103\\n \\tBricheta se livreaz\\u0103 neumplut\\u0103\\n \\tRecomand\\u0103m alimentarea numai cu combustibil Zippo de \\u00eenalt\\u0103 calitate\",\"url\":\"https:\\\/\\\/tabaccomd.com\\\/ro\\\/product\\\/zippo-steel-wood-pipe-lighter-28676\\\/\",\"sku\":\"28676\",\"image\":{\"@type\":\"ImageObject\",\"url\":\"https:\\\/\\\/tabaccomd.com\\\/wp-content\\\/uploads\\\/2025\\\/04\\\/28676-250-Zippo-Pipe-Steel-and-Wood.jpg\",\"@id\":\"https:\\\/\\\/tabaccomd.com\\\/ro\\\/product\\\/zippo-steel-wood-pipe-lighter-28676\\\/#productImage\",\"width\":1200,\"height\":1200},\"offers\":{\"@type\":\"Offer\",\"url\":\"https:\\\/\\\/tabaccomd.com\\\/ro\\\/product\\\/zippo-steel-wood-pipe-lighter-28676\\\/#wooCommerceOffer\",\"price\":700,\"priceCurrency\":\"MDL\",\"category\":\"Brichete Zippo\",\"availability\":\"https:\\\/\\\/schema.org\\\/OutOfStock\",\"priceSpecification\":{\"@type\":\"PriceSpecification\",\"price\":700,\"priceCurrency\":\"MDL\",\"valueAddedTaxIncluded\":\"true\"},\"seller\":{\"@type\":\"Organization\",\"@id\":\"https:\\\/\\\/tabaccomd.com\\\/ro\\\/#organization\"}}},{\"@type\":\"WebPage\",\"@id\":\"https:\\\/\\\/tabaccomd.com\\\/ro\\\/product\\\/zippo-steel-wood-pipe-lighter-28676\\\/#webpage\",\"url\":\"https:\\\/\\\/tabaccomd.com\\\/ro\\\/product\\\/zippo-steel-wood-pipe-lighter-28676\\\/\",\"name\":\"28676 250 Zippo Pipe Steel and Wood \\u2013 Tabacco House\",\"description\":\"Bricheta Zippo Steel & Wood Pipe 28676 este durabil\\u0103, reutilizabil\\u0103 \\u0219i are o garan\\u021bie pe via\\u021b\\u0103. Cump\\u0103ra\\u021bi o brichet\\u0103 Zippo \\u00een Kishinev \\u260e061-000-935.\",\"inLanguage\":\"ro-RO\",\"isPartOf\":{\"@id\":\"https:\\\/\\\/tabaccomd.com\\\/ro\\\/#website\"},\"breadcrumb\":{\"@id\":\"https:\\\/\\\/tabaccomd.com\\\/ro\\\/product\\\/zippo-steel-wood-pipe-lighter-28676\\\/#breadcrumblist\"},\"image\":{\"@type\":\"ImageObject\",\"url\":\"https:\\\/\\\/tabaccomd.com\\\/wp-content\\\/uploads\\\/2025\\\/04\\\/28676-250-Zippo-Pipe-Steel-and-Wood.jpg\",\"@id\":\"https:\\\/\\\/tabaccomd.com\\\/ro\\\/product\\\/zippo-steel-wood-pipe-lighter-28676\\\/#mainImage\",\"width\":1200,\"height\":1200},\"primaryImageOfPage\":{\"@id\":\"https:\\\/\\\/tabaccomd.com\\\/ro\\\/product\\\/zippo-steel-wood-pipe-lighter-28676\\\/#mainImage\"},\"datePublished\":\"2025-04-07T14:22:05+03:00\",\"dateModified\":\"2025-11-11T17:18:56+03:00\"},{\"@type\":\"WebSite\",\"@id\":\"https:\\\/\\\/tabaccomd.com\\\/ro\\\/#website\",\"url\":\"https:\\\/\\\/tabaccomd.com\\\/ro\\\/\",\"name\":\"Tabacco House\",\"alternateName\":\"tobaccomd.com\",\"description\":\"\\u041c\\u0430\\u0433\\u0430\\u0437\\u0438\\u043d \\u0442\\u0430\\u0431\\u0430\\u0447\\u043d\\u044b\\u0445 \\u0438\\u0437\\u0434\\u0435\\u043b\\u0438\\u0439\",\"inLanguage\":\"ro-RO\",\"publisher\":{\"@id\":\"https:\\\/\\\/tabaccomd.com\\\/ro\\\/#organization\"}}]}\n\t\t<\/script>\n\t\t<!-- All in One SEO Pro -->\r\n\t\t<title>28676 250 Zippo Pipe Steel and Wood \u2013 Tabacco House<\/title>\n\n","aioseo_head_json":{"title":"28676 250 Zippo Pipe Steel and Wood \u2013 Tabacco House","description":"Bricheta Zippo Steel & Wood Pipe 28676 este durabil\u0103, reutilizabil\u0103 \u0219i are o garan\u021bie pe via\u021b\u0103. Cump\u0103ra\u021bi o brichet\u0103 Zippo \u00een Kishinev \u260e061-000-935.","canonical_url":"https:\/\/tabaccomd.com\/ro\/product\/zippo-steel-wood-pipe-lighter-28676\/","robots":"max-image-preview:large","keywords":"","webmasterTools":{"miscellaneous":""},"schema":{"@context":"https:\/\/schema.org","@graph":[{"@type":"BreadcrumbList","@id":"https:\/\/tabaccomd.com\/ro\/product\/zippo-steel-wood-pipe-lighter-28676\/#breadcrumblist","itemListElement":[{"@type":"ListItem","@id":"https:\/\/tabaccomd.com\/ro\/#listItem","position":1,"name":"\u0413\u043b\u0430\u0432\u043d\u0430\u044f","item":"https:\/\/tabaccomd.com\/ro\/","nextItem":{"@type":"ListItem","@id":"https:\/\/tabaccomd.com\/ro\/catalog\/#listItem","name":"Catalog"}},{"@type":"ListItem","@id":"https:\/\/tabaccomd.com\/ro\/catalog\/#listItem","position":2,"name":"Catalog","item":"https:\/\/tabaccomd.com\/ro\/catalog\/","nextItem":{"@type":"ListItem","@id":"https:\/\/tabaccomd.com\/ro\/product-category\/brichete\/#listItem","name":"Brichete"},"previousItem":{"@type":"ListItem","@id":"https:\/\/tabaccomd.com\/ro\/#listItem","name":"\u0413\u043b\u0430\u0432\u043d\u0430\u044f"}},{"@type":"ListItem","@id":"https:\/\/tabaccomd.com\/ro\/product-category\/brichete\/#listItem","position":3,"name":"Brichete","item":"https:\/\/tabaccomd.com\/ro\/product-category\/brichete\/","nextItem":{"@type":"ListItem","@id":"https:\/\/tabaccomd.com\/ro\/product-category\/brichete\/brichete-zippo-2\/#listItem","name":"Brichete Zippo"},"previousItem":{"@type":"ListItem","@id":"https:\/\/tabaccomd.com\/ro\/catalog\/#listItem","name":"Catalog"}},{"@type":"ListItem","@id":"https:\/\/tabaccomd.com\/ro\/product-category\/brichete\/brichete-zippo-2\/#listItem","position":4,"name":"Brichete Zippo","item":"https:\/\/tabaccomd.com\/ro\/product-category\/brichete\/brichete-zippo-2\/","nextItem":{"@type":"ListItem","@id":"https:\/\/tabaccomd.com\/ro\/product\/zippo-steel-wood-pipe-lighter-28676\/#listItem","name":"28676 250 Zippo Pipe Steel and Wood"},"previousItem":{"@type":"ListItem","@id":"https:\/\/tabaccomd.com\/ro\/product-category\/brichete\/#listItem","name":"Brichete"}},{"@type":"ListItem","@id":"https:\/\/tabaccomd.com\/ro\/product\/zippo-steel-wood-pipe-lighter-28676\/#listItem","position":5,"name":"28676 250 Zippo Pipe Steel and Wood","previousItem":{"@type":"ListItem","@id":"https:\/\/tabaccomd.com\/ro\/product-category\/brichete\/brichete-zippo-2\/#listItem","name":"Brichete Zippo"}}]},{"@type":"Organization","@id":"https:\/\/tabaccomd.com\/ro\/#organization","name":"Tabacco House","description":"\u041c\u0430\u0433\u0430\u0437\u0438\u043d \u0442\u0430\u0431\u0430\u0447\u043d\u044b\u0445 \u0438\u0437\u0434\u0435\u043b\u0438\u0439","url":"https:\/\/tabaccomd.com\/ro\/","email":"Office@cazacuhouse.com","telephone":"+37361000935","logo":{"@type":"ImageObject","url":"https:\/\/tabaccomd.com\/wp-content\/uploads\/2024\/02\/logo_header3.png","@id":"https:\/\/tabaccomd.com\/ro\/product\/zippo-steel-wood-pipe-lighter-28676\/#organizationLogo","width":32,"height":32,"caption":"Tabacco House"},"image":{"@id":"https:\/\/tabaccomd.com\/ro\/product\/zippo-steel-wood-pipe-lighter-28676\/#organizationLogo"},"sameAs":["https:\/\/www.facebook.com\/tabaccomd.com\/","https:\/\/www.instagram.com\/tabaccomd.com\/"],"address":{"@id":"https:\/\/tabaccomd.com\/ro\/#postaladdress","@type":"PostalAddress","streetAddress":"Strada Albi\u015foara 4, Chi\u0219in\u0103u, Bulevardul \u0218tefan cel Mare \u0219i Sf\u00eent 136, Chi\u0219in\u0103u","addressLocality":"Chi\u0219in\u0103u","addressCountry":"MD"}},{"@type":"Product","@id":"https:\/\/tabaccomd.com\/ro\/product\/zippo-steel-wood-pipe-lighter-28676\/#wooCommerceProduct","name":"28676 250 Zippo Pipe Steel and Wood","description":"Corp Classic tradi\u021bional\n \tMecanism de aprindere a pipelor de fumat\n \tGaran\u021bie pe via\u021b\u0103\n \tBricheta se livreaz\u0103 neumplut\u0103\n \tRecomand\u0103m alimentarea numai cu combustibil Zippo de \u00eenalt\u0103 calitate","url":"https:\/\/tabaccomd.com\/ro\/product\/zippo-steel-wood-pipe-lighter-28676\/","sku":"28676","image":{"@type":"ImageObject","url":"https:\/\/tabaccomd.com\/wp-content\/uploads\/2025\/04\/28676-250-Zippo-Pipe-Steel-and-Wood.jpg","@id":"https:\/\/tabaccomd.com\/ro\/product\/zippo-steel-wood-pipe-lighter-28676\/#productImage","width":1200,"height":1200},"offers":{"@type":"Offer","url":"https:\/\/tabaccomd.com\/ro\/product\/zippo-steel-wood-pipe-lighter-28676\/#wooCommerceOffer","price":700,"priceCurrency":"MDL","category":"Brichete Zippo","availability":"https:\/\/schema.org\/OutOfStock","priceSpecification":{"@type":"PriceSpecification","price":700,"priceCurrency":"MDL","valueAddedTaxIncluded":"true"},"seller":{"@type":"Organization","@id":"https:\/\/tabaccomd.com\/ro\/#organization"}}},{"@type":"WebPage","@id":"https:\/\/tabaccomd.com\/ro\/product\/zippo-steel-wood-pipe-lighter-28676\/#webpage","url":"https:\/\/tabaccomd.com\/ro\/product\/zippo-steel-wood-pipe-lighter-28676\/","name":"28676 250 Zippo Pipe Steel and Wood \u2013 Tabacco House","description":"Bricheta Zippo Steel & Wood Pipe 28676 este durabil\u0103, reutilizabil\u0103 \u0219i are o garan\u021bie pe via\u021b\u0103. Cump\u0103ra\u021bi o brichet\u0103 Zippo \u00een Kishinev \u260e061-000-935.","inLanguage":"ro-RO","isPartOf":{"@id":"https:\/\/tabaccomd.com\/ro\/#website"},"breadcrumb":{"@id":"https:\/\/tabaccomd.com\/ro\/product\/zippo-steel-wood-pipe-lighter-28676\/#breadcrumblist"},"image":{"@type":"ImageObject","url":"https:\/\/tabaccomd.com\/wp-content\/uploads\/2025\/04\/28676-250-Zippo-Pipe-Steel-and-Wood.jpg","@id":"https:\/\/tabaccomd.com\/ro\/product\/zippo-steel-wood-pipe-lighter-28676\/#mainImage","width":1200,"height":1200},"primaryImageOfPage":{"@id":"https:\/\/tabaccomd.com\/ro\/product\/zippo-steel-wood-pipe-lighter-28676\/#mainImage"},"datePublished":"2025-04-07T14:22:05+03:00","dateModified":"2025-11-11T17:18:56+03:00"},{"@type":"WebSite","@id":"https:\/\/tabaccomd.com\/ro\/#website","url":"https:\/\/tabaccomd.com\/ro\/","name":"Tabacco House","alternateName":"tobaccomd.com","description":"\u041c\u0430\u0433\u0430\u0437\u0438\u043d \u0442\u0430\u0431\u0430\u0447\u043d\u044b\u0445 \u0438\u0437\u0434\u0435\u043b\u0438\u0439","inLanguage":"ro-RO","publisher":{"@id":"https:\/\/tabaccomd.com\/ro\/#organization"}}]},"og:locale":"ro_RO","og:site_name":"Tabacco House \u2013 \u041c\u0430\u0433\u0430\u0437\u0438\u043d \u0442\u0430\u0431\u0430\u0447\u043d\u044b\u0445 \u0438\u0437\u0434\u0435\u043b\u0438\u0439","og:type":"article","og:title":"28676 250 Zippo Pipe Steel and Wood \u2013 Tabacco House","og:description":"Bricheta Zippo Steel &amp; Wood Pipe 28676 este durabil\u0103, reutilizabil\u0103 \u0219i are o garan\u021bie pe via\u021b\u0103. Cump\u0103ra\u021bi o brichet\u0103 Zippo \u00een Kishinev \u260e061-000-935.","og:url":"https:\/\/tabaccomd.com\/ro\/product\/zippo-steel-wood-pipe-lighter-28676\/","article:published_time":"2025-04-07T11:22:05+00:00","article:modified_time":"2025-11-11T14:18:56+00:00","article:publisher":"https:\/\/www.facebook.com\/tabaccomd.com\/","twitter:card":"summary_large_image","twitter:title":"28676 250 Zippo Pipe Steel and Wood \u2013 Tabacco House","twitter:description":"Bricheta Zippo Steel &amp; Wood Pipe 28676 este durabil\u0103, reutilizabil\u0103 \u0219i are o garan\u021bie pe via\u021b\u0103. Cump\u0103ra\u021bi o brichet\u0103 Zippo \u00een Kishinev \u260e061-000-935."},"aioseo_meta_data":{"post_id":"18757","title":null,"description":"Bricheta Zippo Steel &amp; Wood Pipe 28676 este durabil\u0103, reutilizabil\u0103 \u0219i are o garan\u021bie pe via\u021b\u0103. Cump\u0103ra\u021bi o brichet\u0103 Zippo \u00een Kishinev \u260e061-000-935. ","keywords":null,"keyphrases":{"focus":{"keyphrase":"\u0417\u0430\u0436\u0438\u0433\u0430\u043b\u043a\u0430 28676","score":38,"analysis":{"keyphraseInTitle":{"score":3,"maxScore":9,"error":1},"keyphraseInDescription":{"score":3,"maxScore":9,"error":1},"keyphraseLength":{"score":9,"maxScore":9,"error":0,"length":1},"keyphraseInURL":{"score":1,"maxScore":5,"error":1},"keyphraseInIntroduction":{"score":3,"maxScore":9,"error":1},"keyphraseInSubHeadings":[],"keyphraseInImageAlt":[],"keywordDensity":{"score":0,"type":"low","maxScore":9,"error":1}}},"additional":[]},"primary_term":null,"canonical_url":null,"og_title":null,"og_description":null,"og_object_type":"default","og_image_type":"default","og_image_url":null,"og_image_width":null,"og_image_height":null,"og_image_custom_url":null,"og_image_custom_fields":null,"og_video":"","og_custom_url":null,"og_article_section":null,"og_article_tags":null,"twitter_use_og":false,"twitter_card":"default","twitter_image_type":"default","twitter_image_url":null,"twitter_image_custom_url":null,"twitter_image_custom_fields":null,"twitter_title":null,"twitter_description":null,"schema":{"blockGraphs":[],"customGraphs":[],"default":{"data":{"Article":[],"Course":[],"Dataset":[],"FAQPage":[],"Movie":[],"Person":[],"Product":[],"ProductReview":[],"Car":[],"Recipe":[],"Service":[],"SoftwareApplication":[],"WebPage":[]},"graphName":"Product","isEnabled":true},"graphs":[]},"schema_type":"default","schema_type_options":null,"pillar_content":false,"robots_default":true,"robots_noindex":false,"robots_noarchive":false,"robots_nosnippet":false,"robots_nofollow":false,"robots_noimageindex":false,"robots_noodp":false,"robots_notranslate":false,"robots_max_snippet":"-1","robots_max_videopreview":"-1","robots_max_imagepreview":"large","priority":null,"frequency":"default","local_seo":null,"seo_analyzer_scan_date":"2025-11-11 14:12:55","breadcrumb_settings":null,"limit_modified_date":false,"reviewed_by":null,"open_ai":null,"ai":{"faqs":[],"keyPoints":[],"titles":[],"descriptions":[],"socialPosts":{"email":[],"linkedin":[],"twitter":[],"facebook":[],"instagram":[]}},"created":"2023-03-30 14:42:55","updated":"2025-11-11 14:32:46"},"aioseo_breadcrumb":"<div class=\"aioseo-breadcrumbs\"><span class=\"aioseo-breadcrumb\">\n\t<a href=\"https:\/\/tabaccomd.com\/ro\/\" title=\"\u0413\u043b\u0430\u0432\u043d\u0430\u044f\">\u0413\u043b\u0430\u0432\u043d\u0430\u044f<\/a>\n<\/span><span class=\"aioseo-breadcrumb-separator\">\u00bb<\/span><span class=\"aioseo-breadcrumb\">\n\t<a href=\"https:\/\/tabaccomd.com\/ro\/catalog\/\" title=\"Catalog\">Catalog<\/a>\n<\/span><span class=\"aioseo-breadcrumb-separator\">\u00bb<\/span><span class=\"aioseo-breadcrumb\">\n\t<a href=\"https:\/\/tabaccomd.com\/ro\/product-category\/brichete\/\" title=\"Brichete\">Brichete<\/a>\n<\/span><span class=\"aioseo-breadcrumb-separator\">\u00bb<\/span><span class=\"aioseo-breadcrumb\">\n\t<a href=\"https:\/\/tabaccomd.com\/ro\/product-category\/brichete\/brichete-zippo-2\/\" title=\"Brichete Zippo\">Brichete Zippo<\/a>\n<\/span><span class=\"aioseo-breadcrumb-separator\">\u00bb<\/span><span class=\"aioseo-breadcrumb\">\n\t28676 250 Zippo Pipe Steel and Wood\n<\/span><\/div>","aioseo_breadcrumb_json":[{"label":"\u0413\u043b\u0430\u0432\u043d\u0430\u044f","link":"https:\/\/tabaccomd.com\/ro\/"},{"label":"Catalog","link":"https:\/\/tabaccomd.com\/ro\/catalog\/"},{"label":"Brichete","link":"https:\/\/tabaccomd.com\/ro\/product-category\/brichete\/"},{"label":"Brichete Zippo","link":"https:\/\/tabaccomd.com\/ro\/product-category\/brichete\/brichete-zippo-2\/"},{"label":"28676 250 Zippo Pipe Steel and Wood","link":"https:\/\/tabaccomd.com\/ro\/product\/zippo-steel-wood-pipe-lighter-28676\/"}],"images_for_1c":[{"url":"https:\/\/tabaccomd.com\/wp-content\/uploads\/2025\/04\/28676-250-Zippo-Pipe-Steel-and-Wood.jpg","type":"featured","alt":"28676-250-Zippo-Pipe-Steel-and-Wood","filename":"28676-250-Zippo-Pipe-Steel-and-Wood.jpg"},{"url":"https:\/\/tabaccomd.com\/wp-content\/uploads\/2025\/04\/28676-250-Zippo-Pipe-Steel-and-Wood-0.png","type":"gallery","alt":"28676-250-Zippo-Pipe-Steel-and-Wood-0","filename":"28676-250-Zippo-Pipe-Steel-and-Wood-0.png"},{"url":"https:\/\/tabaccomd.com\/wp-content\/uploads\/2025\/04\/28676-250-Zippo-Pipe-Steel-and-Wood-1.png","type":"gallery","alt":"28676-250-Zippo-Pipe-Steel-and-Wood-1","filename":"28676-250-Zippo-Pipe-Steel-and-Wood-1.png"},{"url":"https:\/\/tabaccomd.com\/wp-content\/uploads\/2025\/04\/28676-250-Zippo-Pipe-Steel-and-Wood-2.png","type":"gallery","alt":"28676-250-Zippo-Pipe-Steel-and-Wood-2","filename":"28676-250-Zippo-Pipe-Steel-and-Wood-2.png"}],"additional_data_1c":{"modified_date":"2025-11-11 17:18:56","permalink":"https:\/\/tabaccomd.com\/ro\/product\/zippo-steel-wood-pipe-lighter-28676\/","stock_status":"outofstock","manage_stock":"no"},"_links":{"self":[{"href":"https:\/\/tabaccomd.com\/ro\/wp-json\/wp\/v2\/product\/18757","targetHints":{"allow":["GET"]}}],"collection":[{"href":"https:\/\/tabaccomd.com\/ro\/wp-json\/wp\/v2\/product"}],"about":[{"href":"https:\/\/tabaccomd.com\/ro\/wp-json\/wp\/v2\/types\/product"}],"wp:featuredmedia":[{"embeddable":true,"href":"https:\/\/tabaccomd.com\/ro\/wp-json\/wp\/v2\/media\/155221"}],"wp:attachment":[{"href":"https:\/\/tabaccomd.com\/ro\/wp-json\/wp\/v2\/media?parent=18757"}],"wp:term":[{"taxonomy":"product_brand","embeddable":true,"href":"https:\/\/tabaccomd.com\/ro\/wp-json\/wp\/v2\/product_brand?post=18757"},{"taxonomy":"product_cat","embeddable":true,"href":"https:\/\/tabaccomd.com\/ro\/wp-json\/wp\/v2\/product_cat?post=18757"},{"taxonomy":"product_tag","embeddable":true,"href":"https:\/\/tabaccomd.com\/ro\/wp-json\/wp\/v2\/product_tag?post=18757"}],"curies":[{"name":"wp","href":"https:\/\/api.w.org\/{rel}","templated":true}]}}