{"id":18735,"date":"2025-04-07T15:32:17","date_gmt":"2025-04-07T12:32:17","guid":{"rendered":"https:\/\/new124.tabaccomd.com\/product\/zippo-rivet-peace-sign-spectrum-29435\/"},"modified":"2025-11-11T18:11:43","modified_gmt":"2025-11-11T15:11:43","slug":"zippo-rivet-peace-sign-spectrum-29435","status":"publish","type":"product","link":"https:\/\/tabaccomd.com\/ro\/product\/zippo-rivet-peace-sign-spectrum-29435\/","title":{"rendered":"29435 151 Zippo Rivet Peace Sign Spectrum"},"content":{"rendered":"<p><a href=\"https:\/\/tabaccomd.com\/ro\/product-category\/brichete\/brichete-zippo-2\/\">Bricheta <\/a>Zippo 29435 151 Rivet Peace Sign Spectrum este un model spectaculos, ce \u00eembin\u0103 stilul modern cu simbolismul clasic al p\u0103cii. Carcasa are un finisaj Spectrum, cunoscut pentru jocul s\u0103u unic de culori irizate \u2014 de la nuan\u021be de violet \u0219i albastru la verde \u0219i auriu, fiecare brichet\u0103 av\u00e2nd un aspect unic, imposibil de reprodus identic. Pe partea frontal\u0103 se afl\u0103 un simbol al p\u0103cii (\u201cPeace Sign\u201d) realizat din elemente metalice reliefate, fixate cu nituri decorative (\u201cRivet Design\u201d), care confer\u0103 brichetei un aer industrial \u0219i artistic \u00een acela\u0219i timp. Textura metalului combinat\u0103 cu efectul lucios al finisajului Spectrum o transform\u0103 \u00eentr-un accesoriu memorabil, ideal pentru colec\u021bionari \u0219i pentru cei care apreciaz\u0103 designul neconven\u021bional.     Bricheta se alimenteaz\u0103 cu benzin\u0103 \u0219i este conceput\u0103 pentru a fi folosit\u0103 pe termen lung; pentru o func\u021bionare optim\u0103 se recomand\u0103 utilizarea combustibilului, cremenei \u0219i fitilurilor originale Zippo. Bricheta se alimenteaz\u0103 cu benzin\u0103 \u0219i este conceput\u0103 pentru a fi folosit\u0103 pe termen lung, iar pentru o func\u021bionare optim\u0103 se recomand\u0103 utilizarea combustibilului, cremenei \u0219i fitilurilor originale Zippo. Fabricat\u0103 \u00een SUA, aceast\u0103 brichet\u0103 \u00eembin\u0103 func\u021bionalitatea practic\u0103 \u0219i este \u00eenso\u021bit\u0103 de garan\u021bia pe via\u021b\u0103 a m\u0103rcii. Este livrat\u0103 \u00eentr-o cutie de cadou elegant\u0103. <\/p>\n<p>Pute\u021bi achizi\u021biona bricheta 29435 151 Zippo Rivet Peace Sign Spectrum \u00een Moldova, Chi\u0219in\u0103u, \u00een re\u021beaua de magazine Tabacco House.<\/p>\n","protected":false},"excerpt":{"rendered":"<ul>\n<li>Corp Classic tradi\u021bional<\/li>\n<li>Garan\u021bie pe via\u021b\u0103<\/li>\n<li>Bricheta se livreaz\u0103 neumplut\u0103<\/li>\n<li>Recomand\u0103m alimentarea numai cu combustibil Zippo de \u00eenalt\u0103 calitate<\/li>\n<\/ul>\n","protected":false},"featured_media":155230,"template":"","meta":{"om_disable_all_campaigns":false,"_monsterinsights_skip_tracking":false,"_monsterinsights_sitenote_active":false,"_monsterinsights_sitenote_note":"","_monsterinsights_sitenote_category":0},"product_brand":[],"product_cat":[175],"product_tag":[],"class_list":{"0":"post-18735","1":"product","2":"type-product","3":"status-publish","4":"has-post-thumbnail","6":"product_cat-brichete-zippo-2","8":"first","9":"instock","10":"taxable","11":"shipping-taxable","12":"purchasable","13":"product-type-simple"},"aioseo_notices":[],"aioseo_head":"\n\t\t<!-- All in One SEO Pro 4.9.5.2 - aioseo.com -->\n\t<meta name=\"description\" content=\"Bricheta Zippo Rivet Peace Sign Spectrum 29435 este durabil\u0103, re\u00eenc\u0103rcabil\u0103 \u0219i vine cu garan\u021bie pe via\u021b\u0103. Cump\u0103r\u0103 o brichet\u0103 Zippo \u00een Chi\u0219in\u0103u la \u260e061-000-935.\" \/>\n\t<meta name=\"robots\" content=\"max-image-preview:large\" \/>\n\t<link rel=\"canonical\" href=\"https:\/\/tabaccomd.com\/ro\/product\/zippo-rivet-peace-sign-spectrum-29435\/\" \/>\n\t<meta name=\"generator\" content=\"All in One SEO Pro (AIOSEO) 4.9.5.2\" \/>\n\t\t<meta property=\"og:locale\" content=\"ro_RO\" \/>\n\t\t<meta property=\"og:site_name\" content=\"Tabacco House \u2013 \u041c\u0430\u0433\u0430\u0437\u0438\u043d \u0442\u0430\u0431\u0430\u0447\u043d\u044b\u0445 \u0438\u0437\u0434\u0435\u043b\u0438\u0439\" \/>\n\t\t<meta property=\"og:type\" content=\"article\" \/>\n\t\t<meta property=\"og:title\" content=\"29435 151 Zippo Rivet Peace Sign Spectrum \u2013 Tabacco House\" \/>\n\t\t<meta property=\"og:description\" content=\"Bricheta Zippo Rivet Peace Sign Spectrum 29435 este durabil\u0103, re\u00eenc\u0103rcabil\u0103 \u0219i vine cu garan\u021bie pe via\u021b\u0103. Cump\u0103r\u0103 o brichet\u0103 Zippo \u00een Chi\u0219in\u0103u la \u260e061-000-935.\" \/>\n\t\t<meta property=\"og:url\" content=\"https:\/\/tabaccomd.com\/ro\/product\/zippo-rivet-peace-sign-spectrum-29435\/\" \/>\n\t\t<meta property=\"article:published_time\" content=\"2025-04-07T12:32:17+00:00\" \/>\n\t\t<meta property=\"article:modified_time\" content=\"2025-11-11T15:11:43+00:00\" \/>\n\t\t<meta property=\"article:publisher\" content=\"https:\/\/www.facebook.com\/tabaccomd.com\/\" \/>\n\t\t<meta name=\"twitter:card\" content=\"summary_large_image\" \/>\n\t\t<meta name=\"twitter:title\" content=\"29435 151 Zippo Rivet Peace Sign Spectrum \u2013 Tabacco House\" \/>\n\t\t<meta name=\"twitter:description\" content=\"Bricheta Zippo Rivet Peace Sign Spectrum 29435 este durabil\u0103, re\u00eenc\u0103rcabil\u0103 \u0219i vine cu garan\u021bie pe via\u021b\u0103. Cump\u0103r\u0103 o brichet\u0103 Zippo \u00een Chi\u0219in\u0103u la \u260e061-000-935.\" \/>\n\t\t<script type=\"application\/ld+json\" class=\"aioseo-schema\">\n\t\t\t{\"@context\":\"https:\\\/\\\/schema.org\",\"@graph\":[{\"@type\":\"BreadcrumbList\",\"@id\":\"https:\\\/\\\/tabaccomd.com\\\/ro\\\/product\\\/zippo-rivet-peace-sign-spectrum-29435\\\/#breadcrumblist\",\"itemListElement\":[{\"@type\":\"ListItem\",\"@id\":\"https:\\\/\\\/tabaccomd.com\\\/ro\\\/#listItem\",\"position\":1,\"name\":\"\\u0413\\u043b\\u0430\\u0432\\u043d\\u0430\\u044f\",\"item\":\"https:\\\/\\\/tabaccomd.com\\\/ro\\\/\",\"nextItem\":{\"@type\":\"ListItem\",\"@id\":\"https:\\\/\\\/tabaccomd.com\\\/ro\\\/catalog\\\/#listItem\",\"name\":\"Catalog\"}},{\"@type\":\"ListItem\",\"@id\":\"https:\\\/\\\/tabaccomd.com\\\/ro\\\/catalog\\\/#listItem\",\"position\":2,\"name\":\"Catalog\",\"item\":\"https:\\\/\\\/tabaccomd.com\\\/ro\\\/catalog\\\/\",\"nextItem\":{\"@type\":\"ListItem\",\"@id\":\"https:\\\/\\\/tabaccomd.com\\\/ro\\\/product-category\\\/brichete\\\/#listItem\",\"name\":\"Brichete\"},\"previousItem\":{\"@type\":\"ListItem\",\"@id\":\"https:\\\/\\\/tabaccomd.com\\\/ro\\\/#listItem\",\"name\":\"\\u0413\\u043b\\u0430\\u0432\\u043d\\u0430\\u044f\"}},{\"@type\":\"ListItem\",\"@id\":\"https:\\\/\\\/tabaccomd.com\\\/ro\\\/product-category\\\/brichete\\\/#listItem\",\"position\":3,\"name\":\"Brichete\",\"item\":\"https:\\\/\\\/tabaccomd.com\\\/ro\\\/product-category\\\/brichete\\\/\",\"nextItem\":{\"@type\":\"ListItem\",\"@id\":\"https:\\\/\\\/tabaccomd.com\\\/ro\\\/product-category\\\/brichete\\\/brichete-zippo-2\\\/#listItem\",\"name\":\"Brichete Zippo\"},\"previousItem\":{\"@type\":\"ListItem\",\"@id\":\"https:\\\/\\\/tabaccomd.com\\\/ro\\\/catalog\\\/#listItem\",\"name\":\"Catalog\"}},{\"@type\":\"ListItem\",\"@id\":\"https:\\\/\\\/tabaccomd.com\\\/ro\\\/product-category\\\/brichete\\\/brichete-zippo-2\\\/#listItem\",\"position\":4,\"name\":\"Brichete Zippo\",\"item\":\"https:\\\/\\\/tabaccomd.com\\\/ro\\\/product-category\\\/brichete\\\/brichete-zippo-2\\\/\",\"nextItem\":{\"@type\":\"ListItem\",\"@id\":\"https:\\\/\\\/tabaccomd.com\\\/ro\\\/product\\\/zippo-rivet-peace-sign-spectrum-29435\\\/#listItem\",\"name\":\"29435 151 Zippo Rivet Peace Sign Spectrum\"},\"previousItem\":{\"@type\":\"ListItem\",\"@id\":\"https:\\\/\\\/tabaccomd.com\\\/ro\\\/product-category\\\/brichete\\\/#listItem\",\"name\":\"Brichete\"}},{\"@type\":\"ListItem\",\"@id\":\"https:\\\/\\\/tabaccomd.com\\\/ro\\\/product\\\/zippo-rivet-peace-sign-spectrum-29435\\\/#listItem\",\"position\":5,\"name\":\"29435 151 Zippo Rivet Peace Sign Spectrum\",\"previousItem\":{\"@type\":\"ListItem\",\"@id\":\"https:\\\/\\\/tabaccomd.com\\\/ro\\\/product-category\\\/brichete\\\/brichete-zippo-2\\\/#listItem\",\"name\":\"Brichete Zippo\"}}]},{\"@type\":\"Organization\",\"@id\":\"https:\\\/\\\/tabaccomd.com\\\/ro\\\/#organization\",\"name\":\"Tabacco House\",\"description\":\"\\u041c\\u0430\\u0433\\u0430\\u0437\\u0438\\u043d \\u0442\\u0430\\u0431\\u0430\\u0447\\u043d\\u044b\\u0445 \\u0438\\u0437\\u0434\\u0435\\u043b\\u0438\\u0439\",\"url\":\"https:\\\/\\\/tabaccomd.com\\\/ro\\\/\",\"email\":\"Office@cazacuhouse.com\",\"telephone\":\"+37361000935\",\"logo\":{\"@type\":\"ImageObject\",\"url\":\"https:\\\/\\\/tabaccomd.com\\\/wp-content\\\/uploads\\\/2024\\\/02\\\/logo_header3.png\",\"@id\":\"https:\\\/\\\/tabaccomd.com\\\/ro\\\/product\\\/zippo-rivet-peace-sign-spectrum-29435\\\/#organizationLogo\",\"width\":32,\"height\":32,\"caption\":\"Tabacco House\"},\"image\":{\"@id\":\"https:\\\/\\\/tabaccomd.com\\\/ro\\\/product\\\/zippo-rivet-peace-sign-spectrum-29435\\\/#organizationLogo\"},\"sameAs\":[\"https:\\\/\\\/www.facebook.com\\\/tabaccomd.com\\\/\",\"https:\\\/\\\/www.instagram.com\\\/tabaccomd.com\\\/\"],\"address\":{\"@id\":\"https:\\\/\\\/tabaccomd.com\\\/ro\\\/#postaladdress\",\"@type\":\"PostalAddress\",\"streetAddress\":\"Strada Albi\\u015foara 4, Chi\\u0219in\\u0103u, Bulevardul \\u0218tefan cel Mare \\u0219i Sf\\u00eent 136, Chi\\u0219in\\u0103u\",\"addressLocality\":\"Chi\\u0219in\\u0103u\",\"addressCountry\":\"MD\"}},{\"@type\":\"Product\",\"@id\":\"https:\\\/\\\/tabaccomd.com\\\/ro\\\/product\\\/zippo-rivet-peace-sign-spectrum-29435\\\/#wooCommerceProduct\",\"name\":\"29435 151 Zippo Rivet Peace Sign Spectrum\",\"description\":\"Corp Classic tradi\\u021bional\\n \\tGaran\\u021bie pe via\\u021b\\u0103\\n \\tBricheta se livreaz\\u0103 neumplut\\u0103\\n \\tRecomand\\u0103m alimentarea numai cu combustibil Zippo de \\u00eenalt\\u0103 calitate\",\"url\":\"https:\\\/\\\/tabaccomd.com\\\/ro\\\/product\\\/zippo-rivet-peace-sign-spectrum-29435\\\/\",\"sku\":\"29435\",\"image\":{\"@type\":\"ImageObject\",\"url\":\"https:\\\/\\\/tabaccomd.com\\\/wp-content\\\/uploads\\\/2025\\\/04\\\/29435-151-Zippo-Rivet-Peace-Sign-Spectrum-1.jpg\",\"@id\":\"https:\\\/\\\/tabaccomd.com\\\/ro\\\/product\\\/zippo-rivet-peace-sign-spectrum-29435\\\/#productImage\",\"width\":1200,\"height\":1200},\"offers\":{\"@type\":\"Offer\",\"url\":\"https:\\\/\\\/tabaccomd.com\\\/ro\\\/product\\\/zippo-rivet-peace-sign-spectrum-29435\\\/#wooCommerceOffer\",\"price\":750,\"priceCurrency\":\"MDL\",\"category\":\"Brichete Zippo\",\"availability\":\"https:\\\/\\\/schema.org\\\/InStock\",\"priceSpecification\":{\"@type\":\"PriceSpecification\",\"price\":750,\"priceCurrency\":\"MDL\",\"valueAddedTaxIncluded\":\"true\"},\"seller\":{\"@type\":\"Organization\",\"@id\":\"https:\\\/\\\/tabaccomd.com\\\/ro\\\/#organization\"}}},{\"@type\":\"WebPage\",\"@id\":\"https:\\\/\\\/tabaccomd.com\\\/ro\\\/product\\\/zippo-rivet-peace-sign-spectrum-29435\\\/#webpage\",\"url\":\"https:\\\/\\\/tabaccomd.com\\\/ro\\\/product\\\/zippo-rivet-peace-sign-spectrum-29435\\\/\",\"name\":\"29435 151 Zippo Rivet Peace Sign Spectrum \\u2013 Tabacco House\",\"description\":\"Bricheta Zippo Rivet Peace Sign Spectrum 29435 este durabil\\u0103, re\\u00eenc\\u0103rcabil\\u0103 \\u0219i vine cu garan\\u021bie pe via\\u021b\\u0103. Cump\\u0103r\\u0103 o brichet\\u0103 Zippo \\u00een Chi\\u0219in\\u0103u la \\u260e061-000-935.\",\"inLanguage\":\"ro-RO\",\"isPartOf\":{\"@id\":\"https:\\\/\\\/tabaccomd.com\\\/ro\\\/#website\"},\"breadcrumb\":{\"@id\":\"https:\\\/\\\/tabaccomd.com\\\/ro\\\/product\\\/zippo-rivet-peace-sign-spectrum-29435\\\/#breadcrumblist\"},\"image\":{\"@type\":\"ImageObject\",\"url\":\"https:\\\/\\\/tabaccomd.com\\\/wp-content\\\/uploads\\\/2025\\\/04\\\/29435-151-Zippo-Rivet-Peace-Sign-Spectrum-1.jpg\",\"@id\":\"https:\\\/\\\/tabaccomd.com\\\/ro\\\/product\\\/zippo-rivet-peace-sign-spectrum-29435\\\/#mainImage\",\"width\":1200,\"height\":1200},\"primaryImageOfPage\":{\"@id\":\"https:\\\/\\\/tabaccomd.com\\\/ro\\\/product\\\/zippo-rivet-peace-sign-spectrum-29435\\\/#mainImage\"},\"datePublished\":\"2025-04-07T15:32:17+03:00\",\"dateModified\":\"2025-11-11T18:11:43+03:00\"},{\"@type\":\"WebSite\",\"@id\":\"https:\\\/\\\/tabaccomd.com\\\/ro\\\/#website\",\"url\":\"https:\\\/\\\/tabaccomd.com\\\/ro\\\/\",\"name\":\"Tabacco House\",\"alternateName\":\"tobaccomd.com\",\"description\":\"\\u041c\\u0430\\u0433\\u0430\\u0437\\u0438\\u043d \\u0442\\u0430\\u0431\\u0430\\u0447\\u043d\\u044b\\u0445 \\u0438\\u0437\\u0434\\u0435\\u043b\\u0438\\u0439\",\"inLanguage\":\"ro-RO\",\"publisher\":{\"@id\":\"https:\\\/\\\/tabaccomd.com\\\/ro\\\/#organization\"}}]}\n\t\t<\/script>\n\t\t<!-- All in One SEO Pro -->\r\n\t\t<title>29435 151 Zippo Rivet Peace Sign Spectrum \u2013 Tabacco House<\/title>\n\n","aioseo_head_json":{"title":"29435 151 Zippo Rivet Peace Sign Spectrum \u2013 Tabacco House","description":"Bricheta Zippo Rivet Peace Sign Spectrum 29435 este durabil\u0103, re\u00eenc\u0103rcabil\u0103 \u0219i vine cu garan\u021bie pe via\u021b\u0103. Cump\u0103r\u0103 o brichet\u0103 Zippo \u00een Chi\u0219in\u0103u la \u260e061-000-935.","canonical_url":"https:\/\/tabaccomd.com\/ro\/product\/zippo-rivet-peace-sign-spectrum-29435\/","robots":"max-image-preview:large","keywords":"","webmasterTools":{"miscellaneous":""},"schema":{"@context":"https:\/\/schema.org","@graph":[{"@type":"BreadcrumbList","@id":"https:\/\/tabaccomd.com\/ro\/product\/zippo-rivet-peace-sign-spectrum-29435\/#breadcrumblist","itemListElement":[{"@type":"ListItem","@id":"https:\/\/tabaccomd.com\/ro\/#listItem","position":1,"name":"\u0413\u043b\u0430\u0432\u043d\u0430\u044f","item":"https:\/\/tabaccomd.com\/ro\/","nextItem":{"@type":"ListItem","@id":"https:\/\/tabaccomd.com\/ro\/catalog\/#listItem","name":"Catalog"}},{"@type":"ListItem","@id":"https:\/\/tabaccomd.com\/ro\/catalog\/#listItem","position":2,"name":"Catalog","item":"https:\/\/tabaccomd.com\/ro\/catalog\/","nextItem":{"@type":"ListItem","@id":"https:\/\/tabaccomd.com\/ro\/product-category\/brichete\/#listItem","name":"Brichete"},"previousItem":{"@type":"ListItem","@id":"https:\/\/tabaccomd.com\/ro\/#listItem","name":"\u0413\u043b\u0430\u0432\u043d\u0430\u044f"}},{"@type":"ListItem","@id":"https:\/\/tabaccomd.com\/ro\/product-category\/brichete\/#listItem","position":3,"name":"Brichete","item":"https:\/\/tabaccomd.com\/ro\/product-category\/brichete\/","nextItem":{"@type":"ListItem","@id":"https:\/\/tabaccomd.com\/ro\/product-category\/brichete\/brichete-zippo-2\/#listItem","name":"Brichete Zippo"},"previousItem":{"@type":"ListItem","@id":"https:\/\/tabaccomd.com\/ro\/catalog\/#listItem","name":"Catalog"}},{"@type":"ListItem","@id":"https:\/\/tabaccomd.com\/ro\/product-category\/brichete\/brichete-zippo-2\/#listItem","position":4,"name":"Brichete Zippo","item":"https:\/\/tabaccomd.com\/ro\/product-category\/brichete\/brichete-zippo-2\/","nextItem":{"@type":"ListItem","@id":"https:\/\/tabaccomd.com\/ro\/product\/zippo-rivet-peace-sign-spectrum-29435\/#listItem","name":"29435 151 Zippo Rivet Peace Sign Spectrum"},"previousItem":{"@type":"ListItem","@id":"https:\/\/tabaccomd.com\/ro\/product-category\/brichete\/#listItem","name":"Brichete"}},{"@type":"ListItem","@id":"https:\/\/tabaccomd.com\/ro\/product\/zippo-rivet-peace-sign-spectrum-29435\/#listItem","position":5,"name":"29435 151 Zippo Rivet Peace Sign Spectrum","previousItem":{"@type":"ListItem","@id":"https:\/\/tabaccomd.com\/ro\/product-category\/brichete\/brichete-zippo-2\/#listItem","name":"Brichete Zippo"}}]},{"@type":"Organization","@id":"https:\/\/tabaccomd.com\/ro\/#organization","name":"Tabacco House","description":"\u041c\u0430\u0433\u0430\u0437\u0438\u043d \u0442\u0430\u0431\u0430\u0447\u043d\u044b\u0445 \u0438\u0437\u0434\u0435\u043b\u0438\u0439","url":"https:\/\/tabaccomd.com\/ro\/","email":"Office@cazacuhouse.com","telephone":"+37361000935","logo":{"@type":"ImageObject","url":"https:\/\/tabaccomd.com\/wp-content\/uploads\/2024\/02\/logo_header3.png","@id":"https:\/\/tabaccomd.com\/ro\/product\/zippo-rivet-peace-sign-spectrum-29435\/#organizationLogo","width":32,"height":32,"caption":"Tabacco House"},"image":{"@id":"https:\/\/tabaccomd.com\/ro\/product\/zippo-rivet-peace-sign-spectrum-29435\/#organizationLogo"},"sameAs":["https:\/\/www.facebook.com\/tabaccomd.com\/","https:\/\/www.instagram.com\/tabaccomd.com\/"],"address":{"@id":"https:\/\/tabaccomd.com\/ro\/#postaladdress","@type":"PostalAddress","streetAddress":"Strada Albi\u015foara 4, Chi\u0219in\u0103u, Bulevardul \u0218tefan cel Mare \u0219i Sf\u00eent 136, Chi\u0219in\u0103u","addressLocality":"Chi\u0219in\u0103u","addressCountry":"MD"}},{"@type":"Product","@id":"https:\/\/tabaccomd.com\/ro\/product\/zippo-rivet-peace-sign-spectrum-29435\/#wooCommerceProduct","name":"29435 151 Zippo Rivet Peace Sign Spectrum","description":"Corp Classic tradi\u021bional\n \tGaran\u021bie pe via\u021b\u0103\n \tBricheta se livreaz\u0103 neumplut\u0103\n \tRecomand\u0103m alimentarea numai cu combustibil Zippo de \u00eenalt\u0103 calitate","url":"https:\/\/tabaccomd.com\/ro\/product\/zippo-rivet-peace-sign-spectrum-29435\/","sku":"29435","image":{"@type":"ImageObject","url":"https:\/\/tabaccomd.com\/wp-content\/uploads\/2025\/04\/29435-151-Zippo-Rivet-Peace-Sign-Spectrum-1.jpg","@id":"https:\/\/tabaccomd.com\/ro\/product\/zippo-rivet-peace-sign-spectrum-29435\/#productImage","width":1200,"height":1200},"offers":{"@type":"Offer","url":"https:\/\/tabaccomd.com\/ro\/product\/zippo-rivet-peace-sign-spectrum-29435\/#wooCommerceOffer","price":750,"priceCurrency":"MDL","category":"Brichete Zippo","availability":"https:\/\/schema.org\/InStock","priceSpecification":{"@type":"PriceSpecification","price":750,"priceCurrency":"MDL","valueAddedTaxIncluded":"true"},"seller":{"@type":"Organization","@id":"https:\/\/tabaccomd.com\/ro\/#organization"}}},{"@type":"WebPage","@id":"https:\/\/tabaccomd.com\/ro\/product\/zippo-rivet-peace-sign-spectrum-29435\/#webpage","url":"https:\/\/tabaccomd.com\/ro\/product\/zippo-rivet-peace-sign-spectrum-29435\/","name":"29435 151 Zippo Rivet Peace Sign Spectrum \u2013 Tabacco House","description":"Bricheta Zippo Rivet Peace Sign Spectrum 29435 este durabil\u0103, re\u00eenc\u0103rcabil\u0103 \u0219i vine cu garan\u021bie pe via\u021b\u0103. Cump\u0103r\u0103 o brichet\u0103 Zippo \u00een Chi\u0219in\u0103u la \u260e061-000-935.","inLanguage":"ro-RO","isPartOf":{"@id":"https:\/\/tabaccomd.com\/ro\/#website"},"breadcrumb":{"@id":"https:\/\/tabaccomd.com\/ro\/product\/zippo-rivet-peace-sign-spectrum-29435\/#breadcrumblist"},"image":{"@type":"ImageObject","url":"https:\/\/tabaccomd.com\/wp-content\/uploads\/2025\/04\/29435-151-Zippo-Rivet-Peace-Sign-Spectrum-1.jpg","@id":"https:\/\/tabaccomd.com\/ro\/product\/zippo-rivet-peace-sign-spectrum-29435\/#mainImage","width":1200,"height":1200},"primaryImageOfPage":{"@id":"https:\/\/tabaccomd.com\/ro\/product\/zippo-rivet-peace-sign-spectrum-29435\/#mainImage"},"datePublished":"2025-04-07T15:32:17+03:00","dateModified":"2025-11-11T18:11:43+03:00"},{"@type":"WebSite","@id":"https:\/\/tabaccomd.com\/ro\/#website","url":"https:\/\/tabaccomd.com\/ro\/","name":"Tabacco House","alternateName":"tobaccomd.com","description":"\u041c\u0430\u0433\u0430\u0437\u0438\u043d \u0442\u0430\u0431\u0430\u0447\u043d\u044b\u0445 \u0438\u0437\u0434\u0435\u043b\u0438\u0439","inLanguage":"ro-RO","publisher":{"@id":"https:\/\/tabaccomd.com\/ro\/#organization"}}]},"og:locale":"ro_RO","og:site_name":"Tabacco House \u2013 \u041c\u0430\u0433\u0430\u0437\u0438\u043d \u0442\u0430\u0431\u0430\u0447\u043d\u044b\u0445 \u0438\u0437\u0434\u0435\u043b\u0438\u0439","og:type":"article","og:title":"29435 151 Zippo Rivet Peace Sign Spectrum \u2013 Tabacco House","og:description":"Bricheta Zippo Rivet Peace Sign Spectrum 29435 este durabil\u0103, re\u00eenc\u0103rcabil\u0103 \u0219i vine cu garan\u021bie pe via\u021b\u0103. Cump\u0103r\u0103 o brichet\u0103 Zippo \u00een Chi\u0219in\u0103u la \u260e061-000-935.","og:url":"https:\/\/tabaccomd.com\/ro\/product\/zippo-rivet-peace-sign-spectrum-29435\/","article:published_time":"2025-04-07T12:32:17+00:00","article:modified_time":"2025-11-11T15:11:43+00:00","article:publisher":"https:\/\/www.facebook.com\/tabaccomd.com\/","twitter:card":"summary_large_image","twitter:title":"29435 151 Zippo Rivet Peace Sign Spectrum \u2013 Tabacco House","twitter:description":"Bricheta Zippo Rivet Peace Sign Spectrum 29435 este durabil\u0103, re\u00eenc\u0103rcabil\u0103 \u0219i vine cu garan\u021bie pe via\u021b\u0103. Cump\u0103r\u0103 o brichet\u0103 Zippo \u00een Chi\u0219in\u0103u la \u260e061-000-935."},"aioseo_meta_data":{"post_id":"18735","title":null,"description":"Bricheta Zippo Rivet Peace Sign Spectrum 29435 este durabil\u0103, re\u00eenc\u0103rcabil\u0103 \u0219i vine cu garan\u021bie pe via\u021b\u0103. Cump\u0103r\u0103 o brichet\u0103 Zippo \u00een Chi\u0219in\u0103u la \u260e061-000-935. ","keywords":null,"keyphrases":{"focus":{"keyphrase":"\u0417\u0430\u0436\u0438\u0433\u0430\u043b\u043a\u0430 Zippo Rivet Peace Sign Spectrum 29435","score":44,"analysis":{"keyphraseInTitle":{"score":3,"maxScore":9,"error":1},"keyphraseInDescription":{"score":9,"maxScore":9,"error":0},"keyphraseLength":{"score":6,"maxScore":9,"error":1,"length":6},"keyphraseInURL":{"score":1,"maxScore":5,"error":1},"keyphraseInIntroduction":{"score":3,"maxScore":9,"error":1},"keyphraseInSubHeadings":[],"keyphraseInImageAlt":[],"keywordDensity":{"score":0,"type":"low","maxScore":9,"error":1}}},"additional":[]},"primary_term":null,"canonical_url":null,"og_title":null,"og_description":null,"og_object_type":"default","og_image_type":"default","og_image_url":null,"og_image_width":null,"og_image_height":null,"og_image_custom_url":null,"og_image_custom_fields":null,"og_video":"","og_custom_url":null,"og_article_section":null,"og_article_tags":null,"twitter_use_og":false,"twitter_card":"default","twitter_image_type":"default","twitter_image_url":null,"twitter_image_custom_url":null,"twitter_image_custom_fields":null,"twitter_title":null,"twitter_description":null,"schema":{"blockGraphs":[],"customGraphs":[],"default":{"data":{"Article":[],"Course":[],"Dataset":[],"FAQPage":[],"Movie":[],"Person":[],"Product":[],"ProductReview":[],"Car":[],"Recipe":[],"Service":[],"SoftwareApplication":[],"WebPage":[]},"graphName":"Product","isEnabled":true},"graphs":[]},"schema_type":"default","schema_type_options":null,"pillar_content":false,"robots_default":true,"robots_noindex":false,"robots_noarchive":false,"robots_nosnippet":false,"robots_nofollow":false,"robots_noimageindex":false,"robots_noodp":false,"robots_notranslate":false,"robots_max_snippet":"-1","robots_max_videopreview":"-1","robots_max_imagepreview":"large","priority":null,"frequency":"default","local_seo":null,"seo_analyzer_scan_date":"2025-11-11 15:09:55","breadcrumb_settings":null,"limit_modified_date":false,"reviewed_by":null,"open_ai":null,"ai":{"faqs":[],"keyPoints":[],"titles":[],"descriptions":[],"socialPosts":{"email":[],"linkedin":[],"twitter":[],"facebook":[],"instagram":[]}},"created":"2023-03-30 14:42:56","updated":"2025-11-11 15:20:46"},"aioseo_breadcrumb":"<div class=\"aioseo-breadcrumbs\"><span class=\"aioseo-breadcrumb\">\n\t<a href=\"https:\/\/tabaccomd.com\/ro\/\" title=\"\u0413\u043b\u0430\u0432\u043d\u0430\u044f\">\u0413\u043b\u0430\u0432\u043d\u0430\u044f<\/a>\n<\/span><span class=\"aioseo-breadcrumb-separator\">\u00bb<\/span><span class=\"aioseo-breadcrumb\">\n\t<a href=\"https:\/\/tabaccomd.com\/ro\/catalog\/\" title=\"Catalog\">Catalog<\/a>\n<\/span><span class=\"aioseo-breadcrumb-separator\">\u00bb<\/span><span class=\"aioseo-breadcrumb\">\n\t<a href=\"https:\/\/tabaccomd.com\/ro\/product-category\/brichete\/\" title=\"Brichete\">Brichete<\/a>\n<\/span><span class=\"aioseo-breadcrumb-separator\">\u00bb<\/span><span class=\"aioseo-breadcrumb\">\n\t<a href=\"https:\/\/tabaccomd.com\/ro\/product-category\/brichete\/brichete-zippo-2\/\" title=\"Brichete Zippo\">Brichete Zippo<\/a>\n<\/span><span class=\"aioseo-breadcrumb-separator\">\u00bb<\/span><span class=\"aioseo-breadcrumb\">\n\t29435 151 Zippo Rivet Peace Sign Spectrum\n<\/span><\/div>","aioseo_breadcrumb_json":[{"label":"\u0413\u043b\u0430\u0432\u043d\u0430\u044f","link":"https:\/\/tabaccomd.com\/ro\/"},{"label":"Catalog","link":"https:\/\/tabaccomd.com\/ro\/catalog\/"},{"label":"Brichete","link":"https:\/\/tabaccomd.com\/ro\/product-category\/brichete\/"},{"label":"Brichete Zippo","link":"https:\/\/tabaccomd.com\/ro\/product-category\/brichete\/brichete-zippo-2\/"},{"label":"29435 151 Zippo Rivet Peace Sign Spectrum","link":"https:\/\/tabaccomd.com\/ro\/product\/zippo-rivet-peace-sign-spectrum-29435\/"}],"images_for_1c":[{"url":"https:\/\/tabaccomd.com\/wp-content\/uploads\/2025\/04\/29435-151-Zippo-Rivet-Peace-Sign-Spectrum-1.jpg","type":"featured","alt":"29435-151-Zippo-Rivet-Peace-Sign-Spectrum-1","filename":"29435-151-Zippo-Rivet-Peace-Sign-Spectrum-1.jpg"},{"url":"https:\/\/tabaccomd.com\/wp-content\/uploads\/2025\/04\/29435-151-Zippo-Rivet-Peace-Sign-Spectrum.png","type":"gallery","alt":"29435-151-Zippo-Rivet-Peace-Sign-Spectrum","filename":"29435-151-Zippo-Rivet-Peace-Sign-Spectrum.png"},{"url":"https:\/\/tabaccomd.com\/wp-content\/uploads\/2025\/04\/29435-151-Zippo-Rivet-Peace-Sign-Spectrum-0.png","type":"gallery","alt":"29435-151-Zippo-Rivet-Peace-Sign-Spectrum-0","filename":"29435-151-Zippo-Rivet-Peace-Sign-Spectrum-0.png"},{"url":"https:\/\/tabaccomd.com\/wp-content\/uploads\/2025\/04\/29435-151-Zippo-Rivet-Peace-Sign-Spectrum-2.png","type":"gallery","alt":"29435-151-Zippo-Rivet-Peace-Sign-Spectrum-2","filename":"29435-151-Zippo-Rivet-Peace-Sign-Spectrum-2.png"}],"additional_data_1c":{"modified_date":"2025-11-11 18:11:43","permalink":"https:\/\/tabaccomd.com\/ro\/product\/zippo-rivet-peace-sign-spectrum-29435\/","stock_status":"instock","manage_stock":"no"},"_links":{"self":[{"href":"https:\/\/tabaccomd.com\/ro\/wp-json\/wp\/v2\/product\/18735","targetHints":{"allow":["GET"]}}],"collection":[{"href":"https:\/\/tabaccomd.com\/ro\/wp-json\/wp\/v2\/product"}],"about":[{"href":"https:\/\/tabaccomd.com\/ro\/wp-json\/wp\/v2\/types\/product"}],"wp:featuredmedia":[{"embeddable":true,"href":"https:\/\/tabaccomd.com\/ro\/wp-json\/wp\/v2\/media\/155230"}],"wp:attachment":[{"href":"https:\/\/tabaccomd.com\/ro\/wp-json\/wp\/v2\/media?parent=18735"}],"wp:term":[{"taxonomy":"product_brand","embeddable":true,"href":"https:\/\/tabaccomd.com\/ro\/wp-json\/wp\/v2\/product_brand?post=18735"},{"taxonomy":"product_cat","embeddable":true,"href":"https:\/\/tabaccomd.com\/ro\/wp-json\/wp\/v2\/product_cat?post=18735"},{"taxonomy":"product_tag","embeddable":true,"href":"https:\/\/tabaccomd.com\/ro\/wp-json\/wp\/v2\/product_tag?post=18735"}],"curies":[{"name":"wp","href":"https:\/\/api.w.org\/{rel}","templated":true}]}}