{"id":18565,"date":"2020-05-07T12:00:23","date_gmt":"2020-05-07T09:00:23","guid":{"rendered":"https:\/\/new124.tabaccomd.com\/product\/zippo-replica-24485-1941\/"},"modified":"2025-01-09T13:47:13","modified_gmt":"2025-01-09T10:47:13","slug":"zippo-replica-black-ice-24485-1941","status":"publish","type":"product","link":"https:\/\/tabaccomd.com\/ro\/product\/zippo-replica-black-ice-24485-1941\/","title":{"rendered":"24485 Zippo 1941 Replica\u2122 Black Ice"},"content":{"rendered":"<p>Aceast\u0103 carcas\u0103 Black Ice\u00ae 1941 Replica are caracteristici distinctive care o fac s\u0103 semene cu <a href=\"https:\/\/tabaccomd.com\/ro\/categorie-produs\/brichete\/brichete-zippo-2\/\">brichetele<\/a> Zippo originale produse \u00een 1941. Aceste caracteristici includ suprafe\u021be plane, margini ascu\u021bite \u0219i o balama cu patru foi care permite deschiderea \u0219i \u00eenchiderea carcasei. Aceast\u0103 carcas\u0103 elegant\u0103 este adesea folosit\u0103 de colec\u021bionari \u0219i de cei care apreciaz\u0103 istoria \u0219i designul brichetelor Zippo. Bricheta este v\u00e2ndut\u0103 \u00eentr-o cutie Zippo elegant\u0103 \u0219i frumoas\u0103 \u0219i va fi un cadou minunat pentru iubitorii de stil. Pentru o performan\u021b\u0103 optim\u0103, se recomand\u0103 s\u0103 alimenta\u021bi bricheta cu combustibil Zippo.<\/p>\n<p>Pute\u021bi achizi\u021biona bricheta 24485 Zippo 1941 Replica\u2122 Black Ice \u00een Moldova, Chi\u0219in\u0103u, \u00een re\u021beaua de magazine Tabacco House.<\/p>\n","protected":false},"excerpt":{"rendered":"<ul>\n<li>Corp Classic tradi\u021bional<\/li>\n<li>Garan\u021bie pe via\u021b\u0103<\/li>\n<li>Bricheta se livreaz\u0103 neumplut\u0103<\/li>\n<li>Recomand\u0103m alimentarea numai cu combustibil Zippo de \u00eenalt\u0103 calitate<\/li>\n<\/ul>\n","protected":false},"featured_media":145666,"template":"","meta":{"om_disable_all_campaigns":false,"_monsterinsights_skip_tracking":false,"_monsterinsights_sitenote_active":false,"_monsterinsights_sitenote_note":"","_monsterinsights_sitenote_category":0},"product_brand":[],"product_cat":[175],"product_tag":[],"class_list":{"0":"post-18565","1":"product","2":"type-product","3":"status-publish","4":"has-post-thumbnail","6":"product_cat-brichete-zippo-2","8":"first","9":"instock","10":"taxable","11":"shipping-taxable","12":"purchasable","13":"product-type-simple"},"aioseo_notices":[],"aioseo_head":"\n\t\t<!-- All in One SEO Pro 4.9.6.2 - aioseo.com -->\n\t<meta name=\"description\" content=\"Bricheta Zippo Replica\u2122 24485 1941 rezistent\u0103 \u00een timp, reutilizabil\u0103 \u0219i cu garan\u021bie pe via\u021b\u0103. Cump\u0103ra\u021bi un brichet\u0103 Zippo \u00een Chi\u0219in\u0103u. \u260e061-000-935.\" \/>\n\t<meta name=\"robots\" content=\"max-image-preview:large\" \/>\n\t<link rel=\"canonical\" href=\"https:\/\/tabaccomd.com\/ro\/product\/zippo-replica-black-ice-24485-1941\/\" \/>\n\t<meta name=\"generator\" content=\"All in One SEO Pro (AIOSEO) 4.9.6.2\" \/>\n\t\t<meta property=\"og:locale\" content=\"ro_RO\" \/>\n\t\t<meta property=\"og:site_name\" content=\"Tabacco House \u2013 \u041c\u0430\u0433\u0430\u0437\u0438\u043d \u0442\u0430\u0431\u0430\u0447\u043d\u044b\u0445 \u0438\u0437\u0434\u0435\u043b\u0438\u0439\" \/>\n\t\t<meta property=\"og:type\" content=\"article\" \/>\n\t\t<meta property=\"og:title\" content=\"24485 Zippo 1941 Replica\u2122 Black Ice \u2013 Tabacco House\" \/>\n\t\t<meta property=\"og:description\" content=\"Bricheta Zippo Replica\u2122 24485 1941 rezistent\u0103 \u00een timp, reutilizabil\u0103 \u0219i cu garan\u021bie pe via\u021b\u0103. Cump\u0103ra\u021bi un brichet\u0103 Zippo \u00een Chi\u0219in\u0103u. \u260e061-000-935.\" \/>\n\t\t<meta property=\"og:url\" content=\"https:\/\/tabaccomd.com\/ro\/product\/zippo-replica-black-ice-24485-1941\/\" \/>\n\t\t<meta property=\"article:published_time\" content=\"2020-05-07T09:00:23+00:00\" \/>\n\t\t<meta property=\"article:modified_time\" content=\"2025-01-09T10:47:13+00:00\" \/>\n\t\t<meta property=\"article:publisher\" content=\"https:\/\/www.facebook.com\/tabaccomd.com\/\" \/>\n\t\t<meta name=\"twitter:card\" content=\"summary_large_image\" \/>\n\t\t<meta name=\"twitter:title\" content=\"24485 Zippo 1941 Replica\u2122 Black Ice \u2013 Tabacco House\" \/>\n\t\t<meta name=\"twitter:description\" content=\"Bricheta Zippo Replica\u2122 24485 1941 rezistent\u0103 \u00een timp, reutilizabil\u0103 \u0219i cu garan\u021bie pe via\u021b\u0103. Cump\u0103ra\u021bi un brichet\u0103 Zippo \u00een Chi\u0219in\u0103u. \u260e061-000-935.\" \/>\n\t\t<script type=\"application\/ld+json\" class=\"aioseo-schema\">\n\t\t\t{\"@context\":\"https:\\\/\\\/schema.org\",\"@graph\":[{\"@type\":\"BreadcrumbList\",\"@id\":\"https:\\\/\\\/tabaccomd.com\\\/ro\\\/product\\\/zippo-replica-black-ice-24485-1941\\\/#breadcrumblist\",\"itemListElement\":[{\"@type\":\"ListItem\",\"@id\":\"https:\\\/\\\/tabaccomd.com\\\/ro\\\/#listItem\",\"position\":1,\"name\":\"\\u0413\\u043b\\u0430\\u0432\\u043d\\u0430\\u044f\",\"item\":\"https:\\\/\\\/tabaccomd.com\\\/ro\\\/\",\"nextItem\":{\"@type\":\"ListItem\",\"@id\":\"https:\\\/\\\/tabaccomd.com\\\/ro\\\/catalog\\\/#listItem\",\"name\":\"Catalog\"}},{\"@type\":\"ListItem\",\"@id\":\"https:\\\/\\\/tabaccomd.com\\\/ro\\\/catalog\\\/#listItem\",\"position\":2,\"name\":\"Catalog\",\"item\":\"https:\\\/\\\/tabaccomd.com\\\/ro\\\/catalog\\\/\",\"nextItem\":{\"@type\":\"ListItem\",\"@id\":\"https:\\\/\\\/tabaccomd.com\\\/ro\\\/product-category\\\/brichete\\\/#listItem\",\"name\":\"Brichete\"},\"previousItem\":{\"@type\":\"ListItem\",\"@id\":\"https:\\\/\\\/tabaccomd.com\\\/ro\\\/#listItem\",\"name\":\"\\u0413\\u043b\\u0430\\u0432\\u043d\\u0430\\u044f\"}},{\"@type\":\"ListItem\",\"@id\":\"https:\\\/\\\/tabaccomd.com\\\/ro\\\/product-category\\\/brichete\\\/#listItem\",\"position\":3,\"name\":\"Brichete\",\"item\":\"https:\\\/\\\/tabaccomd.com\\\/ro\\\/product-category\\\/brichete\\\/\",\"nextItem\":{\"@type\":\"ListItem\",\"@id\":\"https:\\\/\\\/tabaccomd.com\\\/ro\\\/product-category\\\/brichete\\\/brichete-zippo-2\\\/#listItem\",\"name\":\"Brichete Zippo\"},\"previousItem\":{\"@type\":\"ListItem\",\"@id\":\"https:\\\/\\\/tabaccomd.com\\\/ro\\\/catalog\\\/#listItem\",\"name\":\"Catalog\"}},{\"@type\":\"ListItem\",\"@id\":\"https:\\\/\\\/tabaccomd.com\\\/ro\\\/product-category\\\/brichete\\\/brichete-zippo-2\\\/#listItem\",\"position\":4,\"name\":\"Brichete Zippo\",\"item\":\"https:\\\/\\\/tabaccomd.com\\\/ro\\\/product-category\\\/brichete\\\/brichete-zippo-2\\\/\",\"nextItem\":{\"@type\":\"ListItem\",\"@id\":\"https:\\\/\\\/tabaccomd.com\\\/ro\\\/product\\\/zippo-replica-black-ice-24485-1941\\\/#listItem\",\"name\":\"24485 Zippo 1941 Replica\\u2122 Black Ice\"},\"previousItem\":{\"@type\":\"ListItem\",\"@id\":\"https:\\\/\\\/tabaccomd.com\\\/ro\\\/product-category\\\/brichete\\\/#listItem\",\"name\":\"Brichete\"}},{\"@type\":\"ListItem\",\"@id\":\"https:\\\/\\\/tabaccomd.com\\\/ro\\\/product\\\/zippo-replica-black-ice-24485-1941\\\/#listItem\",\"position\":5,\"name\":\"24485 Zippo 1941 Replica\\u2122 Black Ice\",\"previousItem\":{\"@type\":\"ListItem\",\"@id\":\"https:\\\/\\\/tabaccomd.com\\\/ro\\\/product-category\\\/brichete\\\/brichete-zippo-2\\\/#listItem\",\"name\":\"Brichete Zippo\"}}]},{\"@type\":\"Organization\",\"@id\":\"https:\\\/\\\/tabaccomd.com\\\/ro\\\/#organization\",\"name\":\"Tabacco House\",\"description\":\"\\u041c\\u0430\\u0433\\u0430\\u0437\\u0438\\u043d \\u0442\\u0430\\u0431\\u0430\\u0447\\u043d\\u044b\\u0445 \\u0438\\u0437\\u0434\\u0435\\u043b\\u0438\\u0439\",\"url\":\"https:\\\/\\\/tabaccomd.com\\\/ro\\\/\",\"email\":\"Office@cazacuhouse.com\",\"telephone\":\"+37361000935\",\"logo\":{\"@type\":\"ImageObject\",\"url\":\"https:\\\/\\\/tabaccomd.com\\\/wp-content\\\/uploads\\\/2024\\\/02\\\/logo_header3.png\",\"@id\":\"https:\\\/\\\/tabaccomd.com\\\/ro\\\/product\\\/zippo-replica-black-ice-24485-1941\\\/#organizationLogo\",\"width\":32,\"height\":32,\"caption\":\"Tabacco House\"},\"image\":{\"@id\":\"https:\\\/\\\/tabaccomd.com\\\/ro\\\/product\\\/zippo-replica-black-ice-24485-1941\\\/#organizationLogo\"},\"sameAs\":[\"https:\\\/\\\/www.facebook.com\\\/tabaccomd.com\\\/\",\"https:\\\/\\\/www.instagram.com\\\/tabaccomd.com\\\/\"],\"address\":{\"@id\":\"https:\\\/\\\/tabaccomd.com\\\/ro\\\/#postaladdress\",\"@type\":\"PostalAddress\",\"streetAddress\":\"Strada Albi\\u015foara 4, Chi\\u0219in\\u0103u, Bulevardul \\u0218tefan cel Mare \\u0219i Sf\\u00eent 136, Chi\\u0219in\\u0103u\",\"addressLocality\":\"Chi\\u0219in\\u0103u\",\"addressCountry\":\"MD\"}},{\"@type\":\"Product\",\"@id\":\"https:\\\/\\\/tabaccomd.com\\\/ro\\\/product\\\/zippo-replica-black-ice-24485-1941\\\/#wooCommerceProduct\",\"name\":\"24485 Zippo 1941 Replica\\u2122 Black Ice\",\"description\":\"Corp Classic tradi\\u021bional\\r\\n \\tGaran\\u021bie pe via\\u021b\\u0103\\r\\n \\tBricheta se livreaz\\u0103 neumplut\\u0103\\r\\n \\tRecomand\\u0103m alimentarea numai cu combustibil Zippo de \\u00eenalt\\u0103 calitate\",\"url\":\"https:\\\/\\\/tabaccomd.com\\\/ro\\\/product\\\/zippo-replica-black-ice-24485-1941\\\/\",\"sku\":\"24485\",\"image\":{\"@type\":\"ImageObject\",\"url\":\"https:\\\/\\\/tabaccomd.com\\\/wp-content\\\/uploads\\\/2020\\\/05\\\/zippo-1941-replica-black-ice.jpeg\",\"@id\":\"https:\\\/\\\/tabaccomd.com\\\/ro\\\/product\\\/zippo-replica-black-ice-24485-1941\\\/#productImage\",\"width\":1200,\"height\":1200,\"caption\":\"zippo-1941-replica-black-ice\"},\"offers\":{\"@type\":\"Offer\",\"url\":\"https:\\\/\\\/tabaccomd.com\\\/ro\\\/product\\\/zippo-replica-black-ice-24485-1941\\\/#wooCommerceOffer\",\"price\":900,\"priceCurrency\":\"MDL\",\"category\":\"Brichete Zippo\",\"availability\":\"https:\\\/\\\/schema.org\\\/InStock\",\"priceSpecification\":{\"@type\":\"PriceSpecification\",\"price\":900,\"priceCurrency\":\"MDL\",\"valueAddedTaxIncluded\":\"true\"},\"seller\":{\"@type\":\"Organization\",\"@id\":\"https:\\\/\\\/tabaccomd.com\\\/ro\\\/#organization\"}}},{\"@type\":\"WebPage\",\"@id\":\"https:\\\/\\\/tabaccomd.com\\\/ro\\\/product\\\/zippo-replica-black-ice-24485-1941\\\/#webpage\",\"url\":\"https:\\\/\\\/tabaccomd.com\\\/ro\\\/product\\\/zippo-replica-black-ice-24485-1941\\\/\",\"name\":\"24485 Zippo 1941 Replica\\u2122 Black Ice \\u2013 Tabacco House\",\"description\":\"Bricheta Zippo Replica\\u2122 24485 1941 rezistent\\u0103 \\u00een timp, reutilizabil\\u0103 \\u0219i cu garan\\u021bie pe via\\u021b\\u0103. Cump\\u0103ra\\u021bi un brichet\\u0103 Zippo \\u00een Chi\\u0219in\\u0103u. \\u260e061-000-935.\",\"inLanguage\":\"ro-RO\",\"isPartOf\":{\"@id\":\"https:\\\/\\\/tabaccomd.com\\\/ro\\\/#website\"},\"breadcrumb\":{\"@id\":\"https:\\\/\\\/tabaccomd.com\\\/ro\\\/product\\\/zippo-replica-black-ice-24485-1941\\\/#breadcrumblist\"},\"image\":{\"@type\":\"ImageObject\",\"url\":\"https:\\\/\\\/tabaccomd.com\\\/wp-content\\\/uploads\\\/2020\\\/05\\\/zippo-1941-replica-black-ice.jpeg\",\"@id\":\"https:\\\/\\\/tabaccomd.com\\\/ro\\\/product\\\/zippo-replica-black-ice-24485-1941\\\/#mainImage\",\"width\":1200,\"height\":1200,\"caption\":\"zippo-1941-replica-black-ice\"},\"primaryImageOfPage\":{\"@id\":\"https:\\\/\\\/tabaccomd.com\\\/ro\\\/product\\\/zippo-replica-black-ice-24485-1941\\\/#mainImage\"},\"datePublished\":\"2020-05-07T12:00:23+03:00\",\"dateModified\":\"2025-01-09T13:47:13+03:00\"},{\"@type\":\"WebSite\",\"@id\":\"https:\\\/\\\/tabaccomd.com\\\/ro\\\/#website\",\"url\":\"https:\\\/\\\/tabaccomd.com\\\/ro\\\/\",\"name\":\"Tabacco House\",\"alternateName\":\"tobaccomd.com\",\"description\":\"\\u041c\\u0430\\u0433\\u0430\\u0437\\u0438\\u043d \\u0442\\u0430\\u0431\\u0430\\u0447\\u043d\\u044b\\u0445 \\u0438\\u0437\\u0434\\u0435\\u043b\\u0438\\u0439\",\"inLanguage\":\"ro-RO\",\"publisher\":{\"@id\":\"https:\\\/\\\/tabaccomd.com\\\/ro\\\/#organization\"}}]}\n\t\t<\/script>\n\t\t<!-- All in One SEO Pro -->\r\n\t\t<title>24485 Zippo 1941 Replica\u2122 Black Ice \u2013 Tabacco House<\/title>\n\n","aioseo_head_json":{"title":"24485 Zippo 1941 Replica\u2122 Black Ice \u2013 Tabacco House","description":"Bricheta Zippo Replica\u2122 24485 1941 rezistent\u0103 \u00een timp, reutilizabil\u0103 \u0219i cu garan\u021bie pe via\u021b\u0103. Cump\u0103ra\u021bi un brichet\u0103 Zippo \u00een Chi\u0219in\u0103u. \u260e061-000-935.","canonical_url":"https:\/\/tabaccomd.com\/ro\/product\/zippo-replica-black-ice-24485-1941\/","robots":"max-image-preview:large","keywords":"","webmasterTools":{"miscellaneous":""},"schema":{"@context":"https:\/\/schema.org","@graph":[{"@type":"BreadcrumbList","@id":"https:\/\/tabaccomd.com\/ro\/product\/zippo-replica-black-ice-24485-1941\/#breadcrumblist","itemListElement":[{"@type":"ListItem","@id":"https:\/\/tabaccomd.com\/ro\/#listItem","position":1,"name":"\u0413\u043b\u0430\u0432\u043d\u0430\u044f","item":"https:\/\/tabaccomd.com\/ro\/","nextItem":{"@type":"ListItem","@id":"https:\/\/tabaccomd.com\/ro\/catalog\/#listItem","name":"Catalog"}},{"@type":"ListItem","@id":"https:\/\/tabaccomd.com\/ro\/catalog\/#listItem","position":2,"name":"Catalog","item":"https:\/\/tabaccomd.com\/ro\/catalog\/","nextItem":{"@type":"ListItem","@id":"https:\/\/tabaccomd.com\/ro\/product-category\/brichete\/#listItem","name":"Brichete"},"previousItem":{"@type":"ListItem","@id":"https:\/\/tabaccomd.com\/ro\/#listItem","name":"\u0413\u043b\u0430\u0432\u043d\u0430\u044f"}},{"@type":"ListItem","@id":"https:\/\/tabaccomd.com\/ro\/product-category\/brichete\/#listItem","position":3,"name":"Brichete","item":"https:\/\/tabaccomd.com\/ro\/product-category\/brichete\/","nextItem":{"@type":"ListItem","@id":"https:\/\/tabaccomd.com\/ro\/product-category\/brichete\/brichete-zippo-2\/#listItem","name":"Brichete Zippo"},"previousItem":{"@type":"ListItem","@id":"https:\/\/tabaccomd.com\/ro\/catalog\/#listItem","name":"Catalog"}},{"@type":"ListItem","@id":"https:\/\/tabaccomd.com\/ro\/product-category\/brichete\/brichete-zippo-2\/#listItem","position":4,"name":"Brichete Zippo","item":"https:\/\/tabaccomd.com\/ro\/product-category\/brichete\/brichete-zippo-2\/","nextItem":{"@type":"ListItem","@id":"https:\/\/tabaccomd.com\/ro\/product\/zippo-replica-black-ice-24485-1941\/#listItem","name":"24485 Zippo 1941 Replica\u2122 Black Ice"},"previousItem":{"@type":"ListItem","@id":"https:\/\/tabaccomd.com\/ro\/product-category\/brichete\/#listItem","name":"Brichete"}},{"@type":"ListItem","@id":"https:\/\/tabaccomd.com\/ro\/product\/zippo-replica-black-ice-24485-1941\/#listItem","position":5,"name":"24485 Zippo 1941 Replica\u2122 Black Ice","previousItem":{"@type":"ListItem","@id":"https:\/\/tabaccomd.com\/ro\/product-category\/brichete\/brichete-zippo-2\/#listItem","name":"Brichete Zippo"}}]},{"@type":"Organization","@id":"https:\/\/tabaccomd.com\/ro\/#organization","name":"Tabacco House","description":"\u041c\u0430\u0433\u0430\u0437\u0438\u043d \u0442\u0430\u0431\u0430\u0447\u043d\u044b\u0445 \u0438\u0437\u0434\u0435\u043b\u0438\u0439","url":"https:\/\/tabaccomd.com\/ro\/","email":"Office@cazacuhouse.com","telephone":"+37361000935","logo":{"@type":"ImageObject","url":"https:\/\/tabaccomd.com\/wp-content\/uploads\/2024\/02\/logo_header3.png","@id":"https:\/\/tabaccomd.com\/ro\/product\/zippo-replica-black-ice-24485-1941\/#organizationLogo","width":32,"height":32,"caption":"Tabacco House"},"image":{"@id":"https:\/\/tabaccomd.com\/ro\/product\/zippo-replica-black-ice-24485-1941\/#organizationLogo"},"sameAs":["https:\/\/www.facebook.com\/tabaccomd.com\/","https:\/\/www.instagram.com\/tabaccomd.com\/"],"address":{"@id":"https:\/\/tabaccomd.com\/ro\/#postaladdress","@type":"PostalAddress","streetAddress":"Strada Albi\u015foara 4, Chi\u0219in\u0103u, Bulevardul \u0218tefan cel Mare \u0219i Sf\u00eent 136, Chi\u0219in\u0103u","addressLocality":"Chi\u0219in\u0103u","addressCountry":"MD"}},{"@type":"Product","@id":"https:\/\/tabaccomd.com\/ro\/product\/zippo-replica-black-ice-24485-1941\/#wooCommerceProduct","name":"24485 Zippo 1941 Replica\u2122 Black Ice","description":"Corp Classic tradi\u021bional\r\n \tGaran\u021bie pe via\u021b\u0103\r\n \tBricheta se livreaz\u0103 neumplut\u0103\r\n \tRecomand\u0103m alimentarea numai cu combustibil Zippo de \u00eenalt\u0103 calitate","url":"https:\/\/tabaccomd.com\/ro\/product\/zippo-replica-black-ice-24485-1941\/","sku":"24485","image":{"@type":"ImageObject","url":"https:\/\/tabaccomd.com\/wp-content\/uploads\/2020\/05\/zippo-1941-replica-black-ice.jpeg","@id":"https:\/\/tabaccomd.com\/ro\/product\/zippo-replica-black-ice-24485-1941\/#productImage","width":1200,"height":1200,"caption":"zippo-1941-replica-black-ice"},"offers":{"@type":"Offer","url":"https:\/\/tabaccomd.com\/ro\/product\/zippo-replica-black-ice-24485-1941\/#wooCommerceOffer","price":900,"priceCurrency":"MDL","category":"Brichete Zippo","availability":"https:\/\/schema.org\/InStock","priceSpecification":{"@type":"PriceSpecification","price":900,"priceCurrency":"MDL","valueAddedTaxIncluded":"true"},"seller":{"@type":"Organization","@id":"https:\/\/tabaccomd.com\/ro\/#organization"}}},{"@type":"WebPage","@id":"https:\/\/tabaccomd.com\/ro\/product\/zippo-replica-black-ice-24485-1941\/#webpage","url":"https:\/\/tabaccomd.com\/ro\/product\/zippo-replica-black-ice-24485-1941\/","name":"24485 Zippo 1941 Replica\u2122 Black Ice \u2013 Tabacco House","description":"Bricheta Zippo Replica\u2122 24485 1941 rezistent\u0103 \u00een timp, reutilizabil\u0103 \u0219i cu garan\u021bie pe via\u021b\u0103. Cump\u0103ra\u021bi un brichet\u0103 Zippo \u00een Chi\u0219in\u0103u. \u260e061-000-935.","inLanguage":"ro-RO","isPartOf":{"@id":"https:\/\/tabaccomd.com\/ro\/#website"},"breadcrumb":{"@id":"https:\/\/tabaccomd.com\/ro\/product\/zippo-replica-black-ice-24485-1941\/#breadcrumblist"},"image":{"@type":"ImageObject","url":"https:\/\/tabaccomd.com\/wp-content\/uploads\/2020\/05\/zippo-1941-replica-black-ice.jpeg","@id":"https:\/\/tabaccomd.com\/ro\/product\/zippo-replica-black-ice-24485-1941\/#mainImage","width":1200,"height":1200,"caption":"zippo-1941-replica-black-ice"},"primaryImageOfPage":{"@id":"https:\/\/tabaccomd.com\/ro\/product\/zippo-replica-black-ice-24485-1941\/#mainImage"},"datePublished":"2020-05-07T12:00:23+03:00","dateModified":"2025-01-09T13:47:13+03:00"},{"@type":"WebSite","@id":"https:\/\/tabaccomd.com\/ro\/#website","url":"https:\/\/tabaccomd.com\/ro\/","name":"Tabacco House","alternateName":"tobaccomd.com","description":"\u041c\u0430\u0433\u0430\u0437\u0438\u043d \u0442\u0430\u0431\u0430\u0447\u043d\u044b\u0445 \u0438\u0437\u0434\u0435\u043b\u0438\u0439","inLanguage":"ro-RO","publisher":{"@id":"https:\/\/tabaccomd.com\/ro\/#organization"}}]},"og:locale":"ro_RO","og:site_name":"Tabacco House \u2013 \u041c\u0430\u0433\u0430\u0437\u0438\u043d \u0442\u0430\u0431\u0430\u0447\u043d\u044b\u0445 \u0438\u0437\u0434\u0435\u043b\u0438\u0439","og:type":"article","og:title":"24485 Zippo 1941 Replica\u2122 Black Ice \u2013 Tabacco House","og:description":"Bricheta Zippo Replica\u2122 24485 1941 rezistent\u0103 \u00een timp, reutilizabil\u0103 \u0219i cu garan\u021bie pe via\u021b\u0103. Cump\u0103ra\u021bi un brichet\u0103 Zippo \u00een Chi\u0219in\u0103u. \u260e061-000-935.","og:url":"https:\/\/tabaccomd.com\/ro\/product\/zippo-replica-black-ice-24485-1941\/","article:published_time":"2020-05-07T09:00:23+00:00","article:modified_time":"2025-01-09T10:47:13+00:00","article:publisher":"https:\/\/www.facebook.com\/tabaccomd.com\/","twitter:card":"summary_large_image","twitter:title":"24485 Zippo 1941 Replica\u2122 Black Ice \u2013 Tabacco House","twitter:description":"Bricheta Zippo Replica\u2122 24485 1941 rezistent\u0103 \u00een timp, reutilizabil\u0103 \u0219i cu garan\u021bie pe via\u021b\u0103. Cump\u0103ra\u021bi un brichet\u0103 Zippo \u00een Chi\u0219in\u0103u. \u260e061-000-935."},"aioseo_meta_data":{"post_id":"18565","title":null,"description":"Bricheta Zippo Replica\u2122 24485 1941 rezistent\u0103 \u00een timp, reutilizabil\u0103 \u0219i cu garan\u021bie pe via\u021b\u0103. Cump\u0103ra\u021bi un brichet\u0103 Zippo \u00een Chi\u0219in\u0103u. \u260e061-000-935.","keywords":[],"keyphrases":{"focus":{"keyphrase":" Bricheta Zippo Replica\u2122 24485 1941","score":61,"analysis":{"keyphraseInTitle":{"score":3,"maxScore":9,"error":1},"keyphraseInDescription":{"score":9,"maxScore":9,"error":0},"keyphraseLength":{"score":9,"maxScore":9,"error":0,"length":3},"keyphraseInURL":{"score":1,"maxScore":5,"error":1},"keyphraseInIntroduction":{"score":3,"maxScore":9,"error":1},"keyphraseInSubHeadings":[],"keyphraseInImageAlt":[]}},"additional":[]},"primary_term":null,"canonical_url":null,"og_title":null,"og_description":null,"og_object_type":"default","og_image_type":"default","og_image_url":null,"og_image_width":null,"og_image_height":null,"og_image_custom_url":null,"og_image_custom_fields":null,"og_video":"","og_custom_url":null,"og_article_section":null,"og_article_tags":[],"twitter_use_og":false,"twitter_card":"default","twitter_image_type":"default","twitter_image_url":null,"twitter_image_custom_url":null,"twitter_image_custom_fields":null,"twitter_title":null,"twitter_description":null,"schema":{"blockGraphs":[],"customGraphs":[],"default":{"data":{"Article":[],"Course":[],"Dataset":[],"FAQPage":[],"Movie":[],"Person":[],"Product":[],"ProductReview":[],"Car":[],"Recipe":[],"Service":[],"SoftwareApplication":[],"WebPage":[]},"graphName":"","isEnabled":true},"graphs":[]},"schema_type":"default","schema_type_options":null,"pillar_content":false,"robots_default":true,"robots_noindex":false,"robots_noarchive":false,"robots_nosnippet":false,"robots_nofollow":false,"robots_noimageindex":false,"robots_noodp":false,"robots_notranslate":false,"robots_max_snippet":"-1","robots_max_videopreview":"-1","robots_max_imagepreview":"large","priority":0,"frequency":"default","local_seo":null,"seo_analyzer_scan_date":"2025-10-19 17:34:34","breadcrumb_settings":null,"limit_modified_date":false,"reviewed_by":null,"open_ai":null,"ai":null,"created":"2023-03-30 14:46:30","updated":"2025-10-19 17:34:34"},"aioseo_breadcrumb":"<div class=\"aioseo-breadcrumbs\"><span class=\"aioseo-breadcrumb\">\n\t<a href=\"https:\/\/tabaccomd.com\/ro\/\" title=\"\u0413\u043b\u0430\u0432\u043d\u0430\u044f\">\u0413\u043b\u0430\u0432\u043d\u0430\u044f<\/a>\n<\/span><span class=\"aioseo-breadcrumb-separator\">\u00bb<\/span><span class=\"aioseo-breadcrumb\">\n\t<a href=\"https:\/\/tabaccomd.com\/ro\/catalog\/\" title=\"Catalog\">Catalog<\/a>\n<\/span><span class=\"aioseo-breadcrumb-separator\">\u00bb<\/span><span class=\"aioseo-breadcrumb\">\n\t<a href=\"https:\/\/tabaccomd.com\/ro\/product-category\/brichete\/\" title=\"Brichete\">Brichete<\/a>\n<\/span><span class=\"aioseo-breadcrumb-separator\">\u00bb<\/span><span class=\"aioseo-breadcrumb\">\n\t<a href=\"https:\/\/tabaccomd.com\/ro\/product-category\/brichete\/brichete-zippo-2\/\" title=\"Brichete Zippo\">Brichete Zippo<\/a>\n<\/span><span class=\"aioseo-breadcrumb-separator\">\u00bb<\/span><span class=\"aioseo-breadcrumb\">\n\t24485 Zippo 1941 Replica\u2122 Black Ice\n<\/span><\/div>","aioseo_breadcrumb_json":[{"label":"\u0413\u043b\u0430\u0432\u043d\u0430\u044f","link":"https:\/\/tabaccomd.com\/ro\/"},{"label":"Catalog","link":"https:\/\/tabaccomd.com\/ro\/catalog\/"},{"label":"Brichete","link":"https:\/\/tabaccomd.com\/ro\/product-category\/brichete\/"},{"label":"Brichete Zippo","link":"https:\/\/tabaccomd.com\/ro\/product-category\/brichete\/brichete-zippo-2\/"},{"label":"24485 Zippo 1941 Replica\u2122 Black Ice","link":"https:\/\/tabaccomd.com\/ro\/product\/zippo-replica-black-ice-24485-1941\/"}],"images_for_1c":[{"url":"https:\/\/tabaccomd.com\/wp-content\/uploads\/2020\/05\/zippo-1941-replica-black-ice.jpeg","type":"featured","alt":"zippo-1941-replica-black-ice","filename":"zippo-1941-replica-black-ice.jpeg"},{"url":"https:\/\/tabaccomd.com\/wp-content\/uploads\/2020\/05\/zippo-24485.jpg","type":"gallery","alt":"zippo 24485","filename":"zippo-24485.jpg"},{"url":"https:\/\/tabaccomd.com\/wp-content\/uploads\/2020\/05\/zippo-24485-1.jpg","type":"gallery","alt":"zippo 24485 (1)","filename":"zippo-24485-1.jpg"}],"additional_data_1c":{"modified_date":"2025-01-09 13:47:13","permalink":"https:\/\/tabaccomd.com\/ro\/product\/zippo-replica-black-ice-24485-1941\/","stock_status":"instock","manage_stock":"no"},"_links":{"self":[{"href":"https:\/\/tabaccomd.com\/ro\/wp-json\/wp\/v2\/product\/18565","targetHints":{"allow":["GET"]}}],"collection":[{"href":"https:\/\/tabaccomd.com\/ro\/wp-json\/wp\/v2\/product"}],"about":[{"href":"https:\/\/tabaccomd.com\/ro\/wp-json\/wp\/v2\/types\/product"}],"wp:featuredmedia":[{"embeddable":true,"href":"https:\/\/tabaccomd.com\/ro\/wp-json\/wp\/v2\/media\/145666"}],"wp:attachment":[{"href":"https:\/\/tabaccomd.com\/ro\/wp-json\/wp\/v2\/media?parent=18565"}],"wp:term":[{"taxonomy":"product_brand","embeddable":true,"href":"https:\/\/tabaccomd.com\/ro\/wp-json\/wp\/v2\/product_brand?post=18565"},{"taxonomy":"product_cat","embeddable":true,"href":"https:\/\/tabaccomd.com\/ro\/wp-json\/wp\/v2\/product_cat?post=18565"},{"taxonomy":"product_tag","embeddable":true,"href":"https:\/\/tabaccomd.com\/ro\/wp-json\/wp\/v2\/product_tag?post=18565"}],"curies":[{"name":"wp","href":"https:\/\/api.w.org\/{rel}","templated":true}]}}