{"id":18558,"date":"2020-05-03T13:25:47","date_gmt":"2020-05-03T10:25:47","guid":{"rendered":"https:\/\/new124.tabaccomd.com\/product\/etui-trabucuri-jamar-464-2\/"},"modified":"2025-08-04T10:05:07","modified_gmt":"2025-08-04T07:05:07","slug":"husa-pentru-2-trabucuri-jemar-464-2","status":"publish","type":"product","link":"https:\/\/tabaccomd.com\/ro\/product\/husa-pentru-2-trabucuri-jemar-464-2\/","title":{"rendered":"Hus\u0103 pentru 2 trabucuri Jemar 464\/2"},"content":{"rendered":"<p data-start=\"0\" data-end=\"444\"><a href=\"https:\/\/tabaccomd.com\/ro\/categorie-produs\/trabucuri\/husa-pentru-trabucuri\/\">Husa<\/a> pentru trabucuri de la Jemar \u2014 un brand spaniol de prestigiu din Bilbao \u2014 reprezint\u0103 o solu\u021bie elegant\u0103 \u0219i practic\u0103 pentru p\u0103strarea \u0219i transportul trabucurilor. Produsul este realizat manual din piele de bivol rezistent\u0103, folosind tehnici tradi\u021bionale artizanale \u0219i agen\u021bi de t\u0103b\u0103cire vegetali, al\u0103turi de coloran\u021bi organici naturali. Aceast\u0103 abordare elimin\u0103 mirosurile str\u0103ine \u0219i contribuie la p\u0103strarea trabucurilor \u00een condi\u021bii optime. Husa este conceput\u0103 pentru dou\u0103 trabucuri cu o lungime de p\u00e2n\u0103 la 16\u202fcm \u0219i un diametru de p\u00e2n\u0103 la 2,1\u202fcm (ring gauge 53), fiind o alegere ideal\u0103 pentru formatele Robusto \u0219i Siglo IV. Livrat\u0103 \u00eentr-o cutie elegant\u0103 de cadou, este perfect\u0103 ca dar pentru un cunosc\u0103tor al accesoriilor de calitate destinate fumatului.<\/p>\n<p data-start=\"0\" data-end=\"444\">Pute\u021bi achizi\u021biona husa pentru 2 trabucuri Jemar 464\/2 \u00een Moldova, Chi\u0219in\u0103u, \u00een re\u021beaua de magazine Tabacco House.<\/p>\n","protected":false},"excerpt":{"rendered":"<ul>\n<li>\u021aara produc\u0103torului: Spania<\/li>\n<li>Produc\u0103tor: Jemar<\/li>\n<li>Capacitate: 2 trabucuri<\/li>\n<li>Lungime: 14 cm<\/li>\n<li>Diametrul trabucului: \u00d8\u202f 2,1 cm<\/li>\n<li>Culoare: Maro deschis<\/li>\n<li>Material: Piele natural\u0103<\/li>\n<\/ul>\n","protected":false},"featured_media":151232,"template":"","meta":{"om_disable_all_campaigns":false,"_monsterinsights_skip_tracking":false,"_monsterinsights_sitenote_active":false,"_monsterinsights_sitenote_note":"","_monsterinsights_sitenote_category":0},"product_brand":[],"product_cat":[168],"product_tag":[],"class_list":{"0":"post-18558","1":"product","2":"type-product","3":"status-publish","4":"has-post-thumbnail","6":"product_cat-husa-pentru-trabucuri","8":"first","9":"instock","10":"taxable","11":"shipping-taxable","12":"purchasable","13":"product-type-simple"},"aioseo_notices":[],"aioseo_head":"\n\t\t<!-- All in One SEO Pro 4.9.6.2 - aioseo.com -->\n\t<meta name=\"robots\" content=\"max-image-preview:large\" \/>\n\t<link rel=\"canonical\" href=\"https:\/\/tabaccomd.com\/ro\/product\/husa-pentru-2-trabucuri-jemar-464-2\/\" \/>\n\t<meta name=\"generator\" content=\"All in One SEO Pro (AIOSEO) 4.9.6.2\" \/>\n\t\t<meta property=\"og:locale\" content=\"ro_RO\" \/>\n\t\t<meta property=\"og:site_name\" content=\"Tabacco House \u2013 \u041c\u0430\u0433\u0430\u0437\u0438\u043d \u0442\u0430\u0431\u0430\u0447\u043d\u044b\u0445 \u0438\u0437\u0434\u0435\u043b\u0438\u0439\" \/>\n\t\t<meta property=\"og:type\" content=\"article\" \/>\n\t\t<meta property=\"og:title\" content=\"Hus\u0103 pentru 2 trabucuri Jemar 464\/2 \u2013 Tabacco House\" \/>\n\t\t<meta property=\"og:url\" content=\"https:\/\/tabaccomd.com\/ro\/product\/husa-pentru-2-trabucuri-jemar-464-2\/\" \/>\n\t\t<meta property=\"article:published_time\" content=\"2020-05-03T10:25:47+00:00\" \/>\n\t\t<meta property=\"article:modified_time\" content=\"2025-08-04T07:05:07+00:00\" \/>\n\t\t<meta property=\"article:publisher\" content=\"https:\/\/www.facebook.com\/tabaccomd.com\/\" \/>\n\t\t<meta name=\"twitter:card\" content=\"summary_large_image\" \/>\n\t\t<meta name=\"twitter:title\" content=\"Hus\u0103 pentru 2 trabucuri Jemar 464\/2 \u2013 Tabacco House\" \/>\n\t\t<script type=\"application\/ld+json\" class=\"aioseo-schema\">\n\t\t\t{\"@context\":\"https:\\\/\\\/schema.org\",\"@graph\":[{\"@type\":\"BreadcrumbList\",\"@id\":\"https:\\\/\\\/tabaccomd.com\\\/ro\\\/product\\\/husa-pentru-2-trabucuri-jemar-464-2\\\/#breadcrumblist\",\"itemListElement\":[{\"@type\":\"ListItem\",\"@id\":\"https:\\\/\\\/tabaccomd.com\\\/ro\\\/#listItem\",\"position\":1,\"name\":\"\\u0413\\u043b\\u0430\\u0432\\u043d\\u0430\\u044f\",\"item\":\"https:\\\/\\\/tabaccomd.com\\\/ro\\\/\",\"nextItem\":{\"@type\":\"ListItem\",\"@id\":\"https:\\\/\\\/tabaccomd.com\\\/ro\\\/catalog\\\/#listItem\",\"name\":\"Catalog\"}},{\"@type\":\"ListItem\",\"@id\":\"https:\\\/\\\/tabaccomd.com\\\/ro\\\/catalog\\\/#listItem\",\"position\":2,\"name\":\"Catalog\",\"item\":\"https:\\\/\\\/tabaccomd.com\\\/ro\\\/catalog\\\/\",\"nextItem\":{\"@type\":\"ListItem\",\"@id\":\"https:\\\/\\\/tabaccomd.com\\\/ro\\\/product-category\\\/trabucuri\\\/#listItem\",\"name\":\"Trabucuri\"},\"previousItem\":{\"@type\":\"ListItem\",\"@id\":\"https:\\\/\\\/tabaccomd.com\\\/ro\\\/#listItem\",\"name\":\"\\u0413\\u043b\\u0430\\u0432\\u043d\\u0430\\u044f\"}},{\"@type\":\"ListItem\",\"@id\":\"https:\\\/\\\/tabaccomd.com\\\/ro\\\/product-category\\\/trabucuri\\\/#listItem\",\"position\":3,\"name\":\"Trabucuri\",\"item\":\"https:\\\/\\\/tabaccomd.com\\\/ro\\\/product-category\\\/trabucuri\\\/\",\"nextItem\":{\"@type\":\"ListItem\",\"@id\":\"https:\\\/\\\/tabaccomd.com\\\/ro\\\/product-category\\\/trabucuri\\\/husa-pentru-trabucuri\\\/#listItem\",\"name\":\"Hus\\u0103 pentru trabucuri\"},\"previousItem\":{\"@type\":\"ListItem\",\"@id\":\"https:\\\/\\\/tabaccomd.com\\\/ro\\\/catalog\\\/#listItem\",\"name\":\"Catalog\"}},{\"@type\":\"ListItem\",\"@id\":\"https:\\\/\\\/tabaccomd.com\\\/ro\\\/product-category\\\/trabucuri\\\/husa-pentru-trabucuri\\\/#listItem\",\"position\":4,\"name\":\"Hus\\u0103 pentru trabucuri\",\"item\":\"https:\\\/\\\/tabaccomd.com\\\/ro\\\/product-category\\\/trabucuri\\\/husa-pentru-trabucuri\\\/\",\"nextItem\":{\"@type\":\"ListItem\",\"@id\":\"https:\\\/\\\/tabaccomd.com\\\/ro\\\/product\\\/husa-pentru-2-trabucuri-jemar-464-2\\\/#listItem\",\"name\":\"Hus\\u0103 pentru 2 trabucuri Jemar 464\\\/2\"},\"previousItem\":{\"@type\":\"ListItem\",\"@id\":\"https:\\\/\\\/tabaccomd.com\\\/ro\\\/product-category\\\/trabucuri\\\/#listItem\",\"name\":\"Trabucuri\"}},{\"@type\":\"ListItem\",\"@id\":\"https:\\\/\\\/tabaccomd.com\\\/ro\\\/product\\\/husa-pentru-2-trabucuri-jemar-464-2\\\/#listItem\",\"position\":5,\"name\":\"Hus\\u0103 pentru 2 trabucuri Jemar 464\\\/2\",\"previousItem\":{\"@type\":\"ListItem\",\"@id\":\"https:\\\/\\\/tabaccomd.com\\\/ro\\\/product-category\\\/trabucuri\\\/husa-pentru-trabucuri\\\/#listItem\",\"name\":\"Hus\\u0103 pentru trabucuri\"}}]},{\"@type\":\"Organization\",\"@id\":\"https:\\\/\\\/tabaccomd.com\\\/ro\\\/#organization\",\"name\":\"Tabacco House\",\"description\":\"\\u041c\\u0430\\u0433\\u0430\\u0437\\u0438\\u043d \\u0442\\u0430\\u0431\\u0430\\u0447\\u043d\\u044b\\u0445 \\u0438\\u0437\\u0434\\u0435\\u043b\\u0438\\u0439\",\"url\":\"https:\\\/\\\/tabaccomd.com\\\/ro\\\/\",\"email\":\"Office@cazacuhouse.com\",\"telephone\":\"+37361000935\",\"logo\":{\"@type\":\"ImageObject\",\"url\":\"https:\\\/\\\/tabaccomd.com\\\/wp-content\\\/uploads\\\/2024\\\/02\\\/logo_header3.png\",\"@id\":\"https:\\\/\\\/tabaccomd.com\\\/ro\\\/product\\\/husa-pentru-2-trabucuri-jemar-464-2\\\/#organizationLogo\",\"width\":32,\"height\":32,\"caption\":\"Tabacco House\"},\"image\":{\"@id\":\"https:\\\/\\\/tabaccomd.com\\\/ro\\\/product\\\/husa-pentru-2-trabucuri-jemar-464-2\\\/#organizationLogo\"},\"sameAs\":[\"https:\\\/\\\/www.facebook.com\\\/tabaccomd.com\\\/\",\"https:\\\/\\\/www.instagram.com\\\/tabaccomd.com\\\/\"],\"address\":{\"@id\":\"https:\\\/\\\/tabaccomd.com\\\/ro\\\/#postaladdress\",\"@type\":\"PostalAddress\",\"streetAddress\":\"Strada Albi\\u015foara 4, Chi\\u0219in\\u0103u, Bulevardul \\u0218tefan cel Mare \\u0219i Sf\\u00eent 136, Chi\\u0219in\\u0103u\",\"addressLocality\":\"Chi\\u0219in\\u0103u\",\"addressCountry\":\"MD\"}},{\"@type\":\"Product\",\"@id\":\"https:\\\/\\\/tabaccomd.com\\\/ro\\\/product\\\/husa-pentru-2-trabucuri-jemar-464-2\\\/#wooCommerceProduct\",\"name\":\"Hus\\u0103 pentru 2 trabucuri Jemar 464\\\/2\",\"description\":\"\\u021aara produc\\u0103torului: Spania\\r\\n \\tProduc\\u0103tor: Jemar\\r\\n \\tCapacitate: 2 trabucuri\\r\\n \\tLungime: 14 cm\\r\\n \\tDiametrul trabucului: \\u00d8\\u202f 2,1 cm\\r\\n \\tCuloare: Maro deschis\\r\\n \\tMaterial: Piele natural\\u0103\",\"url\":\"https:\\\/\\\/tabaccomd.com\\\/ro\\\/product\\\/husa-pentru-2-trabucuri-jemar-464-2\\\/\",\"sku\":\"105010\",\"image\":{\"@type\":\"ImageObject\",\"url\":\"https:\\\/\\\/tabaccomd.com\\\/wp-content\\\/uploads\\\/2020\\\/05\\\/Husa-pentru-2-trabucuri-Jemar-464-2-0.JPG\",\"@id\":\"https:\\\/\\\/tabaccomd.com\\\/ro\\\/product\\\/husa-pentru-2-trabucuri-jemar-464-2\\\/#productImage\",\"width\":1200,\"height\":1200,\"caption\":\"Hus\\u0103-pentru-2-trabucuri-Jemar-464-2-0\"},\"offers\":{\"@type\":\"Offer\",\"url\":\"https:\\\/\\\/tabaccomd.com\\\/ro\\\/product\\\/husa-pentru-2-trabucuri-jemar-464-2\\\/#wooCommerceOffer\",\"price\":1150,\"priceCurrency\":\"MDL\",\"category\":\"Hus\\u0103 pentru trabucuri\",\"availability\":\"https:\\\/\\\/schema.org\\\/InStock\",\"priceSpecification\":{\"@type\":\"PriceSpecification\",\"price\":1150,\"priceCurrency\":\"MDL\",\"valueAddedTaxIncluded\":\"true\"},\"seller\":{\"@type\":\"Organization\",\"@id\":\"https:\\\/\\\/tabaccomd.com\\\/ro\\\/#organization\"}}},{\"@type\":\"WebPage\",\"@id\":\"https:\\\/\\\/tabaccomd.com\\\/ro\\\/product\\\/husa-pentru-2-trabucuri-jemar-464-2\\\/#webpage\",\"url\":\"https:\\\/\\\/tabaccomd.com\\\/ro\\\/product\\\/husa-pentru-2-trabucuri-jemar-464-2\\\/\",\"name\":\"Hus\\u0103 pentru 2 trabucuri Jemar 464\\\/2 \\u2013 Tabacco House\",\"inLanguage\":\"ro-RO\",\"isPartOf\":{\"@id\":\"https:\\\/\\\/tabaccomd.com\\\/ro\\\/#website\"},\"breadcrumb\":{\"@id\":\"https:\\\/\\\/tabaccomd.com\\\/ro\\\/product\\\/husa-pentru-2-trabucuri-jemar-464-2\\\/#breadcrumblist\"},\"image\":{\"@type\":\"ImageObject\",\"url\":\"https:\\\/\\\/tabaccomd.com\\\/wp-content\\\/uploads\\\/2020\\\/05\\\/Husa-pentru-2-trabucuri-Jemar-464-2-0.JPG\",\"@id\":\"https:\\\/\\\/tabaccomd.com\\\/ro\\\/product\\\/husa-pentru-2-trabucuri-jemar-464-2\\\/#mainImage\",\"width\":1200,\"height\":1200,\"caption\":\"Hus\\u0103-pentru-2-trabucuri-Jemar-464-2-0\"},\"primaryImageOfPage\":{\"@id\":\"https:\\\/\\\/tabaccomd.com\\\/ro\\\/product\\\/husa-pentru-2-trabucuri-jemar-464-2\\\/#mainImage\"},\"datePublished\":\"2020-05-03T13:25:47+03:00\",\"dateModified\":\"2025-08-04T10:05:07+03:00\"},{\"@type\":\"WebSite\",\"@id\":\"https:\\\/\\\/tabaccomd.com\\\/ro\\\/#website\",\"url\":\"https:\\\/\\\/tabaccomd.com\\\/ro\\\/\",\"name\":\"Tabacco House\",\"alternateName\":\"tobaccomd.com\",\"description\":\"\\u041c\\u0430\\u0433\\u0430\\u0437\\u0438\\u043d \\u0442\\u0430\\u0431\\u0430\\u0447\\u043d\\u044b\\u0445 \\u0438\\u0437\\u0434\\u0435\\u043b\\u0438\\u0439\",\"inLanguage\":\"ro-RO\",\"publisher\":{\"@id\":\"https:\\\/\\\/tabaccomd.com\\\/ro\\\/#organization\"}}]}\n\t\t<\/script>\n\t\t<!-- All in One SEO Pro -->\r\n\t\t<title>Hus\u0103 pentru 2 trabucuri Jemar 464\/2 \u2013 Tabacco House<\/title>\n\n","aioseo_head_json":{"title":"Hus\u0103 pentru 2 trabucuri Jemar 464\/2 \u2013 Tabacco House","description":"","canonical_url":"https:\/\/tabaccomd.com\/ro\/product\/husa-pentru-2-trabucuri-jemar-464-2\/","robots":"max-image-preview:large","keywords":"","webmasterTools":{"miscellaneous":""},"schema":{"@context":"https:\/\/schema.org","@graph":[{"@type":"BreadcrumbList","@id":"https:\/\/tabaccomd.com\/ro\/product\/husa-pentru-2-trabucuri-jemar-464-2\/#breadcrumblist","itemListElement":[{"@type":"ListItem","@id":"https:\/\/tabaccomd.com\/ro\/#listItem","position":1,"name":"\u0413\u043b\u0430\u0432\u043d\u0430\u044f","item":"https:\/\/tabaccomd.com\/ro\/","nextItem":{"@type":"ListItem","@id":"https:\/\/tabaccomd.com\/ro\/catalog\/#listItem","name":"Catalog"}},{"@type":"ListItem","@id":"https:\/\/tabaccomd.com\/ro\/catalog\/#listItem","position":2,"name":"Catalog","item":"https:\/\/tabaccomd.com\/ro\/catalog\/","nextItem":{"@type":"ListItem","@id":"https:\/\/tabaccomd.com\/ro\/product-category\/trabucuri\/#listItem","name":"Trabucuri"},"previousItem":{"@type":"ListItem","@id":"https:\/\/tabaccomd.com\/ro\/#listItem","name":"\u0413\u043b\u0430\u0432\u043d\u0430\u044f"}},{"@type":"ListItem","@id":"https:\/\/tabaccomd.com\/ro\/product-category\/trabucuri\/#listItem","position":3,"name":"Trabucuri","item":"https:\/\/tabaccomd.com\/ro\/product-category\/trabucuri\/","nextItem":{"@type":"ListItem","@id":"https:\/\/tabaccomd.com\/ro\/product-category\/trabucuri\/husa-pentru-trabucuri\/#listItem","name":"Hus\u0103 pentru trabucuri"},"previousItem":{"@type":"ListItem","@id":"https:\/\/tabaccomd.com\/ro\/catalog\/#listItem","name":"Catalog"}},{"@type":"ListItem","@id":"https:\/\/tabaccomd.com\/ro\/product-category\/trabucuri\/husa-pentru-trabucuri\/#listItem","position":4,"name":"Hus\u0103 pentru trabucuri","item":"https:\/\/tabaccomd.com\/ro\/product-category\/trabucuri\/husa-pentru-trabucuri\/","nextItem":{"@type":"ListItem","@id":"https:\/\/tabaccomd.com\/ro\/product\/husa-pentru-2-trabucuri-jemar-464-2\/#listItem","name":"Hus\u0103 pentru 2 trabucuri Jemar 464\/2"},"previousItem":{"@type":"ListItem","@id":"https:\/\/tabaccomd.com\/ro\/product-category\/trabucuri\/#listItem","name":"Trabucuri"}},{"@type":"ListItem","@id":"https:\/\/tabaccomd.com\/ro\/product\/husa-pentru-2-trabucuri-jemar-464-2\/#listItem","position":5,"name":"Hus\u0103 pentru 2 trabucuri Jemar 464\/2","previousItem":{"@type":"ListItem","@id":"https:\/\/tabaccomd.com\/ro\/product-category\/trabucuri\/husa-pentru-trabucuri\/#listItem","name":"Hus\u0103 pentru trabucuri"}}]},{"@type":"Organization","@id":"https:\/\/tabaccomd.com\/ro\/#organization","name":"Tabacco House","description":"\u041c\u0430\u0433\u0430\u0437\u0438\u043d \u0442\u0430\u0431\u0430\u0447\u043d\u044b\u0445 \u0438\u0437\u0434\u0435\u043b\u0438\u0439","url":"https:\/\/tabaccomd.com\/ro\/","email":"Office@cazacuhouse.com","telephone":"+37361000935","logo":{"@type":"ImageObject","url":"https:\/\/tabaccomd.com\/wp-content\/uploads\/2024\/02\/logo_header3.png","@id":"https:\/\/tabaccomd.com\/ro\/product\/husa-pentru-2-trabucuri-jemar-464-2\/#organizationLogo","width":32,"height":32,"caption":"Tabacco House"},"image":{"@id":"https:\/\/tabaccomd.com\/ro\/product\/husa-pentru-2-trabucuri-jemar-464-2\/#organizationLogo"},"sameAs":["https:\/\/www.facebook.com\/tabaccomd.com\/","https:\/\/www.instagram.com\/tabaccomd.com\/"],"address":{"@id":"https:\/\/tabaccomd.com\/ro\/#postaladdress","@type":"PostalAddress","streetAddress":"Strada Albi\u015foara 4, Chi\u0219in\u0103u, Bulevardul \u0218tefan cel Mare \u0219i Sf\u00eent 136, Chi\u0219in\u0103u","addressLocality":"Chi\u0219in\u0103u","addressCountry":"MD"}},{"@type":"Product","@id":"https:\/\/tabaccomd.com\/ro\/product\/husa-pentru-2-trabucuri-jemar-464-2\/#wooCommerceProduct","name":"Hus\u0103 pentru 2 trabucuri Jemar 464\/2","description":"\u021aara produc\u0103torului: Spania\r\n \tProduc\u0103tor: Jemar\r\n \tCapacitate: 2 trabucuri\r\n \tLungime: 14 cm\r\n \tDiametrul trabucului: \u00d8\u202f 2,1 cm\r\n \tCuloare: Maro deschis\r\n \tMaterial: Piele natural\u0103","url":"https:\/\/tabaccomd.com\/ro\/product\/husa-pentru-2-trabucuri-jemar-464-2\/","sku":"105010","image":{"@type":"ImageObject","url":"https:\/\/tabaccomd.com\/wp-content\/uploads\/2020\/05\/Husa-pentru-2-trabucuri-Jemar-464-2-0.JPG","@id":"https:\/\/tabaccomd.com\/ro\/product\/husa-pentru-2-trabucuri-jemar-464-2\/#productImage","width":1200,"height":1200,"caption":"Hus\u0103-pentru-2-trabucuri-Jemar-464-2-0"},"offers":{"@type":"Offer","url":"https:\/\/tabaccomd.com\/ro\/product\/husa-pentru-2-trabucuri-jemar-464-2\/#wooCommerceOffer","price":1150,"priceCurrency":"MDL","category":"Hus\u0103 pentru trabucuri","availability":"https:\/\/schema.org\/InStock","priceSpecification":{"@type":"PriceSpecification","price":1150,"priceCurrency":"MDL","valueAddedTaxIncluded":"true"},"seller":{"@type":"Organization","@id":"https:\/\/tabaccomd.com\/ro\/#organization"}}},{"@type":"WebPage","@id":"https:\/\/tabaccomd.com\/ro\/product\/husa-pentru-2-trabucuri-jemar-464-2\/#webpage","url":"https:\/\/tabaccomd.com\/ro\/product\/husa-pentru-2-trabucuri-jemar-464-2\/","name":"Hus\u0103 pentru 2 trabucuri Jemar 464\/2 \u2013 Tabacco House","inLanguage":"ro-RO","isPartOf":{"@id":"https:\/\/tabaccomd.com\/ro\/#website"},"breadcrumb":{"@id":"https:\/\/tabaccomd.com\/ro\/product\/husa-pentru-2-trabucuri-jemar-464-2\/#breadcrumblist"},"image":{"@type":"ImageObject","url":"https:\/\/tabaccomd.com\/wp-content\/uploads\/2020\/05\/Husa-pentru-2-trabucuri-Jemar-464-2-0.JPG","@id":"https:\/\/tabaccomd.com\/ro\/product\/husa-pentru-2-trabucuri-jemar-464-2\/#mainImage","width":1200,"height":1200,"caption":"Hus\u0103-pentru-2-trabucuri-Jemar-464-2-0"},"primaryImageOfPage":{"@id":"https:\/\/tabaccomd.com\/ro\/product\/husa-pentru-2-trabucuri-jemar-464-2\/#mainImage"},"datePublished":"2020-05-03T13:25:47+03:00","dateModified":"2025-08-04T10:05:07+03:00"},{"@type":"WebSite","@id":"https:\/\/tabaccomd.com\/ro\/#website","url":"https:\/\/tabaccomd.com\/ro\/","name":"Tabacco House","alternateName":"tobaccomd.com","description":"\u041c\u0430\u0433\u0430\u0437\u0438\u043d \u0442\u0430\u0431\u0430\u0447\u043d\u044b\u0445 \u0438\u0437\u0434\u0435\u043b\u0438\u0439","inLanguage":"ro-RO","publisher":{"@id":"https:\/\/tabaccomd.com\/ro\/#organization"}}]},"og:locale":"ro_RO","og:site_name":"Tabacco House \u2013 \u041c\u0430\u0433\u0430\u0437\u0438\u043d \u0442\u0430\u0431\u0430\u0447\u043d\u044b\u0445 \u0438\u0437\u0434\u0435\u043b\u0438\u0439","og:type":"article","og:title":"Hus\u0103 pentru 2 trabucuri Jemar 464\/2 \u2013 Tabacco House","og:url":"https:\/\/tabaccomd.com\/ro\/product\/husa-pentru-2-trabucuri-jemar-464-2\/","article:published_time":"2020-05-03T10:25:47+00:00","article:modified_time":"2025-08-04T07:05:07+00:00","article:publisher":"https:\/\/www.facebook.com\/tabaccomd.com\/","twitter:card":"summary_large_image","twitter:title":"Hus\u0103 pentru 2 trabucuri Jemar 464\/2 \u2013 Tabacco House"},"aioseo_meta_data":{"post_id":"18558","title":null,"description":null,"keywords":null,"keyphrases":{"focus":{"keyphrase":"","score":0,"analysis":{"keyphraseInTitle":{"score":0,"maxScore":9,"error":1}}},"additional":[]},"primary_term":null,"canonical_url":null,"og_title":null,"og_description":null,"og_object_type":"default","og_image_type":"default","og_image_url":null,"og_image_width":null,"og_image_height":null,"og_image_custom_url":null,"og_image_custom_fields":null,"og_video":"","og_custom_url":null,"og_article_section":null,"og_article_tags":null,"twitter_use_og":false,"twitter_card":"default","twitter_image_type":"default","twitter_image_url":null,"twitter_image_custom_url":null,"twitter_image_custom_fields":null,"twitter_title":null,"twitter_description":null,"schema":{"blockGraphs":[],"customGraphs":[],"default":{"data":{"Article":[],"Course":[],"Dataset":[],"FAQPage":[],"Movie":[],"Person":[],"Product":[],"ProductReview":[],"Car":[],"Recipe":[],"Service":[],"SoftwareApplication":[],"WebPage":[]},"graphName":"Product","isEnabled":true},"graphs":[]},"schema_type":"default","schema_type_options":null,"pillar_content":false,"robots_default":true,"robots_noindex":false,"robots_noarchive":false,"robots_nosnippet":false,"robots_nofollow":false,"robots_noimageindex":false,"robots_noodp":false,"robots_notranslate":false,"robots_max_snippet":"-1","robots_max_videopreview":"-1","robots_max_imagepreview":"large","priority":null,"frequency":"default","local_seo":null,"seo_analyzer_scan_date":"2025-10-19 17:31:00","breadcrumb_settings":null,"limit_modified_date":false,"reviewed_by":"0","open_ai":"{\"title\":{\"suggestions\":[],\"usage\":0},\"description\":{\"suggestions\":[],\"usage\":0}}","ai":null,"created":"2023-03-30 14:46:30","updated":"2025-10-19 17:31:01"},"aioseo_breadcrumb":"<div class=\"aioseo-breadcrumbs\"><span class=\"aioseo-breadcrumb\">\n\t<a href=\"https:\/\/tabaccomd.com\/ro\/\" title=\"\u0413\u043b\u0430\u0432\u043d\u0430\u044f\">\u0413\u043b\u0430\u0432\u043d\u0430\u044f<\/a>\n<\/span><span class=\"aioseo-breadcrumb-separator\">\u00bb<\/span><span class=\"aioseo-breadcrumb\">\n\t<a href=\"https:\/\/tabaccomd.com\/ro\/catalog\/\" title=\"Catalog\">Catalog<\/a>\n<\/span><span class=\"aioseo-breadcrumb-separator\">\u00bb<\/span><span class=\"aioseo-breadcrumb\">\n\t<a href=\"https:\/\/tabaccomd.com\/ro\/product-category\/trabucuri\/\" title=\"Trabucuri\">Trabucuri<\/a>\n<\/span><span class=\"aioseo-breadcrumb-separator\">\u00bb<\/span><span class=\"aioseo-breadcrumb\">\n\t<a href=\"https:\/\/tabaccomd.com\/ro\/product-category\/trabucuri\/husa-pentru-trabucuri\/\" title=\"Hus\u0103 pentru trabucuri\">Hus\u0103 pentru trabucuri<\/a>\n<\/span><span class=\"aioseo-breadcrumb-separator\">\u00bb<\/span><span class=\"aioseo-breadcrumb\">\n\tHus\u0103 pentru 2 trabucuri Jemar 464\/2\n<\/span><\/div>","aioseo_breadcrumb_json":[{"label":"\u0413\u043b\u0430\u0432\u043d\u0430\u044f","link":"https:\/\/tabaccomd.com\/ro\/"},{"label":"Catalog","link":"https:\/\/tabaccomd.com\/ro\/catalog\/"},{"label":"Trabucuri","link":"https:\/\/tabaccomd.com\/ro\/product-category\/trabucuri\/"},{"label":"Hus\u0103 pentru trabucuri","link":"https:\/\/tabaccomd.com\/ro\/product-category\/trabucuri\/husa-pentru-trabucuri\/"},{"label":"Hus\u0103 pentru 2 trabucuri Jemar 464\/2","link":"https:\/\/tabaccomd.com\/ro\/product\/husa-pentru-2-trabucuri-jemar-464-2\/"}],"images_for_1c":[{"url":"https:\/\/tabaccomd.com\/wp-content\/uploads\/2020\/05\/Husa-pentru-2-trabucuri-Jemar-464-2-0.JPG","type":"featured","alt":"Hus\u0103-pentru-2-trabucuri-Jemar-464-2-0","filename":"Husa-pentru-2-trabucuri-Jemar-464-2-0.JPG"},{"url":"https:\/\/tabaccomd.com\/wp-content\/uploads\/2020\/05\/Husa-pentru-2-trabucuri-Jemar-464-2.JPG","type":"gallery","alt":"Hus\u0103-pentru-2-trabucuri-Jemar-464-2","filename":"Husa-pentru-2-trabucuri-Jemar-464-2.JPG"}],"additional_data_1c":{"modified_date":"2025-08-04 10:05:07","permalink":"https:\/\/tabaccomd.com\/ro\/product\/husa-pentru-2-trabucuri-jemar-464-2\/","stock_status":"instock","manage_stock":"no"},"_links":{"self":[{"href":"https:\/\/tabaccomd.com\/ro\/wp-json\/wp\/v2\/product\/18558","targetHints":{"allow":["GET"]}}],"collection":[{"href":"https:\/\/tabaccomd.com\/ro\/wp-json\/wp\/v2\/product"}],"about":[{"href":"https:\/\/tabaccomd.com\/ro\/wp-json\/wp\/v2\/types\/product"}],"wp:featuredmedia":[{"embeddable":true,"href":"https:\/\/tabaccomd.com\/ro\/wp-json\/wp\/v2\/media\/151232"}],"wp:attachment":[{"href":"https:\/\/tabaccomd.com\/ro\/wp-json\/wp\/v2\/media?parent=18558"}],"wp:term":[{"taxonomy":"product_brand","embeddable":true,"href":"https:\/\/tabaccomd.com\/ro\/wp-json\/wp\/v2\/product_brand?post=18558"},{"taxonomy":"product_cat","embeddable":true,"href":"https:\/\/tabaccomd.com\/ro\/wp-json\/wp\/v2\/product_cat?post=18558"},{"taxonomy":"product_tag","embeddable":true,"href":"https:\/\/tabaccomd.com\/ro\/wp-json\/wp\/v2\/product_tag?post=18558"}],"curies":[{"name":"wp","href":"https:\/\/api.w.org\/{rel}","templated":true}]}}