{"id":18557,"date":"2020-05-03T13:22:05","date_gmt":"2020-05-03T10:22:05","guid":{"rendered":"https:\/\/new124.tabaccomd.com\/product\/etui-trabucuri-jemar-497-3\/"},"modified":"2025-08-04T10:05:23","modified_gmt":"2025-08-04T07:05:23","slug":"husa-pentru-3-trabucuri-jemar-121-3","status":"publish","type":"product","link":"https:\/\/tabaccomd.com\/ro\/product\/husa-pentru-3-trabucuri-jemar-121-3\/","title":{"rendered":"Hus\u0103 pentru 3 trabucuri Jemar 121\/3"},"content":{"rendered":"<p><a href=\"https:\/\/tabaccomd.com\/ro\/categorie-produs\/trabucuri\/husa-pentru-trabucuri\/\">Husa<\/a> pentru 3 trabucuri Jemar 121\/3 este un accesoriu rafinat \u0219i practic, realizat manual \u00een Spania de c\u0103tre renumitul produc\u0103tor Jemar. Fabricat\u0103 din piele natural\u0103 de calitate superioar\u0103, \u00een nuan\u021b\u0103 maro deschis, husa este destinat\u0103 transportului \u0219i protej\u0103rii a trei trabucuri cu o lungime de p\u00e2n\u0103 la 14 cm \u0219i un diametru de 2,1 cm (echivalent cu ring gauge ~53). Ideal\u0103 pentru formate mai groase, aceast\u0103 hus\u0103 \u00eembin\u0103 elegan\u021ba clasic\u0103 cu durabilitatea \u0219i func\u021bionalitatea, fiind perfect\u0103 pentru pasiona\u021bii de trabucuri care caut\u0103 un accesoriu de \u00eencredere sau un cadou sofisticat.<\/p>\n<p>Pute\u021bi achizi\u021biona husa pentru 3 trabucuri Jemar 121\/3 \u00een Moldova, Chi\u0219in\u0103u, \u00een re\u021beaua de magazine Tabacco House.<\/p>\n","protected":false},"excerpt":{"rendered":"<ul>\n<li>\u021aara produc\u0103torului: Spania<\/li>\n<li>Produc\u0103tor: Jemar<\/li>\n<li>Capacitate: 3 trabucuri<\/li>\n<li>Lungime: 14 cm<\/li>\n<li>Diametrul trabucului: \u00d8\u202f 2,1 cm<\/li>\n<li>Culoare: Maro deschis<\/li>\n<li>Material: Piele natural\u0103<\/li>\n<\/ul>\n","protected":false},"featured_media":151273,"template":"","meta":{"om_disable_all_campaigns":false,"_monsterinsights_skip_tracking":false,"_monsterinsights_sitenote_active":false,"_monsterinsights_sitenote_note":"","_monsterinsights_sitenote_category":0},"product_brand":[],"product_cat":[168],"product_tag":[],"class_list":{"0":"post-18557","1":"product","2":"type-product","3":"status-publish","4":"has-post-thumbnail","6":"product_cat-husa-pentru-trabucuri","8":"first","9":"instock","10":"taxable","11":"shipping-taxable","12":"purchasable","13":"product-type-simple"},"aioseo_notices":[],"aioseo_head":"\n\t\t<!-- All in One SEO Pro 4.9.6.2 - aioseo.com -->\n\t<meta name=\"robots\" content=\"max-image-preview:large\" \/>\n\t<link rel=\"canonical\" href=\"https:\/\/tabaccomd.com\/ro\/product\/husa-pentru-3-trabucuri-jemar-121-3\/\" \/>\n\t<meta name=\"generator\" content=\"All in One SEO Pro (AIOSEO) 4.9.6.2\" \/>\n\t\t<meta property=\"og:locale\" content=\"ro_RO\" \/>\n\t\t<meta property=\"og:site_name\" content=\"Tabacco House \u2013 \u041c\u0430\u0433\u0430\u0437\u0438\u043d \u0442\u0430\u0431\u0430\u0447\u043d\u044b\u0445 \u0438\u0437\u0434\u0435\u043b\u0438\u0439\" \/>\n\t\t<meta property=\"og:type\" content=\"article\" \/>\n\t\t<meta property=\"og:title\" content=\"Hus\u0103 pentru 3 trabucuri Jemar 121\/3 \u2013 Tabacco House\" \/>\n\t\t<meta property=\"og:url\" content=\"https:\/\/tabaccomd.com\/ro\/product\/husa-pentru-3-trabucuri-jemar-121-3\/\" \/>\n\t\t<meta property=\"article:published_time\" content=\"2020-05-03T10:22:05+00:00\" \/>\n\t\t<meta property=\"article:modified_time\" content=\"2025-08-04T07:05:23+00:00\" \/>\n\t\t<meta property=\"article:publisher\" content=\"https:\/\/www.facebook.com\/tabaccomd.com\/\" \/>\n\t\t<meta name=\"twitter:card\" content=\"summary_large_image\" \/>\n\t\t<meta name=\"twitter:title\" content=\"Hus\u0103 pentru 3 trabucuri Jemar 121\/3 \u2013 Tabacco House\" \/>\n\t\t<script type=\"application\/ld+json\" class=\"aioseo-schema\">\n\t\t\t{\"@context\":\"https:\\\/\\\/schema.org\",\"@graph\":[{\"@type\":\"BreadcrumbList\",\"@id\":\"https:\\\/\\\/tabaccomd.com\\\/ro\\\/product\\\/husa-pentru-3-trabucuri-jemar-121-3\\\/#breadcrumblist\",\"itemListElement\":[{\"@type\":\"ListItem\",\"@id\":\"https:\\\/\\\/tabaccomd.com\\\/ro\\\/#listItem\",\"position\":1,\"name\":\"\\u0413\\u043b\\u0430\\u0432\\u043d\\u0430\\u044f\",\"item\":\"https:\\\/\\\/tabaccomd.com\\\/ro\\\/\",\"nextItem\":{\"@type\":\"ListItem\",\"@id\":\"https:\\\/\\\/tabaccomd.com\\\/ro\\\/catalog\\\/#listItem\",\"name\":\"Catalog\"}},{\"@type\":\"ListItem\",\"@id\":\"https:\\\/\\\/tabaccomd.com\\\/ro\\\/catalog\\\/#listItem\",\"position\":2,\"name\":\"Catalog\",\"item\":\"https:\\\/\\\/tabaccomd.com\\\/ro\\\/catalog\\\/\",\"nextItem\":{\"@type\":\"ListItem\",\"@id\":\"https:\\\/\\\/tabaccomd.com\\\/ro\\\/product-category\\\/trabucuri\\\/#listItem\",\"name\":\"Trabucuri\"},\"previousItem\":{\"@type\":\"ListItem\",\"@id\":\"https:\\\/\\\/tabaccomd.com\\\/ro\\\/#listItem\",\"name\":\"\\u0413\\u043b\\u0430\\u0432\\u043d\\u0430\\u044f\"}},{\"@type\":\"ListItem\",\"@id\":\"https:\\\/\\\/tabaccomd.com\\\/ro\\\/product-category\\\/trabucuri\\\/#listItem\",\"position\":3,\"name\":\"Trabucuri\",\"item\":\"https:\\\/\\\/tabaccomd.com\\\/ro\\\/product-category\\\/trabucuri\\\/\",\"nextItem\":{\"@type\":\"ListItem\",\"@id\":\"https:\\\/\\\/tabaccomd.com\\\/ro\\\/product-category\\\/trabucuri\\\/husa-pentru-trabucuri\\\/#listItem\",\"name\":\"Hus\\u0103 pentru trabucuri\"},\"previousItem\":{\"@type\":\"ListItem\",\"@id\":\"https:\\\/\\\/tabaccomd.com\\\/ro\\\/catalog\\\/#listItem\",\"name\":\"Catalog\"}},{\"@type\":\"ListItem\",\"@id\":\"https:\\\/\\\/tabaccomd.com\\\/ro\\\/product-category\\\/trabucuri\\\/husa-pentru-trabucuri\\\/#listItem\",\"position\":4,\"name\":\"Hus\\u0103 pentru trabucuri\",\"item\":\"https:\\\/\\\/tabaccomd.com\\\/ro\\\/product-category\\\/trabucuri\\\/husa-pentru-trabucuri\\\/\",\"nextItem\":{\"@type\":\"ListItem\",\"@id\":\"https:\\\/\\\/tabaccomd.com\\\/ro\\\/product\\\/husa-pentru-3-trabucuri-jemar-121-3\\\/#listItem\",\"name\":\"Hus\\u0103 pentru 3 trabucuri Jemar 121\\\/3\"},\"previousItem\":{\"@type\":\"ListItem\",\"@id\":\"https:\\\/\\\/tabaccomd.com\\\/ro\\\/product-category\\\/trabucuri\\\/#listItem\",\"name\":\"Trabucuri\"}},{\"@type\":\"ListItem\",\"@id\":\"https:\\\/\\\/tabaccomd.com\\\/ro\\\/product\\\/husa-pentru-3-trabucuri-jemar-121-3\\\/#listItem\",\"position\":5,\"name\":\"Hus\\u0103 pentru 3 trabucuri Jemar 121\\\/3\",\"previousItem\":{\"@type\":\"ListItem\",\"@id\":\"https:\\\/\\\/tabaccomd.com\\\/ro\\\/product-category\\\/trabucuri\\\/husa-pentru-trabucuri\\\/#listItem\",\"name\":\"Hus\\u0103 pentru trabucuri\"}}]},{\"@type\":\"Organization\",\"@id\":\"https:\\\/\\\/tabaccomd.com\\\/ro\\\/#organization\",\"name\":\"Tabacco House\",\"description\":\"\\u041c\\u0430\\u0433\\u0430\\u0437\\u0438\\u043d \\u0442\\u0430\\u0431\\u0430\\u0447\\u043d\\u044b\\u0445 \\u0438\\u0437\\u0434\\u0435\\u043b\\u0438\\u0439\",\"url\":\"https:\\\/\\\/tabaccomd.com\\\/ro\\\/\",\"email\":\"Office@cazacuhouse.com\",\"telephone\":\"+37361000935\",\"logo\":{\"@type\":\"ImageObject\",\"url\":\"https:\\\/\\\/tabaccomd.com\\\/wp-content\\\/uploads\\\/2024\\\/02\\\/logo_header3.png\",\"@id\":\"https:\\\/\\\/tabaccomd.com\\\/ro\\\/product\\\/husa-pentru-3-trabucuri-jemar-121-3\\\/#organizationLogo\",\"width\":32,\"height\":32,\"caption\":\"Tabacco House\"},\"image\":{\"@id\":\"https:\\\/\\\/tabaccomd.com\\\/ro\\\/product\\\/husa-pentru-3-trabucuri-jemar-121-3\\\/#organizationLogo\"},\"sameAs\":[\"https:\\\/\\\/www.facebook.com\\\/tabaccomd.com\\\/\",\"https:\\\/\\\/www.instagram.com\\\/tabaccomd.com\\\/\"],\"address\":{\"@id\":\"https:\\\/\\\/tabaccomd.com\\\/ro\\\/#postaladdress\",\"@type\":\"PostalAddress\",\"streetAddress\":\"Strada Albi\\u015foara 4, Chi\\u0219in\\u0103u, Bulevardul \\u0218tefan cel Mare \\u0219i Sf\\u00eent 136, Chi\\u0219in\\u0103u\",\"addressLocality\":\"Chi\\u0219in\\u0103u\",\"addressCountry\":\"MD\"}},{\"@type\":\"Product\",\"@id\":\"https:\\\/\\\/tabaccomd.com\\\/ro\\\/product\\\/husa-pentru-3-trabucuri-jemar-121-3\\\/#wooCommerceProduct\",\"name\":\"Hus\\u0103 pentru 3 trabucuri Jemar 121\\\/3\",\"description\":\"\\u021aara produc\\u0103torului: Spania\\r\\n \\tProduc\\u0103tor: Jemar\\r\\n \\tCapacitate: 3 trabucuri\\r\\n \\tLungime: 14 cm\\r\\n \\tDiametrul trabucului: \\u00d8\\u202f 2,1 cm\\r\\n \\tCuloare: Maro deschis\\r\\n \\tMaterial: Piele natural\\u0103\",\"url\":\"https:\\\/\\\/tabaccomd.com\\\/ro\\\/product\\\/husa-pentru-3-trabucuri-jemar-121-3\\\/\",\"sku\":\"1450\",\"image\":{\"@type\":\"ImageObject\",\"url\":\"https:\\\/\\\/tabaccomd.com\\\/wp-content\\\/uploads\\\/2020\\\/05\\\/Husa-pentru-3-trabucuri-Jemar-121-3.JPG\",\"@id\":\"https:\\\/\\\/tabaccomd.com\\\/ro\\\/product\\\/husa-pentru-3-trabucuri-jemar-121-3\\\/#productImage\",\"width\":1200,\"height\":1200},\"offers\":{\"@type\":\"Offer\",\"url\":\"https:\\\/\\\/tabaccomd.com\\\/ro\\\/product\\\/husa-pentru-3-trabucuri-jemar-121-3\\\/#wooCommerceOffer\",\"price\":1450,\"priceCurrency\":\"MDL\",\"category\":\"Hus\\u0103 pentru trabucuri\",\"availability\":\"https:\\\/\\\/schema.org\\\/InStock\",\"priceSpecification\":{\"@type\":\"PriceSpecification\",\"price\":1450,\"priceCurrency\":\"MDL\",\"valueAddedTaxIncluded\":\"true\"},\"seller\":{\"@type\":\"Organization\",\"@id\":\"https:\\\/\\\/tabaccomd.com\\\/ro\\\/#organization\"}}},{\"@type\":\"WebPage\",\"@id\":\"https:\\\/\\\/tabaccomd.com\\\/ro\\\/product\\\/husa-pentru-3-trabucuri-jemar-121-3\\\/#webpage\",\"url\":\"https:\\\/\\\/tabaccomd.com\\\/ro\\\/product\\\/husa-pentru-3-trabucuri-jemar-121-3\\\/\",\"name\":\"Hus\\u0103 pentru 3 trabucuri Jemar 121\\\/3 \\u2013 Tabacco House\",\"inLanguage\":\"ro-RO\",\"isPartOf\":{\"@id\":\"https:\\\/\\\/tabaccomd.com\\\/ro\\\/#website\"},\"breadcrumb\":{\"@id\":\"https:\\\/\\\/tabaccomd.com\\\/ro\\\/product\\\/husa-pentru-3-trabucuri-jemar-121-3\\\/#breadcrumblist\"},\"image\":{\"@type\":\"ImageObject\",\"url\":\"https:\\\/\\\/tabaccomd.com\\\/wp-content\\\/uploads\\\/2020\\\/05\\\/Husa-pentru-3-trabucuri-Jemar-121-3.JPG\",\"@id\":\"https:\\\/\\\/tabaccomd.com\\\/ro\\\/product\\\/husa-pentru-3-trabucuri-jemar-121-3\\\/#mainImage\",\"width\":1200,\"height\":1200},\"primaryImageOfPage\":{\"@id\":\"https:\\\/\\\/tabaccomd.com\\\/ro\\\/product\\\/husa-pentru-3-trabucuri-jemar-121-3\\\/#mainImage\"},\"datePublished\":\"2020-05-03T13:22:05+03:00\",\"dateModified\":\"2025-08-04T10:05:23+03:00\"},{\"@type\":\"WebSite\",\"@id\":\"https:\\\/\\\/tabaccomd.com\\\/ro\\\/#website\",\"url\":\"https:\\\/\\\/tabaccomd.com\\\/ro\\\/\",\"name\":\"Tabacco House\",\"alternateName\":\"tobaccomd.com\",\"description\":\"\\u041c\\u0430\\u0433\\u0430\\u0437\\u0438\\u043d \\u0442\\u0430\\u0431\\u0430\\u0447\\u043d\\u044b\\u0445 \\u0438\\u0437\\u0434\\u0435\\u043b\\u0438\\u0439\",\"inLanguage\":\"ro-RO\",\"publisher\":{\"@id\":\"https:\\\/\\\/tabaccomd.com\\\/ro\\\/#organization\"}}]}\n\t\t<\/script>\n\t\t<!-- All in One SEO Pro -->\r\n\t\t<title>Hus\u0103 pentru 3 trabucuri Jemar 121\/3 \u2013 Tabacco House<\/title>\n\n","aioseo_head_json":{"title":"Hus\u0103 pentru 3 trabucuri Jemar 121\/3 \u2013 Tabacco House","description":"","canonical_url":"https:\/\/tabaccomd.com\/ro\/product\/husa-pentru-3-trabucuri-jemar-121-3\/","robots":"max-image-preview:large","keywords":"","webmasterTools":{"miscellaneous":""},"schema":{"@context":"https:\/\/schema.org","@graph":[{"@type":"BreadcrumbList","@id":"https:\/\/tabaccomd.com\/ro\/product\/husa-pentru-3-trabucuri-jemar-121-3\/#breadcrumblist","itemListElement":[{"@type":"ListItem","@id":"https:\/\/tabaccomd.com\/ro\/#listItem","position":1,"name":"\u0413\u043b\u0430\u0432\u043d\u0430\u044f","item":"https:\/\/tabaccomd.com\/ro\/","nextItem":{"@type":"ListItem","@id":"https:\/\/tabaccomd.com\/ro\/catalog\/#listItem","name":"Catalog"}},{"@type":"ListItem","@id":"https:\/\/tabaccomd.com\/ro\/catalog\/#listItem","position":2,"name":"Catalog","item":"https:\/\/tabaccomd.com\/ro\/catalog\/","nextItem":{"@type":"ListItem","@id":"https:\/\/tabaccomd.com\/ro\/product-category\/trabucuri\/#listItem","name":"Trabucuri"},"previousItem":{"@type":"ListItem","@id":"https:\/\/tabaccomd.com\/ro\/#listItem","name":"\u0413\u043b\u0430\u0432\u043d\u0430\u044f"}},{"@type":"ListItem","@id":"https:\/\/tabaccomd.com\/ro\/product-category\/trabucuri\/#listItem","position":3,"name":"Trabucuri","item":"https:\/\/tabaccomd.com\/ro\/product-category\/trabucuri\/","nextItem":{"@type":"ListItem","@id":"https:\/\/tabaccomd.com\/ro\/product-category\/trabucuri\/husa-pentru-trabucuri\/#listItem","name":"Hus\u0103 pentru trabucuri"},"previousItem":{"@type":"ListItem","@id":"https:\/\/tabaccomd.com\/ro\/catalog\/#listItem","name":"Catalog"}},{"@type":"ListItem","@id":"https:\/\/tabaccomd.com\/ro\/product-category\/trabucuri\/husa-pentru-trabucuri\/#listItem","position":4,"name":"Hus\u0103 pentru trabucuri","item":"https:\/\/tabaccomd.com\/ro\/product-category\/trabucuri\/husa-pentru-trabucuri\/","nextItem":{"@type":"ListItem","@id":"https:\/\/tabaccomd.com\/ro\/product\/husa-pentru-3-trabucuri-jemar-121-3\/#listItem","name":"Hus\u0103 pentru 3 trabucuri Jemar 121\/3"},"previousItem":{"@type":"ListItem","@id":"https:\/\/tabaccomd.com\/ro\/product-category\/trabucuri\/#listItem","name":"Trabucuri"}},{"@type":"ListItem","@id":"https:\/\/tabaccomd.com\/ro\/product\/husa-pentru-3-trabucuri-jemar-121-3\/#listItem","position":5,"name":"Hus\u0103 pentru 3 trabucuri Jemar 121\/3","previousItem":{"@type":"ListItem","@id":"https:\/\/tabaccomd.com\/ro\/product-category\/trabucuri\/husa-pentru-trabucuri\/#listItem","name":"Hus\u0103 pentru trabucuri"}}]},{"@type":"Organization","@id":"https:\/\/tabaccomd.com\/ro\/#organization","name":"Tabacco House","description":"\u041c\u0430\u0433\u0430\u0437\u0438\u043d \u0442\u0430\u0431\u0430\u0447\u043d\u044b\u0445 \u0438\u0437\u0434\u0435\u043b\u0438\u0439","url":"https:\/\/tabaccomd.com\/ro\/","email":"Office@cazacuhouse.com","telephone":"+37361000935","logo":{"@type":"ImageObject","url":"https:\/\/tabaccomd.com\/wp-content\/uploads\/2024\/02\/logo_header3.png","@id":"https:\/\/tabaccomd.com\/ro\/product\/husa-pentru-3-trabucuri-jemar-121-3\/#organizationLogo","width":32,"height":32,"caption":"Tabacco House"},"image":{"@id":"https:\/\/tabaccomd.com\/ro\/product\/husa-pentru-3-trabucuri-jemar-121-3\/#organizationLogo"},"sameAs":["https:\/\/www.facebook.com\/tabaccomd.com\/","https:\/\/www.instagram.com\/tabaccomd.com\/"],"address":{"@id":"https:\/\/tabaccomd.com\/ro\/#postaladdress","@type":"PostalAddress","streetAddress":"Strada Albi\u015foara 4, Chi\u0219in\u0103u, Bulevardul \u0218tefan cel Mare \u0219i Sf\u00eent 136, Chi\u0219in\u0103u","addressLocality":"Chi\u0219in\u0103u","addressCountry":"MD"}},{"@type":"Product","@id":"https:\/\/tabaccomd.com\/ro\/product\/husa-pentru-3-trabucuri-jemar-121-3\/#wooCommerceProduct","name":"Hus\u0103 pentru 3 trabucuri Jemar 121\/3","description":"\u021aara produc\u0103torului: Spania\r\n \tProduc\u0103tor: Jemar\r\n \tCapacitate: 3 trabucuri\r\n \tLungime: 14 cm\r\n \tDiametrul trabucului: \u00d8\u202f 2,1 cm\r\n \tCuloare: Maro deschis\r\n \tMaterial: Piele natural\u0103","url":"https:\/\/tabaccomd.com\/ro\/product\/husa-pentru-3-trabucuri-jemar-121-3\/","sku":"1450","image":{"@type":"ImageObject","url":"https:\/\/tabaccomd.com\/wp-content\/uploads\/2020\/05\/Husa-pentru-3-trabucuri-Jemar-121-3.JPG","@id":"https:\/\/tabaccomd.com\/ro\/product\/husa-pentru-3-trabucuri-jemar-121-3\/#productImage","width":1200,"height":1200},"offers":{"@type":"Offer","url":"https:\/\/tabaccomd.com\/ro\/product\/husa-pentru-3-trabucuri-jemar-121-3\/#wooCommerceOffer","price":1450,"priceCurrency":"MDL","category":"Hus\u0103 pentru trabucuri","availability":"https:\/\/schema.org\/InStock","priceSpecification":{"@type":"PriceSpecification","price":1450,"priceCurrency":"MDL","valueAddedTaxIncluded":"true"},"seller":{"@type":"Organization","@id":"https:\/\/tabaccomd.com\/ro\/#organization"}}},{"@type":"WebPage","@id":"https:\/\/tabaccomd.com\/ro\/product\/husa-pentru-3-trabucuri-jemar-121-3\/#webpage","url":"https:\/\/tabaccomd.com\/ro\/product\/husa-pentru-3-trabucuri-jemar-121-3\/","name":"Hus\u0103 pentru 3 trabucuri Jemar 121\/3 \u2013 Tabacco House","inLanguage":"ro-RO","isPartOf":{"@id":"https:\/\/tabaccomd.com\/ro\/#website"},"breadcrumb":{"@id":"https:\/\/tabaccomd.com\/ro\/product\/husa-pentru-3-trabucuri-jemar-121-3\/#breadcrumblist"},"image":{"@type":"ImageObject","url":"https:\/\/tabaccomd.com\/wp-content\/uploads\/2020\/05\/Husa-pentru-3-trabucuri-Jemar-121-3.JPG","@id":"https:\/\/tabaccomd.com\/ro\/product\/husa-pentru-3-trabucuri-jemar-121-3\/#mainImage","width":1200,"height":1200},"primaryImageOfPage":{"@id":"https:\/\/tabaccomd.com\/ro\/product\/husa-pentru-3-trabucuri-jemar-121-3\/#mainImage"},"datePublished":"2020-05-03T13:22:05+03:00","dateModified":"2025-08-04T10:05:23+03:00"},{"@type":"WebSite","@id":"https:\/\/tabaccomd.com\/ro\/#website","url":"https:\/\/tabaccomd.com\/ro\/","name":"Tabacco House","alternateName":"tobaccomd.com","description":"\u041c\u0430\u0433\u0430\u0437\u0438\u043d \u0442\u0430\u0431\u0430\u0447\u043d\u044b\u0445 \u0438\u0437\u0434\u0435\u043b\u0438\u0439","inLanguage":"ro-RO","publisher":{"@id":"https:\/\/tabaccomd.com\/ro\/#organization"}}]},"og:locale":"ro_RO","og:site_name":"Tabacco House \u2013 \u041c\u0430\u0433\u0430\u0437\u0438\u043d \u0442\u0430\u0431\u0430\u0447\u043d\u044b\u0445 \u0438\u0437\u0434\u0435\u043b\u0438\u0439","og:type":"article","og:title":"Hus\u0103 pentru 3 trabucuri Jemar 121\/3 \u2013 Tabacco House","og:url":"https:\/\/tabaccomd.com\/ro\/product\/husa-pentru-3-trabucuri-jemar-121-3\/","article:published_time":"2020-05-03T10:22:05+00:00","article:modified_time":"2025-08-04T07:05:23+00:00","article:publisher":"https:\/\/www.facebook.com\/tabaccomd.com\/","twitter:card":"summary_large_image","twitter:title":"Hus\u0103 pentru 3 trabucuri Jemar 121\/3 \u2013 Tabacco House"},"aioseo_meta_data":{"post_id":"18557","title":null,"description":null,"keywords":null,"keyphrases":{"focus":{"keyphrase":"","score":0,"analysis":{"keyphraseInTitle":{"score":0,"maxScore":9,"error":1}}},"additional":[]},"primary_term":null,"canonical_url":null,"og_title":null,"og_description":null,"og_object_type":"default","og_image_type":"default","og_image_url":null,"og_image_width":null,"og_image_height":null,"og_image_custom_url":null,"og_image_custom_fields":null,"og_video":"","og_custom_url":null,"og_article_section":null,"og_article_tags":null,"twitter_use_og":false,"twitter_card":"default","twitter_image_type":"default","twitter_image_url":null,"twitter_image_custom_url":null,"twitter_image_custom_fields":null,"twitter_title":null,"twitter_description":null,"schema":{"blockGraphs":[],"customGraphs":[],"default":{"data":{"Article":[],"Course":[],"Dataset":[],"FAQPage":[],"Movie":[],"Person":[],"Product":[],"ProductReview":[],"Car":[],"Recipe":[],"Service":[],"SoftwareApplication":[],"WebPage":[]},"graphName":"Product","isEnabled":true},"graphs":[]},"schema_type":"default","schema_type_options":null,"pillar_content":false,"robots_default":true,"robots_noindex":false,"robots_noarchive":false,"robots_nosnippet":false,"robots_nofollow":false,"robots_noimageindex":false,"robots_noodp":false,"robots_notranslate":false,"robots_max_snippet":"-1","robots_max_videopreview":"-1","robots_max_imagepreview":"large","priority":null,"frequency":"default","local_seo":null,"seo_analyzer_scan_date":"2025-10-19 17:29:48","breadcrumb_settings":null,"limit_modified_date":false,"reviewed_by":"0","open_ai":"{\"title\":{\"suggestions\":[],\"usage\":0},\"description\":{\"suggestions\":[],\"usage\":0}}","ai":null,"created":"2023-03-30 14:46:30","updated":"2025-10-19 17:29:48"},"aioseo_breadcrumb":"<div class=\"aioseo-breadcrumbs\"><span class=\"aioseo-breadcrumb\">\n\t<a href=\"https:\/\/tabaccomd.com\/ro\/\" title=\"\u0413\u043b\u0430\u0432\u043d\u0430\u044f\">\u0413\u043b\u0430\u0432\u043d\u0430\u044f<\/a>\n<\/span><span class=\"aioseo-breadcrumb-separator\">\u00bb<\/span><span class=\"aioseo-breadcrumb\">\n\t<a href=\"https:\/\/tabaccomd.com\/ro\/catalog\/\" title=\"Catalog\">Catalog<\/a>\n<\/span><span class=\"aioseo-breadcrumb-separator\">\u00bb<\/span><span class=\"aioseo-breadcrumb\">\n\t<a href=\"https:\/\/tabaccomd.com\/ro\/product-category\/trabucuri\/\" title=\"Trabucuri\">Trabucuri<\/a>\n<\/span><span class=\"aioseo-breadcrumb-separator\">\u00bb<\/span><span class=\"aioseo-breadcrumb\">\n\t<a href=\"https:\/\/tabaccomd.com\/ro\/product-category\/trabucuri\/husa-pentru-trabucuri\/\" title=\"Hus\u0103 pentru trabucuri\">Hus\u0103 pentru trabucuri<\/a>\n<\/span><span class=\"aioseo-breadcrumb-separator\">\u00bb<\/span><span class=\"aioseo-breadcrumb\">\n\tHus\u0103 pentru 3 trabucuri Jemar 121\/3\n<\/span><\/div>","aioseo_breadcrumb_json":[{"label":"\u0413\u043b\u0430\u0432\u043d\u0430\u044f","link":"https:\/\/tabaccomd.com\/ro\/"},{"label":"Catalog","link":"https:\/\/tabaccomd.com\/ro\/catalog\/"},{"label":"Trabucuri","link":"https:\/\/tabaccomd.com\/ro\/product-category\/trabucuri\/"},{"label":"Hus\u0103 pentru trabucuri","link":"https:\/\/tabaccomd.com\/ro\/product-category\/trabucuri\/husa-pentru-trabucuri\/"},{"label":"Hus\u0103 pentru 3 trabucuri Jemar 121\/3","link":"https:\/\/tabaccomd.com\/ro\/product\/husa-pentru-3-trabucuri-jemar-121-3\/"}],"images_for_1c":[{"url":"https:\/\/tabaccomd.com\/wp-content\/uploads\/2020\/05\/Husa-pentru-3-trabucuri-Jemar-121-3.JPG","type":"featured","alt":"Hus\u0103-pentru-3-trabucuri-Jemar-121-3","filename":"Husa-pentru-3-trabucuri-Jemar-121-3.JPG"},{"url":"https:\/\/tabaccomd.com\/wp-content\/uploads\/2020\/05\/Husa-pentru-3-trabucuri-Jemar-121-3-0.JPG","type":"gallery","alt":"Hus\u0103-pentru-3-trabucuri-Jemar-121-3-0","filename":"Husa-pentru-3-trabucuri-Jemar-121-3-0.JPG"},{"url":"https:\/\/tabaccomd.com\/wp-content\/uploads\/2020\/05\/Husa-pentru-3-trabucuri-Jemar-121-3-2.JPG","type":"gallery","alt":"Hus\u0103-pentru-3-trabucuri-Jemar-121-3-2","filename":"Husa-pentru-3-trabucuri-Jemar-121-3-2.JPG"},{"url":"https:\/\/tabaccomd.com\/wp-content\/uploads\/2020\/05\/Husa-pentru-3-trabucuri-Jemar-121-3-1.JPG","type":"gallery","alt":"","filename":"Husa-pentru-3-trabucuri-Jemar-121-3-1.JPG"}],"additional_data_1c":{"modified_date":"2025-08-04 10:05:23","permalink":"https:\/\/tabaccomd.com\/ro\/product\/husa-pentru-3-trabucuri-jemar-121-3\/","stock_status":"instock","manage_stock":"no"},"_links":{"self":[{"href":"https:\/\/tabaccomd.com\/ro\/wp-json\/wp\/v2\/product\/18557","targetHints":{"allow":["GET"]}}],"collection":[{"href":"https:\/\/tabaccomd.com\/ro\/wp-json\/wp\/v2\/product"}],"about":[{"href":"https:\/\/tabaccomd.com\/ro\/wp-json\/wp\/v2\/types\/product"}],"wp:featuredmedia":[{"embeddable":true,"href":"https:\/\/tabaccomd.com\/ro\/wp-json\/wp\/v2\/media\/151273"}],"wp:attachment":[{"href":"https:\/\/tabaccomd.com\/ro\/wp-json\/wp\/v2\/media?parent=18557"}],"wp:term":[{"taxonomy":"product_brand","embeddable":true,"href":"https:\/\/tabaccomd.com\/ro\/wp-json\/wp\/v2\/product_brand?post=18557"},{"taxonomy":"product_cat","embeddable":true,"href":"https:\/\/tabaccomd.com\/ro\/wp-json\/wp\/v2\/product_cat?post=18557"},{"taxonomy":"product_tag","embeddable":true,"href":"https:\/\/tabaccomd.com\/ro\/wp-json\/wp\/v2\/product_tag?post=18557"}],"curies":[{"name":"wp","href":"https:\/\/api.w.org\/{rel}","templated":true}]}}