{"id":17155,"date":"2020-04-30T12:55:26","date_gmt":"2020-04-30T09:55:26","guid":{"rendered":"https:\/\/new124.tabaccomd.com\/product\/gizeh-gilze-silver-tip-carbon-100\/"},"modified":"2026-02-24T17:49:14","modified_gmt":"2026-02-24T14:49:14","slug":"gizeh-gilze-silver-tip-carbon-100","status":"publish","type":"product","link":"https:\/\/tabaccomd.com\/ro\/product\/gizeh-gilze-silver-tip-carbon-100\/","title":{"rendered":"Tuburi de \u021big\u0103ri Gizeh Silver Tip Carbon \u2018100"},"content":{"rendered":"<p>Combina\u021bia de h\u00e2rtie de \u00eenalt\u0103 calitate \u0219i filtru de c\u0103rbune activ din Gizeh Silver Tip Carbon ofer\u0103 un gust echilibrat pe care chiar \u0219i cei mai preten\u021bio\u0219i fum\u0103tori \u00eel vor aprecia. Aceste <a href=\"https:\/\/tabaccomd.com\/ro\/categorie-produs\/totul-pentru-rulat\/tubos-pentru-tigara-2\/\">cartu\u0219e<\/a> filtrante se disting prin faptul c\u0103 c\u0103rbunele activ din filtru absoarbe \u00een mod eficient substan\u021bele nocive f\u0103r\u0103 a schimba gustul tutunului. Acest lucru face fumatul mai curat \u0219i mai fin, reduc\u00e2nd cantitatea de gudroane d\u0103un\u0103toare \u0219i al\u021bi compu\u0219i care intr\u0103 \u00een pl\u0103m\u00e2ni. Fiecare pachet de Gizeh Silver Tip Carbon con\u021bine 100 de tuburi de \u021big\u0103ri, f\u0103c\u00e2ndu-le convenabile \u0219i economice pentru utilizare frecvent\u0103. H\u00e2rtia de \u00eenalt\u0103 calitate folosit\u0103 \u00een aceste cartu\u0219e arde uniform, f\u0103r\u0103 a afecta gustul tutunului \u0219i ofer\u0103 o experien\u021b\u0103 pl\u0103cut\u0103 de fumat. Tuburile sunt u\u0219or de umplut \u0219i \u00ee\u0219i p\u0103streaz\u0103 forma, f\u0103c\u00e2nd procesul de rulare rapid \u0219i convenabil.<\/p>\n<p>Pute\u021bi achizi\u021biona tuburile de \u021big\u0103ri Gizeh Silver Tip Carbon \u2018100 \u00een Moldova, Chi\u0219in\u0103u, \u00een re\u021beaua de magazine Tabacco House.<\/p>\n","protected":false},"excerpt":{"rendered":"<ul>\n<li>Produc\u0103tor: GIZEH Raucherbedarf GmbH<\/li>\n<li>\u021aara produc\u0103torului: Germania<\/li>\n<li>Cantitate: 100 buc\u0103\u021bi<\/li>\n<li>Lungime tub: 84 mm<\/li>\n<li>Diametru filtru: 8 mm (cu c\u0103rbune \u00een\u0103untru!)<\/li>\n<li>Lungime filtru: 15 mm<\/li>\n<\/ul>\n","protected":false},"featured_media":156975,"template":"","meta":{"om_disable_all_campaigns":false,"_monsterinsights_skip_tracking":false,"_monsterinsights_sitenote_active":false,"_monsterinsights_sitenote_note":"","_monsterinsights_sitenote_category":0},"product_brand":[],"product_cat":[171],"product_tag":[],"class_list":{"0":"post-17155","1":"product","2":"type-product","3":"status-publish","4":"has-post-thumbnail","6":"product_cat-tuburi-pentru-tigari","8":"first","9":"instock","10":"taxable","11":"shipping-taxable","12":"purchasable","13":"product-type-simple"},"aioseo_notices":[],"aioseo_head":"\n\t\t<!-- All in One SEO Pro 4.9.5.2 - aioseo.com -->\n\t<meta name=\"robots\" content=\"max-image-preview:large\" \/>\n\t<link rel=\"canonical\" href=\"https:\/\/tabaccomd.com\/ro\/product\/gizeh-gilze-silver-tip-carbon-100\/\" \/>\n\t<meta name=\"generator\" content=\"All in One SEO Pro (AIOSEO) 4.9.5.2\" \/>\n\t\t<meta property=\"og:locale\" content=\"ro_RO\" \/>\n\t\t<meta property=\"og:site_name\" content=\"Tabacco House \u2013 \u041c\u0430\u0433\u0430\u0437\u0438\u043d \u0442\u0430\u0431\u0430\u0447\u043d\u044b\u0445 \u0438\u0437\u0434\u0435\u043b\u0438\u0439\" \/>\n\t\t<meta property=\"og:type\" content=\"article\" \/>\n\t\t<meta property=\"og:title\" content=\"Tuburi de \u021big\u0103ri Gizeh Silver Tip Carbon \u2018100 \u2013 Tabacco House\" \/>\n\t\t<meta property=\"og:url\" content=\"https:\/\/tabaccomd.com\/ro\/product\/gizeh-gilze-silver-tip-carbon-100\/\" \/>\n\t\t<meta property=\"article:published_time\" content=\"2020-04-30T09:55:26+00:00\" \/>\n\t\t<meta property=\"article:modified_time\" content=\"2026-02-24T14:49:14+00:00\" \/>\n\t\t<meta property=\"article:publisher\" content=\"https:\/\/www.facebook.com\/tabaccomd.com\/\" \/>\n\t\t<meta name=\"twitter:card\" content=\"summary_large_image\" \/>\n\t\t<meta name=\"twitter:title\" content=\"Tuburi de \u021big\u0103ri Gizeh Silver Tip Carbon \u2018100 \u2013 Tabacco House\" \/>\n\t\t<script type=\"application\/ld+json\" class=\"aioseo-schema\">\n\t\t\t{\"@context\":\"https:\\\/\\\/schema.org\",\"@graph\":[{\"@type\":\"BreadcrumbList\",\"@id\":\"https:\\\/\\\/tabaccomd.com\\\/ro\\\/product\\\/gizeh-gilze-silver-tip-carbon-100\\\/#breadcrumblist\",\"itemListElement\":[{\"@type\":\"ListItem\",\"@id\":\"https:\\\/\\\/tabaccomd.com\\\/ro\\\/#listItem\",\"position\":1,\"name\":\"\\u0413\\u043b\\u0430\\u0432\\u043d\\u0430\\u044f\",\"item\":\"https:\\\/\\\/tabaccomd.com\\\/ro\\\/\",\"nextItem\":{\"@type\":\"ListItem\",\"@id\":\"https:\\\/\\\/tabaccomd.com\\\/ro\\\/catalog\\\/#listItem\",\"name\":\"Catalog\"}},{\"@type\":\"ListItem\",\"@id\":\"https:\\\/\\\/tabaccomd.com\\\/ro\\\/catalog\\\/#listItem\",\"position\":2,\"name\":\"Catalog\",\"item\":\"https:\\\/\\\/tabaccomd.com\\\/ro\\\/catalog\\\/\",\"nextItem\":{\"@type\":\"ListItem\",\"@id\":\"https:\\\/\\\/tabaccomd.com\\\/ro\\\/product-category\\\/totul-pentru-rulat\\\/#listItem\",\"name\":\"Totul pentru rulat\"},\"previousItem\":{\"@type\":\"ListItem\",\"@id\":\"https:\\\/\\\/tabaccomd.com\\\/ro\\\/#listItem\",\"name\":\"\\u0413\\u043b\\u0430\\u0432\\u043d\\u0430\\u044f\"}},{\"@type\":\"ListItem\",\"@id\":\"https:\\\/\\\/tabaccomd.com\\\/ro\\\/product-category\\\/totul-pentru-rulat\\\/#listItem\",\"position\":3,\"name\":\"Totul pentru rulat\",\"item\":\"https:\\\/\\\/tabaccomd.com\\\/ro\\\/product-category\\\/totul-pentru-rulat\\\/\",\"nextItem\":{\"@type\":\"ListItem\",\"@id\":\"https:\\\/\\\/tabaccomd.com\\\/ro\\\/product-category\\\/totul-pentru-rulat\\\/tuburi-pentru-tigari\\\/#listItem\",\"name\":\"Tuburi pentru \\u021big\\u0103ri\"},\"previousItem\":{\"@type\":\"ListItem\",\"@id\":\"https:\\\/\\\/tabaccomd.com\\\/ro\\\/catalog\\\/#listItem\",\"name\":\"Catalog\"}},{\"@type\":\"ListItem\",\"@id\":\"https:\\\/\\\/tabaccomd.com\\\/ro\\\/product-category\\\/totul-pentru-rulat\\\/tuburi-pentru-tigari\\\/#listItem\",\"position\":4,\"name\":\"Tuburi pentru \\u021big\\u0103ri\",\"item\":\"https:\\\/\\\/tabaccomd.com\\\/ro\\\/product-category\\\/totul-pentru-rulat\\\/tuburi-pentru-tigari\\\/\",\"nextItem\":{\"@type\":\"ListItem\",\"@id\":\"https:\\\/\\\/tabaccomd.com\\\/ro\\\/product\\\/gizeh-gilze-silver-tip-carbon-100\\\/#listItem\",\"name\":\"Tuburi de \\u021big\\u0103ri Gizeh Silver Tip Carbon \\u2018100\"},\"previousItem\":{\"@type\":\"ListItem\",\"@id\":\"https:\\\/\\\/tabaccomd.com\\\/ro\\\/product-category\\\/totul-pentru-rulat\\\/#listItem\",\"name\":\"Totul pentru rulat\"}},{\"@type\":\"ListItem\",\"@id\":\"https:\\\/\\\/tabaccomd.com\\\/ro\\\/product\\\/gizeh-gilze-silver-tip-carbon-100\\\/#listItem\",\"position\":5,\"name\":\"Tuburi de \\u021big\\u0103ri Gizeh Silver Tip Carbon \\u2018100\",\"previousItem\":{\"@type\":\"ListItem\",\"@id\":\"https:\\\/\\\/tabaccomd.com\\\/ro\\\/product-category\\\/totul-pentru-rulat\\\/tuburi-pentru-tigari\\\/#listItem\",\"name\":\"Tuburi pentru \\u021big\\u0103ri\"}}]},{\"@type\":\"Organization\",\"@id\":\"https:\\\/\\\/tabaccomd.com\\\/ro\\\/#organization\",\"name\":\"Tabacco House\",\"description\":\"\\u041c\\u0430\\u0433\\u0430\\u0437\\u0438\\u043d \\u0442\\u0430\\u0431\\u0430\\u0447\\u043d\\u044b\\u0445 \\u0438\\u0437\\u0434\\u0435\\u043b\\u0438\\u0439\",\"url\":\"https:\\\/\\\/tabaccomd.com\\\/ro\\\/\",\"email\":\"Office@cazacuhouse.com\",\"telephone\":\"+37361000935\",\"logo\":{\"@type\":\"ImageObject\",\"url\":\"https:\\\/\\\/tabaccomd.com\\\/wp-content\\\/uploads\\\/2024\\\/02\\\/logo_header3.png\",\"@id\":\"https:\\\/\\\/tabaccomd.com\\\/ro\\\/product\\\/gizeh-gilze-silver-tip-carbon-100\\\/#organizationLogo\",\"width\":32,\"height\":32,\"caption\":\"Tabacco House\"},\"image\":{\"@id\":\"https:\\\/\\\/tabaccomd.com\\\/ro\\\/product\\\/gizeh-gilze-silver-tip-carbon-100\\\/#organizationLogo\"},\"sameAs\":[\"https:\\\/\\\/www.facebook.com\\\/tabaccomd.com\\\/\",\"https:\\\/\\\/www.instagram.com\\\/tabaccomd.com\\\/\"],\"address\":{\"@id\":\"https:\\\/\\\/tabaccomd.com\\\/ro\\\/#postaladdress\",\"@type\":\"PostalAddress\",\"streetAddress\":\"Strada Albi\\u015foara 4, Chi\\u0219in\\u0103u, Bulevardul \\u0218tefan cel Mare \\u0219i Sf\\u00eent 136, Chi\\u0219in\\u0103u\",\"addressLocality\":\"Chi\\u0219in\\u0103u\",\"addressCountry\":\"MD\"}},{\"@type\":\"Product\",\"@id\":\"https:\\\/\\\/tabaccomd.com\\\/ro\\\/product\\\/gizeh-gilze-silver-tip-carbon-100\\\/#wooCommerceProduct\",\"name\":\"Tuburi de \\u021big\\u0103ri Gizeh Silver Tip Carbon \\u2018100\",\"description\":\"Produc\\u0103tor: GIZEH Raucherbedarf GmbH\\r\\n \\t\\u021aara produc\\u0103torului: Germania\\r\\n \\tCantitate: 100 buc\\u0103\\u021bi\\r\\n \\tLungime tub: 84 mm\\r\\n \\tDiametru filtru: 8 mm (cu c\\u0103rbune \\u00een\\u0103untru!)\\r\\n \\tLungime filtru: 15 mm\",\"url\":\"https:\\\/\\\/tabaccomd.com\\\/ro\\\/product\\\/gizeh-gilze-silver-tip-carbon-100\\\/\",\"sku\":\"GZHSLVRTPCRB100\",\"image\":{\"@type\":\"ImageObject\",\"url\":\"https:\\\/\\\/tabaccomd.com\\\/wp-content\\\/uploads\\\/2020\\\/04\\\/tuburi-gizeh-carbon-filter.jpg\",\"@id\":\"https:\\\/\\\/tabaccomd.com\\\/ro\\\/product\\\/gizeh-gilze-silver-tip-carbon-100\\\/#productImage\",\"width\":1200,\"height\":1200,\"caption\":\"tuburi-gizeh-carbon-filter\"},\"offers\":{\"@type\":\"Offer\",\"url\":\"https:\\\/\\\/tabaccomd.com\\\/ro\\\/product\\\/gizeh-gilze-silver-tip-carbon-100\\\/#wooCommerceOffer\",\"price\":40,\"priceCurrency\":\"MDL\",\"category\":\"Tuburi pentru \\u021big\\u0103ri\",\"availability\":\"https:\\\/\\\/schema.org\\\/InStock\",\"priceSpecification\":{\"@type\":\"PriceSpecification\",\"price\":40,\"priceCurrency\":\"MDL\",\"valueAddedTaxIncluded\":\"true\"},\"seller\":{\"@type\":\"Organization\",\"@id\":\"https:\\\/\\\/tabaccomd.com\\\/ro\\\/#organization\"}}},{\"@type\":\"WebPage\",\"@id\":\"https:\\\/\\\/tabaccomd.com\\\/ro\\\/product\\\/gizeh-gilze-silver-tip-carbon-100\\\/#webpage\",\"url\":\"https:\\\/\\\/tabaccomd.com\\\/ro\\\/product\\\/gizeh-gilze-silver-tip-carbon-100\\\/\",\"name\":\"Tuburi de \\u021big\\u0103ri Gizeh Silver Tip Carbon \\u2018100 \\u2013 Tabacco House\",\"inLanguage\":\"ro-RO\",\"isPartOf\":{\"@id\":\"https:\\\/\\\/tabaccomd.com\\\/ro\\\/#website\"},\"breadcrumb\":{\"@id\":\"https:\\\/\\\/tabaccomd.com\\\/ro\\\/product\\\/gizeh-gilze-silver-tip-carbon-100\\\/#breadcrumblist\"},\"image\":{\"@type\":\"ImageObject\",\"url\":\"https:\\\/\\\/tabaccomd.com\\\/wp-content\\\/uploads\\\/2020\\\/04\\\/tuburi-gizeh-carbon-filter.jpg\",\"@id\":\"https:\\\/\\\/tabaccomd.com\\\/ro\\\/product\\\/gizeh-gilze-silver-tip-carbon-100\\\/#mainImage\",\"width\":1200,\"height\":1200,\"caption\":\"tuburi-gizeh-carbon-filter\"},\"primaryImageOfPage\":{\"@id\":\"https:\\\/\\\/tabaccomd.com\\\/ro\\\/product\\\/gizeh-gilze-silver-tip-carbon-100\\\/#mainImage\"},\"datePublished\":\"2020-04-30T12:55:26+03:00\",\"dateModified\":\"2026-02-24T17:49:14+03:00\"},{\"@type\":\"WebSite\",\"@id\":\"https:\\\/\\\/tabaccomd.com\\\/ro\\\/#website\",\"url\":\"https:\\\/\\\/tabaccomd.com\\\/ro\\\/\",\"name\":\"Tabacco House\",\"alternateName\":\"tobaccomd.com\",\"description\":\"\\u041c\\u0430\\u0433\\u0430\\u0437\\u0438\\u043d \\u0442\\u0430\\u0431\\u0430\\u0447\\u043d\\u044b\\u0445 \\u0438\\u0437\\u0434\\u0435\\u043b\\u0438\\u0439\",\"inLanguage\":\"ro-RO\",\"publisher\":{\"@id\":\"https:\\\/\\\/tabaccomd.com\\\/ro\\\/#organization\"}}]}\n\t\t<\/script>\n\t\t<!-- All in One SEO Pro -->\r\n\t\t<title>Tuburi de \u021big\u0103ri Gizeh Silver Tip Carbon \u2018100 \u2013 Tabacco House<\/title>\n\n","aioseo_head_json":{"title":"Tuburi de \u021big\u0103ri Gizeh Silver Tip Carbon \u2018100 \u2013 Tabacco House","description":"","canonical_url":"https:\/\/tabaccomd.com\/ro\/product\/gizeh-gilze-silver-tip-carbon-100\/","robots":"max-image-preview:large","keywords":"","webmasterTools":{"miscellaneous":""},"schema":{"@context":"https:\/\/schema.org","@graph":[{"@type":"BreadcrumbList","@id":"https:\/\/tabaccomd.com\/ro\/product\/gizeh-gilze-silver-tip-carbon-100\/#breadcrumblist","itemListElement":[{"@type":"ListItem","@id":"https:\/\/tabaccomd.com\/ro\/#listItem","position":1,"name":"\u0413\u043b\u0430\u0432\u043d\u0430\u044f","item":"https:\/\/tabaccomd.com\/ro\/","nextItem":{"@type":"ListItem","@id":"https:\/\/tabaccomd.com\/ro\/catalog\/#listItem","name":"Catalog"}},{"@type":"ListItem","@id":"https:\/\/tabaccomd.com\/ro\/catalog\/#listItem","position":2,"name":"Catalog","item":"https:\/\/tabaccomd.com\/ro\/catalog\/","nextItem":{"@type":"ListItem","@id":"https:\/\/tabaccomd.com\/ro\/product-category\/totul-pentru-rulat\/#listItem","name":"Totul pentru rulat"},"previousItem":{"@type":"ListItem","@id":"https:\/\/tabaccomd.com\/ro\/#listItem","name":"\u0413\u043b\u0430\u0432\u043d\u0430\u044f"}},{"@type":"ListItem","@id":"https:\/\/tabaccomd.com\/ro\/product-category\/totul-pentru-rulat\/#listItem","position":3,"name":"Totul pentru rulat","item":"https:\/\/tabaccomd.com\/ro\/product-category\/totul-pentru-rulat\/","nextItem":{"@type":"ListItem","@id":"https:\/\/tabaccomd.com\/ro\/product-category\/totul-pentru-rulat\/tuburi-pentru-tigari\/#listItem","name":"Tuburi pentru \u021big\u0103ri"},"previousItem":{"@type":"ListItem","@id":"https:\/\/tabaccomd.com\/ro\/catalog\/#listItem","name":"Catalog"}},{"@type":"ListItem","@id":"https:\/\/tabaccomd.com\/ro\/product-category\/totul-pentru-rulat\/tuburi-pentru-tigari\/#listItem","position":4,"name":"Tuburi pentru \u021big\u0103ri","item":"https:\/\/tabaccomd.com\/ro\/product-category\/totul-pentru-rulat\/tuburi-pentru-tigari\/","nextItem":{"@type":"ListItem","@id":"https:\/\/tabaccomd.com\/ro\/product\/gizeh-gilze-silver-tip-carbon-100\/#listItem","name":"Tuburi de \u021big\u0103ri Gizeh Silver Tip Carbon \u2018100"},"previousItem":{"@type":"ListItem","@id":"https:\/\/tabaccomd.com\/ro\/product-category\/totul-pentru-rulat\/#listItem","name":"Totul pentru rulat"}},{"@type":"ListItem","@id":"https:\/\/tabaccomd.com\/ro\/product\/gizeh-gilze-silver-tip-carbon-100\/#listItem","position":5,"name":"Tuburi de \u021big\u0103ri Gizeh Silver Tip Carbon \u2018100","previousItem":{"@type":"ListItem","@id":"https:\/\/tabaccomd.com\/ro\/product-category\/totul-pentru-rulat\/tuburi-pentru-tigari\/#listItem","name":"Tuburi pentru \u021big\u0103ri"}}]},{"@type":"Organization","@id":"https:\/\/tabaccomd.com\/ro\/#organization","name":"Tabacco House","description":"\u041c\u0430\u0433\u0430\u0437\u0438\u043d \u0442\u0430\u0431\u0430\u0447\u043d\u044b\u0445 \u0438\u0437\u0434\u0435\u043b\u0438\u0439","url":"https:\/\/tabaccomd.com\/ro\/","email":"Office@cazacuhouse.com","telephone":"+37361000935","logo":{"@type":"ImageObject","url":"https:\/\/tabaccomd.com\/wp-content\/uploads\/2024\/02\/logo_header3.png","@id":"https:\/\/tabaccomd.com\/ro\/product\/gizeh-gilze-silver-tip-carbon-100\/#organizationLogo","width":32,"height":32,"caption":"Tabacco House"},"image":{"@id":"https:\/\/tabaccomd.com\/ro\/product\/gizeh-gilze-silver-tip-carbon-100\/#organizationLogo"},"sameAs":["https:\/\/www.facebook.com\/tabaccomd.com\/","https:\/\/www.instagram.com\/tabaccomd.com\/"],"address":{"@id":"https:\/\/tabaccomd.com\/ro\/#postaladdress","@type":"PostalAddress","streetAddress":"Strada Albi\u015foara 4, Chi\u0219in\u0103u, Bulevardul \u0218tefan cel Mare \u0219i Sf\u00eent 136, Chi\u0219in\u0103u","addressLocality":"Chi\u0219in\u0103u","addressCountry":"MD"}},{"@type":"Product","@id":"https:\/\/tabaccomd.com\/ro\/product\/gizeh-gilze-silver-tip-carbon-100\/#wooCommerceProduct","name":"Tuburi de \u021big\u0103ri Gizeh Silver Tip Carbon \u2018100","description":"Produc\u0103tor: GIZEH Raucherbedarf GmbH\r\n \t\u021aara produc\u0103torului: Germania\r\n \tCantitate: 100 buc\u0103\u021bi\r\n \tLungime tub: 84 mm\r\n \tDiametru filtru: 8 mm (cu c\u0103rbune \u00een\u0103untru!)\r\n \tLungime filtru: 15 mm","url":"https:\/\/tabaccomd.com\/ro\/product\/gizeh-gilze-silver-tip-carbon-100\/","sku":"GZHSLVRTPCRB100","image":{"@type":"ImageObject","url":"https:\/\/tabaccomd.com\/wp-content\/uploads\/2020\/04\/tuburi-gizeh-carbon-filter.jpg","@id":"https:\/\/tabaccomd.com\/ro\/product\/gizeh-gilze-silver-tip-carbon-100\/#productImage","width":1200,"height":1200,"caption":"tuburi-gizeh-carbon-filter"},"offers":{"@type":"Offer","url":"https:\/\/tabaccomd.com\/ro\/product\/gizeh-gilze-silver-tip-carbon-100\/#wooCommerceOffer","price":40,"priceCurrency":"MDL","category":"Tuburi pentru \u021big\u0103ri","availability":"https:\/\/schema.org\/InStock","priceSpecification":{"@type":"PriceSpecification","price":40,"priceCurrency":"MDL","valueAddedTaxIncluded":"true"},"seller":{"@type":"Organization","@id":"https:\/\/tabaccomd.com\/ro\/#organization"}}},{"@type":"WebPage","@id":"https:\/\/tabaccomd.com\/ro\/product\/gizeh-gilze-silver-tip-carbon-100\/#webpage","url":"https:\/\/tabaccomd.com\/ro\/product\/gizeh-gilze-silver-tip-carbon-100\/","name":"Tuburi de \u021big\u0103ri Gizeh Silver Tip Carbon \u2018100 \u2013 Tabacco House","inLanguage":"ro-RO","isPartOf":{"@id":"https:\/\/tabaccomd.com\/ro\/#website"},"breadcrumb":{"@id":"https:\/\/tabaccomd.com\/ro\/product\/gizeh-gilze-silver-tip-carbon-100\/#breadcrumblist"},"image":{"@type":"ImageObject","url":"https:\/\/tabaccomd.com\/wp-content\/uploads\/2020\/04\/tuburi-gizeh-carbon-filter.jpg","@id":"https:\/\/tabaccomd.com\/ro\/product\/gizeh-gilze-silver-tip-carbon-100\/#mainImage","width":1200,"height":1200,"caption":"tuburi-gizeh-carbon-filter"},"primaryImageOfPage":{"@id":"https:\/\/tabaccomd.com\/ro\/product\/gizeh-gilze-silver-tip-carbon-100\/#mainImage"},"datePublished":"2020-04-30T12:55:26+03:00","dateModified":"2026-02-24T17:49:14+03:00"},{"@type":"WebSite","@id":"https:\/\/tabaccomd.com\/ro\/#website","url":"https:\/\/tabaccomd.com\/ro\/","name":"Tabacco House","alternateName":"tobaccomd.com","description":"\u041c\u0430\u0433\u0430\u0437\u0438\u043d \u0442\u0430\u0431\u0430\u0447\u043d\u044b\u0445 \u0438\u0437\u0434\u0435\u043b\u0438\u0439","inLanguage":"ro-RO","publisher":{"@id":"https:\/\/tabaccomd.com\/ro\/#organization"}}]},"og:locale":"ro_RO","og:site_name":"Tabacco House \u2013 \u041c\u0430\u0433\u0430\u0437\u0438\u043d \u0442\u0430\u0431\u0430\u0447\u043d\u044b\u0445 \u0438\u0437\u0434\u0435\u043b\u0438\u0439","og:type":"article","og:title":"Tuburi de \u021big\u0103ri Gizeh Silver Tip Carbon \u2018100 \u2013 Tabacco House","og:url":"https:\/\/tabaccomd.com\/ro\/product\/gizeh-gilze-silver-tip-carbon-100\/","article:published_time":"2020-04-30T09:55:26+00:00","article:modified_time":"2026-02-24T14:49:14+00:00","article:publisher":"https:\/\/www.facebook.com\/tabaccomd.com\/","twitter:card":"summary_large_image","twitter:title":"Tuburi de \u021big\u0103ri Gizeh Silver Tip Carbon \u2018100 \u2013 Tabacco House"},"aioseo_meta_data":{"post_id":"17155","title":null,"description":null,"keywords":null,"keyphrases":null,"primary_term":null,"canonical_url":null,"og_title":null,"og_description":null,"og_object_type":"default","og_image_type":"default","og_image_url":null,"og_image_width":null,"og_image_height":null,"og_image_custom_url":null,"og_image_custom_fields":null,"og_video":null,"og_custom_url":null,"og_article_section":null,"og_article_tags":null,"twitter_use_og":false,"twitter_card":"default","twitter_image_type":"default","twitter_image_url":null,"twitter_image_custom_url":null,"twitter_image_custom_fields":null,"twitter_title":null,"twitter_description":null,"schema":{"blockGraphs":[],"customGraphs":[],"default":{"data":{"Article":[],"Course":[],"Dataset":[],"FAQPage":[],"Movie":[],"Person":[],"Product":[],"ProductReview":[],"Car":[],"Recipe":[],"Service":[],"SoftwareApplication":[],"WebPage":[]},"graphName":"","isEnabled":true},"graphs":[]},"schema_type":"default","schema_type_options":null,"pillar_content":false,"robots_default":true,"robots_noindex":false,"robots_noarchive":false,"robots_nosnippet":false,"robots_nofollow":false,"robots_noimageindex":false,"robots_noodp":false,"robots_notranslate":false,"robots_max_snippet":null,"robots_max_videopreview":null,"robots_max_imagepreview":"large","priority":null,"frequency":null,"local_seo":null,"seo_analyzer_scan_date":"2026-02-24 14:58:33","breadcrumb_settings":null,"limit_modified_date":false,"reviewed_by":null,"open_ai":null,"ai":null,"created":"2023-03-30 15:13:56","updated":"2026-02-24 14:58:33"},"aioseo_breadcrumb":"<div class=\"aioseo-breadcrumbs\"><span class=\"aioseo-breadcrumb\">\n\t<a href=\"https:\/\/tabaccomd.com\/ro\/\" title=\"\u0413\u043b\u0430\u0432\u043d\u0430\u044f\">\u0413\u043b\u0430\u0432\u043d\u0430\u044f<\/a>\n<\/span><span class=\"aioseo-breadcrumb-separator\">\u00bb<\/span><span class=\"aioseo-breadcrumb\">\n\t<a href=\"https:\/\/tabaccomd.com\/ro\/catalog\/\" title=\"Catalog\">Catalog<\/a>\n<\/span><span class=\"aioseo-breadcrumb-separator\">\u00bb<\/span><span class=\"aioseo-breadcrumb\">\n\t<a href=\"https:\/\/tabaccomd.com\/ro\/product-category\/totul-pentru-rulat\/\" title=\"Totul pentru rulat\">Totul pentru rulat<\/a>\n<\/span><span class=\"aioseo-breadcrumb-separator\">\u00bb<\/span><span class=\"aioseo-breadcrumb\">\n\t<a href=\"https:\/\/tabaccomd.com\/ro\/product-category\/totul-pentru-rulat\/tuburi-pentru-tigari\/\" title=\"Tuburi pentru \u021big\u0103ri\">Tuburi pentru \u021big\u0103ri<\/a>\n<\/span><span class=\"aioseo-breadcrumb-separator\">\u00bb<\/span><span class=\"aioseo-breadcrumb\">\n\tTuburi de \u021big\u0103ri Gizeh Silver Tip Carbon \u2018100\n<\/span><\/div>","aioseo_breadcrumb_json":[{"label":"\u0413\u043b\u0430\u0432\u043d\u0430\u044f","link":"https:\/\/tabaccomd.com\/ro\/"},{"label":"Catalog","link":"https:\/\/tabaccomd.com\/ro\/catalog\/"},{"label":"Totul pentru rulat","link":"https:\/\/tabaccomd.com\/ro\/product-category\/totul-pentru-rulat\/"},{"label":"Tuburi pentru \u021big\u0103ri","link":"https:\/\/tabaccomd.com\/ro\/product-category\/totul-pentru-rulat\/tuburi-pentru-tigari\/"},{"label":"Tuburi de \u021big\u0103ri Gizeh Silver Tip Carbon \u2018100","link":"https:\/\/tabaccomd.com\/ro\/product\/gizeh-gilze-silver-tip-carbon-100\/"}],"images_for_1c":[{"url":"https:\/\/tabaccomd.com\/wp-content\/uploads\/2020\/04\/tuburi-gizeh-carbon-filter.jpg","type":"featured","alt":"tuburi-gizeh-carbon-filter","filename":"tuburi-gizeh-carbon-filter.jpg"},{"url":"https:\/\/tabaccomd.com\/wp-content\/uploads\/2020\/04\/tuburi-gizeh-carbon-filter-0.jpg","type":"gallery","alt":"tuburi-gizeh-carbon-filter-0","filename":"tuburi-gizeh-carbon-filter-0.jpg"}],"additional_data_1c":{"modified_date":"2026-02-24 17:49:14","permalink":"https:\/\/tabaccomd.com\/ro\/product\/gizeh-gilze-silver-tip-carbon-100\/","stock_status":"instock","manage_stock":"no"},"_links":{"self":[{"href":"https:\/\/tabaccomd.com\/ro\/wp-json\/wp\/v2\/product\/17155","targetHints":{"allow":["GET"]}}],"collection":[{"href":"https:\/\/tabaccomd.com\/ro\/wp-json\/wp\/v2\/product"}],"about":[{"href":"https:\/\/tabaccomd.com\/ro\/wp-json\/wp\/v2\/types\/product"}],"wp:featuredmedia":[{"embeddable":true,"href":"https:\/\/tabaccomd.com\/ro\/wp-json\/wp\/v2\/media\/156975"}],"wp:attachment":[{"href":"https:\/\/tabaccomd.com\/ro\/wp-json\/wp\/v2\/media?parent=17155"}],"wp:term":[{"taxonomy":"product_brand","embeddable":true,"href":"https:\/\/tabaccomd.com\/ro\/wp-json\/wp\/v2\/product_brand?post=17155"},{"taxonomy":"product_cat","embeddable":true,"href":"https:\/\/tabaccomd.com\/ro\/wp-json\/wp\/v2\/product_cat?post=17155"},{"taxonomy":"product_tag","embeddable":true,"href":"https:\/\/tabaccomd.com\/ro\/wp-json\/wp\/v2\/product_tag?post=17155"}],"curies":[{"name":"wp","href":"https:\/\/api.w.org\/{rel}","templated":true}]}}