{"id":17129,"date":"2020-04-30T11:07:51","date_gmt":"2020-04-30T08:07:51","guid":{"rendered":"https:\/\/new124.tabaccomd.com\/product\/tutun-super-value-natural-cavendish\/"},"modified":"2024-09-09T21:47:39","modified_gmt":"2024-09-09T18:47:39","slug":"tutun-super-value-natural-cavendish","status":"publish","type":"product","link":"https:\/\/tabaccomd.com\/ro\/product\/tutun-super-value-natural-cavendish\/","title":{"rendered":"Tutun Super Value Natural Cavendish"},"content":{"rendered":"<div>\u021aeva de tutun Super Value Natural Cavendish 42,5 g<\/div>\n<div>Super Value Natural Cavendish este un amestec de tutun r\u0103coros \u0219i delicat, cu un con\u021binut minim de arom\u0103 pentru un fumat u\u0219or \u0219i pl\u0103cut toat\u0103 ziua. De asemenea, este un tutun mixt incredibil de bun, care va \u00eenmuia o arom\u0103 prea dulce sau pentru amestecuri puternice engleze.<\/div>\n<div>Pute\u021bi cump\u0103ra \u021beav\u0103 de tutun Super Value Natural Cavendish 42,5 g \u00een Moldova \u00een lan\u021bul de magazine Luxpresents.md<\/div>\n<div><\/div>\n","protected":false},"excerpt":{"rendered":"<p>\u021aeva de tutun Super Value Natural Cavendish 42,5 g Super Value Natural Cavendish este un amestec de tutun r\u0103coros \u0219i [&hellip;]<\/p>\n","protected":false},"featured_media":14069,"template":"","meta":{"om_disable_all_campaigns":false,"_monsterinsights_skip_tracking":false,"_monsterinsights_sitenote_active":false,"_monsterinsights_sitenote_note":"","_monsterinsights_sitenote_category":0},"product_brand":[],"product_cat":[199],"product_tag":[],"class_list":{"0":"post-17129","1":"product","2":"type-product","3":"status-publish","4":"has-post-thumbnail","6":"product_cat-alte-tutunuri-pentru-pipa","8":"first","9":"outofstock","10":"taxable","11":"shipping-taxable","12":"purchasable","13":"product-type-simple"},"aioseo_notices":[],"aioseo_head":"\n\t\t<!-- All in One SEO Pro 4.9.5.2 - aioseo.com -->\n\t<meta name=\"description\" content=\"Tutun Super Value Natural Cavendish \u00een Chi\u0219in\u0103u. La Tabacco House g\u0103se\u0219ti o selec\u021bie excelent\u0103 \u0219i pre\u021buri avantajoase. Comand\u0103 cu livrare la telefon: 061-000-935.\" \/>\n\t<meta name=\"robots\" content=\"max-image-preview:large\" \/>\n\t<link rel=\"canonical\" href=\"https:\/\/tabaccomd.com\/ro\/product\/tutun-super-value-natural-cavendish\/\" \/>\n\t<meta name=\"generator\" content=\"All in One SEO Pro (AIOSEO) 4.9.5.2\" \/>\n\t\t<meta property=\"og:locale\" content=\"ro_RO\" \/>\n\t\t<meta property=\"og:site_name\" content=\"Tabacco House \u2013 \u041c\u0430\u0433\u0430\u0437\u0438\u043d \u0442\u0430\u0431\u0430\u0447\u043d\u044b\u0445 \u0438\u0437\u0434\u0435\u043b\u0438\u0439\" \/>\n\t\t<meta property=\"og:type\" content=\"article\" \/>\n\t\t<meta property=\"og:title\" content=\"Cump\u0103r\u0103 Tutun Super Value Natural Cavendish tutun pentru pip\u0103 \u00een Chi\u0219in\u0103u - tabaccomd.com\" \/>\n\t\t<meta property=\"og:description\" content=\"Tutun Super Value Natural Cavendish \u00een Chi\u0219in\u0103u. La Tabacco House g\u0103se\u0219ti o selec\u021bie excelent\u0103 \u0219i pre\u021buri avantajoase. Comand\u0103 cu livrare la telefon: 061-000-935.\" \/>\n\t\t<meta property=\"og:url\" content=\"https:\/\/tabaccomd.com\/ro\/product\/tutun-super-value-natural-cavendish\/\" \/>\n\t\t<meta property=\"article:published_time\" content=\"2020-04-30T08:07:51+00:00\" \/>\n\t\t<meta property=\"article:modified_time\" content=\"2024-09-09T18:47:39+00:00\" \/>\n\t\t<meta property=\"article:publisher\" content=\"https:\/\/www.facebook.com\/tabaccomd.com\/\" \/>\n\t\t<meta name=\"twitter:card\" content=\"summary_large_image\" \/>\n\t\t<meta name=\"twitter:title\" content=\"Cump\u0103r\u0103 Tutun Super Value Natural Cavendish tutun pentru pip\u0103 \u00een Chi\u0219in\u0103u - tabaccomd.com\" \/>\n\t\t<meta name=\"twitter:description\" content=\"Tutun Super Value Natural Cavendish \u00een Chi\u0219in\u0103u. La Tabacco House g\u0103se\u0219ti o selec\u021bie excelent\u0103 \u0219i pre\u021buri avantajoase. Comand\u0103 cu livrare la telefon: 061-000-935.\" \/>\n\t\t<script type=\"application\/ld+json\" class=\"aioseo-schema\">\n\t\t\t{\"@context\":\"https:\\\/\\\/schema.org\",\"@graph\":[{\"@type\":\"BreadcrumbList\",\"@id\":\"https:\\\/\\\/tabaccomd.com\\\/ro\\\/product\\\/tutun-super-value-natural-cavendish\\\/#breadcrumblist\",\"itemListElement\":[{\"@type\":\"ListItem\",\"@id\":\"https:\\\/\\\/tabaccomd.com\\\/ro\\\/#listItem\",\"position\":1,\"name\":\"\\u0413\\u043b\\u0430\\u0432\\u043d\\u0430\\u044f\",\"item\":\"https:\\\/\\\/tabaccomd.com\\\/ro\\\/\",\"nextItem\":{\"@type\":\"ListItem\",\"@id\":\"https:\\\/\\\/tabaccomd.com\\\/ro\\\/catalog\\\/#listItem\",\"name\":\"Catalog\"}},{\"@type\":\"ListItem\",\"@id\":\"https:\\\/\\\/tabaccomd.com\\\/ro\\\/catalog\\\/#listItem\",\"position\":2,\"name\":\"Catalog\",\"item\":\"https:\\\/\\\/tabaccomd.com\\\/ro\\\/catalog\\\/\",\"nextItem\":{\"@type\":\"ListItem\",\"@id\":\"https:\\\/\\\/tabaccomd.com\\\/ro\\\/product-category\\\/tutun\\\/#listItem\",\"name\":\"Tutun\"},\"previousItem\":{\"@type\":\"ListItem\",\"@id\":\"https:\\\/\\\/tabaccomd.com\\\/ro\\\/#listItem\",\"name\":\"\\u0413\\u043b\\u0430\\u0432\\u043d\\u0430\\u044f\"}},{\"@type\":\"ListItem\",\"@id\":\"https:\\\/\\\/tabaccomd.com\\\/ro\\\/product-category\\\/tutun\\\/#listItem\",\"position\":3,\"name\":\"Tutun\",\"item\":\"https:\\\/\\\/tabaccomd.com\\\/ro\\\/product-category\\\/tutun\\\/\",\"nextItem\":{\"@type\":\"ListItem\",\"@id\":\"https:\\\/\\\/tabaccomd.com\\\/ro\\\/product-category\\\/tutun\\\/tutun-pentru-pipe\\\/#listItem\",\"name\":\"Tutun pentru pip\\u0103\"},\"previousItem\":{\"@type\":\"ListItem\",\"@id\":\"https:\\\/\\\/tabaccomd.com\\\/ro\\\/catalog\\\/#listItem\",\"name\":\"Catalog\"}},{\"@type\":\"ListItem\",\"@id\":\"https:\\\/\\\/tabaccomd.com\\\/ro\\\/product-category\\\/tutun\\\/tutun-pentru-pipe\\\/#listItem\",\"position\":4,\"name\":\"Tutun pentru pip\\u0103\",\"item\":\"https:\\\/\\\/tabaccomd.com\\\/ro\\\/product-category\\\/tutun\\\/tutun-pentru-pipe\\\/\",\"nextItem\":{\"@type\":\"ListItem\",\"@id\":\"https:\\\/\\\/tabaccomd.com\\\/ro\\\/product-category\\\/tutun\\\/tutun-pentru-pipe\\\/alte-tutunuri-pentru-pipa\\\/#listItem\",\"name\":\"Alte tutunuri pentru pip\\u0103\"},\"previousItem\":{\"@type\":\"ListItem\",\"@id\":\"https:\\\/\\\/tabaccomd.com\\\/ro\\\/product-category\\\/tutun\\\/#listItem\",\"name\":\"Tutun\"}},{\"@type\":\"ListItem\",\"@id\":\"https:\\\/\\\/tabaccomd.com\\\/ro\\\/product-category\\\/tutun\\\/tutun-pentru-pipe\\\/alte-tutunuri-pentru-pipa\\\/#listItem\",\"position\":5,\"name\":\"Alte tutunuri pentru pip\\u0103\",\"item\":\"https:\\\/\\\/tabaccomd.com\\\/ro\\\/product-category\\\/tutun\\\/tutun-pentru-pipe\\\/alte-tutunuri-pentru-pipa\\\/\",\"nextItem\":{\"@type\":\"ListItem\",\"@id\":\"https:\\\/\\\/tabaccomd.com\\\/ro\\\/product\\\/tutun-super-value-natural-cavendish\\\/#listItem\",\"name\":\"Tutun Super Value Natural Cavendish\"},\"previousItem\":{\"@type\":\"ListItem\",\"@id\":\"https:\\\/\\\/tabaccomd.com\\\/ro\\\/product-category\\\/tutun\\\/tutun-pentru-pipe\\\/#listItem\",\"name\":\"Tutun pentru pip\\u0103\"}},{\"@type\":\"ListItem\",\"@id\":\"https:\\\/\\\/tabaccomd.com\\\/ro\\\/product\\\/tutun-super-value-natural-cavendish\\\/#listItem\",\"position\":6,\"name\":\"Tutun Super Value Natural Cavendish\",\"previousItem\":{\"@type\":\"ListItem\",\"@id\":\"https:\\\/\\\/tabaccomd.com\\\/ro\\\/product-category\\\/tutun\\\/tutun-pentru-pipe\\\/alte-tutunuri-pentru-pipa\\\/#listItem\",\"name\":\"Alte tutunuri pentru pip\\u0103\"}}]},{\"@type\":\"Organization\",\"@id\":\"https:\\\/\\\/tabaccomd.com\\\/ro\\\/#organization\",\"name\":\"Tabacco House\",\"description\":\"\\u041c\\u0430\\u0433\\u0430\\u0437\\u0438\\u043d \\u0442\\u0430\\u0431\\u0430\\u0447\\u043d\\u044b\\u0445 \\u0438\\u0437\\u0434\\u0435\\u043b\\u0438\\u0439\",\"url\":\"https:\\\/\\\/tabaccomd.com\\\/ro\\\/\",\"email\":\"Office@cazacuhouse.com\",\"telephone\":\"+37361000935\",\"logo\":{\"@type\":\"ImageObject\",\"url\":\"https:\\\/\\\/tabaccomd.com\\\/wp-content\\\/uploads\\\/2024\\\/02\\\/logo_header3.png\",\"@id\":\"https:\\\/\\\/tabaccomd.com\\\/ro\\\/product\\\/tutun-super-value-natural-cavendish\\\/#organizationLogo\",\"width\":32,\"height\":32,\"caption\":\"Tabacco House\"},\"image\":{\"@id\":\"https:\\\/\\\/tabaccomd.com\\\/ro\\\/product\\\/tutun-super-value-natural-cavendish\\\/#organizationLogo\"},\"sameAs\":[\"https:\\\/\\\/www.facebook.com\\\/tabaccomd.com\\\/\",\"https:\\\/\\\/www.instagram.com\\\/tabaccomd.com\\\/\"],\"address\":{\"@id\":\"https:\\\/\\\/tabaccomd.com\\\/ro\\\/#postaladdress\",\"@type\":\"PostalAddress\",\"streetAddress\":\"Strada Albi\\u015foara 4, Chi\\u0219in\\u0103u, Bulevardul \\u0218tefan cel Mare \\u0219i Sf\\u00eent 136, Chi\\u0219in\\u0103u\",\"addressLocality\":\"Chi\\u0219in\\u0103u\",\"addressCountry\":\"MD\"}},{\"@type\":\"Product\",\"@id\":\"https:\\\/\\\/tabaccomd.com\\\/ro\\\/product\\\/tutun-super-value-natural-cavendish\\\/#wooCommerceProduct\",\"name\":\"Tutun Super Value Natural Cavendish\",\"url\":\"https:\\\/\\\/tabaccomd.com\\\/ro\\\/product\\\/tutun-super-value-natural-cavendish\\\/\",\"sku\":\"Natural Cavendish 42.5 g\",\"image\":{\"@type\":\"ImageObject\",\"url\":\"https:\\\/\\\/tabaccomd.com\\\/wp-content\\\/uploads\\\/2020\\\/04\\\/inkedimg_8920__36205.1503931286_li.jpg\",\"@id\":\"https:\\\/\\\/tabaccomd.com\\\/ro\\\/product\\\/tutun-super-value-natural-cavendish\\\/#productImage\",\"width\":500,\"height\":332},\"offers\":{\"@type\":\"Offer\",\"url\":\"https:\\\/\\\/tabaccomd.com\\\/ro\\\/product\\\/tutun-super-value-natural-cavendish\\\/#wooCommerceOffer\",\"price\":80,\"priceCurrency\":\"MDL\",\"category\":\"Alte tutunuri pentru pip\\u0103\",\"availability\":\"https:\\\/\\\/schema.org\\\/OutOfStock\",\"priceSpecification\":{\"@type\":\"PriceSpecification\",\"price\":80,\"priceCurrency\":\"MDL\",\"valueAddedTaxIncluded\":\"true\"},\"seller\":{\"@type\":\"Organization\",\"@id\":\"https:\\\/\\\/tabaccomd.com\\\/ro\\\/#organization\"}}},{\"@type\":\"WebPage\",\"@id\":\"https:\\\/\\\/tabaccomd.com\\\/ro\\\/product\\\/tutun-super-value-natural-cavendish\\\/#webpage\",\"url\":\"https:\\\/\\\/tabaccomd.com\\\/ro\\\/product\\\/tutun-super-value-natural-cavendish\\\/\",\"name\":\"Cump\\u0103r\\u0103 Tutun Super Value Natural Cavendish tutun pentru pip\\u0103 \\u00een Chi\\u0219in\\u0103u - tabaccomd.com\",\"description\":\"Tutun Super Value Natural Cavendish \\u00een Chi\\u0219in\\u0103u. La Tabacco House g\\u0103se\\u0219ti o selec\\u021bie excelent\\u0103 \\u0219i pre\\u021buri avantajoase. Comand\\u0103 cu livrare la telefon: 061-000-935.\",\"inLanguage\":\"ro-RO\",\"isPartOf\":{\"@id\":\"https:\\\/\\\/tabaccomd.com\\\/ro\\\/#website\"},\"breadcrumb\":{\"@id\":\"https:\\\/\\\/tabaccomd.com\\\/ro\\\/product\\\/tutun-super-value-natural-cavendish\\\/#breadcrumblist\"},\"image\":{\"@type\":\"ImageObject\",\"url\":\"https:\\\/\\\/tabaccomd.com\\\/wp-content\\\/uploads\\\/2020\\\/04\\\/inkedimg_8920__36205.1503931286_li.jpg\",\"@id\":\"https:\\\/\\\/tabaccomd.com\\\/ro\\\/product\\\/tutun-super-value-natural-cavendish\\\/#mainImage\",\"width\":500,\"height\":332},\"primaryImageOfPage\":{\"@id\":\"https:\\\/\\\/tabaccomd.com\\\/ro\\\/product\\\/tutun-super-value-natural-cavendish\\\/#mainImage\"},\"datePublished\":\"2020-04-30T11:07:51+03:00\",\"dateModified\":\"2024-09-09T21:47:39+03:00\"},{\"@type\":\"WebSite\",\"@id\":\"https:\\\/\\\/tabaccomd.com\\\/ro\\\/#website\",\"url\":\"https:\\\/\\\/tabaccomd.com\\\/ro\\\/\",\"name\":\"Tabacco House\",\"alternateName\":\"tobaccomd.com\",\"description\":\"\\u041c\\u0430\\u0433\\u0430\\u0437\\u0438\\u043d \\u0442\\u0430\\u0431\\u0430\\u0447\\u043d\\u044b\\u0445 \\u0438\\u0437\\u0434\\u0435\\u043b\\u0438\\u0439\",\"inLanguage\":\"ro-RO\",\"publisher\":{\"@id\":\"https:\\\/\\\/tabaccomd.com\\\/ro\\\/#organization\"}}]}\n\t\t<\/script>\n\t\t<!-- All in One SEO Pro -->\r\n\t\t<title>Cump\u0103r\u0103 Tutun Super Value Natural Cavendish tutun pentru pip\u0103 \u00een Chi\u0219in\u0103u - tabaccomd.com<\/title>\n\n","aioseo_head_json":{"title":"Cump\u0103r\u0103 Tutun Super Value Natural Cavendish tutun pentru pip\u0103 \u00een Chi\u0219in\u0103u - tabaccomd.com","description":"Tutun Super Value Natural Cavendish \u00een Chi\u0219in\u0103u. La Tabacco House g\u0103se\u0219ti o selec\u021bie excelent\u0103 \u0219i pre\u021buri avantajoase. Comand\u0103 cu livrare la telefon: 061-000-935.","canonical_url":"https:\/\/tabaccomd.com\/ro\/product\/tutun-super-value-natural-cavendish\/","robots":"max-image-preview:large","keywords":"","webmasterTools":{"miscellaneous":""},"schema":{"@context":"https:\/\/schema.org","@graph":[{"@type":"BreadcrumbList","@id":"https:\/\/tabaccomd.com\/ro\/product\/tutun-super-value-natural-cavendish\/#breadcrumblist","itemListElement":[{"@type":"ListItem","@id":"https:\/\/tabaccomd.com\/ro\/#listItem","position":1,"name":"\u0413\u043b\u0430\u0432\u043d\u0430\u044f","item":"https:\/\/tabaccomd.com\/ro\/","nextItem":{"@type":"ListItem","@id":"https:\/\/tabaccomd.com\/ro\/catalog\/#listItem","name":"Catalog"}},{"@type":"ListItem","@id":"https:\/\/tabaccomd.com\/ro\/catalog\/#listItem","position":2,"name":"Catalog","item":"https:\/\/tabaccomd.com\/ro\/catalog\/","nextItem":{"@type":"ListItem","@id":"https:\/\/tabaccomd.com\/ro\/product-category\/tutun\/#listItem","name":"Tutun"},"previousItem":{"@type":"ListItem","@id":"https:\/\/tabaccomd.com\/ro\/#listItem","name":"\u0413\u043b\u0430\u0432\u043d\u0430\u044f"}},{"@type":"ListItem","@id":"https:\/\/tabaccomd.com\/ro\/product-category\/tutun\/#listItem","position":3,"name":"Tutun","item":"https:\/\/tabaccomd.com\/ro\/product-category\/tutun\/","nextItem":{"@type":"ListItem","@id":"https:\/\/tabaccomd.com\/ro\/product-category\/tutun\/tutun-pentru-pipe\/#listItem","name":"Tutun pentru pip\u0103"},"previousItem":{"@type":"ListItem","@id":"https:\/\/tabaccomd.com\/ro\/catalog\/#listItem","name":"Catalog"}},{"@type":"ListItem","@id":"https:\/\/tabaccomd.com\/ro\/product-category\/tutun\/tutun-pentru-pipe\/#listItem","position":4,"name":"Tutun pentru pip\u0103","item":"https:\/\/tabaccomd.com\/ro\/product-category\/tutun\/tutun-pentru-pipe\/","nextItem":{"@type":"ListItem","@id":"https:\/\/tabaccomd.com\/ro\/product-category\/tutun\/tutun-pentru-pipe\/alte-tutunuri-pentru-pipa\/#listItem","name":"Alte tutunuri pentru pip\u0103"},"previousItem":{"@type":"ListItem","@id":"https:\/\/tabaccomd.com\/ro\/product-category\/tutun\/#listItem","name":"Tutun"}},{"@type":"ListItem","@id":"https:\/\/tabaccomd.com\/ro\/product-category\/tutun\/tutun-pentru-pipe\/alte-tutunuri-pentru-pipa\/#listItem","position":5,"name":"Alte tutunuri pentru pip\u0103","item":"https:\/\/tabaccomd.com\/ro\/product-category\/tutun\/tutun-pentru-pipe\/alte-tutunuri-pentru-pipa\/","nextItem":{"@type":"ListItem","@id":"https:\/\/tabaccomd.com\/ro\/product\/tutun-super-value-natural-cavendish\/#listItem","name":"Tutun Super Value Natural Cavendish"},"previousItem":{"@type":"ListItem","@id":"https:\/\/tabaccomd.com\/ro\/product-category\/tutun\/tutun-pentru-pipe\/#listItem","name":"Tutun pentru pip\u0103"}},{"@type":"ListItem","@id":"https:\/\/tabaccomd.com\/ro\/product\/tutun-super-value-natural-cavendish\/#listItem","position":6,"name":"Tutun Super Value Natural Cavendish","previousItem":{"@type":"ListItem","@id":"https:\/\/tabaccomd.com\/ro\/product-category\/tutun\/tutun-pentru-pipe\/alte-tutunuri-pentru-pipa\/#listItem","name":"Alte tutunuri pentru pip\u0103"}}]},{"@type":"Organization","@id":"https:\/\/tabaccomd.com\/ro\/#organization","name":"Tabacco House","description":"\u041c\u0430\u0433\u0430\u0437\u0438\u043d \u0442\u0430\u0431\u0430\u0447\u043d\u044b\u0445 \u0438\u0437\u0434\u0435\u043b\u0438\u0439","url":"https:\/\/tabaccomd.com\/ro\/","email":"Office@cazacuhouse.com","telephone":"+37361000935","logo":{"@type":"ImageObject","url":"https:\/\/tabaccomd.com\/wp-content\/uploads\/2024\/02\/logo_header3.png","@id":"https:\/\/tabaccomd.com\/ro\/product\/tutun-super-value-natural-cavendish\/#organizationLogo","width":32,"height":32,"caption":"Tabacco House"},"image":{"@id":"https:\/\/tabaccomd.com\/ro\/product\/tutun-super-value-natural-cavendish\/#organizationLogo"},"sameAs":["https:\/\/www.facebook.com\/tabaccomd.com\/","https:\/\/www.instagram.com\/tabaccomd.com\/"],"address":{"@id":"https:\/\/tabaccomd.com\/ro\/#postaladdress","@type":"PostalAddress","streetAddress":"Strada Albi\u015foara 4, Chi\u0219in\u0103u, Bulevardul \u0218tefan cel Mare \u0219i Sf\u00eent 136, Chi\u0219in\u0103u","addressLocality":"Chi\u0219in\u0103u","addressCountry":"MD"}},{"@type":"Product","@id":"https:\/\/tabaccomd.com\/ro\/product\/tutun-super-value-natural-cavendish\/#wooCommerceProduct","name":"Tutun Super Value Natural Cavendish","url":"https:\/\/tabaccomd.com\/ro\/product\/tutun-super-value-natural-cavendish\/","sku":"Natural Cavendish 42.5 g","image":{"@type":"ImageObject","url":"https:\/\/tabaccomd.com\/wp-content\/uploads\/2020\/04\/inkedimg_8920__36205.1503931286_li.jpg","@id":"https:\/\/tabaccomd.com\/ro\/product\/tutun-super-value-natural-cavendish\/#productImage","width":500,"height":332},"offers":{"@type":"Offer","url":"https:\/\/tabaccomd.com\/ro\/product\/tutun-super-value-natural-cavendish\/#wooCommerceOffer","price":80,"priceCurrency":"MDL","category":"Alte tutunuri pentru pip\u0103","availability":"https:\/\/schema.org\/OutOfStock","priceSpecification":{"@type":"PriceSpecification","price":80,"priceCurrency":"MDL","valueAddedTaxIncluded":"true"},"seller":{"@type":"Organization","@id":"https:\/\/tabaccomd.com\/ro\/#organization"}}},{"@type":"WebPage","@id":"https:\/\/tabaccomd.com\/ro\/product\/tutun-super-value-natural-cavendish\/#webpage","url":"https:\/\/tabaccomd.com\/ro\/product\/tutun-super-value-natural-cavendish\/","name":"Cump\u0103r\u0103 Tutun Super Value Natural Cavendish tutun pentru pip\u0103 \u00een Chi\u0219in\u0103u - tabaccomd.com","description":"Tutun Super Value Natural Cavendish \u00een Chi\u0219in\u0103u. La Tabacco House g\u0103se\u0219ti o selec\u021bie excelent\u0103 \u0219i pre\u021buri avantajoase. Comand\u0103 cu livrare la telefon: 061-000-935.","inLanguage":"ro-RO","isPartOf":{"@id":"https:\/\/tabaccomd.com\/ro\/#website"},"breadcrumb":{"@id":"https:\/\/tabaccomd.com\/ro\/product\/tutun-super-value-natural-cavendish\/#breadcrumblist"},"image":{"@type":"ImageObject","url":"https:\/\/tabaccomd.com\/wp-content\/uploads\/2020\/04\/inkedimg_8920__36205.1503931286_li.jpg","@id":"https:\/\/tabaccomd.com\/ro\/product\/tutun-super-value-natural-cavendish\/#mainImage","width":500,"height":332},"primaryImageOfPage":{"@id":"https:\/\/tabaccomd.com\/ro\/product\/tutun-super-value-natural-cavendish\/#mainImage"},"datePublished":"2020-04-30T11:07:51+03:00","dateModified":"2024-09-09T21:47:39+03:00"},{"@type":"WebSite","@id":"https:\/\/tabaccomd.com\/ro\/#website","url":"https:\/\/tabaccomd.com\/ro\/","name":"Tabacco House","alternateName":"tobaccomd.com","description":"\u041c\u0430\u0433\u0430\u0437\u0438\u043d \u0442\u0430\u0431\u0430\u0447\u043d\u044b\u0445 \u0438\u0437\u0434\u0435\u043b\u0438\u0439","inLanguage":"ro-RO","publisher":{"@id":"https:\/\/tabaccomd.com\/ro\/#organization"}}]},"og:locale":"ro_RO","og:site_name":"Tabacco House \u2013 \u041c\u0430\u0433\u0430\u0437\u0438\u043d \u0442\u0430\u0431\u0430\u0447\u043d\u044b\u0445 \u0438\u0437\u0434\u0435\u043b\u0438\u0439","og:type":"article","og:title":"Cump\u0103r\u0103 Tutun Super Value Natural Cavendish tutun pentru pip\u0103 \u00een Chi\u0219in\u0103u - tabaccomd.com","og:description":"Tutun Super Value Natural Cavendish \u00een Chi\u0219in\u0103u. La Tabacco House g\u0103se\u0219ti o selec\u021bie excelent\u0103 \u0219i pre\u021buri avantajoase. Comand\u0103 cu livrare la telefon: 061-000-935.","og:url":"https:\/\/tabaccomd.com\/ro\/product\/tutun-super-value-natural-cavendish\/","article:published_time":"2020-04-30T08:07:51+00:00","article:modified_time":"2024-09-09T18:47:39+00:00","article:publisher":"https:\/\/www.facebook.com\/tabaccomd.com\/","twitter:card":"summary_large_image","twitter:title":"Cump\u0103r\u0103 Tutun Super Value Natural Cavendish tutun pentru pip\u0103 \u00een Chi\u0219in\u0103u - tabaccomd.com","twitter:description":"Tutun Super Value Natural Cavendish \u00een Chi\u0219in\u0103u. La Tabacco House g\u0103se\u0219ti o selec\u021bie excelent\u0103 \u0219i pre\u021buri avantajoase. Comand\u0103 cu livrare la telefon: 061-000-935."},"aioseo_meta_data":{"post_id":"17129","title":"Cump\u0103r\u0103 #post_title tutun pentru pip\u0103 \u00een Chi\u0219in\u0103u - tabaccomd.com","description":"#post_title \u00een Chi\u0219in\u0103u. La Tabacco House g\u0103se\u0219ti o selec\u021bie excelent\u0103 \u0219i pre\u021buri avantajoase. Comand\u0103 cu livrare la telefon: 061-000-935.","keywords":null,"keyphrases":{"focus":{"keyphrase":"","score":0,"analysis":{"keyphraseInTitle":{"score":0,"maxScore":9,"error":1}}},"additional":[]},"primary_term":null,"canonical_url":null,"og_title":null,"og_description":null,"og_object_type":"default","og_image_type":"default","og_image_url":null,"og_image_width":null,"og_image_height":null,"og_image_custom_url":null,"og_image_custom_fields":null,"og_video":"","og_custom_url":null,"og_article_section":null,"og_article_tags":null,"twitter_use_og":false,"twitter_card":"default","twitter_image_type":"default","twitter_image_url":null,"twitter_image_custom_url":null,"twitter_image_custom_fields":null,"twitter_title":null,"twitter_description":null,"schema":{"blockGraphs":[],"customGraphs":[],"default":{"data":{"Article":[],"Course":[],"Dataset":[],"FAQPage":[],"Movie":[],"Person":[],"Product":[],"ProductReview":[],"Car":[],"Recipe":[],"Service":[],"SoftwareApplication":[],"WebPage":[]},"graphName":"ItemPage","isEnabled":true},"graphs":[]},"schema_type":"default","schema_type_options":null,"pillar_content":false,"robots_default":true,"robots_noindex":false,"robots_noarchive":false,"robots_nosnippet":false,"robots_nofollow":false,"robots_noimageindex":false,"robots_noodp":false,"robots_notranslate":false,"robots_max_snippet":"-1","robots_max_videopreview":"-1","robots_max_imagepreview":"large","priority":null,"frequency":"default","local_seo":null,"seo_analyzer_scan_date":"2025-10-19 15:38:01","breadcrumb_settings":null,"limit_modified_date":false,"reviewed_by":null,"open_ai":null,"ai":null,"created":"2023-03-30 15:14:55","updated":"2025-10-19 15:38:01"},"aioseo_breadcrumb":"<div class=\"aioseo-breadcrumbs\"><span class=\"aioseo-breadcrumb\">\n\t<a href=\"https:\/\/tabaccomd.com\/ro\/\" title=\"\u0413\u043b\u0430\u0432\u043d\u0430\u044f\">\u0413\u043b\u0430\u0432\u043d\u0430\u044f<\/a>\n<\/span><span class=\"aioseo-breadcrumb-separator\">\u00bb<\/span><span class=\"aioseo-breadcrumb\">\n\t<a href=\"https:\/\/tabaccomd.com\/ro\/catalog\/\" title=\"Catalog\">Catalog<\/a>\n<\/span><span class=\"aioseo-breadcrumb-separator\">\u00bb<\/span><span class=\"aioseo-breadcrumb\">\n\t<a href=\"https:\/\/tabaccomd.com\/ro\/product-category\/tutun\/\" title=\"Tutun\">Tutun<\/a>\n<\/span><span class=\"aioseo-breadcrumb-separator\">\u00bb<\/span><span class=\"aioseo-breadcrumb\">\n\t<a href=\"https:\/\/tabaccomd.com\/ro\/product-category\/tutun\/tutun-pentru-pipe\/\" title=\"Tutun pentru pip\u0103\">Tutun pentru pip\u0103<\/a>\n<\/span><span class=\"aioseo-breadcrumb-separator\">\u00bb<\/span><span class=\"aioseo-breadcrumb\">\n\t<a href=\"https:\/\/tabaccomd.com\/ro\/product-category\/tutun\/tutun-pentru-pipe\/alte-tutunuri-pentru-pipa\/\" title=\"Alte tutunuri pentru pip\u0103\">Alte tutunuri pentru pip\u0103<\/a>\n<\/span><span class=\"aioseo-breadcrumb-separator\">\u00bb<\/span><span class=\"aioseo-breadcrumb\">\n\tTutun Super Value Natural Cavendish\n<\/span><\/div>","aioseo_breadcrumb_json":[{"label":"\u0413\u043b\u0430\u0432\u043d\u0430\u044f","link":"https:\/\/tabaccomd.com\/ro\/"},{"label":"Catalog","link":"https:\/\/tabaccomd.com\/ro\/catalog\/"},{"label":"Tutun","link":"https:\/\/tabaccomd.com\/ro\/product-category\/tutun\/"},{"label":"Tutun pentru pip\u0103","link":"https:\/\/tabaccomd.com\/ro\/product-category\/tutun\/tutun-pentru-pipe\/"},{"label":"Alte tutunuri pentru pip\u0103","link":"https:\/\/tabaccomd.com\/ro\/product-category\/tutun\/tutun-pentru-pipe\/alte-tutunuri-pentru-pipa\/"},{"label":"Tutun Super Value Natural Cavendish","link":"https:\/\/tabaccomd.com\/ro\/product\/tutun-super-value-natural-cavendish\/"}],"images_for_1c":[{"url":"https:\/\/tabaccomd.com\/wp-content\/uploads\/2020\/04\/inkedimg_8920__36205.1503931286_li.jpg","type":"featured","alt":"","filename":"inkedimg_8920__36205.1503931286_li.jpg"}],"additional_data_1c":{"modified_date":"2024-09-09 21:47:39","permalink":"https:\/\/tabaccomd.com\/ro\/product\/tutun-super-value-natural-cavendish\/","stock_status":"outofstock","manage_stock":"no"},"_links":{"self":[{"href":"https:\/\/tabaccomd.com\/ro\/wp-json\/wp\/v2\/product\/17129","targetHints":{"allow":["GET"]}}],"collection":[{"href":"https:\/\/tabaccomd.com\/ro\/wp-json\/wp\/v2\/product"}],"about":[{"href":"https:\/\/tabaccomd.com\/ro\/wp-json\/wp\/v2\/types\/product"}],"wp:featuredmedia":[{"embeddable":true,"href":"https:\/\/tabaccomd.com\/ro\/wp-json\/wp\/v2\/media\/14069"}],"wp:attachment":[{"href":"https:\/\/tabaccomd.com\/ro\/wp-json\/wp\/v2\/media?parent=17129"}],"wp:term":[{"taxonomy":"product_brand","embeddable":true,"href":"https:\/\/tabaccomd.com\/ro\/wp-json\/wp\/v2\/product_brand?post=17129"},{"taxonomy":"product_cat","embeddable":true,"href":"https:\/\/tabaccomd.com\/ro\/wp-json\/wp\/v2\/product_cat?post=17129"},{"taxonomy":"product_tag","embeddable":true,"href":"https:\/\/tabaccomd.com\/ro\/wp-json\/wp\/v2\/product_tag?post=17129"}],"curies":[{"name":"wp","href":"https:\/\/api.w.org\/{rel}","templated":true}]}}