{"id":17110,"date":"2020-04-29T15:53:01","date_gmt":"2020-04-29T12:53:01","guid":{"rendered":"https:\/\/new124.tabaccomd.com\/product\/peterson-peterson-perfect-plug-tin\/"},"modified":"2024-09-09T21:43:52","modified_gmt":"2024-09-09T18:43:52","slug":"peterson-peterson-perfect-plug-tin","status":"publish","type":"product","link":"https:\/\/tabaccomd.com\/ro\/product\/peterson-peterson-perfect-plug-tin\/","title":{"rendered":"PETERSON Peterson Perfect Plug tin"},"content":{"rendered":"<p>Cantitatea de ambalaje &#8211; 50g<\/p>\n<p>Un plug-in excelent din soiurile Virginia selectate din Africa, Brazilia \u0219i Burley din Malawi. Tutunul trece o expunere de dou\u0103 s\u0103pt\u0103m\u00e2ni sub pres\u0103 la cald.<\/p>\n<p>Saturate, destul de puternice, cu o not\u0103 fructat\u0103 u\u0219oar\u0103.<\/p>\n<p>PETERSON Peterson Perfect Plug Tin poate fi cump\u0103rat \u00een magazinele din lan\u021bul Luxpresents.md<\/p>\n","protected":false},"excerpt":{"rendered":"<p>Cantitatea de ambalaje &#8211; 50g Un plug-in excelent din soiurile Virginia selectate din Africa, Brazilia \u0219i Burley din Malawi. Tutunul [&hellip;]<\/p>\n","protected":false},"featured_media":13611,"template":"","meta":{"om_disable_all_campaigns":false,"_monsterinsights_skip_tracking":false,"_monsterinsights_sitenote_active":false,"_monsterinsights_sitenote_note":"","_monsterinsights_sitenote_category":0},"product_brand":[],"product_cat":[45],"product_tag":[],"class_list":{"0":"post-17110","1":"product","2":"type-product","3":"status-publish","4":"has-post-thumbnail","6":"product_cat-filtryi-dlya-samokrutok","8":"first","9":"outofstock","10":"taxable","11":"shipping-taxable","12":"purchasable","13":"product-type-simple"},"aioseo_notices":[],"aioseo_head":"\n\t\t<!-- All in One SEO Pro 4.9.5.2 - aioseo.com -->\n\t<meta name=\"description\" content=\"PETERSON Peterson Perfect Plug tin \u00een Chi\u0219in\u0103u. La Tabacco House g\u0103se\u0219ti o selec\u021bie excelent\u0103 \u0219i pre\u021buri avantajoase. Comand\u0103 cu livrare la telefon: 061-000-935.\" \/>\n\t<meta name=\"robots\" content=\"max-image-preview:large\" \/>\n\t<link rel=\"canonical\" href=\"https:\/\/tabaccomd.com\/ro\/product\/peterson-peterson-perfect-plug-tin\/\" \/>\n\t<meta name=\"generator\" content=\"All in One SEO Pro (AIOSEO) 4.9.5.2\" \/>\n\t\t<meta property=\"og:locale\" content=\"ro_RO\" \/>\n\t\t<meta property=\"og:site_name\" content=\"Tabacco House \u2013 \u041c\u0430\u0433\u0430\u0437\u0438\u043d \u0442\u0430\u0431\u0430\u0447\u043d\u044b\u0445 \u0438\u0437\u0434\u0435\u043b\u0438\u0439\" \/>\n\t\t<meta property=\"og:type\" content=\"article\" \/>\n\t\t<meta property=\"og:title\" content=\"Cump\u0103r\u0103 PETERSON Peterson Perfect Plug tin tutun pentru pip\u0103 \u00een Chi\u0219in\u0103u - tabaccomd.com\" \/>\n\t\t<meta property=\"og:description\" content=\"PETERSON Peterson Perfect Plug tin \u00een Chi\u0219in\u0103u. La Tabacco House g\u0103se\u0219ti o selec\u021bie excelent\u0103 \u0219i pre\u021buri avantajoase. Comand\u0103 cu livrare la telefon: 061-000-935.\" \/>\n\t\t<meta property=\"og:url\" content=\"https:\/\/tabaccomd.com\/ro\/product\/peterson-peterson-perfect-plug-tin\/\" \/>\n\t\t<meta property=\"article:published_time\" content=\"2020-04-29T12:53:01+00:00\" \/>\n\t\t<meta property=\"article:modified_time\" content=\"2024-09-09T18:43:52+00:00\" \/>\n\t\t<meta property=\"article:publisher\" content=\"https:\/\/www.facebook.com\/tabaccomd.com\/\" \/>\n\t\t<meta name=\"twitter:card\" content=\"summary_large_image\" \/>\n\t\t<meta name=\"twitter:title\" content=\"Cump\u0103r\u0103 PETERSON Peterson Perfect Plug tin tutun pentru pip\u0103 \u00een Chi\u0219in\u0103u - tabaccomd.com\" \/>\n\t\t<meta name=\"twitter:description\" content=\"PETERSON Peterson Perfect Plug tin \u00een Chi\u0219in\u0103u. La Tabacco House g\u0103se\u0219ti o selec\u021bie excelent\u0103 \u0219i pre\u021buri avantajoase. Comand\u0103 cu livrare la telefon: 061-000-935.\" \/>\n\t\t<script type=\"application\/ld+json\" class=\"aioseo-schema\">\n\t\t\t{\"@context\":\"https:\\\/\\\/schema.org\",\"@graph\":[{\"@type\":\"BreadcrumbList\",\"@id\":\"https:\\\/\\\/tabaccomd.com\\\/ro\\\/product\\\/peterson-peterson-perfect-plug-tin\\\/#breadcrumblist\",\"itemListElement\":[{\"@type\":\"ListItem\",\"@id\":\"https:\\\/\\\/tabaccomd.com\\\/ro\\\/#listItem\",\"position\":1,\"name\":\"\\u0413\\u043b\\u0430\\u0432\\u043d\\u0430\\u044f\",\"item\":\"https:\\\/\\\/tabaccomd.com\\\/ro\\\/\",\"nextItem\":{\"@type\":\"ListItem\",\"@id\":\"https:\\\/\\\/tabaccomd.com\\\/ro\\\/catalog\\\/#listItem\",\"name\":\"Catalog\"}},{\"@type\":\"ListItem\",\"@id\":\"https:\\\/\\\/tabaccomd.com\\\/ro\\\/catalog\\\/#listItem\",\"position\":2,\"name\":\"Catalog\",\"item\":\"https:\\\/\\\/tabaccomd.com\\\/ro\\\/catalog\\\/\",\"nextItem\":{\"@type\":\"ListItem\",\"@id\":\"https:\\\/\\\/tabaccomd.com\\\/product-category\\\/vse-dlya-samokrutok\\\/#listItem\",\"name\":\"\\u0412\\u0441\\u0435 \\u0434\\u043b\\u044f \\u0441\\u0430\\u043c\\u043e\\u043a\\u0440\\u0443\\u0442\\u043e\\u043a\"},\"previousItem\":{\"@type\":\"ListItem\",\"@id\":\"https:\\\/\\\/tabaccomd.com\\\/ro\\\/#listItem\",\"name\":\"\\u0413\\u043b\\u0430\\u0432\\u043d\\u0430\\u044f\"}},{\"@type\":\"ListItem\",\"@id\":\"https:\\\/\\\/tabaccomd.com\\\/product-category\\\/vse-dlya-samokrutok\\\/#listItem\",\"position\":3,\"name\":\"\\u0412\\u0441\\u0435 \\u0434\\u043b\\u044f \\u0441\\u0430\\u043c\\u043e\\u043a\\u0440\\u0443\\u0442\\u043e\\u043a\",\"item\":\"https:\\\/\\\/tabaccomd.com\\\/product-category\\\/vse-dlya-samokrutok\\\/\",\"nextItem\":{\"@type\":\"ListItem\",\"@id\":\"https:\\\/\\\/tabaccomd.com\\\/product-category\\\/vse-dlya-samokrutok\\\/filtryi-dlya-samokrutok\\\/#listItem\",\"name\":\"\\u0424\\u0438\\u043b\\u044c\\u0442\\u0440\\u044b \\u0434\\u043b\\u044f \\u0441\\u0430\\u043c\\u043e\\u043a\\u0440\\u0443\\u0442\\u043e\\u043a\"},\"previousItem\":{\"@type\":\"ListItem\",\"@id\":\"https:\\\/\\\/tabaccomd.com\\\/ro\\\/catalog\\\/#listItem\",\"name\":\"Catalog\"}},{\"@type\":\"ListItem\",\"@id\":\"https:\\\/\\\/tabaccomd.com\\\/product-category\\\/vse-dlya-samokrutok\\\/filtryi-dlya-samokrutok\\\/#listItem\",\"position\":4,\"name\":\"\\u0424\\u0438\\u043b\\u044c\\u0442\\u0440\\u044b \\u0434\\u043b\\u044f \\u0441\\u0430\\u043c\\u043e\\u043a\\u0440\\u0443\\u0442\\u043e\\u043a\",\"item\":\"https:\\\/\\\/tabaccomd.com\\\/product-category\\\/vse-dlya-samokrutok\\\/filtryi-dlya-samokrutok\\\/\",\"nextItem\":{\"@type\":\"ListItem\",\"@id\":\"https:\\\/\\\/tabaccomd.com\\\/ro\\\/product\\\/peterson-peterson-perfect-plug-tin\\\/#listItem\",\"name\":\"PETERSON Peterson Perfect Plug tin\"},\"previousItem\":{\"@type\":\"ListItem\",\"@id\":\"https:\\\/\\\/tabaccomd.com\\\/product-category\\\/vse-dlya-samokrutok\\\/#listItem\",\"name\":\"\\u0412\\u0441\\u0435 \\u0434\\u043b\\u044f \\u0441\\u0430\\u043c\\u043e\\u043a\\u0440\\u0443\\u0442\\u043e\\u043a\"}},{\"@type\":\"ListItem\",\"@id\":\"https:\\\/\\\/tabaccomd.com\\\/ro\\\/product\\\/peterson-peterson-perfect-plug-tin\\\/#listItem\",\"position\":5,\"name\":\"PETERSON Peterson Perfect Plug tin\",\"previousItem\":{\"@type\":\"ListItem\",\"@id\":\"https:\\\/\\\/tabaccomd.com\\\/product-category\\\/vse-dlya-samokrutok\\\/filtryi-dlya-samokrutok\\\/#listItem\",\"name\":\"\\u0424\\u0438\\u043b\\u044c\\u0442\\u0440\\u044b \\u0434\\u043b\\u044f \\u0441\\u0430\\u043c\\u043e\\u043a\\u0440\\u0443\\u0442\\u043e\\u043a\"}}]},{\"@type\":\"Organization\",\"@id\":\"https:\\\/\\\/tabaccomd.com\\\/ro\\\/#organization\",\"name\":\"Tabacco House\",\"description\":\"\\u041c\\u0430\\u0433\\u0430\\u0437\\u0438\\u043d \\u0442\\u0430\\u0431\\u0430\\u0447\\u043d\\u044b\\u0445 \\u0438\\u0437\\u0434\\u0435\\u043b\\u0438\\u0439\",\"url\":\"https:\\\/\\\/tabaccomd.com\\\/ro\\\/\",\"email\":\"Office@cazacuhouse.com\",\"telephone\":\"+37361000935\",\"logo\":{\"@type\":\"ImageObject\",\"url\":\"https:\\\/\\\/tabaccomd.com\\\/wp-content\\\/uploads\\\/2024\\\/02\\\/logo_header3.png\",\"@id\":\"https:\\\/\\\/tabaccomd.com\\\/ro\\\/product\\\/peterson-peterson-perfect-plug-tin\\\/#organizationLogo\",\"width\":32,\"height\":32,\"caption\":\"Tabacco House\"},\"image\":{\"@id\":\"https:\\\/\\\/tabaccomd.com\\\/ro\\\/product\\\/peterson-peterson-perfect-plug-tin\\\/#organizationLogo\"},\"sameAs\":[\"https:\\\/\\\/www.facebook.com\\\/tabaccomd.com\\\/\",\"https:\\\/\\\/www.instagram.com\\\/tabaccomd.com\\\/\"],\"address\":{\"@id\":\"https:\\\/\\\/tabaccomd.com\\\/ro\\\/#postaladdress\",\"@type\":\"PostalAddress\",\"streetAddress\":\"Strada Albi\\u015foara 4, Chi\\u0219in\\u0103u, Bulevardul \\u0218tefan cel Mare \\u0219i Sf\\u00eent 136, Chi\\u0219in\\u0103u\",\"addressLocality\":\"Chi\\u0219in\\u0103u\",\"addressCountry\":\"MD\"}},{\"@type\":\"Product\",\"@id\":\"https:\\\/\\\/tabaccomd.com\\\/ro\\\/product\\\/peterson-peterson-perfect-plug-tin\\\/#wooCommerceProduct\",\"name\":\"PETERSON Peterson Perfect Plug tin\",\"url\":\"https:\\\/\\\/tabaccomd.com\\\/ro\\\/product\\\/peterson-peterson-perfect-plug-tin\\\/\",\"sku\":\"PETERSON Peterson Perfect Plug tin\",\"image\":{\"@type\":\"ImageObject\",\"url\":\"https:\\\/\\\/tabaccomd.com\\\/wp-content\\\/uploads\\\/2020\\\/04\\\/peterson-3-ps-250.jpg\",\"@id\":\"https:\\\/\\\/tabaccomd.com\\\/ro\\\/product\\\/peterson-peterson-perfect-plug-tin\\\/#productImage\",\"width\":250,\"height\":250},\"offers\":{\"@type\":\"Offer\",\"url\":\"https:\\\/\\\/tabaccomd.com\\\/ro\\\/product\\\/peterson-peterson-perfect-plug-tin\\\/#wooCommerceOffer\",\"price\":240,\"priceCurrency\":\"MDL\",\"category\":\"\\u0424\\u0438\\u043b\\u044c\\u0442\\u0440\\u044b \\u0434\\u043b\\u044f \\u0441\\u0430\\u043c\\u043e\\u043a\\u0440\\u0443\\u0442\\u043e\\u043a\",\"availability\":\"https:\\\/\\\/schema.org\\\/OutOfStock\",\"priceSpecification\":{\"@type\":\"PriceSpecification\",\"price\":240,\"priceCurrency\":\"MDL\",\"valueAddedTaxIncluded\":\"true\"},\"seller\":{\"@type\":\"Organization\",\"@id\":\"https:\\\/\\\/tabaccomd.com\\\/ro\\\/#organization\"}}},{\"@type\":\"WebPage\",\"@id\":\"https:\\\/\\\/tabaccomd.com\\\/ro\\\/product\\\/peterson-peterson-perfect-plug-tin\\\/#webpage\",\"url\":\"https:\\\/\\\/tabaccomd.com\\\/ro\\\/product\\\/peterson-peterson-perfect-plug-tin\\\/\",\"name\":\"Cump\\u0103r\\u0103 PETERSON Peterson Perfect Plug tin tutun pentru pip\\u0103 \\u00een Chi\\u0219in\\u0103u - tabaccomd.com\",\"description\":\"PETERSON Peterson Perfect Plug tin \\u00een Chi\\u0219in\\u0103u. La Tabacco House g\\u0103se\\u0219ti o selec\\u021bie excelent\\u0103 \\u0219i pre\\u021buri avantajoase. Comand\\u0103 cu livrare la telefon: 061-000-935.\",\"inLanguage\":\"ro-RO\",\"isPartOf\":{\"@id\":\"https:\\\/\\\/tabaccomd.com\\\/ro\\\/#website\"},\"breadcrumb\":{\"@id\":\"https:\\\/\\\/tabaccomd.com\\\/ro\\\/product\\\/peterson-peterson-perfect-plug-tin\\\/#breadcrumblist\"},\"image\":{\"@type\":\"ImageObject\",\"url\":\"https:\\\/\\\/tabaccomd.com\\\/wp-content\\\/uploads\\\/2020\\\/04\\\/peterson-3-ps-250.jpg\",\"@id\":\"https:\\\/\\\/tabaccomd.com\\\/ro\\\/product\\\/peterson-peterson-perfect-plug-tin\\\/#mainImage\",\"width\":250,\"height\":250},\"primaryImageOfPage\":{\"@id\":\"https:\\\/\\\/tabaccomd.com\\\/ro\\\/product\\\/peterson-peterson-perfect-plug-tin\\\/#mainImage\"},\"datePublished\":\"2020-04-29T15:53:01+03:00\",\"dateModified\":\"2024-09-09T21:43:52+03:00\"},{\"@type\":\"WebSite\",\"@id\":\"https:\\\/\\\/tabaccomd.com\\\/ro\\\/#website\",\"url\":\"https:\\\/\\\/tabaccomd.com\\\/ro\\\/\",\"name\":\"Tabacco House\",\"alternateName\":\"tobaccomd.com\",\"description\":\"\\u041c\\u0430\\u0433\\u0430\\u0437\\u0438\\u043d \\u0442\\u0430\\u0431\\u0430\\u0447\\u043d\\u044b\\u0445 \\u0438\\u0437\\u0434\\u0435\\u043b\\u0438\\u0439\",\"inLanguage\":\"ro-RO\",\"publisher\":{\"@id\":\"https:\\\/\\\/tabaccomd.com\\\/ro\\\/#organization\"}}]}\n\t\t<\/script>\n\t\t<!-- All in One SEO Pro -->\r\n\t\t<title>Cump\u0103r\u0103 PETERSON Peterson Perfect Plug tin tutun pentru pip\u0103 \u00een Chi\u0219in\u0103u - tabaccomd.com<\/title>\n\n","aioseo_head_json":{"title":"Cump\u0103r\u0103 PETERSON Peterson Perfect Plug tin tutun pentru pip\u0103 \u00een Chi\u0219in\u0103u - tabaccomd.com","description":"PETERSON Peterson Perfect Plug tin \u00een Chi\u0219in\u0103u. La Tabacco House g\u0103se\u0219ti o selec\u021bie excelent\u0103 \u0219i pre\u021buri avantajoase. Comand\u0103 cu livrare la telefon: 061-000-935.","canonical_url":"https:\/\/tabaccomd.com\/ro\/product\/peterson-peterson-perfect-plug-tin\/","robots":"max-image-preview:large","keywords":"","webmasterTools":{"miscellaneous":""},"schema":{"@context":"https:\/\/schema.org","@graph":[{"@type":"BreadcrumbList","@id":"https:\/\/tabaccomd.com\/ro\/product\/peterson-peterson-perfect-plug-tin\/#breadcrumblist","itemListElement":[{"@type":"ListItem","@id":"https:\/\/tabaccomd.com\/ro\/#listItem","position":1,"name":"\u0413\u043b\u0430\u0432\u043d\u0430\u044f","item":"https:\/\/tabaccomd.com\/ro\/","nextItem":{"@type":"ListItem","@id":"https:\/\/tabaccomd.com\/ro\/catalog\/#listItem","name":"Catalog"}},{"@type":"ListItem","@id":"https:\/\/tabaccomd.com\/ro\/catalog\/#listItem","position":2,"name":"Catalog","item":"https:\/\/tabaccomd.com\/ro\/catalog\/","nextItem":{"@type":"ListItem","@id":"https:\/\/tabaccomd.com\/product-category\/vse-dlya-samokrutok\/#listItem","name":"\u0412\u0441\u0435 \u0434\u043b\u044f \u0441\u0430\u043c\u043e\u043a\u0440\u0443\u0442\u043e\u043a"},"previousItem":{"@type":"ListItem","@id":"https:\/\/tabaccomd.com\/ro\/#listItem","name":"\u0413\u043b\u0430\u0432\u043d\u0430\u044f"}},{"@type":"ListItem","@id":"https:\/\/tabaccomd.com\/product-category\/vse-dlya-samokrutok\/#listItem","position":3,"name":"\u0412\u0441\u0435 \u0434\u043b\u044f \u0441\u0430\u043c\u043e\u043a\u0440\u0443\u0442\u043e\u043a","item":"https:\/\/tabaccomd.com\/product-category\/vse-dlya-samokrutok\/","nextItem":{"@type":"ListItem","@id":"https:\/\/tabaccomd.com\/product-category\/vse-dlya-samokrutok\/filtryi-dlya-samokrutok\/#listItem","name":"\u0424\u0438\u043b\u044c\u0442\u0440\u044b \u0434\u043b\u044f \u0441\u0430\u043c\u043e\u043a\u0440\u0443\u0442\u043e\u043a"},"previousItem":{"@type":"ListItem","@id":"https:\/\/tabaccomd.com\/ro\/catalog\/#listItem","name":"Catalog"}},{"@type":"ListItem","@id":"https:\/\/tabaccomd.com\/product-category\/vse-dlya-samokrutok\/filtryi-dlya-samokrutok\/#listItem","position":4,"name":"\u0424\u0438\u043b\u044c\u0442\u0440\u044b \u0434\u043b\u044f \u0441\u0430\u043c\u043e\u043a\u0440\u0443\u0442\u043e\u043a","item":"https:\/\/tabaccomd.com\/product-category\/vse-dlya-samokrutok\/filtryi-dlya-samokrutok\/","nextItem":{"@type":"ListItem","@id":"https:\/\/tabaccomd.com\/ro\/product\/peterson-peterson-perfect-plug-tin\/#listItem","name":"PETERSON Peterson Perfect Plug tin"},"previousItem":{"@type":"ListItem","@id":"https:\/\/tabaccomd.com\/product-category\/vse-dlya-samokrutok\/#listItem","name":"\u0412\u0441\u0435 \u0434\u043b\u044f \u0441\u0430\u043c\u043e\u043a\u0440\u0443\u0442\u043e\u043a"}},{"@type":"ListItem","@id":"https:\/\/tabaccomd.com\/ro\/product\/peterson-peterson-perfect-plug-tin\/#listItem","position":5,"name":"PETERSON Peterson Perfect Plug tin","previousItem":{"@type":"ListItem","@id":"https:\/\/tabaccomd.com\/product-category\/vse-dlya-samokrutok\/filtryi-dlya-samokrutok\/#listItem","name":"\u0424\u0438\u043b\u044c\u0442\u0440\u044b \u0434\u043b\u044f \u0441\u0430\u043c\u043e\u043a\u0440\u0443\u0442\u043e\u043a"}}]},{"@type":"Organization","@id":"https:\/\/tabaccomd.com\/ro\/#organization","name":"Tabacco House","description":"\u041c\u0430\u0433\u0430\u0437\u0438\u043d \u0442\u0430\u0431\u0430\u0447\u043d\u044b\u0445 \u0438\u0437\u0434\u0435\u043b\u0438\u0439","url":"https:\/\/tabaccomd.com\/ro\/","email":"Office@cazacuhouse.com","telephone":"+37361000935","logo":{"@type":"ImageObject","url":"https:\/\/tabaccomd.com\/wp-content\/uploads\/2024\/02\/logo_header3.png","@id":"https:\/\/tabaccomd.com\/ro\/product\/peterson-peterson-perfect-plug-tin\/#organizationLogo","width":32,"height":32,"caption":"Tabacco House"},"image":{"@id":"https:\/\/tabaccomd.com\/ro\/product\/peterson-peterson-perfect-plug-tin\/#organizationLogo"},"sameAs":["https:\/\/www.facebook.com\/tabaccomd.com\/","https:\/\/www.instagram.com\/tabaccomd.com\/"],"address":{"@id":"https:\/\/tabaccomd.com\/ro\/#postaladdress","@type":"PostalAddress","streetAddress":"Strada Albi\u015foara 4, Chi\u0219in\u0103u, Bulevardul \u0218tefan cel Mare \u0219i Sf\u00eent 136, Chi\u0219in\u0103u","addressLocality":"Chi\u0219in\u0103u","addressCountry":"MD"}},{"@type":"Product","@id":"https:\/\/tabaccomd.com\/ro\/product\/peterson-peterson-perfect-plug-tin\/#wooCommerceProduct","name":"PETERSON Peterson Perfect Plug tin","url":"https:\/\/tabaccomd.com\/ro\/product\/peterson-peterson-perfect-plug-tin\/","sku":"PETERSON Peterson Perfect Plug tin","image":{"@type":"ImageObject","url":"https:\/\/tabaccomd.com\/wp-content\/uploads\/2020\/04\/peterson-3-ps-250.jpg","@id":"https:\/\/tabaccomd.com\/ro\/product\/peterson-peterson-perfect-plug-tin\/#productImage","width":250,"height":250},"offers":{"@type":"Offer","url":"https:\/\/tabaccomd.com\/ro\/product\/peterson-peterson-perfect-plug-tin\/#wooCommerceOffer","price":240,"priceCurrency":"MDL","category":"\u0424\u0438\u043b\u044c\u0442\u0440\u044b \u0434\u043b\u044f \u0441\u0430\u043c\u043e\u043a\u0440\u0443\u0442\u043e\u043a","availability":"https:\/\/schema.org\/OutOfStock","priceSpecification":{"@type":"PriceSpecification","price":240,"priceCurrency":"MDL","valueAddedTaxIncluded":"true"},"seller":{"@type":"Organization","@id":"https:\/\/tabaccomd.com\/ro\/#organization"}}},{"@type":"WebPage","@id":"https:\/\/tabaccomd.com\/ro\/product\/peterson-peterson-perfect-plug-tin\/#webpage","url":"https:\/\/tabaccomd.com\/ro\/product\/peterson-peterson-perfect-plug-tin\/","name":"Cump\u0103r\u0103 PETERSON Peterson Perfect Plug tin tutun pentru pip\u0103 \u00een Chi\u0219in\u0103u - tabaccomd.com","description":"PETERSON Peterson Perfect Plug tin \u00een Chi\u0219in\u0103u. La Tabacco House g\u0103se\u0219ti o selec\u021bie excelent\u0103 \u0219i pre\u021buri avantajoase. Comand\u0103 cu livrare la telefon: 061-000-935.","inLanguage":"ro-RO","isPartOf":{"@id":"https:\/\/tabaccomd.com\/ro\/#website"},"breadcrumb":{"@id":"https:\/\/tabaccomd.com\/ro\/product\/peterson-peterson-perfect-plug-tin\/#breadcrumblist"},"image":{"@type":"ImageObject","url":"https:\/\/tabaccomd.com\/wp-content\/uploads\/2020\/04\/peterson-3-ps-250.jpg","@id":"https:\/\/tabaccomd.com\/ro\/product\/peterson-peterson-perfect-plug-tin\/#mainImage","width":250,"height":250},"primaryImageOfPage":{"@id":"https:\/\/tabaccomd.com\/ro\/product\/peterson-peterson-perfect-plug-tin\/#mainImage"},"datePublished":"2020-04-29T15:53:01+03:00","dateModified":"2024-09-09T21:43:52+03:00"},{"@type":"WebSite","@id":"https:\/\/tabaccomd.com\/ro\/#website","url":"https:\/\/tabaccomd.com\/ro\/","name":"Tabacco House","alternateName":"tobaccomd.com","description":"\u041c\u0430\u0433\u0430\u0437\u0438\u043d \u0442\u0430\u0431\u0430\u0447\u043d\u044b\u0445 \u0438\u0437\u0434\u0435\u043b\u0438\u0439","inLanguage":"ro-RO","publisher":{"@id":"https:\/\/tabaccomd.com\/ro\/#organization"}}]},"og:locale":"ro_RO","og:site_name":"Tabacco House \u2013 \u041c\u0430\u0433\u0430\u0437\u0438\u043d \u0442\u0430\u0431\u0430\u0447\u043d\u044b\u0445 \u0438\u0437\u0434\u0435\u043b\u0438\u0439","og:type":"article","og:title":"Cump\u0103r\u0103 PETERSON Peterson Perfect Plug tin tutun pentru pip\u0103 \u00een Chi\u0219in\u0103u - tabaccomd.com","og:description":"PETERSON Peterson Perfect Plug tin \u00een Chi\u0219in\u0103u. La Tabacco House g\u0103se\u0219ti o selec\u021bie excelent\u0103 \u0219i pre\u021buri avantajoase. Comand\u0103 cu livrare la telefon: 061-000-935.","og:url":"https:\/\/tabaccomd.com\/ro\/product\/peterson-peterson-perfect-plug-tin\/","article:published_time":"2020-04-29T12:53:01+00:00","article:modified_time":"2024-09-09T18:43:52+00:00","article:publisher":"https:\/\/www.facebook.com\/tabaccomd.com\/","twitter:card":"summary_large_image","twitter:title":"Cump\u0103r\u0103 PETERSON Peterson Perfect Plug tin tutun pentru pip\u0103 \u00een Chi\u0219in\u0103u - tabaccomd.com","twitter:description":"PETERSON Peterson Perfect Plug tin \u00een Chi\u0219in\u0103u. La Tabacco House g\u0103se\u0219ti o selec\u021bie excelent\u0103 \u0219i pre\u021buri avantajoase. Comand\u0103 cu livrare la telefon: 061-000-935."},"aioseo_meta_data":{"post_id":"17110","title":"Cump\u0103r\u0103 #post_title tutun pentru pip\u0103 \u00een Chi\u0219in\u0103u - tabaccomd.com","description":"#post_title \u00een Chi\u0219in\u0103u. La Tabacco House g\u0103se\u0219ti o selec\u021bie excelent\u0103 \u0219i pre\u021buri avantajoase. Comand\u0103 cu livrare la telefon: 061-000-935.","keywords":null,"keyphrases":{"focus":{"keyphrase":"","score":0,"analysis":{"keyphraseInTitle":{"score":0,"maxScore":9,"error":1}}},"additional":[]},"primary_term":null,"canonical_url":null,"og_title":null,"og_description":null,"og_object_type":"default","og_image_type":"default","og_image_url":null,"og_image_width":null,"og_image_height":null,"og_image_custom_url":null,"og_image_custom_fields":null,"og_video":"","og_custom_url":null,"og_article_section":null,"og_article_tags":null,"twitter_use_og":false,"twitter_card":"default","twitter_image_type":"default","twitter_image_url":null,"twitter_image_custom_url":null,"twitter_image_custom_fields":null,"twitter_title":null,"twitter_description":null,"schema":{"blockGraphs":[],"customGraphs":[],"default":{"data":{"Article":[],"Course":[],"Dataset":[],"FAQPage":[],"Movie":[],"Person":[],"Product":[],"ProductReview":[],"Car":[],"Recipe":[],"Service":[],"SoftwareApplication":[],"WebPage":[]},"graphName":"ItemPage","isEnabled":true},"graphs":[]},"schema_type":"default","schema_type_options":null,"pillar_content":false,"robots_default":true,"robots_noindex":false,"robots_noarchive":false,"robots_nosnippet":false,"robots_nofollow":false,"robots_noimageindex":false,"robots_noodp":false,"robots_notranslate":false,"robots_max_snippet":"-1","robots_max_videopreview":"-1","robots_max_imagepreview":"large","priority":null,"frequency":"default","local_seo":null,"seo_analyzer_scan_date":"2025-10-19 15:23:21","breadcrumb_settings":null,"limit_modified_date":false,"reviewed_by":null,"open_ai":null,"ai":null,"created":"2023-03-30 15:14:56","updated":"2025-10-19 15:23:21"},"aioseo_breadcrumb":"<div class=\"aioseo-breadcrumbs\"><span class=\"aioseo-breadcrumb\">\n\t<a href=\"https:\/\/tabaccomd.com\/ro\/\" title=\"\u0413\u043b\u0430\u0432\u043d\u0430\u044f\">\u0413\u043b\u0430\u0432\u043d\u0430\u044f<\/a>\n<\/span><span class=\"aioseo-breadcrumb-separator\">\u00bb<\/span><span class=\"aioseo-breadcrumb\">\n\t<a href=\"https:\/\/tabaccomd.com\/ro\/catalog\/\" title=\"Catalog\">Catalog<\/a>\n<\/span><span class=\"aioseo-breadcrumb-separator\">\u00bb<\/span><span class=\"aioseo-breadcrumb\">\n\t<a href=\"https:\/\/tabaccomd.com\/product-category\/vse-dlya-samokrutok\/\" title=\"\u0412\u0441\u0435 \u0434\u043b\u044f \u0441\u0430\u043c\u043e\u043a\u0440\u0443\u0442\u043e\u043a\">\u0412\u0441\u0435 \u0434\u043b\u044f \u0441\u0430\u043c\u043e\u043a\u0440\u0443\u0442\u043e\u043a<\/a>\n<\/span><span class=\"aioseo-breadcrumb-separator\">\u00bb<\/span><span class=\"aioseo-breadcrumb\">\n\t<a href=\"https:\/\/tabaccomd.com\/product-category\/vse-dlya-samokrutok\/filtryi-dlya-samokrutok\/\" title=\"\u0424\u0438\u043b\u044c\u0442\u0440\u044b \u0434\u043b\u044f \u0441\u0430\u043c\u043e\u043a\u0440\u0443\u0442\u043e\u043a\">\u0424\u0438\u043b\u044c\u0442\u0440\u044b \u0434\u043b\u044f \u0441\u0430\u043c\u043e\u043a\u0440\u0443\u0442\u043e\u043a<\/a>\n<\/span><span class=\"aioseo-breadcrumb-separator\">\u00bb<\/span><span class=\"aioseo-breadcrumb\">\n\tPETERSON Peterson Perfect Plug tin\n<\/span><\/div>","aioseo_breadcrumb_json":[{"label":"\u0413\u043b\u0430\u0432\u043d\u0430\u044f","link":"https:\/\/tabaccomd.com\/ro\/"},{"label":"Catalog","link":"https:\/\/tabaccomd.com\/ro\/catalog\/"},{"label":"\u0412\u0441\u0435 \u0434\u043b\u044f \u0441\u0430\u043c\u043e\u043a\u0440\u0443\u0442\u043e\u043a","link":"https:\/\/tabaccomd.com\/product-category\/vse-dlya-samokrutok\/"},{"label":"\u0424\u0438\u043b\u044c\u0442\u0440\u044b \u0434\u043b\u044f \u0441\u0430\u043c\u043e\u043a\u0440\u0443\u0442\u043e\u043a","link":"https:\/\/tabaccomd.com\/product-category\/vse-dlya-samokrutok\/filtryi-dlya-samokrutok\/"},{"label":"PETERSON Peterson Perfect Plug tin","link":"https:\/\/tabaccomd.com\/ro\/product\/peterson-peterson-perfect-plug-tin\/"}],"images_for_1c":[{"url":"https:\/\/tabaccomd.com\/wp-content\/uploads\/2020\/04\/peterson-3-ps-250.jpg","type":"featured","alt":"","filename":"peterson-3-ps-250.jpg"}],"additional_data_1c":{"modified_date":"2024-09-09 21:43:52","permalink":"https:\/\/tabaccomd.com\/ro\/product\/peterson-peterson-perfect-plug-tin\/","stock_status":"outofstock","manage_stock":"no"},"_links":{"self":[{"href":"https:\/\/tabaccomd.com\/ro\/wp-json\/wp\/v2\/product\/17110","targetHints":{"allow":["GET"]}}],"collection":[{"href":"https:\/\/tabaccomd.com\/ro\/wp-json\/wp\/v2\/product"}],"about":[{"href":"https:\/\/tabaccomd.com\/ro\/wp-json\/wp\/v2\/types\/product"}],"wp:featuredmedia":[{"embeddable":true,"href":"https:\/\/tabaccomd.com\/ro\/wp-json\/wp\/v2\/media\/13611"}],"wp:attachment":[{"href":"https:\/\/tabaccomd.com\/ro\/wp-json\/wp\/v2\/media?parent=17110"}],"wp:term":[{"taxonomy":"product_brand","embeddable":true,"href":"https:\/\/tabaccomd.com\/ro\/wp-json\/wp\/v2\/product_brand?post=17110"},{"taxonomy":"product_cat","embeddable":true,"href":"https:\/\/tabaccomd.com\/ro\/wp-json\/wp\/v2\/product_cat?post=17110"},{"taxonomy":"product_tag","embeddable":true,"href":"https:\/\/tabaccomd.com\/ro\/wp-json\/wp\/v2\/product_tag?post=17110"}],"curies":[{"name":"wp","href":"https:\/\/api.w.org\/{rel}","templated":true}]}}