{"id":17099,"date":"2020-04-29T14:54:20","date_gmt":"2020-04-29T11:54:20","guid":{"rendered":"https:\/\/new124.tabaccomd.com\/product\/tutun-stanley-virginia-40gr\/"},"modified":"2025-06-03T15:31:33","modified_gmt":"2025-06-03T12:31:33","slug":"tutun-stanley-virginia-40gr","status":"publish","type":"product","link":"https:\/\/tabaccomd.com\/ro\/product\/tutun-stanley-virginia-40gr\/","title":{"rendered":"Tutun pentru rulat Stanley Virginia 40g"},"content":{"rendered":"<p><a href=\"https:\/\/tabaccomd.com\/ro\/categorie-produs\/tutun\/tutun-pentru-tigari\/tutun-pentru-rulat-stanley\/\">Tutunul pentru rulat<\/a> Stanley Virginia este alegerea celor care apreciaz\u0103 calitatea \u0219i se bucur\u0103 de procesul de fumat. Fabricat din Virginia premium, acest tutun ofer\u0103 un gust pur, natural, f\u0103r\u0103 arome ad\u0103ugate. T\u0103ierea sub\u021bire \u00eel face convenabil pentru umplerea \u021big\u0103rilor, chiar dac\u0103 sunte\u021bi \u00eencep\u0103tor. T\u0103ria tutunului este medie-u\u0219oar\u0103, ceea ce \u00eel face o op\u021biune ideal\u0103 pentru orice fum\u0103tor. Bucura\u021bi-v\u0103 de adev\u0103rata dulcea\u021b\u0103 Virginia cu fiecare tragere!<\/p>\n<p>Pute\u021bi achizi\u021biona tutunul pentru rulat Stanley Virginia 40g \u00een Moldova, Chi\u0219in\u0103u, \u00een re\u021beaua de magazine Tabacco House.<\/p>\n","protected":false},"excerpt":{"rendered":"<ul>\n<li>Greutate: 40 grame<\/li>\n<li>\u021aara produc\u0103torului: Belgia<\/li>\n<li>T\u0103rie: U\u0219oar\u0103<\/li>\n<li>Arom\u0103: Clasic\u0103<\/li>\n<li>Cantitate estimat\u0103 de \u021big\u0103ri rulate: 50-60 buc\u0103\u021bi<\/li>\n<li>Format: Handroll<\/li>\n<\/ul>\n","protected":false},"featured_media":150693,"template":"","meta":{"om_disable_all_campaigns":false,"_monsterinsights_skip_tracking":false,"_monsterinsights_sitenote_active":false,"_monsterinsights_sitenote_note":"","_monsterinsights_sitenote_category":0},"product_brand":[],"product_cat":[196],"product_tag":[],"class_list":{"0":"post-17099","1":"product","2":"type-product","3":"status-publish","4":"has-post-thumbnail","6":"product_cat-tutun-pentru-rulat-stanley","8":"first","9":"instock","10":"featured","11":"taxable","12":"shipping-taxable","13":"purchasable","14":"product-type-simple"},"aioseo_notices":[],"aioseo_head":"\n\t\t<!-- All in One SEO Pro 4.9.5.2 - aioseo.com -->\n\t<meta name=\"description\" content=\"Cump\u0103ra\u021bi Tutun pentru rulat Stanley Virgini - \u00een magazinul online tabaccomd.com cu livrare, gam\u0103 larg\u0103, pre\u021buri bune. Chi\u0219in\u0103u, Moldova Tel. 061000935\" \/>\n\t<meta name=\"robots\" content=\"max-image-preview:large\" \/>\n\t<link rel=\"canonical\" href=\"https:\/\/tabaccomd.com\/ro\/product\/tutun-stanley-virginia-40gr\/\" \/>\n\t<meta name=\"generator\" content=\"All in One SEO Pro (AIOSEO) 4.9.5.2\" \/>\n\t\t<meta property=\"og:locale\" content=\"ro_RO\" \/>\n\t\t<meta property=\"og:site_name\" content=\"Tabacco House \u2013 \u041c\u0430\u0433\u0430\u0437\u0438\u043d \u0442\u0430\u0431\u0430\u0447\u043d\u044b\u0445 \u0438\u0437\u0434\u0435\u043b\u0438\u0439\" \/>\n\t\t<meta property=\"og:type\" content=\"article\" \/>\n\t\t<meta property=\"og:title\" content=\"Tutun pentru rulat Stanley Virginia cumpara cu livrare \u00een Chi\u0219in\u0103u, Moldova\ud83d\udca8\" \/>\n\t\t<meta property=\"og:description\" content=\"Cump\u0103ra\u021bi Tutun pentru rulat Stanley Virgini - \u00een magazinul online tabaccomd.com cu livrare, gam\u0103 larg\u0103, pre\u021buri bune. Chi\u0219in\u0103u, Moldova Tel. 061000935\" \/>\n\t\t<meta property=\"og:url\" content=\"https:\/\/tabaccomd.com\/ro\/product\/tutun-stanley-virginia-40gr\/\" \/>\n\t\t<meta property=\"article:published_time\" content=\"2020-04-29T11:54:20+00:00\" \/>\n\t\t<meta property=\"article:modified_time\" content=\"2025-06-03T12:31:33+00:00\" \/>\n\t\t<meta property=\"article:publisher\" content=\"https:\/\/www.facebook.com\/tabaccomd.com\/\" \/>\n\t\t<meta name=\"twitter:card\" content=\"summary_large_image\" \/>\n\t\t<meta name=\"twitter:title\" content=\"Tutun pentru rulat Stanley Virginia cumpara cu livrare \u00een Chi\u0219in\u0103u, Moldova\ud83d\udca8\" \/>\n\t\t<meta name=\"twitter:description\" content=\"Cump\u0103ra\u021bi Tutun pentru rulat Stanley Virgini - \u00een magazinul online tabaccomd.com cu livrare, gam\u0103 larg\u0103, pre\u021buri bune. Chi\u0219in\u0103u, Moldova Tel. 061000935\" \/>\n\t\t<script type=\"application\/ld+json\" class=\"aioseo-schema\">\n\t\t\t{\"@context\":\"https:\\\/\\\/schema.org\",\"@graph\":[{\"@type\":\"BreadcrumbList\",\"@id\":\"https:\\\/\\\/tabaccomd.com\\\/ro\\\/product\\\/tutun-stanley-virginia-40gr\\\/#breadcrumblist\",\"itemListElement\":[{\"@type\":\"ListItem\",\"@id\":\"https:\\\/\\\/tabaccomd.com\\\/ro\\\/#listItem\",\"position\":1,\"name\":\"\\u0413\\u043b\\u0430\\u0432\\u043d\\u0430\\u044f\",\"item\":\"https:\\\/\\\/tabaccomd.com\\\/ro\\\/\",\"nextItem\":{\"@type\":\"ListItem\",\"@id\":\"https:\\\/\\\/tabaccomd.com\\\/ro\\\/catalog\\\/#listItem\",\"name\":\"Catalog\"}},{\"@type\":\"ListItem\",\"@id\":\"https:\\\/\\\/tabaccomd.com\\\/ro\\\/catalog\\\/#listItem\",\"position\":2,\"name\":\"Catalog\",\"item\":\"https:\\\/\\\/tabaccomd.com\\\/ro\\\/catalog\\\/\",\"nextItem\":{\"@type\":\"ListItem\",\"@id\":\"https:\\\/\\\/tabaccomd.com\\\/ro\\\/product-category\\\/tutun-pentru-tigari\\\/#listItem\",\"name\":\"Tutun pentru \\u021big\\u0103ri\"},\"previousItem\":{\"@type\":\"ListItem\",\"@id\":\"https:\\\/\\\/tabaccomd.com\\\/ro\\\/#listItem\",\"name\":\"\\u0413\\u043b\\u0430\\u0432\\u043d\\u0430\\u044f\"}},{\"@type\":\"ListItem\",\"@id\":\"https:\\\/\\\/tabaccomd.com\\\/ro\\\/product-category\\\/tutun-pentru-tigari\\\/#listItem\",\"position\":3,\"name\":\"Tutun pentru \\u021big\\u0103ri\",\"item\":\"https:\\\/\\\/tabaccomd.com\\\/ro\\\/product-category\\\/tutun-pentru-tigari\\\/\",\"nextItem\":{\"@type\":\"ListItem\",\"@id\":\"https:\\\/\\\/tabaccomd.com\\\/ro\\\/product-category\\\/tutun-pentru-tigari\\\/tutun-pentru-rulat-stanley\\\/#listItem\",\"name\":\"Tutun pentru rulat Stanley\"},\"previousItem\":{\"@type\":\"ListItem\",\"@id\":\"https:\\\/\\\/tabaccomd.com\\\/ro\\\/catalog\\\/#listItem\",\"name\":\"Catalog\"}},{\"@type\":\"ListItem\",\"@id\":\"https:\\\/\\\/tabaccomd.com\\\/ro\\\/product-category\\\/tutun-pentru-tigari\\\/tutun-pentru-rulat-stanley\\\/#listItem\",\"position\":4,\"name\":\"Tutun pentru rulat Stanley\",\"item\":\"https:\\\/\\\/tabaccomd.com\\\/ro\\\/product-category\\\/tutun-pentru-tigari\\\/tutun-pentru-rulat-stanley\\\/\",\"nextItem\":{\"@type\":\"ListItem\",\"@id\":\"https:\\\/\\\/tabaccomd.com\\\/ro\\\/product\\\/tutun-stanley-virginia-40gr\\\/#listItem\",\"name\":\"Tutun pentru rulat Stanley Virginia 40g\"},\"previousItem\":{\"@type\":\"ListItem\",\"@id\":\"https:\\\/\\\/tabaccomd.com\\\/ro\\\/product-category\\\/tutun-pentru-tigari\\\/#listItem\",\"name\":\"Tutun pentru \\u021big\\u0103ri\"}},{\"@type\":\"ListItem\",\"@id\":\"https:\\\/\\\/tabaccomd.com\\\/ro\\\/product\\\/tutun-stanley-virginia-40gr\\\/#listItem\",\"position\":5,\"name\":\"Tutun pentru rulat Stanley Virginia 40g\",\"previousItem\":{\"@type\":\"ListItem\",\"@id\":\"https:\\\/\\\/tabaccomd.com\\\/ro\\\/product-category\\\/tutun-pentru-tigari\\\/tutun-pentru-rulat-stanley\\\/#listItem\",\"name\":\"Tutun pentru rulat Stanley\"}}]},{\"@type\":\"Organization\",\"@id\":\"https:\\\/\\\/tabaccomd.com\\\/ro\\\/#organization\",\"name\":\"Tabacco House\",\"description\":\"\\u041c\\u0430\\u0433\\u0430\\u0437\\u0438\\u043d \\u0442\\u0430\\u0431\\u0430\\u0447\\u043d\\u044b\\u0445 \\u0438\\u0437\\u0434\\u0435\\u043b\\u0438\\u0439\",\"url\":\"https:\\\/\\\/tabaccomd.com\\\/ro\\\/\",\"email\":\"Office@cazacuhouse.com\",\"telephone\":\"+37361000935\",\"logo\":{\"@type\":\"ImageObject\",\"url\":\"https:\\\/\\\/tabaccomd.com\\\/wp-content\\\/uploads\\\/2024\\\/02\\\/logo_header3.png\",\"@id\":\"https:\\\/\\\/tabaccomd.com\\\/ro\\\/product\\\/tutun-stanley-virginia-40gr\\\/#organizationLogo\",\"width\":32,\"height\":32,\"caption\":\"Tabacco House\"},\"image\":{\"@id\":\"https:\\\/\\\/tabaccomd.com\\\/ro\\\/product\\\/tutun-stanley-virginia-40gr\\\/#organizationLogo\"},\"sameAs\":[\"https:\\\/\\\/www.facebook.com\\\/tabaccomd.com\\\/\",\"https:\\\/\\\/www.instagram.com\\\/tabaccomd.com\\\/\"],\"address\":{\"@id\":\"https:\\\/\\\/tabaccomd.com\\\/ro\\\/#postaladdress\",\"@type\":\"PostalAddress\",\"streetAddress\":\"Strada Albi\\u015foara 4, Chi\\u0219in\\u0103u, Bulevardul \\u0218tefan cel Mare \\u0219i Sf\\u00eent 136, Chi\\u0219in\\u0103u\",\"addressLocality\":\"Chi\\u0219in\\u0103u\",\"addressCountry\":\"MD\"}},{\"@type\":\"Product\",\"@id\":\"https:\\\/\\\/tabaccomd.com\\\/ro\\\/product\\\/tutun-stanley-virginia-40gr\\\/#wooCommerceProduct\",\"name\":\"Tutun pentru rulat Stanley Virginia 40g\",\"description\":\"Greutate: 40 grame\\r\\n \\t\\u021aara produc\\u0103torului: Belgia\\r\\n \\tT\\u0103rie: U\\u0219oar\\u0103\\r\\n \\tArom\\u0103: Clasic\\u0103\\r\\n \\tCantitate estimat\\u0103 de \\u021big\\u0103ri rulate: 50-60 buc\\u0103\\u021bi\\r\\n \\tFormat: Handroll\",\"url\":\"https:\\\/\\\/tabaccomd.com\\\/ro\\\/product\\\/tutun-stanley-virginia-40gr\\\/\",\"sku\":\"Stanley Virginia Blend\",\"image\":{\"@type\":\"ImageObject\",\"url\":\"https:\\\/\\\/tabaccomd.com\\\/wp-content\\\/uploads\\\/2020\\\/04\\\/stanley-tobacco-virginia-scaled.jpg\",\"@id\":\"https:\\\/\\\/tabaccomd.com\\\/ro\\\/product\\\/tutun-stanley-virginia-40gr\\\/#productImage\",\"width\":2560,\"height\":2560,\"caption\":\"stanley-tobacco-virginia\"},\"offers\":{\"@type\":\"Offer\",\"url\":\"https:\\\/\\\/tabaccomd.com\\\/ro\\\/product\\\/tutun-stanley-virginia-40gr\\\/#wooCommerceOffer\",\"price\":160,\"priceCurrency\":\"MDL\",\"category\":\"Tutun pentru rulat Stanley\",\"availability\":\"https:\\\/\\\/schema.org\\\/InStock\",\"priceSpecification\":{\"@type\":\"PriceSpecification\",\"price\":160,\"priceCurrency\":\"MDL\",\"valueAddedTaxIncluded\":\"true\"},\"seller\":{\"@type\":\"Organization\",\"@id\":\"https:\\\/\\\/tabaccomd.com\\\/ro\\\/#organization\"}}},{\"@type\":\"WebPage\",\"@id\":\"https:\\\/\\\/tabaccomd.com\\\/ro\\\/product\\\/tutun-stanley-virginia-40gr\\\/#webpage\",\"url\":\"https:\\\/\\\/tabaccomd.com\\\/ro\\\/product\\\/tutun-stanley-virginia-40gr\\\/\",\"name\":\"Tutun pentru rulat Stanley Virginia cumpara cu livrare \\u00een Chi\\u0219in\\u0103u, Moldova\\ud83d\\udca8\",\"description\":\"Cump\\u0103ra\\u021bi Tutun pentru rulat Stanley Virgini - \\u00een magazinul online tabaccomd.com cu livrare, gam\\u0103 larg\\u0103, pre\\u021buri bune. Chi\\u0219in\\u0103u, Moldova Tel. 061000935\",\"inLanguage\":\"ro-RO\",\"isPartOf\":{\"@id\":\"https:\\\/\\\/tabaccomd.com\\\/ro\\\/#website\"},\"breadcrumb\":{\"@id\":\"https:\\\/\\\/tabaccomd.com\\\/ro\\\/product\\\/tutun-stanley-virginia-40gr\\\/#breadcrumblist\"},\"image\":{\"@type\":\"ImageObject\",\"url\":\"https:\\\/\\\/tabaccomd.com\\\/wp-content\\\/uploads\\\/2020\\\/04\\\/stanley-tobacco-virginia-scaled.jpg\",\"@id\":\"https:\\\/\\\/tabaccomd.com\\\/ro\\\/product\\\/tutun-stanley-virginia-40gr\\\/#mainImage\",\"width\":2560,\"height\":2560,\"caption\":\"stanley-tobacco-virginia\"},\"primaryImageOfPage\":{\"@id\":\"https:\\\/\\\/tabaccomd.com\\\/ro\\\/product\\\/tutun-stanley-virginia-40gr\\\/#mainImage\"},\"datePublished\":\"2020-04-29T14:54:20+03:00\",\"dateModified\":\"2025-06-03T15:31:33+03:00\"},{\"@type\":\"WebSite\",\"@id\":\"https:\\\/\\\/tabaccomd.com\\\/ro\\\/#website\",\"url\":\"https:\\\/\\\/tabaccomd.com\\\/ro\\\/\",\"name\":\"Tabacco House\",\"alternateName\":\"tobaccomd.com\",\"description\":\"\\u041c\\u0430\\u0433\\u0430\\u0437\\u0438\\u043d \\u0442\\u0430\\u0431\\u0430\\u0447\\u043d\\u044b\\u0445 \\u0438\\u0437\\u0434\\u0435\\u043b\\u0438\\u0439\",\"inLanguage\":\"ro-RO\",\"publisher\":{\"@id\":\"https:\\\/\\\/tabaccomd.com\\\/ro\\\/#organization\"}}]}\n\t\t<\/script>\n\t\t<!-- All in One SEO Pro -->\r\n\t\t<title>Tutun pentru rulat Stanley Virginia cumpara cu livrare \u00een Chi\u0219in\u0103u, Moldova\ud83d\udca8<\/title>\n\n","aioseo_head_json":{"title":"Tutun pentru rulat Stanley Virginia cumpara cu livrare \u00een Chi\u0219in\u0103u, Moldova\ud83d\udca8","description":"Cump\u0103ra\u021bi Tutun pentru rulat Stanley Virgini - \u00een magazinul online tabaccomd.com cu livrare, gam\u0103 larg\u0103, pre\u021buri bune. Chi\u0219in\u0103u, Moldova Tel. 061000935","canonical_url":"https:\/\/tabaccomd.com\/ro\/product\/tutun-stanley-virginia-40gr\/","robots":"max-image-preview:large","keywords":"","webmasterTools":{"miscellaneous":""},"schema":{"@context":"https:\/\/schema.org","@graph":[{"@type":"BreadcrumbList","@id":"https:\/\/tabaccomd.com\/ro\/product\/tutun-stanley-virginia-40gr\/#breadcrumblist","itemListElement":[{"@type":"ListItem","@id":"https:\/\/tabaccomd.com\/ro\/#listItem","position":1,"name":"\u0413\u043b\u0430\u0432\u043d\u0430\u044f","item":"https:\/\/tabaccomd.com\/ro\/","nextItem":{"@type":"ListItem","@id":"https:\/\/tabaccomd.com\/ro\/catalog\/#listItem","name":"Catalog"}},{"@type":"ListItem","@id":"https:\/\/tabaccomd.com\/ro\/catalog\/#listItem","position":2,"name":"Catalog","item":"https:\/\/tabaccomd.com\/ro\/catalog\/","nextItem":{"@type":"ListItem","@id":"https:\/\/tabaccomd.com\/ro\/product-category\/tutun-pentru-tigari\/#listItem","name":"Tutun pentru \u021big\u0103ri"},"previousItem":{"@type":"ListItem","@id":"https:\/\/tabaccomd.com\/ro\/#listItem","name":"\u0413\u043b\u0430\u0432\u043d\u0430\u044f"}},{"@type":"ListItem","@id":"https:\/\/tabaccomd.com\/ro\/product-category\/tutun-pentru-tigari\/#listItem","position":3,"name":"Tutun pentru \u021big\u0103ri","item":"https:\/\/tabaccomd.com\/ro\/product-category\/tutun-pentru-tigari\/","nextItem":{"@type":"ListItem","@id":"https:\/\/tabaccomd.com\/ro\/product-category\/tutun-pentru-tigari\/tutun-pentru-rulat-stanley\/#listItem","name":"Tutun pentru rulat Stanley"},"previousItem":{"@type":"ListItem","@id":"https:\/\/tabaccomd.com\/ro\/catalog\/#listItem","name":"Catalog"}},{"@type":"ListItem","@id":"https:\/\/tabaccomd.com\/ro\/product-category\/tutun-pentru-tigari\/tutun-pentru-rulat-stanley\/#listItem","position":4,"name":"Tutun pentru rulat Stanley","item":"https:\/\/tabaccomd.com\/ro\/product-category\/tutun-pentru-tigari\/tutun-pentru-rulat-stanley\/","nextItem":{"@type":"ListItem","@id":"https:\/\/tabaccomd.com\/ro\/product\/tutun-stanley-virginia-40gr\/#listItem","name":"Tutun pentru rulat Stanley Virginia 40g"},"previousItem":{"@type":"ListItem","@id":"https:\/\/tabaccomd.com\/ro\/product-category\/tutun-pentru-tigari\/#listItem","name":"Tutun pentru \u021big\u0103ri"}},{"@type":"ListItem","@id":"https:\/\/tabaccomd.com\/ro\/product\/tutun-stanley-virginia-40gr\/#listItem","position":5,"name":"Tutun pentru rulat Stanley Virginia 40g","previousItem":{"@type":"ListItem","@id":"https:\/\/tabaccomd.com\/ro\/product-category\/tutun-pentru-tigari\/tutun-pentru-rulat-stanley\/#listItem","name":"Tutun pentru rulat Stanley"}}]},{"@type":"Organization","@id":"https:\/\/tabaccomd.com\/ro\/#organization","name":"Tabacco House","description":"\u041c\u0430\u0433\u0430\u0437\u0438\u043d \u0442\u0430\u0431\u0430\u0447\u043d\u044b\u0445 \u0438\u0437\u0434\u0435\u043b\u0438\u0439","url":"https:\/\/tabaccomd.com\/ro\/","email":"Office@cazacuhouse.com","telephone":"+37361000935","logo":{"@type":"ImageObject","url":"https:\/\/tabaccomd.com\/wp-content\/uploads\/2024\/02\/logo_header3.png","@id":"https:\/\/tabaccomd.com\/ro\/product\/tutun-stanley-virginia-40gr\/#organizationLogo","width":32,"height":32,"caption":"Tabacco House"},"image":{"@id":"https:\/\/tabaccomd.com\/ro\/product\/tutun-stanley-virginia-40gr\/#organizationLogo"},"sameAs":["https:\/\/www.facebook.com\/tabaccomd.com\/","https:\/\/www.instagram.com\/tabaccomd.com\/"],"address":{"@id":"https:\/\/tabaccomd.com\/ro\/#postaladdress","@type":"PostalAddress","streetAddress":"Strada Albi\u015foara 4, Chi\u0219in\u0103u, Bulevardul \u0218tefan cel Mare \u0219i Sf\u00eent 136, Chi\u0219in\u0103u","addressLocality":"Chi\u0219in\u0103u","addressCountry":"MD"}},{"@type":"Product","@id":"https:\/\/tabaccomd.com\/ro\/product\/tutun-stanley-virginia-40gr\/#wooCommerceProduct","name":"Tutun pentru rulat Stanley Virginia 40g","description":"Greutate: 40 grame\r\n \t\u021aara produc\u0103torului: Belgia\r\n \tT\u0103rie: U\u0219oar\u0103\r\n \tArom\u0103: Clasic\u0103\r\n \tCantitate estimat\u0103 de \u021big\u0103ri rulate: 50-60 buc\u0103\u021bi\r\n \tFormat: Handroll","url":"https:\/\/tabaccomd.com\/ro\/product\/tutun-stanley-virginia-40gr\/","sku":"Stanley Virginia Blend","image":{"@type":"ImageObject","url":"https:\/\/tabaccomd.com\/wp-content\/uploads\/2020\/04\/stanley-tobacco-virginia-scaled.jpg","@id":"https:\/\/tabaccomd.com\/ro\/product\/tutun-stanley-virginia-40gr\/#productImage","width":2560,"height":2560,"caption":"stanley-tobacco-virginia"},"offers":{"@type":"Offer","url":"https:\/\/tabaccomd.com\/ro\/product\/tutun-stanley-virginia-40gr\/#wooCommerceOffer","price":160,"priceCurrency":"MDL","category":"Tutun pentru rulat Stanley","availability":"https:\/\/schema.org\/InStock","priceSpecification":{"@type":"PriceSpecification","price":160,"priceCurrency":"MDL","valueAddedTaxIncluded":"true"},"seller":{"@type":"Organization","@id":"https:\/\/tabaccomd.com\/ro\/#organization"}}},{"@type":"WebPage","@id":"https:\/\/tabaccomd.com\/ro\/product\/tutun-stanley-virginia-40gr\/#webpage","url":"https:\/\/tabaccomd.com\/ro\/product\/tutun-stanley-virginia-40gr\/","name":"Tutun pentru rulat Stanley Virginia cumpara cu livrare \u00een Chi\u0219in\u0103u, Moldova\ud83d\udca8","description":"Cump\u0103ra\u021bi Tutun pentru rulat Stanley Virgini - \u00een magazinul online tabaccomd.com cu livrare, gam\u0103 larg\u0103, pre\u021buri bune. Chi\u0219in\u0103u, Moldova Tel. 061000935","inLanguage":"ro-RO","isPartOf":{"@id":"https:\/\/tabaccomd.com\/ro\/#website"},"breadcrumb":{"@id":"https:\/\/tabaccomd.com\/ro\/product\/tutun-stanley-virginia-40gr\/#breadcrumblist"},"image":{"@type":"ImageObject","url":"https:\/\/tabaccomd.com\/wp-content\/uploads\/2020\/04\/stanley-tobacco-virginia-scaled.jpg","@id":"https:\/\/tabaccomd.com\/ro\/product\/tutun-stanley-virginia-40gr\/#mainImage","width":2560,"height":2560,"caption":"stanley-tobacco-virginia"},"primaryImageOfPage":{"@id":"https:\/\/tabaccomd.com\/ro\/product\/tutun-stanley-virginia-40gr\/#mainImage"},"datePublished":"2020-04-29T14:54:20+03:00","dateModified":"2025-06-03T15:31:33+03:00"},{"@type":"WebSite","@id":"https:\/\/tabaccomd.com\/ro\/#website","url":"https:\/\/tabaccomd.com\/ro\/","name":"Tabacco House","alternateName":"tobaccomd.com","description":"\u041c\u0430\u0433\u0430\u0437\u0438\u043d \u0442\u0430\u0431\u0430\u0447\u043d\u044b\u0445 \u0438\u0437\u0434\u0435\u043b\u0438\u0439","inLanguage":"ro-RO","publisher":{"@id":"https:\/\/tabaccomd.com\/ro\/#organization"}}]},"og:locale":"ro_RO","og:site_name":"Tabacco House \u2013 \u041c\u0430\u0433\u0430\u0437\u0438\u043d \u0442\u0430\u0431\u0430\u0447\u043d\u044b\u0445 \u0438\u0437\u0434\u0435\u043b\u0438\u0439","og:type":"article","og:title":"Tutun pentru rulat Stanley Virginia cumpara cu livrare \u00een Chi\u0219in\u0103u, Moldova\ud83d\udca8","og:description":"Cump\u0103ra\u021bi Tutun pentru rulat Stanley Virgini - \u00een magazinul online tabaccomd.com cu livrare, gam\u0103 larg\u0103, pre\u021buri bune. Chi\u0219in\u0103u, Moldova Tel. 061000935","og:url":"https:\/\/tabaccomd.com\/ro\/product\/tutun-stanley-virginia-40gr\/","article:published_time":"2020-04-29T11:54:20+00:00","article:modified_time":"2025-06-03T12:31:33+00:00","article:publisher":"https:\/\/www.facebook.com\/tabaccomd.com\/","twitter:card":"summary_large_image","twitter:title":"Tutun pentru rulat Stanley Virginia cumpara cu livrare \u00een Chi\u0219in\u0103u, Moldova\ud83d\udca8","twitter:description":"Cump\u0103ra\u021bi Tutun pentru rulat Stanley Virgini - \u00een magazinul online tabaccomd.com cu livrare, gam\u0103 larg\u0103, pre\u021buri bune. Chi\u0219in\u0103u, Moldova Tel. 061000935"},"aioseo_meta_data":{"post_id":"17099","title":"Tutun pentru rulat Stanley Virginia cumpara cu livrare \u00een Chi\u0219in\u0103u, Moldova\ud83d\udca8","description":"Cump\u0103ra\u021bi Tutun pentru rulat Stanley Virgini - \u00een magazinul online tabaccomd.com cu livrare, gam\u0103 larg\u0103, pre\u021buri bune. Chi\u0219in\u0103u, Moldova Tel. 061000935","keywords":[],"keyphrases":{"focus":{"keyphrase":"Tutun pentru rulat Stanley Virgini","score":54,"analysis":{"keyphraseInTitle":{"score":3,"maxScore":9,"error":1},"keyphraseInDescription":{"score":9,"maxScore":9,"error":0},"keyphraseLength":{"score":6,"maxScore":9,"error":1,"length":5},"keyphraseInURL":{"score":1,"maxScore":5,"error":1},"keyphraseInIntroduction":{"score":3,"maxScore":9,"error":1},"keyphraseInSubHeadings":[],"keyphraseInImageAlt":[]}},"additional":[]},"primary_term":null,"canonical_url":null,"og_title":null,"og_description":null,"og_object_type":"default","og_image_type":"default","og_image_url":null,"og_image_width":null,"og_image_height":null,"og_image_custom_url":null,"og_image_custom_fields":null,"og_video":"","og_custom_url":null,"og_article_section":null,"og_article_tags":[],"twitter_use_og":false,"twitter_card":"default","twitter_image_type":"default","twitter_image_url":null,"twitter_image_custom_url":null,"twitter_image_custom_fields":null,"twitter_title":null,"twitter_description":null,"schema":{"blockGraphs":[],"customGraphs":[],"default":{"data":{"Article":[],"Course":[],"Dataset":[],"FAQPage":[],"Movie":[],"Person":[],"Product":[],"ProductReview":[],"Car":[],"Recipe":[],"Service":[],"SoftwareApplication":[],"WebPage":[]},"graphName":"ItemPage","isEnabled":true},"graphs":[]},"schema_type":"default","schema_type_options":null,"pillar_content":false,"robots_default":true,"robots_noindex":false,"robots_noarchive":false,"robots_nosnippet":false,"robots_nofollow":false,"robots_noimageindex":false,"robots_noodp":false,"robots_notranslate":false,"robots_max_snippet":"-1","robots_max_videopreview":"-1","robots_max_imagepreview":"large","priority":null,"frequency":"default","local_seo":null,"seo_analyzer_scan_date":"2025-10-19 15:16:00","breadcrumb_settings":null,"limit_modified_date":false,"reviewed_by":null,"open_ai":null,"ai":null,"created":"2023-03-30 15:14:56","updated":"2025-10-19 15:16:00"},"aioseo_breadcrumb":"<div class=\"aioseo-breadcrumbs\"><span class=\"aioseo-breadcrumb\">\n\t<a href=\"https:\/\/tabaccomd.com\/ro\/\" title=\"\u0413\u043b\u0430\u0432\u043d\u0430\u044f\">\u0413\u043b\u0430\u0432\u043d\u0430\u044f<\/a>\n<\/span><span class=\"aioseo-breadcrumb-separator\">\u00bb<\/span><span class=\"aioseo-breadcrumb\">\n\t<a href=\"https:\/\/tabaccomd.com\/ro\/catalog\/\" title=\"Catalog\">Catalog<\/a>\n<\/span><span class=\"aioseo-breadcrumb-separator\">\u00bb<\/span><span class=\"aioseo-breadcrumb\">\n\t<a href=\"https:\/\/tabaccomd.com\/ro\/product-category\/tutun-pentru-tigari\/\" title=\"Tutun pentru \u021big\u0103ri\">Tutun pentru \u021big\u0103ri<\/a>\n<\/span><span class=\"aioseo-breadcrumb-separator\">\u00bb<\/span><span class=\"aioseo-breadcrumb\">\n\t<a href=\"https:\/\/tabaccomd.com\/ro\/product-category\/tutun-pentru-tigari\/tutun-pentru-rulat-stanley\/\" title=\"Tutun pentru rulat Stanley\">Tutun pentru rulat Stanley<\/a>\n<\/span><span class=\"aioseo-breadcrumb-separator\">\u00bb<\/span><span class=\"aioseo-breadcrumb\">\n\tTutun pentru rulat Stanley Virginia 40g\n<\/span><\/div>","aioseo_breadcrumb_json":[{"label":"\u0413\u043b\u0430\u0432\u043d\u0430\u044f","link":"https:\/\/tabaccomd.com\/ro\/"},{"label":"Catalog","link":"https:\/\/tabaccomd.com\/ro\/catalog\/"},{"label":"Tutun pentru \u021big\u0103ri","link":"https:\/\/tabaccomd.com\/ro\/product-category\/tutun-pentru-tigari\/"},{"label":"Tutun pentru rulat Stanley","link":"https:\/\/tabaccomd.com\/ro\/product-category\/tutun-pentru-tigari\/tutun-pentru-rulat-stanley\/"},{"label":"Tutun pentru rulat Stanley Virginia 40g","link":"https:\/\/tabaccomd.com\/ro\/product\/tutun-stanley-virginia-40gr\/"}],"images_for_1c":[{"url":"https:\/\/tabaccomd.com\/wp-content\/uploads\/2020\/04\/stanley-tobacco-virginia-scaled.jpg","type":"featured","alt":"stanley-tobacco-virginia","filename":"stanley-tobacco-virginia-scaled.jpg"}],"additional_data_1c":{"modified_date":"2025-06-03 15:31:33","permalink":"https:\/\/tabaccomd.com\/ro\/product\/tutun-stanley-virginia-40gr\/","stock_status":"instock","manage_stock":"no"},"_links":{"self":[{"href":"https:\/\/tabaccomd.com\/ro\/wp-json\/wp\/v2\/product\/17099","targetHints":{"allow":["GET"]}}],"collection":[{"href":"https:\/\/tabaccomd.com\/ro\/wp-json\/wp\/v2\/product"}],"about":[{"href":"https:\/\/tabaccomd.com\/ro\/wp-json\/wp\/v2\/types\/product"}],"wp:featuredmedia":[{"embeddable":true,"href":"https:\/\/tabaccomd.com\/ro\/wp-json\/wp\/v2\/media\/150693"}],"wp:attachment":[{"href":"https:\/\/tabaccomd.com\/ro\/wp-json\/wp\/v2\/media?parent=17099"}],"wp:term":[{"taxonomy":"product_brand","embeddable":true,"href":"https:\/\/tabaccomd.com\/ro\/wp-json\/wp\/v2\/product_brand?post=17099"},{"taxonomy":"product_cat","embeddable":true,"href":"https:\/\/tabaccomd.com\/ro\/wp-json\/wp\/v2\/product_cat?post=17099"},{"taxonomy":"product_tag","embeddable":true,"href":"https:\/\/tabaccomd.com\/ro\/wp-json\/wp\/v2\/product_tag?post=17099"}],"curies":[{"name":"wp","href":"https:\/\/api.w.org\/{rel}","templated":true}]}}