{"id":17097,"date":"2020-04-29T14:50:09","date_gmt":"2020-04-29T11:50:09","guid":{"rendered":"https:\/\/new124.tabaccomd.com\/product\/tutun-stanley-american-blend-40-gr\/"},"modified":"2023-07-24T15:12:16","modified_gmt":"2023-07-24T12:12:16","slug":"tutun-stanley-american-blend-40-gr","status":"publish","type":"product","link":"https:\/\/tabaccomd.com\/ro\/product\/tutun-stanley-american-blend-40-gr\/","title":{"rendered":"Tutun Stanley American Blend 40 gr"},"content":{"rendered":"<p>Tutun pentru \u021big\u0103ri Stanley American Blend. Fiecare cunosc\u0103tor al tradi\u021biilor de fumat a \u021bigaretelor este pur \u0219i simplu obligat s\u0103 \u00eencerce acest tutun. Fumul acestui tutun are o moale \u0219i o arom\u0103 natural\u0103 neobi\u0219nuit\u0103, din care vor fi \u00eenc\u00e2nta\u021bi at\u00e2t \u00eencep\u0103torii, c\u00e2t \u0219i fum\u0103torii cu experien\u021b\u0103 bogat\u0103. Fiecare puf de fum provenit din amestecul de produse americane de tutun selectat \u0219i legendar, precum Virginia, Oriental \u0219i Burley, te va scufunda din nou \u00een marea senza\u021biilor de tutun. Dup\u0103 cump\u0103rarea acestui tutun, cu siguran\u021b\u0103 nu ve\u021bi regreta!<\/p>\n<p>Pute\u021bi cump\u0103ra tutun pentru \u021big\u0103rile Stanley American Blend \u00een Moldova, Chi\u0219in\u0103u \u00een lan\u021bul de magazine Lux Presents<\/p>\n<p>&nbsp;<\/p>\n","protected":false},"excerpt":{"rendered":"<div class=\"product-desc\">\n<ul>\n<li>Greutatea: 40 grame<\/li>\n<li>Tara: Belgia<\/li>\n<li>Tarie: mediu<\/li>\n<li>Cantitate estimata de tigari rulate: 50-60 bucati<\/li>\n<li>Format: Handroll (rulare manuala)<\/li>\n<\/ul>\n<\/div>\n<div class=\"tooltip-lux\">\n<div class=\"row\">\n<div class=\"col-lg-6\"><\/div>\n<\/div>\n<\/div>\n","protected":false},"featured_media":118918,"template":"","meta":{"om_disable_all_campaigns":false,"_monsterinsights_skip_tracking":false,"_monsterinsights_sitenote_active":false,"_monsterinsights_sitenote_note":"","_monsterinsights_sitenote_category":0},"product_brand":[],"product_cat":[196],"product_tag":[],"class_list":{"0":"post-17097","1":"product","2":"type-product","3":"status-publish","4":"has-post-thumbnail","6":"product_cat-tutun-pentru-rulat-stanley","8":"first","9":"outofstock","10":"featured","11":"taxable","12":"shipping-taxable","13":"purchasable","14":"product-type-simple"},"aioseo_notices":[],"aioseo_head":"\n\t\t<!-- All in One SEO Pro 4.9.6.2 - aioseo.com -->\n\t<meta name=\"description\" content=\"Tutun pentru rulat(\u021big\u0103ri) Stanley American Blend - \u00een magazinul online tabaccomd.com cu livrare, gam\u0103 larg\u0103, pre\u021buri bune. Chi\u0219in\u0103u, Moldova Tel. 061000935\" \/>\n\t<meta name=\"robots\" content=\"max-image-preview:large\" \/>\n\t<link rel=\"canonical\" href=\"https:\/\/tabaccomd.com\/ro\/product\/tutun-stanley-american-blend-40-gr\/\" \/>\n\t<meta name=\"generator\" content=\"All in One SEO Pro (AIOSEO) 4.9.6.2\" \/>\n\t\t<meta property=\"og:locale\" content=\"ro_RO\" \/>\n\t\t<meta property=\"og:site_name\" content=\"Tabacco House \u2013 \u041c\u0430\u0433\u0430\u0437\u0438\u043d \u0442\u0430\u0431\u0430\u0447\u043d\u044b\u0445 \u0438\u0437\u0434\u0435\u043b\u0438\u0439\" \/>\n\t\t<meta property=\"og:type\" content=\"article\" \/>\n\t\t<meta property=\"og:title\" content=\"Tutun pentru rulat(\u021big\u0103ri) Stanley American Blend cumpara \u00een Chi\u0219in\u0103u\ud83d\udca8\" \/>\n\t\t<meta property=\"og:description\" content=\"Tutun pentru rulat(\u021big\u0103ri) Stanley American Blend - \u00een magazinul online tabaccomd.com cu livrare, gam\u0103 larg\u0103, pre\u021buri bune. Chi\u0219in\u0103u, Moldova Tel. 061000935\" \/>\n\t\t<meta property=\"og:url\" content=\"https:\/\/tabaccomd.com\/ro\/product\/tutun-stanley-american-blend-40-gr\/\" \/>\n\t\t<meta property=\"article:published_time\" content=\"2020-04-29T11:50:09+00:00\" \/>\n\t\t<meta property=\"article:modified_time\" content=\"2023-07-24T12:12:16+00:00\" \/>\n\t\t<meta property=\"article:publisher\" content=\"https:\/\/www.facebook.com\/tabaccomd.com\/\" \/>\n\t\t<meta name=\"twitter:card\" content=\"summary_large_image\" \/>\n\t\t<meta name=\"twitter:title\" content=\"Tutun pentru rulat(\u021big\u0103ri) Stanley American Blend cumpara \u00een Chi\u0219in\u0103u\ud83d\udca8\" \/>\n\t\t<meta name=\"twitter:description\" content=\"Tutun pentru rulat(\u021big\u0103ri) Stanley American Blend - \u00een magazinul online tabaccomd.com cu livrare, gam\u0103 larg\u0103, pre\u021buri bune. Chi\u0219in\u0103u, Moldova Tel. 061000935\" \/>\n\t\t<script type=\"application\/ld+json\" class=\"aioseo-schema\">\n\t\t\t{\"@context\":\"https:\\\/\\\/schema.org\",\"@graph\":[{\"@type\":\"BreadcrumbList\",\"@id\":\"https:\\\/\\\/tabaccomd.com\\\/ro\\\/product\\\/tutun-stanley-american-blend-40-gr\\\/#breadcrumblist\",\"itemListElement\":[{\"@type\":\"ListItem\",\"@id\":\"https:\\\/\\\/tabaccomd.com\\\/ro\\\/#listItem\",\"position\":1,\"name\":\"\\u0413\\u043b\\u0430\\u0432\\u043d\\u0430\\u044f\",\"item\":\"https:\\\/\\\/tabaccomd.com\\\/ro\\\/\",\"nextItem\":{\"@type\":\"ListItem\",\"@id\":\"https:\\\/\\\/tabaccomd.com\\\/ro\\\/catalog\\\/#listItem\",\"name\":\"Catalog\"}},{\"@type\":\"ListItem\",\"@id\":\"https:\\\/\\\/tabaccomd.com\\\/ro\\\/catalog\\\/#listItem\",\"position\":2,\"name\":\"Catalog\",\"item\":\"https:\\\/\\\/tabaccomd.com\\\/ro\\\/catalog\\\/\",\"nextItem\":{\"@type\":\"ListItem\",\"@id\":\"https:\\\/\\\/tabaccomd.com\\\/ro\\\/product-category\\\/tutun-pentru-tigari\\\/#listItem\",\"name\":\"Tutun pentru \\u021big\\u0103ri\"},\"previousItem\":{\"@type\":\"ListItem\",\"@id\":\"https:\\\/\\\/tabaccomd.com\\\/ro\\\/#listItem\",\"name\":\"\\u0413\\u043b\\u0430\\u0432\\u043d\\u0430\\u044f\"}},{\"@type\":\"ListItem\",\"@id\":\"https:\\\/\\\/tabaccomd.com\\\/ro\\\/product-category\\\/tutun-pentru-tigari\\\/#listItem\",\"position\":3,\"name\":\"Tutun pentru \\u021big\\u0103ri\",\"item\":\"https:\\\/\\\/tabaccomd.com\\\/ro\\\/product-category\\\/tutun-pentru-tigari\\\/\",\"nextItem\":{\"@type\":\"ListItem\",\"@id\":\"https:\\\/\\\/tabaccomd.com\\\/ro\\\/product-category\\\/tutun-pentru-tigari\\\/tutun-pentru-rulat-stanley\\\/#listItem\",\"name\":\"Tutun pentru rulat Stanley\"},\"previousItem\":{\"@type\":\"ListItem\",\"@id\":\"https:\\\/\\\/tabaccomd.com\\\/ro\\\/catalog\\\/#listItem\",\"name\":\"Catalog\"}},{\"@type\":\"ListItem\",\"@id\":\"https:\\\/\\\/tabaccomd.com\\\/ro\\\/product-category\\\/tutun-pentru-tigari\\\/tutun-pentru-rulat-stanley\\\/#listItem\",\"position\":4,\"name\":\"Tutun pentru rulat Stanley\",\"item\":\"https:\\\/\\\/tabaccomd.com\\\/ro\\\/product-category\\\/tutun-pentru-tigari\\\/tutun-pentru-rulat-stanley\\\/\",\"nextItem\":{\"@type\":\"ListItem\",\"@id\":\"https:\\\/\\\/tabaccomd.com\\\/ro\\\/product\\\/tutun-stanley-american-blend-40-gr\\\/#listItem\",\"name\":\"Tutun Stanley American Blend 40 gr\"},\"previousItem\":{\"@type\":\"ListItem\",\"@id\":\"https:\\\/\\\/tabaccomd.com\\\/ro\\\/product-category\\\/tutun-pentru-tigari\\\/#listItem\",\"name\":\"Tutun pentru \\u021big\\u0103ri\"}},{\"@type\":\"ListItem\",\"@id\":\"https:\\\/\\\/tabaccomd.com\\\/ro\\\/product\\\/tutun-stanley-american-blend-40-gr\\\/#listItem\",\"position\":5,\"name\":\"Tutun Stanley American Blend 40 gr\",\"previousItem\":{\"@type\":\"ListItem\",\"@id\":\"https:\\\/\\\/tabaccomd.com\\\/ro\\\/product-category\\\/tutun-pentru-tigari\\\/tutun-pentru-rulat-stanley\\\/#listItem\",\"name\":\"Tutun pentru rulat Stanley\"}}]},{\"@type\":\"Organization\",\"@id\":\"https:\\\/\\\/tabaccomd.com\\\/ro\\\/#organization\",\"name\":\"Tabacco House\",\"description\":\"\\u041c\\u0430\\u0433\\u0430\\u0437\\u0438\\u043d \\u0442\\u0430\\u0431\\u0430\\u0447\\u043d\\u044b\\u0445 \\u0438\\u0437\\u0434\\u0435\\u043b\\u0438\\u0439\",\"url\":\"https:\\\/\\\/tabaccomd.com\\\/ro\\\/\",\"email\":\"Office@cazacuhouse.com\",\"telephone\":\"+37361000935\",\"logo\":{\"@type\":\"ImageObject\",\"url\":\"https:\\\/\\\/tabaccomd.com\\\/wp-content\\\/uploads\\\/2024\\\/02\\\/logo_header3.png\",\"@id\":\"https:\\\/\\\/tabaccomd.com\\\/ro\\\/product\\\/tutun-stanley-american-blend-40-gr\\\/#organizationLogo\",\"width\":32,\"height\":32,\"caption\":\"Tabacco House\"},\"image\":{\"@id\":\"https:\\\/\\\/tabaccomd.com\\\/ro\\\/product\\\/tutun-stanley-american-blend-40-gr\\\/#organizationLogo\"},\"sameAs\":[\"https:\\\/\\\/www.facebook.com\\\/tabaccomd.com\\\/\",\"https:\\\/\\\/www.instagram.com\\\/tabaccomd.com\\\/\"],\"address\":{\"@id\":\"https:\\\/\\\/tabaccomd.com\\\/ro\\\/#postaladdress\",\"@type\":\"PostalAddress\",\"streetAddress\":\"Strada Albi\\u015foara 4, Chi\\u0219in\\u0103u, Bulevardul \\u0218tefan cel Mare \\u0219i Sf\\u00eent 136, Chi\\u0219in\\u0103u\",\"addressLocality\":\"Chi\\u0219in\\u0103u\",\"addressCountry\":\"MD\"}},{\"@type\":\"Product\",\"@id\":\"https:\\\/\\\/tabaccomd.com\\\/ro\\\/product\\\/tutun-stanley-american-blend-40-gr\\\/#wooCommerceProduct\",\"name\":\"Tutun Stanley American Blend 40 gr\",\"description\":\"Greutatea: 40 grame\\r\\n \\tTara: Belgia\\r\\n \\tTarie: mediu\\r\\n \\tCantitate estimata de tigari rulate: 50-60 bucati\\r\\n \\tFormat: Handroll (rulare manuala)\",\"url\":\"https:\\\/\\\/tabaccomd.com\\\/ro\\\/product\\\/tutun-stanley-american-blend-40-gr\\\/\",\"sku\":\"Stanley American Blend\",\"image\":{\"@type\":\"ImageObject\",\"url\":\"https:\\\/\\\/tabaccomd.com\\\/wp-content\\\/uploads\\\/2020\\\/04\\\/tabacco-1-11.png\",\"@id\":\"https:\\\/\\\/tabaccomd.com\\\/ro\\\/product\\\/tutun-stanley-american-blend-40-gr\\\/#productImage\",\"width\":1000,\"height\":1000,\"caption\":\"\\u0422\\u0430\\u0431\\u0430\\u043a \\u0434\\u043b\\u044f \\u0441\\u0430\\u043c\\u043e\\u043a\\u0440\\u0443\\u0442\\u043e\\u043a Stanley American Blend\"},\"offers\":{\"@type\":\"Offer\",\"url\":\"https:\\\/\\\/tabaccomd.com\\\/ro\\\/product\\\/tutun-stanley-american-blend-40-gr\\\/#wooCommerceOffer\",\"price\":100,\"priceCurrency\":\"MDL\",\"category\":\"Tutun pentru rulat Stanley\",\"availability\":\"https:\\\/\\\/schema.org\\\/OutOfStock\",\"priceSpecification\":{\"@type\":\"PriceSpecification\",\"price\":100,\"priceCurrency\":\"MDL\",\"valueAddedTaxIncluded\":\"true\"},\"seller\":{\"@type\":\"Organization\",\"@id\":\"https:\\\/\\\/tabaccomd.com\\\/ro\\\/#organization\"}}},{\"@type\":\"WebPage\",\"@id\":\"https:\\\/\\\/tabaccomd.com\\\/ro\\\/product\\\/tutun-stanley-american-blend-40-gr\\\/#webpage\",\"url\":\"https:\\\/\\\/tabaccomd.com\\\/ro\\\/product\\\/tutun-stanley-american-blend-40-gr\\\/\",\"name\":\"Tutun pentru rulat(\\u021big\\u0103ri) Stanley American Blend cumpara \\u00een Chi\\u0219in\\u0103u\\ud83d\\udca8\",\"description\":\"Tutun pentru rulat(\\u021big\\u0103ri) Stanley American Blend - \\u00een magazinul online tabaccomd.com cu livrare, gam\\u0103 larg\\u0103, pre\\u021buri bune. Chi\\u0219in\\u0103u, Moldova Tel. 061000935\",\"inLanguage\":\"ro-RO\",\"isPartOf\":{\"@id\":\"https:\\\/\\\/tabaccomd.com\\\/ro\\\/#website\"},\"breadcrumb\":{\"@id\":\"https:\\\/\\\/tabaccomd.com\\\/ro\\\/product\\\/tutun-stanley-american-blend-40-gr\\\/#breadcrumblist\"},\"image\":{\"@type\":\"ImageObject\",\"url\":\"https:\\\/\\\/tabaccomd.com\\\/wp-content\\\/uploads\\\/2020\\\/04\\\/tabacco-1-11.png\",\"@id\":\"https:\\\/\\\/tabaccomd.com\\\/ro\\\/product\\\/tutun-stanley-american-blend-40-gr\\\/#mainImage\",\"width\":1000,\"height\":1000,\"caption\":\"\\u0422\\u0430\\u0431\\u0430\\u043a \\u0434\\u043b\\u044f \\u0441\\u0430\\u043c\\u043e\\u043a\\u0440\\u0443\\u0442\\u043e\\u043a Stanley American Blend\"},\"primaryImageOfPage\":{\"@id\":\"https:\\\/\\\/tabaccomd.com\\\/ro\\\/product\\\/tutun-stanley-american-blend-40-gr\\\/#mainImage\"},\"datePublished\":\"2020-04-29T14:50:09+03:00\",\"dateModified\":\"2023-07-24T15:12:16+03:00\"},{\"@type\":\"WebSite\",\"@id\":\"https:\\\/\\\/tabaccomd.com\\\/ro\\\/#website\",\"url\":\"https:\\\/\\\/tabaccomd.com\\\/ro\\\/\",\"name\":\"Tabacco House\",\"alternateName\":\"tobaccomd.com\",\"description\":\"\\u041c\\u0430\\u0433\\u0430\\u0437\\u0438\\u043d \\u0442\\u0430\\u0431\\u0430\\u0447\\u043d\\u044b\\u0445 \\u0438\\u0437\\u0434\\u0435\\u043b\\u0438\\u0439\",\"inLanguage\":\"ro-RO\",\"publisher\":{\"@id\":\"https:\\\/\\\/tabaccomd.com\\\/ro\\\/#organization\"}}]}\n\t\t<\/script>\n\t\t<!-- All in One SEO Pro -->\r\n\t\t<title>Tutun pentru rulat(\u021big\u0103ri) Stanley American Blend cumpara \u00een Chi\u0219in\u0103u\ud83d\udca8<\/title>\n\n","aioseo_head_json":{"title":"Tutun pentru rulat(\u021big\u0103ri) Stanley American Blend cumpara \u00een Chi\u0219in\u0103u\ud83d\udca8","description":"Tutun pentru rulat(\u021big\u0103ri) Stanley American Blend - \u00een magazinul online tabaccomd.com cu livrare, gam\u0103 larg\u0103, pre\u021buri bune. Chi\u0219in\u0103u, Moldova Tel. 061000935","canonical_url":"https:\/\/tabaccomd.com\/ro\/product\/tutun-stanley-american-blend-40-gr\/","robots":"max-image-preview:large","keywords":"","webmasterTools":{"miscellaneous":""},"schema":{"@context":"https:\/\/schema.org","@graph":[{"@type":"BreadcrumbList","@id":"https:\/\/tabaccomd.com\/ro\/product\/tutun-stanley-american-blend-40-gr\/#breadcrumblist","itemListElement":[{"@type":"ListItem","@id":"https:\/\/tabaccomd.com\/ro\/#listItem","position":1,"name":"\u0413\u043b\u0430\u0432\u043d\u0430\u044f","item":"https:\/\/tabaccomd.com\/ro\/","nextItem":{"@type":"ListItem","@id":"https:\/\/tabaccomd.com\/ro\/catalog\/#listItem","name":"Catalog"}},{"@type":"ListItem","@id":"https:\/\/tabaccomd.com\/ro\/catalog\/#listItem","position":2,"name":"Catalog","item":"https:\/\/tabaccomd.com\/ro\/catalog\/","nextItem":{"@type":"ListItem","@id":"https:\/\/tabaccomd.com\/ro\/product-category\/tutun-pentru-tigari\/#listItem","name":"Tutun pentru \u021big\u0103ri"},"previousItem":{"@type":"ListItem","@id":"https:\/\/tabaccomd.com\/ro\/#listItem","name":"\u0413\u043b\u0430\u0432\u043d\u0430\u044f"}},{"@type":"ListItem","@id":"https:\/\/tabaccomd.com\/ro\/product-category\/tutun-pentru-tigari\/#listItem","position":3,"name":"Tutun pentru \u021big\u0103ri","item":"https:\/\/tabaccomd.com\/ro\/product-category\/tutun-pentru-tigari\/","nextItem":{"@type":"ListItem","@id":"https:\/\/tabaccomd.com\/ro\/product-category\/tutun-pentru-tigari\/tutun-pentru-rulat-stanley\/#listItem","name":"Tutun pentru rulat Stanley"},"previousItem":{"@type":"ListItem","@id":"https:\/\/tabaccomd.com\/ro\/catalog\/#listItem","name":"Catalog"}},{"@type":"ListItem","@id":"https:\/\/tabaccomd.com\/ro\/product-category\/tutun-pentru-tigari\/tutun-pentru-rulat-stanley\/#listItem","position":4,"name":"Tutun pentru rulat Stanley","item":"https:\/\/tabaccomd.com\/ro\/product-category\/tutun-pentru-tigari\/tutun-pentru-rulat-stanley\/","nextItem":{"@type":"ListItem","@id":"https:\/\/tabaccomd.com\/ro\/product\/tutun-stanley-american-blend-40-gr\/#listItem","name":"Tutun Stanley American Blend 40 gr"},"previousItem":{"@type":"ListItem","@id":"https:\/\/tabaccomd.com\/ro\/product-category\/tutun-pentru-tigari\/#listItem","name":"Tutun pentru \u021big\u0103ri"}},{"@type":"ListItem","@id":"https:\/\/tabaccomd.com\/ro\/product\/tutun-stanley-american-blend-40-gr\/#listItem","position":5,"name":"Tutun Stanley American Blend 40 gr","previousItem":{"@type":"ListItem","@id":"https:\/\/tabaccomd.com\/ro\/product-category\/tutun-pentru-tigari\/tutun-pentru-rulat-stanley\/#listItem","name":"Tutun pentru rulat Stanley"}}]},{"@type":"Organization","@id":"https:\/\/tabaccomd.com\/ro\/#organization","name":"Tabacco House","description":"\u041c\u0430\u0433\u0430\u0437\u0438\u043d \u0442\u0430\u0431\u0430\u0447\u043d\u044b\u0445 \u0438\u0437\u0434\u0435\u043b\u0438\u0439","url":"https:\/\/tabaccomd.com\/ro\/","email":"Office@cazacuhouse.com","telephone":"+37361000935","logo":{"@type":"ImageObject","url":"https:\/\/tabaccomd.com\/wp-content\/uploads\/2024\/02\/logo_header3.png","@id":"https:\/\/tabaccomd.com\/ro\/product\/tutun-stanley-american-blend-40-gr\/#organizationLogo","width":32,"height":32,"caption":"Tabacco House"},"image":{"@id":"https:\/\/tabaccomd.com\/ro\/product\/tutun-stanley-american-blend-40-gr\/#organizationLogo"},"sameAs":["https:\/\/www.facebook.com\/tabaccomd.com\/","https:\/\/www.instagram.com\/tabaccomd.com\/"],"address":{"@id":"https:\/\/tabaccomd.com\/ro\/#postaladdress","@type":"PostalAddress","streetAddress":"Strada Albi\u015foara 4, Chi\u0219in\u0103u, Bulevardul \u0218tefan cel Mare \u0219i Sf\u00eent 136, Chi\u0219in\u0103u","addressLocality":"Chi\u0219in\u0103u","addressCountry":"MD"}},{"@type":"Product","@id":"https:\/\/tabaccomd.com\/ro\/product\/tutun-stanley-american-blend-40-gr\/#wooCommerceProduct","name":"Tutun Stanley American Blend 40 gr","description":"Greutatea: 40 grame\r\n \tTara: Belgia\r\n \tTarie: mediu\r\n \tCantitate estimata de tigari rulate: 50-60 bucati\r\n \tFormat: Handroll (rulare manuala)","url":"https:\/\/tabaccomd.com\/ro\/product\/tutun-stanley-american-blend-40-gr\/","sku":"Stanley American Blend","image":{"@type":"ImageObject","url":"https:\/\/tabaccomd.com\/wp-content\/uploads\/2020\/04\/tabacco-1-11.png","@id":"https:\/\/tabaccomd.com\/ro\/product\/tutun-stanley-american-blend-40-gr\/#productImage","width":1000,"height":1000,"caption":"\u0422\u0430\u0431\u0430\u043a \u0434\u043b\u044f \u0441\u0430\u043c\u043e\u043a\u0440\u0443\u0442\u043e\u043a Stanley American Blend"},"offers":{"@type":"Offer","url":"https:\/\/tabaccomd.com\/ro\/product\/tutun-stanley-american-blend-40-gr\/#wooCommerceOffer","price":100,"priceCurrency":"MDL","category":"Tutun pentru rulat Stanley","availability":"https:\/\/schema.org\/OutOfStock","priceSpecification":{"@type":"PriceSpecification","price":100,"priceCurrency":"MDL","valueAddedTaxIncluded":"true"},"seller":{"@type":"Organization","@id":"https:\/\/tabaccomd.com\/ro\/#organization"}}},{"@type":"WebPage","@id":"https:\/\/tabaccomd.com\/ro\/product\/tutun-stanley-american-blend-40-gr\/#webpage","url":"https:\/\/tabaccomd.com\/ro\/product\/tutun-stanley-american-blend-40-gr\/","name":"Tutun pentru rulat(\u021big\u0103ri) Stanley American Blend cumpara \u00een Chi\u0219in\u0103u\ud83d\udca8","description":"Tutun pentru rulat(\u021big\u0103ri) Stanley American Blend - \u00een magazinul online tabaccomd.com cu livrare, gam\u0103 larg\u0103, pre\u021buri bune. Chi\u0219in\u0103u, Moldova Tel. 061000935","inLanguage":"ro-RO","isPartOf":{"@id":"https:\/\/tabaccomd.com\/ro\/#website"},"breadcrumb":{"@id":"https:\/\/tabaccomd.com\/ro\/product\/tutun-stanley-american-blend-40-gr\/#breadcrumblist"},"image":{"@type":"ImageObject","url":"https:\/\/tabaccomd.com\/wp-content\/uploads\/2020\/04\/tabacco-1-11.png","@id":"https:\/\/tabaccomd.com\/ro\/product\/tutun-stanley-american-blend-40-gr\/#mainImage","width":1000,"height":1000,"caption":"\u0422\u0430\u0431\u0430\u043a \u0434\u043b\u044f \u0441\u0430\u043c\u043e\u043a\u0440\u0443\u0442\u043e\u043a Stanley American Blend"},"primaryImageOfPage":{"@id":"https:\/\/tabaccomd.com\/ro\/product\/tutun-stanley-american-blend-40-gr\/#mainImage"},"datePublished":"2020-04-29T14:50:09+03:00","dateModified":"2023-07-24T15:12:16+03:00"},{"@type":"WebSite","@id":"https:\/\/tabaccomd.com\/ro\/#website","url":"https:\/\/tabaccomd.com\/ro\/","name":"Tabacco House","alternateName":"tobaccomd.com","description":"\u041c\u0430\u0433\u0430\u0437\u0438\u043d \u0442\u0430\u0431\u0430\u0447\u043d\u044b\u0445 \u0438\u0437\u0434\u0435\u043b\u0438\u0439","inLanguage":"ro-RO","publisher":{"@id":"https:\/\/tabaccomd.com\/ro\/#organization"}}]},"og:locale":"ro_RO","og:site_name":"Tabacco House \u2013 \u041c\u0430\u0433\u0430\u0437\u0438\u043d \u0442\u0430\u0431\u0430\u0447\u043d\u044b\u0445 \u0438\u0437\u0434\u0435\u043b\u0438\u0439","og:type":"article","og:title":"Tutun pentru rulat(\u021big\u0103ri) Stanley American Blend cumpara \u00een Chi\u0219in\u0103u\ud83d\udca8","og:description":"Tutun pentru rulat(\u021big\u0103ri) Stanley American Blend - \u00een magazinul online tabaccomd.com cu livrare, gam\u0103 larg\u0103, pre\u021buri bune. Chi\u0219in\u0103u, Moldova Tel. 061000935","og:url":"https:\/\/tabaccomd.com\/ro\/product\/tutun-stanley-american-blend-40-gr\/","article:published_time":"2020-04-29T11:50:09+00:00","article:modified_time":"2023-07-24T12:12:16+00:00","article:publisher":"https:\/\/www.facebook.com\/tabaccomd.com\/","twitter:card":"summary_large_image","twitter:title":"Tutun pentru rulat(\u021big\u0103ri) Stanley American Blend cumpara \u00een Chi\u0219in\u0103u\ud83d\udca8","twitter:description":"Tutun pentru rulat(\u021big\u0103ri) Stanley American Blend - \u00een magazinul online tabaccomd.com cu livrare, gam\u0103 larg\u0103, pre\u021buri bune. Chi\u0219in\u0103u, Moldova Tel. 061000935"},"aioseo_meta_data":{"post_id":"17097","title":"Tutun pentru rulat(\u021big\u0103ri) Stanley American Blend cumpara \u00een Chi\u0219in\u0103u\ud83d\udca8","description":"Tutun pentru rulat(\u021big\u0103ri) Stanley American Blend - \u00een magazinul online tabaccomd.com cu livrare, gam\u0103 larg\u0103, pre\u021buri bune. Chi\u0219in\u0103u, Moldova Tel. 061000935","keywords":[],"keyphrases":{"focus":{"keyphrase":" Tutun pentru rulat Stanley American Blend","score":39,"analysis":{"keyphraseInTitle":{"score":3,"maxScore":9,"error":1},"keyphraseInDescription":{"score":3,"maxScore":9,"error":1},"keyphraseLength":{"score":6,"maxScore":9,"error":1,"length":6},"keyphraseInURL":{"score":1,"maxScore":5,"error":1},"keyphraseInIntroduction":{"score":3,"maxScore":9,"error":1},"keyphraseInSubHeadings":[],"keyphraseInImageAlt":[]}},"additional":[]},"primary_term":null,"canonical_url":null,"og_title":null,"og_description":null,"og_object_type":"default","og_image_type":"default","og_image_url":null,"og_image_width":null,"og_image_height":null,"og_image_custom_url":null,"og_image_custom_fields":null,"og_video":"","og_custom_url":null,"og_article_section":null,"og_article_tags":[],"twitter_use_og":false,"twitter_card":"default","twitter_image_type":"default","twitter_image_url":null,"twitter_image_custom_url":null,"twitter_image_custom_fields":null,"twitter_title":null,"twitter_description":null,"schema":{"blockGraphs":[],"customGraphs":[],"default":{"data":{"Article":[],"Course":[],"Dataset":[],"FAQPage":[],"Movie":[],"Person":[],"Product":[],"ProductReview":[],"Car":[],"Recipe":[],"Service":[],"SoftwareApplication":[],"WebPage":[]},"graphName":"ItemPage","isEnabled":true},"graphs":[]},"schema_type":"default","schema_type_options":null,"pillar_content":false,"robots_default":true,"robots_noindex":false,"robots_noarchive":false,"robots_nosnippet":false,"robots_nofollow":false,"robots_noimageindex":false,"robots_noodp":false,"robots_notranslate":false,"robots_max_snippet":"-1","robots_max_videopreview":"-1","robots_max_imagepreview":"large","priority":null,"frequency":"default","local_seo":null,"seo_analyzer_scan_date":"2025-10-19 15:14:29","breadcrumb_settings":null,"limit_modified_date":false,"reviewed_by":null,"open_ai":null,"ai":null,"created":"2023-03-30 15:14:56","updated":"2025-10-19 15:14:29"},"aioseo_breadcrumb":"<div class=\"aioseo-breadcrumbs\"><span class=\"aioseo-breadcrumb\">\n\t<a href=\"https:\/\/tabaccomd.com\/ro\/\" title=\"\u0413\u043b\u0430\u0432\u043d\u0430\u044f\">\u0413\u043b\u0430\u0432\u043d\u0430\u044f<\/a>\n<\/span><span class=\"aioseo-breadcrumb-separator\">\u00bb<\/span><span class=\"aioseo-breadcrumb\">\n\t<a href=\"https:\/\/tabaccomd.com\/ro\/catalog\/\" title=\"Catalog\">Catalog<\/a>\n<\/span><span class=\"aioseo-breadcrumb-separator\">\u00bb<\/span><span class=\"aioseo-breadcrumb\">\n\t<a href=\"https:\/\/tabaccomd.com\/ro\/product-category\/tutun-pentru-tigari\/\" title=\"Tutun pentru \u021big\u0103ri\">Tutun pentru \u021big\u0103ri<\/a>\n<\/span><span class=\"aioseo-breadcrumb-separator\">\u00bb<\/span><span class=\"aioseo-breadcrumb\">\n\t<a href=\"https:\/\/tabaccomd.com\/ro\/product-category\/tutun-pentru-tigari\/tutun-pentru-rulat-stanley\/\" title=\"Tutun pentru rulat Stanley\">Tutun pentru rulat Stanley<\/a>\n<\/span><span class=\"aioseo-breadcrumb-separator\">\u00bb<\/span><span class=\"aioseo-breadcrumb\">\n\tTutun Stanley American Blend 40 gr\n<\/span><\/div>","aioseo_breadcrumb_json":[{"label":"\u0413\u043b\u0430\u0432\u043d\u0430\u044f","link":"https:\/\/tabaccomd.com\/ro\/"},{"label":"Catalog","link":"https:\/\/tabaccomd.com\/ro\/catalog\/"},{"label":"Tutun pentru \u021big\u0103ri","link":"https:\/\/tabaccomd.com\/ro\/product-category\/tutun-pentru-tigari\/"},{"label":"Tutun pentru rulat Stanley","link":"https:\/\/tabaccomd.com\/ro\/product-category\/tutun-pentru-tigari\/tutun-pentru-rulat-stanley\/"},{"label":"Tutun Stanley American Blend 40 gr","link":"https:\/\/tabaccomd.com\/ro\/product\/tutun-stanley-american-blend-40-gr\/"}],"images_for_1c":[{"url":"https:\/\/tabaccomd.com\/wp-content\/uploads\/2020\/04\/tabacco-1-11.png","type":"featured","alt":"\u0422\u0430\u0431\u0430\u043a \u0434\u043b\u044f \u0441\u0430\u043c\u043e\u043a\u0440\u0443\u0442\u043e\u043a Stanley American Blend ","filename":"tabacco-1-11.png"}],"additional_data_1c":{"modified_date":"2023-07-24 15:12:16","permalink":"https:\/\/tabaccomd.com\/ro\/product\/tutun-stanley-american-blend-40-gr\/","stock_status":"outofstock","manage_stock":"no"},"_links":{"self":[{"href":"https:\/\/tabaccomd.com\/ro\/wp-json\/wp\/v2\/product\/17097","targetHints":{"allow":["GET"]}}],"collection":[{"href":"https:\/\/tabaccomd.com\/ro\/wp-json\/wp\/v2\/product"}],"about":[{"href":"https:\/\/tabaccomd.com\/ro\/wp-json\/wp\/v2\/types\/product"}],"wp:featuredmedia":[{"embeddable":true,"href":"https:\/\/tabaccomd.com\/ro\/wp-json\/wp\/v2\/media\/118918"}],"wp:attachment":[{"href":"https:\/\/tabaccomd.com\/ro\/wp-json\/wp\/v2\/media?parent=17097"}],"wp:term":[{"taxonomy":"product_brand","embeddable":true,"href":"https:\/\/tabaccomd.com\/ro\/wp-json\/wp\/v2\/product_brand?post=17097"},{"taxonomy":"product_cat","embeddable":true,"href":"https:\/\/tabaccomd.com\/ro\/wp-json\/wp\/v2\/product_cat?post=17097"},{"taxonomy":"product_tag","embeddable":true,"href":"https:\/\/tabaccomd.com\/ro\/wp-json\/wp\/v2\/product_tag?post=17097"}],"curies":[{"name":"wp","href":"https:\/\/api.w.org\/{rel}","templated":true}]}}