{"id":17062,"date":"2020-04-29T11:58:19","date_gmt":"2020-04-29T08:58:19","guid":{"rendered":"https:\/\/new124.tabaccomd.com\/product\/tigarele-clubmaster-mini-filter-white-20s\/"},"modified":"2025-11-29T15:31:53","modified_gmt":"2025-11-29T12:31:53","slug":"cigarillos-clubmaster-mini-filter-white-20s","status":"publish","type":"product","link":"https:\/\/tabaccomd.com\/ro\/product\/cigarillos-clubmaster-mini-filter-white-20s\/","title":{"rendered":"Cigarillos Clubmaster Mini Filter White"},"content":{"rendered":"<p>Gustul \u0219i aroma complet\u0103 a amestecului Virginia-Burley sunt \u00eempodobite cu o copert\u0103 frumoas\u0103 din Ecuador. Arome subtile de cacao \u0219i mirodenii completeaz\u0103 imaginea rafinat\u0103. Nu este de mirare c\u0103 Clubmaster este unul dintre cele mai de succes branduri de <a href=\"https:\/\/tabaccomd.com\/ro\/categorie-produs\/cigarillos\/cigarillos-din-dominicana\/\">cigarillo<\/a> de pe pia\u021b\u0103, la nivel na\u021bional \u0219i interna\u021bional. La fel ca brandul cubanez de lux Cohiba, Clubmaster folose\u0219te \u0219i din 2017 o linie de trabucuri albe. Cu Clubmaster Mini Filter White pute\u021bi achizi\u021biona un format mai mic cu un filtru. \u201eAlb\u201d \u00eenseamn\u0103 o arom\u0103 deosebit de bl\u00e2nd\u0103. Prin urmare, trabucurile sunt ideale pentru a se \u00eent\u00e2lni \u00eentre ei sau pentru cunosc\u0103torii care fumeaz\u0103 rar.<\/p>\n<p>Pute\u021bi achizi\u021biona cigarillos Clubmaster Mini Filter White \u00een Moldova, Chi\u0219in\u0103u, \u00een re\u021beaua de magazine Tabacco House.<\/p>\n","protected":false},"excerpt":{"rendered":"<ul>\n<li>Produc\u0103tor: Arnold Andr\u00e9<\/li>\n<li>\u021aara produc\u0103torului: Germania<\/li>\n<li>Arom\u0103: Cacao<\/li>\n<li>Lungime: 7 cm<\/li>\n<li>T\u0103rie: Medie<\/li>\n<li>Cantitate per pachet: 20 buc\u0103\u021bi<\/li>\n<\/ul>\n","protected":false},"featured_media":147376,"template":"","meta":{"om_disable_all_campaigns":false,"_monsterinsights_skip_tracking":false,"_monsterinsights_sitenote_active":false,"_monsterinsights_sitenote_note":"","_monsterinsights_sitenote_category":0},"product_brand":[],"product_cat":[184],"product_tag":[],"class_list":{"0":"post-17062","1":"product","2":"type-product","3":"status-publish","4":"has-post-thumbnail","6":"product_cat-cigarillos-din-republica-dominicana","8":"first","9":"instock","10":"taxable","11":"shipping-taxable","12":"purchasable","13":"product-type-simple"},"aioseo_notices":[],"aioseo_head":"\n\t\t<!-- All in One SEO Pro 4.9.5.2 - aioseo.com -->\n\t<meta name=\"description\" content=\"Cigarille Clubmaster Mini Filter White 20S \u00een Chi\u0219in\u0103u cu livrare. Site-ul nostru tabaccomd.com ofer\u0103 o gam\u0103 larg\u0103 de trabucuri, cigarillos, umidificatoare, ghilotine, brichete, chibrituri, chibrituri pentru trabucuri, scrumiere pentru trabucuri.\u2b50\u2b50\u2b50\u2b50\u2b50\u260e 061-000-935\" \/>\n\t<meta name=\"robots\" content=\"max-image-preview:large\" \/>\n\t<link rel=\"canonical\" href=\"https:\/\/tabaccomd.com\/ro\/product\/cigarillos-clubmaster-mini-filter-white-20s\/\" \/>\n\t<meta name=\"generator\" content=\"All in One SEO Pro (AIOSEO) 4.9.5.2\" \/>\n\t\t<meta property=\"og:locale\" content=\"ro_RO\" \/>\n\t\t<meta property=\"og:site_name\" content=\"Tabacco House \u2013 \u041c\u0430\u0433\u0430\u0437\u0438\u043d \u0442\u0430\u0431\u0430\u0447\u043d\u044b\u0445 \u0438\u0437\u0434\u0435\u043b\u0438\u0439\" \/>\n\t\t<meta property=\"og:type\" content=\"article\" \/>\n\t\t<meta property=\"og:title\" content=\"Cigarillos Clubmaster Mini Filter White cump\u0103ra\u021bi \u00een Chi\u0219in\u0103u \u2b50 \u2013 Tabacco House\" \/>\n\t\t<meta property=\"og:description\" content=\"Cigarille Clubmaster Mini Filter White 20S \u00een Chi\u0219in\u0103u cu livrare. Site-ul nostru tabaccomd.com ofer\u0103 o gam\u0103 larg\u0103 de trabucuri, cigarillos, umidificatoare, ghilotine, brichete, chibrituri, chibrituri pentru trabucuri, scrumiere pentru trabucuri.\u2b50\u2b50\u2b50\u2b50\u2b50\u260e 061-000-935\" \/>\n\t\t<meta property=\"og:url\" content=\"https:\/\/tabaccomd.com\/ro\/product\/cigarillos-clubmaster-mini-filter-white-20s\/\" \/>\n\t\t<meta property=\"article:published_time\" content=\"2020-04-29T08:58:19+00:00\" \/>\n\t\t<meta property=\"article:modified_time\" content=\"2025-11-29T12:31:53+00:00\" \/>\n\t\t<meta property=\"article:publisher\" content=\"https:\/\/www.facebook.com\/tabaccomd.com\/\" \/>\n\t\t<meta name=\"twitter:card\" content=\"summary_large_image\" \/>\n\t\t<meta name=\"twitter:title\" content=\"Cigarillos Clubmaster Mini Filter White cump\u0103ra\u021bi \u00een Chi\u0219in\u0103u \u2b50 \u2013 Tabacco House\" \/>\n\t\t<meta name=\"twitter:description\" content=\"Cigarille Clubmaster Mini Filter White 20S \u00een Chi\u0219in\u0103u cu livrare. Site-ul nostru tabaccomd.com ofer\u0103 o gam\u0103 larg\u0103 de trabucuri, cigarillos, umidificatoare, ghilotine, brichete, chibrituri, chibrituri pentru trabucuri, scrumiere pentru trabucuri.\u2b50\u2b50\u2b50\u2b50\u2b50\u260e 061-000-935\" \/>\n\t\t<script type=\"application\/ld+json\" class=\"aioseo-schema\">\n\t\t\t{\"@context\":\"https:\\\/\\\/schema.org\",\"@graph\":[{\"@type\":\"BreadcrumbList\",\"@id\":\"https:\\\/\\\/tabaccomd.com\\\/ro\\\/product\\\/cigarillos-clubmaster-mini-filter-white-20s\\\/#breadcrumblist\",\"itemListElement\":[{\"@type\":\"ListItem\",\"@id\":\"https:\\\/\\\/tabaccomd.com\\\/ro\\\/#listItem\",\"position\":1,\"name\":\"\\u0413\\u043b\\u0430\\u0432\\u043d\\u0430\\u044f\",\"item\":\"https:\\\/\\\/tabaccomd.com\\\/ro\\\/\",\"nextItem\":{\"@type\":\"ListItem\",\"@id\":\"https:\\\/\\\/tabaccomd.com\\\/ro\\\/catalog\\\/#listItem\",\"name\":\"Catalog\"}},{\"@type\":\"ListItem\",\"@id\":\"https:\\\/\\\/tabaccomd.com\\\/ro\\\/catalog\\\/#listItem\",\"position\":2,\"name\":\"Catalog\",\"item\":\"https:\\\/\\\/tabaccomd.com\\\/ro\\\/catalog\\\/\",\"nextItem\":{\"@type\":\"ListItem\",\"@id\":\"https:\\\/\\\/tabaccomd.com\\\/ro\\\/product-category\\\/cigarillos\\\/#listItem\",\"name\":\"Cigarillos\"},\"previousItem\":{\"@type\":\"ListItem\",\"@id\":\"https:\\\/\\\/tabaccomd.com\\\/ro\\\/#listItem\",\"name\":\"\\u0413\\u043b\\u0430\\u0432\\u043d\\u0430\\u044f\"}},{\"@type\":\"ListItem\",\"@id\":\"https:\\\/\\\/tabaccomd.com\\\/ro\\\/product-category\\\/cigarillos\\\/#listItem\",\"position\":3,\"name\":\"Cigarillos\",\"item\":\"https:\\\/\\\/tabaccomd.com\\\/ro\\\/product-category\\\/cigarillos\\\/\",\"nextItem\":{\"@type\":\"ListItem\",\"@id\":\"https:\\\/\\\/tabaccomd.com\\\/ro\\\/product-category\\\/cigarillos\\\/cigarillos-din-republica-dominicana\\\/#listItem\",\"name\":\"Cigarillos din Republica Dominican\\u0103\"},\"previousItem\":{\"@type\":\"ListItem\",\"@id\":\"https:\\\/\\\/tabaccomd.com\\\/ro\\\/catalog\\\/#listItem\",\"name\":\"Catalog\"}},{\"@type\":\"ListItem\",\"@id\":\"https:\\\/\\\/tabaccomd.com\\\/ro\\\/product-category\\\/cigarillos\\\/cigarillos-din-republica-dominicana\\\/#listItem\",\"position\":4,\"name\":\"Cigarillos din Republica Dominican\\u0103\",\"item\":\"https:\\\/\\\/tabaccomd.com\\\/ro\\\/product-category\\\/cigarillos\\\/cigarillos-din-republica-dominicana\\\/\",\"nextItem\":{\"@type\":\"ListItem\",\"@id\":\"https:\\\/\\\/tabaccomd.com\\\/ro\\\/product\\\/cigarillos-clubmaster-mini-filter-white-20s\\\/#listItem\",\"name\":\"Cigarillos Clubmaster Mini Filter White\"},\"previousItem\":{\"@type\":\"ListItem\",\"@id\":\"https:\\\/\\\/tabaccomd.com\\\/ro\\\/product-category\\\/cigarillos\\\/#listItem\",\"name\":\"Cigarillos\"}},{\"@type\":\"ListItem\",\"@id\":\"https:\\\/\\\/tabaccomd.com\\\/ro\\\/product\\\/cigarillos-clubmaster-mini-filter-white-20s\\\/#listItem\",\"position\":5,\"name\":\"Cigarillos Clubmaster Mini Filter White\",\"previousItem\":{\"@type\":\"ListItem\",\"@id\":\"https:\\\/\\\/tabaccomd.com\\\/ro\\\/product-category\\\/cigarillos\\\/cigarillos-din-republica-dominicana\\\/#listItem\",\"name\":\"Cigarillos din Republica Dominican\\u0103\"}}]},{\"@type\":\"Organization\",\"@id\":\"https:\\\/\\\/tabaccomd.com\\\/ro\\\/#organization\",\"name\":\"Tabacco House\",\"description\":\"\\u041c\\u0430\\u0433\\u0430\\u0437\\u0438\\u043d \\u0442\\u0430\\u0431\\u0430\\u0447\\u043d\\u044b\\u0445 \\u0438\\u0437\\u0434\\u0435\\u043b\\u0438\\u0439\",\"url\":\"https:\\\/\\\/tabaccomd.com\\\/ro\\\/\",\"email\":\"Office@cazacuhouse.com\",\"telephone\":\"+37361000935\",\"logo\":{\"@type\":\"ImageObject\",\"url\":\"https:\\\/\\\/tabaccomd.com\\\/wp-content\\\/uploads\\\/2024\\\/02\\\/logo_header3.png\",\"@id\":\"https:\\\/\\\/tabaccomd.com\\\/ro\\\/product\\\/cigarillos-clubmaster-mini-filter-white-20s\\\/#organizationLogo\",\"width\":32,\"height\":32,\"caption\":\"Tabacco House\"},\"image\":{\"@id\":\"https:\\\/\\\/tabaccomd.com\\\/ro\\\/product\\\/cigarillos-clubmaster-mini-filter-white-20s\\\/#organizationLogo\"},\"sameAs\":[\"https:\\\/\\\/www.facebook.com\\\/tabaccomd.com\\\/\",\"https:\\\/\\\/www.instagram.com\\\/tabaccomd.com\\\/\"],\"address\":{\"@id\":\"https:\\\/\\\/tabaccomd.com\\\/ro\\\/#postaladdress\",\"@type\":\"PostalAddress\",\"streetAddress\":\"Strada Albi\\u015foara 4, Chi\\u0219in\\u0103u, Bulevardul \\u0218tefan cel Mare \\u0219i Sf\\u00eent 136, Chi\\u0219in\\u0103u\",\"addressLocality\":\"Chi\\u0219in\\u0103u\",\"addressCountry\":\"MD\"}},{\"@type\":\"Product\",\"@id\":\"https:\\\/\\\/tabaccomd.com\\\/ro\\\/product\\\/cigarillos-clubmaster-mini-filter-white-20s\\\/#wooCommerceProduct\",\"name\":\"Cigarillos Clubmaster Mini Filter White\",\"description\":\"Produc\\u0103tor: Arnold Andr\\u00e9\\r\\n \\t\\u021aara produc\\u0103torului: Germania\\r\\n \\tArom\\u0103: Cacao\\r\\n \\tLungime: 7 cm\\r\\n \\tT\\u0103rie: Medie\\r\\n \\tCantitate per pachet: 20 buc\\u0103\\u021bi\",\"url\":\"https:\\\/\\\/tabaccomd.com\\\/ro\\\/product\\\/cigarillos-clubmaster-mini-filter-white-20s\\\/\",\"sku\":\"Clubmaster Mini Filter Wh\",\"image\":{\"@type\":\"ImageObject\",\"url\":\"https:\\\/\\\/tabaccomd.com\\\/wp-content\\\/uploads\\\/2020\\\/04\\\/cigarillos-clubmaster-mini-filter-white.jpg\",\"@id\":\"https:\\\/\\\/tabaccomd.com\\\/ro\\\/product\\\/cigarillos-clubmaster-mini-filter-white-20s\\\/#productImage\",\"width\":1200,\"height\":1200,\"caption\":\"cigarillos-clubmaster-mini-filter-white\"},\"offers\":{\"@type\":\"Offer\",\"url\":\"https:\\\/\\\/tabaccomd.com\\\/ro\\\/product\\\/cigarillos-clubmaster-mini-filter-white-20s\\\/#wooCommerceOffer\",\"price\":190,\"priceCurrency\":\"MDL\",\"category\":\"Cigarillos din Republica Dominican\\u0103\",\"availability\":\"https:\\\/\\\/schema.org\\\/InStock\",\"priceSpecification\":{\"@type\":\"PriceSpecification\",\"price\":190,\"priceCurrency\":\"MDL\",\"valueAddedTaxIncluded\":\"true\"},\"seller\":{\"@type\":\"Organization\",\"@id\":\"https:\\\/\\\/tabaccomd.com\\\/ro\\\/#organization\"}}},{\"@type\":\"WebPage\",\"@id\":\"https:\\\/\\\/tabaccomd.com\\\/ro\\\/product\\\/cigarillos-clubmaster-mini-filter-white-20s\\\/#webpage\",\"url\":\"https:\\\/\\\/tabaccomd.com\\\/ro\\\/product\\\/cigarillos-clubmaster-mini-filter-white-20s\\\/\",\"name\":\"Cigarillos Clubmaster Mini Filter White cump\\u0103ra\\u021bi \\u00een Chi\\u0219in\\u0103u \\u2b50 \\u2013 Tabacco House\",\"description\":\"Cigarille Clubmaster Mini Filter White 20S \\u00een Chi\\u0219in\\u0103u cu livrare. Site-ul nostru tabaccomd.com ofer\\u0103 o gam\\u0103 larg\\u0103 de trabucuri, cigarillos, umidificatoare, ghilotine, brichete, chibrituri, chibrituri pentru trabucuri, scrumiere pentru trabucuri.\\u2b50\\u2b50\\u2b50\\u2b50\\u2b50\\u260e 061-000-935\",\"inLanguage\":\"ro-RO\",\"isPartOf\":{\"@id\":\"https:\\\/\\\/tabaccomd.com\\\/ro\\\/#website\"},\"breadcrumb\":{\"@id\":\"https:\\\/\\\/tabaccomd.com\\\/ro\\\/product\\\/cigarillos-clubmaster-mini-filter-white-20s\\\/#breadcrumblist\"},\"image\":{\"@type\":\"ImageObject\",\"url\":\"https:\\\/\\\/tabaccomd.com\\\/wp-content\\\/uploads\\\/2020\\\/04\\\/cigarillos-clubmaster-mini-filter-white.jpg\",\"@id\":\"https:\\\/\\\/tabaccomd.com\\\/ro\\\/product\\\/cigarillos-clubmaster-mini-filter-white-20s\\\/#mainImage\",\"width\":1200,\"height\":1200,\"caption\":\"cigarillos-clubmaster-mini-filter-white\"},\"primaryImageOfPage\":{\"@id\":\"https:\\\/\\\/tabaccomd.com\\\/ro\\\/product\\\/cigarillos-clubmaster-mini-filter-white-20s\\\/#mainImage\"},\"datePublished\":\"2020-04-29T11:58:19+03:00\",\"dateModified\":\"2025-11-29T15:31:53+03:00\"},{\"@type\":\"WebSite\",\"@id\":\"https:\\\/\\\/tabaccomd.com\\\/ro\\\/#website\",\"url\":\"https:\\\/\\\/tabaccomd.com\\\/ro\\\/\",\"name\":\"Tabacco House\",\"alternateName\":\"tobaccomd.com\",\"description\":\"\\u041c\\u0430\\u0433\\u0430\\u0437\\u0438\\u043d \\u0442\\u0430\\u0431\\u0430\\u0447\\u043d\\u044b\\u0445 \\u0438\\u0437\\u0434\\u0435\\u043b\\u0438\\u0439\",\"inLanguage\":\"ro-RO\",\"publisher\":{\"@id\":\"https:\\\/\\\/tabaccomd.com\\\/ro\\\/#organization\"}}]}\n\t\t<\/script>\n\t\t<!-- All in One SEO Pro -->\r\n\t\t<title>Cigarillos Clubmaster Mini Filter White cump\u0103ra\u021bi \u00een Chi\u0219in\u0103u \u2b50 \u2013 Tabacco House<\/title>\n\n","aioseo_head_json":{"title":"Cigarillos Clubmaster Mini Filter White cump\u0103ra\u021bi \u00een Chi\u0219in\u0103u \u2b50 \u2013 Tabacco House","description":"Cigarille Clubmaster Mini Filter White 20S \u00een Chi\u0219in\u0103u cu livrare. Site-ul nostru tabaccomd.com ofer\u0103 o gam\u0103 larg\u0103 de trabucuri, cigarillos, umidificatoare, ghilotine, brichete, chibrituri, chibrituri pentru trabucuri, scrumiere pentru trabucuri.\u2b50\u2b50\u2b50\u2b50\u2b50\u260e 061-000-935","canonical_url":"https:\/\/tabaccomd.com\/ro\/product\/cigarillos-clubmaster-mini-filter-white-20s\/","robots":"max-image-preview:large","keywords":"","webmasterTools":{"miscellaneous":""},"schema":{"@context":"https:\/\/schema.org","@graph":[{"@type":"BreadcrumbList","@id":"https:\/\/tabaccomd.com\/ro\/product\/cigarillos-clubmaster-mini-filter-white-20s\/#breadcrumblist","itemListElement":[{"@type":"ListItem","@id":"https:\/\/tabaccomd.com\/ro\/#listItem","position":1,"name":"\u0413\u043b\u0430\u0432\u043d\u0430\u044f","item":"https:\/\/tabaccomd.com\/ro\/","nextItem":{"@type":"ListItem","@id":"https:\/\/tabaccomd.com\/ro\/catalog\/#listItem","name":"Catalog"}},{"@type":"ListItem","@id":"https:\/\/tabaccomd.com\/ro\/catalog\/#listItem","position":2,"name":"Catalog","item":"https:\/\/tabaccomd.com\/ro\/catalog\/","nextItem":{"@type":"ListItem","@id":"https:\/\/tabaccomd.com\/ro\/product-category\/cigarillos\/#listItem","name":"Cigarillos"},"previousItem":{"@type":"ListItem","@id":"https:\/\/tabaccomd.com\/ro\/#listItem","name":"\u0413\u043b\u0430\u0432\u043d\u0430\u044f"}},{"@type":"ListItem","@id":"https:\/\/tabaccomd.com\/ro\/product-category\/cigarillos\/#listItem","position":3,"name":"Cigarillos","item":"https:\/\/tabaccomd.com\/ro\/product-category\/cigarillos\/","nextItem":{"@type":"ListItem","@id":"https:\/\/tabaccomd.com\/ro\/product-category\/cigarillos\/cigarillos-din-republica-dominicana\/#listItem","name":"Cigarillos din Republica Dominican\u0103"},"previousItem":{"@type":"ListItem","@id":"https:\/\/tabaccomd.com\/ro\/catalog\/#listItem","name":"Catalog"}},{"@type":"ListItem","@id":"https:\/\/tabaccomd.com\/ro\/product-category\/cigarillos\/cigarillos-din-republica-dominicana\/#listItem","position":4,"name":"Cigarillos din Republica Dominican\u0103","item":"https:\/\/tabaccomd.com\/ro\/product-category\/cigarillos\/cigarillos-din-republica-dominicana\/","nextItem":{"@type":"ListItem","@id":"https:\/\/tabaccomd.com\/ro\/product\/cigarillos-clubmaster-mini-filter-white-20s\/#listItem","name":"Cigarillos Clubmaster Mini Filter White"},"previousItem":{"@type":"ListItem","@id":"https:\/\/tabaccomd.com\/ro\/product-category\/cigarillos\/#listItem","name":"Cigarillos"}},{"@type":"ListItem","@id":"https:\/\/tabaccomd.com\/ro\/product\/cigarillos-clubmaster-mini-filter-white-20s\/#listItem","position":5,"name":"Cigarillos Clubmaster Mini Filter White","previousItem":{"@type":"ListItem","@id":"https:\/\/tabaccomd.com\/ro\/product-category\/cigarillos\/cigarillos-din-republica-dominicana\/#listItem","name":"Cigarillos din Republica Dominican\u0103"}}]},{"@type":"Organization","@id":"https:\/\/tabaccomd.com\/ro\/#organization","name":"Tabacco House","description":"\u041c\u0430\u0433\u0430\u0437\u0438\u043d \u0442\u0430\u0431\u0430\u0447\u043d\u044b\u0445 \u0438\u0437\u0434\u0435\u043b\u0438\u0439","url":"https:\/\/tabaccomd.com\/ro\/","email":"Office@cazacuhouse.com","telephone":"+37361000935","logo":{"@type":"ImageObject","url":"https:\/\/tabaccomd.com\/wp-content\/uploads\/2024\/02\/logo_header3.png","@id":"https:\/\/tabaccomd.com\/ro\/product\/cigarillos-clubmaster-mini-filter-white-20s\/#organizationLogo","width":32,"height":32,"caption":"Tabacco House"},"image":{"@id":"https:\/\/tabaccomd.com\/ro\/product\/cigarillos-clubmaster-mini-filter-white-20s\/#organizationLogo"},"sameAs":["https:\/\/www.facebook.com\/tabaccomd.com\/","https:\/\/www.instagram.com\/tabaccomd.com\/"],"address":{"@id":"https:\/\/tabaccomd.com\/ro\/#postaladdress","@type":"PostalAddress","streetAddress":"Strada Albi\u015foara 4, Chi\u0219in\u0103u, Bulevardul \u0218tefan cel Mare \u0219i Sf\u00eent 136, Chi\u0219in\u0103u","addressLocality":"Chi\u0219in\u0103u","addressCountry":"MD"}},{"@type":"Product","@id":"https:\/\/tabaccomd.com\/ro\/product\/cigarillos-clubmaster-mini-filter-white-20s\/#wooCommerceProduct","name":"Cigarillos Clubmaster Mini Filter White","description":"Produc\u0103tor: Arnold Andr\u00e9\r\n \t\u021aara produc\u0103torului: Germania\r\n \tArom\u0103: Cacao\r\n \tLungime: 7 cm\r\n \tT\u0103rie: Medie\r\n \tCantitate per pachet: 20 buc\u0103\u021bi","url":"https:\/\/tabaccomd.com\/ro\/product\/cigarillos-clubmaster-mini-filter-white-20s\/","sku":"Clubmaster Mini Filter Wh","image":{"@type":"ImageObject","url":"https:\/\/tabaccomd.com\/wp-content\/uploads\/2020\/04\/cigarillos-clubmaster-mini-filter-white.jpg","@id":"https:\/\/tabaccomd.com\/ro\/product\/cigarillos-clubmaster-mini-filter-white-20s\/#productImage","width":1200,"height":1200,"caption":"cigarillos-clubmaster-mini-filter-white"},"offers":{"@type":"Offer","url":"https:\/\/tabaccomd.com\/ro\/product\/cigarillos-clubmaster-mini-filter-white-20s\/#wooCommerceOffer","price":190,"priceCurrency":"MDL","category":"Cigarillos din Republica Dominican\u0103","availability":"https:\/\/schema.org\/InStock","priceSpecification":{"@type":"PriceSpecification","price":190,"priceCurrency":"MDL","valueAddedTaxIncluded":"true"},"seller":{"@type":"Organization","@id":"https:\/\/tabaccomd.com\/ro\/#organization"}}},{"@type":"WebPage","@id":"https:\/\/tabaccomd.com\/ro\/product\/cigarillos-clubmaster-mini-filter-white-20s\/#webpage","url":"https:\/\/tabaccomd.com\/ro\/product\/cigarillos-clubmaster-mini-filter-white-20s\/","name":"Cigarillos Clubmaster Mini Filter White cump\u0103ra\u021bi \u00een Chi\u0219in\u0103u \u2b50 \u2013 Tabacco House","description":"Cigarille Clubmaster Mini Filter White 20S \u00een Chi\u0219in\u0103u cu livrare. Site-ul nostru tabaccomd.com ofer\u0103 o gam\u0103 larg\u0103 de trabucuri, cigarillos, umidificatoare, ghilotine, brichete, chibrituri, chibrituri pentru trabucuri, scrumiere pentru trabucuri.\u2b50\u2b50\u2b50\u2b50\u2b50\u260e 061-000-935","inLanguage":"ro-RO","isPartOf":{"@id":"https:\/\/tabaccomd.com\/ro\/#website"},"breadcrumb":{"@id":"https:\/\/tabaccomd.com\/ro\/product\/cigarillos-clubmaster-mini-filter-white-20s\/#breadcrumblist"},"image":{"@type":"ImageObject","url":"https:\/\/tabaccomd.com\/wp-content\/uploads\/2020\/04\/cigarillos-clubmaster-mini-filter-white.jpg","@id":"https:\/\/tabaccomd.com\/ro\/product\/cigarillos-clubmaster-mini-filter-white-20s\/#mainImage","width":1200,"height":1200,"caption":"cigarillos-clubmaster-mini-filter-white"},"primaryImageOfPage":{"@id":"https:\/\/tabaccomd.com\/ro\/product\/cigarillos-clubmaster-mini-filter-white-20s\/#mainImage"},"datePublished":"2020-04-29T11:58:19+03:00","dateModified":"2025-11-29T15:31:53+03:00"},{"@type":"WebSite","@id":"https:\/\/tabaccomd.com\/ro\/#website","url":"https:\/\/tabaccomd.com\/ro\/","name":"Tabacco House","alternateName":"tobaccomd.com","description":"\u041c\u0430\u0433\u0430\u0437\u0438\u043d \u0442\u0430\u0431\u0430\u0447\u043d\u044b\u0445 \u0438\u0437\u0434\u0435\u043b\u0438\u0439","inLanguage":"ro-RO","publisher":{"@id":"https:\/\/tabaccomd.com\/ro\/#organization"}}]},"og:locale":"ro_RO","og:site_name":"Tabacco House \u2013 \u041c\u0430\u0433\u0430\u0437\u0438\u043d \u0442\u0430\u0431\u0430\u0447\u043d\u044b\u0445 \u0438\u0437\u0434\u0435\u043b\u0438\u0439","og:type":"article","og:title":"Cigarillos Clubmaster Mini Filter White cump\u0103ra\u021bi \u00een Chi\u0219in\u0103u \u2b50 \u2013 Tabacco House","og:description":"Cigarille Clubmaster Mini Filter White 20S \u00een Chi\u0219in\u0103u cu livrare. Site-ul nostru tabaccomd.com ofer\u0103 o gam\u0103 larg\u0103 de trabucuri, cigarillos, umidificatoare, ghilotine, brichete, chibrituri, chibrituri pentru trabucuri, scrumiere pentru trabucuri.\u2b50\u2b50\u2b50\u2b50\u2b50\u260e 061-000-935","og:url":"https:\/\/tabaccomd.com\/ro\/product\/cigarillos-clubmaster-mini-filter-white-20s\/","article:published_time":"2020-04-29T08:58:19+00:00","article:modified_time":"2025-11-29T12:31:53+00:00","article:publisher":"https:\/\/www.facebook.com\/tabaccomd.com\/","twitter:card":"summary_large_image","twitter:title":"Cigarillos Clubmaster Mini Filter White cump\u0103ra\u021bi \u00een Chi\u0219in\u0103u \u2b50 \u2013 Tabacco House","twitter:description":"Cigarille Clubmaster Mini Filter White 20S \u00een Chi\u0219in\u0103u cu livrare. Site-ul nostru tabaccomd.com ofer\u0103 o gam\u0103 larg\u0103 de trabucuri, cigarillos, umidificatoare, ghilotine, brichete, chibrituri, chibrituri pentru trabucuri, scrumiere pentru trabucuri.\u2b50\u2b50\u2b50\u2b50\u2b50\u260e 061-000-935"},"aioseo_meta_data":{"post_id":"17062","title":"#post_title cump\u0103ra\u021bi \u00een Chi\u0219in\u0103u \u2b50 #separator_sa #site_title","description":"Cigarille Clubmaster Mini Filter White 20S \u00een Chi\u0219in\u0103u cu livrare. Site-ul nostru tabaccomd.com ofer\u0103 o gam\u0103 larg\u0103 de trabucuri, cigarillos, umidificatoare, ghilotine, brichete, chibrituri, chibrituri pentru trabucuri, scrumiere pentru trabucuri.\u2b50\u2b50\u2b50\u2b50\u2b50\u260e 061-000-935","keywords":[],"keyphrases":{"focus":{"keyphrase":" Cigarille Clubmaster Mini Filter White","score":54,"analysis":{"keyphraseInTitle":{"score":3,"maxScore":9,"error":1},"keyphraseInDescription":{"score":9,"maxScore":9,"error":0},"keyphraseLength":{"score":6,"maxScore":9,"error":1,"length":5},"keyphraseInURL":{"score":1,"maxScore":5,"error":1},"keyphraseInIntroduction":{"score":3,"maxScore":9,"error":1},"keyphraseInSubHeadings":[],"keyphraseInImageAlt":[]}},"additional":[]},"primary_term":null,"canonical_url":null,"og_title":null,"og_description":null,"og_object_type":"default","og_image_type":"default","og_image_url":null,"og_image_width":null,"og_image_height":null,"og_image_custom_url":null,"og_image_custom_fields":null,"og_video":"","og_custom_url":null,"og_article_section":null,"og_article_tags":[],"twitter_use_og":false,"twitter_card":"default","twitter_image_type":"default","twitter_image_url":null,"twitter_image_custom_url":null,"twitter_image_custom_fields":null,"twitter_title":null,"twitter_description":null,"schema":{"blockGraphs":[],"customGraphs":[],"default":{"data":{"Article":[],"Course":[],"Dataset":[],"FAQPage":[],"Movie":[],"Person":[],"Product":[],"ProductReview":[],"Car":[],"Recipe":[],"Service":[],"SoftwareApplication":[],"WebPage":[]},"graphName":"ItemPage","isEnabled":true},"graphs":[]},"schema_type":"default","schema_type_options":null,"pillar_content":false,"robots_default":true,"robots_noindex":false,"robots_noarchive":false,"robots_nosnippet":false,"robots_nofollow":false,"robots_noimageindex":false,"robots_noodp":false,"robots_notranslate":false,"robots_max_snippet":"-1","robots_max_videopreview":"-1","robots_max_imagepreview":"large","priority":null,"frequency":"default","local_seo":null,"seo_analyzer_scan_date":"2025-11-29 12:39:55","breadcrumb_settings":null,"limit_modified_date":false,"reviewed_by":null,"open_ai":null,"ai":null,"created":"2023-03-30 15:16:03","updated":"2025-11-29 12:43:42"},"aioseo_breadcrumb":"<div class=\"aioseo-breadcrumbs\"><span class=\"aioseo-breadcrumb\">\n\t<a href=\"https:\/\/tabaccomd.com\/ro\/\" title=\"\u0413\u043b\u0430\u0432\u043d\u0430\u044f\">\u0413\u043b\u0430\u0432\u043d\u0430\u044f<\/a>\n<\/span><span class=\"aioseo-breadcrumb-separator\">\u00bb<\/span><span class=\"aioseo-breadcrumb\">\n\t<a href=\"https:\/\/tabaccomd.com\/ro\/catalog\/\" title=\"Catalog\">Catalog<\/a>\n<\/span><span class=\"aioseo-breadcrumb-separator\">\u00bb<\/span><span class=\"aioseo-breadcrumb\">\n\t<a href=\"https:\/\/tabaccomd.com\/ro\/product-category\/cigarillos\/\" title=\"Cigarillos\">Cigarillos<\/a>\n<\/span><span class=\"aioseo-breadcrumb-separator\">\u00bb<\/span><span class=\"aioseo-breadcrumb\">\n\t<a href=\"https:\/\/tabaccomd.com\/ro\/product-category\/cigarillos\/cigarillos-din-republica-dominicana\/\" title=\"Cigarillos din Republica Dominican\u0103\">Cigarillos din Republica Dominican\u0103<\/a>\n<\/span><span class=\"aioseo-breadcrumb-separator\">\u00bb<\/span><span class=\"aioseo-breadcrumb\">\n\tCigarillos Clubmaster Mini Filter White\n<\/span><\/div>","aioseo_breadcrumb_json":[{"label":"\u0413\u043b\u0430\u0432\u043d\u0430\u044f","link":"https:\/\/tabaccomd.com\/ro\/"},{"label":"Catalog","link":"https:\/\/tabaccomd.com\/ro\/catalog\/"},{"label":"Cigarillos","link":"https:\/\/tabaccomd.com\/ro\/product-category\/cigarillos\/"},{"label":"Cigarillos din Republica Dominican\u0103","link":"https:\/\/tabaccomd.com\/ro\/product-category\/cigarillos\/cigarillos-din-republica-dominicana\/"},{"label":"Cigarillos Clubmaster Mini Filter White","link":"https:\/\/tabaccomd.com\/ro\/product\/cigarillos-clubmaster-mini-filter-white-20s\/"}],"images_for_1c":[{"url":"https:\/\/tabaccomd.com\/wp-content\/uploads\/2020\/04\/cigarillos-clubmaster-mini-filter-white.jpg","type":"featured","alt":"cigarillos-clubmaster-mini-filter-white","filename":"cigarillos-clubmaster-mini-filter-white.jpg"},{"url":"https:\/\/tabaccomd.com\/wp-content\/uploads\/2020\/04\/cigarillos-clubmaster-mini-filter-white-0.jpg","type":"gallery","alt":"cigarillos-clubmaster-mini-filter-white-0","filename":"cigarillos-clubmaster-mini-filter-white-0.jpg"}],"additional_data_1c":{"modified_date":"2025-11-29 15:31:53","permalink":"https:\/\/tabaccomd.com\/ro\/product\/cigarillos-clubmaster-mini-filter-white-20s\/","stock_status":"instock","manage_stock":"no"},"_links":{"self":[{"href":"https:\/\/tabaccomd.com\/ro\/wp-json\/wp\/v2\/product\/17062","targetHints":{"allow":["GET"]}}],"collection":[{"href":"https:\/\/tabaccomd.com\/ro\/wp-json\/wp\/v2\/product"}],"about":[{"href":"https:\/\/tabaccomd.com\/ro\/wp-json\/wp\/v2\/types\/product"}],"wp:featuredmedia":[{"embeddable":true,"href":"https:\/\/tabaccomd.com\/ro\/wp-json\/wp\/v2\/media\/147376"}],"wp:attachment":[{"href":"https:\/\/tabaccomd.com\/ro\/wp-json\/wp\/v2\/media?parent=17062"}],"wp:term":[{"taxonomy":"product_brand","embeddable":true,"href":"https:\/\/tabaccomd.com\/ro\/wp-json\/wp\/v2\/product_brand?post=17062"},{"taxonomy":"product_cat","embeddable":true,"href":"https:\/\/tabaccomd.com\/ro\/wp-json\/wp\/v2\/product_cat?post=17062"},{"taxonomy":"product_tag","embeddable":true,"href":"https:\/\/tabaccomd.com\/ro\/wp-json\/wp\/v2\/product_tag?post=17062"}],"curies":[{"name":"wp","href":"https:\/\/api.w.org\/{rel}","templated":true}]}}