{"id":17013,"date":"2020-04-28T14:38:18","date_gmt":"2020-04-28T11:38:18","guid":{"rendered":"https:\/\/new124.tabaccomd.com\/product\/tigari-davidoff-nicaragua-robusto-tubos\/"},"modified":"2020-04-28T14:38:18","modified_gmt":"2020-04-28T11:38:18","slug":"tigari-davidoff-nicaragua-robusto-tubos","status":"publish","type":"product","link":"https:\/\/tabaccomd.com\/ro\/product\/tigari-davidoff-nicaragua-robusto-tubos\/","title":{"rendered":"\u021aig\u0103ri  Davidoff NICARAGUA Robusto Tubos"},"content":{"rendered":"<p>Trabucul are un gust piquant \u0219i bogat: note de cafea pr\u0103jit\u0103, ciocolat\u0103 \u00eenchis\u0103 la culoare, nuan\u021be cremoase.<\/p>\n<p>Rosado-Havana-seed, \u00een v\u00e2rst\u0103 de zece ani, este folosit pentru acoperirea trabucului, tutunul din regiunea Jalapa este utilizat pentru foaia de liant \u0219i un amestec de tutunuri de la Esteli, Condega \u0219i Ometepe este utilizat pentru umplutur\u0103.<\/p>\n<p>Pute\u021bi cump\u0103ra trabucuri Davidoff NICARAGUA Robusto Tubos \u00een Moldova, Chi\u0219in\u0103u \u00een lan\u021bul de magazine Lux Presents.<\/p>\n<p>&nbsp;<\/p>\n","protected":false},"excerpt":{"rendered":"<ul>\n<li>\u021aara: Dominicana<\/li>\n<li>Produc\u0103tor: Davidoff<\/li>\n<li>Tarie: Puternic<\/li>\n<li>Dimensiune: 127mm x 20mm<\/li>\n<li>Format: Robusto<\/li>\n<\/ul>\n","protected":false},"featured_media":14067,"template":"","meta":{"om_disable_all_campaigns":false,"_monsterinsights_skip_tracking":false,"_monsterinsights_sitenote_active":false,"_monsterinsights_sitenote_note":"","_monsterinsights_sitenote_category":0},"product_brand":[],"product_cat":[157],"product_tag":[],"class_list":{"0":"post-17013","1":"product","2":"type-product","3":"status-publish","4":"has-post-thumbnail","6":"product_cat-trabucuri-din-republica-dominicana","8":"first","9":"outofstock","10":"sale","11":"taxable","12":"shipping-taxable","13":"purchasable","14":"product-type-simple"},"aioseo_notices":[],"aioseo_head":"\n\t\t<!-- All in One SEO Pro 4.9.5.2 - aioseo.com -->\n\t<meta name=\"robots\" content=\"max-image-preview:large\" \/>\n\t<link rel=\"canonical\" href=\"https:\/\/tabaccomd.com\/ro\/product\/tigari-davidoff-nicaragua-robusto-tubos\/\" \/>\n\t<meta name=\"generator\" content=\"All in One SEO Pro (AIOSEO) 4.9.5.2\" \/>\n\t\t<meta property=\"og:locale\" content=\"ro_RO\" \/>\n\t\t<meta property=\"og:site_name\" content=\"Tabacco House \u2013 \u041c\u0430\u0433\u0430\u0437\u0438\u043d \u0442\u0430\u0431\u0430\u0447\u043d\u044b\u0445 \u0438\u0437\u0434\u0435\u043b\u0438\u0439\" \/>\n\t\t<meta property=\"og:type\" content=\"article\" \/>\n\t\t<meta property=\"og:title\" content=\"\u021aig\u0103ri Davidoff NICARAGUA Robusto Tubos \u2013 Tabacco House\" \/>\n\t\t<meta property=\"og:url\" content=\"https:\/\/tabaccomd.com\/ro\/product\/tigari-davidoff-nicaragua-robusto-tubos\/\" \/>\n\t\t<meta property=\"article:published_time\" content=\"2020-04-28T11:38:18+00:00\" \/>\n\t\t<meta property=\"article:modified_time\" content=\"2020-04-28T11:38:18+00:00\" \/>\n\t\t<meta property=\"article:publisher\" content=\"https:\/\/www.facebook.com\/tabaccomd.com\/\" \/>\n\t\t<meta name=\"twitter:card\" content=\"summary_large_image\" \/>\n\t\t<meta name=\"twitter:title\" content=\"\u021aig\u0103ri Davidoff NICARAGUA Robusto Tubos \u2013 Tabacco House\" \/>\n\t\t<script type=\"application\/ld+json\" class=\"aioseo-schema\">\n\t\t\t{\"@context\":\"https:\\\/\\\/schema.org\",\"@graph\":[{\"@type\":\"BreadcrumbList\",\"@id\":\"https:\\\/\\\/tabaccomd.com\\\/ro\\\/product\\\/tigari-davidoff-nicaragua-robusto-tubos\\\/#breadcrumblist\",\"itemListElement\":[{\"@type\":\"ListItem\",\"@id\":\"https:\\\/\\\/tabaccomd.com\\\/ro\\\/#listItem\",\"position\":1,\"name\":\"\\u0413\\u043b\\u0430\\u0432\\u043d\\u0430\\u044f\",\"item\":\"https:\\\/\\\/tabaccomd.com\\\/ro\\\/\",\"nextItem\":{\"@type\":\"ListItem\",\"@id\":\"https:\\\/\\\/tabaccomd.com\\\/ro\\\/catalog\\\/#listItem\",\"name\":\"Catalog\"}},{\"@type\":\"ListItem\",\"@id\":\"https:\\\/\\\/tabaccomd.com\\\/ro\\\/catalog\\\/#listItem\",\"position\":2,\"name\":\"Catalog\",\"item\":\"https:\\\/\\\/tabaccomd.com\\\/ro\\\/catalog\\\/\",\"nextItem\":{\"@type\":\"ListItem\",\"@id\":\"https:\\\/\\\/tabaccomd.com\\\/ro\\\/product-category\\\/trabucuri\\\/#listItem\",\"name\":\"Trabucuri\"},\"previousItem\":{\"@type\":\"ListItem\",\"@id\":\"https:\\\/\\\/tabaccomd.com\\\/ro\\\/#listItem\",\"name\":\"\\u0413\\u043b\\u0430\\u0432\\u043d\\u0430\\u044f\"}},{\"@type\":\"ListItem\",\"@id\":\"https:\\\/\\\/tabaccomd.com\\\/ro\\\/product-category\\\/trabucuri\\\/#listItem\",\"position\":3,\"name\":\"Trabucuri\",\"item\":\"https:\\\/\\\/tabaccomd.com\\\/ro\\\/product-category\\\/trabucuri\\\/\",\"nextItem\":{\"@type\":\"ListItem\",\"@id\":\"https:\\\/\\\/tabaccomd.com\\\/ro\\\/product-category\\\/trabucuri\\\/trabucuri-din-republica-dominicana\\\/#listItem\",\"name\":\"Trabucuri din Republica Dominican\\u0103\"},\"previousItem\":{\"@type\":\"ListItem\",\"@id\":\"https:\\\/\\\/tabaccomd.com\\\/ro\\\/catalog\\\/#listItem\",\"name\":\"Catalog\"}},{\"@type\":\"ListItem\",\"@id\":\"https:\\\/\\\/tabaccomd.com\\\/ro\\\/product-category\\\/trabucuri\\\/trabucuri-din-republica-dominicana\\\/#listItem\",\"position\":4,\"name\":\"Trabucuri din Republica Dominican\\u0103\",\"item\":\"https:\\\/\\\/tabaccomd.com\\\/ro\\\/product-category\\\/trabucuri\\\/trabucuri-din-republica-dominicana\\\/\",\"nextItem\":{\"@type\":\"ListItem\",\"@id\":\"https:\\\/\\\/tabaccomd.com\\\/ro\\\/product\\\/tigari-davidoff-nicaragua-robusto-tubos\\\/#listItem\",\"name\":\"\\u021aig\\u0103ri  Davidoff NICARAGUA Robusto Tubos\"},\"previousItem\":{\"@type\":\"ListItem\",\"@id\":\"https:\\\/\\\/tabaccomd.com\\\/ro\\\/product-category\\\/trabucuri\\\/#listItem\",\"name\":\"Trabucuri\"}},{\"@type\":\"ListItem\",\"@id\":\"https:\\\/\\\/tabaccomd.com\\\/ro\\\/product\\\/tigari-davidoff-nicaragua-robusto-tubos\\\/#listItem\",\"position\":5,\"name\":\"\\u021aig\\u0103ri  Davidoff NICARAGUA Robusto Tubos\",\"previousItem\":{\"@type\":\"ListItem\",\"@id\":\"https:\\\/\\\/tabaccomd.com\\\/ro\\\/product-category\\\/trabucuri\\\/trabucuri-din-republica-dominicana\\\/#listItem\",\"name\":\"Trabucuri din Republica Dominican\\u0103\"}}]},{\"@type\":\"Organization\",\"@id\":\"https:\\\/\\\/tabaccomd.com\\\/ro\\\/#organization\",\"name\":\"Tabacco House\",\"description\":\"\\u041c\\u0430\\u0433\\u0430\\u0437\\u0438\\u043d \\u0442\\u0430\\u0431\\u0430\\u0447\\u043d\\u044b\\u0445 \\u0438\\u0437\\u0434\\u0435\\u043b\\u0438\\u0439\",\"url\":\"https:\\\/\\\/tabaccomd.com\\\/ro\\\/\",\"email\":\"Office@cazacuhouse.com\",\"telephone\":\"+37361000935\",\"logo\":{\"@type\":\"ImageObject\",\"url\":\"https:\\\/\\\/tabaccomd.com\\\/wp-content\\\/uploads\\\/2024\\\/02\\\/logo_header3.png\",\"@id\":\"https:\\\/\\\/tabaccomd.com\\\/ro\\\/product\\\/tigari-davidoff-nicaragua-robusto-tubos\\\/#organizationLogo\",\"width\":32,\"height\":32,\"caption\":\"Tabacco House\"},\"image\":{\"@id\":\"https:\\\/\\\/tabaccomd.com\\\/ro\\\/product\\\/tigari-davidoff-nicaragua-robusto-tubos\\\/#organizationLogo\"},\"sameAs\":[\"https:\\\/\\\/www.facebook.com\\\/tabaccomd.com\\\/\",\"https:\\\/\\\/www.instagram.com\\\/tabaccomd.com\\\/\"],\"address\":{\"@id\":\"https:\\\/\\\/tabaccomd.com\\\/ro\\\/#postaladdress\",\"@type\":\"PostalAddress\",\"streetAddress\":\"Strada Albi\\u015foara 4, Chi\\u0219in\\u0103u, Bulevardul \\u0218tefan cel Mare \\u0219i Sf\\u00eent 136, Chi\\u0219in\\u0103u\",\"addressLocality\":\"Chi\\u0219in\\u0103u\",\"addressCountry\":\"MD\"}},{\"@type\":\"Product\",\"@id\":\"https:\\\/\\\/tabaccomd.com\\\/ro\\\/product\\\/tigari-davidoff-nicaragua-robusto-tubos\\\/#wooCommerceProduct\",\"name\":\"\\u021aig\\u0103ri  Davidoff NICARAGUA Robusto Tubos\",\"description\":\"\\u021aara: Dominicana\\r\\n \\tProduc\\u0103tor: Davidoff\\r\\n \\tTarie: Puternic\\r\\n \\tDimensiune: 127mm x 20mm\\r\\n \\tFormat: Robusto\",\"url\":\"https:\\\/\\\/tabaccomd.com\\\/ro\\\/product\\\/tigari-davidoff-nicaragua-robusto-tubos\\\/\",\"sku\":\"Robusto Tubos\",\"image\":{\"@type\":\"ImageObject\",\"url\":\"https:\\\/\\\/tabaccomd.com\\\/wp-content\\\/uploads\\\/2020\\\/04\\\/davidoff-nicaragua-robusto-tubos-natural-box-of-12.jpg\",\"@id\":\"https:\\\/\\\/tabaccomd.com\\\/ro\\\/product\\\/tigari-davidoff-nicaragua-robusto-tubos\\\/#productImage\",\"width\":600,\"height\":600},\"offers\":{\"@type\":\"Offer\",\"url\":\"https:\\\/\\\/tabaccomd.com\\\/ro\\\/product\\\/tigari-davidoff-nicaragua-robusto-tubos\\\/#wooCommerceOffer\",\"price\":305,\"priceCurrency\":\"MDL\",\"category\":\"Trabucuri din Republica Dominican\\u0103\",\"availability\":\"https:\\\/\\\/schema.org\\\/OutOfStock\",\"priceSpecification\":{\"@type\":\"PriceSpecification\",\"price\":305,\"priceCurrency\":\"MDL\",\"valueAddedTaxIncluded\":\"true\"},\"seller\":{\"@type\":\"Organization\",\"@id\":\"https:\\\/\\\/tabaccomd.com\\\/ro\\\/#organization\"}}},{\"@type\":\"WebPage\",\"@id\":\"https:\\\/\\\/tabaccomd.com\\\/ro\\\/product\\\/tigari-davidoff-nicaragua-robusto-tubos\\\/#webpage\",\"url\":\"https:\\\/\\\/tabaccomd.com\\\/ro\\\/product\\\/tigari-davidoff-nicaragua-robusto-tubos\\\/\",\"name\":\"\\u021aig\\u0103ri Davidoff NICARAGUA Robusto Tubos \\u2013 Tabacco House\",\"inLanguage\":\"ro-RO\",\"isPartOf\":{\"@id\":\"https:\\\/\\\/tabaccomd.com\\\/ro\\\/#website\"},\"breadcrumb\":{\"@id\":\"https:\\\/\\\/tabaccomd.com\\\/ro\\\/product\\\/tigari-davidoff-nicaragua-robusto-tubos\\\/#breadcrumblist\"},\"image\":{\"@type\":\"ImageObject\",\"url\":\"https:\\\/\\\/tabaccomd.com\\\/wp-content\\\/uploads\\\/2020\\\/04\\\/davidoff-nicaragua-robusto-tubos-natural-box-of-12.jpg\",\"@id\":\"https:\\\/\\\/tabaccomd.com\\\/ro\\\/product\\\/tigari-davidoff-nicaragua-robusto-tubos\\\/#mainImage\",\"width\":600,\"height\":600},\"primaryImageOfPage\":{\"@id\":\"https:\\\/\\\/tabaccomd.com\\\/ro\\\/product\\\/tigari-davidoff-nicaragua-robusto-tubos\\\/#mainImage\"},\"datePublished\":\"2020-04-28T14:38:18+03:00\",\"dateModified\":\"2020-04-28T14:38:18+03:00\"},{\"@type\":\"WebSite\",\"@id\":\"https:\\\/\\\/tabaccomd.com\\\/ro\\\/#website\",\"url\":\"https:\\\/\\\/tabaccomd.com\\\/ro\\\/\",\"name\":\"Tabacco House\",\"alternateName\":\"tobaccomd.com\",\"description\":\"\\u041c\\u0430\\u0433\\u0430\\u0437\\u0438\\u043d \\u0442\\u0430\\u0431\\u0430\\u0447\\u043d\\u044b\\u0445 \\u0438\\u0437\\u0434\\u0435\\u043b\\u0438\\u0439\",\"inLanguage\":\"ro-RO\",\"publisher\":{\"@id\":\"https:\\\/\\\/tabaccomd.com\\\/ro\\\/#organization\"}}]}\n\t\t<\/script>\n\t\t<!-- All in One SEO Pro -->\r\n\t\t<title>\u021aig\u0103ri Davidoff NICARAGUA Robusto Tubos \u2013 Tabacco House<\/title>\n\n","aioseo_head_json":{"title":"\u021aig\u0103ri Davidoff NICARAGUA Robusto Tubos \u2013 Tabacco House","description":"","canonical_url":"https:\/\/tabaccomd.com\/ro\/product\/tigari-davidoff-nicaragua-robusto-tubos\/","robots":"max-image-preview:large","keywords":"","webmasterTools":{"miscellaneous":""},"schema":{"@context":"https:\/\/schema.org","@graph":[{"@type":"BreadcrumbList","@id":"https:\/\/tabaccomd.com\/ro\/product\/tigari-davidoff-nicaragua-robusto-tubos\/#breadcrumblist","itemListElement":[{"@type":"ListItem","@id":"https:\/\/tabaccomd.com\/ro\/#listItem","position":1,"name":"\u0413\u043b\u0430\u0432\u043d\u0430\u044f","item":"https:\/\/tabaccomd.com\/ro\/","nextItem":{"@type":"ListItem","@id":"https:\/\/tabaccomd.com\/ro\/catalog\/#listItem","name":"Catalog"}},{"@type":"ListItem","@id":"https:\/\/tabaccomd.com\/ro\/catalog\/#listItem","position":2,"name":"Catalog","item":"https:\/\/tabaccomd.com\/ro\/catalog\/","nextItem":{"@type":"ListItem","@id":"https:\/\/tabaccomd.com\/ro\/product-category\/trabucuri\/#listItem","name":"Trabucuri"},"previousItem":{"@type":"ListItem","@id":"https:\/\/tabaccomd.com\/ro\/#listItem","name":"\u0413\u043b\u0430\u0432\u043d\u0430\u044f"}},{"@type":"ListItem","@id":"https:\/\/tabaccomd.com\/ro\/product-category\/trabucuri\/#listItem","position":3,"name":"Trabucuri","item":"https:\/\/tabaccomd.com\/ro\/product-category\/trabucuri\/","nextItem":{"@type":"ListItem","@id":"https:\/\/tabaccomd.com\/ro\/product-category\/trabucuri\/trabucuri-din-republica-dominicana\/#listItem","name":"Trabucuri din Republica Dominican\u0103"},"previousItem":{"@type":"ListItem","@id":"https:\/\/tabaccomd.com\/ro\/catalog\/#listItem","name":"Catalog"}},{"@type":"ListItem","@id":"https:\/\/tabaccomd.com\/ro\/product-category\/trabucuri\/trabucuri-din-republica-dominicana\/#listItem","position":4,"name":"Trabucuri din Republica Dominican\u0103","item":"https:\/\/tabaccomd.com\/ro\/product-category\/trabucuri\/trabucuri-din-republica-dominicana\/","nextItem":{"@type":"ListItem","@id":"https:\/\/tabaccomd.com\/ro\/product\/tigari-davidoff-nicaragua-robusto-tubos\/#listItem","name":"\u021aig\u0103ri  Davidoff NICARAGUA Robusto Tubos"},"previousItem":{"@type":"ListItem","@id":"https:\/\/tabaccomd.com\/ro\/product-category\/trabucuri\/#listItem","name":"Trabucuri"}},{"@type":"ListItem","@id":"https:\/\/tabaccomd.com\/ro\/product\/tigari-davidoff-nicaragua-robusto-tubos\/#listItem","position":5,"name":"\u021aig\u0103ri  Davidoff NICARAGUA Robusto Tubos","previousItem":{"@type":"ListItem","@id":"https:\/\/tabaccomd.com\/ro\/product-category\/trabucuri\/trabucuri-din-republica-dominicana\/#listItem","name":"Trabucuri din Republica Dominican\u0103"}}]},{"@type":"Organization","@id":"https:\/\/tabaccomd.com\/ro\/#organization","name":"Tabacco House","description":"\u041c\u0430\u0433\u0430\u0437\u0438\u043d \u0442\u0430\u0431\u0430\u0447\u043d\u044b\u0445 \u0438\u0437\u0434\u0435\u043b\u0438\u0439","url":"https:\/\/tabaccomd.com\/ro\/","email":"Office@cazacuhouse.com","telephone":"+37361000935","logo":{"@type":"ImageObject","url":"https:\/\/tabaccomd.com\/wp-content\/uploads\/2024\/02\/logo_header3.png","@id":"https:\/\/tabaccomd.com\/ro\/product\/tigari-davidoff-nicaragua-robusto-tubos\/#organizationLogo","width":32,"height":32,"caption":"Tabacco House"},"image":{"@id":"https:\/\/tabaccomd.com\/ro\/product\/tigari-davidoff-nicaragua-robusto-tubos\/#organizationLogo"},"sameAs":["https:\/\/www.facebook.com\/tabaccomd.com\/","https:\/\/www.instagram.com\/tabaccomd.com\/"],"address":{"@id":"https:\/\/tabaccomd.com\/ro\/#postaladdress","@type":"PostalAddress","streetAddress":"Strada Albi\u015foara 4, Chi\u0219in\u0103u, Bulevardul \u0218tefan cel Mare \u0219i Sf\u00eent 136, Chi\u0219in\u0103u","addressLocality":"Chi\u0219in\u0103u","addressCountry":"MD"}},{"@type":"Product","@id":"https:\/\/tabaccomd.com\/ro\/product\/tigari-davidoff-nicaragua-robusto-tubos\/#wooCommerceProduct","name":"\u021aig\u0103ri  Davidoff NICARAGUA Robusto Tubos","description":"\u021aara: Dominicana\r\n \tProduc\u0103tor: Davidoff\r\n \tTarie: Puternic\r\n \tDimensiune: 127mm x 20mm\r\n \tFormat: Robusto","url":"https:\/\/tabaccomd.com\/ro\/product\/tigari-davidoff-nicaragua-robusto-tubos\/","sku":"Robusto Tubos","image":{"@type":"ImageObject","url":"https:\/\/tabaccomd.com\/wp-content\/uploads\/2020\/04\/davidoff-nicaragua-robusto-tubos-natural-box-of-12.jpg","@id":"https:\/\/tabaccomd.com\/ro\/product\/tigari-davidoff-nicaragua-robusto-tubos\/#productImage","width":600,"height":600},"offers":{"@type":"Offer","url":"https:\/\/tabaccomd.com\/ro\/product\/tigari-davidoff-nicaragua-robusto-tubos\/#wooCommerceOffer","price":305,"priceCurrency":"MDL","category":"Trabucuri din Republica Dominican\u0103","availability":"https:\/\/schema.org\/OutOfStock","priceSpecification":{"@type":"PriceSpecification","price":305,"priceCurrency":"MDL","valueAddedTaxIncluded":"true"},"seller":{"@type":"Organization","@id":"https:\/\/tabaccomd.com\/ro\/#organization"}}},{"@type":"WebPage","@id":"https:\/\/tabaccomd.com\/ro\/product\/tigari-davidoff-nicaragua-robusto-tubos\/#webpage","url":"https:\/\/tabaccomd.com\/ro\/product\/tigari-davidoff-nicaragua-robusto-tubos\/","name":"\u021aig\u0103ri Davidoff NICARAGUA Robusto Tubos \u2013 Tabacco House","inLanguage":"ro-RO","isPartOf":{"@id":"https:\/\/tabaccomd.com\/ro\/#website"},"breadcrumb":{"@id":"https:\/\/tabaccomd.com\/ro\/product\/tigari-davidoff-nicaragua-robusto-tubos\/#breadcrumblist"},"image":{"@type":"ImageObject","url":"https:\/\/tabaccomd.com\/wp-content\/uploads\/2020\/04\/davidoff-nicaragua-robusto-tubos-natural-box-of-12.jpg","@id":"https:\/\/tabaccomd.com\/ro\/product\/tigari-davidoff-nicaragua-robusto-tubos\/#mainImage","width":600,"height":600},"primaryImageOfPage":{"@id":"https:\/\/tabaccomd.com\/ro\/product\/tigari-davidoff-nicaragua-robusto-tubos\/#mainImage"},"datePublished":"2020-04-28T14:38:18+03:00","dateModified":"2020-04-28T14:38:18+03:00"},{"@type":"WebSite","@id":"https:\/\/tabaccomd.com\/ro\/#website","url":"https:\/\/tabaccomd.com\/ro\/","name":"Tabacco House","alternateName":"tobaccomd.com","description":"\u041c\u0430\u0433\u0430\u0437\u0438\u043d \u0442\u0430\u0431\u0430\u0447\u043d\u044b\u0445 \u0438\u0437\u0434\u0435\u043b\u0438\u0439","inLanguage":"ro-RO","publisher":{"@id":"https:\/\/tabaccomd.com\/ro\/#organization"}}]},"og:locale":"ro_RO","og:site_name":"Tabacco House \u2013 \u041c\u0430\u0433\u0430\u0437\u0438\u043d \u0442\u0430\u0431\u0430\u0447\u043d\u044b\u0445 \u0438\u0437\u0434\u0435\u043b\u0438\u0439","og:type":"article","og:title":"\u021aig\u0103ri Davidoff NICARAGUA Robusto Tubos \u2013 Tabacco House","og:url":"https:\/\/tabaccomd.com\/ro\/product\/tigari-davidoff-nicaragua-robusto-tubos\/","article:published_time":"2020-04-28T11:38:18+00:00","article:modified_time":"2020-04-28T11:38:18+00:00","article:publisher":"https:\/\/www.facebook.com\/tabaccomd.com\/","twitter:card":"summary_large_image","twitter:title":"\u021aig\u0103ri Davidoff NICARAGUA Robusto Tubos \u2013 Tabacco House"},"aioseo_meta_data":{"post_id":"17013","title":null,"description":null,"keywords":null,"keyphrases":null,"primary_term":null,"canonical_url":null,"og_title":null,"og_description":null,"og_object_type":"default","og_image_type":"default","og_image_url":null,"og_image_width":null,"og_image_height":null,"og_image_custom_url":null,"og_image_custom_fields":null,"og_video":null,"og_custom_url":null,"og_article_section":null,"og_article_tags":null,"twitter_use_og":false,"twitter_card":"default","twitter_image_type":"default","twitter_image_url":null,"twitter_image_custom_url":null,"twitter_image_custom_fields":null,"twitter_title":null,"twitter_description":null,"schema":{"blockGraphs":[],"customGraphs":[],"default":{"data":{"Article":[],"Course":[],"Dataset":[],"FAQPage":[],"Movie":[],"Person":[],"Product":[],"ProductReview":[],"Car":[],"Recipe":[],"Service":[],"SoftwareApplication":[],"WebPage":[]},"graphName":"","isEnabled":true},"graphs":[]},"schema_type":"default","schema_type_options":null,"pillar_content":false,"robots_default":true,"robots_noindex":false,"robots_noarchive":false,"robots_nosnippet":false,"robots_nofollow":false,"robots_noimageindex":false,"robots_noodp":false,"robots_notranslate":false,"robots_max_snippet":null,"robots_max_videopreview":null,"robots_max_imagepreview":"large","priority":null,"frequency":null,"local_seo":null,"seo_analyzer_scan_date":"2025-10-19 14:33:43","breadcrumb_settings":null,"limit_modified_date":false,"reviewed_by":null,"open_ai":null,"ai":null,"created":"2023-03-30 15:16:37","updated":"2025-10-19 14:33:43"},"aioseo_breadcrumb":"<div class=\"aioseo-breadcrumbs\"><span class=\"aioseo-breadcrumb\">\n\t<a href=\"https:\/\/tabaccomd.com\/ro\/\" title=\"\u0413\u043b\u0430\u0432\u043d\u0430\u044f\">\u0413\u043b\u0430\u0432\u043d\u0430\u044f<\/a>\n<\/span><span class=\"aioseo-breadcrumb-separator\">\u00bb<\/span><span class=\"aioseo-breadcrumb\">\n\t<a href=\"https:\/\/tabaccomd.com\/ro\/catalog\/\" title=\"Catalog\">Catalog<\/a>\n<\/span><span class=\"aioseo-breadcrumb-separator\">\u00bb<\/span><span class=\"aioseo-breadcrumb\">\n\t<a href=\"https:\/\/tabaccomd.com\/ro\/product-category\/trabucuri\/\" title=\"Trabucuri\">Trabucuri<\/a>\n<\/span><span class=\"aioseo-breadcrumb-separator\">\u00bb<\/span><span class=\"aioseo-breadcrumb\">\n\t<a href=\"https:\/\/tabaccomd.com\/ro\/product-category\/trabucuri\/trabucuri-din-republica-dominicana\/\" title=\"Trabucuri din Republica Dominican\u0103\">Trabucuri din Republica Dominican\u0103<\/a>\n<\/span><span class=\"aioseo-breadcrumb-separator\">\u00bb<\/span><span class=\"aioseo-breadcrumb\">\n\t\u021aig\u0103ri  Davidoff NICARAGUA Robusto Tubos\n<\/span><\/div>","aioseo_breadcrumb_json":[{"label":"\u0413\u043b\u0430\u0432\u043d\u0430\u044f","link":"https:\/\/tabaccomd.com\/ro\/"},{"label":"Catalog","link":"https:\/\/tabaccomd.com\/ro\/catalog\/"},{"label":"Trabucuri","link":"https:\/\/tabaccomd.com\/ro\/product-category\/trabucuri\/"},{"label":"Trabucuri din Republica Dominican\u0103","link":"https:\/\/tabaccomd.com\/ro\/product-category\/trabucuri\/trabucuri-din-republica-dominicana\/"},{"label":"\u021aig\u0103ri  Davidoff NICARAGUA Robusto Tubos","link":"https:\/\/tabaccomd.com\/ro\/product\/tigari-davidoff-nicaragua-robusto-tubos\/"}],"images_for_1c":[{"url":"https:\/\/tabaccomd.com\/wp-content\/uploads\/2020\/04\/davidoff-nicaragua-robusto-tubos-natural-box-of-12.jpg","type":"featured","alt":"","filename":"davidoff-nicaragua-robusto-tubos-natural-box-of-12.jpg"}],"additional_data_1c":{"modified_date":"2020-04-28 14:38:18","permalink":"https:\/\/tabaccomd.com\/ro\/product\/tigari-davidoff-nicaragua-robusto-tubos\/","stock_status":"outofstock","manage_stock":"no"},"_links":{"self":[{"href":"https:\/\/tabaccomd.com\/ro\/wp-json\/wp\/v2\/product\/17013","targetHints":{"allow":["GET"]}}],"collection":[{"href":"https:\/\/tabaccomd.com\/ro\/wp-json\/wp\/v2\/product"}],"about":[{"href":"https:\/\/tabaccomd.com\/ro\/wp-json\/wp\/v2\/types\/product"}],"wp:featuredmedia":[{"embeddable":true,"href":"https:\/\/tabaccomd.com\/ro\/wp-json\/wp\/v2\/media\/14067"}],"wp:attachment":[{"href":"https:\/\/tabaccomd.com\/ro\/wp-json\/wp\/v2\/media?parent=17013"}],"wp:term":[{"taxonomy":"product_brand","embeddable":true,"href":"https:\/\/tabaccomd.com\/ro\/wp-json\/wp\/v2\/product_brand?post=17013"},{"taxonomy":"product_cat","embeddable":true,"href":"https:\/\/tabaccomd.com\/ro\/wp-json\/wp\/v2\/product_cat?post=17013"},{"taxonomy":"product_tag","embeddable":true,"href":"https:\/\/tabaccomd.com\/ro\/wp-json\/wp\/v2\/product_tag?post=17013"}],"curies":[{"name":"wp","href":"https:\/\/api.w.org\/{rel}","templated":true}]}}