{"id":17005,"date":"2020-04-28T13:17:57","date_gmt":"2020-04-28T10:17:57","guid":{"rendered":"https:\/\/new124.tabaccomd.com\/product\/tigarele-de-foi-davidoff-zino-platinum-xs\/"},"modified":"2023-07-25T15:15:34","modified_gmt":"2023-07-25T12:15:34","slug":"tigarele-de-foi-davidoff-zino-platinum-xs","status":"publish","type":"product","link":"https:\/\/tabaccomd.com\/ro\/product\/tigarele-de-foi-davidoff-zino-platinum-xs\/","title":{"rendered":"\u021aigarele de foi Davidoff ZINO Platinum &#8222;XS&#8221;"},"content":{"rendered":"<p>Trabucurile Zino Platinum vor oferi proprietarului lor o gam\u0103 larg\u0103 de gusturi \u0219i arome, complexe, dar armonioase \u0219i combinate cu succes \u00eentre ele. \u021aig\u0103rile se vor potrivi at\u00e2t pentru \u00eencep\u0103tori, c\u00e2t \u0219i pentru profesioni\u0219ti. Gustul echilibrat, trac\u021biunea \u0219i combustia perfect\u0103 fac ca aceste trabucuri s\u0103 fie perfecte.<\/p>\n<p>Cump\u0103ra\u021bi \u021big\u0103ri Davidoff ZINO Platinum \u201eXS\u201d pot fi cump\u0103rate \u00een Moldova, Chi\u0219in\u0103u \u00een lan\u021bul de magazine Luxpresent.md<\/p>\n<p>&nbsp;<\/p>\n","protected":false},"excerpt":{"rendered":"<p>Trabucurile Zino Platinum vor oferi proprietarului lor o gam\u0103 larg\u0103 de gusturi \u0219i arome, complexe, dar armonioase \u0219i combinate cu [&hellip;]<\/p>\n","protected":false},"featured_media":13160,"template":"","meta":{"om_disable_all_campaigns":false,"_monsterinsights_skip_tracking":false,"_monsterinsights_sitenote_active":false,"_monsterinsights_sitenote_note":"","_monsterinsights_sitenote_category":0},"product_brand":[],"product_cat":[184],"product_tag":[],"class_list":{"0":"post-17005","1":"product","2":"type-product","3":"status-publish","4":"has-post-thumbnail","6":"product_cat-cigarillos-din-republica-dominicana","8":"first","9":"outofstock","10":"sale","11":"taxable","12":"shipping-taxable","13":"purchasable","14":"product-type-simple"},"aioseo_notices":[],"aioseo_head":"\n\t\t<!-- All in One SEO Pro 4.9.6.2 - aioseo.com -->\n\t<meta name=\"description\" content=\"Cigarille Davidoff ZINO Platinum &quot;XS&quot; \u00een Chi\u0219in\u0103u cu livrare. Site-ul nostru tabaccomd.com ofer\u0103 o gam\u0103 larg\u0103 de trabucuri, cigarillos, umidificatoare, ghilotine, brichete, chibrituri, chibrituri pentru trabucuri, scrumiere pentru trabucuri.\u2b50\u2b50\u2b50\u2b50\u2b50\u260e 061-000-935\" \/>\n\t<meta name=\"robots\" content=\"max-image-preview:large\" \/>\n\t<link rel=\"canonical\" href=\"https:\/\/tabaccomd.com\/ro\/product\/tigarele-de-foi-davidoff-zino-platinum-xs\/\" \/>\n\t<meta name=\"generator\" content=\"All in One SEO Pro (AIOSEO) 4.9.6.2\" \/>\n\t\t<meta property=\"og:locale\" content=\"ro_RO\" \/>\n\t\t<meta property=\"og:site_name\" content=\"Tabacco House \u2013 \u041c\u0430\u0433\u0430\u0437\u0438\u043d \u0442\u0430\u0431\u0430\u0447\u043d\u044b\u0445 \u0438\u0437\u0434\u0435\u043b\u0438\u0439\" \/>\n\t\t<meta property=\"og:type\" content=\"article\" \/>\n\t\t<meta property=\"og:title\" content=\"\u021aigarele de foi Davidoff ZINO Platinum \u201eXS\u201d cump\u0103ra\u021bi \u00een Chi\u0219in\u0103u \u2b50 \u2013 Tabacco House\" \/>\n\t\t<meta property=\"og:description\" content=\"Cigarille Davidoff ZINO Platinum &quot;XS&quot; \u00een Chi\u0219in\u0103u cu livrare. Site-ul nostru tabaccomd.com ofer\u0103 o gam\u0103 larg\u0103 de trabucuri, cigarillos, umidificatoare, ghilotine, brichete, chibrituri, chibrituri pentru trabucuri, scrumiere pentru trabucuri.\u2b50\u2b50\u2b50\u2b50\u2b50\u260e 061-000-935\" \/>\n\t\t<meta property=\"og:url\" content=\"https:\/\/tabaccomd.com\/ro\/product\/tigarele-de-foi-davidoff-zino-platinum-xs\/\" \/>\n\t\t<meta property=\"article:published_time\" content=\"2020-04-28T10:17:57+00:00\" \/>\n\t\t<meta property=\"article:modified_time\" content=\"2023-07-25T12:15:34+00:00\" \/>\n\t\t<meta property=\"article:publisher\" content=\"https:\/\/www.facebook.com\/tabaccomd.com\/\" \/>\n\t\t<meta name=\"twitter:card\" content=\"summary_large_image\" \/>\n\t\t<meta name=\"twitter:title\" content=\"\u021aigarele de foi Davidoff ZINO Platinum \u201eXS\u201d cump\u0103ra\u021bi \u00een Chi\u0219in\u0103u \u2b50 \u2013 Tabacco House\" \/>\n\t\t<meta name=\"twitter:description\" content=\"Cigarille Davidoff ZINO Platinum &quot;XS&quot; \u00een Chi\u0219in\u0103u cu livrare. Site-ul nostru tabaccomd.com ofer\u0103 o gam\u0103 larg\u0103 de trabucuri, cigarillos, umidificatoare, ghilotine, brichete, chibrituri, chibrituri pentru trabucuri, scrumiere pentru trabucuri.\u2b50\u2b50\u2b50\u2b50\u2b50\u260e 061-000-935\" \/>\n\t\t<script type=\"application\/ld+json\" class=\"aioseo-schema\">\n\t\t\t{\"@context\":\"https:\\\/\\\/schema.org\",\"@graph\":[{\"@type\":\"BreadcrumbList\",\"@id\":\"https:\\\/\\\/tabaccomd.com\\\/ro\\\/product\\\/tigarele-de-foi-davidoff-zino-platinum-xs\\\/#breadcrumblist\",\"itemListElement\":[{\"@type\":\"ListItem\",\"@id\":\"https:\\\/\\\/tabaccomd.com\\\/ro\\\/#listItem\",\"position\":1,\"name\":\"\\u0413\\u043b\\u0430\\u0432\\u043d\\u0430\\u044f\",\"item\":\"https:\\\/\\\/tabaccomd.com\\\/ro\\\/\",\"nextItem\":{\"@type\":\"ListItem\",\"@id\":\"https:\\\/\\\/tabaccomd.com\\\/ro\\\/catalog\\\/#listItem\",\"name\":\"Catalog\"}},{\"@type\":\"ListItem\",\"@id\":\"https:\\\/\\\/tabaccomd.com\\\/ro\\\/catalog\\\/#listItem\",\"position\":2,\"name\":\"Catalog\",\"item\":\"https:\\\/\\\/tabaccomd.com\\\/ro\\\/catalog\\\/\",\"nextItem\":{\"@type\":\"ListItem\",\"@id\":\"https:\\\/\\\/tabaccomd.com\\\/ro\\\/product-category\\\/cigarillos\\\/#listItem\",\"name\":\"Cigarillos\"},\"previousItem\":{\"@type\":\"ListItem\",\"@id\":\"https:\\\/\\\/tabaccomd.com\\\/ro\\\/#listItem\",\"name\":\"\\u0413\\u043b\\u0430\\u0432\\u043d\\u0430\\u044f\"}},{\"@type\":\"ListItem\",\"@id\":\"https:\\\/\\\/tabaccomd.com\\\/ro\\\/product-category\\\/cigarillos\\\/#listItem\",\"position\":3,\"name\":\"Cigarillos\",\"item\":\"https:\\\/\\\/tabaccomd.com\\\/ro\\\/product-category\\\/cigarillos\\\/\",\"nextItem\":{\"@type\":\"ListItem\",\"@id\":\"https:\\\/\\\/tabaccomd.com\\\/ro\\\/product-category\\\/cigarillos\\\/cigarillos-din-republica-dominicana\\\/#listItem\",\"name\":\"Cigarillos din Republica Dominican\\u0103\"},\"previousItem\":{\"@type\":\"ListItem\",\"@id\":\"https:\\\/\\\/tabaccomd.com\\\/ro\\\/catalog\\\/#listItem\",\"name\":\"Catalog\"}},{\"@type\":\"ListItem\",\"@id\":\"https:\\\/\\\/tabaccomd.com\\\/ro\\\/product-category\\\/cigarillos\\\/cigarillos-din-republica-dominicana\\\/#listItem\",\"position\":4,\"name\":\"Cigarillos din Republica Dominican\\u0103\",\"item\":\"https:\\\/\\\/tabaccomd.com\\\/ro\\\/product-category\\\/cigarillos\\\/cigarillos-din-republica-dominicana\\\/\",\"nextItem\":{\"@type\":\"ListItem\",\"@id\":\"https:\\\/\\\/tabaccomd.com\\\/ro\\\/product\\\/tigarele-de-foi-davidoff-zino-platinum-xs\\\/#listItem\",\"name\":\"\\u021aigarele de foi Davidoff ZINO Platinum &#8222;XS&#8221;\"},\"previousItem\":{\"@type\":\"ListItem\",\"@id\":\"https:\\\/\\\/tabaccomd.com\\\/ro\\\/product-category\\\/cigarillos\\\/#listItem\",\"name\":\"Cigarillos\"}},{\"@type\":\"ListItem\",\"@id\":\"https:\\\/\\\/tabaccomd.com\\\/ro\\\/product\\\/tigarele-de-foi-davidoff-zino-platinum-xs\\\/#listItem\",\"position\":5,\"name\":\"\\u021aigarele de foi Davidoff ZINO Platinum &#8222;XS&#8221;\",\"previousItem\":{\"@type\":\"ListItem\",\"@id\":\"https:\\\/\\\/tabaccomd.com\\\/ro\\\/product-category\\\/cigarillos\\\/cigarillos-din-republica-dominicana\\\/#listItem\",\"name\":\"Cigarillos din Republica Dominican\\u0103\"}}]},{\"@type\":\"Organization\",\"@id\":\"https:\\\/\\\/tabaccomd.com\\\/ro\\\/#organization\",\"name\":\"Tabacco House\",\"description\":\"\\u041c\\u0430\\u0433\\u0430\\u0437\\u0438\\u043d \\u0442\\u0430\\u0431\\u0430\\u0447\\u043d\\u044b\\u0445 \\u0438\\u0437\\u0434\\u0435\\u043b\\u0438\\u0439\",\"url\":\"https:\\\/\\\/tabaccomd.com\\\/ro\\\/\",\"email\":\"Office@cazacuhouse.com\",\"telephone\":\"+37361000935\",\"logo\":{\"@type\":\"ImageObject\",\"url\":\"https:\\\/\\\/tabaccomd.com\\\/wp-content\\\/uploads\\\/2024\\\/02\\\/logo_header3.png\",\"@id\":\"https:\\\/\\\/tabaccomd.com\\\/ro\\\/product\\\/tigarele-de-foi-davidoff-zino-platinum-xs\\\/#organizationLogo\",\"width\":32,\"height\":32,\"caption\":\"Tabacco House\"},\"image\":{\"@id\":\"https:\\\/\\\/tabaccomd.com\\\/ro\\\/product\\\/tigarele-de-foi-davidoff-zino-platinum-xs\\\/#organizationLogo\"},\"sameAs\":[\"https:\\\/\\\/www.facebook.com\\\/tabaccomd.com\\\/\",\"https:\\\/\\\/www.instagram.com\\\/tabaccomd.com\\\/\"],\"address\":{\"@id\":\"https:\\\/\\\/tabaccomd.com\\\/ro\\\/#postaladdress\",\"@type\":\"PostalAddress\",\"streetAddress\":\"Strada Albi\\u015foara 4, Chi\\u0219in\\u0103u, Bulevardul \\u0218tefan cel Mare \\u0219i Sf\\u00eent 136, Chi\\u0219in\\u0103u\",\"addressLocality\":\"Chi\\u0219in\\u0103u\",\"addressCountry\":\"MD\"}},{\"@type\":\"Product\",\"@id\":\"https:\\\/\\\/tabaccomd.com\\\/ro\\\/product\\\/tigarele-de-foi-davidoff-zino-platinum-xs\\\/#wooCommerceProduct\",\"name\":\"\\u021aigarele de foi Davidoff ZINO Platinum \\\"XS\\\"\",\"url\":\"https:\\\/\\\/tabaccomd.com\\\/ro\\\/product\\\/tigarele-de-foi-davidoff-zino-platinum-xs\\\/\",\"sku\":\"Davidoff ZINO Platinum \\\"XS\\\"\",\"image\":{\"@type\":\"ImageObject\",\"url\":\"https:\\\/\\\/tabaccomd.com\\\/wp-content\\\/uploads\\\/2020\\\/04\\\/e1f65dfd1db2fb04b75bc77c9ebadef5-600x600-1.jpg\",\"@id\":\"https:\\\/\\\/tabaccomd.com\\\/ro\\\/product\\\/tigarele-de-foi-davidoff-zino-platinum-xs\\\/#productImage\",\"width\":600,\"height\":600,\"caption\":\"\\u0421\\u0438\\u0433\\u0430\\u0440\\u0438\\u043b\\u043b\\u044b Davidoff ZINO Platinum \\\"XS\\\"\"},\"offers\":{\"@type\":\"Offer\",\"url\":\"https:\\\/\\\/tabaccomd.com\\\/ro\\\/product\\\/tigarele-de-foi-davidoff-zino-platinum-xs\\\/#wooCommerceOffer\",\"price\":52,\"priceCurrency\":\"MDL\",\"category\":\"Cigarillos din Republica Dominican\\u0103\",\"availability\":\"https:\\\/\\\/schema.org\\\/OutOfStock\",\"priceSpecification\":{\"@type\":\"PriceSpecification\",\"price\":52,\"priceCurrency\":\"MDL\",\"valueAddedTaxIncluded\":\"true\"},\"seller\":{\"@type\":\"Organization\",\"@id\":\"https:\\\/\\\/tabaccomd.com\\\/ro\\\/#organization\"}}},{\"@type\":\"WebPage\",\"@id\":\"https:\\\/\\\/tabaccomd.com\\\/ro\\\/product\\\/tigarele-de-foi-davidoff-zino-platinum-xs\\\/#webpage\",\"url\":\"https:\\\/\\\/tabaccomd.com\\\/ro\\\/product\\\/tigarele-de-foi-davidoff-zino-platinum-xs\\\/\",\"name\":\"\\u021aigarele de foi Davidoff ZINO Platinum \\u201eXS\\u201d cump\\u0103ra\\u021bi \\u00een Chi\\u0219in\\u0103u \\u2b50 \\u2013 Tabacco House\",\"description\":\"Cigarille Davidoff ZINO Platinum \\\"XS\\\" \\u00een Chi\\u0219in\\u0103u cu livrare. Site-ul nostru tabaccomd.com ofer\\u0103 o gam\\u0103 larg\\u0103 de trabucuri, cigarillos, umidificatoare, ghilotine, brichete, chibrituri, chibrituri pentru trabucuri, scrumiere pentru trabucuri.\\u2b50\\u2b50\\u2b50\\u2b50\\u2b50\\u260e 061-000-935\",\"inLanguage\":\"ro-RO\",\"isPartOf\":{\"@id\":\"https:\\\/\\\/tabaccomd.com\\\/ro\\\/#website\"},\"breadcrumb\":{\"@id\":\"https:\\\/\\\/tabaccomd.com\\\/ro\\\/product\\\/tigarele-de-foi-davidoff-zino-platinum-xs\\\/#breadcrumblist\"},\"image\":{\"@type\":\"ImageObject\",\"url\":\"https:\\\/\\\/tabaccomd.com\\\/wp-content\\\/uploads\\\/2020\\\/04\\\/e1f65dfd1db2fb04b75bc77c9ebadef5-600x600-1.jpg\",\"@id\":\"https:\\\/\\\/tabaccomd.com\\\/ro\\\/product\\\/tigarele-de-foi-davidoff-zino-platinum-xs\\\/#mainImage\",\"width\":600,\"height\":600,\"caption\":\"\\u0421\\u0438\\u0433\\u0430\\u0440\\u0438\\u043b\\u043b\\u044b Davidoff ZINO Platinum \\\"XS\\\"\"},\"primaryImageOfPage\":{\"@id\":\"https:\\\/\\\/tabaccomd.com\\\/ro\\\/product\\\/tigarele-de-foi-davidoff-zino-platinum-xs\\\/#mainImage\"},\"datePublished\":\"2020-04-28T13:17:57+03:00\",\"dateModified\":\"2023-07-25T15:15:34+03:00\"},{\"@type\":\"WebSite\",\"@id\":\"https:\\\/\\\/tabaccomd.com\\\/ro\\\/#website\",\"url\":\"https:\\\/\\\/tabaccomd.com\\\/ro\\\/\",\"name\":\"Tabacco House\",\"alternateName\":\"tobaccomd.com\",\"description\":\"\\u041c\\u0430\\u0433\\u0430\\u0437\\u0438\\u043d \\u0442\\u0430\\u0431\\u0430\\u0447\\u043d\\u044b\\u0445 \\u0438\\u0437\\u0434\\u0435\\u043b\\u0438\\u0439\",\"inLanguage\":\"ro-RO\",\"publisher\":{\"@id\":\"https:\\\/\\\/tabaccomd.com\\\/ro\\\/#organization\"}}]}\n\t\t<\/script>\n\t\t<!-- All in One SEO Pro -->\r\n\t\t<title>\u021aigarele de foi Davidoff ZINO Platinum \u201eXS\u201d cump\u0103ra\u021bi \u00een Chi\u0219in\u0103u \u2b50 \u2013 Tabacco House<\/title>\n\n","aioseo_head_json":{"title":"\u021aigarele de foi Davidoff ZINO Platinum \u201eXS\u201d cump\u0103ra\u021bi \u00een Chi\u0219in\u0103u \u2b50 \u2013 Tabacco House","description":"Cigarille Davidoff ZINO Platinum \"XS\" \u00een Chi\u0219in\u0103u cu livrare. Site-ul nostru tabaccomd.com ofer\u0103 o gam\u0103 larg\u0103 de trabucuri, cigarillos, umidificatoare, ghilotine, brichete, chibrituri, chibrituri pentru trabucuri, scrumiere pentru trabucuri.\u2b50\u2b50\u2b50\u2b50\u2b50\u260e 061-000-935","canonical_url":"https:\/\/tabaccomd.com\/ro\/product\/tigarele-de-foi-davidoff-zino-platinum-xs\/","robots":"max-image-preview:large","keywords":"","webmasterTools":{"miscellaneous":""},"schema":{"@context":"https:\/\/schema.org","@graph":[{"@type":"BreadcrumbList","@id":"https:\/\/tabaccomd.com\/ro\/product\/tigarele-de-foi-davidoff-zino-platinum-xs\/#breadcrumblist","itemListElement":[{"@type":"ListItem","@id":"https:\/\/tabaccomd.com\/ro\/#listItem","position":1,"name":"\u0413\u043b\u0430\u0432\u043d\u0430\u044f","item":"https:\/\/tabaccomd.com\/ro\/","nextItem":{"@type":"ListItem","@id":"https:\/\/tabaccomd.com\/ro\/catalog\/#listItem","name":"Catalog"}},{"@type":"ListItem","@id":"https:\/\/tabaccomd.com\/ro\/catalog\/#listItem","position":2,"name":"Catalog","item":"https:\/\/tabaccomd.com\/ro\/catalog\/","nextItem":{"@type":"ListItem","@id":"https:\/\/tabaccomd.com\/ro\/product-category\/cigarillos\/#listItem","name":"Cigarillos"},"previousItem":{"@type":"ListItem","@id":"https:\/\/tabaccomd.com\/ro\/#listItem","name":"\u0413\u043b\u0430\u0432\u043d\u0430\u044f"}},{"@type":"ListItem","@id":"https:\/\/tabaccomd.com\/ro\/product-category\/cigarillos\/#listItem","position":3,"name":"Cigarillos","item":"https:\/\/tabaccomd.com\/ro\/product-category\/cigarillos\/","nextItem":{"@type":"ListItem","@id":"https:\/\/tabaccomd.com\/ro\/product-category\/cigarillos\/cigarillos-din-republica-dominicana\/#listItem","name":"Cigarillos din Republica Dominican\u0103"},"previousItem":{"@type":"ListItem","@id":"https:\/\/tabaccomd.com\/ro\/catalog\/#listItem","name":"Catalog"}},{"@type":"ListItem","@id":"https:\/\/tabaccomd.com\/ro\/product-category\/cigarillos\/cigarillos-din-republica-dominicana\/#listItem","position":4,"name":"Cigarillos din Republica Dominican\u0103","item":"https:\/\/tabaccomd.com\/ro\/product-category\/cigarillos\/cigarillos-din-republica-dominicana\/","nextItem":{"@type":"ListItem","@id":"https:\/\/tabaccomd.com\/ro\/product\/tigarele-de-foi-davidoff-zino-platinum-xs\/#listItem","name":"\u021aigarele de foi Davidoff ZINO Platinum &#8222;XS&#8221;"},"previousItem":{"@type":"ListItem","@id":"https:\/\/tabaccomd.com\/ro\/product-category\/cigarillos\/#listItem","name":"Cigarillos"}},{"@type":"ListItem","@id":"https:\/\/tabaccomd.com\/ro\/product\/tigarele-de-foi-davidoff-zino-platinum-xs\/#listItem","position":5,"name":"\u021aigarele de foi Davidoff ZINO Platinum &#8222;XS&#8221;","previousItem":{"@type":"ListItem","@id":"https:\/\/tabaccomd.com\/ro\/product-category\/cigarillos\/cigarillos-din-republica-dominicana\/#listItem","name":"Cigarillos din Republica Dominican\u0103"}}]},{"@type":"Organization","@id":"https:\/\/tabaccomd.com\/ro\/#organization","name":"Tabacco House","description":"\u041c\u0430\u0433\u0430\u0437\u0438\u043d \u0442\u0430\u0431\u0430\u0447\u043d\u044b\u0445 \u0438\u0437\u0434\u0435\u043b\u0438\u0439","url":"https:\/\/tabaccomd.com\/ro\/","email":"Office@cazacuhouse.com","telephone":"+37361000935","logo":{"@type":"ImageObject","url":"https:\/\/tabaccomd.com\/wp-content\/uploads\/2024\/02\/logo_header3.png","@id":"https:\/\/tabaccomd.com\/ro\/product\/tigarele-de-foi-davidoff-zino-platinum-xs\/#organizationLogo","width":32,"height":32,"caption":"Tabacco House"},"image":{"@id":"https:\/\/tabaccomd.com\/ro\/product\/tigarele-de-foi-davidoff-zino-platinum-xs\/#organizationLogo"},"sameAs":["https:\/\/www.facebook.com\/tabaccomd.com\/","https:\/\/www.instagram.com\/tabaccomd.com\/"],"address":{"@id":"https:\/\/tabaccomd.com\/ro\/#postaladdress","@type":"PostalAddress","streetAddress":"Strada Albi\u015foara 4, Chi\u0219in\u0103u, Bulevardul \u0218tefan cel Mare \u0219i Sf\u00eent 136, Chi\u0219in\u0103u","addressLocality":"Chi\u0219in\u0103u","addressCountry":"MD"}},{"@type":"Product","@id":"https:\/\/tabaccomd.com\/ro\/product\/tigarele-de-foi-davidoff-zino-platinum-xs\/#wooCommerceProduct","name":"\u021aigarele de foi Davidoff ZINO Platinum \"XS\"","url":"https:\/\/tabaccomd.com\/ro\/product\/tigarele-de-foi-davidoff-zino-platinum-xs\/","sku":"Davidoff ZINO Platinum \"XS\"","image":{"@type":"ImageObject","url":"https:\/\/tabaccomd.com\/wp-content\/uploads\/2020\/04\/e1f65dfd1db2fb04b75bc77c9ebadef5-600x600-1.jpg","@id":"https:\/\/tabaccomd.com\/ro\/product\/tigarele-de-foi-davidoff-zino-platinum-xs\/#productImage","width":600,"height":600,"caption":"\u0421\u0438\u0433\u0430\u0440\u0438\u043b\u043b\u044b Davidoff ZINO Platinum \"XS\""},"offers":{"@type":"Offer","url":"https:\/\/tabaccomd.com\/ro\/product\/tigarele-de-foi-davidoff-zino-platinum-xs\/#wooCommerceOffer","price":52,"priceCurrency":"MDL","category":"Cigarillos din Republica Dominican\u0103","availability":"https:\/\/schema.org\/OutOfStock","priceSpecification":{"@type":"PriceSpecification","price":52,"priceCurrency":"MDL","valueAddedTaxIncluded":"true"},"seller":{"@type":"Organization","@id":"https:\/\/tabaccomd.com\/ro\/#organization"}}},{"@type":"WebPage","@id":"https:\/\/tabaccomd.com\/ro\/product\/tigarele-de-foi-davidoff-zino-platinum-xs\/#webpage","url":"https:\/\/tabaccomd.com\/ro\/product\/tigarele-de-foi-davidoff-zino-platinum-xs\/","name":"\u021aigarele de foi Davidoff ZINO Platinum \u201eXS\u201d cump\u0103ra\u021bi \u00een Chi\u0219in\u0103u \u2b50 \u2013 Tabacco House","description":"Cigarille Davidoff ZINO Platinum \"XS\" \u00een Chi\u0219in\u0103u cu livrare. Site-ul nostru tabaccomd.com ofer\u0103 o gam\u0103 larg\u0103 de trabucuri, cigarillos, umidificatoare, ghilotine, brichete, chibrituri, chibrituri pentru trabucuri, scrumiere pentru trabucuri.\u2b50\u2b50\u2b50\u2b50\u2b50\u260e 061-000-935","inLanguage":"ro-RO","isPartOf":{"@id":"https:\/\/tabaccomd.com\/ro\/#website"},"breadcrumb":{"@id":"https:\/\/tabaccomd.com\/ro\/product\/tigarele-de-foi-davidoff-zino-platinum-xs\/#breadcrumblist"},"image":{"@type":"ImageObject","url":"https:\/\/tabaccomd.com\/wp-content\/uploads\/2020\/04\/e1f65dfd1db2fb04b75bc77c9ebadef5-600x600-1.jpg","@id":"https:\/\/tabaccomd.com\/ro\/product\/tigarele-de-foi-davidoff-zino-platinum-xs\/#mainImage","width":600,"height":600,"caption":"\u0421\u0438\u0433\u0430\u0440\u0438\u043b\u043b\u044b Davidoff ZINO Platinum \"XS\""},"primaryImageOfPage":{"@id":"https:\/\/tabaccomd.com\/ro\/product\/tigarele-de-foi-davidoff-zino-platinum-xs\/#mainImage"},"datePublished":"2020-04-28T13:17:57+03:00","dateModified":"2023-07-25T15:15:34+03:00"},{"@type":"WebSite","@id":"https:\/\/tabaccomd.com\/ro\/#website","url":"https:\/\/tabaccomd.com\/ro\/","name":"Tabacco House","alternateName":"tobaccomd.com","description":"\u041c\u0430\u0433\u0430\u0437\u0438\u043d \u0442\u0430\u0431\u0430\u0447\u043d\u044b\u0445 \u0438\u0437\u0434\u0435\u043b\u0438\u0439","inLanguage":"ro-RO","publisher":{"@id":"https:\/\/tabaccomd.com\/ro\/#organization"}}]},"og:locale":"ro_RO","og:site_name":"Tabacco House \u2013 \u041c\u0430\u0433\u0430\u0437\u0438\u043d \u0442\u0430\u0431\u0430\u0447\u043d\u044b\u0445 \u0438\u0437\u0434\u0435\u043b\u0438\u0439","og:type":"article","og:title":"\u021aigarele de foi Davidoff ZINO Platinum \u201eXS\u201d cump\u0103ra\u021bi \u00een Chi\u0219in\u0103u \u2b50 \u2013 Tabacco House","og:description":"Cigarille Davidoff ZINO Platinum &quot;XS&quot; \u00een Chi\u0219in\u0103u cu livrare. Site-ul nostru tabaccomd.com ofer\u0103 o gam\u0103 larg\u0103 de trabucuri, cigarillos, umidificatoare, ghilotine, brichete, chibrituri, chibrituri pentru trabucuri, scrumiere pentru trabucuri.\u2b50\u2b50\u2b50\u2b50\u2b50\u260e 061-000-935","og:url":"https:\/\/tabaccomd.com\/ro\/product\/tigarele-de-foi-davidoff-zino-platinum-xs\/","article:published_time":"2020-04-28T10:17:57+00:00","article:modified_time":"2023-07-25T12:15:34+00:00","article:publisher":"https:\/\/www.facebook.com\/tabaccomd.com\/","twitter:card":"summary_large_image","twitter:title":"\u021aigarele de foi Davidoff ZINO Platinum \u201eXS\u201d cump\u0103ra\u021bi \u00een Chi\u0219in\u0103u \u2b50 \u2013 Tabacco House","twitter:description":"Cigarille Davidoff ZINO Platinum &quot;XS&quot; \u00een Chi\u0219in\u0103u cu livrare. Site-ul nostru tabaccomd.com ofer\u0103 o gam\u0103 larg\u0103 de trabucuri, cigarillos, umidificatoare, ghilotine, brichete, chibrituri, chibrituri pentru trabucuri, scrumiere pentru trabucuri.\u2b50\u2b50\u2b50\u2b50\u2b50\u260e 061-000-935"},"aioseo_meta_data":{"post_id":"17005","title":"#post_title cump\u0103ra\u021bi \u00een Chi\u0219in\u0103u \u2b50 #separator_sa #site_title","description":"Cigarille Davidoff ZINO Platinum \"XS\" \u00een Chi\u0219in\u0103u cu livrare. Site-ul nostru tabaccomd.com ofer\u0103 o gam\u0103 larg\u0103 de trabucuri, cigarillos, umidificatoare, ghilotine, brichete, chibrituri, chibrituri pentru trabucuri, scrumiere pentru trabucuri.\u2b50\u2b50\u2b50\u2b50\u2b50\u260e 061-000-935","keywords":[],"keyphrases":{"focus":{"keyphrase":" Cigarille Davidoff ZINO Platinum \"XS\"","score":54,"analysis":{"keyphraseInTitle":{"score":3,"maxScore":9,"error":1},"keyphraseInDescription":{"score":9,"maxScore":9,"error":0},"keyphraseLength":{"score":6,"maxScore":9,"error":1,"length":5},"keyphraseInURL":{"score":1,"maxScore":5,"error":1},"keyphraseInIntroduction":{"score":3,"maxScore":9,"error":1},"keyphraseInSubHeadings":[],"keyphraseInImageAlt":[]}},"additional":[]},"primary_term":null,"canonical_url":null,"og_title":null,"og_description":null,"og_object_type":"default","og_image_type":"default","og_image_url":null,"og_image_width":null,"og_image_height":null,"og_image_custom_url":null,"og_image_custom_fields":null,"og_video":"","og_custom_url":null,"og_article_section":null,"og_article_tags":[],"twitter_use_og":false,"twitter_card":"default","twitter_image_type":"default","twitter_image_url":null,"twitter_image_custom_url":null,"twitter_image_custom_fields":null,"twitter_title":null,"twitter_description":null,"schema":{"blockGraphs":[],"customGraphs":[],"default":{"data":{"Article":[],"Course":[],"Dataset":[],"FAQPage":[],"Movie":[],"Person":[],"Product":[],"ProductReview":[],"Car":[],"Recipe":[],"Service":[],"SoftwareApplication":[],"WebPage":[]},"graphName":"ItemPage","isEnabled":true},"graphs":[]},"schema_type":"default","schema_type_options":null,"pillar_content":false,"robots_default":true,"robots_noindex":false,"robots_noarchive":false,"robots_nosnippet":false,"robots_nofollow":false,"robots_noimageindex":false,"robots_noodp":false,"robots_notranslate":false,"robots_max_snippet":"-1","robots_max_videopreview":"-1","robots_max_imagepreview":"large","priority":null,"frequency":"default","local_seo":null,"seo_analyzer_scan_date":"2025-10-19 14:28:06","breadcrumb_settings":null,"limit_modified_date":false,"reviewed_by":null,"open_ai":null,"ai":null,"created":"2023-03-30 15:16:37","updated":"2025-10-19 14:28:06"},"aioseo_breadcrumb":"<div class=\"aioseo-breadcrumbs\"><span class=\"aioseo-breadcrumb\">\n\t<a href=\"https:\/\/tabaccomd.com\/ro\/\" title=\"\u0413\u043b\u0430\u0432\u043d\u0430\u044f\">\u0413\u043b\u0430\u0432\u043d\u0430\u044f<\/a>\n<\/span><span class=\"aioseo-breadcrumb-separator\">\u00bb<\/span><span class=\"aioseo-breadcrumb\">\n\t<a href=\"https:\/\/tabaccomd.com\/ro\/catalog\/\" title=\"Catalog\">Catalog<\/a>\n<\/span><span class=\"aioseo-breadcrumb-separator\">\u00bb<\/span><span class=\"aioseo-breadcrumb\">\n\t<a href=\"https:\/\/tabaccomd.com\/ro\/product-category\/cigarillos\/\" title=\"Cigarillos\">Cigarillos<\/a>\n<\/span><span class=\"aioseo-breadcrumb-separator\">\u00bb<\/span><span class=\"aioseo-breadcrumb\">\n\t<a href=\"https:\/\/tabaccomd.com\/ro\/product-category\/cigarillos\/cigarillos-din-republica-dominicana\/\" title=\"Cigarillos din Republica Dominican\u0103\">Cigarillos din Republica Dominican\u0103<\/a>\n<\/span><span class=\"aioseo-breadcrumb-separator\">\u00bb<\/span><span class=\"aioseo-breadcrumb\">\n\t\u021aigarele de foi Davidoff ZINO Platinum \u201eXS\u201d\n<\/span><\/div>","aioseo_breadcrumb_json":[{"label":"\u0413\u043b\u0430\u0432\u043d\u0430\u044f","link":"https:\/\/tabaccomd.com\/ro\/"},{"label":"Catalog","link":"https:\/\/tabaccomd.com\/ro\/catalog\/"},{"label":"Cigarillos","link":"https:\/\/tabaccomd.com\/ro\/product-category\/cigarillos\/"},{"label":"Cigarillos din Republica Dominican\u0103","link":"https:\/\/tabaccomd.com\/ro\/product-category\/cigarillos\/cigarillos-din-republica-dominicana\/"},{"label":"\u021aigarele de foi Davidoff ZINO Platinum &#8222;XS&#8221;","link":"https:\/\/tabaccomd.com\/ro\/product\/tigarele-de-foi-davidoff-zino-platinum-xs\/"}],"images_for_1c":[{"url":"https:\/\/tabaccomd.com\/wp-content\/uploads\/2020\/04\/e1f65dfd1db2fb04b75bc77c9ebadef5-600x600-1.jpg","type":"featured","alt":" \u0421\u0438\u0433\u0430\u0440\u0438\u043b\u043b\u044b Davidoff ZINO Platinum \"XS\"","filename":"e1f65dfd1db2fb04b75bc77c9ebadef5-600x600-1.jpg"}],"additional_data_1c":{"modified_date":"2023-07-25 15:15:34","permalink":"https:\/\/tabaccomd.com\/ro\/product\/tigarele-de-foi-davidoff-zino-platinum-xs\/","stock_status":"outofstock","manage_stock":"no"},"_links":{"self":[{"href":"https:\/\/tabaccomd.com\/ro\/wp-json\/wp\/v2\/product\/17005","targetHints":{"allow":["GET"]}}],"collection":[{"href":"https:\/\/tabaccomd.com\/ro\/wp-json\/wp\/v2\/product"}],"about":[{"href":"https:\/\/tabaccomd.com\/ro\/wp-json\/wp\/v2\/types\/product"}],"wp:featuredmedia":[{"embeddable":true,"href":"https:\/\/tabaccomd.com\/ro\/wp-json\/wp\/v2\/media\/13160"}],"wp:attachment":[{"href":"https:\/\/tabaccomd.com\/ro\/wp-json\/wp\/v2\/media?parent=17005"}],"wp:term":[{"taxonomy":"product_brand","embeddable":true,"href":"https:\/\/tabaccomd.com\/ro\/wp-json\/wp\/v2\/product_brand?post=17005"},{"taxonomy":"product_cat","embeddable":true,"href":"https:\/\/tabaccomd.com\/ro\/wp-json\/wp\/v2\/product_cat?post=17005"},{"taxonomy":"product_tag","embeddable":true,"href":"https:\/\/tabaccomd.com\/ro\/wp-json\/wp\/v2\/product_tag?post=17005"}],"curies":[{"name":"wp","href":"https:\/\/api.w.org\/{rel}","templated":true}]}}