{"id":16990,"date":"2020-04-28T12:17:05","date_gmt":"2020-04-28T09:17:05","guid":{"rendered":"https:\/\/new124.tabaccomd.com\/product\/trabucuri-cuba-jose-l-piedra-cazadores\/"},"modified":"2020-04-28T12:17:05","modified_gmt":"2020-04-28T09:17:05","slug":"trabucuri-cuba-jose-l-piedra-cazadores","status":"publish","type":"product","link":"https:\/\/tabaccomd.com\/ro\/product\/trabucuri-cuba-jose-l-piedra-cazadores\/","title":{"rendered":"Trabucuri Cuba Jose L. Piedra Cazadores"},"content":{"rendered":"<div id=\"container\">\n<div id=\"container-inner\" class=\"wrapper clearafter\">\n<div id=\"content\">\n<div class=\"box\">\n<div id=\"tab-description\" class=\"tab-content\">\n<div>Jose L. Piedra Cazadores sunt vitoli cu rezisten\u021b\u0103 medie, cu rezisten\u021b\u0103 medie, \u00een formatul Cazador, calibru 43 inele, lungime de 15 cm. Sunt livrate \u00een pachete de carton din 5 buc\u0103\u021bi. Pline de arome tipice cubaneze, acestea sunt cu adev\u0103rat havane minunate, cu o valoare bun\u0103 pentru bani. Dac\u0103 sunte\u021bi \u00een c\u0103utarea unui trabuc bugetar \u0219i atr\u0103g\u0103tor pentru fiecare zi, Jose L. Piedra Cazadores este exact ceea ce v\u0103 trebuie. \u00cenainte de iluminare, \u00eenvelitoarea vitolei eman\u0103 aroma tutunului \u0219i a pielii. Arsura este pu\u021bin ondulat\u0103.<\/div>\n<div><\/div>\n<div>Prima treime: trabucul \u00eencepe cu note ierboase cu un indiciu de f\u00e2n.<\/div>\n<div><\/div>\n<div>Al treilea mijloc: aromele de tutun \u0219i piele dau loc unei atingeri de cafea amar\u0103 \u0219i ciocolat\u0103.<\/div>\n<div><\/div>\n<div>Ultima treime: un gust u\u0219or cald de crem\u0103 de cafea \u0219i stejar, nu foarte complex, dar are totu\u0219i gustul s\u0103u. Timpul de fumat al lui Jose L. Piedra Cazadores este \u00eentre 60 \u0219i 90 de minute.<\/div>\n<div><\/div>\n<div><\/div>\n<\/div>\n<\/div>\n<\/div>\n<\/div>\n<\/div>\n","protected":false},"excerpt":{"rendered":"<ul>\n<li>\u021aara: Cuba<\/li>\n<li>Produc\u0103tor: Fabrica De Tabacos<\/li>\n<li>Tarie: Medium<\/li>\n<li>Dimensiune: 133mm x 16mm<\/li>\n<li>Format: Brevas<\/li>\n<\/ul>\n","protected":false},"featured_media":119697,"template":"","meta":{"om_disable_all_campaigns":false,"_monsterinsights_skip_tracking":false,"_monsterinsights_sitenote_active":false,"_monsterinsights_sitenote_note":"","_monsterinsights_sitenote_category":0},"product_brand":[],"product_cat":[155],"product_tag":[],"class_list":{"0":"post-16990","1":"product","2":"type-product","3":"status-publish","4":"has-post-thumbnail","6":"product_cat-trabucuri-din-cuba","8":"first","9":"outofstock","10":"taxable","11":"shipping-taxable","12":"purchasable","13":"product-type-simple"},"aioseo_notices":[],"aioseo_head":"\n\t\t<!-- All in One SEO Pro 4.9.5.2 - aioseo.com -->\n\t<meta name=\"robots\" content=\"max-image-preview:large\" \/>\n\t<link rel=\"canonical\" href=\"https:\/\/tabaccomd.com\/ro\/product\/trabucuri-cuba-jose-l-piedra-cazadores\/\" \/>\n\t<meta name=\"generator\" content=\"All in One SEO Pro (AIOSEO) 4.9.5.2\" \/>\n\t\t<meta property=\"og:locale\" content=\"ro_RO\" \/>\n\t\t<meta property=\"og:site_name\" content=\"Tabacco House \u2013 \u041c\u0430\u0433\u0430\u0437\u0438\u043d \u0442\u0430\u0431\u0430\u0447\u043d\u044b\u0445 \u0438\u0437\u0434\u0435\u043b\u0438\u0439\" \/>\n\t\t<meta property=\"og:type\" content=\"article\" \/>\n\t\t<meta property=\"og:title\" content=\"Trabucuri Cuba Jose L. Piedra Cazadores \u2013 Tabacco House\" \/>\n\t\t<meta property=\"og:url\" content=\"https:\/\/tabaccomd.com\/ro\/product\/trabucuri-cuba-jose-l-piedra-cazadores\/\" \/>\n\t\t<meta property=\"article:published_time\" content=\"2020-04-28T09:17:05+00:00\" \/>\n\t\t<meta property=\"article:modified_time\" content=\"2020-04-28T09:17:05+00:00\" \/>\n\t\t<meta property=\"article:publisher\" content=\"https:\/\/www.facebook.com\/tabaccomd.com\/\" \/>\n\t\t<meta name=\"twitter:card\" content=\"summary_large_image\" \/>\n\t\t<meta name=\"twitter:title\" content=\"Trabucuri Cuba Jose L. Piedra Cazadores \u2013 Tabacco House\" \/>\n\t\t<script type=\"application\/ld+json\" class=\"aioseo-schema\">\n\t\t\t{\"@context\":\"https:\\\/\\\/schema.org\",\"@graph\":[{\"@type\":\"BreadcrumbList\",\"@id\":\"https:\\\/\\\/tabaccomd.com\\\/ro\\\/product\\\/trabucuri-cuba-jose-l-piedra-cazadores\\\/#breadcrumblist\",\"itemListElement\":[{\"@type\":\"ListItem\",\"@id\":\"https:\\\/\\\/tabaccomd.com\\\/ro\\\/#listItem\",\"position\":1,\"name\":\"\\u0413\\u043b\\u0430\\u0432\\u043d\\u0430\\u044f\",\"item\":\"https:\\\/\\\/tabaccomd.com\\\/ro\\\/\",\"nextItem\":{\"@type\":\"ListItem\",\"@id\":\"https:\\\/\\\/tabaccomd.com\\\/ro\\\/catalog\\\/#listItem\",\"name\":\"Catalog\"}},{\"@type\":\"ListItem\",\"@id\":\"https:\\\/\\\/tabaccomd.com\\\/ro\\\/catalog\\\/#listItem\",\"position\":2,\"name\":\"Catalog\",\"item\":\"https:\\\/\\\/tabaccomd.com\\\/ro\\\/catalog\\\/\",\"nextItem\":{\"@type\":\"ListItem\",\"@id\":\"https:\\\/\\\/tabaccomd.com\\\/ro\\\/product-category\\\/trabucuri\\\/#listItem\",\"name\":\"Trabucuri\"},\"previousItem\":{\"@type\":\"ListItem\",\"@id\":\"https:\\\/\\\/tabaccomd.com\\\/ro\\\/#listItem\",\"name\":\"\\u0413\\u043b\\u0430\\u0432\\u043d\\u0430\\u044f\"}},{\"@type\":\"ListItem\",\"@id\":\"https:\\\/\\\/tabaccomd.com\\\/ro\\\/product-category\\\/trabucuri\\\/#listItem\",\"position\":3,\"name\":\"Trabucuri\",\"item\":\"https:\\\/\\\/tabaccomd.com\\\/ro\\\/product-category\\\/trabucuri\\\/\",\"nextItem\":{\"@type\":\"ListItem\",\"@id\":\"https:\\\/\\\/tabaccomd.com\\\/ro\\\/product-category\\\/trabucuri\\\/trabucuri-din-cuba\\\/#listItem\",\"name\":\"Trabucuri din Cuba\"},\"previousItem\":{\"@type\":\"ListItem\",\"@id\":\"https:\\\/\\\/tabaccomd.com\\\/ro\\\/catalog\\\/#listItem\",\"name\":\"Catalog\"}},{\"@type\":\"ListItem\",\"@id\":\"https:\\\/\\\/tabaccomd.com\\\/ro\\\/product-category\\\/trabucuri\\\/trabucuri-din-cuba\\\/#listItem\",\"position\":4,\"name\":\"Trabucuri din Cuba\",\"item\":\"https:\\\/\\\/tabaccomd.com\\\/ro\\\/product-category\\\/trabucuri\\\/trabucuri-din-cuba\\\/\",\"nextItem\":{\"@type\":\"ListItem\",\"@id\":\"https:\\\/\\\/tabaccomd.com\\\/ro\\\/product\\\/trabucuri-cuba-jose-l-piedra-cazadores\\\/#listItem\",\"name\":\"Trabucuri Cuba Jose L. Piedra Cazadores\"},\"previousItem\":{\"@type\":\"ListItem\",\"@id\":\"https:\\\/\\\/tabaccomd.com\\\/ro\\\/product-category\\\/trabucuri\\\/#listItem\",\"name\":\"Trabucuri\"}},{\"@type\":\"ListItem\",\"@id\":\"https:\\\/\\\/tabaccomd.com\\\/ro\\\/product\\\/trabucuri-cuba-jose-l-piedra-cazadores\\\/#listItem\",\"position\":5,\"name\":\"Trabucuri Cuba Jose L. Piedra Cazadores\",\"previousItem\":{\"@type\":\"ListItem\",\"@id\":\"https:\\\/\\\/tabaccomd.com\\\/ro\\\/product-category\\\/trabucuri\\\/trabucuri-din-cuba\\\/#listItem\",\"name\":\"Trabucuri din Cuba\"}}]},{\"@type\":\"Organization\",\"@id\":\"https:\\\/\\\/tabaccomd.com\\\/ro\\\/#organization\",\"name\":\"Tabacco House\",\"description\":\"\\u041c\\u0430\\u0433\\u0430\\u0437\\u0438\\u043d \\u0442\\u0430\\u0431\\u0430\\u0447\\u043d\\u044b\\u0445 \\u0438\\u0437\\u0434\\u0435\\u043b\\u0438\\u0439\",\"url\":\"https:\\\/\\\/tabaccomd.com\\\/ro\\\/\",\"email\":\"Office@cazacuhouse.com\",\"telephone\":\"+37361000935\",\"logo\":{\"@type\":\"ImageObject\",\"url\":\"https:\\\/\\\/tabaccomd.com\\\/wp-content\\\/uploads\\\/2024\\\/02\\\/logo_header3.png\",\"@id\":\"https:\\\/\\\/tabaccomd.com\\\/ro\\\/product\\\/trabucuri-cuba-jose-l-piedra-cazadores\\\/#organizationLogo\",\"width\":32,\"height\":32,\"caption\":\"Tabacco House\"},\"image\":{\"@id\":\"https:\\\/\\\/tabaccomd.com\\\/ro\\\/product\\\/trabucuri-cuba-jose-l-piedra-cazadores\\\/#organizationLogo\"},\"sameAs\":[\"https:\\\/\\\/www.facebook.com\\\/tabaccomd.com\\\/\",\"https:\\\/\\\/www.instagram.com\\\/tabaccomd.com\\\/\"],\"address\":{\"@id\":\"https:\\\/\\\/tabaccomd.com\\\/ro\\\/#postaladdress\",\"@type\":\"PostalAddress\",\"streetAddress\":\"Strada Albi\\u015foara 4, Chi\\u0219in\\u0103u, Bulevardul \\u0218tefan cel Mare \\u0219i Sf\\u00eent 136, Chi\\u0219in\\u0103u\",\"addressLocality\":\"Chi\\u0219in\\u0103u\",\"addressCountry\":\"MD\"}},{\"@type\":\"Product\",\"@id\":\"https:\\\/\\\/tabaccomd.com\\\/ro\\\/product\\\/trabucuri-cuba-jose-l-piedra-cazadores\\\/#wooCommerceProduct\",\"name\":\"Trabucuri Cuba Jose L. Piedra Cazadores\",\"description\":\"\\u021aara: Cuba\\r\\n \\tProduc\\u0103tor: Fabrica De Tabacos\\r\\n \\tTarie: Medium\\r\\n \\tDimensiune: 133mm x 16mm\\r\\n \\tFormat: Brevas\",\"url\":\"https:\\\/\\\/tabaccomd.com\\\/ro\\\/product\\\/trabucuri-cuba-jose-l-piedra-cazadores\\\/\",\"sku\":\"Jose L. Piedra Cazadores\",\"image\":{\"@type\":\"ImageObject\",\"url\":\"https:\\\/\\\/tabaccomd.com\\\/wp-content\\\/uploads\\\/2020\\\/04\\\/jose_l_piedra_medium_filler_cheap_budget_mild_cuban_cigars_cazadores-1.jpg\",\"@id\":\"https:\\\/\\\/tabaccomd.com\\\/ro\\\/product\\\/trabucuri-cuba-jose-l-piedra-cazadores\\\/#productImage\",\"width\":1000,\"height\":1000},\"offers\":{\"@type\":\"Offer\",\"url\":\"https:\\\/\\\/tabaccomd.com\\\/ro\\\/product\\\/trabucuri-cuba-jose-l-piedra-cazadores\\\/#wooCommerceOffer\",\"price\":105,\"priceCurrency\":\"MDL\",\"category\":\"Trabucuri din Cuba\",\"availability\":\"https:\\\/\\\/schema.org\\\/OutOfStock\",\"priceSpecification\":{\"@type\":\"PriceSpecification\",\"price\":105,\"priceCurrency\":\"MDL\",\"valueAddedTaxIncluded\":\"true\"},\"seller\":{\"@type\":\"Organization\",\"@id\":\"https:\\\/\\\/tabaccomd.com\\\/ro\\\/#organization\"}}},{\"@type\":\"WebPage\",\"@id\":\"https:\\\/\\\/tabaccomd.com\\\/ro\\\/product\\\/trabucuri-cuba-jose-l-piedra-cazadores\\\/#webpage\",\"url\":\"https:\\\/\\\/tabaccomd.com\\\/ro\\\/product\\\/trabucuri-cuba-jose-l-piedra-cazadores\\\/\",\"name\":\"Trabucuri Cuba Jose L. Piedra Cazadores \\u2013 Tabacco House\",\"inLanguage\":\"ro-RO\",\"isPartOf\":{\"@id\":\"https:\\\/\\\/tabaccomd.com\\\/ro\\\/#website\"},\"breadcrumb\":{\"@id\":\"https:\\\/\\\/tabaccomd.com\\\/ro\\\/product\\\/trabucuri-cuba-jose-l-piedra-cazadores\\\/#breadcrumblist\"},\"image\":{\"@type\":\"ImageObject\",\"url\":\"https:\\\/\\\/tabaccomd.com\\\/wp-content\\\/uploads\\\/2020\\\/04\\\/jose_l_piedra_medium_filler_cheap_budget_mild_cuban_cigars_cazadores-1.jpg\",\"@id\":\"https:\\\/\\\/tabaccomd.com\\\/ro\\\/product\\\/trabucuri-cuba-jose-l-piedra-cazadores\\\/#mainImage\",\"width\":1000,\"height\":1000},\"primaryImageOfPage\":{\"@id\":\"https:\\\/\\\/tabaccomd.com\\\/ro\\\/product\\\/trabucuri-cuba-jose-l-piedra-cazadores\\\/#mainImage\"},\"datePublished\":\"2020-04-28T12:17:05+03:00\",\"dateModified\":\"2020-04-28T12:17:05+03:00\"},{\"@type\":\"WebSite\",\"@id\":\"https:\\\/\\\/tabaccomd.com\\\/ro\\\/#website\",\"url\":\"https:\\\/\\\/tabaccomd.com\\\/ro\\\/\",\"name\":\"Tabacco House\",\"alternateName\":\"tobaccomd.com\",\"description\":\"\\u041c\\u0430\\u0433\\u0430\\u0437\\u0438\\u043d \\u0442\\u0430\\u0431\\u0430\\u0447\\u043d\\u044b\\u0445 \\u0438\\u0437\\u0434\\u0435\\u043b\\u0438\\u0439\",\"inLanguage\":\"ro-RO\",\"publisher\":{\"@id\":\"https:\\\/\\\/tabaccomd.com\\\/ro\\\/#organization\"}}]}\n\t\t<\/script>\n\t\t<!-- All in One SEO Pro -->\r\n\t\t<title>Trabucuri Cuba Jose L. Piedra Cazadores \u2013 Tabacco House<\/title>\n\n","aioseo_head_json":{"title":"Trabucuri Cuba Jose L. Piedra Cazadores \u2013 Tabacco House","description":"","canonical_url":"https:\/\/tabaccomd.com\/ro\/product\/trabucuri-cuba-jose-l-piedra-cazadores\/","robots":"max-image-preview:large","keywords":"","webmasterTools":{"miscellaneous":""},"schema":{"@context":"https:\/\/schema.org","@graph":[{"@type":"BreadcrumbList","@id":"https:\/\/tabaccomd.com\/ro\/product\/trabucuri-cuba-jose-l-piedra-cazadores\/#breadcrumblist","itemListElement":[{"@type":"ListItem","@id":"https:\/\/tabaccomd.com\/ro\/#listItem","position":1,"name":"\u0413\u043b\u0430\u0432\u043d\u0430\u044f","item":"https:\/\/tabaccomd.com\/ro\/","nextItem":{"@type":"ListItem","@id":"https:\/\/tabaccomd.com\/ro\/catalog\/#listItem","name":"Catalog"}},{"@type":"ListItem","@id":"https:\/\/tabaccomd.com\/ro\/catalog\/#listItem","position":2,"name":"Catalog","item":"https:\/\/tabaccomd.com\/ro\/catalog\/","nextItem":{"@type":"ListItem","@id":"https:\/\/tabaccomd.com\/ro\/product-category\/trabucuri\/#listItem","name":"Trabucuri"},"previousItem":{"@type":"ListItem","@id":"https:\/\/tabaccomd.com\/ro\/#listItem","name":"\u0413\u043b\u0430\u0432\u043d\u0430\u044f"}},{"@type":"ListItem","@id":"https:\/\/tabaccomd.com\/ro\/product-category\/trabucuri\/#listItem","position":3,"name":"Trabucuri","item":"https:\/\/tabaccomd.com\/ro\/product-category\/trabucuri\/","nextItem":{"@type":"ListItem","@id":"https:\/\/tabaccomd.com\/ro\/product-category\/trabucuri\/trabucuri-din-cuba\/#listItem","name":"Trabucuri din Cuba"},"previousItem":{"@type":"ListItem","@id":"https:\/\/tabaccomd.com\/ro\/catalog\/#listItem","name":"Catalog"}},{"@type":"ListItem","@id":"https:\/\/tabaccomd.com\/ro\/product-category\/trabucuri\/trabucuri-din-cuba\/#listItem","position":4,"name":"Trabucuri din Cuba","item":"https:\/\/tabaccomd.com\/ro\/product-category\/trabucuri\/trabucuri-din-cuba\/","nextItem":{"@type":"ListItem","@id":"https:\/\/tabaccomd.com\/ro\/product\/trabucuri-cuba-jose-l-piedra-cazadores\/#listItem","name":"Trabucuri Cuba Jose L. Piedra Cazadores"},"previousItem":{"@type":"ListItem","@id":"https:\/\/tabaccomd.com\/ro\/product-category\/trabucuri\/#listItem","name":"Trabucuri"}},{"@type":"ListItem","@id":"https:\/\/tabaccomd.com\/ro\/product\/trabucuri-cuba-jose-l-piedra-cazadores\/#listItem","position":5,"name":"Trabucuri Cuba Jose L. Piedra Cazadores","previousItem":{"@type":"ListItem","@id":"https:\/\/tabaccomd.com\/ro\/product-category\/trabucuri\/trabucuri-din-cuba\/#listItem","name":"Trabucuri din Cuba"}}]},{"@type":"Organization","@id":"https:\/\/tabaccomd.com\/ro\/#organization","name":"Tabacco House","description":"\u041c\u0430\u0433\u0430\u0437\u0438\u043d \u0442\u0430\u0431\u0430\u0447\u043d\u044b\u0445 \u0438\u0437\u0434\u0435\u043b\u0438\u0439","url":"https:\/\/tabaccomd.com\/ro\/","email":"Office@cazacuhouse.com","telephone":"+37361000935","logo":{"@type":"ImageObject","url":"https:\/\/tabaccomd.com\/wp-content\/uploads\/2024\/02\/logo_header3.png","@id":"https:\/\/tabaccomd.com\/ro\/product\/trabucuri-cuba-jose-l-piedra-cazadores\/#organizationLogo","width":32,"height":32,"caption":"Tabacco House"},"image":{"@id":"https:\/\/tabaccomd.com\/ro\/product\/trabucuri-cuba-jose-l-piedra-cazadores\/#organizationLogo"},"sameAs":["https:\/\/www.facebook.com\/tabaccomd.com\/","https:\/\/www.instagram.com\/tabaccomd.com\/"],"address":{"@id":"https:\/\/tabaccomd.com\/ro\/#postaladdress","@type":"PostalAddress","streetAddress":"Strada Albi\u015foara 4, Chi\u0219in\u0103u, Bulevardul \u0218tefan cel Mare \u0219i Sf\u00eent 136, Chi\u0219in\u0103u","addressLocality":"Chi\u0219in\u0103u","addressCountry":"MD"}},{"@type":"Product","@id":"https:\/\/tabaccomd.com\/ro\/product\/trabucuri-cuba-jose-l-piedra-cazadores\/#wooCommerceProduct","name":"Trabucuri Cuba Jose L. Piedra Cazadores","description":"\u021aara: Cuba\r\n \tProduc\u0103tor: Fabrica De Tabacos\r\n \tTarie: Medium\r\n \tDimensiune: 133mm x 16mm\r\n \tFormat: Brevas","url":"https:\/\/tabaccomd.com\/ro\/product\/trabucuri-cuba-jose-l-piedra-cazadores\/","sku":"Jose L. Piedra Cazadores","image":{"@type":"ImageObject","url":"https:\/\/tabaccomd.com\/wp-content\/uploads\/2020\/04\/jose_l_piedra_medium_filler_cheap_budget_mild_cuban_cigars_cazadores-1.jpg","@id":"https:\/\/tabaccomd.com\/ro\/product\/trabucuri-cuba-jose-l-piedra-cazadores\/#productImage","width":1000,"height":1000},"offers":{"@type":"Offer","url":"https:\/\/tabaccomd.com\/ro\/product\/trabucuri-cuba-jose-l-piedra-cazadores\/#wooCommerceOffer","price":105,"priceCurrency":"MDL","category":"Trabucuri din Cuba","availability":"https:\/\/schema.org\/OutOfStock","priceSpecification":{"@type":"PriceSpecification","price":105,"priceCurrency":"MDL","valueAddedTaxIncluded":"true"},"seller":{"@type":"Organization","@id":"https:\/\/tabaccomd.com\/ro\/#organization"}}},{"@type":"WebPage","@id":"https:\/\/tabaccomd.com\/ro\/product\/trabucuri-cuba-jose-l-piedra-cazadores\/#webpage","url":"https:\/\/tabaccomd.com\/ro\/product\/trabucuri-cuba-jose-l-piedra-cazadores\/","name":"Trabucuri Cuba Jose L. Piedra Cazadores \u2013 Tabacco House","inLanguage":"ro-RO","isPartOf":{"@id":"https:\/\/tabaccomd.com\/ro\/#website"},"breadcrumb":{"@id":"https:\/\/tabaccomd.com\/ro\/product\/trabucuri-cuba-jose-l-piedra-cazadores\/#breadcrumblist"},"image":{"@type":"ImageObject","url":"https:\/\/tabaccomd.com\/wp-content\/uploads\/2020\/04\/jose_l_piedra_medium_filler_cheap_budget_mild_cuban_cigars_cazadores-1.jpg","@id":"https:\/\/tabaccomd.com\/ro\/product\/trabucuri-cuba-jose-l-piedra-cazadores\/#mainImage","width":1000,"height":1000},"primaryImageOfPage":{"@id":"https:\/\/tabaccomd.com\/ro\/product\/trabucuri-cuba-jose-l-piedra-cazadores\/#mainImage"},"datePublished":"2020-04-28T12:17:05+03:00","dateModified":"2020-04-28T12:17:05+03:00"},{"@type":"WebSite","@id":"https:\/\/tabaccomd.com\/ro\/#website","url":"https:\/\/tabaccomd.com\/ro\/","name":"Tabacco House","alternateName":"tobaccomd.com","description":"\u041c\u0430\u0433\u0430\u0437\u0438\u043d \u0442\u0430\u0431\u0430\u0447\u043d\u044b\u0445 \u0438\u0437\u0434\u0435\u043b\u0438\u0439","inLanguage":"ro-RO","publisher":{"@id":"https:\/\/tabaccomd.com\/ro\/#organization"}}]},"og:locale":"ro_RO","og:site_name":"Tabacco House \u2013 \u041c\u0430\u0433\u0430\u0437\u0438\u043d \u0442\u0430\u0431\u0430\u0447\u043d\u044b\u0445 \u0438\u0437\u0434\u0435\u043b\u0438\u0439","og:type":"article","og:title":"Trabucuri Cuba Jose L. Piedra Cazadores \u2013 Tabacco House","og:url":"https:\/\/tabaccomd.com\/ro\/product\/trabucuri-cuba-jose-l-piedra-cazadores\/","article:published_time":"2020-04-28T09:17:05+00:00","article:modified_time":"2020-04-28T09:17:05+00:00","article:publisher":"https:\/\/www.facebook.com\/tabaccomd.com\/","twitter:card":"summary_large_image","twitter:title":"Trabucuri Cuba Jose L. Piedra Cazadores \u2013 Tabacco House"},"aioseo_meta_data":{"post_id":"16990","title":null,"description":null,"keywords":null,"keyphrases":null,"primary_term":null,"canonical_url":null,"og_title":null,"og_description":null,"og_object_type":"default","og_image_type":"default","og_image_url":null,"og_image_width":null,"og_image_height":null,"og_image_custom_url":null,"og_image_custom_fields":null,"og_video":null,"og_custom_url":null,"og_article_section":null,"og_article_tags":null,"twitter_use_og":false,"twitter_card":"default","twitter_image_type":"default","twitter_image_url":null,"twitter_image_custom_url":null,"twitter_image_custom_fields":null,"twitter_title":null,"twitter_description":null,"schema":{"blockGraphs":[],"customGraphs":[],"default":{"data":{"Article":[],"Course":[],"Dataset":[],"FAQPage":[],"Movie":[],"Person":[],"Product":[],"ProductReview":[],"Car":[],"Recipe":[],"Service":[],"SoftwareApplication":[],"WebPage":[]},"graphName":"","isEnabled":true},"graphs":[]},"schema_type":"default","schema_type_options":null,"pillar_content":false,"robots_default":true,"robots_noindex":false,"robots_noarchive":false,"robots_nosnippet":false,"robots_nofollow":false,"robots_noimageindex":false,"robots_noodp":false,"robots_notranslate":false,"robots_max_snippet":null,"robots_max_videopreview":null,"robots_max_imagepreview":"large","priority":null,"frequency":null,"local_seo":null,"seo_analyzer_scan_date":"2025-10-19 14:22:39","breadcrumb_settings":null,"limit_modified_date":false,"reviewed_by":null,"open_ai":null,"ai":null,"created":"2023-03-30 15:16:37","updated":"2025-10-19 14:22:39"},"aioseo_breadcrumb":"<div class=\"aioseo-breadcrumbs\"><span class=\"aioseo-breadcrumb\">\n\t<a href=\"https:\/\/tabaccomd.com\/ro\/\" title=\"\u0413\u043b\u0430\u0432\u043d\u0430\u044f\">\u0413\u043b\u0430\u0432\u043d\u0430\u044f<\/a>\n<\/span><span class=\"aioseo-breadcrumb-separator\">\u00bb<\/span><span class=\"aioseo-breadcrumb\">\n\t<a href=\"https:\/\/tabaccomd.com\/ro\/catalog\/\" title=\"Catalog\">Catalog<\/a>\n<\/span><span class=\"aioseo-breadcrumb-separator\">\u00bb<\/span><span class=\"aioseo-breadcrumb\">\n\t<a href=\"https:\/\/tabaccomd.com\/ro\/product-category\/trabucuri\/\" title=\"Trabucuri\">Trabucuri<\/a>\n<\/span><span class=\"aioseo-breadcrumb-separator\">\u00bb<\/span><span class=\"aioseo-breadcrumb\">\n\t<a href=\"https:\/\/tabaccomd.com\/ro\/product-category\/trabucuri\/trabucuri-din-cuba\/\" title=\"Trabucuri din Cuba\">Trabucuri din Cuba<\/a>\n<\/span><span class=\"aioseo-breadcrumb-separator\">\u00bb<\/span><span class=\"aioseo-breadcrumb\">\n\tTrabucuri Cuba Jose L. Piedra Cazadores\n<\/span><\/div>","aioseo_breadcrumb_json":[{"label":"\u0413\u043b\u0430\u0432\u043d\u0430\u044f","link":"https:\/\/tabaccomd.com\/ro\/"},{"label":"Catalog","link":"https:\/\/tabaccomd.com\/ro\/catalog\/"},{"label":"Trabucuri","link":"https:\/\/tabaccomd.com\/ro\/product-category\/trabucuri\/"},{"label":"Trabucuri din Cuba","link":"https:\/\/tabaccomd.com\/ro\/product-category\/trabucuri\/trabucuri-din-cuba\/"},{"label":"Trabucuri Cuba Jose L. Piedra Cazadores","link":"https:\/\/tabaccomd.com\/ro\/product\/trabucuri-cuba-jose-l-piedra-cazadores\/"}],"images_for_1c":[{"url":"https:\/\/tabaccomd.com\/wp-content\/uploads\/2020\/04\/jose_l_piedra_medium_filler_cheap_budget_mild_cuban_cigars_cazadores-1.jpg","type":"featured","alt":"","filename":"jose_l_piedra_medium_filler_cheap_budget_mild_cuban_cigars_cazadores-1.jpg"}],"additional_data_1c":{"modified_date":"2020-04-28 12:17:05","permalink":"https:\/\/tabaccomd.com\/ro\/product\/trabucuri-cuba-jose-l-piedra-cazadores\/","stock_status":"outofstock","manage_stock":"no"},"_links":{"self":[{"href":"https:\/\/tabaccomd.com\/ro\/wp-json\/wp\/v2\/product\/16990","targetHints":{"allow":["GET"]}}],"collection":[{"href":"https:\/\/tabaccomd.com\/ro\/wp-json\/wp\/v2\/product"}],"about":[{"href":"https:\/\/tabaccomd.com\/ro\/wp-json\/wp\/v2\/types\/product"}],"wp:featuredmedia":[{"embeddable":true,"href":"https:\/\/tabaccomd.com\/ro\/wp-json\/wp\/v2\/media\/119697"}],"wp:attachment":[{"href":"https:\/\/tabaccomd.com\/ro\/wp-json\/wp\/v2\/media?parent=16990"}],"wp:term":[{"taxonomy":"product_brand","embeddable":true,"href":"https:\/\/tabaccomd.com\/ro\/wp-json\/wp\/v2\/product_brand?post=16990"},{"taxonomy":"product_cat","embeddable":true,"href":"https:\/\/tabaccomd.com\/ro\/wp-json\/wp\/v2\/product_cat?post=16990"},{"taxonomy":"product_tag","embeddable":true,"href":"https:\/\/tabaccomd.com\/ro\/wp-json\/wp\/v2\/product_tag?post=16990"}],"curies":[{"name":"wp","href":"https:\/\/api.w.org\/{rel}","templated":true}]}}