{"id":158618,"date":"2026-04-27T12:09:09","date_gmt":"2026-04-27T09:09:09","guid":{"rendered":"https:\/\/tabaccomd.com\/product\/trabucuri-jdn-flor-de-nicaragua-colorado-robusto-20\/"},"modified":"2026-04-27T12:09:09","modified_gmt":"2026-04-27T09:09:09","slug":"trabucuri-jdn-flor-de-nicaragua-colorado-robusto-20","status":"publish","type":"product","link":"https:\/\/tabaccomd.com\/ro\/product\/trabucuri-jdn-flor-de-nicaragua-colorado-robusto-20\/","title":{"rendered":"Trabucuri JDN Flor de Nicaragua Colorado Robusto 20"},"content":{"rendered":"<p data-start=\"0\" data-end=\"327\">Joya de Nicaragua Flor de Nicaragua Colorado Robusto este sunt trabucuri nicaraguane clasice, cu un caracter bogat, dar echilibrat, realizat \u00een popularul format Robusto. Acestea \u00eembin\u0103 tradi\u021bia brandului cu un profil armonios \u0219i accesibil, potrivit pentru utilizare zilnic\u0103. T\u0103ria este de nivel mediu, iar profilul aromatic se remarc\u0103 printr-o intensitate moderat\u0103 \u0219i expresiv\u0103. Se eviden\u021biaz\u0103 note de cedru, nuci, condimente \u0219i o dulcea\u021b\u0103 fin\u0103, completate de nuan\u021be de cafea \u0219i lemn. Fumul este dens, fin \u0219i bine echilibrat, cu o evolu\u021bie treptat\u0103 a gustului. Este o alegere potrivit\u0103 at\u00e2t pentru \u00eencep\u0103tori, c\u00e2t \u0219i pentru cunosc\u0103torii care caut\u0103 un trabuc nicaraguan pl\u0103cut \u0219i fiabil.<\/p>\n<p data-start=\"0\" data-end=\"327\">Pute\u021bi achizi\u021biona trabucurile JDN Flor de Nicaragua Colorado Robusto 20 \u00een Moldova, Chi\u0219in\u0103u, \u00een re\u021beaua de magazine Tabacco House.<\/p>\n","protected":false},"excerpt":{"rendered":"<ul>\n<li class=\"uncont\"><strong>Pre\u021b indicat pentru 20 de buc\u0103\u021bi<\/strong><\/li>\n<li class=\"uncont\">\u021aara produc\u0103torului: Nicaragua<\/li>\n<li class=\"uncont\">Produc\u0103tor: Joya de Nicaragua<\/li>\n<li class=\"uncont\">T\u0103rie: Medie<\/li>\n<li class=\"uncont\">Dimensiuni: 127 mm x 19,8 mm<\/li>\n<li class=\"uncont\">Format: Robusto<\/li>\n<\/ul>\n","protected":false},"featured_media":158608,"template":"","meta":{"om_disable_all_campaigns":false,"_monsterinsights_skip_tracking":false,"_monsterinsights_sitenote_active":false,"_monsterinsights_sitenote_note":"","_monsterinsights_sitenote_category":0},"product_brand":[],"product_cat":[475],"product_tag":[],"class_list":{"0":"post-158618","1":"product","2":"type-product","3":"status-publish","4":"has-post-thumbnail","6":"product_cat-trabucuri-din-nicaragua","8":"first","9":"instock","10":"taxable","11":"shipping-taxable","12":"purchasable","13":"product-type-simple"},"aioseo_notices":[],"aioseo_head":"\n\t\t<!-- All in One SEO Pro 4.9.6.2 - aioseo.com -->\n\t<meta name=\"robots\" content=\"max-image-preview:large\" \/>\n\t<link rel=\"canonical\" href=\"https:\/\/tabaccomd.com\/ro\/product\/trabucuri-jdn-flor-de-nicaragua-colorado-robusto-20\/\" \/>\n\t<meta name=\"generator\" content=\"All in One SEO Pro (AIOSEO) 4.9.6.2\" \/>\n\t\t<meta property=\"og:locale\" content=\"ro_RO\" \/>\n\t\t<meta property=\"og:site_name\" content=\"Tabacco House \u2013 \u041c\u0430\u0433\u0430\u0437\u0438\u043d \u0442\u0430\u0431\u0430\u0447\u043d\u044b\u0445 \u0438\u0437\u0434\u0435\u043b\u0438\u0439\" \/>\n\t\t<meta property=\"og:type\" content=\"article\" \/>\n\t\t<meta property=\"og:title\" content=\"Trabucuri JDN Flor de Nicaragua Colorado Robusto 20 \u2013 Tabacco House\" \/>\n\t\t<meta property=\"og:url\" content=\"https:\/\/tabaccomd.com\/ro\/product\/trabucuri-jdn-flor-de-nicaragua-colorado-robusto-20\/\" \/>\n\t\t<meta property=\"article:published_time\" content=\"2026-04-27T09:09:09+00:00\" \/>\n\t\t<meta property=\"article:modified_time\" content=\"2026-04-27T09:09:09+00:00\" \/>\n\t\t<meta property=\"article:publisher\" content=\"https:\/\/www.facebook.com\/tabaccomd.com\/\" \/>\n\t\t<meta name=\"twitter:card\" content=\"summary_large_image\" \/>\n\t\t<meta name=\"twitter:title\" content=\"Trabucuri JDN Flor de Nicaragua Colorado Robusto 20 \u2013 Tabacco House\" \/>\n\t\t<script type=\"application\/ld+json\" class=\"aioseo-schema\">\n\t\t\t{\"@context\":\"https:\\\/\\\/schema.org\",\"@graph\":[{\"@type\":\"BreadcrumbList\",\"@id\":\"https:\\\/\\\/tabaccomd.com\\\/ro\\\/product\\\/trabucuri-jdn-flor-de-nicaragua-colorado-robusto-20\\\/#breadcrumblist\",\"itemListElement\":[{\"@type\":\"ListItem\",\"@id\":\"https:\\\/\\\/tabaccomd.com\\\/ro\\\/#listItem\",\"position\":1,\"name\":\"\\u0413\\u043b\\u0430\\u0432\\u043d\\u0430\\u044f\",\"item\":\"https:\\\/\\\/tabaccomd.com\\\/ro\\\/\",\"nextItem\":{\"@type\":\"ListItem\",\"@id\":\"https:\\\/\\\/tabaccomd.com\\\/ro\\\/catalog\\\/#listItem\",\"name\":\"Catalog\"}},{\"@type\":\"ListItem\",\"@id\":\"https:\\\/\\\/tabaccomd.com\\\/ro\\\/catalog\\\/#listItem\",\"position\":2,\"name\":\"Catalog\",\"item\":\"https:\\\/\\\/tabaccomd.com\\\/ro\\\/catalog\\\/\",\"nextItem\":{\"@type\":\"ListItem\",\"@id\":\"https:\\\/\\\/tabaccomd.com\\\/ro\\\/product-category\\\/trabucuri\\\/#listItem\",\"name\":\"Trabucuri\"},\"previousItem\":{\"@type\":\"ListItem\",\"@id\":\"https:\\\/\\\/tabaccomd.com\\\/ro\\\/#listItem\",\"name\":\"\\u0413\\u043b\\u0430\\u0432\\u043d\\u0430\\u044f\"}},{\"@type\":\"ListItem\",\"@id\":\"https:\\\/\\\/tabaccomd.com\\\/ro\\\/product-category\\\/trabucuri\\\/#listItem\",\"position\":3,\"name\":\"Trabucuri\",\"item\":\"https:\\\/\\\/tabaccomd.com\\\/ro\\\/product-category\\\/trabucuri\\\/\",\"nextItem\":{\"@type\":\"ListItem\",\"@id\":\"https:\\\/\\\/tabaccomd.com\\\/ro\\\/product-category\\\/trabucuri\\\/trabucuri-din-nicaragua\\\/#listItem\",\"name\":\"Trabucuri din Nicaragua\"},\"previousItem\":{\"@type\":\"ListItem\",\"@id\":\"https:\\\/\\\/tabaccomd.com\\\/ro\\\/catalog\\\/#listItem\",\"name\":\"Catalog\"}},{\"@type\":\"ListItem\",\"@id\":\"https:\\\/\\\/tabaccomd.com\\\/ro\\\/product-category\\\/trabucuri\\\/trabucuri-din-nicaragua\\\/#listItem\",\"position\":4,\"name\":\"Trabucuri din Nicaragua\",\"item\":\"https:\\\/\\\/tabaccomd.com\\\/ro\\\/product-category\\\/trabucuri\\\/trabucuri-din-nicaragua\\\/\",\"nextItem\":{\"@type\":\"ListItem\",\"@id\":\"https:\\\/\\\/tabaccomd.com\\\/ro\\\/product\\\/trabucuri-jdn-flor-de-nicaragua-colorado-robusto-20\\\/#listItem\",\"name\":\"Trabucuri JDN Flor de Nicaragua Colorado Robusto 20\"},\"previousItem\":{\"@type\":\"ListItem\",\"@id\":\"https:\\\/\\\/tabaccomd.com\\\/ro\\\/product-category\\\/trabucuri\\\/#listItem\",\"name\":\"Trabucuri\"}},{\"@type\":\"ListItem\",\"@id\":\"https:\\\/\\\/tabaccomd.com\\\/ro\\\/product\\\/trabucuri-jdn-flor-de-nicaragua-colorado-robusto-20\\\/#listItem\",\"position\":5,\"name\":\"Trabucuri JDN Flor de Nicaragua Colorado Robusto 20\",\"previousItem\":{\"@type\":\"ListItem\",\"@id\":\"https:\\\/\\\/tabaccomd.com\\\/ro\\\/product-category\\\/trabucuri\\\/trabucuri-din-nicaragua\\\/#listItem\",\"name\":\"Trabucuri din Nicaragua\"}}]},{\"@type\":\"Organization\",\"@id\":\"https:\\\/\\\/tabaccomd.com\\\/ro\\\/#organization\",\"name\":\"Tabacco House\",\"description\":\"\\u041c\\u0430\\u0433\\u0430\\u0437\\u0438\\u043d \\u0442\\u0430\\u0431\\u0430\\u0447\\u043d\\u044b\\u0445 \\u0438\\u0437\\u0434\\u0435\\u043b\\u0438\\u0439\",\"url\":\"https:\\\/\\\/tabaccomd.com\\\/ro\\\/\",\"email\":\"Office@cazacuhouse.com\",\"telephone\":\"+37361000935\",\"logo\":{\"@type\":\"ImageObject\",\"url\":\"https:\\\/\\\/tabaccomd.com\\\/wp-content\\\/uploads\\\/2024\\\/02\\\/logo_header3.png\",\"@id\":\"https:\\\/\\\/tabaccomd.com\\\/ro\\\/product\\\/trabucuri-jdn-flor-de-nicaragua-colorado-robusto-20\\\/#organizationLogo\",\"width\":32,\"height\":32,\"caption\":\"Tabacco House\"},\"image\":{\"@id\":\"https:\\\/\\\/tabaccomd.com\\\/ro\\\/product\\\/trabucuri-jdn-flor-de-nicaragua-colorado-robusto-20\\\/#organizationLogo\"},\"sameAs\":[\"https:\\\/\\\/www.facebook.com\\\/tabaccomd.com\\\/\",\"https:\\\/\\\/www.instagram.com\\\/tabaccomd.com\\\/\"],\"address\":{\"@id\":\"https:\\\/\\\/tabaccomd.com\\\/ro\\\/#postaladdress\",\"@type\":\"PostalAddress\",\"streetAddress\":\"Strada Albi\\u015foara 4, Chi\\u0219in\\u0103u, Bulevardul \\u0218tefan cel Mare \\u0219i Sf\\u00eent 136, Chi\\u0219in\\u0103u\",\"addressLocality\":\"Chi\\u0219in\\u0103u\",\"addressCountry\":\"MD\"}},{\"@type\":\"Product\",\"@id\":\"https:\\\/\\\/tabaccomd.com\\\/ro\\\/product\\\/trabucuri-jdn-flor-de-nicaragua-colorado-robusto-20\\\/#wooCommerceProduct\",\"name\":\"Trabucuri JDN Flor de Nicaragua Colorado Robusto 20\",\"description\":\"Pre\\u021b indicat pentru 20 de buc\\u0103\\u021bi\\r\\n \\t\\u021aara produc\\u0103torului: Nicaragua\\r\\n \\tProduc\\u0103tor: Joya de Nicaragua\\r\\n \\tT\\u0103rie: Medie\\r\\n \\tDimensiuni: 127 mm x 19,8 mm\\r\\n \\tFormat: Robusto\",\"url\":\"https:\\\/\\\/tabaccomd.com\\\/ro\\\/product\\\/trabucuri-jdn-flor-de-nicaragua-colorado-robusto-20\\\/\",\"sku\":\"PT420290220FNC\",\"image\":{\"@type\":\"ImageObject\",\"url\":\"https:\\\/\\\/tabaccomd.com\\\/wp-content\\\/uploads\\\/2026\\\/04\\\/JDN-Flor-de-Nicaragua-Colorado-Robusto-cigars-3.jpg\",\"@id\":\"https:\\\/\\\/tabaccomd.com\\\/ro\\\/product\\\/trabucuri-jdn-flor-de-nicaragua-colorado-robusto-20\\\/#productImage\",\"width\":1200,\"height\":1200,\"caption\":\"JDN-Flor-de-Nicaragua-Colorado-Robusto-cigars-3\"},\"offers\":{\"@type\":\"Offer\",\"url\":\"https:\\\/\\\/tabaccomd.com\\\/ro\\\/product\\\/trabucuri-jdn-flor-de-nicaragua-colorado-robusto-20\\\/#wooCommerceOffer\",\"price\":2200,\"priceCurrency\":\"MDL\",\"category\":\"Trabucuri din Nicaragua\",\"availability\":\"https:\\\/\\\/schema.org\\\/InStock\",\"priceSpecification\":{\"@type\":\"PriceSpecification\",\"price\":2200,\"priceCurrency\":\"MDL\",\"valueAddedTaxIncluded\":\"true\"},\"seller\":{\"@type\":\"Organization\",\"@id\":\"https:\\\/\\\/tabaccomd.com\\\/ro\\\/#organization\"}}},{\"@type\":\"WebPage\",\"@id\":\"https:\\\/\\\/tabaccomd.com\\\/ro\\\/product\\\/trabucuri-jdn-flor-de-nicaragua-colorado-robusto-20\\\/#webpage\",\"url\":\"https:\\\/\\\/tabaccomd.com\\\/ro\\\/product\\\/trabucuri-jdn-flor-de-nicaragua-colorado-robusto-20\\\/\",\"name\":\"Trabucuri JDN Flor de Nicaragua Colorado Robusto 20 \\u2013 Tabacco House\",\"inLanguage\":\"ro-RO\",\"isPartOf\":{\"@id\":\"https:\\\/\\\/tabaccomd.com\\\/ro\\\/#website\"},\"breadcrumb\":{\"@id\":\"https:\\\/\\\/tabaccomd.com\\\/ro\\\/product\\\/trabucuri-jdn-flor-de-nicaragua-colorado-robusto-20\\\/#breadcrumblist\"},\"image\":{\"@type\":\"ImageObject\",\"url\":\"https:\\\/\\\/tabaccomd.com\\\/wp-content\\\/uploads\\\/2026\\\/04\\\/JDN-Flor-de-Nicaragua-Colorado-Robusto-cigars-3.jpg\",\"@id\":\"https:\\\/\\\/tabaccomd.com\\\/ro\\\/product\\\/trabucuri-jdn-flor-de-nicaragua-colorado-robusto-20\\\/#mainImage\",\"width\":1200,\"height\":1200,\"caption\":\"JDN-Flor-de-Nicaragua-Colorado-Robusto-cigars-3\"},\"primaryImageOfPage\":{\"@id\":\"https:\\\/\\\/tabaccomd.com\\\/ro\\\/product\\\/trabucuri-jdn-flor-de-nicaragua-colorado-robusto-20\\\/#mainImage\"},\"datePublished\":\"2026-04-27T12:09:09+03:00\",\"dateModified\":\"2026-04-27T12:09:09+03:00\"},{\"@type\":\"WebSite\",\"@id\":\"https:\\\/\\\/tabaccomd.com\\\/ro\\\/#website\",\"url\":\"https:\\\/\\\/tabaccomd.com\\\/ro\\\/\",\"name\":\"Tabacco House\",\"alternateName\":\"tobaccomd.com\",\"description\":\"\\u041c\\u0430\\u0433\\u0430\\u0437\\u0438\\u043d \\u0442\\u0430\\u0431\\u0430\\u0447\\u043d\\u044b\\u0445 \\u0438\\u0437\\u0434\\u0435\\u043b\\u0438\\u0439\",\"inLanguage\":\"ro-RO\",\"publisher\":{\"@id\":\"https:\\\/\\\/tabaccomd.com\\\/ro\\\/#organization\"}}]}\n\t\t<\/script>\n\t\t<!-- All in One SEO Pro -->\r\n\t\t<title>Trabucuri JDN Flor de Nicaragua Colorado Robusto 20 \u2013 Tabacco House<\/title>\n\n","aioseo_head_json":{"title":"Trabucuri JDN Flor de Nicaragua Colorado Robusto 20 \u2013 Tabacco House","description":"","canonical_url":"https:\/\/tabaccomd.com\/ro\/product\/trabucuri-jdn-flor-de-nicaragua-colorado-robusto-20\/","robots":"max-image-preview:large","keywords":"","webmasterTools":{"miscellaneous":""},"schema":{"@context":"https:\/\/schema.org","@graph":[{"@type":"BreadcrumbList","@id":"https:\/\/tabaccomd.com\/ro\/product\/trabucuri-jdn-flor-de-nicaragua-colorado-robusto-20\/#breadcrumblist","itemListElement":[{"@type":"ListItem","@id":"https:\/\/tabaccomd.com\/ro\/#listItem","position":1,"name":"\u0413\u043b\u0430\u0432\u043d\u0430\u044f","item":"https:\/\/tabaccomd.com\/ro\/","nextItem":{"@type":"ListItem","@id":"https:\/\/tabaccomd.com\/ro\/catalog\/#listItem","name":"Catalog"}},{"@type":"ListItem","@id":"https:\/\/tabaccomd.com\/ro\/catalog\/#listItem","position":2,"name":"Catalog","item":"https:\/\/tabaccomd.com\/ro\/catalog\/","nextItem":{"@type":"ListItem","@id":"https:\/\/tabaccomd.com\/ro\/product-category\/trabucuri\/#listItem","name":"Trabucuri"},"previousItem":{"@type":"ListItem","@id":"https:\/\/tabaccomd.com\/ro\/#listItem","name":"\u0413\u043b\u0430\u0432\u043d\u0430\u044f"}},{"@type":"ListItem","@id":"https:\/\/tabaccomd.com\/ro\/product-category\/trabucuri\/#listItem","position":3,"name":"Trabucuri","item":"https:\/\/tabaccomd.com\/ro\/product-category\/trabucuri\/","nextItem":{"@type":"ListItem","@id":"https:\/\/tabaccomd.com\/ro\/product-category\/trabucuri\/trabucuri-din-nicaragua\/#listItem","name":"Trabucuri din Nicaragua"},"previousItem":{"@type":"ListItem","@id":"https:\/\/tabaccomd.com\/ro\/catalog\/#listItem","name":"Catalog"}},{"@type":"ListItem","@id":"https:\/\/tabaccomd.com\/ro\/product-category\/trabucuri\/trabucuri-din-nicaragua\/#listItem","position":4,"name":"Trabucuri din Nicaragua","item":"https:\/\/tabaccomd.com\/ro\/product-category\/trabucuri\/trabucuri-din-nicaragua\/","nextItem":{"@type":"ListItem","@id":"https:\/\/tabaccomd.com\/ro\/product\/trabucuri-jdn-flor-de-nicaragua-colorado-robusto-20\/#listItem","name":"Trabucuri JDN Flor de Nicaragua Colorado Robusto 20"},"previousItem":{"@type":"ListItem","@id":"https:\/\/tabaccomd.com\/ro\/product-category\/trabucuri\/#listItem","name":"Trabucuri"}},{"@type":"ListItem","@id":"https:\/\/tabaccomd.com\/ro\/product\/trabucuri-jdn-flor-de-nicaragua-colorado-robusto-20\/#listItem","position":5,"name":"Trabucuri JDN Flor de Nicaragua Colorado Robusto 20","previousItem":{"@type":"ListItem","@id":"https:\/\/tabaccomd.com\/ro\/product-category\/trabucuri\/trabucuri-din-nicaragua\/#listItem","name":"Trabucuri din Nicaragua"}}]},{"@type":"Organization","@id":"https:\/\/tabaccomd.com\/ro\/#organization","name":"Tabacco House","description":"\u041c\u0430\u0433\u0430\u0437\u0438\u043d \u0442\u0430\u0431\u0430\u0447\u043d\u044b\u0445 \u0438\u0437\u0434\u0435\u043b\u0438\u0439","url":"https:\/\/tabaccomd.com\/ro\/","email":"Office@cazacuhouse.com","telephone":"+37361000935","logo":{"@type":"ImageObject","url":"https:\/\/tabaccomd.com\/wp-content\/uploads\/2024\/02\/logo_header3.png","@id":"https:\/\/tabaccomd.com\/ro\/product\/trabucuri-jdn-flor-de-nicaragua-colorado-robusto-20\/#organizationLogo","width":32,"height":32,"caption":"Tabacco House"},"image":{"@id":"https:\/\/tabaccomd.com\/ro\/product\/trabucuri-jdn-flor-de-nicaragua-colorado-robusto-20\/#organizationLogo"},"sameAs":["https:\/\/www.facebook.com\/tabaccomd.com\/","https:\/\/www.instagram.com\/tabaccomd.com\/"],"address":{"@id":"https:\/\/tabaccomd.com\/ro\/#postaladdress","@type":"PostalAddress","streetAddress":"Strada Albi\u015foara 4, Chi\u0219in\u0103u, Bulevardul \u0218tefan cel Mare \u0219i Sf\u00eent 136, Chi\u0219in\u0103u","addressLocality":"Chi\u0219in\u0103u","addressCountry":"MD"}},{"@type":"Product","@id":"https:\/\/tabaccomd.com\/ro\/product\/trabucuri-jdn-flor-de-nicaragua-colorado-robusto-20\/#wooCommerceProduct","name":"Trabucuri JDN Flor de Nicaragua Colorado Robusto 20","description":"Pre\u021b indicat pentru 20 de buc\u0103\u021bi\r\n \t\u021aara produc\u0103torului: Nicaragua\r\n \tProduc\u0103tor: Joya de Nicaragua\r\n \tT\u0103rie: Medie\r\n \tDimensiuni: 127 mm x 19,8 mm\r\n \tFormat: Robusto","url":"https:\/\/tabaccomd.com\/ro\/product\/trabucuri-jdn-flor-de-nicaragua-colorado-robusto-20\/","sku":"PT420290220FNC","image":{"@type":"ImageObject","url":"https:\/\/tabaccomd.com\/wp-content\/uploads\/2026\/04\/JDN-Flor-de-Nicaragua-Colorado-Robusto-cigars-3.jpg","@id":"https:\/\/tabaccomd.com\/ro\/product\/trabucuri-jdn-flor-de-nicaragua-colorado-robusto-20\/#productImage","width":1200,"height":1200,"caption":"JDN-Flor-de-Nicaragua-Colorado-Robusto-cigars-3"},"offers":{"@type":"Offer","url":"https:\/\/tabaccomd.com\/ro\/product\/trabucuri-jdn-flor-de-nicaragua-colorado-robusto-20\/#wooCommerceOffer","price":2200,"priceCurrency":"MDL","category":"Trabucuri din Nicaragua","availability":"https:\/\/schema.org\/InStock","priceSpecification":{"@type":"PriceSpecification","price":2200,"priceCurrency":"MDL","valueAddedTaxIncluded":"true"},"seller":{"@type":"Organization","@id":"https:\/\/tabaccomd.com\/ro\/#organization"}}},{"@type":"WebPage","@id":"https:\/\/tabaccomd.com\/ro\/product\/trabucuri-jdn-flor-de-nicaragua-colorado-robusto-20\/#webpage","url":"https:\/\/tabaccomd.com\/ro\/product\/trabucuri-jdn-flor-de-nicaragua-colorado-robusto-20\/","name":"Trabucuri JDN Flor de Nicaragua Colorado Robusto 20 \u2013 Tabacco House","inLanguage":"ro-RO","isPartOf":{"@id":"https:\/\/tabaccomd.com\/ro\/#website"},"breadcrumb":{"@id":"https:\/\/tabaccomd.com\/ro\/product\/trabucuri-jdn-flor-de-nicaragua-colorado-robusto-20\/#breadcrumblist"},"image":{"@type":"ImageObject","url":"https:\/\/tabaccomd.com\/wp-content\/uploads\/2026\/04\/JDN-Flor-de-Nicaragua-Colorado-Robusto-cigars-3.jpg","@id":"https:\/\/tabaccomd.com\/ro\/product\/trabucuri-jdn-flor-de-nicaragua-colorado-robusto-20\/#mainImage","width":1200,"height":1200,"caption":"JDN-Flor-de-Nicaragua-Colorado-Robusto-cigars-3"},"primaryImageOfPage":{"@id":"https:\/\/tabaccomd.com\/ro\/product\/trabucuri-jdn-flor-de-nicaragua-colorado-robusto-20\/#mainImage"},"datePublished":"2026-04-27T12:09:09+03:00","dateModified":"2026-04-27T12:09:09+03:00"},{"@type":"WebSite","@id":"https:\/\/tabaccomd.com\/ro\/#website","url":"https:\/\/tabaccomd.com\/ro\/","name":"Tabacco House","alternateName":"tobaccomd.com","description":"\u041c\u0430\u0433\u0430\u0437\u0438\u043d \u0442\u0430\u0431\u0430\u0447\u043d\u044b\u0445 \u0438\u0437\u0434\u0435\u043b\u0438\u0439","inLanguage":"ro-RO","publisher":{"@id":"https:\/\/tabaccomd.com\/ro\/#organization"}}]},"og:locale":"ro_RO","og:site_name":"Tabacco House \u2013 \u041c\u0430\u0433\u0430\u0437\u0438\u043d \u0442\u0430\u0431\u0430\u0447\u043d\u044b\u0445 \u0438\u0437\u0434\u0435\u043b\u0438\u0439","og:type":"article","og:title":"Trabucuri JDN Flor de Nicaragua Colorado Robusto 20 \u2013 Tabacco House","og:url":"https:\/\/tabaccomd.com\/ro\/product\/trabucuri-jdn-flor-de-nicaragua-colorado-robusto-20\/","article:published_time":"2026-04-27T09:09:09+00:00","article:modified_time":"2026-04-27T09:09:09+00:00","article:publisher":"https:\/\/www.facebook.com\/tabaccomd.com\/","twitter:card":"summary_large_image","twitter:title":"Trabucuri JDN Flor de Nicaragua Colorado Robusto 20 \u2013 Tabacco House"},"aioseo_meta_data":{"post_id":"158618","title":null,"description":null,"keywords":null,"keyphrases":null,"primary_term":null,"canonical_url":null,"og_title":null,"og_description":null,"og_object_type":"default","og_image_type":"default","og_image_url":null,"og_image_width":null,"og_image_height":null,"og_image_custom_url":null,"og_image_custom_fields":null,"og_video":null,"og_custom_url":null,"og_article_section":null,"og_article_tags":null,"twitter_use_og":false,"twitter_card":"default","twitter_image_type":"default","twitter_image_url":null,"twitter_image_custom_url":null,"twitter_image_custom_fields":null,"twitter_title":null,"twitter_description":null,"schema":{"blockGraphs":[],"customGraphs":[],"default":{"data":{"Article":[],"Course":[],"Dataset":[],"FAQPage":[],"Movie":[],"Person":[],"Product":[],"ProductReview":[],"Car":[],"Recipe":[],"Service":[],"SoftwareApplication":[],"WebPage":[]},"graphName":"","isEnabled":true},"graphs":[]},"schema_type":"default","schema_type_options":null,"pillar_content":false,"robots_default":true,"robots_noindex":false,"robots_noarchive":false,"robots_nosnippet":false,"robots_nofollow":false,"robots_noimageindex":false,"robots_noodp":false,"robots_notranslate":false,"robots_max_snippet":null,"robots_max_videopreview":null,"robots_max_imagepreview":"large","priority":null,"frequency":null,"local_seo":null,"seo_analyzer_scan_date":null,"breadcrumb_settings":null,"limit_modified_date":false,"reviewed_by":null,"open_ai":null,"ai":null,"created":"2026-04-27 09:23:29","updated":"2026-04-27 10:23:07"},"aioseo_breadcrumb":"<div class=\"aioseo-breadcrumbs\"><span class=\"aioseo-breadcrumb\">\n\t<a href=\"https:\/\/tabaccomd.com\/ro\/\" title=\"\u0413\u043b\u0430\u0432\u043d\u0430\u044f\">\u0413\u043b\u0430\u0432\u043d\u0430\u044f<\/a>\n<\/span><span class=\"aioseo-breadcrumb-separator\">\u00bb<\/span><span class=\"aioseo-breadcrumb\">\n\t<a href=\"https:\/\/tabaccomd.com\/ro\/catalog\/\" title=\"Catalog\">Catalog<\/a>\n<\/span><span class=\"aioseo-breadcrumb-separator\">\u00bb<\/span><span class=\"aioseo-breadcrumb\">\n\t<a href=\"https:\/\/tabaccomd.com\/ro\/product-category\/trabucuri\/\" title=\"Trabucuri\">Trabucuri<\/a>\n<\/span><span class=\"aioseo-breadcrumb-separator\">\u00bb<\/span><span class=\"aioseo-breadcrumb\">\n\t<a href=\"https:\/\/tabaccomd.com\/ro\/product-category\/trabucuri\/trabucuri-din-nicaragua\/\" title=\"Trabucuri din Nicaragua\">Trabucuri din Nicaragua<\/a>\n<\/span><span class=\"aioseo-breadcrumb-separator\">\u00bb<\/span><span class=\"aioseo-breadcrumb\">\n\tTrabucuri JDN Flor de Nicaragua Colorado Robusto 20\n<\/span><\/div>","aioseo_breadcrumb_json":[{"label":"\u0413\u043b\u0430\u0432\u043d\u0430\u044f","link":"https:\/\/tabaccomd.com\/ro\/"},{"label":"Catalog","link":"https:\/\/tabaccomd.com\/ro\/catalog\/"},{"label":"Trabucuri","link":"https:\/\/tabaccomd.com\/ro\/product-category\/trabucuri\/"},{"label":"Trabucuri din Nicaragua","link":"https:\/\/tabaccomd.com\/ro\/product-category\/trabucuri\/trabucuri-din-nicaragua\/"},{"label":"Trabucuri JDN Flor de Nicaragua Colorado Robusto 20","link":"https:\/\/tabaccomd.com\/ro\/product\/trabucuri-jdn-flor-de-nicaragua-colorado-robusto-20\/"}],"images_for_1c":[{"url":"https:\/\/tabaccomd.com\/wp-content\/uploads\/2026\/04\/JDN-Flor-de-Nicaragua-Colorado-Robusto-cigars-3.jpg","type":"featured","alt":"JDN-Flor-de-Nicaragua-Colorado-Robusto-cigars-3","filename":"JDN-Flor-de-Nicaragua-Colorado-Robusto-cigars-3.jpg"},{"url":"https:\/\/tabaccomd.com\/wp-content\/uploads\/2026\/04\/JDN-Flor-de-Nicaragua-Colorado-Robusto-cigars-1.jpg","type":"gallery","alt":"JDN-Flor-de-Nicaragua-Colorado-Robusto-cigars-1","filename":"JDN-Flor-de-Nicaragua-Colorado-Robusto-cigars-1.jpg"},{"url":"https:\/\/tabaccomd.com\/wp-content\/uploads\/2026\/04\/JDN-Flor-de-Nicaragua-Colorado-Robusto-cigars-0.jpg","type":"gallery","alt":"JDN-Flor-de-Nicaragua-Colorado-Robusto-cigars-0","filename":"JDN-Flor-de-Nicaragua-Colorado-Robusto-cigars-0.jpg"},{"url":"https:\/\/tabaccomd.com\/wp-content\/uploads\/2026\/04\/JDN-Flor-de-Nicaragua-Colorado-Robusto-cigars-2.jpg","type":"gallery","alt":"JDN-Flor-de-Nicaragua-Colorado-Robusto-cigars-2","filename":"JDN-Flor-de-Nicaragua-Colorado-Robusto-cigars-2.jpg"},{"url":"https:\/\/tabaccomd.com\/wp-content\/uploads\/2026\/04\/JDN-Flor-de-Nicaragua-Colorado-Robusto-cigars.JPG","type":"gallery","alt":"JDN-Flor-de-Nicaragua-Colorado-Robusto-cigars","filename":"JDN-Flor-de-Nicaragua-Colorado-Robusto-cigars.JPG"}],"additional_data_1c":{"modified_date":"2026-04-27 12:09:09","permalink":"https:\/\/tabaccomd.com\/ro\/product\/trabucuri-jdn-flor-de-nicaragua-colorado-robusto-20\/","stock_status":"instock","manage_stock":"no"},"_links":{"self":[{"href":"https:\/\/tabaccomd.com\/ro\/wp-json\/wp\/v2\/product\/158618","targetHints":{"allow":["GET"]}}],"collection":[{"href":"https:\/\/tabaccomd.com\/ro\/wp-json\/wp\/v2\/product"}],"about":[{"href":"https:\/\/tabaccomd.com\/ro\/wp-json\/wp\/v2\/types\/product"}],"wp:featuredmedia":[{"embeddable":true,"href":"https:\/\/tabaccomd.com\/ro\/wp-json\/wp\/v2\/media\/158608"}],"wp:attachment":[{"href":"https:\/\/tabaccomd.com\/ro\/wp-json\/wp\/v2\/media?parent=158618"}],"wp:term":[{"taxonomy":"product_brand","embeddable":true,"href":"https:\/\/tabaccomd.com\/ro\/wp-json\/wp\/v2\/product_brand?post=158618"},{"taxonomy":"product_cat","embeddable":true,"href":"https:\/\/tabaccomd.com\/ro\/wp-json\/wp\/v2\/product_cat?post=158618"},{"taxonomy":"product_tag","embeddable":true,"href":"https:\/\/tabaccomd.com\/ro\/wp-json\/wp\/v2\/product_tag?post=158618"}],"curies":[{"name":"wp","href":"https:\/\/api.w.org\/{rel}","templated":true}]}}