{"id":158596,"date":"2026-04-24T17:25:11","date_gmt":"2026-04-24T14:25:11","guid":{"rendered":"https:\/\/tabaccomd.com\/product\/trabucuri-jdn-cuatro-cinco-reserva-especial-toro-10\/"},"modified":"2026-04-24T17:25:11","modified_gmt":"2026-04-24T14:25:11","slug":"trabucuri-jdn-cuatro-cinco-reserva-especial-toro-10","status":"publish","type":"product","link":"https:\/\/tabaccomd.com\/ro\/product\/trabucuri-jdn-cuatro-cinco-reserva-especial-toro-10\/","title":{"rendered":"Trabucuri JDN Cuatro Cinco Reserva Especial Toro 10"},"content":{"rendered":"<section class=\"text-token-text-primary w-full focus:outline-none [--shadow-height:45px] has-data-writing-block:pointer-events-none has-data-writing-block:-mt-(--shadow-height) has-data-writing-block:pt-(--shadow-height) [&amp;:has([data-writing-block])&gt;*]:pointer-events-auto R6Vx5W_threadScrollVars scroll-mb-[calc(var(--scroll-root-safe-area-inset-bottom,0px)+var(--thread-response-height))] scroll-mt-(--header-height)\" dir=\"auto\" data-turn-id=\"c9a8ab1a-8553-4b68-a11c-80cc3ee6cfe9\" data-testid=\"conversation-turn-225\" data-scroll-anchor=\"false\" data-turn=\"user\"><\/section>\n<section class=\"text-token-text-primary w-full focus:outline-none [--shadow-height:45px] has-data-writing-block:pointer-events-none has-data-writing-block:-mt-(--shadow-height) has-data-writing-block:pt-(--shadow-height) [&amp;:has([data-writing-block])&gt;*]:pointer-events-auto [content-visibility:auto] supports-[content-visibility:auto]:[contain-intrinsic-size:auto_100lvh] R6Vx5W_threadScrollVars scroll-mb-[calc(var(--scroll-root-safe-area-inset-bottom,0px)+var(--thread-response-height))] scroll-mt-[calc(var(--header-height)+min(200px,max(70px,20svh)))]\" dir=\"auto\" data-turn-id=\"request-69d77a56-eca8-8333-ab73-b068bb9bfc2e-4\" data-testid=\"conversation-turn-226\" data-scroll-anchor=\"false\" data-turn=\"assistant\">\n<div class=\"text-base my-auto mx-auto pb-10 [--thread-content-margin:var(--thread-content-margin-xs,calc(var(--spacing)*4))] @w-sm\/main:[--thread-content-margin:var(--thread-content-margin-sm,calc(var(--spacing)*6))] @w-lg\/main:[--thread-content-margin:var(--thread-content-margin-lg,calc(var(--spacing)*16))] px-(--thread-content-margin)\">\n<div class=\"[--thread-content-max-width:40rem] @w-lg\/main:[--thread-content-max-width:48rem] mx-auto max-w-(--thread-content-max-width) flex-1 group\/turn-messages focus-visible:outline-hidden relative flex w-full min-w-0 flex-col agent-turn\">\n<div class=\"flex max-w-full flex-col gap-4 grow\">\n<div class=\"min-h-8 text-message relative flex w-full flex-col items-end gap-2 text-start break-words whitespace-normal outline-none keyboard-focused:focus-ring [.text-message+&amp;]:mt-1\" dir=\"auto\" tabindex=\"0\" data-message-author-role=\"assistant\" data-message-id=\"5555d774-2976-45f2-994f-1d301dd4d6c3\" data-message-model-slug=\"gpt-5-3\" data-turn-start-message=\"true\">\n<div class=\"flex w-full flex-col gap-1 empty:hidden\">\n<div class=\"markdown prose dark:prose-invert w-full wrap-break-word dark markdown-new-styling\">\n<p data-start=\"0\" data-end=\"329\">Trabucurile JDN Cuatro Cinco Reserva Especial Toro de la <span class=\"hover:entity-accent entity-underline inline cursor-pointer align-baseline\"><span class=\"whitespace-normal\">Joya de Nicaragua<\/span><\/span> sunt un trabuc nicaraguan premium, creat pentru a marca aniversarea brandului \u0219i realizat din tutunuri maturate. Formatul Toro ofer\u0103 o experien\u021b\u0103 de fumat \u00eendelungat\u0103 \u0219i bogat\u0103, cu o dezvoltare treptat\u0103 \u0219i mai complex\u0103 a aromelor. T\u0103ria este ridicat\u0103, iar profilul aromatic se remarc\u0103 prin profunzime \u0219i complexitate. Se eviden\u021biaz\u0103 note de cedru, nuci, condimente, cacao \u0219i o dulcea\u021b\u0103 fin\u0103, completate de nuan\u021be de cafea \u0219i lemn. Datorit\u0103 cantit\u0103\u021bii mai mari de umplutur\u0103 \u00een formatul Toro, gustul se dezvolt\u0103 mai lent \u0219i devine mai expresiv cu fiecare fum. Timpul de fumat este de aproximativ 70\u201390 de minute, fiind o alegere excelent\u0103 pentru o experien\u021b\u0103 lung\u0103 \u0219i relaxant\u0103.<\/p>\n<p data-start=\"0\" data-end=\"329\">Pute\u021bi achizi\u021biona trabucurile JDN Cuatro Cinco Reserva Especial Toro 10 \u00een Moldova, Chi\u0219in\u0103u, \u00een re\u021beaua de magazine Tabacco House.<\/p>\n<\/div>\n<\/div>\n<\/div>\n<\/div>\n<\/div>\n<\/div>\n<\/section>\n","protected":false},"excerpt":{"rendered":"<ul>\n<li class=\"uncont\"><strong>Pre\u021b indicat pentru 10 buc\u0103\u021bi<\/strong><\/li>\n<li class=\"uncont\">\u021aara produc\u0103torului: Nicaragua<\/li>\n<li class=\"uncont\">Produc\u0103tor: Joya de Nicaragua<\/li>\n<li class=\"uncont\">T\u0103rie: \u00cenalt\u0103<\/li>\n<li class=\"uncont\">Dimensiuni: 152,4 mm x 19,84 mm<\/li>\n<li class=\"uncont\">Format: Toro<\/li>\n<\/ul>\n","protected":false},"featured_media":158589,"template":"","meta":{"om_disable_all_campaigns":false,"_monsterinsights_skip_tracking":false,"_monsterinsights_sitenote_active":false,"_monsterinsights_sitenote_note":"","_monsterinsights_sitenote_category":0},"product_brand":[],"product_cat":[475],"product_tag":[],"class_list":{"0":"post-158596","1":"product","2":"type-product","3":"status-publish","4":"has-post-thumbnail","6":"product_cat-trabucuri-din-nicaragua","8":"first","9":"instock","10":"taxable","11":"shipping-taxable","12":"purchasable","13":"product-type-simple"},"aioseo_notices":[],"aioseo_head":"\n\t\t<!-- All in One SEO Pro 4.9.6.2 - aioseo.com -->\n\t<meta name=\"robots\" content=\"max-image-preview:large\" \/>\n\t<link rel=\"canonical\" href=\"https:\/\/tabaccomd.com\/ro\/product\/trabucuri-jdn-cuatro-cinco-reserva-especial-toro-10\/\" \/>\n\t<meta name=\"generator\" content=\"All in One SEO Pro (AIOSEO) 4.9.6.2\" \/>\n\t\t<meta property=\"og:locale\" content=\"ro_RO\" \/>\n\t\t<meta property=\"og:site_name\" content=\"Tabacco House \u2013 \u041c\u0430\u0433\u0430\u0437\u0438\u043d \u0442\u0430\u0431\u0430\u0447\u043d\u044b\u0445 \u0438\u0437\u0434\u0435\u043b\u0438\u0439\" \/>\n\t\t<meta property=\"og:type\" content=\"article\" \/>\n\t\t<meta property=\"og:title\" content=\"Trabucuri JDN Cuatro Cinco Reserva Especial Toro 10 \u2013 Tabacco House\" \/>\n\t\t<meta property=\"og:url\" content=\"https:\/\/tabaccomd.com\/ro\/product\/trabucuri-jdn-cuatro-cinco-reserva-especial-toro-10\/\" \/>\n\t\t<meta property=\"article:published_time\" content=\"2026-04-24T14:25:11+00:00\" \/>\n\t\t<meta property=\"article:modified_time\" content=\"2026-04-24T14:25:11+00:00\" \/>\n\t\t<meta property=\"article:publisher\" content=\"https:\/\/www.facebook.com\/tabaccomd.com\/\" \/>\n\t\t<meta name=\"twitter:card\" content=\"summary_large_image\" \/>\n\t\t<meta name=\"twitter:title\" content=\"Trabucuri JDN Cuatro Cinco Reserva Especial Toro 10 \u2013 Tabacco House\" \/>\n\t\t<script type=\"application\/ld+json\" class=\"aioseo-schema\">\n\t\t\t{\"@context\":\"https:\\\/\\\/schema.org\",\"@graph\":[{\"@type\":\"BreadcrumbList\",\"@id\":\"https:\\\/\\\/tabaccomd.com\\\/ro\\\/product\\\/trabucuri-jdn-cuatro-cinco-reserva-especial-toro-10\\\/#breadcrumblist\",\"itemListElement\":[{\"@type\":\"ListItem\",\"@id\":\"https:\\\/\\\/tabaccomd.com\\\/ro\\\/#listItem\",\"position\":1,\"name\":\"\\u0413\\u043b\\u0430\\u0432\\u043d\\u0430\\u044f\",\"item\":\"https:\\\/\\\/tabaccomd.com\\\/ro\\\/\",\"nextItem\":{\"@type\":\"ListItem\",\"@id\":\"https:\\\/\\\/tabaccomd.com\\\/ro\\\/catalog\\\/#listItem\",\"name\":\"Catalog\"}},{\"@type\":\"ListItem\",\"@id\":\"https:\\\/\\\/tabaccomd.com\\\/ro\\\/catalog\\\/#listItem\",\"position\":2,\"name\":\"Catalog\",\"item\":\"https:\\\/\\\/tabaccomd.com\\\/ro\\\/catalog\\\/\",\"nextItem\":{\"@type\":\"ListItem\",\"@id\":\"https:\\\/\\\/tabaccomd.com\\\/ro\\\/product-category\\\/trabucuri\\\/#listItem\",\"name\":\"Trabucuri\"},\"previousItem\":{\"@type\":\"ListItem\",\"@id\":\"https:\\\/\\\/tabaccomd.com\\\/ro\\\/#listItem\",\"name\":\"\\u0413\\u043b\\u0430\\u0432\\u043d\\u0430\\u044f\"}},{\"@type\":\"ListItem\",\"@id\":\"https:\\\/\\\/tabaccomd.com\\\/ro\\\/product-category\\\/trabucuri\\\/#listItem\",\"position\":3,\"name\":\"Trabucuri\",\"item\":\"https:\\\/\\\/tabaccomd.com\\\/ro\\\/product-category\\\/trabucuri\\\/\",\"nextItem\":{\"@type\":\"ListItem\",\"@id\":\"https:\\\/\\\/tabaccomd.com\\\/ro\\\/product-category\\\/trabucuri\\\/trabucuri-din-nicaragua\\\/#listItem\",\"name\":\"Trabucuri din Nicaragua\"},\"previousItem\":{\"@type\":\"ListItem\",\"@id\":\"https:\\\/\\\/tabaccomd.com\\\/ro\\\/catalog\\\/#listItem\",\"name\":\"Catalog\"}},{\"@type\":\"ListItem\",\"@id\":\"https:\\\/\\\/tabaccomd.com\\\/ro\\\/product-category\\\/trabucuri\\\/trabucuri-din-nicaragua\\\/#listItem\",\"position\":4,\"name\":\"Trabucuri din Nicaragua\",\"item\":\"https:\\\/\\\/tabaccomd.com\\\/ro\\\/product-category\\\/trabucuri\\\/trabucuri-din-nicaragua\\\/\",\"nextItem\":{\"@type\":\"ListItem\",\"@id\":\"https:\\\/\\\/tabaccomd.com\\\/ro\\\/product\\\/trabucuri-jdn-cuatro-cinco-reserva-especial-toro-10\\\/#listItem\",\"name\":\"Trabucuri JDN Cuatro Cinco Reserva Especial Toro 10\"},\"previousItem\":{\"@type\":\"ListItem\",\"@id\":\"https:\\\/\\\/tabaccomd.com\\\/ro\\\/product-category\\\/trabucuri\\\/#listItem\",\"name\":\"Trabucuri\"}},{\"@type\":\"ListItem\",\"@id\":\"https:\\\/\\\/tabaccomd.com\\\/ro\\\/product\\\/trabucuri-jdn-cuatro-cinco-reserva-especial-toro-10\\\/#listItem\",\"position\":5,\"name\":\"Trabucuri JDN Cuatro Cinco Reserva Especial Toro 10\",\"previousItem\":{\"@type\":\"ListItem\",\"@id\":\"https:\\\/\\\/tabaccomd.com\\\/ro\\\/product-category\\\/trabucuri\\\/trabucuri-din-nicaragua\\\/#listItem\",\"name\":\"Trabucuri din Nicaragua\"}}]},{\"@type\":\"Organization\",\"@id\":\"https:\\\/\\\/tabaccomd.com\\\/ro\\\/#organization\",\"name\":\"Tabacco House\",\"description\":\"\\u041c\\u0430\\u0433\\u0430\\u0437\\u0438\\u043d \\u0442\\u0430\\u0431\\u0430\\u0447\\u043d\\u044b\\u0445 \\u0438\\u0437\\u0434\\u0435\\u043b\\u0438\\u0439\",\"url\":\"https:\\\/\\\/tabaccomd.com\\\/ro\\\/\",\"email\":\"Office@cazacuhouse.com\",\"telephone\":\"+37361000935\",\"logo\":{\"@type\":\"ImageObject\",\"url\":\"https:\\\/\\\/tabaccomd.com\\\/wp-content\\\/uploads\\\/2024\\\/02\\\/logo_header3.png\",\"@id\":\"https:\\\/\\\/tabaccomd.com\\\/ro\\\/product\\\/trabucuri-jdn-cuatro-cinco-reserva-especial-toro-10\\\/#organizationLogo\",\"width\":32,\"height\":32,\"caption\":\"Tabacco House\"},\"image\":{\"@id\":\"https:\\\/\\\/tabaccomd.com\\\/ro\\\/product\\\/trabucuri-jdn-cuatro-cinco-reserva-especial-toro-10\\\/#organizationLogo\"},\"sameAs\":[\"https:\\\/\\\/www.facebook.com\\\/tabaccomd.com\\\/\",\"https:\\\/\\\/www.instagram.com\\\/tabaccomd.com\\\/\"],\"address\":{\"@id\":\"https:\\\/\\\/tabaccomd.com\\\/ro\\\/#postaladdress\",\"@type\":\"PostalAddress\",\"streetAddress\":\"Strada Albi\\u015foara 4, Chi\\u0219in\\u0103u, Bulevardul \\u0218tefan cel Mare \\u0219i Sf\\u00eent 136, Chi\\u0219in\\u0103u\",\"addressLocality\":\"Chi\\u0219in\\u0103u\",\"addressCountry\":\"MD\"}},{\"@type\":\"Product\",\"@id\":\"https:\\\/\\\/tabaccomd.com\\\/ro\\\/product\\\/trabucuri-jdn-cuatro-cinco-reserva-especial-toro-10\\\/#wooCommerceProduct\",\"name\":\"Trabucuri JDN Cuatro Cinco Reserva Especial Toro 10\",\"description\":\"Pre\\u021b indicat pentru 10 buc\\u0103\\u021bi\\r\\n \\t\\u021aara produc\\u0103torului: Nicaragua\\r\\n \\tProduc\\u0103tor: Joya de Nicaragua\\r\\n \\tT\\u0103rie: \\u00cenalt\\u0103\\r\\n \\tDimensiuni: 152,4 mm x 19,84 mm\\r\\n \\tFormat: Toro\",\"url\":\"https:\\\/\\\/tabaccomd.com\\\/ro\\\/product\\\/trabucuri-jdn-cuatro-cinco-reserva-especial-toro-10\\\/\",\"sku\":\"PT241160110CRE\",\"image\":{\"@type\":\"ImageObject\",\"url\":\"https:\\\/\\\/tabaccomd.com\\\/wp-content\\\/uploads\\\/2026\\\/04\\\/JDN-Cuatro-Cinco-Reserva-Especial-Toro-cigars.jpg\",\"@id\":\"https:\\\/\\\/tabaccomd.com\\\/ro\\\/product\\\/trabucuri-jdn-cuatro-cinco-reserva-especial-toro-10\\\/#productImage\",\"width\":1200,\"height\":1199,\"caption\":\"JDN-Cuatro-Cinco-Reserva-Especial-Toro-cigars\"},\"offers\":{\"@type\":\"Offer\",\"url\":\"https:\\\/\\\/tabaccomd.com\\\/ro\\\/product\\\/trabucuri-jdn-cuatro-cinco-reserva-especial-toro-10\\\/#wooCommerceOffer\",\"price\":4000,\"priceCurrency\":\"MDL\",\"category\":\"Trabucuri din Nicaragua\",\"availability\":\"https:\\\/\\\/schema.org\\\/InStock\",\"priceSpecification\":{\"@type\":\"PriceSpecification\",\"price\":4000,\"priceCurrency\":\"MDL\",\"valueAddedTaxIncluded\":\"true\"},\"seller\":{\"@type\":\"Organization\",\"@id\":\"https:\\\/\\\/tabaccomd.com\\\/ro\\\/#organization\"}}},{\"@type\":\"WebPage\",\"@id\":\"https:\\\/\\\/tabaccomd.com\\\/ro\\\/product\\\/trabucuri-jdn-cuatro-cinco-reserva-especial-toro-10\\\/#webpage\",\"url\":\"https:\\\/\\\/tabaccomd.com\\\/ro\\\/product\\\/trabucuri-jdn-cuatro-cinco-reserva-especial-toro-10\\\/\",\"name\":\"Trabucuri JDN Cuatro Cinco Reserva Especial Toro 10 \\u2013 Tabacco House\",\"inLanguage\":\"ro-RO\",\"isPartOf\":{\"@id\":\"https:\\\/\\\/tabaccomd.com\\\/ro\\\/#website\"},\"breadcrumb\":{\"@id\":\"https:\\\/\\\/tabaccomd.com\\\/ro\\\/product\\\/trabucuri-jdn-cuatro-cinco-reserva-especial-toro-10\\\/#breadcrumblist\"},\"image\":{\"@type\":\"ImageObject\",\"url\":\"https:\\\/\\\/tabaccomd.com\\\/wp-content\\\/uploads\\\/2026\\\/04\\\/JDN-Cuatro-Cinco-Reserva-Especial-Toro-cigars.jpg\",\"@id\":\"https:\\\/\\\/tabaccomd.com\\\/ro\\\/product\\\/trabucuri-jdn-cuatro-cinco-reserva-especial-toro-10\\\/#mainImage\",\"width\":1200,\"height\":1199,\"caption\":\"JDN-Cuatro-Cinco-Reserva-Especial-Toro-cigars\"},\"primaryImageOfPage\":{\"@id\":\"https:\\\/\\\/tabaccomd.com\\\/ro\\\/product\\\/trabucuri-jdn-cuatro-cinco-reserva-especial-toro-10\\\/#mainImage\"},\"datePublished\":\"2026-04-24T17:25:11+03:00\",\"dateModified\":\"2026-04-24T17:25:11+03:00\"},{\"@type\":\"WebSite\",\"@id\":\"https:\\\/\\\/tabaccomd.com\\\/ro\\\/#website\",\"url\":\"https:\\\/\\\/tabaccomd.com\\\/ro\\\/\",\"name\":\"Tabacco House\",\"alternateName\":\"tobaccomd.com\",\"description\":\"\\u041c\\u0430\\u0433\\u0430\\u0437\\u0438\\u043d \\u0442\\u0430\\u0431\\u0430\\u0447\\u043d\\u044b\\u0445 \\u0438\\u0437\\u0434\\u0435\\u043b\\u0438\\u0439\",\"inLanguage\":\"ro-RO\",\"publisher\":{\"@id\":\"https:\\\/\\\/tabaccomd.com\\\/ro\\\/#organization\"}}]}\n\t\t<\/script>\n\t\t<!-- All in One SEO Pro -->\r\n\t\t<title>Trabucuri JDN Cuatro Cinco Reserva Especial Toro 10 \u2013 Tabacco House<\/title>\n\n","aioseo_head_json":{"title":"Trabucuri JDN Cuatro Cinco Reserva Especial Toro 10 \u2013 Tabacco House","description":"","canonical_url":"https:\/\/tabaccomd.com\/ro\/product\/trabucuri-jdn-cuatro-cinco-reserva-especial-toro-10\/","robots":"max-image-preview:large","keywords":"","webmasterTools":{"miscellaneous":""},"schema":{"@context":"https:\/\/schema.org","@graph":[{"@type":"BreadcrumbList","@id":"https:\/\/tabaccomd.com\/ro\/product\/trabucuri-jdn-cuatro-cinco-reserva-especial-toro-10\/#breadcrumblist","itemListElement":[{"@type":"ListItem","@id":"https:\/\/tabaccomd.com\/ro\/#listItem","position":1,"name":"\u0413\u043b\u0430\u0432\u043d\u0430\u044f","item":"https:\/\/tabaccomd.com\/ro\/","nextItem":{"@type":"ListItem","@id":"https:\/\/tabaccomd.com\/ro\/catalog\/#listItem","name":"Catalog"}},{"@type":"ListItem","@id":"https:\/\/tabaccomd.com\/ro\/catalog\/#listItem","position":2,"name":"Catalog","item":"https:\/\/tabaccomd.com\/ro\/catalog\/","nextItem":{"@type":"ListItem","@id":"https:\/\/tabaccomd.com\/ro\/product-category\/trabucuri\/#listItem","name":"Trabucuri"},"previousItem":{"@type":"ListItem","@id":"https:\/\/tabaccomd.com\/ro\/#listItem","name":"\u0413\u043b\u0430\u0432\u043d\u0430\u044f"}},{"@type":"ListItem","@id":"https:\/\/tabaccomd.com\/ro\/product-category\/trabucuri\/#listItem","position":3,"name":"Trabucuri","item":"https:\/\/tabaccomd.com\/ro\/product-category\/trabucuri\/","nextItem":{"@type":"ListItem","@id":"https:\/\/tabaccomd.com\/ro\/product-category\/trabucuri\/trabucuri-din-nicaragua\/#listItem","name":"Trabucuri din Nicaragua"},"previousItem":{"@type":"ListItem","@id":"https:\/\/tabaccomd.com\/ro\/catalog\/#listItem","name":"Catalog"}},{"@type":"ListItem","@id":"https:\/\/tabaccomd.com\/ro\/product-category\/trabucuri\/trabucuri-din-nicaragua\/#listItem","position":4,"name":"Trabucuri din Nicaragua","item":"https:\/\/tabaccomd.com\/ro\/product-category\/trabucuri\/trabucuri-din-nicaragua\/","nextItem":{"@type":"ListItem","@id":"https:\/\/tabaccomd.com\/ro\/product\/trabucuri-jdn-cuatro-cinco-reserva-especial-toro-10\/#listItem","name":"Trabucuri JDN Cuatro Cinco Reserva Especial Toro 10"},"previousItem":{"@type":"ListItem","@id":"https:\/\/tabaccomd.com\/ro\/product-category\/trabucuri\/#listItem","name":"Trabucuri"}},{"@type":"ListItem","@id":"https:\/\/tabaccomd.com\/ro\/product\/trabucuri-jdn-cuatro-cinco-reserva-especial-toro-10\/#listItem","position":5,"name":"Trabucuri JDN Cuatro Cinco Reserva Especial Toro 10","previousItem":{"@type":"ListItem","@id":"https:\/\/tabaccomd.com\/ro\/product-category\/trabucuri\/trabucuri-din-nicaragua\/#listItem","name":"Trabucuri din Nicaragua"}}]},{"@type":"Organization","@id":"https:\/\/tabaccomd.com\/ro\/#organization","name":"Tabacco House","description":"\u041c\u0430\u0433\u0430\u0437\u0438\u043d \u0442\u0430\u0431\u0430\u0447\u043d\u044b\u0445 \u0438\u0437\u0434\u0435\u043b\u0438\u0439","url":"https:\/\/tabaccomd.com\/ro\/","email":"Office@cazacuhouse.com","telephone":"+37361000935","logo":{"@type":"ImageObject","url":"https:\/\/tabaccomd.com\/wp-content\/uploads\/2024\/02\/logo_header3.png","@id":"https:\/\/tabaccomd.com\/ro\/product\/trabucuri-jdn-cuatro-cinco-reserva-especial-toro-10\/#organizationLogo","width":32,"height":32,"caption":"Tabacco House"},"image":{"@id":"https:\/\/tabaccomd.com\/ro\/product\/trabucuri-jdn-cuatro-cinco-reserva-especial-toro-10\/#organizationLogo"},"sameAs":["https:\/\/www.facebook.com\/tabaccomd.com\/","https:\/\/www.instagram.com\/tabaccomd.com\/"],"address":{"@id":"https:\/\/tabaccomd.com\/ro\/#postaladdress","@type":"PostalAddress","streetAddress":"Strada Albi\u015foara 4, Chi\u0219in\u0103u, Bulevardul \u0218tefan cel Mare \u0219i Sf\u00eent 136, Chi\u0219in\u0103u","addressLocality":"Chi\u0219in\u0103u","addressCountry":"MD"}},{"@type":"Product","@id":"https:\/\/tabaccomd.com\/ro\/product\/trabucuri-jdn-cuatro-cinco-reserva-especial-toro-10\/#wooCommerceProduct","name":"Trabucuri JDN Cuatro Cinco Reserva Especial Toro 10","description":"Pre\u021b indicat pentru 10 buc\u0103\u021bi\r\n \t\u021aara produc\u0103torului: Nicaragua\r\n \tProduc\u0103tor: Joya de Nicaragua\r\n \tT\u0103rie: \u00cenalt\u0103\r\n \tDimensiuni: 152,4 mm x 19,84 mm\r\n \tFormat: Toro","url":"https:\/\/tabaccomd.com\/ro\/product\/trabucuri-jdn-cuatro-cinco-reserva-especial-toro-10\/","sku":"PT241160110CRE","image":{"@type":"ImageObject","url":"https:\/\/tabaccomd.com\/wp-content\/uploads\/2026\/04\/JDN-Cuatro-Cinco-Reserva-Especial-Toro-cigars.jpg","@id":"https:\/\/tabaccomd.com\/ro\/product\/trabucuri-jdn-cuatro-cinco-reserva-especial-toro-10\/#productImage","width":1200,"height":1199,"caption":"JDN-Cuatro-Cinco-Reserva-Especial-Toro-cigars"},"offers":{"@type":"Offer","url":"https:\/\/tabaccomd.com\/ro\/product\/trabucuri-jdn-cuatro-cinco-reserva-especial-toro-10\/#wooCommerceOffer","price":4000,"priceCurrency":"MDL","category":"Trabucuri din Nicaragua","availability":"https:\/\/schema.org\/InStock","priceSpecification":{"@type":"PriceSpecification","price":4000,"priceCurrency":"MDL","valueAddedTaxIncluded":"true"},"seller":{"@type":"Organization","@id":"https:\/\/tabaccomd.com\/ro\/#organization"}}},{"@type":"WebPage","@id":"https:\/\/tabaccomd.com\/ro\/product\/trabucuri-jdn-cuatro-cinco-reserva-especial-toro-10\/#webpage","url":"https:\/\/tabaccomd.com\/ro\/product\/trabucuri-jdn-cuatro-cinco-reserva-especial-toro-10\/","name":"Trabucuri JDN Cuatro Cinco Reserva Especial Toro 10 \u2013 Tabacco House","inLanguage":"ro-RO","isPartOf":{"@id":"https:\/\/tabaccomd.com\/ro\/#website"},"breadcrumb":{"@id":"https:\/\/tabaccomd.com\/ro\/product\/trabucuri-jdn-cuatro-cinco-reserva-especial-toro-10\/#breadcrumblist"},"image":{"@type":"ImageObject","url":"https:\/\/tabaccomd.com\/wp-content\/uploads\/2026\/04\/JDN-Cuatro-Cinco-Reserva-Especial-Toro-cigars.jpg","@id":"https:\/\/tabaccomd.com\/ro\/product\/trabucuri-jdn-cuatro-cinco-reserva-especial-toro-10\/#mainImage","width":1200,"height":1199,"caption":"JDN-Cuatro-Cinco-Reserva-Especial-Toro-cigars"},"primaryImageOfPage":{"@id":"https:\/\/tabaccomd.com\/ro\/product\/trabucuri-jdn-cuatro-cinco-reserva-especial-toro-10\/#mainImage"},"datePublished":"2026-04-24T17:25:11+03:00","dateModified":"2026-04-24T17:25:11+03:00"},{"@type":"WebSite","@id":"https:\/\/tabaccomd.com\/ro\/#website","url":"https:\/\/tabaccomd.com\/ro\/","name":"Tabacco House","alternateName":"tobaccomd.com","description":"\u041c\u0430\u0433\u0430\u0437\u0438\u043d \u0442\u0430\u0431\u0430\u0447\u043d\u044b\u0445 \u0438\u0437\u0434\u0435\u043b\u0438\u0439","inLanguage":"ro-RO","publisher":{"@id":"https:\/\/tabaccomd.com\/ro\/#organization"}}]},"og:locale":"ro_RO","og:site_name":"Tabacco House \u2013 \u041c\u0430\u0433\u0430\u0437\u0438\u043d \u0442\u0430\u0431\u0430\u0447\u043d\u044b\u0445 \u0438\u0437\u0434\u0435\u043b\u0438\u0439","og:type":"article","og:title":"Trabucuri JDN Cuatro Cinco Reserva Especial Toro 10 \u2013 Tabacco House","og:url":"https:\/\/tabaccomd.com\/ro\/product\/trabucuri-jdn-cuatro-cinco-reserva-especial-toro-10\/","article:published_time":"2026-04-24T14:25:11+00:00","article:modified_time":"2026-04-24T14:25:11+00:00","article:publisher":"https:\/\/www.facebook.com\/tabaccomd.com\/","twitter:card":"summary_large_image","twitter:title":"Trabucuri JDN Cuatro Cinco Reserva Especial Toro 10 \u2013 Tabacco House"},"aioseo_meta_data":{"post_id":"158596","title":null,"description":null,"keywords":null,"keyphrases":null,"primary_term":null,"canonical_url":null,"og_title":null,"og_description":null,"og_object_type":"default","og_image_type":"default","og_image_url":null,"og_image_width":null,"og_image_height":null,"og_image_custom_url":null,"og_image_custom_fields":null,"og_video":null,"og_custom_url":null,"og_article_section":null,"og_article_tags":null,"twitter_use_og":false,"twitter_card":"default","twitter_image_type":"default","twitter_image_url":null,"twitter_image_custom_url":null,"twitter_image_custom_fields":null,"twitter_title":null,"twitter_description":null,"schema":{"blockGraphs":[],"customGraphs":[],"default":{"data":{"Article":[],"Course":[],"Dataset":[],"FAQPage":[],"Movie":[],"Person":[],"Product":[],"ProductReview":[],"Car":[],"Recipe":[],"Service":[],"SoftwareApplication":[],"WebPage":[]},"graphName":"","isEnabled":true},"graphs":[]},"schema_type":"default","schema_type_options":null,"pillar_content":false,"robots_default":true,"robots_noindex":false,"robots_noarchive":false,"robots_nosnippet":false,"robots_nofollow":false,"robots_noimageindex":false,"robots_noodp":false,"robots_notranslate":false,"robots_max_snippet":null,"robots_max_videopreview":null,"robots_max_imagepreview":"large","priority":null,"frequency":null,"local_seo":null,"seo_analyzer_scan_date":null,"breadcrumb_settings":null,"limit_modified_date":false,"reviewed_by":null,"open_ai":null,"ai":null,"created":"2026-04-24 14:27:46","updated":"2026-04-24 15:16:09"},"aioseo_breadcrumb":"<div class=\"aioseo-breadcrumbs\"><span class=\"aioseo-breadcrumb\">\n\t<a href=\"https:\/\/tabaccomd.com\/ro\/\" title=\"\u0413\u043b\u0430\u0432\u043d\u0430\u044f\">\u0413\u043b\u0430\u0432\u043d\u0430\u044f<\/a>\n<\/span><span class=\"aioseo-breadcrumb-separator\">\u00bb<\/span><span class=\"aioseo-breadcrumb\">\n\t<a href=\"https:\/\/tabaccomd.com\/ro\/catalog\/\" title=\"Catalog\">Catalog<\/a>\n<\/span><span class=\"aioseo-breadcrumb-separator\">\u00bb<\/span><span class=\"aioseo-breadcrumb\">\n\t<a href=\"https:\/\/tabaccomd.com\/ro\/product-category\/trabucuri\/\" title=\"Trabucuri\">Trabucuri<\/a>\n<\/span><span class=\"aioseo-breadcrumb-separator\">\u00bb<\/span><span class=\"aioseo-breadcrumb\">\n\t<a href=\"https:\/\/tabaccomd.com\/ro\/product-category\/trabucuri\/trabucuri-din-nicaragua\/\" title=\"Trabucuri din Nicaragua\">Trabucuri din Nicaragua<\/a>\n<\/span><span class=\"aioseo-breadcrumb-separator\">\u00bb<\/span><span class=\"aioseo-breadcrumb\">\n\tTrabucuri JDN Cuatro Cinco Reserva Especial Toro 10\n<\/span><\/div>","aioseo_breadcrumb_json":[{"label":"\u0413\u043b\u0430\u0432\u043d\u0430\u044f","link":"https:\/\/tabaccomd.com\/ro\/"},{"label":"Catalog","link":"https:\/\/tabaccomd.com\/ro\/catalog\/"},{"label":"Trabucuri","link":"https:\/\/tabaccomd.com\/ro\/product-category\/trabucuri\/"},{"label":"Trabucuri din Nicaragua","link":"https:\/\/tabaccomd.com\/ro\/product-category\/trabucuri\/trabucuri-din-nicaragua\/"},{"label":"Trabucuri JDN Cuatro Cinco Reserva Especial Toro 10","link":"https:\/\/tabaccomd.com\/ro\/product\/trabucuri-jdn-cuatro-cinco-reserva-especial-toro-10\/"}],"images_for_1c":[{"url":"https:\/\/tabaccomd.com\/wp-content\/uploads\/2026\/04\/JDN-Cuatro-Cinco-Reserva-Especial-Toro-cigars.jpg","type":"featured","alt":"JDN-Cuatro-Cinco-Reserva-Especial-Toro-cigars","filename":"JDN-Cuatro-Cinco-Reserva-Especial-Toro-cigars.jpg"},{"url":"https:\/\/tabaccomd.com\/wp-content\/uploads\/2026\/04\/JDN-Cuatro-Cinco-Reserva-Especial-Toro-cigars-0.jpg","type":"gallery","alt":"JDN-Cuatro-Cinco-Reserva-Especial-Toro-cigars-0","filename":"JDN-Cuatro-Cinco-Reserva-Especial-Toro-cigars-0.jpg"},{"url":"https:\/\/tabaccomd.com\/wp-content\/uploads\/2026\/04\/JDN-Cuatro-Cinco-Reserva-Especial-Toro-cigars-2.jpg","type":"gallery","alt":"JDN-Cuatro-Cinco-Reserva-Especial-Toro-cigars-2","filename":"JDN-Cuatro-Cinco-Reserva-Especial-Toro-cigars-2.jpg"},{"url":"https:\/\/tabaccomd.com\/wp-content\/uploads\/2026\/04\/JDN-Cuatro-Cinco-Reserva-Especial-Toro-cigars-1.jpg","type":"gallery","alt":"JDN-Cuatro-Cinco-Reserva-Especial-Toro-cigars-1","filename":"JDN-Cuatro-Cinco-Reserva-Especial-Toro-cigars-1.jpg"}],"additional_data_1c":{"modified_date":"2026-04-24 17:25:11","permalink":"https:\/\/tabaccomd.com\/ro\/product\/trabucuri-jdn-cuatro-cinco-reserva-especial-toro-10\/","stock_status":"instock","manage_stock":"no"},"_links":{"self":[{"href":"https:\/\/tabaccomd.com\/ro\/wp-json\/wp\/v2\/product\/158596","targetHints":{"allow":["GET"]}}],"collection":[{"href":"https:\/\/tabaccomd.com\/ro\/wp-json\/wp\/v2\/product"}],"about":[{"href":"https:\/\/tabaccomd.com\/ro\/wp-json\/wp\/v2\/types\/product"}],"wp:featuredmedia":[{"embeddable":true,"href":"https:\/\/tabaccomd.com\/ro\/wp-json\/wp\/v2\/media\/158589"}],"wp:attachment":[{"href":"https:\/\/tabaccomd.com\/ro\/wp-json\/wp\/v2\/media?parent=158596"}],"wp:term":[{"taxonomy":"product_brand","embeddable":true,"href":"https:\/\/tabaccomd.com\/ro\/wp-json\/wp\/v2\/product_brand?post=158596"},{"taxonomy":"product_cat","embeddable":true,"href":"https:\/\/tabaccomd.com\/ro\/wp-json\/wp\/v2\/product_cat?post=158596"},{"taxonomy":"product_tag","embeddable":true,"href":"https:\/\/tabaccomd.com\/ro\/wp-json\/wp\/v2\/product_tag?post=158596"}],"curies":[{"name":"wp","href":"https:\/\/api.w.org\/{rel}","templated":true}]}}