{"id":158345,"date":"2026-04-10T15:00:00","date_gmt":"2026-04-10T12:00:00","guid":{"rendered":"https:\/\/tabaccomd.com\/product\/geekvape-sonder-q2-pod-system-burgundy-red\/"},"modified":"2026-04-10T15:10:23","modified_gmt":"2026-04-10T12:10:23","slug":"geekvape-sonder-q2-pod-system-burgundy-red","status":"publish","type":"product","link":"https:\/\/tabaccomd.com\/ro\/product\/geekvape-sonder-q2-pod-system-burgundy-red\/","title":{"rendered":"GEEKVAPE Sonder Q2 Pod System (Burgundy Red)"},"content":{"rendered":"<p>GeekVape Sonder Q2 Pod System Kit \u00eembin\u0103 puterea, stilul \u0219i confortul, oferind o experien\u021b\u0103 de vapat c\u00e2t mai pl\u0103cut\u0103 \u00eentr-un corp compact \u0219i u\u0219or.<\/p>\n<p data-start=\"178\" data-end=\"232\"><strong>Specifica\u021bii tehnice:<\/strong><\/p>\n<ul data-start=\"233\" data-end=\"608\">\n<li data-start=\"233\" data-end=\"267\"><strong data-start=\"235\" data-end=\"246\">Model:<\/strong>\u00a0GeekVape Sonder Q2<\/li>\n<li data-start=\"268\" data-end=\"302\"><strong data-start=\"270\" data-end=\"289\">Tip dispozitiv:<\/strong>\u00a0Pod System<\/li>\n<li data-start=\"303\" data-end=\"344\"><strong data-start=\"305\" data-end=\"321\">Baterie:<\/strong>\u00a0\u00cencorporat\u0103, 1350 mAh<\/li>\n<li data-start=\"345\" data-end=\"380\"><strong data-start=\"347\" data-end=\"369\">Putere de ie\u0219ire:<\/strong>\u00a0P\u00e2n\u0103 la 30 W<\/li>\n<li data-start=\"381\" data-end=\"424\"><strong data-start=\"383\" data-end=\"404\">Material carcas\u0103:<\/strong>\u00a0Aliaj de aluminiu<\/li>\n<li data-start=\"425\" data-end=\"455\"><strong data-start=\"427\" data-end=\"450\">Reglare a fluxului de aer:<\/strong>\u00a0Da<\/li>\n<li data-start=\"456\" data-end=\"488\"><strong data-start=\"458\" data-end=\"472\">Indica\u021bie luminoas\u0103:<\/strong>\u00a0Iluminare RGB<\/li>\n<li data-start=\"456\" data-end=\"488\"><strong data-start=\"583\" data-end=\"595\">Tip de \u00eenc\u0103rcare:<\/strong>\u00a0Type-C<\/li>\n<\/ul>\n<p data-start=\"615\" data-end=\"640\"><strong data-start=\"622\" data-end=\"638\">Setul con\u021bine:<\/strong><\/p>\n<ul>\n<li data-start=\"615\" data-end=\"640\">1 \u00d7 GeekVape Sonder Q2 Pod System<\/li>\n<li data-start=\"679\" data-end=\"744\">1 \u00d7 Cartridge GeekVape Q Pod (3 ml, preinstalat: 0.8\u03a9)<\/li>\n<li data-start=\"745\" data-end=\"770\">1 \u00d7 Cablu Type-C<\/li>\n<li data-start=\"771\" data-end=\"898\">1 \u00d7 Ghid de de utilizare<\/li>\n<\/ul>\n<p data-start=\"905\" data-end=\"940\"><strong data-start=\"911\" data-end=\"938\">Caracteristici cheie:<\/strong><\/p>\n<ul>\n<li data-start=\"943\" data-end=\"1015\">Baterie puternic\u0103 de 1350 mAh \u2013 p\u00e2n\u0103 la trei zile de utilizare f\u0103r\u0103 re\u00eenc\u0103rcare<\/li>\n<li data-start=\"1018\" data-end=\"1072\">Putere reglabil\u0103 p\u00e2n\u0103 la 30W pentru un vapat flexibil<\/li>\n<li data-start=\"1075\" data-end=\"1140\">Corp ergonomic din aliaj de aluminiu \u2014 u\u0219or \u0219i rezistent<\/li>\n<li data-start=\"1143\" data-end=\"1209\">Flux de aer ajustabil \u2014 adaptare dup\u0103 preferin\u021bele personale<\/li>\n<li data-start=\"1212\" data-end=\"1259\">Iluminare RGB vibrant\u0103, care reac\u021bioneaz\u0103 la inhalare<\/li>\n<li data-start=\"1262\" data-end=\"1309\">Compatibil cu cartu\u0219ele populare din seria Q<\/li>\n<li data-start=\"1312\" data-end=\"1347\">Design minimalist \u0219i elegant<\/li>\n<\/ul>\n<p>Pute\u021bi achizi\u021biona GEEKVAPE Sonder Q2 Pod System (Burgundy Red) \u00een Moldova, Chi\u0219in\u0103u \u00een re\u021beaua de magazine Tabacco House.<\/p>\n","protected":false},"excerpt":{"rendered":"<div class=\"vc_row row-internal row-container\">\n<div class=\"row row-child\">\n<div class=\"wpb_row row-inner cols-md-responsive\">\n<div class=\"wpb_column pos-top pos-center align_right align_left_mobile column_child col-lg-4 col-md-33 single-internal-gutter\">\n<div class=\"uncol style-light\">\n<div class=\"uncoltable\">\n<div class=\"uncell no-block-padding\">\n<div class=\"uncont\"><\/div>\n<\/div>\n<\/div>\n<\/div>\n<\/div>\n<\/div>\n<\/div>\n<\/div>\n<div class=\"uncode_text_column\">\n<ul>\n<li>Brand: GEEKVAPE<\/li>\n<li>\u021aara produc\u0103toare: China<\/li>\n<li>Baterie: 1350 mAh<\/li>\n<li>Putere de ie\u0219ire: Maxim 30 W<\/li>\n<li>Capacitate cartu\u0219: 0,8 \u03a9 (3 ml)<\/li>\n<li>Tip de \u00eenc\u0103rcare: Type-C 5 \u00een 1 A<\/li>\n<li>Culoare: Mov \u00eenchis<\/li>\n<li>Iluminare: Inel colorat LED RGB<\/li>\n<\/ul>\n<\/div>\n","protected":false},"featured_media":158347,"template":"","meta":{"om_disable_all_campaigns":false,"_monsterinsights_skip_tracking":false,"_monsterinsights_sitenote_active":false,"_monsterinsights_sitenote_note":"","_monsterinsights_sitenote_category":0},"product_brand":[],"product_cat":[213],"product_tag":[],"class_list":{"0":"post-158345","1":"product","2":"type-product","3":"status-publish","4":"has-post-thumbnail","6":"product_cat-sisteme-pod","8":"first","9":"instock","10":"taxable","11":"shipping-taxable","12":"purchasable","13":"product-type-simple"},"aioseo_notices":[],"aioseo_head":"\n\t\t<!-- All in One SEO Pro 4.9.5.2 - aioseo.com -->\n\t<meta name=\"robots\" content=\"max-image-preview:large\" \/>\n\t<link rel=\"canonical\" href=\"https:\/\/tabaccomd.com\/ro\/product\/geekvape-sonder-q2-pod-system-burgundy-red\/\" \/>\n\t<meta name=\"generator\" content=\"All in One SEO Pro (AIOSEO) 4.9.5.2\" \/>\n\t\t<meta property=\"og:locale\" content=\"ro_RO\" \/>\n\t\t<meta property=\"og:site_name\" content=\"Tabacco House \u2013 \u041c\u0430\u0433\u0430\u0437\u0438\u043d \u0442\u0430\u0431\u0430\u0447\u043d\u044b\u0445 \u0438\u0437\u0434\u0435\u043b\u0438\u0439\" \/>\n\t\t<meta property=\"og:type\" content=\"article\" \/>\n\t\t<meta property=\"og:title\" content=\"GEEKVAPE Sonder Q2 Pod System (Burgundy Red) \u2013 Tabacco House\" \/>\n\t\t<meta property=\"og:url\" content=\"https:\/\/tabaccomd.com\/ro\/product\/geekvape-sonder-q2-pod-system-burgundy-red\/\" \/>\n\t\t<meta property=\"article:published_time\" content=\"2026-04-10T12:00:00+00:00\" \/>\n\t\t<meta property=\"article:modified_time\" content=\"2026-04-10T12:10:23+00:00\" \/>\n\t\t<meta property=\"article:publisher\" content=\"https:\/\/www.facebook.com\/tabaccomd.com\/\" \/>\n\t\t<meta name=\"twitter:card\" content=\"summary_large_image\" \/>\n\t\t<meta name=\"twitter:title\" content=\"GEEKVAPE Sonder Q2 Pod System (Burgundy Red) \u2013 Tabacco House\" \/>\n\t\t<script type=\"application\/ld+json\" class=\"aioseo-schema\">\n\t\t\t{\"@context\":\"https:\\\/\\\/schema.org\",\"@graph\":[{\"@type\":\"BreadcrumbList\",\"@id\":\"https:\\\/\\\/tabaccomd.com\\\/ro\\\/product\\\/geekvape-sonder-q2-pod-system-burgundy-red\\\/#breadcrumblist\",\"itemListElement\":[{\"@type\":\"ListItem\",\"@id\":\"https:\\\/\\\/tabaccomd.com\\\/ro\\\/#listItem\",\"position\":1,\"name\":\"\\u0413\\u043b\\u0430\\u0432\\u043d\\u0430\\u044f\",\"item\":\"https:\\\/\\\/tabaccomd.com\\\/ro\\\/\",\"nextItem\":{\"@type\":\"ListItem\",\"@id\":\"https:\\\/\\\/tabaccomd.com\\\/ro\\\/catalog\\\/#listItem\",\"name\":\"Catalog\"}},{\"@type\":\"ListItem\",\"@id\":\"https:\\\/\\\/tabaccomd.com\\\/ro\\\/catalog\\\/#listItem\",\"position\":2,\"name\":\"Catalog\",\"item\":\"https:\\\/\\\/tabaccomd.com\\\/ro\\\/catalog\\\/\",\"nextItem\":{\"@type\":\"ListItem\",\"@id\":\"https:\\\/\\\/tabaccomd.com\\\/ro\\\/product-category\\\/vape-ro\\\/#listItem\",\"name\":\"Vape\"},\"previousItem\":{\"@type\":\"ListItem\",\"@id\":\"https:\\\/\\\/tabaccomd.com\\\/ro\\\/#listItem\",\"name\":\"\\u0413\\u043b\\u0430\\u0432\\u043d\\u0430\\u044f\"}},{\"@type\":\"ListItem\",\"@id\":\"https:\\\/\\\/tabaccomd.com\\\/ro\\\/product-category\\\/vape-ro\\\/#listItem\",\"position\":3,\"name\":\"Vape\",\"item\":\"https:\\\/\\\/tabaccomd.com\\\/ro\\\/product-category\\\/vape-ro\\\/\",\"nextItem\":{\"@type\":\"ListItem\",\"@id\":\"https:\\\/\\\/tabaccomd.com\\\/ro\\\/product-category\\\/vape-ro\\\/sisteme-pod\\\/#listItem\",\"name\":\"Sisteme POD\"},\"previousItem\":{\"@type\":\"ListItem\",\"@id\":\"https:\\\/\\\/tabaccomd.com\\\/ro\\\/catalog\\\/#listItem\",\"name\":\"Catalog\"}},{\"@type\":\"ListItem\",\"@id\":\"https:\\\/\\\/tabaccomd.com\\\/ro\\\/product-category\\\/vape-ro\\\/sisteme-pod\\\/#listItem\",\"position\":4,\"name\":\"Sisteme POD\",\"item\":\"https:\\\/\\\/tabaccomd.com\\\/ro\\\/product-category\\\/vape-ro\\\/sisteme-pod\\\/\",\"nextItem\":{\"@type\":\"ListItem\",\"@id\":\"https:\\\/\\\/tabaccomd.com\\\/ro\\\/product\\\/geekvape-sonder-q2-pod-system-burgundy-red\\\/#listItem\",\"name\":\"GEEKVAPE Sonder Q2 Pod System (Burgundy Red)\"},\"previousItem\":{\"@type\":\"ListItem\",\"@id\":\"https:\\\/\\\/tabaccomd.com\\\/ro\\\/product-category\\\/vape-ro\\\/#listItem\",\"name\":\"Vape\"}},{\"@type\":\"ListItem\",\"@id\":\"https:\\\/\\\/tabaccomd.com\\\/ro\\\/product\\\/geekvape-sonder-q2-pod-system-burgundy-red\\\/#listItem\",\"position\":5,\"name\":\"GEEKVAPE Sonder Q2 Pod System (Burgundy Red)\",\"previousItem\":{\"@type\":\"ListItem\",\"@id\":\"https:\\\/\\\/tabaccomd.com\\\/ro\\\/product-category\\\/vape-ro\\\/sisteme-pod\\\/#listItem\",\"name\":\"Sisteme POD\"}}]},{\"@type\":\"Organization\",\"@id\":\"https:\\\/\\\/tabaccomd.com\\\/ro\\\/#organization\",\"name\":\"Tabacco House\",\"description\":\"\\u041c\\u0430\\u0433\\u0430\\u0437\\u0438\\u043d \\u0442\\u0430\\u0431\\u0430\\u0447\\u043d\\u044b\\u0445 \\u0438\\u0437\\u0434\\u0435\\u043b\\u0438\\u0439\",\"url\":\"https:\\\/\\\/tabaccomd.com\\\/ro\\\/\",\"email\":\"Office@cazacuhouse.com\",\"telephone\":\"+37361000935\",\"logo\":{\"@type\":\"ImageObject\",\"url\":\"https:\\\/\\\/tabaccomd.com\\\/wp-content\\\/uploads\\\/2024\\\/02\\\/logo_header3.png\",\"@id\":\"https:\\\/\\\/tabaccomd.com\\\/ro\\\/product\\\/geekvape-sonder-q2-pod-system-burgundy-red\\\/#organizationLogo\",\"width\":32,\"height\":32,\"caption\":\"Tabacco House\"},\"image\":{\"@id\":\"https:\\\/\\\/tabaccomd.com\\\/ro\\\/product\\\/geekvape-sonder-q2-pod-system-burgundy-red\\\/#organizationLogo\"},\"sameAs\":[\"https:\\\/\\\/www.facebook.com\\\/tabaccomd.com\\\/\",\"https:\\\/\\\/www.instagram.com\\\/tabaccomd.com\\\/\"],\"address\":{\"@id\":\"https:\\\/\\\/tabaccomd.com\\\/ro\\\/#postaladdress\",\"@type\":\"PostalAddress\",\"streetAddress\":\"Strada Albi\\u015foara 4, Chi\\u0219in\\u0103u, Bulevardul \\u0218tefan cel Mare \\u0219i Sf\\u00eent 136, Chi\\u0219in\\u0103u\",\"addressLocality\":\"Chi\\u0219in\\u0103u\",\"addressCountry\":\"MD\"}},{\"@type\":\"Product\",\"@id\":\"https:\\\/\\\/tabaccomd.com\\\/ro\\\/product\\\/geekvape-sonder-q2-pod-system-burgundy-red\\\/#wooCommerceProduct\",\"name\":\"GEEKVAPE Sonder Q2 Pod System (Burgundy Red)\",\"description\":\"Brand: GEEKVAPE\\r\\n \\t\\u021aara produc\\u0103toare: China\\r\\n \\tBaterie: 1350 mAh\\r\\n \\tPutere de ie\\u0219ire: Maxim 30 W\\r\\n \\tCapacitate cartu\\u0219: 0,8 \\u03a9 (3 ml)\\r\\n \\tTip de \\u00eenc\\u0103rcare: Type-C 5 \\u00een 1 A\\r\\n \\tCuloare: Mov \\u00eenchis\\r\\n \\tIluminare: Inel colorat LED RGB\",\"url\":\"https:\\\/\\\/tabaccomd.com\\\/ro\\\/product\\\/geekvape-sonder-q2-pod-system-burgundy-red\\\/\",\"sku\":\"SQ2-08\",\"image\":{\"@type\":\"ImageObject\",\"url\":\"https:\\\/\\\/tabaccomd.com\\\/wp-content\\\/uploads\\\/2026\\\/04\\\/GEEKVAPE-Sonder-Q2-Pod-System-Burgundy-Red-0.jpg\",\"@id\":\"https:\\\/\\\/tabaccomd.com\\\/ro\\\/product\\\/geekvape-sonder-q2-pod-system-burgundy-red\\\/#productImage\",\"width\":1200,\"height\":1200,\"caption\":\"GEEKVAPE-Sonder-Q2-Pod-System-Burgundy-Red-0\"},\"offers\":{\"@type\":\"Offer\",\"url\":\"https:\\\/\\\/tabaccomd.com\\\/ro\\\/product\\\/geekvape-sonder-q2-pod-system-burgundy-red\\\/#wooCommerceOffer\",\"price\":370,\"priceCurrency\":\"MDL\",\"category\":\"Sisteme POD\",\"availability\":\"https:\\\/\\\/schema.org\\\/InStock\",\"priceSpecification\":{\"@type\":\"PriceSpecification\",\"price\":370,\"priceCurrency\":\"MDL\",\"valueAddedTaxIncluded\":\"true\"},\"seller\":{\"@type\":\"Organization\",\"@id\":\"https:\\\/\\\/tabaccomd.com\\\/ro\\\/#organization\"}}},{\"@type\":\"WebPage\",\"@id\":\"https:\\\/\\\/tabaccomd.com\\\/ro\\\/product\\\/geekvape-sonder-q2-pod-system-burgundy-red\\\/#webpage\",\"url\":\"https:\\\/\\\/tabaccomd.com\\\/ro\\\/product\\\/geekvape-sonder-q2-pod-system-burgundy-red\\\/\",\"name\":\"GEEKVAPE Sonder Q2 Pod System (Burgundy Red) \\u2013 Tabacco House\",\"inLanguage\":\"ro-RO\",\"isPartOf\":{\"@id\":\"https:\\\/\\\/tabaccomd.com\\\/ro\\\/#website\"},\"breadcrumb\":{\"@id\":\"https:\\\/\\\/tabaccomd.com\\\/ro\\\/product\\\/geekvape-sonder-q2-pod-system-burgundy-red\\\/#breadcrumblist\"},\"image\":{\"@type\":\"ImageObject\",\"url\":\"https:\\\/\\\/tabaccomd.com\\\/wp-content\\\/uploads\\\/2026\\\/04\\\/GEEKVAPE-Sonder-Q2-Pod-System-Burgundy-Red-0.jpg\",\"@id\":\"https:\\\/\\\/tabaccomd.com\\\/ro\\\/product\\\/geekvape-sonder-q2-pod-system-burgundy-red\\\/#mainImage\",\"width\":1200,\"height\":1200,\"caption\":\"GEEKVAPE-Sonder-Q2-Pod-System-Burgundy-Red-0\"},\"primaryImageOfPage\":{\"@id\":\"https:\\\/\\\/tabaccomd.com\\\/ro\\\/product\\\/geekvape-sonder-q2-pod-system-burgundy-red\\\/#mainImage\"},\"datePublished\":\"2026-04-10T15:00:00+03:00\",\"dateModified\":\"2026-04-10T15:10:23+03:00\"},{\"@type\":\"WebSite\",\"@id\":\"https:\\\/\\\/tabaccomd.com\\\/ro\\\/#website\",\"url\":\"https:\\\/\\\/tabaccomd.com\\\/ro\\\/\",\"name\":\"Tabacco House\",\"alternateName\":\"tobaccomd.com\",\"description\":\"\\u041c\\u0430\\u0433\\u0430\\u0437\\u0438\\u043d \\u0442\\u0430\\u0431\\u0430\\u0447\\u043d\\u044b\\u0445 \\u0438\\u0437\\u0434\\u0435\\u043b\\u0438\\u0439\",\"inLanguage\":\"ro-RO\",\"publisher\":{\"@id\":\"https:\\\/\\\/tabaccomd.com\\\/ro\\\/#organization\"}}]}\n\t\t<\/script>\n\t\t<!-- All in One SEO Pro -->\r\n\t\t<title>GEEKVAPE Sonder Q2 Pod System (Burgundy Red) \u2013 Tabacco House<\/title>\n\n","aioseo_head_json":{"title":"GEEKVAPE Sonder Q2 Pod System (Burgundy Red) \u2013 Tabacco House","description":"","canonical_url":"https:\/\/tabaccomd.com\/ro\/product\/geekvape-sonder-q2-pod-system-burgundy-red\/","robots":"max-image-preview:large","keywords":"","webmasterTools":{"miscellaneous":""},"schema":{"@context":"https:\/\/schema.org","@graph":[{"@type":"BreadcrumbList","@id":"https:\/\/tabaccomd.com\/ro\/product\/geekvape-sonder-q2-pod-system-burgundy-red\/#breadcrumblist","itemListElement":[{"@type":"ListItem","@id":"https:\/\/tabaccomd.com\/ro\/#listItem","position":1,"name":"\u0413\u043b\u0430\u0432\u043d\u0430\u044f","item":"https:\/\/tabaccomd.com\/ro\/","nextItem":{"@type":"ListItem","@id":"https:\/\/tabaccomd.com\/ro\/catalog\/#listItem","name":"Catalog"}},{"@type":"ListItem","@id":"https:\/\/tabaccomd.com\/ro\/catalog\/#listItem","position":2,"name":"Catalog","item":"https:\/\/tabaccomd.com\/ro\/catalog\/","nextItem":{"@type":"ListItem","@id":"https:\/\/tabaccomd.com\/ro\/product-category\/vape-ro\/#listItem","name":"Vape"},"previousItem":{"@type":"ListItem","@id":"https:\/\/tabaccomd.com\/ro\/#listItem","name":"\u0413\u043b\u0430\u0432\u043d\u0430\u044f"}},{"@type":"ListItem","@id":"https:\/\/tabaccomd.com\/ro\/product-category\/vape-ro\/#listItem","position":3,"name":"Vape","item":"https:\/\/tabaccomd.com\/ro\/product-category\/vape-ro\/","nextItem":{"@type":"ListItem","@id":"https:\/\/tabaccomd.com\/ro\/product-category\/vape-ro\/sisteme-pod\/#listItem","name":"Sisteme POD"},"previousItem":{"@type":"ListItem","@id":"https:\/\/tabaccomd.com\/ro\/catalog\/#listItem","name":"Catalog"}},{"@type":"ListItem","@id":"https:\/\/tabaccomd.com\/ro\/product-category\/vape-ro\/sisteme-pod\/#listItem","position":4,"name":"Sisteme POD","item":"https:\/\/tabaccomd.com\/ro\/product-category\/vape-ro\/sisteme-pod\/","nextItem":{"@type":"ListItem","@id":"https:\/\/tabaccomd.com\/ro\/product\/geekvape-sonder-q2-pod-system-burgundy-red\/#listItem","name":"GEEKVAPE Sonder Q2 Pod System (Burgundy Red)"},"previousItem":{"@type":"ListItem","@id":"https:\/\/tabaccomd.com\/ro\/product-category\/vape-ro\/#listItem","name":"Vape"}},{"@type":"ListItem","@id":"https:\/\/tabaccomd.com\/ro\/product\/geekvape-sonder-q2-pod-system-burgundy-red\/#listItem","position":5,"name":"GEEKVAPE Sonder Q2 Pod System (Burgundy Red)","previousItem":{"@type":"ListItem","@id":"https:\/\/tabaccomd.com\/ro\/product-category\/vape-ro\/sisteme-pod\/#listItem","name":"Sisteme POD"}}]},{"@type":"Organization","@id":"https:\/\/tabaccomd.com\/ro\/#organization","name":"Tabacco House","description":"\u041c\u0430\u0433\u0430\u0437\u0438\u043d \u0442\u0430\u0431\u0430\u0447\u043d\u044b\u0445 \u0438\u0437\u0434\u0435\u043b\u0438\u0439","url":"https:\/\/tabaccomd.com\/ro\/","email":"Office@cazacuhouse.com","telephone":"+37361000935","logo":{"@type":"ImageObject","url":"https:\/\/tabaccomd.com\/wp-content\/uploads\/2024\/02\/logo_header3.png","@id":"https:\/\/tabaccomd.com\/ro\/product\/geekvape-sonder-q2-pod-system-burgundy-red\/#organizationLogo","width":32,"height":32,"caption":"Tabacco House"},"image":{"@id":"https:\/\/tabaccomd.com\/ro\/product\/geekvape-sonder-q2-pod-system-burgundy-red\/#organizationLogo"},"sameAs":["https:\/\/www.facebook.com\/tabaccomd.com\/","https:\/\/www.instagram.com\/tabaccomd.com\/"],"address":{"@id":"https:\/\/tabaccomd.com\/ro\/#postaladdress","@type":"PostalAddress","streetAddress":"Strada Albi\u015foara 4, Chi\u0219in\u0103u, Bulevardul \u0218tefan cel Mare \u0219i Sf\u00eent 136, Chi\u0219in\u0103u","addressLocality":"Chi\u0219in\u0103u","addressCountry":"MD"}},{"@type":"Product","@id":"https:\/\/tabaccomd.com\/ro\/product\/geekvape-sonder-q2-pod-system-burgundy-red\/#wooCommerceProduct","name":"GEEKVAPE Sonder Q2 Pod System (Burgundy Red)","description":"Brand: GEEKVAPE\r\n \t\u021aara produc\u0103toare: China\r\n \tBaterie: 1350 mAh\r\n \tPutere de ie\u0219ire: Maxim 30 W\r\n \tCapacitate cartu\u0219: 0,8 \u03a9 (3 ml)\r\n \tTip de \u00eenc\u0103rcare: Type-C 5 \u00een 1 A\r\n \tCuloare: Mov \u00eenchis\r\n \tIluminare: Inel colorat LED RGB","url":"https:\/\/tabaccomd.com\/ro\/product\/geekvape-sonder-q2-pod-system-burgundy-red\/","sku":"SQ2-08","image":{"@type":"ImageObject","url":"https:\/\/tabaccomd.com\/wp-content\/uploads\/2026\/04\/GEEKVAPE-Sonder-Q2-Pod-System-Burgundy-Red-0.jpg","@id":"https:\/\/tabaccomd.com\/ro\/product\/geekvape-sonder-q2-pod-system-burgundy-red\/#productImage","width":1200,"height":1200,"caption":"GEEKVAPE-Sonder-Q2-Pod-System-Burgundy-Red-0"},"offers":{"@type":"Offer","url":"https:\/\/tabaccomd.com\/ro\/product\/geekvape-sonder-q2-pod-system-burgundy-red\/#wooCommerceOffer","price":370,"priceCurrency":"MDL","category":"Sisteme POD","availability":"https:\/\/schema.org\/InStock","priceSpecification":{"@type":"PriceSpecification","price":370,"priceCurrency":"MDL","valueAddedTaxIncluded":"true"},"seller":{"@type":"Organization","@id":"https:\/\/tabaccomd.com\/ro\/#organization"}}},{"@type":"WebPage","@id":"https:\/\/tabaccomd.com\/ro\/product\/geekvape-sonder-q2-pod-system-burgundy-red\/#webpage","url":"https:\/\/tabaccomd.com\/ro\/product\/geekvape-sonder-q2-pod-system-burgundy-red\/","name":"GEEKVAPE Sonder Q2 Pod System (Burgundy Red) \u2013 Tabacco House","inLanguage":"ro-RO","isPartOf":{"@id":"https:\/\/tabaccomd.com\/ro\/#website"},"breadcrumb":{"@id":"https:\/\/tabaccomd.com\/ro\/product\/geekvape-sonder-q2-pod-system-burgundy-red\/#breadcrumblist"},"image":{"@type":"ImageObject","url":"https:\/\/tabaccomd.com\/wp-content\/uploads\/2026\/04\/GEEKVAPE-Sonder-Q2-Pod-System-Burgundy-Red-0.jpg","@id":"https:\/\/tabaccomd.com\/ro\/product\/geekvape-sonder-q2-pod-system-burgundy-red\/#mainImage","width":1200,"height":1200,"caption":"GEEKVAPE-Sonder-Q2-Pod-System-Burgundy-Red-0"},"primaryImageOfPage":{"@id":"https:\/\/tabaccomd.com\/ro\/product\/geekvape-sonder-q2-pod-system-burgundy-red\/#mainImage"},"datePublished":"2026-04-10T15:00:00+03:00","dateModified":"2026-04-10T15:10:23+03:00"},{"@type":"WebSite","@id":"https:\/\/tabaccomd.com\/ro\/#website","url":"https:\/\/tabaccomd.com\/ro\/","name":"Tabacco House","alternateName":"tobaccomd.com","description":"\u041c\u0430\u0433\u0430\u0437\u0438\u043d \u0442\u0430\u0431\u0430\u0447\u043d\u044b\u0445 \u0438\u0437\u0434\u0435\u043b\u0438\u0439","inLanguage":"ro-RO","publisher":{"@id":"https:\/\/tabaccomd.com\/ro\/#organization"}}]},"og:locale":"ro_RO","og:site_name":"Tabacco House \u2013 \u041c\u0430\u0433\u0430\u0437\u0438\u043d \u0442\u0430\u0431\u0430\u0447\u043d\u044b\u0445 \u0438\u0437\u0434\u0435\u043b\u0438\u0439","og:type":"article","og:title":"GEEKVAPE Sonder Q2 Pod System (Burgundy Red) \u2013 Tabacco House","og:url":"https:\/\/tabaccomd.com\/ro\/product\/geekvape-sonder-q2-pod-system-burgundy-red\/","article:published_time":"2026-04-10T12:00:00+00:00","article:modified_time":"2026-04-10T12:10:23+00:00","article:publisher":"https:\/\/www.facebook.com\/tabaccomd.com\/","twitter:card":"summary_large_image","twitter:title":"GEEKVAPE Sonder Q2 Pod System (Burgundy Red) \u2013 Tabacco House"},"aioseo_meta_data":{"post_id":"158345","title":null,"description":null,"keywords":null,"keyphrases":null,"primary_term":null,"canonical_url":null,"og_title":null,"og_description":null,"og_object_type":"default","og_image_type":"default","og_image_url":null,"og_image_width":null,"og_image_height":null,"og_image_custom_url":null,"og_image_custom_fields":null,"og_video":null,"og_custom_url":null,"og_article_section":null,"og_article_tags":null,"twitter_use_og":false,"twitter_card":"default","twitter_image_type":"default","twitter_image_url":null,"twitter_image_custom_url":null,"twitter_image_custom_fields":null,"twitter_title":null,"twitter_description":null,"schema":{"blockGraphs":[],"customGraphs":[],"default":{"data":{"Article":[],"Course":[],"Dataset":[],"FAQPage":[],"Movie":[],"Person":[],"Product":[],"ProductReview":[],"Car":[],"Recipe":[],"Service":[],"SoftwareApplication":[],"WebPage":[]},"graphName":"","isEnabled":true},"graphs":[]},"schema_type":"default","schema_type_options":null,"pillar_content":false,"robots_default":true,"robots_noindex":false,"robots_noarchive":false,"robots_nosnippet":false,"robots_nofollow":false,"robots_noimageindex":false,"robots_noodp":false,"robots_notranslate":false,"robots_max_snippet":null,"robots_max_videopreview":null,"robots_max_imagepreview":"large","priority":null,"frequency":null,"local_seo":null,"seo_analyzer_scan_date":"2026-04-10 12:41:26","breadcrumb_settings":null,"limit_modified_date":false,"reviewed_by":null,"open_ai":null,"ai":null,"created":"2026-04-10 12:01:52","updated":"2026-04-10 12:41:26"},"aioseo_breadcrumb":"<div class=\"aioseo-breadcrumbs\"><span class=\"aioseo-breadcrumb\">\n\t<a href=\"https:\/\/tabaccomd.com\/ro\/\" title=\"\u0413\u043b\u0430\u0432\u043d\u0430\u044f\">\u0413\u043b\u0430\u0432\u043d\u0430\u044f<\/a>\n<\/span><span class=\"aioseo-breadcrumb-separator\">\u00bb<\/span><span class=\"aioseo-breadcrumb\">\n\t<a href=\"https:\/\/tabaccomd.com\/ro\/catalog\/\" title=\"Catalog\">Catalog<\/a>\n<\/span><span class=\"aioseo-breadcrumb-separator\">\u00bb<\/span><span class=\"aioseo-breadcrumb\">\n\t<a href=\"https:\/\/tabaccomd.com\/ro\/product-category\/vape-ro\/\" title=\"Vape\">Vape<\/a>\n<\/span><span class=\"aioseo-breadcrumb-separator\">\u00bb<\/span><span class=\"aioseo-breadcrumb\">\n\t<a href=\"https:\/\/tabaccomd.com\/ro\/product-category\/vape-ro\/sisteme-pod\/\" title=\"Sisteme POD\">Sisteme POD<\/a>\n<\/span><span class=\"aioseo-breadcrumb-separator\">\u00bb<\/span><span class=\"aioseo-breadcrumb\">\n\tGEEKVAPE Sonder Q2 Pod System (Burgundy Red)\n<\/span><\/div>","aioseo_breadcrumb_json":[{"label":"\u0413\u043b\u0430\u0432\u043d\u0430\u044f","link":"https:\/\/tabaccomd.com\/ro\/"},{"label":"Catalog","link":"https:\/\/tabaccomd.com\/ro\/catalog\/"},{"label":"Vape","link":"https:\/\/tabaccomd.com\/ro\/product-category\/vape-ro\/"},{"label":"Sisteme POD","link":"https:\/\/tabaccomd.com\/ro\/product-category\/vape-ro\/sisteme-pod\/"},{"label":"GEEKVAPE Sonder Q2 Pod System (Burgundy Red)","link":"https:\/\/tabaccomd.com\/ro\/product\/geekvape-sonder-q2-pod-system-burgundy-red\/"}],"images_for_1c":[{"url":"https:\/\/tabaccomd.com\/wp-content\/uploads\/2026\/04\/GEEKVAPE-Sonder-Q2-Pod-System-Burgundy-Red-0.jpg","type":"featured","alt":"GEEKVAPE-Sonder-Q2-Pod-System-Burgundy-Red-0","filename":"GEEKVAPE-Sonder-Q2-Pod-System-Burgundy-Red-0.jpg"}],"additional_data_1c":{"modified_date":"2026-04-10 15:10:23","permalink":"https:\/\/tabaccomd.com\/ro\/product\/geekvape-sonder-q2-pod-system-burgundy-red\/","stock_status":"instock","manage_stock":"no"},"_links":{"self":[{"href":"https:\/\/tabaccomd.com\/ro\/wp-json\/wp\/v2\/product\/158345","targetHints":{"allow":["GET"]}}],"collection":[{"href":"https:\/\/tabaccomd.com\/ro\/wp-json\/wp\/v2\/product"}],"about":[{"href":"https:\/\/tabaccomd.com\/ro\/wp-json\/wp\/v2\/types\/product"}],"wp:featuredmedia":[{"embeddable":true,"href":"https:\/\/tabaccomd.com\/ro\/wp-json\/wp\/v2\/media\/158347"}],"wp:attachment":[{"href":"https:\/\/tabaccomd.com\/ro\/wp-json\/wp\/v2\/media?parent=158345"}],"wp:term":[{"taxonomy":"product_brand","embeddable":true,"href":"https:\/\/tabaccomd.com\/ro\/wp-json\/wp\/v2\/product_brand?post=158345"},{"taxonomy":"product_cat","embeddable":true,"href":"https:\/\/tabaccomd.com\/ro\/wp-json\/wp\/v2\/product_cat?post=158345"},{"taxonomy":"product_tag","embeddable":true,"href":"https:\/\/tabaccomd.com\/ro\/wp-json\/wp\/v2\/product_tag?post=158345"}],"curies":[{"name":"wp","href":"https:\/\/api.w.org\/{rel}","templated":true}]}}