{"id":158202,"date":"2026-04-07T17:29:15","date_gmt":"2026-04-07T14:29:15","guid":{"rendered":"https:\/\/tabaccomd.com\/product\/trabucuri-cohiba-siglo-de-oro-year-of-the-rabbit-18\/"},"modified":"2026-04-07T17:29:15","modified_gmt":"2026-04-07T14:29:15","slug":"trabucuri-cohiba-siglo-de-oro-year-of-the-rabbit-18","status":"publish","type":"product","link":"https:\/\/tabaccomd.com\/ro\/product\/trabucuri-cohiba-siglo-de-oro-year-of-the-rabbit-18\/","title":{"rendered":"Trabucuri Cohiba Siglo de Oro &#8222;Year of the rabbit&#8221; 18"},"content":{"rendered":"<p data-start=\"0\" data-end=\"339\">Trabucurile Cohiba Siglo de Oro <em>\u201eYear of the Rabbit\u201d<\/em> sunt o edi\u021bie special\u0103 \u0219i foarte exclusivist\u0103, lansat\u0103 de brandul <span class=\"hover:entity-accent entity-underline inline cursor-pointer align-baseline\"><span class=\"whitespace-normal\">Cohiba<\/span><\/span> cu ocazia Anului Iepurelui din zodiacul chinezesc. Aceast\u0103 vitol\u0103 face parte din linia L\u00ednea 1492 \u0219i este considerat\u0103 una dintre cele mai recente \u0219i prestigioase edi\u021bii limitate. Formatul este unul inedit, cu dimensiuni compacte (aproximativ 115 mm lungime \u0219i 54 ring gauge), oferind o experien\u021b\u0103 de fumat scurt\u0103, dar intens\u0103 \u0219i rafinat\u0103. Trabucurile sunt realizate manual din tutun cubanez selectat din regiunea <span class=\"hover:entity-accent entity-underline inline cursor-pointer align-baseline\"><span class=\"whitespace-normal\">Vuelta Abajo<\/span><\/span>, cunoscut\u0103 pentru calitatea sa excep\u021bional\u0103. T\u0103ria este medie, cu un fum dens \u0219i catifelat. Profilul aromatic este complex, cu note de lemn fin, cafea, cacao, condimente \u0219i o u\u0219oar\u0103 dulcea\u021b\u0103 specific\u0103 Cohiba, care evolueaz\u0103 pe parcursul fum\u0103rii. Este un trabuc de colec\u021bie, creat pentru aficionado-ii care apreciaz\u0103 edi\u021biile rare, designul festiv \u0219i calitatea superioar\u0103 a unui Cohiba modern.<\/p>\n<p data-start=\"0\" data-end=\"339\">Pute\u021bi achizi\u021biona trabucurile Cohiba Siglo de Oro &#8222;Year of the rabbit&#8221; 18 \u00een Moldova, Chi\u0219in\u0103u, \u00een re\u021beaua de magazine Tabacco House.<\/p>\n","protected":false},"excerpt":{"rendered":"<ul>\n<li class=\"uncont\"><strong>Pre\u021b indicat pentru 18 buc\u0103\u021bi<\/strong><\/li>\n<li class=\"uncont\">\u021aara produc\u0103torului: Cuba<\/li>\n<li class=\"uncont\">Produc\u0103tor: Habanos S.A.<\/li>\n<li class=\"uncont\">T\u0103rie: Medie<\/li>\n<li class=\"uncont\">Dimensiuni: 115 mm x 21,43 mm<\/li>\n<li class=\"uncont\">Format: Exitosos<\/li>\n<\/ul>\n","protected":false},"featured_media":158191,"template":"","meta":{"om_disable_all_campaigns":false,"_monsterinsights_skip_tracking":false,"_monsterinsights_sitenote_active":false,"_monsterinsights_sitenote_note":"","_monsterinsights_sitenote_category":0},"product_brand":[],"product_cat":[155],"product_tag":[],"class_list":{"0":"post-158202","1":"product","2":"type-product","3":"status-publish","4":"has-post-thumbnail","6":"product_cat-trabucuri-din-cuba","8":"first","9":"instock","10":"taxable","11":"shipping-taxable","12":"purchasable","13":"product-type-simple"},"aioseo_notices":[],"aioseo_head":"\n\t\t<!-- All in One SEO Pro 4.9.5.1 - aioseo.com -->\n\t<meta name=\"robots\" content=\"max-image-preview:large\" \/>\n\t<link rel=\"canonical\" href=\"https:\/\/tabaccomd.com\/ro\/product\/trabucuri-cohiba-siglo-de-oro-year-of-the-rabbit-18\/\" \/>\n\t<meta name=\"generator\" content=\"All in One SEO Pro (AIOSEO) 4.9.5.1\" \/>\n\t\t<meta property=\"og:locale\" content=\"ro_RO\" \/>\n\t\t<meta property=\"og:site_name\" content=\"Tabacco House \u2013 \u041c\u0430\u0433\u0430\u0437\u0438\u043d \u0442\u0430\u0431\u0430\u0447\u043d\u044b\u0445 \u0438\u0437\u0434\u0435\u043b\u0438\u0439\" \/>\n\t\t<meta property=\"og:type\" content=\"article\" \/>\n\t\t<meta property=\"og:title\" content=\"Trabucuri Cohiba Siglo de Oro \u201eYear of the rabbit\u201d 18 \u2013 Tabacco House\" \/>\n\t\t<meta property=\"og:url\" content=\"https:\/\/tabaccomd.com\/ro\/product\/trabucuri-cohiba-siglo-de-oro-year-of-the-rabbit-18\/\" \/>\n\t\t<meta property=\"article:published_time\" content=\"2026-04-07T14:29:15+00:00\" \/>\n\t\t<meta property=\"article:modified_time\" content=\"2026-04-07T14:29:15+00:00\" \/>\n\t\t<meta property=\"article:publisher\" content=\"https:\/\/www.facebook.com\/tabaccomd.com\/\" \/>\n\t\t<meta name=\"twitter:card\" content=\"summary_large_image\" \/>\n\t\t<meta name=\"twitter:title\" content=\"Trabucuri Cohiba Siglo de Oro \u201eYear of the rabbit\u201d 18 \u2013 Tabacco House\" \/>\n\t\t<script type=\"application\/ld+json\" class=\"aioseo-schema\">\n\t\t\t{\"@context\":\"https:\\\/\\\/schema.org\",\"@graph\":[{\"@type\":\"BreadcrumbList\",\"@id\":\"https:\\\/\\\/tabaccomd.com\\\/ro\\\/product\\\/trabucuri-cohiba-siglo-de-oro-year-of-the-rabbit-18\\\/#breadcrumblist\",\"itemListElement\":[{\"@type\":\"ListItem\",\"@id\":\"https:\\\/\\\/tabaccomd.com\\\/ro\\\/#listItem\",\"position\":1,\"name\":\"\\u0413\\u043b\\u0430\\u0432\\u043d\\u0430\\u044f\",\"item\":\"https:\\\/\\\/tabaccomd.com\\\/ro\\\/\",\"nextItem\":{\"@type\":\"ListItem\",\"@id\":\"https:\\\/\\\/tabaccomd.com\\\/ro\\\/catalog\\\/#listItem\",\"name\":\"Catalog\"}},{\"@type\":\"ListItem\",\"@id\":\"https:\\\/\\\/tabaccomd.com\\\/ro\\\/catalog\\\/#listItem\",\"position\":2,\"name\":\"Catalog\",\"item\":\"https:\\\/\\\/tabaccomd.com\\\/ro\\\/catalog\\\/\",\"nextItem\":{\"@type\":\"ListItem\",\"@id\":\"https:\\\/\\\/tabaccomd.com\\\/ro\\\/product-category\\\/trabucuri-din-cuba\\\/#listItem\",\"name\":\"Trabucuri din Cuba\"},\"previousItem\":{\"@type\":\"ListItem\",\"@id\":\"https:\\\/\\\/tabaccomd.com\\\/ro\\\/#listItem\",\"name\":\"\\u0413\\u043b\\u0430\\u0432\\u043d\\u0430\\u044f\"}},{\"@type\":\"ListItem\",\"@id\":\"https:\\\/\\\/tabaccomd.com\\\/ro\\\/product-category\\\/trabucuri-din-cuba\\\/#listItem\",\"position\":3,\"name\":\"Trabucuri din Cuba\",\"item\":\"https:\\\/\\\/tabaccomd.com\\\/ro\\\/product-category\\\/trabucuri-din-cuba\\\/\",\"nextItem\":{\"@type\":\"ListItem\",\"@id\":\"https:\\\/\\\/tabaccomd.com\\\/ro\\\/product\\\/trabucuri-cohiba-siglo-de-oro-year-of-the-rabbit-18\\\/#listItem\",\"name\":\"Trabucuri Cohiba Siglo de Oro &#8222;Year of the rabbit&#8221; 18\"},\"previousItem\":{\"@type\":\"ListItem\",\"@id\":\"https:\\\/\\\/tabaccomd.com\\\/ro\\\/catalog\\\/#listItem\",\"name\":\"Catalog\"}},{\"@type\":\"ListItem\",\"@id\":\"https:\\\/\\\/tabaccomd.com\\\/ro\\\/product\\\/trabucuri-cohiba-siglo-de-oro-year-of-the-rabbit-18\\\/#listItem\",\"position\":4,\"name\":\"Trabucuri Cohiba Siglo de Oro &#8222;Year of the rabbit&#8221; 18\",\"previousItem\":{\"@type\":\"ListItem\",\"@id\":\"https:\\\/\\\/tabaccomd.com\\\/ro\\\/product-category\\\/trabucuri-din-cuba\\\/#listItem\",\"name\":\"Trabucuri din Cuba\"}}]},{\"@type\":\"Organization\",\"@id\":\"https:\\\/\\\/tabaccomd.com\\\/ro\\\/#organization\",\"name\":\"Tabacco House\",\"description\":\"\\u041c\\u0430\\u0433\\u0430\\u0437\\u0438\\u043d \\u0442\\u0430\\u0431\\u0430\\u0447\\u043d\\u044b\\u0445 \\u0438\\u0437\\u0434\\u0435\\u043b\\u0438\\u0439\",\"url\":\"https:\\\/\\\/tabaccomd.com\\\/ro\\\/\",\"email\":\"Office@cazacuhouse.com\",\"telephone\":\"+37361000935\",\"logo\":{\"@type\":\"ImageObject\",\"url\":\"https:\\\/\\\/tabaccomd.com\\\/wp-content\\\/uploads\\\/2024\\\/02\\\/logo_header3.png\",\"@id\":\"https:\\\/\\\/tabaccomd.com\\\/ro\\\/product\\\/trabucuri-cohiba-siglo-de-oro-year-of-the-rabbit-18\\\/#organizationLogo\",\"width\":32,\"height\":32,\"caption\":\"Tabacco House\"},\"image\":{\"@id\":\"https:\\\/\\\/tabaccomd.com\\\/ro\\\/product\\\/trabucuri-cohiba-siglo-de-oro-year-of-the-rabbit-18\\\/#organizationLogo\"},\"sameAs\":[\"https:\\\/\\\/www.facebook.com\\\/tabaccomd.com\\\/\",\"https:\\\/\\\/www.instagram.com\\\/tabaccomd.com\\\/\"],\"address\":{\"@id\":\"https:\\\/\\\/tabaccomd.com\\\/ro\\\/#postaladdress\",\"@type\":\"PostalAddress\",\"streetAddress\":\"Strada Albi\\u015foara 4, Chi\\u0219in\\u0103u, Bulevardul \\u0218tefan cel Mare \\u0219i Sf\\u00eent 136, Chi\\u0219in\\u0103u\",\"addressLocality\":\"Chi\\u0219in\\u0103u\",\"addressCountry\":\"MD\"}},{\"@type\":\"Product\",\"@id\":\"https:\\\/\\\/tabaccomd.com\\\/ro\\\/product\\\/trabucuri-cohiba-siglo-de-oro-year-of-the-rabbit-18\\\/#wooCommerceProduct\",\"name\":\"Trabucuri Cohiba Siglo de Oro \\\"Year of the rabbit\\\" 18\",\"description\":\"Pre\\u021b indicat pentru 18 buc\\u0103\\u021bi\\r\\n \\t\\u021aara produc\\u0103torului: Cuba\\r\\n \\tProduc\\u0103tor: Habanos S.A.\\r\\n \\tT\\u0103rie: Medie\\r\\n \\tDimensiuni: 115 mm x 21,43 mm\\r\\n \\tFormat: Exitosos\",\"url\":\"https:\\\/\\\/tabaccomd.com\\\/ro\\\/product\\\/trabucuri-cohiba-siglo-de-oro-year-of-the-rabbit-18\\\/\",\"sku\":\"COH176\",\"image\":{\"@type\":\"ImageObject\",\"url\":\"https:\\\/\\\/tabaccomd.com\\\/wp-content\\\/uploads\\\/2026\\\/04\\\/Cohiba-Siglo-de-Oro-Year-of-the-rabbit-cigars-4.jpg\",\"@id\":\"https:\\\/\\\/tabaccomd.com\\\/ro\\\/product\\\/trabucuri-cohiba-siglo-de-oro-year-of-the-rabbit-18\\\/#productImage\",\"width\":1200,\"height\":1200,\"caption\":\"Cohiba-Siglo-de-Oro-Year-of-the-rabbit-cigars-4\"},\"offers\":{\"@type\":\"Offer\",\"url\":\"https:\\\/\\\/tabaccomd.com\\\/ro\\\/product\\\/trabucuri-cohiba-siglo-de-oro-year-of-the-rabbit-18\\\/#wooCommerceOffer\",\"price\":119070,\"priceCurrency\":\"MDL\",\"category\":\"Trabucuri din Cuba\",\"availability\":\"https:\\\/\\\/schema.org\\\/InStock\",\"priceSpecification\":{\"@type\":\"PriceSpecification\",\"price\":119070,\"priceCurrency\":\"MDL\",\"valueAddedTaxIncluded\":\"true\"},\"seller\":{\"@type\":\"Organization\",\"@id\":\"https:\\\/\\\/tabaccomd.com\\\/ro\\\/#organization\"}}},{\"@type\":\"WebPage\",\"@id\":\"https:\\\/\\\/tabaccomd.com\\\/ro\\\/product\\\/trabucuri-cohiba-siglo-de-oro-year-of-the-rabbit-18\\\/#webpage\",\"url\":\"https:\\\/\\\/tabaccomd.com\\\/ro\\\/product\\\/trabucuri-cohiba-siglo-de-oro-year-of-the-rabbit-18\\\/\",\"name\":\"Trabucuri Cohiba Siglo de Oro \\u201eYear of the rabbit\\u201d 18 \\u2013 Tabacco House\",\"inLanguage\":\"ro-RO\",\"isPartOf\":{\"@id\":\"https:\\\/\\\/tabaccomd.com\\\/ro\\\/#website\"},\"breadcrumb\":{\"@id\":\"https:\\\/\\\/tabaccomd.com\\\/ro\\\/product\\\/trabucuri-cohiba-siglo-de-oro-year-of-the-rabbit-18\\\/#breadcrumblist\"},\"image\":{\"@type\":\"ImageObject\",\"url\":\"https:\\\/\\\/tabaccomd.com\\\/wp-content\\\/uploads\\\/2026\\\/04\\\/Cohiba-Siglo-de-Oro-Year-of-the-rabbit-cigars-4.jpg\",\"@id\":\"https:\\\/\\\/tabaccomd.com\\\/ro\\\/product\\\/trabucuri-cohiba-siglo-de-oro-year-of-the-rabbit-18\\\/#mainImage\",\"width\":1200,\"height\":1200,\"caption\":\"Cohiba-Siglo-de-Oro-Year-of-the-rabbit-cigars-4\"},\"primaryImageOfPage\":{\"@id\":\"https:\\\/\\\/tabaccomd.com\\\/ro\\\/product\\\/trabucuri-cohiba-siglo-de-oro-year-of-the-rabbit-18\\\/#mainImage\"},\"datePublished\":\"2026-04-07T17:29:15+03:00\",\"dateModified\":\"2026-04-07T17:29:15+03:00\"},{\"@type\":\"WebSite\",\"@id\":\"https:\\\/\\\/tabaccomd.com\\\/ro\\\/#website\",\"url\":\"https:\\\/\\\/tabaccomd.com\\\/ro\\\/\",\"name\":\"Tabacco House\",\"alternateName\":\"tobaccomd.com\",\"description\":\"\\u041c\\u0430\\u0433\\u0430\\u0437\\u0438\\u043d \\u0442\\u0430\\u0431\\u0430\\u0447\\u043d\\u044b\\u0445 \\u0438\\u0437\\u0434\\u0435\\u043b\\u0438\\u0439\",\"inLanguage\":\"ro-RO\",\"publisher\":{\"@id\":\"https:\\\/\\\/tabaccomd.com\\\/ro\\\/#organization\"}}]}\n\t\t<\/script>\n\t\t<!-- All in One SEO Pro -->\r\n\t\t<title>Trabucuri Cohiba Siglo de Oro \u201eYear of the rabbit\u201d 18 \u2013 Tabacco House<\/title>\n\n","aioseo_head_json":{"title":"Trabucuri Cohiba Siglo de Oro \u201eYear of the rabbit\u201d 18 \u2013 Tabacco House","description":"","canonical_url":"https:\/\/tabaccomd.com\/ro\/product\/trabucuri-cohiba-siglo-de-oro-year-of-the-rabbit-18\/","robots":"max-image-preview:large","keywords":"","webmasterTools":{"miscellaneous":""},"schema":{"@context":"https:\/\/schema.org","@graph":[{"@type":"BreadcrumbList","@id":"https:\/\/tabaccomd.com\/ro\/product\/trabucuri-cohiba-siglo-de-oro-year-of-the-rabbit-18\/#breadcrumblist","itemListElement":[{"@type":"ListItem","@id":"https:\/\/tabaccomd.com\/ro\/#listItem","position":1,"name":"\u0413\u043b\u0430\u0432\u043d\u0430\u044f","item":"https:\/\/tabaccomd.com\/ro\/","nextItem":{"@type":"ListItem","@id":"https:\/\/tabaccomd.com\/ro\/catalog\/#listItem","name":"Catalog"}},{"@type":"ListItem","@id":"https:\/\/tabaccomd.com\/ro\/catalog\/#listItem","position":2,"name":"Catalog","item":"https:\/\/tabaccomd.com\/ro\/catalog\/","nextItem":{"@type":"ListItem","@id":"https:\/\/tabaccomd.com\/ro\/product-category\/trabucuri-din-cuba\/#listItem","name":"Trabucuri din Cuba"},"previousItem":{"@type":"ListItem","@id":"https:\/\/tabaccomd.com\/ro\/#listItem","name":"\u0413\u043b\u0430\u0432\u043d\u0430\u044f"}},{"@type":"ListItem","@id":"https:\/\/tabaccomd.com\/ro\/product-category\/trabucuri-din-cuba\/#listItem","position":3,"name":"Trabucuri din Cuba","item":"https:\/\/tabaccomd.com\/ro\/product-category\/trabucuri-din-cuba\/","nextItem":{"@type":"ListItem","@id":"https:\/\/tabaccomd.com\/ro\/product\/trabucuri-cohiba-siglo-de-oro-year-of-the-rabbit-18\/#listItem","name":"Trabucuri Cohiba Siglo de Oro &#8222;Year of the rabbit&#8221; 18"},"previousItem":{"@type":"ListItem","@id":"https:\/\/tabaccomd.com\/ro\/catalog\/#listItem","name":"Catalog"}},{"@type":"ListItem","@id":"https:\/\/tabaccomd.com\/ro\/product\/trabucuri-cohiba-siglo-de-oro-year-of-the-rabbit-18\/#listItem","position":4,"name":"Trabucuri Cohiba Siglo de Oro &#8222;Year of the rabbit&#8221; 18","previousItem":{"@type":"ListItem","@id":"https:\/\/tabaccomd.com\/ro\/product-category\/trabucuri-din-cuba\/#listItem","name":"Trabucuri din Cuba"}}]},{"@type":"Organization","@id":"https:\/\/tabaccomd.com\/ro\/#organization","name":"Tabacco House","description":"\u041c\u0430\u0433\u0430\u0437\u0438\u043d \u0442\u0430\u0431\u0430\u0447\u043d\u044b\u0445 \u0438\u0437\u0434\u0435\u043b\u0438\u0439","url":"https:\/\/tabaccomd.com\/ro\/","email":"Office@cazacuhouse.com","telephone":"+37361000935","logo":{"@type":"ImageObject","url":"https:\/\/tabaccomd.com\/wp-content\/uploads\/2024\/02\/logo_header3.png","@id":"https:\/\/tabaccomd.com\/ro\/product\/trabucuri-cohiba-siglo-de-oro-year-of-the-rabbit-18\/#organizationLogo","width":32,"height":32,"caption":"Tabacco House"},"image":{"@id":"https:\/\/tabaccomd.com\/ro\/product\/trabucuri-cohiba-siglo-de-oro-year-of-the-rabbit-18\/#organizationLogo"},"sameAs":["https:\/\/www.facebook.com\/tabaccomd.com\/","https:\/\/www.instagram.com\/tabaccomd.com\/"],"address":{"@id":"https:\/\/tabaccomd.com\/ro\/#postaladdress","@type":"PostalAddress","streetAddress":"Strada Albi\u015foara 4, Chi\u0219in\u0103u, Bulevardul \u0218tefan cel Mare \u0219i Sf\u00eent 136, Chi\u0219in\u0103u","addressLocality":"Chi\u0219in\u0103u","addressCountry":"MD"}},{"@type":"Product","@id":"https:\/\/tabaccomd.com\/ro\/product\/trabucuri-cohiba-siglo-de-oro-year-of-the-rabbit-18\/#wooCommerceProduct","name":"Trabucuri Cohiba Siglo de Oro \"Year of the rabbit\" 18","description":"Pre\u021b indicat pentru 18 buc\u0103\u021bi\r\n \t\u021aara produc\u0103torului: Cuba\r\n \tProduc\u0103tor: Habanos S.A.\r\n \tT\u0103rie: Medie\r\n \tDimensiuni: 115 mm x 21,43 mm\r\n \tFormat: Exitosos","url":"https:\/\/tabaccomd.com\/ro\/product\/trabucuri-cohiba-siglo-de-oro-year-of-the-rabbit-18\/","sku":"COH176","image":{"@type":"ImageObject","url":"https:\/\/tabaccomd.com\/wp-content\/uploads\/2026\/04\/Cohiba-Siglo-de-Oro-Year-of-the-rabbit-cigars-4.jpg","@id":"https:\/\/tabaccomd.com\/ro\/product\/trabucuri-cohiba-siglo-de-oro-year-of-the-rabbit-18\/#productImage","width":1200,"height":1200,"caption":"Cohiba-Siglo-de-Oro-Year-of-the-rabbit-cigars-4"},"offers":{"@type":"Offer","url":"https:\/\/tabaccomd.com\/ro\/product\/trabucuri-cohiba-siglo-de-oro-year-of-the-rabbit-18\/#wooCommerceOffer","price":119070,"priceCurrency":"MDL","category":"Trabucuri din Cuba","availability":"https:\/\/schema.org\/InStock","priceSpecification":{"@type":"PriceSpecification","price":119070,"priceCurrency":"MDL","valueAddedTaxIncluded":"true"},"seller":{"@type":"Organization","@id":"https:\/\/tabaccomd.com\/ro\/#organization"}}},{"@type":"WebPage","@id":"https:\/\/tabaccomd.com\/ro\/product\/trabucuri-cohiba-siglo-de-oro-year-of-the-rabbit-18\/#webpage","url":"https:\/\/tabaccomd.com\/ro\/product\/trabucuri-cohiba-siglo-de-oro-year-of-the-rabbit-18\/","name":"Trabucuri Cohiba Siglo de Oro \u201eYear of the rabbit\u201d 18 \u2013 Tabacco House","inLanguage":"ro-RO","isPartOf":{"@id":"https:\/\/tabaccomd.com\/ro\/#website"},"breadcrumb":{"@id":"https:\/\/tabaccomd.com\/ro\/product\/trabucuri-cohiba-siglo-de-oro-year-of-the-rabbit-18\/#breadcrumblist"},"image":{"@type":"ImageObject","url":"https:\/\/tabaccomd.com\/wp-content\/uploads\/2026\/04\/Cohiba-Siglo-de-Oro-Year-of-the-rabbit-cigars-4.jpg","@id":"https:\/\/tabaccomd.com\/ro\/product\/trabucuri-cohiba-siglo-de-oro-year-of-the-rabbit-18\/#mainImage","width":1200,"height":1200,"caption":"Cohiba-Siglo-de-Oro-Year-of-the-rabbit-cigars-4"},"primaryImageOfPage":{"@id":"https:\/\/tabaccomd.com\/ro\/product\/trabucuri-cohiba-siglo-de-oro-year-of-the-rabbit-18\/#mainImage"},"datePublished":"2026-04-07T17:29:15+03:00","dateModified":"2026-04-07T17:29:15+03:00"},{"@type":"WebSite","@id":"https:\/\/tabaccomd.com\/ro\/#website","url":"https:\/\/tabaccomd.com\/ro\/","name":"Tabacco House","alternateName":"tobaccomd.com","description":"\u041c\u0430\u0433\u0430\u0437\u0438\u043d \u0442\u0430\u0431\u0430\u0447\u043d\u044b\u0445 \u0438\u0437\u0434\u0435\u043b\u0438\u0439","inLanguage":"ro-RO","publisher":{"@id":"https:\/\/tabaccomd.com\/ro\/#organization"}}]},"og:locale":"ro_RO","og:site_name":"Tabacco House \u2013 \u041c\u0430\u0433\u0430\u0437\u0438\u043d \u0442\u0430\u0431\u0430\u0447\u043d\u044b\u0445 \u0438\u0437\u0434\u0435\u043b\u0438\u0439","og:type":"article","og:title":"Trabucuri Cohiba Siglo de Oro \u201eYear of the rabbit\u201d 18 \u2013 Tabacco House","og:url":"https:\/\/tabaccomd.com\/ro\/product\/trabucuri-cohiba-siglo-de-oro-year-of-the-rabbit-18\/","article:published_time":"2026-04-07T14:29:15+00:00","article:modified_time":"2026-04-07T14:29:15+00:00","article:publisher":"https:\/\/www.facebook.com\/tabaccomd.com\/","twitter:card":"summary_large_image","twitter:title":"Trabucuri Cohiba Siglo de Oro \u201eYear of the rabbit\u201d 18 \u2013 Tabacco House"},"aioseo_meta_data":{"post_id":"158202","title":null,"description":null,"keywords":null,"keyphrases":null,"primary_term":null,"canonical_url":null,"og_title":null,"og_description":null,"og_object_type":"default","og_image_type":"default","og_image_url":null,"og_image_width":null,"og_image_height":null,"og_image_custom_url":null,"og_image_custom_fields":null,"og_video":null,"og_custom_url":null,"og_article_section":null,"og_article_tags":null,"twitter_use_og":false,"twitter_card":"default","twitter_image_type":"default","twitter_image_url":null,"twitter_image_custom_url":null,"twitter_image_custom_fields":null,"twitter_title":null,"twitter_description":null,"schema":{"blockGraphs":[],"customGraphs":[],"default":{"data":{"Article":[],"Course":[],"Dataset":[],"FAQPage":[],"Movie":[],"Person":[],"Product":[],"ProductReview":[],"Car":[],"Recipe":[],"Service":[],"SoftwareApplication":[],"WebPage":[]},"graphName":"","isEnabled":true},"graphs":[]},"schema_type":"default","schema_type_options":null,"pillar_content":false,"robots_default":true,"robots_noindex":false,"robots_noarchive":false,"robots_nosnippet":false,"robots_nofollow":false,"robots_noimageindex":false,"robots_noodp":false,"robots_notranslate":false,"robots_max_snippet":null,"robots_max_videopreview":null,"robots_max_imagepreview":"large","priority":null,"frequency":null,"local_seo":null,"seo_analyzer_scan_date":"2026-04-07 15:00:15","breadcrumb_settings":null,"limit_modified_date":false,"reviewed_by":null,"open_ai":null,"ai":null,"created":"2026-04-07 14:32:14","updated":"2026-04-07 15:00:15"},"aioseo_breadcrumb":"<div class=\"aioseo-breadcrumbs\"><span class=\"aioseo-breadcrumb\">\n\t<a href=\"https:\/\/tabaccomd.com\/ro\/\" title=\"\u0413\u043b\u0430\u0432\u043d\u0430\u044f\">\u0413\u043b\u0430\u0432\u043d\u0430\u044f<\/a>\n<\/span><span class=\"aioseo-breadcrumb-separator\">\u00bb<\/span><span class=\"aioseo-breadcrumb\">\n\t<a href=\"https:\/\/tabaccomd.com\/ro\/catalog\/\" title=\"Catalog\">Catalog<\/a>\n<\/span><span class=\"aioseo-breadcrumb-separator\">\u00bb<\/span><span class=\"aioseo-breadcrumb\">\n\t<a href=\"https:\/\/tabaccomd.com\/ro\/product-category\/trabucuri-din-cuba\/\" title=\"Trabucuri din Cuba\">Trabucuri din Cuba<\/a>\n<\/span><span class=\"aioseo-breadcrumb-separator\">\u00bb<\/span><span class=\"aioseo-breadcrumb\">\n\tTrabucuri Cohiba Siglo de Oro \u201eYear of the rabbit\u201d 18\n<\/span><\/div>","aioseo_breadcrumb_json":[{"label":"\u0413\u043b\u0430\u0432\u043d\u0430\u044f","link":"https:\/\/tabaccomd.com\/ro\/"},{"label":"Catalog","link":"https:\/\/tabaccomd.com\/ro\/catalog\/"},{"label":"Trabucuri din Cuba","link":"https:\/\/tabaccomd.com\/ro\/product-category\/trabucuri-din-cuba\/"},{"label":"Trabucuri Cohiba Siglo de Oro &#8222;Year of the rabbit&#8221; 18","link":"https:\/\/tabaccomd.com\/ro\/product\/trabucuri-cohiba-siglo-de-oro-year-of-the-rabbit-18\/"}],"images_for_1c":[{"url":"https:\/\/tabaccomd.com\/wp-content\/uploads\/2026\/04\/Cohiba-Siglo-de-Oro-Year-of-the-rabbit-cigars-4.jpg","type":"featured","alt":"Cohiba-Siglo-de-Oro-Year-of-the-rabbit-cigars-4","filename":"Cohiba-Siglo-de-Oro-Year-of-the-rabbit-cigars-4.jpg"},{"url":"https:\/\/tabaccomd.com\/wp-content\/uploads\/2026\/04\/Cohiba-Siglo-de-Oro-Year-of-the-rabbit-cigars-1.jpg","type":"gallery","alt":"Cohiba-Siglo-de-Oro-Year-of-the-rabbit-cigars-1","filename":"Cohiba-Siglo-de-Oro-Year-of-the-rabbit-cigars-1.jpg"},{"url":"https:\/\/tabaccomd.com\/wp-content\/uploads\/2026\/04\/Cohiba-Siglo-de-Oro-Year-of-the-rabbit-cigars-0.jpg","type":"gallery","alt":"Cohiba-Siglo-de-Oro-Year-of-the-rabbit-cigars-0","filename":"Cohiba-Siglo-de-Oro-Year-of-the-rabbit-cigars-0.jpg"},{"url":"https:\/\/tabaccomd.com\/wp-content\/uploads\/2026\/04\/Cohiba-Siglo-de-Oro-Year-of-the-rabbit-cigars-3.jpg","type":"gallery","alt":"Cohiba-Siglo-de-Oro-Year-of-the-rabbit-cigars-3","filename":"Cohiba-Siglo-de-Oro-Year-of-the-rabbit-cigars-3.jpg"},{"url":"https:\/\/tabaccomd.com\/wp-content\/uploads\/2026\/04\/Cohiba-Siglo-de-Oro-Year-of-the-rabbit-cigars-2.jpg","type":"gallery","alt":"Cohiba-Siglo-de-Oro-Year-of-the-rabbit-cigars-2","filename":"Cohiba-Siglo-de-Oro-Year-of-the-rabbit-cigars-2.jpg"},{"url":"https:\/\/tabaccomd.com\/wp-content\/uploads\/2026\/04\/Cohiba-Siglo-de-Oro-Year-of-the-rabbit-cigars.jpg","type":"gallery","alt":"Cohiba-Siglo-de-Oro-Year-of-the-rabbit-cigars","filename":"Cohiba-Siglo-de-Oro-Year-of-the-rabbit-cigars.jpg"}],"additional_data_1c":{"modified_date":"2026-04-07 17:29:15","permalink":"https:\/\/tabaccomd.com\/ro\/product\/trabucuri-cohiba-siglo-de-oro-year-of-the-rabbit-18\/","stock_status":"instock","manage_stock":"no"},"_links":{"self":[{"href":"https:\/\/tabaccomd.com\/ro\/wp-json\/wp\/v2\/product\/158202","targetHints":{"allow":["GET"]}}],"collection":[{"href":"https:\/\/tabaccomd.com\/ro\/wp-json\/wp\/v2\/product"}],"about":[{"href":"https:\/\/tabaccomd.com\/ro\/wp-json\/wp\/v2\/types\/product"}],"wp:featuredmedia":[{"embeddable":true,"href":"https:\/\/tabaccomd.com\/ro\/wp-json\/wp\/v2\/media\/158191"}],"wp:attachment":[{"href":"https:\/\/tabaccomd.com\/ro\/wp-json\/wp\/v2\/media?parent=158202"}],"wp:term":[{"taxonomy":"product_brand","embeddable":true,"href":"https:\/\/tabaccomd.com\/ro\/wp-json\/wp\/v2\/product_brand?post=158202"},{"taxonomy":"product_cat","embeddable":true,"href":"https:\/\/tabaccomd.com\/ro\/wp-json\/wp\/v2\/product_cat?post=158202"},{"taxonomy":"product_tag","embeddable":true,"href":"https:\/\/tabaccomd.com\/ro\/wp-json\/wp\/v2\/product_tag?post=158202"}],"curies":[{"name":"wp","href":"https:\/\/api.w.org\/{rel}","templated":true}]}}