{"id":158128,"date":"2026-04-06T14:33:25","date_gmt":"2026-04-06T11:33:25","guid":{"rendered":"https:\/\/tabaccomd.com\/product\/trabucuri-bolivar-regentes-edicion-limitada-2021-25\/"},"modified":"2026-04-06T14:33:25","modified_gmt":"2026-04-06T11:33:25","slug":"trabucuri-bolivar-regentes-edicion-limitada-2021-25","status":"publish","type":"product","link":"https:\/\/tabaccomd.com\/ro\/product\/trabucuri-bolivar-regentes-edicion-limitada-2021-25\/","title":{"rendered":"Trabucuri Bolivar Regentes Edicion Limitada 2021  25"},"content":{"rendered":"<p data-start=\"0\" data-end=\"388\">Trabucurile Bolivar Regentes Edici\u00f3n Limitada 2021 reprezint\u0103 o edi\u021bie limitat\u0103 rar\u0103 a brandului <span class=\"hover:entity-accent entity-underline inline cursor-pointer align-baseline\"><span class=\"whitespace-normal\">Bol\u00edvar<\/span><\/span>, creat\u0103 pentru cunosc\u0103torii de trabucuri cubaneze puternice \u0219i expresive. Vitola Discretos (aproximativ 130 mm lungime \u0219i 52 ring gauge) ofer\u0103 un echilibru \u00eentre dimensiune \u0219i intensitate, asigur\u00e2nd o experien\u021b\u0103 de fumat de aproximativ 45 de minute. Trabucul este realizat integral manual din tutun provenit din regiunea <span class=\"hover:entity-accent entity-underline inline cursor-pointer align-baseline\"><span class=\"whitespace-normal\">Vuelta Abajo<\/span><\/span>, maturat cel pu\u021bin doi ani, conform standardelor seriei Edici\u00f3n Limitada. \u00cenveli\u0219ul de tip Maduro confer\u0103 o culoare mai \u00eenchis\u0103 \u0219i adaug\u0103 profunzime \u0219i o dulcea\u021b\u0103 subtil\u0103 profilului aromatic. \u00cen gust predomin\u0103 note intense de cacao, p\u0103m\u00e2nt, piele \u0219i condimente, completate treptat de accente u\u0219or piperate. T\u0103ria este medie spre ridicat\u0103, iar fumul este dens \u0219i bogat, specific stilului Bol\u00edvar. Este un trabuc destinat fum\u0103torilor experimenta\u021bi \u0219i colec\u021bionarilor, oferind o experien\u021b\u0103 complex\u0103, intens\u0103 \u0219i autentic cubanez\u0103, \u00eentr-o edi\u021bie limitat\u0103.<\/p>\n<p data-start=\"0\" data-end=\"388\">Pute\u021bi achizi\u021biona trabucurile Bolivar Regentes Edicion Limitada 2021 25 \u00een Moldova, Chi\u0219in\u0103u, \u00een re\u021beaua de magazine Tabacco House.<\/p>\n","protected":false},"excerpt":{"rendered":"<ul>\n<li class=\"uncont\"><strong>Pre\u021b indicat pentru 25 de buc\u0103\u021bi<\/strong><\/li>\n<li class=\"uncont\">\u021aara produc\u0103torului: Cuba<\/li>\n<li class=\"uncont\">Produc\u0103tor: Habanos S.A.<\/li>\n<li class=\"uncont\">T\u0103rie: \u00cenalt\u0103<\/li>\n<li class=\"uncont\">Dimensiuni: 130 mm x 20,64 mm<\/li>\n<li class=\"uncont\">Format: Discretos<\/li>\n<\/ul>\n","protected":false},"featured_media":158121,"template":"","meta":{"om_disable_all_campaigns":false,"_monsterinsights_skip_tracking":false,"_monsterinsights_sitenote_active":false,"_monsterinsights_sitenote_note":"","_monsterinsights_sitenote_category":0},"product_brand":[],"product_cat":[155],"product_tag":[],"class_list":{"0":"post-158128","1":"product","2":"type-product","3":"status-publish","4":"has-post-thumbnail","6":"product_cat-trabucuri-din-cuba","8":"first","9":"instock","10":"taxable","11":"shipping-taxable","12":"purchasable","13":"product-type-simple"},"aioseo_notices":[],"aioseo_head":"\n\t\t<!-- All in One SEO Pro 4.9.5.1 - aioseo.com -->\n\t<meta name=\"robots\" content=\"max-image-preview:large\" \/>\n\t<link rel=\"canonical\" href=\"https:\/\/tabaccomd.com\/ro\/product\/trabucuri-bolivar-regentes-edicion-limitada-2021-25\/\" \/>\n\t<meta name=\"generator\" content=\"All in One SEO Pro (AIOSEO) 4.9.5.1\" \/>\n\t\t<meta property=\"og:locale\" content=\"ro_RO\" \/>\n\t\t<meta property=\"og:site_name\" content=\"Tabacco House \u2013 \u041c\u0430\u0433\u0430\u0437\u0438\u043d \u0442\u0430\u0431\u0430\u0447\u043d\u044b\u0445 \u0438\u0437\u0434\u0435\u043b\u0438\u0439\" \/>\n\t\t<meta property=\"og:type\" content=\"article\" \/>\n\t\t<meta property=\"og:title\" content=\"Trabucuri Bolivar Regentes Edicion Limitada 2021 25 \u2013 Tabacco House\" \/>\n\t\t<meta property=\"og:url\" content=\"https:\/\/tabaccomd.com\/ro\/product\/trabucuri-bolivar-regentes-edicion-limitada-2021-25\/\" \/>\n\t\t<meta property=\"article:published_time\" content=\"2026-04-06T11:33:25+00:00\" \/>\n\t\t<meta property=\"article:modified_time\" content=\"2026-04-06T11:33:25+00:00\" \/>\n\t\t<meta property=\"article:publisher\" content=\"https:\/\/www.facebook.com\/tabaccomd.com\/\" \/>\n\t\t<meta name=\"twitter:card\" content=\"summary_large_image\" \/>\n\t\t<meta name=\"twitter:title\" content=\"Trabucuri Bolivar Regentes Edicion Limitada 2021 25 \u2013 Tabacco House\" \/>\n\t\t<script type=\"application\/ld+json\" class=\"aioseo-schema\">\n\t\t\t{\"@context\":\"https:\\\/\\\/schema.org\",\"@graph\":[{\"@type\":\"BreadcrumbList\",\"@id\":\"https:\\\/\\\/tabaccomd.com\\\/ro\\\/product\\\/trabucuri-bolivar-regentes-edicion-limitada-2021-25\\\/#breadcrumblist\",\"itemListElement\":[{\"@type\":\"ListItem\",\"@id\":\"https:\\\/\\\/tabaccomd.com\\\/ro\\\/#listItem\",\"position\":1,\"name\":\"\\u0413\\u043b\\u0430\\u0432\\u043d\\u0430\\u044f\",\"item\":\"https:\\\/\\\/tabaccomd.com\\\/ro\\\/\",\"nextItem\":{\"@type\":\"ListItem\",\"@id\":\"https:\\\/\\\/tabaccomd.com\\\/ro\\\/catalog\\\/#listItem\",\"name\":\"Catalog\"}},{\"@type\":\"ListItem\",\"@id\":\"https:\\\/\\\/tabaccomd.com\\\/ro\\\/catalog\\\/#listItem\",\"position\":2,\"name\":\"Catalog\",\"item\":\"https:\\\/\\\/tabaccomd.com\\\/ro\\\/catalog\\\/\",\"nextItem\":{\"@type\":\"ListItem\",\"@id\":\"https:\\\/\\\/tabaccomd.com\\\/ro\\\/product-category\\\/trabucuri\\\/#listItem\",\"name\":\"Trabucuri\"},\"previousItem\":{\"@type\":\"ListItem\",\"@id\":\"https:\\\/\\\/tabaccomd.com\\\/ro\\\/#listItem\",\"name\":\"\\u0413\\u043b\\u0430\\u0432\\u043d\\u0430\\u044f\"}},{\"@type\":\"ListItem\",\"@id\":\"https:\\\/\\\/tabaccomd.com\\\/ro\\\/product-category\\\/trabucuri\\\/#listItem\",\"position\":3,\"name\":\"Trabucuri\",\"item\":\"https:\\\/\\\/tabaccomd.com\\\/ro\\\/product-category\\\/trabucuri\\\/\",\"nextItem\":{\"@type\":\"ListItem\",\"@id\":\"https:\\\/\\\/tabaccomd.com\\\/ro\\\/product-category\\\/trabucuri\\\/trabucuri-din-cuba\\\/#listItem\",\"name\":\"Trabucuri din Cuba\"},\"previousItem\":{\"@type\":\"ListItem\",\"@id\":\"https:\\\/\\\/tabaccomd.com\\\/ro\\\/catalog\\\/#listItem\",\"name\":\"Catalog\"}},{\"@type\":\"ListItem\",\"@id\":\"https:\\\/\\\/tabaccomd.com\\\/ro\\\/product-category\\\/trabucuri\\\/trabucuri-din-cuba\\\/#listItem\",\"position\":4,\"name\":\"Trabucuri din Cuba\",\"item\":\"https:\\\/\\\/tabaccomd.com\\\/ro\\\/product-category\\\/trabucuri\\\/trabucuri-din-cuba\\\/\",\"nextItem\":{\"@type\":\"ListItem\",\"@id\":\"https:\\\/\\\/tabaccomd.com\\\/ro\\\/product\\\/trabucuri-bolivar-regentes-edicion-limitada-2021-25\\\/#listItem\",\"name\":\"Trabucuri Bolivar Regentes Edicion Limitada 2021  25\"},\"previousItem\":{\"@type\":\"ListItem\",\"@id\":\"https:\\\/\\\/tabaccomd.com\\\/ro\\\/product-category\\\/trabucuri\\\/#listItem\",\"name\":\"Trabucuri\"}},{\"@type\":\"ListItem\",\"@id\":\"https:\\\/\\\/tabaccomd.com\\\/ro\\\/product\\\/trabucuri-bolivar-regentes-edicion-limitada-2021-25\\\/#listItem\",\"position\":5,\"name\":\"Trabucuri Bolivar Regentes Edicion Limitada 2021  25\",\"previousItem\":{\"@type\":\"ListItem\",\"@id\":\"https:\\\/\\\/tabaccomd.com\\\/ro\\\/product-category\\\/trabucuri\\\/trabucuri-din-cuba\\\/#listItem\",\"name\":\"Trabucuri din Cuba\"}}]},{\"@type\":\"Organization\",\"@id\":\"https:\\\/\\\/tabaccomd.com\\\/ro\\\/#organization\",\"name\":\"Tabacco House\",\"description\":\"\\u041c\\u0430\\u0433\\u0430\\u0437\\u0438\\u043d \\u0442\\u0430\\u0431\\u0430\\u0447\\u043d\\u044b\\u0445 \\u0438\\u0437\\u0434\\u0435\\u043b\\u0438\\u0439\",\"url\":\"https:\\\/\\\/tabaccomd.com\\\/ro\\\/\",\"email\":\"Office@cazacuhouse.com\",\"telephone\":\"+37361000935\",\"logo\":{\"@type\":\"ImageObject\",\"url\":\"https:\\\/\\\/tabaccomd.com\\\/wp-content\\\/uploads\\\/2024\\\/02\\\/logo_header3.png\",\"@id\":\"https:\\\/\\\/tabaccomd.com\\\/ro\\\/product\\\/trabucuri-bolivar-regentes-edicion-limitada-2021-25\\\/#organizationLogo\",\"width\":32,\"height\":32,\"caption\":\"Tabacco House\"},\"image\":{\"@id\":\"https:\\\/\\\/tabaccomd.com\\\/ro\\\/product\\\/trabucuri-bolivar-regentes-edicion-limitada-2021-25\\\/#organizationLogo\"},\"sameAs\":[\"https:\\\/\\\/www.facebook.com\\\/tabaccomd.com\\\/\",\"https:\\\/\\\/www.instagram.com\\\/tabaccomd.com\\\/\"],\"address\":{\"@id\":\"https:\\\/\\\/tabaccomd.com\\\/ro\\\/#postaladdress\",\"@type\":\"PostalAddress\",\"streetAddress\":\"Strada Albi\\u015foara 4, Chi\\u0219in\\u0103u, Bulevardul \\u0218tefan cel Mare \\u0219i Sf\\u00eent 136, Chi\\u0219in\\u0103u\",\"addressLocality\":\"Chi\\u0219in\\u0103u\",\"addressCountry\":\"MD\"}},{\"@type\":\"Product\",\"@id\":\"https:\\\/\\\/tabaccomd.com\\\/ro\\\/product\\\/trabucuri-bolivar-regentes-edicion-limitada-2021-25\\\/#wooCommerceProduct\",\"name\":\"Trabucuri Bolivar Regentes Edicion Limitada 2021  25\",\"description\":\"Pre\\u021b indicat pentru 25 de buc\\u0103\\u021bi\\r\\n \\t\\u021aara produc\\u0103torului: Cuba\\r\\n \\tProduc\\u0103tor: Habanos S.A.\\r\\n \\tT\\u0103rie: \\u00cenalt\\u0103\\r\\n \\tDimensiuni: 130 mm x 20,64 mm\\r\\n \\tFormat: Discretos\",\"url\":\"https:\\\/\\\/tabaccomd.com\\\/ro\\\/product\\\/trabucuri-bolivar-regentes-edicion-limitada-2021-25\\\/\",\"sku\":\"BOL02401\",\"image\":{\"@type\":\"ImageObject\",\"url\":\"https:\\\/\\\/tabaccomd.com\\\/wp-content\\\/uploads\\\/2026\\\/04\\\/cigars-Bolivar-Regentes-Edicion-Limitada-2021.jpg\",\"@id\":\"https:\\\/\\\/tabaccomd.com\\\/ro\\\/product\\\/trabucuri-bolivar-regentes-edicion-limitada-2021-25\\\/#productImage\",\"width\":1200,\"height\":1200,\"caption\":\"cigars-Bolivar-Regentes-Edicion-Limitada-2021\"},\"offers\":{\"@type\":\"Offer\",\"url\":\"https:\\\/\\\/tabaccomd.com\\\/ro\\\/product\\\/trabucuri-bolivar-regentes-edicion-limitada-2021-25\\\/#wooCommerceOffer\",\"price\":55125,\"priceCurrency\":\"MDL\",\"category\":\"Trabucuri din Cuba\",\"availability\":\"https:\\\/\\\/schema.org\\\/InStock\",\"priceSpecification\":{\"@type\":\"PriceSpecification\",\"price\":55125,\"priceCurrency\":\"MDL\",\"valueAddedTaxIncluded\":\"true\"},\"seller\":{\"@type\":\"Organization\",\"@id\":\"https:\\\/\\\/tabaccomd.com\\\/ro\\\/#organization\"}}},{\"@type\":\"WebPage\",\"@id\":\"https:\\\/\\\/tabaccomd.com\\\/ro\\\/product\\\/trabucuri-bolivar-regentes-edicion-limitada-2021-25\\\/#webpage\",\"url\":\"https:\\\/\\\/tabaccomd.com\\\/ro\\\/product\\\/trabucuri-bolivar-regentes-edicion-limitada-2021-25\\\/\",\"name\":\"Trabucuri Bolivar Regentes Edicion Limitada 2021 25 \\u2013 Tabacco House\",\"inLanguage\":\"ro-RO\",\"isPartOf\":{\"@id\":\"https:\\\/\\\/tabaccomd.com\\\/ro\\\/#website\"},\"breadcrumb\":{\"@id\":\"https:\\\/\\\/tabaccomd.com\\\/ro\\\/product\\\/trabucuri-bolivar-regentes-edicion-limitada-2021-25\\\/#breadcrumblist\"},\"image\":{\"@type\":\"ImageObject\",\"url\":\"https:\\\/\\\/tabaccomd.com\\\/wp-content\\\/uploads\\\/2026\\\/04\\\/cigars-Bolivar-Regentes-Edicion-Limitada-2021.jpg\",\"@id\":\"https:\\\/\\\/tabaccomd.com\\\/ro\\\/product\\\/trabucuri-bolivar-regentes-edicion-limitada-2021-25\\\/#mainImage\",\"width\":1200,\"height\":1200,\"caption\":\"cigars-Bolivar-Regentes-Edicion-Limitada-2021\"},\"primaryImageOfPage\":{\"@id\":\"https:\\\/\\\/tabaccomd.com\\\/ro\\\/product\\\/trabucuri-bolivar-regentes-edicion-limitada-2021-25\\\/#mainImage\"},\"datePublished\":\"2026-04-06T14:33:25+03:00\",\"dateModified\":\"2026-04-06T14:33:25+03:00\"},{\"@type\":\"WebSite\",\"@id\":\"https:\\\/\\\/tabaccomd.com\\\/ro\\\/#website\",\"url\":\"https:\\\/\\\/tabaccomd.com\\\/ro\\\/\",\"name\":\"Tabacco House\",\"alternateName\":\"tobaccomd.com\",\"description\":\"\\u041c\\u0430\\u0433\\u0430\\u0437\\u0438\\u043d \\u0442\\u0430\\u0431\\u0430\\u0447\\u043d\\u044b\\u0445 \\u0438\\u0437\\u0434\\u0435\\u043b\\u0438\\u0439\",\"inLanguage\":\"ro-RO\",\"publisher\":{\"@id\":\"https:\\\/\\\/tabaccomd.com\\\/ro\\\/#organization\"}}]}\n\t\t<\/script>\n\t\t<!-- All in One SEO Pro -->\r\n\t\t<title>Trabucuri Bolivar Regentes Edicion Limitada 2021 25 \u2013 Tabacco House<\/title>\n\n","aioseo_head_json":{"title":"Trabucuri Bolivar Regentes Edicion Limitada 2021 25 \u2013 Tabacco House","description":"","canonical_url":"https:\/\/tabaccomd.com\/ro\/product\/trabucuri-bolivar-regentes-edicion-limitada-2021-25\/","robots":"max-image-preview:large","keywords":"","webmasterTools":{"miscellaneous":""},"schema":{"@context":"https:\/\/schema.org","@graph":[{"@type":"BreadcrumbList","@id":"https:\/\/tabaccomd.com\/ro\/product\/trabucuri-bolivar-regentes-edicion-limitada-2021-25\/#breadcrumblist","itemListElement":[{"@type":"ListItem","@id":"https:\/\/tabaccomd.com\/ro\/#listItem","position":1,"name":"\u0413\u043b\u0430\u0432\u043d\u0430\u044f","item":"https:\/\/tabaccomd.com\/ro\/","nextItem":{"@type":"ListItem","@id":"https:\/\/tabaccomd.com\/ro\/catalog\/#listItem","name":"Catalog"}},{"@type":"ListItem","@id":"https:\/\/tabaccomd.com\/ro\/catalog\/#listItem","position":2,"name":"Catalog","item":"https:\/\/tabaccomd.com\/ro\/catalog\/","nextItem":{"@type":"ListItem","@id":"https:\/\/tabaccomd.com\/ro\/product-category\/trabucuri\/#listItem","name":"Trabucuri"},"previousItem":{"@type":"ListItem","@id":"https:\/\/tabaccomd.com\/ro\/#listItem","name":"\u0413\u043b\u0430\u0432\u043d\u0430\u044f"}},{"@type":"ListItem","@id":"https:\/\/tabaccomd.com\/ro\/product-category\/trabucuri\/#listItem","position":3,"name":"Trabucuri","item":"https:\/\/tabaccomd.com\/ro\/product-category\/trabucuri\/","nextItem":{"@type":"ListItem","@id":"https:\/\/tabaccomd.com\/ro\/product-category\/trabucuri\/trabucuri-din-cuba\/#listItem","name":"Trabucuri din Cuba"},"previousItem":{"@type":"ListItem","@id":"https:\/\/tabaccomd.com\/ro\/catalog\/#listItem","name":"Catalog"}},{"@type":"ListItem","@id":"https:\/\/tabaccomd.com\/ro\/product-category\/trabucuri\/trabucuri-din-cuba\/#listItem","position":4,"name":"Trabucuri din Cuba","item":"https:\/\/tabaccomd.com\/ro\/product-category\/trabucuri\/trabucuri-din-cuba\/","nextItem":{"@type":"ListItem","@id":"https:\/\/tabaccomd.com\/ro\/product\/trabucuri-bolivar-regentes-edicion-limitada-2021-25\/#listItem","name":"Trabucuri Bolivar Regentes Edicion Limitada 2021  25"},"previousItem":{"@type":"ListItem","@id":"https:\/\/tabaccomd.com\/ro\/product-category\/trabucuri\/#listItem","name":"Trabucuri"}},{"@type":"ListItem","@id":"https:\/\/tabaccomd.com\/ro\/product\/trabucuri-bolivar-regentes-edicion-limitada-2021-25\/#listItem","position":5,"name":"Trabucuri Bolivar Regentes Edicion Limitada 2021  25","previousItem":{"@type":"ListItem","@id":"https:\/\/tabaccomd.com\/ro\/product-category\/trabucuri\/trabucuri-din-cuba\/#listItem","name":"Trabucuri din Cuba"}}]},{"@type":"Organization","@id":"https:\/\/tabaccomd.com\/ro\/#organization","name":"Tabacco House","description":"\u041c\u0430\u0433\u0430\u0437\u0438\u043d \u0442\u0430\u0431\u0430\u0447\u043d\u044b\u0445 \u0438\u0437\u0434\u0435\u043b\u0438\u0439","url":"https:\/\/tabaccomd.com\/ro\/","email":"Office@cazacuhouse.com","telephone":"+37361000935","logo":{"@type":"ImageObject","url":"https:\/\/tabaccomd.com\/wp-content\/uploads\/2024\/02\/logo_header3.png","@id":"https:\/\/tabaccomd.com\/ro\/product\/trabucuri-bolivar-regentes-edicion-limitada-2021-25\/#organizationLogo","width":32,"height":32,"caption":"Tabacco House"},"image":{"@id":"https:\/\/tabaccomd.com\/ro\/product\/trabucuri-bolivar-regentes-edicion-limitada-2021-25\/#organizationLogo"},"sameAs":["https:\/\/www.facebook.com\/tabaccomd.com\/","https:\/\/www.instagram.com\/tabaccomd.com\/"],"address":{"@id":"https:\/\/tabaccomd.com\/ro\/#postaladdress","@type":"PostalAddress","streetAddress":"Strada Albi\u015foara 4, Chi\u0219in\u0103u, Bulevardul \u0218tefan cel Mare \u0219i Sf\u00eent 136, Chi\u0219in\u0103u","addressLocality":"Chi\u0219in\u0103u","addressCountry":"MD"}},{"@type":"Product","@id":"https:\/\/tabaccomd.com\/ro\/product\/trabucuri-bolivar-regentes-edicion-limitada-2021-25\/#wooCommerceProduct","name":"Trabucuri Bolivar Regentes Edicion Limitada 2021  25","description":"Pre\u021b indicat pentru 25 de buc\u0103\u021bi\r\n \t\u021aara produc\u0103torului: Cuba\r\n \tProduc\u0103tor: Habanos S.A.\r\n \tT\u0103rie: \u00cenalt\u0103\r\n \tDimensiuni: 130 mm x 20,64 mm\r\n \tFormat: Discretos","url":"https:\/\/tabaccomd.com\/ro\/product\/trabucuri-bolivar-regentes-edicion-limitada-2021-25\/","sku":"BOL02401","image":{"@type":"ImageObject","url":"https:\/\/tabaccomd.com\/wp-content\/uploads\/2026\/04\/cigars-Bolivar-Regentes-Edicion-Limitada-2021.jpg","@id":"https:\/\/tabaccomd.com\/ro\/product\/trabucuri-bolivar-regentes-edicion-limitada-2021-25\/#productImage","width":1200,"height":1200,"caption":"cigars-Bolivar-Regentes-Edicion-Limitada-2021"},"offers":{"@type":"Offer","url":"https:\/\/tabaccomd.com\/ro\/product\/trabucuri-bolivar-regentes-edicion-limitada-2021-25\/#wooCommerceOffer","price":55125,"priceCurrency":"MDL","category":"Trabucuri din Cuba","availability":"https:\/\/schema.org\/InStock","priceSpecification":{"@type":"PriceSpecification","price":55125,"priceCurrency":"MDL","valueAddedTaxIncluded":"true"},"seller":{"@type":"Organization","@id":"https:\/\/tabaccomd.com\/ro\/#organization"}}},{"@type":"WebPage","@id":"https:\/\/tabaccomd.com\/ro\/product\/trabucuri-bolivar-regentes-edicion-limitada-2021-25\/#webpage","url":"https:\/\/tabaccomd.com\/ro\/product\/trabucuri-bolivar-regentes-edicion-limitada-2021-25\/","name":"Trabucuri Bolivar Regentes Edicion Limitada 2021 25 \u2013 Tabacco House","inLanguage":"ro-RO","isPartOf":{"@id":"https:\/\/tabaccomd.com\/ro\/#website"},"breadcrumb":{"@id":"https:\/\/tabaccomd.com\/ro\/product\/trabucuri-bolivar-regentes-edicion-limitada-2021-25\/#breadcrumblist"},"image":{"@type":"ImageObject","url":"https:\/\/tabaccomd.com\/wp-content\/uploads\/2026\/04\/cigars-Bolivar-Regentes-Edicion-Limitada-2021.jpg","@id":"https:\/\/tabaccomd.com\/ro\/product\/trabucuri-bolivar-regentes-edicion-limitada-2021-25\/#mainImage","width":1200,"height":1200,"caption":"cigars-Bolivar-Regentes-Edicion-Limitada-2021"},"primaryImageOfPage":{"@id":"https:\/\/tabaccomd.com\/ro\/product\/trabucuri-bolivar-regentes-edicion-limitada-2021-25\/#mainImage"},"datePublished":"2026-04-06T14:33:25+03:00","dateModified":"2026-04-06T14:33:25+03:00"},{"@type":"WebSite","@id":"https:\/\/tabaccomd.com\/ro\/#website","url":"https:\/\/tabaccomd.com\/ro\/","name":"Tabacco House","alternateName":"tobaccomd.com","description":"\u041c\u0430\u0433\u0430\u0437\u0438\u043d \u0442\u0430\u0431\u0430\u0447\u043d\u044b\u0445 \u0438\u0437\u0434\u0435\u043b\u0438\u0439","inLanguage":"ro-RO","publisher":{"@id":"https:\/\/tabaccomd.com\/ro\/#organization"}}]},"og:locale":"ro_RO","og:site_name":"Tabacco House \u2013 \u041c\u0430\u0433\u0430\u0437\u0438\u043d \u0442\u0430\u0431\u0430\u0447\u043d\u044b\u0445 \u0438\u0437\u0434\u0435\u043b\u0438\u0439","og:type":"article","og:title":"Trabucuri Bolivar Regentes Edicion Limitada 2021 25 \u2013 Tabacco House","og:url":"https:\/\/tabaccomd.com\/ro\/product\/trabucuri-bolivar-regentes-edicion-limitada-2021-25\/","article:published_time":"2026-04-06T11:33:25+00:00","article:modified_time":"2026-04-06T11:33:25+00:00","article:publisher":"https:\/\/www.facebook.com\/tabaccomd.com\/","twitter:card":"summary_large_image","twitter:title":"Trabucuri Bolivar Regentes Edicion Limitada 2021 25 \u2013 Tabacco House"},"aioseo_meta_data":{"post_id":"158128","title":null,"description":null,"keywords":null,"keyphrases":null,"primary_term":null,"canonical_url":null,"og_title":null,"og_description":null,"og_object_type":"default","og_image_type":"default","og_image_url":null,"og_image_width":null,"og_image_height":null,"og_image_custom_url":null,"og_image_custom_fields":null,"og_video":null,"og_custom_url":null,"og_article_section":null,"og_article_tags":null,"twitter_use_og":false,"twitter_card":"default","twitter_image_type":"default","twitter_image_url":null,"twitter_image_custom_url":null,"twitter_image_custom_fields":null,"twitter_title":null,"twitter_description":null,"schema":{"blockGraphs":[],"customGraphs":[],"default":{"data":{"Article":[],"Course":[],"Dataset":[],"FAQPage":[],"Movie":[],"Person":[],"Product":[],"ProductReview":[],"Car":[],"Recipe":[],"Service":[],"SoftwareApplication":[],"WebPage":[]},"graphName":"","isEnabled":true},"graphs":[]},"schema_type":"default","schema_type_options":null,"pillar_content":false,"robots_default":true,"robots_noindex":false,"robots_noarchive":false,"robots_nosnippet":false,"robots_nofollow":false,"robots_noimageindex":false,"robots_noodp":false,"robots_notranslate":false,"robots_max_snippet":null,"robots_max_videopreview":null,"robots_max_imagepreview":"large","priority":null,"frequency":null,"local_seo":null,"seo_analyzer_scan_date":"2026-04-06 11:49:16","breadcrumb_settings":null,"limit_modified_date":false,"reviewed_by":null,"open_ai":null,"ai":null,"created":"2026-04-06 11:38:42","updated":"2026-04-06 12:05:12"},"aioseo_breadcrumb":"<div class=\"aioseo-breadcrumbs\"><span class=\"aioseo-breadcrumb\">\n\t<a href=\"https:\/\/tabaccomd.com\/ro\/\" title=\"\u0413\u043b\u0430\u0432\u043d\u0430\u044f\">\u0413\u043b\u0430\u0432\u043d\u0430\u044f<\/a>\n<\/span><span class=\"aioseo-breadcrumb-separator\">\u00bb<\/span><span class=\"aioseo-breadcrumb\">\n\t<a href=\"https:\/\/tabaccomd.com\/ro\/catalog\/\" title=\"Catalog\">Catalog<\/a>\n<\/span><span class=\"aioseo-breadcrumb-separator\">\u00bb<\/span><span class=\"aioseo-breadcrumb\">\n\t<a href=\"https:\/\/tabaccomd.com\/ro\/product-category\/trabucuri\/\" title=\"Trabucuri\">Trabucuri<\/a>\n<\/span><span class=\"aioseo-breadcrumb-separator\">\u00bb<\/span><span class=\"aioseo-breadcrumb\">\n\t<a href=\"https:\/\/tabaccomd.com\/ro\/product-category\/trabucuri\/trabucuri-din-cuba\/\" title=\"Trabucuri din Cuba\">Trabucuri din Cuba<\/a>\n<\/span><span class=\"aioseo-breadcrumb-separator\">\u00bb<\/span><span class=\"aioseo-breadcrumb\">\n\tTrabucuri Bolivar Regentes Edicion Limitada 2021  25\n<\/span><\/div>","aioseo_breadcrumb_json":[{"label":"\u0413\u043b\u0430\u0432\u043d\u0430\u044f","link":"https:\/\/tabaccomd.com\/ro\/"},{"label":"Catalog","link":"https:\/\/tabaccomd.com\/ro\/catalog\/"},{"label":"Trabucuri","link":"https:\/\/tabaccomd.com\/ro\/product-category\/trabucuri\/"},{"label":"Trabucuri din Cuba","link":"https:\/\/tabaccomd.com\/ro\/product-category\/trabucuri\/trabucuri-din-cuba\/"},{"label":"Trabucuri Bolivar Regentes Edicion Limitada 2021  25","link":"https:\/\/tabaccomd.com\/ro\/product\/trabucuri-bolivar-regentes-edicion-limitada-2021-25\/"}],"images_for_1c":[{"url":"https:\/\/tabaccomd.com\/wp-content\/uploads\/2026\/04\/cigars-Bolivar-Regentes-Edicion-Limitada-2021.jpg","type":"featured","alt":"cigars-Bolivar-Regentes-Edicion-Limitada-2021","filename":"cigars-Bolivar-Regentes-Edicion-Limitada-2021.jpg"},{"url":"https:\/\/tabaccomd.com\/wp-content\/uploads\/2026\/04\/cigars-Bolivar-Regentes-Edicion-Limitada-2021-0.jpg","type":"gallery","alt":"cigars-Bolivar-Regentes-Edicion-Limitada-2021-0","filename":"cigars-Bolivar-Regentes-Edicion-Limitada-2021-0.jpg"},{"url":"https:\/\/tabaccomd.com\/wp-content\/uploads\/2026\/04\/cigars-Bolivar-Regentes-Edicion-Limitada-2021-1.jpg","type":"gallery","alt":"cigars-Bolivar-Regentes-Edicion-Limitada-2021-1","filename":"cigars-Bolivar-Regentes-Edicion-Limitada-2021-1.jpg"},{"url":"https:\/\/tabaccomd.com\/wp-content\/uploads\/2026\/04\/cigars-Bolivar-Regentes-Edicion-Limitada-2021-2.jpg","type":"gallery","alt":"cigars-Bolivar-Regentes-Edicion-Limitada-2021-2","filename":"cigars-Bolivar-Regentes-Edicion-Limitada-2021-2.jpg"}],"additional_data_1c":{"modified_date":"2026-04-06 14:33:25","permalink":"https:\/\/tabaccomd.com\/ro\/product\/trabucuri-bolivar-regentes-edicion-limitada-2021-25\/","stock_status":"instock","manage_stock":"no"},"_links":{"self":[{"href":"https:\/\/tabaccomd.com\/ro\/wp-json\/wp\/v2\/product\/158128","targetHints":{"allow":["GET"]}}],"collection":[{"href":"https:\/\/tabaccomd.com\/ro\/wp-json\/wp\/v2\/product"}],"about":[{"href":"https:\/\/tabaccomd.com\/ro\/wp-json\/wp\/v2\/types\/product"}],"wp:featuredmedia":[{"embeddable":true,"href":"https:\/\/tabaccomd.com\/ro\/wp-json\/wp\/v2\/media\/158121"}],"wp:attachment":[{"href":"https:\/\/tabaccomd.com\/ro\/wp-json\/wp\/v2\/media?parent=158128"}],"wp:term":[{"taxonomy":"product_brand","embeddable":true,"href":"https:\/\/tabaccomd.com\/ro\/wp-json\/wp\/v2\/product_brand?post=158128"},{"taxonomy":"product_cat","embeddable":true,"href":"https:\/\/tabaccomd.com\/ro\/wp-json\/wp\/v2\/product_cat?post=158128"},{"taxonomy":"product_tag","embeddable":true,"href":"https:\/\/tabaccomd.com\/ro\/wp-json\/wp\/v2\/product_tag?post=158128"}],"curies":[{"name":"wp","href":"https:\/\/api.w.org\/{rel}","templated":true}]}}