{"id":157694,"date":"2026-03-16T16:59:36","date_gmt":"2026-03-16T13:59:36","guid":{"rendered":"https:\/\/tabaccomd.com\/product\/46839-254b-zippo-fighting-lion-design\/"},"modified":"2026-03-16T16:59:36","modified_gmt":"2026-03-16T13:59:36","slug":"46839-254b-zippo-fighting-lion-design","status":"publish","type":"product","link":"https:\/\/tabaccomd.com\/ro\/product\/46839-254b-zippo-fighting-lion-design\/","title":{"rendered":"46839 254B Zippo Fighting Lion Design"},"content":{"rendered":"<p data-start=\"0\" data-end=\"240\">Aceast\u0103 <a href=\"https:\/\/tabaccomd.com\/ro\/product-category\/brichete\/brichete-zippo-2\/\">brichet\u0103<\/a> clasic\u0103 Zippo din alam\u0103, cu finisaj lucios, este decorat\u0103 cu o gravur\u0103 laser reprezent\u00e2nd un leu feroce \u00een lupt\u0103. Simboliz\u00e2nd puterea, curajul \u0219i conducerea, desenul confer\u0103 accesoriului un caracter expresiv \u0219i nobil. Bricheta are un corp metalic integral \u0219i este echipat\u0103 cu construc\u021bia v\u00e2nt-proof specific\u0103 Zippo \u0219i cu sunetul caracteristic \u201eclic\u201d, asigur\u00e2nd func\u021bionarea fiabil\u0103 aproape \u00een orice condi\u021bii. Modelul este reutilizabil \u0219i proiectat pentru o durat\u0103 lung\u0103 de via\u021b\u0103. Se livreaz\u0103 \u00eentr-o cutie cadou, este fabricat\u0103 \u00een SUA \u0219i beneficiaz\u0103 de garan\u021bie pe via\u021b\u0103. Pentru performan\u021b\u0103 optim\u0103, se recomand\u0103 utilizarea combustibilului, pietrelor \u0219i fitilelor originale Zippo.<\/p>\n<p data-start=\"0\" data-end=\"240\">Pute\u021bi achizi\u021biona bricheta 46839 254B Zippo Fighting Lion Design \u00een Moldova, Chi\u0219in\u0103u, \u00een re\u021beaua de magazine Tabacco House.<\/p>\n","protected":false},"excerpt":{"rendered":"<ul>\n<li>Corp Classic tradi\u021bional<\/li>\n<li>Garan\u021bie pe via\u021b\u0103<\/li>\n<li>Bricheta se livreaz\u0103 neumplut\u0103<\/li>\n<li>Recomand\u0103m alimentarea numai cu combustibil Zippo de \u00eenalt\u0103 calitate<\/li>\n<\/ul>\n","protected":false},"featured_media":157686,"template":"","meta":{"om_disable_all_campaigns":false,"_monsterinsights_skip_tracking":false,"_monsterinsights_sitenote_active":false,"_monsterinsights_sitenote_note":"","_monsterinsights_sitenote_category":0},"product_brand":[],"product_cat":[175],"product_tag":[],"class_list":{"0":"post-157694","1":"product","2":"type-product","3":"status-publish","4":"has-post-thumbnail","6":"product_cat-brichete-zippo-2","8":"first","9":"instock","10":"taxable","11":"shipping-taxable","12":"purchasable","13":"product-type-simple"},"aioseo_notices":[],"aioseo_head":"\n\t\t<!-- All in One SEO Pro 4.9.6.2 - aioseo.com -->\n\t<meta name=\"robots\" content=\"max-image-preview:large\" \/>\n\t<link rel=\"canonical\" href=\"https:\/\/tabaccomd.com\/ro\/product\/46839-254b-zippo-fighting-lion-design\/\" \/>\n\t<meta name=\"generator\" content=\"All in One SEO Pro (AIOSEO) 4.9.6.2\" \/>\n\t\t<meta property=\"og:locale\" content=\"ro_RO\" \/>\n\t\t<meta property=\"og:site_name\" content=\"Tabacco House \u2013 \u041c\u0430\u0433\u0430\u0437\u0438\u043d \u0442\u0430\u0431\u0430\u0447\u043d\u044b\u0445 \u0438\u0437\u0434\u0435\u043b\u0438\u0439\" \/>\n\t\t<meta property=\"og:type\" content=\"article\" \/>\n\t\t<meta property=\"og:title\" content=\"46839 254B Zippo Fighting Lion Design \u2013 Tabacco House\" \/>\n\t\t<meta property=\"og:url\" content=\"https:\/\/tabaccomd.com\/ro\/product\/46839-254b-zippo-fighting-lion-design\/\" \/>\n\t\t<meta property=\"article:published_time\" content=\"2026-03-16T13:59:36+00:00\" \/>\n\t\t<meta property=\"article:modified_time\" content=\"2026-03-16T13:59:36+00:00\" \/>\n\t\t<meta property=\"article:publisher\" content=\"https:\/\/www.facebook.com\/tabaccomd.com\/\" \/>\n\t\t<meta name=\"twitter:card\" content=\"summary_large_image\" \/>\n\t\t<meta name=\"twitter:title\" content=\"46839 254B Zippo Fighting Lion Design \u2013 Tabacco House\" \/>\n\t\t<script type=\"application\/ld+json\" class=\"aioseo-schema\">\n\t\t\t{\"@context\":\"https:\\\/\\\/schema.org\",\"@graph\":[{\"@type\":\"BreadcrumbList\",\"@id\":\"https:\\\/\\\/tabaccomd.com\\\/ro\\\/product\\\/46839-254b-zippo-fighting-lion-design\\\/#breadcrumblist\",\"itemListElement\":[{\"@type\":\"ListItem\",\"@id\":\"https:\\\/\\\/tabaccomd.com\\\/ro\\\/#listItem\",\"position\":1,\"name\":\"\\u0413\\u043b\\u0430\\u0432\\u043d\\u0430\\u044f\",\"item\":\"https:\\\/\\\/tabaccomd.com\\\/ro\\\/\",\"nextItem\":{\"@type\":\"ListItem\",\"@id\":\"https:\\\/\\\/tabaccomd.com\\\/ro\\\/catalog\\\/#listItem\",\"name\":\"Catalog\"}},{\"@type\":\"ListItem\",\"@id\":\"https:\\\/\\\/tabaccomd.com\\\/ro\\\/catalog\\\/#listItem\",\"position\":2,\"name\":\"Catalog\",\"item\":\"https:\\\/\\\/tabaccomd.com\\\/ro\\\/catalog\\\/\",\"nextItem\":{\"@type\":\"ListItem\",\"@id\":\"https:\\\/\\\/tabaccomd.com\\\/ro\\\/product-category\\\/brichete\\\/#listItem\",\"name\":\"Brichete\"},\"previousItem\":{\"@type\":\"ListItem\",\"@id\":\"https:\\\/\\\/tabaccomd.com\\\/ro\\\/#listItem\",\"name\":\"\\u0413\\u043b\\u0430\\u0432\\u043d\\u0430\\u044f\"}},{\"@type\":\"ListItem\",\"@id\":\"https:\\\/\\\/tabaccomd.com\\\/ro\\\/product-category\\\/brichete\\\/#listItem\",\"position\":3,\"name\":\"Brichete\",\"item\":\"https:\\\/\\\/tabaccomd.com\\\/ro\\\/product-category\\\/brichete\\\/\",\"nextItem\":{\"@type\":\"ListItem\",\"@id\":\"https:\\\/\\\/tabaccomd.com\\\/ro\\\/product-category\\\/brichete\\\/brichete-zippo-2\\\/#listItem\",\"name\":\"Brichete Zippo\"},\"previousItem\":{\"@type\":\"ListItem\",\"@id\":\"https:\\\/\\\/tabaccomd.com\\\/ro\\\/catalog\\\/#listItem\",\"name\":\"Catalog\"}},{\"@type\":\"ListItem\",\"@id\":\"https:\\\/\\\/tabaccomd.com\\\/ro\\\/product-category\\\/brichete\\\/brichete-zippo-2\\\/#listItem\",\"position\":4,\"name\":\"Brichete Zippo\",\"item\":\"https:\\\/\\\/tabaccomd.com\\\/ro\\\/product-category\\\/brichete\\\/brichete-zippo-2\\\/\",\"nextItem\":{\"@type\":\"ListItem\",\"@id\":\"https:\\\/\\\/tabaccomd.com\\\/ro\\\/product\\\/46839-254b-zippo-fighting-lion-design\\\/#listItem\",\"name\":\"46839 254B Zippo Fighting Lion Design\"},\"previousItem\":{\"@type\":\"ListItem\",\"@id\":\"https:\\\/\\\/tabaccomd.com\\\/ro\\\/product-category\\\/brichete\\\/#listItem\",\"name\":\"Brichete\"}},{\"@type\":\"ListItem\",\"@id\":\"https:\\\/\\\/tabaccomd.com\\\/ro\\\/product\\\/46839-254b-zippo-fighting-lion-design\\\/#listItem\",\"position\":5,\"name\":\"46839 254B Zippo Fighting Lion Design\",\"previousItem\":{\"@type\":\"ListItem\",\"@id\":\"https:\\\/\\\/tabaccomd.com\\\/ro\\\/product-category\\\/brichete\\\/brichete-zippo-2\\\/#listItem\",\"name\":\"Brichete Zippo\"}}]},{\"@type\":\"Organization\",\"@id\":\"https:\\\/\\\/tabaccomd.com\\\/ro\\\/#organization\",\"name\":\"Tabacco House\",\"description\":\"\\u041c\\u0430\\u0433\\u0430\\u0437\\u0438\\u043d \\u0442\\u0430\\u0431\\u0430\\u0447\\u043d\\u044b\\u0445 \\u0438\\u0437\\u0434\\u0435\\u043b\\u0438\\u0439\",\"url\":\"https:\\\/\\\/tabaccomd.com\\\/ro\\\/\",\"email\":\"Office@cazacuhouse.com\",\"telephone\":\"+37361000935\",\"logo\":{\"@type\":\"ImageObject\",\"url\":\"https:\\\/\\\/tabaccomd.com\\\/wp-content\\\/uploads\\\/2024\\\/02\\\/logo_header3.png\",\"@id\":\"https:\\\/\\\/tabaccomd.com\\\/ro\\\/product\\\/46839-254b-zippo-fighting-lion-design\\\/#organizationLogo\",\"width\":32,\"height\":32,\"caption\":\"Tabacco House\"},\"image\":{\"@id\":\"https:\\\/\\\/tabaccomd.com\\\/ro\\\/product\\\/46839-254b-zippo-fighting-lion-design\\\/#organizationLogo\"},\"sameAs\":[\"https:\\\/\\\/www.facebook.com\\\/tabaccomd.com\\\/\",\"https:\\\/\\\/www.instagram.com\\\/tabaccomd.com\\\/\"],\"address\":{\"@id\":\"https:\\\/\\\/tabaccomd.com\\\/ro\\\/#postaladdress\",\"@type\":\"PostalAddress\",\"streetAddress\":\"Strada Albi\\u015foara 4, Chi\\u0219in\\u0103u, Bulevardul \\u0218tefan cel Mare \\u0219i Sf\\u00eent 136, Chi\\u0219in\\u0103u\",\"addressLocality\":\"Chi\\u0219in\\u0103u\",\"addressCountry\":\"MD\"}},{\"@type\":\"Product\",\"@id\":\"https:\\\/\\\/tabaccomd.com\\\/ro\\\/product\\\/46839-254b-zippo-fighting-lion-design\\\/#wooCommerceProduct\",\"name\":\"46839 254B Zippo Fighting Lion Design\",\"description\":\"Corp Classic tradi\\u021bional\\r\\n \\tGaran\\u021bie pe via\\u021b\\u0103\\r\\n \\tBricheta se livreaz\\u0103 neumplut\\u0103\\r\\n \\tRecomand\\u0103m alimentarea numai cu combustibil Zippo de \\u00eenalt\\u0103 calitate\",\"url\":\"https:\\\/\\\/tabaccomd.com\\\/ro\\\/product\\\/46839-254b-zippo-fighting-lion-design\\\/\",\"sku\":\"46839\",\"image\":{\"@type\":\"ImageObject\",\"url\":\"https:\\\/\\\/tabaccomd.com\\\/wp-content\\\/uploads\\\/2026\\\/03\\\/46839-254B-Zippo-Fighting-Lion-Design.jpg\",\"@id\":\"https:\\\/\\\/tabaccomd.com\\\/ro\\\/product\\\/46839-254b-zippo-fighting-lion-design\\\/#productImage\",\"width\":1200,\"height\":1200,\"caption\":\"46839-254B-Zippo-Fighting-Lion-Design\"},\"offers\":{\"@type\":\"Offer\",\"url\":\"https:\\\/\\\/tabaccomd.com\\\/ro\\\/product\\\/46839-254b-zippo-fighting-lion-design\\\/#wooCommerceOffer\",\"price\":800,\"priceCurrency\":\"MDL\",\"category\":\"Brichete Zippo\",\"availability\":\"https:\\\/\\\/schema.org\\\/InStock\",\"priceSpecification\":{\"@type\":\"PriceSpecification\",\"price\":800,\"priceCurrency\":\"MDL\",\"valueAddedTaxIncluded\":\"true\"},\"seller\":{\"@type\":\"Organization\",\"@id\":\"https:\\\/\\\/tabaccomd.com\\\/ro\\\/#organization\"}}},{\"@type\":\"WebPage\",\"@id\":\"https:\\\/\\\/tabaccomd.com\\\/ro\\\/product\\\/46839-254b-zippo-fighting-lion-design\\\/#webpage\",\"url\":\"https:\\\/\\\/tabaccomd.com\\\/ro\\\/product\\\/46839-254b-zippo-fighting-lion-design\\\/\",\"name\":\"46839 254B Zippo Fighting Lion Design \\u2013 Tabacco House\",\"inLanguage\":\"ro-RO\",\"isPartOf\":{\"@id\":\"https:\\\/\\\/tabaccomd.com\\\/ro\\\/#website\"},\"breadcrumb\":{\"@id\":\"https:\\\/\\\/tabaccomd.com\\\/ro\\\/product\\\/46839-254b-zippo-fighting-lion-design\\\/#breadcrumblist\"},\"image\":{\"@type\":\"ImageObject\",\"url\":\"https:\\\/\\\/tabaccomd.com\\\/wp-content\\\/uploads\\\/2026\\\/03\\\/46839-254B-Zippo-Fighting-Lion-Design.jpg\",\"@id\":\"https:\\\/\\\/tabaccomd.com\\\/ro\\\/product\\\/46839-254b-zippo-fighting-lion-design\\\/#mainImage\",\"width\":1200,\"height\":1200,\"caption\":\"46839-254B-Zippo-Fighting-Lion-Design\"},\"primaryImageOfPage\":{\"@id\":\"https:\\\/\\\/tabaccomd.com\\\/ro\\\/product\\\/46839-254b-zippo-fighting-lion-design\\\/#mainImage\"},\"datePublished\":\"2026-03-16T16:59:36+03:00\",\"dateModified\":\"2026-03-16T16:59:36+03:00\"},{\"@type\":\"WebSite\",\"@id\":\"https:\\\/\\\/tabaccomd.com\\\/ro\\\/#website\",\"url\":\"https:\\\/\\\/tabaccomd.com\\\/ro\\\/\",\"name\":\"Tabacco House\",\"alternateName\":\"tobaccomd.com\",\"description\":\"\\u041c\\u0430\\u0433\\u0430\\u0437\\u0438\\u043d \\u0442\\u0430\\u0431\\u0430\\u0447\\u043d\\u044b\\u0445 \\u0438\\u0437\\u0434\\u0435\\u043b\\u0438\\u0439\",\"inLanguage\":\"ro-RO\",\"publisher\":{\"@id\":\"https:\\\/\\\/tabaccomd.com\\\/ro\\\/#organization\"}}]}\n\t\t<\/script>\n\t\t<!-- All in One SEO Pro -->\r\n\t\t<title>46839 254B Zippo Fighting Lion Design \u2013 Tabacco House<\/title>\n\n","aioseo_head_json":{"title":"46839 254B Zippo Fighting Lion Design \u2013 Tabacco House","description":"","canonical_url":"https:\/\/tabaccomd.com\/ro\/product\/46839-254b-zippo-fighting-lion-design\/","robots":"max-image-preview:large","keywords":"","webmasterTools":{"miscellaneous":""},"schema":{"@context":"https:\/\/schema.org","@graph":[{"@type":"BreadcrumbList","@id":"https:\/\/tabaccomd.com\/ro\/product\/46839-254b-zippo-fighting-lion-design\/#breadcrumblist","itemListElement":[{"@type":"ListItem","@id":"https:\/\/tabaccomd.com\/ro\/#listItem","position":1,"name":"\u0413\u043b\u0430\u0432\u043d\u0430\u044f","item":"https:\/\/tabaccomd.com\/ro\/","nextItem":{"@type":"ListItem","@id":"https:\/\/tabaccomd.com\/ro\/catalog\/#listItem","name":"Catalog"}},{"@type":"ListItem","@id":"https:\/\/tabaccomd.com\/ro\/catalog\/#listItem","position":2,"name":"Catalog","item":"https:\/\/tabaccomd.com\/ro\/catalog\/","nextItem":{"@type":"ListItem","@id":"https:\/\/tabaccomd.com\/ro\/product-category\/brichete\/#listItem","name":"Brichete"},"previousItem":{"@type":"ListItem","@id":"https:\/\/tabaccomd.com\/ro\/#listItem","name":"\u0413\u043b\u0430\u0432\u043d\u0430\u044f"}},{"@type":"ListItem","@id":"https:\/\/tabaccomd.com\/ro\/product-category\/brichete\/#listItem","position":3,"name":"Brichete","item":"https:\/\/tabaccomd.com\/ro\/product-category\/brichete\/","nextItem":{"@type":"ListItem","@id":"https:\/\/tabaccomd.com\/ro\/product-category\/brichete\/brichete-zippo-2\/#listItem","name":"Brichete Zippo"},"previousItem":{"@type":"ListItem","@id":"https:\/\/tabaccomd.com\/ro\/catalog\/#listItem","name":"Catalog"}},{"@type":"ListItem","@id":"https:\/\/tabaccomd.com\/ro\/product-category\/brichete\/brichete-zippo-2\/#listItem","position":4,"name":"Brichete Zippo","item":"https:\/\/tabaccomd.com\/ro\/product-category\/brichete\/brichete-zippo-2\/","nextItem":{"@type":"ListItem","@id":"https:\/\/tabaccomd.com\/ro\/product\/46839-254b-zippo-fighting-lion-design\/#listItem","name":"46839 254B Zippo Fighting Lion Design"},"previousItem":{"@type":"ListItem","@id":"https:\/\/tabaccomd.com\/ro\/product-category\/brichete\/#listItem","name":"Brichete"}},{"@type":"ListItem","@id":"https:\/\/tabaccomd.com\/ro\/product\/46839-254b-zippo-fighting-lion-design\/#listItem","position":5,"name":"46839 254B Zippo Fighting Lion Design","previousItem":{"@type":"ListItem","@id":"https:\/\/tabaccomd.com\/ro\/product-category\/brichete\/brichete-zippo-2\/#listItem","name":"Brichete Zippo"}}]},{"@type":"Organization","@id":"https:\/\/tabaccomd.com\/ro\/#organization","name":"Tabacco House","description":"\u041c\u0430\u0433\u0430\u0437\u0438\u043d \u0442\u0430\u0431\u0430\u0447\u043d\u044b\u0445 \u0438\u0437\u0434\u0435\u043b\u0438\u0439","url":"https:\/\/tabaccomd.com\/ro\/","email":"Office@cazacuhouse.com","telephone":"+37361000935","logo":{"@type":"ImageObject","url":"https:\/\/tabaccomd.com\/wp-content\/uploads\/2024\/02\/logo_header3.png","@id":"https:\/\/tabaccomd.com\/ro\/product\/46839-254b-zippo-fighting-lion-design\/#organizationLogo","width":32,"height":32,"caption":"Tabacco House"},"image":{"@id":"https:\/\/tabaccomd.com\/ro\/product\/46839-254b-zippo-fighting-lion-design\/#organizationLogo"},"sameAs":["https:\/\/www.facebook.com\/tabaccomd.com\/","https:\/\/www.instagram.com\/tabaccomd.com\/"],"address":{"@id":"https:\/\/tabaccomd.com\/ro\/#postaladdress","@type":"PostalAddress","streetAddress":"Strada Albi\u015foara 4, Chi\u0219in\u0103u, Bulevardul \u0218tefan cel Mare \u0219i Sf\u00eent 136, Chi\u0219in\u0103u","addressLocality":"Chi\u0219in\u0103u","addressCountry":"MD"}},{"@type":"Product","@id":"https:\/\/tabaccomd.com\/ro\/product\/46839-254b-zippo-fighting-lion-design\/#wooCommerceProduct","name":"46839 254B Zippo Fighting Lion Design","description":"Corp Classic tradi\u021bional\r\n \tGaran\u021bie pe via\u021b\u0103\r\n \tBricheta se livreaz\u0103 neumplut\u0103\r\n \tRecomand\u0103m alimentarea numai cu combustibil Zippo de \u00eenalt\u0103 calitate","url":"https:\/\/tabaccomd.com\/ro\/product\/46839-254b-zippo-fighting-lion-design\/","sku":"46839","image":{"@type":"ImageObject","url":"https:\/\/tabaccomd.com\/wp-content\/uploads\/2026\/03\/46839-254B-Zippo-Fighting-Lion-Design.jpg","@id":"https:\/\/tabaccomd.com\/ro\/product\/46839-254b-zippo-fighting-lion-design\/#productImage","width":1200,"height":1200,"caption":"46839-254B-Zippo-Fighting-Lion-Design"},"offers":{"@type":"Offer","url":"https:\/\/tabaccomd.com\/ro\/product\/46839-254b-zippo-fighting-lion-design\/#wooCommerceOffer","price":800,"priceCurrency":"MDL","category":"Brichete Zippo","availability":"https:\/\/schema.org\/InStock","priceSpecification":{"@type":"PriceSpecification","price":800,"priceCurrency":"MDL","valueAddedTaxIncluded":"true"},"seller":{"@type":"Organization","@id":"https:\/\/tabaccomd.com\/ro\/#organization"}}},{"@type":"WebPage","@id":"https:\/\/tabaccomd.com\/ro\/product\/46839-254b-zippo-fighting-lion-design\/#webpage","url":"https:\/\/tabaccomd.com\/ro\/product\/46839-254b-zippo-fighting-lion-design\/","name":"46839 254B Zippo Fighting Lion Design \u2013 Tabacco House","inLanguage":"ro-RO","isPartOf":{"@id":"https:\/\/tabaccomd.com\/ro\/#website"},"breadcrumb":{"@id":"https:\/\/tabaccomd.com\/ro\/product\/46839-254b-zippo-fighting-lion-design\/#breadcrumblist"},"image":{"@type":"ImageObject","url":"https:\/\/tabaccomd.com\/wp-content\/uploads\/2026\/03\/46839-254B-Zippo-Fighting-Lion-Design.jpg","@id":"https:\/\/tabaccomd.com\/ro\/product\/46839-254b-zippo-fighting-lion-design\/#mainImage","width":1200,"height":1200,"caption":"46839-254B-Zippo-Fighting-Lion-Design"},"primaryImageOfPage":{"@id":"https:\/\/tabaccomd.com\/ro\/product\/46839-254b-zippo-fighting-lion-design\/#mainImage"},"datePublished":"2026-03-16T16:59:36+03:00","dateModified":"2026-03-16T16:59:36+03:00"},{"@type":"WebSite","@id":"https:\/\/tabaccomd.com\/ro\/#website","url":"https:\/\/tabaccomd.com\/ro\/","name":"Tabacco House","alternateName":"tobaccomd.com","description":"\u041c\u0430\u0433\u0430\u0437\u0438\u043d \u0442\u0430\u0431\u0430\u0447\u043d\u044b\u0445 \u0438\u0437\u0434\u0435\u043b\u0438\u0439","inLanguage":"ro-RO","publisher":{"@id":"https:\/\/tabaccomd.com\/ro\/#organization"}}]},"og:locale":"ro_RO","og:site_name":"Tabacco House \u2013 \u041c\u0430\u0433\u0430\u0437\u0438\u043d \u0442\u0430\u0431\u0430\u0447\u043d\u044b\u0445 \u0438\u0437\u0434\u0435\u043b\u0438\u0439","og:type":"article","og:title":"46839 254B Zippo Fighting Lion Design \u2013 Tabacco House","og:url":"https:\/\/tabaccomd.com\/ro\/product\/46839-254b-zippo-fighting-lion-design\/","article:published_time":"2026-03-16T13:59:36+00:00","article:modified_time":"2026-03-16T13:59:36+00:00","article:publisher":"https:\/\/www.facebook.com\/tabaccomd.com\/","twitter:card":"summary_large_image","twitter:title":"46839 254B Zippo Fighting Lion Design \u2013 Tabacco House"},"aioseo_meta_data":{"post_id":"157694","title":null,"description":null,"keywords":null,"keyphrases":null,"primary_term":null,"canonical_url":null,"og_title":null,"og_description":null,"og_object_type":"default","og_image_type":"default","og_image_url":null,"og_image_width":null,"og_image_height":null,"og_image_custom_url":null,"og_image_custom_fields":null,"og_video":null,"og_custom_url":null,"og_article_section":null,"og_article_tags":null,"twitter_use_og":false,"twitter_card":"default","twitter_image_type":"default","twitter_image_url":null,"twitter_image_custom_url":null,"twitter_image_custom_fields":null,"twitter_title":null,"twitter_description":null,"schema":{"blockGraphs":[],"customGraphs":[],"default":{"data":{"Article":[],"Course":[],"Dataset":[],"FAQPage":[],"Movie":[],"Person":[],"Product":[],"ProductReview":[],"Car":[],"Recipe":[],"Service":[],"SoftwareApplication":[],"WebPage":[]},"graphName":"","isEnabled":true},"graphs":[]},"schema_type":"default","schema_type_options":null,"pillar_content":false,"robots_default":true,"robots_noindex":false,"robots_noarchive":false,"robots_nosnippet":false,"robots_nofollow":false,"robots_noimageindex":false,"robots_noodp":false,"robots_notranslate":false,"robots_max_snippet":null,"robots_max_videopreview":null,"robots_max_imagepreview":"large","priority":null,"frequency":null,"local_seo":null,"seo_analyzer_scan_date":"2026-03-16 14:33:25","breadcrumb_settings":null,"limit_modified_date":false,"reviewed_by":null,"open_ai":null,"ai":null,"created":"2026-03-16 14:00:58","updated":"2026-03-16 14:33:25"},"aioseo_breadcrumb":"<div class=\"aioseo-breadcrumbs\"><span class=\"aioseo-breadcrumb\">\n\t<a href=\"https:\/\/tabaccomd.com\/ro\/\" title=\"\u0413\u043b\u0430\u0432\u043d\u0430\u044f\">\u0413\u043b\u0430\u0432\u043d\u0430\u044f<\/a>\n<\/span><span class=\"aioseo-breadcrumb-separator\">\u00bb<\/span><span class=\"aioseo-breadcrumb\">\n\t<a href=\"https:\/\/tabaccomd.com\/ro\/catalog\/\" title=\"Catalog\">Catalog<\/a>\n<\/span><span class=\"aioseo-breadcrumb-separator\">\u00bb<\/span><span class=\"aioseo-breadcrumb\">\n\t<a href=\"https:\/\/tabaccomd.com\/ro\/product-category\/brichete\/\" title=\"Brichete\">Brichete<\/a>\n<\/span><span class=\"aioseo-breadcrumb-separator\">\u00bb<\/span><span class=\"aioseo-breadcrumb\">\n\t<a href=\"https:\/\/tabaccomd.com\/ro\/product-category\/brichete\/brichete-zippo-2\/\" title=\"Brichete Zippo\">Brichete Zippo<\/a>\n<\/span><span class=\"aioseo-breadcrumb-separator\">\u00bb<\/span><span class=\"aioseo-breadcrumb\">\n\t46839 254B Zippo Fighting Lion Design\n<\/span><\/div>","aioseo_breadcrumb_json":[{"label":"\u0413\u043b\u0430\u0432\u043d\u0430\u044f","link":"https:\/\/tabaccomd.com\/ro\/"},{"label":"Catalog","link":"https:\/\/tabaccomd.com\/ro\/catalog\/"},{"label":"Brichete","link":"https:\/\/tabaccomd.com\/ro\/product-category\/brichete\/"},{"label":"Brichete Zippo","link":"https:\/\/tabaccomd.com\/ro\/product-category\/brichete\/brichete-zippo-2\/"},{"label":"46839 254B Zippo Fighting Lion Design","link":"https:\/\/tabaccomd.com\/ro\/product\/46839-254b-zippo-fighting-lion-design\/"}],"images_for_1c":[{"url":"https:\/\/tabaccomd.com\/wp-content\/uploads\/2026\/03\/46839-254B-Zippo-Fighting-Lion-Design.jpg","type":"featured","alt":"46839-254B-Zippo-Fighting-Lion-Design","filename":"46839-254B-Zippo-Fighting-Lion-Design.jpg"},{"url":"https:\/\/tabaccomd.com\/wp-content\/uploads\/2026\/03\/46839-254B-Zippo-Fighting-Lion-Design-2.jpg","type":"gallery","alt":"46839-254B-Zippo-Fighting-Lion-Design-2","filename":"46839-254B-Zippo-Fighting-Lion-Design-2.jpg"},{"url":"https:\/\/tabaccomd.com\/wp-content\/uploads\/2026\/03\/46839-254B-Zippo-Fighting-Lion-Design-1.jpg","type":"gallery","alt":"46839-254B-Zippo-Fighting-Lion-Design-1","filename":"46839-254B-Zippo-Fighting-Lion-Design-1.jpg"},{"url":"https:\/\/tabaccomd.com\/wp-content\/uploads\/2026\/03\/46839-254B-Zippo-Fighting-Lion-Design-0.jpg","type":"gallery","alt":"46839-254B-Zippo-Fighting-Lion-Design-0","filename":"46839-254B-Zippo-Fighting-Lion-Design-0.jpg"}],"additional_data_1c":{"modified_date":"2026-03-16 16:59:36","permalink":"https:\/\/tabaccomd.com\/ro\/product\/46839-254b-zippo-fighting-lion-design\/","stock_status":"instock","manage_stock":"no"},"_links":{"self":[{"href":"https:\/\/tabaccomd.com\/ro\/wp-json\/wp\/v2\/product\/157694","targetHints":{"allow":["GET"]}}],"collection":[{"href":"https:\/\/tabaccomd.com\/ro\/wp-json\/wp\/v2\/product"}],"about":[{"href":"https:\/\/tabaccomd.com\/ro\/wp-json\/wp\/v2\/types\/product"}],"wp:featuredmedia":[{"embeddable":true,"href":"https:\/\/tabaccomd.com\/ro\/wp-json\/wp\/v2\/media\/157686"}],"wp:attachment":[{"href":"https:\/\/tabaccomd.com\/ro\/wp-json\/wp\/v2\/media?parent=157694"}],"wp:term":[{"taxonomy":"product_brand","embeddable":true,"href":"https:\/\/tabaccomd.com\/ro\/wp-json\/wp\/v2\/product_brand?post=157694"},{"taxonomy":"product_cat","embeddable":true,"href":"https:\/\/tabaccomd.com\/ro\/wp-json\/wp\/v2\/product_cat?post=157694"},{"taxonomy":"product_tag","embeddable":true,"href":"https:\/\/tabaccomd.com\/ro\/wp-json\/wp\/v2\/product_tag?post=157694"}],"curies":[{"name":"wp","href":"https:\/\/api.w.org\/{rel}","templated":true}]}}