{"id":157459,"date":"2026-03-05T18:19:59","date_gmt":"2026-03-05T15:19:59","guid":{"rendered":"https:\/\/tabaccomd.com\/product\/pipa-rattrays-majesty-grey-5-17448\/"},"modified":"2026-03-05T18:19:59","modified_gmt":"2026-03-05T15:19:59","slug":"pipa-rattrays-majesty-grey-5-17448","status":"publish","type":"product","link":"https:\/\/tabaccomd.com\/ro\/product\/pipa-rattrays-majesty-grey-5-17448\/","title":{"rendered":"Pip\u0103 Rattray&#8217;s Majesty Grey 5 &#8211; 17448"},"content":{"rendered":"<p data-start=\"0\" data-end=\"608\"><a href=\"https:\/\/tabaccomd.com\/ro\/product-category\/pipe\/pipe-rattrays\/\">Pipa<\/a> Rattray&#8217;s Majesty Grey 5 continu\u0103 tradi\u021bia celebrului brand creat de Charles Rattray. \u00cen trecut, acesta \u00ee\u0219i vindea pipele sub propriul nume \u00een magazinul s\u0103u din Perth, dar faima i-a fost adus\u0103 \u00een special de amestecurile sale excelente de tutun. \u00cen 2008, Oliver Kopp a decis s\u0103 aduc\u0103 marca pe pia\u021ba interna\u021bional\u0103 a pipelor. \u00cen ciuda concuren\u021bei puternice, datorit\u0103 designului distinctiv, variet\u0103\u021bii mari de forme clasice \u0219i calit\u0103\u021bii constante, pipele Rattray\u2019s au devenit rapid foarte apreciate. Ast\u0103zi sunt v\u00e2ndute \u00een peste 55 de \u021b\u0103ri \u0219i se num\u0103r\u0103 printre cele mai importante branduri din domeniu. Modelul Majesty Grey 5 impresioneaz\u0103 printr-un design elegant, completat de un decor masiv din alam\u0103, care \u00eei ofer\u0103 un aspect nobil \u0219i solid. Pipa este fabricat\u0103 \u00een Italia din lemn de briar de calitate, are mu\u0219tiuc din acril \u0219i o form\u0103 clasic\u0103 Straight Billiard. Diametrul g\u0103urii este de 9 mm, iar lungimea pipei este de 150 mm, oferind un echilibru pl\u0103cut \u00eentre elegan\u021b\u0103 \u0219i confort \u00een utilizare.<\/p>\n<p data-start=\"0\" data-end=\"608\">Pute\u021bi achizi\u021biona pipa Rattray&#8217;s Majesty Grey 5 &#8211; 17448 \u00een Moldova, Chi\u0219in\u0103u, \u00een re\u021beaua de magazine Tabacco House.<\/p>\n","protected":false},"excerpt":{"rendered":"<ul>\n<li>Produc\u0103tor: Kopp Pipes GmbH &amp; Co. KG<\/li>\n<li>\u021aara produc\u0103torului: Italia<\/li>\n<li>Material pip\u0103: Briar<\/li>\n<li>Material mu\u0219tiuc: Acril<\/li>\n<li>Culoare: Gri \u00eenchis<\/li>\n<li>Form\u0103: Straight &#8211; Billiard<\/li>\n<li>Diametru gaur\u0103: 9 mm<\/li>\n<li>Lungime pip\u0103: 150 mm<\/li>\n<\/ul>\n","protected":false},"featured_media":157450,"template":"","meta":{"om_disable_all_campaigns":false,"_monsterinsights_skip_tracking":false,"_monsterinsights_sitenote_active":false,"_monsterinsights_sitenote_note":"","_monsterinsights_sitenote_category":0},"product_brand":[],"product_cat":[502],"product_tag":[],"class_list":{"0":"post-157459","1":"product","2":"type-product","3":"status-publish","4":"has-post-thumbnail","6":"product_cat-pipe-rattrays","8":"first","9":"instock","10":"taxable","11":"shipping-taxable","12":"purchasable","13":"product-type-simple"},"aioseo_notices":[],"aioseo_head":"\n\t\t<!-- All in One SEO Pro 4.9.6.2 - aioseo.com -->\n\t<meta name=\"robots\" content=\"max-image-preview:large\" \/>\n\t<link rel=\"canonical\" href=\"https:\/\/tabaccomd.com\/ro\/product\/pipa-rattrays-majesty-grey-5-17448\/\" \/>\n\t<meta name=\"generator\" content=\"All in One SEO Pro (AIOSEO) 4.9.6.2\" \/>\n\t\t<meta property=\"og:locale\" content=\"ro_RO\" \/>\n\t\t<meta property=\"og:site_name\" content=\"Tabacco House \u2013 \u041c\u0430\u0433\u0430\u0437\u0438\u043d \u0442\u0430\u0431\u0430\u0447\u043d\u044b\u0445 \u0438\u0437\u0434\u0435\u043b\u0438\u0439\" \/>\n\t\t<meta property=\"og:type\" content=\"article\" \/>\n\t\t<meta property=\"og:title\" content=\"Pip\u0103 Rattray\u2019s Majesty Grey 5 \u2013 17448 \u2013 Tabacco House\" \/>\n\t\t<meta property=\"og:url\" content=\"https:\/\/tabaccomd.com\/ro\/product\/pipa-rattrays-majesty-grey-5-17448\/\" \/>\n\t\t<meta property=\"article:published_time\" content=\"2026-03-05T15:19:59+00:00\" \/>\n\t\t<meta property=\"article:modified_time\" content=\"2026-03-05T15:19:59+00:00\" \/>\n\t\t<meta property=\"article:publisher\" content=\"https:\/\/www.facebook.com\/tabaccomd.com\/\" \/>\n\t\t<meta name=\"twitter:card\" content=\"summary_large_image\" \/>\n\t\t<meta name=\"twitter:title\" content=\"Pip\u0103 Rattray\u2019s Majesty Grey 5 \u2013 17448 \u2013 Tabacco House\" \/>\n\t\t<script type=\"application\/ld+json\" class=\"aioseo-schema\">\n\t\t\t{\"@context\":\"https:\\\/\\\/schema.org\",\"@graph\":[{\"@type\":\"BreadcrumbList\",\"@id\":\"https:\\\/\\\/tabaccomd.com\\\/ro\\\/product\\\/pipa-rattrays-majesty-grey-5-17448\\\/#breadcrumblist\",\"itemListElement\":[{\"@type\":\"ListItem\",\"@id\":\"https:\\\/\\\/tabaccomd.com\\\/ro\\\/#listItem\",\"position\":1,\"name\":\"\\u0413\\u043b\\u0430\\u0432\\u043d\\u0430\\u044f\",\"item\":\"https:\\\/\\\/tabaccomd.com\\\/ro\\\/\",\"nextItem\":{\"@type\":\"ListItem\",\"@id\":\"https:\\\/\\\/tabaccomd.com\\\/ro\\\/catalog\\\/#listItem\",\"name\":\"Catalog\"}},{\"@type\":\"ListItem\",\"@id\":\"https:\\\/\\\/tabaccomd.com\\\/ro\\\/catalog\\\/#listItem\",\"position\":2,\"name\":\"Catalog\",\"item\":\"https:\\\/\\\/tabaccomd.com\\\/ro\\\/catalog\\\/\",\"nextItem\":{\"@type\":\"ListItem\",\"@id\":\"https:\\\/\\\/tabaccomd.com\\\/ro\\\/product-category\\\/pipe\\\/#listItem\",\"name\":\"Pipe\"},\"previousItem\":{\"@type\":\"ListItem\",\"@id\":\"https:\\\/\\\/tabaccomd.com\\\/ro\\\/#listItem\",\"name\":\"\\u0413\\u043b\\u0430\\u0432\\u043d\\u0430\\u044f\"}},{\"@type\":\"ListItem\",\"@id\":\"https:\\\/\\\/tabaccomd.com\\\/ro\\\/product-category\\\/pipe\\\/#listItem\",\"position\":3,\"name\":\"Pipe\",\"item\":\"https:\\\/\\\/tabaccomd.com\\\/ro\\\/product-category\\\/pipe\\\/\",\"nextItem\":{\"@type\":\"ListItem\",\"@id\":\"https:\\\/\\\/tabaccomd.com\\\/ro\\\/product-category\\\/pipe\\\/pipe-rattrays\\\/#listItem\",\"name\":\"Pipe Rattray's\"},\"previousItem\":{\"@type\":\"ListItem\",\"@id\":\"https:\\\/\\\/tabaccomd.com\\\/ro\\\/catalog\\\/#listItem\",\"name\":\"Catalog\"}},{\"@type\":\"ListItem\",\"@id\":\"https:\\\/\\\/tabaccomd.com\\\/ro\\\/product-category\\\/pipe\\\/pipe-rattrays\\\/#listItem\",\"position\":4,\"name\":\"Pipe Rattray's\",\"item\":\"https:\\\/\\\/tabaccomd.com\\\/ro\\\/product-category\\\/pipe\\\/pipe-rattrays\\\/\",\"nextItem\":{\"@type\":\"ListItem\",\"@id\":\"https:\\\/\\\/tabaccomd.com\\\/ro\\\/product\\\/pipa-rattrays-majesty-grey-5-17448\\\/#listItem\",\"name\":\"Pip\\u0103 Rattray&#8217;s Majesty Grey 5 &#8211; 17448\"},\"previousItem\":{\"@type\":\"ListItem\",\"@id\":\"https:\\\/\\\/tabaccomd.com\\\/ro\\\/product-category\\\/pipe\\\/#listItem\",\"name\":\"Pipe\"}},{\"@type\":\"ListItem\",\"@id\":\"https:\\\/\\\/tabaccomd.com\\\/ro\\\/product\\\/pipa-rattrays-majesty-grey-5-17448\\\/#listItem\",\"position\":5,\"name\":\"Pip\\u0103 Rattray&#8217;s Majesty Grey 5 &#8211; 17448\",\"previousItem\":{\"@type\":\"ListItem\",\"@id\":\"https:\\\/\\\/tabaccomd.com\\\/ro\\\/product-category\\\/pipe\\\/pipe-rattrays\\\/#listItem\",\"name\":\"Pipe Rattray's\"}}]},{\"@type\":\"Organization\",\"@id\":\"https:\\\/\\\/tabaccomd.com\\\/ro\\\/#organization\",\"name\":\"Tabacco House\",\"description\":\"\\u041c\\u0430\\u0433\\u0430\\u0437\\u0438\\u043d \\u0442\\u0430\\u0431\\u0430\\u0447\\u043d\\u044b\\u0445 \\u0438\\u0437\\u0434\\u0435\\u043b\\u0438\\u0439\",\"url\":\"https:\\\/\\\/tabaccomd.com\\\/ro\\\/\",\"email\":\"Office@cazacuhouse.com\",\"telephone\":\"+37361000935\",\"logo\":{\"@type\":\"ImageObject\",\"url\":\"https:\\\/\\\/tabaccomd.com\\\/wp-content\\\/uploads\\\/2024\\\/02\\\/logo_header3.png\",\"@id\":\"https:\\\/\\\/tabaccomd.com\\\/ro\\\/product\\\/pipa-rattrays-majesty-grey-5-17448\\\/#organizationLogo\",\"width\":32,\"height\":32,\"caption\":\"Tabacco House\"},\"image\":{\"@id\":\"https:\\\/\\\/tabaccomd.com\\\/ro\\\/product\\\/pipa-rattrays-majesty-grey-5-17448\\\/#organizationLogo\"},\"sameAs\":[\"https:\\\/\\\/www.facebook.com\\\/tabaccomd.com\\\/\",\"https:\\\/\\\/www.instagram.com\\\/tabaccomd.com\\\/\"],\"address\":{\"@id\":\"https:\\\/\\\/tabaccomd.com\\\/ro\\\/#postaladdress\",\"@type\":\"PostalAddress\",\"streetAddress\":\"Strada Albi\\u015foara 4, Chi\\u0219in\\u0103u, Bulevardul \\u0218tefan cel Mare \\u0219i Sf\\u00eent 136, Chi\\u0219in\\u0103u\",\"addressLocality\":\"Chi\\u0219in\\u0103u\",\"addressCountry\":\"MD\"}},{\"@type\":\"Product\",\"@id\":\"https:\\\/\\\/tabaccomd.com\\\/ro\\\/product\\\/pipa-rattrays-majesty-grey-5-17448\\\/#wooCommerceProduct\",\"name\":\"Pip\\u0103 Rattray's Majesty Grey 5 - 17448\",\"description\":\"Produc\\u0103tor: Kopp Pipes GmbH &amp; Co. KG\\r\\n \\t\\u021aara produc\\u0103torului: Italia\\r\\n \\tMaterial pip\\u0103: Briar\\r\\n \\tMaterial mu\\u0219tiuc: Acril\\r\\n \\tCuloare: Gri \\u00eenchis\\r\\n \\tForm\\u0103: Straight - Billiard\\r\\n \\tDiametru gaur\\u0103: 9 mm\\r\\n \\tLungime pip\\u0103: 150 mm\",\"url\":\"https:\\\/\\\/tabaccomd.com\\\/ro\\\/product\\\/pipa-rattrays-majesty-grey-5-17448\\\/\",\"sku\":\"17448\",\"image\":{\"@type\":\"ImageObject\",\"url\":\"https:\\\/\\\/tabaccomd.com\\\/wp-content\\\/uploads\\\/2026\\\/03\\\/pipe-rattrays-majesty-grey-5-3.jpg\",\"@id\":\"https:\\\/\\\/tabaccomd.com\\\/ro\\\/product\\\/pipa-rattrays-majesty-grey-5-17448\\\/#productImage\",\"width\":1200,\"height\":1200,\"caption\":\"pipe-rattrays-majesty-grey-5-3\"},\"offers\":{\"@type\":\"Offer\",\"url\":\"https:\\\/\\\/tabaccomd.com\\\/ro\\\/product\\\/pipa-rattrays-majesty-grey-5-17448\\\/#wooCommerceOffer\",\"price\":3450,\"priceCurrency\":\"MDL\",\"category\":\"Pipe Rattray's\",\"availability\":\"https:\\\/\\\/schema.org\\\/InStock\",\"priceSpecification\":{\"@type\":\"PriceSpecification\",\"price\":3450,\"priceCurrency\":\"MDL\",\"valueAddedTaxIncluded\":\"true\"},\"seller\":{\"@type\":\"Organization\",\"@id\":\"https:\\\/\\\/tabaccomd.com\\\/ro\\\/#organization\"}}},{\"@type\":\"WebPage\",\"@id\":\"https:\\\/\\\/tabaccomd.com\\\/ro\\\/product\\\/pipa-rattrays-majesty-grey-5-17448\\\/#webpage\",\"url\":\"https:\\\/\\\/tabaccomd.com\\\/ro\\\/product\\\/pipa-rattrays-majesty-grey-5-17448\\\/\",\"name\":\"Pip\\u0103 Rattray\\u2019s Majesty Grey 5 \\u2013 17448 \\u2013 Tabacco House\",\"inLanguage\":\"ro-RO\",\"isPartOf\":{\"@id\":\"https:\\\/\\\/tabaccomd.com\\\/ro\\\/#website\"},\"breadcrumb\":{\"@id\":\"https:\\\/\\\/tabaccomd.com\\\/ro\\\/product\\\/pipa-rattrays-majesty-grey-5-17448\\\/#breadcrumblist\"},\"image\":{\"@type\":\"ImageObject\",\"url\":\"https:\\\/\\\/tabaccomd.com\\\/wp-content\\\/uploads\\\/2026\\\/03\\\/pipe-rattrays-majesty-grey-5-3.jpg\",\"@id\":\"https:\\\/\\\/tabaccomd.com\\\/ro\\\/product\\\/pipa-rattrays-majesty-grey-5-17448\\\/#mainImage\",\"width\":1200,\"height\":1200,\"caption\":\"pipe-rattrays-majesty-grey-5-3\"},\"primaryImageOfPage\":{\"@id\":\"https:\\\/\\\/tabaccomd.com\\\/ro\\\/product\\\/pipa-rattrays-majesty-grey-5-17448\\\/#mainImage\"},\"datePublished\":\"2026-03-05T18:19:59+03:00\",\"dateModified\":\"2026-03-05T18:19:59+03:00\"},{\"@type\":\"WebSite\",\"@id\":\"https:\\\/\\\/tabaccomd.com\\\/ro\\\/#website\",\"url\":\"https:\\\/\\\/tabaccomd.com\\\/ro\\\/\",\"name\":\"Tabacco House\",\"alternateName\":\"tobaccomd.com\",\"description\":\"\\u041c\\u0430\\u0433\\u0430\\u0437\\u0438\\u043d \\u0442\\u0430\\u0431\\u0430\\u0447\\u043d\\u044b\\u0445 \\u0438\\u0437\\u0434\\u0435\\u043b\\u0438\\u0439\",\"inLanguage\":\"ro-RO\",\"publisher\":{\"@id\":\"https:\\\/\\\/tabaccomd.com\\\/ro\\\/#organization\"}}]}\n\t\t<\/script>\n\t\t<!-- All in One SEO Pro -->\r\n\t\t<title>Pip\u0103 Rattray\u2019s Majesty Grey 5 \u2013 17448 \u2013 Tabacco House<\/title>\n\n","aioseo_head_json":{"title":"Pip\u0103 Rattray\u2019s Majesty Grey 5 \u2013 17448 \u2013 Tabacco House","description":"","canonical_url":"https:\/\/tabaccomd.com\/ro\/product\/pipa-rattrays-majesty-grey-5-17448\/","robots":"max-image-preview:large","keywords":"","webmasterTools":{"miscellaneous":""},"schema":{"@context":"https:\/\/schema.org","@graph":[{"@type":"BreadcrumbList","@id":"https:\/\/tabaccomd.com\/ro\/product\/pipa-rattrays-majesty-grey-5-17448\/#breadcrumblist","itemListElement":[{"@type":"ListItem","@id":"https:\/\/tabaccomd.com\/ro\/#listItem","position":1,"name":"\u0413\u043b\u0430\u0432\u043d\u0430\u044f","item":"https:\/\/tabaccomd.com\/ro\/","nextItem":{"@type":"ListItem","@id":"https:\/\/tabaccomd.com\/ro\/catalog\/#listItem","name":"Catalog"}},{"@type":"ListItem","@id":"https:\/\/tabaccomd.com\/ro\/catalog\/#listItem","position":2,"name":"Catalog","item":"https:\/\/tabaccomd.com\/ro\/catalog\/","nextItem":{"@type":"ListItem","@id":"https:\/\/tabaccomd.com\/ro\/product-category\/pipe\/#listItem","name":"Pipe"},"previousItem":{"@type":"ListItem","@id":"https:\/\/tabaccomd.com\/ro\/#listItem","name":"\u0413\u043b\u0430\u0432\u043d\u0430\u044f"}},{"@type":"ListItem","@id":"https:\/\/tabaccomd.com\/ro\/product-category\/pipe\/#listItem","position":3,"name":"Pipe","item":"https:\/\/tabaccomd.com\/ro\/product-category\/pipe\/","nextItem":{"@type":"ListItem","@id":"https:\/\/tabaccomd.com\/ro\/product-category\/pipe\/pipe-rattrays\/#listItem","name":"Pipe Rattray's"},"previousItem":{"@type":"ListItem","@id":"https:\/\/tabaccomd.com\/ro\/catalog\/#listItem","name":"Catalog"}},{"@type":"ListItem","@id":"https:\/\/tabaccomd.com\/ro\/product-category\/pipe\/pipe-rattrays\/#listItem","position":4,"name":"Pipe Rattray's","item":"https:\/\/tabaccomd.com\/ro\/product-category\/pipe\/pipe-rattrays\/","nextItem":{"@type":"ListItem","@id":"https:\/\/tabaccomd.com\/ro\/product\/pipa-rattrays-majesty-grey-5-17448\/#listItem","name":"Pip\u0103 Rattray&#8217;s Majesty Grey 5 &#8211; 17448"},"previousItem":{"@type":"ListItem","@id":"https:\/\/tabaccomd.com\/ro\/product-category\/pipe\/#listItem","name":"Pipe"}},{"@type":"ListItem","@id":"https:\/\/tabaccomd.com\/ro\/product\/pipa-rattrays-majesty-grey-5-17448\/#listItem","position":5,"name":"Pip\u0103 Rattray&#8217;s Majesty Grey 5 &#8211; 17448","previousItem":{"@type":"ListItem","@id":"https:\/\/tabaccomd.com\/ro\/product-category\/pipe\/pipe-rattrays\/#listItem","name":"Pipe Rattray's"}}]},{"@type":"Organization","@id":"https:\/\/tabaccomd.com\/ro\/#organization","name":"Tabacco House","description":"\u041c\u0430\u0433\u0430\u0437\u0438\u043d \u0442\u0430\u0431\u0430\u0447\u043d\u044b\u0445 \u0438\u0437\u0434\u0435\u043b\u0438\u0439","url":"https:\/\/tabaccomd.com\/ro\/","email":"Office@cazacuhouse.com","telephone":"+37361000935","logo":{"@type":"ImageObject","url":"https:\/\/tabaccomd.com\/wp-content\/uploads\/2024\/02\/logo_header3.png","@id":"https:\/\/tabaccomd.com\/ro\/product\/pipa-rattrays-majesty-grey-5-17448\/#organizationLogo","width":32,"height":32,"caption":"Tabacco House"},"image":{"@id":"https:\/\/tabaccomd.com\/ro\/product\/pipa-rattrays-majesty-grey-5-17448\/#organizationLogo"},"sameAs":["https:\/\/www.facebook.com\/tabaccomd.com\/","https:\/\/www.instagram.com\/tabaccomd.com\/"],"address":{"@id":"https:\/\/tabaccomd.com\/ro\/#postaladdress","@type":"PostalAddress","streetAddress":"Strada Albi\u015foara 4, Chi\u0219in\u0103u, Bulevardul \u0218tefan cel Mare \u0219i Sf\u00eent 136, Chi\u0219in\u0103u","addressLocality":"Chi\u0219in\u0103u","addressCountry":"MD"}},{"@type":"Product","@id":"https:\/\/tabaccomd.com\/ro\/product\/pipa-rattrays-majesty-grey-5-17448\/#wooCommerceProduct","name":"Pip\u0103 Rattray's Majesty Grey 5 - 17448","description":"Produc\u0103tor: Kopp Pipes GmbH &amp; Co. KG\r\n \t\u021aara produc\u0103torului: Italia\r\n \tMaterial pip\u0103: Briar\r\n \tMaterial mu\u0219tiuc: Acril\r\n \tCuloare: Gri \u00eenchis\r\n \tForm\u0103: Straight - Billiard\r\n \tDiametru gaur\u0103: 9 mm\r\n \tLungime pip\u0103: 150 mm","url":"https:\/\/tabaccomd.com\/ro\/product\/pipa-rattrays-majesty-grey-5-17448\/","sku":"17448","image":{"@type":"ImageObject","url":"https:\/\/tabaccomd.com\/wp-content\/uploads\/2026\/03\/pipe-rattrays-majesty-grey-5-3.jpg","@id":"https:\/\/tabaccomd.com\/ro\/product\/pipa-rattrays-majesty-grey-5-17448\/#productImage","width":1200,"height":1200,"caption":"pipe-rattrays-majesty-grey-5-3"},"offers":{"@type":"Offer","url":"https:\/\/tabaccomd.com\/ro\/product\/pipa-rattrays-majesty-grey-5-17448\/#wooCommerceOffer","price":3450,"priceCurrency":"MDL","category":"Pipe Rattray's","availability":"https:\/\/schema.org\/InStock","priceSpecification":{"@type":"PriceSpecification","price":3450,"priceCurrency":"MDL","valueAddedTaxIncluded":"true"},"seller":{"@type":"Organization","@id":"https:\/\/tabaccomd.com\/ro\/#organization"}}},{"@type":"WebPage","@id":"https:\/\/tabaccomd.com\/ro\/product\/pipa-rattrays-majesty-grey-5-17448\/#webpage","url":"https:\/\/tabaccomd.com\/ro\/product\/pipa-rattrays-majesty-grey-5-17448\/","name":"Pip\u0103 Rattray\u2019s Majesty Grey 5 \u2013 17448 \u2013 Tabacco House","inLanguage":"ro-RO","isPartOf":{"@id":"https:\/\/tabaccomd.com\/ro\/#website"},"breadcrumb":{"@id":"https:\/\/tabaccomd.com\/ro\/product\/pipa-rattrays-majesty-grey-5-17448\/#breadcrumblist"},"image":{"@type":"ImageObject","url":"https:\/\/tabaccomd.com\/wp-content\/uploads\/2026\/03\/pipe-rattrays-majesty-grey-5-3.jpg","@id":"https:\/\/tabaccomd.com\/ro\/product\/pipa-rattrays-majesty-grey-5-17448\/#mainImage","width":1200,"height":1200,"caption":"pipe-rattrays-majesty-grey-5-3"},"primaryImageOfPage":{"@id":"https:\/\/tabaccomd.com\/ro\/product\/pipa-rattrays-majesty-grey-5-17448\/#mainImage"},"datePublished":"2026-03-05T18:19:59+03:00","dateModified":"2026-03-05T18:19:59+03:00"},{"@type":"WebSite","@id":"https:\/\/tabaccomd.com\/ro\/#website","url":"https:\/\/tabaccomd.com\/ro\/","name":"Tabacco House","alternateName":"tobaccomd.com","description":"\u041c\u0430\u0433\u0430\u0437\u0438\u043d \u0442\u0430\u0431\u0430\u0447\u043d\u044b\u0445 \u0438\u0437\u0434\u0435\u043b\u0438\u0439","inLanguage":"ro-RO","publisher":{"@id":"https:\/\/tabaccomd.com\/ro\/#organization"}}]},"og:locale":"ro_RO","og:site_name":"Tabacco House \u2013 \u041c\u0430\u0433\u0430\u0437\u0438\u043d \u0442\u0430\u0431\u0430\u0447\u043d\u044b\u0445 \u0438\u0437\u0434\u0435\u043b\u0438\u0439","og:type":"article","og:title":"Pip\u0103 Rattray\u2019s Majesty Grey 5 \u2013 17448 \u2013 Tabacco House","og:url":"https:\/\/tabaccomd.com\/ro\/product\/pipa-rattrays-majesty-grey-5-17448\/","article:published_time":"2026-03-05T15:19:59+00:00","article:modified_time":"2026-03-05T15:19:59+00:00","article:publisher":"https:\/\/www.facebook.com\/tabaccomd.com\/","twitter:card":"summary_large_image","twitter:title":"Pip\u0103 Rattray\u2019s Majesty Grey 5 \u2013 17448 \u2013 Tabacco House"},"aioseo_meta_data":{"post_id":"157459","title":null,"description":null,"keywords":null,"keyphrases":null,"primary_term":null,"canonical_url":null,"og_title":null,"og_description":null,"og_object_type":"default","og_image_type":"default","og_image_url":null,"og_image_width":null,"og_image_height":null,"og_image_custom_url":null,"og_image_custom_fields":null,"og_video":null,"og_custom_url":null,"og_article_section":null,"og_article_tags":null,"twitter_use_og":false,"twitter_card":"default","twitter_image_type":"default","twitter_image_url":null,"twitter_image_custom_url":null,"twitter_image_custom_fields":null,"twitter_title":null,"twitter_description":null,"schema":{"blockGraphs":[],"customGraphs":[],"default":{"data":{"Article":[],"Course":[],"Dataset":[],"FAQPage":[],"Movie":[],"Person":[],"Product":[],"ProductReview":[],"Car":[],"Recipe":[],"Service":[],"SoftwareApplication":[],"WebPage":[]},"graphName":"","isEnabled":true},"graphs":[]},"schema_type":"default","schema_type_options":null,"pillar_content":false,"robots_default":true,"robots_noindex":false,"robots_noarchive":false,"robots_nosnippet":false,"robots_nofollow":false,"robots_noimageindex":false,"robots_noodp":false,"robots_notranslate":false,"robots_max_snippet":null,"robots_max_videopreview":null,"robots_max_imagepreview":"large","priority":null,"frequency":null,"local_seo":null,"seo_analyzer_scan_date":"2026-03-05 15:50:24","breadcrumb_settings":null,"limit_modified_date":false,"reviewed_by":null,"open_ai":null,"ai":null,"created":"2026-03-05 15:22:10","updated":"2026-03-05 15:50:24"},"aioseo_breadcrumb":"<div class=\"aioseo-breadcrumbs\"><span class=\"aioseo-breadcrumb\">\n\t<a href=\"https:\/\/tabaccomd.com\/ro\/\" title=\"\u0413\u043b\u0430\u0432\u043d\u0430\u044f\">\u0413\u043b\u0430\u0432\u043d\u0430\u044f<\/a>\n<\/span><span class=\"aioseo-breadcrumb-separator\">\u00bb<\/span><span class=\"aioseo-breadcrumb\">\n\t<a href=\"https:\/\/tabaccomd.com\/ro\/catalog\/\" title=\"Catalog\">Catalog<\/a>\n<\/span><span class=\"aioseo-breadcrumb-separator\">\u00bb<\/span><span class=\"aioseo-breadcrumb\">\n\t<a href=\"https:\/\/tabaccomd.com\/ro\/product-category\/pipe\/\" title=\"Pipe\">Pipe<\/a>\n<\/span><span class=\"aioseo-breadcrumb-separator\">\u00bb<\/span><span class=\"aioseo-breadcrumb\">\n\t<a href=\"https:\/\/tabaccomd.com\/ro\/product-category\/pipe\/pipe-rattrays\/\" title=\"Pipe Rattray&#039;s\">Pipe Rattray's<\/a>\n<\/span><span class=\"aioseo-breadcrumb-separator\">\u00bb<\/span><span class=\"aioseo-breadcrumb\">\n\tPip\u0103 Rattray\u2019s Majesty Grey 5 \u2013 17448\n<\/span><\/div>","aioseo_breadcrumb_json":[{"label":"\u0413\u043b\u0430\u0432\u043d\u0430\u044f","link":"https:\/\/tabaccomd.com\/ro\/"},{"label":"Catalog","link":"https:\/\/tabaccomd.com\/ro\/catalog\/"},{"label":"Pipe","link":"https:\/\/tabaccomd.com\/ro\/product-category\/pipe\/"},{"label":"Pipe Rattray's","link":"https:\/\/tabaccomd.com\/ro\/product-category\/pipe\/pipe-rattrays\/"},{"label":"Pip\u0103 Rattray&#8217;s Majesty Grey 5 &#8211; 17448","link":"https:\/\/tabaccomd.com\/ro\/product\/pipa-rattrays-majesty-grey-5-17448\/"}],"images_for_1c":[{"url":"https:\/\/tabaccomd.com\/wp-content\/uploads\/2026\/03\/pipe-rattrays-majesty-grey-5-3.jpg","type":"featured","alt":"pipe-rattrays-majesty-grey-5-3","filename":"pipe-rattrays-majesty-grey-5-3.jpg"},{"url":"https:\/\/tabaccomd.com\/wp-content\/uploads\/2026\/03\/pipe-rattrays-majesty-grey-5-0.jpg","type":"gallery","alt":"pipe-rattrays-majesty-grey-5-0","filename":"pipe-rattrays-majesty-grey-5-0.jpg"},{"url":"https:\/\/tabaccomd.com\/wp-content\/uploads\/2026\/03\/pipe-rattrays-majesty-grey-5-2.jpg","type":"gallery","alt":"pipe-rattrays-majesty-grey-5-2","filename":"pipe-rattrays-majesty-grey-5-2.jpg"},{"url":"https:\/\/tabaccomd.com\/wp-content\/uploads\/2026\/03\/pipe-rattrays-majesty-grey-5-1.jpg","type":"gallery","alt":"pipe-rattrays-majesty-grey-5-1","filename":"pipe-rattrays-majesty-grey-5-1.jpg"},{"url":"https:\/\/tabaccomd.com\/wp-content\/uploads\/2026\/03\/pipe-rattrays-majesty-grey-5.jpg","type":"gallery","alt":"pipe-rattrays-majesty-grey-5","filename":"pipe-rattrays-majesty-grey-5.jpg"}],"additional_data_1c":{"modified_date":"2026-03-05 18:19:59","permalink":"https:\/\/tabaccomd.com\/ro\/product\/pipa-rattrays-majesty-grey-5-17448\/","stock_status":"instock","manage_stock":"no"},"_links":{"self":[{"href":"https:\/\/tabaccomd.com\/ro\/wp-json\/wp\/v2\/product\/157459","targetHints":{"allow":["GET"]}}],"collection":[{"href":"https:\/\/tabaccomd.com\/ro\/wp-json\/wp\/v2\/product"}],"about":[{"href":"https:\/\/tabaccomd.com\/ro\/wp-json\/wp\/v2\/types\/product"}],"wp:featuredmedia":[{"embeddable":true,"href":"https:\/\/tabaccomd.com\/ro\/wp-json\/wp\/v2\/media\/157450"}],"wp:attachment":[{"href":"https:\/\/tabaccomd.com\/ro\/wp-json\/wp\/v2\/media?parent=157459"}],"wp:term":[{"taxonomy":"product_brand","embeddable":true,"href":"https:\/\/tabaccomd.com\/ro\/wp-json\/wp\/v2\/product_brand?post=157459"},{"taxonomy":"product_cat","embeddable":true,"href":"https:\/\/tabaccomd.com\/ro\/wp-json\/wp\/v2\/product_cat?post=157459"},{"taxonomy":"product_tag","embeddable":true,"href":"https:\/\/tabaccomd.com\/ro\/wp-json\/wp\/v2\/product_tag?post=157459"}],"curies":[{"name":"wp","href":"https:\/\/api.w.org\/{rel}","templated":true}]}}