{"id":157313,"date":"2026-03-04T16:50:19","date_gmt":"2026-03-04T13:50:19","guid":{"rendered":"https:\/\/tabaccomd.com\/product\/pipa-rattrays-nimbus-g-black-17571\/"},"modified":"2026-03-04T16:50:19","modified_gmt":"2026-03-04T13:50:19","slug":"pipa-rattrays-nimbus-g-black-17571","status":"publish","type":"product","link":"https:\/\/tabaccomd.com\/ro\/product\/pipa-rattrays-nimbus-g-black-17571\/","title":{"rendered":"Pip\u0103 Rattray&#8217;s Nimbus G Black &#8211; 17571"},"content":{"rendered":"<p data-start=\"0\" data-end=\"339\"><a href=\"https:\/\/tabaccomd.com\/ro\/product-category\/pipe\/pipe-rattrays\/\">Pipa<\/a> Rattray\u2019s Nimbus G Black marcheaz\u0103 revenirea unuia dintre modelele clasice ale colec\u021biei Rattray, dup\u0103 o pauz\u0103 de aproape trei ani. Forma elegant\u0103 Bent \u2013 Calabash se remarc\u0103 printr-o siluet\u0103 expresiv\u0103 \u0219i un echilibru bine g\u00e2ndit, oferind o priz\u0103 confortabil\u0103 \u0219i un aspect cu adev\u0103rat distinct \u2014 demn de stilul lui Sherlock Holmes. Modelul este realizat \u00een Italia din lemn de frasin \u0219i finisat \u00eentr-o nuan\u021b\u0103 profund\u0103 de negru. Textura cald\u0103 a lemnului contrasteaz\u0103 elegant cu luciul rece al inser\u021biei din aluminiu lustruit. Versiunea marcat\u0103 cu \u201eG\u201d este dotat\u0103 cu inser\u021bie din grafit, care asigur\u0103 un fumat deosebit de r\u0103coros \u0219i pl\u0103cut, apreciat at\u00e2t de fum\u0103torii experimenta\u021bi, c\u00e2t \u0219i de cei afla\u021bi la \u00eenceput. Diametrul orificiului este de 9 mm, iar lungimea pipei este de 135 mm. O pies\u0103 clasic\u0103, stilat\u0103 \u0219i func\u021bional\u0103, cu un accent modern.<\/p>\n<p data-start=\"0\" data-end=\"339\">Pute\u021bi achizi\u021biona pipa Rattray&#8217;s Nimbus G Black &#8211; 17571 \u00een Moldova, Chi\u0219in\u0103u, \u00een re\u021beaua de magazine Tabacco House.<\/p>\n","protected":false},"excerpt":{"rendered":"<ul>\n<li>Produc\u0103tor: Kopp Pipes GmbH &amp; Co. KG<\/li>\n<li>\u021aara produc\u0103torului: Italia<\/li>\n<li>Material pip\u0103: Frasin, inser\u021bie din grafit<\/li>\n<li>Material mu\u0219tiuc: Acril<\/li>\n<li>Culoare: Negru<\/li>\n<li>Form\u0103: Bent &#8211; Calabash<\/li>\n<li>Diametru gaur\u0103: 9 mm<\/li>\n<li>Lungime pip\u0103: 135 mm<\/li>\n<\/ul>\n","protected":false},"featured_media":157304,"template":"","meta":{"om_disable_all_campaigns":false,"_monsterinsights_skip_tracking":false,"_monsterinsights_sitenote_active":false,"_monsterinsights_sitenote_note":"","_monsterinsights_sitenote_category":0},"product_brand":[],"product_cat":[502],"product_tag":[],"class_list":{"0":"post-157313","1":"product","2":"type-product","3":"status-publish","4":"has-post-thumbnail","6":"product_cat-pipe-rattrays","8":"first","9":"instock","10":"taxable","11":"shipping-taxable","12":"purchasable","13":"product-type-simple"},"aioseo_notices":[],"aioseo_head":"\n\t\t<!-- All in One SEO Pro 4.9.5.2 - aioseo.com -->\n\t<meta name=\"robots\" content=\"max-image-preview:large\" \/>\n\t<link rel=\"canonical\" href=\"https:\/\/tabaccomd.com\/ro\/product\/pipa-rattrays-nimbus-g-black-17571\/\" \/>\n\t<meta name=\"generator\" content=\"All in One SEO Pro (AIOSEO) 4.9.5.2\" \/>\n\t\t<meta property=\"og:locale\" content=\"ro_RO\" \/>\n\t\t<meta property=\"og:site_name\" content=\"Tabacco House \u2013 \u041c\u0430\u0433\u0430\u0437\u0438\u043d \u0442\u0430\u0431\u0430\u0447\u043d\u044b\u0445 \u0438\u0437\u0434\u0435\u043b\u0438\u0439\" \/>\n\t\t<meta property=\"og:type\" content=\"article\" \/>\n\t\t<meta property=\"og:title\" content=\"Pip\u0103 Rattray\u2019s Nimbus G Black \u2013 17571 \u2013 Tabacco House\" \/>\n\t\t<meta property=\"og:url\" content=\"https:\/\/tabaccomd.com\/ro\/product\/pipa-rattrays-nimbus-g-black-17571\/\" \/>\n\t\t<meta property=\"article:published_time\" content=\"2026-03-04T13:50:19+00:00\" \/>\n\t\t<meta property=\"article:modified_time\" content=\"2026-03-04T13:50:19+00:00\" \/>\n\t\t<meta property=\"article:publisher\" content=\"https:\/\/www.facebook.com\/tabaccomd.com\/\" \/>\n\t\t<meta name=\"twitter:card\" content=\"summary_large_image\" \/>\n\t\t<meta name=\"twitter:title\" content=\"Pip\u0103 Rattray\u2019s Nimbus G Black \u2013 17571 \u2013 Tabacco House\" \/>\n\t\t<script type=\"application\/ld+json\" class=\"aioseo-schema\">\n\t\t\t{\"@context\":\"https:\\\/\\\/schema.org\",\"@graph\":[{\"@type\":\"BreadcrumbList\",\"@id\":\"https:\\\/\\\/tabaccomd.com\\\/ro\\\/product\\\/pipa-rattrays-nimbus-g-black-17571\\\/#breadcrumblist\",\"itemListElement\":[{\"@type\":\"ListItem\",\"@id\":\"https:\\\/\\\/tabaccomd.com\\\/ro\\\/#listItem\",\"position\":1,\"name\":\"\\u0413\\u043b\\u0430\\u0432\\u043d\\u0430\\u044f\",\"item\":\"https:\\\/\\\/tabaccomd.com\\\/ro\\\/\",\"nextItem\":{\"@type\":\"ListItem\",\"@id\":\"https:\\\/\\\/tabaccomd.com\\\/ro\\\/catalog\\\/#listItem\",\"name\":\"Catalog\"}},{\"@type\":\"ListItem\",\"@id\":\"https:\\\/\\\/tabaccomd.com\\\/ro\\\/catalog\\\/#listItem\",\"position\":2,\"name\":\"Catalog\",\"item\":\"https:\\\/\\\/tabaccomd.com\\\/ro\\\/catalog\\\/\",\"nextItem\":{\"@type\":\"ListItem\",\"@id\":\"https:\\\/\\\/tabaccomd.com\\\/ro\\\/product-category\\\/pipe\\\/#listItem\",\"name\":\"Pipe\"},\"previousItem\":{\"@type\":\"ListItem\",\"@id\":\"https:\\\/\\\/tabaccomd.com\\\/ro\\\/#listItem\",\"name\":\"\\u0413\\u043b\\u0430\\u0432\\u043d\\u0430\\u044f\"}},{\"@type\":\"ListItem\",\"@id\":\"https:\\\/\\\/tabaccomd.com\\\/ro\\\/product-category\\\/pipe\\\/#listItem\",\"position\":3,\"name\":\"Pipe\",\"item\":\"https:\\\/\\\/tabaccomd.com\\\/ro\\\/product-category\\\/pipe\\\/\",\"nextItem\":{\"@type\":\"ListItem\",\"@id\":\"https:\\\/\\\/tabaccomd.com\\\/ro\\\/product-category\\\/pipe\\\/pipe-rattrays\\\/#listItem\",\"name\":\"Pipe Rattray's\"},\"previousItem\":{\"@type\":\"ListItem\",\"@id\":\"https:\\\/\\\/tabaccomd.com\\\/ro\\\/catalog\\\/#listItem\",\"name\":\"Catalog\"}},{\"@type\":\"ListItem\",\"@id\":\"https:\\\/\\\/tabaccomd.com\\\/ro\\\/product-category\\\/pipe\\\/pipe-rattrays\\\/#listItem\",\"position\":4,\"name\":\"Pipe Rattray's\",\"item\":\"https:\\\/\\\/tabaccomd.com\\\/ro\\\/product-category\\\/pipe\\\/pipe-rattrays\\\/\",\"nextItem\":{\"@type\":\"ListItem\",\"@id\":\"https:\\\/\\\/tabaccomd.com\\\/ro\\\/product\\\/pipa-rattrays-nimbus-g-black-17571\\\/#listItem\",\"name\":\"Pip\\u0103 Rattray&#8217;s Nimbus G Black &#8211; 17571\"},\"previousItem\":{\"@type\":\"ListItem\",\"@id\":\"https:\\\/\\\/tabaccomd.com\\\/ro\\\/product-category\\\/pipe\\\/#listItem\",\"name\":\"Pipe\"}},{\"@type\":\"ListItem\",\"@id\":\"https:\\\/\\\/tabaccomd.com\\\/ro\\\/product\\\/pipa-rattrays-nimbus-g-black-17571\\\/#listItem\",\"position\":5,\"name\":\"Pip\\u0103 Rattray&#8217;s Nimbus G Black &#8211; 17571\",\"previousItem\":{\"@type\":\"ListItem\",\"@id\":\"https:\\\/\\\/tabaccomd.com\\\/ro\\\/product-category\\\/pipe\\\/pipe-rattrays\\\/#listItem\",\"name\":\"Pipe Rattray's\"}}]},{\"@type\":\"Organization\",\"@id\":\"https:\\\/\\\/tabaccomd.com\\\/ro\\\/#organization\",\"name\":\"Tabacco House\",\"description\":\"\\u041c\\u0430\\u0433\\u0430\\u0437\\u0438\\u043d \\u0442\\u0430\\u0431\\u0430\\u0447\\u043d\\u044b\\u0445 \\u0438\\u0437\\u0434\\u0435\\u043b\\u0438\\u0439\",\"url\":\"https:\\\/\\\/tabaccomd.com\\\/ro\\\/\",\"email\":\"Office@cazacuhouse.com\",\"telephone\":\"+37361000935\",\"logo\":{\"@type\":\"ImageObject\",\"url\":\"https:\\\/\\\/tabaccomd.com\\\/wp-content\\\/uploads\\\/2024\\\/02\\\/logo_header3.png\",\"@id\":\"https:\\\/\\\/tabaccomd.com\\\/ro\\\/product\\\/pipa-rattrays-nimbus-g-black-17571\\\/#organizationLogo\",\"width\":32,\"height\":32,\"caption\":\"Tabacco House\"},\"image\":{\"@id\":\"https:\\\/\\\/tabaccomd.com\\\/ro\\\/product\\\/pipa-rattrays-nimbus-g-black-17571\\\/#organizationLogo\"},\"sameAs\":[\"https:\\\/\\\/www.facebook.com\\\/tabaccomd.com\\\/\",\"https:\\\/\\\/www.instagram.com\\\/tabaccomd.com\\\/\"],\"address\":{\"@id\":\"https:\\\/\\\/tabaccomd.com\\\/ro\\\/#postaladdress\",\"@type\":\"PostalAddress\",\"streetAddress\":\"Strada Albi\\u015foara 4, Chi\\u0219in\\u0103u, Bulevardul \\u0218tefan cel Mare \\u0219i Sf\\u00eent 136, Chi\\u0219in\\u0103u\",\"addressLocality\":\"Chi\\u0219in\\u0103u\",\"addressCountry\":\"MD\"}},{\"@type\":\"Product\",\"@id\":\"https:\\\/\\\/tabaccomd.com\\\/ro\\\/product\\\/pipa-rattrays-nimbus-g-black-17571\\\/#wooCommerceProduct\",\"name\":\"Pip\\u0103 Rattray's Nimbus G Black - 17571\",\"description\":\"Produc\\u0103tor: Kopp Pipes GmbH &amp; Co. KG\\r\\n \\t\\u021aara produc\\u0103torului: Italia\\r\\n \\tMaterial pip\\u0103: Frasin, inser\\u021bie din grafit\\r\\n \\tMaterial mu\\u0219tiuc: Acril\\r\\n \\tCuloare: Negru\\r\\n \\tForm\\u0103: Bent - Calabash\\r\\n \\tDiametru gaur\\u0103: 9 mm\\r\\n \\tLungime pip\\u0103: 135 mm\",\"url\":\"https:\\\/\\\/tabaccomd.com\\\/ro\\\/product\\\/pipa-rattrays-nimbus-g-black-17571\\\/\",\"sku\":\"17571\",\"image\":{\"@type\":\"ImageObject\",\"url\":\"https:\\\/\\\/tabaccomd.com\\\/wp-content\\\/uploads\\\/2026\\\/03\\\/pipe-rattrays-nimbus-g-black-4.jpg\",\"@id\":\"https:\\\/\\\/tabaccomd.com\\\/ro\\\/product\\\/pipa-rattrays-nimbus-g-black-17571\\\/#productImage\",\"width\":1200,\"height\":1200,\"caption\":\"pipe-rattrays-nimbus-g-black-4\"},\"offers\":{\"@type\":\"Offer\",\"url\":\"https:\\\/\\\/tabaccomd.com\\\/ro\\\/product\\\/pipa-rattrays-nimbus-g-black-17571\\\/#wooCommerceOffer\",\"price\":4400,\"priceCurrency\":\"MDL\",\"category\":\"Pipe Rattray's\",\"availability\":\"https:\\\/\\\/schema.org\\\/InStock\",\"priceSpecification\":{\"@type\":\"PriceSpecification\",\"price\":4400,\"priceCurrency\":\"MDL\",\"valueAddedTaxIncluded\":\"true\"},\"seller\":{\"@type\":\"Organization\",\"@id\":\"https:\\\/\\\/tabaccomd.com\\\/ro\\\/#organization\"}}},{\"@type\":\"WebPage\",\"@id\":\"https:\\\/\\\/tabaccomd.com\\\/ro\\\/product\\\/pipa-rattrays-nimbus-g-black-17571\\\/#webpage\",\"url\":\"https:\\\/\\\/tabaccomd.com\\\/ro\\\/product\\\/pipa-rattrays-nimbus-g-black-17571\\\/\",\"name\":\"Pip\\u0103 Rattray\\u2019s Nimbus G Black \\u2013 17571 \\u2013 Tabacco House\",\"inLanguage\":\"ro-RO\",\"isPartOf\":{\"@id\":\"https:\\\/\\\/tabaccomd.com\\\/ro\\\/#website\"},\"breadcrumb\":{\"@id\":\"https:\\\/\\\/tabaccomd.com\\\/ro\\\/product\\\/pipa-rattrays-nimbus-g-black-17571\\\/#breadcrumblist\"},\"image\":{\"@type\":\"ImageObject\",\"url\":\"https:\\\/\\\/tabaccomd.com\\\/wp-content\\\/uploads\\\/2026\\\/03\\\/pipe-rattrays-nimbus-g-black-4.jpg\",\"@id\":\"https:\\\/\\\/tabaccomd.com\\\/ro\\\/product\\\/pipa-rattrays-nimbus-g-black-17571\\\/#mainImage\",\"width\":1200,\"height\":1200,\"caption\":\"pipe-rattrays-nimbus-g-black-4\"},\"primaryImageOfPage\":{\"@id\":\"https:\\\/\\\/tabaccomd.com\\\/ro\\\/product\\\/pipa-rattrays-nimbus-g-black-17571\\\/#mainImage\"},\"datePublished\":\"2026-03-04T16:50:19+03:00\",\"dateModified\":\"2026-03-04T16:50:19+03:00\"},{\"@type\":\"WebSite\",\"@id\":\"https:\\\/\\\/tabaccomd.com\\\/ro\\\/#website\",\"url\":\"https:\\\/\\\/tabaccomd.com\\\/ro\\\/\",\"name\":\"Tabacco House\",\"alternateName\":\"tobaccomd.com\",\"description\":\"\\u041c\\u0430\\u0433\\u0430\\u0437\\u0438\\u043d \\u0442\\u0430\\u0431\\u0430\\u0447\\u043d\\u044b\\u0445 \\u0438\\u0437\\u0434\\u0435\\u043b\\u0438\\u0439\",\"inLanguage\":\"ro-RO\",\"publisher\":{\"@id\":\"https:\\\/\\\/tabaccomd.com\\\/ro\\\/#organization\"}}]}\n\t\t<\/script>\n\t\t<!-- All in One SEO Pro -->\r\n\t\t<title>Pip\u0103 Rattray\u2019s Nimbus G Black \u2013 17571 \u2013 Tabacco House<\/title>\n\n","aioseo_head_json":{"title":"Pip\u0103 Rattray\u2019s Nimbus G Black \u2013 17571 \u2013 Tabacco House","description":"","canonical_url":"https:\/\/tabaccomd.com\/ro\/product\/pipa-rattrays-nimbus-g-black-17571\/","robots":"max-image-preview:large","keywords":"","webmasterTools":{"miscellaneous":""},"schema":{"@context":"https:\/\/schema.org","@graph":[{"@type":"BreadcrumbList","@id":"https:\/\/tabaccomd.com\/ro\/product\/pipa-rattrays-nimbus-g-black-17571\/#breadcrumblist","itemListElement":[{"@type":"ListItem","@id":"https:\/\/tabaccomd.com\/ro\/#listItem","position":1,"name":"\u0413\u043b\u0430\u0432\u043d\u0430\u044f","item":"https:\/\/tabaccomd.com\/ro\/","nextItem":{"@type":"ListItem","@id":"https:\/\/tabaccomd.com\/ro\/catalog\/#listItem","name":"Catalog"}},{"@type":"ListItem","@id":"https:\/\/tabaccomd.com\/ro\/catalog\/#listItem","position":2,"name":"Catalog","item":"https:\/\/tabaccomd.com\/ro\/catalog\/","nextItem":{"@type":"ListItem","@id":"https:\/\/tabaccomd.com\/ro\/product-category\/pipe\/#listItem","name":"Pipe"},"previousItem":{"@type":"ListItem","@id":"https:\/\/tabaccomd.com\/ro\/#listItem","name":"\u0413\u043b\u0430\u0432\u043d\u0430\u044f"}},{"@type":"ListItem","@id":"https:\/\/tabaccomd.com\/ro\/product-category\/pipe\/#listItem","position":3,"name":"Pipe","item":"https:\/\/tabaccomd.com\/ro\/product-category\/pipe\/","nextItem":{"@type":"ListItem","@id":"https:\/\/tabaccomd.com\/ro\/product-category\/pipe\/pipe-rattrays\/#listItem","name":"Pipe Rattray's"},"previousItem":{"@type":"ListItem","@id":"https:\/\/tabaccomd.com\/ro\/catalog\/#listItem","name":"Catalog"}},{"@type":"ListItem","@id":"https:\/\/tabaccomd.com\/ro\/product-category\/pipe\/pipe-rattrays\/#listItem","position":4,"name":"Pipe Rattray's","item":"https:\/\/tabaccomd.com\/ro\/product-category\/pipe\/pipe-rattrays\/","nextItem":{"@type":"ListItem","@id":"https:\/\/tabaccomd.com\/ro\/product\/pipa-rattrays-nimbus-g-black-17571\/#listItem","name":"Pip\u0103 Rattray&#8217;s Nimbus G Black &#8211; 17571"},"previousItem":{"@type":"ListItem","@id":"https:\/\/tabaccomd.com\/ro\/product-category\/pipe\/#listItem","name":"Pipe"}},{"@type":"ListItem","@id":"https:\/\/tabaccomd.com\/ro\/product\/pipa-rattrays-nimbus-g-black-17571\/#listItem","position":5,"name":"Pip\u0103 Rattray&#8217;s Nimbus G Black &#8211; 17571","previousItem":{"@type":"ListItem","@id":"https:\/\/tabaccomd.com\/ro\/product-category\/pipe\/pipe-rattrays\/#listItem","name":"Pipe Rattray's"}}]},{"@type":"Organization","@id":"https:\/\/tabaccomd.com\/ro\/#organization","name":"Tabacco House","description":"\u041c\u0430\u0433\u0430\u0437\u0438\u043d \u0442\u0430\u0431\u0430\u0447\u043d\u044b\u0445 \u0438\u0437\u0434\u0435\u043b\u0438\u0439","url":"https:\/\/tabaccomd.com\/ro\/","email":"Office@cazacuhouse.com","telephone":"+37361000935","logo":{"@type":"ImageObject","url":"https:\/\/tabaccomd.com\/wp-content\/uploads\/2024\/02\/logo_header3.png","@id":"https:\/\/tabaccomd.com\/ro\/product\/pipa-rattrays-nimbus-g-black-17571\/#organizationLogo","width":32,"height":32,"caption":"Tabacco House"},"image":{"@id":"https:\/\/tabaccomd.com\/ro\/product\/pipa-rattrays-nimbus-g-black-17571\/#organizationLogo"},"sameAs":["https:\/\/www.facebook.com\/tabaccomd.com\/","https:\/\/www.instagram.com\/tabaccomd.com\/"],"address":{"@id":"https:\/\/tabaccomd.com\/ro\/#postaladdress","@type":"PostalAddress","streetAddress":"Strada Albi\u015foara 4, Chi\u0219in\u0103u, Bulevardul \u0218tefan cel Mare \u0219i Sf\u00eent 136, Chi\u0219in\u0103u","addressLocality":"Chi\u0219in\u0103u","addressCountry":"MD"}},{"@type":"Product","@id":"https:\/\/tabaccomd.com\/ro\/product\/pipa-rattrays-nimbus-g-black-17571\/#wooCommerceProduct","name":"Pip\u0103 Rattray's Nimbus G Black - 17571","description":"Produc\u0103tor: Kopp Pipes GmbH &amp; Co. KG\r\n \t\u021aara produc\u0103torului: Italia\r\n \tMaterial pip\u0103: Frasin, inser\u021bie din grafit\r\n \tMaterial mu\u0219tiuc: Acril\r\n \tCuloare: Negru\r\n \tForm\u0103: Bent - Calabash\r\n \tDiametru gaur\u0103: 9 mm\r\n \tLungime pip\u0103: 135 mm","url":"https:\/\/tabaccomd.com\/ro\/product\/pipa-rattrays-nimbus-g-black-17571\/","sku":"17571","image":{"@type":"ImageObject","url":"https:\/\/tabaccomd.com\/wp-content\/uploads\/2026\/03\/pipe-rattrays-nimbus-g-black-4.jpg","@id":"https:\/\/tabaccomd.com\/ro\/product\/pipa-rattrays-nimbus-g-black-17571\/#productImage","width":1200,"height":1200,"caption":"pipe-rattrays-nimbus-g-black-4"},"offers":{"@type":"Offer","url":"https:\/\/tabaccomd.com\/ro\/product\/pipa-rattrays-nimbus-g-black-17571\/#wooCommerceOffer","price":4400,"priceCurrency":"MDL","category":"Pipe Rattray's","availability":"https:\/\/schema.org\/InStock","priceSpecification":{"@type":"PriceSpecification","price":4400,"priceCurrency":"MDL","valueAddedTaxIncluded":"true"},"seller":{"@type":"Organization","@id":"https:\/\/tabaccomd.com\/ro\/#organization"}}},{"@type":"WebPage","@id":"https:\/\/tabaccomd.com\/ro\/product\/pipa-rattrays-nimbus-g-black-17571\/#webpage","url":"https:\/\/tabaccomd.com\/ro\/product\/pipa-rattrays-nimbus-g-black-17571\/","name":"Pip\u0103 Rattray\u2019s Nimbus G Black \u2013 17571 \u2013 Tabacco House","inLanguage":"ro-RO","isPartOf":{"@id":"https:\/\/tabaccomd.com\/ro\/#website"},"breadcrumb":{"@id":"https:\/\/tabaccomd.com\/ro\/product\/pipa-rattrays-nimbus-g-black-17571\/#breadcrumblist"},"image":{"@type":"ImageObject","url":"https:\/\/tabaccomd.com\/wp-content\/uploads\/2026\/03\/pipe-rattrays-nimbus-g-black-4.jpg","@id":"https:\/\/tabaccomd.com\/ro\/product\/pipa-rattrays-nimbus-g-black-17571\/#mainImage","width":1200,"height":1200,"caption":"pipe-rattrays-nimbus-g-black-4"},"primaryImageOfPage":{"@id":"https:\/\/tabaccomd.com\/ro\/product\/pipa-rattrays-nimbus-g-black-17571\/#mainImage"},"datePublished":"2026-03-04T16:50:19+03:00","dateModified":"2026-03-04T16:50:19+03:00"},{"@type":"WebSite","@id":"https:\/\/tabaccomd.com\/ro\/#website","url":"https:\/\/tabaccomd.com\/ro\/","name":"Tabacco House","alternateName":"tobaccomd.com","description":"\u041c\u0430\u0433\u0430\u0437\u0438\u043d \u0442\u0430\u0431\u0430\u0447\u043d\u044b\u0445 \u0438\u0437\u0434\u0435\u043b\u0438\u0439","inLanguage":"ro-RO","publisher":{"@id":"https:\/\/tabaccomd.com\/ro\/#organization"}}]},"og:locale":"ro_RO","og:site_name":"Tabacco House \u2013 \u041c\u0430\u0433\u0430\u0437\u0438\u043d \u0442\u0430\u0431\u0430\u0447\u043d\u044b\u0445 \u0438\u0437\u0434\u0435\u043b\u0438\u0439","og:type":"article","og:title":"Pip\u0103 Rattray\u2019s Nimbus G Black \u2013 17571 \u2013 Tabacco House","og:url":"https:\/\/tabaccomd.com\/ro\/product\/pipa-rattrays-nimbus-g-black-17571\/","article:published_time":"2026-03-04T13:50:19+00:00","article:modified_time":"2026-03-04T13:50:19+00:00","article:publisher":"https:\/\/www.facebook.com\/tabaccomd.com\/","twitter:card":"summary_large_image","twitter:title":"Pip\u0103 Rattray\u2019s Nimbus G Black \u2013 17571 \u2013 Tabacco House"},"aioseo_meta_data":{"post_id":"157313","title":null,"description":null,"keywords":null,"keyphrases":null,"primary_term":null,"canonical_url":null,"og_title":null,"og_description":null,"og_object_type":"default","og_image_type":"default","og_image_url":null,"og_image_width":null,"og_image_height":null,"og_image_custom_url":null,"og_image_custom_fields":null,"og_video":null,"og_custom_url":null,"og_article_section":null,"og_article_tags":null,"twitter_use_og":false,"twitter_card":"default","twitter_image_type":"default","twitter_image_url":null,"twitter_image_custom_url":null,"twitter_image_custom_fields":null,"twitter_title":null,"twitter_description":null,"schema":{"blockGraphs":[],"customGraphs":[],"default":{"data":{"Article":[],"Course":[],"Dataset":[],"FAQPage":[],"Movie":[],"Person":[],"Product":[],"ProductReview":[],"Car":[],"Recipe":[],"Service":[],"SoftwareApplication":[],"WebPage":[]},"graphName":"","isEnabled":true},"graphs":[]},"schema_type":"default","schema_type_options":null,"pillar_content":false,"robots_default":true,"robots_noindex":false,"robots_noarchive":false,"robots_nosnippet":false,"robots_nofollow":false,"robots_noimageindex":false,"robots_noodp":false,"robots_notranslate":false,"robots_max_snippet":null,"robots_max_videopreview":null,"robots_max_imagepreview":"large","priority":null,"frequency":null,"local_seo":null,"seo_analyzer_scan_date":"2026-03-04 14:18:34","breadcrumb_settings":null,"limit_modified_date":false,"reviewed_by":null,"open_ai":null,"ai":null,"created":"2026-03-04 14:01:21","updated":"2026-03-04 14:39:04"},"aioseo_breadcrumb":"<div class=\"aioseo-breadcrumbs\"><span class=\"aioseo-breadcrumb\">\n\t<a href=\"https:\/\/tabaccomd.com\/ro\/\" title=\"\u0413\u043b\u0430\u0432\u043d\u0430\u044f\">\u0413\u043b\u0430\u0432\u043d\u0430\u044f<\/a>\n<\/span><span class=\"aioseo-breadcrumb-separator\">\u00bb<\/span><span class=\"aioseo-breadcrumb\">\n\t<a href=\"https:\/\/tabaccomd.com\/ro\/catalog\/\" title=\"Catalog\">Catalog<\/a>\n<\/span><span class=\"aioseo-breadcrumb-separator\">\u00bb<\/span><span class=\"aioseo-breadcrumb\">\n\t<a href=\"https:\/\/tabaccomd.com\/ro\/product-category\/pipe\/\" title=\"Pipe\">Pipe<\/a>\n<\/span><span class=\"aioseo-breadcrumb-separator\">\u00bb<\/span><span class=\"aioseo-breadcrumb\">\n\t<a href=\"https:\/\/tabaccomd.com\/ro\/product-category\/pipe\/pipe-rattrays\/\" title=\"Pipe Rattray&#039;s\">Pipe Rattray's<\/a>\n<\/span><span class=\"aioseo-breadcrumb-separator\">\u00bb<\/span><span class=\"aioseo-breadcrumb\">\n\tPip\u0103 Rattray\u2019s Nimbus G Black \u2013 17571\n<\/span><\/div>","aioseo_breadcrumb_json":[{"label":"\u0413\u043b\u0430\u0432\u043d\u0430\u044f","link":"https:\/\/tabaccomd.com\/ro\/"},{"label":"Catalog","link":"https:\/\/tabaccomd.com\/ro\/catalog\/"},{"label":"Pipe","link":"https:\/\/tabaccomd.com\/ro\/product-category\/pipe\/"},{"label":"Pipe Rattray's","link":"https:\/\/tabaccomd.com\/ro\/product-category\/pipe\/pipe-rattrays\/"},{"label":"Pip\u0103 Rattray&#8217;s Nimbus G Black &#8211; 17571","link":"https:\/\/tabaccomd.com\/ro\/product\/pipa-rattrays-nimbus-g-black-17571\/"}],"images_for_1c":[{"url":"https:\/\/tabaccomd.com\/wp-content\/uploads\/2026\/03\/pipe-rattrays-nimbus-g-black-4.jpg","type":"featured","alt":"pipe-rattrays-nimbus-g-black-4","filename":"pipe-rattrays-nimbus-g-black-4.jpg"},{"url":"https:\/\/tabaccomd.com\/wp-content\/uploads\/2026\/03\/pipe-rattrays-nimbus-g-black-2.jpg","type":"gallery","alt":"pipe-rattrays-nimbus-g-black-2","filename":"pipe-rattrays-nimbus-g-black-2.jpg"},{"url":"https:\/\/tabaccomd.com\/wp-content\/uploads\/2026\/03\/pipe-rattrays-nimbus-g-black-1.jpg","type":"gallery","alt":"pipe-rattrays-nimbus-g-black-1","filename":"pipe-rattrays-nimbus-g-black-1.jpg"},{"url":"https:\/\/tabaccomd.com\/wp-content\/uploads\/2026\/03\/pipe-rattrays-nimbus-g-black-0.jpg","type":"gallery","alt":"pipe-rattrays-nimbus-g-black-0","filename":"pipe-rattrays-nimbus-g-black-0.jpg"},{"url":"https:\/\/tabaccomd.com\/wp-content\/uploads\/2026\/03\/pipe-rattrays-nimbus-g-black.jpg","type":"gallery","alt":"pipe-rattrays-nimbus-g-black","filename":"pipe-rattrays-nimbus-g-black.jpg"}],"additional_data_1c":{"modified_date":"2026-03-04 16:50:19","permalink":"https:\/\/tabaccomd.com\/ro\/product\/pipa-rattrays-nimbus-g-black-17571\/","stock_status":"instock","manage_stock":"no"},"_links":{"self":[{"href":"https:\/\/tabaccomd.com\/ro\/wp-json\/wp\/v2\/product\/157313","targetHints":{"allow":["GET"]}}],"collection":[{"href":"https:\/\/tabaccomd.com\/ro\/wp-json\/wp\/v2\/product"}],"about":[{"href":"https:\/\/tabaccomd.com\/ro\/wp-json\/wp\/v2\/types\/product"}],"wp:featuredmedia":[{"embeddable":true,"href":"https:\/\/tabaccomd.com\/ro\/wp-json\/wp\/v2\/media\/157304"}],"wp:attachment":[{"href":"https:\/\/tabaccomd.com\/ro\/wp-json\/wp\/v2\/media?parent=157313"}],"wp:term":[{"taxonomy":"product_brand","embeddable":true,"href":"https:\/\/tabaccomd.com\/ro\/wp-json\/wp\/v2\/product_brand?post=157313"},{"taxonomy":"product_cat","embeddable":true,"href":"https:\/\/tabaccomd.com\/ro\/wp-json\/wp\/v2\/product_cat?post=157313"},{"taxonomy":"product_tag","embeddable":true,"href":"https:\/\/tabaccomd.com\/ro\/wp-json\/wp\/v2\/product_tag?post=157313"}],"curies":[{"name":"wp","href":"https:\/\/api.w.org\/{rel}","templated":true}]}}