{"id":157263,"date":"2026-03-03T18:51:17","date_gmt":"2026-03-03T15:51:17","guid":{"rendered":"https:\/\/tabaccomd.com\/product\/pipa-rattrays-ahoy-terracotta-15661\/"},"modified":"2026-03-03T18:51:17","modified_gmt":"2026-03-03T15:51:17","slug":"pipa-rattrays-ahoy-terracotta-15661","status":"publish","type":"product","link":"https:\/\/tabaccomd.com\/ro\/product\/pipa-rattrays-ahoy-terracotta-15661\/","title":{"rendered":"Pip\u0103 Rattray\u2019s Ahoy Terracotta &#8211; 15661"},"content":{"rendered":"<article class=\"text-token-text-primary w-full focus:outline-none [--shadow-height:45px] has-data-writing-block:pointer-events-none has-data-writing-block:-mt-(--shadow-height) has-data-writing-block:pt-(--shadow-height) [&amp;:has([data-writing-block])&gt;*]:pointer-events-auto scroll-mt-(--header-height)\" dir=\"auto\" tabindex=\"-1\" data-turn-id=\"92bbeb97-d4dd-4421-9e73-70b9989dc27f\" data-testid=\"conversation-turn-19\" data-scroll-anchor=\"false\" data-turn=\"user\"><\/article>\n<article class=\"text-token-text-primary w-full focus:outline-none [--shadow-height:45px] has-data-writing-block:pointer-events-none has-data-writing-block:-mt-(--shadow-height) has-data-writing-block:pt-(--shadow-height) [&amp;:has([data-writing-block])&gt;*]:pointer-events-auto scroll-mt-[calc(var(--header-height)+min(200px,max(70px,20svh)))]\" dir=\"auto\" tabindex=\"-1\" data-turn-id=\"request-698060a1-819c-832d-800a-da0695a7dd9a-15\" data-testid=\"conversation-turn-20\" data-scroll-anchor=\"true\" data-turn=\"assistant\">\n<div class=\"text-base my-auto mx-auto pb-10 [--thread-content-margin:--spacing(4)] @w-sm\/main:[--thread-content-margin:--spacing(6)] @w-lg\/main:[--thread-content-margin:--spacing(16)] px-(--thread-content-margin)\">\n<div class=\"[--thread-content-max-width:40rem] @w-lg\/main:[--thread-content-max-width:48rem] mx-auto max-w-(--thread-content-max-width) flex-1 group\/turn-messages focus-visible:outline-hidden relative flex w-full min-w-0 flex-col agent-turn\" tabindex=\"-1\">\n<div class=\"flex max-w-full flex-col grow\">\n<div class=\"min-h-8 text-message relative flex w-full flex-col items-end gap-2 text-start break-words whitespace-normal [.text-message+&amp;]:mt-1\" dir=\"auto\" data-message-author-role=\"assistant\" data-message-id=\"27ce8fd1-194d-4f13-99b8-576029c91989\" data-message-model-slug=\"gpt-5-2\">\n<div class=\"flex w-full flex-col gap-1 empty:hidden first:pt-[1px]\">\n<div class=\"markdown prose dark:prose-invert w-full wrap-break-word dark markdown-new-styling\">\n<p data-start=\"0\" data-end=\"361\"><a href=\"https:\/\/tabaccomd.com\/ro\/product-category\/pipe\/pipe-rattrays\/\">Pipa<\/a> Rattray\u2019s Ahoy Terracotta evoc\u0103 atmosfera unei c\u0103l\u0103torii pe mare, a libert\u0103\u021bii \u0219i a dorului de \u00eentoarcere acas\u0103. V\u00e2ntul \u0219i frigul r\u0103m\u00e2n \u00een urm\u0103, valurile sunt cucerite, iar \u00een dep\u0103rtare farul lumineaz\u0103 drumul printre st\u00e2nci. \u00cenainte v\u0103 a\u0219teapt\u0103 c\u0103ldura \u0219emineului dintr-o tavern\u0103 portuar\u0103 \u0219i odihna bine meritat\u0103 dup\u0103 s\u0103pt\u0103m\u00e2ni lungi petrecute pe mare. Acest model compact, \u00een forma Straight \u2013 Poker, este realizat \u00een Italia din briar de calitate. Nuan\u021ba cald\u0103, teracot\u0103-maronie, eviden\u021biaz\u0103 textura natural\u0103 a lemnului, iar mu\u0219tiucul din acril ofer\u0103 confort \u0219i durabilitate \u00een utilizare. Pe baza cupei este aplicat\u0103 o gravur\u0103 laser discret\u0103, care adaug\u0103 un plus de personalitate. Diametrul orificiului este de 9 mm, iar lungimea pipei este de 140 mm. Dimensiunea redus\u0103 o face ideal\u0103 pentru sesiuni scurte, dar pline de arom\u0103 \u2014 asemenea unei opriri scurte \u00eenainte de o nou\u0103 etap\u0103 a c\u0103l\u0103toriei.<\/p>\n<p data-start=\"0\" data-end=\"361\">Pute\u021bi achizi\u021biona pipa Rattray\u2019s Ahoy Terracotta &#8211; 15661 \u00een Moldova, Chi\u0219in\u0103u, \u00een re\u021beaua de magazine Tabacco House.<\/p>\n<\/div>\n<\/div>\n<\/div>\n<\/div>\n<\/div>\n<\/div>\n<\/article>\n","protected":false},"excerpt":{"rendered":"<ul>\n<li>Produc\u0103tor: Kopp Pipes GmbH &amp; Co. KG<\/li>\n<li>\u021aara produc\u0103torului: Fran\u021ba<\/li>\n<li>Material pip\u0103: Briar<\/li>\n<li>Material mu\u0219tiuc: Acril<\/li>\n<li>Culoare: Maro<\/li>\n<li>Form\u0103: Straight &#8211; Poker<\/li>\n<li>Diametru gaur\u0103: 9 mm<\/li>\n<li>Lungime pip\u0103: 140 mm<\/li>\n<\/ul>\n","protected":false},"featured_media":157252,"template":"","meta":{"om_disable_all_campaigns":false,"_monsterinsights_skip_tracking":false,"_monsterinsights_sitenote_active":false,"_monsterinsights_sitenote_note":"","_monsterinsights_sitenote_category":0},"product_brand":[],"product_cat":[502],"product_tag":[],"class_list":{"0":"post-157263","1":"product","2":"type-product","3":"status-publish","4":"has-post-thumbnail","6":"product_cat-pipe-rattrays","8":"first","9":"instock","10":"taxable","11":"shipping-taxable","12":"purchasable","13":"product-type-simple"},"aioseo_notices":[],"aioseo_head":"\n\t\t<!-- All in One SEO Pro 4.9.5.2 - aioseo.com -->\n\t<meta name=\"robots\" content=\"max-image-preview:large\" \/>\n\t<link rel=\"canonical\" href=\"https:\/\/tabaccomd.com\/ro\/product\/pipa-rattrays-ahoy-terracotta-15661\/\" \/>\n\t<meta name=\"generator\" content=\"All in One SEO Pro (AIOSEO) 4.9.5.2\" \/>\n\t\t<meta property=\"og:locale\" content=\"ro_RO\" \/>\n\t\t<meta property=\"og:site_name\" content=\"Tabacco House \u2013 \u041c\u0430\u0433\u0430\u0437\u0438\u043d \u0442\u0430\u0431\u0430\u0447\u043d\u044b\u0445 \u0438\u0437\u0434\u0435\u043b\u0438\u0439\" \/>\n\t\t<meta property=\"og:type\" content=\"article\" \/>\n\t\t<meta property=\"og:title\" content=\"Pip\u0103 Rattray\u2019s Ahoy Terracotta \u2013 15661 \u2013 Tabacco House\" \/>\n\t\t<meta property=\"og:url\" content=\"https:\/\/tabaccomd.com\/ro\/product\/pipa-rattrays-ahoy-terracotta-15661\/\" \/>\n\t\t<meta property=\"article:published_time\" content=\"2026-03-03T15:51:17+00:00\" \/>\n\t\t<meta property=\"article:modified_time\" content=\"2026-03-03T15:51:17+00:00\" \/>\n\t\t<meta property=\"article:publisher\" content=\"https:\/\/www.facebook.com\/tabaccomd.com\/\" \/>\n\t\t<meta name=\"twitter:card\" content=\"summary_large_image\" \/>\n\t\t<meta name=\"twitter:title\" content=\"Pip\u0103 Rattray\u2019s Ahoy Terracotta \u2013 15661 \u2013 Tabacco House\" \/>\n\t\t<script type=\"application\/ld+json\" class=\"aioseo-schema\">\n\t\t\t{\"@context\":\"https:\\\/\\\/schema.org\",\"@graph\":[{\"@type\":\"BreadcrumbList\",\"@id\":\"https:\\\/\\\/tabaccomd.com\\\/ro\\\/product\\\/pipa-rattrays-ahoy-terracotta-15661\\\/#breadcrumblist\",\"itemListElement\":[{\"@type\":\"ListItem\",\"@id\":\"https:\\\/\\\/tabaccomd.com\\\/ro\\\/#listItem\",\"position\":1,\"name\":\"\\u0413\\u043b\\u0430\\u0432\\u043d\\u0430\\u044f\",\"item\":\"https:\\\/\\\/tabaccomd.com\\\/ro\\\/\",\"nextItem\":{\"@type\":\"ListItem\",\"@id\":\"https:\\\/\\\/tabaccomd.com\\\/ro\\\/catalog\\\/#listItem\",\"name\":\"Catalog\"}},{\"@type\":\"ListItem\",\"@id\":\"https:\\\/\\\/tabaccomd.com\\\/ro\\\/catalog\\\/#listItem\",\"position\":2,\"name\":\"Catalog\",\"item\":\"https:\\\/\\\/tabaccomd.com\\\/ro\\\/catalog\\\/\",\"nextItem\":{\"@type\":\"ListItem\",\"@id\":\"https:\\\/\\\/tabaccomd.com\\\/ro\\\/product-category\\\/pipe\\\/#listItem\",\"name\":\"Pipe\"},\"previousItem\":{\"@type\":\"ListItem\",\"@id\":\"https:\\\/\\\/tabaccomd.com\\\/ro\\\/#listItem\",\"name\":\"\\u0413\\u043b\\u0430\\u0432\\u043d\\u0430\\u044f\"}},{\"@type\":\"ListItem\",\"@id\":\"https:\\\/\\\/tabaccomd.com\\\/ro\\\/product-category\\\/pipe\\\/#listItem\",\"position\":3,\"name\":\"Pipe\",\"item\":\"https:\\\/\\\/tabaccomd.com\\\/ro\\\/product-category\\\/pipe\\\/\",\"nextItem\":{\"@type\":\"ListItem\",\"@id\":\"https:\\\/\\\/tabaccomd.com\\\/ro\\\/product-category\\\/pipe\\\/pipe-rattrays\\\/#listItem\",\"name\":\"Pipe Rattray's\"},\"previousItem\":{\"@type\":\"ListItem\",\"@id\":\"https:\\\/\\\/tabaccomd.com\\\/ro\\\/catalog\\\/#listItem\",\"name\":\"Catalog\"}},{\"@type\":\"ListItem\",\"@id\":\"https:\\\/\\\/tabaccomd.com\\\/ro\\\/product-category\\\/pipe\\\/pipe-rattrays\\\/#listItem\",\"position\":4,\"name\":\"Pipe Rattray's\",\"item\":\"https:\\\/\\\/tabaccomd.com\\\/ro\\\/product-category\\\/pipe\\\/pipe-rattrays\\\/\",\"nextItem\":{\"@type\":\"ListItem\",\"@id\":\"https:\\\/\\\/tabaccomd.com\\\/ro\\\/product\\\/pipa-rattrays-ahoy-terracotta-15661\\\/#listItem\",\"name\":\"Pip\\u0103 Rattray\\u2019s Ahoy Terracotta &#8211; 15661\"},\"previousItem\":{\"@type\":\"ListItem\",\"@id\":\"https:\\\/\\\/tabaccomd.com\\\/ro\\\/product-category\\\/pipe\\\/#listItem\",\"name\":\"Pipe\"}},{\"@type\":\"ListItem\",\"@id\":\"https:\\\/\\\/tabaccomd.com\\\/ro\\\/product\\\/pipa-rattrays-ahoy-terracotta-15661\\\/#listItem\",\"position\":5,\"name\":\"Pip\\u0103 Rattray\\u2019s Ahoy Terracotta &#8211; 15661\",\"previousItem\":{\"@type\":\"ListItem\",\"@id\":\"https:\\\/\\\/tabaccomd.com\\\/ro\\\/product-category\\\/pipe\\\/pipe-rattrays\\\/#listItem\",\"name\":\"Pipe Rattray's\"}}]},{\"@type\":\"Organization\",\"@id\":\"https:\\\/\\\/tabaccomd.com\\\/ro\\\/#organization\",\"name\":\"Tabacco House\",\"description\":\"\\u041c\\u0430\\u0433\\u0430\\u0437\\u0438\\u043d \\u0442\\u0430\\u0431\\u0430\\u0447\\u043d\\u044b\\u0445 \\u0438\\u0437\\u0434\\u0435\\u043b\\u0438\\u0439\",\"url\":\"https:\\\/\\\/tabaccomd.com\\\/ro\\\/\",\"email\":\"Office@cazacuhouse.com\",\"telephone\":\"+37361000935\",\"logo\":{\"@type\":\"ImageObject\",\"url\":\"https:\\\/\\\/tabaccomd.com\\\/wp-content\\\/uploads\\\/2024\\\/02\\\/logo_header3.png\",\"@id\":\"https:\\\/\\\/tabaccomd.com\\\/ro\\\/product\\\/pipa-rattrays-ahoy-terracotta-15661\\\/#organizationLogo\",\"width\":32,\"height\":32,\"caption\":\"Tabacco House\"},\"image\":{\"@id\":\"https:\\\/\\\/tabaccomd.com\\\/ro\\\/product\\\/pipa-rattrays-ahoy-terracotta-15661\\\/#organizationLogo\"},\"sameAs\":[\"https:\\\/\\\/www.facebook.com\\\/tabaccomd.com\\\/\",\"https:\\\/\\\/www.instagram.com\\\/tabaccomd.com\\\/\"],\"address\":{\"@id\":\"https:\\\/\\\/tabaccomd.com\\\/ro\\\/#postaladdress\",\"@type\":\"PostalAddress\",\"streetAddress\":\"Strada Albi\\u015foara 4, Chi\\u0219in\\u0103u, Bulevardul \\u0218tefan cel Mare \\u0219i Sf\\u00eent 136, Chi\\u0219in\\u0103u\",\"addressLocality\":\"Chi\\u0219in\\u0103u\",\"addressCountry\":\"MD\"}},{\"@type\":\"Product\",\"@id\":\"https:\\\/\\\/tabaccomd.com\\\/ro\\\/product\\\/pipa-rattrays-ahoy-terracotta-15661\\\/#wooCommerceProduct\",\"name\":\"Pip\\u0103 Rattray\\u2019s Ahoy Terracotta - 15661\",\"description\":\"Produc\\u0103tor: Kopp Pipes GmbH &amp; Co. KG\\r\\n \\t\\u021aara produc\\u0103torului: Fran\\u021ba\\r\\n \\tMaterial pip\\u0103: Briar\\r\\n \\tMaterial mu\\u0219tiuc: Acril\\r\\n \\tCuloare: Maro\\r\\n \\tForm\\u0103: Straight - Poker\\r\\n \\tDiametru gaur\\u0103: 9 mm\\r\\n \\tLungime pip\\u0103: 140 mm\",\"url\":\"https:\\\/\\\/tabaccomd.com\\\/ro\\\/product\\\/pipa-rattrays-ahoy-terracotta-15661\\\/\",\"sku\":\"15661\",\"image\":{\"@type\":\"ImageObject\",\"url\":\"https:\\\/\\\/tabaccomd.com\\\/wp-content\\\/uploads\\\/2026\\\/03\\\/rattrays-pipe-ahoy-terracotta-4.jpg\",\"@id\":\"https:\\\/\\\/tabaccomd.com\\\/ro\\\/product\\\/pipa-rattrays-ahoy-terracotta-15661\\\/#productImage\",\"width\":1200,\"height\":1200,\"caption\":\"rattrays-pipe-ahoy-terracotta-4\"},\"offers\":{\"@type\":\"Offer\",\"url\":\"https:\\\/\\\/tabaccomd.com\\\/ro\\\/product\\\/pipa-rattrays-ahoy-terracotta-15661\\\/#wooCommerceOffer\",\"price\":2100,\"priceCurrency\":\"MDL\",\"category\":\"Pipe Rattray's\",\"availability\":\"https:\\\/\\\/schema.org\\\/InStock\",\"priceSpecification\":{\"@type\":\"PriceSpecification\",\"price\":2100,\"priceCurrency\":\"MDL\",\"valueAddedTaxIncluded\":\"true\"},\"seller\":{\"@type\":\"Organization\",\"@id\":\"https:\\\/\\\/tabaccomd.com\\\/ro\\\/#organization\"}}},{\"@type\":\"WebPage\",\"@id\":\"https:\\\/\\\/tabaccomd.com\\\/ro\\\/product\\\/pipa-rattrays-ahoy-terracotta-15661\\\/#webpage\",\"url\":\"https:\\\/\\\/tabaccomd.com\\\/ro\\\/product\\\/pipa-rattrays-ahoy-terracotta-15661\\\/\",\"name\":\"Pip\\u0103 Rattray\\u2019s Ahoy Terracotta \\u2013 15661 \\u2013 Tabacco House\",\"inLanguage\":\"ro-RO\",\"isPartOf\":{\"@id\":\"https:\\\/\\\/tabaccomd.com\\\/ro\\\/#website\"},\"breadcrumb\":{\"@id\":\"https:\\\/\\\/tabaccomd.com\\\/ro\\\/product\\\/pipa-rattrays-ahoy-terracotta-15661\\\/#breadcrumblist\"},\"image\":{\"@type\":\"ImageObject\",\"url\":\"https:\\\/\\\/tabaccomd.com\\\/wp-content\\\/uploads\\\/2026\\\/03\\\/rattrays-pipe-ahoy-terracotta-4.jpg\",\"@id\":\"https:\\\/\\\/tabaccomd.com\\\/ro\\\/product\\\/pipa-rattrays-ahoy-terracotta-15661\\\/#mainImage\",\"width\":1200,\"height\":1200,\"caption\":\"rattrays-pipe-ahoy-terracotta-4\"},\"primaryImageOfPage\":{\"@id\":\"https:\\\/\\\/tabaccomd.com\\\/ro\\\/product\\\/pipa-rattrays-ahoy-terracotta-15661\\\/#mainImage\"},\"datePublished\":\"2026-03-03T18:51:17+03:00\",\"dateModified\":\"2026-03-03T18:51:17+03:00\"},{\"@type\":\"WebSite\",\"@id\":\"https:\\\/\\\/tabaccomd.com\\\/ro\\\/#website\",\"url\":\"https:\\\/\\\/tabaccomd.com\\\/ro\\\/\",\"name\":\"Tabacco House\",\"alternateName\":\"tobaccomd.com\",\"description\":\"\\u041c\\u0430\\u0433\\u0430\\u0437\\u0438\\u043d \\u0442\\u0430\\u0431\\u0430\\u0447\\u043d\\u044b\\u0445 \\u0438\\u0437\\u0434\\u0435\\u043b\\u0438\\u0439\",\"inLanguage\":\"ro-RO\",\"publisher\":{\"@id\":\"https:\\\/\\\/tabaccomd.com\\\/ro\\\/#organization\"}}]}\n\t\t<\/script>\n\t\t<!-- All in One SEO Pro -->\r\n\t\t<title>Pip\u0103 Rattray\u2019s Ahoy Terracotta \u2013 15661 \u2013 Tabacco House<\/title>\n\n","aioseo_head_json":{"title":"Pip\u0103 Rattray\u2019s Ahoy Terracotta \u2013 15661 \u2013 Tabacco House","description":"","canonical_url":"https:\/\/tabaccomd.com\/ro\/product\/pipa-rattrays-ahoy-terracotta-15661\/","robots":"max-image-preview:large","keywords":"","webmasterTools":{"miscellaneous":""},"schema":{"@context":"https:\/\/schema.org","@graph":[{"@type":"BreadcrumbList","@id":"https:\/\/tabaccomd.com\/ro\/product\/pipa-rattrays-ahoy-terracotta-15661\/#breadcrumblist","itemListElement":[{"@type":"ListItem","@id":"https:\/\/tabaccomd.com\/ro\/#listItem","position":1,"name":"\u0413\u043b\u0430\u0432\u043d\u0430\u044f","item":"https:\/\/tabaccomd.com\/ro\/","nextItem":{"@type":"ListItem","@id":"https:\/\/tabaccomd.com\/ro\/catalog\/#listItem","name":"Catalog"}},{"@type":"ListItem","@id":"https:\/\/tabaccomd.com\/ro\/catalog\/#listItem","position":2,"name":"Catalog","item":"https:\/\/tabaccomd.com\/ro\/catalog\/","nextItem":{"@type":"ListItem","@id":"https:\/\/tabaccomd.com\/ro\/product-category\/pipe\/#listItem","name":"Pipe"},"previousItem":{"@type":"ListItem","@id":"https:\/\/tabaccomd.com\/ro\/#listItem","name":"\u0413\u043b\u0430\u0432\u043d\u0430\u044f"}},{"@type":"ListItem","@id":"https:\/\/tabaccomd.com\/ro\/product-category\/pipe\/#listItem","position":3,"name":"Pipe","item":"https:\/\/tabaccomd.com\/ro\/product-category\/pipe\/","nextItem":{"@type":"ListItem","@id":"https:\/\/tabaccomd.com\/ro\/product-category\/pipe\/pipe-rattrays\/#listItem","name":"Pipe Rattray's"},"previousItem":{"@type":"ListItem","@id":"https:\/\/tabaccomd.com\/ro\/catalog\/#listItem","name":"Catalog"}},{"@type":"ListItem","@id":"https:\/\/tabaccomd.com\/ro\/product-category\/pipe\/pipe-rattrays\/#listItem","position":4,"name":"Pipe Rattray's","item":"https:\/\/tabaccomd.com\/ro\/product-category\/pipe\/pipe-rattrays\/","nextItem":{"@type":"ListItem","@id":"https:\/\/tabaccomd.com\/ro\/product\/pipa-rattrays-ahoy-terracotta-15661\/#listItem","name":"Pip\u0103 Rattray\u2019s Ahoy Terracotta &#8211; 15661"},"previousItem":{"@type":"ListItem","@id":"https:\/\/tabaccomd.com\/ro\/product-category\/pipe\/#listItem","name":"Pipe"}},{"@type":"ListItem","@id":"https:\/\/tabaccomd.com\/ro\/product\/pipa-rattrays-ahoy-terracotta-15661\/#listItem","position":5,"name":"Pip\u0103 Rattray\u2019s Ahoy Terracotta &#8211; 15661","previousItem":{"@type":"ListItem","@id":"https:\/\/tabaccomd.com\/ro\/product-category\/pipe\/pipe-rattrays\/#listItem","name":"Pipe Rattray's"}}]},{"@type":"Organization","@id":"https:\/\/tabaccomd.com\/ro\/#organization","name":"Tabacco House","description":"\u041c\u0430\u0433\u0430\u0437\u0438\u043d \u0442\u0430\u0431\u0430\u0447\u043d\u044b\u0445 \u0438\u0437\u0434\u0435\u043b\u0438\u0439","url":"https:\/\/tabaccomd.com\/ro\/","email":"Office@cazacuhouse.com","telephone":"+37361000935","logo":{"@type":"ImageObject","url":"https:\/\/tabaccomd.com\/wp-content\/uploads\/2024\/02\/logo_header3.png","@id":"https:\/\/tabaccomd.com\/ro\/product\/pipa-rattrays-ahoy-terracotta-15661\/#organizationLogo","width":32,"height":32,"caption":"Tabacco House"},"image":{"@id":"https:\/\/tabaccomd.com\/ro\/product\/pipa-rattrays-ahoy-terracotta-15661\/#organizationLogo"},"sameAs":["https:\/\/www.facebook.com\/tabaccomd.com\/","https:\/\/www.instagram.com\/tabaccomd.com\/"],"address":{"@id":"https:\/\/tabaccomd.com\/ro\/#postaladdress","@type":"PostalAddress","streetAddress":"Strada Albi\u015foara 4, Chi\u0219in\u0103u, Bulevardul \u0218tefan cel Mare \u0219i Sf\u00eent 136, Chi\u0219in\u0103u","addressLocality":"Chi\u0219in\u0103u","addressCountry":"MD"}},{"@type":"Product","@id":"https:\/\/tabaccomd.com\/ro\/product\/pipa-rattrays-ahoy-terracotta-15661\/#wooCommerceProduct","name":"Pip\u0103 Rattray\u2019s Ahoy Terracotta - 15661","description":"Produc\u0103tor: Kopp Pipes GmbH &amp; Co. KG\r\n \t\u021aara produc\u0103torului: Fran\u021ba\r\n \tMaterial pip\u0103: Briar\r\n \tMaterial mu\u0219tiuc: Acril\r\n \tCuloare: Maro\r\n \tForm\u0103: Straight - Poker\r\n \tDiametru gaur\u0103: 9 mm\r\n \tLungime pip\u0103: 140 mm","url":"https:\/\/tabaccomd.com\/ro\/product\/pipa-rattrays-ahoy-terracotta-15661\/","sku":"15661","image":{"@type":"ImageObject","url":"https:\/\/tabaccomd.com\/wp-content\/uploads\/2026\/03\/rattrays-pipe-ahoy-terracotta-4.jpg","@id":"https:\/\/tabaccomd.com\/ro\/product\/pipa-rattrays-ahoy-terracotta-15661\/#productImage","width":1200,"height":1200,"caption":"rattrays-pipe-ahoy-terracotta-4"},"offers":{"@type":"Offer","url":"https:\/\/tabaccomd.com\/ro\/product\/pipa-rattrays-ahoy-terracotta-15661\/#wooCommerceOffer","price":2100,"priceCurrency":"MDL","category":"Pipe Rattray's","availability":"https:\/\/schema.org\/InStock","priceSpecification":{"@type":"PriceSpecification","price":2100,"priceCurrency":"MDL","valueAddedTaxIncluded":"true"},"seller":{"@type":"Organization","@id":"https:\/\/tabaccomd.com\/ro\/#organization"}}},{"@type":"WebPage","@id":"https:\/\/tabaccomd.com\/ro\/product\/pipa-rattrays-ahoy-terracotta-15661\/#webpage","url":"https:\/\/tabaccomd.com\/ro\/product\/pipa-rattrays-ahoy-terracotta-15661\/","name":"Pip\u0103 Rattray\u2019s Ahoy Terracotta \u2013 15661 \u2013 Tabacco House","inLanguage":"ro-RO","isPartOf":{"@id":"https:\/\/tabaccomd.com\/ro\/#website"},"breadcrumb":{"@id":"https:\/\/tabaccomd.com\/ro\/product\/pipa-rattrays-ahoy-terracotta-15661\/#breadcrumblist"},"image":{"@type":"ImageObject","url":"https:\/\/tabaccomd.com\/wp-content\/uploads\/2026\/03\/rattrays-pipe-ahoy-terracotta-4.jpg","@id":"https:\/\/tabaccomd.com\/ro\/product\/pipa-rattrays-ahoy-terracotta-15661\/#mainImage","width":1200,"height":1200,"caption":"rattrays-pipe-ahoy-terracotta-4"},"primaryImageOfPage":{"@id":"https:\/\/tabaccomd.com\/ro\/product\/pipa-rattrays-ahoy-terracotta-15661\/#mainImage"},"datePublished":"2026-03-03T18:51:17+03:00","dateModified":"2026-03-03T18:51:17+03:00"},{"@type":"WebSite","@id":"https:\/\/tabaccomd.com\/ro\/#website","url":"https:\/\/tabaccomd.com\/ro\/","name":"Tabacco House","alternateName":"tobaccomd.com","description":"\u041c\u0430\u0433\u0430\u0437\u0438\u043d \u0442\u0430\u0431\u0430\u0447\u043d\u044b\u0445 \u0438\u0437\u0434\u0435\u043b\u0438\u0439","inLanguage":"ro-RO","publisher":{"@id":"https:\/\/tabaccomd.com\/ro\/#organization"}}]},"og:locale":"ro_RO","og:site_name":"Tabacco House \u2013 \u041c\u0430\u0433\u0430\u0437\u0438\u043d \u0442\u0430\u0431\u0430\u0447\u043d\u044b\u0445 \u0438\u0437\u0434\u0435\u043b\u0438\u0439","og:type":"article","og:title":"Pip\u0103 Rattray\u2019s Ahoy Terracotta \u2013 15661 \u2013 Tabacco House","og:url":"https:\/\/tabaccomd.com\/ro\/product\/pipa-rattrays-ahoy-terracotta-15661\/","article:published_time":"2026-03-03T15:51:17+00:00","article:modified_time":"2026-03-03T15:51:17+00:00","article:publisher":"https:\/\/www.facebook.com\/tabaccomd.com\/","twitter:card":"summary_large_image","twitter:title":"Pip\u0103 Rattray\u2019s Ahoy Terracotta \u2013 15661 \u2013 Tabacco House"},"aioseo_meta_data":{"post_id":"157263","title":null,"description":null,"keywords":null,"keyphrases":null,"primary_term":null,"canonical_url":null,"og_title":null,"og_description":null,"og_object_type":"default","og_image_type":"default","og_image_url":null,"og_image_width":null,"og_image_height":null,"og_image_custom_url":null,"og_image_custom_fields":null,"og_video":null,"og_custom_url":null,"og_article_section":null,"og_article_tags":null,"twitter_use_og":false,"twitter_card":"default","twitter_image_type":"default","twitter_image_url":null,"twitter_image_custom_url":null,"twitter_image_custom_fields":null,"twitter_title":null,"twitter_description":null,"schema":{"blockGraphs":[],"customGraphs":[],"default":{"data":{"Article":[],"Course":[],"Dataset":[],"FAQPage":[],"Movie":[],"Person":[],"Product":[],"ProductReview":[],"Car":[],"Recipe":[],"Service":[],"SoftwareApplication":[],"WebPage":[]},"graphName":"","isEnabled":true},"graphs":[]},"schema_type":"default","schema_type_options":null,"pillar_content":false,"robots_default":true,"robots_noindex":false,"robots_noarchive":false,"robots_nosnippet":false,"robots_nofollow":false,"robots_noimageindex":false,"robots_noodp":false,"robots_notranslate":false,"robots_max_snippet":null,"robots_max_videopreview":null,"robots_max_imagepreview":"large","priority":null,"frequency":null,"local_seo":null,"seo_analyzer_scan_date":"2026-03-03 15:55:24","breadcrumb_settings":null,"limit_modified_date":false,"reviewed_by":null,"open_ai":null,"ai":null,"created":"2026-03-03 15:54:20","updated":"2026-03-03 16:02:35"},"aioseo_breadcrumb":"<div class=\"aioseo-breadcrumbs\"><span class=\"aioseo-breadcrumb\">\n\t<a href=\"https:\/\/tabaccomd.com\/ro\/\" title=\"\u0413\u043b\u0430\u0432\u043d\u0430\u044f\">\u0413\u043b\u0430\u0432\u043d\u0430\u044f<\/a>\n<\/span><span class=\"aioseo-breadcrumb-separator\">\u00bb<\/span><span class=\"aioseo-breadcrumb\">\n\t<a href=\"https:\/\/tabaccomd.com\/ro\/catalog\/\" title=\"Catalog\">Catalog<\/a>\n<\/span><span class=\"aioseo-breadcrumb-separator\">\u00bb<\/span><span class=\"aioseo-breadcrumb\">\n\t<a href=\"https:\/\/tabaccomd.com\/ro\/product-category\/pipe\/\" title=\"Pipe\">Pipe<\/a>\n<\/span><span class=\"aioseo-breadcrumb-separator\">\u00bb<\/span><span class=\"aioseo-breadcrumb\">\n\t<a href=\"https:\/\/tabaccomd.com\/ro\/product-category\/pipe\/pipe-rattrays\/\" title=\"Pipe Rattray&#039;s\">Pipe Rattray's<\/a>\n<\/span><span class=\"aioseo-breadcrumb-separator\">\u00bb<\/span><span class=\"aioseo-breadcrumb\">\n\tPip\u0103 Rattray\u2019s Ahoy Terracotta \u2013 15661\n<\/span><\/div>","aioseo_breadcrumb_json":[{"label":"\u0413\u043b\u0430\u0432\u043d\u0430\u044f","link":"https:\/\/tabaccomd.com\/ro\/"},{"label":"Catalog","link":"https:\/\/tabaccomd.com\/ro\/catalog\/"},{"label":"Pipe","link":"https:\/\/tabaccomd.com\/ro\/product-category\/pipe\/"},{"label":"Pipe Rattray's","link":"https:\/\/tabaccomd.com\/ro\/product-category\/pipe\/pipe-rattrays\/"},{"label":"Pip\u0103 Rattray\u2019s Ahoy Terracotta &#8211; 15661","link":"https:\/\/tabaccomd.com\/ro\/product\/pipa-rattrays-ahoy-terracotta-15661\/"}],"images_for_1c":[{"url":"https:\/\/tabaccomd.com\/wp-content\/uploads\/2026\/03\/rattrays-pipe-ahoy-terracotta-4.jpg","type":"featured","alt":"rattrays-pipe-ahoy-terracotta-4","filename":"rattrays-pipe-ahoy-terracotta-4.jpg"},{"url":"https:\/\/tabaccomd.com\/wp-content\/uploads\/2026\/03\/rattrays-pipe-ahoy-terracotta-3.jpg","type":"gallery","alt":"rattrays-pipe-ahoy-terracotta-3","filename":"rattrays-pipe-ahoy-terracotta-3.jpg"},{"url":"https:\/\/tabaccomd.com\/wp-content\/uploads\/2026\/03\/rattrays-pipe-ahoy-terracotta-1.jpg","type":"gallery","alt":"rattrays-pipe-ahoy-terracotta-1","filename":"rattrays-pipe-ahoy-terracotta-1.jpg"},{"url":"https:\/\/tabaccomd.com\/wp-content\/uploads\/2026\/03\/rattrays-pipe-ahoy-terracotta.jpg","type":"gallery","alt":"rattrays-pipe-ahoy-terracotta","filename":"rattrays-pipe-ahoy-terracotta.jpg"},{"url":"https:\/\/tabaccomd.com\/wp-content\/uploads\/2026\/03\/rattrays-pipe-ahoy-terracotta-0.jpg","type":"gallery","alt":"rattrays-pipe-ahoy-terracotta-0","filename":"rattrays-pipe-ahoy-terracotta-0.jpg"},{"url":"https:\/\/tabaccomd.com\/wp-content\/uploads\/2026\/03\/rattrays-pipe-ahoy-terracotta-2.jpg","type":"gallery","alt":"rattrays-pipe-ahoy-terracotta-2","filename":"rattrays-pipe-ahoy-terracotta-2.jpg"}],"additional_data_1c":{"modified_date":"2026-03-03 18:51:17","permalink":"https:\/\/tabaccomd.com\/ro\/product\/pipa-rattrays-ahoy-terracotta-15661\/","stock_status":"instock","manage_stock":"no"},"_links":{"self":[{"href":"https:\/\/tabaccomd.com\/ro\/wp-json\/wp\/v2\/product\/157263","targetHints":{"allow":["GET"]}}],"collection":[{"href":"https:\/\/tabaccomd.com\/ro\/wp-json\/wp\/v2\/product"}],"about":[{"href":"https:\/\/tabaccomd.com\/ro\/wp-json\/wp\/v2\/types\/product"}],"wp:featuredmedia":[{"embeddable":true,"href":"https:\/\/tabaccomd.com\/ro\/wp-json\/wp\/v2\/media\/157252"}],"wp:attachment":[{"href":"https:\/\/tabaccomd.com\/ro\/wp-json\/wp\/v2\/media?parent=157263"}],"wp:term":[{"taxonomy":"product_brand","embeddable":true,"href":"https:\/\/tabaccomd.com\/ro\/wp-json\/wp\/v2\/product_brand?post=157263"},{"taxonomy":"product_cat","embeddable":true,"href":"https:\/\/tabaccomd.com\/ro\/wp-json\/wp\/v2\/product_cat?post=157263"},{"taxonomy":"product_tag","embeddable":true,"href":"https:\/\/tabaccomd.com\/ro\/wp-json\/wp\/v2\/product_tag?post=157263"}],"curies":[{"name":"wp","href":"https:\/\/api.w.org\/{rel}","templated":true}]}}