{"id":157247,"date":"2026-03-03T18:00:15","date_gmt":"2026-03-03T15:00:15","guid":{"rendered":"https:\/\/tabaccomd.com\/product\/pipa-white-elephant-kenya-grey-14-17112\/"},"modified":"2026-03-03T18:00:15","modified_gmt":"2026-03-03T15:00:15","slug":"pipa-white-elephant-kenya-grey-14-17112","status":"publish","type":"product","link":"https:\/\/tabaccomd.com\/ro\/product\/pipa-white-elephant-kenya-grey-14-17112\/","title":{"rendered":"Pip\u0103 White Elephant Kenya Grey 14 &#8211; 17112"},"content":{"rendered":"<p data-start=\"0\" data-end=\"521\"><a href=\"https:\/\/tabaccomd.com\/ro\/product-category\/pipe\/pipe-white-elephant\/\">Pipa<\/a> White Elephant Kenya Grey 14 continu\u0103 seria de nout\u0103\u021bi \u201eWhite Elephant\u201d, \u00een care stilul expresiv se \u00eembin\u0103 armonios cu materiale atent selec\u021bionate. Pentru aceast\u0103 linie, produc\u0103torul a reu\u0219it s\u0103 g\u0103seasc\u0103 un furnizor de blocuri mari de briar, ceea ce a permis eviden\u021bierea texturii naturale a lemnului \u0219i completarea acesteia cu elegantele inele albe din lemn de m\u0103slin. Seria este realizat\u0103 conform specifica\u021biilor proprii \u00eentr-un mic atelier din Italia, unde se acord\u0103 o aten\u021bie deosebit\u0103 calit\u0103\u021bii \u0219i finisajelor. Modelul este confec\u021bionat din briar, \u00een nuan\u021ba rafinat\u0103 gri-negru Kenya Grey, \u0219i este echipat cu mu\u0219tiuc din acril. Forma clasic\u0103 Straight \u2013 Brandy ofer\u0103 siluetei echilibru \u0219i propor\u021bii armonioase, asigur\u00e2nd confort \u00een utilizare. Diametrul orificiului este de 9 mm, iar lungimea pipei este de 150 mm, ceea ce o transform\u0103 \u00eentr-o alegere practic\u0103 \u0219i stilat\u0103 pentru cunosc\u0103torii unui fumat lini\u0219tit \u0219i atent.<\/p>\n<p data-start=\"0\" data-end=\"521\">Pute\u021bi achizi\u021biona pipa White Elephant Kenya Grey 14 &#8211; 17112 \u00een Moldova, Chi\u0219in\u0103u, \u00een re\u021beaua de magazine Tabacco House.<\/p>\n","protected":false},"excerpt":{"rendered":"<ul>\n<li>Produc\u0103tor: Kopp Pipes GmbH &amp; Co. KG<\/li>\n<li>\u021aara produc\u0103torului: Italia<\/li>\n<li>Material pip\u0103: Briar<\/li>\n<li>Material mu\u0219tiuc: Acril<\/li>\n<li>Culoare: Negru cu alb<\/li>\n<li>Form\u0103: Straight &#8211; Brandy<\/li>\n<li>Diametru gaur\u0103: 9 mm<\/li>\n<li>Lungime pip\u0103: 150 mm<\/li>\n<\/ul>\n","protected":false},"featured_media":157238,"template":"","meta":{"om_disable_all_campaigns":false,"_monsterinsights_skip_tracking":false,"_monsterinsights_sitenote_active":false,"_monsterinsights_sitenote_note":"","_monsterinsights_sitenote_category":0},"product_brand":[],"product_cat":[504],"product_tag":[],"class_list":{"0":"post-157247","1":"product","2":"type-product","3":"status-publish","4":"has-post-thumbnail","6":"product_cat-pipe-white-elephant","8":"first","9":"instock","10":"taxable","11":"shipping-taxable","12":"purchasable","13":"product-type-simple"},"aioseo_notices":[],"aioseo_head":"\n\t\t<!-- All in One SEO Pro 4.9.5.2 - aioseo.com -->\n\t<meta name=\"robots\" content=\"max-image-preview:large\" \/>\n\t<link rel=\"canonical\" href=\"https:\/\/tabaccomd.com\/ro\/product\/pipa-white-elephant-kenya-grey-14-17112\/\" \/>\n\t<meta name=\"generator\" content=\"All in One SEO Pro (AIOSEO) 4.9.5.2\" \/>\n\t\t<meta property=\"og:locale\" content=\"ro_RO\" \/>\n\t\t<meta property=\"og:site_name\" content=\"Tabacco House \u2013 \u041c\u0430\u0433\u0430\u0437\u0438\u043d \u0442\u0430\u0431\u0430\u0447\u043d\u044b\u0445 \u0438\u0437\u0434\u0435\u043b\u0438\u0439\" \/>\n\t\t<meta property=\"og:type\" content=\"article\" \/>\n\t\t<meta property=\"og:title\" content=\"Pip\u0103 White Elephant Kenya Grey 14 \u2013 17112 \u2013 Tabacco House\" \/>\n\t\t<meta property=\"og:url\" content=\"https:\/\/tabaccomd.com\/ro\/product\/pipa-white-elephant-kenya-grey-14-17112\/\" \/>\n\t\t<meta property=\"article:published_time\" content=\"2026-03-03T15:00:15+00:00\" \/>\n\t\t<meta property=\"article:modified_time\" content=\"2026-03-03T15:00:15+00:00\" \/>\n\t\t<meta property=\"article:publisher\" content=\"https:\/\/www.facebook.com\/tabaccomd.com\/\" \/>\n\t\t<meta name=\"twitter:card\" content=\"summary_large_image\" \/>\n\t\t<meta name=\"twitter:title\" content=\"Pip\u0103 White Elephant Kenya Grey 14 \u2013 17112 \u2013 Tabacco House\" \/>\n\t\t<script type=\"application\/ld+json\" class=\"aioseo-schema\">\n\t\t\t{\"@context\":\"https:\\\/\\\/schema.org\",\"@graph\":[{\"@type\":\"BreadcrumbList\",\"@id\":\"https:\\\/\\\/tabaccomd.com\\\/ro\\\/product\\\/pipa-white-elephant-kenya-grey-14-17112\\\/#breadcrumblist\",\"itemListElement\":[{\"@type\":\"ListItem\",\"@id\":\"https:\\\/\\\/tabaccomd.com\\\/ro\\\/#listItem\",\"position\":1,\"name\":\"\\u0413\\u043b\\u0430\\u0432\\u043d\\u0430\\u044f\",\"item\":\"https:\\\/\\\/tabaccomd.com\\\/ro\\\/\",\"nextItem\":{\"@type\":\"ListItem\",\"@id\":\"https:\\\/\\\/tabaccomd.com\\\/ro\\\/catalog\\\/#listItem\",\"name\":\"Catalog\"}},{\"@type\":\"ListItem\",\"@id\":\"https:\\\/\\\/tabaccomd.com\\\/ro\\\/catalog\\\/#listItem\",\"position\":2,\"name\":\"Catalog\",\"item\":\"https:\\\/\\\/tabaccomd.com\\\/ro\\\/catalog\\\/\",\"nextItem\":{\"@type\":\"ListItem\",\"@id\":\"https:\\\/\\\/tabaccomd.com\\\/ro\\\/product-category\\\/pipe\\\/#listItem\",\"name\":\"Pipe\"},\"previousItem\":{\"@type\":\"ListItem\",\"@id\":\"https:\\\/\\\/tabaccomd.com\\\/ro\\\/#listItem\",\"name\":\"\\u0413\\u043b\\u0430\\u0432\\u043d\\u0430\\u044f\"}},{\"@type\":\"ListItem\",\"@id\":\"https:\\\/\\\/tabaccomd.com\\\/ro\\\/product-category\\\/pipe\\\/#listItem\",\"position\":3,\"name\":\"Pipe\",\"item\":\"https:\\\/\\\/tabaccomd.com\\\/ro\\\/product-category\\\/pipe\\\/\",\"nextItem\":{\"@type\":\"ListItem\",\"@id\":\"https:\\\/\\\/tabaccomd.com\\\/ro\\\/product-category\\\/pipe\\\/pipe-white-elephant\\\/#listItem\",\"name\":\"Pipe White Elephant\"},\"previousItem\":{\"@type\":\"ListItem\",\"@id\":\"https:\\\/\\\/tabaccomd.com\\\/ro\\\/catalog\\\/#listItem\",\"name\":\"Catalog\"}},{\"@type\":\"ListItem\",\"@id\":\"https:\\\/\\\/tabaccomd.com\\\/ro\\\/product-category\\\/pipe\\\/pipe-white-elephant\\\/#listItem\",\"position\":4,\"name\":\"Pipe White Elephant\",\"item\":\"https:\\\/\\\/tabaccomd.com\\\/ro\\\/product-category\\\/pipe\\\/pipe-white-elephant\\\/\",\"nextItem\":{\"@type\":\"ListItem\",\"@id\":\"https:\\\/\\\/tabaccomd.com\\\/ro\\\/product\\\/pipa-white-elephant-kenya-grey-14-17112\\\/#listItem\",\"name\":\"Pip\\u0103 White Elephant Kenya Grey 14 &#8211; 17112\"},\"previousItem\":{\"@type\":\"ListItem\",\"@id\":\"https:\\\/\\\/tabaccomd.com\\\/ro\\\/product-category\\\/pipe\\\/#listItem\",\"name\":\"Pipe\"}},{\"@type\":\"ListItem\",\"@id\":\"https:\\\/\\\/tabaccomd.com\\\/ro\\\/product\\\/pipa-white-elephant-kenya-grey-14-17112\\\/#listItem\",\"position\":5,\"name\":\"Pip\\u0103 White Elephant Kenya Grey 14 &#8211; 17112\",\"previousItem\":{\"@type\":\"ListItem\",\"@id\":\"https:\\\/\\\/tabaccomd.com\\\/ro\\\/product-category\\\/pipe\\\/pipe-white-elephant\\\/#listItem\",\"name\":\"Pipe White Elephant\"}}]},{\"@type\":\"Organization\",\"@id\":\"https:\\\/\\\/tabaccomd.com\\\/ro\\\/#organization\",\"name\":\"Tabacco House\",\"description\":\"\\u041c\\u0430\\u0433\\u0430\\u0437\\u0438\\u043d \\u0442\\u0430\\u0431\\u0430\\u0447\\u043d\\u044b\\u0445 \\u0438\\u0437\\u0434\\u0435\\u043b\\u0438\\u0439\",\"url\":\"https:\\\/\\\/tabaccomd.com\\\/ro\\\/\",\"email\":\"Office@cazacuhouse.com\",\"telephone\":\"+37361000935\",\"logo\":{\"@type\":\"ImageObject\",\"url\":\"https:\\\/\\\/tabaccomd.com\\\/wp-content\\\/uploads\\\/2024\\\/02\\\/logo_header3.png\",\"@id\":\"https:\\\/\\\/tabaccomd.com\\\/ro\\\/product\\\/pipa-white-elephant-kenya-grey-14-17112\\\/#organizationLogo\",\"width\":32,\"height\":32,\"caption\":\"Tabacco House\"},\"image\":{\"@id\":\"https:\\\/\\\/tabaccomd.com\\\/ro\\\/product\\\/pipa-white-elephant-kenya-grey-14-17112\\\/#organizationLogo\"},\"sameAs\":[\"https:\\\/\\\/www.facebook.com\\\/tabaccomd.com\\\/\",\"https:\\\/\\\/www.instagram.com\\\/tabaccomd.com\\\/\"],\"address\":{\"@id\":\"https:\\\/\\\/tabaccomd.com\\\/ro\\\/#postaladdress\",\"@type\":\"PostalAddress\",\"streetAddress\":\"Strada Albi\\u015foara 4, Chi\\u0219in\\u0103u, Bulevardul \\u0218tefan cel Mare \\u0219i Sf\\u00eent 136, Chi\\u0219in\\u0103u\",\"addressLocality\":\"Chi\\u0219in\\u0103u\",\"addressCountry\":\"MD\"}},{\"@type\":\"Product\",\"@id\":\"https:\\\/\\\/tabaccomd.com\\\/ro\\\/product\\\/pipa-white-elephant-kenya-grey-14-17112\\\/#wooCommerceProduct\",\"name\":\"Pip\\u0103 White Elephant Kenya Grey 14 - 17112\",\"description\":\"Produc\\u0103tor: Kopp Pipes GmbH &amp; Co. KG\\r\\n \\t\\u021aara produc\\u0103torului: Italia\\r\\n \\tMaterial pip\\u0103: Briar\\r\\n \\tMaterial mu\\u0219tiuc: Acril\\r\\n \\tCuloare: Negru cu alb\\r\\n \\tForm\\u0103: Straight - Brandy\\r\\n \\tDiametru gaur\\u0103: 9 mm\\r\\n \\tLungime pip\\u0103: 150 mm\",\"url\":\"https:\\\/\\\/tabaccomd.com\\\/ro\\\/product\\\/pipa-white-elephant-kenya-grey-14-17112\\\/\",\"sku\":\"17112\",\"image\":{\"@type\":\"ImageObject\",\"url\":\"https:\\\/\\\/tabaccomd.com\\\/wp-content\\\/uploads\\\/2026\\\/03\\\/pipe-white-elephant-kenya-grey-14-3.jpg\",\"@id\":\"https:\\\/\\\/tabaccomd.com\\\/ro\\\/product\\\/pipa-white-elephant-kenya-grey-14-17112\\\/#productImage\",\"width\":1200,\"height\":1200,\"caption\":\"pipe-white-elephant-kenya-grey-14-3\"},\"offers\":{\"@type\":\"Offer\",\"url\":\"https:\\\/\\\/tabaccomd.com\\\/ro\\\/product\\\/pipa-white-elephant-kenya-grey-14-17112\\\/#wooCommerceOffer\",\"price\":3450,\"priceCurrency\":\"MDL\",\"category\":\"Pipe White Elephant\",\"availability\":\"https:\\\/\\\/schema.org\\\/InStock\",\"priceSpecification\":{\"@type\":\"PriceSpecification\",\"price\":3450,\"priceCurrency\":\"MDL\",\"valueAddedTaxIncluded\":\"true\"},\"seller\":{\"@type\":\"Organization\",\"@id\":\"https:\\\/\\\/tabaccomd.com\\\/ro\\\/#organization\"}}},{\"@type\":\"WebPage\",\"@id\":\"https:\\\/\\\/tabaccomd.com\\\/ro\\\/product\\\/pipa-white-elephant-kenya-grey-14-17112\\\/#webpage\",\"url\":\"https:\\\/\\\/tabaccomd.com\\\/ro\\\/product\\\/pipa-white-elephant-kenya-grey-14-17112\\\/\",\"name\":\"Pip\\u0103 White Elephant Kenya Grey 14 \\u2013 17112 \\u2013 Tabacco House\",\"inLanguage\":\"ro-RO\",\"isPartOf\":{\"@id\":\"https:\\\/\\\/tabaccomd.com\\\/ro\\\/#website\"},\"breadcrumb\":{\"@id\":\"https:\\\/\\\/tabaccomd.com\\\/ro\\\/product\\\/pipa-white-elephant-kenya-grey-14-17112\\\/#breadcrumblist\"},\"image\":{\"@type\":\"ImageObject\",\"url\":\"https:\\\/\\\/tabaccomd.com\\\/wp-content\\\/uploads\\\/2026\\\/03\\\/pipe-white-elephant-kenya-grey-14-3.jpg\",\"@id\":\"https:\\\/\\\/tabaccomd.com\\\/ro\\\/product\\\/pipa-white-elephant-kenya-grey-14-17112\\\/#mainImage\",\"width\":1200,\"height\":1200,\"caption\":\"pipe-white-elephant-kenya-grey-14-3\"},\"primaryImageOfPage\":{\"@id\":\"https:\\\/\\\/tabaccomd.com\\\/ro\\\/product\\\/pipa-white-elephant-kenya-grey-14-17112\\\/#mainImage\"},\"datePublished\":\"2026-03-03T18:00:15+03:00\",\"dateModified\":\"2026-03-03T18:00:15+03:00\"},{\"@type\":\"WebSite\",\"@id\":\"https:\\\/\\\/tabaccomd.com\\\/ro\\\/#website\",\"url\":\"https:\\\/\\\/tabaccomd.com\\\/ro\\\/\",\"name\":\"Tabacco House\",\"alternateName\":\"tobaccomd.com\",\"description\":\"\\u041c\\u0430\\u0433\\u0430\\u0437\\u0438\\u043d \\u0442\\u0430\\u0431\\u0430\\u0447\\u043d\\u044b\\u0445 \\u0438\\u0437\\u0434\\u0435\\u043b\\u0438\\u0439\",\"inLanguage\":\"ro-RO\",\"publisher\":{\"@id\":\"https:\\\/\\\/tabaccomd.com\\\/ro\\\/#organization\"}}]}\n\t\t<\/script>\n\t\t<!-- All in One SEO Pro -->\r\n\t\t<title>Pip\u0103 White Elephant Kenya Grey 14 \u2013 17112 \u2013 Tabacco House<\/title>\n\n","aioseo_head_json":{"title":"Pip\u0103 White Elephant Kenya Grey 14 \u2013 17112 \u2013 Tabacco House","description":"","canonical_url":"https:\/\/tabaccomd.com\/ro\/product\/pipa-white-elephant-kenya-grey-14-17112\/","robots":"max-image-preview:large","keywords":"","webmasterTools":{"miscellaneous":""},"schema":{"@context":"https:\/\/schema.org","@graph":[{"@type":"BreadcrumbList","@id":"https:\/\/tabaccomd.com\/ro\/product\/pipa-white-elephant-kenya-grey-14-17112\/#breadcrumblist","itemListElement":[{"@type":"ListItem","@id":"https:\/\/tabaccomd.com\/ro\/#listItem","position":1,"name":"\u0413\u043b\u0430\u0432\u043d\u0430\u044f","item":"https:\/\/tabaccomd.com\/ro\/","nextItem":{"@type":"ListItem","@id":"https:\/\/tabaccomd.com\/ro\/catalog\/#listItem","name":"Catalog"}},{"@type":"ListItem","@id":"https:\/\/tabaccomd.com\/ro\/catalog\/#listItem","position":2,"name":"Catalog","item":"https:\/\/tabaccomd.com\/ro\/catalog\/","nextItem":{"@type":"ListItem","@id":"https:\/\/tabaccomd.com\/ro\/product-category\/pipe\/#listItem","name":"Pipe"},"previousItem":{"@type":"ListItem","@id":"https:\/\/tabaccomd.com\/ro\/#listItem","name":"\u0413\u043b\u0430\u0432\u043d\u0430\u044f"}},{"@type":"ListItem","@id":"https:\/\/tabaccomd.com\/ro\/product-category\/pipe\/#listItem","position":3,"name":"Pipe","item":"https:\/\/tabaccomd.com\/ro\/product-category\/pipe\/","nextItem":{"@type":"ListItem","@id":"https:\/\/tabaccomd.com\/ro\/product-category\/pipe\/pipe-white-elephant\/#listItem","name":"Pipe White Elephant"},"previousItem":{"@type":"ListItem","@id":"https:\/\/tabaccomd.com\/ro\/catalog\/#listItem","name":"Catalog"}},{"@type":"ListItem","@id":"https:\/\/tabaccomd.com\/ro\/product-category\/pipe\/pipe-white-elephant\/#listItem","position":4,"name":"Pipe White Elephant","item":"https:\/\/tabaccomd.com\/ro\/product-category\/pipe\/pipe-white-elephant\/","nextItem":{"@type":"ListItem","@id":"https:\/\/tabaccomd.com\/ro\/product\/pipa-white-elephant-kenya-grey-14-17112\/#listItem","name":"Pip\u0103 White Elephant Kenya Grey 14 &#8211; 17112"},"previousItem":{"@type":"ListItem","@id":"https:\/\/tabaccomd.com\/ro\/product-category\/pipe\/#listItem","name":"Pipe"}},{"@type":"ListItem","@id":"https:\/\/tabaccomd.com\/ro\/product\/pipa-white-elephant-kenya-grey-14-17112\/#listItem","position":5,"name":"Pip\u0103 White Elephant Kenya Grey 14 &#8211; 17112","previousItem":{"@type":"ListItem","@id":"https:\/\/tabaccomd.com\/ro\/product-category\/pipe\/pipe-white-elephant\/#listItem","name":"Pipe White Elephant"}}]},{"@type":"Organization","@id":"https:\/\/tabaccomd.com\/ro\/#organization","name":"Tabacco House","description":"\u041c\u0430\u0433\u0430\u0437\u0438\u043d \u0442\u0430\u0431\u0430\u0447\u043d\u044b\u0445 \u0438\u0437\u0434\u0435\u043b\u0438\u0439","url":"https:\/\/tabaccomd.com\/ro\/","email":"Office@cazacuhouse.com","telephone":"+37361000935","logo":{"@type":"ImageObject","url":"https:\/\/tabaccomd.com\/wp-content\/uploads\/2024\/02\/logo_header3.png","@id":"https:\/\/tabaccomd.com\/ro\/product\/pipa-white-elephant-kenya-grey-14-17112\/#organizationLogo","width":32,"height":32,"caption":"Tabacco House"},"image":{"@id":"https:\/\/tabaccomd.com\/ro\/product\/pipa-white-elephant-kenya-grey-14-17112\/#organizationLogo"},"sameAs":["https:\/\/www.facebook.com\/tabaccomd.com\/","https:\/\/www.instagram.com\/tabaccomd.com\/"],"address":{"@id":"https:\/\/tabaccomd.com\/ro\/#postaladdress","@type":"PostalAddress","streetAddress":"Strada Albi\u015foara 4, Chi\u0219in\u0103u, Bulevardul \u0218tefan cel Mare \u0219i Sf\u00eent 136, Chi\u0219in\u0103u","addressLocality":"Chi\u0219in\u0103u","addressCountry":"MD"}},{"@type":"Product","@id":"https:\/\/tabaccomd.com\/ro\/product\/pipa-white-elephant-kenya-grey-14-17112\/#wooCommerceProduct","name":"Pip\u0103 White Elephant Kenya Grey 14 - 17112","description":"Produc\u0103tor: Kopp Pipes GmbH &amp; Co. KG\r\n \t\u021aara produc\u0103torului: Italia\r\n \tMaterial pip\u0103: Briar\r\n \tMaterial mu\u0219tiuc: Acril\r\n \tCuloare: Negru cu alb\r\n \tForm\u0103: Straight - Brandy\r\n \tDiametru gaur\u0103: 9 mm\r\n \tLungime pip\u0103: 150 mm","url":"https:\/\/tabaccomd.com\/ro\/product\/pipa-white-elephant-kenya-grey-14-17112\/","sku":"17112","image":{"@type":"ImageObject","url":"https:\/\/tabaccomd.com\/wp-content\/uploads\/2026\/03\/pipe-white-elephant-kenya-grey-14-3.jpg","@id":"https:\/\/tabaccomd.com\/ro\/product\/pipa-white-elephant-kenya-grey-14-17112\/#productImage","width":1200,"height":1200,"caption":"pipe-white-elephant-kenya-grey-14-3"},"offers":{"@type":"Offer","url":"https:\/\/tabaccomd.com\/ro\/product\/pipa-white-elephant-kenya-grey-14-17112\/#wooCommerceOffer","price":3450,"priceCurrency":"MDL","category":"Pipe White Elephant","availability":"https:\/\/schema.org\/InStock","priceSpecification":{"@type":"PriceSpecification","price":3450,"priceCurrency":"MDL","valueAddedTaxIncluded":"true"},"seller":{"@type":"Organization","@id":"https:\/\/tabaccomd.com\/ro\/#organization"}}},{"@type":"WebPage","@id":"https:\/\/tabaccomd.com\/ro\/product\/pipa-white-elephant-kenya-grey-14-17112\/#webpage","url":"https:\/\/tabaccomd.com\/ro\/product\/pipa-white-elephant-kenya-grey-14-17112\/","name":"Pip\u0103 White Elephant Kenya Grey 14 \u2013 17112 \u2013 Tabacco House","inLanguage":"ro-RO","isPartOf":{"@id":"https:\/\/tabaccomd.com\/ro\/#website"},"breadcrumb":{"@id":"https:\/\/tabaccomd.com\/ro\/product\/pipa-white-elephant-kenya-grey-14-17112\/#breadcrumblist"},"image":{"@type":"ImageObject","url":"https:\/\/tabaccomd.com\/wp-content\/uploads\/2026\/03\/pipe-white-elephant-kenya-grey-14-3.jpg","@id":"https:\/\/tabaccomd.com\/ro\/product\/pipa-white-elephant-kenya-grey-14-17112\/#mainImage","width":1200,"height":1200,"caption":"pipe-white-elephant-kenya-grey-14-3"},"primaryImageOfPage":{"@id":"https:\/\/tabaccomd.com\/ro\/product\/pipa-white-elephant-kenya-grey-14-17112\/#mainImage"},"datePublished":"2026-03-03T18:00:15+03:00","dateModified":"2026-03-03T18:00:15+03:00"},{"@type":"WebSite","@id":"https:\/\/tabaccomd.com\/ro\/#website","url":"https:\/\/tabaccomd.com\/ro\/","name":"Tabacco House","alternateName":"tobaccomd.com","description":"\u041c\u0430\u0433\u0430\u0437\u0438\u043d \u0442\u0430\u0431\u0430\u0447\u043d\u044b\u0445 \u0438\u0437\u0434\u0435\u043b\u0438\u0439","inLanguage":"ro-RO","publisher":{"@id":"https:\/\/tabaccomd.com\/ro\/#organization"}}]},"og:locale":"ro_RO","og:site_name":"Tabacco House \u2013 \u041c\u0430\u0433\u0430\u0437\u0438\u043d \u0442\u0430\u0431\u0430\u0447\u043d\u044b\u0445 \u0438\u0437\u0434\u0435\u043b\u0438\u0439","og:type":"article","og:title":"Pip\u0103 White Elephant Kenya Grey 14 \u2013 17112 \u2013 Tabacco House","og:url":"https:\/\/tabaccomd.com\/ro\/product\/pipa-white-elephant-kenya-grey-14-17112\/","article:published_time":"2026-03-03T15:00:15+00:00","article:modified_time":"2026-03-03T15:00:15+00:00","article:publisher":"https:\/\/www.facebook.com\/tabaccomd.com\/","twitter:card":"summary_large_image","twitter:title":"Pip\u0103 White Elephant Kenya Grey 14 \u2013 17112 \u2013 Tabacco House"},"aioseo_meta_data":{"post_id":"157247","title":null,"description":null,"keywords":null,"keyphrases":null,"primary_term":null,"canonical_url":null,"og_title":null,"og_description":null,"og_object_type":"default","og_image_type":"default","og_image_url":null,"og_image_width":null,"og_image_height":null,"og_image_custom_url":null,"og_image_custom_fields":null,"og_video":null,"og_custom_url":null,"og_article_section":null,"og_article_tags":null,"twitter_use_og":false,"twitter_card":"default","twitter_image_type":"default","twitter_image_url":null,"twitter_image_custom_url":null,"twitter_image_custom_fields":null,"twitter_title":null,"twitter_description":null,"schema":{"blockGraphs":[],"customGraphs":[],"default":{"data":{"Article":[],"Course":[],"Dataset":[],"FAQPage":[],"Movie":[],"Person":[],"Product":[],"ProductReview":[],"Car":[],"Recipe":[],"Service":[],"SoftwareApplication":[],"WebPage":[]},"graphName":"","isEnabled":true},"graphs":[]},"schema_type":"default","schema_type_options":null,"pillar_content":false,"robots_default":true,"robots_noindex":false,"robots_noarchive":false,"robots_nosnippet":false,"robots_nofollow":false,"robots_noimageindex":false,"robots_noodp":false,"robots_notranslate":false,"robots_max_snippet":null,"robots_max_videopreview":null,"robots_max_imagepreview":"large","priority":null,"frequency":null,"local_seo":null,"seo_analyzer_scan_date":"2026-03-03 15:52:51","breadcrumb_settings":null,"limit_modified_date":false,"reviewed_by":null,"open_ai":null,"ai":null,"created":"2026-03-03 15:02:07","updated":"2026-03-03 16:02:35"},"aioseo_breadcrumb":"<div class=\"aioseo-breadcrumbs\"><span class=\"aioseo-breadcrumb\">\n\t<a href=\"https:\/\/tabaccomd.com\/ro\/\" title=\"\u0413\u043b\u0430\u0432\u043d\u0430\u044f\">\u0413\u043b\u0430\u0432\u043d\u0430\u044f<\/a>\n<\/span><span class=\"aioseo-breadcrumb-separator\">\u00bb<\/span><span class=\"aioseo-breadcrumb\">\n\t<a href=\"https:\/\/tabaccomd.com\/ro\/catalog\/\" title=\"Catalog\">Catalog<\/a>\n<\/span><span class=\"aioseo-breadcrumb-separator\">\u00bb<\/span><span class=\"aioseo-breadcrumb\">\n\t<a href=\"https:\/\/tabaccomd.com\/ro\/product-category\/pipe\/\" title=\"Pipe\">Pipe<\/a>\n<\/span><span class=\"aioseo-breadcrumb-separator\">\u00bb<\/span><span class=\"aioseo-breadcrumb\">\n\t<a href=\"https:\/\/tabaccomd.com\/ro\/product-category\/pipe\/pipe-white-elephant\/\" title=\"Pipe White Elephant\">Pipe White Elephant<\/a>\n<\/span><span class=\"aioseo-breadcrumb-separator\">\u00bb<\/span><span class=\"aioseo-breadcrumb\">\n\tPip\u0103 White Elephant Kenya Grey 14 \u2013 17112\n<\/span><\/div>","aioseo_breadcrumb_json":[{"label":"\u0413\u043b\u0430\u0432\u043d\u0430\u044f","link":"https:\/\/tabaccomd.com\/ro\/"},{"label":"Catalog","link":"https:\/\/tabaccomd.com\/ro\/catalog\/"},{"label":"Pipe","link":"https:\/\/tabaccomd.com\/ro\/product-category\/pipe\/"},{"label":"Pipe White Elephant","link":"https:\/\/tabaccomd.com\/ro\/product-category\/pipe\/pipe-white-elephant\/"},{"label":"Pip\u0103 White Elephant Kenya Grey 14 &#8211; 17112","link":"https:\/\/tabaccomd.com\/ro\/product\/pipa-white-elephant-kenya-grey-14-17112\/"}],"images_for_1c":[{"url":"https:\/\/tabaccomd.com\/wp-content\/uploads\/2026\/03\/pipe-white-elephant-kenya-grey-14-3.jpg","type":"featured","alt":"pipe-white-elephant-kenya-grey-14-3","filename":"pipe-white-elephant-kenya-grey-14-3.jpg"},{"url":"https:\/\/tabaccomd.com\/wp-content\/uploads\/2026\/03\/pipe-white-elephant-kenya-grey-14-2.jpg","type":"gallery","alt":"pipe-white-elephant-kenya-grey-14-2","filename":"pipe-white-elephant-kenya-grey-14-2.jpg"},{"url":"https:\/\/tabaccomd.com\/wp-content\/uploads\/2026\/03\/pipe-white-elephant-kenya-grey-14-0.jpg","type":"gallery","alt":"pipe-white-elephant-kenya-grey-14-0","filename":"pipe-white-elephant-kenya-grey-14-0.jpg"},{"url":"https:\/\/tabaccomd.com\/wp-content\/uploads\/2026\/03\/pipe-white-elephant-kenya-grey-14-1.jpg","type":"gallery","alt":"pipe-white-elephant-kenya-grey-14-1","filename":"pipe-white-elephant-kenya-grey-14-1.jpg"},{"url":"https:\/\/tabaccomd.com\/wp-content\/uploads\/2026\/03\/pipe-white-elephant-kenya-grey-14.jpg","type":"gallery","alt":"pipe-white-elephant-kenya-grey-14","filename":"pipe-white-elephant-kenya-grey-14.jpg"}],"additional_data_1c":{"modified_date":"2026-03-03 18:00:15","permalink":"https:\/\/tabaccomd.com\/ro\/product\/pipa-white-elephant-kenya-grey-14-17112\/","stock_status":"instock","manage_stock":"no"},"_links":{"self":[{"href":"https:\/\/tabaccomd.com\/ro\/wp-json\/wp\/v2\/product\/157247","targetHints":{"allow":["GET"]}}],"collection":[{"href":"https:\/\/tabaccomd.com\/ro\/wp-json\/wp\/v2\/product"}],"about":[{"href":"https:\/\/tabaccomd.com\/ro\/wp-json\/wp\/v2\/types\/product"}],"wp:featuredmedia":[{"embeddable":true,"href":"https:\/\/tabaccomd.com\/ro\/wp-json\/wp\/v2\/media\/157238"}],"wp:attachment":[{"href":"https:\/\/tabaccomd.com\/ro\/wp-json\/wp\/v2\/media?parent=157247"}],"wp:term":[{"taxonomy":"product_brand","embeddable":true,"href":"https:\/\/tabaccomd.com\/ro\/wp-json\/wp\/v2\/product_brand?post=157247"},{"taxonomy":"product_cat","embeddable":true,"href":"https:\/\/tabaccomd.com\/ro\/wp-json\/wp\/v2\/product_cat?post=157247"},{"taxonomy":"product_tag","embeddable":true,"href":"https:\/\/tabaccomd.com\/ro\/wp-json\/wp\/v2\/product_tag?post=157247"}],"curies":[{"name":"wp","href":"https:\/\/api.w.org\/{rel}","templated":true}]}}