{"id":157153,"date":"2026-03-02T18:49:40","date_gmt":"2026-03-02T15:49:40","guid":{"rendered":"https:\/\/tabaccomd.com\/product\/filtre-cu-carbune-pentru-pipa-rattrays-mc-black\/"},"modified":"2026-03-02T18:49:40","modified_gmt":"2026-03-02T15:49:40","slug":"filtre-cu-carbune-pentru-pipa-rattrays-mc-black","status":"publish","type":"product","link":"https:\/\/tabaccomd.com\/ro\/product\/filtre-cu-carbune-pentru-pipa-rattrays-mc-black\/","title":{"rendered":"Filtre cu c\u0103rbune pentru pip\u0103 Rattray&#8217;s MC Black"},"content":{"rendered":"<p data-start=\"0\" data-end=\"277\"><a href=\"https:\/\/tabaccomd.com\/ro\/product-category\/pipe\/accesorii-pentru-pipa-2\/\">Filtrele cu c\u0103rbune pentru pip\u0103<\/a>\u00a0Rattray&#8217;s MC Black sunt produse de compania Kopp Pipes \u00een Germania \u0219i sunt disponibile \u00een pachete de 50 de buc\u0103\u021bi. Sunt filtre de calitate, concepute pentru cunosc\u0103torii fumatului de pip\u0103 care apreciaz\u0103 confortul \u0219i puritatea gustului. Negre ca \u00eens\u0103\u0219i noaptea \u2014 elegante \u0219i sobre \u2014 ele corespund pe deplin denumirii lor. De\u0219i schimbarea culorii c\u0103rbunelui activ r\u0103m\u00e2ne invizibil\u0103, filtrele ofer\u0103 toate caracteristicile unui produs fiabil: man\u0219oanele filtrante \u00eenf\u0103\u0219urate paralel se remarc\u0103 prin capacitate ridicat\u0103 de absorb\u021bie \u0219i rezisten\u021b\u0103, iar cele dou\u0103 capace ceramice cu \u0219apte orificii \u0219i umplere de trei sferturi asigur\u0103 o rezisten\u021b\u0103 optim\u0103 la tiraj \u0219i un fumat moale, echilibrat.<\/p>\n<p data-start=\"0\" data-end=\"277\">Pute\u021bi achizi\u021biona filtrele cu c\u0103rbune pentru pip\u0103 Rattray&#8217;s MC Black \u00een Moldova, Chi\u0219in\u0103u, \u00een re\u021beaua de magazine Tabacco House.<\/p>\n","protected":false},"excerpt":{"rendered":"<ul>\n<li>Produc\u0103tor: Kopp Pipes GmbH &amp; Co. KG<\/li>\n<li>\u021aara produc\u0103torului: Germania<\/li>\n<li>Dimensiune filtru: Regular<\/li>\n<li>Format filtre: Cu c\u0103rbune<\/li>\n<li>Cantitate \u00een ambalaj: 50 buc\u0103\u021bi<\/li>\n<li>Diametru filtru: 9 mm<\/li>\n<\/ul>\n","protected":false},"featured_media":157148,"template":"","meta":{"om_disable_all_campaigns":false,"_monsterinsights_skip_tracking":false,"_monsterinsights_sitenote_active":false,"_monsterinsights_sitenote_note":"","_monsterinsights_sitenote_category":0},"product_brand":[],"product_cat":[163],"product_tag":[],"class_list":{"0":"post-157153","1":"product","2":"type-product","3":"status-publish","4":"has-post-thumbnail","6":"product_cat-accesorii-pentru-pipa-2","8":"first","9":"instock","10":"taxable","11":"shipping-taxable","12":"purchasable","13":"product-type-simple"},"aioseo_notices":[],"aioseo_head":"\n\t\t<!-- All in One SEO Pro 4.9.6.2 - aioseo.com -->\n\t<meta name=\"robots\" content=\"max-image-preview:large\" \/>\n\t<link rel=\"canonical\" href=\"https:\/\/tabaccomd.com\/ro\/product\/filtre-cu-carbune-pentru-pipa-rattrays-mc-black\/\" \/>\n\t<meta name=\"generator\" content=\"All in One SEO Pro (AIOSEO) 4.9.6.2\" \/>\n\t\t<meta property=\"og:locale\" content=\"ro_RO\" \/>\n\t\t<meta property=\"og:site_name\" content=\"Tabacco House \u2013 \u041c\u0430\u0433\u0430\u0437\u0438\u043d \u0442\u0430\u0431\u0430\u0447\u043d\u044b\u0445 \u0438\u0437\u0434\u0435\u043b\u0438\u0439\" \/>\n\t\t<meta property=\"og:type\" content=\"article\" \/>\n\t\t<meta property=\"og:title\" content=\"Filtre cu c\u0103rbune pentru pip\u0103 Rattray\u2019s MC Black \u2013 Tabacco House\" \/>\n\t\t<meta property=\"og:url\" content=\"https:\/\/tabaccomd.com\/ro\/product\/filtre-cu-carbune-pentru-pipa-rattrays-mc-black\/\" \/>\n\t\t<meta property=\"article:published_time\" content=\"2026-03-02T15:49:40+00:00\" \/>\n\t\t<meta property=\"article:modified_time\" content=\"2026-03-02T15:49:40+00:00\" \/>\n\t\t<meta property=\"article:publisher\" content=\"https:\/\/www.facebook.com\/tabaccomd.com\/\" \/>\n\t\t<meta name=\"twitter:card\" content=\"summary_large_image\" \/>\n\t\t<meta name=\"twitter:title\" content=\"Filtre cu c\u0103rbune pentru pip\u0103 Rattray\u2019s MC Black \u2013 Tabacco House\" \/>\n\t\t<script type=\"application\/ld+json\" class=\"aioseo-schema\">\n\t\t\t{\"@context\":\"https:\\\/\\\/schema.org\",\"@graph\":[{\"@type\":\"BreadcrumbList\",\"@id\":\"https:\\\/\\\/tabaccomd.com\\\/ro\\\/product\\\/filtre-cu-carbune-pentru-pipa-rattrays-mc-black\\\/#breadcrumblist\",\"itemListElement\":[{\"@type\":\"ListItem\",\"@id\":\"https:\\\/\\\/tabaccomd.com\\\/ro\\\/#listItem\",\"position\":1,\"name\":\"\\u0413\\u043b\\u0430\\u0432\\u043d\\u0430\\u044f\",\"item\":\"https:\\\/\\\/tabaccomd.com\\\/ro\\\/\",\"nextItem\":{\"@type\":\"ListItem\",\"@id\":\"https:\\\/\\\/tabaccomd.com\\\/ro\\\/catalog\\\/#listItem\",\"name\":\"Catalog\"}},{\"@type\":\"ListItem\",\"@id\":\"https:\\\/\\\/tabaccomd.com\\\/ro\\\/catalog\\\/#listItem\",\"position\":2,\"name\":\"Catalog\",\"item\":\"https:\\\/\\\/tabaccomd.com\\\/ro\\\/catalog\\\/\",\"nextItem\":{\"@type\":\"ListItem\",\"@id\":\"https:\\\/\\\/tabaccomd.com\\\/ro\\\/product-category\\\/pipe\\\/#listItem\",\"name\":\"Pipe\"},\"previousItem\":{\"@type\":\"ListItem\",\"@id\":\"https:\\\/\\\/tabaccomd.com\\\/ro\\\/#listItem\",\"name\":\"\\u0413\\u043b\\u0430\\u0432\\u043d\\u0430\\u044f\"}},{\"@type\":\"ListItem\",\"@id\":\"https:\\\/\\\/tabaccomd.com\\\/ro\\\/product-category\\\/pipe\\\/#listItem\",\"position\":3,\"name\":\"Pipe\",\"item\":\"https:\\\/\\\/tabaccomd.com\\\/ro\\\/product-category\\\/pipe\\\/\",\"nextItem\":{\"@type\":\"ListItem\",\"@id\":\"https:\\\/\\\/tabaccomd.com\\\/ro\\\/product-category\\\/pipe\\\/accesorii-pentru-pipa-2\\\/#listItem\",\"name\":\"Accesorii pentru pip\\u0103\"},\"previousItem\":{\"@type\":\"ListItem\",\"@id\":\"https:\\\/\\\/tabaccomd.com\\\/ro\\\/catalog\\\/#listItem\",\"name\":\"Catalog\"}},{\"@type\":\"ListItem\",\"@id\":\"https:\\\/\\\/tabaccomd.com\\\/ro\\\/product-category\\\/pipe\\\/accesorii-pentru-pipa-2\\\/#listItem\",\"position\":4,\"name\":\"Accesorii pentru pip\\u0103\",\"item\":\"https:\\\/\\\/tabaccomd.com\\\/ro\\\/product-category\\\/pipe\\\/accesorii-pentru-pipa-2\\\/\",\"nextItem\":{\"@type\":\"ListItem\",\"@id\":\"https:\\\/\\\/tabaccomd.com\\\/ro\\\/product\\\/filtre-cu-carbune-pentru-pipa-rattrays-mc-black\\\/#listItem\",\"name\":\"Filtre cu c\\u0103rbune pentru pip\\u0103 Rattray&#8217;s MC Black\"},\"previousItem\":{\"@type\":\"ListItem\",\"@id\":\"https:\\\/\\\/tabaccomd.com\\\/ro\\\/product-category\\\/pipe\\\/#listItem\",\"name\":\"Pipe\"}},{\"@type\":\"ListItem\",\"@id\":\"https:\\\/\\\/tabaccomd.com\\\/ro\\\/product\\\/filtre-cu-carbune-pentru-pipa-rattrays-mc-black\\\/#listItem\",\"position\":5,\"name\":\"Filtre cu c\\u0103rbune pentru pip\\u0103 Rattray&#8217;s MC Black\",\"previousItem\":{\"@type\":\"ListItem\",\"@id\":\"https:\\\/\\\/tabaccomd.com\\\/ro\\\/product-category\\\/pipe\\\/accesorii-pentru-pipa-2\\\/#listItem\",\"name\":\"Accesorii pentru pip\\u0103\"}}]},{\"@type\":\"Organization\",\"@id\":\"https:\\\/\\\/tabaccomd.com\\\/ro\\\/#organization\",\"name\":\"Tabacco House\",\"description\":\"\\u041c\\u0430\\u0433\\u0430\\u0437\\u0438\\u043d \\u0442\\u0430\\u0431\\u0430\\u0447\\u043d\\u044b\\u0445 \\u0438\\u0437\\u0434\\u0435\\u043b\\u0438\\u0439\",\"url\":\"https:\\\/\\\/tabaccomd.com\\\/ro\\\/\",\"email\":\"Office@cazacuhouse.com\",\"telephone\":\"+37361000935\",\"logo\":{\"@type\":\"ImageObject\",\"url\":\"https:\\\/\\\/tabaccomd.com\\\/wp-content\\\/uploads\\\/2024\\\/02\\\/logo_header3.png\",\"@id\":\"https:\\\/\\\/tabaccomd.com\\\/ro\\\/product\\\/filtre-cu-carbune-pentru-pipa-rattrays-mc-black\\\/#organizationLogo\",\"width\":32,\"height\":32,\"caption\":\"Tabacco House\"},\"image\":{\"@id\":\"https:\\\/\\\/tabaccomd.com\\\/ro\\\/product\\\/filtre-cu-carbune-pentru-pipa-rattrays-mc-black\\\/#organizationLogo\"},\"sameAs\":[\"https:\\\/\\\/www.facebook.com\\\/tabaccomd.com\\\/\",\"https:\\\/\\\/www.instagram.com\\\/tabaccomd.com\\\/\"],\"address\":{\"@id\":\"https:\\\/\\\/tabaccomd.com\\\/ro\\\/#postaladdress\",\"@type\":\"PostalAddress\",\"streetAddress\":\"Strada Albi\\u015foara 4, Chi\\u0219in\\u0103u, Bulevardul \\u0218tefan cel Mare \\u0219i Sf\\u00eent 136, Chi\\u0219in\\u0103u\",\"addressLocality\":\"Chi\\u0219in\\u0103u\",\"addressCountry\":\"MD\"}},{\"@type\":\"Product\",\"@id\":\"https:\\\/\\\/tabaccomd.com\\\/ro\\\/product\\\/filtre-cu-carbune-pentru-pipa-rattrays-mc-black\\\/#wooCommerceProduct\",\"name\":\"Filtre cu c\\u0103rbune pentru pip\\u0103 Rattray's MC Black\",\"description\":\"Produc\\u0103tor: Kopp Pipes GmbH &amp; Co. KG\\r\\n \\t\\u021aara produc\\u0103torului: Germania\\r\\n \\tDimensiune filtru: Regular\\r\\n \\tFormat filtre: Cu c\\u0103rbune\\r\\n \\tCantitate \\u00een ambalaj: 50 buc\\u0103\\u021bi\\r\\n \\tDiametru filtru: 9 mm\",\"url\":\"https:\\\/\\\/tabaccomd.com\\\/ro\\\/product\\\/filtre-cu-carbune-pentru-pipa-rattrays-mc-black\\\/\",\"sku\":\"50100\",\"image\":{\"@type\":\"ImageObject\",\"url\":\"https:\\\/\\\/tabaccomd.com\\\/wp-content\\\/uploads\\\/2026\\\/03\\\/pipe-filters-charcoal-rattrays-mc-black.jpg\",\"@id\":\"https:\\\/\\\/tabaccomd.com\\\/ro\\\/product\\\/filtre-cu-carbune-pentru-pipa-rattrays-mc-black\\\/#productImage\",\"width\":1200,\"height\":1200,\"caption\":\"pipe-filters-charcoal-rattrays-mc-black\"},\"offers\":{\"@type\":\"Offer\",\"url\":\"https:\\\/\\\/tabaccomd.com\\\/ro\\\/product\\\/filtre-cu-carbune-pentru-pipa-rattrays-mc-black\\\/#wooCommerceOffer\",\"price\":180,\"priceCurrency\":\"MDL\",\"category\":\"Accesorii pentru pip\\u0103\",\"availability\":\"https:\\\/\\\/schema.org\\\/InStock\",\"priceSpecification\":{\"@type\":\"PriceSpecification\",\"price\":180,\"priceCurrency\":\"MDL\",\"valueAddedTaxIncluded\":\"true\"},\"seller\":{\"@type\":\"Organization\",\"@id\":\"https:\\\/\\\/tabaccomd.com\\\/ro\\\/#organization\"}}},{\"@type\":\"WebPage\",\"@id\":\"https:\\\/\\\/tabaccomd.com\\\/ro\\\/product\\\/filtre-cu-carbune-pentru-pipa-rattrays-mc-black\\\/#webpage\",\"url\":\"https:\\\/\\\/tabaccomd.com\\\/ro\\\/product\\\/filtre-cu-carbune-pentru-pipa-rattrays-mc-black\\\/\",\"name\":\"Filtre cu c\\u0103rbune pentru pip\\u0103 Rattray\\u2019s MC Black \\u2013 Tabacco House\",\"inLanguage\":\"ro-RO\",\"isPartOf\":{\"@id\":\"https:\\\/\\\/tabaccomd.com\\\/ro\\\/#website\"},\"breadcrumb\":{\"@id\":\"https:\\\/\\\/tabaccomd.com\\\/ro\\\/product\\\/filtre-cu-carbune-pentru-pipa-rattrays-mc-black\\\/#breadcrumblist\"},\"image\":{\"@type\":\"ImageObject\",\"url\":\"https:\\\/\\\/tabaccomd.com\\\/wp-content\\\/uploads\\\/2026\\\/03\\\/pipe-filters-charcoal-rattrays-mc-black.jpg\",\"@id\":\"https:\\\/\\\/tabaccomd.com\\\/ro\\\/product\\\/filtre-cu-carbune-pentru-pipa-rattrays-mc-black\\\/#mainImage\",\"width\":1200,\"height\":1200,\"caption\":\"pipe-filters-charcoal-rattrays-mc-black\"},\"primaryImageOfPage\":{\"@id\":\"https:\\\/\\\/tabaccomd.com\\\/ro\\\/product\\\/filtre-cu-carbune-pentru-pipa-rattrays-mc-black\\\/#mainImage\"},\"datePublished\":\"2026-03-02T18:49:40+03:00\",\"dateModified\":\"2026-03-02T18:49:40+03:00\"},{\"@type\":\"WebSite\",\"@id\":\"https:\\\/\\\/tabaccomd.com\\\/ro\\\/#website\",\"url\":\"https:\\\/\\\/tabaccomd.com\\\/ro\\\/\",\"name\":\"Tabacco House\",\"alternateName\":\"tobaccomd.com\",\"description\":\"\\u041c\\u0430\\u0433\\u0430\\u0437\\u0438\\u043d \\u0442\\u0430\\u0431\\u0430\\u0447\\u043d\\u044b\\u0445 \\u0438\\u0437\\u0434\\u0435\\u043b\\u0438\\u0439\",\"inLanguage\":\"ro-RO\",\"publisher\":{\"@id\":\"https:\\\/\\\/tabaccomd.com\\\/ro\\\/#organization\"}}]}\n\t\t<\/script>\n\t\t<!-- All in One SEO Pro -->\r\n\t\t<title>Filtre cu c\u0103rbune pentru pip\u0103 Rattray\u2019s MC Black \u2013 Tabacco House<\/title>\n\n","aioseo_head_json":{"title":"Filtre cu c\u0103rbune pentru pip\u0103 Rattray\u2019s MC Black \u2013 Tabacco House","description":"","canonical_url":"https:\/\/tabaccomd.com\/ro\/product\/filtre-cu-carbune-pentru-pipa-rattrays-mc-black\/","robots":"max-image-preview:large","keywords":"","webmasterTools":{"miscellaneous":""},"schema":{"@context":"https:\/\/schema.org","@graph":[{"@type":"BreadcrumbList","@id":"https:\/\/tabaccomd.com\/ro\/product\/filtre-cu-carbune-pentru-pipa-rattrays-mc-black\/#breadcrumblist","itemListElement":[{"@type":"ListItem","@id":"https:\/\/tabaccomd.com\/ro\/#listItem","position":1,"name":"\u0413\u043b\u0430\u0432\u043d\u0430\u044f","item":"https:\/\/tabaccomd.com\/ro\/","nextItem":{"@type":"ListItem","@id":"https:\/\/tabaccomd.com\/ro\/catalog\/#listItem","name":"Catalog"}},{"@type":"ListItem","@id":"https:\/\/tabaccomd.com\/ro\/catalog\/#listItem","position":2,"name":"Catalog","item":"https:\/\/tabaccomd.com\/ro\/catalog\/","nextItem":{"@type":"ListItem","@id":"https:\/\/tabaccomd.com\/ro\/product-category\/pipe\/#listItem","name":"Pipe"},"previousItem":{"@type":"ListItem","@id":"https:\/\/tabaccomd.com\/ro\/#listItem","name":"\u0413\u043b\u0430\u0432\u043d\u0430\u044f"}},{"@type":"ListItem","@id":"https:\/\/tabaccomd.com\/ro\/product-category\/pipe\/#listItem","position":3,"name":"Pipe","item":"https:\/\/tabaccomd.com\/ro\/product-category\/pipe\/","nextItem":{"@type":"ListItem","@id":"https:\/\/tabaccomd.com\/ro\/product-category\/pipe\/accesorii-pentru-pipa-2\/#listItem","name":"Accesorii pentru pip\u0103"},"previousItem":{"@type":"ListItem","@id":"https:\/\/tabaccomd.com\/ro\/catalog\/#listItem","name":"Catalog"}},{"@type":"ListItem","@id":"https:\/\/tabaccomd.com\/ro\/product-category\/pipe\/accesorii-pentru-pipa-2\/#listItem","position":4,"name":"Accesorii pentru pip\u0103","item":"https:\/\/tabaccomd.com\/ro\/product-category\/pipe\/accesorii-pentru-pipa-2\/","nextItem":{"@type":"ListItem","@id":"https:\/\/tabaccomd.com\/ro\/product\/filtre-cu-carbune-pentru-pipa-rattrays-mc-black\/#listItem","name":"Filtre cu c\u0103rbune pentru pip\u0103 Rattray&#8217;s MC Black"},"previousItem":{"@type":"ListItem","@id":"https:\/\/tabaccomd.com\/ro\/product-category\/pipe\/#listItem","name":"Pipe"}},{"@type":"ListItem","@id":"https:\/\/tabaccomd.com\/ro\/product\/filtre-cu-carbune-pentru-pipa-rattrays-mc-black\/#listItem","position":5,"name":"Filtre cu c\u0103rbune pentru pip\u0103 Rattray&#8217;s MC Black","previousItem":{"@type":"ListItem","@id":"https:\/\/tabaccomd.com\/ro\/product-category\/pipe\/accesorii-pentru-pipa-2\/#listItem","name":"Accesorii pentru pip\u0103"}}]},{"@type":"Organization","@id":"https:\/\/tabaccomd.com\/ro\/#organization","name":"Tabacco House","description":"\u041c\u0430\u0433\u0430\u0437\u0438\u043d \u0442\u0430\u0431\u0430\u0447\u043d\u044b\u0445 \u0438\u0437\u0434\u0435\u043b\u0438\u0439","url":"https:\/\/tabaccomd.com\/ro\/","email":"Office@cazacuhouse.com","telephone":"+37361000935","logo":{"@type":"ImageObject","url":"https:\/\/tabaccomd.com\/wp-content\/uploads\/2024\/02\/logo_header3.png","@id":"https:\/\/tabaccomd.com\/ro\/product\/filtre-cu-carbune-pentru-pipa-rattrays-mc-black\/#organizationLogo","width":32,"height":32,"caption":"Tabacco House"},"image":{"@id":"https:\/\/tabaccomd.com\/ro\/product\/filtre-cu-carbune-pentru-pipa-rattrays-mc-black\/#organizationLogo"},"sameAs":["https:\/\/www.facebook.com\/tabaccomd.com\/","https:\/\/www.instagram.com\/tabaccomd.com\/"],"address":{"@id":"https:\/\/tabaccomd.com\/ro\/#postaladdress","@type":"PostalAddress","streetAddress":"Strada Albi\u015foara 4, Chi\u0219in\u0103u, Bulevardul \u0218tefan cel Mare \u0219i Sf\u00eent 136, Chi\u0219in\u0103u","addressLocality":"Chi\u0219in\u0103u","addressCountry":"MD"}},{"@type":"Product","@id":"https:\/\/tabaccomd.com\/ro\/product\/filtre-cu-carbune-pentru-pipa-rattrays-mc-black\/#wooCommerceProduct","name":"Filtre cu c\u0103rbune pentru pip\u0103 Rattray's MC Black","description":"Produc\u0103tor: Kopp Pipes GmbH &amp; Co. KG\r\n \t\u021aara produc\u0103torului: Germania\r\n \tDimensiune filtru: Regular\r\n \tFormat filtre: Cu c\u0103rbune\r\n \tCantitate \u00een ambalaj: 50 buc\u0103\u021bi\r\n \tDiametru filtru: 9 mm","url":"https:\/\/tabaccomd.com\/ro\/product\/filtre-cu-carbune-pentru-pipa-rattrays-mc-black\/","sku":"50100","image":{"@type":"ImageObject","url":"https:\/\/tabaccomd.com\/wp-content\/uploads\/2026\/03\/pipe-filters-charcoal-rattrays-mc-black.jpg","@id":"https:\/\/tabaccomd.com\/ro\/product\/filtre-cu-carbune-pentru-pipa-rattrays-mc-black\/#productImage","width":1200,"height":1200,"caption":"pipe-filters-charcoal-rattrays-mc-black"},"offers":{"@type":"Offer","url":"https:\/\/tabaccomd.com\/ro\/product\/filtre-cu-carbune-pentru-pipa-rattrays-mc-black\/#wooCommerceOffer","price":180,"priceCurrency":"MDL","category":"Accesorii pentru pip\u0103","availability":"https:\/\/schema.org\/InStock","priceSpecification":{"@type":"PriceSpecification","price":180,"priceCurrency":"MDL","valueAddedTaxIncluded":"true"},"seller":{"@type":"Organization","@id":"https:\/\/tabaccomd.com\/ro\/#organization"}}},{"@type":"WebPage","@id":"https:\/\/tabaccomd.com\/ro\/product\/filtre-cu-carbune-pentru-pipa-rattrays-mc-black\/#webpage","url":"https:\/\/tabaccomd.com\/ro\/product\/filtre-cu-carbune-pentru-pipa-rattrays-mc-black\/","name":"Filtre cu c\u0103rbune pentru pip\u0103 Rattray\u2019s MC Black \u2013 Tabacco House","inLanguage":"ro-RO","isPartOf":{"@id":"https:\/\/tabaccomd.com\/ro\/#website"},"breadcrumb":{"@id":"https:\/\/tabaccomd.com\/ro\/product\/filtre-cu-carbune-pentru-pipa-rattrays-mc-black\/#breadcrumblist"},"image":{"@type":"ImageObject","url":"https:\/\/tabaccomd.com\/wp-content\/uploads\/2026\/03\/pipe-filters-charcoal-rattrays-mc-black.jpg","@id":"https:\/\/tabaccomd.com\/ro\/product\/filtre-cu-carbune-pentru-pipa-rattrays-mc-black\/#mainImage","width":1200,"height":1200,"caption":"pipe-filters-charcoal-rattrays-mc-black"},"primaryImageOfPage":{"@id":"https:\/\/tabaccomd.com\/ro\/product\/filtre-cu-carbune-pentru-pipa-rattrays-mc-black\/#mainImage"},"datePublished":"2026-03-02T18:49:40+03:00","dateModified":"2026-03-02T18:49:40+03:00"},{"@type":"WebSite","@id":"https:\/\/tabaccomd.com\/ro\/#website","url":"https:\/\/tabaccomd.com\/ro\/","name":"Tabacco House","alternateName":"tobaccomd.com","description":"\u041c\u0430\u0433\u0430\u0437\u0438\u043d \u0442\u0430\u0431\u0430\u0447\u043d\u044b\u0445 \u0438\u0437\u0434\u0435\u043b\u0438\u0439","inLanguage":"ro-RO","publisher":{"@id":"https:\/\/tabaccomd.com\/ro\/#organization"}}]},"og:locale":"ro_RO","og:site_name":"Tabacco House \u2013 \u041c\u0430\u0433\u0430\u0437\u0438\u043d \u0442\u0430\u0431\u0430\u0447\u043d\u044b\u0445 \u0438\u0437\u0434\u0435\u043b\u0438\u0439","og:type":"article","og:title":"Filtre cu c\u0103rbune pentru pip\u0103 Rattray\u2019s MC Black \u2013 Tabacco House","og:url":"https:\/\/tabaccomd.com\/ro\/product\/filtre-cu-carbune-pentru-pipa-rattrays-mc-black\/","article:published_time":"2026-03-02T15:49:40+00:00","article:modified_time":"2026-03-02T15:49:40+00:00","article:publisher":"https:\/\/www.facebook.com\/tabaccomd.com\/","twitter:card":"summary_large_image","twitter:title":"Filtre cu c\u0103rbune pentru pip\u0103 Rattray\u2019s MC Black \u2013 Tabacco House"},"aioseo_meta_data":{"post_id":"157153","title":null,"description":null,"keywords":null,"keyphrases":null,"primary_term":null,"canonical_url":null,"og_title":null,"og_description":null,"og_object_type":"default","og_image_type":"default","og_image_url":null,"og_image_width":null,"og_image_height":null,"og_image_custom_url":null,"og_image_custom_fields":null,"og_video":null,"og_custom_url":null,"og_article_section":null,"og_article_tags":null,"twitter_use_og":false,"twitter_card":"default","twitter_image_type":"default","twitter_image_url":null,"twitter_image_custom_url":null,"twitter_image_custom_fields":null,"twitter_title":null,"twitter_description":null,"schema":{"blockGraphs":[],"customGraphs":[],"default":{"data":{"Article":[],"Course":[],"Dataset":[],"FAQPage":[],"Movie":[],"Person":[],"Product":[],"ProductReview":[],"Car":[],"Recipe":[],"Service":[],"SoftwareApplication":[],"WebPage":[]},"graphName":"","isEnabled":true},"graphs":[]},"schema_type":"default","schema_type_options":null,"pillar_content":false,"robots_default":true,"robots_noindex":false,"robots_noarchive":false,"robots_nosnippet":false,"robots_nofollow":false,"robots_noimageindex":false,"robots_noodp":false,"robots_notranslate":false,"robots_max_snippet":null,"robots_max_videopreview":null,"robots_max_imagepreview":"large","priority":null,"frequency":null,"local_seo":null,"seo_analyzer_scan_date":"2026-03-02 16:23:28","breadcrumb_settings":null,"limit_modified_date":false,"reviewed_by":null,"open_ai":null,"ai":null,"created":"2026-03-02 15:54:35","updated":"2026-03-02 16:23:28"},"aioseo_breadcrumb":"<div class=\"aioseo-breadcrumbs\"><span class=\"aioseo-breadcrumb\">\n\t<a href=\"https:\/\/tabaccomd.com\/ro\/\" title=\"\u0413\u043b\u0430\u0432\u043d\u0430\u044f\">\u0413\u043b\u0430\u0432\u043d\u0430\u044f<\/a>\n<\/span><span class=\"aioseo-breadcrumb-separator\">\u00bb<\/span><span class=\"aioseo-breadcrumb\">\n\t<a href=\"https:\/\/tabaccomd.com\/ro\/catalog\/\" title=\"Catalog\">Catalog<\/a>\n<\/span><span class=\"aioseo-breadcrumb-separator\">\u00bb<\/span><span class=\"aioseo-breadcrumb\">\n\t<a href=\"https:\/\/tabaccomd.com\/ro\/product-category\/pipe\/\" title=\"Pipe\">Pipe<\/a>\n<\/span><span class=\"aioseo-breadcrumb-separator\">\u00bb<\/span><span class=\"aioseo-breadcrumb\">\n\t<a href=\"https:\/\/tabaccomd.com\/ro\/product-category\/pipe\/accesorii-pentru-pipa-2\/\" title=\"Accesorii pentru pip\u0103\">Accesorii pentru pip\u0103<\/a>\n<\/span><span class=\"aioseo-breadcrumb-separator\">\u00bb<\/span><span class=\"aioseo-breadcrumb\">\n\tFiltre cu c\u0103rbune pentru pip\u0103 Rattray\u2019s MC Black\n<\/span><\/div>","aioseo_breadcrumb_json":[{"label":"\u0413\u043b\u0430\u0432\u043d\u0430\u044f","link":"https:\/\/tabaccomd.com\/ro\/"},{"label":"Catalog","link":"https:\/\/tabaccomd.com\/ro\/catalog\/"},{"label":"Pipe","link":"https:\/\/tabaccomd.com\/ro\/product-category\/pipe\/"},{"label":"Accesorii pentru pip\u0103","link":"https:\/\/tabaccomd.com\/ro\/product-category\/pipe\/accesorii-pentru-pipa-2\/"},{"label":"Filtre cu c\u0103rbune pentru pip\u0103 Rattray&#8217;s MC Black","link":"https:\/\/tabaccomd.com\/ro\/product\/filtre-cu-carbune-pentru-pipa-rattrays-mc-black\/"}],"images_for_1c":[{"url":"https:\/\/tabaccomd.com\/wp-content\/uploads\/2026\/03\/pipe-filters-charcoal-rattrays-mc-black.jpg","type":"featured","alt":"pipe-filters-charcoal-rattrays-mc-black","filename":"pipe-filters-charcoal-rattrays-mc-black.jpg"},{"url":"https:\/\/tabaccomd.com\/wp-content\/uploads\/2026\/03\/pipe-filters-charcoal-rattrays-mc-black-0.jpg","type":"gallery","alt":"pipe-filters-charcoal-rattrays-mc-black-0","filename":"pipe-filters-charcoal-rattrays-mc-black-0.jpg"},{"url":"https:\/\/tabaccomd.com\/wp-content\/uploads\/2026\/03\/pipe-filters-charcoal-rattrays-mc-black-1.jpg","type":"gallery","alt":"pipe-filters-charcoal-rattrays-mc-black-1","filename":"pipe-filters-charcoal-rattrays-mc-black-1.jpg"}],"additional_data_1c":{"modified_date":"2026-03-02 18:49:40","permalink":"https:\/\/tabaccomd.com\/ro\/product\/filtre-cu-carbune-pentru-pipa-rattrays-mc-black\/","stock_status":"instock","manage_stock":"no"},"_links":{"self":[{"href":"https:\/\/tabaccomd.com\/ro\/wp-json\/wp\/v2\/product\/157153","targetHints":{"allow":["GET"]}}],"collection":[{"href":"https:\/\/tabaccomd.com\/ro\/wp-json\/wp\/v2\/product"}],"about":[{"href":"https:\/\/tabaccomd.com\/ro\/wp-json\/wp\/v2\/types\/product"}],"wp:featuredmedia":[{"embeddable":true,"href":"https:\/\/tabaccomd.com\/ro\/wp-json\/wp\/v2\/media\/157148"}],"wp:attachment":[{"href":"https:\/\/tabaccomd.com\/ro\/wp-json\/wp\/v2\/media?parent=157153"}],"wp:term":[{"taxonomy":"product_brand","embeddable":true,"href":"https:\/\/tabaccomd.com\/ro\/wp-json\/wp\/v2\/product_brand?post=157153"},{"taxonomy":"product_cat","embeddable":true,"href":"https:\/\/tabaccomd.com\/ro\/wp-json\/wp\/v2\/product_cat?post=157153"},{"taxonomy":"product_tag","embeddable":true,"href":"https:\/\/tabaccomd.com\/ro\/wp-json\/wp\/v2\/product_tag?post=157153"}],"curies":[{"name":"wp","href":"https:\/\/api.w.org\/{rel}","templated":true}]}}